{"id":35551,"date":"2024-10-19T14:23:47","date_gmt":"2024-10-19T13:23:47","guid":{"rendered":"https:\/\/recambiosecogas.com\/producto\/caixas-de-velocidades-cpr-100-kw-omvl-valtek\/"},"modified":"2026-04-08T10:28:46","modified_gmt":"2026-04-08T09:28:46","slug":"omvl-valtek-cpr-reductor-12-bar-hasta-100-kw","status":"publish","type":"product","link":"https:\/\/recambiosecogas.com\/pt-pt\/producto\/omvl-valtek-cpr-reductor-12-bar-hasta-100-kw\/","title":{"rendered":"CPR 100 KW OMVL \/ Caixa de Velocidades Valtek"},"content":{"rendered":"<h3 style=\"text-align: center;\">CPR 100 KW OMVL \/ Caixa de Velocidades Valtek<\/h3>\n<p class=\"\" data-start=\"34\" data-end=\"504\"><strong data-start=\"37\" data-end=\"74\">O redutor CPR 100 kW OMVL \/ Valtek<\/strong> \u00e9 um vaporizador de alta qualidade concebido para converter GLP l\u00edquido em fase gasosa a uma press\u00e3o constante de <strong data-start=\"191\" data-end=\"202\">1,2 bar<\/strong>. Est\u00e1 equipado com uma <strong data-start=\"226\" data-end=\"243\">bobina de 12V<\/strong> que permite uma regula\u00e7\u00e3o precisa do fluxo de g\u00e1s. O seu design compacto e robusto torna-o uma solu\u00e7\u00e3o ideal para motores at\u00e9 <strong data-start=\"386\" data-end=\"396\">100 kW<\/strong>, garantindo combust\u00e3o eficiente e desempenho est\u00e1vel mesmo em condi\u00e7\u00f5es meteorol\u00f3gicas extremas.  <\/p>\n<hr class=\"\" data-start=\"506\" data-end=\"509\">\n<h2 class=\"\" data-start=\"511\" data-end=\"548\"><strong data-start=\"514\" data-end=\"546\">Carater\u00edsticas e vantagens<\/strong><\/h2>\n<ul data-start=\"549\" data-end=\"960\">\n<li class=\"\" data-start=\"549\" data-end=\"625\">\n<p class=\"\" data-start=\"551\" data-end=\"625\"><strong data-start=\"551\" data-end=\"582\">Press\u00e3o constante de sa\u00edda<\/strong> \u2013 1,2 bar para combust\u00e3o eficiente.<\/p>\n<\/li>\n<li class=\"\" data-start=\"626\" data-end=\"709\">\n<p class=\"\" data-start=\"628\" data-end=\"709\"><strong data-start=\"628\" data-end=\"656\">Material de alta qualidade<\/strong> \u2013 Alum\u00ednio fundido para resist\u00eancia e durabilidade.<\/p>\n<\/li>\n<li class=\"\" data-start=\"710\" data-end=\"795\">\n<p class=\"\" data-start=\"712\" data-end=\"795\"><strong data-start=\"712\" data-end=\"738\">Bobina de 12V e 11,7 W<\/strong> \u2013 Precis\u00e3o e estabilidade na regula\u00e7\u00e3o da press\u00e3o.<\/p>\n<\/li>\n<li class=\"\" data-start=\"796\" data-end=\"871\">\n<p class=\"\" data-start=\"798\" data-end=\"871\"><strong data-start=\"798\" data-end=\"826\">Design compacto e leve<\/strong> \u2013 Instala\u00e7\u00e3o f\u00e1cil em espa\u00e7os apertados.<\/p>\n<\/li>\n<li class=\"\" data-start=\"872\" data-end=\"960\">\n<p class=\"\" data-start=\"874\" data-end=\"960\"><strong data-start=\"874\" data-end=\"906\">100 kW de pot\u00eancia<\/strong> \u2013 Desempenho \u00f3timo em ve\u00edculos de alta pot\u00eancia.<\/p>\n<\/li>\n<\/ul>\n<hr class=\"\" data-start=\"962\" data-end=\"965\">\n<h2 class=\"\" data-start=\"967\" data-end=\"990\"><strong data-start=\"970\" data-end=\"988\">Dados t\u00e9cnicos<\/strong><\/h2>\n<div class=\"overflow-x-auto contain-inline-size\">\n<table data-start=\"992\" data-end=\"1668\">\n<thead data-start=\"992\" data-end=\"1051\">\n<tr data-start=\"992\" data-end=\"1051\">\n<th data-start=\"992\" data-end=\"1023\">Especifica\u00e7\u00f5es<\/th>\n<th data-start=\"1023\" data-end=\"1051\">Detalhe<\/th>\n<\/tr>\n<\/thead>\n<tbody data-start=\"1111\" data-end=\"1668\">\n<tr data-start=\"1111\" data-end=\"1172\">\n<td><strong data-start=\"1113\" data-end=\"1125\">Material<\/strong><\/td>\n<td>Alum\u00ednio fundido<\/td>\n<\/tr>\n<tr data-start=\"1173\" data-end=\"1234\">\n<td><strong data-start=\"1175\" data-end=\"1183\">Peso<\/strong><\/td>\n<td>1,2 kg<\/td>\n<\/tr>\n<tr data-start=\"1235\" data-end=\"1296\">\n<td><strong data-start=\"1237\" data-end=\"1266\">Press\u00e3o M\u00e1xima de Trabalho<\/strong><\/td>\n<td>30 bar<\/td>\n<\/tr>\n<tr data-start=\"1297\" data-end=\"1358\">\n<td><strong data-start=\"1299\" data-end=\"1320\">Press\u00e3o de sa\u00edda<\/strong><\/td>\n<td>1,2 bar<\/td>\n<\/tr>\n<tr data-start=\"1359\" data-end=\"1420\">\n<p>Tens\u00e3o <\/p>\n<td><strong data-start=\"1361\" data-end=\"1385\">da bobina<\/strong><\/td>\n<td>12 V CC<\/td>\n<\/tr>\n<tr data-start=\"1421\" data-end=\"1482\">\n<p>Pot\u00eancia <\/p>\n<td><strong data-start=\"1423\" data-end=\"1448\">das bobinas<\/strong><\/td>\n<td>11,7 W<\/td>\n<\/tr>\n<tr data-start=\"1483\" data-end=\"1544\">\n<td><strong data-start=\"1485\" data-end=\"1508\">Liga\u00e7\u00e3o \u00e0 entrada<\/strong><\/td>\n<p> de ar<\/p>\n<td>Cabo M10x1 \u00d86 mm<\/td>\n<\/tr>\n<tr data-start=\"1545\" data-end=\"1606\">\n<td><strong data-start=\"1547\" data-end=\"1569\">Liga\u00e7\u00e3o de sa\u00edda<\/strong><\/td>\n<td>Mangueira \u00d812 mm<\/td>\n<\/tr>\n<tr data-start=\"1607\" data-end=\"1668\">\n<td><strong data-start=\"1609\" data-end=\"1631\">Pot\u00eancia de Sa\u00edda<\/strong><\/td>\n<td>At\u00e9 100 kW a 25\u00b0C<\/td>\n<\/tr>\n<\/tbody>\n<\/table>\n<\/div>\n<hr class=\"\" data-start=\"1670\" data-end=\"1673\">\n<h2 class=\"\" data-start=\"1675\" data-end=\"1698\"><strong data-start=\"1678\" data-end=\"1696\">Compatibilidade<\/strong><\/h2>\n<ul data-start=\"1761\" data-end=\"1854\">\n<li class=\"\" data-start=\"1761\" data-end=\"1808\">\n<p class=\"\" data-start=\"1763\" data-end=\"1808\"><strong data-start=\"1763\" data-end=\"1806\">Sistemas de Inje\u00e7\u00e3o Sequencial de GLP<\/strong><\/p>\n<\/li>\n<li class=\"\" data-start=\"1809\" data-end=\"1854\">\n<p class=\"\" data-start=\"1811\" data-end=\"1854\"><strong data-start=\"1811\" data-end=\"1852\">Ve\u00edculos com motores at\u00e9 100 kW<\/strong><\/p>\n<\/li>\n<\/ul>\n<p><a href=\"https:\/\/recambiosecogas.com\/pt-pt\/categoria-produto\/reguladores-de-pressao\/redutor-glp\/\">OBTENHA MAIS CAIXAS DE VELOCIDADES NO NOSSO SITE<\/a><\/p>\n<p><a href=\"https:\/\/segimonautomocio.com\/\">PARA CONVERS\u00d5ES DE LPG, VISITE O NOSSO WORKSHOP NO SITE<\/a><\/p>\n","protected":false},"excerpt":{"rendered":"<p>CPR 100 KW OMVL \/ Caixa de Velocidades Valtek O redutor CPR 100 kW OMVL \/ Valtek \u00e9 um vaporizador de alta qualidade concebido para converter GLP l\u00edquido em fase gasosa a uma press\u00e3o constante de 1,2 bar. Est\u00e1 equipado com uma bobina de 12V que permite uma regula\u00e7\u00e3o precisa do fluxo de g\u00e1s. O [&hellip;]<\/p>\n","protected":false},"featured_media":21445,"comment_status":"open","ping_status":"closed","template":"","meta":{"_uag_custom_page_level_css":""},"product_brand":[],"product_cat":[1074,1066,1065],"product_tag":[],"class_list":{"0":"post-35551","1":"product","2":"type-product","3":"status-publish","4":"has-post-thumbnail","6":"product_cat-omvl-pt-pt","7":"product_cat-redutor-glp","8":"product_cat-reguladores-de-pressao","10":"first","11":"onbackorder","12":"taxable","13":"shipping-taxable","14":"purchasable","15":"product-type-simple"},"ct_brands":[],"yoast_head":"<!-- This site is optimized with the Yoast SEO Premium plugin v27.5 (Yoast SEO v27.6) - https:\/\/yoast.com\/product\/yoast-seo-premium-wordpress\/ -->\n<title>CPR 100 KW OMVL \/ Caixa de Velocidades Valtek | Recambios EcoGas | Sistemas GLP y GNC<\/title>\n<meta name=\"description\" content=\"Redutor OMVL \/ Valtek CPR 100 kW. Sa\u00edda de 1,2 bar, bobina de 12V e instala\u00e7\u00e3o f\u00e1cil. COMPRE ONLINE, ENVIO POR TODA A EUROPA\" \/>\n<meta name=\"robots\" content=\"index, follow, max-snippet:-1, max-image-preview:large, max-video-preview:-1\" \/>\n<link rel=\"canonical\" href=\"https:\/\/recambiosecogas.com\/pt-pt\/producto\/omvl-valtek-cpr-reductor-12-bar-hasta-100-kw\/\" \/>\n<meta property=\"og:locale\" content=\"pt_PT\" \/>\n<meta property=\"og:type\" content=\"article\" \/>\n<meta property=\"og:title\" content=\"CPR 100 KW OMVL \/ Caixa de Velocidades Valtek\" \/>\n<meta property=\"og:description\" content=\"Redutor OMVL \/ Valtek CPR 100 kW. Sa\u00edda de 1,2 bar, bobina de 12V e instala\u00e7\u00e3o f\u00e1cil. COMPRE ONLINE, ENVIO POR TODA A EUROPA\" \/>\n<meta property=\"og:url\" content=\"https:\/\/recambiosecogas.com\/pt-pt\/producto\/omvl-valtek-cpr-reductor-12-bar-hasta-100-kw\/\" \/>\n<meta property=\"og:site_name\" content=\"Recambios EcoGas\" \/>\n<meta property=\"article:publisher\" content=\"https:\/\/www.facebook.com\/profile.php?id=100062419705358\" \/>\n<meta property=\"article:modified_time\" content=\"2026-04-08T09:28:46+00:00\" \/>\n<meta property=\"og:image\" content=\"https:\/\/recambiosecogas.com\/wp-content\/uploads\/2024\/10\/OMVLValtek-CPR-reductor-12-bar-hasta-100-KW-png.webp\" \/>\n\t<meta property=\"og:image:width\" content=\"1000\" \/>\n\t<meta property=\"og:image:height\" content=\"1000\" \/>\n\t<meta property=\"og:image:type\" content=\"image\/png\" \/>\n<meta name=\"twitter:card\" content=\"summary_large_image\" \/>\n<meta name=\"twitter:label1\" content=\"pre\u00e7o\" \/>\n\t<meta name=\"twitter:data1\" content=\"104,90&nbsp;&euro; (Sin IVA: 86,69&nbsp;&euro;)\" \/>\n\t<meta name=\"twitter:label2\" content=\"Disponibilidade\" \/>\n\t<meta name=\"twitter:data2\" content=\"Por encomenda\" \/>\n<script type=\"application\/ld+json\" class=\"yoast-schema-graph\">{\"@context\":\"https:\\\/\\\/schema.org\",\"@graph\":[{\"@type\":\"WebPage\",\"@id\":\"https:\\\/\\\/recambiosecogas.com\\\/pt-pt\\\/producto\\\/omvl-valtek-cpr-reductor-12-bar-hasta-100-kw\\\/\",\"url\":\"https:\\\/\\\/recambiosecogas.com\\\/pt-pt\\\/producto\\\/omvl-valtek-cpr-reductor-12-bar-hasta-100-kw\\\/\",\"name\":\"CPR 100 KW OMVL \\\/ Caixa de Velocidades Valtek | Recambios EcoGas | Sistemas GLP y GNC\",\"isPartOf\":{\"@id\":\"https:\\\/\\\/recambiosecogas.com\\\/pt-pt\\\/#website\"},\"primaryImageOfPage\":{\"@id\":\"https:\\\/\\\/recambiosecogas.com\\\/pt-pt\\\/producto\\\/omvl-valtek-cpr-reductor-12-bar-hasta-100-kw\\\/#primaryimage\"},\"image\":{\"@id\":\"https:\\\/\\\/recambiosecogas.com\\\/pt-pt\\\/producto\\\/omvl-valtek-cpr-reductor-12-bar-hasta-100-kw\\\/#primaryimage\"},\"thumbnailUrl\":\"https:\\\/\\\/recambiosecogas.com\\\/wp-content\\\/uploads\\\/2024\\\/10\\\/OMVLValtek-CPR-reductor-12-bar-hasta-100-KW-png.webp\",\"datePublished\":\"2024-10-19T13:23:47+00:00\",\"dateModified\":\"2026-04-08T09:28:46+00:00\",\"description\":\"Redutor OMVL \\\/ Valtek CPR 100 kW. Sa\u00edda de 1,2 bar, bobina de 12V e instala\u00e7\u00e3o f\u00e1cil. COMPRE ONLINE, ENVIO POR TODA A EUROPA\",\"breadcrumb\":{\"@id\":\"https:\\\/\\\/recambiosecogas.com\\\/pt-pt\\\/producto\\\/omvl-valtek-cpr-reductor-12-bar-hasta-100-kw\\\/#breadcrumb\"},\"inLanguage\":\"pt-PT\",\"potentialAction\":[{\"@type\":\"ReadAction\",\"target\":[\"https:\\\/\\\/recambiosecogas.com\\\/pt-pt\\\/producto\\\/omvl-valtek-cpr-reductor-12-bar-hasta-100-kw\\\/\"]}]},{\"@type\":\"ImageObject\",\"inLanguage\":\"pt-PT\",\"@id\":\"https:\\\/\\\/recambiosecogas.com\\\/pt-pt\\\/producto\\\/omvl-valtek-cpr-reductor-12-bar-hasta-100-kw\\\/#primaryimage\",\"url\":\"https:\\\/\\\/recambiosecogas.com\\\/wp-content\\\/uploads\\\/2024\\\/10\\\/OMVLValtek-CPR-reductor-12-bar-hasta-100-KW-png.webp\",\"contentUrl\":\"https:\\\/\\\/recambiosecogas.com\\\/wp-content\\\/uploads\\\/2024\\\/10\\\/OMVLValtek-CPR-reductor-12-bar-hasta-100-KW-png.webp\",\"width\":1000,\"height\":1000,\"caption\":\"Redutor CPR de 100 kW para sistemas de GPL. Precisa, robusta e concebida para motores de alta pot\u00eancia.\"},{\"@type\":\"BreadcrumbList\",\"@id\":\"https:\\\/\\\/recambiosecogas.com\\\/pt-pt\\\/producto\\\/omvl-valtek-cpr-reductor-12-bar-hasta-100-kw\\\/#breadcrumb\",\"itemListElement\":[{\"@type\":\"ListItem\",\"position\":1,\"name\":\"P\u00e1gina inicial\",\"item\":\"https:\\\/\\\/recambiosecogas.com\\\/pt-pt\\\/\"},{\"@type\":\"ListItem\",\"position\":2,\"name\":\"Loja\",\"item\":\"https:\\\/\\\/recambiosecogas.com\\\/pt-pt\\\/tienda\\\/\"},{\"@type\":\"ListItem\",\"position\":3,\"name\":\"CPR 100 KW OMVL \\\/ Caixa de Velocidades Valtek\"}]},{\"@type\":\"WebSite\",\"@id\":\"https:\\\/\\\/recambiosecogas.com\\\/pt-pt\\\/#website\",\"url\":\"https:\\\/\\\/recambiosecogas.com\\\/pt-pt\\\/\",\"name\":\"Recambios EcoGas\",\"description\":\"Pe\u00e7as multimarca para sistemas de GPL\\\/GNC\\\/GNL\\\/Hidrog\u00e9nio\",\"publisher\":{\"@id\":\"https:\\\/\\\/recambiosecogas.com\\\/pt-pt\\\/#organization\"},\"alternateName\":\"Recambios Autogas GLP\",\"potentialAction\":[{\"@type\":\"SearchAction\",\"target\":{\"@type\":\"EntryPoint\",\"urlTemplate\":\"https:\\\/\\\/recambiosecogas.com\\\/pt-pt\\\/?s={search_term_string}\"},\"query-input\":{\"@type\":\"PropertyValueSpecification\",\"valueRequired\":true,\"valueName\":\"search_term_string\"}}],\"inLanguage\":\"pt-PT\"},{\"@type\":[\"Organization\",\"Place\"],\"@id\":\"https:\\\/\\\/recambiosecogas.com\\\/pt-pt\\\/#organization\",\"name\":\"Recambios EcoGas\",\"alternateName\":\"Loja de GPL Autog\u00e1s Espanha\",\"url\":\"https:\\\/\\\/recambiosecogas.com\\\/pt-pt\\\/\",\"logo\":{\"@id\":\"https:\\\/\\\/recambiosecogas.com\\\/pt-pt\\\/producto\\\/omvl-valtek-cpr-reductor-12-bar-hasta-100-kw\\\/#local-main-organization-logo\"},\"image\":{\"@id\":\"https:\\\/\\\/recambiosecogas.com\\\/pt-pt\\\/producto\\\/omvl-valtek-cpr-reductor-12-bar-hasta-100-kw\\\/#local-main-organization-logo\"},\"sameAs\":[\"https:\\\/\\\/www.facebook.com\\\/profile.php?id=100062419705358\",\"https:\\\/\\\/www.instagram.com\\\/segimon_automocio\"],\"description\":\"Recambios EcoGas \u2013 Venta y distribuci\u00f3n de sistemas GLP y GNC en Espa\u00f1a y Portugal. Env\u00edos 24 h, soporte t\u00e9cnico a talleres y distribuidores.\",\"hasMerchantReturnPolicy\":{\"@type\":\"MerchantReturnPolicy\",\"merchantReturnLink\":\"https:\\\/\\\/recambiosecogas.com\\\/politicas-privacidad\\\/\"},\"address\":{\"@id\":\"https:\\\/\\\/recambiosecogas.com\\\/pt-pt\\\/producto\\\/omvl-valtek-cpr-reductor-12-bar-hasta-100-kw\\\/#local-main-place-address\"},\"telephone\":[\"616250633\"],\"contactPoint\":{\"@type\":\"ContactPoint\",\"email\":\"export@recambiosecogas.com\"},\"openingHoursSpecification\":[{\"@type\":\"OpeningHoursSpecification\",\"dayOfWeek\":[\"Monday\",\"Tuesday\",\"Wednesday\",\"Thursday\",\"Friday\",\"Saturday\",\"Sunday\"],\"opens\":\"09:00\",\"closes\":\"17:00\"}],\"email\":\"info@recambiosecogas.com\",\"faxNumber\":\"SEGIMON AUTOMOCION SL\",\"vatID\":\"ESB19819861\",\"globalLocationNumber\":\"938 616 339\"},{\"@type\":\"PostalAddress\",\"@id\":\"https:\\\/\\\/recambiosecogas.com\\\/pt-pt\\\/producto\\\/omvl-valtek-cpr-reductor-12-bar-hasta-100-kw\\\/#local-main-place-address\",\"streetAddress\":\"cami antic de vic, 29 (Nave 3), Pol\u00edgono Industrial Congost\",\"addressLocality\":\"CORRO D`AVALL\",\"postalCode\":\"08520\",\"addressRegion\":\"Barcelona\",\"addressCountry\":\"ES\"},{\"@type\":\"ImageObject\",\"inLanguage\":\"pt-PT\",\"@id\":\"https:\\\/\\\/recambiosecogas.com\\\/pt-pt\\\/producto\\\/omvl-valtek-cpr-reductor-12-bar-hasta-100-kw\\\/#local-main-organization-logo\",\"url\":\"https:\\\/\\\/recambiosecogas.com\\\/wp-content\\\/uploads\\\/2024\\\/11\\\/cropped-RECAMBIOS-GLP-png.webp\",\"contentUrl\":\"https:\\\/\\\/recambiosecogas.com\\\/wp-content\\\/uploads\\\/2024\\\/11\\\/cropped-RECAMBIOS-GLP-png.webp\",\"width\":512,\"height\":512,\"caption\":\"Recambios EcoGas\"}]}<\/script>\n<meta property=\"product:price:amount\" content=\"104.90\" \/>\n<meta property=\"product:price:currency\" content=\"EUR\" \/>\n<meta property=\"og:availability\" content=\"backorder\" \/>\n<meta property=\"product:availability\" content=\"available for order\" \/>\n<meta property=\"product:retailer_item_id\" content=\"102319\" \/>\n<meta property=\"product:condition\" content=\"new\" \/>\n<meta name=\"geo.placename\" content=\"CORRO D`AVALL\" \/>\n<meta name=\"geo.region\" content=\"Espanha\" \/>\n<!-- \/ Yoast SEO Premium plugin. -->","yoast_head_json":{"title":"CPR 100 KW OMVL \/ Caixa de Velocidades Valtek | Recambios EcoGas | Sistemas GLP y GNC","description":"Redutor OMVL \/ Valtek CPR 100 kW. Sa\u00edda de 1,2 bar, bobina de 12V e instala\u00e7\u00e3o f\u00e1cil. COMPRE ONLINE, ENVIO POR TODA A EUROPA","robots":{"index":"index","follow":"follow","max-snippet":"max-snippet:-1","max-image-preview":"max-image-preview:large","max-video-preview":"max-video-preview:-1"},"canonical":"https:\/\/recambiosecogas.com\/pt-pt\/producto\/omvl-valtek-cpr-reductor-12-bar-hasta-100-kw\/","og_locale":"pt_PT","og_type":"article","og_title":"CPR 100 KW OMVL \/ Caixa de Velocidades Valtek","og_description":"Redutor OMVL \/ Valtek CPR 100 kW. Sa\u00edda de 1,2 bar, bobina de 12V e instala\u00e7\u00e3o f\u00e1cil. COMPRE ONLINE, ENVIO POR TODA A EUROPA","og_url":"https:\/\/recambiosecogas.com\/pt-pt\/producto\/omvl-valtek-cpr-reductor-12-bar-hasta-100-kw\/","og_site_name":"Recambios EcoGas","article_publisher":"https:\/\/www.facebook.com\/profile.php?id=100062419705358","article_modified_time":"2026-04-08T09:28:46+00:00","og_image":[{"width":1000,"height":1000,"url":"https:\/\/recambiosecogas.com\/wp-content\/uploads\/2024\/10\/OMVLValtek-CPR-reductor-12-bar-hasta-100-KW-png.webp","type":"image\/png"}],"twitter_card":"summary_large_image","twitter_misc":{"pre\u00e7o":"104,90&nbsp;&euro; (Sin IVA: 86,69&nbsp;&euro;)","Disponibilidade":"Por encomenda"},"schema":{"@context":"https:\/\/schema.org","@graph":[{"@type":"WebPage","@id":"https:\/\/recambiosecogas.com\/pt-pt\/producto\/omvl-valtek-cpr-reductor-12-bar-hasta-100-kw\/","url":"https:\/\/recambiosecogas.com\/pt-pt\/producto\/omvl-valtek-cpr-reductor-12-bar-hasta-100-kw\/","name":"CPR 100 KW OMVL \/ Caixa de Velocidades Valtek | Recambios EcoGas | Sistemas GLP y GNC","isPartOf":{"@id":"https:\/\/recambiosecogas.com\/pt-pt\/#website"},"primaryImageOfPage":{"@id":"https:\/\/recambiosecogas.com\/pt-pt\/producto\/omvl-valtek-cpr-reductor-12-bar-hasta-100-kw\/#primaryimage"},"image":{"@id":"https:\/\/recambiosecogas.com\/pt-pt\/producto\/omvl-valtek-cpr-reductor-12-bar-hasta-100-kw\/#primaryimage"},"thumbnailUrl":"https:\/\/recambiosecogas.com\/wp-content\/uploads\/2024\/10\/OMVLValtek-CPR-reductor-12-bar-hasta-100-KW-png.webp","datePublished":"2024-10-19T13:23:47+00:00","dateModified":"2026-04-08T09:28:46+00:00","description":"Redutor OMVL \/ Valtek CPR 100 kW. Sa\u00edda de 1,2 bar, bobina de 12V e instala\u00e7\u00e3o f\u00e1cil. COMPRE ONLINE, ENVIO POR TODA A EUROPA","breadcrumb":{"@id":"https:\/\/recambiosecogas.com\/pt-pt\/producto\/omvl-valtek-cpr-reductor-12-bar-hasta-100-kw\/#breadcrumb"},"inLanguage":"pt-PT","potentialAction":[{"@type":"ReadAction","target":["https:\/\/recambiosecogas.com\/pt-pt\/producto\/omvl-valtek-cpr-reductor-12-bar-hasta-100-kw\/"]}]},{"@type":"ImageObject","inLanguage":"pt-PT","@id":"https:\/\/recambiosecogas.com\/pt-pt\/producto\/omvl-valtek-cpr-reductor-12-bar-hasta-100-kw\/#primaryimage","url":"https:\/\/recambiosecogas.com\/wp-content\/uploads\/2024\/10\/OMVLValtek-CPR-reductor-12-bar-hasta-100-KW-png.webp","contentUrl":"https:\/\/recambiosecogas.com\/wp-content\/uploads\/2024\/10\/OMVLValtek-CPR-reductor-12-bar-hasta-100-KW-png.webp","width":1000,"height":1000,"caption":"Redutor CPR de 100 kW para sistemas de GPL. Precisa, robusta e concebida para motores de alta pot\u00eancia."},{"@type":"BreadcrumbList","@id":"https:\/\/recambiosecogas.com\/pt-pt\/producto\/omvl-valtek-cpr-reductor-12-bar-hasta-100-kw\/#breadcrumb","itemListElement":[{"@type":"ListItem","position":1,"name":"P\u00e1gina inicial","item":"https:\/\/recambiosecogas.com\/pt-pt\/"},{"@type":"ListItem","position":2,"name":"Loja","item":"https:\/\/recambiosecogas.com\/pt-pt\/tienda\/"},{"@type":"ListItem","position":3,"name":"CPR 100 KW OMVL \/ Caixa de Velocidades Valtek"}]},{"@type":"WebSite","@id":"https:\/\/recambiosecogas.com\/pt-pt\/#website","url":"https:\/\/recambiosecogas.com\/pt-pt\/","name":"Recambios EcoGas","description":"Pe\u00e7as multimarca para sistemas de GPL\/GNC\/GNL\/Hidrog\u00e9nio","publisher":{"@id":"https:\/\/recambiosecogas.com\/pt-pt\/#organization"},"alternateName":"Recambios Autogas GLP","potentialAction":[{"@type":"SearchAction","target":{"@type":"EntryPoint","urlTemplate":"https:\/\/recambiosecogas.com\/pt-pt\/?s={search_term_string}"},"query-input":{"@type":"PropertyValueSpecification","valueRequired":true,"valueName":"search_term_string"}}],"inLanguage":"pt-PT"},{"@type":["Organization","Place"],"@id":"https:\/\/recambiosecogas.com\/pt-pt\/#organization","name":"Recambios EcoGas","alternateName":"Loja de GPL Autog\u00e1s Espanha","url":"https:\/\/recambiosecogas.com\/pt-pt\/","logo":{"@id":"https:\/\/recambiosecogas.com\/pt-pt\/producto\/omvl-valtek-cpr-reductor-12-bar-hasta-100-kw\/#local-main-organization-logo"},"image":{"@id":"https:\/\/recambiosecogas.com\/pt-pt\/producto\/omvl-valtek-cpr-reductor-12-bar-hasta-100-kw\/#local-main-organization-logo"},"sameAs":["https:\/\/www.facebook.com\/profile.php?id=100062419705358","https:\/\/www.instagram.com\/segimon_automocio"],"description":"Recambios EcoGas \u2013 Venta y distribuci\u00f3n de sistemas GLP y GNC en Espa\u00f1a y Portugal. Env\u00edos 24 h, soporte t\u00e9cnico a talleres y distribuidores.","hasMerchantReturnPolicy":{"@type":"MerchantReturnPolicy","merchantReturnLink":"https:\/\/recambiosecogas.com\/politicas-privacidad\/"},"address":{"@id":"https:\/\/recambiosecogas.com\/pt-pt\/producto\/omvl-valtek-cpr-reductor-12-bar-hasta-100-kw\/#local-main-place-address"},"telephone":["616250633"],"contactPoint":{"@type":"ContactPoint","email":"export@recambiosecogas.com"},"openingHoursSpecification":[{"@type":"OpeningHoursSpecification","dayOfWeek":["Monday","Tuesday","Wednesday","Thursday","Friday","Saturday","Sunday"],"opens":"09:00","closes":"17:00"}],"email":"info@recambiosecogas.com","faxNumber":"SEGIMON AUTOMOCION SL","vatID":"ESB19819861","globalLocationNumber":"938 616 339"},{"@type":"PostalAddress","@id":"https:\/\/recambiosecogas.com\/pt-pt\/producto\/omvl-valtek-cpr-reductor-12-bar-hasta-100-kw\/#local-main-place-address","streetAddress":"cami antic de vic, 29 (Nave 3), Pol\u00edgono Industrial Congost","addressLocality":"CORRO D`AVALL","postalCode":"08520","addressRegion":"Barcelona","addressCountry":"ES"},{"@type":"ImageObject","inLanguage":"pt-PT","@id":"https:\/\/recambiosecogas.com\/pt-pt\/producto\/omvl-valtek-cpr-reductor-12-bar-hasta-100-kw\/#local-main-organization-logo","url":"https:\/\/recambiosecogas.com\/wp-content\/uploads\/2024\/11\/cropped-RECAMBIOS-GLP-png.webp","contentUrl":"https:\/\/recambiosecogas.com\/wp-content\/uploads\/2024\/11\/cropped-RECAMBIOS-GLP-png.webp","width":512,"height":512,"caption":"Recambios EcoGas"}]},"product_price_amount":"104.90","product_price_currency":"EUR","og_availability":"backorder","product_availability":"available for order","product_retailer_item_id":"102319","product_condition":"new","geo.placename":"CORRO D`AVALL","geo.region":"Espanha"},"uagb_featured_image_src":{"full":["https:\/\/recambiosecogas.com\/wp-content\/uploads\/2024\/10\/OMVLValtek-CPR-reductor-12-bar-hasta-100-KW-png.webp",1000,1000,false],"thumbnail":["https:\/\/recambiosecogas.com\/wp-content\/uploads\/2024\/10\/OMVLValtek-CPR-reductor-12-bar-hasta-100-KW-150x150.webp",150,150,true],"medium":["https:\/\/recambiosecogas.com\/wp-content\/uploads\/2024\/10\/OMVLValtek-CPR-reductor-12-bar-hasta-100-KW-300x300.webp",300,300,true],"medium_large":["https:\/\/recambiosecogas.com\/wp-content\/uploads\/2024\/10\/OMVLValtek-CPR-reductor-12-bar-hasta-100-KW-768x768.webp",768,768,true],"large":["https:\/\/recambiosecogas.com\/wp-content\/uploads\/2024\/10\/OMVLValtek-CPR-reductor-12-bar-hasta-100-KW-png.webp",1000,1000,false],"1536x1536":["https:\/\/recambiosecogas.com\/wp-content\/uploads\/2024\/10\/OMVLValtek-CPR-reductor-12-bar-hasta-100-KW-png.webp",1000,1000,false],"2048x2048":["https:\/\/recambiosecogas.com\/wp-content\/uploads\/2024\/10\/OMVLValtek-CPR-reductor-12-bar-hasta-100-KW-png.webp",1000,1000,false],"woocommerce_archive_thumbnail":["https:\/\/recambiosecogas.com\/wp-content\/uploads\/2024\/10\/OMVLValtek-CPR-reductor-12-bar-hasta-100-KW-png.webp",1000,1000,false],"woocommerce_thumbnail":["https:\/\/recambiosecogas.com\/wp-content\/uploads\/2024\/10\/OMVLValtek-CPR-reductor-12-bar-hasta-100-KW-png-300x300.webp",300,300,true],"woocommerce_single":["https:\/\/recambiosecogas.com\/wp-content\/uploads\/2024\/10\/OMVLValtek-CPR-reductor-12-bar-hasta-100-KW-png.webp",1000,1000,false],"woocommerce_gallery_thumbnail":["https:\/\/recambiosecogas.com\/wp-content\/uploads\/2024\/10\/OMVLValtek-CPR-reductor-12-bar-hasta-100-KW-png.webp",1000,1000,false],"dgwt-wcas-product-suggestion":["https:\/\/recambiosecogas.com\/wp-content\/uploads\/2024\/10\/OMVLValtek-CPR-reductor-12-bar-hasta-100-KW-png-64x64.webp",64,64,true]},"uagb_author_info":{"display_name":"Fran - Soporte T\u00e9cnico","author_link":"https:\/\/recambiosecogas.com\/pt-pt\/author\/"},"uagb_comment_info":0,"uagb_excerpt":"CPR 100 KW OMVL \/ Caixa de Velocidades Valtek O redutor CPR 100 kW OMVL \/ Valtek \u00e9 um vaporizador de alta qualidade concebido para converter GLP l\u00edquido em fase gasosa a uma press\u00e3o constante de 1,2 bar. Est\u00e1 equipado com uma bobina de 12V que permite uma regula\u00e7\u00e3o precisa do fluxo de g\u00e1s. O&hellip;","_links":{"self":[{"href":"https:\/\/recambiosecogas.com\/pt-pt\/wp-json\/wp\/v2\/product\/35551","targetHints":{"allow":["GET"]}}],"collection":[{"href":"https:\/\/recambiosecogas.com\/pt-pt\/wp-json\/wp\/v2\/product"}],"about":[{"href":"https:\/\/recambiosecogas.com\/pt-pt\/wp-json\/wp\/v2\/types\/product"}],"replies":[{"embeddable":true,"href":"https:\/\/recambiosecogas.com\/pt-pt\/wp-json\/wp\/v2\/comments?post=35551"}],"wp:featuredmedia":[{"embeddable":true,"href":"https:\/\/recambiosecogas.com\/pt-pt\/wp-json\/wp\/v2\/media\/21445"}],"wp:attachment":[{"href":"https:\/\/recambiosecogas.com\/pt-pt\/wp-json\/wp\/v2\/media?parent=35551"}],"wp:term":[{"taxonomy":"product_brand","embeddable":true,"href":"https:\/\/recambiosecogas.com\/pt-pt\/wp-json\/wp\/v2\/product_brand?post=35551"},{"taxonomy":"product_cat","embeddable":true,"href":"https:\/\/recambiosecogas.com\/pt-pt\/wp-json\/wp\/v2\/product_cat?post=35551"},{"taxonomy":"product_tag","embeddable":true,"href":"https:\/\/recambiosecogas.com\/pt-pt\/wp-json\/wp\/v2\/product_tag?post=35551"}],"curies":[{"name":"wp","href":"https:\/\/api.w.org\/{rel}","templated":true}]}}