{"id":35518,"date":"2024-10-19T14:23:48","date_gmt":"2024-10-19T13:23:48","guid":{"rendered":"https:\/\/recambiosecogas.com\/producto\/redutor-romano-ris-14\/"},"modified":"2026-04-08T10:28:50","modified_gmt":"2026-04-08T09:28:50","slug":"romano-reductor-ris-14","status":"publish","type":"product","link":"https:\/\/recambiosecogas.com\/pt-pt\/producto\/romano-reductor-ris-14\/","title":{"rendered":"Redutor romano RIS\/14"},"content":{"rendered":"<h3 style=\"text-align: center;\">Redutor romano RIS\/14<\/h3>\n<p class=\"\" data-start=\"34\" data-end=\"331\"><strong data-start=\"37\" data-end=\"67\">O Redutor de Press\u00e3o de GLP<\/strong> foi concebido para converter g\u00e1s liquefeito em vapor a uma press\u00e3o constante de <strong data-start=\"148\" data-end=\"165\">1,5 \u00b1 0,1 bar<\/strong>, garantindo um fluxo est\u00e1vel e seguro para o motor. A sua v\u00e1lvula de seguran\u00e7a ativa-se se a press\u00e3o ultrapassar <strong data-start=\"280\" data-end=\"289\">6 bar<\/strong>, prevenindo poss\u00edveis danos no sistema. <\/p>\n<p class=\"\" data-start=\"333\" data-end=\"659\">O sistema possui uma <strong data-start=\"359\" data-end=\"377\">v\u00e1lvula solen\u00f3ide<\/strong> que impede o fluxo de gasolina quando o motor est\u00e1 desligado ou a funcionar com gasolina, garantindo maior seguran\u00e7a. Al\u00e9m disso, o sistema de aquecimento interno mant\u00e9m o redutor a uma temperatura <strong data-start=\"584\" data-end=\"593\">m\u00ednima de 30 \u00b0C<\/strong>, facilitando a vaporiza\u00e7\u00e3o do GLP mesmo em ambientes frios. <\/p>\n<hr class=\"\" data-start=\"661\" data-end=\"664\">\n<h3 data-start=\"666\" data-end=\"703\"><strong data-start=\"669\" data-end=\"701\">Carater\u00edsticas e vantagens<\/strong><\/h3>\n<ul data-start=\"704\" data-end=\"1125\">\n<li class=\"\" data-start=\"704\" data-end=\"763\">\n<p class=\"\" data-start=\"706\" data-end=\"763\"><strong data-start=\"706\" data-end=\"728\">Regula\u00e7\u00e3o precisa<\/strong> \u2013 <strong data-start=\"749\" data-end=\"760\">Sa\u00edda est\u00e1vel de 1,5 bar<\/strong>.<\/p>\n<\/li>\n<li class=\"\" data-start=\"764\" data-end=\"856\">\n<p class=\"\" data-start=\"766\" data-end=\"856\"><strong data-start=\"766\" data-end=\"800\">V\u00e1lvula de seguran\u00e7a integrada<\/strong> \u2013 Ativa a <strong data-start=\"815\" data-end=\"824\">6 bar<\/strong> para evitar sobrepress\u00e3o.<\/p>\n<\/li>\n<li class=\"\" data-start=\"857\" data-end=\"933\">\n<p class=\"\" data-start=\"859\" data-end=\"933\"><strong data-start=\"859\" data-end=\"887\">Constru\u00e7\u00e3o em alum\u00ednio<\/strong> \u2013 Forte, leve e altamente dur\u00e1vel.<\/p>\n<\/li>\n<li class=\"\" data-start=\"934\" data-end=\"1038\">\n<p class=\"\" data-start=\"936\" data-end=\"1038\"><strong data-start=\"936\" data-end=\"970\">Sistema de aquecimento interno<\/strong> \u2013 Mant\u00e9m a temperatura ideal para vaporiza\u00e7\u00e3o eficiente.<\/p>\n<\/li>\n<li class=\"\" data-start=\"1039\" data-end=\"1125\">\n<p class=\"\" data-start=\"1041\" data-end=\"1125\"><strong data-start=\"1041\" data-end=\"1060\">Design Compacto<\/strong> \u2013 Ideal para espa\u00e7os apertados no compartimento do motor.<\/p>\n<\/li>\n<\/ul>\n<hr class=\"\" data-start=\"1127\" data-end=\"1130\">\n<h3 data-start=\"1132\" data-end=\"1155\"><strong data-start=\"1135\" data-end=\"1153\">Dados t\u00e9cnicos<\/strong><\/h3>\n<div class=\"overflow-x-auto contain-inline-size\">\n<table data-start=\"1157\" data-end=\"1771\">\n<thead data-start=\"1157\" data-end=\"1216\">\n<tr data-start=\"1157\" data-end=\"1216\">\n<th data-start=\"1157\" data-end=\"1188\">Especifica\u00e7\u00f5es<\/th>\n<th data-start=\"1188\" data-end=\"1216\">Detalhe<\/th>\n<\/tr>\n<\/thead>\n<tbody data-start=\"1276\" data-end=\"1771\">\n<tr data-start=\"1276\" data-end=\"1337\">\n<td><strong data-start=\"1278\" data-end=\"1290\">Material<\/strong><\/td>\n<td>Alum\u00ednio<\/td>\n<\/tr>\n<tr data-start=\"1338\" data-end=\"1399\">\n<td><strong data-start=\"1340\" data-end=\"1355\">Dimens\u00f5es<\/strong><\/td>\n<td>110 x 92 x 115 mm<\/td>\n<\/tr>\n<tr data-start=\"1400\" data-end=\"1461\">\n<td><strong data-start=\"1402\" data-end=\"1410\">Peso<\/strong><\/td>\n<td>0,500 kg<\/td>\n<\/tr>\n<tr data-start=\"1462\" data-end=\"1523\">\n<td><strong data-start=\"1464\" data-end=\"1493\">Press\u00e3o M\u00e1xima de Trabalho<\/strong><\/td>\n<td>6 compassos<\/td>\n<\/tr>\n<tr data-start=\"1524\" data-end=\"1585\">\n<td><strong data-start=\"1526\" data-end=\"1547\">Press\u00e3o de sa\u00edda<\/strong><\/td>\n<td>1,5 \u00b1 0,1 bar<\/td>\n<\/tr>\n<tr data-start=\"1586\" data-end=\"1647\">\n<p>Temperatura <\/p>\n<td><strong data-start=\"1588\" data-end=\"1614\">de trabalho<\/strong><\/td>\n<td>-20\u00b0C a +120\u00b0C<\/td>\n<\/tr>\n<tr data-start=\"1648\" data-end=\"1709\">\n<td><strong data-start=\"1650\" data-end=\"1669\">Liga\u00e7\u00e3o a g\u00e1s<\/strong><\/td>\n<td>Tubo M12x1 \u00d88 mm<\/td>\n<\/tr>\n<tr data-start=\"1710\" data-end=\"1771\">\n<td><strong data-start=\"1712\" data-end=\"1734\">Pot\u00eancia do Motor<\/strong><\/td>\n<td>Mais de 100 kW<\/td>\n<\/tr>\n<\/tbody>\n<\/table>\n<\/div>\n<hr class=\"\" data-start=\"1773\" data-end=\"1776\">\n<h3 data-start=\"1778\" data-end=\"1801\"><strong data-start=\"1781\" data-end=\"1799\">Compatibilidade<\/strong><\/h3>\n<p class=\"\" data-start=\"1802\" data-end=\"1849\">O <strong data-start=\"1805\" data-end=\"1832\">Redutor de Press\u00e3o de GLP<\/strong> \u00e9 ideal para:<\/p>\n<ul data-start=\"1850\" data-end=\"1949\">\n<li class=\"\" data-start=\"1850\" data-end=\"1898\">\n<p class=\"\" data-start=\"1852\" data-end=\"1898\"><strong data-start=\"1852\" data-end=\"1895\">Sistemas sequenciais de inje\u00e7\u00e3o de GPL<\/strong>.<\/p>\n<\/li>\n<li class=\"\" data-start=\"1899\" data-end=\"1949\">\n<p class=\"\" data-start=\"1901\" data-end=\"1949\"><strong data-start=\"1901\" data-end=\"1946\">Ve\u00edculos com motores superiores a 100 kW<\/strong>.<\/p>\n<\/li>\n<\/ul>\n<p><a href=\"https:\/\/recambiosecogas.com\/pt-pt\/categoria-produto\/reguladores-de-pressao\/redutor-glp\/\">OBTENHA MAIS CAIXAS DE VELOCIDADES NO NOSSO SITE<\/a><\/p>\n<p><a href=\"https:\/\/segimonautomocio.com\/\">PARA CONVERS\u00d5ES DE LPG, VISITE O NOSSO WORKSHOP NO SITE<\/a><\/p>\n<p>A caixa de velocidades Romano RIS\/14 \u00e9 uma solu\u00e7\u00e3o fi\u00e1vel para quem procura otimizar o desempenho dos seus ve\u00edculos equipados com sistemas sequenciais de inje\u00e7\u00e3o de GPL. Esta caixa de velocidades n\u00e3o s\u00f3 garante uma press\u00e3o constante de 1,5 bar, como inclui tamb\u00e9m caracter\u00edsticas de seguran\u00e7a, como a v\u00e1lvula de sobrepress\u00e3o, tornando-a uma escolha ideal para motores com mais de 100 kW. A sua constru\u00e7\u00e3o em alum\u00ednio garante durabilidade e resist\u00eancia, enquanto o seu design compacto permite uma f\u00e1cil integra\u00e7\u00e3o em espa\u00e7os pequenos. Certifique-se de verificar a compatibilidade antes da compra para garantir um encaixe perfeito no seu sistema Autogas.   <\/p>\n","protected":false},"excerpt":{"rendered":"<p>Redutor romano RIS\/14<\/p>\n","protected":false},"featured_media":21421,"comment_status":"open","ping_status":"closed","template":"","meta":{"_uag_custom_page_level_css":""},"product_brand":[],"product_cat":[1066,1065,1075],"product_tag":[],"class_list":{"0":"post-35518","1":"product","2":"type-product","3":"status-publish","4":"has-post-thumbnail","6":"product_cat-redutor-glp","7":"product_cat-reguladores-de-pressao","8":"product_cat-romano-pt-pt","10":"first","11":"onbackorder","12":"taxable","13":"shipping-taxable","14":"purchasable","15":"product-type-simple"},"ct_brands":[],"yoast_head":"<!-- This site is optimized with the Yoast SEO Premium plugin v27.5 (Yoast SEO v27.5) - https:\/\/yoast.com\/product\/yoast-seo-premium-wordpress\/ -->\n<title>Roman Reducer RIS\/14 | Pe\u00e7as sobressalentes Ecogas<\/title>\n<meta name=\"description\" content=\"Redutor de press\u00e3o de GPL Romano RIS\/14, sa\u00edda de 1,5 bar, constru\u00e7\u00e3o em alum\u00ednio e v\u00e1lvula de seguran\u00e7a de 6 bar. Ideal para sistemas de inje\u00e7\u00e3o sequencial.\" \/>\n<meta name=\"robots\" content=\"index, follow, max-snippet:-1, max-image-preview:large, max-video-preview:-1\" \/>\n<link rel=\"canonical\" href=\"https:\/\/recambiosecogas.com\/pt-pt\/producto\/romano-reductor-ris-14\/\" \/>\n<meta property=\"og:locale\" content=\"pt_PT\" \/>\n<meta property=\"og:type\" content=\"article\" \/>\n<meta property=\"og:title\" content=\"Redutor romano RIS\/14\" \/>\n<meta property=\"og:description\" content=\"Redutor de press\u00e3o de GPL Romano RIS\/14, sa\u00edda de 1,5 bar, constru\u00e7\u00e3o em alum\u00ednio e v\u00e1lvula de seguran\u00e7a de 6 bar. Ideal para sistemas de inje\u00e7\u00e3o sequencial.\" \/>\n<meta property=\"og:url\" content=\"https:\/\/recambiosecogas.com\/pt-pt\/producto\/romano-reductor-ris-14\/\" \/>\n<meta property=\"og:site_name\" content=\"Recambios EcoGas\" \/>\n<meta property=\"article:publisher\" content=\"https:\/\/www.facebook.com\/profile.php?id=100062419705358\" \/>\n<meta property=\"article:modified_time\" content=\"2026-04-08T09:28:50+00:00\" \/>\n<meta property=\"og:image\" content=\"https:\/\/recambiosecogas.com\/wp-content\/uploads\/2024\/10\/Romano-reductor-RIS-NEW1-png.webp\" \/>\n\t<meta property=\"og:image:width\" content=\"1000\" \/>\n\t<meta property=\"og:image:height\" content=\"1000\" \/>\n\t<meta property=\"og:image:type\" content=\"image\/png\" \/>\n<meta name=\"twitter:card\" content=\"summary_large_image\" \/>\n<meta name=\"twitter:label1\" content=\"pre\u00e7o\" \/>\n\t<meta name=\"twitter:data1\" content=\"323,75&nbsp;&euro; (Sin IVA: 267,56&nbsp;&euro;)\" \/>\n\t<meta name=\"twitter:label2\" content=\"Disponibilidade\" \/>\n\t<meta name=\"twitter:data2\" content=\"Por encomenda\" \/>\n<script type=\"application\/ld+json\" class=\"yoast-schema-graph\">{\"@context\":\"https:\\\/\\\/schema.org\",\"@graph\":[{\"@type\":\"WebPage\",\"@id\":\"https:\\\/\\\/recambiosecogas.com\\\/pt-pt\\\/producto\\\/romano-reductor-ris-14\\\/\",\"url\":\"https:\\\/\\\/recambiosecogas.com\\\/pt-pt\\\/producto\\\/romano-reductor-ris-14\\\/\",\"name\":\"Roman Reducer RIS\\\/14 | Pe\u00e7as sobressalentes Ecogas\",\"isPartOf\":{\"@id\":\"https:\\\/\\\/recambiosecogas.com\\\/pt-pt\\\/#website\"},\"primaryImageOfPage\":{\"@id\":\"https:\\\/\\\/recambiosecogas.com\\\/pt-pt\\\/producto\\\/romano-reductor-ris-14\\\/#primaryimage\"},\"image\":{\"@id\":\"https:\\\/\\\/recambiosecogas.com\\\/pt-pt\\\/producto\\\/romano-reductor-ris-14\\\/#primaryimage\"},\"thumbnailUrl\":\"https:\\\/\\\/recambiosecogas.com\\\/wp-content\\\/uploads\\\/2024\\\/10\\\/Romano-reductor-RIS-NEW1-png.webp\",\"datePublished\":\"2024-10-19T13:23:48+00:00\",\"dateModified\":\"2026-04-08T09:28:50+00:00\",\"description\":\"Redutor de press\u00e3o de GPL Romano RIS\\\/14, sa\u00edda de 1,5 bar, constru\u00e7\u00e3o em alum\u00ednio e v\u00e1lvula de seguran\u00e7a de 6 bar. Ideal para sistemas de inje\u00e7\u00e3o sequencial.\",\"breadcrumb\":{\"@id\":\"https:\\\/\\\/recambiosecogas.com\\\/pt-pt\\\/producto\\\/romano-reductor-ris-14\\\/#breadcrumb\"},\"inLanguage\":\"pt-PT\",\"potentialAction\":[{\"@type\":\"ReadAction\",\"target\":[\"https:\\\/\\\/recambiosecogas.com\\\/pt-pt\\\/producto\\\/romano-reductor-ris-14\\\/\"]}]},{\"@type\":\"ImageObject\",\"inLanguage\":\"pt-PT\",\"@id\":\"https:\\\/\\\/recambiosecogas.com\\\/pt-pt\\\/producto\\\/romano-reductor-ris-14\\\/#primaryimage\",\"url\":\"https:\\\/\\\/recambiosecogas.com\\\/wp-content\\\/uploads\\\/2024\\\/10\\\/Romano-reductor-RIS-NEW1-png.webp\",\"contentUrl\":\"https:\\\/\\\/recambiosecogas.com\\\/wp-content\\\/uploads\\\/2024\\\/10\\\/Romano-reductor-RIS-NEW1-png.webp\",\"width\":1000,\"height\":1000,\"caption\":\"Redutor romano romano RIS NEW ROMANO \u2014 detalhe\"},{\"@type\":\"BreadcrumbList\",\"@id\":\"https:\\\/\\\/recambiosecogas.com\\\/pt-pt\\\/producto\\\/romano-reductor-ris-14\\\/#breadcrumb\",\"itemListElement\":[{\"@type\":\"ListItem\",\"position\":1,\"name\":\"P\u00e1gina inicial\",\"item\":\"https:\\\/\\\/recambiosecogas.com\\\/pt-pt\\\/\"},{\"@type\":\"ListItem\",\"position\":2,\"name\":\"Loja\",\"item\":\"https:\\\/\\\/recambiosecogas.com\\\/pt-pt\\\/tienda\\\/\"},{\"@type\":\"ListItem\",\"position\":3,\"name\":\"Redutor romano RIS\\\/14\"}]},{\"@type\":\"WebSite\",\"@id\":\"https:\\\/\\\/recambiosecogas.com\\\/pt-pt\\\/#website\",\"url\":\"https:\\\/\\\/recambiosecogas.com\\\/pt-pt\\\/\",\"name\":\"Recambios EcoGas\",\"description\":\"Pe\u00e7as multimarca para sistemas de GPL\\\/GNC\\\/GNL\\\/Hidrog\u00e9nio\",\"publisher\":{\"@id\":\"https:\\\/\\\/recambiosecogas.com\\\/pt-pt\\\/#organization\"},\"alternateName\":\"Recambios Autogas GLP\",\"potentialAction\":[{\"@type\":\"SearchAction\",\"target\":{\"@type\":\"EntryPoint\",\"urlTemplate\":\"https:\\\/\\\/recambiosecogas.com\\\/pt-pt\\\/?s={search_term_string}\"},\"query-input\":{\"@type\":\"PropertyValueSpecification\",\"valueRequired\":true,\"valueName\":\"search_term_string\"}}],\"inLanguage\":\"pt-PT\"},{\"@type\":[\"Organization\",\"Place\"],\"@id\":\"https:\\\/\\\/recambiosecogas.com\\\/pt-pt\\\/#organization\",\"name\":\"Recambios EcoGas\",\"alternateName\":\"Loja de GPL Autog\u00e1s Espanha\",\"url\":\"https:\\\/\\\/recambiosecogas.com\\\/pt-pt\\\/\",\"logo\":{\"@id\":\"https:\\\/\\\/recambiosecogas.com\\\/pt-pt\\\/producto\\\/romano-reductor-ris-14\\\/#local-main-organization-logo\"},\"image\":{\"@id\":\"https:\\\/\\\/recambiosecogas.com\\\/pt-pt\\\/producto\\\/romano-reductor-ris-14\\\/#local-main-organization-logo\"},\"sameAs\":[\"https:\\\/\\\/www.facebook.com\\\/profile.php?id=100062419705358\",\"https:\\\/\\\/www.instagram.com\\\/segimon_automocio\"],\"description\":\"Recambios EcoGas \u2013 Venta y distribuci\u00f3n de sistemas GLP y GNC en Espa\u00f1a y Portugal. Env\u00edos 24 h, soporte t\u00e9cnico a talleres y distribuidores.\",\"hasMerchantReturnPolicy\":{\"@type\":\"MerchantReturnPolicy\",\"merchantReturnLink\":\"https:\\\/\\\/recambiosecogas.com\\\/politicas-privacidad\\\/\"},\"address\":{\"@id\":\"https:\\\/\\\/recambiosecogas.com\\\/pt-pt\\\/producto\\\/romano-reductor-ris-14\\\/#local-main-place-address\"},\"telephone\":[\"616250633\"],\"contactPoint\":{\"@type\":\"ContactPoint\",\"email\":\"export@recambiosecogas.com\"},\"openingHoursSpecification\":[{\"@type\":\"OpeningHoursSpecification\",\"dayOfWeek\":[\"Monday\",\"Tuesday\",\"Wednesday\",\"Thursday\",\"Friday\",\"Saturday\",\"Sunday\"],\"opens\":\"09:00\",\"closes\":\"17:00\"}],\"email\":\"info@recambiosecogas.com\",\"faxNumber\":\"SEGIMON AUTOMOCION SL\",\"vatID\":\"ESB19819861\",\"globalLocationNumber\":\"938 616 339\"},{\"@type\":\"PostalAddress\",\"@id\":\"https:\\\/\\\/recambiosecogas.com\\\/pt-pt\\\/producto\\\/romano-reductor-ris-14\\\/#local-main-place-address\",\"streetAddress\":\"cami antic de vic, 29 (Nave 3), Pol\u00edgono Industrial Congost\",\"addressLocality\":\"CORRO D`AVALL\",\"postalCode\":\"08520\",\"addressRegion\":\"Barcelona\",\"addressCountry\":\"ES\"},{\"@type\":\"ImageObject\",\"inLanguage\":\"pt-PT\",\"@id\":\"https:\\\/\\\/recambiosecogas.com\\\/pt-pt\\\/producto\\\/romano-reductor-ris-14\\\/#local-main-organization-logo\",\"url\":\"https:\\\/\\\/recambiosecogas.com\\\/wp-content\\\/uploads\\\/2024\\\/11\\\/cropped-RECAMBIOS-GLP-png.webp\",\"contentUrl\":\"https:\\\/\\\/recambiosecogas.com\\\/wp-content\\\/uploads\\\/2024\\\/11\\\/cropped-RECAMBIOS-GLP-png.webp\",\"width\":512,\"height\":512,\"caption\":\"Recambios EcoGas\"}]}<\/script>\n<meta property=\"product:price:amount\" content=\"323.75\" \/>\n<meta property=\"product:price:currency\" content=\"EUR\" \/>\n<meta property=\"og:availability\" content=\"backorder\" \/>\n<meta property=\"product:availability\" content=\"available for order\" \/>\n<meta property=\"product:retailer_item_id\" content=\"106196A\" \/>\n<meta property=\"product:condition\" content=\"new\" \/>\n<meta name=\"geo.placename\" content=\"CORRO D`AVALL\" \/>\n<meta name=\"geo.region\" content=\"Espanha\" \/>\n<!-- \/ Yoast SEO Premium plugin. -->","yoast_head_json":{"title":"Roman Reducer RIS\/14 | Pe\u00e7as sobressalentes Ecogas","description":"Redutor de press\u00e3o de GPL Romano RIS\/14, sa\u00edda de 1,5 bar, constru\u00e7\u00e3o em alum\u00ednio e v\u00e1lvula de seguran\u00e7a de 6 bar. Ideal para sistemas de inje\u00e7\u00e3o sequencial.","robots":{"index":"index","follow":"follow","max-snippet":"max-snippet:-1","max-image-preview":"max-image-preview:large","max-video-preview":"max-video-preview:-1"},"canonical":"https:\/\/recambiosecogas.com\/pt-pt\/producto\/romano-reductor-ris-14\/","og_locale":"pt_PT","og_type":"article","og_title":"Redutor romano RIS\/14","og_description":"Redutor de press\u00e3o de GPL Romano RIS\/14, sa\u00edda de 1,5 bar, constru\u00e7\u00e3o em alum\u00ednio e v\u00e1lvula de seguran\u00e7a de 6 bar. Ideal para sistemas de inje\u00e7\u00e3o sequencial.","og_url":"https:\/\/recambiosecogas.com\/pt-pt\/producto\/romano-reductor-ris-14\/","og_site_name":"Recambios EcoGas","article_publisher":"https:\/\/www.facebook.com\/profile.php?id=100062419705358","article_modified_time":"2026-04-08T09:28:50+00:00","og_image":[{"width":1000,"height":1000,"url":"https:\/\/recambiosecogas.com\/wp-content\/uploads\/2024\/10\/Romano-reductor-RIS-NEW1-png.webp","type":"image\/png"}],"twitter_card":"summary_large_image","twitter_misc":{"pre\u00e7o":"323,75&nbsp;&euro; (Sin IVA: 267,56&nbsp;&euro;)","Disponibilidade":"Por encomenda"},"schema":{"@context":"https:\/\/schema.org","@graph":[{"@type":"WebPage","@id":"https:\/\/recambiosecogas.com\/pt-pt\/producto\/romano-reductor-ris-14\/","url":"https:\/\/recambiosecogas.com\/pt-pt\/producto\/romano-reductor-ris-14\/","name":"Roman Reducer RIS\/14 | Pe\u00e7as sobressalentes Ecogas","isPartOf":{"@id":"https:\/\/recambiosecogas.com\/pt-pt\/#website"},"primaryImageOfPage":{"@id":"https:\/\/recambiosecogas.com\/pt-pt\/producto\/romano-reductor-ris-14\/#primaryimage"},"image":{"@id":"https:\/\/recambiosecogas.com\/pt-pt\/producto\/romano-reductor-ris-14\/#primaryimage"},"thumbnailUrl":"https:\/\/recambiosecogas.com\/wp-content\/uploads\/2024\/10\/Romano-reductor-RIS-NEW1-png.webp","datePublished":"2024-10-19T13:23:48+00:00","dateModified":"2026-04-08T09:28:50+00:00","description":"Redutor de press\u00e3o de GPL Romano RIS\/14, sa\u00edda de 1,5 bar, constru\u00e7\u00e3o em alum\u00ednio e v\u00e1lvula de seguran\u00e7a de 6 bar. Ideal para sistemas de inje\u00e7\u00e3o sequencial.","breadcrumb":{"@id":"https:\/\/recambiosecogas.com\/pt-pt\/producto\/romano-reductor-ris-14\/#breadcrumb"},"inLanguage":"pt-PT","potentialAction":[{"@type":"ReadAction","target":["https:\/\/recambiosecogas.com\/pt-pt\/producto\/romano-reductor-ris-14\/"]}]},{"@type":"ImageObject","inLanguage":"pt-PT","@id":"https:\/\/recambiosecogas.com\/pt-pt\/producto\/romano-reductor-ris-14\/#primaryimage","url":"https:\/\/recambiosecogas.com\/wp-content\/uploads\/2024\/10\/Romano-reductor-RIS-NEW1-png.webp","contentUrl":"https:\/\/recambiosecogas.com\/wp-content\/uploads\/2024\/10\/Romano-reductor-RIS-NEW1-png.webp","width":1000,"height":1000,"caption":"Redutor romano romano RIS NEW ROMANO \u2014 detalhe"},{"@type":"BreadcrumbList","@id":"https:\/\/recambiosecogas.com\/pt-pt\/producto\/romano-reductor-ris-14\/#breadcrumb","itemListElement":[{"@type":"ListItem","position":1,"name":"P\u00e1gina inicial","item":"https:\/\/recambiosecogas.com\/pt-pt\/"},{"@type":"ListItem","position":2,"name":"Loja","item":"https:\/\/recambiosecogas.com\/pt-pt\/tienda\/"},{"@type":"ListItem","position":3,"name":"Redutor romano RIS\/14"}]},{"@type":"WebSite","@id":"https:\/\/recambiosecogas.com\/pt-pt\/#website","url":"https:\/\/recambiosecogas.com\/pt-pt\/","name":"Recambios EcoGas","description":"Pe\u00e7as multimarca para sistemas de GPL\/GNC\/GNL\/Hidrog\u00e9nio","publisher":{"@id":"https:\/\/recambiosecogas.com\/pt-pt\/#organization"},"alternateName":"Recambios Autogas GLP","potentialAction":[{"@type":"SearchAction","target":{"@type":"EntryPoint","urlTemplate":"https:\/\/recambiosecogas.com\/pt-pt\/?s={search_term_string}"},"query-input":{"@type":"PropertyValueSpecification","valueRequired":true,"valueName":"search_term_string"}}],"inLanguage":"pt-PT"},{"@type":["Organization","Place"],"@id":"https:\/\/recambiosecogas.com\/pt-pt\/#organization","name":"Recambios EcoGas","alternateName":"Loja de GPL Autog\u00e1s Espanha","url":"https:\/\/recambiosecogas.com\/pt-pt\/","logo":{"@id":"https:\/\/recambiosecogas.com\/pt-pt\/producto\/romano-reductor-ris-14\/#local-main-organization-logo"},"image":{"@id":"https:\/\/recambiosecogas.com\/pt-pt\/producto\/romano-reductor-ris-14\/#local-main-organization-logo"},"sameAs":["https:\/\/www.facebook.com\/profile.php?id=100062419705358","https:\/\/www.instagram.com\/segimon_automocio"],"description":"Recambios EcoGas \u2013 Venta y distribuci\u00f3n de sistemas GLP y GNC en Espa\u00f1a y Portugal. Env\u00edos 24 h, soporte t\u00e9cnico a talleres y distribuidores.","hasMerchantReturnPolicy":{"@type":"MerchantReturnPolicy","merchantReturnLink":"https:\/\/recambiosecogas.com\/politicas-privacidad\/"},"address":{"@id":"https:\/\/recambiosecogas.com\/pt-pt\/producto\/romano-reductor-ris-14\/#local-main-place-address"},"telephone":["616250633"],"contactPoint":{"@type":"ContactPoint","email":"export@recambiosecogas.com"},"openingHoursSpecification":[{"@type":"OpeningHoursSpecification","dayOfWeek":["Monday","Tuesday","Wednesday","Thursday","Friday","Saturday","Sunday"],"opens":"09:00","closes":"17:00"}],"email":"info@recambiosecogas.com","faxNumber":"SEGIMON AUTOMOCION SL","vatID":"ESB19819861","globalLocationNumber":"938 616 339"},{"@type":"PostalAddress","@id":"https:\/\/recambiosecogas.com\/pt-pt\/producto\/romano-reductor-ris-14\/#local-main-place-address","streetAddress":"cami antic de vic, 29 (Nave 3), Pol\u00edgono Industrial Congost","addressLocality":"CORRO D`AVALL","postalCode":"08520","addressRegion":"Barcelona","addressCountry":"ES"},{"@type":"ImageObject","inLanguage":"pt-PT","@id":"https:\/\/recambiosecogas.com\/pt-pt\/producto\/romano-reductor-ris-14\/#local-main-organization-logo","url":"https:\/\/recambiosecogas.com\/wp-content\/uploads\/2024\/11\/cropped-RECAMBIOS-GLP-png.webp","contentUrl":"https:\/\/recambiosecogas.com\/wp-content\/uploads\/2024\/11\/cropped-RECAMBIOS-GLP-png.webp","width":512,"height":512,"caption":"Recambios EcoGas"}]},"product_price_amount":"323.75","product_price_currency":"EUR","og_availability":"backorder","product_availability":"available for order","product_retailer_item_id":"106196A","product_condition":"new","geo.placename":"CORRO D`AVALL","geo.region":"Espanha"},"uagb_featured_image_src":{"full":["https:\/\/recambiosecogas.com\/wp-content\/uploads\/2024\/10\/Romano-reductor-RIS-NEW1-png.webp",1000,1000,false],"thumbnail":["https:\/\/recambiosecogas.com\/wp-content\/uploads\/2024\/10\/Romano-reductor-RIS-NEW1-150x150.webp",150,150,true],"medium":["https:\/\/recambiosecogas.com\/wp-content\/uploads\/2024\/10\/Romano-reductor-RIS-NEW1-300x300.webp",300,300,true],"medium_large":["https:\/\/recambiosecogas.com\/wp-content\/uploads\/2024\/10\/Romano-reductor-RIS-NEW1-768x768.webp",768,768,true],"large":["https:\/\/recambiosecogas.com\/wp-content\/uploads\/2024\/10\/Romano-reductor-RIS-NEW1-png.webp",1000,1000,false],"1536x1536":["https:\/\/recambiosecogas.com\/wp-content\/uploads\/2024\/10\/Romano-reductor-RIS-NEW1-png.webp",1000,1000,false],"2048x2048":["https:\/\/recambiosecogas.com\/wp-content\/uploads\/2024\/10\/Romano-reductor-RIS-NEW1-png.webp",1000,1000,false],"woocommerce_archive_thumbnail":["https:\/\/recambiosecogas.com\/wp-content\/uploads\/2024\/10\/Romano-reductor-RIS-NEW1-png.webp",1000,1000,false],"woocommerce_thumbnail":["https:\/\/recambiosecogas.com\/wp-content\/uploads\/2024\/10\/Romano-reductor-RIS-NEW1-png-300x300.webp",300,300,true],"woocommerce_single":["https:\/\/recambiosecogas.com\/wp-content\/uploads\/2024\/10\/Romano-reductor-RIS-NEW1-png.webp",1000,1000,false],"woocommerce_gallery_thumbnail":["https:\/\/recambiosecogas.com\/wp-content\/uploads\/2024\/10\/Romano-reductor-RIS-NEW1-png.webp",1000,1000,false],"dgwt-wcas-product-suggestion":["https:\/\/recambiosecogas.com\/wp-content\/uploads\/2024\/10\/Romano-reductor-RIS-NEW1-png-64x64.webp",64,64,true]},"uagb_author_info":{"display_name":"Fran - Soporte T\u00e9cnico","author_link":"https:\/\/recambiosecogas.com\/pt-pt\/author\/"},"uagb_comment_info":0,"uagb_excerpt":"Redutor romano RIS\/14","_links":{"self":[{"href":"https:\/\/recambiosecogas.com\/pt-pt\/wp-json\/wp\/v2\/product\/35518","targetHints":{"allow":["GET"]}}],"collection":[{"href":"https:\/\/recambiosecogas.com\/pt-pt\/wp-json\/wp\/v2\/product"}],"about":[{"href":"https:\/\/recambiosecogas.com\/pt-pt\/wp-json\/wp\/v2\/types\/product"}],"replies":[{"embeddable":true,"href":"https:\/\/recambiosecogas.com\/pt-pt\/wp-json\/wp\/v2\/comments?post=35518"}],"wp:featuredmedia":[{"embeddable":true,"href":"https:\/\/recambiosecogas.com\/pt-pt\/wp-json\/wp\/v2\/media\/21421"}],"wp:attachment":[{"href":"https:\/\/recambiosecogas.com\/pt-pt\/wp-json\/wp\/v2\/media?parent=35518"}],"wp:term":[{"taxonomy":"product_brand","embeddable":true,"href":"https:\/\/recambiosecogas.com\/pt-pt\/wp-json\/wp\/v2\/product_brand?post=35518"},{"taxonomy":"product_cat","embeddable":true,"href":"https:\/\/recambiosecogas.com\/pt-pt\/wp-json\/wp\/v2\/product_cat?post=35518"},{"taxonomy":"product_tag","embeddable":true,"href":"https:\/\/recambiosecogas.com\/pt-pt\/wp-json\/wp\/v2\/product_tag?post=35518"}],"curies":[{"name":"wp","href":"https:\/\/api.w.org\/{rel}","templated":true}]}}