{"id":35516,"date":"2024-10-19T14:23:48","date_gmt":"2024-10-19T13:23:48","guid":{"rendered":"https:\/\/recambiosecogas.com\/producto\/redutor-romano-ris-novo\/"},"modified":"2026-04-27T09:20:42","modified_gmt":"2026-04-27T08:20:42","slug":"romano-reductor-ris-new","status":"publish","type":"product","link":"https:\/\/recambiosecogas.com\/pt-pt\/producto\/romano-reductor-ris-new\/","title":{"rendered":"Redutor romano RIS NOVO"},"content":{"rendered":"<h3 style=\"text-align: center;\" data-start=\"34\" data-end=\"365\">Redutor romano RIS NOVO<\/h3>\n<p data-start=\"34\" data-end=\"365\"><strong data-start=\"37\" data-end=\"64\">O RIS NEW Roman Reducer<\/strong> \u00e9 um regulador de press\u00e3o <strong data-start=\"95\" data-end=\"102\">de GPL<\/strong> concebido para converter g\u00e1s l\u00edquido em vapor a uma press\u00e3o constante de <strong data-start=\"178\" data-end=\"195\">1,0 \u00b1 0,1 bar<\/strong>. Este modelo est\u00e1 equipado com uma <strong data-start=\"231\" data-end=\"255\">v\u00e1lvula de seguran\u00e7a<\/strong> que se ativa a uma press\u00e3o superior a <strong data-start=\"295\" data-end=\"304\">6 bar<\/strong>, garantindo prote\u00e7\u00e3o e desempenho \u00f3timo do sistema. <\/p>\n<p data-start=\"367\" data-end=\"530\">O seu sistema de aquecimento interno permite uma vaporiza\u00e7\u00e3o eficiente ao manter uma temperatura <strong data-start=\"474\" data-end=\"483\">m\u00ednima de 30 \u00b0C<\/strong>, mesmo em condi\u00e7\u00f5es meteorol\u00f3gicas adversas.<\/p>\n<hr class=\"\" data-start=\"532\" data-end=\"535\">\n<h2 data-start=\"537\" data-end=\"574\"><strong data-start=\"540\" data-end=\"572\">Carater\u00edsticas e vantagens<\/strong><\/h2>\n<ul data-start=\"575\" data-end=\"945\">\n<li data-start=\"575\" data-end=\"657\">\n<p data-start=\"577\" data-end=\"657\"><strong data-start=\"577\" data-end=\"608\">Press\u00e3o constante de sa\u00edda<\/strong> \u2013 1,0 \u00b1 0,1 bar para uma combust\u00e3o eficiente.<\/p>\n<\/li>\n<li data-start=\"658\" data-end=\"732\">\n<p data-start=\"660\" data-end=\"732\"><strong data-start=\"660\" data-end=\"694\">V\u00e1lvula de seguran\u00e7a integrada<\/strong> \u2013 Prote\u00e7\u00e3o contra sobrepress\u00e3o.<\/p>\n<\/li>\n<li data-start=\"733\" data-end=\"788\">\n<p data-start=\"735\" data-end=\"788\"><strong data-start=\"735\" data-end=\"763\">Constru\u00e7\u00e3o em alum\u00ednio<\/strong> \u2013 Leve e resistente.<\/p>\n<\/li>\n<li data-start=\"789\" data-end=\"878\">\n<p data-start=\"791\" data-end=\"878\"><strong data-start=\"791\" data-end=\"825\">Sistema de aquecimento interno<\/strong> \u2013 Vaporiza\u00e7\u00e3o constante em todas as condi\u00e7\u00f5es.<\/p>\n<\/li>\n<li data-start=\"879\" data-end=\"945\">\n<p data-start=\"881\" data-end=\"945\"><strong data-start=\"881\" data-end=\"900\">Design Compacto<\/strong> \u2013 Instala\u00e7\u00e3o f\u00e1cil em espa\u00e7os apertados.<\/p>\n<\/li>\n<\/ul>\n<hr class=\"\" data-start=\"947\" data-end=\"950\">\n<h2 data-start=\"952\" data-end=\"975\"><strong data-start=\"955\" data-end=\"973\">Dados t\u00e9cnicos<\/strong><\/h2>\n<div class=\"overflow-x-auto contain-inline-size\">\n<table data-start=\"977\" data-end=\"1376\">\n<thead data-start=\"977\" data-end=\"1005\">\n<tr data-start=\"977\" data-end=\"1005\">\n<th data-start=\"977\" data-end=\"994\">Especifica\u00e7\u00e3o<\/th>\n<th data-start=\"994\" data-end=\"1005\">Detalhe<\/th>\n<\/tr>\n<\/thead>\n<tbody data-start=\"1034\" data-end=\"1376\">\n<tr data-start=\"1034\" data-end=\"1065\">\n<td><strong data-start=\"1036\" data-end=\"1046\">Modelo<\/strong><\/td>\n<td>Romano RIS NOVO<\/td>\n<\/tr>\n<tr data-start=\"1066\" data-end=\"1093\">\n<td><strong data-start=\"1068\" data-end=\"1080\">Material<\/strong><\/td>\n<td>Alum\u00ednio<\/td>\n<\/tr>\n<tr data-start=\"1094\" data-end=\"1133\">\n<td><strong data-start=\"1096\" data-end=\"1111\">Dimens\u00f5es<\/strong><\/td>\n<td>110 x 92 x 115 mm<\/td>\n<\/tr>\n<tr data-start=\"1134\" data-end=\"1155\">\n<td><strong data-start=\"1136\" data-end=\"1144\">Peso<\/strong><\/td>\n<td>1,4 kg<\/td>\n<\/tr>\n<tr data-start=\"1156\" data-end=\"1197\">\n<td><strong data-start=\"1158\" data-end=\"1187\">Press\u00e3o M\u00e1xima de Trabalho<\/strong><\/td>\n<td>6 compassos<\/td>\n<\/tr>\n<tr data-start=\"1198\" data-end=\"1239\">\n<td><strong data-start=\"1200\" data-end=\"1221\">Press\u00e3o de sa\u00edda<\/strong><\/td>\n<td>1,0 \u00b1 0,1 bar<\/td>\n<\/tr>\n<tr data-start=\"1240\" data-end=\"1289\">\nTemperatura <\/p>\n<td><strong data-start=\"1242\" data-end=\"1268\">de trabalho<\/strong><\/td>\n<td>-20\u00b0C a +120\u00b0C<\/td>\n<\/tr>\n<tr data-start=\"1290\" data-end=\"1335\">\n<td><strong data-start=\"1292\" data-end=\"1311\">Liga\u00e7\u00e3o a g\u00e1s<\/strong><\/td>\n<td>Tubo M10x1 \u00d86 mm<\/td>\n<\/tr>\n<tr data-start=\"1336\" data-end=\"1376\">\n<td><strong data-start=\"1338\" data-end=\"1359\">Pot\u00eancia do Motor<\/strong><\/td>\n<td>At\u00e9 100 kW<\/td>\n<\/tr>\n<\/tbody>\n<\/table>\n<\/div>\n<hr class=\"\" data-start=\"1378\" data-end=\"1381\">\n<h2 data-start=\"1383\" data-end=\"1406\"><strong data-start=\"1386\" data-end=\"1404\">Compatibilidade<\/strong><\/h2>\n<p data-start=\"1407\" data-end=\"1458\">A <strong data-start=\"1410\" data-end=\"1437\">caixa de velocidades romana RIS NEW<\/strong> \u00e9 compat\u00edvel com:<\/p>\n<ul data-start=\"1459\" data-end=\"1540\">\n<li data-start=\"1459\" data-end=\"1506\">\n<p data-start=\"1461\" data-end=\"1506\"><strong data-start=\"1461\" data-end=\"1504\">Sistemas de Inje\u00e7\u00e3o Sequencial de GLP<\/strong><\/p>\n<\/li>\n<li data-start=\"1507\" data-end=\"1540\">\n<p data-start=\"1509\" data-end=\"1540\"><strong data-start=\"1509\" data-end=\"1538\">Ve\u00edculos at\u00e9 100 kW<\/strong><\/p>\n<\/li>\n<\/ul>\n<hr class=\"\" data-start=\"1542\" data-end=\"1545\">\n<h2 data-start=\"1547\" data-end=\"1568\"><strong data-start=\"1550\" data-end=\"1566\">Aplica\u00e7\u00f5es<\/strong><\/h2>\n<ul data-start=\"1569\" data-end=\"1713\">\n<li data-start=\"1569\" data-end=\"1606\">\n<p data-start=\"1571\" data-end=\"1606\"><strong data-start=\"1571\" data-end=\"1604\">Convers\u00e3o de ve\u00edculos para GLP<\/strong><\/p>\n<\/li>\n<li data-start=\"1607\" data-end=\"1659\">\n<p data-start=\"1609\" data-end=\"1659\"><strong data-start=\"1609\" data-end=\"1657\">Otimiza\u00e7\u00e3o de sistemas de inje\u00e7\u00e3o de g\u00e1s<\/strong><\/p>\n<\/li>\n<li data-start=\"1660\" data-end=\"1713\">\n<p data-start=\"1662\" data-end=\"1713\"><strong data-start=\"1662\" data-end=\"1711\">Substitui\u00e7\u00e3o e manuten\u00e7\u00e3o da caixa de velocidades OEM<\/strong><\/p>\n<\/li>\n<\/ul>\n<p><a href=\"https:\/\/recambiosecogas.com\/pt-pt\/categoria-produto\/reguladores-de-pressao\/redutor-glp\/\">OBTENHA MAIS CAIXAS DE VELOCIDADES NO NOSSO SITE<\/a><\/p>\n<p><a href=\"https:\/\/segimonautomocio.com\/\">PARA CONVERS\u00d5ES DE LPG, VISITE O NOSSO WORKSHOP NO SITE<\/a><\/p>\n<p>A caixa de velocidades romana RIS NEW \u00e9 uma solu\u00e7\u00e3o ideal para quem procura otimizar o desempenho dos seus ve\u00edculos a gasolina. Esta caixa de velocidades n\u00e3o s\u00f3 garante uma press\u00e3o de sa\u00edda constante, como tamb\u00e9m facilita a convers\u00e3o para Autog\u00e1s, assegurando um funcionamento eficiente e seguro. O seu design compacto e a v\u00e1lvula de seguran\u00e7a integrada tornam-na uma escolha fi\u00e1vel para sistemas sequenciais de inje\u00e7\u00e3o de GPL, garantindo um fornecimento adequado de combust\u00edvel e melhorando a experi\u00eancia de condu\u00e7\u00e3o.  <\/p>\n","protected":false},"excerpt":{"rendered":"<p>Redutor romano RIS NOVO<\/p>\n","protected":false},"featured_media":21423,"comment_status":"open","ping_status":"closed","template":"","meta":{"_uag_custom_page_level_css":""},"product_brand":[],"product_cat":[1066,1065,1075],"product_tag":[],"class_list":{"0":"post-35516","1":"product","2":"type-product","3":"status-publish","4":"has-post-thumbnail","6":"product_cat-redutor-glp","7":"product_cat-reguladores-de-pressao","8":"product_cat-romano-pt-pt","10":"first","11":"onbackorder","12":"taxable","13":"shipping-taxable","14":"purchasable","15":"product-type-simple"},"ct_brands":[],"yoast_head":"<!-- This site is optimized with the Yoast SEO Premium plugin v27.5 (Yoast SEO v27.5) - https:\/\/yoast.com\/product\/yoast-seo-premium-wordpress\/ -->\n<title>Redutor romano RIS NOVO | Pe\u00e7as sobressalentes Ecogas<\/title>\n<meta name=\"description\" content=\"Redutor romano RIS NEW para sistemas de GPL, com press\u00e3o de sa\u00edda constante e v\u00e1lvula de seguran\u00e7a. Ideal para convers\u00f5es para Autog\u00e1s.\" \/>\n<meta name=\"robots\" content=\"index, follow, max-snippet:-1, max-image-preview:large, max-video-preview:-1\" \/>\n<link rel=\"canonical\" href=\"https:\/\/recambiosecogas.com\/pt-pt\/producto\/romano-reductor-ris-new\/\" \/>\n<meta property=\"og:locale\" content=\"pt_PT\" \/>\n<meta property=\"og:type\" content=\"article\" \/>\n<meta property=\"og:title\" content=\"Redutor romano RIS NOVO\" \/>\n<meta property=\"og:description\" content=\"Redutor romano RIS NEW para sistemas de GPL, com press\u00e3o de sa\u00edda constante e v\u00e1lvula de seguran\u00e7a. Ideal para convers\u00f5es para Autog\u00e1s.\" \/>\n<meta property=\"og:url\" content=\"https:\/\/recambiosecogas.com\/pt-pt\/producto\/romano-reductor-ris-new\/\" \/>\n<meta property=\"og:site_name\" content=\"Recambios EcoGas\" \/>\n<meta property=\"article:publisher\" content=\"https:\/\/www.facebook.com\/profile.php?id=100062419705358\" \/>\n<meta property=\"article:modified_time\" content=\"2026-04-27T08:20:42+00:00\" \/>\n<meta property=\"og:image\" content=\"https:\/\/recambiosecogas.com\/wp-content\/uploads\/2024\/10\/Romano-reductor-RIS-NEW-png.webp\" \/>\n\t<meta property=\"og:image:width\" content=\"1000\" \/>\n\t<meta property=\"og:image:height\" content=\"1000\" \/>\n\t<meta property=\"og:image:type\" content=\"image\/png\" \/>\n<meta name=\"twitter:card\" content=\"summary_large_image\" \/>\n<meta name=\"twitter:label1\" content=\"pre\u00e7o\" \/>\n\t<meta name=\"twitter:data1\" content=\"206,60&nbsp;&euro; (Sin IVA: 170,75&nbsp;&euro;)\" \/>\n\t<meta name=\"twitter:label2\" content=\"Disponibilidade\" \/>\n\t<meta name=\"twitter:data2\" content=\"Por encomenda\" \/>\n<script type=\"application\/ld+json\" class=\"yoast-schema-graph\">{\"@context\":\"https:\\\/\\\/schema.org\",\"@graph\":[{\"@type\":\"WebPage\",\"@id\":\"https:\\\/\\\/recambiosecogas.com\\\/pt-pt\\\/producto\\\/romano-reductor-ris-new\\\/\",\"url\":\"https:\\\/\\\/recambiosecogas.com\\\/pt-pt\\\/producto\\\/romano-reductor-ris-new\\\/\",\"name\":\"Redutor romano RIS NOVO | Pe\u00e7as sobressalentes Ecogas\",\"isPartOf\":{\"@id\":\"https:\\\/\\\/recambiosecogas.com\\\/pt-pt\\\/#website\"},\"primaryImageOfPage\":{\"@id\":\"https:\\\/\\\/recambiosecogas.com\\\/pt-pt\\\/producto\\\/romano-reductor-ris-new\\\/#primaryimage\"},\"image\":{\"@id\":\"https:\\\/\\\/recambiosecogas.com\\\/pt-pt\\\/producto\\\/romano-reductor-ris-new\\\/#primaryimage\"},\"thumbnailUrl\":\"https:\\\/\\\/recambiosecogas.com\\\/wp-content\\\/uploads\\\/2024\\\/10\\\/Romano-reductor-RIS-NEW-png.webp\",\"datePublished\":\"2024-10-19T13:23:48+00:00\",\"dateModified\":\"2026-04-27T08:20:42+00:00\",\"description\":\"Redutor romano RIS NEW para sistemas de GPL, com press\u00e3o de sa\u00edda constante e v\u00e1lvula de seguran\u00e7a. Ideal para convers\u00f5es para Autog\u00e1s.\",\"breadcrumb\":{\"@id\":\"https:\\\/\\\/recambiosecogas.com\\\/pt-pt\\\/producto\\\/romano-reductor-ris-new\\\/#breadcrumb\"},\"inLanguage\":\"pt-PT\",\"potentialAction\":[{\"@type\":\"ReadAction\",\"target\":[\"https:\\\/\\\/recambiosecogas.com\\\/pt-pt\\\/producto\\\/romano-reductor-ris-new\\\/\"]}]},{\"@type\":\"ImageObject\",\"inLanguage\":\"pt-PT\",\"@id\":\"https:\\\/\\\/recambiosecogas.com\\\/pt-pt\\\/producto\\\/romano-reductor-ris-new\\\/#primaryimage\",\"url\":\"https:\\\/\\\/recambiosecogas.com\\\/wp-content\\\/uploads\\\/2024\\\/10\\\/Romano-reductor-RIS-NEW-png.webp\",\"contentUrl\":\"https:\\\/\\\/recambiosecogas.com\\\/wp-content\\\/uploads\\\/2024\\\/10\\\/Romano-reductor-RIS-NEW-png.webp\",\"width\":1000,\"height\":1000,\"caption\":\"Redutor romano RIS NOVO\"},{\"@type\":\"BreadcrumbList\",\"@id\":\"https:\\\/\\\/recambiosecogas.com\\\/pt-pt\\\/producto\\\/romano-reductor-ris-new\\\/#breadcrumb\",\"itemListElement\":[{\"@type\":\"ListItem\",\"position\":1,\"name\":\"P\u00e1gina inicial\",\"item\":\"https:\\\/\\\/recambiosecogas.com\\\/pt-pt\\\/\"},{\"@type\":\"ListItem\",\"position\":2,\"name\":\"Loja\",\"item\":\"https:\\\/\\\/recambiosecogas.com\\\/pt-pt\\\/tienda\\\/\"},{\"@type\":\"ListItem\",\"position\":3,\"name\":\"Redutor romano RIS NOVO\"}]},{\"@type\":\"WebSite\",\"@id\":\"https:\\\/\\\/recambiosecogas.com\\\/pt-pt\\\/#website\",\"url\":\"https:\\\/\\\/recambiosecogas.com\\\/pt-pt\\\/\",\"name\":\"Recambios EcoGas\",\"description\":\"Pe\u00e7as multimarca para sistemas de GPL\\\/GNC\\\/GNL\\\/Hidrog\u00e9nio\",\"publisher\":{\"@id\":\"https:\\\/\\\/recambiosecogas.com\\\/pt-pt\\\/#organization\"},\"alternateName\":\"Recambios Autogas GLP\",\"potentialAction\":[{\"@type\":\"SearchAction\",\"target\":{\"@type\":\"EntryPoint\",\"urlTemplate\":\"https:\\\/\\\/recambiosecogas.com\\\/pt-pt\\\/?s={search_term_string}\"},\"query-input\":{\"@type\":\"PropertyValueSpecification\",\"valueRequired\":true,\"valueName\":\"search_term_string\"}}],\"inLanguage\":\"pt-PT\"},{\"@type\":[\"Organization\",\"Place\"],\"@id\":\"https:\\\/\\\/recambiosecogas.com\\\/pt-pt\\\/#organization\",\"name\":\"Recambios EcoGas\",\"alternateName\":\"Loja de GPL Autog\u00e1s Espanha\",\"url\":\"https:\\\/\\\/recambiosecogas.com\\\/pt-pt\\\/\",\"logo\":{\"@id\":\"https:\\\/\\\/recambiosecogas.com\\\/pt-pt\\\/producto\\\/romano-reductor-ris-new\\\/#local-main-organization-logo\"},\"image\":{\"@id\":\"https:\\\/\\\/recambiosecogas.com\\\/pt-pt\\\/producto\\\/romano-reductor-ris-new\\\/#local-main-organization-logo\"},\"sameAs\":[\"https:\\\/\\\/www.facebook.com\\\/profile.php?id=100062419705358\",\"https:\\\/\\\/www.instagram.com\\\/segimon_automocio\"],\"description\":\"Recambios EcoGas \u2013 Venta y distribuci\u00f3n de sistemas GLP y GNC en Espa\u00f1a y Portugal. Env\u00edos 24 h, soporte t\u00e9cnico a talleres y distribuidores.\",\"hasMerchantReturnPolicy\":{\"@type\":\"MerchantReturnPolicy\",\"merchantReturnLink\":\"https:\\\/\\\/recambiosecogas.com\\\/politicas-privacidad\\\/\"},\"address\":{\"@id\":\"https:\\\/\\\/recambiosecogas.com\\\/pt-pt\\\/producto\\\/romano-reductor-ris-new\\\/#local-main-place-address\"},\"telephone\":[\"616250633\"],\"contactPoint\":{\"@type\":\"ContactPoint\",\"email\":\"export@recambiosecogas.com\"},\"openingHoursSpecification\":[{\"@type\":\"OpeningHoursSpecification\",\"dayOfWeek\":[\"Monday\",\"Tuesday\",\"Wednesday\",\"Thursday\",\"Friday\",\"Saturday\",\"Sunday\"],\"opens\":\"09:00\",\"closes\":\"17:00\"}],\"email\":\"info@recambiosecogas.com\",\"faxNumber\":\"SEGIMON AUTOMOCION SL\",\"vatID\":\"ESB19819861\",\"globalLocationNumber\":\"938 616 339\"},{\"@type\":\"PostalAddress\",\"@id\":\"https:\\\/\\\/recambiosecogas.com\\\/pt-pt\\\/producto\\\/romano-reductor-ris-new\\\/#local-main-place-address\",\"streetAddress\":\"cami antic de vic, 29 (Nave 3), Pol\u00edgono Industrial Congost\",\"addressLocality\":\"CORRO D`AVALL\",\"postalCode\":\"08520\",\"addressRegion\":\"Barcelona\",\"addressCountry\":\"ES\"},{\"@type\":\"ImageObject\",\"inLanguage\":\"pt-PT\",\"@id\":\"https:\\\/\\\/recambiosecogas.com\\\/pt-pt\\\/producto\\\/romano-reductor-ris-new\\\/#local-main-organization-logo\",\"url\":\"https:\\\/\\\/recambiosecogas.com\\\/wp-content\\\/uploads\\\/2024\\\/11\\\/cropped-RECAMBIOS-GLP-png.webp\",\"contentUrl\":\"https:\\\/\\\/recambiosecogas.com\\\/wp-content\\\/uploads\\\/2024\\\/11\\\/cropped-RECAMBIOS-GLP-png.webp\",\"width\":512,\"height\":512,\"caption\":\"Recambios EcoGas\"}]}<\/script>\n<meta property=\"product:price:amount\" content=\"206.60\" \/>\n<meta property=\"product:price:currency\" content=\"EUR\" \/>\n<meta property=\"og:availability\" content=\"backorder\" \/>\n<meta property=\"product:availability\" content=\"available for order\" \/>\n<meta property=\"product:retailer_item_id\" content=\"105315A\" \/>\n<meta property=\"product:condition\" content=\"new\" \/>\n<meta name=\"geo.placename\" content=\"CORRO D`AVALL\" \/>\n<meta name=\"geo.region\" content=\"Espanha\" \/>\n<!-- \/ Yoast SEO Premium plugin. -->","yoast_head_json":{"title":"Redutor romano RIS NOVO | Pe\u00e7as sobressalentes Ecogas","description":"Redutor romano RIS NEW para sistemas de GPL, com press\u00e3o de sa\u00edda constante e v\u00e1lvula de seguran\u00e7a. Ideal para convers\u00f5es para Autog\u00e1s.","robots":{"index":"index","follow":"follow","max-snippet":"max-snippet:-1","max-image-preview":"max-image-preview:large","max-video-preview":"max-video-preview:-1"},"canonical":"https:\/\/recambiosecogas.com\/pt-pt\/producto\/romano-reductor-ris-new\/","og_locale":"pt_PT","og_type":"article","og_title":"Redutor romano RIS NOVO","og_description":"Redutor romano RIS NEW para sistemas de GPL, com press\u00e3o de sa\u00edda constante e v\u00e1lvula de seguran\u00e7a. Ideal para convers\u00f5es para Autog\u00e1s.","og_url":"https:\/\/recambiosecogas.com\/pt-pt\/producto\/romano-reductor-ris-new\/","og_site_name":"Recambios EcoGas","article_publisher":"https:\/\/www.facebook.com\/profile.php?id=100062419705358","article_modified_time":"2026-04-27T08:20:42+00:00","og_image":[{"width":1000,"height":1000,"url":"https:\/\/recambiosecogas.com\/wp-content\/uploads\/2024\/10\/Romano-reductor-RIS-NEW-png.webp","type":"image\/png"}],"twitter_card":"summary_large_image","twitter_misc":{"pre\u00e7o":"206,60&nbsp;&euro; (Sin IVA: 170,75&nbsp;&euro;)","Disponibilidade":"Por encomenda"},"schema":{"@context":"https:\/\/schema.org","@graph":[{"@type":"WebPage","@id":"https:\/\/recambiosecogas.com\/pt-pt\/producto\/romano-reductor-ris-new\/","url":"https:\/\/recambiosecogas.com\/pt-pt\/producto\/romano-reductor-ris-new\/","name":"Redutor romano RIS NOVO | Pe\u00e7as sobressalentes Ecogas","isPartOf":{"@id":"https:\/\/recambiosecogas.com\/pt-pt\/#website"},"primaryImageOfPage":{"@id":"https:\/\/recambiosecogas.com\/pt-pt\/producto\/romano-reductor-ris-new\/#primaryimage"},"image":{"@id":"https:\/\/recambiosecogas.com\/pt-pt\/producto\/romano-reductor-ris-new\/#primaryimage"},"thumbnailUrl":"https:\/\/recambiosecogas.com\/wp-content\/uploads\/2024\/10\/Romano-reductor-RIS-NEW-png.webp","datePublished":"2024-10-19T13:23:48+00:00","dateModified":"2026-04-27T08:20:42+00:00","description":"Redutor romano RIS NEW para sistemas de GPL, com press\u00e3o de sa\u00edda constante e v\u00e1lvula de seguran\u00e7a. Ideal para convers\u00f5es para Autog\u00e1s.","breadcrumb":{"@id":"https:\/\/recambiosecogas.com\/pt-pt\/producto\/romano-reductor-ris-new\/#breadcrumb"},"inLanguage":"pt-PT","potentialAction":[{"@type":"ReadAction","target":["https:\/\/recambiosecogas.com\/pt-pt\/producto\/romano-reductor-ris-new\/"]}]},{"@type":"ImageObject","inLanguage":"pt-PT","@id":"https:\/\/recambiosecogas.com\/pt-pt\/producto\/romano-reductor-ris-new\/#primaryimage","url":"https:\/\/recambiosecogas.com\/wp-content\/uploads\/2024\/10\/Romano-reductor-RIS-NEW-png.webp","contentUrl":"https:\/\/recambiosecogas.com\/wp-content\/uploads\/2024\/10\/Romano-reductor-RIS-NEW-png.webp","width":1000,"height":1000,"caption":"Redutor romano RIS NOVO"},{"@type":"BreadcrumbList","@id":"https:\/\/recambiosecogas.com\/pt-pt\/producto\/romano-reductor-ris-new\/#breadcrumb","itemListElement":[{"@type":"ListItem","position":1,"name":"P\u00e1gina inicial","item":"https:\/\/recambiosecogas.com\/pt-pt\/"},{"@type":"ListItem","position":2,"name":"Loja","item":"https:\/\/recambiosecogas.com\/pt-pt\/tienda\/"},{"@type":"ListItem","position":3,"name":"Redutor romano RIS NOVO"}]},{"@type":"WebSite","@id":"https:\/\/recambiosecogas.com\/pt-pt\/#website","url":"https:\/\/recambiosecogas.com\/pt-pt\/","name":"Recambios EcoGas","description":"Pe\u00e7as multimarca para sistemas de GPL\/GNC\/GNL\/Hidrog\u00e9nio","publisher":{"@id":"https:\/\/recambiosecogas.com\/pt-pt\/#organization"},"alternateName":"Recambios Autogas GLP","potentialAction":[{"@type":"SearchAction","target":{"@type":"EntryPoint","urlTemplate":"https:\/\/recambiosecogas.com\/pt-pt\/?s={search_term_string}"},"query-input":{"@type":"PropertyValueSpecification","valueRequired":true,"valueName":"search_term_string"}}],"inLanguage":"pt-PT"},{"@type":["Organization","Place"],"@id":"https:\/\/recambiosecogas.com\/pt-pt\/#organization","name":"Recambios EcoGas","alternateName":"Loja de GPL Autog\u00e1s Espanha","url":"https:\/\/recambiosecogas.com\/pt-pt\/","logo":{"@id":"https:\/\/recambiosecogas.com\/pt-pt\/producto\/romano-reductor-ris-new\/#local-main-organization-logo"},"image":{"@id":"https:\/\/recambiosecogas.com\/pt-pt\/producto\/romano-reductor-ris-new\/#local-main-organization-logo"},"sameAs":["https:\/\/www.facebook.com\/profile.php?id=100062419705358","https:\/\/www.instagram.com\/segimon_automocio"],"description":"Recambios EcoGas \u2013 Venta y distribuci\u00f3n de sistemas GLP y GNC en Espa\u00f1a y Portugal. Env\u00edos 24 h, soporte t\u00e9cnico a talleres y distribuidores.","hasMerchantReturnPolicy":{"@type":"MerchantReturnPolicy","merchantReturnLink":"https:\/\/recambiosecogas.com\/politicas-privacidad\/"},"address":{"@id":"https:\/\/recambiosecogas.com\/pt-pt\/producto\/romano-reductor-ris-new\/#local-main-place-address"},"telephone":["616250633"],"contactPoint":{"@type":"ContactPoint","email":"export@recambiosecogas.com"},"openingHoursSpecification":[{"@type":"OpeningHoursSpecification","dayOfWeek":["Monday","Tuesday","Wednesday","Thursday","Friday","Saturday","Sunday"],"opens":"09:00","closes":"17:00"}],"email":"info@recambiosecogas.com","faxNumber":"SEGIMON AUTOMOCION SL","vatID":"ESB19819861","globalLocationNumber":"938 616 339"},{"@type":"PostalAddress","@id":"https:\/\/recambiosecogas.com\/pt-pt\/producto\/romano-reductor-ris-new\/#local-main-place-address","streetAddress":"cami antic de vic, 29 (Nave 3), Pol\u00edgono Industrial Congost","addressLocality":"CORRO D`AVALL","postalCode":"08520","addressRegion":"Barcelona","addressCountry":"ES"},{"@type":"ImageObject","inLanguage":"pt-PT","@id":"https:\/\/recambiosecogas.com\/pt-pt\/producto\/romano-reductor-ris-new\/#local-main-organization-logo","url":"https:\/\/recambiosecogas.com\/wp-content\/uploads\/2024\/11\/cropped-RECAMBIOS-GLP-png.webp","contentUrl":"https:\/\/recambiosecogas.com\/wp-content\/uploads\/2024\/11\/cropped-RECAMBIOS-GLP-png.webp","width":512,"height":512,"caption":"Recambios EcoGas"}]},"product_price_amount":"206.60","product_price_currency":"EUR","og_availability":"backorder","product_availability":"available for order","product_retailer_item_id":"105315A","product_condition":"new","geo.placename":"CORRO D`AVALL","geo.region":"Espanha"},"uagb_featured_image_src":{"full":["https:\/\/recambiosecogas.com\/wp-content\/uploads\/2024\/10\/Romano-reductor-RIS-NEW-png.webp",1000,1000,false],"thumbnail":["https:\/\/recambiosecogas.com\/wp-content\/uploads\/2024\/10\/Romano-reductor-RIS-NEW-150x150.webp",150,150,true],"medium":["https:\/\/recambiosecogas.com\/wp-content\/uploads\/2024\/10\/Romano-reductor-RIS-NEW-300x300.webp",300,300,true],"medium_large":["https:\/\/recambiosecogas.com\/wp-content\/uploads\/2024\/10\/Romano-reductor-RIS-NEW-768x768.webp",768,768,true],"large":["https:\/\/recambiosecogas.com\/wp-content\/uploads\/2024\/10\/Romano-reductor-RIS-NEW-png.webp",1000,1000,false],"1536x1536":["https:\/\/recambiosecogas.com\/wp-content\/uploads\/2024\/10\/Romano-reductor-RIS-NEW-png.webp",1000,1000,false],"2048x2048":["https:\/\/recambiosecogas.com\/wp-content\/uploads\/2024\/10\/Romano-reductor-RIS-NEW-png.webp",1000,1000,false],"woocommerce_archive_thumbnail":["https:\/\/recambiosecogas.com\/wp-content\/uploads\/2024\/10\/Romano-reductor-RIS-NEW-png.webp",1000,1000,false],"woocommerce_thumbnail":["https:\/\/recambiosecogas.com\/wp-content\/uploads\/2024\/10\/Romano-reductor-RIS-NEW-png-300x300.webp",300,300,true],"woocommerce_single":["https:\/\/recambiosecogas.com\/wp-content\/uploads\/2024\/10\/Romano-reductor-RIS-NEW-png.webp",1000,1000,false],"woocommerce_gallery_thumbnail":["https:\/\/recambiosecogas.com\/wp-content\/uploads\/2024\/10\/Romano-reductor-RIS-NEW-png.webp",1000,1000,false],"dgwt-wcas-product-suggestion":["https:\/\/recambiosecogas.com\/wp-content\/uploads\/2024\/10\/Romano-reductor-RIS-NEW-png-64x64.webp",64,64,true]},"uagb_author_info":{"display_name":"Fran - Soporte T\u00e9cnico","author_link":"https:\/\/recambiosecogas.com\/pt-pt\/author\/"},"uagb_comment_info":0,"uagb_excerpt":"Redutor romano RIS NOVO","_links":{"self":[{"href":"https:\/\/recambiosecogas.com\/pt-pt\/wp-json\/wp\/v2\/product\/35516","targetHints":{"allow":["GET"]}}],"collection":[{"href":"https:\/\/recambiosecogas.com\/pt-pt\/wp-json\/wp\/v2\/product"}],"about":[{"href":"https:\/\/recambiosecogas.com\/pt-pt\/wp-json\/wp\/v2\/types\/product"}],"replies":[{"embeddable":true,"href":"https:\/\/recambiosecogas.com\/pt-pt\/wp-json\/wp\/v2\/comments?post=35516"}],"wp:featuredmedia":[{"embeddable":true,"href":"https:\/\/recambiosecogas.com\/pt-pt\/wp-json\/wp\/v2\/media\/21423"}],"wp:attachment":[{"href":"https:\/\/recambiosecogas.com\/pt-pt\/wp-json\/wp\/v2\/media?parent=35516"}],"wp:term":[{"taxonomy":"product_brand","embeddable":true,"href":"https:\/\/recambiosecogas.com\/pt-pt\/wp-json\/wp\/v2\/product_brand?post=35516"},{"taxonomy":"product_cat","embeddable":true,"href":"https:\/\/recambiosecogas.com\/pt-pt\/wp-json\/wp\/v2\/product_cat?post=35516"},{"taxonomy":"product_tag","embeddable":true,"href":"https:\/\/recambiosecogas.com\/pt-pt\/wp-json\/wp\/v2\/product_tag?post=35516"}],"curies":[{"name":"wp","href":"https:\/\/api.w.org\/{rel}","templated":true}]}}