{"id":35513,"date":"2024-10-19T14:23:47","date_gmt":"2024-10-19T13:23:47","guid":{"rendered":"https:\/\/recambiosecogas.com\/producto\/caixa-de-velocidades-cpr-lynx-140kw-omvl-cpr\/"},"modified":"2026-04-08T10:28:44","modified_gmt":"2026-04-08T09:28:44","slug":"omvl-reductor-cpr-lynx-hasta-140kw","status":"publish","type":"product","link":"https:\/\/recambiosecogas.com\/pt-pt\/producto\/omvl-reductor-cpr-lynx-hasta-140kw\/","title":{"rendered":"CPR Lynx 140KW OMVL Redutor"},"content":{"rendered":"<h2 style=\"text-align: center;\">CPR Lynx 140KW OMVL Redutor<\/h2>\n<p><strong>N\u00famero de aprova\u00e7\u00e3o E4 67R-01 0281<\/strong><\/p>\n<p class=\"\" data-start=\"34\" data-end=\"461\"><strong data-start=\"37\" data-end=\"70\">O redutor OMVL CPR Lynx de 140 kW<\/strong> \u00e9 um vaporizador de alto desempenho concebido para converter GLP l\u00edquido em fase gasosa a uma press\u00e3o constante de <strong data-start=\"191\" data-end=\"202\">1,4 bar<\/strong>, garantindo combust\u00e3o est\u00e1vel e eficiente em ve\u00edculos at\u00e9 <strong data-start=\"274\" data-end=\"284\">140 kW<\/strong>. Equipado com uma <strong data-start=\"303\" data-end=\"329\">bobina de 12V e 11,7 W<\/strong>, permite uma regula\u00e7\u00e3o precisa da press\u00e3o do g\u00e1s, melhorando o desempenho do motor e otimizando o consumo de combust\u00edvel. <\/p>\n<p class=\"\" data-start=\"463\" data-end=\"724\">A sua constru\u00e7\u00e3o <strong data-start=\"482\" data-end=\"502\">em alum\u00ednio fundido<\/strong> proporciona uma resist\u00eancia excecional e uma longa vida \u00fatil. A caixa de velocidades \u00e9 certificada <strong data-start=\"603\" data-end=\"621\">E4 67R-01 0281<\/strong>, o que garante que cumpre os mais elevados padr\u00f5es de seguran\u00e7a e qualidade nos sistemas de GPL. <\/p>\n<p><strong data-start=\"734\" data-end=\"766\">Carater\u00edsticas e vantagens<\/strong><\/p>\n<ul data-start=\"769\" data-end=\"1179\">\n<li class=\"\" data-start=\"769\" data-end=\"845\">\n<p class=\"\" data-start=\"771\" data-end=\"845\"><strong data-start=\"771\" data-end=\"802\">Press\u00e3o de sa\u00edda constante<\/strong> \u2013 1,4 bar para combust\u00e3o eficiente.<\/p>\n<\/li>\n<li class=\"\" data-start=\"846\" data-end=\"907\">\n<p class=\"\" data-start=\"848\" data-end=\"907\"><strong data-start=\"848\" data-end=\"865\">Bobina 12V<\/strong> \u2013 Controlo preciso da press\u00e3o do g\u00e1s.<\/p>\n<\/li>\n<li class=\"\" data-start=\"908\" data-end=\"993\">\n<p class=\"\" data-start=\"910\" data-end=\"993\"><strong data-start=\"910\" data-end=\"934\">Constru\u00e7\u00e3o robusta<\/strong> \u2013 Alum\u00ednio fundido para resist\u00eancia e durabilidade.<\/p>\n<\/li>\n<li class=\"\" data-start=\"994\" data-end=\"1098\">\n<p class=\"\" data-start=\"996\" data-end=\"1098\"><strong data-start=\"996\" data-end=\"1030\">Sistema de aquecimento interno<\/strong> \u2013 Mant\u00e9m a efici\u00eancia de vaporiza\u00e7\u00e3o em condi\u00e7\u00f5es extremas.<\/p>\n<\/li>\n<li class=\"\" data-start=\"1099\" data-end=\"1179\">\n<p class=\"\" data-start=\"1101\" data-end=\"1179\"><strong data-start=\"1101\" data-end=\"1143\">Compat\u00edvel com motores at\u00e9 140 kW<\/strong> \u2013 Alto desempenho e estabilidade.<\/p>\n<\/li>\n<\/ul>\n<hr class=\"\" data-start=\"1181\" data-end=\"1184\">\n<p><strong data-start=\"1189\" data-end=\"1207\">Dados t\u00e9cnicos<\/strong><\/p>\n<div class=\"overflow-x-auto contain-inline-size\">\n<table data-start=\"1211\" data-end=\"1949\">\n<thead data-start=\"1211\" data-end=\"1270\">\n<tr data-start=\"1211\" data-end=\"1270\">\n<th data-start=\"1211\" data-end=\"1242\">Especifica\u00e7\u00f5es<\/th>\n<th data-start=\"1242\" data-end=\"1270\">Detalhe<\/th>\n<\/tr>\n<\/thead>\n<tbody data-start=\"1330\" data-end=\"1949\">\n<tr data-start=\"1330\" data-end=\"1391\">\n<td><strong data-start=\"1332\" data-end=\"1344\">Material<\/strong><\/td>\n<td>Alum\u00ednio fundido<\/td>\n<\/tr>\n<tr data-start=\"1392\" data-end=\"1453\">\n<td><strong data-start=\"1394\" data-end=\"1402\">Peso<\/strong><\/td>\n<td>1,45 kg<\/td>\n<\/tr>\n<tr data-start=\"1454\" data-end=\"1515\">\n<td><strong data-start=\"1456\" data-end=\"1485\">Press\u00e3o M\u00e1xima de Trabalho<\/strong><\/td>\n<td>2,5 &#8211; 30 bar<\/td>\n<\/tr>\n<tr data-start=\"1516\" data-end=\"1577\">\n<td><strong data-start=\"1518\" data-end=\"1539\">Press\u00e3o de sa\u00edda<\/strong><\/td>\n<td>1,4 bar<\/td>\n<\/tr>\n<tr data-start=\"1578\" data-end=\"1639\">\n<p>Tens\u00e3o <\/p>\n<td><strong data-start=\"1580\" data-end=\"1604\">da bobina<\/strong><\/td>\n<td>12 V CC<\/td>\n<\/tr>\n<tr data-start=\"1640\" data-end=\"1701\">\n<p>Pot\u00eancia <\/p>\n<td><strong data-start=\"1642\" data-end=\"1667\">das bobinas<\/strong><\/td>\n<td>11,7 W<\/td>\n<\/tr>\n<tr data-start=\"1702\" data-end=\"1763\">\n<td><strong data-start=\"1704\" data-end=\"1727\">Liga\u00e7\u00e3o \u00e0 entrada<\/strong><\/td>\n<p> de ar<\/p>\n<td>Cabo M12x1 \u00d88 mm<\/td>\n<\/tr>\n<tr data-start=\"1764\" data-end=\"1825\">\n<td><strong data-start=\"1766\" data-end=\"1788\">Liga\u00e7\u00e3o de sa\u00edda<\/strong><\/td>\n<td>Mangueira \u00d812 mm<\/td>\n<\/tr>\n<tr data-start=\"1826\" data-end=\"1887\">\n<td><strong data-start=\"1828\" data-end=\"1850\">Pot\u00eancia de Sa\u00edda<\/strong><\/td>\n<td>At\u00e9 140 kW<\/td>\n<\/tr>\n<tr data-start=\"1888\" data-end=\"1949\">\n<td><strong data-start=\"1890\" data-end=\"1907\">Certifica\u00e7\u00e3o<\/strong><\/td>\n<td>E4 67R-01 0281<\/td>\n<\/tr>\n<\/tbody>\n<\/table>\n<\/div>\n<hr class=\"\" data-start=\"1951\" data-end=\"1954\">\n<p><strong data-start=\"1959\" data-end=\"1977\">Compatibilidade<\/strong><\/p>\n<p class=\"\" data-start=\"1980\" data-end=\"2037\">A <strong data-start=\"1983\" data-end=\"2016\">caixa de velocidades CPR Lynx OMVL de 140 kW<\/strong> \u00e9 compat\u00edvel com:<\/p>\n<ul data-start=\"2038\" data-end=\"2131\">\n<li class=\"\" data-start=\"2038\" data-end=\"2085\">\n<p class=\"\" data-start=\"2040\" data-end=\"2085\"><strong data-start=\"2040\" data-end=\"2083\">Sistemas de Inje\u00e7\u00e3o Sequencial de GLP<\/strong><\/p>\n<\/li>\n<li class=\"\" data-start=\"2086\" data-end=\"2131\">\n<p class=\"\" data-start=\"2088\" data-end=\"2131\"><strong data-start=\"2088\" data-end=\"2129\">Ve\u00edculos com motores at\u00e9 140 kW<\/strong><\/p>\n<\/li>\n<\/ul>\n<p><a href=\"https:\/\/recambiosecogas.com\/pt-pt\/categoria-produto\/reguladores-de-pressao\/redutor-glp\/\">OBTENHA MAIS CAIXAS DE VELOCIDADES NO NOSSO SITE<\/a><\/p>\n<p><a href=\"https:\/\/segimonautomocio.com\/\">PARA CONVERS\u00d5ES DE LPG, VISITE O NOSSO WORKSHOP NO SITE<\/a><\/p>\n","protected":false},"excerpt":{"rendered":"<p>CPR Lynx 140KW OMVL Redutor N\u00famero de aprova\u00e7\u00e3o E4 67R-01 0281 O redutor OMVL CPR Lynx de 140 kW \u00e9 um vaporizador de alto desempenho concebido para converter GLP l\u00edquido em fase gasosa a uma press\u00e3o constante de 1,4 bar, garantindo combust\u00e3o est\u00e1vel e eficiente em ve\u00edculos at\u00e9 140 kW. Equipado com uma bobina de [&hellip;]<\/p>\n","protected":false},"featured_media":21881,"comment_status":"open","ping_status":"closed","template":"","meta":{"_uag_custom_page_level_css":""},"product_brand":[],"product_cat":[1074,1066,1065],"product_tag":[],"class_list":{"0":"post-35513","1":"product","2":"type-product","3":"status-publish","4":"has-post-thumbnail","6":"product_cat-omvl-pt-pt","7":"product_cat-redutor-glp","8":"product_cat-reguladores-de-pressao","10":"first","11":"onbackorder","12":"taxable","13":"shipping-taxable","14":"purchasable","15":"product-type-simple"},"ct_brands":[],"yoast_head":"<!-- This site is optimized with the Yoast SEO Premium plugin v27.5 (Yoast SEO v27.6) - https:\/\/yoast.com\/product\/yoast-seo-premium-wordpress\/ -->\n<title>CPR Lynx 140KW OMVL Redutor | Recambios EcoGas | Sistemas GLP y GNC<\/title>\n<meta name=\"description\" content=\"Redutor de CPR Lynx de 140 kW para sistemas de GPL. Sa\u00edda de 1,4 bar, bobina de 12V e constru\u00e7\u00e3o robusta em alum\u00ednio. COMPRAR ONLINE\" \/>\n<meta name=\"robots\" content=\"index, follow, max-snippet:-1, max-image-preview:large, max-video-preview:-1\" \/>\n<link rel=\"canonical\" href=\"https:\/\/recambiosecogas.com\/pt-pt\/producto\/omvl-reductor-cpr-lynx-hasta-140kw\/\" \/>\n<meta property=\"og:locale\" content=\"pt_PT\" \/>\n<meta property=\"og:type\" content=\"article\" \/>\n<meta property=\"og:title\" content=\"CPR Lynx 140KW OMVL Redutor\" \/>\n<meta property=\"og:description\" content=\"Redutor de CPR Lynx de 140 kW para sistemas de GPL. Sa\u00edda de 1,4 bar, bobina de 12V e constru\u00e7\u00e3o robusta em alum\u00ednio. COMPRAR ONLINE\" \/>\n<meta property=\"og:url\" content=\"https:\/\/recambiosecogas.com\/pt-pt\/producto\/omvl-reductor-cpr-lynx-hasta-140kw\/\" \/>\n<meta property=\"og:site_name\" content=\"Recambios EcoGas\" \/>\n<meta property=\"article:publisher\" content=\"https:\/\/www.facebook.com\/profile.php?id=100062419705358\" \/>\n<meta property=\"article:modified_time\" content=\"2026-04-08T09:28:44+00:00\" \/>\n<meta property=\"og:image\" content=\"https:\/\/recambiosecogas.com\/wp-content\/uploads\/2024\/10\/OMVL-reductor-CPR-Lynx-hasta-140KW-png.webp\" \/>\n\t<meta property=\"og:image:width\" content=\"1000\" \/>\n\t<meta property=\"og:image:height\" content=\"1000\" \/>\n\t<meta property=\"og:image:type\" content=\"image\/png\" \/>\n<meta name=\"twitter:card\" content=\"summary_large_image\" \/>\n<meta name=\"twitter:label1\" content=\"pre\u00e7o\" \/>\n\t<meta name=\"twitter:data1\" content=\"204,75&nbsp;&euro; (Sin IVA: 169,21&nbsp;&euro;)\" \/>\n\t<meta name=\"twitter:label2\" content=\"Disponibilidade\" \/>\n\t<meta name=\"twitter:data2\" content=\"Por encomenda\" \/>\n<script type=\"application\/ld+json\" class=\"yoast-schema-graph\">{\"@context\":\"https:\\\/\\\/schema.org\",\"@graph\":[{\"@type\":\"WebPage\",\"@id\":\"https:\\\/\\\/recambiosecogas.com\\\/pt-pt\\\/producto\\\/omvl-reductor-cpr-lynx-hasta-140kw\\\/\",\"url\":\"https:\\\/\\\/recambiosecogas.com\\\/pt-pt\\\/producto\\\/omvl-reductor-cpr-lynx-hasta-140kw\\\/\",\"name\":\"CPR Lynx 140KW OMVL Redutor | Recambios EcoGas | Sistemas GLP y GNC\",\"isPartOf\":{\"@id\":\"https:\\\/\\\/recambiosecogas.com\\\/pt-pt\\\/#website\"},\"primaryImageOfPage\":{\"@id\":\"https:\\\/\\\/recambiosecogas.com\\\/pt-pt\\\/producto\\\/omvl-reductor-cpr-lynx-hasta-140kw\\\/#primaryimage\"},\"image\":{\"@id\":\"https:\\\/\\\/recambiosecogas.com\\\/pt-pt\\\/producto\\\/omvl-reductor-cpr-lynx-hasta-140kw\\\/#primaryimage\"},\"thumbnailUrl\":\"https:\\\/\\\/recambiosecogas.com\\\/wp-content\\\/uploads\\\/2024\\\/10\\\/OMVL-reductor-CPR-Lynx-hasta-140KW-png.webp\",\"datePublished\":\"2024-10-19T13:23:47+00:00\",\"dateModified\":\"2026-04-08T09:28:44+00:00\",\"description\":\"Redutor de CPR Lynx de 140 kW para sistemas de GPL. Sa\u00edda de 1,4 bar, bobina de 12V e constru\u00e7\u00e3o robusta em alum\u00ednio. COMPRAR ONLINE\",\"breadcrumb\":{\"@id\":\"https:\\\/\\\/recambiosecogas.com\\\/pt-pt\\\/producto\\\/omvl-reductor-cpr-lynx-hasta-140kw\\\/#breadcrumb\"},\"inLanguage\":\"pt-PT\",\"potentialAction\":[{\"@type\":\"ReadAction\",\"target\":[\"https:\\\/\\\/recambiosecogas.com\\\/pt-pt\\\/producto\\\/omvl-reductor-cpr-lynx-hasta-140kw\\\/\"]}]},{\"@type\":\"ImageObject\",\"inLanguage\":\"pt-PT\",\"@id\":\"https:\\\/\\\/recambiosecogas.com\\\/pt-pt\\\/producto\\\/omvl-reductor-cpr-lynx-hasta-140kw\\\/#primaryimage\",\"url\":\"https:\\\/\\\/recambiosecogas.com\\\/wp-content\\\/uploads\\\/2024\\\/10\\\/OMVL-reductor-CPR-Lynx-hasta-140KW-png.webp\",\"contentUrl\":\"https:\\\/\\\/recambiosecogas.com\\\/wp-content\\\/uploads\\\/2024\\\/10\\\/OMVL-reductor-CPR-Lynx-hasta-140KW-png.webp\",\"width\":1000,\"height\":1000,\"caption\":\"CPR Lynx 140KW OMVL Redutor\"},{\"@type\":\"BreadcrumbList\",\"@id\":\"https:\\\/\\\/recambiosecogas.com\\\/pt-pt\\\/producto\\\/omvl-reductor-cpr-lynx-hasta-140kw\\\/#breadcrumb\",\"itemListElement\":[{\"@type\":\"ListItem\",\"position\":1,\"name\":\"P\u00e1gina inicial\",\"item\":\"https:\\\/\\\/recambiosecogas.com\\\/pt-pt\\\/\"},{\"@type\":\"ListItem\",\"position\":2,\"name\":\"Loja\",\"item\":\"https:\\\/\\\/recambiosecogas.com\\\/pt-pt\\\/tienda\\\/\"},{\"@type\":\"ListItem\",\"position\":3,\"name\":\"CPR Lynx 140KW OMVL Redutor\"}]},{\"@type\":\"WebSite\",\"@id\":\"https:\\\/\\\/recambiosecogas.com\\\/pt-pt\\\/#website\",\"url\":\"https:\\\/\\\/recambiosecogas.com\\\/pt-pt\\\/\",\"name\":\"Recambios EcoGas\",\"description\":\"Pe\u00e7as multimarca para sistemas de GPL\\\/GNC\\\/GNL\\\/Hidrog\u00e9nio\",\"publisher\":{\"@id\":\"https:\\\/\\\/recambiosecogas.com\\\/pt-pt\\\/#organization\"},\"alternateName\":\"Recambios Autogas GLP\",\"potentialAction\":[{\"@type\":\"SearchAction\",\"target\":{\"@type\":\"EntryPoint\",\"urlTemplate\":\"https:\\\/\\\/recambiosecogas.com\\\/pt-pt\\\/?s={search_term_string}\"},\"query-input\":{\"@type\":\"PropertyValueSpecification\",\"valueRequired\":true,\"valueName\":\"search_term_string\"}}],\"inLanguage\":\"pt-PT\"},{\"@type\":[\"Organization\",\"Place\"],\"@id\":\"https:\\\/\\\/recambiosecogas.com\\\/pt-pt\\\/#organization\",\"name\":\"Recambios EcoGas\",\"alternateName\":\"Loja de GPL Autog\u00e1s Espanha\",\"url\":\"https:\\\/\\\/recambiosecogas.com\\\/pt-pt\\\/\",\"logo\":{\"@id\":\"https:\\\/\\\/recambiosecogas.com\\\/pt-pt\\\/producto\\\/omvl-reductor-cpr-lynx-hasta-140kw\\\/#local-main-organization-logo\"},\"image\":{\"@id\":\"https:\\\/\\\/recambiosecogas.com\\\/pt-pt\\\/producto\\\/omvl-reductor-cpr-lynx-hasta-140kw\\\/#local-main-organization-logo\"},\"sameAs\":[\"https:\\\/\\\/www.facebook.com\\\/profile.php?id=100062419705358\",\"https:\\\/\\\/www.instagram.com\\\/segimon_automocio\"],\"description\":\"Recambios EcoGas \u2013 Venta y distribuci\u00f3n de sistemas GLP y GNC en Espa\u00f1a y Portugal. Env\u00edos 24 h, soporte t\u00e9cnico a talleres y distribuidores.\",\"hasMerchantReturnPolicy\":{\"@type\":\"MerchantReturnPolicy\",\"merchantReturnLink\":\"https:\\\/\\\/recambiosecogas.com\\\/politicas-privacidad\\\/\"},\"address\":{\"@id\":\"https:\\\/\\\/recambiosecogas.com\\\/pt-pt\\\/producto\\\/omvl-reductor-cpr-lynx-hasta-140kw\\\/#local-main-place-address\"},\"telephone\":[\"616250633\"],\"contactPoint\":{\"@type\":\"ContactPoint\",\"email\":\"export@recambiosecogas.com\"},\"openingHoursSpecification\":[{\"@type\":\"OpeningHoursSpecification\",\"dayOfWeek\":[\"Monday\",\"Tuesday\",\"Wednesday\",\"Thursday\",\"Friday\",\"Saturday\",\"Sunday\"],\"opens\":\"09:00\",\"closes\":\"17:00\"}],\"email\":\"info@recambiosecogas.com\",\"faxNumber\":\"SEGIMON AUTOMOCION SL\",\"vatID\":\"ESB19819861\",\"globalLocationNumber\":\"938 616 339\"},{\"@type\":\"PostalAddress\",\"@id\":\"https:\\\/\\\/recambiosecogas.com\\\/pt-pt\\\/producto\\\/omvl-reductor-cpr-lynx-hasta-140kw\\\/#local-main-place-address\",\"streetAddress\":\"cami antic de vic, 29 (Nave 3), Pol\u00edgono Industrial Congost\",\"addressLocality\":\"CORRO D`AVALL\",\"postalCode\":\"08520\",\"addressRegion\":\"Barcelona\",\"addressCountry\":\"ES\"},{\"@type\":\"ImageObject\",\"inLanguage\":\"pt-PT\",\"@id\":\"https:\\\/\\\/recambiosecogas.com\\\/pt-pt\\\/producto\\\/omvl-reductor-cpr-lynx-hasta-140kw\\\/#local-main-organization-logo\",\"url\":\"https:\\\/\\\/recambiosecogas.com\\\/wp-content\\\/uploads\\\/2024\\\/11\\\/cropped-RECAMBIOS-GLP-png.webp\",\"contentUrl\":\"https:\\\/\\\/recambiosecogas.com\\\/wp-content\\\/uploads\\\/2024\\\/11\\\/cropped-RECAMBIOS-GLP-png.webp\",\"width\":512,\"height\":512,\"caption\":\"Recambios EcoGas\"}]}<\/script>\n<meta property=\"product:price:amount\" content=\"204.75\" \/>\n<meta property=\"product:price:currency\" content=\"EUR\" \/>\n<meta property=\"og:availability\" content=\"backorder\" \/>\n<meta property=\"product:availability\" content=\"available for order\" \/>\n<meta property=\"product:retailer_item_id\" content=\"105263A\" \/>\n<meta property=\"product:condition\" content=\"new\" \/>\n<meta name=\"geo.placename\" content=\"CORRO D`AVALL\" \/>\n<meta name=\"geo.region\" content=\"Espanha\" \/>\n<!-- \/ Yoast SEO Premium plugin. -->","yoast_head_json":{"title":"CPR Lynx 140KW OMVL Redutor | Recambios EcoGas | Sistemas GLP y GNC","description":"Redutor de CPR Lynx de 140 kW para sistemas de GPL. Sa\u00edda de 1,4 bar, bobina de 12V e constru\u00e7\u00e3o robusta em alum\u00ednio. COMPRAR ONLINE","robots":{"index":"index","follow":"follow","max-snippet":"max-snippet:-1","max-image-preview":"max-image-preview:large","max-video-preview":"max-video-preview:-1"},"canonical":"https:\/\/recambiosecogas.com\/pt-pt\/producto\/omvl-reductor-cpr-lynx-hasta-140kw\/","og_locale":"pt_PT","og_type":"article","og_title":"CPR Lynx 140KW OMVL Redutor","og_description":"Redutor de CPR Lynx de 140 kW para sistemas de GPL. Sa\u00edda de 1,4 bar, bobina de 12V e constru\u00e7\u00e3o robusta em alum\u00ednio. COMPRAR ONLINE","og_url":"https:\/\/recambiosecogas.com\/pt-pt\/producto\/omvl-reductor-cpr-lynx-hasta-140kw\/","og_site_name":"Recambios EcoGas","article_publisher":"https:\/\/www.facebook.com\/profile.php?id=100062419705358","article_modified_time":"2026-04-08T09:28:44+00:00","og_image":[{"width":1000,"height":1000,"url":"https:\/\/recambiosecogas.com\/wp-content\/uploads\/2024\/10\/OMVL-reductor-CPR-Lynx-hasta-140KW-png.webp","type":"image\/png"}],"twitter_card":"summary_large_image","twitter_misc":{"pre\u00e7o":"204,75&nbsp;&euro; (Sin IVA: 169,21&nbsp;&euro;)","Disponibilidade":"Por encomenda"},"schema":{"@context":"https:\/\/schema.org","@graph":[{"@type":"WebPage","@id":"https:\/\/recambiosecogas.com\/pt-pt\/producto\/omvl-reductor-cpr-lynx-hasta-140kw\/","url":"https:\/\/recambiosecogas.com\/pt-pt\/producto\/omvl-reductor-cpr-lynx-hasta-140kw\/","name":"CPR Lynx 140KW OMVL Redutor | Recambios EcoGas | Sistemas GLP y GNC","isPartOf":{"@id":"https:\/\/recambiosecogas.com\/pt-pt\/#website"},"primaryImageOfPage":{"@id":"https:\/\/recambiosecogas.com\/pt-pt\/producto\/omvl-reductor-cpr-lynx-hasta-140kw\/#primaryimage"},"image":{"@id":"https:\/\/recambiosecogas.com\/pt-pt\/producto\/omvl-reductor-cpr-lynx-hasta-140kw\/#primaryimage"},"thumbnailUrl":"https:\/\/recambiosecogas.com\/wp-content\/uploads\/2024\/10\/OMVL-reductor-CPR-Lynx-hasta-140KW-png.webp","datePublished":"2024-10-19T13:23:47+00:00","dateModified":"2026-04-08T09:28:44+00:00","description":"Redutor de CPR Lynx de 140 kW para sistemas de GPL. Sa\u00edda de 1,4 bar, bobina de 12V e constru\u00e7\u00e3o robusta em alum\u00ednio. COMPRAR ONLINE","breadcrumb":{"@id":"https:\/\/recambiosecogas.com\/pt-pt\/producto\/omvl-reductor-cpr-lynx-hasta-140kw\/#breadcrumb"},"inLanguage":"pt-PT","potentialAction":[{"@type":"ReadAction","target":["https:\/\/recambiosecogas.com\/pt-pt\/producto\/omvl-reductor-cpr-lynx-hasta-140kw\/"]}]},{"@type":"ImageObject","inLanguage":"pt-PT","@id":"https:\/\/recambiosecogas.com\/pt-pt\/producto\/omvl-reductor-cpr-lynx-hasta-140kw\/#primaryimage","url":"https:\/\/recambiosecogas.com\/wp-content\/uploads\/2024\/10\/OMVL-reductor-CPR-Lynx-hasta-140KW-png.webp","contentUrl":"https:\/\/recambiosecogas.com\/wp-content\/uploads\/2024\/10\/OMVL-reductor-CPR-Lynx-hasta-140KW-png.webp","width":1000,"height":1000,"caption":"CPR Lynx 140KW OMVL Redutor"},{"@type":"BreadcrumbList","@id":"https:\/\/recambiosecogas.com\/pt-pt\/producto\/omvl-reductor-cpr-lynx-hasta-140kw\/#breadcrumb","itemListElement":[{"@type":"ListItem","position":1,"name":"P\u00e1gina inicial","item":"https:\/\/recambiosecogas.com\/pt-pt\/"},{"@type":"ListItem","position":2,"name":"Loja","item":"https:\/\/recambiosecogas.com\/pt-pt\/tienda\/"},{"@type":"ListItem","position":3,"name":"CPR Lynx 140KW OMVL Redutor"}]},{"@type":"WebSite","@id":"https:\/\/recambiosecogas.com\/pt-pt\/#website","url":"https:\/\/recambiosecogas.com\/pt-pt\/","name":"Recambios EcoGas","description":"Pe\u00e7as multimarca para sistemas de GPL\/GNC\/GNL\/Hidrog\u00e9nio","publisher":{"@id":"https:\/\/recambiosecogas.com\/pt-pt\/#organization"},"alternateName":"Recambios Autogas GLP","potentialAction":[{"@type":"SearchAction","target":{"@type":"EntryPoint","urlTemplate":"https:\/\/recambiosecogas.com\/pt-pt\/?s={search_term_string}"},"query-input":{"@type":"PropertyValueSpecification","valueRequired":true,"valueName":"search_term_string"}}],"inLanguage":"pt-PT"},{"@type":["Organization","Place"],"@id":"https:\/\/recambiosecogas.com\/pt-pt\/#organization","name":"Recambios EcoGas","alternateName":"Loja de GPL Autog\u00e1s Espanha","url":"https:\/\/recambiosecogas.com\/pt-pt\/","logo":{"@id":"https:\/\/recambiosecogas.com\/pt-pt\/producto\/omvl-reductor-cpr-lynx-hasta-140kw\/#local-main-organization-logo"},"image":{"@id":"https:\/\/recambiosecogas.com\/pt-pt\/producto\/omvl-reductor-cpr-lynx-hasta-140kw\/#local-main-organization-logo"},"sameAs":["https:\/\/www.facebook.com\/profile.php?id=100062419705358","https:\/\/www.instagram.com\/segimon_automocio"],"description":"Recambios EcoGas \u2013 Venta y distribuci\u00f3n de sistemas GLP y GNC en Espa\u00f1a y Portugal. Env\u00edos 24 h, soporte t\u00e9cnico a talleres y distribuidores.","hasMerchantReturnPolicy":{"@type":"MerchantReturnPolicy","merchantReturnLink":"https:\/\/recambiosecogas.com\/politicas-privacidad\/"},"address":{"@id":"https:\/\/recambiosecogas.com\/pt-pt\/producto\/omvl-reductor-cpr-lynx-hasta-140kw\/#local-main-place-address"},"telephone":["616250633"],"contactPoint":{"@type":"ContactPoint","email":"export@recambiosecogas.com"},"openingHoursSpecification":[{"@type":"OpeningHoursSpecification","dayOfWeek":["Monday","Tuesday","Wednesday","Thursday","Friday","Saturday","Sunday"],"opens":"09:00","closes":"17:00"}],"email":"info@recambiosecogas.com","faxNumber":"SEGIMON AUTOMOCION SL","vatID":"ESB19819861","globalLocationNumber":"938 616 339"},{"@type":"PostalAddress","@id":"https:\/\/recambiosecogas.com\/pt-pt\/producto\/omvl-reductor-cpr-lynx-hasta-140kw\/#local-main-place-address","streetAddress":"cami antic de vic, 29 (Nave 3), Pol\u00edgono Industrial Congost","addressLocality":"CORRO D`AVALL","postalCode":"08520","addressRegion":"Barcelona","addressCountry":"ES"},{"@type":"ImageObject","inLanguage":"pt-PT","@id":"https:\/\/recambiosecogas.com\/pt-pt\/producto\/omvl-reductor-cpr-lynx-hasta-140kw\/#local-main-organization-logo","url":"https:\/\/recambiosecogas.com\/wp-content\/uploads\/2024\/11\/cropped-RECAMBIOS-GLP-png.webp","contentUrl":"https:\/\/recambiosecogas.com\/wp-content\/uploads\/2024\/11\/cropped-RECAMBIOS-GLP-png.webp","width":512,"height":512,"caption":"Recambios EcoGas"}]},"product_price_amount":"204.75","product_price_currency":"EUR","og_availability":"backorder","product_availability":"available for order","product_retailer_item_id":"105263A","product_condition":"new","geo.placename":"CORRO D`AVALL","geo.region":"Espanha"},"uagb_featured_image_src":{"full":["https:\/\/recambiosecogas.com\/wp-content\/uploads\/2024\/10\/OMVL-reductor-CPR-Lynx-hasta-140KW-png.webp",1000,1000,false],"thumbnail":["https:\/\/recambiosecogas.com\/wp-content\/uploads\/2024\/10\/OMVL-reductor-CPR-Lynx-hasta-140KW-150x150.webp",150,150,true],"medium":["https:\/\/recambiosecogas.com\/wp-content\/uploads\/2024\/10\/OMVL-reductor-CPR-Lynx-hasta-140KW-300x300.webp",300,300,true],"medium_large":["https:\/\/recambiosecogas.com\/wp-content\/uploads\/2024\/10\/OMVL-reductor-CPR-Lynx-hasta-140KW-768x768.webp",768,768,true],"large":["https:\/\/recambiosecogas.com\/wp-content\/uploads\/2024\/10\/OMVL-reductor-CPR-Lynx-hasta-140KW-png.webp",1000,1000,false],"1536x1536":["https:\/\/recambiosecogas.com\/wp-content\/uploads\/2024\/10\/OMVL-reductor-CPR-Lynx-hasta-140KW-png.webp",1000,1000,false],"2048x2048":["https:\/\/recambiosecogas.com\/wp-content\/uploads\/2024\/10\/OMVL-reductor-CPR-Lynx-hasta-140KW-png.webp",1000,1000,false],"woocommerce_archive_thumbnail":["https:\/\/recambiosecogas.com\/wp-content\/uploads\/2024\/10\/OMVL-reductor-CPR-Lynx-hasta-140KW-png.webp",1000,1000,false],"woocommerce_thumbnail":["https:\/\/recambiosecogas.com\/wp-content\/uploads\/2024\/10\/OMVL-reductor-CPR-Lynx-hasta-140KW-png-300x300.webp",300,300,true],"woocommerce_single":["https:\/\/recambiosecogas.com\/wp-content\/uploads\/2024\/10\/OMVL-reductor-CPR-Lynx-hasta-140KW-png.webp",1000,1000,false],"woocommerce_gallery_thumbnail":["https:\/\/recambiosecogas.com\/wp-content\/uploads\/2024\/10\/OMVL-reductor-CPR-Lynx-hasta-140KW-png.webp",1000,1000,false],"dgwt-wcas-product-suggestion":["https:\/\/recambiosecogas.com\/wp-content\/uploads\/2024\/10\/OMVL-reductor-CPR-Lynx-hasta-140KW-png-64x64.webp",64,64,true]},"uagb_author_info":{"display_name":"Fran - Soporte T\u00e9cnico","author_link":"https:\/\/recambiosecogas.com\/pt-pt\/author\/"},"uagb_comment_info":0,"uagb_excerpt":"CPR Lynx 140KW OMVL Redutor N\u00famero de aprova\u00e7\u00e3o E4 67R-01 0281 O redutor OMVL CPR Lynx de 140 kW \u00e9 um vaporizador de alto desempenho concebido para converter GLP l\u00edquido em fase gasosa a uma press\u00e3o constante de 1,4 bar, garantindo combust\u00e3o est\u00e1vel e eficiente em ve\u00edculos at\u00e9 140 kW. Equipado com uma bobina de&hellip;","_links":{"self":[{"href":"https:\/\/recambiosecogas.com\/pt-pt\/wp-json\/wp\/v2\/product\/35513","targetHints":{"allow":["GET"]}}],"collection":[{"href":"https:\/\/recambiosecogas.com\/pt-pt\/wp-json\/wp\/v2\/product"}],"about":[{"href":"https:\/\/recambiosecogas.com\/pt-pt\/wp-json\/wp\/v2\/types\/product"}],"replies":[{"embeddable":true,"href":"https:\/\/recambiosecogas.com\/pt-pt\/wp-json\/wp\/v2\/comments?post=35513"}],"wp:featuredmedia":[{"embeddable":true,"href":"https:\/\/recambiosecogas.com\/pt-pt\/wp-json\/wp\/v2\/media\/21881"}],"wp:attachment":[{"href":"https:\/\/recambiosecogas.com\/pt-pt\/wp-json\/wp\/v2\/media?parent=35513"}],"wp:term":[{"taxonomy":"product_brand","embeddable":true,"href":"https:\/\/recambiosecogas.com\/pt-pt\/wp-json\/wp\/v2\/product_brand?post=35513"},{"taxonomy":"product_cat","embeddable":true,"href":"https:\/\/recambiosecogas.com\/pt-pt\/wp-json\/wp\/v2\/product_cat?post=35513"},{"taxonomy":"product_tag","embeddable":true,"href":"https:\/\/recambiosecogas.com\/pt-pt\/wp-json\/wp\/v2\/product_tag?post=35513"}],"curies":[{"name":"wp","href":"https:\/\/api.w.org\/{rel}","templated":true}]}}