{"id":35506,"date":"2024-10-19T14:23:45","date_gmt":"2024-10-19T13:23:45","guid":{"rendered":"https:\/\/recambiosecogas.com\/producto\/redutor-de-gpl-rgj-3-2l-lovato\/"},"modified":"2026-04-08T10:28:37","modified_gmt":"2026-04-08T09:28:37","slug":"lovato-rgj-3-2l-reductor-hasta-140kw","status":"publish","type":"product","link":"https:\/\/recambiosecogas.com\/pt-pt\/producto\/lovato-rgj-3-2l-reductor-hasta-140kw\/","title":{"rendered":"Redutor de GLP RGJ-3.2L | LOVATO"},"content":{"rendered":"<section>\n<div id=\"layout_content\">\n<div class=\"layout_content_inner cf\">\n<article>\n<div id=\"horizontalTab\" class=\"pd_tabs\">\n<div class=\"resp-tabs-container\">\n<div class=\"pd_description resp-tab-content resp-tab-content-active\" aria-labelledby=\"tab_item-0\">\n<div id=\"layout_wrap\">\n<section>\n<div id=\"layout_content\">\n<div class=\"layout_content_inner cf\">\n<article>\n<div id=\"horizontalTab\" class=\"pd_tabs\">\n<div class=\"resp-tabs-container\">\n<div class=\"pd_description resp-tab-content resp-tab-content-active\" aria-labelledby=\"tab_item-0\">\n<h3 style=\"text-align: center;\">Redutor de GLP RGJ-3.2L | LOVATO<\/h3>\n<p class=\"\" data-start=\"280\" data-end=\"660\"><strong data-start=\"283\" data-end=\"311\">O redutor Lovato RGJ-3.2L \u00e9 um vaporizador de alto desempenho<\/strong> concebido para <strong data-start=\"364\" data-end=\"417\">sistemas sequenciais de inje\u00e7\u00e3o de GPL (Autog\u00e1s<\/strong>). Este modelo \u00e9 feito de <strong data-start=\"449\" data-end=\"469\">alum\u00ednio fundido<\/strong>, que proporciona grande resist\u00eancia mec\u00e2nica, leveza e excelente dissipa\u00e7\u00e3o t\u00e9rmica. O seu design compacto permite uma instala\u00e7\u00e3o f\u00e1cil, mesmo em ve\u00edculos com espa\u00e7o limitado.  <\/p>\n<p class=\"\" data-start=\"662\" data-end=\"946\">Este vaporizador est\u00e1 <strong data-start=\"684\" data-end=\"723\">aprovado ao abrigo da norma ECE 67R-01<\/strong>, que garante a sua fiabilidade, qualidade e seguran\u00e7a para a convers\u00e3o de ve\u00edculos a GLP. Al\u00e9m disso, inclui <strong data-start=\"832\" data-end=\"870\">v\u00e1lvula solen\u00f3ide e filtro integrados<\/strong>, o que reduz componentes adicionais e simplifica a montagem do sistema. <\/p>\n<p class=\"\" data-start=\"948\" data-end=\"1309\">O <strong data-start=\"951\" data-end=\"1012\">RGJ-3.2L pode alimentar motores at\u00e9 240 kW (326 cv)<\/strong> em condi\u00e7\u00f5es ideais de temperatura, tornando-o uma escolha ideal para ve\u00edculos de m\u00e9dia e alta pot\u00eancia. A <strong data-start=\"1120\" data-end=\"1149\">press\u00e3o de sa\u00edda do g\u00e1s<\/strong> \u00e9 ajustada automaticamente de acordo com a press\u00e3o do motor, garantindo um fornecimento preciso, est\u00e1vel e eficiente em qualquer situa\u00e7\u00e3o de condu\u00e7\u00e3o. <\/p>\n<blockquote data-start=\"1311\" data-end=\"1493\">\n<p class=\"\" data-start=\"1313\" data-end=\"1493\"><em><span style=\"color: #ff0000;\"><strong data-start=\"1313\" data-end=\"1321\">Nota:<\/strong><\/span> Em ambientes frios, a efic\u00e1cia do vaporizador pode ser reduzida. Em climas quentes, \u00e9 poss\u00edvel utiliz\u00e1-lo em motores ainda mais potentes sem comprometer o seu desempenho. <\/em><\/p>\n<\/blockquote>\n<h3 class=\"\" data-start=\"1500\" data-end=\"1561\"><strong data-start=\"1504\" data-end=\"1561\">Caracter\u00edsticas t\u00e9cnicas da caixa de velocidades Lovato RGJ-3.2L<\/strong><\/h3>\n<div class=\"overflow-x-auto contain-inline-size\">\n<table data-start=\"1563\" data-end=\"2532\">\n<thead data-start=\"1563\" data-end=\"1627\">\n<tr data-start=\"1563\" data-end=\"1627\">\n<th data-start=\"1563\" data-end=\"1592\">Especifica\u00e7\u00f5es<\/th>\n<th data-start=\"1592\" data-end=\"1627\">Detalhes<\/th>\n<\/tr>\n<\/thead>\n<tbody data-start=\"1692\" data-end=\"2532\">\n<tr data-start=\"1692\" data-end=\"1762\">\n<p>Tipo <\/p>\n<td><strong data-start=\"1694\" data-end=\"1714\">de produto<\/strong><\/td>\n<td>Redutor de GLP para inje\u00e7\u00e3o sequencial<\/td>\n<\/tr>\n<tr data-start=\"1763\" data-end=\"1826\">\n<td><strong data-start=\"1765\" data-end=\"1781\">Aprova\u00e7\u00e3o<\/strong><\/td>\n<td>ECE 67R-01<\/td>\n<\/tr>\n<tr data-start=\"1827\" data-end=\"1889\">\n<td><strong data-start=\"1829\" data-end=\"1841\">Material<\/strong><\/td>\n<td>Alum\u00ednio fundido<\/td>\n<\/tr>\n<tr data-start=\"1890\" data-end=\"1953\">\n<td><strong data-start=\"1892\" data-end=\"1900\">Peso<\/strong><\/td>\n<td>1,39 kg<\/td>\n<\/tr>\n<tr data-start=\"1954\" data-end=\"2017\">\n<td><strong data-start=\"1956\" data-end=\"1971\">Dimens\u00f5es<\/strong><\/td>\n<td>132 x 110 x 137 mm<\/td>\n<\/tr>\n<tr data-start=\"2018\" data-end=\"2084\">\n<td><strong data-start=\"2020\" data-end=\"2041\">Press\u00e3o de sa\u00edda<\/strong><\/td>\n<td>Autom\u00e1tico (valor n\u00e3o especificado)<\/td>\n<\/tr>\n<tr data-start=\"2085\" data-end=\"2148\">\n<td><strong data-start=\"2087\" data-end=\"2109\">Press\u00e3o de entrada<\/strong><\/td>\n<td>N\u00e3o especificado<\/td>\n<\/tr>\n<tr data-start=\"2149\" data-end=\"2212\">\n<p>Tens\u00e3o <\/p>\n<td><strong data-start=\"2151\" data-end=\"2172\">da bobina<\/strong><\/td>\n<td>12 V CC<\/td>\n<\/tr>\n<tr data-start=\"2213\" data-end=\"2276\">\n<p>Pot\u00eancia <\/p>\n<td><strong data-start=\"2215\" data-end=\"2237\">das bobinas<\/strong><\/td>\n<td>15,5 W<\/td>\n<\/tr>\n<tr data-start=\"2277\" data-end=\"2340\">\n<p>Liga\u00e7\u00e3o <\/p>\n<td><strong data-start=\"2279\" data-end=\"2298\">da bobina<\/strong><\/td>\n<td>AMP SUPERSEAL<\/td>\n<\/tr>\n<tr data-start=\"2341\" data-end=\"2404\">\n<td><strong data-start=\"2343\" data-end=\"2366\">Liga\u00e7\u00e3o \u00e0 entrada<\/strong><\/td>\n<p> de ar<\/p>\n<td>M10x1 para tubo de \u00d86 mm<\/td>\n<\/tr>\n<tr data-start=\"2405\" data-end=\"2468\">\n<td><strong data-start=\"2407\" data-end=\"2429\">Liga\u00e7\u00e3o de sa\u00edda<\/strong><\/td>\n<td>Tubo fixo \u00d812 mm<\/td>\n<\/tr>\n<tr data-start=\"2469\" data-end=\"2532\">\n<td><strong data-start=\"2471\" data-end=\"2493\">Energia Suportada<\/strong><\/td>\n<td>At\u00e9 240 kW (326 cv)*<\/td>\n<\/tr>\n<\/tbody>\n<\/table>\n<\/div>\n<p class=\"\" data-start=\"2534\" data-end=\"2630\">*Sem liga\u00e7\u00e3o direta ao motor. Pot\u00eancia m\u00e1xima recomendada em condi\u00e7\u00f5es t\u00e9rmicas favor\u00e1veis. <\/p>\n<\/div>\n<\/div>\n<\/div>\n<\/article>\n<\/div>\n<\/div>\n<\/section>\n<\/div>\n<\/div>\n<\/div>\n<\/div>\n<\/article>\n<\/div>\n<\/div>\n<\/section>\n<p><a href=\"https:\/\/recambiosecogas.com\/pt-pt\/categoria-produto\/reguladores-de-pressao\/redutor-glp\/\">OBTENHA MAIS CAIXAS DE VELOCIDADES NO NOSSO SITE<\/a><\/p>\n<p><a href=\"https:\/\/segimonautomocio.com\/\">PARA CONVERS\u00d5ES DE LPG, VISITE O NOSSO WORKSHOP NO SITE<\/a><\/p>\n","protected":false},"excerpt":{"rendered":"<p>Redutor Lovato RGJ-3.2L at\u00e9 140KW<\/p>\n","protected":false},"featured_media":21911,"comment_status":"open","ping_status":"closed","template":"","meta":{"_uag_custom_page_level_css":""},"product_brand":[],"product_cat":[1067,1066,1065],"product_tag":[],"class_list":{"0":"post-35506","1":"product","2":"type-product","3":"status-publish","4":"has-post-thumbnail","6":"product_cat-lovato-pt-pt","7":"product_cat-redutor-glp","8":"product_cat-reguladores-de-pressao","10":"first","11":"onbackorder","12":"taxable","13":"shipping-taxable","14":"purchasable","15":"product-type-simple"},"ct_brands":[],"yoast_head":"<!-- This site is optimized with the Yoast SEO Premium plugin v27.5 (Yoast SEO v27.6) - https:\/\/yoast.com\/product\/yoast-seo-premium-wordpress\/ -->\n<title>Redutor de GLP RGJ-3.2L | LOVATO | Recambios EcoGas | Sistemas GLP y GNC<\/title>\n<meta name=\"description\" content=\"Redutor de GLP Lovato RGJ-3.2L at\u00e9 240 kW. Alta precis\u00e3o, compacto, com v\u00e1lvula solen\u00f3ide e filtro integrados. Ideal para sistemas de inje\u00e7\u00e3o sequencial.\" \/>\n<meta name=\"robots\" content=\"index, follow, max-snippet:-1, max-image-preview:large, max-video-preview:-1\" \/>\n<link rel=\"canonical\" href=\"https:\/\/recambiosecogas.com\/pt-pt\/producto\/lovato-rgj-3-2l-reductor-hasta-140kw\/\" \/>\n<meta property=\"og:locale\" content=\"pt_PT\" \/>\n<meta property=\"og:type\" content=\"article\" \/>\n<meta property=\"og:title\" content=\"Redutor de GLP RGJ-3.2L | LOVATO\" \/>\n<meta property=\"og:description\" content=\"Redutor de GLP Lovato RGJ-3.2L at\u00e9 240 kW. Alta precis\u00e3o, compacto, com v\u00e1lvula solen\u00f3ide e filtro integrados. Ideal para sistemas de inje\u00e7\u00e3o sequencial.\" \/>\n<meta property=\"og:url\" content=\"https:\/\/recambiosecogas.com\/pt-pt\/producto\/lovato-rgj-3-2l-reductor-hasta-140kw\/\" \/>\n<meta property=\"og:site_name\" content=\"Recambios EcoGas\" \/>\n<meta property=\"article:publisher\" content=\"https:\/\/www.facebook.com\/profile.php?id=100062419705358\" \/>\n<meta property=\"article:modified_time\" content=\"2026-04-08T09:28:37+00:00\" \/>\n<meta property=\"og:image\" content=\"https:\/\/recambiosecogas.com\/wp-content\/uploads\/2024\/10\/Lovato-RGJ-3.2L-reductor-hasta-140KW-png.webp\" \/>\n\t<meta property=\"og:image:width\" content=\"1000\" \/>\n\t<meta property=\"og:image:height\" content=\"1000\" \/>\n\t<meta property=\"og:image:type\" content=\"image\/png\" \/>\n<meta name=\"twitter:card\" content=\"summary_large_image\" \/>\n<meta name=\"twitter:label1\" content=\"pre\u00e7o\" \/>\n\t<meta name=\"twitter:data1\" content=\"137,83&nbsp;&euro; (Sin IVA: 113,91&nbsp;&euro;)\" \/>\n\t<meta name=\"twitter:label2\" content=\"Disponibilidade\" \/>\n\t<meta name=\"twitter:data2\" content=\"Por encomenda\" \/>\n<script type=\"application\/ld+json\" class=\"yoast-schema-graph\">{\"@context\":\"https:\\\/\\\/schema.org\",\"@graph\":[{\"@type\":\"WebPage\",\"@id\":\"https:\\\/\\\/recambiosecogas.com\\\/pt-pt\\\/producto\\\/lovato-rgj-3-2l-reductor-hasta-140kw\\\/\",\"url\":\"https:\\\/\\\/recambiosecogas.com\\\/pt-pt\\\/producto\\\/lovato-rgj-3-2l-reductor-hasta-140kw\\\/\",\"name\":\"Redutor de GLP RGJ-3.2L | LOVATO | Recambios EcoGas | Sistemas GLP y GNC\",\"isPartOf\":{\"@id\":\"https:\\\/\\\/recambiosecogas.com\\\/pt-pt\\\/#website\"},\"primaryImageOfPage\":{\"@id\":\"https:\\\/\\\/recambiosecogas.com\\\/pt-pt\\\/producto\\\/lovato-rgj-3-2l-reductor-hasta-140kw\\\/#primaryimage\"},\"image\":{\"@id\":\"https:\\\/\\\/recambiosecogas.com\\\/pt-pt\\\/producto\\\/lovato-rgj-3-2l-reductor-hasta-140kw\\\/#primaryimage\"},\"thumbnailUrl\":\"https:\\\/\\\/recambiosecogas.com\\\/wp-content\\\/uploads\\\/2024\\\/10\\\/Lovato-RGJ-3.2L-reductor-hasta-140KW-png.webp\",\"datePublished\":\"2024-10-19T13:23:45+00:00\",\"dateModified\":\"2026-04-08T09:28:37+00:00\",\"description\":\"Redutor de GLP Lovato RGJ-3.2L at\u00e9 240 kW. Alta precis\u00e3o, compacto, com v\u00e1lvula solen\u00f3ide e filtro integrados. Ideal para sistemas de inje\u00e7\u00e3o sequencial.\",\"breadcrumb\":{\"@id\":\"https:\\\/\\\/recambiosecogas.com\\\/pt-pt\\\/producto\\\/lovato-rgj-3-2l-reductor-hasta-140kw\\\/#breadcrumb\"},\"inLanguage\":\"pt-PT\",\"potentialAction\":[{\"@type\":\"ReadAction\",\"target\":[\"https:\\\/\\\/recambiosecogas.com\\\/pt-pt\\\/producto\\\/lovato-rgj-3-2l-reductor-hasta-140kw\\\/\"]}]},{\"@type\":\"ImageObject\",\"inLanguage\":\"pt-PT\",\"@id\":\"https:\\\/\\\/recambiosecogas.com\\\/pt-pt\\\/producto\\\/lovato-rgj-3-2l-reductor-hasta-140kw\\\/#primaryimage\",\"url\":\"https:\\\/\\\/recambiosecogas.com\\\/wp-content\\\/uploads\\\/2024\\\/10\\\/Lovato-RGJ-3.2L-reductor-hasta-140KW-png.webp\",\"contentUrl\":\"https:\\\/\\\/recambiosecogas.com\\\/wp-content\\\/uploads\\\/2024\\\/10\\\/Lovato-RGJ-3.2L-reductor-hasta-140KW-png.webp\",\"width\":1000,\"height\":1000,\"caption\":\"Lovato RGJ-3.2L Redutor de GLP\"},{\"@type\":\"BreadcrumbList\",\"@id\":\"https:\\\/\\\/recambiosecogas.com\\\/pt-pt\\\/producto\\\/lovato-rgj-3-2l-reductor-hasta-140kw\\\/#breadcrumb\",\"itemListElement\":[{\"@type\":\"ListItem\",\"position\":1,\"name\":\"P\u00e1gina inicial\",\"item\":\"https:\\\/\\\/recambiosecogas.com\\\/pt-pt\\\/\"},{\"@type\":\"ListItem\",\"position\":2,\"name\":\"Loja\",\"item\":\"https:\\\/\\\/recambiosecogas.com\\\/pt-pt\\\/tienda\\\/\"},{\"@type\":\"ListItem\",\"position\":3,\"name\":\"Redutor de GLP RGJ-3.2L | LOVATO\"}]},{\"@type\":\"WebSite\",\"@id\":\"https:\\\/\\\/recambiosecogas.com\\\/pt-pt\\\/#website\",\"url\":\"https:\\\/\\\/recambiosecogas.com\\\/pt-pt\\\/\",\"name\":\"Recambios EcoGas\",\"description\":\"Pe\u00e7as multimarca para sistemas de GPL\\\/GNC\\\/GNL\\\/Hidrog\u00e9nio\",\"publisher\":{\"@id\":\"https:\\\/\\\/recambiosecogas.com\\\/pt-pt\\\/#organization\"},\"alternateName\":\"Recambios Autogas GLP\",\"potentialAction\":[{\"@type\":\"SearchAction\",\"target\":{\"@type\":\"EntryPoint\",\"urlTemplate\":\"https:\\\/\\\/recambiosecogas.com\\\/pt-pt\\\/?s={search_term_string}\"},\"query-input\":{\"@type\":\"PropertyValueSpecification\",\"valueRequired\":true,\"valueName\":\"search_term_string\"}}],\"inLanguage\":\"pt-PT\"},{\"@type\":[\"Organization\",\"Place\"],\"@id\":\"https:\\\/\\\/recambiosecogas.com\\\/pt-pt\\\/#organization\",\"name\":\"Recambios EcoGas\",\"alternateName\":\"Loja de GPL Autog\u00e1s Espanha\",\"url\":\"https:\\\/\\\/recambiosecogas.com\\\/pt-pt\\\/\",\"logo\":{\"@id\":\"https:\\\/\\\/recambiosecogas.com\\\/pt-pt\\\/producto\\\/lovato-rgj-3-2l-reductor-hasta-140kw\\\/#local-main-organization-logo\"},\"image\":{\"@id\":\"https:\\\/\\\/recambiosecogas.com\\\/pt-pt\\\/producto\\\/lovato-rgj-3-2l-reductor-hasta-140kw\\\/#local-main-organization-logo\"},\"sameAs\":[\"https:\\\/\\\/www.facebook.com\\\/profile.php?id=100062419705358\",\"https:\\\/\\\/www.instagram.com\\\/segimon_automocio\"],\"description\":\"Recambios EcoGas \u2013 Venta y distribuci\u00f3n de sistemas GLP y GNC en Espa\u00f1a y Portugal. Env\u00edos 24 h, soporte t\u00e9cnico a talleres y distribuidores.\",\"hasMerchantReturnPolicy\":{\"@type\":\"MerchantReturnPolicy\",\"merchantReturnLink\":\"https:\\\/\\\/recambiosecogas.com\\\/politicas-privacidad\\\/\"},\"address\":{\"@id\":\"https:\\\/\\\/recambiosecogas.com\\\/pt-pt\\\/producto\\\/lovato-rgj-3-2l-reductor-hasta-140kw\\\/#local-main-place-address\"},\"telephone\":[\"616250633\"],\"contactPoint\":{\"@type\":\"ContactPoint\",\"email\":\"export@recambiosecogas.com\"},\"openingHoursSpecification\":[{\"@type\":\"OpeningHoursSpecification\",\"dayOfWeek\":[\"Monday\",\"Tuesday\",\"Wednesday\",\"Thursday\",\"Friday\",\"Saturday\",\"Sunday\"],\"opens\":\"09:00\",\"closes\":\"17:00\"}],\"email\":\"info@recambiosecogas.com\",\"faxNumber\":\"SEGIMON AUTOMOCION SL\",\"vatID\":\"ESB19819861\",\"globalLocationNumber\":\"938 616 339\"},{\"@type\":\"PostalAddress\",\"@id\":\"https:\\\/\\\/recambiosecogas.com\\\/pt-pt\\\/producto\\\/lovato-rgj-3-2l-reductor-hasta-140kw\\\/#local-main-place-address\",\"streetAddress\":\"cami antic de vic, 29 (Nave 3), Pol\u00edgono Industrial Congost\",\"addressLocality\":\"CORRO D`AVALL\",\"postalCode\":\"08520\",\"addressRegion\":\"Barcelona\",\"addressCountry\":\"ES\"},{\"@type\":\"ImageObject\",\"inLanguage\":\"pt-PT\",\"@id\":\"https:\\\/\\\/recambiosecogas.com\\\/pt-pt\\\/producto\\\/lovato-rgj-3-2l-reductor-hasta-140kw\\\/#local-main-organization-logo\",\"url\":\"https:\\\/\\\/recambiosecogas.com\\\/wp-content\\\/uploads\\\/2024\\\/11\\\/cropped-RECAMBIOS-GLP-png.webp\",\"contentUrl\":\"https:\\\/\\\/recambiosecogas.com\\\/wp-content\\\/uploads\\\/2024\\\/11\\\/cropped-RECAMBIOS-GLP-png.webp\",\"width\":512,\"height\":512,\"caption\":\"Recambios EcoGas\"}]}<\/script>\n<meta property=\"product:price:amount\" content=\"137.83\" \/>\n<meta property=\"product:price:currency\" content=\"EUR\" \/>\n<meta property=\"og:availability\" content=\"backorder\" \/>\n<meta property=\"product:availability\" content=\"available for order\" \/>\n<meta property=\"product:retailer_item_id\" content=\"102526\" \/>\n<meta property=\"product:condition\" content=\"new\" \/>\n<meta name=\"geo.placename\" content=\"CORRO D`AVALL\" \/>\n<meta name=\"geo.region\" content=\"Espanha\" \/>\n<!-- \/ Yoast SEO Premium plugin. -->","yoast_head_json":{"title":"Redutor de GLP RGJ-3.2L | LOVATO | Recambios EcoGas | Sistemas GLP y GNC","description":"Redutor de GLP Lovato RGJ-3.2L at\u00e9 240 kW. Alta precis\u00e3o, compacto, com v\u00e1lvula solen\u00f3ide e filtro integrados. Ideal para sistemas de inje\u00e7\u00e3o sequencial.","robots":{"index":"index","follow":"follow","max-snippet":"max-snippet:-1","max-image-preview":"max-image-preview:large","max-video-preview":"max-video-preview:-1"},"canonical":"https:\/\/recambiosecogas.com\/pt-pt\/producto\/lovato-rgj-3-2l-reductor-hasta-140kw\/","og_locale":"pt_PT","og_type":"article","og_title":"Redutor de GLP RGJ-3.2L | LOVATO","og_description":"Redutor de GLP Lovato RGJ-3.2L at\u00e9 240 kW. Alta precis\u00e3o, compacto, com v\u00e1lvula solen\u00f3ide e filtro integrados. Ideal para sistemas de inje\u00e7\u00e3o sequencial.","og_url":"https:\/\/recambiosecogas.com\/pt-pt\/producto\/lovato-rgj-3-2l-reductor-hasta-140kw\/","og_site_name":"Recambios EcoGas","article_publisher":"https:\/\/www.facebook.com\/profile.php?id=100062419705358","article_modified_time":"2026-04-08T09:28:37+00:00","og_image":[{"width":1000,"height":1000,"url":"https:\/\/recambiosecogas.com\/wp-content\/uploads\/2024\/10\/Lovato-RGJ-3.2L-reductor-hasta-140KW-png.webp","type":"image\/png"}],"twitter_card":"summary_large_image","twitter_misc":{"pre\u00e7o":"137,83&nbsp;&euro; (Sin IVA: 113,91&nbsp;&euro;)","Disponibilidade":"Por encomenda"},"schema":{"@context":"https:\/\/schema.org","@graph":[{"@type":"WebPage","@id":"https:\/\/recambiosecogas.com\/pt-pt\/producto\/lovato-rgj-3-2l-reductor-hasta-140kw\/","url":"https:\/\/recambiosecogas.com\/pt-pt\/producto\/lovato-rgj-3-2l-reductor-hasta-140kw\/","name":"Redutor de GLP RGJ-3.2L | LOVATO | Recambios EcoGas | Sistemas GLP y GNC","isPartOf":{"@id":"https:\/\/recambiosecogas.com\/pt-pt\/#website"},"primaryImageOfPage":{"@id":"https:\/\/recambiosecogas.com\/pt-pt\/producto\/lovato-rgj-3-2l-reductor-hasta-140kw\/#primaryimage"},"image":{"@id":"https:\/\/recambiosecogas.com\/pt-pt\/producto\/lovato-rgj-3-2l-reductor-hasta-140kw\/#primaryimage"},"thumbnailUrl":"https:\/\/recambiosecogas.com\/wp-content\/uploads\/2024\/10\/Lovato-RGJ-3.2L-reductor-hasta-140KW-png.webp","datePublished":"2024-10-19T13:23:45+00:00","dateModified":"2026-04-08T09:28:37+00:00","description":"Redutor de GLP Lovato RGJ-3.2L at\u00e9 240 kW. Alta precis\u00e3o, compacto, com v\u00e1lvula solen\u00f3ide e filtro integrados. Ideal para sistemas de inje\u00e7\u00e3o sequencial.","breadcrumb":{"@id":"https:\/\/recambiosecogas.com\/pt-pt\/producto\/lovato-rgj-3-2l-reductor-hasta-140kw\/#breadcrumb"},"inLanguage":"pt-PT","potentialAction":[{"@type":"ReadAction","target":["https:\/\/recambiosecogas.com\/pt-pt\/producto\/lovato-rgj-3-2l-reductor-hasta-140kw\/"]}]},{"@type":"ImageObject","inLanguage":"pt-PT","@id":"https:\/\/recambiosecogas.com\/pt-pt\/producto\/lovato-rgj-3-2l-reductor-hasta-140kw\/#primaryimage","url":"https:\/\/recambiosecogas.com\/wp-content\/uploads\/2024\/10\/Lovato-RGJ-3.2L-reductor-hasta-140KW-png.webp","contentUrl":"https:\/\/recambiosecogas.com\/wp-content\/uploads\/2024\/10\/Lovato-RGJ-3.2L-reductor-hasta-140KW-png.webp","width":1000,"height":1000,"caption":"Lovato RGJ-3.2L Redutor de GLP"},{"@type":"BreadcrumbList","@id":"https:\/\/recambiosecogas.com\/pt-pt\/producto\/lovato-rgj-3-2l-reductor-hasta-140kw\/#breadcrumb","itemListElement":[{"@type":"ListItem","position":1,"name":"P\u00e1gina inicial","item":"https:\/\/recambiosecogas.com\/pt-pt\/"},{"@type":"ListItem","position":2,"name":"Loja","item":"https:\/\/recambiosecogas.com\/pt-pt\/tienda\/"},{"@type":"ListItem","position":3,"name":"Redutor de GLP RGJ-3.2L | LOVATO"}]},{"@type":"WebSite","@id":"https:\/\/recambiosecogas.com\/pt-pt\/#website","url":"https:\/\/recambiosecogas.com\/pt-pt\/","name":"Recambios EcoGas","description":"Pe\u00e7as multimarca para sistemas de GPL\/GNC\/GNL\/Hidrog\u00e9nio","publisher":{"@id":"https:\/\/recambiosecogas.com\/pt-pt\/#organization"},"alternateName":"Recambios Autogas GLP","potentialAction":[{"@type":"SearchAction","target":{"@type":"EntryPoint","urlTemplate":"https:\/\/recambiosecogas.com\/pt-pt\/?s={search_term_string}"},"query-input":{"@type":"PropertyValueSpecification","valueRequired":true,"valueName":"search_term_string"}}],"inLanguage":"pt-PT"},{"@type":["Organization","Place"],"@id":"https:\/\/recambiosecogas.com\/pt-pt\/#organization","name":"Recambios EcoGas","alternateName":"Loja de GPL Autog\u00e1s Espanha","url":"https:\/\/recambiosecogas.com\/pt-pt\/","logo":{"@id":"https:\/\/recambiosecogas.com\/pt-pt\/producto\/lovato-rgj-3-2l-reductor-hasta-140kw\/#local-main-organization-logo"},"image":{"@id":"https:\/\/recambiosecogas.com\/pt-pt\/producto\/lovato-rgj-3-2l-reductor-hasta-140kw\/#local-main-organization-logo"},"sameAs":["https:\/\/www.facebook.com\/profile.php?id=100062419705358","https:\/\/www.instagram.com\/segimon_automocio"],"description":"Recambios EcoGas \u2013 Venta y distribuci\u00f3n de sistemas GLP y GNC en Espa\u00f1a y Portugal. Env\u00edos 24 h, soporte t\u00e9cnico a talleres y distribuidores.","hasMerchantReturnPolicy":{"@type":"MerchantReturnPolicy","merchantReturnLink":"https:\/\/recambiosecogas.com\/politicas-privacidad\/"},"address":{"@id":"https:\/\/recambiosecogas.com\/pt-pt\/producto\/lovato-rgj-3-2l-reductor-hasta-140kw\/#local-main-place-address"},"telephone":["616250633"],"contactPoint":{"@type":"ContactPoint","email":"export@recambiosecogas.com"},"openingHoursSpecification":[{"@type":"OpeningHoursSpecification","dayOfWeek":["Monday","Tuesday","Wednesday","Thursday","Friday","Saturday","Sunday"],"opens":"09:00","closes":"17:00"}],"email":"info@recambiosecogas.com","faxNumber":"SEGIMON AUTOMOCION SL","vatID":"ESB19819861","globalLocationNumber":"938 616 339"},{"@type":"PostalAddress","@id":"https:\/\/recambiosecogas.com\/pt-pt\/producto\/lovato-rgj-3-2l-reductor-hasta-140kw\/#local-main-place-address","streetAddress":"cami antic de vic, 29 (Nave 3), Pol\u00edgono Industrial Congost","addressLocality":"CORRO D`AVALL","postalCode":"08520","addressRegion":"Barcelona","addressCountry":"ES"},{"@type":"ImageObject","inLanguage":"pt-PT","@id":"https:\/\/recambiosecogas.com\/pt-pt\/producto\/lovato-rgj-3-2l-reductor-hasta-140kw\/#local-main-organization-logo","url":"https:\/\/recambiosecogas.com\/wp-content\/uploads\/2024\/11\/cropped-RECAMBIOS-GLP-png.webp","contentUrl":"https:\/\/recambiosecogas.com\/wp-content\/uploads\/2024\/11\/cropped-RECAMBIOS-GLP-png.webp","width":512,"height":512,"caption":"Recambios EcoGas"}]},"product_price_amount":"137.83","product_price_currency":"EUR","og_availability":"backorder","product_availability":"available for order","product_retailer_item_id":"102526","product_condition":"new","geo.placename":"CORRO D`AVALL","geo.region":"Espanha"},"uagb_featured_image_src":{"full":["https:\/\/recambiosecogas.com\/wp-content\/uploads\/2024\/10\/Lovato-RGJ-3.2L-reductor-hasta-140KW-png.webp",1000,1000,false],"thumbnail":["https:\/\/recambiosecogas.com\/wp-content\/uploads\/2024\/10\/Lovato-RGJ-3.2L-reductor-hasta-140KW-150x150.webp",150,150,true],"medium":["https:\/\/recambiosecogas.com\/wp-content\/uploads\/2024\/10\/Lovato-RGJ-3.2L-reductor-hasta-140KW-300x300.webp",300,300,true],"medium_large":["https:\/\/recambiosecogas.com\/wp-content\/uploads\/2024\/10\/Lovato-RGJ-3.2L-reductor-hasta-140KW-768x768.webp",768,768,true],"large":["https:\/\/recambiosecogas.com\/wp-content\/uploads\/2024\/10\/Lovato-RGJ-3.2L-reductor-hasta-140KW-png.webp",1000,1000,false],"1536x1536":["https:\/\/recambiosecogas.com\/wp-content\/uploads\/2024\/10\/Lovato-RGJ-3.2L-reductor-hasta-140KW-png.webp",1000,1000,false],"2048x2048":["https:\/\/recambiosecogas.com\/wp-content\/uploads\/2024\/10\/Lovato-RGJ-3.2L-reductor-hasta-140KW-png.webp",1000,1000,false],"woocommerce_archive_thumbnail":["https:\/\/recambiosecogas.com\/wp-content\/uploads\/2024\/10\/Lovato-RGJ-3.2L-reductor-hasta-140KW-png.webp",1000,1000,false],"woocommerce_thumbnail":["https:\/\/recambiosecogas.com\/wp-content\/uploads\/2024\/10\/Lovato-RGJ-3.2L-reductor-hasta-140KW-png-300x300.webp",300,300,true],"woocommerce_single":["https:\/\/recambiosecogas.com\/wp-content\/uploads\/2024\/10\/Lovato-RGJ-3.2L-reductor-hasta-140KW-png.webp",1000,1000,false],"woocommerce_gallery_thumbnail":["https:\/\/recambiosecogas.com\/wp-content\/uploads\/2024\/10\/Lovato-RGJ-3.2L-reductor-hasta-140KW-png.webp",1000,1000,false],"dgwt-wcas-product-suggestion":["https:\/\/recambiosecogas.com\/wp-content\/uploads\/2024\/10\/Lovato-RGJ-3.2L-reductor-hasta-140KW-png-64x64.webp",64,64,true]},"uagb_author_info":{"display_name":"Fran - Soporte T\u00e9cnico","author_link":"https:\/\/recambiosecogas.com\/pt-pt\/author\/"},"uagb_comment_info":0,"uagb_excerpt":"Redutor Lovato RGJ-3.2L at\u00e9 140KW","_links":{"self":[{"href":"https:\/\/recambiosecogas.com\/pt-pt\/wp-json\/wp\/v2\/product\/35506","targetHints":{"allow":["GET"]}}],"collection":[{"href":"https:\/\/recambiosecogas.com\/pt-pt\/wp-json\/wp\/v2\/product"}],"about":[{"href":"https:\/\/recambiosecogas.com\/pt-pt\/wp-json\/wp\/v2\/types\/product"}],"replies":[{"embeddable":true,"href":"https:\/\/recambiosecogas.com\/pt-pt\/wp-json\/wp\/v2\/comments?post=35506"}],"wp:featuredmedia":[{"embeddable":true,"href":"https:\/\/recambiosecogas.com\/pt-pt\/wp-json\/wp\/v2\/media\/21911"}],"wp:attachment":[{"href":"https:\/\/recambiosecogas.com\/pt-pt\/wp-json\/wp\/v2\/media?parent=35506"}],"wp:term":[{"taxonomy":"product_brand","embeddable":true,"href":"https:\/\/recambiosecogas.com\/pt-pt\/wp-json\/wp\/v2\/product_brand?post=35506"},{"taxonomy":"product_cat","embeddable":true,"href":"https:\/\/recambiosecogas.com\/pt-pt\/wp-json\/wp\/v2\/product_cat?post=35506"},{"taxonomy":"product_tag","embeddable":true,"href":"https:\/\/recambiosecogas.com\/pt-pt\/wp-json\/wp\/v2\/product_tag?post=35506"}],"curies":[{"name":"wp","href":"https:\/\/api.w.org\/{rel}","templated":true}]}}