{"id":35498,"date":"2024-10-19T14:23:46","date_gmt":"2024-10-19T13:23:46","guid":{"rendered":"https:\/\/recambiosecogas.com\/producto\/caixa-de-velocidades-lovato-rge170-venturi\/"},"modified":"2026-04-08T10:28:44","modified_gmt":"2026-04-08T09:28:44","slug":"lovato-reductor-rge170-90-140kw-venturi","status":"publish","type":"product","link":"https:\/\/recambiosecogas.com\/pt-pt\/producto\/lovato-reductor-rge170-90-140kw-venturi\/","title":{"rendered":"Redutor Lovato RGE170 (venturi)"},"content":{"rendered":"<h2 style=\"text-align: center;\" data-start=\"91\" data-end=\"408\">Redutor Lovato RGE170 90-140KW (venturi)<\/h2>\n<p class=\"\" data-start=\"91\" data-end=\"408\">O <strong data-start=\"94\" data-end=\"120\">redutor Lovato RGE170<\/strong> foi especificamente concebido para sistemas de g\u00e1s <strong data-start=\"172\" data-end=\"183\">Venturi<\/strong> em ve\u00edculos com pot\u00eancia entre <strong data-start=\"223\" data-end=\"238\">90 e 140 kW<\/strong>. Esta caixa monof\u00e1sica \u00e9 aprovada de acordo com <strong data-start=\"296\" data-end=\"315\">a norma E4 67R-01 92006<\/strong>, que garante opera\u00e7\u00e3o segura e eficiente em ve\u00edculos convertidos a <strong data-start=\"398\" data-end=\"405\">GLP<\/strong>. <\/p>\n<p class=\"\" data-start=\"410\" data-end=\"824\">A caixa de velocidades RGE170 oferece um desempenho \u00f3timo em motores de combust\u00e3o interna, garantindo uma entrega est\u00e1vel e precisa de g\u00e1s gra\u00e7as ao seu design especializado para sistemas Venturi. A sua capacidade de regular eficientemente a press\u00e3o de sa\u00edda permite-lhe manter um desempenho consistente em v\u00e1rias condi\u00e7\u00f5es de condu\u00e7\u00e3o, melhorando a resposta do motor e reduzindo o consumo de combust\u00edvel. <\/p>\n<p class=\"\" data-start=\"826\" data-end=\"1127\">Gra\u00e7as ao seu design compacto e leve, o <strong data-start=\"868\" data-end=\"894\">Lovato RGE170 Reducer<\/strong> \u00e9 f\u00e1cil de instalar e compat\u00edvel com uma grande variedade de sistemas de GLP Venturi. \u00c9 feito de <strong data-start=\"999\" data-end=\"1019\">alum\u00ednio fundido<\/strong>, o que lhe confere resist\u00eancia \u00e0 corros\u00e3o e uma longa vida \u00fatil mesmo em condi\u00e7\u00f5es exigentes. <\/p>\n<p class=\"\" data-start=\"1129\" data-end=\"1326\">O <strong data-start=\"1132\" data-end=\"1151\">RGE170 Reducer<\/strong> \u00e9 ideal para ve\u00edculos com sistemas de carburador e Venturi, oferecendo resposta r\u00e1pida e combust\u00e3o otimizada para uma experi\u00eancia de condu\u00e7\u00e3o suave e eficiente.<\/p>\n<h4 data-start=\"480\" data-end=\"504\"><strong data-start=\"484\" data-end=\"502\">Dados t\u00e9cnicos<\/strong><\/h4>\n<div class=\"overflow-x-auto contain-inline-size\">\n<table data-start=\"506\" data-end=\"919\">\n<thead data-start=\"506\" data-end=\"534\">\n<tr data-start=\"506\" data-end=\"534\">\n<th data-start=\"506\" data-end=\"523\">Especifica\u00e7\u00f5es<\/th>\n<th data-start=\"523\" data-end=\"534\">Detalhe<\/th>\n<\/tr>\n<\/thead>\n<tbody data-start=\"563\" data-end=\"919\">\n<tr data-start=\"563\" data-end=\"598\">\n<td><strong data-start=\"565\" data-end=\"577\">Material<\/strong><\/td>\n<td>Alum\u00ednio fundido<\/td>\n<\/tr>\n<tr data-start=\"599\" data-end=\"621\">\n<td><strong data-start=\"601\" data-end=\"609\">Peso<\/strong><\/td>\n<td>1,97 kg<\/td>\n<\/tr>\n<tr data-start=\"622\" data-end=\"662\">\n<td><strong data-start=\"624\" data-end=\"639\">Dimens\u00f5es<\/strong><\/td>\n<td>190 x 115 x 195 mm<\/td>\n<\/tr>\n<tr data-start=\"663\" data-end=\"698\">\n<td><strong data-start=\"665\" data-end=\"686\">Press\u00e3o de sa\u00edda<\/strong><\/td>\n<td>1,2 bar<\/td>\n<\/tr>\n<tr data-start=\"699\" data-end=\"737\">\n<p>Tens\u00e3o <\/p>\n<td><strong data-start=\"701\" data-end=\"725\">da bobina<\/strong><\/td>\n<td>12 V CC<\/td>\n<\/tr>\n<tr data-start=\"738\" data-end=\"774\">\n<p>Pot\u00eancia <\/p>\n<td><strong data-start=\"740\" data-end=\"765\">das bobinas<\/strong><\/td>\n<td>17 W<\/td>\n<\/tr>\n<tr data-start=\"775\" data-end=\"823\">\n<td><strong data-start=\"777\" data-end=\"800\">Liga\u00e7\u00e3o \u00e0 entrada<\/strong><\/td>\n<p> de ar<\/p>\n<td>Tubo M10 \u00d8 6 mm<\/td>\n<\/tr>\n<tr data-start=\"824\" data-end=\"875\">\n<td><strong data-start=\"826\" data-end=\"848\">Liga\u00e7\u00e3o de sa\u00edda<\/strong><\/td>\n<td>Tubo ajust\u00e1vel \u00d8 19 mm<\/td>\n<\/tr>\n<tr data-start=\"876\" data-end=\"919\">\n<td><strong data-start=\"878\" data-end=\"900\">Pot\u00eancia do Motor<\/strong><\/td>\n<td>At\u00e9 140 kW<\/td>\n<\/tr>\n<\/tbody>\n<\/table>\n<p><a href=\"https:\/\/recambiosecogas.com\/pt-pt\/categoria-produto\/reguladores-de-pressao\/redutor-glp\/\">OBTENHA MAIS CAIXAS DE VELOCIDADES NO NOSSO SITE<\/a><\/p>\n<p><a href=\"https:\/\/segimonautomocio.com\/\">PARA CONVERS\u00d5ES DE LPG, VISITE O NOSSO WORKSHOP NO SITE<\/a><\/p>\n<\/div>\n","protected":false},"excerpt":{"rendered":"<p>Redutor Lovato RGE170 90-140KW (venturi) O redutor Lovato RGE170 foi especificamente concebido para sistemas de g\u00e1s Venturi em ve\u00edculos com pot\u00eancia entre 90 e 140 kW. Esta caixa monof\u00e1sica \u00e9 aprovada de acordo com a norma E4 67R-01 92006, que garante opera\u00e7\u00e3o segura e eficiente em ve\u00edculos convertidos a GLP. A caixa de velocidades RGE170 [&hellip;]<\/p>\n","protected":false},"featured_media":21899,"comment_status":"open","ping_status":"closed","template":"","meta":{"_uag_custom_page_level_css":""},"product_brand":[],"product_cat":[1067,1066,1065],"product_tag":[],"class_list":{"0":"post-35498","1":"product","2":"type-product","3":"status-publish","4":"has-post-thumbnail","6":"product_cat-lovato-pt-pt","7":"product_cat-redutor-glp","8":"product_cat-reguladores-de-pressao","10":"first","11":"onbackorder","12":"taxable","13":"shipping-taxable","14":"purchasable","15":"product-type-simple"},"ct_brands":[],"yoast_head":"<!-- This site is optimized with the Yoast SEO Premium plugin v27.5 (Yoast SEO v27.6) - https:\/\/yoast.com\/product\/yoast-seo-premium-wordpress\/ -->\n<title>Redutor Lovato RGE170 (venturi) | Recambios EcoGas | Sistemas GLP y GNC<\/title>\n<meta name=\"description\" content=\"Redutor Lovato RGE170 para sistemas de GLP Venturi. Suporta 90 a 140 kW. Instala\u00e7\u00e3o f\u00e1cil, alta precis\u00e3o e aprova\u00e7\u00e3o E4 67R-01 92006.\" \/>\n<meta name=\"robots\" content=\"index, follow, max-snippet:-1, max-image-preview:large, max-video-preview:-1\" \/>\n<link rel=\"canonical\" href=\"https:\/\/recambiosecogas.com\/pt-pt\/producto\/lovato-reductor-rge170-90-140kw-venturi\/\" \/>\n<meta property=\"og:locale\" content=\"pt_PT\" \/>\n<meta property=\"og:type\" content=\"article\" \/>\n<meta property=\"og:title\" content=\"Redutor Lovato RGE170 (venturi)\" \/>\n<meta property=\"og:description\" content=\"Redutor Lovato RGE170 para sistemas de GLP Venturi. Suporta 90 a 140 kW. Instala\u00e7\u00e3o f\u00e1cil, alta precis\u00e3o e aprova\u00e7\u00e3o E4 67R-01 92006.\" \/>\n<meta property=\"og:url\" content=\"https:\/\/recambiosecogas.com\/pt-pt\/producto\/lovato-reductor-rge170-90-140kw-venturi\/\" \/>\n<meta property=\"og:site_name\" content=\"Recambios EcoGas\" \/>\n<meta property=\"article:publisher\" content=\"https:\/\/www.facebook.com\/profile.php?id=100062419705358\" \/>\n<meta property=\"article:modified_time\" content=\"2026-04-08T09:28:44+00:00\" \/>\n<meta property=\"og:image\" content=\"https:\/\/recambiosecogas.com\/wp-content\/uploads\/2024\/10\/Lovato-reductor-RGE170-90-140KW-venturi-png.webp\" \/>\n\t<meta property=\"og:image:width\" content=\"1000\" \/>\n\t<meta property=\"og:image:height\" content=\"1000\" \/>\n\t<meta property=\"og:image:type\" content=\"image\/png\" \/>\n<meta name=\"twitter:card\" content=\"summary_large_image\" \/>\n<meta name=\"twitter:label1\" content=\"pre\u00e7o\" \/>\n\t<meta name=\"twitter:data1\" content=\"101,55&nbsp;&euro; (Sin IVA: 83,93&nbsp;&euro;)\" \/>\n\t<meta name=\"twitter:label2\" content=\"Disponibilidade\" \/>\n\t<meta name=\"twitter:data2\" content=\"Por encomenda\" \/>\n<script type=\"application\/ld+json\" class=\"yoast-schema-graph\">{\"@context\":\"https:\\\/\\\/schema.org\",\"@graph\":[{\"@type\":\"WebPage\",\"@id\":\"https:\\\/\\\/recambiosecogas.com\\\/pt-pt\\\/producto\\\/lovato-reductor-rge170-90-140kw-venturi\\\/\",\"url\":\"https:\\\/\\\/recambiosecogas.com\\\/pt-pt\\\/producto\\\/lovato-reductor-rge170-90-140kw-venturi\\\/\",\"name\":\"Redutor Lovato RGE170 (venturi) | Recambios EcoGas | Sistemas GLP y GNC\",\"isPartOf\":{\"@id\":\"https:\\\/\\\/recambiosecogas.com\\\/pt-pt\\\/#website\"},\"primaryImageOfPage\":{\"@id\":\"https:\\\/\\\/recambiosecogas.com\\\/pt-pt\\\/producto\\\/lovato-reductor-rge170-90-140kw-venturi\\\/#primaryimage\"},\"image\":{\"@id\":\"https:\\\/\\\/recambiosecogas.com\\\/pt-pt\\\/producto\\\/lovato-reductor-rge170-90-140kw-venturi\\\/#primaryimage\"},\"thumbnailUrl\":\"https:\\\/\\\/recambiosecogas.com\\\/wp-content\\\/uploads\\\/2024\\\/10\\\/Lovato-reductor-RGE170-90-140KW-venturi-png.webp\",\"datePublished\":\"2024-10-19T13:23:46+00:00\",\"dateModified\":\"2026-04-08T09:28:44+00:00\",\"description\":\"Redutor Lovato RGE170 para sistemas de GLP Venturi. Suporta 90 a 140 kW. Instala\u00e7\u00e3o f\u00e1cil, alta precis\u00e3o e aprova\u00e7\u00e3o E4 67R-01 92006.\",\"breadcrumb\":{\"@id\":\"https:\\\/\\\/recambiosecogas.com\\\/pt-pt\\\/producto\\\/lovato-reductor-rge170-90-140kw-venturi\\\/#breadcrumb\"},\"inLanguage\":\"pt-PT\",\"potentialAction\":[{\"@type\":\"ReadAction\",\"target\":[\"https:\\\/\\\/recambiosecogas.com\\\/pt-pt\\\/producto\\\/lovato-reductor-rge170-90-140kw-venturi\\\/\"]}]},{\"@type\":\"ImageObject\",\"inLanguage\":\"pt-PT\",\"@id\":\"https:\\\/\\\/recambiosecogas.com\\\/pt-pt\\\/producto\\\/lovato-reductor-rge170-90-140kw-venturi\\\/#primaryimage\",\"url\":\"https:\\\/\\\/recambiosecogas.com\\\/wp-content\\\/uploads\\\/2024\\\/10\\\/Lovato-reductor-RGE170-90-140KW-venturi-png.webp\",\"contentUrl\":\"https:\\\/\\\/recambiosecogas.com\\\/wp-content\\\/uploads\\\/2024\\\/10\\\/Lovato-reductor-RGE170-90-140KW-venturi-png.webp\",\"width\":1000,\"height\":1000,\"caption\":\"Redutor Lovato RGE170 (venturi)\"},{\"@type\":\"BreadcrumbList\",\"@id\":\"https:\\\/\\\/recambiosecogas.com\\\/pt-pt\\\/producto\\\/lovato-reductor-rge170-90-140kw-venturi\\\/#breadcrumb\",\"itemListElement\":[{\"@type\":\"ListItem\",\"position\":1,\"name\":\"P\u00e1gina inicial\",\"item\":\"https:\\\/\\\/recambiosecogas.com\\\/pt-pt\\\/\"},{\"@type\":\"ListItem\",\"position\":2,\"name\":\"Loja\",\"item\":\"https:\\\/\\\/recambiosecogas.com\\\/pt-pt\\\/tienda\\\/\"},{\"@type\":\"ListItem\",\"position\":3,\"name\":\"Redutor Lovato RGE170 (venturi)\"}]},{\"@type\":\"WebSite\",\"@id\":\"https:\\\/\\\/recambiosecogas.com\\\/pt-pt\\\/#website\",\"url\":\"https:\\\/\\\/recambiosecogas.com\\\/pt-pt\\\/\",\"name\":\"Recambios EcoGas\",\"description\":\"Pe\u00e7as multimarca para sistemas de GPL\\\/GNC\\\/GNL\\\/Hidrog\u00e9nio\",\"publisher\":{\"@id\":\"https:\\\/\\\/recambiosecogas.com\\\/pt-pt\\\/#organization\"},\"alternateName\":\"Recambios Autogas GLP\",\"potentialAction\":[{\"@type\":\"SearchAction\",\"target\":{\"@type\":\"EntryPoint\",\"urlTemplate\":\"https:\\\/\\\/recambiosecogas.com\\\/pt-pt\\\/?s={search_term_string}\"},\"query-input\":{\"@type\":\"PropertyValueSpecification\",\"valueRequired\":true,\"valueName\":\"search_term_string\"}}],\"inLanguage\":\"pt-PT\"},{\"@type\":[\"Organization\",\"Place\"],\"@id\":\"https:\\\/\\\/recambiosecogas.com\\\/pt-pt\\\/#organization\",\"name\":\"Recambios EcoGas\",\"alternateName\":\"Loja de GPL Autog\u00e1s Espanha\",\"url\":\"https:\\\/\\\/recambiosecogas.com\\\/pt-pt\\\/\",\"logo\":{\"@id\":\"https:\\\/\\\/recambiosecogas.com\\\/pt-pt\\\/producto\\\/lovato-reductor-rge170-90-140kw-venturi\\\/#local-main-organization-logo\"},\"image\":{\"@id\":\"https:\\\/\\\/recambiosecogas.com\\\/pt-pt\\\/producto\\\/lovato-reductor-rge170-90-140kw-venturi\\\/#local-main-organization-logo\"},\"sameAs\":[\"https:\\\/\\\/www.facebook.com\\\/profile.php?id=100062419705358\",\"https:\\\/\\\/www.instagram.com\\\/segimon_automocio\"],\"description\":\"Recambios EcoGas \u2013 Venta y distribuci\u00f3n de sistemas GLP y GNC en Espa\u00f1a y Portugal. Env\u00edos 24 h, soporte t\u00e9cnico a talleres y distribuidores.\",\"hasMerchantReturnPolicy\":{\"@type\":\"MerchantReturnPolicy\",\"merchantReturnLink\":\"https:\\\/\\\/recambiosecogas.com\\\/politicas-privacidad\\\/\"},\"address\":{\"@id\":\"https:\\\/\\\/recambiosecogas.com\\\/pt-pt\\\/producto\\\/lovato-reductor-rge170-90-140kw-venturi\\\/#local-main-place-address\"},\"telephone\":[\"616250633\"],\"contactPoint\":{\"@type\":\"ContactPoint\",\"email\":\"export@recambiosecogas.com\"},\"openingHoursSpecification\":[{\"@type\":\"OpeningHoursSpecification\",\"dayOfWeek\":[\"Monday\",\"Tuesday\",\"Wednesday\",\"Thursday\",\"Friday\",\"Saturday\",\"Sunday\"],\"opens\":\"09:00\",\"closes\":\"17:00\"}],\"email\":\"info@recambiosecogas.com\",\"faxNumber\":\"SEGIMON AUTOMOCION SL\",\"vatID\":\"ESB19819861\",\"globalLocationNumber\":\"938 616 339\"},{\"@type\":\"PostalAddress\",\"@id\":\"https:\\\/\\\/recambiosecogas.com\\\/pt-pt\\\/producto\\\/lovato-reductor-rge170-90-140kw-venturi\\\/#local-main-place-address\",\"streetAddress\":\"cami antic de vic, 29 (Nave 3), Pol\u00edgono Industrial Congost\",\"addressLocality\":\"CORRO D`AVALL\",\"postalCode\":\"08520\",\"addressRegion\":\"Barcelona\",\"addressCountry\":\"ES\"},{\"@type\":\"ImageObject\",\"inLanguage\":\"pt-PT\",\"@id\":\"https:\\\/\\\/recambiosecogas.com\\\/pt-pt\\\/producto\\\/lovato-reductor-rge170-90-140kw-venturi\\\/#local-main-organization-logo\",\"url\":\"https:\\\/\\\/recambiosecogas.com\\\/wp-content\\\/uploads\\\/2024\\\/11\\\/cropped-RECAMBIOS-GLP-png.webp\",\"contentUrl\":\"https:\\\/\\\/recambiosecogas.com\\\/wp-content\\\/uploads\\\/2024\\\/11\\\/cropped-RECAMBIOS-GLP-png.webp\",\"width\":512,\"height\":512,\"caption\":\"Recambios EcoGas\"}]}<\/script>\n<meta property=\"product:price:amount\" content=\"101.55\" \/>\n<meta property=\"product:price:currency\" content=\"EUR\" \/>\n<meta property=\"og:availability\" content=\"backorder\" \/>\n<meta property=\"product:availability\" content=\"available for order\" \/>\n<meta property=\"product:retailer_item_id\" content=\"104671\" \/>\n<meta property=\"product:condition\" content=\"new\" \/>\n<meta name=\"geo.placename\" content=\"CORRO D`AVALL\" \/>\n<meta name=\"geo.region\" content=\"Espanha\" \/>\n<!-- \/ Yoast SEO Premium plugin. -->","yoast_head_json":{"title":"Redutor Lovato RGE170 (venturi) | Recambios EcoGas | Sistemas GLP y GNC","description":"Redutor Lovato RGE170 para sistemas de GLP Venturi. Suporta 90 a 140 kW. Instala\u00e7\u00e3o f\u00e1cil, alta precis\u00e3o e aprova\u00e7\u00e3o E4 67R-01 92006.","robots":{"index":"index","follow":"follow","max-snippet":"max-snippet:-1","max-image-preview":"max-image-preview:large","max-video-preview":"max-video-preview:-1"},"canonical":"https:\/\/recambiosecogas.com\/pt-pt\/producto\/lovato-reductor-rge170-90-140kw-venturi\/","og_locale":"pt_PT","og_type":"article","og_title":"Redutor Lovato RGE170 (venturi)","og_description":"Redutor Lovato RGE170 para sistemas de GLP Venturi. Suporta 90 a 140 kW. Instala\u00e7\u00e3o f\u00e1cil, alta precis\u00e3o e aprova\u00e7\u00e3o E4 67R-01 92006.","og_url":"https:\/\/recambiosecogas.com\/pt-pt\/producto\/lovato-reductor-rge170-90-140kw-venturi\/","og_site_name":"Recambios EcoGas","article_publisher":"https:\/\/www.facebook.com\/profile.php?id=100062419705358","article_modified_time":"2026-04-08T09:28:44+00:00","og_image":[{"width":1000,"height":1000,"url":"https:\/\/recambiosecogas.com\/wp-content\/uploads\/2024\/10\/Lovato-reductor-RGE170-90-140KW-venturi-png.webp","type":"image\/png"}],"twitter_card":"summary_large_image","twitter_misc":{"pre\u00e7o":"101,55&nbsp;&euro; (Sin IVA: 83,93&nbsp;&euro;)","Disponibilidade":"Por encomenda"},"schema":{"@context":"https:\/\/schema.org","@graph":[{"@type":"WebPage","@id":"https:\/\/recambiosecogas.com\/pt-pt\/producto\/lovato-reductor-rge170-90-140kw-venturi\/","url":"https:\/\/recambiosecogas.com\/pt-pt\/producto\/lovato-reductor-rge170-90-140kw-venturi\/","name":"Redutor Lovato RGE170 (venturi) | Recambios EcoGas | Sistemas GLP y GNC","isPartOf":{"@id":"https:\/\/recambiosecogas.com\/pt-pt\/#website"},"primaryImageOfPage":{"@id":"https:\/\/recambiosecogas.com\/pt-pt\/producto\/lovato-reductor-rge170-90-140kw-venturi\/#primaryimage"},"image":{"@id":"https:\/\/recambiosecogas.com\/pt-pt\/producto\/lovato-reductor-rge170-90-140kw-venturi\/#primaryimage"},"thumbnailUrl":"https:\/\/recambiosecogas.com\/wp-content\/uploads\/2024\/10\/Lovato-reductor-RGE170-90-140KW-venturi-png.webp","datePublished":"2024-10-19T13:23:46+00:00","dateModified":"2026-04-08T09:28:44+00:00","description":"Redutor Lovato RGE170 para sistemas de GLP Venturi. Suporta 90 a 140 kW. Instala\u00e7\u00e3o f\u00e1cil, alta precis\u00e3o e aprova\u00e7\u00e3o E4 67R-01 92006.","breadcrumb":{"@id":"https:\/\/recambiosecogas.com\/pt-pt\/producto\/lovato-reductor-rge170-90-140kw-venturi\/#breadcrumb"},"inLanguage":"pt-PT","potentialAction":[{"@type":"ReadAction","target":["https:\/\/recambiosecogas.com\/pt-pt\/producto\/lovato-reductor-rge170-90-140kw-venturi\/"]}]},{"@type":"ImageObject","inLanguage":"pt-PT","@id":"https:\/\/recambiosecogas.com\/pt-pt\/producto\/lovato-reductor-rge170-90-140kw-venturi\/#primaryimage","url":"https:\/\/recambiosecogas.com\/wp-content\/uploads\/2024\/10\/Lovato-reductor-RGE170-90-140KW-venturi-png.webp","contentUrl":"https:\/\/recambiosecogas.com\/wp-content\/uploads\/2024\/10\/Lovato-reductor-RGE170-90-140KW-venturi-png.webp","width":1000,"height":1000,"caption":"Redutor Lovato RGE170 (venturi)"},{"@type":"BreadcrumbList","@id":"https:\/\/recambiosecogas.com\/pt-pt\/producto\/lovato-reductor-rge170-90-140kw-venturi\/#breadcrumb","itemListElement":[{"@type":"ListItem","position":1,"name":"P\u00e1gina inicial","item":"https:\/\/recambiosecogas.com\/pt-pt\/"},{"@type":"ListItem","position":2,"name":"Loja","item":"https:\/\/recambiosecogas.com\/pt-pt\/tienda\/"},{"@type":"ListItem","position":3,"name":"Redutor Lovato RGE170 (venturi)"}]},{"@type":"WebSite","@id":"https:\/\/recambiosecogas.com\/pt-pt\/#website","url":"https:\/\/recambiosecogas.com\/pt-pt\/","name":"Recambios EcoGas","description":"Pe\u00e7as multimarca para sistemas de GPL\/GNC\/GNL\/Hidrog\u00e9nio","publisher":{"@id":"https:\/\/recambiosecogas.com\/pt-pt\/#organization"},"alternateName":"Recambios Autogas GLP","potentialAction":[{"@type":"SearchAction","target":{"@type":"EntryPoint","urlTemplate":"https:\/\/recambiosecogas.com\/pt-pt\/?s={search_term_string}"},"query-input":{"@type":"PropertyValueSpecification","valueRequired":true,"valueName":"search_term_string"}}],"inLanguage":"pt-PT"},{"@type":["Organization","Place"],"@id":"https:\/\/recambiosecogas.com\/pt-pt\/#organization","name":"Recambios EcoGas","alternateName":"Loja de GPL Autog\u00e1s Espanha","url":"https:\/\/recambiosecogas.com\/pt-pt\/","logo":{"@id":"https:\/\/recambiosecogas.com\/pt-pt\/producto\/lovato-reductor-rge170-90-140kw-venturi\/#local-main-organization-logo"},"image":{"@id":"https:\/\/recambiosecogas.com\/pt-pt\/producto\/lovato-reductor-rge170-90-140kw-venturi\/#local-main-organization-logo"},"sameAs":["https:\/\/www.facebook.com\/profile.php?id=100062419705358","https:\/\/www.instagram.com\/segimon_automocio"],"description":"Recambios EcoGas \u2013 Venta y distribuci\u00f3n de sistemas GLP y GNC en Espa\u00f1a y Portugal. Env\u00edos 24 h, soporte t\u00e9cnico a talleres y distribuidores.","hasMerchantReturnPolicy":{"@type":"MerchantReturnPolicy","merchantReturnLink":"https:\/\/recambiosecogas.com\/politicas-privacidad\/"},"address":{"@id":"https:\/\/recambiosecogas.com\/pt-pt\/producto\/lovato-reductor-rge170-90-140kw-venturi\/#local-main-place-address"},"telephone":["616250633"],"contactPoint":{"@type":"ContactPoint","email":"export@recambiosecogas.com"},"openingHoursSpecification":[{"@type":"OpeningHoursSpecification","dayOfWeek":["Monday","Tuesday","Wednesday","Thursday","Friday","Saturday","Sunday"],"opens":"09:00","closes":"17:00"}],"email":"info@recambiosecogas.com","faxNumber":"SEGIMON AUTOMOCION SL","vatID":"ESB19819861","globalLocationNumber":"938 616 339"},{"@type":"PostalAddress","@id":"https:\/\/recambiosecogas.com\/pt-pt\/producto\/lovato-reductor-rge170-90-140kw-venturi\/#local-main-place-address","streetAddress":"cami antic de vic, 29 (Nave 3), Pol\u00edgono Industrial Congost","addressLocality":"CORRO D`AVALL","postalCode":"08520","addressRegion":"Barcelona","addressCountry":"ES"},{"@type":"ImageObject","inLanguage":"pt-PT","@id":"https:\/\/recambiosecogas.com\/pt-pt\/producto\/lovato-reductor-rge170-90-140kw-venturi\/#local-main-organization-logo","url":"https:\/\/recambiosecogas.com\/wp-content\/uploads\/2024\/11\/cropped-RECAMBIOS-GLP-png.webp","contentUrl":"https:\/\/recambiosecogas.com\/wp-content\/uploads\/2024\/11\/cropped-RECAMBIOS-GLP-png.webp","width":512,"height":512,"caption":"Recambios EcoGas"}]},"product_price_amount":"101.55","product_price_currency":"EUR","og_availability":"backorder","product_availability":"available for order","product_retailer_item_id":"104671","product_condition":"new","geo.placename":"CORRO D`AVALL","geo.region":"Espanha"},"uagb_featured_image_src":{"full":["https:\/\/recambiosecogas.com\/wp-content\/uploads\/2024\/10\/Lovato-reductor-RGE170-90-140KW-venturi-png.webp",1000,1000,false],"thumbnail":["https:\/\/recambiosecogas.com\/wp-content\/uploads\/2024\/10\/Lovato-reductor-RGE170-90-140KW-venturi-150x150.webp",150,150,true],"medium":["https:\/\/recambiosecogas.com\/wp-content\/uploads\/2024\/10\/Lovato-reductor-RGE170-90-140KW-venturi-300x300.webp",300,300,true],"medium_large":["https:\/\/recambiosecogas.com\/wp-content\/uploads\/2024\/10\/Lovato-reductor-RGE170-90-140KW-venturi-768x768.webp",768,768,true],"large":["https:\/\/recambiosecogas.com\/wp-content\/uploads\/2024\/10\/Lovato-reductor-RGE170-90-140KW-venturi-png.webp",1000,1000,false],"1536x1536":["https:\/\/recambiosecogas.com\/wp-content\/uploads\/2024\/10\/Lovato-reductor-RGE170-90-140KW-venturi-png.webp",1000,1000,false],"2048x2048":["https:\/\/recambiosecogas.com\/wp-content\/uploads\/2024\/10\/Lovato-reductor-RGE170-90-140KW-venturi-png.webp",1000,1000,false],"woocommerce_archive_thumbnail":["https:\/\/recambiosecogas.com\/wp-content\/uploads\/2024\/10\/Lovato-reductor-RGE170-90-140KW-venturi-png.webp",1000,1000,false],"woocommerce_thumbnail":["https:\/\/recambiosecogas.com\/wp-content\/uploads\/2024\/10\/Lovato-reductor-RGE170-90-140KW-venturi-png-300x300.webp",300,300,true],"woocommerce_single":["https:\/\/recambiosecogas.com\/wp-content\/uploads\/2024\/10\/Lovato-reductor-RGE170-90-140KW-venturi-png.webp",1000,1000,false],"woocommerce_gallery_thumbnail":["https:\/\/recambiosecogas.com\/wp-content\/uploads\/2024\/10\/Lovato-reductor-RGE170-90-140KW-venturi-png.webp",1000,1000,false],"dgwt-wcas-product-suggestion":["https:\/\/recambiosecogas.com\/wp-content\/uploads\/2024\/10\/Lovato-reductor-RGE170-90-140KW-venturi-png-64x64.webp",64,64,true]},"uagb_author_info":{"display_name":"Fran - Soporte T\u00e9cnico","author_link":"https:\/\/recambiosecogas.com\/pt-pt\/author\/"},"uagb_comment_info":0,"uagb_excerpt":"Redutor Lovato RGE170 90-140KW (venturi) O redutor Lovato RGE170 foi especificamente concebido para sistemas de g\u00e1s Venturi em ve\u00edculos com pot\u00eancia entre 90 e 140 kW. Esta caixa monof\u00e1sica \u00e9 aprovada de acordo com a norma E4 67R-01 92006, que garante opera\u00e7\u00e3o segura e eficiente em ve\u00edculos convertidos a GLP. A caixa de velocidades RGE170&hellip;","_links":{"self":[{"href":"https:\/\/recambiosecogas.com\/pt-pt\/wp-json\/wp\/v2\/product\/35498","targetHints":{"allow":["GET"]}}],"collection":[{"href":"https:\/\/recambiosecogas.com\/pt-pt\/wp-json\/wp\/v2\/product"}],"about":[{"href":"https:\/\/recambiosecogas.com\/pt-pt\/wp-json\/wp\/v2\/types\/product"}],"replies":[{"embeddable":true,"href":"https:\/\/recambiosecogas.com\/pt-pt\/wp-json\/wp\/v2\/comments?post=35498"}],"wp:featuredmedia":[{"embeddable":true,"href":"https:\/\/recambiosecogas.com\/pt-pt\/wp-json\/wp\/v2\/media\/21899"}],"wp:attachment":[{"href":"https:\/\/recambiosecogas.com\/pt-pt\/wp-json\/wp\/v2\/media?parent=35498"}],"wp:term":[{"taxonomy":"product_brand","embeddable":true,"href":"https:\/\/recambiosecogas.com\/pt-pt\/wp-json\/wp\/v2\/product_brand?post=35498"},{"taxonomy":"product_cat","embeddable":true,"href":"https:\/\/recambiosecogas.com\/pt-pt\/wp-json\/wp\/v2\/product_cat?post=35498"},{"taxonomy":"product_tag","embeddable":true,"href":"https:\/\/recambiosecogas.com\/pt-pt\/wp-json\/wp\/v2\/product_tag?post=35498"}],"curies":[{"name":"wp","href":"https:\/\/api.w.org\/{rel}","templated":true}]}}