{"id":35491,"date":"2024-10-19T14:23:45","date_gmt":"2024-10-19T13:23:45","guid":{"rendered":"https:\/\/recambiosecogas.com\/producto\/caixa-de-velocidades-lovato-easyfast-rgj-hp-ate-260kw\/"},"modified":"2026-04-08T10:28:38","modified_gmt":"2026-04-08T09:28:38","slug":"lovato-easyfast-reductor-rgj-hp-hasta-260kw","status":"publish","type":"product","link":"https:\/\/recambiosecogas.com\/pt-pt\/producto\/lovato-easyfast-reductor-rgj-hp-hasta-260kw\/","title":{"rendered":"Redutor de HP Lovato EasyFast RGJ at\u00e9 260KW"},"content":{"rendered":"<p style=\"text-align: center;\" data-start=\"268\" data-end=\"666\">Redutor de HP Lovato EasyFast RGJ at\u00e9 260KW<\/p>\n<p class=\"\" data-start=\"268\" data-end=\"666\"><strong data-start=\"271\" data-end=\"306\">A caixa de velocidades Lovato EasyFast RGJ HP<\/strong> foi especialmente concebida para <strong data-start=\"340\" data-end=\"393\">sistemas sequenciais de inje\u00e7\u00e3o de GPL (Autog\u00e1s)<\/strong> em ve\u00edculos de alto desempenho. Esta caixa de velocidades monof\u00e1sica destaca-se pela <strong data-start=\"468\" data-end=\"511\">sua elevada capacidade de at\u00e9 260 kW (354 cv)<\/strong> e est\u00e1 <strong data-start=\"519\" data-end=\"559\">aprovada de acordo com a norma ECE 67R-01<\/strong>, tornando-a uma op\u00e7\u00e3o segura, fi\u00e1vel e eficiente para convers\u00f5es a GPL de motores potentes. <\/p>\n<p class=\"\" data-start=\"668\" data-end=\"929\">O seu design compacto e robusto em <strong data-start=\"700\" data-end=\"720\">alum\u00ednio fundido<\/strong> permite uma instala\u00e7\u00e3o f\u00e1cil, mesmo em compartimentos pequenos. Al\u00e9m disso, possui <strong data-start=\"811\" data-end=\"860\">uma v\u00e1lvula solen\u00f3ide integrada e um filtro de entrada<\/strong>, o que facilita a montagem e protege o sistema contra impurezas. <\/p>\n<p class=\"\" data-start=\"931\" data-end=\"1252\">A <strong data-start=\"934\" data-end=\"963\">press\u00e3o de sa\u00edda do g\u00e1s<\/strong> \u00e9 <strong data-start=\"967\" data-end=\"1049\">automaticamente compensada de forma linear com base na depress\u00e3o do motor,<\/strong> garantindo um fornecimento preciso, est\u00e1vel e eficiente em todas as condi\u00e7\u00f5es de condu\u00e7\u00e3o. Isto traduz-se num melhor desempenho do motor e numa experi\u00eancia de condu\u00e7\u00e3o suave e otimizada. <\/p>\n<p class=\"\" data-start=\"1254\" data-end=\"1457\">Gra\u00e7as \u00e0 sua fiabilidade, precis\u00e3o e design funcional, o <strong data-start=\"1312\" data-end=\"1338\">Lovato RGJ HP Reducer<\/strong> \u00e9 ideal para ve\u00edculos que necessitam de uma convers\u00e3o de GPL de alto n\u00edvel, seja em uso urbano, misto ou rodovi\u00e1rio.<\/p>\n<hr class=\"\" data-start=\"1459\" data-end=\"1462\">\n<h3 class=\"\" data-start=\"1464\" data-end=\"1521\"><strong data-start=\"1468\" data-end=\"1521\">Caracter\u00edsticas T\u00e9cnicas \u2013 Lovato EasyFast RGJ HP<\/strong><\/h3>\n<div class=\"overflow-x-auto contain-inline-size\">\n<table data-start=\"1523\" data-end=\"2232\">\n<thead data-start=\"1523\" data-end=\"1594\">\n<tr data-start=\"1523\" data-end=\"1594\">\n<th data-start=\"1523\" data-end=\"1552\">Especifica\u00e7\u00f5es<\/th>\n<th data-start=\"1552\" data-end=\"1594\">Detalhes<\/th>\n<\/tr>\n<\/thead>\n<tbody data-start=\"1666\" data-end=\"2232\">\n<tr data-start=\"1666\" data-end=\"1736\">\n<p>Tipo <\/p>\n<td><strong data-start=\"1668\" data-end=\"1687\">de Sistema<\/strong><\/td>\n<td>Inje\u00e7\u00e3o Sequencial de GLP<\/td>\n<\/tr>\n<tr data-start=\"1737\" data-end=\"1807\">\n<td><strong data-start=\"1739\" data-end=\"1755\">Aprova\u00e7\u00e3o<\/strong><\/td>\n<td>ECE 67R-01<\/td>\n<\/tr>\n<tr data-start=\"1808\" data-end=\"1877\">\n<td><strong data-start=\"1810\" data-end=\"1833\">Material da Carro\u00e7aria<\/strong><\/td>\n<td>Alum\u00ednio fundido<\/td>\n<\/tr>\n<tr data-start=\"1878\" data-end=\"1948\">\n<td><strong data-start=\"1880\" data-end=\"1901\">Press\u00e3o de sa\u00edda<\/strong><\/td>\n<td>Compensa\u00e7\u00e3o autom\u00e1tica (linear)<\/td>\n<\/tr>\n<tr data-start=\"1949\" data-end=\"2019\">\n<p>V\u00e1lvula <\/p>\n<td><strong data-start=\"1951\" data-end=\"1969\">solen\u00f3ide<\/strong><\/td>\n<td>Integrado<\/td>\n<\/tr>\n<tr data-start=\"2020\" data-end=\"2090\">\n<td><strong data-start=\"2022\" data-end=\"2043\">Filtro de entrada<\/strong><\/td>\n<td>Aumentados e integrados<\/td>\n<\/tr>\n<tr data-start=\"2091\" data-end=\"2161\">\n<td><strong data-start=\"2093\" data-end=\"2108\">Instala\u00e7\u00e3o<\/strong><\/td>\n<td>Compacto e simplificado<\/td>\n<\/tr>\n<tr data-start=\"2162\" data-end=\"2232\">\n<td><strong data-start=\"2164\" data-end=\"2183\">Pot\u00eancia m\u00e1xima<\/strong><\/td>\n<td>At\u00e9 260 kW (354 cv)*<\/td>\n<\/tr>\n<\/tbody>\n<\/table>\n<\/div>\n<p class=\"\" data-start=\"2234\" data-end=\"2323\">*A pot\u00eancia m\u00e1xima pode variar ligeiramente dependendo das condi\u00e7\u00f5es t\u00e9rmicas do ambiente.<\/p>\n<p data-start=\"2234\" data-end=\"2323\"><a href=\"https:\/\/recambiosecogas.com\/pt-pt\/categoria-produto\/reguladores-de-pressao\/redutor-glp\/\">OBTENHA MAIS CAIXAS DE VELOCIDADES NO NOSSO SITE<\/a><\/p>\n<p><a href=\"https:\/\/segimonautomocio.com\/\">PARA CONVERS\u00d5ES DE LPG, VISITE O NOSSO WORKSHOP NO SITE<\/a><\/p>\n","protected":false},"excerpt":{"rendered":"<p>Redutor de HP Lovato EasyFast RGJ at\u00e9 260KW<\/p>\n","protected":false},"featured_media":21927,"comment_status":"open","ping_status":"closed","template":"","meta":{"_uag_custom_page_level_css":""},"product_brand":[],"product_cat":[1067,1066,1065],"product_tag":[],"class_list":{"0":"post-35491","1":"product","2":"type-product","3":"status-publish","4":"has-post-thumbnail","6":"product_cat-lovato-pt-pt","7":"product_cat-redutor-glp","8":"product_cat-reguladores-de-pressao","10":"first","11":"onbackorder","12":"taxable","13":"shipping-taxable","14":"purchasable","15":"product-type-simple"},"ct_brands":[],"yoast_head":"<!-- This site is optimized with the Yoast SEO Premium plugin v27.5 (Yoast SEO v27.6) - https:\/\/yoast.com\/product\/yoast-seo-premium-wordpress\/ -->\n<title>Lovato EasyFast RGJ HP 260KW redutor | Pe\u00e7as sobressalentes Ecogas<\/title>\n<meta name=\"description\" content=\"Caixa de velocidades Lovato EasyFast RGJ HP para sistemas sequenciais de inje\u00e7\u00e3o de GPL, ideal para motores at\u00e9 260KW, garantindo desempenho \u00f3timo.\" \/>\n<meta name=\"robots\" content=\"index, follow, max-snippet:-1, max-image-preview:large, max-video-preview:-1\" \/>\n<link rel=\"canonical\" href=\"https:\/\/recambiosecogas.com\/pt-pt\/producto\/lovato-easyfast-reductor-rgj-hp-hasta-260kw\/\" \/>\n<meta property=\"og:locale\" content=\"pt_PT\" \/>\n<meta property=\"og:type\" content=\"article\" \/>\n<meta property=\"og:title\" content=\"Redutor de HP Lovato EasyFast RGJ at\u00e9 260KW\" \/>\n<meta property=\"og:description\" content=\"Caixa de velocidades Lovato EasyFast RGJ HP para sistemas sequenciais de inje\u00e7\u00e3o de GPL, ideal para motores at\u00e9 260KW, garantindo desempenho \u00f3timo.\" \/>\n<meta property=\"og:url\" content=\"https:\/\/recambiosecogas.com\/pt-pt\/producto\/lovato-easyfast-reductor-rgj-hp-hasta-260kw\/\" \/>\n<meta property=\"og:site_name\" content=\"Recambios EcoGas\" \/>\n<meta property=\"article:publisher\" content=\"https:\/\/www.facebook.com\/profile.php?id=100062419705358\" \/>\n<meta property=\"article:modified_time\" content=\"2026-04-08T09:28:38+00:00\" \/>\n<meta property=\"og:image\" content=\"https:\/\/recambiosecogas.com\/wp-content\/uploads\/2024\/10\/Lovato-EasyFast-reductor-RGJ-HP-hasta-260KW-png.webp\" \/>\n\t<meta property=\"og:image:width\" content=\"1000\" \/>\n\t<meta property=\"og:image:height\" content=\"1000\" \/>\n\t<meta property=\"og:image:type\" content=\"image\/png\" \/>\n<meta name=\"twitter:card\" content=\"summary_large_image\" \/>\n<meta name=\"twitter:label1\" content=\"pre\u00e7o\" \/>\n\t<meta name=\"twitter:data1\" content=\"278,71&nbsp;&euro; (Sin IVA: 230,33&nbsp;&euro;)\" \/>\n\t<meta name=\"twitter:label2\" content=\"Disponibilidade\" \/>\n\t<meta name=\"twitter:data2\" content=\"Por encomenda\" \/>\n<script type=\"application\/ld+json\" class=\"yoast-schema-graph\">{\"@context\":\"https:\\\/\\\/schema.org\",\"@graph\":[{\"@type\":\"WebPage\",\"@id\":\"https:\\\/\\\/recambiosecogas.com\\\/pt-pt\\\/producto\\\/lovato-easyfast-reductor-rgj-hp-hasta-260kw\\\/\",\"url\":\"https:\\\/\\\/recambiosecogas.com\\\/pt-pt\\\/producto\\\/lovato-easyfast-reductor-rgj-hp-hasta-260kw\\\/\",\"name\":\"Lovato EasyFast RGJ HP 260KW redutor | Pe\u00e7as sobressalentes Ecogas\",\"isPartOf\":{\"@id\":\"https:\\\/\\\/recambiosecogas.com\\\/pt-pt\\\/#website\"},\"primaryImageOfPage\":{\"@id\":\"https:\\\/\\\/recambiosecogas.com\\\/pt-pt\\\/producto\\\/lovato-easyfast-reductor-rgj-hp-hasta-260kw\\\/#primaryimage\"},\"image\":{\"@id\":\"https:\\\/\\\/recambiosecogas.com\\\/pt-pt\\\/producto\\\/lovato-easyfast-reductor-rgj-hp-hasta-260kw\\\/#primaryimage\"},\"thumbnailUrl\":\"https:\\\/\\\/recambiosecogas.com\\\/wp-content\\\/uploads\\\/2024\\\/10\\\/Lovato-EasyFast-reductor-RGJ-HP-hasta-260KW-png.webp\",\"datePublished\":\"2024-10-19T13:23:45+00:00\",\"dateModified\":\"2026-04-08T09:28:38+00:00\",\"description\":\"Caixa de velocidades Lovato EasyFast RGJ HP para sistemas sequenciais de inje\u00e7\u00e3o de GPL, ideal para motores at\u00e9 260KW, garantindo desempenho \u00f3timo.\",\"breadcrumb\":{\"@id\":\"https:\\\/\\\/recambiosecogas.com\\\/pt-pt\\\/producto\\\/lovato-easyfast-reductor-rgj-hp-hasta-260kw\\\/#breadcrumb\"},\"inLanguage\":\"pt-PT\",\"potentialAction\":[{\"@type\":\"ReadAction\",\"target\":[\"https:\\\/\\\/recambiosecogas.com\\\/pt-pt\\\/producto\\\/lovato-easyfast-reductor-rgj-hp-hasta-260kw\\\/\"]}]},{\"@type\":\"ImageObject\",\"inLanguage\":\"pt-PT\",\"@id\":\"https:\\\/\\\/recambiosecogas.com\\\/pt-pt\\\/producto\\\/lovato-easyfast-reductor-rgj-hp-hasta-260kw\\\/#primaryimage\",\"url\":\"https:\\\/\\\/recambiosecogas.com\\\/wp-content\\\/uploads\\\/2024\\\/10\\\/Lovato-EasyFast-reductor-RGJ-HP-hasta-260KW-png.webp\",\"contentUrl\":\"https:\\\/\\\/recambiosecogas.com\\\/wp-content\\\/uploads\\\/2024\\\/10\\\/Lovato-EasyFast-reductor-RGJ-HP-hasta-260KW-png.webp\",\"width\":1000,\"height\":1000,\"caption\":\"Redutor de HP Lovato EasyFast RGJ\"},{\"@type\":\"BreadcrumbList\",\"@id\":\"https:\\\/\\\/recambiosecogas.com\\\/pt-pt\\\/producto\\\/lovato-easyfast-reductor-rgj-hp-hasta-260kw\\\/#breadcrumb\",\"itemListElement\":[{\"@type\":\"ListItem\",\"position\":1,\"name\":\"P\u00e1gina inicial\",\"item\":\"https:\\\/\\\/recambiosecogas.com\\\/pt-pt\\\/\"},{\"@type\":\"ListItem\",\"position\":2,\"name\":\"Loja\",\"item\":\"https:\\\/\\\/recambiosecogas.com\\\/pt-pt\\\/tienda\\\/\"},{\"@type\":\"ListItem\",\"position\":3,\"name\":\"Redutor de HP Lovato EasyFast RGJ at\u00e9 260KW\"}]},{\"@type\":\"WebSite\",\"@id\":\"https:\\\/\\\/recambiosecogas.com\\\/pt-pt\\\/#website\",\"url\":\"https:\\\/\\\/recambiosecogas.com\\\/pt-pt\\\/\",\"name\":\"Recambios EcoGas\",\"description\":\"Pe\u00e7as multimarca para sistemas de GPL\\\/GNC\\\/GNL\\\/Hidrog\u00e9nio\",\"publisher\":{\"@id\":\"https:\\\/\\\/recambiosecogas.com\\\/pt-pt\\\/#organization\"},\"alternateName\":\"Recambios Autogas GLP\",\"potentialAction\":[{\"@type\":\"SearchAction\",\"target\":{\"@type\":\"EntryPoint\",\"urlTemplate\":\"https:\\\/\\\/recambiosecogas.com\\\/pt-pt\\\/?s={search_term_string}\"},\"query-input\":{\"@type\":\"PropertyValueSpecification\",\"valueRequired\":true,\"valueName\":\"search_term_string\"}}],\"inLanguage\":\"pt-PT\"},{\"@type\":[\"Organization\",\"Place\"],\"@id\":\"https:\\\/\\\/recambiosecogas.com\\\/pt-pt\\\/#organization\",\"name\":\"Recambios EcoGas\",\"alternateName\":\"Loja de GPL Autog\u00e1s Espanha\",\"url\":\"https:\\\/\\\/recambiosecogas.com\\\/pt-pt\\\/\",\"logo\":{\"@id\":\"https:\\\/\\\/recambiosecogas.com\\\/pt-pt\\\/producto\\\/lovato-easyfast-reductor-rgj-hp-hasta-260kw\\\/#local-main-organization-logo\"},\"image\":{\"@id\":\"https:\\\/\\\/recambiosecogas.com\\\/pt-pt\\\/producto\\\/lovato-easyfast-reductor-rgj-hp-hasta-260kw\\\/#local-main-organization-logo\"},\"sameAs\":[\"https:\\\/\\\/www.facebook.com\\\/profile.php?id=100062419705358\",\"https:\\\/\\\/www.instagram.com\\\/segimon_automocio\"],\"description\":\"Recambios EcoGas \u2013 Venta y distribuci\u00f3n de sistemas GLP y GNC en Espa\u00f1a y Portugal. Env\u00edos 24 h, soporte t\u00e9cnico a talleres y distribuidores.\",\"hasMerchantReturnPolicy\":{\"@type\":\"MerchantReturnPolicy\",\"merchantReturnLink\":\"https:\\\/\\\/recambiosecogas.com\\\/politicas-privacidad\\\/\"},\"address\":{\"@id\":\"https:\\\/\\\/recambiosecogas.com\\\/pt-pt\\\/producto\\\/lovato-easyfast-reductor-rgj-hp-hasta-260kw\\\/#local-main-place-address\"},\"telephone\":[\"616250633\"],\"contactPoint\":{\"@type\":\"ContactPoint\",\"email\":\"export@recambiosecogas.com\"},\"openingHoursSpecification\":[{\"@type\":\"OpeningHoursSpecification\",\"dayOfWeek\":[\"Monday\",\"Tuesday\",\"Wednesday\",\"Thursday\",\"Friday\",\"Saturday\",\"Sunday\"],\"opens\":\"09:00\",\"closes\":\"17:00\"}],\"email\":\"info@recambiosecogas.com\",\"faxNumber\":\"SEGIMON AUTOMOCION SL\",\"vatID\":\"ESB19819861\",\"globalLocationNumber\":\"938 616 339\"},{\"@type\":\"PostalAddress\",\"@id\":\"https:\\\/\\\/recambiosecogas.com\\\/pt-pt\\\/producto\\\/lovato-easyfast-reductor-rgj-hp-hasta-260kw\\\/#local-main-place-address\",\"streetAddress\":\"cami antic de vic, 29 (Nave 3), Pol\u00edgono Industrial Congost\",\"addressLocality\":\"CORRO D`AVALL\",\"postalCode\":\"08520\",\"addressRegion\":\"Barcelona\",\"addressCountry\":\"ES\"},{\"@type\":\"ImageObject\",\"inLanguage\":\"pt-PT\",\"@id\":\"https:\\\/\\\/recambiosecogas.com\\\/pt-pt\\\/producto\\\/lovato-easyfast-reductor-rgj-hp-hasta-260kw\\\/#local-main-organization-logo\",\"url\":\"https:\\\/\\\/recambiosecogas.com\\\/wp-content\\\/uploads\\\/2024\\\/11\\\/cropped-RECAMBIOS-GLP-png.webp\",\"contentUrl\":\"https:\\\/\\\/recambiosecogas.com\\\/wp-content\\\/uploads\\\/2024\\\/11\\\/cropped-RECAMBIOS-GLP-png.webp\",\"width\":512,\"height\":512,\"caption\":\"Recambios EcoGas\"}]}<\/script>\n<meta property=\"product:price:amount\" content=\"278.71\" \/>\n<meta property=\"product:price:currency\" content=\"EUR\" \/>\n<meta property=\"og:availability\" content=\"backorder\" \/>\n<meta property=\"product:availability\" content=\"available for order\" \/>\n<meta property=\"product:retailer_item_id\" content=\"108313A\" \/>\n<meta property=\"product:condition\" content=\"new\" \/>\n<meta name=\"geo.placename\" content=\"CORRO D`AVALL\" \/>\n<meta name=\"geo.region\" content=\"Espanha\" \/>\n<!-- \/ Yoast SEO Premium plugin. -->","yoast_head_json":{"title":"Lovato EasyFast RGJ HP 260KW redutor | Pe\u00e7as sobressalentes Ecogas","description":"Caixa de velocidades Lovato EasyFast RGJ HP para sistemas sequenciais de inje\u00e7\u00e3o de GPL, ideal para motores at\u00e9 260KW, garantindo desempenho \u00f3timo.","robots":{"index":"index","follow":"follow","max-snippet":"max-snippet:-1","max-image-preview":"max-image-preview:large","max-video-preview":"max-video-preview:-1"},"canonical":"https:\/\/recambiosecogas.com\/pt-pt\/producto\/lovato-easyfast-reductor-rgj-hp-hasta-260kw\/","og_locale":"pt_PT","og_type":"article","og_title":"Redutor de HP Lovato EasyFast RGJ at\u00e9 260KW","og_description":"Caixa de velocidades Lovato EasyFast RGJ HP para sistemas sequenciais de inje\u00e7\u00e3o de GPL, ideal para motores at\u00e9 260KW, garantindo desempenho \u00f3timo.","og_url":"https:\/\/recambiosecogas.com\/pt-pt\/producto\/lovato-easyfast-reductor-rgj-hp-hasta-260kw\/","og_site_name":"Recambios EcoGas","article_publisher":"https:\/\/www.facebook.com\/profile.php?id=100062419705358","article_modified_time":"2026-04-08T09:28:38+00:00","og_image":[{"width":1000,"height":1000,"url":"https:\/\/recambiosecogas.com\/wp-content\/uploads\/2024\/10\/Lovato-EasyFast-reductor-RGJ-HP-hasta-260KW-png.webp","type":"image\/png"}],"twitter_card":"summary_large_image","twitter_misc":{"pre\u00e7o":"278,71&nbsp;&euro; (Sin IVA: 230,33&nbsp;&euro;)","Disponibilidade":"Por encomenda"},"schema":{"@context":"https:\/\/schema.org","@graph":[{"@type":"WebPage","@id":"https:\/\/recambiosecogas.com\/pt-pt\/producto\/lovato-easyfast-reductor-rgj-hp-hasta-260kw\/","url":"https:\/\/recambiosecogas.com\/pt-pt\/producto\/lovato-easyfast-reductor-rgj-hp-hasta-260kw\/","name":"Lovato EasyFast RGJ HP 260KW redutor | Pe\u00e7as sobressalentes Ecogas","isPartOf":{"@id":"https:\/\/recambiosecogas.com\/pt-pt\/#website"},"primaryImageOfPage":{"@id":"https:\/\/recambiosecogas.com\/pt-pt\/producto\/lovato-easyfast-reductor-rgj-hp-hasta-260kw\/#primaryimage"},"image":{"@id":"https:\/\/recambiosecogas.com\/pt-pt\/producto\/lovato-easyfast-reductor-rgj-hp-hasta-260kw\/#primaryimage"},"thumbnailUrl":"https:\/\/recambiosecogas.com\/wp-content\/uploads\/2024\/10\/Lovato-EasyFast-reductor-RGJ-HP-hasta-260KW-png.webp","datePublished":"2024-10-19T13:23:45+00:00","dateModified":"2026-04-08T09:28:38+00:00","description":"Caixa de velocidades Lovato EasyFast RGJ HP para sistemas sequenciais de inje\u00e7\u00e3o de GPL, ideal para motores at\u00e9 260KW, garantindo desempenho \u00f3timo.","breadcrumb":{"@id":"https:\/\/recambiosecogas.com\/pt-pt\/producto\/lovato-easyfast-reductor-rgj-hp-hasta-260kw\/#breadcrumb"},"inLanguage":"pt-PT","potentialAction":[{"@type":"ReadAction","target":["https:\/\/recambiosecogas.com\/pt-pt\/producto\/lovato-easyfast-reductor-rgj-hp-hasta-260kw\/"]}]},{"@type":"ImageObject","inLanguage":"pt-PT","@id":"https:\/\/recambiosecogas.com\/pt-pt\/producto\/lovato-easyfast-reductor-rgj-hp-hasta-260kw\/#primaryimage","url":"https:\/\/recambiosecogas.com\/wp-content\/uploads\/2024\/10\/Lovato-EasyFast-reductor-RGJ-HP-hasta-260KW-png.webp","contentUrl":"https:\/\/recambiosecogas.com\/wp-content\/uploads\/2024\/10\/Lovato-EasyFast-reductor-RGJ-HP-hasta-260KW-png.webp","width":1000,"height":1000,"caption":"Redutor de HP Lovato EasyFast RGJ"},{"@type":"BreadcrumbList","@id":"https:\/\/recambiosecogas.com\/pt-pt\/producto\/lovato-easyfast-reductor-rgj-hp-hasta-260kw\/#breadcrumb","itemListElement":[{"@type":"ListItem","position":1,"name":"P\u00e1gina inicial","item":"https:\/\/recambiosecogas.com\/pt-pt\/"},{"@type":"ListItem","position":2,"name":"Loja","item":"https:\/\/recambiosecogas.com\/pt-pt\/tienda\/"},{"@type":"ListItem","position":3,"name":"Redutor de HP Lovato EasyFast RGJ at\u00e9 260KW"}]},{"@type":"WebSite","@id":"https:\/\/recambiosecogas.com\/pt-pt\/#website","url":"https:\/\/recambiosecogas.com\/pt-pt\/","name":"Recambios EcoGas","description":"Pe\u00e7as multimarca para sistemas de GPL\/GNC\/GNL\/Hidrog\u00e9nio","publisher":{"@id":"https:\/\/recambiosecogas.com\/pt-pt\/#organization"},"alternateName":"Recambios Autogas GLP","potentialAction":[{"@type":"SearchAction","target":{"@type":"EntryPoint","urlTemplate":"https:\/\/recambiosecogas.com\/pt-pt\/?s={search_term_string}"},"query-input":{"@type":"PropertyValueSpecification","valueRequired":true,"valueName":"search_term_string"}}],"inLanguage":"pt-PT"},{"@type":["Organization","Place"],"@id":"https:\/\/recambiosecogas.com\/pt-pt\/#organization","name":"Recambios EcoGas","alternateName":"Loja de GPL Autog\u00e1s Espanha","url":"https:\/\/recambiosecogas.com\/pt-pt\/","logo":{"@id":"https:\/\/recambiosecogas.com\/pt-pt\/producto\/lovato-easyfast-reductor-rgj-hp-hasta-260kw\/#local-main-organization-logo"},"image":{"@id":"https:\/\/recambiosecogas.com\/pt-pt\/producto\/lovato-easyfast-reductor-rgj-hp-hasta-260kw\/#local-main-organization-logo"},"sameAs":["https:\/\/www.facebook.com\/profile.php?id=100062419705358","https:\/\/www.instagram.com\/segimon_automocio"],"description":"Recambios EcoGas \u2013 Venta y distribuci\u00f3n de sistemas GLP y GNC en Espa\u00f1a y Portugal. Env\u00edos 24 h, soporte t\u00e9cnico a talleres y distribuidores.","hasMerchantReturnPolicy":{"@type":"MerchantReturnPolicy","merchantReturnLink":"https:\/\/recambiosecogas.com\/politicas-privacidad\/"},"address":{"@id":"https:\/\/recambiosecogas.com\/pt-pt\/producto\/lovato-easyfast-reductor-rgj-hp-hasta-260kw\/#local-main-place-address"},"telephone":["616250633"],"contactPoint":{"@type":"ContactPoint","email":"export@recambiosecogas.com"},"openingHoursSpecification":[{"@type":"OpeningHoursSpecification","dayOfWeek":["Monday","Tuesday","Wednesday","Thursday","Friday","Saturday","Sunday"],"opens":"09:00","closes":"17:00"}],"email":"info@recambiosecogas.com","faxNumber":"SEGIMON AUTOMOCION SL","vatID":"ESB19819861","globalLocationNumber":"938 616 339"},{"@type":"PostalAddress","@id":"https:\/\/recambiosecogas.com\/pt-pt\/producto\/lovato-easyfast-reductor-rgj-hp-hasta-260kw\/#local-main-place-address","streetAddress":"cami antic de vic, 29 (Nave 3), Pol\u00edgono Industrial Congost","addressLocality":"CORRO D`AVALL","postalCode":"08520","addressRegion":"Barcelona","addressCountry":"ES"},{"@type":"ImageObject","inLanguage":"pt-PT","@id":"https:\/\/recambiosecogas.com\/pt-pt\/producto\/lovato-easyfast-reductor-rgj-hp-hasta-260kw\/#local-main-organization-logo","url":"https:\/\/recambiosecogas.com\/wp-content\/uploads\/2024\/11\/cropped-RECAMBIOS-GLP-png.webp","contentUrl":"https:\/\/recambiosecogas.com\/wp-content\/uploads\/2024\/11\/cropped-RECAMBIOS-GLP-png.webp","width":512,"height":512,"caption":"Recambios EcoGas"}]},"product_price_amount":"278.71","product_price_currency":"EUR","og_availability":"backorder","product_availability":"available for order","product_retailer_item_id":"108313A","product_condition":"new","geo.placename":"CORRO D`AVALL","geo.region":"Espanha"},"uagb_featured_image_src":{"full":["https:\/\/recambiosecogas.com\/wp-content\/uploads\/2024\/10\/Lovato-EasyFast-reductor-RGJ-HP-hasta-260KW-png.webp",1000,1000,false],"thumbnail":["https:\/\/recambiosecogas.com\/wp-content\/uploads\/2024\/10\/Lovato-EasyFast-reductor-RGJ-HP-hasta-260KW-150x150.webp",150,150,true],"medium":["https:\/\/recambiosecogas.com\/wp-content\/uploads\/2024\/10\/Lovato-EasyFast-reductor-RGJ-HP-hasta-260KW-300x300.webp",300,300,true],"medium_large":["https:\/\/recambiosecogas.com\/wp-content\/uploads\/2024\/10\/Lovato-EasyFast-reductor-RGJ-HP-hasta-260KW-768x768.webp",768,768,true],"large":["https:\/\/recambiosecogas.com\/wp-content\/uploads\/2024\/10\/Lovato-EasyFast-reductor-RGJ-HP-hasta-260KW-png.webp",1000,1000,false],"1536x1536":["https:\/\/recambiosecogas.com\/wp-content\/uploads\/2024\/10\/Lovato-EasyFast-reductor-RGJ-HP-hasta-260KW-png.webp",1000,1000,false],"2048x2048":["https:\/\/recambiosecogas.com\/wp-content\/uploads\/2024\/10\/Lovato-EasyFast-reductor-RGJ-HP-hasta-260KW-png.webp",1000,1000,false],"woocommerce_archive_thumbnail":["https:\/\/recambiosecogas.com\/wp-content\/uploads\/2024\/10\/Lovato-EasyFast-reductor-RGJ-HP-hasta-260KW-png.webp",1000,1000,false],"woocommerce_thumbnail":["https:\/\/recambiosecogas.com\/wp-content\/uploads\/2024\/10\/Lovato-EasyFast-reductor-RGJ-HP-hasta-260KW-png-300x300.webp",300,300,true],"woocommerce_single":["https:\/\/recambiosecogas.com\/wp-content\/uploads\/2024\/10\/Lovato-EasyFast-reductor-RGJ-HP-hasta-260KW-png.webp",1000,1000,false],"woocommerce_gallery_thumbnail":["https:\/\/recambiosecogas.com\/wp-content\/uploads\/2024\/10\/Lovato-EasyFast-reductor-RGJ-HP-hasta-260KW-png.webp",1000,1000,false],"dgwt-wcas-product-suggestion":["https:\/\/recambiosecogas.com\/wp-content\/uploads\/2024\/10\/Lovato-EasyFast-reductor-RGJ-HP-hasta-260KW-png-64x64.webp",64,64,true]},"uagb_author_info":{"display_name":"Fran - Soporte T\u00e9cnico","author_link":"https:\/\/recambiosecogas.com\/pt-pt\/author\/"},"uagb_comment_info":0,"uagb_excerpt":"Redutor de HP Lovato EasyFast RGJ at\u00e9 260KW","_links":{"self":[{"href":"https:\/\/recambiosecogas.com\/pt-pt\/wp-json\/wp\/v2\/product\/35491","targetHints":{"allow":["GET"]}}],"collection":[{"href":"https:\/\/recambiosecogas.com\/pt-pt\/wp-json\/wp\/v2\/product"}],"about":[{"href":"https:\/\/recambiosecogas.com\/pt-pt\/wp-json\/wp\/v2\/types\/product"}],"replies":[{"embeddable":true,"href":"https:\/\/recambiosecogas.com\/pt-pt\/wp-json\/wp\/v2\/comments?post=35491"}],"wp:featuredmedia":[{"embeddable":true,"href":"https:\/\/recambiosecogas.com\/pt-pt\/wp-json\/wp\/v2\/media\/21927"}],"wp:attachment":[{"href":"https:\/\/recambiosecogas.com\/pt-pt\/wp-json\/wp\/v2\/media?parent=35491"}],"wp:term":[{"taxonomy":"product_brand","embeddable":true,"href":"https:\/\/recambiosecogas.com\/pt-pt\/wp-json\/wp\/v2\/product_brand?post=35491"},{"taxonomy":"product_cat","embeddable":true,"href":"https:\/\/recambiosecogas.com\/pt-pt\/wp-json\/wp\/v2\/product_cat?post=35491"},{"taxonomy":"product_tag","embeddable":true,"href":"https:\/\/recambiosecogas.com\/pt-pt\/wp-json\/wp\/v2\/product_tag?post=35491"}],"curies":[{"name":"wp","href":"https:\/\/api.w.org\/{rel}","templated":true}]}}