{"id":17975,"date":"2025-02-24T12:02:24","date_gmt":"2025-02-24T11:02:24","guid":{"rendered":"https:\/\/recambiosecogas.com\/producto\/dometic-cff45-12-24-100-240v\/"},"modified":"2026-03-26T12:07:06","modified_gmt":"2026-03-26T11:07:06","slug":"dometic-cff45-12-24-100-240v","status":"publish","type":"product","link":"https:\/\/recambiosecogas.com\/pt-pt\/producto\/dometic-cff45-12-24-100-240v\/","title":{"rendered":"Dometic CFF 45"},"content":{"rendered":"<p><span class=\"n h7 h1 h8 h9 bo ha hb\">Nevera de compresor port\u00e1til, 44 L<\/span><\/p>\n<div class=\"b hc\">La nueva y vers\u00e1til incorporaci\u00f3n de Dometic a la gama de neveras port\u00e1tiles motorizadas. Con su elegante dise\u00f1o, tapa de doble bisagra y eficiente organizaci\u00f3n interior, es adecuada para todo tipo de entusiastas de las actividades al aire libre. El excelente aislamiento de la CFF 45 garantiza un rendimiento de refrigeraci\u00f3n muy elevado.<\/div>\n<div>\n<div class=\"al am an ao j3 e4 er\">\n<div class=\"x jk o a8 a9 jl cv a6 pw mz\">\n<div class=\"g1 jn g2 jo iv g5 as\">\n<div class=\"y j2 e1 jp\">\n<p class=\"as g o ak\">Volumen total de 44 L para un c\u00f3modo enfriamiento<\/p>\n<\/div>\n<div class=\"y j2 e1 jp\">\n<p class=\"as g o ak\">Tapa con apertura a ambos lados para un f\u00e1cil acceso<\/p>\n<\/div>\n<div class=\"y j2 e1 jp\">\n<p class=\"as g o ak\">El dise\u00f1o energ\u00e9ticamente eficiente proporciona un enfriamiento r\u00e1pido y excelente, incluso con temperaturas exteriores extremadamente altas<\/p>\n<\/div>\n<div class=\"y j2 e1 jp\">\n<p class=\"as g o ak\">La temperatura se puede ajustar entre +20 \u00b0C y \u201318 \u00b0C<\/p>\n<\/div>\n<div class=\"y j2 e1 jp\">\n<p class=\"as g o ak\">Fabricaci\u00f3n robusta para los entornos exteriores m\u00e1s hostiles<\/p>\n<\/div>\n<\/div>\n<\/div>\n<\/div>\n<div class=\"al am an ao j3 e4 er\">\n<div class=\"b gz ac\">\n<div class=\"y j2 e1 jp\">\n<h3 class=\"h2 b7 h3 as hs cf g o h9\">Modelo en la etiqueta<\/h3>\n<p class=\"as g o ak\">CFF45<\/p>\n<\/div>\n<div class=\"y j2 e1 jp\">\n<h3 class=\"h2 b7 h3 as hs cf g o h9\">Volumen de entrega<\/h3>\n<p class=\"as g o ak\">1 cooler, 1 DC connection cable, 1 AC connection cable, 2 carry handle, 1 manual<\/p>\n<\/div>\n<div class=\"y j2 e1 jp\">\n<h3 class=\"h2 b7 h3 as hs cf g o h9\">Zona \u00fanica o doble<\/h3>\n<p class=\"as g o ak\">Single<\/p>\n<\/div>\n<div class=\"y j2 e1 jp\">\n<h3 class=\"h2 b7 h3 as hs cf g o h9\">Descripci\u00f3n del producto<\/h3>\n<p class=\"as g o ak\">Nevera de compresor port\u00e1til, 44 L<\/p>\n<\/div>\n<div class=\"y j2 e1 jp\">\n<h3 class=\"h2 b7 h3 as hs cf g o h9\">Tecnolog\u00eda de refrigeraci\u00f3n<\/h3>\n<p class=\"as g o ak\">Compresor<\/p>\n<p>Tapa de doble cara<br \/>\nAlmacenamiento amplio y flexible<br \/>\nPantalla LED con regulaci\u00f3n de brillo<br \/>\nAsas robustas<br \/>\nDoble alimentaci\u00f3n<br \/>\nIluminaci\u00f3n LED<\/p>\n<\/div>\n<\/div>\n<\/div>\n<\/div>\n<p>La <strong>Nevera de Compresor Port\u00e1til Dometic CFF 45<\/strong> es un equipo esencial para los entusiastas de las actividades al aire libre. Con un volumen total de <strong>44 L<\/strong>, esta nevera ofrece un enfriamiento eficiente y r\u00e1pido, incluso en condiciones de altas temperaturas exteriores. Su dise\u00f1o robusto y funcionalidad avanzada la convierten en la opci\u00f3n ideal para quienes buscan un rendimiento de refrigeraci\u00f3n superior.<\/p>\n<p>Equipado con un compresor, el modelo CFF 45 permite ajustar la temperatura entre <strong>+20 \u00b0C y -18 \u00b0C<\/strong>, garantizando que los alimentos y bebidas se mantengan frescos durante largos per\u00edodos. La tapa de doble bisagra proporciona un f\u00e1cil acceso al contenido, mientras que su excelente aislamiento asegura un rendimiento \u00f3ptimo de refrigeraci\u00f3n.<\/p>\n<p>Este modelo es perfecto para usar en caravanas, autocaravanas o durante acampadas, donde la necesidad de mantener los productos frescos es crucial. La instalaci\u00f3n es sencilla, y se recomienda verificar las especificaciones del veh\u00edculo para asegurar la compatibilidad con sistemas de Autogas.<\/p>\n<p>Si no se reemplaza a tiempo, una nevera defectuosa puede afectar la calidad de los alimentos y bebidas, adem\u00e1s de generar un consumo energ\u00e9tico innecesario. Por lo tanto, es fundamental asegurarse de que la nevera est\u00e9 en \u00f3ptimas condiciones para evitar problemas durante su uso.<\/p>\n<h4>Datos t\u00e9cnicos<\/h4>\n<p>Modelo: <strong>CFF45<\/strong>. Volumen de entrega: <strong>1 cooler, 1 cable de conexi\u00f3n DC, 1 cable de conexi\u00f3n AC, 2 asas, 1 manual<\/strong>. Zona: <strong>\u00danica<\/strong>. Tecnolog\u00eda de refrigeraci\u00f3n: <strong>Compresor<\/strong>.<\/p>\n","protected":false},"excerpt":{"rendered":"<p>DOMETIC<\/p>\n","protected":false},"featured_media":18319,"comment_status":"open","ping_status":"closed","template":"","meta":{"_uag_custom_page_level_css":""},"product_brand":[],"product_cat":[641],"product_tag":[],"class_list":{"0":"post-17975","1":"product","2":"type-product","3":"status-publish","4":"has-post-thumbnail","6":"product_cat-sistemas-de-refrigeracion-autocaravanas","8":"first","9":"onbackorder","10":"taxable","11":"shipping-taxable","12":"purchasable","13":"product-type-simple"},"ct_brands":[],"yoast_head":"<!-- This site is optimized with the Yoast SEO Premium plugin v27.5 (Yoast SEO v27.5) - https:\/\/yoast.com\/product\/yoast-seo-premium-wordpress\/ -->\n<title>Nevera de Compresor Port\u00e1til Dometic CFF 45 | Recambios Ecogas<\/title>\n<meta name=\"description\" content=\"Nevera de compresor port\u00e1til Dometic CFF 45 de 44 L, ideal para actividades al aire libre, con excelente rendimiento de refrigeraci\u00f3n y dise\u00f1o robusto.\" \/>\n<meta name=\"robots\" content=\"index, follow, max-snippet:-1, max-image-preview:large, max-video-preview:-1\" \/>\n<link rel=\"canonical\" href=\"https:\/\/recambiosecogas.com\/pt-pt\/producto\/dometic-cff45-12-24-100-240v\/\" \/>\n<meta property=\"og:locale\" content=\"pt_PT\" \/>\n<meta property=\"og:type\" content=\"article\" \/>\n<meta property=\"og:title\" content=\"Dometic CFF 45\" \/>\n<meta property=\"og:description\" content=\"Nevera de compresor port\u00e1til Dometic CFF 45 de 44 L, ideal para actividades al aire libre, con excelente rendimiento de refrigeraci\u00f3n y dise\u00f1o robusto.\" \/>\n<meta property=\"og:url\" content=\"https:\/\/recambiosecogas.com\/pt-pt\/producto\/dometic-cff45-12-24-100-240v\/\" \/>\n<meta property=\"og:site_name\" content=\"Recambios EcoGas\" \/>\n<meta property=\"article:publisher\" content=\"https:\/\/www.facebook.com\/profile.php?id=100062419705358\" \/>\n<meta property=\"article:modified_time\" content=\"2026-03-26T11:07:06+00:00\" \/>\n<meta property=\"og:image\" content=\"https:\/\/recambiosecogas.com\/wp-content\/uploads\/2025\/02\/Dometic-CFF-45-png.webp\" \/>\n\t<meta property=\"og:image:width\" content=\"1000\" \/>\n\t<meta property=\"og:image:height\" content=\"1000\" \/>\n\t<meta property=\"og:image:type\" content=\"image\/png\" \/>\n<meta name=\"twitter:card\" content=\"summary_large_image\" \/>\n<meta name=\"twitter:label1\" content=\"pre\u00e7o\" \/>\n\t<meta name=\"twitter:data1\" content=\"702,51&nbsp;&euro; (Sin IVA: 580,59&nbsp;&euro;)\" \/>\n\t<meta name=\"twitter:label2\" content=\"Disponibilidade\" \/>\n\t<meta name=\"twitter:data2\" content=\"Por encomenda\" \/>\n<script type=\"application\/ld+json\" class=\"yoast-schema-graph\">{\"@context\":\"https:\\\/\\\/schema.org\",\"@graph\":[{\"@type\":\"WebPage\",\"@id\":\"https:\\\/\\\/recambiosecogas.com\\\/pt-pt\\\/producto\\\/dometic-cff45-12-24-100-240v\\\/\",\"url\":\"https:\\\/\\\/recambiosecogas.com\\\/pt-pt\\\/producto\\\/dometic-cff45-12-24-100-240v\\\/\",\"name\":\"Nevera de Compresor Port\u00e1til Dometic CFF 45 | Recambios Ecogas\",\"isPartOf\":{\"@id\":\"https:\\\/\\\/recambiosecogas.com\\\/pt-pt\\\/#website\"},\"primaryImageOfPage\":{\"@id\":\"https:\\\/\\\/recambiosecogas.com\\\/pt-pt\\\/producto\\\/dometic-cff45-12-24-100-240v\\\/#primaryimage\"},\"image\":{\"@id\":\"https:\\\/\\\/recambiosecogas.com\\\/pt-pt\\\/producto\\\/dometic-cff45-12-24-100-240v\\\/#primaryimage\"},\"thumbnailUrl\":\"https:\\\/\\\/recambiosecogas.com\\\/wp-content\\\/uploads\\\/2025\\\/02\\\/Dometic-CFF-45-png.webp\",\"datePublished\":\"2025-02-24T11:02:24+00:00\",\"dateModified\":\"2026-03-26T11:07:06+00:00\",\"description\":\"Nevera de compresor port\u00e1til Dometic CFF 45 de 44 L, ideal para actividades al aire libre, con excelente rendimiento de refrigeraci\u00f3n y dise\u00f1o robusto.\",\"breadcrumb\":{\"@id\":\"https:\\\/\\\/recambiosecogas.com\\\/pt-pt\\\/producto\\\/dometic-cff45-12-24-100-240v\\\/#breadcrumb\"},\"inLanguage\":\"pt-PT\",\"potentialAction\":[{\"@type\":\"ReadAction\",\"target\":[\"https:\\\/\\\/recambiosecogas.com\\\/pt-pt\\\/producto\\\/dometic-cff45-12-24-100-240v\\\/\"]}]},{\"@type\":\"ImageObject\",\"inLanguage\":\"pt-PT\",\"@id\":\"https:\\\/\\\/recambiosecogas.com\\\/pt-pt\\\/producto\\\/dometic-cff45-12-24-100-240v\\\/#primaryimage\",\"url\":\"https:\\\/\\\/recambiosecogas.com\\\/wp-content\\\/uploads\\\/2025\\\/02\\\/Dometic-CFF-45-png.webp\",\"contentUrl\":\"https:\\\/\\\/recambiosecogas.com\\\/wp-content\\\/uploads\\\/2025\\\/02\\\/Dometic-CFF-45-png.webp\",\"width\":1000,\"height\":1000},{\"@type\":\"BreadcrumbList\",\"@id\":\"https:\\\/\\\/recambiosecogas.com\\\/pt-pt\\\/producto\\\/dometic-cff45-12-24-100-240v\\\/#breadcrumb\",\"itemListElement\":[{\"@type\":\"ListItem\",\"position\":1,\"name\":\"P\u00e1gina inicial\",\"item\":\"https:\\\/\\\/recambiosecogas.com\\\/pt-pt\\\/\"},{\"@type\":\"ListItem\",\"position\":2,\"name\":\"Loja\",\"item\":\"https:\\\/\\\/recambiosecogas.com\\\/pt-pt\\\/tienda\\\/\"},{\"@type\":\"ListItem\",\"position\":3,\"name\":\"Dometic CFF 45\"}]},{\"@type\":\"WebSite\",\"@id\":\"https:\\\/\\\/recambiosecogas.com\\\/pt-pt\\\/#website\",\"url\":\"https:\\\/\\\/recambiosecogas.com\\\/pt-pt\\\/\",\"name\":\"Recambios EcoGas\",\"description\":\"Pe\u00e7as multimarca para sistemas de GPL\\\/GNC\\\/GNL\\\/Hidrog\u00e9nio\",\"publisher\":{\"@id\":\"https:\\\/\\\/recambiosecogas.com\\\/pt-pt\\\/#organization\"},\"alternateName\":\"Recambios Autogas GLP\",\"potentialAction\":[{\"@type\":\"SearchAction\",\"target\":{\"@type\":\"EntryPoint\",\"urlTemplate\":\"https:\\\/\\\/recambiosecogas.com\\\/pt-pt\\\/?s={search_term_string}\"},\"query-input\":{\"@type\":\"PropertyValueSpecification\",\"valueRequired\":true,\"valueName\":\"search_term_string\"}}],\"inLanguage\":\"pt-PT\"},{\"@type\":[\"Organization\",\"Place\"],\"@id\":\"https:\\\/\\\/recambiosecogas.com\\\/pt-pt\\\/#organization\",\"name\":\"Recambios EcoGas\",\"alternateName\":\"Loja de GPL Autog\u00e1s Espanha\",\"url\":\"https:\\\/\\\/recambiosecogas.com\\\/pt-pt\\\/\",\"logo\":{\"@id\":\"https:\\\/\\\/recambiosecogas.com\\\/pt-pt\\\/producto\\\/dometic-cff45-12-24-100-240v\\\/#local-main-organization-logo\"},\"image\":{\"@id\":\"https:\\\/\\\/recambiosecogas.com\\\/pt-pt\\\/producto\\\/dometic-cff45-12-24-100-240v\\\/#local-main-organization-logo\"},\"sameAs\":[\"https:\\\/\\\/www.facebook.com\\\/profile.php?id=100062419705358\",\"https:\\\/\\\/www.instagram.com\\\/segimon_automocio\"],\"description\":\"Recambios EcoGas \u2013 Venta y distribuci\u00f3n de sistemas GLP y GNC en Espa\u00f1a y Portugal. Env\u00edos 24 h, soporte t\u00e9cnico a talleres y distribuidores.\",\"hasMerchantReturnPolicy\":{\"@type\":\"MerchantReturnPolicy\",\"merchantReturnLink\":\"https:\\\/\\\/recambiosecogas.com\\\/politicas-privacidad\\\/\"},\"address\":{\"@id\":\"https:\\\/\\\/recambiosecogas.com\\\/pt-pt\\\/producto\\\/dometic-cff45-12-24-100-240v\\\/#local-main-place-address\"},\"telephone\":[\"616250633\"],\"contactPoint\":{\"@type\":\"ContactPoint\",\"email\":\"export@recambiosecogas.com\"},\"openingHoursSpecification\":[{\"@type\":\"OpeningHoursSpecification\",\"dayOfWeek\":[\"Monday\",\"Tuesday\",\"Wednesday\",\"Thursday\",\"Friday\",\"Saturday\",\"Sunday\"],\"opens\":\"09:00\",\"closes\":\"17:00\"}],\"email\":\"info@recambiosecogas.com\",\"faxNumber\":\"SEGIMON AUTOMOCION SL\",\"vatID\":\"ESB19819861\",\"globalLocationNumber\":\"938 616 339\"},{\"@type\":\"PostalAddress\",\"@id\":\"https:\\\/\\\/recambiosecogas.com\\\/pt-pt\\\/producto\\\/dometic-cff45-12-24-100-240v\\\/#local-main-place-address\",\"streetAddress\":\"cami antic de vic, 29 (Nave 3), Pol\u00edgono Industrial Congost\",\"addressLocality\":\"CORRO D`AVALL\",\"postalCode\":\"08520\",\"addressRegion\":\"Barcelona\",\"addressCountry\":\"ES\"},{\"@type\":\"ImageObject\",\"inLanguage\":\"pt-PT\",\"@id\":\"https:\\\/\\\/recambiosecogas.com\\\/pt-pt\\\/producto\\\/dometic-cff45-12-24-100-240v\\\/#local-main-organization-logo\",\"url\":\"https:\\\/\\\/recambiosecogas.com\\\/wp-content\\\/uploads\\\/2024\\\/11\\\/cropped-RECAMBIOS-GLP-png.webp\",\"contentUrl\":\"https:\\\/\\\/recambiosecogas.com\\\/wp-content\\\/uploads\\\/2024\\\/11\\\/cropped-RECAMBIOS-GLP-png.webp\",\"width\":512,\"height\":512,\"caption\":\"Recambios EcoGas\"}]}<\/script>\n<meta property=\"product:price:amount\" content=\"702.51\" \/>\n<meta property=\"product:price:currency\" content=\"EUR\" \/>\n<meta property=\"og:availability\" content=\"backorder\" \/>\n<meta property=\"product:availability\" content=\"available for order\" \/>\n<meta property=\"product:retailer_item_id\" content=\"116526A\" \/>\n<meta property=\"product:condition\" content=\"new\" \/>\n<meta name=\"geo.placename\" content=\"CORRO D`AVALL\" \/>\n<meta name=\"geo.region\" content=\"Espanha\" \/>\n<!-- \/ Yoast SEO Premium plugin. -->","yoast_head_json":{"title":"Nevera de Compresor Port\u00e1til Dometic CFF 45 | Recambios Ecogas","description":"Nevera de compresor port\u00e1til Dometic CFF 45 de 44 L, ideal para actividades al aire libre, con excelente rendimiento de refrigeraci\u00f3n y dise\u00f1o robusto.","robots":{"index":"index","follow":"follow","max-snippet":"max-snippet:-1","max-image-preview":"max-image-preview:large","max-video-preview":"max-video-preview:-1"},"canonical":"https:\/\/recambiosecogas.com\/pt-pt\/producto\/dometic-cff45-12-24-100-240v\/","og_locale":"pt_PT","og_type":"article","og_title":"Dometic CFF 45","og_description":"Nevera de compresor port\u00e1til Dometic CFF 45 de 44 L, ideal para actividades al aire libre, con excelente rendimiento de refrigeraci\u00f3n y dise\u00f1o robusto.","og_url":"https:\/\/recambiosecogas.com\/pt-pt\/producto\/dometic-cff45-12-24-100-240v\/","og_site_name":"Recambios EcoGas","article_publisher":"https:\/\/www.facebook.com\/profile.php?id=100062419705358","article_modified_time":"2026-03-26T11:07:06+00:00","og_image":[{"width":1000,"height":1000,"url":"https:\/\/recambiosecogas.com\/wp-content\/uploads\/2025\/02\/Dometic-CFF-45-png.webp","type":"image\/png"}],"twitter_card":"summary_large_image","twitter_misc":{"pre\u00e7o":"702,51&nbsp;&euro; (Sin IVA: 580,59&nbsp;&euro;)","Disponibilidade":"Por encomenda"},"schema":{"@context":"https:\/\/schema.org","@graph":[{"@type":"WebPage","@id":"https:\/\/recambiosecogas.com\/pt-pt\/producto\/dometic-cff45-12-24-100-240v\/","url":"https:\/\/recambiosecogas.com\/pt-pt\/producto\/dometic-cff45-12-24-100-240v\/","name":"Nevera de Compresor Port\u00e1til Dometic CFF 45 | Recambios Ecogas","isPartOf":{"@id":"https:\/\/recambiosecogas.com\/pt-pt\/#website"},"primaryImageOfPage":{"@id":"https:\/\/recambiosecogas.com\/pt-pt\/producto\/dometic-cff45-12-24-100-240v\/#primaryimage"},"image":{"@id":"https:\/\/recambiosecogas.com\/pt-pt\/producto\/dometic-cff45-12-24-100-240v\/#primaryimage"},"thumbnailUrl":"https:\/\/recambiosecogas.com\/wp-content\/uploads\/2025\/02\/Dometic-CFF-45-png.webp","datePublished":"2025-02-24T11:02:24+00:00","dateModified":"2026-03-26T11:07:06+00:00","description":"Nevera de compresor port\u00e1til Dometic CFF 45 de 44 L, ideal para actividades al aire libre, con excelente rendimiento de refrigeraci\u00f3n y dise\u00f1o robusto.","breadcrumb":{"@id":"https:\/\/recambiosecogas.com\/pt-pt\/producto\/dometic-cff45-12-24-100-240v\/#breadcrumb"},"inLanguage":"pt-PT","potentialAction":[{"@type":"ReadAction","target":["https:\/\/recambiosecogas.com\/pt-pt\/producto\/dometic-cff45-12-24-100-240v\/"]}]},{"@type":"ImageObject","inLanguage":"pt-PT","@id":"https:\/\/recambiosecogas.com\/pt-pt\/producto\/dometic-cff45-12-24-100-240v\/#primaryimage","url":"https:\/\/recambiosecogas.com\/wp-content\/uploads\/2025\/02\/Dometic-CFF-45-png.webp","contentUrl":"https:\/\/recambiosecogas.com\/wp-content\/uploads\/2025\/02\/Dometic-CFF-45-png.webp","width":1000,"height":1000},{"@type":"BreadcrumbList","@id":"https:\/\/recambiosecogas.com\/pt-pt\/producto\/dometic-cff45-12-24-100-240v\/#breadcrumb","itemListElement":[{"@type":"ListItem","position":1,"name":"P\u00e1gina inicial","item":"https:\/\/recambiosecogas.com\/pt-pt\/"},{"@type":"ListItem","position":2,"name":"Loja","item":"https:\/\/recambiosecogas.com\/pt-pt\/tienda\/"},{"@type":"ListItem","position":3,"name":"Dometic CFF 45"}]},{"@type":"WebSite","@id":"https:\/\/recambiosecogas.com\/pt-pt\/#website","url":"https:\/\/recambiosecogas.com\/pt-pt\/","name":"Recambios EcoGas","description":"Pe\u00e7as multimarca para sistemas de GPL\/GNC\/GNL\/Hidrog\u00e9nio","publisher":{"@id":"https:\/\/recambiosecogas.com\/pt-pt\/#organization"},"alternateName":"Recambios Autogas GLP","potentialAction":[{"@type":"SearchAction","target":{"@type":"EntryPoint","urlTemplate":"https:\/\/recambiosecogas.com\/pt-pt\/?s={search_term_string}"},"query-input":{"@type":"PropertyValueSpecification","valueRequired":true,"valueName":"search_term_string"}}],"inLanguage":"pt-PT"},{"@type":["Organization","Place"],"@id":"https:\/\/recambiosecogas.com\/pt-pt\/#organization","name":"Recambios EcoGas","alternateName":"Loja de GPL Autog\u00e1s Espanha","url":"https:\/\/recambiosecogas.com\/pt-pt\/","logo":{"@id":"https:\/\/recambiosecogas.com\/pt-pt\/producto\/dometic-cff45-12-24-100-240v\/#local-main-organization-logo"},"image":{"@id":"https:\/\/recambiosecogas.com\/pt-pt\/producto\/dometic-cff45-12-24-100-240v\/#local-main-organization-logo"},"sameAs":["https:\/\/www.facebook.com\/profile.php?id=100062419705358","https:\/\/www.instagram.com\/segimon_automocio"],"description":"Recambios EcoGas \u2013 Venta y distribuci\u00f3n de sistemas GLP y GNC en Espa\u00f1a y Portugal. Env\u00edos 24 h, soporte t\u00e9cnico a talleres y distribuidores.","hasMerchantReturnPolicy":{"@type":"MerchantReturnPolicy","merchantReturnLink":"https:\/\/recambiosecogas.com\/politicas-privacidad\/"},"address":{"@id":"https:\/\/recambiosecogas.com\/pt-pt\/producto\/dometic-cff45-12-24-100-240v\/#local-main-place-address"},"telephone":["616250633"],"contactPoint":{"@type":"ContactPoint","email":"export@recambiosecogas.com"},"openingHoursSpecification":[{"@type":"OpeningHoursSpecification","dayOfWeek":["Monday","Tuesday","Wednesday","Thursday","Friday","Saturday","Sunday"],"opens":"09:00","closes":"17:00"}],"email":"info@recambiosecogas.com","faxNumber":"SEGIMON AUTOMOCION SL","vatID":"ESB19819861","globalLocationNumber":"938 616 339"},{"@type":"PostalAddress","@id":"https:\/\/recambiosecogas.com\/pt-pt\/producto\/dometic-cff45-12-24-100-240v\/#local-main-place-address","streetAddress":"cami antic de vic, 29 (Nave 3), Pol\u00edgono Industrial Congost","addressLocality":"CORRO D`AVALL","postalCode":"08520","addressRegion":"Barcelona","addressCountry":"ES"},{"@type":"ImageObject","inLanguage":"pt-PT","@id":"https:\/\/recambiosecogas.com\/pt-pt\/producto\/dometic-cff45-12-24-100-240v\/#local-main-organization-logo","url":"https:\/\/recambiosecogas.com\/wp-content\/uploads\/2024\/11\/cropped-RECAMBIOS-GLP-png.webp","contentUrl":"https:\/\/recambiosecogas.com\/wp-content\/uploads\/2024\/11\/cropped-RECAMBIOS-GLP-png.webp","width":512,"height":512,"caption":"Recambios EcoGas"}]},"product_price_amount":"702.51","product_price_currency":"EUR","og_availability":"backorder","product_availability":"available for order","product_retailer_item_id":"116526A","product_condition":"new","geo.placename":"CORRO D`AVALL","geo.region":"Espanha"},"uagb_featured_image_src":{"full":["https:\/\/recambiosecogas.com\/wp-content\/uploads\/2025\/02\/Dometic-CFF-45-png.webp",1000,1000,false],"thumbnail":["https:\/\/recambiosecogas.com\/wp-content\/uploads\/2025\/02\/Dometic-CFF-45-150x150.webp",150,150,true],"medium":["https:\/\/recambiosecogas.com\/wp-content\/uploads\/2025\/02\/Dometic-CFF-45-300x300.webp",300,300,true],"medium_large":["https:\/\/recambiosecogas.com\/wp-content\/uploads\/2025\/02\/Dometic-CFF-45-768x768.webp",768,768,true],"large":["https:\/\/recambiosecogas.com\/wp-content\/uploads\/2025\/02\/Dometic-CFF-45-png.webp",1000,1000,false],"1536x1536":["https:\/\/recambiosecogas.com\/wp-content\/uploads\/2025\/02\/Dometic-CFF-45-png.webp",1000,1000,false],"2048x2048":["https:\/\/recambiosecogas.com\/wp-content\/uploads\/2025\/02\/Dometic-CFF-45-png.webp",1000,1000,false],"woocommerce_archive_thumbnail":["https:\/\/recambiosecogas.com\/wp-content\/uploads\/2025\/02\/Dometic-CFF-45-png.webp",1000,1000,false],"woocommerce_thumbnail":["https:\/\/recambiosecogas.com\/wp-content\/uploads\/2025\/02\/Dometic-CFF-45-300x300.webp",300,300,true],"woocommerce_single":["https:\/\/recambiosecogas.com\/wp-content\/uploads\/2025\/02\/Dometic-CFF-45-png.webp",1000,1000,false],"woocommerce_gallery_thumbnail":["https:\/\/recambiosecogas.com\/wp-content\/uploads\/2025\/02\/Dometic-CFF-45-png.webp",1000,1000,false],"dgwt-wcas-product-suggestion":["https:\/\/recambiosecogas.com\/wp-content\/uploads\/2025\/02\/Dometic-CFF-45-64x64.webp",64,64,true]},"uagb_author_info":{"display_name":"Fran - Soporte T\u00e9cnico","author_link":"https:\/\/recambiosecogas.com\/pt-pt\/author\/"},"uagb_comment_info":0,"uagb_excerpt":"DOMETIC","_links":{"self":[{"href":"https:\/\/recambiosecogas.com\/pt-pt\/wp-json\/wp\/v2\/product\/17975","targetHints":{"allow":["GET"]}}],"collection":[{"href":"https:\/\/recambiosecogas.com\/pt-pt\/wp-json\/wp\/v2\/product"}],"about":[{"href":"https:\/\/recambiosecogas.com\/pt-pt\/wp-json\/wp\/v2\/types\/product"}],"replies":[{"embeddable":true,"href":"https:\/\/recambiosecogas.com\/pt-pt\/wp-json\/wp\/v2\/comments?post=17975"}],"wp:featuredmedia":[{"embeddable":true,"href":"https:\/\/recambiosecogas.com\/pt-pt\/wp-json\/wp\/v2\/media\/18319"}],"wp:attachment":[{"href":"https:\/\/recambiosecogas.com\/pt-pt\/wp-json\/wp\/v2\/media?parent=17975"}],"wp:term":[{"taxonomy":"product_brand","embeddable":true,"href":"https:\/\/recambiosecogas.com\/pt-pt\/wp-json\/wp\/v2\/product_brand?post=17975"},{"taxonomy":"product_cat","embeddable":true,"href":"https:\/\/recambiosecogas.com\/pt-pt\/wp-json\/wp\/v2\/product_cat?post=17975"},{"taxonomy":"product_tag","embeddable":true,"href":"https:\/\/recambiosecogas.com\/pt-pt\/wp-json\/wp\/v2\/product_tag?post=17975"}],"curies":[{"name":"wp","href":"https:\/\/api.w.org\/{rel}","templated":true}]}}