{"id":17910,"date":"2025-02-24T12:01:21","date_gmt":"2025-02-24T11:01:21","guid":{"rendered":"https:\/\/recambiosecogas.com\/producto\/hot-wok-silverline-estufa-de-gas-45-kw-estufa-de-camping-estufa-de-gas\/"},"modified":"2026-03-24T11:22:58","modified_gmt":"2026-03-24T10:22:58","slug":"hot-wok-silverline-estufa-de-gas-45-kw-estufa-de-camping-estufa-de-gas","status":"publish","type":"product","link":"https:\/\/recambiosecogas.com\/pt-pt\/produto\/hot-wok-silverline-estufa-de-gas-45-kw-estufa-de-camping-estufa-de-gas\/","title":{"rendered":"HOT WOK Silverline estufa de gas 4,5 kW estufa de camping, estufa de gas"},"content":{"rendered":"<p>Estufa de Gas HOT WOK Silverline 4,5 kW<br \/>\nCalentador port\u00e1til para actividades al aire libre<\/p>\n<p>La estufa de gas HOT WOK Silverline de 4,5 kW es un dispositivo dise\u00f1ado para ofrecer un calentamiento eficiente en entornos exteriores, como camping o picnics. Funciona con GLP, lo que la convierte en una opci\u00f3n ideal para quienes buscan una soluci\u00f3n de calefacci\u00f3n port\u00e1til y efectiva. Su dise\u00f1o robusto y funcional permite un uso seguro y pr\u00e1ctico en diversas condiciones.<\/p>\n<p>Esta estufa es capaz de calentar r\u00e1pidamente el espacio, lo que es esencial para disfrutar de actividades al aire libre en climas fr\u00edos. Su potencia de 4,5 kW asegura un rendimiento adecuado para calentar \u00e1reas peque\u00f1as y medianas. Es importante seguir las instrucciones del fabricante para garantizar un uso seguro y eficiente.<\/p>\n<p>La estufa HOT WOK es necesaria en situaciones donde se requiere un calentamiento r\u00e1pido y efectivo en exteriores. Se recomienda su uso en acampadas, excursiones o cualquier actividad al aire libre donde se necesite calor adicional.<\/p>\n<p>Compatibilidad<br \/>\nCompatible con sistemas de gas GLP. Se recomienda verificar la referencia original antes de realizar la compra.<\/p>\n","protected":false},"excerpt":{"rendered":"<p>Estufa de gas HOT WOK Silverline de 4,5 kW, ideal para camping y actividades al aire libre, proporciona un calentamiento eficiente con GLP.<\/p>\n","protected":false},"featured_media":17569,"comment_status":"open","ping_status":"closed","template":"","meta":{"googlesitekit_rrm_CAowud7EDA:productID":"","_uag_custom_page_level_css":""},"product_brand":[],"product_cat":[643],"product_tag":[],"class_list":{"0":"post-17910","1":"product","2":"type-product","3":"status-publish","4":"has-post-thumbnail","6":"product_cat-barbacoas-autocaravanas","8":"first","9":"onbackorder","10":"taxable","11":"shipping-taxable","12":"purchasable","13":"product-type-simple"},"ct_brands":[],"yoast_head":"<!-- This site is optimized with the Yoast SEO Premium plugin v27.4 (Yoast SEO v27.4) - https:\/\/yoast.com\/product\/yoast-seo-premium-wordpress\/ -->\n<title>Estufa de Gas HOT WOK Silverline 4,5 kW | Recambios Ecogas<\/title>\n<meta name=\"description\" content=\"Estufa de gas HOT WOK Silverline de 4,5 kW, ideal para camping y actividades al aire libre, proporciona un calentamiento eficiente con GLP.\" \/>\n<meta name=\"robots\" content=\"index, follow, max-snippet:-1, max-image-preview:large, max-video-preview:-1\" \/>\n<link rel=\"canonical\" href=\"https:\/\/recambiosecogas.com\/pt-pt\/produto\/hot-wok-silverline-estufa-de-gas-45-kw-estufa-de-camping-estufa-de-gas\/\" \/>\n<meta property=\"og:locale\" content=\"pt_PT\" \/>\n<meta property=\"og:type\" content=\"article\" \/>\n<meta property=\"og:title\" content=\"HOT WOK Silverline estufa de gas 4,5 kW estufa de camping, estufa de gas\" \/>\n<meta property=\"og:description\" content=\"Estufa de gas HOT WOK Silverline de 4,5 kW, ideal para camping y actividades al aire libre, proporciona un calentamiento eficiente con GLP.\" \/>\n<meta property=\"og:url\" content=\"https:\/\/recambiosecogas.com\/pt-pt\/produto\/hot-wok-silverline-estufa-de-gas-45-kw-estufa-de-camping-estufa-de-gas\/\" \/>\n<meta property=\"og:site_name\" content=\"Recambios EcoGas\" \/>\n<meta property=\"article:publisher\" content=\"https:\/\/www.facebook.com\/profile.php?id=100062419705358\" \/>\n<meta property=\"article:modified_time\" content=\"2026-03-24T10:22:58+00:00\" \/>\n<meta property=\"og:image\" content=\"https:\/\/recambiosecogas.com\/wp-content\/uploads\/2025\/02\/imagen-no-disponible-recambios-ecogas-png.webp\" \/>\n\t<meta property=\"og:image:width\" content=\"1000\" \/>\n\t<meta property=\"og:image:height\" content=\"1000\" \/>\n\t<meta property=\"og:image:type\" content=\"image\/png\" \/>\n<meta name=\"twitter:card\" content=\"summary_large_image\" \/>\n<meta name=\"twitter:label1\" content=\"pre\u00e7o\" \/>\n\t<meta name=\"twitter:data1\" content=\"183,56&nbsp;&euro; (IVA incl.: 222,11&nbsp;&euro;)\" \/>\n\t<meta name=\"twitter:label2\" content=\"Disponibilidade\" \/>\n\t<meta name=\"twitter:data2\" content=\"Por encomenda\" \/>\n<script type=\"application\/ld+json\" class=\"yoast-schema-graph\">{\"@context\":\"https:\\\/\\\/schema.org\",\"@graph\":[{\"@type\":\"WebPage\",\"@id\":\"https:\\\/\\\/recambiosecogas.com\\\/pt-pt\\\/produto\\\/hot-wok-silverline-estufa-de-gas-45-kw-estufa-de-camping-estufa-de-gas\\\/\",\"url\":\"https:\\\/\\\/recambiosecogas.com\\\/pt-pt\\\/produto\\\/hot-wok-silverline-estufa-de-gas-45-kw-estufa-de-camping-estufa-de-gas\\\/\",\"name\":\"Estufa de Gas HOT WOK Silverline 4,5 kW | Recambios Ecogas\",\"isPartOf\":{\"@id\":\"https:\\\/\\\/recambiosecogas.com\\\/pt-pt\\\/#website\"},\"primaryImageOfPage\":{\"@id\":\"https:\\\/\\\/recambiosecogas.com\\\/pt-pt\\\/produto\\\/hot-wok-silverline-estufa-de-gas-45-kw-estufa-de-camping-estufa-de-gas\\\/#primaryimage\"},\"image\":{\"@id\":\"https:\\\/\\\/recambiosecogas.com\\\/pt-pt\\\/produto\\\/hot-wok-silverline-estufa-de-gas-45-kw-estufa-de-camping-estufa-de-gas\\\/#primaryimage\"},\"thumbnailUrl\":\"https:\\\/\\\/recambiosecogas.com\\\/wp-content\\\/uploads\\\/2025\\\/02\\\/imagen-no-disponible-recambios-ecogas-png.webp\",\"datePublished\":\"2025-02-24T11:01:21+00:00\",\"dateModified\":\"2026-03-24T10:22:58+00:00\",\"description\":\"Estufa de gas HOT WOK Silverline de 4,5 kW, ideal para camping y actividades al aire libre, proporciona un calentamiento eficiente con GLP.\",\"breadcrumb\":{\"@id\":\"https:\\\/\\\/recambiosecogas.com\\\/pt-pt\\\/produto\\\/hot-wok-silverline-estufa-de-gas-45-kw-estufa-de-camping-estufa-de-gas\\\/#breadcrumb\"},\"inLanguage\":\"pt-PT\",\"potentialAction\":[{\"@type\":\"ReadAction\",\"target\":[\"https:\\\/\\\/recambiosecogas.com\\\/pt-pt\\\/produto\\\/hot-wok-silverline-estufa-de-gas-45-kw-estufa-de-camping-estufa-de-gas\\\/\"]}]},{\"@type\":\"ImageObject\",\"inLanguage\":\"pt-PT\",\"@id\":\"https:\\\/\\\/recambiosecogas.com\\\/pt-pt\\\/produto\\\/hot-wok-silverline-estufa-de-gas-45-kw-estufa-de-camping-estufa-de-gas\\\/#primaryimage\",\"url\":\"https:\\\/\\\/recambiosecogas.com\\\/wp-content\\\/uploads\\\/2025\\\/02\\\/imagen-no-disponible-recambios-ecogas-png.webp\",\"contentUrl\":\"https:\\\/\\\/recambiosecogas.com\\\/wp-content\\\/uploads\\\/2025\\\/02\\\/imagen-no-disponible-recambios-ecogas-png.webp\",\"width\":1000,\"height\":1000},{\"@type\":\"BreadcrumbList\",\"@id\":\"https:\\\/\\\/recambiosecogas.com\\\/pt-pt\\\/produto\\\/hot-wok-silverline-estufa-de-gas-45-kw-estufa-de-camping-estufa-de-gas\\\/#breadcrumb\",\"itemListElement\":[{\"@type\":\"ListItem\",\"position\":1,\"name\":\"P\u00e1gina inicial\",\"item\":\"https:\\\/\\\/recambiosecogas.com\\\/pt-pt\\\/\"},{\"@type\":\"ListItem\",\"position\":2,\"name\":\"Loja\",\"item\":\"https:\\\/\\\/recambiosecogas.com\\\/pt-pt\\\/tienda\\\/\"},{\"@type\":\"ListItem\",\"position\":3,\"name\":\"HOT WOK Silverline estufa de gas 4,5 kW estufa de camping, estufa de gas\"}]},{\"@type\":\"WebSite\",\"@id\":\"https:\\\/\\\/recambiosecogas.com\\\/pt-pt\\\/#website\",\"url\":\"https:\\\/\\\/recambiosecogas.com\\\/pt-pt\\\/\",\"name\":\"Recambios EcoGas\",\"description\":\"Pe\u00e7as multimarca para sistemas de GPL\\\/GNC\\\/GNL\\\/Hidrog\u00e9nio\",\"publisher\":{\"@id\":\"https:\\\/\\\/recambiosecogas.com\\\/pt-pt\\\/#organization\"},\"alternateName\":\"Recambios Autogas GLP\",\"potentialAction\":[{\"@type\":\"SearchAction\",\"target\":{\"@type\":\"EntryPoint\",\"urlTemplate\":\"https:\\\/\\\/recambiosecogas.com\\\/pt-pt\\\/?s={search_term_string}\"},\"query-input\":{\"@type\":\"PropertyValueSpecification\",\"valueRequired\":true,\"valueName\":\"search_term_string\"}}],\"inLanguage\":\"pt-PT\"},{\"@type\":[\"Organization\",\"Place\"],\"@id\":\"https:\\\/\\\/recambiosecogas.com\\\/pt-pt\\\/#organization\",\"name\":\"Recambios EcoGas\",\"alternateName\":\"Loja de GPL Autog\u00e1s Espanha\",\"url\":\"https:\\\/\\\/recambiosecogas.com\\\/pt-pt\\\/\",\"logo\":{\"@id\":\"https:\\\/\\\/recambiosecogas.com\\\/pt-pt\\\/produto\\\/hot-wok-silverline-estufa-de-gas-45-kw-estufa-de-camping-estufa-de-gas\\\/#local-main-organization-logo\"},\"image\":{\"@id\":\"https:\\\/\\\/recambiosecogas.com\\\/pt-pt\\\/produto\\\/hot-wok-silverline-estufa-de-gas-45-kw-estufa-de-camping-estufa-de-gas\\\/#local-main-organization-logo\"},\"sameAs\":[\"https:\\\/\\\/www.facebook.com\\\/profile.php?id=100062419705358\",\"https:\\\/\\\/www.instagram.com\\\/segimon_automocio\"],\"description\":\"Recambios EcoGas \u2013 Venta y distribuci\u00f3n de sistemas GLP y GNC en Espa\u00f1a y Portugal. Env\u00edos 24 h, soporte t\u00e9cnico a talleres y distribuidores.\",\"hasMerchantReturnPolicy\":{\"@type\":\"MerchantReturnPolicy\",\"merchantReturnLink\":\"https:\\\/\\\/recambiosecogas.com\\\/politicas-privacidad\\\/\"},\"address\":{\"@id\":\"https:\\\/\\\/recambiosecogas.com\\\/pt-pt\\\/produto\\\/hot-wok-silverline-estufa-de-gas-45-kw-estufa-de-camping-estufa-de-gas\\\/#local-main-place-address\"},\"telephone\":[\"616250633\"],\"contactPoint\":{\"@type\":\"ContactPoint\",\"email\":\"export@recambiosecogas.com\"},\"openingHoursSpecification\":[{\"@type\":\"OpeningHoursSpecification\",\"dayOfWeek\":[\"Monday\",\"Tuesday\",\"Wednesday\",\"Thursday\",\"Friday\",\"Saturday\",\"Sunday\"],\"opens\":\"09:00\",\"closes\":\"17:00\"}],\"email\":\"info@recambiosecogas.com\",\"faxNumber\":\"SEGIMON AUTOMOCION SL\",\"vatID\":\"ESB19819861\",\"globalLocationNumber\":\"938 616 339\"},{\"@type\":\"PostalAddress\",\"@id\":\"https:\\\/\\\/recambiosecogas.com\\\/pt-pt\\\/produto\\\/hot-wok-silverline-estufa-de-gas-45-kw-estufa-de-camping-estufa-de-gas\\\/#local-main-place-address\",\"streetAddress\":\"cami antic de vic, 29 (Nave 3), Pol\u00edgono Industrial Congost\",\"addressLocality\":\"CORRO D`AVALL\",\"postalCode\":\"08520\",\"addressRegion\":\"Barcelona\",\"addressCountry\":\"ES\"},{\"@type\":\"ImageObject\",\"inLanguage\":\"pt-PT\",\"@id\":\"https:\\\/\\\/recambiosecogas.com\\\/pt-pt\\\/produto\\\/hot-wok-silverline-estufa-de-gas-45-kw-estufa-de-camping-estufa-de-gas\\\/#local-main-organization-logo\",\"url\":\"https:\\\/\\\/recambiosecogas.com\\\/wp-content\\\/uploads\\\/2024\\\/11\\\/cropped-RECAMBIOS-GLP-png.webp\",\"contentUrl\":\"https:\\\/\\\/recambiosecogas.com\\\/wp-content\\\/uploads\\\/2024\\\/11\\\/cropped-RECAMBIOS-GLP-png.webp\",\"width\":512,\"height\":512,\"caption\":\"Recambios EcoGas\"}]}<\/script>\n<meta property=\"product:price:amount\" content=\"183.56\" \/>\n<meta property=\"product:price:currency\" content=\"EUR\" \/>\n<meta property=\"og:availability\" content=\"backorder\" \/>\n<meta property=\"product:availability\" content=\"available for order\" \/>\n<meta property=\"product:retailer_item_id\" content=\"111663P\" \/>\n<meta property=\"product:condition\" content=\"new\" \/>\n<meta name=\"geo.placename\" content=\"CORRO D`AVALL\" \/>\n<meta name=\"geo.region\" content=\"Espanha\" \/>\n<!-- \/ Yoast SEO Premium plugin. -->","yoast_head_json":{"title":"Estufa de Gas HOT WOK Silverline 4,5 kW | Recambios Ecogas","description":"Estufa de gas HOT WOK Silverline de 4,5 kW, ideal para camping y actividades al aire libre, proporciona un calentamiento eficiente con GLP.","robots":{"index":"index","follow":"follow","max-snippet":"max-snippet:-1","max-image-preview":"max-image-preview:large","max-video-preview":"max-video-preview:-1"},"canonical":"https:\/\/recambiosecogas.com\/pt-pt\/produto\/hot-wok-silverline-estufa-de-gas-45-kw-estufa-de-camping-estufa-de-gas\/","og_locale":"pt_PT","og_type":"article","og_title":"HOT WOK Silverline estufa de gas 4,5 kW estufa de camping, estufa de gas","og_description":"Estufa de gas HOT WOK Silverline de 4,5 kW, ideal para camping y actividades al aire libre, proporciona un calentamiento eficiente con GLP.","og_url":"https:\/\/recambiosecogas.com\/pt-pt\/produto\/hot-wok-silverline-estufa-de-gas-45-kw-estufa-de-camping-estufa-de-gas\/","og_site_name":"Recambios EcoGas","article_publisher":"https:\/\/www.facebook.com\/profile.php?id=100062419705358","article_modified_time":"2026-03-24T10:22:58+00:00","og_image":[{"width":1000,"height":1000,"url":"https:\/\/recambiosecogas.com\/wp-content\/uploads\/2025\/02\/imagen-no-disponible-recambios-ecogas-png.webp","type":"image\/png"}],"twitter_card":"summary_large_image","twitter_misc":{"pre\u00e7o":"183,56&nbsp;&euro; (IVA incl.: 222,11&nbsp;&euro;)","Disponibilidade":"Por encomenda"},"schema":{"@context":"https:\/\/schema.org","@graph":[{"@type":"WebPage","@id":"https:\/\/recambiosecogas.com\/pt-pt\/produto\/hot-wok-silverline-estufa-de-gas-45-kw-estufa-de-camping-estufa-de-gas\/","url":"https:\/\/recambiosecogas.com\/pt-pt\/produto\/hot-wok-silverline-estufa-de-gas-45-kw-estufa-de-camping-estufa-de-gas\/","name":"Estufa de Gas HOT WOK Silverline 4,5 kW | Recambios Ecogas","isPartOf":{"@id":"https:\/\/recambiosecogas.com\/pt-pt\/#website"},"primaryImageOfPage":{"@id":"https:\/\/recambiosecogas.com\/pt-pt\/produto\/hot-wok-silverline-estufa-de-gas-45-kw-estufa-de-camping-estufa-de-gas\/#primaryimage"},"image":{"@id":"https:\/\/recambiosecogas.com\/pt-pt\/produto\/hot-wok-silverline-estufa-de-gas-45-kw-estufa-de-camping-estufa-de-gas\/#primaryimage"},"thumbnailUrl":"https:\/\/recambiosecogas.com\/wp-content\/uploads\/2025\/02\/imagen-no-disponible-recambios-ecogas-png.webp","datePublished":"2025-02-24T11:01:21+00:00","dateModified":"2026-03-24T10:22:58+00:00","description":"Estufa de gas HOT WOK Silverline de 4,5 kW, ideal para camping y actividades al aire libre, proporciona un calentamiento eficiente con GLP.","breadcrumb":{"@id":"https:\/\/recambiosecogas.com\/pt-pt\/produto\/hot-wok-silverline-estufa-de-gas-45-kw-estufa-de-camping-estufa-de-gas\/#breadcrumb"},"inLanguage":"pt-PT","potentialAction":[{"@type":"ReadAction","target":["https:\/\/recambiosecogas.com\/pt-pt\/produto\/hot-wok-silverline-estufa-de-gas-45-kw-estufa-de-camping-estufa-de-gas\/"]}]},{"@type":"ImageObject","inLanguage":"pt-PT","@id":"https:\/\/recambiosecogas.com\/pt-pt\/produto\/hot-wok-silverline-estufa-de-gas-45-kw-estufa-de-camping-estufa-de-gas\/#primaryimage","url":"https:\/\/recambiosecogas.com\/wp-content\/uploads\/2025\/02\/imagen-no-disponible-recambios-ecogas-png.webp","contentUrl":"https:\/\/recambiosecogas.com\/wp-content\/uploads\/2025\/02\/imagen-no-disponible-recambios-ecogas-png.webp","width":1000,"height":1000},{"@type":"BreadcrumbList","@id":"https:\/\/recambiosecogas.com\/pt-pt\/produto\/hot-wok-silverline-estufa-de-gas-45-kw-estufa-de-camping-estufa-de-gas\/#breadcrumb","itemListElement":[{"@type":"ListItem","position":1,"name":"P\u00e1gina inicial","item":"https:\/\/recambiosecogas.com\/pt-pt\/"},{"@type":"ListItem","position":2,"name":"Loja","item":"https:\/\/recambiosecogas.com\/pt-pt\/tienda\/"},{"@type":"ListItem","position":3,"name":"HOT WOK Silverline estufa de gas 4,5 kW estufa de camping, estufa de gas"}]},{"@type":"WebSite","@id":"https:\/\/recambiosecogas.com\/pt-pt\/#website","url":"https:\/\/recambiosecogas.com\/pt-pt\/","name":"Recambios EcoGas","description":"Pe\u00e7as multimarca para sistemas de GPL\/GNC\/GNL\/Hidrog\u00e9nio","publisher":{"@id":"https:\/\/recambiosecogas.com\/pt-pt\/#organization"},"alternateName":"Recambios Autogas GLP","potentialAction":[{"@type":"SearchAction","target":{"@type":"EntryPoint","urlTemplate":"https:\/\/recambiosecogas.com\/pt-pt\/?s={search_term_string}"},"query-input":{"@type":"PropertyValueSpecification","valueRequired":true,"valueName":"search_term_string"}}],"inLanguage":"pt-PT"},{"@type":["Organization","Place"],"@id":"https:\/\/recambiosecogas.com\/pt-pt\/#organization","name":"Recambios EcoGas","alternateName":"Loja de GPL Autog\u00e1s Espanha","url":"https:\/\/recambiosecogas.com\/pt-pt\/","logo":{"@id":"https:\/\/recambiosecogas.com\/pt-pt\/produto\/hot-wok-silverline-estufa-de-gas-45-kw-estufa-de-camping-estufa-de-gas\/#local-main-organization-logo"},"image":{"@id":"https:\/\/recambiosecogas.com\/pt-pt\/produto\/hot-wok-silverline-estufa-de-gas-45-kw-estufa-de-camping-estufa-de-gas\/#local-main-organization-logo"},"sameAs":["https:\/\/www.facebook.com\/profile.php?id=100062419705358","https:\/\/www.instagram.com\/segimon_automocio"],"description":"Recambios EcoGas \u2013 Venta y distribuci\u00f3n de sistemas GLP y GNC en Espa\u00f1a y Portugal. Env\u00edos 24 h, soporte t\u00e9cnico a talleres y distribuidores.","hasMerchantReturnPolicy":{"@type":"MerchantReturnPolicy","merchantReturnLink":"https:\/\/recambiosecogas.com\/politicas-privacidad\/"},"address":{"@id":"https:\/\/recambiosecogas.com\/pt-pt\/produto\/hot-wok-silverline-estufa-de-gas-45-kw-estufa-de-camping-estufa-de-gas\/#local-main-place-address"},"telephone":["616250633"],"contactPoint":{"@type":"ContactPoint","email":"export@recambiosecogas.com"},"openingHoursSpecification":[{"@type":"OpeningHoursSpecification","dayOfWeek":["Monday","Tuesday","Wednesday","Thursday","Friday","Saturday","Sunday"],"opens":"09:00","closes":"17:00"}],"email":"info@recambiosecogas.com","faxNumber":"SEGIMON AUTOMOCION SL","vatID":"ESB19819861","globalLocationNumber":"938 616 339"},{"@type":"PostalAddress","@id":"https:\/\/recambiosecogas.com\/pt-pt\/produto\/hot-wok-silverline-estufa-de-gas-45-kw-estufa-de-camping-estufa-de-gas\/#local-main-place-address","streetAddress":"cami antic de vic, 29 (Nave 3), Pol\u00edgono Industrial Congost","addressLocality":"CORRO D`AVALL","postalCode":"08520","addressRegion":"Barcelona","addressCountry":"ES"},{"@type":"ImageObject","inLanguage":"pt-PT","@id":"https:\/\/recambiosecogas.com\/pt-pt\/produto\/hot-wok-silverline-estufa-de-gas-45-kw-estufa-de-camping-estufa-de-gas\/#local-main-organization-logo","url":"https:\/\/recambiosecogas.com\/wp-content\/uploads\/2024\/11\/cropped-RECAMBIOS-GLP-png.webp","contentUrl":"https:\/\/recambiosecogas.com\/wp-content\/uploads\/2024\/11\/cropped-RECAMBIOS-GLP-png.webp","width":512,"height":512,"caption":"Recambios EcoGas"}]},"product_price_amount":"183.56","product_price_currency":"EUR","og_availability":"backorder","product_availability":"available for order","product_retailer_item_id":"111663P","product_condition":"new","geo.placename":"CORRO D`AVALL","geo.region":"Espanha"},"uagb_featured_image_src":{"full":["https:\/\/recambiosecogas.com\/wp-content\/uploads\/2025\/02\/imagen-no-disponible-recambios-ecogas-png.webp",1000,1000,false],"thumbnail":["https:\/\/recambiosecogas.com\/wp-content\/uploads\/2025\/02\/imagen-no-disponible-recambios-ecogas-150x150.webp",150,150,true],"medium":["https:\/\/recambiosecogas.com\/wp-content\/uploads\/2025\/02\/imagen-no-disponible-recambios-ecogas-300x300.webp",300,300,true],"medium_large":["https:\/\/recambiosecogas.com\/wp-content\/uploads\/2025\/02\/imagen-no-disponible-recambios-ecogas-768x768.webp",768,768,true],"large":["https:\/\/recambiosecogas.com\/wp-content\/uploads\/2025\/02\/imagen-no-disponible-recambios-ecogas-png.webp",1000,1000,false],"1536x1536":["https:\/\/recambiosecogas.com\/wp-content\/uploads\/2025\/02\/imagen-no-disponible-recambios-ecogas-png.webp",1000,1000,false],"2048x2048":["https:\/\/recambiosecogas.com\/wp-content\/uploads\/2025\/02\/imagen-no-disponible-recambios-ecogas-png.webp",1000,1000,false],"woocommerce_archive_thumbnail":["https:\/\/recambiosecogas.com\/wp-content\/uploads\/2025\/02\/imagen-no-disponible-recambios-ecogas-png.webp",1000,1000,false],"woocommerce_thumbnail":["https:\/\/recambiosecogas.com\/wp-content\/uploads\/2025\/02\/imagen-no-disponible-recambios-ecogas-300x300.webp",300,300,true],"woocommerce_single":["https:\/\/recambiosecogas.com\/wp-content\/uploads\/2025\/02\/imagen-no-disponible-recambios-ecogas-png.webp",1000,1000,false],"woocommerce_gallery_thumbnail":["https:\/\/recambiosecogas.com\/wp-content\/uploads\/2025\/02\/imagen-no-disponible-recambios-ecogas-png.webp",1000,1000,false],"dgwt-wcas-product-suggestion":["https:\/\/recambiosecogas.com\/wp-content\/uploads\/2025\/02\/imagen-no-disponible-recambios-ecogas-64x64.webp",64,64,true]},"uagb_author_info":{"display_name":"Fran - Soporte T\u00e9cnico","author_link":"https:\/\/recambiosecogas.com\/pt-pt\/author\/"},"uagb_comment_info":0,"uagb_excerpt":"Estufa de gas HOT WOK Silverline de 4,5 kW, ideal para camping y actividades al aire libre, proporciona un calentamiento eficiente con GLP.","_links":{"self":[{"href":"https:\/\/recambiosecogas.com\/pt-pt\/wp-json\/wp\/v2\/product\/17910","targetHints":{"allow":["GET"]}}],"collection":[{"href":"https:\/\/recambiosecogas.com\/pt-pt\/wp-json\/wp\/v2\/product"}],"about":[{"href":"https:\/\/recambiosecogas.com\/pt-pt\/wp-json\/wp\/v2\/types\/product"}],"replies":[{"embeddable":true,"href":"https:\/\/recambiosecogas.com\/pt-pt\/wp-json\/wp\/v2\/comments?post=17910"}],"wp:featuredmedia":[{"embeddable":true,"href":"https:\/\/recambiosecogas.com\/pt-pt\/wp-json\/wp\/v2\/media\/17569"}],"wp:attachment":[{"href":"https:\/\/recambiosecogas.com\/pt-pt\/wp-json\/wp\/v2\/media?parent=17910"}],"wp:term":[{"taxonomy":"product_brand","embeddable":true,"href":"https:\/\/recambiosecogas.com\/pt-pt\/wp-json\/wp\/v2\/product_brand?post=17910"},{"taxonomy":"product_cat","embeddable":true,"href":"https:\/\/recambiosecogas.com\/pt-pt\/wp-json\/wp\/v2\/product_cat?post=17910"},{"taxonomy":"product_tag","embeddable":true,"href":"https:\/\/recambiosecogas.com\/pt-pt\/wp-json\/wp\/v2\/product_tag?post=17910"}],"curies":[{"name":"wp","href":"https:\/\/api.w.org\/{rel}","templated":true}]}}