{"id":17881,"date":"2025-02-24T11:25:36","date_gmt":"2025-02-24T10:25:36","guid":{"rendered":"https:\/\/recambiosecogas.com\/producto\/truma-regulador-de-presion-de-gas-duocontrol-cs-vertical-2-x-g-36-10-u-8-mm\/"},"modified":"2026-03-26T12:00:39","modified_gmt":"2026-03-26T11:00:39","slug":"truma-regulador-de-presion-de-gas-duocontrol-cs-vertical-2-x-g-36-10-u-8-mm","status":"publish","type":"product","link":"https:\/\/recambiosecogas.com\/pt-pt\/producto\/truma-regulador-de-presion-de-gas-duocontrol-cs-vertical-2-x-g-36-10-u-8-mm\/","title":{"rendered":"Truma Regulador de presi\u00f3n de gas DuoControl CS vertical 2 x G.36 -> 10 u 8 mm"},"content":{"rendered":"<p><strong>Regulador de presi\u00f3n de gas\u00a0Truma DuoControl CS<\/strong>\u00a0con sensor de colisi\u00f3n para\u00a0<strong>dos bombonas de gas<\/strong>\u00a0permite\u00a0<strong>utilizar el gas durante la conducci\u00f3n<\/strong>\u00a0en la autocaravana o caravana.<\/p>\n<p>El Truma\u00a0<strong>DuoControl CS en la versi\u00f3n vertical<\/strong>\u00a0se monta verticalmente en el armario de gas, es decir, en la pared.<\/p>\n<p>La\u00a0<strong>nueva generaci\u00f3n<\/strong>\u00a0de reguladores DuoControl CS combina varias funciones. El\u00a0<strong>sensor de choque integrado<\/strong>\u00a0detiene el flujo de gas inmediatamente en caso de accidente. Esto\u00a0<strong>evita la fuga de gas<\/strong>\u00a0si el sistema de gas est\u00e1 da\u00f1ado y permite el funcionamiento seguro de los aparatos de gas incluso durante la conducci\u00f3n.<\/p>\n<p>Adem\u00e1s, el\u00a0<strong>DuoControl CS<\/strong>\u00a0cambia autom\u00e1ticamente a la segunda bombona de gas cuando la bombona de funcionamiento est\u00e1 vac\u00eda.\u00a0<strong><br \/>\n<\/strong><\/p>\n<p><strong>Fiable:\u00a0<\/strong>Maneja los aparatos de gas de forma segura incluso mientras conduces &#8211; gracias al sensor de choque integrado<\/p>\n<p><strong>C\u00f3modo:\u00a0<\/strong>F\u00e1cil de ver si el sensor de choque se ha disparado y f\u00e1cil de restablecer<\/p>\n<p><strong>Pr\u00e1ctico:\u00a0<\/strong>Indica qu\u00e9 cilindro est\u00e1 en funcionamiento y, por lo tanto, si est\u00e1 lleno o vac\u00edo &#8211; Indicador remoto disponible por separado<\/p>\n<p><strong>Ligero:\u00a0<\/strong>Ligero &#8211; s\u00f3lo 900 g<\/p>\n<p><strong>Eficiente:\u00a0<\/strong>R\u00e1pido de instalar &#8211; sin necesidad de mantenimiento<\/p>\n<p>Si el\u00a0<strong>sensor de colisi\u00f3n se ha disparado<\/strong>, puede reajustarlo usted mismo. Para asegurarse de que el regulador de presi\u00f3n de gas est\u00e1 r\u00e1pidamente listo para funcionar de nuevo,\u00a0<strong>simplemente pulse el bot\u00f3n amarillo de reinicio<\/strong>\u00a0en el DuoControl CS.<\/p>\n<p>El regulador de presi\u00f3n de gas<strong>\u00a0tiene una capacidad de 1,5 kg\/h<\/strong>, que es adecuada para un consumo m\u00e1ximo. No es necesario calcular el consumo del aparato ni el caudal del sistema de gas.<\/p>\n<p>Para\u00a0<strong>calentar durante la conducci\u00f3n<\/strong>, el Reglamento (CE) n\u00ba 661\/2009 y el Reglamento CEPE R 122, de obligado cumplimiento, exigen un dispositivo de corte de seguridad para autocaravanas y caravanas. El regulador de presi\u00f3n de gas DuoControl CS cumple este requisito.<\/p>\n<p>El <strong>Regulador de presi\u00f3n de gas Truma DuoControl CS<\/strong> es un componente esencial para sistemas de <strong>Autogas<\/strong> en autocaravanas y caravanas. Este regulador permite utilizar gas de manera segura durante la conducci\u00f3n, gracias a su <strong>sensor de colisi\u00f3n integrado<\/strong> que detiene el flujo de gas en caso de accidente, evitando fugas y garantizando la seguridad de los aparatos de gas.<\/p>\n<p>El <strong>DuoControl CS<\/strong> se instala verticalmente en el armario de gas, ocupando poco espacio y facilitando su integraci\u00f3n en el veh\u00edculo. Este regulador no solo proporciona un suministro seguro, sino que tambi\u00e9n cambia autom\u00e1ticamente a la segunda bombona de gas cuando la primera se agota, asegurando un funcionamiento continuo y eficiente.<\/p>\n<p>Con un peso de solo <strong>900 g<\/strong>, el regulador es ligero y f\u00e1cil de manejar. Su instalaci\u00f3n es r\u00e1pida y no requiere mantenimiento, lo que lo convierte en una opci\u00f3n pr\u00e1ctica para los usuarios de autocaravanas. Adem\u00e1s, cuenta con un bot\u00f3n de reinicio que permite restablecer el sistema f\u00e1cilmente si el sensor de colisi\u00f3n se dispara.<\/p>\n<p>El regulador tiene una capacidad de <strong>1,5 kg\/h<\/strong>, adecuada para el consumo m\u00e1ximo de los aparatos de gas. Esto elimina la necesidad de calcular el consumo del sistema, lo que simplifica su uso. Cumple con las normativas de seguridad establecidas por el Reglamento (CE) n\u00ba 661\/2009 y el Reglamento CEPE R 122, lo que lo hace ideal para su uso en autocaravanas y caravanas.<\/p>\n<h4>Datos t\u00e9cnicos<\/h4>\n<p>Capacidad: <strong>1,5 kg\/h<\/strong>. Peso: <strong>900 g<\/strong>. Instalaci\u00f3n: vertical.<\/p>\n<h4>S\u00edntomas de fallo<\/h4>\n<ul>\n<li>Fugas de gas en el sistema<\/li>\n<li>El regulador no cambia a la segunda bombona<\/li>\n<li>El sensor de colisi\u00f3n no se restablece<\/li>\n<li>Indicador de bombona vac\u00edo no funciona<\/li>\n<\/ul>\n<h4>Compatibilidad<\/h4>\n<p>Compatible con sistemas de gas en autocaravanas y caravanas que requieren un regulador de presi\u00f3n de gas. Se recomienda verificar la referencia original antes de realizar la compra.<\/p>\n","protected":false},"excerpt":{"rendered":"<p>TRUMA<\/p>\n","protected":false},"featured_media":19020,"comment_status":"open","ping_status":"closed","template":"","meta":{"_uag_custom_page_level_css":""},"product_brand":[992],"product_cat":[437],"product_tag":[],"class_list":{"0":"post-17881","1":"product","2":"type-product","3":"status-publish","4":"has-post-thumbnail","6":"product_brand-truma","7":"product_cat-reguladores-para-vehiculos","9":"first","10":"onbackorder","11":"taxable","12":"shipping-taxable","13":"purchasable","14":"product-type-simple"},"ct_brands":[{"id":992,"name":"TRUMA","slug":"truma"}],"yoast_head":"<!-- This site is optimized with the Yoast SEO Premium plugin v27.4 (Yoast SEO v27.5) - https:\/\/yoast.com\/product\/yoast-seo-premium-wordpress\/ -->\n<title>Regulador de presi\u00f3n de gas Truma DuoControl CS | Recambios Ecogas<\/title>\n<meta name=\"description\" content=\"Regulador de presi\u00f3n de gas Truma DuoControl CS, ideal para autocaravanas y caravanas, garantiza un suministro seguro de gas durante la conducci\u00f3n.\" \/>\n<meta name=\"robots\" content=\"index, follow, max-snippet:-1, max-image-preview:large, max-video-preview:-1\" \/>\n<link rel=\"canonical\" href=\"https:\/\/recambiosecogas.com\/pt-pt\/producto\/truma-regulador-de-presion-de-gas-duocontrol-cs-vertical-2-x-g-36-10-u-8-mm\/\" \/>\n<meta property=\"og:locale\" content=\"pt_PT\" \/>\n<meta property=\"og:type\" content=\"article\" \/>\n<meta property=\"og:title\" content=\"Truma Regulador de presi\u00f3n de gas DuoControl CS vertical 2 x G.36 -&gt; 10 u 8 mm\" \/>\n<meta property=\"og:description\" content=\"Regulador de presi\u00f3n de gas Truma DuoControl CS, ideal para autocaravanas y caravanas, garantiza un suministro seguro de gas durante la conducci\u00f3n.\" \/>\n<meta property=\"og:url\" content=\"https:\/\/recambiosecogas.com\/pt-pt\/producto\/truma-regulador-de-presion-de-gas-duocontrol-cs-vertical-2-x-g-36-10-u-8-mm\/\" \/>\n<meta property=\"og:site_name\" content=\"Recambios EcoGas\" \/>\n<meta property=\"article:publisher\" content=\"https:\/\/www.facebook.com\/profile.php?id=100062419705358\" \/>\n<meta property=\"article:modified_time\" content=\"2026-03-26T11:00:39+00:00\" \/>\n<meta property=\"og:image\" content=\"https:\/\/recambiosecogas.com\/wp-content\/uploads\/2025\/02\/Truma-Regulador-de-presion-de-gas-DuoControl-CS-vertical-2-x-G.36-10-u-8-mm-png.webp\" \/>\n\t<meta property=\"og:image:width\" content=\"1000\" \/>\n\t<meta property=\"og:image:height\" content=\"1000\" \/>\n\t<meta property=\"og:image:type\" content=\"image\/png\" \/>\n<meta name=\"twitter:card\" content=\"summary_large_image\" \/>\n<meta name=\"twitter:label1\" content=\"pre\u00e7o\" \/>\n\t<meta name=\"twitter:data1\" content=\"175,53&nbsp;&euro; (Sin IVA: 145,07&nbsp;&euro;)\" \/>\n\t<meta name=\"twitter:label2\" content=\"Disponibilidade\" \/>\n\t<meta name=\"twitter:data2\" content=\"Por encomenda\" \/>\n<script type=\"application\/ld+json\" class=\"yoast-schema-graph\">{\"@context\":\"https:\\\/\\\/schema.org\",\"@graph\":[{\"@type\":\"WebPage\",\"@id\":\"https:\\\/\\\/recambiosecogas.com\\\/pt-pt\\\/producto\\\/truma-regulador-de-presion-de-gas-duocontrol-cs-vertical-2-x-g-36-10-u-8-mm\\\/\",\"url\":\"https:\\\/\\\/recambiosecogas.com\\\/pt-pt\\\/producto\\\/truma-regulador-de-presion-de-gas-duocontrol-cs-vertical-2-x-g-36-10-u-8-mm\\\/\",\"name\":\"Regulador de presi\u00f3n de gas Truma DuoControl CS | Recambios Ecogas\",\"isPartOf\":{\"@id\":\"https:\\\/\\\/recambiosecogas.com\\\/pt-pt\\\/#website\"},\"primaryImageOfPage\":{\"@id\":\"https:\\\/\\\/recambiosecogas.com\\\/pt-pt\\\/producto\\\/truma-regulador-de-presion-de-gas-duocontrol-cs-vertical-2-x-g-36-10-u-8-mm\\\/#primaryimage\"},\"image\":{\"@id\":\"https:\\\/\\\/recambiosecogas.com\\\/pt-pt\\\/producto\\\/truma-regulador-de-presion-de-gas-duocontrol-cs-vertical-2-x-g-36-10-u-8-mm\\\/#primaryimage\"},\"thumbnailUrl\":\"https:\\\/\\\/recambiosecogas.com\\\/wp-content\\\/uploads\\\/2025\\\/02\\\/Truma-Regulador-de-presion-de-gas-DuoControl-CS-vertical-2-x-G.36-10-u-8-mm-png.webp\",\"datePublished\":\"2025-02-24T10:25:36+00:00\",\"dateModified\":\"2026-03-26T11:00:39+00:00\",\"description\":\"Regulador de presi\u00f3n de gas Truma DuoControl CS, ideal para autocaravanas y caravanas, garantiza un suministro seguro de gas durante la conducci\u00f3n.\",\"breadcrumb\":{\"@id\":\"https:\\\/\\\/recambiosecogas.com\\\/pt-pt\\\/producto\\\/truma-regulador-de-presion-de-gas-duocontrol-cs-vertical-2-x-g-36-10-u-8-mm\\\/#breadcrumb\"},\"inLanguage\":\"pt-PT\",\"potentialAction\":[{\"@type\":\"ReadAction\",\"target\":[\"https:\\\/\\\/recambiosecogas.com\\\/pt-pt\\\/producto\\\/truma-regulador-de-presion-de-gas-duocontrol-cs-vertical-2-x-g-36-10-u-8-mm\\\/\"]}]},{\"@type\":\"ImageObject\",\"inLanguage\":\"pt-PT\",\"@id\":\"https:\\\/\\\/recambiosecogas.com\\\/pt-pt\\\/producto\\\/truma-regulador-de-presion-de-gas-duocontrol-cs-vertical-2-x-g-36-10-u-8-mm\\\/#primaryimage\",\"url\":\"https:\\\/\\\/recambiosecogas.com\\\/wp-content\\\/uploads\\\/2025\\\/02\\\/Truma-Regulador-de-presion-de-gas-DuoControl-CS-vertical-2-x-G.36-10-u-8-mm-png.webp\",\"contentUrl\":\"https:\\\/\\\/recambiosecogas.com\\\/wp-content\\\/uploads\\\/2025\\\/02\\\/Truma-Regulador-de-presion-de-gas-DuoControl-CS-vertical-2-x-G.36-10-u-8-mm-png.webp\",\"width\":1000,\"height\":1000},{\"@type\":\"BreadcrumbList\",\"@id\":\"https:\\\/\\\/recambiosecogas.com\\\/pt-pt\\\/producto\\\/truma-regulador-de-presion-de-gas-duocontrol-cs-vertical-2-x-g-36-10-u-8-mm\\\/#breadcrumb\",\"itemListElement\":[{\"@type\":\"ListItem\",\"position\":1,\"name\":\"P\u00e1gina inicial\",\"item\":\"https:\\\/\\\/recambiosecogas.com\\\/pt-pt\\\/\"},{\"@type\":\"ListItem\",\"position\":2,\"name\":\"Loja\",\"item\":\"https:\\\/\\\/recambiosecogas.com\\\/pt-pt\\\/tienda\\\/\"},{\"@type\":\"ListItem\",\"position\":3,\"name\":\"Truma Regulador de presi\u00f3n de gas DuoControl CS vertical 2 x G.36 -> 10 u 8 mm\"}]},{\"@type\":\"WebSite\",\"@id\":\"https:\\\/\\\/recambiosecogas.com\\\/pt-pt\\\/#website\",\"url\":\"https:\\\/\\\/recambiosecogas.com\\\/pt-pt\\\/\",\"name\":\"Recambios EcoGas\",\"description\":\"Pe\u00e7as multimarca para sistemas de GPL\\\/GNC\\\/GNL\\\/Hidrog\u00e9nio\",\"publisher\":{\"@id\":\"https:\\\/\\\/recambiosecogas.com\\\/pt-pt\\\/#organization\"},\"alternateName\":\"Recambios Autogas GLP\",\"potentialAction\":[{\"@type\":\"SearchAction\",\"target\":{\"@type\":\"EntryPoint\",\"urlTemplate\":\"https:\\\/\\\/recambiosecogas.com\\\/pt-pt\\\/?s={search_term_string}\"},\"query-input\":{\"@type\":\"PropertyValueSpecification\",\"valueRequired\":true,\"valueName\":\"search_term_string\"}}],\"inLanguage\":\"pt-PT\"},{\"@type\":[\"Organization\",\"Place\"],\"@id\":\"https:\\\/\\\/recambiosecogas.com\\\/pt-pt\\\/#organization\",\"name\":\"Recambios EcoGas\",\"alternateName\":\"Loja de GPL Autog\u00e1s Espanha\",\"url\":\"https:\\\/\\\/recambiosecogas.com\\\/pt-pt\\\/\",\"logo\":{\"@id\":\"https:\\\/\\\/recambiosecogas.com\\\/pt-pt\\\/producto\\\/truma-regulador-de-presion-de-gas-duocontrol-cs-vertical-2-x-g-36-10-u-8-mm\\\/#local-main-organization-logo\"},\"image\":{\"@id\":\"https:\\\/\\\/recambiosecogas.com\\\/pt-pt\\\/producto\\\/truma-regulador-de-presion-de-gas-duocontrol-cs-vertical-2-x-g-36-10-u-8-mm\\\/#local-main-organization-logo\"},\"sameAs\":[\"https:\\\/\\\/www.facebook.com\\\/profile.php?id=100062419705358\",\"https:\\\/\\\/www.instagram.com\\\/segimon_automocio\"],\"description\":\"Recambios EcoGas \u2013 Venta y distribuci\u00f3n de sistemas GLP y GNC en Espa\u00f1a y Portugal. Env\u00edos 24 h, soporte t\u00e9cnico a talleres y distribuidores.\",\"hasMerchantReturnPolicy\":{\"@type\":\"MerchantReturnPolicy\",\"merchantReturnLink\":\"https:\\\/\\\/recambiosecogas.com\\\/politicas-privacidad\\\/\"},\"address\":{\"@id\":\"https:\\\/\\\/recambiosecogas.com\\\/pt-pt\\\/producto\\\/truma-regulador-de-presion-de-gas-duocontrol-cs-vertical-2-x-g-36-10-u-8-mm\\\/#local-main-place-address\"},\"telephone\":[\"616250633\"],\"contactPoint\":{\"@type\":\"ContactPoint\",\"email\":\"export@recambiosecogas.com\"},\"openingHoursSpecification\":[{\"@type\":\"OpeningHoursSpecification\",\"dayOfWeek\":[\"Monday\",\"Tuesday\",\"Wednesday\",\"Thursday\",\"Friday\",\"Saturday\",\"Sunday\"],\"opens\":\"09:00\",\"closes\":\"17:00\"}],\"email\":\"info@recambiosecogas.com\",\"faxNumber\":\"SEGIMON AUTOMOCION SL\",\"vatID\":\"ESB19819861\",\"globalLocationNumber\":\"938 616 339\"},{\"@type\":\"PostalAddress\",\"@id\":\"https:\\\/\\\/recambiosecogas.com\\\/pt-pt\\\/producto\\\/truma-regulador-de-presion-de-gas-duocontrol-cs-vertical-2-x-g-36-10-u-8-mm\\\/#local-main-place-address\",\"streetAddress\":\"cami antic de vic, 29 (Nave 3), Pol\u00edgono Industrial Congost\",\"addressLocality\":\"CORRO D`AVALL\",\"postalCode\":\"08520\",\"addressRegion\":\"Barcelona\",\"addressCountry\":\"ES\"},{\"@type\":\"ImageObject\",\"inLanguage\":\"pt-PT\",\"@id\":\"https:\\\/\\\/recambiosecogas.com\\\/pt-pt\\\/producto\\\/truma-regulador-de-presion-de-gas-duocontrol-cs-vertical-2-x-g-36-10-u-8-mm\\\/#local-main-organization-logo\",\"url\":\"https:\\\/\\\/recambiosecogas.com\\\/wp-content\\\/uploads\\\/2024\\\/11\\\/cropped-RECAMBIOS-GLP-png.webp\",\"contentUrl\":\"https:\\\/\\\/recambiosecogas.com\\\/wp-content\\\/uploads\\\/2024\\\/11\\\/cropped-RECAMBIOS-GLP-png.webp\",\"width\":512,\"height\":512,\"caption\":\"Recambios EcoGas\"}]}<\/script>\n<meta property=\"product:brand\" content=\"TRUMA\" \/>\n<meta property=\"product:price:amount\" content=\"175.53\" \/>\n<meta property=\"product:price:currency\" content=\"EUR\" \/>\n<meta property=\"og:availability\" content=\"backorder\" \/>\n<meta property=\"product:availability\" content=\"available for order\" \/>\n<meta property=\"product:retailer_item_id\" content=\"112019\" \/>\n<meta property=\"product:condition\" content=\"new\" \/>\n<meta name=\"geo.placename\" content=\"CORRO D`AVALL\" \/>\n<meta name=\"geo.region\" content=\"Espanha\" \/>\n<!-- \/ Yoast SEO Premium plugin. -->","yoast_head_json":{"title":"Regulador de presi\u00f3n de gas Truma DuoControl CS | Recambios Ecogas","description":"Regulador de presi\u00f3n de gas Truma DuoControl CS, ideal para autocaravanas y caravanas, garantiza un suministro seguro de gas durante la conducci\u00f3n.","robots":{"index":"index","follow":"follow","max-snippet":"max-snippet:-1","max-image-preview":"max-image-preview:large","max-video-preview":"max-video-preview:-1"},"canonical":"https:\/\/recambiosecogas.com\/pt-pt\/producto\/truma-regulador-de-presion-de-gas-duocontrol-cs-vertical-2-x-g-36-10-u-8-mm\/","og_locale":"pt_PT","og_type":"article","og_title":"Truma Regulador de presi\u00f3n de gas DuoControl CS vertical 2 x G.36 -> 10 u 8 mm","og_description":"Regulador de presi\u00f3n de gas Truma DuoControl CS, ideal para autocaravanas y caravanas, garantiza un suministro seguro de gas durante la conducci\u00f3n.","og_url":"https:\/\/recambiosecogas.com\/pt-pt\/producto\/truma-regulador-de-presion-de-gas-duocontrol-cs-vertical-2-x-g-36-10-u-8-mm\/","og_site_name":"Recambios EcoGas","article_publisher":"https:\/\/www.facebook.com\/profile.php?id=100062419705358","article_modified_time":"2026-03-26T11:00:39+00:00","og_image":[{"width":1000,"height":1000,"url":"https:\/\/recambiosecogas.com\/wp-content\/uploads\/2025\/02\/Truma-Regulador-de-presion-de-gas-DuoControl-CS-vertical-2-x-G.36-10-u-8-mm-png.webp","type":"image\/png"}],"twitter_card":"summary_large_image","twitter_misc":{"pre\u00e7o":"175,53&nbsp;&euro; (Sin IVA: 145,07&nbsp;&euro;)","Disponibilidade":"Por encomenda"},"schema":{"@context":"https:\/\/schema.org","@graph":[{"@type":"WebPage","@id":"https:\/\/recambiosecogas.com\/pt-pt\/producto\/truma-regulador-de-presion-de-gas-duocontrol-cs-vertical-2-x-g-36-10-u-8-mm\/","url":"https:\/\/recambiosecogas.com\/pt-pt\/producto\/truma-regulador-de-presion-de-gas-duocontrol-cs-vertical-2-x-g-36-10-u-8-mm\/","name":"Regulador de presi\u00f3n de gas Truma DuoControl CS | Recambios Ecogas","isPartOf":{"@id":"https:\/\/recambiosecogas.com\/pt-pt\/#website"},"primaryImageOfPage":{"@id":"https:\/\/recambiosecogas.com\/pt-pt\/producto\/truma-regulador-de-presion-de-gas-duocontrol-cs-vertical-2-x-g-36-10-u-8-mm\/#primaryimage"},"image":{"@id":"https:\/\/recambiosecogas.com\/pt-pt\/producto\/truma-regulador-de-presion-de-gas-duocontrol-cs-vertical-2-x-g-36-10-u-8-mm\/#primaryimage"},"thumbnailUrl":"https:\/\/recambiosecogas.com\/wp-content\/uploads\/2025\/02\/Truma-Regulador-de-presion-de-gas-DuoControl-CS-vertical-2-x-G.36-10-u-8-mm-png.webp","datePublished":"2025-02-24T10:25:36+00:00","dateModified":"2026-03-26T11:00:39+00:00","description":"Regulador de presi\u00f3n de gas Truma DuoControl CS, ideal para autocaravanas y caravanas, garantiza un suministro seguro de gas durante la conducci\u00f3n.","breadcrumb":{"@id":"https:\/\/recambiosecogas.com\/pt-pt\/producto\/truma-regulador-de-presion-de-gas-duocontrol-cs-vertical-2-x-g-36-10-u-8-mm\/#breadcrumb"},"inLanguage":"pt-PT","potentialAction":[{"@type":"ReadAction","target":["https:\/\/recambiosecogas.com\/pt-pt\/producto\/truma-regulador-de-presion-de-gas-duocontrol-cs-vertical-2-x-g-36-10-u-8-mm\/"]}]},{"@type":"ImageObject","inLanguage":"pt-PT","@id":"https:\/\/recambiosecogas.com\/pt-pt\/producto\/truma-regulador-de-presion-de-gas-duocontrol-cs-vertical-2-x-g-36-10-u-8-mm\/#primaryimage","url":"https:\/\/recambiosecogas.com\/wp-content\/uploads\/2025\/02\/Truma-Regulador-de-presion-de-gas-DuoControl-CS-vertical-2-x-G.36-10-u-8-mm-png.webp","contentUrl":"https:\/\/recambiosecogas.com\/wp-content\/uploads\/2025\/02\/Truma-Regulador-de-presion-de-gas-DuoControl-CS-vertical-2-x-G.36-10-u-8-mm-png.webp","width":1000,"height":1000},{"@type":"BreadcrumbList","@id":"https:\/\/recambiosecogas.com\/pt-pt\/producto\/truma-regulador-de-presion-de-gas-duocontrol-cs-vertical-2-x-g-36-10-u-8-mm\/#breadcrumb","itemListElement":[{"@type":"ListItem","position":1,"name":"P\u00e1gina inicial","item":"https:\/\/recambiosecogas.com\/pt-pt\/"},{"@type":"ListItem","position":2,"name":"Loja","item":"https:\/\/recambiosecogas.com\/pt-pt\/tienda\/"},{"@type":"ListItem","position":3,"name":"Truma Regulador de presi\u00f3n de gas DuoControl CS vertical 2 x G.36 -> 10 u 8 mm"}]},{"@type":"WebSite","@id":"https:\/\/recambiosecogas.com\/pt-pt\/#website","url":"https:\/\/recambiosecogas.com\/pt-pt\/","name":"Recambios EcoGas","description":"Pe\u00e7as multimarca para sistemas de GPL\/GNC\/GNL\/Hidrog\u00e9nio","publisher":{"@id":"https:\/\/recambiosecogas.com\/pt-pt\/#organization"},"alternateName":"Recambios Autogas GLP","potentialAction":[{"@type":"SearchAction","target":{"@type":"EntryPoint","urlTemplate":"https:\/\/recambiosecogas.com\/pt-pt\/?s={search_term_string}"},"query-input":{"@type":"PropertyValueSpecification","valueRequired":true,"valueName":"search_term_string"}}],"inLanguage":"pt-PT"},{"@type":["Organization","Place"],"@id":"https:\/\/recambiosecogas.com\/pt-pt\/#organization","name":"Recambios EcoGas","alternateName":"Loja de GPL Autog\u00e1s Espanha","url":"https:\/\/recambiosecogas.com\/pt-pt\/","logo":{"@id":"https:\/\/recambiosecogas.com\/pt-pt\/producto\/truma-regulador-de-presion-de-gas-duocontrol-cs-vertical-2-x-g-36-10-u-8-mm\/#local-main-organization-logo"},"image":{"@id":"https:\/\/recambiosecogas.com\/pt-pt\/producto\/truma-regulador-de-presion-de-gas-duocontrol-cs-vertical-2-x-g-36-10-u-8-mm\/#local-main-organization-logo"},"sameAs":["https:\/\/www.facebook.com\/profile.php?id=100062419705358","https:\/\/www.instagram.com\/segimon_automocio"],"description":"Recambios EcoGas \u2013 Venta y distribuci\u00f3n de sistemas GLP y GNC en Espa\u00f1a y Portugal. Env\u00edos 24 h, soporte t\u00e9cnico a talleres y distribuidores.","hasMerchantReturnPolicy":{"@type":"MerchantReturnPolicy","merchantReturnLink":"https:\/\/recambiosecogas.com\/politicas-privacidad\/"},"address":{"@id":"https:\/\/recambiosecogas.com\/pt-pt\/producto\/truma-regulador-de-presion-de-gas-duocontrol-cs-vertical-2-x-g-36-10-u-8-mm\/#local-main-place-address"},"telephone":["616250633"],"contactPoint":{"@type":"ContactPoint","email":"export@recambiosecogas.com"},"openingHoursSpecification":[{"@type":"OpeningHoursSpecification","dayOfWeek":["Monday","Tuesday","Wednesday","Thursday","Friday","Saturday","Sunday"],"opens":"09:00","closes":"17:00"}],"email":"info@recambiosecogas.com","faxNumber":"SEGIMON AUTOMOCION SL","vatID":"ESB19819861","globalLocationNumber":"938 616 339"},{"@type":"PostalAddress","@id":"https:\/\/recambiosecogas.com\/pt-pt\/producto\/truma-regulador-de-presion-de-gas-duocontrol-cs-vertical-2-x-g-36-10-u-8-mm\/#local-main-place-address","streetAddress":"cami antic de vic, 29 (Nave 3), Pol\u00edgono Industrial Congost","addressLocality":"CORRO D`AVALL","postalCode":"08520","addressRegion":"Barcelona","addressCountry":"ES"},{"@type":"ImageObject","inLanguage":"pt-PT","@id":"https:\/\/recambiosecogas.com\/pt-pt\/producto\/truma-regulador-de-presion-de-gas-duocontrol-cs-vertical-2-x-g-36-10-u-8-mm\/#local-main-organization-logo","url":"https:\/\/recambiosecogas.com\/wp-content\/uploads\/2024\/11\/cropped-RECAMBIOS-GLP-png.webp","contentUrl":"https:\/\/recambiosecogas.com\/wp-content\/uploads\/2024\/11\/cropped-RECAMBIOS-GLP-png.webp","width":512,"height":512,"caption":"Recambios EcoGas"}]},"product_brand":"TRUMA","product_price_amount":"175.53","product_price_currency":"EUR","og_availability":"backorder","product_availability":"available for order","product_retailer_item_id":"112019","product_condition":"new","geo.placename":"CORRO D`AVALL","geo.region":"Espanha"},"uagb_featured_image_src":{"full":["https:\/\/recambiosecogas.com\/wp-content\/uploads\/2025\/02\/Truma-Regulador-de-presion-de-gas-DuoControl-CS-vertical-2-x-G.36-10-u-8-mm-png.webp",1000,1000,false],"thumbnail":["https:\/\/recambiosecogas.com\/wp-content\/uploads\/2025\/02\/Truma-Regulador-de-presion-de-gas-DuoControl-CS-vertical-2-x-G.36-10-u-8-mm-150x150.webp",150,150,true],"medium":["https:\/\/recambiosecogas.com\/wp-content\/uploads\/2025\/02\/Truma-Regulador-de-presion-de-gas-DuoControl-CS-vertical-2-x-G.36-10-u-8-mm-300x300.webp",300,300,true],"medium_large":["https:\/\/recambiosecogas.com\/wp-content\/uploads\/2025\/02\/Truma-Regulador-de-presion-de-gas-DuoControl-CS-vertical-2-x-G.36-10-u-8-mm-768x768.webp",768,768,true],"large":["https:\/\/recambiosecogas.com\/wp-content\/uploads\/2025\/02\/Truma-Regulador-de-presion-de-gas-DuoControl-CS-vertical-2-x-G.36-10-u-8-mm-png.webp",1000,1000,false],"1536x1536":["https:\/\/recambiosecogas.com\/wp-content\/uploads\/2025\/02\/Truma-Regulador-de-presion-de-gas-DuoControl-CS-vertical-2-x-G.36-10-u-8-mm-png.webp",1000,1000,false],"2048x2048":["https:\/\/recambiosecogas.com\/wp-content\/uploads\/2025\/02\/Truma-Regulador-de-presion-de-gas-DuoControl-CS-vertical-2-x-G.36-10-u-8-mm-png.webp",1000,1000,false],"woocommerce_archive_thumbnail":["https:\/\/recambiosecogas.com\/wp-content\/uploads\/2025\/02\/Truma-Regulador-de-presion-de-gas-DuoControl-CS-vertical-2-x-G.36-10-u-8-mm-png.webp",1000,1000,false],"woocommerce_thumbnail":["https:\/\/recambiosecogas.com\/wp-content\/uploads\/2025\/02\/Truma-Regulador-de-presion-de-gas-DuoControl-CS-vertical-2-x-G.36-10-u-8-mm-300x300.webp",300,300,true],"woocommerce_single":["https:\/\/recambiosecogas.com\/wp-content\/uploads\/2025\/02\/Truma-Regulador-de-presion-de-gas-DuoControl-CS-vertical-2-x-G.36-10-u-8-mm-png.webp",1000,1000,false],"woocommerce_gallery_thumbnail":["https:\/\/recambiosecogas.com\/wp-content\/uploads\/2025\/02\/Truma-Regulador-de-presion-de-gas-DuoControl-CS-vertical-2-x-G.36-10-u-8-mm-png.webp",1000,1000,false],"dgwt-wcas-product-suggestion":["https:\/\/recambiosecogas.com\/wp-content\/uploads\/2025\/02\/Truma-Regulador-de-presion-de-gas-DuoControl-CS-vertical-2-x-G.36-10-u-8-mm-64x64.webp",64,64,true]},"uagb_author_info":{"display_name":"Fran - Soporte T\u00e9cnico","author_link":"https:\/\/recambiosecogas.com\/pt-pt\/author\/"},"uagb_comment_info":0,"uagb_excerpt":"TRUMA","_links":{"self":[{"href":"https:\/\/recambiosecogas.com\/pt-pt\/wp-json\/wp\/v2\/product\/17881","targetHints":{"allow":["GET"]}}],"collection":[{"href":"https:\/\/recambiosecogas.com\/pt-pt\/wp-json\/wp\/v2\/product"}],"about":[{"href":"https:\/\/recambiosecogas.com\/pt-pt\/wp-json\/wp\/v2\/types\/product"}],"replies":[{"embeddable":true,"href":"https:\/\/recambiosecogas.com\/pt-pt\/wp-json\/wp\/v2\/comments?post=17881"}],"wp:featuredmedia":[{"embeddable":true,"href":"https:\/\/recambiosecogas.com\/pt-pt\/wp-json\/wp\/v2\/media\/19020"}],"wp:attachment":[{"href":"https:\/\/recambiosecogas.com\/pt-pt\/wp-json\/wp\/v2\/media?parent=17881"}],"wp:term":[{"taxonomy":"product_brand","embeddable":true,"href":"https:\/\/recambiosecogas.com\/pt-pt\/wp-json\/wp\/v2\/product_brand?post=17881"},{"taxonomy":"product_cat","embeddable":true,"href":"https:\/\/recambiosecogas.com\/pt-pt\/wp-json\/wp\/v2\/product_cat?post=17881"},{"taxonomy":"product_tag","embeddable":true,"href":"https:\/\/recambiosecogas.com\/pt-pt\/wp-json\/wp\/v2\/product_tag?post=17881"}],"curies":[{"name":"wp","href":"https:\/\/api.w.org\/{rel}","templated":true}]}}