{"id":17880,"date":"2025-02-24T11:25:35","date_gmt":"2025-02-24T10:25:35","guid":{"rendered":"https:\/\/recambiosecogas.com\/producto\/truma-monocontrol-cs-juego-de-taller-juego-completo-de-regulador-de-gas-de-30-mbar-g-12\/"},"modified":"2026-03-26T12:00:38","modified_gmt":"2026-03-26T11:00:38","slug":"truma-monocontrol-cs-juego-de-taller-juego-completo-de-regulador-de-gas-de-30-mbar-g-12","status":"publish","type":"product","link":"https:\/\/recambiosecogas.com\/pt-pt\/producto\/truma-monocontrol-cs-juego-de-taller-juego-completo-de-regulador-de-gas-de-30-mbar-g-12\/","title":{"rendered":"Truma MonoControl CS juego de taller, juego completo de regulador de gas de 30 mbar G.12"},"content":{"rendered":"<p>El\u00a0<strong>Juego de taller Truma MonoControl CS<\/strong>, 30mbar incluye todos los componentes para la instalaci\u00f3n de un sistema de gas de 1 botella. Este set se suministra sin embalaje de taller y est\u00e1 dirigido especialmente a clientes de taller y usuarios OEM.<\/p>\n<p><strong>Regulador de gas<\/strong><\/p>\n<p>Tipo de gas\u00a0<strong>LPG propano\/butano<\/strong><\/p>\n<p>Salida del regulador\u00a0<strong>hasta m\u00e1x. 1,5 kg\/h<\/strong><\/p>\n<p>Entrada del regulador\u00a0<strong>Rosca exterior M20 x 1,5 (G. 13)<\/strong><\/p>\n<p>Salida del regulador\u00a0<strong>Racor 10 u 8 mm (H. 9)<\/strong><\/p>\n<p>Valor de disparo del sensor de colisi\u00f3n\u00a0<strong>4,0 g +\/- 1,0 g<\/strong><\/p>\n<p>Dimensiones\u00a0<strong>106 x 101 x 102 mm (Al x An x Pr)<\/strong><\/p>\n<p>Peso\u00a0<strong>500 g<\/strong><\/p>\n<p>&nbsp;<\/p>\n<p><strong>Manguera de gas<\/strong><\/p>\n<p>Entrada\u00a0<strong>G. 12 Tuerca de uni\u00f3n (W21.8&#215;1\/14&#8243;)<\/strong><\/p>\n<p>Salida\u00a0<strong>G.36 Tuerca de racor (M20x1,5)<\/strong><\/p>\n<p>Longitud\u00a0<strong>450 mm<\/strong><\/p>\n<p>\u00c1mbito de aplicaci\u00f3n, entre otros\u00a0<strong>Alemania, Austria, Polonia, Rusia<\/strong><\/p>\n<p>Prueba seg\u00fan\u00a0<strong>EN16436 Clase 3<\/strong><\/p>\n<p>Presi\u00f3n m\u00e1xima admisible\u00a0<strong>30 bar<\/strong><\/p>\n<p>Resistente al fr\u00edo<strong>&#8211; 30\u00b0<\/strong><\/p>\n<p><strong>Filtro de gas<\/strong><\/p>\n<p>Tipo de gas\u00a0<strong>GPL propano\/butano<\/strong><\/p>\n<p>Presi\u00f3n de servicio\u00a0<strong>0,3 a 16 bar<\/strong><\/p>\n<p>Entrada del filtro\u00a0<strong>Rosca exterior M20x1,5 (G. 36 )<\/strong><\/p>\n<p>Salida del filtro\u00a0<strong>Tuerca de acoplamiento M20x1,5 (G.36)<\/strong><\/p>\n<p>Dimensiones aprox.<strong>67 x 81 x 54 mm (Al x An x Pr)<\/strong><\/p>\n<p>Peso (incl. estera filtrante)\u00a0<strong>370 g<\/strong><\/p>\n<p>El juego incluye:<\/p>\n<ul>\n<li>Truma MonoControl CS, 30 mbar<\/li>\n<li>Filtro de gas\u00a0de Trauma<\/li>\n<li>Manguera de alta presi\u00f3n de Trauma con protecci\u00f3n contra rotura de manguera &#8211; G.12\/DE, 450 mm<\/li>\n<li>Almohadillas filtrantes de Trauma 10 unidades<\/li>\n<\/ul>\n<p>La\u00a0<strong>nueva generaci\u00f3n\u00a0<\/strong>de reguladores de presi\u00f3n de gas de seguridad MonoControl CS es adecuada para una botella de gas. El\u00a0<strong>sensor de colisi\u00f3n<\/strong>\u00a0integrado detiene inmediatamente el flujo de gas en caso de accidente. Esto\u00a0<strong>evita que el gas se escape<\/strong>\u00a0si se da\u00f1a la instalaci\u00f3n de gas.<\/p>\n<p><strong>Fiable:\u00a0<\/strong>Maneje los aparatos de gas de forma segura incluso mientras conduce &#8211; gracias al sensor de colisi\u00f3n integrado<\/p>\n<p><strong>Conveniente:\u00a0<\/strong>F\u00e1cil de reconocer si el sensor de colisi\u00f3n se ha disparado y f\u00e1cil de reajustar &#8211; pantalla remota disponible por separado<\/p>\n<p><strong>Ligero:\u00a0<\/strong>Peso ligero &#8211; s\u00f3lo 500 g<\/p>\n<p><strong>Eficiente:\u00a0<\/strong>R\u00e1pido de instalar &#8211; sin mantenimiento<\/p>\n<p>El <strong>Juego de Taller Truma MonoControl CS<\/strong> es un conjunto completo dise\u00f1ado para la instalaci\u00f3n de un sistema de gas de 1 botella, ideal para aplicaciones de <strong>Autogas<\/strong>. Este juego incluye todos los componentes necesarios, garantizando una instalaci\u00f3n segura y eficiente de sistemas de gas propano\/butano.<\/p>\n<p>El <strong>regulador de gas<\/strong> incluido en el kit opera a una presi\u00f3n de <strong>30 mbar<\/strong> y tiene una capacidad de salida de hasta <strong>1,5 kg\/h<\/strong>. Su entrada est\u00e1 dise\u00f1ada con una rosca exterior de <strong>M20 x 1,5 (G. 13)<\/strong>, mientras que la salida es compatible con racores de <strong>10 u 8 mm (H. 9)<\/strong>. Este regulador cuenta con un sensor de colisi\u00f3n que detiene inmediatamente el flujo de gas en caso de accidente, lo que proporciona una capa adicional de seguridad al sistema.<\/p>\n<p>El juego tambi\u00e9n incluye una <strong>manguera de gas<\/strong> de alta presi\u00f3n con una longitud de <strong>450 mm<\/strong> y conexiones de <strong>G. 12<\/strong> y <strong>G. 36<\/strong>. Esta manguera es resistente a temperaturas de hasta <strong>-30\u00b0<\/strong> y soporta una presi\u00f3n m\u00e1xima de <strong>30 bar<\/strong>, lo que la hace adecuada para condiciones exigentes. Adem\u00e1s, se incluye un <strong>filtro de gas<\/strong> que asegura la limpieza del sistema, con una entrada de rosca exterior de <strong>M20x1,5 (G. 36)<\/strong> y dimensiones aproximadas de <strong>67 x 81 x 54 mm (Al x An x Pr)<\/strong>.<\/p>\n<p>Este conjunto es especialmente \u00fatil para talleres y usuarios OEM, ya que permite una instalaci\u00f3n r\u00e1pida y sin complicaciones. La nueva generaci\u00f3n de reguladores de presi\u00f3n de gas de seguridad MonoControl CS es ligera, con un peso de solo <strong>500 g<\/strong>, lo que facilita su manejo y montaje.<\/p>\n<h4>Datos t\u00e9cnicos<\/h4>\n<p>Salida del regulador: <strong>hasta 1,5 kg\/h<\/strong>. Entrada del regulador: <strong>Rosca exterior M20 x 1,5 (G. 13)<\/strong>. Salida del regulador: <strong>Racor 10 u 8 mm (H. 9)<\/strong>. Dimensiones: <strong>106 x 101 x 102 mm (Al x An x Pr)<\/strong>. Peso: <strong>500 g<\/strong>.<\/p>\n<h4>S\u00edntomas de fallo<\/h4>\n<ul>\n<li>Fugas de gas en las conexiones<\/li>\n<li>Fallo en el sensor de colisi\u00f3n<\/li>\n<li>Presi\u00f3n inadecuada en el sistema<\/li>\n<li>Ruidos inusuales en el regulador<\/li>\n<\/ul>\n<h4>Compatibilidad<\/h4>\n<p>Compatible con sistemas de <strong>Autogas<\/strong> que utilizan reguladores de gas de 30 mbar. Se recomienda verificar la referencia original antes de realizar la compra.<\/p>\n","protected":false},"excerpt":{"rendered":"<p>TRUMA<\/p>\n","protected":false},"featured_media":19022,"comment_status":"open","ping_status":"closed","template":"","meta":{"_uag_custom_page_level_css":""},"product_brand":[992],"product_cat":[437],"product_tag":[],"class_list":{"0":"post-17880","1":"product","2":"type-product","3":"status-publish","4":"has-post-thumbnail","6":"product_brand-truma","7":"product_cat-reguladores-para-vehiculos","9":"first","10":"onbackorder","11":"taxable","12":"shipping-taxable","13":"purchasable","14":"product-type-simple"},"ct_brands":[{"id":992,"name":"TRUMA","slug":"truma"}],"yoast_head":"<!-- This site is optimized with the Yoast SEO Premium plugin v27.5 (Yoast SEO v27.5) - https:\/\/yoast.com\/product\/yoast-seo-premium-wordpress\/ -->\n<title>Juego de Taller Truma MonoControl CS 30 mbar | Recambios Ecogas<\/title>\n<meta name=\"description\" content=\"Juego de taller Truma MonoControl CS para instalaci\u00f3n de gas, incluye regulador y manguera. Ideal para sistemas de Autogas con seguridad mejorada.\" \/>\n<meta name=\"robots\" content=\"index, follow, max-snippet:-1, max-image-preview:large, max-video-preview:-1\" \/>\n<link rel=\"canonical\" href=\"https:\/\/recambiosecogas.com\/pt-pt\/producto\/truma-monocontrol-cs-juego-de-taller-juego-completo-de-regulador-de-gas-de-30-mbar-g-12\/\" \/>\n<meta property=\"og:locale\" content=\"pt_PT\" \/>\n<meta property=\"og:type\" content=\"article\" \/>\n<meta property=\"og:title\" content=\"Truma MonoControl CS juego de taller, juego completo de regulador de gas de 30 mbar G.12\" \/>\n<meta property=\"og:description\" content=\"Juego de taller Truma MonoControl CS para instalaci\u00f3n de gas, incluye regulador y manguera. Ideal para sistemas de Autogas con seguridad mejorada.\" \/>\n<meta property=\"og:url\" content=\"https:\/\/recambiosecogas.com\/pt-pt\/producto\/truma-monocontrol-cs-juego-de-taller-juego-completo-de-regulador-de-gas-de-30-mbar-g-12\/\" \/>\n<meta property=\"og:site_name\" content=\"Recambios EcoGas\" \/>\n<meta property=\"article:publisher\" content=\"https:\/\/www.facebook.com\/profile.php?id=100062419705358\" \/>\n<meta property=\"article:modified_time\" content=\"2026-03-26T11:00:38+00:00\" \/>\n<meta property=\"og:image\" content=\"https:\/\/recambiosecogas.com\/wp-content\/uploads\/2025\/02\/Truma-MonoControl-CS-juego-de-taller-png.webp\" \/>\n\t<meta property=\"og:image:width\" content=\"1000\" \/>\n\t<meta property=\"og:image:height\" content=\"1000\" \/>\n\t<meta property=\"og:image:type\" content=\"image\/png\" \/>\n<meta name=\"twitter:card\" content=\"summary_large_image\" \/>\n<meta name=\"twitter:label1\" content=\"pre\u00e7o\" \/>\n\t<meta name=\"twitter:data1\" content=\"202,83&nbsp;&euro; (Sin IVA: 167,63&nbsp;&euro;)\" \/>\n\t<meta name=\"twitter:label2\" content=\"Disponibilidade\" \/>\n\t<meta name=\"twitter:data2\" content=\"Por encomenda\" \/>\n<script type=\"application\/ld+json\" class=\"yoast-schema-graph\">{\"@context\":\"https:\\\/\\\/schema.org\",\"@graph\":[{\"@type\":\"WebPage\",\"@id\":\"https:\\\/\\\/recambiosecogas.com\\\/pt-pt\\\/producto\\\/truma-monocontrol-cs-juego-de-taller-juego-completo-de-regulador-de-gas-de-30-mbar-g-12\\\/\",\"url\":\"https:\\\/\\\/recambiosecogas.com\\\/pt-pt\\\/producto\\\/truma-monocontrol-cs-juego-de-taller-juego-completo-de-regulador-de-gas-de-30-mbar-g-12\\\/\",\"name\":\"Juego de Taller Truma MonoControl CS 30 mbar | Recambios Ecogas\",\"isPartOf\":{\"@id\":\"https:\\\/\\\/recambiosecogas.com\\\/pt-pt\\\/#website\"},\"primaryImageOfPage\":{\"@id\":\"https:\\\/\\\/recambiosecogas.com\\\/pt-pt\\\/producto\\\/truma-monocontrol-cs-juego-de-taller-juego-completo-de-regulador-de-gas-de-30-mbar-g-12\\\/#primaryimage\"},\"image\":{\"@id\":\"https:\\\/\\\/recambiosecogas.com\\\/pt-pt\\\/producto\\\/truma-monocontrol-cs-juego-de-taller-juego-completo-de-regulador-de-gas-de-30-mbar-g-12\\\/#primaryimage\"},\"thumbnailUrl\":\"https:\\\/\\\/recambiosecogas.com\\\/wp-content\\\/uploads\\\/2025\\\/02\\\/Truma-MonoControl-CS-juego-de-taller-png.webp\",\"datePublished\":\"2025-02-24T10:25:35+00:00\",\"dateModified\":\"2026-03-26T11:00:38+00:00\",\"description\":\"Juego de taller Truma MonoControl CS para instalaci\u00f3n de gas, incluye regulador y manguera. Ideal para sistemas de Autogas con seguridad mejorada.\",\"breadcrumb\":{\"@id\":\"https:\\\/\\\/recambiosecogas.com\\\/pt-pt\\\/producto\\\/truma-monocontrol-cs-juego-de-taller-juego-completo-de-regulador-de-gas-de-30-mbar-g-12\\\/#breadcrumb\"},\"inLanguage\":\"pt-PT\",\"potentialAction\":[{\"@type\":\"ReadAction\",\"target\":[\"https:\\\/\\\/recambiosecogas.com\\\/pt-pt\\\/producto\\\/truma-monocontrol-cs-juego-de-taller-juego-completo-de-regulador-de-gas-de-30-mbar-g-12\\\/\"]}]},{\"@type\":\"ImageObject\",\"inLanguage\":\"pt-PT\",\"@id\":\"https:\\\/\\\/recambiosecogas.com\\\/pt-pt\\\/producto\\\/truma-monocontrol-cs-juego-de-taller-juego-completo-de-regulador-de-gas-de-30-mbar-g-12\\\/#primaryimage\",\"url\":\"https:\\\/\\\/recambiosecogas.com\\\/wp-content\\\/uploads\\\/2025\\\/02\\\/Truma-MonoControl-CS-juego-de-taller-png.webp\",\"contentUrl\":\"https:\\\/\\\/recambiosecogas.com\\\/wp-content\\\/uploads\\\/2025\\\/02\\\/Truma-MonoControl-CS-juego-de-taller-png.webp\",\"width\":1000,\"height\":1000},{\"@type\":\"BreadcrumbList\",\"@id\":\"https:\\\/\\\/recambiosecogas.com\\\/pt-pt\\\/producto\\\/truma-monocontrol-cs-juego-de-taller-juego-completo-de-regulador-de-gas-de-30-mbar-g-12\\\/#breadcrumb\",\"itemListElement\":[{\"@type\":\"ListItem\",\"position\":1,\"name\":\"P\u00e1gina inicial\",\"item\":\"https:\\\/\\\/recambiosecogas.com\\\/pt-pt\\\/\"},{\"@type\":\"ListItem\",\"position\":2,\"name\":\"Loja\",\"item\":\"https:\\\/\\\/recambiosecogas.com\\\/pt-pt\\\/tienda\\\/\"},{\"@type\":\"ListItem\",\"position\":3,\"name\":\"Truma MonoControl CS juego de taller, juego completo de regulador de gas de 30 mbar G.12\"}]},{\"@type\":\"WebSite\",\"@id\":\"https:\\\/\\\/recambiosecogas.com\\\/pt-pt\\\/#website\",\"url\":\"https:\\\/\\\/recambiosecogas.com\\\/pt-pt\\\/\",\"name\":\"Recambios EcoGas\",\"description\":\"Pe\u00e7as multimarca para sistemas de GPL\\\/GNC\\\/GNL\\\/Hidrog\u00e9nio\",\"publisher\":{\"@id\":\"https:\\\/\\\/recambiosecogas.com\\\/pt-pt\\\/#organization\"},\"alternateName\":\"Recambios Autogas GLP\",\"potentialAction\":[{\"@type\":\"SearchAction\",\"target\":{\"@type\":\"EntryPoint\",\"urlTemplate\":\"https:\\\/\\\/recambiosecogas.com\\\/pt-pt\\\/?s={search_term_string}\"},\"query-input\":{\"@type\":\"PropertyValueSpecification\",\"valueRequired\":true,\"valueName\":\"search_term_string\"}}],\"inLanguage\":\"pt-PT\"},{\"@type\":[\"Organization\",\"Place\"],\"@id\":\"https:\\\/\\\/recambiosecogas.com\\\/pt-pt\\\/#organization\",\"name\":\"Recambios EcoGas\",\"alternateName\":\"Loja de GPL Autog\u00e1s Espanha\",\"url\":\"https:\\\/\\\/recambiosecogas.com\\\/pt-pt\\\/\",\"logo\":{\"@id\":\"https:\\\/\\\/recambiosecogas.com\\\/pt-pt\\\/producto\\\/truma-monocontrol-cs-juego-de-taller-juego-completo-de-regulador-de-gas-de-30-mbar-g-12\\\/#local-main-organization-logo\"},\"image\":{\"@id\":\"https:\\\/\\\/recambiosecogas.com\\\/pt-pt\\\/producto\\\/truma-monocontrol-cs-juego-de-taller-juego-completo-de-regulador-de-gas-de-30-mbar-g-12\\\/#local-main-organization-logo\"},\"sameAs\":[\"https:\\\/\\\/www.facebook.com\\\/profile.php?id=100062419705358\",\"https:\\\/\\\/www.instagram.com\\\/segimon_automocio\"],\"description\":\"Recambios EcoGas \u2013 Venta y distribuci\u00f3n de sistemas GLP y GNC en Espa\u00f1a y Portugal. Env\u00edos 24 h, soporte t\u00e9cnico a talleres y distribuidores.\",\"hasMerchantReturnPolicy\":{\"@type\":\"MerchantReturnPolicy\",\"merchantReturnLink\":\"https:\\\/\\\/recambiosecogas.com\\\/politicas-privacidad\\\/\"},\"address\":{\"@id\":\"https:\\\/\\\/recambiosecogas.com\\\/pt-pt\\\/producto\\\/truma-monocontrol-cs-juego-de-taller-juego-completo-de-regulador-de-gas-de-30-mbar-g-12\\\/#local-main-place-address\"},\"telephone\":[\"616250633\"],\"contactPoint\":{\"@type\":\"ContactPoint\",\"email\":\"export@recambiosecogas.com\"},\"openingHoursSpecification\":[{\"@type\":\"OpeningHoursSpecification\",\"dayOfWeek\":[\"Monday\",\"Tuesday\",\"Wednesday\",\"Thursday\",\"Friday\",\"Saturday\",\"Sunday\"],\"opens\":\"09:00\",\"closes\":\"17:00\"}],\"email\":\"info@recambiosecogas.com\",\"faxNumber\":\"SEGIMON AUTOMOCION SL\",\"vatID\":\"ESB19819861\",\"globalLocationNumber\":\"938 616 339\"},{\"@type\":\"PostalAddress\",\"@id\":\"https:\\\/\\\/recambiosecogas.com\\\/pt-pt\\\/producto\\\/truma-monocontrol-cs-juego-de-taller-juego-completo-de-regulador-de-gas-de-30-mbar-g-12\\\/#local-main-place-address\",\"streetAddress\":\"cami antic de vic, 29 (Nave 3), Pol\u00edgono Industrial Congost\",\"addressLocality\":\"CORRO D`AVALL\",\"postalCode\":\"08520\",\"addressRegion\":\"Barcelona\",\"addressCountry\":\"ES\"},{\"@type\":\"ImageObject\",\"inLanguage\":\"pt-PT\",\"@id\":\"https:\\\/\\\/recambiosecogas.com\\\/pt-pt\\\/producto\\\/truma-monocontrol-cs-juego-de-taller-juego-completo-de-regulador-de-gas-de-30-mbar-g-12\\\/#local-main-organization-logo\",\"url\":\"https:\\\/\\\/recambiosecogas.com\\\/wp-content\\\/uploads\\\/2024\\\/11\\\/cropped-RECAMBIOS-GLP-png.webp\",\"contentUrl\":\"https:\\\/\\\/recambiosecogas.com\\\/wp-content\\\/uploads\\\/2024\\\/11\\\/cropped-RECAMBIOS-GLP-png.webp\",\"width\":512,\"height\":512,\"caption\":\"Recambios EcoGas\"}]}<\/script>\n<meta property=\"product:brand\" content=\"TRUMA\" \/>\n<meta property=\"product:price:amount\" content=\"202.83\" \/>\n<meta property=\"product:price:currency\" content=\"EUR\" \/>\n<meta property=\"og:availability\" content=\"backorder\" \/>\n<meta property=\"product:availability\" content=\"available for order\" \/>\n<meta property=\"product:retailer_item_id\" content=\"124022\" \/>\n<meta property=\"product:condition\" content=\"new\" \/>\n<meta name=\"geo.placename\" content=\"CORRO D`AVALL\" \/>\n<meta name=\"geo.region\" content=\"Espanha\" \/>\n<!-- \/ Yoast SEO Premium plugin. -->","yoast_head_json":{"title":"Juego de Taller Truma MonoControl CS 30 mbar | Recambios Ecogas","description":"Juego de taller Truma MonoControl CS para instalaci\u00f3n de gas, incluye regulador y manguera. Ideal para sistemas de Autogas con seguridad mejorada.","robots":{"index":"index","follow":"follow","max-snippet":"max-snippet:-1","max-image-preview":"max-image-preview:large","max-video-preview":"max-video-preview:-1"},"canonical":"https:\/\/recambiosecogas.com\/pt-pt\/producto\/truma-monocontrol-cs-juego-de-taller-juego-completo-de-regulador-de-gas-de-30-mbar-g-12\/","og_locale":"pt_PT","og_type":"article","og_title":"Truma MonoControl CS juego de taller, juego completo de regulador de gas de 30 mbar G.12","og_description":"Juego de taller Truma MonoControl CS para instalaci\u00f3n de gas, incluye regulador y manguera. Ideal para sistemas de Autogas con seguridad mejorada.","og_url":"https:\/\/recambiosecogas.com\/pt-pt\/producto\/truma-monocontrol-cs-juego-de-taller-juego-completo-de-regulador-de-gas-de-30-mbar-g-12\/","og_site_name":"Recambios EcoGas","article_publisher":"https:\/\/www.facebook.com\/profile.php?id=100062419705358","article_modified_time":"2026-03-26T11:00:38+00:00","og_image":[{"width":1000,"height":1000,"url":"https:\/\/recambiosecogas.com\/wp-content\/uploads\/2025\/02\/Truma-MonoControl-CS-juego-de-taller-png.webp","type":"image\/png"}],"twitter_card":"summary_large_image","twitter_misc":{"pre\u00e7o":"202,83&nbsp;&euro; (Sin IVA: 167,63&nbsp;&euro;)","Disponibilidade":"Por encomenda"},"schema":{"@context":"https:\/\/schema.org","@graph":[{"@type":"WebPage","@id":"https:\/\/recambiosecogas.com\/pt-pt\/producto\/truma-monocontrol-cs-juego-de-taller-juego-completo-de-regulador-de-gas-de-30-mbar-g-12\/","url":"https:\/\/recambiosecogas.com\/pt-pt\/producto\/truma-monocontrol-cs-juego-de-taller-juego-completo-de-regulador-de-gas-de-30-mbar-g-12\/","name":"Juego de Taller Truma MonoControl CS 30 mbar | Recambios Ecogas","isPartOf":{"@id":"https:\/\/recambiosecogas.com\/pt-pt\/#website"},"primaryImageOfPage":{"@id":"https:\/\/recambiosecogas.com\/pt-pt\/producto\/truma-monocontrol-cs-juego-de-taller-juego-completo-de-regulador-de-gas-de-30-mbar-g-12\/#primaryimage"},"image":{"@id":"https:\/\/recambiosecogas.com\/pt-pt\/producto\/truma-monocontrol-cs-juego-de-taller-juego-completo-de-regulador-de-gas-de-30-mbar-g-12\/#primaryimage"},"thumbnailUrl":"https:\/\/recambiosecogas.com\/wp-content\/uploads\/2025\/02\/Truma-MonoControl-CS-juego-de-taller-png.webp","datePublished":"2025-02-24T10:25:35+00:00","dateModified":"2026-03-26T11:00:38+00:00","description":"Juego de taller Truma MonoControl CS para instalaci\u00f3n de gas, incluye regulador y manguera. Ideal para sistemas de Autogas con seguridad mejorada.","breadcrumb":{"@id":"https:\/\/recambiosecogas.com\/pt-pt\/producto\/truma-monocontrol-cs-juego-de-taller-juego-completo-de-regulador-de-gas-de-30-mbar-g-12\/#breadcrumb"},"inLanguage":"pt-PT","potentialAction":[{"@type":"ReadAction","target":["https:\/\/recambiosecogas.com\/pt-pt\/producto\/truma-monocontrol-cs-juego-de-taller-juego-completo-de-regulador-de-gas-de-30-mbar-g-12\/"]}]},{"@type":"ImageObject","inLanguage":"pt-PT","@id":"https:\/\/recambiosecogas.com\/pt-pt\/producto\/truma-monocontrol-cs-juego-de-taller-juego-completo-de-regulador-de-gas-de-30-mbar-g-12\/#primaryimage","url":"https:\/\/recambiosecogas.com\/wp-content\/uploads\/2025\/02\/Truma-MonoControl-CS-juego-de-taller-png.webp","contentUrl":"https:\/\/recambiosecogas.com\/wp-content\/uploads\/2025\/02\/Truma-MonoControl-CS-juego-de-taller-png.webp","width":1000,"height":1000},{"@type":"BreadcrumbList","@id":"https:\/\/recambiosecogas.com\/pt-pt\/producto\/truma-monocontrol-cs-juego-de-taller-juego-completo-de-regulador-de-gas-de-30-mbar-g-12\/#breadcrumb","itemListElement":[{"@type":"ListItem","position":1,"name":"P\u00e1gina inicial","item":"https:\/\/recambiosecogas.com\/pt-pt\/"},{"@type":"ListItem","position":2,"name":"Loja","item":"https:\/\/recambiosecogas.com\/pt-pt\/tienda\/"},{"@type":"ListItem","position":3,"name":"Truma MonoControl CS juego de taller, juego completo de regulador de gas de 30 mbar G.12"}]},{"@type":"WebSite","@id":"https:\/\/recambiosecogas.com\/pt-pt\/#website","url":"https:\/\/recambiosecogas.com\/pt-pt\/","name":"Recambios EcoGas","description":"Pe\u00e7as multimarca para sistemas de GPL\/GNC\/GNL\/Hidrog\u00e9nio","publisher":{"@id":"https:\/\/recambiosecogas.com\/pt-pt\/#organization"},"alternateName":"Recambios Autogas GLP","potentialAction":[{"@type":"SearchAction","target":{"@type":"EntryPoint","urlTemplate":"https:\/\/recambiosecogas.com\/pt-pt\/?s={search_term_string}"},"query-input":{"@type":"PropertyValueSpecification","valueRequired":true,"valueName":"search_term_string"}}],"inLanguage":"pt-PT"},{"@type":["Organization","Place"],"@id":"https:\/\/recambiosecogas.com\/pt-pt\/#organization","name":"Recambios EcoGas","alternateName":"Loja de GPL Autog\u00e1s Espanha","url":"https:\/\/recambiosecogas.com\/pt-pt\/","logo":{"@id":"https:\/\/recambiosecogas.com\/pt-pt\/producto\/truma-monocontrol-cs-juego-de-taller-juego-completo-de-regulador-de-gas-de-30-mbar-g-12\/#local-main-organization-logo"},"image":{"@id":"https:\/\/recambiosecogas.com\/pt-pt\/producto\/truma-monocontrol-cs-juego-de-taller-juego-completo-de-regulador-de-gas-de-30-mbar-g-12\/#local-main-organization-logo"},"sameAs":["https:\/\/www.facebook.com\/profile.php?id=100062419705358","https:\/\/www.instagram.com\/segimon_automocio"],"description":"Recambios EcoGas \u2013 Venta y distribuci\u00f3n de sistemas GLP y GNC en Espa\u00f1a y Portugal. Env\u00edos 24 h, soporte t\u00e9cnico a talleres y distribuidores.","hasMerchantReturnPolicy":{"@type":"MerchantReturnPolicy","merchantReturnLink":"https:\/\/recambiosecogas.com\/politicas-privacidad\/"},"address":{"@id":"https:\/\/recambiosecogas.com\/pt-pt\/producto\/truma-monocontrol-cs-juego-de-taller-juego-completo-de-regulador-de-gas-de-30-mbar-g-12\/#local-main-place-address"},"telephone":["616250633"],"contactPoint":{"@type":"ContactPoint","email":"export@recambiosecogas.com"},"openingHoursSpecification":[{"@type":"OpeningHoursSpecification","dayOfWeek":["Monday","Tuesday","Wednesday","Thursday","Friday","Saturday","Sunday"],"opens":"09:00","closes":"17:00"}],"email":"info@recambiosecogas.com","faxNumber":"SEGIMON AUTOMOCION SL","vatID":"ESB19819861","globalLocationNumber":"938 616 339"},{"@type":"PostalAddress","@id":"https:\/\/recambiosecogas.com\/pt-pt\/producto\/truma-monocontrol-cs-juego-de-taller-juego-completo-de-regulador-de-gas-de-30-mbar-g-12\/#local-main-place-address","streetAddress":"cami antic de vic, 29 (Nave 3), Pol\u00edgono Industrial Congost","addressLocality":"CORRO D`AVALL","postalCode":"08520","addressRegion":"Barcelona","addressCountry":"ES"},{"@type":"ImageObject","inLanguage":"pt-PT","@id":"https:\/\/recambiosecogas.com\/pt-pt\/producto\/truma-monocontrol-cs-juego-de-taller-juego-completo-de-regulador-de-gas-de-30-mbar-g-12\/#local-main-organization-logo","url":"https:\/\/recambiosecogas.com\/wp-content\/uploads\/2024\/11\/cropped-RECAMBIOS-GLP-png.webp","contentUrl":"https:\/\/recambiosecogas.com\/wp-content\/uploads\/2024\/11\/cropped-RECAMBIOS-GLP-png.webp","width":512,"height":512,"caption":"Recambios EcoGas"}]},"product_brand":"TRUMA","product_price_amount":"202.83","product_price_currency":"EUR","og_availability":"backorder","product_availability":"available for order","product_retailer_item_id":"124022","product_condition":"new","geo.placename":"CORRO D`AVALL","geo.region":"Espanha"},"uagb_featured_image_src":{"full":["https:\/\/recambiosecogas.com\/wp-content\/uploads\/2025\/02\/Truma-MonoControl-CS-juego-de-taller-png.webp",1000,1000,false],"thumbnail":["https:\/\/recambiosecogas.com\/wp-content\/uploads\/2025\/02\/Truma-MonoControl-CS-juego-de-taller-150x150.webp",150,150,true],"medium":["https:\/\/recambiosecogas.com\/wp-content\/uploads\/2025\/02\/Truma-MonoControl-CS-juego-de-taller-300x300.webp",300,300,true],"medium_large":["https:\/\/recambiosecogas.com\/wp-content\/uploads\/2025\/02\/Truma-MonoControl-CS-juego-de-taller-768x768.webp",768,768,true],"large":["https:\/\/recambiosecogas.com\/wp-content\/uploads\/2025\/02\/Truma-MonoControl-CS-juego-de-taller-png.webp",1000,1000,false],"1536x1536":["https:\/\/recambiosecogas.com\/wp-content\/uploads\/2025\/02\/Truma-MonoControl-CS-juego-de-taller-png.webp",1000,1000,false],"2048x2048":["https:\/\/recambiosecogas.com\/wp-content\/uploads\/2025\/02\/Truma-MonoControl-CS-juego-de-taller-png.webp",1000,1000,false],"woocommerce_archive_thumbnail":["https:\/\/recambiosecogas.com\/wp-content\/uploads\/2025\/02\/Truma-MonoControl-CS-juego-de-taller-png.webp",1000,1000,false],"woocommerce_thumbnail":["https:\/\/recambiosecogas.com\/wp-content\/uploads\/2025\/02\/Truma-MonoControl-CS-juego-de-taller-300x300.webp",300,300,true],"woocommerce_single":["https:\/\/recambiosecogas.com\/wp-content\/uploads\/2025\/02\/Truma-MonoControl-CS-juego-de-taller-png.webp",1000,1000,false],"woocommerce_gallery_thumbnail":["https:\/\/recambiosecogas.com\/wp-content\/uploads\/2025\/02\/Truma-MonoControl-CS-juego-de-taller-png.webp",1000,1000,false],"dgwt-wcas-product-suggestion":["https:\/\/recambiosecogas.com\/wp-content\/uploads\/2025\/02\/Truma-MonoControl-CS-juego-de-taller-64x64.webp",64,64,true]},"uagb_author_info":{"display_name":"Fran - Soporte T\u00e9cnico","author_link":"https:\/\/recambiosecogas.com\/pt-pt\/author\/"},"uagb_comment_info":0,"uagb_excerpt":"TRUMA","_links":{"self":[{"href":"https:\/\/recambiosecogas.com\/pt-pt\/wp-json\/wp\/v2\/product\/17880","targetHints":{"allow":["GET"]}}],"collection":[{"href":"https:\/\/recambiosecogas.com\/pt-pt\/wp-json\/wp\/v2\/product"}],"about":[{"href":"https:\/\/recambiosecogas.com\/pt-pt\/wp-json\/wp\/v2\/types\/product"}],"replies":[{"embeddable":true,"href":"https:\/\/recambiosecogas.com\/pt-pt\/wp-json\/wp\/v2\/comments?post=17880"}],"wp:featuredmedia":[{"embeddable":true,"href":"https:\/\/recambiosecogas.com\/pt-pt\/wp-json\/wp\/v2\/media\/19022"}],"wp:attachment":[{"href":"https:\/\/recambiosecogas.com\/pt-pt\/wp-json\/wp\/v2\/media?parent=17880"}],"wp:term":[{"taxonomy":"product_brand","embeddable":true,"href":"https:\/\/recambiosecogas.com\/pt-pt\/wp-json\/wp\/v2\/product_brand?post=17880"},{"taxonomy":"product_cat","embeddable":true,"href":"https:\/\/recambiosecogas.com\/pt-pt\/wp-json\/wp\/v2\/product_cat?post=17880"},{"taxonomy":"product_tag","embeddable":true,"href":"https:\/\/recambiosecogas.com\/pt-pt\/wp-json\/wp\/v2\/product_tag?post=17880"}],"curies":[{"name":"wp","href":"https:\/\/api.w.org\/{rel}","templated":true}]}}