{"id":17877,"date":"2025-02-24T11:25:33","date_gmt":"2025-02-24T10:25:33","guid":{"rendered":"https:\/\/recambiosecogas.com\/producto\/truma-monocontrol-cs-juego-de-taller-juego-completo-de-regulador-de-gas-de-30-mbar-g-2\/"},"modified":"2026-03-26T12:00:33","modified_gmt":"2026-03-26T11:00:33","slug":"truma-monocontrol-cs-juego-de-taller-juego-completo-de-regulador-de-gas-de-30-mbar-g-2","status":"publish","type":"product","link":"https:\/\/recambiosecogas.com\/pt-pt\/producto\/truma-monocontrol-cs-juego-de-taller-juego-completo-de-regulador-de-gas-de-30-mbar-g-2\/","title":{"rendered":"Truma MonoControl CS juego de taller, juego completo de regulador de gas de 30 mbar G.2"},"content":{"rendered":"<p>El\u00a0<strong>kit de taller Truma MonoControl CS<\/strong>, 30 mbar, incluye todos los componentes necesarios para instalar un sistema de gas de una botella. Este set se suministra sin embalaje de tienda y est\u00e1 dirigido especialmente a clientes de talleres y usuarios OEM. El set incluye: Truma MonoControl CS, 30 mbar, filtro de gas Truma, manguera de alta presi\u00f3n Truma con seguro contra rotura de manguera &#8211; G. 2\/FR, CH 450 mm<\/p>\n<ul>\n<li>10 esteras filtrantes Truma<\/li>\n<\/ul>\n<p>La\u00a0<strong>nueva generaci\u00f3n<\/strong>\u00a0de reguladores de presi\u00f3n de gas de seguridad MonoControl CS es apta para una botella de gas. El\u00a0<strong>sensor de impacto integrado<\/strong>\u00a0detiene inmediatamente el flujo de gas en caso de accidente. De esta forma, se\u00a0<strong>evita que se escape el gas<\/strong>\u00a0si se da\u00f1a el sistema de gas.<\/p>\n<p><strong>Fiable:\u00a0<\/strong>manejar los aparatos de gas de forma segura incluso durante la conducci\u00f3n, gracias al sensor de colisi\u00f3n integrado<\/p>\n<p><strong>C\u00f3modo:\u00a0<\/strong>f\u00e1cil de detectar si el sensor de colisi\u00f3n se ha activado y f\u00e1cil de reiniciar; pantalla remota disponible por separado<\/p>\n<p><strong>Ligero:\u00a0<\/strong>peso ligero: solo 500 g<\/p>\n<p><strong>Eficiente:\u00a0<\/strong>R\u00e1pido de instalar, sin mantenimiento<\/p>\n<p>&nbsp;<\/p>\n<h4>Datos t\u00e9cnicos<\/h4>\n<p><strong>Regulador de gas<\/strong><\/p>\n<p>Tipo de gas\u00a0<strong>GLP propano\/butano<\/strong><\/p>\n<p>Potencia del regulador\u00a0<strong>hasta m\u00e1x. 1,5 kg\/h<\/strong><\/p>\n<p>Entrada del regulador\u00a0<strong>rosca exterior M20 x 1,5 (G. 13)<\/strong><\/p>\n<p>Salida del regulador\u00a0<strong>racor de oliva de 10 u 8 mm (H. 9)<\/strong><\/p>\n<p>Valor de activaci\u00f3n del sensor de choque\u00a0<strong>4,0 g +\/- 1,0 g<\/strong><\/p>\n<p>Dimensiones\u00a0<strong>106 x 101 x 102 mm (alto x ancho x fondo)<\/strong><\/p>\n<p><strong>Manguera de gas<\/strong><\/p>\n<p>Entrada\u00a0<strong>G. 2 tuerca de uni\u00f3n (W21,8&#215;1\/14&#8243;)<\/strong><\/p>\n<p>Salida\u00a0<strong>G.36 tuerca de uni\u00f3n (M20x1,5)<\/strong><\/p>\n<p>Longitud\u00a0<strong>450 mm<\/strong><\/p>\n<p>\u00c1mbito de aplicaci\u00f3n, entre otros\u00a0<strong>Francia, B\u00e9lgica, Suiza, Rusia<\/strong><\/p>\n<p>Certificado seg\u00fan\u00a0<strong>EN16436 clase 3<\/strong><\/p>\n<p>Presi\u00f3n m\u00e1xima permitida\u00a0<strong>30 bar<\/strong><\/p>\n<p>Resistente al fr\u00edo<strong>\u00a0&#8211; 30\u00b0<\/strong><\/p>\n<p>El <strong>kit de taller Truma MonoControl CS<\/strong> es un conjunto completo dise\u00f1ado para la instalaci\u00f3n de sistemas de gas de una botella, ideal para aplicaciones de <strong>Autogas<\/strong>. Este kit incluye todos los componentes necesarios, como el regulador de gas Truma MonoControl CS de 30 mbar y una manguera de alta presi\u00f3n Truma con seguro contra rotura. Adem\u00e1s, se suministra sin embalaje de tienda, lo que lo hace especialmente adecuado para talleres y usuarios OEM.<\/p>\n<p>La nueva generaci\u00f3n de reguladores de presi\u00f3n de gas de seguridad MonoControl CS est\u00e1 dise\u00f1ada para ofrecer un rendimiento \u00f3ptimo. Este regulador cuenta con un <strong>sensor de impacto integrado<\/strong> que detiene inmediatamente el flujo de gas en caso de accidente, evitando as\u00ed la fuga de gas si el sistema se da\u00f1a. Esto proporciona una mayor seguridad al manejar los aparatos de gas, incluso durante la conducci\u00f3n.<\/p>\n<p>El kit es f\u00e1cil de instalar y no requiere mantenimiento, lo que lo convierte en una opci\u00f3n eficiente para quienes buscan un sistema de gas seguro y confiable. Adem\u00e1s, su dise\u00f1o ligero, con un peso de solo <strong>500 g<\/strong>, facilita su manejo y transporte.<\/p>\n<h4>Datos t\u00e9cnicos<\/h4>\n<p><strong>Regulador de gas<\/strong><\/p>\n<ul>\n<li>Tipo de gas: <strong>GLP propano\/butano<\/strong><\/li>\n<li>Potencia del regulador: <strong>hasta m\u00e1x. 1,5 kg\/h<\/strong><\/li>\n<li>Entrada del regulador: <strong>rosca exterior M20 x 1,5 (G. 13)<\/strong><\/li>\n<li>Salida del regulador: <strong>racor de oliva de 10 u 8 mm (H. 9)<\/strong><\/li>\n<li>Valor de activaci\u00f3n del sensor de choque: <strong>4,0 g +\/- 1,0 g<\/strong><\/li>\n<li>Dimensiones: <strong>106 x 101 x 102 mm (alto x ancho x fondo)<\/strong><\/li>\n<\/ul>\n<p><strong>Manguera de gas<\/strong><\/p>\n<ul>\n<li>Entrada: <strong>G. 2 tuerca de uni\u00f3n (W21,8&#215;1\/14&#8243;)<\/strong><\/li>\n<li>Salida: <strong>G.36 tuerca de uni\u00f3n (M20x1,5)<\/strong><\/li>\n<li>Longitud: <strong>450 mm<\/strong><\/li>\n<\/ul>\n<p>Este kit es compatible con instalaciones de gas en varios pa\u00edses, incluyendo <strong>Francia, B\u00e9lgica, Suiza y Rusia<\/strong>. Adem\u00e1s, est\u00e1 certificado seg\u00fan <strong>EN16436 clase 3<\/strong> y soporta una presi\u00f3n m\u00e1xima permitida de <strong>30 bar<\/strong>, asegurando su fiabilidad y seguridad en el uso.<\/p>\n","protected":false},"excerpt":{"rendered":"<p>TRUMA<\/p>\n","protected":false},"featured_media":19022,"comment_status":"open","ping_status":"closed","template":"","meta":{"_uag_custom_page_level_css":""},"product_brand":[992],"product_cat":[1455],"product_tag":[],"class_list":{"0":"post-17877","1":"product","2":"type-product","3":"status-publish","4":"has-post-thumbnail","6":"product_brand-truma","7":"product_cat-reguladores-para-veiculos","9":"first","10":"onbackorder","11":"taxable","12":"shipping-taxable","13":"purchasable","14":"product-type-simple"},"ct_brands":[{"id":992,"name":"TRUMA","slug":"truma"}],"yoast_head":"<!-- This site is optimized with the Yoast SEO Premium plugin v27.5 (Yoast SEO v27.5) - https:\/\/yoast.com\/product\/yoast-seo-premium-wordpress\/ -->\n<title>Kit de Taller Truma MonoControl CS 30 mbar | Recambios Ecogas<\/title>\n<meta name=\"description\" content=\"Kit de taller Truma MonoControl CS 30 mbar, incluye regulador de gas y manguera de alta presi\u00f3n. Ideal para instalaciones de sistemas de Autogas.\" \/>\n<meta name=\"robots\" content=\"index, follow, max-snippet:-1, max-image-preview:large, max-video-preview:-1\" \/>\n<link rel=\"canonical\" href=\"https:\/\/recambiosecogas.com\/pt-pt\/producto\/truma-monocontrol-cs-juego-de-taller-juego-completo-de-regulador-de-gas-de-30-mbar-g-2\/\" \/>\n<meta property=\"og:locale\" content=\"pt_PT\" \/>\n<meta property=\"og:type\" content=\"article\" \/>\n<meta property=\"og:title\" content=\"Truma MonoControl CS juego de taller, juego completo de regulador de gas de 30 mbar G.2\" \/>\n<meta property=\"og:description\" content=\"Kit de taller Truma MonoControl CS 30 mbar, incluye regulador de gas y manguera de alta presi\u00f3n. Ideal para instalaciones de sistemas de Autogas.\" \/>\n<meta property=\"og:url\" content=\"https:\/\/recambiosecogas.com\/pt-pt\/producto\/truma-monocontrol-cs-juego-de-taller-juego-completo-de-regulador-de-gas-de-30-mbar-g-2\/\" \/>\n<meta property=\"og:site_name\" content=\"Recambios EcoGas\" \/>\n<meta property=\"article:publisher\" content=\"https:\/\/www.facebook.com\/profile.php?id=100062419705358\" \/>\n<meta property=\"article:modified_time\" content=\"2026-03-26T11:00:33+00:00\" \/>\n<meta property=\"og:image\" content=\"https:\/\/recambiosecogas.com\/wp-content\/uploads\/2025\/02\/Truma-MonoControl-CS-juego-de-taller-png.webp\" \/>\n\t<meta property=\"og:image:width\" content=\"1000\" \/>\n\t<meta property=\"og:image:height\" content=\"1000\" \/>\n\t<meta property=\"og:image:type\" content=\"image\/png\" \/>\n<meta name=\"twitter:card\" content=\"summary_large_image\" \/>\n<meta name=\"twitter:label1\" content=\"pre\u00e7o\" \/>\n\t<meta name=\"twitter:data1\" content=\"236,42&nbsp;&euro; (Sin IVA: 195,39&nbsp;&euro;)\" \/>\n\t<meta name=\"twitter:label2\" content=\"Disponibilidade\" \/>\n\t<meta name=\"twitter:data2\" content=\"Por encomenda\" \/>\n<script type=\"application\/ld+json\" class=\"yoast-schema-graph\">{\"@context\":\"https:\\\/\\\/schema.org\",\"@graph\":[{\"@type\":\"WebPage\",\"@id\":\"https:\\\/\\\/recambiosecogas.com\\\/pt-pt\\\/producto\\\/truma-monocontrol-cs-juego-de-taller-juego-completo-de-regulador-de-gas-de-30-mbar-g-2\\\/\",\"url\":\"https:\\\/\\\/recambiosecogas.com\\\/pt-pt\\\/producto\\\/truma-monocontrol-cs-juego-de-taller-juego-completo-de-regulador-de-gas-de-30-mbar-g-2\\\/\",\"name\":\"Kit de Taller Truma MonoControl CS 30 mbar | Recambios Ecogas\",\"isPartOf\":{\"@id\":\"https:\\\/\\\/recambiosecogas.com\\\/pt-pt\\\/#website\"},\"primaryImageOfPage\":{\"@id\":\"https:\\\/\\\/recambiosecogas.com\\\/pt-pt\\\/producto\\\/truma-monocontrol-cs-juego-de-taller-juego-completo-de-regulador-de-gas-de-30-mbar-g-2\\\/#primaryimage\"},\"image\":{\"@id\":\"https:\\\/\\\/recambiosecogas.com\\\/pt-pt\\\/producto\\\/truma-monocontrol-cs-juego-de-taller-juego-completo-de-regulador-de-gas-de-30-mbar-g-2\\\/#primaryimage\"},\"thumbnailUrl\":\"https:\\\/\\\/recambiosecogas.com\\\/wp-content\\\/uploads\\\/2025\\\/02\\\/Truma-MonoControl-CS-juego-de-taller-png.webp\",\"datePublished\":\"2025-02-24T10:25:33+00:00\",\"dateModified\":\"2026-03-26T11:00:33+00:00\",\"description\":\"Kit de taller Truma MonoControl CS 30 mbar, incluye regulador de gas y manguera de alta presi\u00f3n. Ideal para instalaciones de sistemas de Autogas.\",\"breadcrumb\":{\"@id\":\"https:\\\/\\\/recambiosecogas.com\\\/pt-pt\\\/producto\\\/truma-monocontrol-cs-juego-de-taller-juego-completo-de-regulador-de-gas-de-30-mbar-g-2\\\/#breadcrumb\"},\"inLanguage\":\"pt-PT\",\"potentialAction\":[{\"@type\":\"ReadAction\",\"target\":[\"https:\\\/\\\/recambiosecogas.com\\\/pt-pt\\\/producto\\\/truma-monocontrol-cs-juego-de-taller-juego-completo-de-regulador-de-gas-de-30-mbar-g-2\\\/\"]}]},{\"@type\":\"ImageObject\",\"inLanguage\":\"pt-PT\",\"@id\":\"https:\\\/\\\/recambiosecogas.com\\\/pt-pt\\\/producto\\\/truma-monocontrol-cs-juego-de-taller-juego-completo-de-regulador-de-gas-de-30-mbar-g-2\\\/#primaryimage\",\"url\":\"https:\\\/\\\/recambiosecogas.com\\\/wp-content\\\/uploads\\\/2025\\\/02\\\/Truma-MonoControl-CS-juego-de-taller-png.webp\",\"contentUrl\":\"https:\\\/\\\/recambiosecogas.com\\\/wp-content\\\/uploads\\\/2025\\\/02\\\/Truma-MonoControl-CS-juego-de-taller-png.webp\",\"width\":1000,\"height\":1000},{\"@type\":\"BreadcrumbList\",\"@id\":\"https:\\\/\\\/recambiosecogas.com\\\/pt-pt\\\/producto\\\/truma-monocontrol-cs-juego-de-taller-juego-completo-de-regulador-de-gas-de-30-mbar-g-2\\\/#breadcrumb\",\"itemListElement\":[{\"@type\":\"ListItem\",\"position\":1,\"name\":\"P\u00e1gina inicial\",\"item\":\"https:\\\/\\\/recambiosecogas.com\\\/pt-pt\\\/\"},{\"@type\":\"ListItem\",\"position\":2,\"name\":\"Loja\",\"item\":\"https:\\\/\\\/recambiosecogas.com\\\/pt-pt\\\/tienda\\\/\"},{\"@type\":\"ListItem\",\"position\":3,\"name\":\"Truma MonoControl CS juego de taller, juego completo de regulador de gas de 30 mbar G.2\"}]},{\"@type\":\"WebSite\",\"@id\":\"https:\\\/\\\/recambiosecogas.com\\\/pt-pt\\\/#website\",\"url\":\"https:\\\/\\\/recambiosecogas.com\\\/pt-pt\\\/\",\"name\":\"Recambios EcoGas\",\"description\":\"Pe\u00e7as multimarca para sistemas de GPL\\\/GNC\\\/GNL\\\/Hidrog\u00e9nio\",\"publisher\":{\"@id\":\"https:\\\/\\\/recambiosecogas.com\\\/pt-pt\\\/#organization\"},\"alternateName\":\"Recambios Autogas GLP\",\"potentialAction\":[{\"@type\":\"SearchAction\",\"target\":{\"@type\":\"EntryPoint\",\"urlTemplate\":\"https:\\\/\\\/recambiosecogas.com\\\/pt-pt\\\/?s={search_term_string}\"},\"query-input\":{\"@type\":\"PropertyValueSpecification\",\"valueRequired\":true,\"valueName\":\"search_term_string\"}}],\"inLanguage\":\"pt-PT\"},{\"@type\":[\"Organization\",\"Place\"],\"@id\":\"https:\\\/\\\/recambiosecogas.com\\\/pt-pt\\\/#organization\",\"name\":\"Recambios EcoGas\",\"alternateName\":\"Loja de GPL Autog\u00e1s Espanha\",\"url\":\"https:\\\/\\\/recambiosecogas.com\\\/pt-pt\\\/\",\"logo\":{\"@id\":\"https:\\\/\\\/recambiosecogas.com\\\/pt-pt\\\/producto\\\/truma-monocontrol-cs-juego-de-taller-juego-completo-de-regulador-de-gas-de-30-mbar-g-2\\\/#local-main-organization-logo\"},\"image\":{\"@id\":\"https:\\\/\\\/recambiosecogas.com\\\/pt-pt\\\/producto\\\/truma-monocontrol-cs-juego-de-taller-juego-completo-de-regulador-de-gas-de-30-mbar-g-2\\\/#local-main-organization-logo\"},\"sameAs\":[\"https:\\\/\\\/www.facebook.com\\\/profile.php?id=100062419705358\",\"https:\\\/\\\/www.instagram.com\\\/segimon_automocio\"],\"description\":\"Recambios EcoGas \u2013 Venta y distribuci\u00f3n de sistemas GLP y GNC en Espa\u00f1a y Portugal. Env\u00edos 24 h, soporte t\u00e9cnico a talleres y distribuidores.\",\"hasMerchantReturnPolicy\":{\"@type\":\"MerchantReturnPolicy\",\"merchantReturnLink\":\"https:\\\/\\\/recambiosecogas.com\\\/politicas-privacidad\\\/\"},\"address\":{\"@id\":\"https:\\\/\\\/recambiosecogas.com\\\/pt-pt\\\/producto\\\/truma-monocontrol-cs-juego-de-taller-juego-completo-de-regulador-de-gas-de-30-mbar-g-2\\\/#local-main-place-address\"},\"telephone\":[\"616250633\"],\"contactPoint\":{\"@type\":\"ContactPoint\",\"email\":\"export@recambiosecogas.com\"},\"openingHoursSpecification\":[{\"@type\":\"OpeningHoursSpecification\",\"dayOfWeek\":[\"Monday\",\"Tuesday\",\"Wednesday\",\"Thursday\",\"Friday\",\"Saturday\",\"Sunday\"],\"opens\":\"09:00\",\"closes\":\"17:00\"}],\"email\":\"info@recambiosecogas.com\",\"faxNumber\":\"SEGIMON AUTOMOCION SL\",\"vatID\":\"ESB19819861\",\"globalLocationNumber\":\"938 616 339\"},{\"@type\":\"PostalAddress\",\"@id\":\"https:\\\/\\\/recambiosecogas.com\\\/pt-pt\\\/producto\\\/truma-monocontrol-cs-juego-de-taller-juego-completo-de-regulador-de-gas-de-30-mbar-g-2\\\/#local-main-place-address\",\"streetAddress\":\"cami antic de vic, 29 (Nave 3), Pol\u00edgono Industrial Congost\",\"addressLocality\":\"CORRO D`AVALL\",\"postalCode\":\"08520\",\"addressRegion\":\"Barcelona\",\"addressCountry\":\"ES\"},{\"@type\":\"ImageObject\",\"inLanguage\":\"pt-PT\",\"@id\":\"https:\\\/\\\/recambiosecogas.com\\\/pt-pt\\\/producto\\\/truma-monocontrol-cs-juego-de-taller-juego-completo-de-regulador-de-gas-de-30-mbar-g-2\\\/#local-main-organization-logo\",\"url\":\"https:\\\/\\\/recambiosecogas.com\\\/wp-content\\\/uploads\\\/2024\\\/11\\\/cropped-RECAMBIOS-GLP-png.webp\",\"contentUrl\":\"https:\\\/\\\/recambiosecogas.com\\\/wp-content\\\/uploads\\\/2024\\\/11\\\/cropped-RECAMBIOS-GLP-png.webp\",\"width\":512,\"height\":512,\"caption\":\"Recambios EcoGas\"}]}<\/script>\n<meta property=\"product:brand\" content=\"TRUMA\" \/>\n<meta property=\"product:price:amount\" content=\"236.42\" \/>\n<meta property=\"product:price:currency\" content=\"EUR\" \/>\n<meta property=\"og:availability\" content=\"backorder\" \/>\n<meta property=\"product:availability\" content=\"available for order\" \/>\n<meta property=\"product:retailer_item_id\" content=\"127977A\" \/>\n<meta property=\"product:condition\" content=\"new\" \/>\n<meta name=\"geo.placename\" content=\"CORRO D`AVALL\" \/>\n<meta name=\"geo.region\" content=\"Espanha\" \/>\n<!-- \/ Yoast SEO Premium plugin. -->","yoast_head_json":{"title":"Kit de Taller Truma MonoControl CS 30 mbar | Recambios Ecogas","description":"Kit de taller Truma MonoControl CS 30 mbar, incluye regulador de gas y manguera de alta presi\u00f3n. Ideal para instalaciones de sistemas de Autogas.","robots":{"index":"index","follow":"follow","max-snippet":"max-snippet:-1","max-image-preview":"max-image-preview:large","max-video-preview":"max-video-preview:-1"},"canonical":"https:\/\/recambiosecogas.com\/pt-pt\/producto\/truma-monocontrol-cs-juego-de-taller-juego-completo-de-regulador-de-gas-de-30-mbar-g-2\/","og_locale":"pt_PT","og_type":"article","og_title":"Truma MonoControl CS juego de taller, juego completo de regulador de gas de 30 mbar G.2","og_description":"Kit de taller Truma MonoControl CS 30 mbar, incluye regulador de gas y manguera de alta presi\u00f3n. Ideal para instalaciones de sistemas de Autogas.","og_url":"https:\/\/recambiosecogas.com\/pt-pt\/producto\/truma-monocontrol-cs-juego-de-taller-juego-completo-de-regulador-de-gas-de-30-mbar-g-2\/","og_site_name":"Recambios EcoGas","article_publisher":"https:\/\/www.facebook.com\/profile.php?id=100062419705358","article_modified_time":"2026-03-26T11:00:33+00:00","og_image":[{"width":1000,"height":1000,"url":"https:\/\/recambiosecogas.com\/wp-content\/uploads\/2025\/02\/Truma-MonoControl-CS-juego-de-taller-png.webp","type":"image\/png"}],"twitter_card":"summary_large_image","twitter_misc":{"pre\u00e7o":"236,42&nbsp;&euro; (Sin IVA: 195,39&nbsp;&euro;)","Disponibilidade":"Por encomenda"},"schema":{"@context":"https:\/\/schema.org","@graph":[{"@type":"WebPage","@id":"https:\/\/recambiosecogas.com\/pt-pt\/producto\/truma-monocontrol-cs-juego-de-taller-juego-completo-de-regulador-de-gas-de-30-mbar-g-2\/","url":"https:\/\/recambiosecogas.com\/pt-pt\/producto\/truma-monocontrol-cs-juego-de-taller-juego-completo-de-regulador-de-gas-de-30-mbar-g-2\/","name":"Kit de Taller Truma MonoControl CS 30 mbar | Recambios Ecogas","isPartOf":{"@id":"https:\/\/recambiosecogas.com\/pt-pt\/#website"},"primaryImageOfPage":{"@id":"https:\/\/recambiosecogas.com\/pt-pt\/producto\/truma-monocontrol-cs-juego-de-taller-juego-completo-de-regulador-de-gas-de-30-mbar-g-2\/#primaryimage"},"image":{"@id":"https:\/\/recambiosecogas.com\/pt-pt\/producto\/truma-monocontrol-cs-juego-de-taller-juego-completo-de-regulador-de-gas-de-30-mbar-g-2\/#primaryimage"},"thumbnailUrl":"https:\/\/recambiosecogas.com\/wp-content\/uploads\/2025\/02\/Truma-MonoControl-CS-juego-de-taller-png.webp","datePublished":"2025-02-24T10:25:33+00:00","dateModified":"2026-03-26T11:00:33+00:00","description":"Kit de taller Truma MonoControl CS 30 mbar, incluye regulador de gas y manguera de alta presi\u00f3n. Ideal para instalaciones de sistemas de Autogas.","breadcrumb":{"@id":"https:\/\/recambiosecogas.com\/pt-pt\/producto\/truma-monocontrol-cs-juego-de-taller-juego-completo-de-regulador-de-gas-de-30-mbar-g-2\/#breadcrumb"},"inLanguage":"pt-PT","potentialAction":[{"@type":"ReadAction","target":["https:\/\/recambiosecogas.com\/pt-pt\/producto\/truma-monocontrol-cs-juego-de-taller-juego-completo-de-regulador-de-gas-de-30-mbar-g-2\/"]}]},{"@type":"ImageObject","inLanguage":"pt-PT","@id":"https:\/\/recambiosecogas.com\/pt-pt\/producto\/truma-monocontrol-cs-juego-de-taller-juego-completo-de-regulador-de-gas-de-30-mbar-g-2\/#primaryimage","url":"https:\/\/recambiosecogas.com\/wp-content\/uploads\/2025\/02\/Truma-MonoControl-CS-juego-de-taller-png.webp","contentUrl":"https:\/\/recambiosecogas.com\/wp-content\/uploads\/2025\/02\/Truma-MonoControl-CS-juego-de-taller-png.webp","width":1000,"height":1000},{"@type":"BreadcrumbList","@id":"https:\/\/recambiosecogas.com\/pt-pt\/producto\/truma-monocontrol-cs-juego-de-taller-juego-completo-de-regulador-de-gas-de-30-mbar-g-2\/#breadcrumb","itemListElement":[{"@type":"ListItem","position":1,"name":"P\u00e1gina inicial","item":"https:\/\/recambiosecogas.com\/pt-pt\/"},{"@type":"ListItem","position":2,"name":"Loja","item":"https:\/\/recambiosecogas.com\/pt-pt\/tienda\/"},{"@type":"ListItem","position":3,"name":"Truma MonoControl CS juego de taller, juego completo de regulador de gas de 30 mbar G.2"}]},{"@type":"WebSite","@id":"https:\/\/recambiosecogas.com\/pt-pt\/#website","url":"https:\/\/recambiosecogas.com\/pt-pt\/","name":"Recambios EcoGas","description":"Pe\u00e7as multimarca para sistemas de GPL\/GNC\/GNL\/Hidrog\u00e9nio","publisher":{"@id":"https:\/\/recambiosecogas.com\/pt-pt\/#organization"},"alternateName":"Recambios Autogas GLP","potentialAction":[{"@type":"SearchAction","target":{"@type":"EntryPoint","urlTemplate":"https:\/\/recambiosecogas.com\/pt-pt\/?s={search_term_string}"},"query-input":{"@type":"PropertyValueSpecification","valueRequired":true,"valueName":"search_term_string"}}],"inLanguage":"pt-PT"},{"@type":["Organization","Place"],"@id":"https:\/\/recambiosecogas.com\/pt-pt\/#organization","name":"Recambios EcoGas","alternateName":"Loja de GPL Autog\u00e1s Espanha","url":"https:\/\/recambiosecogas.com\/pt-pt\/","logo":{"@id":"https:\/\/recambiosecogas.com\/pt-pt\/producto\/truma-monocontrol-cs-juego-de-taller-juego-completo-de-regulador-de-gas-de-30-mbar-g-2\/#local-main-organization-logo"},"image":{"@id":"https:\/\/recambiosecogas.com\/pt-pt\/producto\/truma-monocontrol-cs-juego-de-taller-juego-completo-de-regulador-de-gas-de-30-mbar-g-2\/#local-main-organization-logo"},"sameAs":["https:\/\/www.facebook.com\/profile.php?id=100062419705358","https:\/\/www.instagram.com\/segimon_automocio"],"description":"Recambios EcoGas \u2013 Venta y distribuci\u00f3n de sistemas GLP y GNC en Espa\u00f1a y Portugal. Env\u00edos 24 h, soporte t\u00e9cnico a talleres y distribuidores.","hasMerchantReturnPolicy":{"@type":"MerchantReturnPolicy","merchantReturnLink":"https:\/\/recambiosecogas.com\/politicas-privacidad\/"},"address":{"@id":"https:\/\/recambiosecogas.com\/pt-pt\/producto\/truma-monocontrol-cs-juego-de-taller-juego-completo-de-regulador-de-gas-de-30-mbar-g-2\/#local-main-place-address"},"telephone":["616250633"],"contactPoint":{"@type":"ContactPoint","email":"export@recambiosecogas.com"},"openingHoursSpecification":[{"@type":"OpeningHoursSpecification","dayOfWeek":["Monday","Tuesday","Wednesday","Thursday","Friday","Saturday","Sunday"],"opens":"09:00","closes":"17:00"}],"email":"info@recambiosecogas.com","faxNumber":"SEGIMON AUTOMOCION SL","vatID":"ESB19819861","globalLocationNumber":"938 616 339"},{"@type":"PostalAddress","@id":"https:\/\/recambiosecogas.com\/pt-pt\/producto\/truma-monocontrol-cs-juego-de-taller-juego-completo-de-regulador-de-gas-de-30-mbar-g-2\/#local-main-place-address","streetAddress":"cami antic de vic, 29 (Nave 3), Pol\u00edgono Industrial Congost","addressLocality":"CORRO D`AVALL","postalCode":"08520","addressRegion":"Barcelona","addressCountry":"ES"},{"@type":"ImageObject","inLanguage":"pt-PT","@id":"https:\/\/recambiosecogas.com\/pt-pt\/producto\/truma-monocontrol-cs-juego-de-taller-juego-completo-de-regulador-de-gas-de-30-mbar-g-2\/#local-main-organization-logo","url":"https:\/\/recambiosecogas.com\/wp-content\/uploads\/2024\/11\/cropped-RECAMBIOS-GLP-png.webp","contentUrl":"https:\/\/recambiosecogas.com\/wp-content\/uploads\/2024\/11\/cropped-RECAMBIOS-GLP-png.webp","width":512,"height":512,"caption":"Recambios EcoGas"}]},"product_brand":"TRUMA","product_price_amount":"236.42","product_price_currency":"EUR","og_availability":"backorder","product_availability":"available for order","product_retailer_item_id":"127977A","product_condition":"new","geo.placename":"CORRO D`AVALL","geo.region":"Espanha"},"uagb_featured_image_src":{"full":["https:\/\/recambiosecogas.com\/wp-content\/uploads\/2025\/02\/Truma-MonoControl-CS-juego-de-taller-png.webp",1000,1000,false],"thumbnail":["https:\/\/recambiosecogas.com\/wp-content\/uploads\/2025\/02\/Truma-MonoControl-CS-juego-de-taller-150x150.webp",150,150,true],"medium":["https:\/\/recambiosecogas.com\/wp-content\/uploads\/2025\/02\/Truma-MonoControl-CS-juego-de-taller-300x300.webp",300,300,true],"medium_large":["https:\/\/recambiosecogas.com\/wp-content\/uploads\/2025\/02\/Truma-MonoControl-CS-juego-de-taller-768x768.webp",768,768,true],"large":["https:\/\/recambiosecogas.com\/wp-content\/uploads\/2025\/02\/Truma-MonoControl-CS-juego-de-taller-png.webp",1000,1000,false],"1536x1536":["https:\/\/recambiosecogas.com\/wp-content\/uploads\/2025\/02\/Truma-MonoControl-CS-juego-de-taller-png.webp",1000,1000,false],"2048x2048":["https:\/\/recambiosecogas.com\/wp-content\/uploads\/2025\/02\/Truma-MonoControl-CS-juego-de-taller-png.webp",1000,1000,false],"woocommerce_archive_thumbnail":["https:\/\/recambiosecogas.com\/wp-content\/uploads\/2025\/02\/Truma-MonoControl-CS-juego-de-taller-png.webp",1000,1000,false],"woocommerce_thumbnail":["https:\/\/recambiosecogas.com\/wp-content\/uploads\/2025\/02\/Truma-MonoControl-CS-juego-de-taller-300x300.webp",300,300,true],"woocommerce_single":["https:\/\/recambiosecogas.com\/wp-content\/uploads\/2025\/02\/Truma-MonoControl-CS-juego-de-taller-png.webp",1000,1000,false],"woocommerce_gallery_thumbnail":["https:\/\/recambiosecogas.com\/wp-content\/uploads\/2025\/02\/Truma-MonoControl-CS-juego-de-taller-png.webp",1000,1000,false],"dgwt-wcas-product-suggestion":["https:\/\/recambiosecogas.com\/wp-content\/uploads\/2025\/02\/Truma-MonoControl-CS-juego-de-taller-64x64.webp",64,64,true]},"uagb_author_info":{"display_name":"Fran - Soporte T\u00e9cnico","author_link":"https:\/\/recambiosecogas.com\/pt-pt\/author\/"},"uagb_comment_info":0,"uagb_excerpt":"TRUMA","_links":{"self":[{"href":"https:\/\/recambiosecogas.com\/pt-pt\/wp-json\/wp\/v2\/product\/17877","targetHints":{"allow":["GET"]}}],"collection":[{"href":"https:\/\/recambiosecogas.com\/pt-pt\/wp-json\/wp\/v2\/product"}],"about":[{"href":"https:\/\/recambiosecogas.com\/pt-pt\/wp-json\/wp\/v2\/types\/product"}],"replies":[{"embeddable":true,"href":"https:\/\/recambiosecogas.com\/pt-pt\/wp-json\/wp\/v2\/comments?post=17877"}],"wp:featuredmedia":[{"embeddable":true,"href":"https:\/\/recambiosecogas.com\/pt-pt\/wp-json\/wp\/v2\/media\/19022"}],"wp:attachment":[{"href":"https:\/\/recambiosecogas.com\/pt-pt\/wp-json\/wp\/v2\/media?parent=17877"}],"wp:term":[{"taxonomy":"product_brand","embeddable":true,"href":"https:\/\/recambiosecogas.com\/pt-pt\/wp-json\/wp\/v2\/product_brand?post=17877"},{"taxonomy":"product_cat","embeddable":true,"href":"https:\/\/recambiosecogas.com\/pt-pt\/wp-json\/wp\/v2\/product_cat?post=17877"},{"taxonomy":"product_tag","embeddable":true,"href":"https:\/\/recambiosecogas.com\/pt-pt\/wp-json\/wp\/v2\/product_tag?post=17877"}],"curies":[{"name":"wp","href":"https:\/\/api.w.org\/{rel}","templated":true}]}}