{"id":17862,"date":"2025-02-24T11:25:10","date_gmt":"2025-02-24T10:25:10","guid":{"rendered":"https:\/\/recambiosecogas.com\/producto\/gok-sistema-de-2-cilindros-4-kg-h-50-mbar-ps-16-bar\/"},"modified":"2026-03-26T12:06:46","modified_gmt":"2026-03-26T11:06:46","slug":"gok-sistema-de-2-cilindros-4-kg-h-50-mbar-ps-16-bar","status":"publish","type":"product","link":"https:\/\/recambiosecogas.com\/pt-pt\/produto\/gok-sistema-de-2-cilindros-4-kg-h-50-mbar-ps-16-bar\/","title":{"rendered":"GOK sistema de 2 cilindros 4 kg\/h 50 mbar PS 16 bar"},"content":{"rendered":"<p>Sistema de botellas con v\u00e1lvula de conmutaci\u00f3n autom\u00e1tica<br \/>\npara la conexi\u00f3n a bombonas de gas, para la regulaci\u00f3n de la presi\u00f3n a la presi\u00f3n nominal del<br \/>\naparato de gas<\/p>\n<p>compuesto de: Tubos flexibles de alta presi\u00f3n con conexi\u00f3n a bombona grande,<br \/>\ntramos de tubo, v\u00e1lvula conmutadora autom\u00e1tica con palanca selectora o bot\u00f3n<br \/>\nmando de control, indicador de funcionamiento y reserva, v\u00e1lvula antirretorno de gas, regulador de baja presi\u00f3n<br \/>\nregulador de baja presi\u00f3n con dispositivo de desconexi\u00f3n de seguridad por sobrepresi\u00f3n OPSO (SAV), v\u00e1lvula de soplado de seguridad PRV<br \/>\nv\u00e1lvula de seguridad PRV y racores<\/p>\n<p>Ventajas y equipamiento<br \/>\nLas botellas pueden cambiarse sin interrumpir el funcionamiento<br \/>\nV\u00e1lvula antirretorno de gas: se impide la fuga del flujo de gas durante el cambio de botella.<br \/>\ndurante el cambio de botella<br \/>\nDise\u00f1o de sistema de dos cilindros con pieza de transici\u00f3n RST de 12 mm<\/p>\n<p>Conformidad<br \/>\nAccesorios individuales DIN-DVGW o DVGW comprobado o examen CE de tipo<br \/>\nExamen CE de tipo seg\u00fan ATEX (s\u00f3lo para telemando electr\u00f3nico)<br \/>\nNota<br \/>\nPara la versi\u00f3n con visualizador electr\u00f3nico a distancia, la longitud m\u00e1xima del cable es de<br \/>\nla longitud m\u00e1xima del cable es de 25 m (secci\u00f3n del cable 1,5 mm2).<br \/>\nEl dimensionamiento y el dise\u00f1o del sistema de gas l\u00edquido (selecci\u00f3n de<br \/>\ncaudal de gas, caudal nominal, di\u00e1metro nominal, etc.) deben realizarse de conformidad con TRF 2012.<br \/>\ndebe llevarse a cabo.<\/p>\n<p>El <strong>sistema de botellas de gas GOK<\/strong> est\u00e1 dise\u00f1ado para proporcionar una regulaci\u00f3n eficiente de la presi\u00f3n en instalaciones de <strong>Autogas<\/strong>. Este sistema incluye una v\u00e1lvula de conmutaci\u00f3n autom\u00e1tica que permite cambiar las botellas sin interrumpir el suministro de gas, garantizando un funcionamiento continuo y seguro.<\/p>\n<p>El sistema est\u00e1 compuesto por tubos flexibles de alta presi\u00f3n que se conectan a bombonas grandes, tramos de tubo, y un regulador de baja presi\u00f3n. Este regulador cuenta con un dispositivo de desconexi\u00f3n de seguridad por sobrepresi\u00f3n (OPSO) y una v\u00e1lvula de soplado de seguridad (PRV), lo que asegura un manejo seguro del gas en todo momento. Adem\u00e1s, la v\u00e1lvula antirretorno de gas impide cualquier fuga durante el cambio de botella, lo que aumenta la seguridad del sistema.<\/p>\n<p>Este dise\u00f1o de sistema de dos cilindros, junto con la pieza de transici\u00f3n RST de 12 mm, permite una instalaci\u00f3n flexible y adaptada a diferentes configuraciones de espacio. Es esencial que el dimensionamiento y dise\u00f1o del sistema de gas l\u00edquido, incluyendo la selecci\u00f3n del caudal de gas y di\u00e1metro nominal, se realice conforme a las normativas vigentes como TRF 2012.<\/p>\n<h4>Datos t\u00e9cnicos<\/h4>\n<p>Presi\u00f3n nominal: <strong>50 mbar<\/strong>. Caudal: <strong>4 kg\/h<\/strong>. Longitud m\u00e1xima del cable para visualizador electr\u00f3nico: <strong>25 m<\/strong> (secci\u00f3n del cable 1,5 mm\u00b2).<\/p>\n<h4>S\u00edntomas de fallo<\/h4>\n<ul>\n<li>Interrupci\u00f3n del suministro de gas durante el cambio de botella.<\/li>\n<li>Fugas de gas en las conexiones.<\/li>\n<li>Fallo en el indicador de funcionamiento.<\/li>\n<\/ul>\n<h4>Compatibilidad<\/h4>\n<p>Compatible con sistemas de gas que requieren reguladores de presi\u00f3n y v\u00e1lvulas de conmutaci\u00f3n autom\u00e1tica. Se recomienda verificar la referencia original antes de realizar la compra.<\/p>\n","protected":false},"excerpt":{"rendered":"<p>GOK<\/p>\n","protected":false},"featured_media":19073,"comment_status":"open","ping_status":"closed","template":"","meta":{"googlesitekit_rrm_CAowud7EDA:productID":"","_uag_custom_page_level_css":""},"product_brand":[991],"product_cat":[442],"product_tag":[],"class_list":{"0":"post-17862","1":"product","2":"type-product","3":"status-publish","4":"has-post-thumbnail","6":"product_brand-gok","7":"product_cat-reguladores-para-uso-comercial","9":"first","10":"onbackorder","11":"taxable","12":"shipping-taxable","13":"purchasable","14":"product-type-simple"},"ct_brands":[{"id":991,"name":"GOK","slug":"gok"}],"yoast_head":"<!-- This site is optimized with the Yoast SEO Premium plugin v27.3 (Yoast SEO v27.3) - https:\/\/yoast.com\/product\/yoast-seo-premium-wordpress\/ -->\n<title>Sistema de Botellas de Gas GOK 4 kg\/h 50 mbar | Recambios Ecogas<\/title>\n<meta name=\"description\" content=\"Sistema de botellas GOK para gas, con v\u00e1lvula de conmutaci\u00f3n autom\u00e1tica y regulador de presi\u00f3n. Ideal para instalaciones de Autogas.\" \/>\n<meta name=\"robots\" content=\"index, follow, max-snippet:-1, max-image-preview:large, max-video-preview:-1\" \/>\n<link rel=\"canonical\" href=\"https:\/\/recambiosecogas.com\/pt-pt\/produto\/gok-sistema-de-2-cilindros-4-kg-h-50-mbar-ps-16-bar\/\" \/>\n<meta property=\"og:locale\" content=\"pt_PT\" \/>\n<meta property=\"og:type\" content=\"article\" \/>\n<meta property=\"og:title\" content=\"GOK sistema de 2 cilindros 4 kg\/h 50 mbar PS 16 bar\" \/>\n<meta property=\"og:description\" content=\"Sistema de botellas GOK para gas, con v\u00e1lvula de conmutaci\u00f3n autom\u00e1tica y regulador de presi\u00f3n. Ideal para instalaciones de Autogas.\" \/>\n<meta property=\"og:url\" content=\"https:\/\/recambiosecogas.com\/pt-pt\/produto\/gok-sistema-de-2-cilindros-4-kg-h-50-mbar-ps-16-bar\/\" \/>\n<meta property=\"og:site_name\" content=\"Recambios EcoGas\" \/>\n<meta property=\"article:publisher\" content=\"https:\/\/www.facebook.com\/profile.php?id=100062419705358\" \/>\n<meta property=\"article:modified_time\" content=\"2026-03-26T11:06:46+00:00\" \/>\n<meta property=\"og:image\" content=\"https:\/\/recambiosecogas.com\/wp-content\/uploads\/2025\/02\/GOK-sistema-de-2-cilindros-4-kg-h-50-mbar-PS-16-bar-png.webp\" \/>\n\t<meta property=\"og:image:width\" content=\"1000\" \/>\n\t<meta property=\"og:image:height\" content=\"1000\" \/>\n\t<meta property=\"og:image:type\" content=\"image\/png\" \/>\n<meta name=\"twitter:card\" content=\"summary_large_image\" \/>\n<meta name=\"twitter:label1\" content=\"pre\u00e7o\" \/>\n\t<meta name=\"twitter:data1\" content=\"563,31&nbsp;&euro; (IVA incl.: 681,61&nbsp;&euro;)\" \/>\n\t<meta name=\"twitter:label2\" content=\"Disponibilidade\" \/>\n\t<meta name=\"twitter:data2\" content=\"Por encomenda\" \/>\n<script type=\"application\/ld+json\" class=\"yoast-schema-graph\">{\"@context\":\"https:\\\/\\\/schema.org\",\"@graph\":[{\"@type\":\"WebPage\",\"@id\":\"https:\\\/\\\/recambiosecogas.com\\\/pt-pt\\\/produto\\\/gok-sistema-de-2-cilindros-4-kg-h-50-mbar-ps-16-bar\\\/\",\"url\":\"https:\\\/\\\/recambiosecogas.com\\\/pt-pt\\\/produto\\\/gok-sistema-de-2-cilindros-4-kg-h-50-mbar-ps-16-bar\\\/\",\"name\":\"Sistema de Botellas de Gas GOK 4 kg\\\/h 50 mbar | Recambios Ecogas\",\"isPartOf\":{\"@id\":\"https:\\\/\\\/recambiosecogas.com\\\/pt-pt\\\/#website\"},\"primaryImageOfPage\":{\"@id\":\"https:\\\/\\\/recambiosecogas.com\\\/pt-pt\\\/produto\\\/gok-sistema-de-2-cilindros-4-kg-h-50-mbar-ps-16-bar\\\/#primaryimage\"},\"image\":{\"@id\":\"https:\\\/\\\/recambiosecogas.com\\\/pt-pt\\\/produto\\\/gok-sistema-de-2-cilindros-4-kg-h-50-mbar-ps-16-bar\\\/#primaryimage\"},\"thumbnailUrl\":\"https:\\\/\\\/recambiosecogas.com\\\/wp-content\\\/uploads\\\/2025\\\/02\\\/GOK-sistema-de-2-cilindros-4-kg-h-50-mbar-PS-16-bar-png.webp\",\"datePublished\":\"2025-02-24T10:25:10+00:00\",\"dateModified\":\"2026-03-26T11:06:46+00:00\",\"description\":\"Sistema de botellas GOK para gas, con v\u00e1lvula de conmutaci\u00f3n autom\u00e1tica y regulador de presi\u00f3n. Ideal para instalaciones de Autogas.\",\"breadcrumb\":{\"@id\":\"https:\\\/\\\/recambiosecogas.com\\\/pt-pt\\\/produto\\\/gok-sistema-de-2-cilindros-4-kg-h-50-mbar-ps-16-bar\\\/#breadcrumb\"},\"inLanguage\":\"pt-PT\",\"potentialAction\":[{\"@type\":\"ReadAction\",\"target\":[\"https:\\\/\\\/recambiosecogas.com\\\/pt-pt\\\/produto\\\/gok-sistema-de-2-cilindros-4-kg-h-50-mbar-ps-16-bar\\\/\"]}]},{\"@type\":\"ImageObject\",\"inLanguage\":\"pt-PT\",\"@id\":\"https:\\\/\\\/recambiosecogas.com\\\/pt-pt\\\/produto\\\/gok-sistema-de-2-cilindros-4-kg-h-50-mbar-ps-16-bar\\\/#primaryimage\",\"url\":\"https:\\\/\\\/recambiosecogas.com\\\/wp-content\\\/uploads\\\/2025\\\/02\\\/GOK-sistema-de-2-cilindros-4-kg-h-50-mbar-PS-16-bar-png.webp\",\"contentUrl\":\"https:\\\/\\\/recambiosecogas.com\\\/wp-content\\\/uploads\\\/2025\\\/02\\\/GOK-sistema-de-2-cilindros-4-kg-h-50-mbar-PS-16-bar-png.webp\",\"width\":1000,\"height\":1000},{\"@type\":\"BreadcrumbList\",\"@id\":\"https:\\\/\\\/recambiosecogas.com\\\/pt-pt\\\/produto\\\/gok-sistema-de-2-cilindros-4-kg-h-50-mbar-ps-16-bar\\\/#breadcrumb\",\"itemListElement\":[{\"@type\":\"ListItem\",\"position\":1,\"name\":\"P\u00e1gina inicial\",\"item\":\"https:\\\/\\\/recambiosecogas.com\\\/pt-pt\\\/\"},{\"@type\":\"ListItem\",\"position\":2,\"name\":\"Loja\",\"item\":\"https:\\\/\\\/recambiosecogas.com\\\/pt-pt\\\/tienda\\\/\"},{\"@type\":\"ListItem\",\"position\":3,\"name\":\"GOK sistema de 2 cilindros 4 kg\\\/h 50 mbar PS 16 bar\"}]},{\"@type\":\"WebSite\",\"@id\":\"https:\\\/\\\/recambiosecogas.com\\\/pt-pt\\\/#website\",\"url\":\"https:\\\/\\\/recambiosecogas.com\\\/pt-pt\\\/\",\"name\":\"Recambios EcoGas\",\"description\":\"Pe\u00e7as multimarca para sistemas de GPL\\\/GNC\\\/GNL\\\/Hidrog\u00e9nio\",\"publisher\":{\"@id\":\"https:\\\/\\\/recambiosecogas.com\\\/pt-pt\\\/#organization\"},\"alternateName\":\"Recambios Autogas GLP\",\"potentialAction\":[{\"@type\":\"SearchAction\",\"target\":{\"@type\":\"EntryPoint\",\"urlTemplate\":\"https:\\\/\\\/recambiosecogas.com\\\/pt-pt\\\/?s={search_term_string}\"},\"query-input\":{\"@type\":\"PropertyValueSpecification\",\"valueRequired\":true,\"valueName\":\"search_term_string\"}}],\"inLanguage\":\"pt-PT\"},{\"@type\":[\"Organization\",\"Place\"],\"@id\":\"https:\\\/\\\/recambiosecogas.com\\\/pt-pt\\\/#organization\",\"name\":\"Recambios EcoGas\",\"alternateName\":\"Loja de GPL Autog\u00e1s Espanha\",\"url\":\"https:\\\/\\\/recambiosecogas.com\\\/pt-pt\\\/\",\"logo\":{\"@id\":\"https:\\\/\\\/recambiosecogas.com\\\/pt-pt\\\/produto\\\/gok-sistema-de-2-cilindros-4-kg-h-50-mbar-ps-16-bar\\\/#local-main-organization-logo\"},\"image\":{\"@id\":\"https:\\\/\\\/recambiosecogas.com\\\/pt-pt\\\/produto\\\/gok-sistema-de-2-cilindros-4-kg-h-50-mbar-ps-16-bar\\\/#local-main-organization-logo\"},\"sameAs\":[\"https:\\\/\\\/www.facebook.com\\\/profile.php?id=100062419705358\",\"https:\\\/\\\/www.instagram.com\\\/segimon_automocio\"],\"description\":\"Recambios EcoGas \u2013 Venta y distribuci\u00f3n de sistemas GLP y GNC en Espa\u00f1a y Portugal. Env\u00edos 24 h, soporte t\u00e9cnico a talleres y distribuidores.\",\"hasMerchantReturnPolicy\":{\"@type\":\"MerchantReturnPolicy\",\"merchantReturnLink\":\"https:\\\/\\\/recambiosecogas.com\\\/politicas-privacidad\\\/\"},\"address\":{\"@id\":\"https:\\\/\\\/recambiosecogas.com\\\/pt-pt\\\/produto\\\/gok-sistema-de-2-cilindros-4-kg-h-50-mbar-ps-16-bar\\\/#local-main-place-address\"},\"telephone\":[\"616250633\"],\"contactPoint\":{\"@type\":\"ContactPoint\",\"email\":\"export@recambiosecogas.com\"},\"openingHoursSpecification\":[{\"@type\":\"OpeningHoursSpecification\",\"dayOfWeek\":[\"Monday\",\"Tuesday\",\"Wednesday\",\"Thursday\",\"Friday\",\"Saturday\",\"Sunday\"],\"opens\":\"09:00\",\"closes\":\"17:00\"}],\"email\":\"info@recambiosecogas.com\",\"faxNumber\":\"SEGIMON AUTOMOCION SL\",\"vatID\":\"ESB19819861\",\"globalLocationNumber\":\"938 616 339\"},{\"@type\":\"PostalAddress\",\"@id\":\"https:\\\/\\\/recambiosecogas.com\\\/pt-pt\\\/produto\\\/gok-sistema-de-2-cilindros-4-kg-h-50-mbar-ps-16-bar\\\/#local-main-place-address\",\"streetAddress\":\"cami antic de vic, 29 (Nave 3), Pol\u00edgono Industrial Congost\",\"addressLocality\":\"CORRO D`AVALL\",\"postalCode\":\"08520\",\"addressRegion\":\"Barcelona\",\"addressCountry\":\"ES\"},{\"@type\":\"ImageObject\",\"inLanguage\":\"pt-PT\",\"@id\":\"https:\\\/\\\/recambiosecogas.com\\\/pt-pt\\\/produto\\\/gok-sistema-de-2-cilindros-4-kg-h-50-mbar-ps-16-bar\\\/#local-main-organization-logo\",\"url\":\"https:\\\/\\\/recambiosecogas.com\\\/wp-content\\\/uploads\\\/2024\\\/11\\\/cropped-RECAMBIOS-GLP-png.webp\",\"contentUrl\":\"https:\\\/\\\/recambiosecogas.com\\\/wp-content\\\/uploads\\\/2024\\\/11\\\/cropped-RECAMBIOS-GLP-png.webp\",\"width\":512,\"height\":512,\"caption\":\"Recambios EcoGas\"}]}<\/script>\n<meta property=\"product:brand\" content=\"GOK\" \/>\n<meta property=\"product:price:amount\" content=\"563.31\" \/>\n<meta property=\"product:price:currency\" content=\"EUR\" \/>\n<meta property=\"og:availability\" content=\"backorder\" \/>\n<meta property=\"product:availability\" content=\"available for order\" \/>\n<meta property=\"product:retailer_item_id\" content=\"107327A\" \/>\n<meta property=\"product:condition\" content=\"new\" \/>\n<meta name=\"geo.placename\" content=\"CORRO D`AVALL\" \/>\n<meta name=\"geo.region\" content=\"Espanha\" \/>\n<!-- \/ Yoast SEO Premium plugin. -->","yoast_head_json":{"title":"Sistema de Botellas de Gas GOK 4 kg\/h 50 mbar | Recambios Ecogas","description":"Sistema de botellas GOK para gas, con v\u00e1lvula de conmutaci\u00f3n autom\u00e1tica y regulador de presi\u00f3n. Ideal para instalaciones de Autogas.","robots":{"index":"index","follow":"follow","max-snippet":"max-snippet:-1","max-image-preview":"max-image-preview:large","max-video-preview":"max-video-preview:-1"},"canonical":"https:\/\/recambiosecogas.com\/pt-pt\/produto\/gok-sistema-de-2-cilindros-4-kg-h-50-mbar-ps-16-bar\/","og_locale":"pt_PT","og_type":"article","og_title":"GOK sistema de 2 cilindros 4 kg\/h 50 mbar PS 16 bar","og_description":"Sistema de botellas GOK para gas, con v\u00e1lvula de conmutaci\u00f3n autom\u00e1tica y regulador de presi\u00f3n. Ideal para instalaciones de Autogas.","og_url":"https:\/\/recambiosecogas.com\/pt-pt\/produto\/gok-sistema-de-2-cilindros-4-kg-h-50-mbar-ps-16-bar\/","og_site_name":"Recambios EcoGas","article_publisher":"https:\/\/www.facebook.com\/profile.php?id=100062419705358","article_modified_time":"2026-03-26T11:06:46+00:00","og_image":[{"width":1000,"height":1000,"url":"https:\/\/recambiosecogas.com\/wp-content\/uploads\/2025\/02\/GOK-sistema-de-2-cilindros-4-kg-h-50-mbar-PS-16-bar-png.webp","type":"image\/png"}],"twitter_card":"summary_large_image","twitter_misc":{"pre\u00e7o":"563,31&nbsp;&euro; (IVA incl.: 681,61&nbsp;&euro;)","Disponibilidade":"Por encomenda"},"schema":{"@context":"https:\/\/schema.org","@graph":[{"@type":"WebPage","@id":"https:\/\/recambiosecogas.com\/pt-pt\/produto\/gok-sistema-de-2-cilindros-4-kg-h-50-mbar-ps-16-bar\/","url":"https:\/\/recambiosecogas.com\/pt-pt\/produto\/gok-sistema-de-2-cilindros-4-kg-h-50-mbar-ps-16-bar\/","name":"Sistema de Botellas de Gas GOK 4 kg\/h 50 mbar | Recambios Ecogas","isPartOf":{"@id":"https:\/\/recambiosecogas.com\/pt-pt\/#website"},"primaryImageOfPage":{"@id":"https:\/\/recambiosecogas.com\/pt-pt\/produto\/gok-sistema-de-2-cilindros-4-kg-h-50-mbar-ps-16-bar\/#primaryimage"},"image":{"@id":"https:\/\/recambiosecogas.com\/pt-pt\/produto\/gok-sistema-de-2-cilindros-4-kg-h-50-mbar-ps-16-bar\/#primaryimage"},"thumbnailUrl":"https:\/\/recambiosecogas.com\/wp-content\/uploads\/2025\/02\/GOK-sistema-de-2-cilindros-4-kg-h-50-mbar-PS-16-bar-png.webp","datePublished":"2025-02-24T10:25:10+00:00","dateModified":"2026-03-26T11:06:46+00:00","description":"Sistema de botellas GOK para gas, con v\u00e1lvula de conmutaci\u00f3n autom\u00e1tica y regulador de presi\u00f3n. Ideal para instalaciones de Autogas.","breadcrumb":{"@id":"https:\/\/recambiosecogas.com\/pt-pt\/produto\/gok-sistema-de-2-cilindros-4-kg-h-50-mbar-ps-16-bar\/#breadcrumb"},"inLanguage":"pt-PT","potentialAction":[{"@type":"ReadAction","target":["https:\/\/recambiosecogas.com\/pt-pt\/produto\/gok-sistema-de-2-cilindros-4-kg-h-50-mbar-ps-16-bar\/"]}]},{"@type":"ImageObject","inLanguage":"pt-PT","@id":"https:\/\/recambiosecogas.com\/pt-pt\/produto\/gok-sistema-de-2-cilindros-4-kg-h-50-mbar-ps-16-bar\/#primaryimage","url":"https:\/\/recambiosecogas.com\/wp-content\/uploads\/2025\/02\/GOK-sistema-de-2-cilindros-4-kg-h-50-mbar-PS-16-bar-png.webp","contentUrl":"https:\/\/recambiosecogas.com\/wp-content\/uploads\/2025\/02\/GOK-sistema-de-2-cilindros-4-kg-h-50-mbar-PS-16-bar-png.webp","width":1000,"height":1000},{"@type":"BreadcrumbList","@id":"https:\/\/recambiosecogas.com\/pt-pt\/produto\/gok-sistema-de-2-cilindros-4-kg-h-50-mbar-ps-16-bar\/#breadcrumb","itemListElement":[{"@type":"ListItem","position":1,"name":"P\u00e1gina inicial","item":"https:\/\/recambiosecogas.com\/pt-pt\/"},{"@type":"ListItem","position":2,"name":"Loja","item":"https:\/\/recambiosecogas.com\/pt-pt\/tienda\/"},{"@type":"ListItem","position":3,"name":"GOK sistema de 2 cilindros 4 kg\/h 50 mbar PS 16 bar"}]},{"@type":"WebSite","@id":"https:\/\/recambiosecogas.com\/pt-pt\/#website","url":"https:\/\/recambiosecogas.com\/pt-pt\/","name":"Recambios EcoGas","description":"Pe\u00e7as multimarca para sistemas de GPL\/GNC\/GNL\/Hidrog\u00e9nio","publisher":{"@id":"https:\/\/recambiosecogas.com\/pt-pt\/#organization"},"alternateName":"Recambios Autogas GLP","potentialAction":[{"@type":"SearchAction","target":{"@type":"EntryPoint","urlTemplate":"https:\/\/recambiosecogas.com\/pt-pt\/?s={search_term_string}"},"query-input":{"@type":"PropertyValueSpecification","valueRequired":true,"valueName":"search_term_string"}}],"inLanguage":"pt-PT"},{"@type":["Organization","Place"],"@id":"https:\/\/recambiosecogas.com\/pt-pt\/#organization","name":"Recambios EcoGas","alternateName":"Loja de GPL Autog\u00e1s Espanha","url":"https:\/\/recambiosecogas.com\/pt-pt\/","logo":{"@id":"https:\/\/recambiosecogas.com\/pt-pt\/produto\/gok-sistema-de-2-cilindros-4-kg-h-50-mbar-ps-16-bar\/#local-main-organization-logo"},"image":{"@id":"https:\/\/recambiosecogas.com\/pt-pt\/produto\/gok-sistema-de-2-cilindros-4-kg-h-50-mbar-ps-16-bar\/#local-main-organization-logo"},"sameAs":["https:\/\/www.facebook.com\/profile.php?id=100062419705358","https:\/\/www.instagram.com\/segimon_automocio"],"description":"Recambios EcoGas \u2013 Venta y distribuci\u00f3n de sistemas GLP y GNC en Espa\u00f1a y Portugal. Env\u00edos 24 h, soporte t\u00e9cnico a talleres y distribuidores.","hasMerchantReturnPolicy":{"@type":"MerchantReturnPolicy","merchantReturnLink":"https:\/\/recambiosecogas.com\/politicas-privacidad\/"},"address":{"@id":"https:\/\/recambiosecogas.com\/pt-pt\/produto\/gok-sistema-de-2-cilindros-4-kg-h-50-mbar-ps-16-bar\/#local-main-place-address"},"telephone":["616250633"],"contactPoint":{"@type":"ContactPoint","email":"export@recambiosecogas.com"},"openingHoursSpecification":[{"@type":"OpeningHoursSpecification","dayOfWeek":["Monday","Tuesday","Wednesday","Thursday","Friday","Saturday","Sunday"],"opens":"09:00","closes":"17:00"}],"email":"info@recambiosecogas.com","faxNumber":"SEGIMON AUTOMOCION SL","vatID":"ESB19819861","globalLocationNumber":"938 616 339"},{"@type":"PostalAddress","@id":"https:\/\/recambiosecogas.com\/pt-pt\/produto\/gok-sistema-de-2-cilindros-4-kg-h-50-mbar-ps-16-bar\/#local-main-place-address","streetAddress":"cami antic de vic, 29 (Nave 3), Pol\u00edgono Industrial Congost","addressLocality":"CORRO D`AVALL","postalCode":"08520","addressRegion":"Barcelona","addressCountry":"ES"},{"@type":"ImageObject","inLanguage":"pt-PT","@id":"https:\/\/recambiosecogas.com\/pt-pt\/produto\/gok-sistema-de-2-cilindros-4-kg-h-50-mbar-ps-16-bar\/#local-main-organization-logo","url":"https:\/\/recambiosecogas.com\/wp-content\/uploads\/2024\/11\/cropped-RECAMBIOS-GLP-png.webp","contentUrl":"https:\/\/recambiosecogas.com\/wp-content\/uploads\/2024\/11\/cropped-RECAMBIOS-GLP-png.webp","width":512,"height":512,"caption":"Recambios EcoGas"}]},"product_brand":"GOK","product_price_amount":"563.31","product_price_currency":"EUR","og_availability":"backorder","product_availability":"available for order","product_retailer_item_id":"107327A","product_condition":"new","geo.placename":"CORRO D`AVALL","geo.region":"Espanha"},"uagb_featured_image_src":{"full":["https:\/\/recambiosecogas.com\/wp-content\/uploads\/2025\/02\/GOK-sistema-de-2-cilindros-4-kg-h-50-mbar-PS-16-bar-png.webp",1000,1000,false],"thumbnail":["https:\/\/recambiosecogas.com\/wp-content\/uploads\/2025\/02\/GOK-sistema-de-2-cilindros-4-kg-h-50-mbar-PS-16-bar-150x150.webp",150,150,true],"medium":["https:\/\/recambiosecogas.com\/wp-content\/uploads\/2025\/02\/GOK-sistema-de-2-cilindros-4-kg-h-50-mbar-PS-16-bar-300x300.webp",300,300,true],"medium_large":["https:\/\/recambiosecogas.com\/wp-content\/uploads\/2025\/02\/GOK-sistema-de-2-cilindros-4-kg-h-50-mbar-PS-16-bar-768x768.webp",768,768,true],"large":["https:\/\/recambiosecogas.com\/wp-content\/uploads\/2025\/02\/GOK-sistema-de-2-cilindros-4-kg-h-50-mbar-PS-16-bar-png.webp",1000,1000,false],"1536x1536":["https:\/\/recambiosecogas.com\/wp-content\/uploads\/2025\/02\/GOK-sistema-de-2-cilindros-4-kg-h-50-mbar-PS-16-bar-png.webp",1000,1000,false],"2048x2048":["https:\/\/recambiosecogas.com\/wp-content\/uploads\/2025\/02\/GOK-sistema-de-2-cilindros-4-kg-h-50-mbar-PS-16-bar-png.webp",1000,1000,false],"woocommerce_archive_thumbnail":["https:\/\/recambiosecogas.com\/wp-content\/uploads\/2025\/02\/GOK-sistema-de-2-cilindros-4-kg-h-50-mbar-PS-16-bar-png.webp",1000,1000,false],"woocommerce_thumbnail":["https:\/\/recambiosecogas.com\/wp-content\/uploads\/2025\/02\/GOK-sistema-de-2-cilindros-4-kg-h-50-mbar-PS-16-bar-300x300.webp",300,300,true],"woocommerce_single":["https:\/\/recambiosecogas.com\/wp-content\/uploads\/2025\/02\/GOK-sistema-de-2-cilindros-4-kg-h-50-mbar-PS-16-bar-png.webp",1000,1000,false],"woocommerce_gallery_thumbnail":["https:\/\/recambiosecogas.com\/wp-content\/uploads\/2025\/02\/GOK-sistema-de-2-cilindros-4-kg-h-50-mbar-PS-16-bar-png.webp",1000,1000,false],"dgwt-wcas-product-suggestion":["https:\/\/recambiosecogas.com\/wp-content\/uploads\/2025\/02\/GOK-sistema-de-2-cilindros-4-kg-h-50-mbar-PS-16-bar-64x64.webp",64,64,true]},"uagb_author_info":{"display_name":"Fran - Soporte T\u00e9cnico","author_link":"https:\/\/recambiosecogas.com\/pt-pt\/author\/"},"uagb_comment_info":0,"uagb_excerpt":"GOK","_links":{"self":[{"href":"https:\/\/recambiosecogas.com\/pt-pt\/wp-json\/wp\/v2\/product\/17862","targetHints":{"allow":["GET"]}}],"collection":[{"href":"https:\/\/recambiosecogas.com\/pt-pt\/wp-json\/wp\/v2\/product"}],"about":[{"href":"https:\/\/recambiosecogas.com\/pt-pt\/wp-json\/wp\/v2\/types\/product"}],"replies":[{"embeddable":true,"href":"https:\/\/recambiosecogas.com\/pt-pt\/wp-json\/wp\/v2\/comments?post=17862"}],"wp:featuredmedia":[{"embeddable":true,"href":"https:\/\/recambiosecogas.com\/pt-pt\/wp-json\/wp\/v2\/media\/19073"}],"wp:attachment":[{"href":"https:\/\/recambiosecogas.com\/pt-pt\/wp-json\/wp\/v2\/media?parent=17862"}],"wp:term":[{"taxonomy":"product_brand","embeddable":true,"href":"https:\/\/recambiosecogas.com\/pt-pt\/wp-json\/wp\/v2\/product_brand?post=17862"},{"taxonomy":"product_cat","embeddable":true,"href":"https:\/\/recambiosecogas.com\/pt-pt\/wp-json\/wp\/v2\/product_cat?post=17862"},{"taxonomy":"product_tag","embeddable":true,"href":"https:\/\/recambiosecogas.com\/pt-pt\/wp-json\/wp\/v2\/product_tag?post=17862"}],"curies":[{"name":"wp","href":"https:\/\/api.w.org\/{rel}","templated":true}]}}