{"id":17855,"date":"2025-02-24T11:25:05","date_gmt":"2025-02-24T10:25:05","guid":{"rendered":"https:\/\/recambiosecogas.com\/producto\/gok-sistema-de-2-cilindros-de-gas-caramatic-basictwo-50-mbar-15-kg-h\/"},"modified":"2026-04-27T09:13:55","modified_gmt":"2026-04-27T08:13:55","slug":"gok-sistema-de-2-cilindros-de-gas-caramatic-basictwo-50-mbar-15-kg-h","status":"publish","type":"product","link":"https:\/\/recambiosecogas.com\/pt-pt\/producto\/gok-sistema-de-2-cilindros-de-gas-caramatic-basictwo-50-mbar-15-kg-h\/","title":{"rendered":"GOK sistema de 2 cilindros de gas Caramatic BasicTwo 50 mbar 1,5 kg\/h"},"content":{"rendered":"<p><strong>Conmutaci\u00f3n autom\u00e1tica del regulador<\/strong>, para la conexi\u00f3n a botellas de gas, para la regulaci\u00f3n de la presi\u00f3n a la presi\u00f3n nominal del aparato de gas.<\/p>\n<p>Compuesto de: Central (A) y regulador conmutador (B) con man\u00f3metro y mangueras. Para uso\u00a0<strong>en<\/strong><strong>caravanas<\/strong><strong>, autocaravanas o<\/strong>barcos.<\/p>\n<p><strong>Ventajas y caracter\u00edsticas:<\/strong><\/p>\n<p>&#8211; Con v\u00e1lvula de seguridad PRV<br \/>\n&#8211; V\u00e1lvula antirretorno de gas: impide la fuga del flujo de gas al cambiar de botella<br \/>\n&#8211; Manguera de media presi\u00f3n (goma con incrustaci\u00f3n textil; resistente al fr\u00edo hasta -30 \u00b0C; dimensiones de la manguera 6,3 x 3,5 mm) G 3\/8 LH-\u00dcM x G 3\/8 LH-\u00dcM x 400 mm para conectar los dos reguladores, conexiones de lat\u00f3n, casquillos de compresi\u00f3n de acero inoxidable<br \/>\n&#8211; Manguera de media presi\u00f3n (caucho con inserto textil; resistente al fr\u00edo hasta -30 \u00b0C; dimensiones de la manguera 6,3 x 3,5 mm) G 1\/4 LH-\u00dcM x RVS 8 x 400 mm para conectar el sistema a la tuber\u00eda, conexiones de lat\u00f3n, casquillos de compresi\u00f3n de acero inoxidable<br \/>\n&#8211; Piezas de conexi\u00f3n a 8 \u00f3 10 mm<br \/>\n&#8211; Conexi\u00f3n combinada para la conexi\u00f3n opcional a botellas de gas de 5, 11 \u00f3 33 kg<\/p>\n<p>&nbsp;<\/p>\n<h4>Datos t\u00e9cnicos<\/h4>\n<p><strong>Presi\u00f3n m\u00e1xima admisible:<\/strong>PS 16 bar<\/p>\n<p><strong>Entrada:<\/strong>Combi W 21,8 x 1\/14 LH<\/p>\n<p><strong>Salida<\/strong><\/p>\n<p><strong>Regulador central:<\/strong>G 1\/4 LH-KN<br \/>\n<strong>Regulador de cambio:<\/strong>G 3\/8 LH-KN<\/p>\n<p>Sensor de colisi\u00f3n para la utilizaci\u00f3n de gas durante la conducci\u00f3n<strong>:sin<\/strong><\/p>\n<p>El <strong>Regulador de Gas GOK Caramatic BasicTwo 50 mbar<\/strong> es un componente esencial para la regulaci\u00f3n de presi\u00f3n en sistemas de <strong>Autogas<\/strong>. Dise\u00f1ado para su uso en <strong>caravanas<\/strong>, <strong>autocaravanas<\/strong> y <strong>barcos<\/strong>, este regulador asegura un suministro de gas seguro y eficiente, adapt\u00e1ndose a las necesidades espec\u00edficas de cada instalaci\u00f3n.<\/p>\n<p>Este regulador cuenta con un sistema de conmutaci\u00f3n autom\u00e1tica que permite la conexi\u00f3n a botellas de gas, regulando la presi\u00f3n a la presi\u00f3n nominal del aparato de gas. Est\u00e1 compuesto por una unidad central y un regulador conmutador, que incluyen man\u00f3metros y mangueras, garantizando un funcionamiento \u00f3ptimo y seguro.<\/p>\n<p>El regulador GOK Caramatic BasicTwo incluye caracter\u00edsticas destacadas como una v\u00e1lvula de seguridad PRV y una v\u00e1lvula antirretorno de gas, que impide la fuga del flujo de gas al cambiar de botella. Adem\u00e1s, las mangueras de media presi\u00f3n son resistentes al fr\u00edo hasta -30 \u00b0C, lo que asegura su durabilidad y rendimiento en diversas condiciones clim\u00e1ticas.<\/p>\n<p>La instalaci\u00f3n de este regulador es sencilla, y es necesario en situaciones donde se requiere un reemplazo de reguladores desgastados o al realizar modificaciones en el sistema de gas. Se recomienda verificar la compatibilidad con las botellas de gas de 5, 11 o 33 kg antes de realizar la compra.<\/p>\n<p>Si no se reemplaza un regulador defectuoso, pueden ocurrir fugas de gas, lo que representa un riesgo para la seguridad y el rendimiento del sistema. Por lo tanto, es fundamental revisar regularmente el estado del regulador y las conexiones para garantizar un funcionamiento seguro.<\/p>\n<h4>Datos t\u00e9cnicos<\/h4>\n<p>Presi\u00f3n m\u00e1xima admisible: <strong>16 bar<\/strong>. Entrada: <strong>Combi W 21,8 x 1\/14 LH<\/strong>. Salida: <strong>Regulador central G 1\/4 LH-KN<\/strong>, <strong>Regulador de cambio G 3\/8 LH-KN<\/strong>.<\/p>\n<h4>S\u00edntomas de fallo<\/h4>\n<ul>\n<li>Fugas de gas en las conexiones<\/li>\n<li>Incapacidad para conmutar entre botellas de gas<\/li>\n<li>Fluctuaciones en la presi\u00f3n del gas<\/li>\n<li>Ruidos inusuales durante el funcionamiento<\/li>\n<\/ul>\n<h4>Compatibilidad<\/h4>\n<p>Compatible con sistemas de <strong>Autogas<\/strong> en <strong>caravanas<\/strong>, <strong>autocaravanas<\/strong> y <strong>barcos<\/strong>. Se recomienda verificar la referencia original antes de realizar la compra.<\/p>\n","protected":false},"excerpt":{"rendered":"<p>GOK<\/p>\n","protected":false},"featured_media":19362,"comment_status":"open","ping_status":"closed","template":"","meta":{"_uag_custom_page_level_css":""},"product_brand":[991],"product_cat":[441],"product_tag":[],"class_list":{"0":"post-17855","1":"product","2":"type-product","3":"status-publish","4":"has-post-thumbnail","6":"product_brand-gok","7":"product_cat-reguladores-para-la-marina","9":"first","10":"onbackorder","11":"taxable","12":"shipping-taxable","13":"purchasable","14":"product-type-simple"},"ct_brands":[{"id":991,"name":"GOK","slug":"gok"}],"yoast_head":"<!-- This site is optimized with the Yoast SEO Premium plugin v27.5 (Yoast SEO v27.5) - https:\/\/yoast.com\/product\/yoast-seo-premium-wordpress\/ -->\n<title>Regulador de Gas GOK Caramatic BasicTwo 50 mbar | Recambios Ecogas<\/title>\n<meta name=\"description\" content=\"Regulador de gas GOK Caramatic BasicTwo 50 mbar, ideal para caravanas y barcos, garantiza una regulaci\u00f3n segura y eficiente del gas.\" \/>\n<meta name=\"robots\" content=\"index, follow, max-snippet:-1, max-image-preview:large, max-video-preview:-1\" \/>\n<link rel=\"canonical\" href=\"https:\/\/recambiosecogas.com\/pt-pt\/producto\/gok-sistema-de-2-cilindros-de-gas-caramatic-basictwo-50-mbar-15-kg-h\/\" \/>\n<meta property=\"og:locale\" content=\"pt_PT\" \/>\n<meta property=\"og:type\" content=\"article\" \/>\n<meta property=\"og:title\" content=\"GOK sistema de 2 cilindros de gas Caramatic BasicTwo 50 mbar 1,5 kg\/h\" \/>\n<meta property=\"og:description\" content=\"Regulador de gas GOK Caramatic BasicTwo 50 mbar, ideal para caravanas y barcos, garantiza una regulaci\u00f3n segura y eficiente del gas.\" \/>\n<meta property=\"og:url\" content=\"https:\/\/recambiosecogas.com\/pt-pt\/producto\/gok-sistema-de-2-cilindros-de-gas-caramatic-basictwo-50-mbar-15-kg-h\/\" \/>\n<meta property=\"og:site_name\" content=\"Recambios EcoGas\" \/>\n<meta property=\"article:publisher\" content=\"https:\/\/www.facebook.com\/profile.php?id=100062419705358\" \/>\n<meta property=\"article:modified_time\" content=\"2026-04-27T08:13:55+00:00\" \/>\n<meta property=\"og:image\" content=\"https:\/\/recambiosecogas.com\/wp-content\/uploads\/2025\/02\/GOK-sistema-de-2-cilindros-de-gas-Caramatic-BasicTwo-50mbar-png.webp\" \/>\n\t<meta property=\"og:image:width\" content=\"1000\" \/>\n\t<meta property=\"og:image:height\" content=\"1000\" \/>\n\t<meta property=\"og:image:type\" content=\"image\/png\" \/>\n<meta name=\"twitter:card\" content=\"summary_large_image\" \/>\n<meta name=\"twitter:label1\" content=\"pre\u00e7o\" \/>\n\t<meta name=\"twitter:data1\" content=\"230,98&nbsp;&euro; (Sin IVA: 190,90&nbsp;&euro;)\" \/>\n\t<meta name=\"twitter:label2\" content=\"Disponibilidade\" \/>\n\t<meta name=\"twitter:data2\" content=\"Por encomenda\" \/>\n<script type=\"application\/ld+json\" class=\"yoast-schema-graph\">{\"@context\":\"https:\\\/\\\/schema.org\",\"@graph\":[{\"@type\":\"WebPage\",\"@id\":\"https:\\\/\\\/recambiosecogas.com\\\/pt-pt\\\/producto\\\/gok-sistema-de-2-cilindros-de-gas-caramatic-basictwo-50-mbar-15-kg-h\\\/\",\"url\":\"https:\\\/\\\/recambiosecogas.com\\\/pt-pt\\\/producto\\\/gok-sistema-de-2-cilindros-de-gas-caramatic-basictwo-50-mbar-15-kg-h\\\/\",\"name\":\"Regulador de Gas GOK Caramatic BasicTwo 50 mbar | Recambios Ecogas\",\"isPartOf\":{\"@id\":\"https:\\\/\\\/recambiosecogas.com\\\/pt-pt\\\/#website\"},\"primaryImageOfPage\":{\"@id\":\"https:\\\/\\\/recambiosecogas.com\\\/pt-pt\\\/producto\\\/gok-sistema-de-2-cilindros-de-gas-caramatic-basictwo-50-mbar-15-kg-h\\\/#primaryimage\"},\"image\":{\"@id\":\"https:\\\/\\\/recambiosecogas.com\\\/pt-pt\\\/producto\\\/gok-sistema-de-2-cilindros-de-gas-caramatic-basictwo-50-mbar-15-kg-h\\\/#primaryimage\"},\"thumbnailUrl\":\"https:\\\/\\\/recambiosecogas.com\\\/wp-content\\\/uploads\\\/2025\\\/02\\\/GOK-sistema-de-2-cilindros-de-gas-Caramatic-BasicTwo-50mbar-png.webp\",\"datePublished\":\"2025-02-24T10:25:05+00:00\",\"dateModified\":\"2026-04-27T08:13:55+00:00\",\"description\":\"Regulador de gas GOK Caramatic BasicTwo 50 mbar, ideal para caravanas y barcos, garantiza una regulaci\u00f3n segura y eficiente del gas.\",\"breadcrumb\":{\"@id\":\"https:\\\/\\\/recambiosecogas.com\\\/pt-pt\\\/producto\\\/gok-sistema-de-2-cilindros-de-gas-caramatic-basictwo-50-mbar-15-kg-h\\\/#breadcrumb\"},\"inLanguage\":\"pt-PT\",\"potentialAction\":[{\"@type\":\"ReadAction\",\"target\":[\"https:\\\/\\\/recambiosecogas.com\\\/pt-pt\\\/producto\\\/gok-sistema-de-2-cilindros-de-gas-caramatic-basictwo-50-mbar-15-kg-h\\\/\"]}]},{\"@type\":\"ImageObject\",\"inLanguage\":\"pt-PT\",\"@id\":\"https:\\\/\\\/recambiosecogas.com\\\/pt-pt\\\/producto\\\/gok-sistema-de-2-cilindros-de-gas-caramatic-basictwo-50-mbar-15-kg-h\\\/#primaryimage\",\"url\":\"https:\\\/\\\/recambiosecogas.com\\\/wp-content\\\/uploads\\\/2025\\\/02\\\/GOK-sistema-de-2-cilindros-de-gas-Caramatic-BasicTwo-50mbar-png.webp\",\"contentUrl\":\"https:\\\/\\\/recambiosecogas.com\\\/wp-content\\\/uploads\\\/2025\\\/02\\\/GOK-sistema-de-2-cilindros-de-gas-Caramatic-BasicTwo-50mbar-png.webp\",\"width\":1000,\"height\":1000},{\"@type\":\"BreadcrumbList\",\"@id\":\"https:\\\/\\\/recambiosecogas.com\\\/pt-pt\\\/producto\\\/gok-sistema-de-2-cilindros-de-gas-caramatic-basictwo-50-mbar-15-kg-h\\\/#breadcrumb\",\"itemListElement\":[{\"@type\":\"ListItem\",\"position\":1,\"name\":\"P\u00e1gina inicial\",\"item\":\"https:\\\/\\\/recambiosecogas.com\\\/pt-pt\\\/\"},{\"@type\":\"ListItem\",\"position\":2,\"name\":\"Loja\",\"item\":\"https:\\\/\\\/recambiosecogas.com\\\/pt-pt\\\/tienda\\\/\"},{\"@type\":\"ListItem\",\"position\":3,\"name\":\"GOK sistema de 2 cilindros de gas Caramatic BasicTwo 50 mbar 1,5 kg\\\/h\"}]},{\"@type\":\"WebSite\",\"@id\":\"https:\\\/\\\/recambiosecogas.com\\\/pt-pt\\\/#website\",\"url\":\"https:\\\/\\\/recambiosecogas.com\\\/pt-pt\\\/\",\"name\":\"Recambios EcoGas\",\"description\":\"Pe\u00e7as multimarca para sistemas de GPL\\\/GNC\\\/GNL\\\/Hidrog\u00e9nio\",\"publisher\":{\"@id\":\"https:\\\/\\\/recambiosecogas.com\\\/pt-pt\\\/#organization\"},\"alternateName\":\"Recambios Autogas GLP\",\"potentialAction\":[{\"@type\":\"SearchAction\",\"target\":{\"@type\":\"EntryPoint\",\"urlTemplate\":\"https:\\\/\\\/recambiosecogas.com\\\/pt-pt\\\/?s={search_term_string}\"},\"query-input\":{\"@type\":\"PropertyValueSpecification\",\"valueRequired\":true,\"valueName\":\"search_term_string\"}}],\"inLanguage\":\"pt-PT\"},{\"@type\":[\"Organization\",\"Place\"],\"@id\":\"https:\\\/\\\/recambiosecogas.com\\\/pt-pt\\\/#organization\",\"name\":\"Recambios EcoGas\",\"alternateName\":\"Loja de GPL Autog\u00e1s Espanha\",\"url\":\"https:\\\/\\\/recambiosecogas.com\\\/pt-pt\\\/\",\"logo\":{\"@id\":\"https:\\\/\\\/recambiosecogas.com\\\/pt-pt\\\/producto\\\/gok-sistema-de-2-cilindros-de-gas-caramatic-basictwo-50-mbar-15-kg-h\\\/#local-main-organization-logo\"},\"image\":{\"@id\":\"https:\\\/\\\/recambiosecogas.com\\\/pt-pt\\\/producto\\\/gok-sistema-de-2-cilindros-de-gas-caramatic-basictwo-50-mbar-15-kg-h\\\/#local-main-organization-logo\"},\"sameAs\":[\"https:\\\/\\\/www.facebook.com\\\/profile.php?id=100062419705358\",\"https:\\\/\\\/www.instagram.com\\\/segimon_automocio\"],\"description\":\"Recambios EcoGas \u2013 Venta y distribuci\u00f3n de sistemas GLP y GNC en Espa\u00f1a y Portugal. Env\u00edos 24 h, soporte t\u00e9cnico a talleres y distribuidores.\",\"hasMerchantReturnPolicy\":{\"@type\":\"MerchantReturnPolicy\",\"merchantReturnLink\":\"https:\\\/\\\/recambiosecogas.com\\\/politicas-privacidad\\\/\"},\"address\":{\"@id\":\"https:\\\/\\\/recambiosecogas.com\\\/pt-pt\\\/producto\\\/gok-sistema-de-2-cilindros-de-gas-caramatic-basictwo-50-mbar-15-kg-h\\\/#local-main-place-address\"},\"telephone\":[\"616250633\"],\"contactPoint\":{\"@type\":\"ContactPoint\",\"email\":\"export@recambiosecogas.com\"},\"openingHoursSpecification\":[{\"@type\":\"OpeningHoursSpecification\",\"dayOfWeek\":[\"Monday\",\"Tuesday\",\"Wednesday\",\"Thursday\",\"Friday\",\"Saturday\",\"Sunday\"],\"opens\":\"09:00\",\"closes\":\"17:00\"}],\"email\":\"info@recambiosecogas.com\",\"faxNumber\":\"SEGIMON AUTOMOCION SL\",\"vatID\":\"ESB19819861\",\"globalLocationNumber\":\"938 616 339\"},{\"@type\":\"PostalAddress\",\"@id\":\"https:\\\/\\\/recambiosecogas.com\\\/pt-pt\\\/producto\\\/gok-sistema-de-2-cilindros-de-gas-caramatic-basictwo-50-mbar-15-kg-h\\\/#local-main-place-address\",\"streetAddress\":\"cami antic de vic, 29 (Nave 3), Pol\u00edgono Industrial Congost\",\"addressLocality\":\"CORRO D`AVALL\",\"postalCode\":\"08520\",\"addressRegion\":\"Barcelona\",\"addressCountry\":\"ES\"},{\"@type\":\"ImageObject\",\"inLanguage\":\"pt-PT\",\"@id\":\"https:\\\/\\\/recambiosecogas.com\\\/pt-pt\\\/producto\\\/gok-sistema-de-2-cilindros-de-gas-caramatic-basictwo-50-mbar-15-kg-h\\\/#local-main-organization-logo\",\"url\":\"https:\\\/\\\/recambiosecogas.com\\\/wp-content\\\/uploads\\\/2024\\\/11\\\/cropped-RECAMBIOS-GLP-png.webp\",\"contentUrl\":\"https:\\\/\\\/recambiosecogas.com\\\/wp-content\\\/uploads\\\/2024\\\/11\\\/cropped-RECAMBIOS-GLP-png.webp\",\"width\":512,\"height\":512,\"caption\":\"Recambios EcoGas\"}]}<\/script>\n<meta property=\"product:brand\" content=\"GOK\" \/>\n<meta property=\"product:price:amount\" content=\"230.98\" \/>\n<meta property=\"product:price:currency\" content=\"EUR\" \/>\n<meta property=\"og:availability\" content=\"backorder\" \/>\n<meta property=\"product:availability\" content=\"available for order\" \/>\n<meta property=\"product:retailer_item_id\" content=\"108699\" \/>\n<meta property=\"product:condition\" content=\"new\" \/>\n<meta name=\"geo.placename\" content=\"CORRO D`AVALL\" \/>\n<meta name=\"geo.region\" content=\"Espanha\" \/>\n<!-- \/ Yoast SEO Premium plugin. -->","yoast_head_json":{"title":"Regulador de Gas GOK Caramatic BasicTwo 50 mbar | Recambios Ecogas","description":"Regulador de gas GOK Caramatic BasicTwo 50 mbar, ideal para caravanas y barcos, garantiza una regulaci\u00f3n segura y eficiente del gas.","robots":{"index":"index","follow":"follow","max-snippet":"max-snippet:-1","max-image-preview":"max-image-preview:large","max-video-preview":"max-video-preview:-1"},"canonical":"https:\/\/recambiosecogas.com\/pt-pt\/producto\/gok-sistema-de-2-cilindros-de-gas-caramatic-basictwo-50-mbar-15-kg-h\/","og_locale":"pt_PT","og_type":"article","og_title":"GOK sistema de 2 cilindros de gas Caramatic BasicTwo 50 mbar 1,5 kg\/h","og_description":"Regulador de gas GOK Caramatic BasicTwo 50 mbar, ideal para caravanas y barcos, garantiza una regulaci\u00f3n segura y eficiente del gas.","og_url":"https:\/\/recambiosecogas.com\/pt-pt\/producto\/gok-sistema-de-2-cilindros-de-gas-caramatic-basictwo-50-mbar-15-kg-h\/","og_site_name":"Recambios EcoGas","article_publisher":"https:\/\/www.facebook.com\/profile.php?id=100062419705358","article_modified_time":"2026-04-27T08:13:55+00:00","og_image":[{"width":1000,"height":1000,"url":"https:\/\/recambiosecogas.com\/wp-content\/uploads\/2025\/02\/GOK-sistema-de-2-cilindros-de-gas-Caramatic-BasicTwo-50mbar-png.webp","type":"image\/png"}],"twitter_card":"summary_large_image","twitter_misc":{"pre\u00e7o":"230,98&nbsp;&euro; (Sin IVA: 190,90&nbsp;&euro;)","Disponibilidade":"Por encomenda"},"schema":{"@context":"https:\/\/schema.org","@graph":[{"@type":"WebPage","@id":"https:\/\/recambiosecogas.com\/pt-pt\/producto\/gok-sistema-de-2-cilindros-de-gas-caramatic-basictwo-50-mbar-15-kg-h\/","url":"https:\/\/recambiosecogas.com\/pt-pt\/producto\/gok-sistema-de-2-cilindros-de-gas-caramatic-basictwo-50-mbar-15-kg-h\/","name":"Regulador de Gas GOK Caramatic BasicTwo 50 mbar | Recambios Ecogas","isPartOf":{"@id":"https:\/\/recambiosecogas.com\/pt-pt\/#website"},"primaryImageOfPage":{"@id":"https:\/\/recambiosecogas.com\/pt-pt\/producto\/gok-sistema-de-2-cilindros-de-gas-caramatic-basictwo-50-mbar-15-kg-h\/#primaryimage"},"image":{"@id":"https:\/\/recambiosecogas.com\/pt-pt\/producto\/gok-sistema-de-2-cilindros-de-gas-caramatic-basictwo-50-mbar-15-kg-h\/#primaryimage"},"thumbnailUrl":"https:\/\/recambiosecogas.com\/wp-content\/uploads\/2025\/02\/GOK-sistema-de-2-cilindros-de-gas-Caramatic-BasicTwo-50mbar-png.webp","datePublished":"2025-02-24T10:25:05+00:00","dateModified":"2026-04-27T08:13:55+00:00","description":"Regulador de gas GOK Caramatic BasicTwo 50 mbar, ideal para caravanas y barcos, garantiza una regulaci\u00f3n segura y eficiente del gas.","breadcrumb":{"@id":"https:\/\/recambiosecogas.com\/pt-pt\/producto\/gok-sistema-de-2-cilindros-de-gas-caramatic-basictwo-50-mbar-15-kg-h\/#breadcrumb"},"inLanguage":"pt-PT","potentialAction":[{"@type":"ReadAction","target":["https:\/\/recambiosecogas.com\/pt-pt\/producto\/gok-sistema-de-2-cilindros-de-gas-caramatic-basictwo-50-mbar-15-kg-h\/"]}]},{"@type":"ImageObject","inLanguage":"pt-PT","@id":"https:\/\/recambiosecogas.com\/pt-pt\/producto\/gok-sistema-de-2-cilindros-de-gas-caramatic-basictwo-50-mbar-15-kg-h\/#primaryimage","url":"https:\/\/recambiosecogas.com\/wp-content\/uploads\/2025\/02\/GOK-sistema-de-2-cilindros-de-gas-Caramatic-BasicTwo-50mbar-png.webp","contentUrl":"https:\/\/recambiosecogas.com\/wp-content\/uploads\/2025\/02\/GOK-sistema-de-2-cilindros-de-gas-Caramatic-BasicTwo-50mbar-png.webp","width":1000,"height":1000},{"@type":"BreadcrumbList","@id":"https:\/\/recambiosecogas.com\/pt-pt\/producto\/gok-sistema-de-2-cilindros-de-gas-caramatic-basictwo-50-mbar-15-kg-h\/#breadcrumb","itemListElement":[{"@type":"ListItem","position":1,"name":"P\u00e1gina inicial","item":"https:\/\/recambiosecogas.com\/pt-pt\/"},{"@type":"ListItem","position":2,"name":"Loja","item":"https:\/\/recambiosecogas.com\/pt-pt\/tienda\/"},{"@type":"ListItem","position":3,"name":"GOK sistema de 2 cilindros de gas Caramatic BasicTwo 50 mbar 1,5 kg\/h"}]},{"@type":"WebSite","@id":"https:\/\/recambiosecogas.com\/pt-pt\/#website","url":"https:\/\/recambiosecogas.com\/pt-pt\/","name":"Recambios EcoGas","description":"Pe\u00e7as multimarca para sistemas de GPL\/GNC\/GNL\/Hidrog\u00e9nio","publisher":{"@id":"https:\/\/recambiosecogas.com\/pt-pt\/#organization"},"alternateName":"Recambios Autogas GLP","potentialAction":[{"@type":"SearchAction","target":{"@type":"EntryPoint","urlTemplate":"https:\/\/recambiosecogas.com\/pt-pt\/?s={search_term_string}"},"query-input":{"@type":"PropertyValueSpecification","valueRequired":true,"valueName":"search_term_string"}}],"inLanguage":"pt-PT"},{"@type":["Organization","Place"],"@id":"https:\/\/recambiosecogas.com\/pt-pt\/#organization","name":"Recambios EcoGas","alternateName":"Loja de GPL Autog\u00e1s Espanha","url":"https:\/\/recambiosecogas.com\/pt-pt\/","logo":{"@id":"https:\/\/recambiosecogas.com\/pt-pt\/producto\/gok-sistema-de-2-cilindros-de-gas-caramatic-basictwo-50-mbar-15-kg-h\/#local-main-organization-logo"},"image":{"@id":"https:\/\/recambiosecogas.com\/pt-pt\/producto\/gok-sistema-de-2-cilindros-de-gas-caramatic-basictwo-50-mbar-15-kg-h\/#local-main-organization-logo"},"sameAs":["https:\/\/www.facebook.com\/profile.php?id=100062419705358","https:\/\/www.instagram.com\/segimon_automocio"],"description":"Recambios EcoGas \u2013 Venta y distribuci\u00f3n de sistemas GLP y GNC en Espa\u00f1a y Portugal. Env\u00edos 24 h, soporte t\u00e9cnico a talleres y distribuidores.","hasMerchantReturnPolicy":{"@type":"MerchantReturnPolicy","merchantReturnLink":"https:\/\/recambiosecogas.com\/politicas-privacidad\/"},"address":{"@id":"https:\/\/recambiosecogas.com\/pt-pt\/producto\/gok-sistema-de-2-cilindros-de-gas-caramatic-basictwo-50-mbar-15-kg-h\/#local-main-place-address"},"telephone":["616250633"],"contactPoint":{"@type":"ContactPoint","email":"export@recambiosecogas.com"},"openingHoursSpecification":[{"@type":"OpeningHoursSpecification","dayOfWeek":["Monday","Tuesday","Wednesday","Thursday","Friday","Saturday","Sunday"],"opens":"09:00","closes":"17:00"}],"email":"info@recambiosecogas.com","faxNumber":"SEGIMON AUTOMOCION SL","vatID":"ESB19819861","globalLocationNumber":"938 616 339"},{"@type":"PostalAddress","@id":"https:\/\/recambiosecogas.com\/pt-pt\/producto\/gok-sistema-de-2-cilindros-de-gas-caramatic-basictwo-50-mbar-15-kg-h\/#local-main-place-address","streetAddress":"cami antic de vic, 29 (Nave 3), Pol\u00edgono Industrial Congost","addressLocality":"CORRO D`AVALL","postalCode":"08520","addressRegion":"Barcelona","addressCountry":"ES"},{"@type":"ImageObject","inLanguage":"pt-PT","@id":"https:\/\/recambiosecogas.com\/pt-pt\/producto\/gok-sistema-de-2-cilindros-de-gas-caramatic-basictwo-50-mbar-15-kg-h\/#local-main-organization-logo","url":"https:\/\/recambiosecogas.com\/wp-content\/uploads\/2024\/11\/cropped-RECAMBIOS-GLP-png.webp","contentUrl":"https:\/\/recambiosecogas.com\/wp-content\/uploads\/2024\/11\/cropped-RECAMBIOS-GLP-png.webp","width":512,"height":512,"caption":"Recambios EcoGas"}]},"product_brand":"GOK","product_price_amount":"230.98","product_price_currency":"EUR","og_availability":"backorder","product_availability":"available for order","product_retailer_item_id":"108699","product_condition":"new","geo.placename":"CORRO D`AVALL","geo.region":"Espanha"},"uagb_featured_image_src":{"full":["https:\/\/recambiosecogas.com\/wp-content\/uploads\/2025\/02\/GOK-sistema-de-2-cilindros-de-gas-Caramatic-BasicTwo-50mbar-png.webp",1000,1000,false],"thumbnail":["https:\/\/recambiosecogas.com\/wp-content\/uploads\/2025\/02\/GOK-sistema-de-2-cilindros-de-gas-Caramatic-BasicTwo-50mbar-150x150.webp",150,150,true],"medium":["https:\/\/recambiosecogas.com\/wp-content\/uploads\/2025\/02\/GOK-sistema-de-2-cilindros-de-gas-Caramatic-BasicTwo-50mbar-300x300.webp",300,300,true],"medium_large":["https:\/\/recambiosecogas.com\/wp-content\/uploads\/2025\/02\/GOK-sistema-de-2-cilindros-de-gas-Caramatic-BasicTwo-50mbar-768x768.webp",768,768,true],"large":["https:\/\/recambiosecogas.com\/wp-content\/uploads\/2025\/02\/GOK-sistema-de-2-cilindros-de-gas-Caramatic-BasicTwo-50mbar-png.webp",1000,1000,false],"1536x1536":["https:\/\/recambiosecogas.com\/wp-content\/uploads\/2025\/02\/GOK-sistema-de-2-cilindros-de-gas-Caramatic-BasicTwo-50mbar-png.webp",1000,1000,false],"2048x2048":["https:\/\/recambiosecogas.com\/wp-content\/uploads\/2025\/02\/GOK-sistema-de-2-cilindros-de-gas-Caramatic-BasicTwo-50mbar-png.webp",1000,1000,false],"woocommerce_archive_thumbnail":["https:\/\/recambiosecogas.com\/wp-content\/uploads\/2025\/02\/GOK-sistema-de-2-cilindros-de-gas-Caramatic-BasicTwo-50mbar-png.webp",1000,1000,false],"woocommerce_thumbnail":["https:\/\/recambiosecogas.com\/wp-content\/uploads\/2025\/02\/GOK-sistema-de-2-cilindros-de-gas-Caramatic-BasicTwo-50mbar-300x300.webp",300,300,true],"woocommerce_single":["https:\/\/recambiosecogas.com\/wp-content\/uploads\/2025\/02\/GOK-sistema-de-2-cilindros-de-gas-Caramatic-BasicTwo-50mbar-png.webp",1000,1000,false],"woocommerce_gallery_thumbnail":["https:\/\/recambiosecogas.com\/wp-content\/uploads\/2025\/02\/GOK-sistema-de-2-cilindros-de-gas-Caramatic-BasicTwo-50mbar-png.webp",1000,1000,false],"dgwt-wcas-product-suggestion":["https:\/\/recambiosecogas.com\/wp-content\/uploads\/2025\/02\/GOK-sistema-de-2-cilindros-de-gas-Caramatic-BasicTwo-50mbar-64x64.webp",64,64,true]},"uagb_author_info":{"display_name":"Fran - Soporte T\u00e9cnico","author_link":"https:\/\/recambiosecogas.com\/pt-pt\/author\/"},"uagb_comment_info":0,"uagb_excerpt":"GOK","_links":{"self":[{"href":"https:\/\/recambiosecogas.com\/pt-pt\/wp-json\/wp\/v2\/product\/17855","targetHints":{"allow":["GET"]}}],"collection":[{"href":"https:\/\/recambiosecogas.com\/pt-pt\/wp-json\/wp\/v2\/product"}],"about":[{"href":"https:\/\/recambiosecogas.com\/pt-pt\/wp-json\/wp\/v2\/types\/product"}],"replies":[{"embeddable":true,"href":"https:\/\/recambiosecogas.com\/pt-pt\/wp-json\/wp\/v2\/comments?post=17855"}],"wp:featuredmedia":[{"embeddable":true,"href":"https:\/\/recambiosecogas.com\/pt-pt\/wp-json\/wp\/v2\/media\/19362"}],"wp:attachment":[{"href":"https:\/\/recambiosecogas.com\/pt-pt\/wp-json\/wp\/v2\/media?parent=17855"}],"wp:term":[{"taxonomy":"product_brand","embeddable":true,"href":"https:\/\/recambiosecogas.com\/pt-pt\/wp-json\/wp\/v2\/product_brand?post=17855"},{"taxonomy":"product_cat","embeddable":true,"href":"https:\/\/recambiosecogas.com\/pt-pt\/wp-json\/wp\/v2\/product_cat?post=17855"},{"taxonomy":"product_tag","embeddable":true,"href":"https:\/\/recambiosecogas.com\/pt-pt\/wp-json\/wp\/v2\/product_tag?post=17855"}],"curies":[{"name":"wp","href":"https:\/\/api.w.org\/{rel}","templated":true}]}}