{"id":17824,"date":"2025-02-24T11:24:30","date_gmt":"2025-02-24T10:24:30","guid":{"rendered":"https:\/\/recambiosecogas.com\/producto\/reparado-toptron-crash-protection-unit-cpu\/"},"modified":"2026-04-27T09:13:57","modified_gmt":"2026-04-27T08:13:57","slug":"reparado-toptron-crash-protection-unit-cpu","status":"publish","type":"product","link":"https:\/\/recambiosecogas.com\/pt-pt\/producto\/reparado-toptron-crash-protection-unit-cpu\/","title":{"rendered":"[REPARADO] Toptron Crash Protection Unit (CPU)"},"content":{"rendered":"<p><strong>Este producto ha sido revisado y, en caso necesario, reparado por el fabricante. Existe una garant\u00eda de funcionamiento de 6 meses a partir de la fecha de facturaci\u00f3n. Los accesorios que aparecen en la imagen no suelen estar incluidos. Tenga en cuenta que los productos reacondicionados se utilizan preferentemente para la sustituci\u00f3n (en garant\u00eda) de piezas defectuosas.<\/strong><\/p>\n<p>Unidad de protecci\u00f3n contra colisiones Toptron (CPU)<\/p>\n<p>La unidad de protecci\u00f3n contra colisiones (CPU) patentada permite utilizar aparatos como calefactores, frigor\u00edficos, etc. <strong>tanto cuando se est\u00e1 parado como cuando se viaja<\/strong>. La CPU se conecta firmemente al chasis en cualquier punto del interior del veh\u00edculo mediante 4 tornillos.<\/p>\n<p>En caso de accidente<strong>, frenada de emergencia o una inclinaci\u00f3n de 57\u00b0 o m\u00e1s, <\/strong>el suministro de gas se interrumpe\u00a0<strong>inmediatamente<\/strong>. Adem\u00e1s, casi todos los avisadores de gas habituales pueden conectarse directamente a la CPU. En caso de &#8220;alarma de gas&#8221;, el suministro de gas tambi\u00e9n se interrumpe inmediatamente para maximizar su seguridad.<\/p>\n<p>El <strong>sensor de <\/strong>colisi\u00f3n integrado en la CPU puede <strong>restablecerse<\/strong>\u00a0mediante el interruptor situado en el puesto de conducci\u00f3n del veh\u00edculo.<\/p>\n<p>Se <strong>cumplen<\/strong> \u00edntegramente las directivas de la UE sobre calentadores\u00a0<strong>seg\u00fan 2001\/56\/CE, incluida <\/strong>la normativa especial para Francia. Est\u00e1n conectadas dos mangueras de alta presi\u00f3n con dispositivos de seguridad contra rotura de mangueras (SBS).<\/p>\n<p>La <strong>Unidad de Protecci\u00f3n contra Colisiones Toptron (CPU)<\/strong> es un componente esencial dise\u00f1ado para sistemas de <strong>Autogas<\/strong>. Este dispositivo patentado permite el uso seguro de aparatos como calefactores y frigor\u00edficos, tanto en movimiento como estacionados. Se conecta firmemente al chasis del veh\u00edculo mediante cuatro tornillos, asegurando una instalaci\u00f3n robusta.<\/p>\n<p>En caso de accidente, frenada de emergencia o inclinaci\u00f3n de 57\u00b0 o m\u00e1s, la CPU interrumpe el suministro de gas de manera <strong>inmediata<\/strong>, garantizando la seguridad del usuario. Adem\u00e1s, la unidad es compatible con la mayor\u00eda de los avisadores de gas, que pueden conectarse directamente a la CPU. En caso de alarma de gas, el suministro se corta autom\u00e1ticamente, maximizando la protecci\u00f3n del sistema.<\/p>\n<p>La CPU cuenta con un sensor de colisi\u00f3n integrado que se puede <strong>restablecer<\/strong> f\u00e1cilmente mediante un interruptor ubicado en el puesto de conducci\u00f3n del veh\u00edculo. Este dise\u00f1o cumple con las directivas de la UE sobre calentadores, conforme a la normativa 2001\/56\/CE, incluida la legislaci\u00f3n espec\u00edfica para Francia. La unidad est\u00e1 equipada con dos mangueras de alta presi\u00f3n que incluyen dispositivos de seguridad contra rotura de mangueras (SBS), lo que a\u00f1ade una capa adicional de seguridad.<\/p>\n<h4>Datos t\u00e9cnicos<\/h4>\n<p>La unidad est\u00e1 dise\u00f1ada para ser utilizada en veh\u00edculos equipados con sistemas de <strong>Autogas<\/strong>, asegurando un funcionamiento seguro y eficiente.<\/p>\n<h4>S\u00edntomas de fallo<\/h4>\n<ul>\n<li>Interrupci\u00f3n del suministro de gas durante el funcionamiento normal.<\/li>\n<li>Fallo en el restablecimiento del sensor de colisi\u00f3n.<\/li>\n<li>Alarmas de gas que no se activan correctamente.<\/li>\n<\/ul>\n<h4>Compatibilidad<\/h4>\n<p>Compatible con sistemas de <strong>Autogas<\/strong> que requieren una unidad de protecci\u00f3n contra colisiones. Se recomienda verificar la referencia original antes de realizar la compra.<\/p>\n","protected":false},"excerpt":{"rendered":"<p>CAVAGNA<\/p>\n","protected":false},"featured_media":19276,"comment_status":"open","ping_status":"closed","template":"","meta":{"_uag_custom_page_level_css":""},"product_brand":[993,995],"product_cat":[1445],"product_tag":[],"class_list":{"0":"post-17824","1":"product","2":"type-product","3":"status-publish","4":"has-post-thumbnail","6":"product_brand-cavagna","7":"product_brand-toptron","8":"product_cat-acessorios-e-pecas-sobresselentes-para-reguladores-de-gas-de-autocaravana","10":"first","11":"onbackorder","12":"taxable","13":"shipping-taxable","14":"purchasable","15":"product-type-simple"},"ct_brands":[{"id":993,"name":"CAVAGNA","slug":"cavagna"},{"id":995,"name":"TOPTRON","slug":"toptron"}],"yoast_head":"<!-- This site is optimized with the Yoast SEO Premium plugin v27.5 (Yoast SEO v27.5) - https:\/\/yoast.com\/product\/yoast-seo-premium-wordpress\/ -->\n<title>Unidad de Protecci\u00f3n contra Colisiones Toptron (CPU) | Recambios Ecogas<\/title>\n<meta name=\"description\" content=\"Unidad de protecci\u00f3n contra colisiones Toptron (CPU) para sistemas de Autogas, interrumpe el suministro de gas en caso de accidente o alarma de gas.\" \/>\n<meta name=\"robots\" content=\"index, follow, max-snippet:-1, max-image-preview:large, max-video-preview:-1\" \/>\n<link rel=\"canonical\" href=\"https:\/\/recambiosecogas.com\/pt-pt\/producto\/reparado-toptron-crash-protection-unit-cpu\/\" \/>\n<meta property=\"og:locale\" content=\"pt_PT\" \/>\n<meta property=\"og:type\" content=\"article\" \/>\n<meta property=\"og:title\" content=\"[REPARADO] Toptron Crash Protection Unit (CPU)\" \/>\n<meta property=\"og:description\" content=\"Unidad de protecci\u00f3n contra colisiones Toptron (CPU) para sistemas de Autogas, interrumpe el suministro de gas en caso de accidente o alarma de gas.\" \/>\n<meta property=\"og:url\" content=\"https:\/\/recambiosecogas.com\/pt-pt\/producto\/reparado-toptron-crash-protection-unit-cpu\/\" \/>\n<meta property=\"og:site_name\" content=\"Recambios EcoGas\" \/>\n<meta property=\"article:publisher\" content=\"https:\/\/www.facebook.com\/profile.php?id=100062419705358\" \/>\n<meta property=\"article:modified_time\" content=\"2026-04-27T08:13:57+00:00\" \/>\n<meta property=\"og:image\" content=\"https:\/\/recambiosecogas.com\/wp-content\/uploads\/2025\/02\/REPARADO-Toptron-Crash-Protection-Unit-CPU-png.webp\" \/>\n\t<meta property=\"og:image:width\" content=\"1000\" \/>\n\t<meta property=\"og:image:height\" content=\"1000\" \/>\n\t<meta property=\"og:image:type\" content=\"image\/png\" \/>\n<meta name=\"twitter:card\" content=\"summary_large_image\" \/>\n<meta name=\"twitter:label1\" content=\"pre\u00e7o\" \/>\n\t<meta name=\"twitter:data1\" content=\"80,58&nbsp;&euro; (Sin IVA: 66,59&nbsp;&euro;)\" \/>\n\t<meta name=\"twitter:label2\" content=\"Disponibilidade\" \/>\n\t<meta name=\"twitter:data2\" content=\"Por encomenda\" \/>\n<script type=\"application\/ld+json\" class=\"yoast-schema-graph\">{\"@context\":\"https:\\\/\\\/schema.org\",\"@graph\":[{\"@type\":\"WebPage\",\"@id\":\"https:\\\/\\\/recambiosecogas.com\\\/pt-pt\\\/producto\\\/reparado-toptron-crash-protection-unit-cpu\\\/\",\"url\":\"https:\\\/\\\/recambiosecogas.com\\\/pt-pt\\\/producto\\\/reparado-toptron-crash-protection-unit-cpu\\\/\",\"name\":\"Unidad de Protecci\u00f3n contra Colisiones Toptron (CPU) | Recambios Ecogas\",\"isPartOf\":{\"@id\":\"https:\\\/\\\/recambiosecogas.com\\\/pt-pt\\\/#website\"},\"primaryImageOfPage\":{\"@id\":\"https:\\\/\\\/recambiosecogas.com\\\/pt-pt\\\/producto\\\/reparado-toptron-crash-protection-unit-cpu\\\/#primaryimage\"},\"image\":{\"@id\":\"https:\\\/\\\/recambiosecogas.com\\\/pt-pt\\\/producto\\\/reparado-toptron-crash-protection-unit-cpu\\\/#primaryimage\"},\"thumbnailUrl\":\"https:\\\/\\\/recambiosecogas.com\\\/wp-content\\\/uploads\\\/2025\\\/02\\\/REPARADO-Toptron-Crash-Protection-Unit-CPU-png.webp\",\"datePublished\":\"2025-02-24T10:24:30+00:00\",\"dateModified\":\"2026-04-27T08:13:57+00:00\",\"description\":\"Unidad de protecci\u00f3n contra colisiones Toptron (CPU) para sistemas de Autogas, interrumpe el suministro de gas en caso de accidente o alarma de gas.\",\"breadcrumb\":{\"@id\":\"https:\\\/\\\/recambiosecogas.com\\\/pt-pt\\\/producto\\\/reparado-toptron-crash-protection-unit-cpu\\\/#breadcrumb\"},\"inLanguage\":\"pt-PT\",\"potentialAction\":[{\"@type\":\"ReadAction\",\"target\":[\"https:\\\/\\\/recambiosecogas.com\\\/pt-pt\\\/producto\\\/reparado-toptron-crash-protection-unit-cpu\\\/\"]}]},{\"@type\":\"ImageObject\",\"inLanguage\":\"pt-PT\",\"@id\":\"https:\\\/\\\/recambiosecogas.com\\\/pt-pt\\\/producto\\\/reparado-toptron-crash-protection-unit-cpu\\\/#primaryimage\",\"url\":\"https:\\\/\\\/recambiosecogas.com\\\/wp-content\\\/uploads\\\/2025\\\/02\\\/REPARADO-Toptron-Crash-Protection-Unit-CPU-png.webp\",\"contentUrl\":\"https:\\\/\\\/recambiosecogas.com\\\/wp-content\\\/uploads\\\/2025\\\/02\\\/REPARADO-Toptron-Crash-Protection-Unit-CPU-png.webp\",\"width\":1000,\"height\":1000},{\"@type\":\"BreadcrumbList\",\"@id\":\"https:\\\/\\\/recambiosecogas.com\\\/pt-pt\\\/producto\\\/reparado-toptron-crash-protection-unit-cpu\\\/#breadcrumb\",\"itemListElement\":[{\"@type\":\"ListItem\",\"position\":1,\"name\":\"P\u00e1gina inicial\",\"item\":\"https:\\\/\\\/recambiosecogas.com\\\/pt-pt\\\/\"},{\"@type\":\"ListItem\",\"position\":2,\"name\":\"Loja\",\"item\":\"https:\\\/\\\/recambiosecogas.com\\\/pt-pt\\\/tienda\\\/\"},{\"@type\":\"ListItem\",\"position\":3,\"name\":\"[REPARADO] Toptron Crash Protection Unit (CPU)\"}]},{\"@type\":\"WebSite\",\"@id\":\"https:\\\/\\\/recambiosecogas.com\\\/pt-pt\\\/#website\",\"url\":\"https:\\\/\\\/recambiosecogas.com\\\/pt-pt\\\/\",\"name\":\"Recambios EcoGas\",\"description\":\"Pe\u00e7as multimarca para sistemas de GPL\\\/GNC\\\/GNL\\\/Hidrog\u00e9nio\",\"publisher\":{\"@id\":\"https:\\\/\\\/recambiosecogas.com\\\/pt-pt\\\/#organization\"},\"alternateName\":\"Recambios Autogas GLP\",\"potentialAction\":[{\"@type\":\"SearchAction\",\"target\":{\"@type\":\"EntryPoint\",\"urlTemplate\":\"https:\\\/\\\/recambiosecogas.com\\\/pt-pt\\\/?s={search_term_string}\"},\"query-input\":{\"@type\":\"PropertyValueSpecification\",\"valueRequired\":true,\"valueName\":\"search_term_string\"}}],\"inLanguage\":\"pt-PT\"},{\"@type\":[\"Organization\",\"Place\"],\"@id\":\"https:\\\/\\\/recambiosecogas.com\\\/pt-pt\\\/#organization\",\"name\":\"Recambios EcoGas\",\"alternateName\":\"Loja de GPL Autog\u00e1s Espanha\",\"url\":\"https:\\\/\\\/recambiosecogas.com\\\/pt-pt\\\/\",\"logo\":{\"@id\":\"https:\\\/\\\/recambiosecogas.com\\\/pt-pt\\\/producto\\\/reparado-toptron-crash-protection-unit-cpu\\\/#local-main-organization-logo\"},\"image\":{\"@id\":\"https:\\\/\\\/recambiosecogas.com\\\/pt-pt\\\/producto\\\/reparado-toptron-crash-protection-unit-cpu\\\/#local-main-organization-logo\"},\"sameAs\":[\"https:\\\/\\\/www.facebook.com\\\/profile.php?id=100062419705358\",\"https:\\\/\\\/www.instagram.com\\\/segimon_automocio\"],\"description\":\"Recambios EcoGas \u2013 Venta y distribuci\u00f3n de sistemas GLP y GNC en Espa\u00f1a y Portugal. Env\u00edos 24 h, soporte t\u00e9cnico a talleres y distribuidores.\",\"hasMerchantReturnPolicy\":{\"@type\":\"MerchantReturnPolicy\",\"merchantReturnLink\":\"https:\\\/\\\/recambiosecogas.com\\\/politicas-privacidad\\\/\"},\"address\":{\"@id\":\"https:\\\/\\\/recambiosecogas.com\\\/pt-pt\\\/producto\\\/reparado-toptron-crash-protection-unit-cpu\\\/#local-main-place-address\"},\"telephone\":[\"616250633\"],\"contactPoint\":{\"@type\":\"ContactPoint\",\"email\":\"export@recambiosecogas.com\"},\"openingHoursSpecification\":[{\"@type\":\"OpeningHoursSpecification\",\"dayOfWeek\":[\"Monday\",\"Tuesday\",\"Wednesday\",\"Thursday\",\"Friday\",\"Saturday\",\"Sunday\"],\"opens\":\"09:00\",\"closes\":\"17:00\"}],\"email\":\"info@recambiosecogas.com\",\"faxNumber\":\"SEGIMON AUTOMOCION SL\",\"vatID\":\"ESB19819861\",\"globalLocationNumber\":\"938 616 339\"},{\"@type\":\"PostalAddress\",\"@id\":\"https:\\\/\\\/recambiosecogas.com\\\/pt-pt\\\/producto\\\/reparado-toptron-crash-protection-unit-cpu\\\/#local-main-place-address\",\"streetAddress\":\"cami antic de vic, 29 (Nave 3), Pol\u00edgono Industrial Congost\",\"addressLocality\":\"CORRO D`AVALL\",\"postalCode\":\"08520\",\"addressRegion\":\"Barcelona\",\"addressCountry\":\"ES\"},{\"@type\":\"ImageObject\",\"inLanguage\":\"pt-PT\",\"@id\":\"https:\\\/\\\/recambiosecogas.com\\\/pt-pt\\\/producto\\\/reparado-toptron-crash-protection-unit-cpu\\\/#local-main-organization-logo\",\"url\":\"https:\\\/\\\/recambiosecogas.com\\\/wp-content\\\/uploads\\\/2024\\\/11\\\/cropped-RECAMBIOS-GLP-png.webp\",\"contentUrl\":\"https:\\\/\\\/recambiosecogas.com\\\/wp-content\\\/uploads\\\/2024\\\/11\\\/cropped-RECAMBIOS-GLP-png.webp\",\"width\":512,\"height\":512,\"caption\":\"Recambios EcoGas\"}]}<\/script>\n<meta property=\"product:brand\" content=\"CAVAGNA\" \/>\n<meta property=\"product:price:amount\" content=\"80.58\" \/>\n<meta property=\"product:price:currency\" content=\"EUR\" \/>\n<meta property=\"og:availability\" content=\"backorder\" \/>\n<meta property=\"product:availability\" content=\"available for order\" \/>\n<meta property=\"product:retailer_item_id\" content=\"107927G\" \/>\n<meta property=\"product:condition\" content=\"new\" \/>\n<meta name=\"geo.placename\" content=\"CORRO D`AVALL\" \/>\n<meta name=\"geo.region\" content=\"Espanha\" \/>\n<!-- \/ Yoast SEO Premium plugin. -->","yoast_head_json":{"title":"Unidad de Protecci\u00f3n contra Colisiones Toptron (CPU) | Recambios Ecogas","description":"Unidad de protecci\u00f3n contra colisiones Toptron (CPU) para sistemas de Autogas, interrumpe el suministro de gas en caso de accidente o alarma de gas.","robots":{"index":"index","follow":"follow","max-snippet":"max-snippet:-1","max-image-preview":"max-image-preview:large","max-video-preview":"max-video-preview:-1"},"canonical":"https:\/\/recambiosecogas.com\/pt-pt\/producto\/reparado-toptron-crash-protection-unit-cpu\/","og_locale":"pt_PT","og_type":"article","og_title":"[REPARADO] Toptron Crash Protection Unit (CPU)","og_description":"Unidad de protecci\u00f3n contra colisiones Toptron (CPU) para sistemas de Autogas, interrumpe el suministro de gas en caso de accidente o alarma de gas.","og_url":"https:\/\/recambiosecogas.com\/pt-pt\/producto\/reparado-toptron-crash-protection-unit-cpu\/","og_site_name":"Recambios EcoGas","article_publisher":"https:\/\/www.facebook.com\/profile.php?id=100062419705358","article_modified_time":"2026-04-27T08:13:57+00:00","og_image":[{"width":1000,"height":1000,"url":"https:\/\/recambiosecogas.com\/wp-content\/uploads\/2025\/02\/REPARADO-Toptron-Crash-Protection-Unit-CPU-png.webp","type":"image\/png"}],"twitter_card":"summary_large_image","twitter_misc":{"pre\u00e7o":"80,58&nbsp;&euro; (Sin IVA: 66,59&nbsp;&euro;)","Disponibilidade":"Por encomenda"},"schema":{"@context":"https:\/\/schema.org","@graph":[{"@type":"WebPage","@id":"https:\/\/recambiosecogas.com\/pt-pt\/producto\/reparado-toptron-crash-protection-unit-cpu\/","url":"https:\/\/recambiosecogas.com\/pt-pt\/producto\/reparado-toptron-crash-protection-unit-cpu\/","name":"Unidad de Protecci\u00f3n contra Colisiones Toptron (CPU) | Recambios Ecogas","isPartOf":{"@id":"https:\/\/recambiosecogas.com\/pt-pt\/#website"},"primaryImageOfPage":{"@id":"https:\/\/recambiosecogas.com\/pt-pt\/producto\/reparado-toptron-crash-protection-unit-cpu\/#primaryimage"},"image":{"@id":"https:\/\/recambiosecogas.com\/pt-pt\/producto\/reparado-toptron-crash-protection-unit-cpu\/#primaryimage"},"thumbnailUrl":"https:\/\/recambiosecogas.com\/wp-content\/uploads\/2025\/02\/REPARADO-Toptron-Crash-Protection-Unit-CPU-png.webp","datePublished":"2025-02-24T10:24:30+00:00","dateModified":"2026-04-27T08:13:57+00:00","description":"Unidad de protecci\u00f3n contra colisiones Toptron (CPU) para sistemas de Autogas, interrumpe el suministro de gas en caso de accidente o alarma de gas.","breadcrumb":{"@id":"https:\/\/recambiosecogas.com\/pt-pt\/producto\/reparado-toptron-crash-protection-unit-cpu\/#breadcrumb"},"inLanguage":"pt-PT","potentialAction":[{"@type":"ReadAction","target":["https:\/\/recambiosecogas.com\/pt-pt\/producto\/reparado-toptron-crash-protection-unit-cpu\/"]}]},{"@type":"ImageObject","inLanguage":"pt-PT","@id":"https:\/\/recambiosecogas.com\/pt-pt\/producto\/reparado-toptron-crash-protection-unit-cpu\/#primaryimage","url":"https:\/\/recambiosecogas.com\/wp-content\/uploads\/2025\/02\/REPARADO-Toptron-Crash-Protection-Unit-CPU-png.webp","contentUrl":"https:\/\/recambiosecogas.com\/wp-content\/uploads\/2025\/02\/REPARADO-Toptron-Crash-Protection-Unit-CPU-png.webp","width":1000,"height":1000},{"@type":"BreadcrumbList","@id":"https:\/\/recambiosecogas.com\/pt-pt\/producto\/reparado-toptron-crash-protection-unit-cpu\/#breadcrumb","itemListElement":[{"@type":"ListItem","position":1,"name":"P\u00e1gina inicial","item":"https:\/\/recambiosecogas.com\/pt-pt\/"},{"@type":"ListItem","position":2,"name":"Loja","item":"https:\/\/recambiosecogas.com\/pt-pt\/tienda\/"},{"@type":"ListItem","position":3,"name":"[REPARADO] Toptron Crash Protection Unit (CPU)"}]},{"@type":"WebSite","@id":"https:\/\/recambiosecogas.com\/pt-pt\/#website","url":"https:\/\/recambiosecogas.com\/pt-pt\/","name":"Recambios EcoGas","description":"Pe\u00e7as multimarca para sistemas de GPL\/GNC\/GNL\/Hidrog\u00e9nio","publisher":{"@id":"https:\/\/recambiosecogas.com\/pt-pt\/#organization"},"alternateName":"Recambios Autogas GLP","potentialAction":[{"@type":"SearchAction","target":{"@type":"EntryPoint","urlTemplate":"https:\/\/recambiosecogas.com\/pt-pt\/?s={search_term_string}"},"query-input":{"@type":"PropertyValueSpecification","valueRequired":true,"valueName":"search_term_string"}}],"inLanguage":"pt-PT"},{"@type":["Organization","Place"],"@id":"https:\/\/recambiosecogas.com\/pt-pt\/#organization","name":"Recambios EcoGas","alternateName":"Loja de GPL Autog\u00e1s Espanha","url":"https:\/\/recambiosecogas.com\/pt-pt\/","logo":{"@id":"https:\/\/recambiosecogas.com\/pt-pt\/producto\/reparado-toptron-crash-protection-unit-cpu\/#local-main-organization-logo"},"image":{"@id":"https:\/\/recambiosecogas.com\/pt-pt\/producto\/reparado-toptron-crash-protection-unit-cpu\/#local-main-organization-logo"},"sameAs":["https:\/\/www.facebook.com\/profile.php?id=100062419705358","https:\/\/www.instagram.com\/segimon_automocio"],"description":"Recambios EcoGas \u2013 Venta y distribuci\u00f3n de sistemas GLP y GNC en Espa\u00f1a y Portugal. Env\u00edos 24 h, soporte t\u00e9cnico a talleres y distribuidores.","hasMerchantReturnPolicy":{"@type":"MerchantReturnPolicy","merchantReturnLink":"https:\/\/recambiosecogas.com\/politicas-privacidad\/"},"address":{"@id":"https:\/\/recambiosecogas.com\/pt-pt\/producto\/reparado-toptron-crash-protection-unit-cpu\/#local-main-place-address"},"telephone":["616250633"],"contactPoint":{"@type":"ContactPoint","email":"export@recambiosecogas.com"},"openingHoursSpecification":[{"@type":"OpeningHoursSpecification","dayOfWeek":["Monday","Tuesday","Wednesday","Thursday","Friday","Saturday","Sunday"],"opens":"09:00","closes":"17:00"}],"email":"info@recambiosecogas.com","faxNumber":"SEGIMON AUTOMOCION SL","vatID":"ESB19819861","globalLocationNumber":"938 616 339"},{"@type":"PostalAddress","@id":"https:\/\/recambiosecogas.com\/pt-pt\/producto\/reparado-toptron-crash-protection-unit-cpu\/#local-main-place-address","streetAddress":"cami antic de vic, 29 (Nave 3), Pol\u00edgono Industrial Congost","addressLocality":"CORRO D`AVALL","postalCode":"08520","addressRegion":"Barcelona","addressCountry":"ES"},{"@type":"ImageObject","inLanguage":"pt-PT","@id":"https:\/\/recambiosecogas.com\/pt-pt\/producto\/reparado-toptron-crash-protection-unit-cpu\/#local-main-organization-logo","url":"https:\/\/recambiosecogas.com\/wp-content\/uploads\/2024\/11\/cropped-RECAMBIOS-GLP-png.webp","contentUrl":"https:\/\/recambiosecogas.com\/wp-content\/uploads\/2024\/11\/cropped-RECAMBIOS-GLP-png.webp","width":512,"height":512,"caption":"Recambios EcoGas"}]},"product_brand":"CAVAGNA","product_price_amount":"80.58","product_price_currency":"EUR","og_availability":"backorder","product_availability":"available for order","product_retailer_item_id":"107927G","product_condition":"new","geo.placename":"CORRO D`AVALL","geo.region":"Espanha"},"uagb_featured_image_src":{"full":["https:\/\/recambiosecogas.com\/wp-content\/uploads\/2025\/02\/REPARADO-Toptron-Crash-Protection-Unit-CPU-png.webp",1000,1000,false],"thumbnail":["https:\/\/recambiosecogas.com\/wp-content\/uploads\/2025\/02\/REPARADO-Toptron-Crash-Protection-Unit-CPU-150x150.webp",150,150,true],"medium":["https:\/\/recambiosecogas.com\/wp-content\/uploads\/2025\/02\/REPARADO-Toptron-Crash-Protection-Unit-CPU-300x300.webp",300,300,true],"medium_large":["https:\/\/recambiosecogas.com\/wp-content\/uploads\/2025\/02\/REPARADO-Toptron-Crash-Protection-Unit-CPU-768x768.webp",768,768,true],"large":["https:\/\/recambiosecogas.com\/wp-content\/uploads\/2025\/02\/REPARADO-Toptron-Crash-Protection-Unit-CPU-png.webp",1000,1000,false],"1536x1536":["https:\/\/recambiosecogas.com\/wp-content\/uploads\/2025\/02\/REPARADO-Toptron-Crash-Protection-Unit-CPU-png.webp",1000,1000,false],"2048x2048":["https:\/\/recambiosecogas.com\/wp-content\/uploads\/2025\/02\/REPARADO-Toptron-Crash-Protection-Unit-CPU-png.webp",1000,1000,false],"woocommerce_archive_thumbnail":["https:\/\/recambiosecogas.com\/wp-content\/uploads\/2025\/02\/REPARADO-Toptron-Crash-Protection-Unit-CPU-png.webp",1000,1000,false],"woocommerce_thumbnail":["https:\/\/recambiosecogas.com\/wp-content\/uploads\/2025\/02\/REPARADO-Toptron-Crash-Protection-Unit-CPU-300x300.webp",300,300,true],"woocommerce_single":["https:\/\/recambiosecogas.com\/wp-content\/uploads\/2025\/02\/REPARADO-Toptron-Crash-Protection-Unit-CPU-png.webp",1000,1000,false],"woocommerce_gallery_thumbnail":["https:\/\/recambiosecogas.com\/wp-content\/uploads\/2025\/02\/REPARADO-Toptron-Crash-Protection-Unit-CPU-png.webp",1000,1000,false],"dgwt-wcas-product-suggestion":["https:\/\/recambiosecogas.com\/wp-content\/uploads\/2025\/02\/REPARADO-Toptron-Crash-Protection-Unit-CPU-64x64.webp",64,64,true]},"uagb_author_info":{"display_name":"Fran - Soporte T\u00e9cnico","author_link":"https:\/\/recambiosecogas.com\/pt-pt\/author\/"},"uagb_comment_info":0,"uagb_excerpt":"CAVAGNA","_links":{"self":[{"href":"https:\/\/recambiosecogas.com\/pt-pt\/wp-json\/wp\/v2\/product\/17824","targetHints":{"allow":["GET"]}}],"collection":[{"href":"https:\/\/recambiosecogas.com\/pt-pt\/wp-json\/wp\/v2\/product"}],"about":[{"href":"https:\/\/recambiosecogas.com\/pt-pt\/wp-json\/wp\/v2\/types\/product"}],"replies":[{"embeddable":true,"href":"https:\/\/recambiosecogas.com\/pt-pt\/wp-json\/wp\/v2\/comments?post=17824"}],"wp:featuredmedia":[{"embeddable":true,"href":"https:\/\/recambiosecogas.com\/pt-pt\/wp-json\/wp\/v2\/media\/19276"}],"wp:attachment":[{"href":"https:\/\/recambiosecogas.com\/pt-pt\/wp-json\/wp\/v2\/media?parent=17824"}],"wp:term":[{"taxonomy":"product_brand","embeddable":true,"href":"https:\/\/recambiosecogas.com\/pt-pt\/wp-json\/wp\/v2\/product_brand?post=17824"},{"taxonomy":"product_cat","embeddable":true,"href":"https:\/\/recambiosecogas.com\/pt-pt\/wp-json\/wp\/v2\/product_cat?post=17824"},{"taxonomy":"product_tag","embeddable":true,"href":"https:\/\/recambiosecogas.com\/pt-pt\/wp-json\/wp\/v2\/product_tag?post=17824"}],"curies":[{"name":"wp","href":"https:\/\/api.w.org\/{rel}","templated":true}]}}