{"id":17821,"date":"2025-02-24T11:24:28","date_gmt":"2025-02-24T10:24:28","guid":{"rendered":"https:\/\/recambiosecogas.com\/producto\/truma-regulador-de-presion-de-gas-ice-ex-calefaccion-12v\/"},"modified":"2026-03-26T12:12:21","modified_gmt":"2026-03-26T11:12:21","slug":"truma-regulador-de-presion-de-gas-ice-ex-calefaccion-12v","status":"publish","type":"product","link":"https:\/\/recambiosecogas.com\/pt-pt\/producto\/truma-regulador-de-presion-de-gas-ice-ex-calefaccion-12v\/","title":{"rendered":"Truma Regulador de presi\u00f3n de gas Ice-Ex calefacci\u00f3n 12V"},"content":{"rendered":"<p>La\u00a0<strong>Truma Ice-EX<\/strong>\u00a0evita la\u00a0<strong>congelaci\u00f3n del regulador de presi\u00f3n de gas debido al calentamiento el\u00e9ctrico<\/strong>.<\/p>\n<p>Es posible que el gas l\u00edquido contenga trazas de agua. A 0 \u00b0C, puede formarse un peque\u00f1o tap\u00f3n de hielo o hidrato de propano en el regulador, reduciendo o deteniendo por completo el suministro de gas.<br \/>\nEl suministro de gas se reduce o se detiene por completo. El Truma Eis-Ex evita la formaci\u00f3n de un tap\u00f3n de hielo calent\u00e1ndolo el\u00e9ctricamente. El Eis-Ex tambi\u00e9n garantiza un suministro de gas sin problemas en invierno.<\/p>\n<p>El Truma Eis-Ex est\u00e1 dise\u00f1ado para 12 V, 4 W (tensi\u00f3n continua o alterna).<\/p>\n<p><strong>Adecuado para:<\/strong><\/p>\n<p>Truma SecuMotion<br \/>\nTruma MonoControl CS (versi\u00f3n antigua, carcasa plateada)<br \/>\nTruma DuoControl CS (versi\u00f3n antigua, carcasa plateada)<br \/>\nGOK DriveOne<br \/>\nGOK DriveTwo<\/p>\n<p>El <strong>Regulador de presi\u00f3n de gas Truma Ice-Ex 12V<\/strong> es un componente esencial dise\u00f1ado para evitar la <strong>congelaci\u00f3n del regulador de presi\u00f3n de gas<\/strong> mediante un sistema de calentamiento el\u00e9ctrico. Este dispositivo es crucial para asegurar un suministro constante de gas, especialmente en condiciones clim\u00e1ticas fr\u00edas.<\/p>\n<p>El gas l\u00edquido puede contener trazas de agua, lo que a temperaturas de 0 \u00b0C puede provocar la formaci\u00f3n de un tap\u00f3n de hielo o hidrato de propano en el regulador. Esto puede reducir o incluso detener por completo el suministro de gas. El Truma Ice-Ex previene esta situaci\u00f3n al calentar el\u00e9ctricamente el regulador, garantizando as\u00ed un funcionamiento \u00f3ptimo y un suministro de gas sin interrupciones durante el invierno.<\/p>\n<p>Este regulador est\u00e1 dise\u00f1ado para operar a <strong>12V y 4W<\/strong>, siendo compatible con varios sistemas de control de gas. Es ideal para aplicaciones donde se requiere un rendimiento fiable en condiciones de fr\u00edo extremo.<\/p>\n<h4>Datos t\u00e9cnicos<\/h4>\n<p>Tensi\u00f3n de funcionamiento: <strong>12V<\/strong>. Potencia: <strong>4W<\/strong>. Adecuado para sistemas Truma como SecuMotion, MonoControl CS (versi\u00f3n antigua, carcasa plateada) y DuoControl CS (versi\u00f3n antigua, carcasa plateada), as\u00ed como GOK DriveOne y GOK DriveTwo.<\/p>\n<h4>S\u00edntomas de fallo<\/h4>\n<ul>\n<li>Interrupci\u00f3n del suministro de gas en condiciones fr\u00edas.<\/li>\n<li>Congelaci\u00f3n del regulador de presi\u00f3n.<\/li>\n<li>Rendimiento ineficiente del sistema de calefacci\u00f3n.<\/li>\n<\/ul>\n<h4>Compatibilidad<\/h4>\n<p>Compatible con sistemas de gas Truma y GOK. Se recomienda verificar la referencia original antes de realizar la compra.<\/p>\n","protected":false},"excerpt":{"rendered":"<p>TRUMA<\/p>\n","protected":false},"featured_media":19282,"comment_status":"open","ping_status":"closed","template":"","meta":{"_uag_custom_page_level_css":""},"product_brand":[991,992],"product_cat":[1445],"product_tag":[],"class_list":{"0":"post-17821","1":"product","2":"type-product","3":"status-publish","4":"has-post-thumbnail","6":"product_brand-gok","7":"product_brand-truma","8":"product_cat-acessorios-e-pecas-sobresselentes-para-reguladores-de-gas-de-autocaravana","10":"first","11":"onbackorder","12":"taxable","13":"shipping-taxable","14":"purchasable","15":"product-type-simple"},"ct_brands":[{"id":991,"name":"GOK","slug":"gok"},{"id":992,"name":"TRUMA","slug":"truma"}],"yoast_head":"<!-- This site is optimized with the Yoast SEO Premium plugin v27.5 (Yoast SEO v27.5) - https:\/\/yoast.com\/product\/yoast-seo-premium-wordpress\/ -->\n<title>Truma Regulador de presi\u00f3n de gas Ice-Ex 12V | Recambios Ecogas<\/title>\n<meta name=\"description\" content=\"Regulador de presi\u00f3n de gas Truma Ice-Ex 12V, evita la congelaci\u00f3n y garantiza un suministro de gas sin problemas en invierno.\" \/>\n<meta name=\"robots\" content=\"index, follow, max-snippet:-1, max-image-preview:large, max-video-preview:-1\" \/>\n<link rel=\"canonical\" href=\"https:\/\/recambiosecogas.com\/pt-pt\/producto\/truma-regulador-de-presion-de-gas-ice-ex-calefaccion-12v\/\" \/>\n<meta property=\"og:locale\" content=\"pt_PT\" \/>\n<meta property=\"og:type\" content=\"article\" \/>\n<meta property=\"og:title\" content=\"Truma Regulador de presi\u00f3n de gas Ice-Ex calefacci\u00f3n 12V\" \/>\n<meta property=\"og:description\" content=\"Regulador de presi\u00f3n de gas Truma Ice-Ex 12V, evita la congelaci\u00f3n y garantiza un suministro de gas sin problemas en invierno.\" \/>\n<meta property=\"og:url\" content=\"https:\/\/recambiosecogas.com\/pt-pt\/producto\/truma-regulador-de-presion-de-gas-ice-ex-calefaccion-12v\/\" \/>\n<meta property=\"og:site_name\" content=\"Recambios EcoGas\" \/>\n<meta property=\"article:publisher\" content=\"https:\/\/www.facebook.com\/profile.php?id=100062419705358\" \/>\n<meta property=\"article:modified_time\" content=\"2026-03-26T11:12:21+00:00\" \/>\n<meta property=\"og:image\" content=\"https:\/\/recambiosecogas.com\/wp-content\/uploads\/2025\/02\/Truma-Regulador-de-presion-de-gas-Ice-Ex-calefaccion-12V-png.webp\" \/>\n\t<meta property=\"og:image:width\" content=\"1000\" \/>\n\t<meta property=\"og:image:height\" content=\"1000\" \/>\n\t<meta property=\"og:image:type\" content=\"image\/png\" \/>\n<meta name=\"twitter:card\" content=\"summary_large_image\" \/>\n<meta name=\"twitter:label1\" content=\"pre\u00e7o\" \/>\n\t<meta name=\"twitter:data1\" content=\"66,67&nbsp;&euro; (Sin IVA: 55,10&nbsp;&euro;)\" \/>\n\t<meta name=\"twitter:label2\" content=\"Disponibilidade\" \/>\n\t<meta name=\"twitter:data2\" content=\"Por encomenda\" \/>\n<script type=\"application\/ld+json\" class=\"yoast-schema-graph\">{\"@context\":\"https:\\\/\\\/schema.org\",\"@graph\":[{\"@type\":\"WebPage\",\"@id\":\"https:\\\/\\\/recambiosecogas.com\\\/pt-pt\\\/producto\\\/truma-regulador-de-presion-de-gas-ice-ex-calefaccion-12v\\\/\",\"url\":\"https:\\\/\\\/recambiosecogas.com\\\/pt-pt\\\/producto\\\/truma-regulador-de-presion-de-gas-ice-ex-calefaccion-12v\\\/\",\"name\":\"Truma Regulador de presi\u00f3n de gas Ice-Ex 12V | Recambios Ecogas\",\"isPartOf\":{\"@id\":\"https:\\\/\\\/recambiosecogas.com\\\/pt-pt\\\/#website\"},\"primaryImageOfPage\":{\"@id\":\"https:\\\/\\\/recambiosecogas.com\\\/pt-pt\\\/producto\\\/truma-regulador-de-presion-de-gas-ice-ex-calefaccion-12v\\\/#primaryimage\"},\"image\":{\"@id\":\"https:\\\/\\\/recambiosecogas.com\\\/pt-pt\\\/producto\\\/truma-regulador-de-presion-de-gas-ice-ex-calefaccion-12v\\\/#primaryimage\"},\"thumbnailUrl\":\"https:\\\/\\\/recambiosecogas.com\\\/wp-content\\\/uploads\\\/2025\\\/02\\\/Truma-Regulador-de-presion-de-gas-Ice-Ex-calefaccion-12V-png.webp\",\"datePublished\":\"2025-02-24T10:24:28+00:00\",\"dateModified\":\"2026-03-26T11:12:21+00:00\",\"description\":\"Regulador de presi\u00f3n de gas Truma Ice-Ex 12V, evita la congelaci\u00f3n y garantiza un suministro de gas sin problemas en invierno.\",\"breadcrumb\":{\"@id\":\"https:\\\/\\\/recambiosecogas.com\\\/pt-pt\\\/producto\\\/truma-regulador-de-presion-de-gas-ice-ex-calefaccion-12v\\\/#breadcrumb\"},\"inLanguage\":\"pt-PT\",\"potentialAction\":[{\"@type\":\"ReadAction\",\"target\":[\"https:\\\/\\\/recambiosecogas.com\\\/pt-pt\\\/producto\\\/truma-regulador-de-presion-de-gas-ice-ex-calefaccion-12v\\\/\"]}]},{\"@type\":\"ImageObject\",\"inLanguage\":\"pt-PT\",\"@id\":\"https:\\\/\\\/recambiosecogas.com\\\/pt-pt\\\/producto\\\/truma-regulador-de-presion-de-gas-ice-ex-calefaccion-12v\\\/#primaryimage\",\"url\":\"https:\\\/\\\/recambiosecogas.com\\\/wp-content\\\/uploads\\\/2025\\\/02\\\/Truma-Regulador-de-presion-de-gas-Ice-Ex-calefaccion-12V-png.webp\",\"contentUrl\":\"https:\\\/\\\/recambiosecogas.com\\\/wp-content\\\/uploads\\\/2025\\\/02\\\/Truma-Regulador-de-presion-de-gas-Ice-Ex-calefaccion-12V-png.webp\",\"width\":1000,\"height\":1000},{\"@type\":\"BreadcrumbList\",\"@id\":\"https:\\\/\\\/recambiosecogas.com\\\/pt-pt\\\/producto\\\/truma-regulador-de-presion-de-gas-ice-ex-calefaccion-12v\\\/#breadcrumb\",\"itemListElement\":[{\"@type\":\"ListItem\",\"position\":1,\"name\":\"P\u00e1gina inicial\",\"item\":\"https:\\\/\\\/recambiosecogas.com\\\/pt-pt\\\/\"},{\"@type\":\"ListItem\",\"position\":2,\"name\":\"Loja\",\"item\":\"https:\\\/\\\/recambiosecogas.com\\\/pt-pt\\\/tienda\\\/\"},{\"@type\":\"ListItem\",\"position\":3,\"name\":\"Truma Regulador de presi\u00f3n de gas Ice-Ex calefacci\u00f3n 12V\"}]},{\"@type\":\"WebSite\",\"@id\":\"https:\\\/\\\/recambiosecogas.com\\\/pt-pt\\\/#website\",\"url\":\"https:\\\/\\\/recambiosecogas.com\\\/pt-pt\\\/\",\"name\":\"Recambios EcoGas\",\"description\":\"Pe\u00e7as multimarca para sistemas de GPL\\\/GNC\\\/GNL\\\/Hidrog\u00e9nio\",\"publisher\":{\"@id\":\"https:\\\/\\\/recambiosecogas.com\\\/pt-pt\\\/#organization\"},\"alternateName\":\"Recambios Autogas GLP\",\"potentialAction\":[{\"@type\":\"SearchAction\",\"target\":{\"@type\":\"EntryPoint\",\"urlTemplate\":\"https:\\\/\\\/recambiosecogas.com\\\/pt-pt\\\/?s={search_term_string}\"},\"query-input\":{\"@type\":\"PropertyValueSpecification\",\"valueRequired\":true,\"valueName\":\"search_term_string\"}}],\"inLanguage\":\"pt-PT\"},{\"@type\":[\"Organization\",\"Place\"],\"@id\":\"https:\\\/\\\/recambiosecogas.com\\\/pt-pt\\\/#organization\",\"name\":\"Recambios EcoGas\",\"alternateName\":\"Loja de GPL Autog\u00e1s Espanha\",\"url\":\"https:\\\/\\\/recambiosecogas.com\\\/pt-pt\\\/\",\"logo\":{\"@id\":\"https:\\\/\\\/recambiosecogas.com\\\/pt-pt\\\/producto\\\/truma-regulador-de-presion-de-gas-ice-ex-calefaccion-12v\\\/#local-main-organization-logo\"},\"image\":{\"@id\":\"https:\\\/\\\/recambiosecogas.com\\\/pt-pt\\\/producto\\\/truma-regulador-de-presion-de-gas-ice-ex-calefaccion-12v\\\/#local-main-organization-logo\"},\"sameAs\":[\"https:\\\/\\\/www.facebook.com\\\/profile.php?id=100062419705358\",\"https:\\\/\\\/www.instagram.com\\\/segimon_automocio\"],\"description\":\"Recambios EcoGas \u2013 Venta y distribuci\u00f3n de sistemas GLP y GNC en Espa\u00f1a y Portugal. Env\u00edos 24 h, soporte t\u00e9cnico a talleres y distribuidores.\",\"hasMerchantReturnPolicy\":{\"@type\":\"MerchantReturnPolicy\",\"merchantReturnLink\":\"https:\\\/\\\/recambiosecogas.com\\\/politicas-privacidad\\\/\"},\"address\":{\"@id\":\"https:\\\/\\\/recambiosecogas.com\\\/pt-pt\\\/producto\\\/truma-regulador-de-presion-de-gas-ice-ex-calefaccion-12v\\\/#local-main-place-address\"},\"telephone\":[\"616250633\"],\"contactPoint\":{\"@type\":\"ContactPoint\",\"email\":\"export@recambiosecogas.com\"},\"openingHoursSpecification\":[{\"@type\":\"OpeningHoursSpecification\",\"dayOfWeek\":[\"Monday\",\"Tuesday\",\"Wednesday\",\"Thursday\",\"Friday\",\"Saturday\",\"Sunday\"],\"opens\":\"09:00\",\"closes\":\"17:00\"}],\"email\":\"info@recambiosecogas.com\",\"faxNumber\":\"SEGIMON AUTOMOCION SL\",\"vatID\":\"ESB19819861\",\"globalLocationNumber\":\"938 616 339\"},{\"@type\":\"PostalAddress\",\"@id\":\"https:\\\/\\\/recambiosecogas.com\\\/pt-pt\\\/producto\\\/truma-regulador-de-presion-de-gas-ice-ex-calefaccion-12v\\\/#local-main-place-address\",\"streetAddress\":\"cami antic de vic, 29 (Nave 3), Pol\u00edgono Industrial Congost\",\"addressLocality\":\"CORRO D`AVALL\",\"postalCode\":\"08520\",\"addressRegion\":\"Barcelona\",\"addressCountry\":\"ES\"},{\"@type\":\"ImageObject\",\"inLanguage\":\"pt-PT\",\"@id\":\"https:\\\/\\\/recambiosecogas.com\\\/pt-pt\\\/producto\\\/truma-regulador-de-presion-de-gas-ice-ex-calefaccion-12v\\\/#local-main-organization-logo\",\"url\":\"https:\\\/\\\/recambiosecogas.com\\\/wp-content\\\/uploads\\\/2024\\\/11\\\/cropped-RECAMBIOS-GLP-png.webp\",\"contentUrl\":\"https:\\\/\\\/recambiosecogas.com\\\/wp-content\\\/uploads\\\/2024\\\/11\\\/cropped-RECAMBIOS-GLP-png.webp\",\"width\":512,\"height\":512,\"caption\":\"Recambios EcoGas\"}]}<\/script>\n<meta property=\"product:brand\" content=\"GOK\" \/>\n<meta property=\"product:price:amount\" content=\"66.67\" \/>\n<meta property=\"product:price:currency\" content=\"EUR\" \/>\n<meta property=\"og:availability\" content=\"backorder\" \/>\n<meta property=\"product:availability\" content=\"available for order\" \/>\n<meta property=\"product:retailer_item_id\" content=\"112013\" \/>\n<meta property=\"product:condition\" content=\"new\" \/>\n<meta name=\"geo.placename\" content=\"CORRO D`AVALL\" \/>\n<meta name=\"geo.region\" content=\"Espanha\" \/>\n<!-- \/ Yoast SEO Premium plugin. -->","yoast_head_json":{"title":"Truma Regulador de presi\u00f3n de gas Ice-Ex 12V | Recambios Ecogas","description":"Regulador de presi\u00f3n de gas Truma Ice-Ex 12V, evita la congelaci\u00f3n y garantiza un suministro de gas sin problemas en invierno.","robots":{"index":"index","follow":"follow","max-snippet":"max-snippet:-1","max-image-preview":"max-image-preview:large","max-video-preview":"max-video-preview:-1"},"canonical":"https:\/\/recambiosecogas.com\/pt-pt\/producto\/truma-regulador-de-presion-de-gas-ice-ex-calefaccion-12v\/","og_locale":"pt_PT","og_type":"article","og_title":"Truma Regulador de presi\u00f3n de gas Ice-Ex calefacci\u00f3n 12V","og_description":"Regulador de presi\u00f3n de gas Truma Ice-Ex 12V, evita la congelaci\u00f3n y garantiza un suministro de gas sin problemas en invierno.","og_url":"https:\/\/recambiosecogas.com\/pt-pt\/producto\/truma-regulador-de-presion-de-gas-ice-ex-calefaccion-12v\/","og_site_name":"Recambios EcoGas","article_publisher":"https:\/\/www.facebook.com\/profile.php?id=100062419705358","article_modified_time":"2026-03-26T11:12:21+00:00","og_image":[{"width":1000,"height":1000,"url":"https:\/\/recambiosecogas.com\/wp-content\/uploads\/2025\/02\/Truma-Regulador-de-presion-de-gas-Ice-Ex-calefaccion-12V-png.webp","type":"image\/png"}],"twitter_card":"summary_large_image","twitter_misc":{"pre\u00e7o":"66,67&nbsp;&euro; (Sin IVA: 55,10&nbsp;&euro;)","Disponibilidade":"Por encomenda"},"schema":{"@context":"https:\/\/schema.org","@graph":[{"@type":"WebPage","@id":"https:\/\/recambiosecogas.com\/pt-pt\/producto\/truma-regulador-de-presion-de-gas-ice-ex-calefaccion-12v\/","url":"https:\/\/recambiosecogas.com\/pt-pt\/producto\/truma-regulador-de-presion-de-gas-ice-ex-calefaccion-12v\/","name":"Truma Regulador de presi\u00f3n de gas Ice-Ex 12V | Recambios Ecogas","isPartOf":{"@id":"https:\/\/recambiosecogas.com\/pt-pt\/#website"},"primaryImageOfPage":{"@id":"https:\/\/recambiosecogas.com\/pt-pt\/producto\/truma-regulador-de-presion-de-gas-ice-ex-calefaccion-12v\/#primaryimage"},"image":{"@id":"https:\/\/recambiosecogas.com\/pt-pt\/producto\/truma-regulador-de-presion-de-gas-ice-ex-calefaccion-12v\/#primaryimage"},"thumbnailUrl":"https:\/\/recambiosecogas.com\/wp-content\/uploads\/2025\/02\/Truma-Regulador-de-presion-de-gas-Ice-Ex-calefaccion-12V-png.webp","datePublished":"2025-02-24T10:24:28+00:00","dateModified":"2026-03-26T11:12:21+00:00","description":"Regulador de presi\u00f3n de gas Truma Ice-Ex 12V, evita la congelaci\u00f3n y garantiza un suministro de gas sin problemas en invierno.","breadcrumb":{"@id":"https:\/\/recambiosecogas.com\/pt-pt\/producto\/truma-regulador-de-presion-de-gas-ice-ex-calefaccion-12v\/#breadcrumb"},"inLanguage":"pt-PT","potentialAction":[{"@type":"ReadAction","target":["https:\/\/recambiosecogas.com\/pt-pt\/producto\/truma-regulador-de-presion-de-gas-ice-ex-calefaccion-12v\/"]}]},{"@type":"ImageObject","inLanguage":"pt-PT","@id":"https:\/\/recambiosecogas.com\/pt-pt\/producto\/truma-regulador-de-presion-de-gas-ice-ex-calefaccion-12v\/#primaryimage","url":"https:\/\/recambiosecogas.com\/wp-content\/uploads\/2025\/02\/Truma-Regulador-de-presion-de-gas-Ice-Ex-calefaccion-12V-png.webp","contentUrl":"https:\/\/recambiosecogas.com\/wp-content\/uploads\/2025\/02\/Truma-Regulador-de-presion-de-gas-Ice-Ex-calefaccion-12V-png.webp","width":1000,"height":1000},{"@type":"BreadcrumbList","@id":"https:\/\/recambiosecogas.com\/pt-pt\/producto\/truma-regulador-de-presion-de-gas-ice-ex-calefaccion-12v\/#breadcrumb","itemListElement":[{"@type":"ListItem","position":1,"name":"P\u00e1gina inicial","item":"https:\/\/recambiosecogas.com\/pt-pt\/"},{"@type":"ListItem","position":2,"name":"Loja","item":"https:\/\/recambiosecogas.com\/pt-pt\/tienda\/"},{"@type":"ListItem","position":3,"name":"Truma Regulador de presi\u00f3n de gas Ice-Ex calefacci\u00f3n 12V"}]},{"@type":"WebSite","@id":"https:\/\/recambiosecogas.com\/pt-pt\/#website","url":"https:\/\/recambiosecogas.com\/pt-pt\/","name":"Recambios EcoGas","description":"Pe\u00e7as multimarca para sistemas de GPL\/GNC\/GNL\/Hidrog\u00e9nio","publisher":{"@id":"https:\/\/recambiosecogas.com\/pt-pt\/#organization"},"alternateName":"Recambios Autogas GLP","potentialAction":[{"@type":"SearchAction","target":{"@type":"EntryPoint","urlTemplate":"https:\/\/recambiosecogas.com\/pt-pt\/?s={search_term_string}"},"query-input":{"@type":"PropertyValueSpecification","valueRequired":true,"valueName":"search_term_string"}}],"inLanguage":"pt-PT"},{"@type":["Organization","Place"],"@id":"https:\/\/recambiosecogas.com\/pt-pt\/#organization","name":"Recambios EcoGas","alternateName":"Loja de GPL Autog\u00e1s Espanha","url":"https:\/\/recambiosecogas.com\/pt-pt\/","logo":{"@id":"https:\/\/recambiosecogas.com\/pt-pt\/producto\/truma-regulador-de-presion-de-gas-ice-ex-calefaccion-12v\/#local-main-organization-logo"},"image":{"@id":"https:\/\/recambiosecogas.com\/pt-pt\/producto\/truma-regulador-de-presion-de-gas-ice-ex-calefaccion-12v\/#local-main-organization-logo"},"sameAs":["https:\/\/www.facebook.com\/profile.php?id=100062419705358","https:\/\/www.instagram.com\/segimon_automocio"],"description":"Recambios EcoGas \u2013 Venta y distribuci\u00f3n de sistemas GLP y GNC en Espa\u00f1a y Portugal. Env\u00edos 24 h, soporte t\u00e9cnico a talleres y distribuidores.","hasMerchantReturnPolicy":{"@type":"MerchantReturnPolicy","merchantReturnLink":"https:\/\/recambiosecogas.com\/politicas-privacidad\/"},"address":{"@id":"https:\/\/recambiosecogas.com\/pt-pt\/producto\/truma-regulador-de-presion-de-gas-ice-ex-calefaccion-12v\/#local-main-place-address"},"telephone":["616250633"],"contactPoint":{"@type":"ContactPoint","email":"export@recambiosecogas.com"},"openingHoursSpecification":[{"@type":"OpeningHoursSpecification","dayOfWeek":["Monday","Tuesday","Wednesday","Thursday","Friday","Saturday","Sunday"],"opens":"09:00","closes":"17:00"}],"email":"info@recambiosecogas.com","faxNumber":"SEGIMON AUTOMOCION SL","vatID":"ESB19819861","globalLocationNumber":"938 616 339"},{"@type":"PostalAddress","@id":"https:\/\/recambiosecogas.com\/pt-pt\/producto\/truma-regulador-de-presion-de-gas-ice-ex-calefaccion-12v\/#local-main-place-address","streetAddress":"cami antic de vic, 29 (Nave 3), Pol\u00edgono Industrial Congost","addressLocality":"CORRO D`AVALL","postalCode":"08520","addressRegion":"Barcelona","addressCountry":"ES"},{"@type":"ImageObject","inLanguage":"pt-PT","@id":"https:\/\/recambiosecogas.com\/pt-pt\/producto\/truma-regulador-de-presion-de-gas-ice-ex-calefaccion-12v\/#local-main-organization-logo","url":"https:\/\/recambiosecogas.com\/wp-content\/uploads\/2024\/11\/cropped-RECAMBIOS-GLP-png.webp","contentUrl":"https:\/\/recambiosecogas.com\/wp-content\/uploads\/2024\/11\/cropped-RECAMBIOS-GLP-png.webp","width":512,"height":512,"caption":"Recambios EcoGas"}]},"product_brand":"GOK","product_price_amount":"66.67","product_price_currency":"EUR","og_availability":"backorder","product_availability":"available for order","product_retailer_item_id":"112013","product_condition":"new","geo.placename":"CORRO D`AVALL","geo.region":"Espanha"},"uagb_featured_image_src":{"full":["https:\/\/recambiosecogas.com\/wp-content\/uploads\/2025\/02\/Truma-Regulador-de-presion-de-gas-Ice-Ex-calefaccion-12V-png.webp",1000,1000,false],"thumbnail":["https:\/\/recambiosecogas.com\/wp-content\/uploads\/2025\/02\/Truma-Regulador-de-presion-de-gas-Ice-Ex-calefaccion-12V-150x150.webp",150,150,true],"medium":["https:\/\/recambiosecogas.com\/wp-content\/uploads\/2025\/02\/Truma-Regulador-de-presion-de-gas-Ice-Ex-calefaccion-12V-300x300.webp",300,300,true],"medium_large":["https:\/\/recambiosecogas.com\/wp-content\/uploads\/2025\/02\/Truma-Regulador-de-presion-de-gas-Ice-Ex-calefaccion-12V-768x768.webp",768,768,true],"large":["https:\/\/recambiosecogas.com\/wp-content\/uploads\/2025\/02\/Truma-Regulador-de-presion-de-gas-Ice-Ex-calefaccion-12V-png.webp",1000,1000,false],"1536x1536":["https:\/\/recambiosecogas.com\/wp-content\/uploads\/2025\/02\/Truma-Regulador-de-presion-de-gas-Ice-Ex-calefaccion-12V-png.webp",1000,1000,false],"2048x2048":["https:\/\/recambiosecogas.com\/wp-content\/uploads\/2025\/02\/Truma-Regulador-de-presion-de-gas-Ice-Ex-calefaccion-12V-png.webp",1000,1000,false],"woocommerce_archive_thumbnail":["https:\/\/recambiosecogas.com\/wp-content\/uploads\/2025\/02\/Truma-Regulador-de-presion-de-gas-Ice-Ex-calefaccion-12V-png.webp",1000,1000,false],"woocommerce_thumbnail":["https:\/\/recambiosecogas.com\/wp-content\/uploads\/2025\/02\/Truma-Regulador-de-presion-de-gas-Ice-Ex-calefaccion-12V-300x300.webp",300,300,true],"woocommerce_single":["https:\/\/recambiosecogas.com\/wp-content\/uploads\/2025\/02\/Truma-Regulador-de-presion-de-gas-Ice-Ex-calefaccion-12V-png.webp",1000,1000,false],"woocommerce_gallery_thumbnail":["https:\/\/recambiosecogas.com\/wp-content\/uploads\/2025\/02\/Truma-Regulador-de-presion-de-gas-Ice-Ex-calefaccion-12V-png.webp",1000,1000,false],"dgwt-wcas-product-suggestion":["https:\/\/recambiosecogas.com\/wp-content\/uploads\/2025\/02\/Truma-Regulador-de-presion-de-gas-Ice-Ex-calefaccion-12V-64x64.webp",64,64,true]},"uagb_author_info":{"display_name":"Fran - Soporte T\u00e9cnico","author_link":"https:\/\/recambiosecogas.com\/pt-pt\/author\/"},"uagb_comment_info":0,"uagb_excerpt":"TRUMA","_links":{"self":[{"href":"https:\/\/recambiosecogas.com\/pt-pt\/wp-json\/wp\/v2\/product\/17821","targetHints":{"allow":["GET"]}}],"collection":[{"href":"https:\/\/recambiosecogas.com\/pt-pt\/wp-json\/wp\/v2\/product"}],"about":[{"href":"https:\/\/recambiosecogas.com\/pt-pt\/wp-json\/wp\/v2\/types\/product"}],"replies":[{"embeddable":true,"href":"https:\/\/recambiosecogas.com\/pt-pt\/wp-json\/wp\/v2\/comments?post=17821"}],"wp:featuredmedia":[{"embeddable":true,"href":"https:\/\/recambiosecogas.com\/pt-pt\/wp-json\/wp\/v2\/media\/19282"}],"wp:attachment":[{"href":"https:\/\/recambiosecogas.com\/pt-pt\/wp-json\/wp\/v2\/media?parent=17821"}],"wp:term":[{"taxonomy":"product_brand","embeddable":true,"href":"https:\/\/recambiosecogas.com\/pt-pt\/wp-json\/wp\/v2\/product_brand?post=17821"},{"taxonomy":"product_cat","embeddable":true,"href":"https:\/\/recambiosecogas.com\/pt-pt\/wp-json\/wp\/v2\/product_cat?post=17821"},{"taxonomy":"product_tag","embeddable":true,"href":"https:\/\/recambiosecogas.com\/pt-pt\/wp-json\/wp\/v2\/product_tag?post=17821"}],"curies":[{"name":"wp","href":"https:\/\/api.w.org\/{rel}","templated":true}]}}