{"id":17798,"date":"2025-02-24T11:23:59","date_gmt":"2025-02-24T10:23:59","guid":{"rendered":"https:\/\/recambiosecogas.com\/producto\/gok-caramatic-twocontrol-controlador-de-calefaccion-eis-ex\/"},"modified":"2026-03-26T11:58:48","modified_gmt":"2026-03-26T10:58:48","slug":"gok-caramatic-twocontrol-controlador-de-calefaccion-eis-ex","status":"publish","type":"product","link":"https:\/\/recambiosecogas.com\/pt-pt\/producto\/gok-caramatic-twocontrol-controlador-de-calefaccion-eis-ex\/","title":{"rendered":"GOK Caramatic TwoControl controlador de calefacci\u00f3n (Eis-Ex)"},"content":{"rendered":"<p>El GOK <strong>Caramatic TwoControl <\/strong>es un calentador regulador de gas<strong>(Eis-Ex<\/strong>) para autocaravanas<strong>, campers y otros veh\u00edculos de ocio en <\/strong>uno.<\/p>\n<p><strong>Ventajas y caracter\u00edsticas:<\/strong><\/p>\n<p><strong>-Unidad de control <\/strong>central <strong>para <\/strong>encender\/apagar la pantalla remota y el calentador regulador Eis-Ex.<\/p>\n<p><strong>-Visualizaci\u00f3n <\/strong>a distancia <strong>del estado de funcionamiento del <\/strong>calentador regulador<\/p>\n<p>&#8211; Para una <strong>instalaci\u00f3n <\/strong>sencilla <strong>en <\/strong>sistemas nuevos o para reequipamiento en sistemas existentes<\/p>\n<p>&#8211; Puede utilizarse con los modelos de la serie Caramatic: DriveOne, ProOne, as\u00ed como con los modelos Truma MonoControl CS y en color plata<\/p>\n<p>&#8211; Conexi\u00f3n de todos los componentes mediante sistema de conectores<strong>, sin necesidad de soldar<\/strong><\/p>\n<p><strong>Volumen de suministro:<\/strong><\/p>\n<p>&#8211; Unidad de informaci\u00f3n y control, incluido cable de conexi\u00f3n de 6 metros<\/p>\n<p>&#8211; Marco de cubierta<\/p>\n<p>&#8211; Calefactor regulador de gas<\/p>\n<p>&#8211; Eix Ex incl. cable de conexi\u00f3n de 2 metros<\/p>\n<p>&#8211; Plantilla de perforaci\u00f3n<\/p>\n<p>&#8211; Instrucciones de instalaci\u00f3n y funcionamiento multiling\u00fces<\/p>\n<p><strong>Homologaci\u00f3n:<\/strong><\/p>\n<p>&#8211; Procedimiento de evaluaci\u00f3n de la conformidad seg\u00fan ATEX<\/p>\n<p>&#8211; Marcado CE seg\u00fan EMC<\/p>\n<p><strong>Datos t\u00e9cnicos<\/strong><\/p>\n<p>&#8211; Tensi\u00f3n de alimentaci\u00f3n: 12 V<\/p>\n<p><strong>Preguntas y respuestas:<\/strong><\/p>\n<p><em>\u00bfMuestra el GOK Caramatic TwoControl el nivel de llenado de la bombona de gas-&gt;?<\/em><\/p>\n<p>No, el GOK Caramatic TwoControl s\u00f3lo muestra qu\u00e9 bombona se est\u00e1 utilizando actualmente en la caravana.<\/p>\n<p><em>\u00bfPara qu\u00e9 se necesita un calentador Eis-Ex\/regulador-&gt;?<\/em><\/p>\n<p>Como el gas l\u00edquido contiene trazas de agua, esto puede conducir a la formaci\u00f3n de tapones en el regulador de gas a temperaturas alrededor de 0 \u00b0. Como resultado, el flujo de gas puede reducirse o detenerse por completo. Instalando el Eis Ex en la autocaravana, se evita la posible formaci\u00f3n de tapones mediante calentamiento el\u00e9ctrico.<\/p>\n<p>El <strong>GOK Caramatic TwoControl<\/strong> es un <strong>controlador de calefacci\u00f3n<\/strong> dise\u00f1ado espec\u00edficamente para sistemas de <strong>Autogas<\/strong> en autocaravanas, campers y otros veh\u00edculos de ocio. Este dispositivo centraliza el control del calentador regulador <strong>Eis-Ex<\/strong>, permitiendo encender y apagar el sistema de manera remota, lo que mejora la comodidad y la eficiencia en el uso del gas.<\/p>\n<p>Este controlador ofrece una <strong>visualizaci\u00f3n a distancia<\/strong> del estado de funcionamiento del calentador regulador, lo que permite al usuario tener un control total sobre el sistema de calefacci\u00f3n. Su dise\u00f1o facilita una <strong>instalaci\u00f3n sencilla<\/strong> en sistemas nuevos o para reequipamiento en instalaciones existentes, sin necesidad de soldaduras, gracias a su sistema de conectores.<\/p>\n<p>El GOK Caramatic TwoControl es compatible con los modelos de la serie Caramatic, como DriveOne y ProOne, as\u00ed como con los modelos Truma MonoControl CS. Esto lo convierte en una opci\u00f3n vers\u00e1til para quienes buscan optimizar el rendimiento de sus sistemas de calefacci\u00f3n a gas.<\/p>\n<p>El volumen de suministro incluye la unidad de informaci\u00f3n y control, un cable de conexi\u00f3n de 6 metros, un marco de cubierta, el calefactor regulador de gas, el Eis-Ex con un cable de conexi\u00f3n de 2 metros, una plantilla de perforaci\u00f3n y un manual de instalaci\u00f3n y funcionamiento en varios idiomas.<\/p>\n<p>En cuanto a la homologaci\u00f3n, el GOK Caramatic TwoControl cumple con el procedimiento de evaluaci\u00f3n de la conformidad seg\u00fan ATEX y cuenta con el marcado CE seg\u00fan EMC, garantizando su seguridad y fiabilidad en el uso.<\/p>\n<h4>Datos t\u00e9cnicos<\/h4>\n<p>Tensi\u00f3n de alimentaci\u00f3n: <strong>12 V<\/strong>.<\/p>\n<h4>Preguntas y respuestas<\/h4>\n<p><em>\u00bfMuestra el GOK Caramatic TwoControl el nivel de llenado de la bombona de gas?<\/em><\/p>\n<p>No, el GOK Caramatic TwoControl solo muestra qu\u00e9 bombona se est\u00e1 utilizando actualmente en la caravana.<\/p>\n<p><em>\u00bfPara qu\u00e9 se necesita un calentador Eis-Ex\/regulador?<\/em><\/p>\n<p>El calentador Eis-Ex es esencial para evitar la formaci\u00f3n de tapones en el regulador de gas a temperaturas alrededor de 0 \u00b0C, asegurando un flujo constante de gas y evitando interrupciones en el suministro.<\/p>\n","protected":false},"excerpt":{"rendered":"<p>GOK<\/p>\n","protected":false},"featured_media":19336,"comment_status":"open","ping_status":"closed","template":"","meta":{"_uag_custom_page_level_css":""},"product_brand":[991,992],"product_cat":[439],"product_tag":[],"class_list":{"0":"post-17798","1":"product","2":"type-product","3":"status-publish","4":"has-post-thumbnail","6":"product_brand-gok","7":"product_brand-truma","8":"product_cat-accesorios-recambios-reguladores-de-gas-autocaravanas","10":"first","11":"onbackorder","12":"taxable","13":"shipping-taxable","14":"purchasable","15":"product-type-simple"},"ct_brands":[{"id":991,"name":"GOK","slug":"gok"},{"id":992,"name":"TRUMA","slug":"truma"}],"yoast_head":"<!-- This site is optimized with the Yoast SEO Premium plugin v27.5 (Yoast SEO v27.6) - https:\/\/yoast.com\/product\/yoast-seo-premium-wordpress\/ -->\n<title>GOK Caramatic TwoControl controlador de calefacci\u00f3n | Recambios Ecogas<\/title>\n<meta name=\"description\" content=\"Controlador de calefacci\u00f3n GOK Caramatic TwoControl para autocaravanas, ideal para sistemas de Autogas. Permite el control remoto del calentador regulador Eis-Ex.\" \/>\n<meta name=\"robots\" content=\"index, follow, max-snippet:-1, max-image-preview:large, max-video-preview:-1\" \/>\n<link rel=\"canonical\" href=\"https:\/\/recambiosecogas.com\/pt-pt\/producto\/gok-caramatic-twocontrol-controlador-de-calefaccion-eis-ex\/\" \/>\n<meta property=\"og:locale\" content=\"pt_PT\" \/>\n<meta property=\"og:type\" content=\"article\" \/>\n<meta property=\"og:title\" content=\"GOK Caramatic TwoControl controlador de calefacci\u00f3n (Eis-Ex)\" \/>\n<meta property=\"og:description\" content=\"Controlador de calefacci\u00f3n GOK Caramatic TwoControl para autocaravanas, ideal para sistemas de Autogas. Permite el control remoto del calentador regulador Eis-Ex.\" \/>\n<meta property=\"og:url\" content=\"https:\/\/recambiosecogas.com\/pt-pt\/producto\/gok-caramatic-twocontrol-controlador-de-calefaccion-eis-ex\/\" \/>\n<meta property=\"og:site_name\" content=\"Recambios EcoGas\" \/>\n<meta property=\"article:publisher\" content=\"https:\/\/www.facebook.com\/profile.php?id=100062419705358\" \/>\n<meta property=\"article:modified_time\" content=\"2026-03-26T10:58:48+00:00\" \/>\n<meta property=\"og:image\" content=\"https:\/\/recambiosecogas.com\/wp-content\/uploads\/2025\/02\/GOK-Caramatic-TwoControl-controlador-de-calefaccion-Eis-Ex-png.webp\" \/>\n\t<meta property=\"og:image:width\" content=\"1000\" \/>\n\t<meta property=\"og:image:height\" content=\"1000\" \/>\n\t<meta property=\"og:image:type\" content=\"image\/png\" \/>\n<meta name=\"twitter:card\" content=\"summary_large_image\" \/>\n<meta name=\"twitter:label1\" content=\"pre\u00e7o\" \/>\n\t<meta name=\"twitter:data1\" content=\"156,96&nbsp;&euro; (Sin IVA: 129,72&nbsp;&euro;)\" \/>\n\t<meta name=\"twitter:label2\" content=\"Disponibilidade\" \/>\n\t<meta name=\"twitter:data2\" content=\"Por encomenda\" \/>\n<script type=\"application\/ld+json\" class=\"yoast-schema-graph\">{\"@context\":\"https:\\\/\\\/schema.org\",\"@graph\":[{\"@type\":\"WebPage\",\"@id\":\"https:\\\/\\\/recambiosecogas.com\\\/pt-pt\\\/producto\\\/gok-caramatic-twocontrol-controlador-de-calefaccion-eis-ex\\\/\",\"url\":\"https:\\\/\\\/recambiosecogas.com\\\/pt-pt\\\/producto\\\/gok-caramatic-twocontrol-controlador-de-calefaccion-eis-ex\\\/\",\"name\":\"GOK Caramatic TwoControl controlador de calefacci\u00f3n | Recambios Ecogas\",\"isPartOf\":{\"@id\":\"https:\\\/\\\/recambiosecogas.com\\\/pt-pt\\\/#website\"},\"primaryImageOfPage\":{\"@id\":\"https:\\\/\\\/recambiosecogas.com\\\/pt-pt\\\/producto\\\/gok-caramatic-twocontrol-controlador-de-calefaccion-eis-ex\\\/#primaryimage\"},\"image\":{\"@id\":\"https:\\\/\\\/recambiosecogas.com\\\/pt-pt\\\/producto\\\/gok-caramatic-twocontrol-controlador-de-calefaccion-eis-ex\\\/#primaryimage\"},\"thumbnailUrl\":\"https:\\\/\\\/recambiosecogas.com\\\/wp-content\\\/uploads\\\/2025\\\/02\\\/GOK-Caramatic-TwoControl-controlador-de-calefaccion-Eis-Ex-png.webp\",\"datePublished\":\"2025-02-24T10:23:59+00:00\",\"dateModified\":\"2026-03-26T10:58:48+00:00\",\"description\":\"Controlador de calefacci\u00f3n GOK Caramatic TwoControl para autocaravanas, ideal para sistemas de Autogas. Permite el control remoto del calentador regulador Eis-Ex.\",\"breadcrumb\":{\"@id\":\"https:\\\/\\\/recambiosecogas.com\\\/pt-pt\\\/producto\\\/gok-caramatic-twocontrol-controlador-de-calefaccion-eis-ex\\\/#breadcrumb\"},\"inLanguage\":\"pt-PT\",\"potentialAction\":[{\"@type\":\"ReadAction\",\"target\":[\"https:\\\/\\\/recambiosecogas.com\\\/pt-pt\\\/producto\\\/gok-caramatic-twocontrol-controlador-de-calefaccion-eis-ex\\\/\"]}]},{\"@type\":\"ImageObject\",\"inLanguage\":\"pt-PT\",\"@id\":\"https:\\\/\\\/recambiosecogas.com\\\/pt-pt\\\/producto\\\/gok-caramatic-twocontrol-controlador-de-calefaccion-eis-ex\\\/#primaryimage\",\"url\":\"https:\\\/\\\/recambiosecogas.com\\\/wp-content\\\/uploads\\\/2025\\\/02\\\/GOK-Caramatic-TwoControl-controlador-de-calefaccion-Eis-Ex-png.webp\",\"contentUrl\":\"https:\\\/\\\/recambiosecogas.com\\\/wp-content\\\/uploads\\\/2025\\\/02\\\/GOK-Caramatic-TwoControl-controlador-de-calefaccion-Eis-Ex-png.webp\",\"width\":1000,\"height\":1000},{\"@type\":\"BreadcrumbList\",\"@id\":\"https:\\\/\\\/recambiosecogas.com\\\/pt-pt\\\/producto\\\/gok-caramatic-twocontrol-controlador-de-calefaccion-eis-ex\\\/#breadcrumb\",\"itemListElement\":[{\"@type\":\"ListItem\",\"position\":1,\"name\":\"P\u00e1gina inicial\",\"item\":\"https:\\\/\\\/recambiosecogas.com\\\/pt-pt\\\/\"},{\"@type\":\"ListItem\",\"position\":2,\"name\":\"Loja\",\"item\":\"https:\\\/\\\/recambiosecogas.com\\\/pt-pt\\\/tienda\\\/\"},{\"@type\":\"ListItem\",\"position\":3,\"name\":\"GOK Caramatic TwoControl controlador de calefacci\u00f3n (Eis-Ex)\"}]},{\"@type\":\"WebSite\",\"@id\":\"https:\\\/\\\/recambiosecogas.com\\\/pt-pt\\\/#website\",\"url\":\"https:\\\/\\\/recambiosecogas.com\\\/pt-pt\\\/\",\"name\":\"Recambios EcoGas\",\"description\":\"Pe\u00e7as multimarca para sistemas de GPL\\\/GNC\\\/GNL\\\/Hidrog\u00e9nio\",\"publisher\":{\"@id\":\"https:\\\/\\\/recambiosecogas.com\\\/pt-pt\\\/#organization\"},\"alternateName\":\"Recambios Autogas GLP\",\"potentialAction\":[{\"@type\":\"SearchAction\",\"target\":{\"@type\":\"EntryPoint\",\"urlTemplate\":\"https:\\\/\\\/recambiosecogas.com\\\/pt-pt\\\/?s={search_term_string}\"},\"query-input\":{\"@type\":\"PropertyValueSpecification\",\"valueRequired\":true,\"valueName\":\"search_term_string\"}}],\"inLanguage\":\"pt-PT\"},{\"@type\":[\"Organization\",\"Place\"],\"@id\":\"https:\\\/\\\/recambiosecogas.com\\\/pt-pt\\\/#organization\",\"name\":\"Recambios EcoGas\",\"alternateName\":\"Loja de GPL Autog\u00e1s Espanha\",\"url\":\"https:\\\/\\\/recambiosecogas.com\\\/pt-pt\\\/\",\"logo\":{\"@id\":\"https:\\\/\\\/recambiosecogas.com\\\/pt-pt\\\/producto\\\/gok-caramatic-twocontrol-controlador-de-calefaccion-eis-ex\\\/#local-main-organization-logo\"},\"image\":{\"@id\":\"https:\\\/\\\/recambiosecogas.com\\\/pt-pt\\\/producto\\\/gok-caramatic-twocontrol-controlador-de-calefaccion-eis-ex\\\/#local-main-organization-logo\"},\"sameAs\":[\"https:\\\/\\\/www.facebook.com\\\/profile.php?id=100062419705358\",\"https:\\\/\\\/www.instagram.com\\\/segimon_automocio\"],\"description\":\"Recambios EcoGas \u2013 Venta y distribuci\u00f3n de sistemas GLP y GNC en Espa\u00f1a y Portugal. Env\u00edos 24 h, soporte t\u00e9cnico a talleres y distribuidores.\",\"hasMerchantReturnPolicy\":{\"@type\":\"MerchantReturnPolicy\",\"merchantReturnLink\":\"https:\\\/\\\/recambiosecogas.com\\\/politicas-privacidad\\\/\"},\"address\":{\"@id\":\"https:\\\/\\\/recambiosecogas.com\\\/pt-pt\\\/producto\\\/gok-caramatic-twocontrol-controlador-de-calefaccion-eis-ex\\\/#local-main-place-address\"},\"telephone\":[\"616250633\"],\"contactPoint\":{\"@type\":\"ContactPoint\",\"email\":\"export@recambiosecogas.com\"},\"openingHoursSpecification\":[{\"@type\":\"OpeningHoursSpecification\",\"dayOfWeek\":[\"Monday\",\"Tuesday\",\"Wednesday\",\"Thursday\",\"Friday\",\"Saturday\",\"Sunday\"],\"opens\":\"09:00\",\"closes\":\"17:00\"}],\"email\":\"info@recambiosecogas.com\",\"faxNumber\":\"SEGIMON AUTOMOCION SL\",\"vatID\":\"ESB19819861\",\"globalLocationNumber\":\"938 616 339\"},{\"@type\":\"PostalAddress\",\"@id\":\"https:\\\/\\\/recambiosecogas.com\\\/pt-pt\\\/producto\\\/gok-caramatic-twocontrol-controlador-de-calefaccion-eis-ex\\\/#local-main-place-address\",\"streetAddress\":\"cami antic de vic, 29 (Nave 3), Pol\u00edgono Industrial Congost\",\"addressLocality\":\"CORRO D`AVALL\",\"postalCode\":\"08520\",\"addressRegion\":\"Barcelona\",\"addressCountry\":\"ES\"},{\"@type\":\"ImageObject\",\"inLanguage\":\"pt-PT\",\"@id\":\"https:\\\/\\\/recambiosecogas.com\\\/pt-pt\\\/producto\\\/gok-caramatic-twocontrol-controlador-de-calefaccion-eis-ex\\\/#local-main-organization-logo\",\"url\":\"https:\\\/\\\/recambiosecogas.com\\\/wp-content\\\/uploads\\\/2024\\\/11\\\/cropped-RECAMBIOS-GLP-png.webp\",\"contentUrl\":\"https:\\\/\\\/recambiosecogas.com\\\/wp-content\\\/uploads\\\/2024\\\/11\\\/cropped-RECAMBIOS-GLP-png.webp\",\"width\":512,\"height\":512,\"caption\":\"Recambios EcoGas\"}]}<\/script>\n<meta property=\"product:brand\" content=\"GOK\" \/>\n<meta property=\"product:price:amount\" content=\"156.96\" \/>\n<meta property=\"product:price:currency\" content=\"EUR\" \/>\n<meta property=\"og:availability\" content=\"backorder\" \/>\n<meta property=\"product:availability\" content=\"available for order\" \/>\n<meta property=\"product:retailer_item_id\" content=\"108918A\" \/>\n<meta property=\"product:condition\" content=\"new\" \/>\n<meta name=\"geo.placename\" content=\"CORRO D`AVALL\" \/>\n<meta name=\"geo.region\" content=\"Espanha\" \/>\n<!-- \/ Yoast SEO Premium plugin. -->","yoast_head_json":{"title":"GOK Caramatic TwoControl controlador de calefacci\u00f3n | Recambios Ecogas","description":"Controlador de calefacci\u00f3n GOK Caramatic TwoControl para autocaravanas, ideal para sistemas de Autogas. Permite el control remoto del calentador regulador Eis-Ex.","robots":{"index":"index","follow":"follow","max-snippet":"max-snippet:-1","max-image-preview":"max-image-preview:large","max-video-preview":"max-video-preview:-1"},"canonical":"https:\/\/recambiosecogas.com\/pt-pt\/producto\/gok-caramatic-twocontrol-controlador-de-calefaccion-eis-ex\/","og_locale":"pt_PT","og_type":"article","og_title":"GOK Caramatic TwoControl controlador de calefacci\u00f3n (Eis-Ex)","og_description":"Controlador de calefacci\u00f3n GOK Caramatic TwoControl para autocaravanas, ideal para sistemas de Autogas. Permite el control remoto del calentador regulador Eis-Ex.","og_url":"https:\/\/recambiosecogas.com\/pt-pt\/producto\/gok-caramatic-twocontrol-controlador-de-calefaccion-eis-ex\/","og_site_name":"Recambios EcoGas","article_publisher":"https:\/\/www.facebook.com\/profile.php?id=100062419705358","article_modified_time":"2026-03-26T10:58:48+00:00","og_image":[{"width":1000,"height":1000,"url":"https:\/\/recambiosecogas.com\/wp-content\/uploads\/2025\/02\/GOK-Caramatic-TwoControl-controlador-de-calefaccion-Eis-Ex-png.webp","type":"image\/png"}],"twitter_card":"summary_large_image","twitter_misc":{"pre\u00e7o":"156,96&nbsp;&euro; (Sin IVA: 129,72&nbsp;&euro;)","Disponibilidade":"Por encomenda"},"schema":{"@context":"https:\/\/schema.org","@graph":[{"@type":"WebPage","@id":"https:\/\/recambiosecogas.com\/pt-pt\/producto\/gok-caramatic-twocontrol-controlador-de-calefaccion-eis-ex\/","url":"https:\/\/recambiosecogas.com\/pt-pt\/producto\/gok-caramatic-twocontrol-controlador-de-calefaccion-eis-ex\/","name":"GOK Caramatic TwoControl controlador de calefacci\u00f3n | Recambios Ecogas","isPartOf":{"@id":"https:\/\/recambiosecogas.com\/pt-pt\/#website"},"primaryImageOfPage":{"@id":"https:\/\/recambiosecogas.com\/pt-pt\/producto\/gok-caramatic-twocontrol-controlador-de-calefaccion-eis-ex\/#primaryimage"},"image":{"@id":"https:\/\/recambiosecogas.com\/pt-pt\/producto\/gok-caramatic-twocontrol-controlador-de-calefaccion-eis-ex\/#primaryimage"},"thumbnailUrl":"https:\/\/recambiosecogas.com\/wp-content\/uploads\/2025\/02\/GOK-Caramatic-TwoControl-controlador-de-calefaccion-Eis-Ex-png.webp","datePublished":"2025-02-24T10:23:59+00:00","dateModified":"2026-03-26T10:58:48+00:00","description":"Controlador de calefacci\u00f3n GOK Caramatic TwoControl para autocaravanas, ideal para sistemas de Autogas. Permite el control remoto del calentador regulador Eis-Ex.","breadcrumb":{"@id":"https:\/\/recambiosecogas.com\/pt-pt\/producto\/gok-caramatic-twocontrol-controlador-de-calefaccion-eis-ex\/#breadcrumb"},"inLanguage":"pt-PT","potentialAction":[{"@type":"ReadAction","target":["https:\/\/recambiosecogas.com\/pt-pt\/producto\/gok-caramatic-twocontrol-controlador-de-calefaccion-eis-ex\/"]}]},{"@type":"ImageObject","inLanguage":"pt-PT","@id":"https:\/\/recambiosecogas.com\/pt-pt\/producto\/gok-caramatic-twocontrol-controlador-de-calefaccion-eis-ex\/#primaryimage","url":"https:\/\/recambiosecogas.com\/wp-content\/uploads\/2025\/02\/GOK-Caramatic-TwoControl-controlador-de-calefaccion-Eis-Ex-png.webp","contentUrl":"https:\/\/recambiosecogas.com\/wp-content\/uploads\/2025\/02\/GOK-Caramatic-TwoControl-controlador-de-calefaccion-Eis-Ex-png.webp","width":1000,"height":1000},{"@type":"BreadcrumbList","@id":"https:\/\/recambiosecogas.com\/pt-pt\/producto\/gok-caramatic-twocontrol-controlador-de-calefaccion-eis-ex\/#breadcrumb","itemListElement":[{"@type":"ListItem","position":1,"name":"P\u00e1gina inicial","item":"https:\/\/recambiosecogas.com\/pt-pt\/"},{"@type":"ListItem","position":2,"name":"Loja","item":"https:\/\/recambiosecogas.com\/pt-pt\/tienda\/"},{"@type":"ListItem","position":3,"name":"GOK Caramatic TwoControl controlador de calefacci\u00f3n (Eis-Ex)"}]},{"@type":"WebSite","@id":"https:\/\/recambiosecogas.com\/pt-pt\/#website","url":"https:\/\/recambiosecogas.com\/pt-pt\/","name":"Recambios EcoGas","description":"Pe\u00e7as multimarca para sistemas de GPL\/GNC\/GNL\/Hidrog\u00e9nio","publisher":{"@id":"https:\/\/recambiosecogas.com\/pt-pt\/#organization"},"alternateName":"Recambios Autogas GLP","potentialAction":[{"@type":"SearchAction","target":{"@type":"EntryPoint","urlTemplate":"https:\/\/recambiosecogas.com\/pt-pt\/?s={search_term_string}"},"query-input":{"@type":"PropertyValueSpecification","valueRequired":true,"valueName":"search_term_string"}}],"inLanguage":"pt-PT"},{"@type":["Organization","Place"],"@id":"https:\/\/recambiosecogas.com\/pt-pt\/#organization","name":"Recambios EcoGas","alternateName":"Loja de GPL Autog\u00e1s Espanha","url":"https:\/\/recambiosecogas.com\/pt-pt\/","logo":{"@id":"https:\/\/recambiosecogas.com\/pt-pt\/producto\/gok-caramatic-twocontrol-controlador-de-calefaccion-eis-ex\/#local-main-organization-logo"},"image":{"@id":"https:\/\/recambiosecogas.com\/pt-pt\/producto\/gok-caramatic-twocontrol-controlador-de-calefaccion-eis-ex\/#local-main-organization-logo"},"sameAs":["https:\/\/www.facebook.com\/profile.php?id=100062419705358","https:\/\/www.instagram.com\/segimon_automocio"],"description":"Recambios EcoGas \u2013 Venta y distribuci\u00f3n de sistemas GLP y GNC en Espa\u00f1a y Portugal. Env\u00edos 24 h, soporte t\u00e9cnico a talleres y distribuidores.","hasMerchantReturnPolicy":{"@type":"MerchantReturnPolicy","merchantReturnLink":"https:\/\/recambiosecogas.com\/politicas-privacidad\/"},"address":{"@id":"https:\/\/recambiosecogas.com\/pt-pt\/producto\/gok-caramatic-twocontrol-controlador-de-calefaccion-eis-ex\/#local-main-place-address"},"telephone":["616250633"],"contactPoint":{"@type":"ContactPoint","email":"export@recambiosecogas.com"},"openingHoursSpecification":[{"@type":"OpeningHoursSpecification","dayOfWeek":["Monday","Tuesday","Wednesday","Thursday","Friday","Saturday","Sunday"],"opens":"09:00","closes":"17:00"}],"email":"info@recambiosecogas.com","faxNumber":"SEGIMON AUTOMOCION SL","vatID":"ESB19819861","globalLocationNumber":"938 616 339"},{"@type":"PostalAddress","@id":"https:\/\/recambiosecogas.com\/pt-pt\/producto\/gok-caramatic-twocontrol-controlador-de-calefaccion-eis-ex\/#local-main-place-address","streetAddress":"cami antic de vic, 29 (Nave 3), Pol\u00edgono Industrial Congost","addressLocality":"CORRO D`AVALL","postalCode":"08520","addressRegion":"Barcelona","addressCountry":"ES"},{"@type":"ImageObject","inLanguage":"pt-PT","@id":"https:\/\/recambiosecogas.com\/pt-pt\/producto\/gok-caramatic-twocontrol-controlador-de-calefaccion-eis-ex\/#local-main-organization-logo","url":"https:\/\/recambiosecogas.com\/wp-content\/uploads\/2024\/11\/cropped-RECAMBIOS-GLP-png.webp","contentUrl":"https:\/\/recambiosecogas.com\/wp-content\/uploads\/2024\/11\/cropped-RECAMBIOS-GLP-png.webp","width":512,"height":512,"caption":"Recambios EcoGas"}]},"product_brand":"GOK","product_price_amount":"156.96","product_price_currency":"EUR","og_availability":"backorder","product_availability":"available for order","product_retailer_item_id":"108918A","product_condition":"new","geo.placename":"CORRO D`AVALL","geo.region":"Espanha"},"uagb_featured_image_src":{"full":["https:\/\/recambiosecogas.com\/wp-content\/uploads\/2025\/02\/GOK-Caramatic-TwoControl-controlador-de-calefaccion-Eis-Ex-png.webp",1000,1000,false],"thumbnail":["https:\/\/recambiosecogas.com\/wp-content\/uploads\/2025\/02\/GOK-Caramatic-TwoControl-controlador-de-calefaccion-Eis-Ex-150x150.webp",150,150,true],"medium":["https:\/\/recambiosecogas.com\/wp-content\/uploads\/2025\/02\/GOK-Caramatic-TwoControl-controlador-de-calefaccion-Eis-Ex-300x300.webp",300,300,true],"medium_large":["https:\/\/recambiosecogas.com\/wp-content\/uploads\/2025\/02\/GOK-Caramatic-TwoControl-controlador-de-calefaccion-Eis-Ex-768x768.webp",768,768,true],"large":["https:\/\/recambiosecogas.com\/wp-content\/uploads\/2025\/02\/GOK-Caramatic-TwoControl-controlador-de-calefaccion-Eis-Ex-png.webp",1000,1000,false],"1536x1536":["https:\/\/recambiosecogas.com\/wp-content\/uploads\/2025\/02\/GOK-Caramatic-TwoControl-controlador-de-calefaccion-Eis-Ex-png.webp",1000,1000,false],"2048x2048":["https:\/\/recambiosecogas.com\/wp-content\/uploads\/2025\/02\/GOK-Caramatic-TwoControl-controlador-de-calefaccion-Eis-Ex-png.webp",1000,1000,false],"woocommerce_archive_thumbnail":["https:\/\/recambiosecogas.com\/wp-content\/uploads\/2025\/02\/GOK-Caramatic-TwoControl-controlador-de-calefaccion-Eis-Ex-png.webp",1000,1000,false],"woocommerce_thumbnail":["https:\/\/recambiosecogas.com\/wp-content\/uploads\/2025\/02\/GOK-Caramatic-TwoControl-controlador-de-calefaccion-Eis-Ex-300x300.webp",300,300,true],"woocommerce_single":["https:\/\/recambiosecogas.com\/wp-content\/uploads\/2025\/02\/GOK-Caramatic-TwoControl-controlador-de-calefaccion-Eis-Ex-png.webp",1000,1000,false],"woocommerce_gallery_thumbnail":["https:\/\/recambiosecogas.com\/wp-content\/uploads\/2025\/02\/GOK-Caramatic-TwoControl-controlador-de-calefaccion-Eis-Ex-png.webp",1000,1000,false],"dgwt-wcas-product-suggestion":["https:\/\/recambiosecogas.com\/wp-content\/uploads\/2025\/02\/GOK-Caramatic-TwoControl-controlador-de-calefaccion-Eis-Ex-64x64.webp",64,64,true]},"uagb_author_info":{"display_name":"Fran - Soporte T\u00e9cnico","author_link":"https:\/\/recambiosecogas.com\/pt-pt\/author\/"},"uagb_comment_info":0,"uagb_excerpt":"GOK","_links":{"self":[{"href":"https:\/\/recambiosecogas.com\/pt-pt\/wp-json\/wp\/v2\/product\/17798","targetHints":{"allow":["GET"]}}],"collection":[{"href":"https:\/\/recambiosecogas.com\/pt-pt\/wp-json\/wp\/v2\/product"}],"about":[{"href":"https:\/\/recambiosecogas.com\/pt-pt\/wp-json\/wp\/v2\/types\/product"}],"replies":[{"embeddable":true,"href":"https:\/\/recambiosecogas.com\/pt-pt\/wp-json\/wp\/v2\/comments?post=17798"}],"wp:featuredmedia":[{"embeddable":true,"href":"https:\/\/recambiosecogas.com\/pt-pt\/wp-json\/wp\/v2\/media\/19336"}],"wp:attachment":[{"href":"https:\/\/recambiosecogas.com\/pt-pt\/wp-json\/wp\/v2\/media?parent=17798"}],"wp:term":[{"taxonomy":"product_brand","embeddable":true,"href":"https:\/\/recambiosecogas.com\/pt-pt\/wp-json\/wp\/v2\/product_brand?post=17798"},{"taxonomy":"product_cat","embeddable":true,"href":"https:\/\/recambiosecogas.com\/pt-pt\/wp-json\/wp\/v2\/product_cat?post=17798"},{"taxonomy":"product_tag","embeddable":true,"href":"https:\/\/recambiosecogas.com\/pt-pt\/wp-json\/wp\/v2\/product_tag?post=17798"}],"curies":[{"name":"wp","href":"https:\/\/api.w.org\/{rel}","templated":true}]}}