{"id":17792,"date":"2025-02-24T11:23:54","date_gmt":"2025-02-24T10:23:54","guid":{"rendered":"https:\/\/recambiosecogas.com\/producto\/gok-regulador-de-presion-baja-50-mbar-30-mbar-15-kg-h-2-x-rvs-8-mm\/"},"modified":"2026-03-26T11:58:15","modified_gmt":"2026-03-26T10:58:15","slug":"gok-regulador-de-presion-baja-50-mbar-30-mbar-15-kg-h-2-x-rvs-8-mm","status":"publish","type":"product","link":"https:\/\/recambiosecogas.com\/pt-pt\/produto\/gok-regulador-de-presion-baja-50-mbar-30-mbar-15-kg-h-2-x-rvs-8-mm\/","title":{"rendered":"GOK regulador de presi\u00f3n baja 50 mbar ->30 mbar 1,5 kg\/h 2 x RVS 8 mm"},"content":{"rendered":"<p>El <strong>reductor de presi\u00f3n baja GOK 50 mbar<\/strong> es un componente esencial para la integraci\u00f3n segura de sistemas de <strong>Autogas<\/strong> en veh\u00edculos y embarcaciones. Dise\u00f1ado para reducir la presi\u00f3n de 50 mbar a 30 mbar, este reductor garantiza un funcionamiento eficiente y seguro en aplicaciones que requieren un control preciso del flujo de gas.<\/p>\n<p>Este reductor es fundamental en sistemas de <strong>GLP<\/strong>, donde la presi\u00f3n adecuada es crucial para el rendimiento del motor y la seguridad del sistema. Su dise\u00f1o robusto permite una instalaci\u00f3n confiable, asegurando que el gas fluya de manera constante y segura hacia el sistema de alimentaci\u00f3n del veh\u00edculo o embarcaci\u00f3n.<\/p>\n<p>El reductor de presi\u00f3n baja GOK es necesario en situaciones donde se requiere reemplazar un componente desgastado o al realizar modificaciones en el sistema de Autogas. Es importante verificar la compatibilidad con las especificaciones del sistema existente antes de realizar la compra.<\/p>\n<p>Si no se reemplaza un reductor defectuoso, pueden ocurrir problemas como fluctuaciones en la presi\u00f3n del gas, lo que podr\u00eda afectar el rendimiento del motor y aumentar el riesgo de fallos en el sistema. Por lo tanto, es recomendable revisar regularmente este componente y reemplazarlo cuando presente signos de desgaste.<\/p>\n<h4>Datos t\u00e9cnicos<\/h4>\n<p>Presi\u00f3n de entrada: <strong>50 mbar<\/strong>. Presi\u00f3n de salida: <strong>30 mbar<\/strong>. Caudal: <strong>1,5 kg\/h<\/strong>. Conexiones: <strong>2 x RVS 8 mm<\/strong>.<\/p>\n<h4>S\u00edntomas de fallo<\/h4>\n<ul>\n<li>Fluctuaciones en la presi\u00f3n del gas<\/li>\n<li>Rendimiento irregular del motor<\/li>\n<li>Fugas de gas en las conexiones<\/li>\n<li>Ruidos inusuales en el sistema de gas<\/li>\n<\/ul>\n<h4>Compatibilidad<\/h4>\n<p>Compatible con sistemas de <strong>Autogas<\/strong> que operan a presiones de 50 mbar y 30 mbar. Se recomienda verificar la referencia original antes de realizar la compra.<\/p>\n","protected":false},"excerpt":{"rendered":"<p>Reductor de presi\u00f3n baja GOK de 50 mbar, ideal para sistemas GLP, asegura una integraci\u00f3n segura en veh\u00edculos y embarcaciones.<\/p>\n","protected":false},"featured_media":19354,"comment_status":"open","ping_status":"closed","template":"","meta":{"googlesitekit_rrm_CAowud7EDA:productID":"","_uag_custom_page_level_css":""},"product_brand":[991],"product_cat":[439],"product_tag":[],"class_list":{"0":"post-17792","1":"product","2":"type-product","3":"status-publish","4":"has-post-thumbnail","6":"product_brand-gok","7":"product_cat-accesorios-recambios-reguladores-de-gas-autocaravanas","9":"first","10":"onbackorder","11":"taxable","12":"shipping-taxable","13":"purchasable","14":"product-type-simple"},"ct_brands":[{"id":991,"name":"GOK","slug":"gok"}],"yoast_head":"<!-- This site is optimized with the Yoast SEO Premium plugin v27.3 (Yoast SEO v27.3) - https:\/\/yoast.com\/product\/yoast-seo-premium-wordpress\/ -->\n<title>GOK reductor de presi\u00f3n baja 50 mbar | Recambios Ecogas<\/title>\n<meta name=\"description\" content=\"Reductor de presi\u00f3n baja GOK de 50 mbar, ideal para sistemas GLP, asegura una integraci\u00f3n segura en veh\u00edculos y embarcaciones.\" \/>\n<meta name=\"robots\" content=\"index, follow, max-snippet:-1, max-image-preview:large, max-video-preview:-1\" \/>\n<link rel=\"canonical\" href=\"https:\/\/recambiosecogas.com\/pt-pt\/produto\/gok-regulador-de-presion-baja-50-mbar-30-mbar-15-kg-h-2-x-rvs-8-mm\/\" \/>\n<meta property=\"og:locale\" content=\"pt_PT\" \/>\n<meta property=\"og:type\" content=\"article\" \/>\n<meta property=\"og:title\" content=\"GOK regulador de presi\u00f3n baja 50 mbar -&gt;30 mbar 1,5 kg\/h 2 x RVS 8 mm\" \/>\n<meta property=\"og:description\" content=\"Reductor de presi\u00f3n baja GOK de 50 mbar, ideal para sistemas GLP, asegura una integraci\u00f3n segura en veh\u00edculos y embarcaciones.\" \/>\n<meta property=\"og:url\" content=\"https:\/\/recambiosecogas.com\/pt-pt\/produto\/gok-regulador-de-presion-baja-50-mbar-30-mbar-15-kg-h-2-x-rvs-8-mm\/\" \/>\n<meta property=\"og:site_name\" content=\"Recambios EcoGas\" \/>\n<meta property=\"article:publisher\" content=\"https:\/\/www.facebook.com\/profile.php?id=100062419705358\" \/>\n<meta property=\"article:modified_time\" content=\"2026-03-26T10:58:15+00:00\" \/>\n<meta property=\"og:image\" content=\"https:\/\/recambiosecogas.com\/wp-content\/uploads\/2025\/02\/GOK-regulador-de-presion-baja-50-mbar-png.webp\" \/>\n\t<meta property=\"og:image:width\" content=\"1000\" \/>\n\t<meta property=\"og:image:height\" content=\"1000\" \/>\n\t<meta property=\"og:image:type\" content=\"image\/png\" \/>\n<meta name=\"twitter:card\" content=\"summary_large_image\" \/>\n<meta name=\"twitter:label1\" content=\"pre\u00e7o\" \/>\n\t<meta name=\"twitter:data1\" content=\"74,59&nbsp;&euro; (IVA incl.: 90,25&nbsp;&euro;)\" \/>\n\t<meta name=\"twitter:label2\" content=\"Disponibilidade\" \/>\n\t<meta name=\"twitter:data2\" content=\"Por encomenda\" \/>\n<script type=\"application\/ld+json\" class=\"yoast-schema-graph\">{\"@context\":\"https:\\\/\\\/schema.org\",\"@graph\":[{\"@type\":\"WebPage\",\"@id\":\"https:\\\/\\\/recambiosecogas.com\\\/pt-pt\\\/produto\\\/gok-regulador-de-presion-baja-50-mbar-30-mbar-15-kg-h-2-x-rvs-8-mm\\\/\",\"url\":\"https:\\\/\\\/recambiosecogas.com\\\/pt-pt\\\/produto\\\/gok-regulador-de-presion-baja-50-mbar-30-mbar-15-kg-h-2-x-rvs-8-mm\\\/\",\"name\":\"GOK reductor de presi\u00f3n baja 50 mbar | Recambios Ecogas\",\"isPartOf\":{\"@id\":\"https:\\\/\\\/recambiosecogas.com\\\/pt-pt\\\/#website\"},\"primaryImageOfPage\":{\"@id\":\"https:\\\/\\\/recambiosecogas.com\\\/pt-pt\\\/produto\\\/gok-regulador-de-presion-baja-50-mbar-30-mbar-15-kg-h-2-x-rvs-8-mm\\\/#primaryimage\"},\"image\":{\"@id\":\"https:\\\/\\\/recambiosecogas.com\\\/pt-pt\\\/produto\\\/gok-regulador-de-presion-baja-50-mbar-30-mbar-15-kg-h-2-x-rvs-8-mm\\\/#primaryimage\"},\"thumbnailUrl\":\"https:\\\/\\\/recambiosecogas.com\\\/wp-content\\\/uploads\\\/2025\\\/02\\\/GOK-regulador-de-presion-baja-50-mbar-png.webp\",\"datePublished\":\"2025-02-24T10:23:54+00:00\",\"dateModified\":\"2026-03-26T10:58:15+00:00\",\"description\":\"Reductor de presi\u00f3n baja GOK de 50 mbar, ideal para sistemas GLP, asegura una integraci\u00f3n segura en veh\u00edculos y embarcaciones.\",\"breadcrumb\":{\"@id\":\"https:\\\/\\\/recambiosecogas.com\\\/pt-pt\\\/produto\\\/gok-regulador-de-presion-baja-50-mbar-30-mbar-15-kg-h-2-x-rvs-8-mm\\\/#breadcrumb\"},\"inLanguage\":\"pt-PT\",\"potentialAction\":[{\"@type\":\"ReadAction\",\"target\":[\"https:\\\/\\\/recambiosecogas.com\\\/pt-pt\\\/produto\\\/gok-regulador-de-presion-baja-50-mbar-30-mbar-15-kg-h-2-x-rvs-8-mm\\\/\"]}]},{\"@type\":\"ImageObject\",\"inLanguage\":\"pt-PT\",\"@id\":\"https:\\\/\\\/recambiosecogas.com\\\/pt-pt\\\/produto\\\/gok-regulador-de-presion-baja-50-mbar-30-mbar-15-kg-h-2-x-rvs-8-mm\\\/#primaryimage\",\"url\":\"https:\\\/\\\/recambiosecogas.com\\\/wp-content\\\/uploads\\\/2025\\\/02\\\/GOK-regulador-de-presion-baja-50-mbar-png.webp\",\"contentUrl\":\"https:\\\/\\\/recambiosecogas.com\\\/wp-content\\\/uploads\\\/2025\\\/02\\\/GOK-regulador-de-presion-baja-50-mbar-png.webp\",\"width\":1000,\"height\":1000},{\"@type\":\"BreadcrumbList\",\"@id\":\"https:\\\/\\\/recambiosecogas.com\\\/pt-pt\\\/produto\\\/gok-regulador-de-presion-baja-50-mbar-30-mbar-15-kg-h-2-x-rvs-8-mm\\\/#breadcrumb\",\"itemListElement\":[{\"@type\":\"ListItem\",\"position\":1,\"name\":\"P\u00e1gina inicial\",\"item\":\"https:\\\/\\\/recambiosecogas.com\\\/pt-pt\\\/\"},{\"@type\":\"ListItem\",\"position\":2,\"name\":\"Loja\",\"item\":\"https:\\\/\\\/recambiosecogas.com\\\/pt-pt\\\/tienda\\\/\"},{\"@type\":\"ListItem\",\"position\":3,\"name\":\"GOK regulador de presi\u00f3n baja 50 mbar ->30 mbar 1,5 kg\\\/h 2 x RVS 8 mm\"}]},{\"@type\":\"WebSite\",\"@id\":\"https:\\\/\\\/recambiosecogas.com\\\/pt-pt\\\/#website\",\"url\":\"https:\\\/\\\/recambiosecogas.com\\\/pt-pt\\\/\",\"name\":\"Recambios EcoGas\",\"description\":\"Pe\u00e7as multimarca para sistemas de GPL\\\/GNC\\\/GNL\\\/Hidrog\u00e9nio\",\"publisher\":{\"@id\":\"https:\\\/\\\/recambiosecogas.com\\\/pt-pt\\\/#organization\"},\"alternateName\":\"Recambios Autogas GLP\",\"potentialAction\":[{\"@type\":\"SearchAction\",\"target\":{\"@type\":\"EntryPoint\",\"urlTemplate\":\"https:\\\/\\\/recambiosecogas.com\\\/pt-pt\\\/?s={search_term_string}\"},\"query-input\":{\"@type\":\"PropertyValueSpecification\",\"valueRequired\":true,\"valueName\":\"search_term_string\"}}],\"inLanguage\":\"pt-PT\"},{\"@type\":[\"Organization\",\"Place\"],\"@id\":\"https:\\\/\\\/recambiosecogas.com\\\/pt-pt\\\/#organization\",\"name\":\"Recambios EcoGas\",\"alternateName\":\"Loja de GPL Autog\u00e1s Espanha\",\"url\":\"https:\\\/\\\/recambiosecogas.com\\\/pt-pt\\\/\",\"logo\":{\"@id\":\"https:\\\/\\\/recambiosecogas.com\\\/pt-pt\\\/produto\\\/gok-regulador-de-presion-baja-50-mbar-30-mbar-15-kg-h-2-x-rvs-8-mm\\\/#local-main-organization-logo\"},\"image\":{\"@id\":\"https:\\\/\\\/recambiosecogas.com\\\/pt-pt\\\/produto\\\/gok-regulador-de-presion-baja-50-mbar-30-mbar-15-kg-h-2-x-rvs-8-mm\\\/#local-main-organization-logo\"},\"sameAs\":[\"https:\\\/\\\/www.facebook.com\\\/profile.php?id=100062419705358\",\"https:\\\/\\\/www.instagram.com\\\/segimon_automocio\"],\"description\":\"Recambios EcoGas \u2013 Venta y distribuci\u00f3n de sistemas GLP y GNC en Espa\u00f1a y Portugal. Env\u00edos 24 h, soporte t\u00e9cnico a talleres y distribuidores.\",\"hasMerchantReturnPolicy\":{\"@type\":\"MerchantReturnPolicy\",\"merchantReturnLink\":\"https:\\\/\\\/recambiosecogas.com\\\/politicas-privacidad\\\/\"},\"address\":{\"@id\":\"https:\\\/\\\/recambiosecogas.com\\\/pt-pt\\\/produto\\\/gok-regulador-de-presion-baja-50-mbar-30-mbar-15-kg-h-2-x-rvs-8-mm\\\/#local-main-place-address\"},\"telephone\":[\"616250633\"],\"contactPoint\":{\"@type\":\"ContactPoint\",\"email\":\"export@recambiosecogas.com\"},\"openingHoursSpecification\":[{\"@type\":\"OpeningHoursSpecification\",\"dayOfWeek\":[\"Monday\",\"Tuesday\",\"Wednesday\",\"Thursday\",\"Friday\",\"Saturday\",\"Sunday\"],\"opens\":\"09:00\",\"closes\":\"17:00\"}],\"email\":\"info@recambiosecogas.com\",\"faxNumber\":\"SEGIMON AUTOMOCION SL\",\"vatID\":\"ESB19819861\",\"globalLocationNumber\":\"938 616 339\"},{\"@type\":\"PostalAddress\",\"@id\":\"https:\\\/\\\/recambiosecogas.com\\\/pt-pt\\\/produto\\\/gok-regulador-de-presion-baja-50-mbar-30-mbar-15-kg-h-2-x-rvs-8-mm\\\/#local-main-place-address\",\"streetAddress\":\"cami antic de vic, 29 (Nave 3), Pol\u00edgono Industrial Congost\",\"addressLocality\":\"CORRO D`AVALL\",\"postalCode\":\"08520\",\"addressRegion\":\"Barcelona\",\"addressCountry\":\"ES\"},{\"@type\":\"ImageObject\",\"inLanguage\":\"pt-PT\",\"@id\":\"https:\\\/\\\/recambiosecogas.com\\\/pt-pt\\\/produto\\\/gok-regulador-de-presion-baja-50-mbar-30-mbar-15-kg-h-2-x-rvs-8-mm\\\/#local-main-organization-logo\",\"url\":\"https:\\\/\\\/recambiosecogas.com\\\/wp-content\\\/uploads\\\/2024\\\/11\\\/cropped-RECAMBIOS-GLP-png.webp\",\"contentUrl\":\"https:\\\/\\\/recambiosecogas.com\\\/wp-content\\\/uploads\\\/2024\\\/11\\\/cropped-RECAMBIOS-GLP-png.webp\",\"width\":512,\"height\":512,\"caption\":\"Recambios EcoGas\"}]}<\/script>\n<meta property=\"product:brand\" content=\"GOK\" \/>\n<meta property=\"product:price:amount\" content=\"74.59\" \/>\n<meta property=\"product:price:currency\" content=\"EUR\" \/>\n<meta property=\"og:availability\" content=\"backorder\" \/>\n<meta property=\"product:availability\" content=\"available for order\" \/>\n<meta property=\"product:retailer_item_id\" content=\"108400\" \/>\n<meta property=\"product:condition\" content=\"new\" \/>\n<meta name=\"geo.placename\" content=\"CORRO D`AVALL\" \/>\n<meta name=\"geo.region\" content=\"Espanha\" \/>\n<!-- \/ Yoast SEO Premium plugin. -->","yoast_head_json":{"title":"GOK reductor de presi\u00f3n baja 50 mbar | Recambios Ecogas","description":"Reductor de presi\u00f3n baja GOK de 50 mbar, ideal para sistemas GLP, asegura una integraci\u00f3n segura en veh\u00edculos y embarcaciones.","robots":{"index":"index","follow":"follow","max-snippet":"max-snippet:-1","max-image-preview":"max-image-preview:large","max-video-preview":"max-video-preview:-1"},"canonical":"https:\/\/recambiosecogas.com\/pt-pt\/produto\/gok-regulador-de-presion-baja-50-mbar-30-mbar-15-kg-h-2-x-rvs-8-mm\/","og_locale":"pt_PT","og_type":"article","og_title":"GOK regulador de presi\u00f3n baja 50 mbar ->30 mbar 1,5 kg\/h 2 x RVS 8 mm","og_description":"Reductor de presi\u00f3n baja GOK de 50 mbar, ideal para sistemas GLP, asegura una integraci\u00f3n segura en veh\u00edculos y embarcaciones.","og_url":"https:\/\/recambiosecogas.com\/pt-pt\/produto\/gok-regulador-de-presion-baja-50-mbar-30-mbar-15-kg-h-2-x-rvs-8-mm\/","og_site_name":"Recambios EcoGas","article_publisher":"https:\/\/www.facebook.com\/profile.php?id=100062419705358","article_modified_time":"2026-03-26T10:58:15+00:00","og_image":[{"width":1000,"height":1000,"url":"https:\/\/recambiosecogas.com\/wp-content\/uploads\/2025\/02\/GOK-regulador-de-presion-baja-50-mbar-png.webp","type":"image\/png"}],"twitter_card":"summary_large_image","twitter_misc":{"pre\u00e7o":"74,59&nbsp;&euro; (IVA incl.: 90,25&nbsp;&euro;)","Disponibilidade":"Por encomenda"},"schema":{"@context":"https:\/\/schema.org","@graph":[{"@type":"WebPage","@id":"https:\/\/recambiosecogas.com\/pt-pt\/produto\/gok-regulador-de-presion-baja-50-mbar-30-mbar-15-kg-h-2-x-rvs-8-mm\/","url":"https:\/\/recambiosecogas.com\/pt-pt\/produto\/gok-regulador-de-presion-baja-50-mbar-30-mbar-15-kg-h-2-x-rvs-8-mm\/","name":"GOK reductor de presi\u00f3n baja 50 mbar | Recambios Ecogas","isPartOf":{"@id":"https:\/\/recambiosecogas.com\/pt-pt\/#website"},"primaryImageOfPage":{"@id":"https:\/\/recambiosecogas.com\/pt-pt\/produto\/gok-regulador-de-presion-baja-50-mbar-30-mbar-15-kg-h-2-x-rvs-8-mm\/#primaryimage"},"image":{"@id":"https:\/\/recambiosecogas.com\/pt-pt\/produto\/gok-regulador-de-presion-baja-50-mbar-30-mbar-15-kg-h-2-x-rvs-8-mm\/#primaryimage"},"thumbnailUrl":"https:\/\/recambiosecogas.com\/wp-content\/uploads\/2025\/02\/GOK-regulador-de-presion-baja-50-mbar-png.webp","datePublished":"2025-02-24T10:23:54+00:00","dateModified":"2026-03-26T10:58:15+00:00","description":"Reductor de presi\u00f3n baja GOK de 50 mbar, ideal para sistemas GLP, asegura una integraci\u00f3n segura en veh\u00edculos y embarcaciones.","breadcrumb":{"@id":"https:\/\/recambiosecogas.com\/pt-pt\/produto\/gok-regulador-de-presion-baja-50-mbar-30-mbar-15-kg-h-2-x-rvs-8-mm\/#breadcrumb"},"inLanguage":"pt-PT","potentialAction":[{"@type":"ReadAction","target":["https:\/\/recambiosecogas.com\/pt-pt\/produto\/gok-regulador-de-presion-baja-50-mbar-30-mbar-15-kg-h-2-x-rvs-8-mm\/"]}]},{"@type":"ImageObject","inLanguage":"pt-PT","@id":"https:\/\/recambiosecogas.com\/pt-pt\/produto\/gok-regulador-de-presion-baja-50-mbar-30-mbar-15-kg-h-2-x-rvs-8-mm\/#primaryimage","url":"https:\/\/recambiosecogas.com\/wp-content\/uploads\/2025\/02\/GOK-regulador-de-presion-baja-50-mbar-png.webp","contentUrl":"https:\/\/recambiosecogas.com\/wp-content\/uploads\/2025\/02\/GOK-regulador-de-presion-baja-50-mbar-png.webp","width":1000,"height":1000},{"@type":"BreadcrumbList","@id":"https:\/\/recambiosecogas.com\/pt-pt\/produto\/gok-regulador-de-presion-baja-50-mbar-30-mbar-15-kg-h-2-x-rvs-8-mm\/#breadcrumb","itemListElement":[{"@type":"ListItem","position":1,"name":"P\u00e1gina inicial","item":"https:\/\/recambiosecogas.com\/pt-pt\/"},{"@type":"ListItem","position":2,"name":"Loja","item":"https:\/\/recambiosecogas.com\/pt-pt\/tienda\/"},{"@type":"ListItem","position":3,"name":"GOK regulador de presi\u00f3n baja 50 mbar ->30 mbar 1,5 kg\/h 2 x RVS 8 mm"}]},{"@type":"WebSite","@id":"https:\/\/recambiosecogas.com\/pt-pt\/#website","url":"https:\/\/recambiosecogas.com\/pt-pt\/","name":"Recambios EcoGas","description":"Pe\u00e7as multimarca para sistemas de GPL\/GNC\/GNL\/Hidrog\u00e9nio","publisher":{"@id":"https:\/\/recambiosecogas.com\/pt-pt\/#organization"},"alternateName":"Recambios Autogas GLP","potentialAction":[{"@type":"SearchAction","target":{"@type":"EntryPoint","urlTemplate":"https:\/\/recambiosecogas.com\/pt-pt\/?s={search_term_string}"},"query-input":{"@type":"PropertyValueSpecification","valueRequired":true,"valueName":"search_term_string"}}],"inLanguage":"pt-PT"},{"@type":["Organization","Place"],"@id":"https:\/\/recambiosecogas.com\/pt-pt\/#organization","name":"Recambios EcoGas","alternateName":"Loja de GPL Autog\u00e1s Espanha","url":"https:\/\/recambiosecogas.com\/pt-pt\/","logo":{"@id":"https:\/\/recambiosecogas.com\/pt-pt\/produto\/gok-regulador-de-presion-baja-50-mbar-30-mbar-15-kg-h-2-x-rvs-8-mm\/#local-main-organization-logo"},"image":{"@id":"https:\/\/recambiosecogas.com\/pt-pt\/produto\/gok-regulador-de-presion-baja-50-mbar-30-mbar-15-kg-h-2-x-rvs-8-mm\/#local-main-organization-logo"},"sameAs":["https:\/\/www.facebook.com\/profile.php?id=100062419705358","https:\/\/www.instagram.com\/segimon_automocio"],"description":"Recambios EcoGas \u2013 Venta y distribuci\u00f3n de sistemas GLP y GNC en Espa\u00f1a y Portugal. Env\u00edos 24 h, soporte t\u00e9cnico a talleres y distribuidores.","hasMerchantReturnPolicy":{"@type":"MerchantReturnPolicy","merchantReturnLink":"https:\/\/recambiosecogas.com\/politicas-privacidad\/"},"address":{"@id":"https:\/\/recambiosecogas.com\/pt-pt\/produto\/gok-regulador-de-presion-baja-50-mbar-30-mbar-15-kg-h-2-x-rvs-8-mm\/#local-main-place-address"},"telephone":["616250633"],"contactPoint":{"@type":"ContactPoint","email":"export@recambiosecogas.com"},"openingHoursSpecification":[{"@type":"OpeningHoursSpecification","dayOfWeek":["Monday","Tuesday","Wednesday","Thursday","Friday","Saturday","Sunday"],"opens":"09:00","closes":"17:00"}],"email":"info@recambiosecogas.com","faxNumber":"SEGIMON AUTOMOCION SL","vatID":"ESB19819861","globalLocationNumber":"938 616 339"},{"@type":"PostalAddress","@id":"https:\/\/recambiosecogas.com\/pt-pt\/produto\/gok-regulador-de-presion-baja-50-mbar-30-mbar-15-kg-h-2-x-rvs-8-mm\/#local-main-place-address","streetAddress":"cami antic de vic, 29 (Nave 3), Pol\u00edgono Industrial Congost","addressLocality":"CORRO D`AVALL","postalCode":"08520","addressRegion":"Barcelona","addressCountry":"ES"},{"@type":"ImageObject","inLanguage":"pt-PT","@id":"https:\/\/recambiosecogas.com\/pt-pt\/produto\/gok-regulador-de-presion-baja-50-mbar-30-mbar-15-kg-h-2-x-rvs-8-mm\/#local-main-organization-logo","url":"https:\/\/recambiosecogas.com\/wp-content\/uploads\/2024\/11\/cropped-RECAMBIOS-GLP-png.webp","contentUrl":"https:\/\/recambiosecogas.com\/wp-content\/uploads\/2024\/11\/cropped-RECAMBIOS-GLP-png.webp","width":512,"height":512,"caption":"Recambios EcoGas"}]},"product_brand":"GOK","product_price_amount":"74.59","product_price_currency":"EUR","og_availability":"backorder","product_availability":"available for order","product_retailer_item_id":"108400","product_condition":"new","geo.placename":"CORRO D`AVALL","geo.region":"Espanha"},"uagb_featured_image_src":{"full":["https:\/\/recambiosecogas.com\/wp-content\/uploads\/2025\/02\/GOK-regulador-de-presion-baja-50-mbar-png.webp",1000,1000,false],"thumbnail":["https:\/\/recambiosecogas.com\/wp-content\/uploads\/2025\/02\/GOK-regulador-de-presion-baja-50-mbar-150x150.webp",150,150,true],"medium":["https:\/\/recambiosecogas.com\/wp-content\/uploads\/2025\/02\/GOK-regulador-de-presion-baja-50-mbar-300x300.webp",300,300,true],"medium_large":["https:\/\/recambiosecogas.com\/wp-content\/uploads\/2025\/02\/GOK-regulador-de-presion-baja-50-mbar-768x768.webp",768,768,true],"large":["https:\/\/recambiosecogas.com\/wp-content\/uploads\/2025\/02\/GOK-regulador-de-presion-baja-50-mbar-png.webp",1000,1000,false],"1536x1536":["https:\/\/recambiosecogas.com\/wp-content\/uploads\/2025\/02\/GOK-regulador-de-presion-baja-50-mbar-png.webp",1000,1000,false],"2048x2048":["https:\/\/recambiosecogas.com\/wp-content\/uploads\/2025\/02\/GOK-regulador-de-presion-baja-50-mbar-png.webp",1000,1000,false],"woocommerce_archive_thumbnail":["https:\/\/recambiosecogas.com\/wp-content\/uploads\/2025\/02\/GOK-regulador-de-presion-baja-50-mbar-png.webp",1000,1000,false],"woocommerce_thumbnail":["https:\/\/recambiosecogas.com\/wp-content\/uploads\/2025\/02\/GOK-regulador-de-presion-baja-50-mbar-300x300.webp",300,300,true],"woocommerce_single":["https:\/\/recambiosecogas.com\/wp-content\/uploads\/2025\/02\/GOK-regulador-de-presion-baja-50-mbar-png.webp",1000,1000,false],"woocommerce_gallery_thumbnail":["https:\/\/recambiosecogas.com\/wp-content\/uploads\/2025\/02\/GOK-regulador-de-presion-baja-50-mbar-png.webp",1000,1000,false],"dgwt-wcas-product-suggestion":["https:\/\/recambiosecogas.com\/wp-content\/uploads\/2025\/02\/GOK-regulador-de-presion-baja-50-mbar-64x64.webp",64,64,true]},"uagb_author_info":{"display_name":"Fran - Soporte T\u00e9cnico","author_link":"https:\/\/recambiosecogas.com\/pt-pt\/author\/"},"uagb_comment_info":0,"uagb_excerpt":"Reductor de presi\u00f3n baja GOK de 50 mbar, ideal para sistemas GLP, asegura una integraci\u00f3n segura en veh\u00edculos y embarcaciones.","_links":{"self":[{"href":"https:\/\/recambiosecogas.com\/pt-pt\/wp-json\/wp\/v2\/product\/17792","targetHints":{"allow":["GET"]}}],"collection":[{"href":"https:\/\/recambiosecogas.com\/pt-pt\/wp-json\/wp\/v2\/product"}],"about":[{"href":"https:\/\/recambiosecogas.com\/pt-pt\/wp-json\/wp\/v2\/types\/product"}],"replies":[{"embeddable":true,"href":"https:\/\/recambiosecogas.com\/pt-pt\/wp-json\/wp\/v2\/comments?post=17792"}],"wp:featuredmedia":[{"embeddable":true,"href":"https:\/\/recambiosecogas.com\/pt-pt\/wp-json\/wp\/v2\/media\/19354"}],"wp:attachment":[{"href":"https:\/\/recambiosecogas.com\/pt-pt\/wp-json\/wp\/v2\/media?parent=17792"}],"wp:term":[{"taxonomy":"product_brand","embeddable":true,"href":"https:\/\/recambiosecogas.com\/pt-pt\/wp-json\/wp\/v2\/product_brand?post=17792"},{"taxonomy":"product_cat","embeddable":true,"href":"https:\/\/recambiosecogas.com\/pt-pt\/wp-json\/wp\/v2\/product_cat?post=17792"},{"taxonomy":"product_tag","embeddable":true,"href":"https:\/\/recambiosecogas.com\/pt-pt\/wp-json\/wp\/v2\/product_tag?post=17792"}],"curies":[{"name":"wp","href":"https:\/\/api.w.org\/{rel}","templated":true}]}}