{"id":16822,"date":"2025-02-11T14:14:06","date_gmt":"2025-02-11T14:14:06","guid":{"rendered":"https:\/\/recambiosecogas.com\/?post_type=product&#038;p=16822"},"modified":"2025-07-01T18:14:06","modified_gmt":"2025-07-01T17:14:06","slug":"q89-lubricante-de-valvulas","status":"publish","type":"product","link":"https:\/\/recambiosecogas.com\/pt-pt\/producto\/q89-lubricante-de-valvulas\/","title":{"rendered":"Q89 Lubricante de v\u00e1lvulas"},"content":{"rendered":"<div class=\"wa-subcontainer-wrapper col-xs-12 col-sm-4 col-md-4 col-lg-3 \">\n<div id=\"wa-sub-container-jdlii3g29gbcco\">\n<div id=\"wa-row-jdlihz5j7wgp74\" class=\"row row-align \">\n<div class=\" col-xs-12 col-sm-12 col-md-12 col-lg-12 \" data-ratiowidth=\"1132\" data-ratioheight=\"2716\">\n<div id=\"wa-compimage-padwrapper-jdlihz5j8sji3k\" class=\"wa-compimage-padwrapper\">\n<div class=\"wa-img-rollover\"><\/div>\n<\/div>\n<\/div>\n<\/div>\n<\/div>\n<\/div>\n<div class=\"wa-subcontainer-wrapper col-xs-12 col-sm-8 col-md-8 col-lg-9 \">\n<div id=\"wa-sub-container-jdlii3g29gbk2g\">\n<div id=\"wa-row-jdlihz5j7wgn9s\" class=\"row row-align \">\n<div class=\" col-xs-12 col-sm-12 col-md-11 col-lg-11 wa-valign-middle \">\n<div id=\"wa-comptext-jdlihz5j815a20\" class=\"wa-comptext clearfix\">\n<p style=\"text-align: center;\" data-start=\"158\" data-end=\"567\">Q89 Lubricante de v\u00e1lvulas<\/p>\n<p data-start=\"158\" data-end=\"567\"><strong data-start=\"161\" data-end=\"191\">Q89 Lubricante de V\u00e1lvulas<\/strong> es un <strong data-start=\"198\" data-end=\"228\">tratamiento 100% sint\u00e9tico<\/strong> dise\u00f1ado para <strong data-start=\"243\" data-end=\"298\">proteger y lubricar v\u00e1lvulas y asientos de v\u00e1lvulas<\/strong> en motores alimentados con <strong data-start=\"326\" data-end=\"375\">GLP, butano y otros combustibles alternativos<\/strong>. Su avanzada f\u00f3rmula ayuda a <strong data-start=\"405\" data-end=\"428\">reducir el desgaste<\/strong>, minimizar la exposici\u00f3n a <strong data-start=\"456\" data-end=\"492\">altas temperaturas de combusti\u00f3n<\/strong> y prolongar la vida \u00fatil del <strong data-start=\"522\" data-end=\"564\">sistema de alimentaci\u00f3n de combustible<\/strong>.<\/p>\n<p data-start=\"569\" data-end=\"803\">Este <strong data-start=\"574\" data-end=\"607\">lubricante de alta eficiencia<\/strong> es compatible con <strong data-start=\"626\" data-end=\"673\">motores de 2 y 4 tiempos, incluyendo di\u00e9sel<\/strong>, proporcionando un mantenimiento \u00f3ptimo al <strong data-start=\"717\" data-end=\"741\">sistema de inyecci\u00f3n<\/strong>, inyectores, bombas y otros componentes cr\u00edticos del motor.<\/p>\n<p data-start=\"805\" data-end=\"999\">El <strong data-start=\"808\" data-end=\"854\">uso regular del Q89 Lubricante de V\u00e1lvulas<\/strong> permite mantener un rendimiento \u00f3ptimo del motor, previniendo fallos prematuros y mejorando la combusti\u00f3n en veh\u00edculos con <strong data-start=\"978\" data-end=\"996\">GLP o gasolina<\/strong>.<\/p>\n<h4 data-start=\"1001\" data-end=\"1029\"><strong data-start=\"1006\" data-end=\"1027\">Ventajas T\u00e9cnicas<\/strong><\/h4>\n<ul data-start=\"1030\" data-end=\"1424\">\n<li data-start=\"1030\" data-end=\"1132\"><strong data-start=\"1032\" data-end=\"1095\">Lubricaci\u00f3n y protecci\u00f3n de v\u00e1lvulas y asientos de v\u00e1lvulas<\/strong> en motores con <strong data-start=\"1111\" data-end=\"1129\">GLP y gasolina<\/strong>.<\/li>\n<li data-start=\"1133\" data-end=\"1221\"><strong data-start=\"1135\" data-end=\"1161\">Reducci\u00f3n del desgaste<\/strong> y <strong data-start=\"1164\" data-end=\"1218\">protecci\u00f3n contra altas temperaturas de combusti\u00f3n<\/strong>.<\/li>\n<li data-start=\"1222\" data-end=\"1295\"><strong data-start=\"1224\" data-end=\"1292\">Extiende la vida \u00fatil del sistema de alimentaci\u00f3n de combustible<\/strong>.<\/li>\n<li data-start=\"1296\" data-end=\"1363\"><strong data-start=\"1298\" data-end=\"1360\">Compatible con motores de 2 y 4 tiempos, incluyendo di\u00e9sel<\/strong>.<\/li>\n<li data-start=\"1364\" data-end=\"1424\"><strong data-start=\"1366\" data-end=\"1421\">Limpia y lubrica inyectores y bombas de combustible<\/strong>.<\/li>\n<\/ul>\n<h4 data-start=\"1426\" data-end=\"1448\"><strong data-start=\"1431\" data-end=\"1446\">Modo de uso<\/strong><\/h4>\n<p data-start=\"1449\" data-end=\"1482\"><strong data-start=\"1449\" data-end=\"1480\">Motores con GLP y gasolina:<\/strong><\/p>\n<ol data-start=\"1483\" data-end=\"1710\">\n<li data-start=\"1483\" data-end=\"1532\">Quitar el tap\u00f3n del dep\u00f3sito de combustible.<\/li>\n<li data-start=\"1533\" data-end=\"1617\">A\u00f1adir el contenido del envase en el dep\u00f3sito (<strong data-start=\"1583\" data-end=\"1613\">m\u00e1ximo 50 L de combustible<\/strong>).<\/li>\n<li data-start=\"1618\" data-end=\"1710\">Arrancar el motor y conducir con normalidad para permitir la distribuci\u00f3n del producto.<\/li>\n<\/ol>\n<p><strong>Referencia:\u00a0<\/strong>843 654 897 989<\/p>\n<p><strong>Capacidad:\u00a0<\/strong>236\u00a0ml.<\/p>\n<h4 data-start=\"1712\" data-end=\"1735\"><strong data-start=\"1717\" data-end=\"1733\">Aplicaciones<\/strong><\/h4>\n<ul data-start=\"1736\" data-end=\"1969\">\n<li data-start=\"1736\" data-end=\"1783\"><strong data-start=\"1738\" data-end=\"1780\">Veh\u00edculos convertidos a GLP y gasolina<\/strong>.<\/li>\n<li data-start=\"1784\" data-end=\"1839\"><strong data-start=\"1786\" data-end=\"1836\">Sistemas de inyecci\u00f3n de motores 2 y 4 tiempos<\/strong>.<\/li>\n<li data-start=\"1840\" data-end=\"1902\"><strong data-start=\"1842\" data-end=\"1899\">Motores di\u00e9sel con necesidad de lubricaci\u00f3n adicional<\/strong>.<\/li>\n<li data-start=\"1903\" data-end=\"1969\"><strong data-start=\"1905\" data-end=\"1966\">Mantenimiento preventivo de inyectores, bombas y v\u00e1lvulas<\/strong>.<\/li>\n<\/ul>\n<p><a href=\"https:\/\/recambiosecogas.com\/categoria-producto\/aditivos\/liquido-protector-de-valvulas\/\">Consigue mas aditivos protectores de v\u00e1lvulas aqu\u00ed.<\/a><\/p>\n<p><a href=\"http:\/\/www.segimonautomocio.com\">\u00bfQuieres hacer la conversi\u00f3n a GLP? Visita nuestro taller instalador autorizado.<\/a><\/p>\n<\/div>\n<\/div>\n<\/div>\n<\/div>\n<\/div>\n","protected":false},"excerpt":{"rendered":"<p>Q89 Lubricante de v\u00e1lvulas Q89 Lubricante de V\u00e1lvulas es un tratamiento 100% sint\u00e9tico dise\u00f1ado para proteger y lubricar v\u00e1lvulas y asientos de v\u00e1lvulas en motores alimentados con GLP, butano y otros combustibles alternativos. Su avanzada f\u00f3rmula ayuda a reducir el desgaste, minimizar la exposici\u00f3n a altas temperaturas de combusti\u00f3n y prolongar la vida \u00fatil del [&hellip;]<\/p>\n","protected":false},"featured_media":16825,"comment_status":"open","ping_status":"closed","template":"","meta":{"_uag_custom_page_level_css":""},"product_brand":[],"product_cat":[2191,2215],"product_tag":[],"class_list":{"0":"post-16822","1":"product","2":"type-product","3":"status-publish","4":"has-post-thumbnail","6":"product_cat-liquido-protector-de-valvulas","7":"product_cat-metallube-tratauto","9":"first","10":"instock","11":"taxable","12":"shipping-taxable","13":"purchasable","14":"product-type-simple"},"ct_brands":[],"yoast_head":"<!-- This site is optimized with the Yoast SEO Premium plugin v27.5 (Yoast SEO v27.5) - https:\/\/yoast.com\/product\/yoast-seo-premium-wordpress\/ -->\n<title>Q89 Lubricante de v\u00e1lvulas | Recambios EcoGas | Sistemas GLP y GNC<\/title>\n<meta name=\"description\" content=\"Q89 Lubricante de V\u00e1lvulas. Tratamiento 100% sint\u00e9tico para GLP y gasolina, protege y lubrica v\u00e1lvulas, reduce el desgaste y mejora la combusti\u00f3n.\" \/>\n<meta name=\"robots\" content=\"index, follow, max-snippet:-1, max-image-preview:large, max-video-preview:-1\" \/>\n<link rel=\"canonical\" href=\"https:\/\/recambiosecogas.com\/pt-pt\/producto\/q89-lubricante-de-valvulas\/\" \/>\n<meta property=\"og:locale\" content=\"pt_PT\" \/>\n<meta property=\"og:type\" content=\"article\" \/>\n<meta property=\"og:title\" content=\"Q89 Lubricante de v\u00e1lvulas\" \/>\n<meta property=\"og:description\" content=\"Q89 Lubricante de V\u00e1lvulas. Tratamiento 100% sint\u00e9tico para GLP y gasolina, protege y lubrica v\u00e1lvulas, reduce el desgaste y mejora la combusti\u00f3n.\" \/>\n<meta property=\"og:url\" content=\"https:\/\/recambiosecogas.com\/pt-pt\/producto\/q89-lubricante-de-valvulas\/\" \/>\n<meta property=\"og:site_name\" content=\"Recambios EcoGas\" \/>\n<meta property=\"article:publisher\" content=\"https:\/\/www.facebook.com\/profile.php?id=100062419705358\" \/>\n<meta property=\"article:modified_time\" content=\"2025-07-01T17:14:06+00:00\" \/>\n<meta property=\"og:image\" content=\"https:\/\/recambiosecogas.com\/wp-content\/uploads\/2025\/02\/Q89-Lubricante-de-valvulas-1-png.webp\" \/>\n\t<meta property=\"og:image:width\" content=\"1000\" \/>\n\t<meta property=\"og:image:height\" content=\"1000\" \/>\n\t<meta property=\"og:image:type\" content=\"image\/png\" \/>\n<meta name=\"twitter:card\" content=\"summary_large_image\" \/>\n<meta name=\"twitter:label1\" content=\"pre\u00e7o\" \/>\n\t<meta name=\"twitter:data1\" content=\"43,62&nbsp;&euro; (Sin IVA: 36,05&nbsp;&euro;)\" \/>\n\t<meta name=\"twitter:label2\" content=\"Disponibilidade\" \/>\n\t<meta name=\"twitter:data2\" content=\"Em stock\" \/>\n<script type=\"application\/ld+json\" class=\"yoast-schema-graph\">{\"@context\":\"https:\\\/\\\/schema.org\",\"@graph\":[{\"@type\":\"WebPage\",\"@id\":\"https:\\\/\\\/recambiosecogas.com\\\/pt-pt\\\/producto\\\/q89-lubricante-de-valvulas\\\/\",\"url\":\"https:\\\/\\\/recambiosecogas.com\\\/pt-pt\\\/producto\\\/q89-lubricante-de-valvulas\\\/\",\"name\":\"Q89 Lubricante de v\u00e1lvulas | Recambios EcoGas | Sistemas GLP y GNC\",\"isPartOf\":{\"@id\":\"https:\\\/\\\/recambiosecogas.com\\\/pt-pt\\\/#website\"},\"primaryImageOfPage\":{\"@id\":\"https:\\\/\\\/recambiosecogas.com\\\/pt-pt\\\/producto\\\/q89-lubricante-de-valvulas\\\/#primaryimage\"},\"image\":{\"@id\":\"https:\\\/\\\/recambiosecogas.com\\\/pt-pt\\\/producto\\\/q89-lubricante-de-valvulas\\\/#primaryimage\"},\"thumbnailUrl\":\"https:\\\/\\\/recambiosecogas.com\\\/wp-content\\\/uploads\\\/2025\\\/02\\\/Q89-Lubricante-de-valvulas-1-png.webp\",\"datePublished\":\"2025-02-11T14:14:06+00:00\",\"dateModified\":\"2025-07-01T17:14:06+00:00\",\"description\":\"Q89 Lubricante de V\u00e1lvulas. Tratamiento 100% sint\u00e9tico para GLP y gasolina, protege y lubrica v\u00e1lvulas, reduce el desgaste y mejora la combusti\u00f3n.\",\"breadcrumb\":{\"@id\":\"https:\\\/\\\/recambiosecogas.com\\\/pt-pt\\\/producto\\\/q89-lubricante-de-valvulas\\\/#breadcrumb\"},\"inLanguage\":\"pt-PT\",\"potentialAction\":[{\"@type\":\"ReadAction\",\"target\":[\"https:\\\/\\\/recambiosecogas.com\\\/pt-pt\\\/producto\\\/q89-lubricante-de-valvulas\\\/\"]}]},{\"@type\":\"ImageObject\",\"inLanguage\":\"pt-PT\",\"@id\":\"https:\\\/\\\/recambiosecogas.com\\\/pt-pt\\\/producto\\\/q89-lubricante-de-valvulas\\\/#primaryimage\",\"url\":\"https:\\\/\\\/recambiosecogas.com\\\/wp-content\\\/uploads\\\/2025\\\/02\\\/Q89-Lubricante-de-valvulas-1-png.webp\",\"contentUrl\":\"https:\\\/\\\/recambiosecogas.com\\\/wp-content\\\/uploads\\\/2025\\\/02\\\/Q89-Lubricante-de-valvulas-1-png.webp\",\"width\":1000,\"height\":1000},{\"@type\":\"BreadcrumbList\",\"@id\":\"https:\\\/\\\/recambiosecogas.com\\\/pt-pt\\\/producto\\\/q89-lubricante-de-valvulas\\\/#breadcrumb\",\"itemListElement\":[{\"@type\":\"ListItem\",\"position\":1,\"name\":\"P\u00e1gina inicial\",\"item\":\"https:\\\/\\\/recambiosecogas.com\\\/pt-pt\\\/\"},{\"@type\":\"ListItem\",\"position\":2,\"name\":\"Loja\",\"item\":\"https:\\\/\\\/recambiosecogas.com\\\/pt-pt\\\/tienda\\\/\"},{\"@type\":\"ListItem\",\"position\":3,\"name\":\"Q89 Lubricante de v\u00e1lvulas\"}]},{\"@type\":\"WebSite\",\"@id\":\"https:\\\/\\\/recambiosecogas.com\\\/pt-pt\\\/#website\",\"url\":\"https:\\\/\\\/recambiosecogas.com\\\/pt-pt\\\/\",\"name\":\"Recambios EcoGas\",\"description\":\"Pe\u00e7as multimarca para sistemas de GPL\\\/GNC\\\/GNL\\\/Hidrog\u00e9nio\",\"publisher\":{\"@id\":\"https:\\\/\\\/recambiosecogas.com\\\/pt-pt\\\/#organization\"},\"alternateName\":\"Recambios Autogas GLP\",\"potentialAction\":[{\"@type\":\"SearchAction\",\"target\":{\"@type\":\"EntryPoint\",\"urlTemplate\":\"https:\\\/\\\/recambiosecogas.com\\\/pt-pt\\\/?s={search_term_string}\"},\"query-input\":{\"@type\":\"PropertyValueSpecification\",\"valueRequired\":true,\"valueName\":\"search_term_string\"}}],\"inLanguage\":\"pt-PT\"},{\"@type\":[\"Organization\",\"Place\"],\"@id\":\"https:\\\/\\\/recambiosecogas.com\\\/pt-pt\\\/#organization\",\"name\":\"Recambios EcoGas\",\"alternateName\":\"Loja de GPL Autog\u00e1s Espanha\",\"url\":\"https:\\\/\\\/recambiosecogas.com\\\/pt-pt\\\/\",\"logo\":{\"@id\":\"https:\\\/\\\/recambiosecogas.com\\\/pt-pt\\\/producto\\\/q89-lubricante-de-valvulas\\\/#local-main-organization-logo\"},\"image\":{\"@id\":\"https:\\\/\\\/recambiosecogas.com\\\/pt-pt\\\/producto\\\/q89-lubricante-de-valvulas\\\/#local-main-organization-logo\"},\"sameAs\":[\"https:\\\/\\\/www.facebook.com\\\/profile.php?id=100062419705358\",\"https:\\\/\\\/www.instagram.com\\\/segimon_automocio\"],\"description\":\"Recambios EcoGas \u2013 Venta y distribuci\u00f3n de sistemas GLP y GNC en Espa\u00f1a y Portugal. Env\u00edos 24 h, soporte t\u00e9cnico a talleres y distribuidores.\",\"hasMerchantReturnPolicy\":{\"@type\":\"MerchantReturnPolicy\",\"merchantReturnLink\":\"https:\\\/\\\/recambiosecogas.com\\\/politicas-privacidad\\\/\"},\"address\":{\"@id\":\"https:\\\/\\\/recambiosecogas.com\\\/pt-pt\\\/producto\\\/q89-lubricante-de-valvulas\\\/#local-main-place-address\"},\"telephone\":[\"616250633\"],\"contactPoint\":{\"@type\":\"ContactPoint\",\"email\":\"export@recambiosecogas.com\"},\"openingHoursSpecification\":[{\"@type\":\"OpeningHoursSpecification\",\"dayOfWeek\":[\"Monday\",\"Tuesday\",\"Wednesday\",\"Thursday\",\"Friday\",\"Saturday\",\"Sunday\"],\"opens\":\"09:00\",\"closes\":\"17:00\"}],\"email\":\"info@recambiosecogas.com\",\"faxNumber\":\"SEGIMON AUTOMOCION SL\",\"vatID\":\"ESB19819861\",\"globalLocationNumber\":\"938 616 339\"},{\"@type\":\"PostalAddress\",\"@id\":\"https:\\\/\\\/recambiosecogas.com\\\/pt-pt\\\/producto\\\/q89-lubricante-de-valvulas\\\/#local-main-place-address\",\"streetAddress\":\"cami antic de vic, 29 (Nave 3), Pol\u00edgono Industrial Congost\",\"addressLocality\":\"CORRO D`AVALL\",\"postalCode\":\"08520\",\"addressRegion\":\"Barcelona\",\"addressCountry\":\"ES\"},{\"@type\":\"ImageObject\",\"inLanguage\":\"pt-PT\",\"@id\":\"https:\\\/\\\/recambiosecogas.com\\\/pt-pt\\\/producto\\\/q89-lubricante-de-valvulas\\\/#local-main-organization-logo\",\"url\":\"https:\\\/\\\/recambiosecogas.com\\\/wp-content\\\/uploads\\\/2024\\\/11\\\/cropped-RECAMBIOS-GLP-png.webp\",\"contentUrl\":\"https:\\\/\\\/recambiosecogas.com\\\/wp-content\\\/uploads\\\/2024\\\/11\\\/cropped-RECAMBIOS-GLP-png.webp\",\"width\":512,\"height\":512,\"caption\":\"Recambios EcoGas\"}]}<\/script>\n<meta property=\"product:price:amount\" content=\"43.62\" \/>\n<meta property=\"product:price:currency\" content=\"EUR\" \/>\n<meta property=\"og:availability\" content=\"instock\" \/>\n<meta property=\"product:availability\" content=\"instock\" \/>\n<meta property=\"product:retailer_item_id\" content=\"843654897989\" \/>\n<meta property=\"product:condition\" content=\"new\" \/>\n<meta name=\"geo.placename\" content=\"CORRO D`AVALL\" \/>\n<meta name=\"geo.region\" content=\"Espanha\" \/>\n<!-- \/ Yoast SEO Premium plugin. -->","yoast_head_json":{"title":"Q89 Lubricante de v\u00e1lvulas | Recambios EcoGas | Sistemas GLP y GNC","description":"Q89 Lubricante de V\u00e1lvulas. Tratamiento 100% sint\u00e9tico para GLP y gasolina, protege y lubrica v\u00e1lvulas, reduce el desgaste y mejora la combusti\u00f3n.","robots":{"index":"index","follow":"follow","max-snippet":"max-snippet:-1","max-image-preview":"max-image-preview:large","max-video-preview":"max-video-preview:-1"},"canonical":"https:\/\/recambiosecogas.com\/pt-pt\/producto\/q89-lubricante-de-valvulas\/","og_locale":"pt_PT","og_type":"article","og_title":"Q89 Lubricante de v\u00e1lvulas","og_description":"Q89 Lubricante de V\u00e1lvulas. Tratamiento 100% sint\u00e9tico para GLP y gasolina, protege y lubrica v\u00e1lvulas, reduce el desgaste y mejora la combusti\u00f3n.","og_url":"https:\/\/recambiosecogas.com\/pt-pt\/producto\/q89-lubricante-de-valvulas\/","og_site_name":"Recambios EcoGas","article_publisher":"https:\/\/www.facebook.com\/profile.php?id=100062419705358","article_modified_time":"2025-07-01T17:14:06+00:00","og_image":[{"width":1000,"height":1000,"url":"https:\/\/recambiosecogas.com\/wp-content\/uploads\/2025\/02\/Q89-Lubricante-de-valvulas-1-png.webp","type":"image\/png"}],"twitter_card":"summary_large_image","twitter_misc":{"pre\u00e7o":"43,62&nbsp;&euro; (Sin IVA: 36,05&nbsp;&euro;)","Disponibilidade":"Em stock"},"schema":{"@context":"https:\/\/schema.org","@graph":[{"@type":"WebPage","@id":"https:\/\/recambiosecogas.com\/pt-pt\/producto\/q89-lubricante-de-valvulas\/","url":"https:\/\/recambiosecogas.com\/pt-pt\/producto\/q89-lubricante-de-valvulas\/","name":"Q89 Lubricante de v\u00e1lvulas | Recambios EcoGas | Sistemas GLP y GNC","isPartOf":{"@id":"https:\/\/recambiosecogas.com\/pt-pt\/#website"},"primaryImageOfPage":{"@id":"https:\/\/recambiosecogas.com\/pt-pt\/producto\/q89-lubricante-de-valvulas\/#primaryimage"},"image":{"@id":"https:\/\/recambiosecogas.com\/pt-pt\/producto\/q89-lubricante-de-valvulas\/#primaryimage"},"thumbnailUrl":"https:\/\/recambiosecogas.com\/wp-content\/uploads\/2025\/02\/Q89-Lubricante-de-valvulas-1-png.webp","datePublished":"2025-02-11T14:14:06+00:00","dateModified":"2025-07-01T17:14:06+00:00","description":"Q89 Lubricante de V\u00e1lvulas. Tratamiento 100% sint\u00e9tico para GLP y gasolina, protege y lubrica v\u00e1lvulas, reduce el desgaste y mejora la combusti\u00f3n.","breadcrumb":{"@id":"https:\/\/recambiosecogas.com\/pt-pt\/producto\/q89-lubricante-de-valvulas\/#breadcrumb"},"inLanguage":"pt-PT","potentialAction":[{"@type":"ReadAction","target":["https:\/\/recambiosecogas.com\/pt-pt\/producto\/q89-lubricante-de-valvulas\/"]}]},{"@type":"ImageObject","inLanguage":"pt-PT","@id":"https:\/\/recambiosecogas.com\/pt-pt\/producto\/q89-lubricante-de-valvulas\/#primaryimage","url":"https:\/\/recambiosecogas.com\/wp-content\/uploads\/2025\/02\/Q89-Lubricante-de-valvulas-1-png.webp","contentUrl":"https:\/\/recambiosecogas.com\/wp-content\/uploads\/2025\/02\/Q89-Lubricante-de-valvulas-1-png.webp","width":1000,"height":1000},{"@type":"BreadcrumbList","@id":"https:\/\/recambiosecogas.com\/pt-pt\/producto\/q89-lubricante-de-valvulas\/#breadcrumb","itemListElement":[{"@type":"ListItem","position":1,"name":"P\u00e1gina inicial","item":"https:\/\/recambiosecogas.com\/pt-pt\/"},{"@type":"ListItem","position":2,"name":"Loja","item":"https:\/\/recambiosecogas.com\/pt-pt\/tienda\/"},{"@type":"ListItem","position":3,"name":"Q89 Lubricante de v\u00e1lvulas"}]},{"@type":"WebSite","@id":"https:\/\/recambiosecogas.com\/pt-pt\/#website","url":"https:\/\/recambiosecogas.com\/pt-pt\/","name":"Recambios EcoGas","description":"Pe\u00e7as multimarca para sistemas de GPL\/GNC\/GNL\/Hidrog\u00e9nio","publisher":{"@id":"https:\/\/recambiosecogas.com\/pt-pt\/#organization"},"alternateName":"Recambios Autogas GLP","potentialAction":[{"@type":"SearchAction","target":{"@type":"EntryPoint","urlTemplate":"https:\/\/recambiosecogas.com\/pt-pt\/?s={search_term_string}"},"query-input":{"@type":"PropertyValueSpecification","valueRequired":true,"valueName":"search_term_string"}}],"inLanguage":"pt-PT"},{"@type":["Organization","Place"],"@id":"https:\/\/recambiosecogas.com\/pt-pt\/#organization","name":"Recambios EcoGas","alternateName":"Loja de GPL Autog\u00e1s Espanha","url":"https:\/\/recambiosecogas.com\/pt-pt\/","logo":{"@id":"https:\/\/recambiosecogas.com\/pt-pt\/producto\/q89-lubricante-de-valvulas\/#local-main-organization-logo"},"image":{"@id":"https:\/\/recambiosecogas.com\/pt-pt\/producto\/q89-lubricante-de-valvulas\/#local-main-organization-logo"},"sameAs":["https:\/\/www.facebook.com\/profile.php?id=100062419705358","https:\/\/www.instagram.com\/segimon_automocio"],"description":"Recambios EcoGas \u2013 Venta y distribuci\u00f3n de sistemas GLP y GNC en Espa\u00f1a y Portugal. Env\u00edos 24 h, soporte t\u00e9cnico a talleres y distribuidores.","hasMerchantReturnPolicy":{"@type":"MerchantReturnPolicy","merchantReturnLink":"https:\/\/recambiosecogas.com\/politicas-privacidad\/"},"address":{"@id":"https:\/\/recambiosecogas.com\/pt-pt\/producto\/q89-lubricante-de-valvulas\/#local-main-place-address"},"telephone":["616250633"],"contactPoint":{"@type":"ContactPoint","email":"export@recambiosecogas.com"},"openingHoursSpecification":[{"@type":"OpeningHoursSpecification","dayOfWeek":["Monday","Tuesday","Wednesday","Thursday","Friday","Saturday","Sunday"],"opens":"09:00","closes":"17:00"}],"email":"info@recambiosecogas.com","faxNumber":"SEGIMON AUTOMOCION SL","vatID":"ESB19819861","globalLocationNumber":"938 616 339"},{"@type":"PostalAddress","@id":"https:\/\/recambiosecogas.com\/pt-pt\/producto\/q89-lubricante-de-valvulas\/#local-main-place-address","streetAddress":"cami antic de vic, 29 (Nave 3), Pol\u00edgono Industrial Congost","addressLocality":"CORRO D`AVALL","postalCode":"08520","addressRegion":"Barcelona","addressCountry":"ES"},{"@type":"ImageObject","inLanguage":"pt-PT","@id":"https:\/\/recambiosecogas.com\/pt-pt\/producto\/q89-lubricante-de-valvulas\/#local-main-organization-logo","url":"https:\/\/recambiosecogas.com\/wp-content\/uploads\/2024\/11\/cropped-RECAMBIOS-GLP-png.webp","contentUrl":"https:\/\/recambiosecogas.com\/wp-content\/uploads\/2024\/11\/cropped-RECAMBIOS-GLP-png.webp","width":512,"height":512,"caption":"Recambios EcoGas"}]},"product_price_amount":"43.62","product_price_currency":"EUR","og_availability":"instock","product_availability":"instock","product_retailer_item_id":"843654897989","product_condition":"new","geo.placename":"CORRO D`AVALL","geo.region":"Espanha"},"uagb_featured_image_src":{"full":["https:\/\/recambiosecogas.com\/wp-content\/uploads\/2025\/02\/Q89-Lubricante-de-valvulas-1-png.webp",1000,1000,false],"thumbnail":["https:\/\/recambiosecogas.com\/wp-content\/uploads\/2025\/02\/Q89-Lubricante-de-valvulas-1-150x150.webp",150,150,true],"medium":["https:\/\/recambiosecogas.com\/wp-content\/uploads\/2025\/02\/Q89-Lubricante-de-valvulas-1-300x300.webp",300,300,true],"medium_large":["https:\/\/recambiosecogas.com\/wp-content\/uploads\/2025\/02\/Q89-Lubricante-de-valvulas-1-768x768.webp",768,768,true],"large":["https:\/\/recambiosecogas.com\/wp-content\/uploads\/2025\/02\/Q89-Lubricante-de-valvulas-1-png.webp",1000,1000,false],"1536x1536":["https:\/\/recambiosecogas.com\/wp-content\/uploads\/2025\/02\/Q89-Lubricante-de-valvulas-1-png.webp",1000,1000,false],"2048x2048":["https:\/\/recambiosecogas.com\/wp-content\/uploads\/2025\/02\/Q89-Lubricante-de-valvulas-1-png.webp",1000,1000,false],"woocommerce_archive_thumbnail":["https:\/\/recambiosecogas.com\/wp-content\/uploads\/2025\/02\/Q89-Lubricante-de-valvulas-1-png.webp",1000,1000,false],"woocommerce_thumbnail":["https:\/\/recambiosecogas.com\/wp-content\/uploads\/2025\/02\/Q89-Lubricante-de-valvulas-1-300x300.webp",300,300,true],"woocommerce_single":["https:\/\/recambiosecogas.com\/wp-content\/uploads\/2025\/02\/Q89-Lubricante-de-valvulas-1-png.webp",1000,1000,false],"woocommerce_gallery_thumbnail":["https:\/\/recambiosecogas.com\/wp-content\/uploads\/2025\/02\/Q89-Lubricante-de-valvulas-1-png.webp",1000,1000,false],"dgwt-wcas-product-suggestion":["https:\/\/recambiosecogas.com\/wp-content\/uploads\/2025\/02\/Q89-Lubricante-de-valvulas-1-64x64.webp",64,64,true]},"uagb_author_info":{"display_name":"Fran - Soporte T\u00e9cnico","author_link":"https:\/\/recambiosecogas.com\/pt-pt\/author\/"},"uagb_comment_info":0,"uagb_excerpt":"Q89 Lubricante de v\u00e1lvulas Q89 Lubricante de V\u00e1lvulas es un tratamiento 100% sint\u00e9tico dise\u00f1ado para proteger y lubricar v\u00e1lvulas y asientos de v\u00e1lvulas en motores alimentados con GLP, butano y otros combustibles alternativos. Su avanzada f\u00f3rmula ayuda a reducir el desgaste, minimizar la exposici\u00f3n a altas temperaturas de combusti\u00f3n y prolongar la vida \u00fatil del&hellip;","_links":{"self":[{"href":"https:\/\/recambiosecogas.com\/pt-pt\/wp-json\/wp\/v2\/product\/16822","targetHints":{"allow":["GET"]}}],"collection":[{"href":"https:\/\/recambiosecogas.com\/pt-pt\/wp-json\/wp\/v2\/product"}],"about":[{"href":"https:\/\/recambiosecogas.com\/pt-pt\/wp-json\/wp\/v2\/types\/product"}],"replies":[{"embeddable":true,"href":"https:\/\/recambiosecogas.com\/pt-pt\/wp-json\/wp\/v2\/comments?post=16822"}],"wp:featuredmedia":[{"embeddable":true,"href":"https:\/\/recambiosecogas.com\/pt-pt\/wp-json\/wp\/v2\/media\/16825"}],"wp:attachment":[{"href":"https:\/\/recambiosecogas.com\/pt-pt\/wp-json\/wp\/v2\/media?parent=16822"}],"wp:term":[{"taxonomy":"product_brand","embeddable":true,"href":"https:\/\/recambiosecogas.com\/pt-pt\/wp-json\/wp\/v2\/product_brand?post=16822"},{"taxonomy":"product_cat","embeddable":true,"href":"https:\/\/recambiosecogas.com\/pt-pt\/wp-json\/wp\/v2\/product_cat?post=16822"},{"taxonomy":"product_tag","embeddable":true,"href":"https:\/\/recambiosecogas.com\/pt-pt\/wp-json\/wp\/v2\/product_tag?post=16822"}],"curies":[{"name":"wp","href":"https:\/\/api.w.org\/{rel}","templated":true}]}}