{"id":16122,"date":"2025-01-21T10:43:56","date_gmt":"2025-01-21T09:43:56","guid":{"rendered":"https:\/\/recambiosecogas.com\/producto\/thetford-midi-prima-3-horno-y-grill\/"},"modified":"2026-03-26T12:05:34","modified_gmt":"2026-03-26T11:05:34","slug":"thetford-midi-prima-3-horno-y-grill","status":"publish","type":"product","link":"https:\/\/recambiosecogas.com\/pt-pt\/produto\/thetford-midi-prima-3-horno-y-grill\/","title":{"rendered":"Thetford Midi Prima 3 Horno y grill"},"content":{"rendered":"<p>Horno y grill separables con un excelente rendimiento de cocci\u00f3n. Aprovechamiento \u00f3ptimo del espacio y dise\u00f1o moderno.<\/p>\n<p>&nbsp;<\/p>\n<h4>Especificaciones t\u00e9cnicas<\/h4>\n<p>12V &#8211; Encendido: S\u00ed<\/p>\n<p>Dimensiones (AlxAnxPr): 644x444x450mm<\/p>\n<p>Quemador de gas &#8211; grill: 1,5 kW<\/p>\n<p>Quemador de gas &#8211; horno: 1,6 kW<\/p>\n<p>Potencia calor\u00edfica total (gas): 3,1 kW<\/p>\n<p>Volumen del grill: 13 litros<\/p>\n<p>Volumen m\u00e1ximo de gas de entrada: 223,2 g\/hora<\/p>\n<p>Tama\u00f1o nominal &#8211; dimensi\u00f3n de instalaci\u00f3n: 445mm<\/p>\n<p>Peso neto: 18.0kg<\/p>\n<p>Volumen del horno: 36L<\/p>\n<p>Bisagra de la puerta del horno: Ca\u00edda<\/p>\n<p>El <strong>Horno y Grill Thetford Midi Prima 3<\/strong> es un equipo dise\u00f1ado para ofrecer un rendimiento de cocci\u00f3n excepcional en veh\u00edculos que utilizan sistemas de <strong>Autogas<\/strong>. Este horno y grill separables permiten aprovechar al m\u00e1ximo el espacio disponible, combinando funcionalidad y un dise\u00f1o moderno que se adapta a cualquier instalaci\u00f3n.<\/p>\n<p>Con una potencia calor\u00edfica total de <strong>3,1 kW<\/strong>, este dispositivo cuenta con un quemador de gas para el grill de <strong>1,5 kW<\/strong> y un quemador de gas para el horno de <strong>1,6 kW<\/strong>. El volumen del grill es de <strong>13 litros<\/strong>, mientras que el horno ofrece un volumen de <strong>36 litros<\/strong>, lo que permite preparar una variedad de platos de manera eficiente. Adem\u00e1s, su sistema de encendido es autom\u00e1tico, facilitando su uso en cualquier momento.<\/p>\n<p>Las dimensiones del horno son de <strong>644x444x450 mm<\/strong>, con un tama\u00f1o nominal de instalaci\u00f3n de <strong>445 mm<\/strong>. El peso neto del equipo es de <strong>18.0 kg<\/strong>, lo que lo hace robusto y duradero. Este horno y grill es ideal para quienes buscan una soluci\u00f3n de cocci\u00f3n efectiva en sus veh\u00edculos, asegurando un rendimiento \u00f3ptimo en cada uso.<\/p>\n<h4>Especificaciones t\u00e9cnicas<\/h4>\n<p>Voltaje: <strong>12V<\/strong>. Encendido: <strong>S\u00ed<\/strong>.<\/p>\n<ul>\n<li>Dimensiones (AlxAnxPr): <strong>644x444x450 mm<\/strong><\/li>\n<li>Potencia calor\u00edfica total (gas): <strong>3,1 kW<\/strong><\/li>\n<li>Volumen del grill: <strong>13 litros<\/strong><\/li>\n<li>Volumen del horno: <strong>36 litros<\/strong><\/li>\n<li>Volumen m\u00e1ximo de gas de entrada: <strong>223,2 g\/hora<\/strong><\/li>\n<li>Peso neto: <strong>18.0 kg<\/strong><\/li>\n<li>Bisagra de la puerta del horno: <strong>Ca\u00edda<\/strong><\/li>\n<\/ul>\n","protected":false},"excerpt":{"rendered":"<p>THETFORD<\/p>\n","protected":false},"featured_media":16551,"comment_status":"open","ping_status":"closed","template":"","meta":{"googlesitekit_rrm_CAowud7EDA:productID":"","_uag_custom_page_level_css":""},"product_brand":[],"product_cat":[639,638],"product_tag":[],"class_list":{"0":"post-16122","1":"product","2":"type-product","3":"status-publish","4":"has-post-thumbnail","6":"product_cat-cocinas-autocaravana-glp","7":"product_cat-instalacion-de-gas-autocaravanas","9":"first","10":"onbackorder","11":"taxable","12":"shipping-taxable","13":"purchasable","14":"product-type-simple"},"ct_brands":[],"yoast_head":"<!-- This site is optimized with the Yoast SEO Premium plugin v27.3 (Yoast SEO v27.3) - https:\/\/yoast.com\/product\/yoast-seo-premium-wordpress\/ -->\n<title>Horno y Grill Thetford Midi Prima 3 | Recambios Ecogas<\/title>\n<meta name=\"description\" content=\"Horno y grill Thetford Midi Prima 3, ideal para veh\u00edculos con sistemas de Autogas. Excelente rendimiento de cocci\u00f3n y dise\u00f1o moderno.\" \/>\n<meta name=\"robots\" content=\"index, follow, max-snippet:-1, max-image-preview:large, max-video-preview:-1\" \/>\n<link rel=\"canonical\" href=\"https:\/\/recambiosecogas.com\/pt-pt\/produto\/thetford-midi-prima-3-horno-y-grill\/\" \/>\n<meta property=\"og:locale\" content=\"pt_PT\" \/>\n<meta property=\"og:type\" content=\"article\" \/>\n<meta property=\"og:title\" content=\"Thetford Midi Prima 3 Horno y grill\" \/>\n<meta property=\"og:description\" content=\"Horno y grill Thetford Midi Prima 3, ideal para veh\u00edculos con sistemas de Autogas. Excelente rendimiento de cocci\u00f3n y dise\u00f1o moderno.\" \/>\n<meta property=\"og:url\" content=\"https:\/\/recambiosecogas.com\/pt-pt\/produto\/thetford-midi-prima-3-horno-y-grill\/\" \/>\n<meta property=\"og:site_name\" content=\"Recambios EcoGas\" \/>\n<meta property=\"article:publisher\" content=\"https:\/\/www.facebook.com\/profile.php?id=100062419705358\" \/>\n<meta property=\"article:modified_time\" content=\"2026-03-26T11:05:34+00:00\" \/>\n<meta property=\"og:image\" content=\"https:\/\/recambiosecogas.com\/wp-content\/uploads\/2025\/01\/Thetford-Midi-Prima-3-Horno-y-grill-png.webp\" \/>\n\t<meta property=\"og:image:width\" content=\"1000\" \/>\n\t<meta property=\"og:image:height\" content=\"1000\" \/>\n\t<meta property=\"og:image:type\" content=\"image\/png\" \/>\n<meta name=\"twitter:card\" content=\"summary_large_image\" \/>\n<meta name=\"twitter:label1\" content=\"pre\u00e7o\" \/>\n\t<meta name=\"twitter:data1\" content=\"855,12&nbsp;&euro; (IVA incl.: 1.034,70&nbsp;&euro;)\" \/>\n\t<meta name=\"twitter:label2\" content=\"Disponibilidade\" \/>\n\t<meta name=\"twitter:data2\" content=\"Por encomenda\" \/>\n<script type=\"application\/ld+json\" class=\"yoast-schema-graph\">{\"@context\":\"https:\\\/\\\/schema.org\",\"@graph\":[{\"@type\":\"WebPage\",\"@id\":\"https:\\\/\\\/recambiosecogas.com\\\/pt-pt\\\/produto\\\/thetford-midi-prima-3-horno-y-grill\\\/\",\"url\":\"https:\\\/\\\/recambiosecogas.com\\\/pt-pt\\\/produto\\\/thetford-midi-prima-3-horno-y-grill\\\/\",\"name\":\"Horno y Grill Thetford Midi Prima 3 | Recambios Ecogas\",\"isPartOf\":{\"@id\":\"https:\\\/\\\/recambiosecogas.com\\\/pt-pt\\\/#website\"},\"primaryImageOfPage\":{\"@id\":\"https:\\\/\\\/recambiosecogas.com\\\/pt-pt\\\/produto\\\/thetford-midi-prima-3-horno-y-grill\\\/#primaryimage\"},\"image\":{\"@id\":\"https:\\\/\\\/recambiosecogas.com\\\/pt-pt\\\/produto\\\/thetford-midi-prima-3-horno-y-grill\\\/#primaryimage\"},\"thumbnailUrl\":\"https:\\\/\\\/recambiosecogas.com\\\/wp-content\\\/uploads\\\/2025\\\/01\\\/Thetford-Midi-Prima-3-Horno-y-grill-png.webp\",\"datePublished\":\"2025-01-21T09:43:56+00:00\",\"dateModified\":\"2026-03-26T11:05:34+00:00\",\"description\":\"Horno y grill Thetford Midi Prima 3, ideal para veh\u00edculos con sistemas de Autogas. Excelente rendimiento de cocci\u00f3n y dise\u00f1o moderno.\",\"breadcrumb\":{\"@id\":\"https:\\\/\\\/recambiosecogas.com\\\/pt-pt\\\/produto\\\/thetford-midi-prima-3-horno-y-grill\\\/#breadcrumb\"},\"inLanguage\":\"pt-PT\",\"potentialAction\":[{\"@type\":\"ReadAction\",\"target\":[\"https:\\\/\\\/recambiosecogas.com\\\/pt-pt\\\/produto\\\/thetford-midi-prima-3-horno-y-grill\\\/\"]}]},{\"@type\":\"ImageObject\",\"inLanguage\":\"pt-PT\",\"@id\":\"https:\\\/\\\/recambiosecogas.com\\\/pt-pt\\\/produto\\\/thetford-midi-prima-3-horno-y-grill\\\/#primaryimage\",\"url\":\"https:\\\/\\\/recambiosecogas.com\\\/wp-content\\\/uploads\\\/2025\\\/01\\\/Thetford-Midi-Prima-3-Horno-y-grill-png.webp\",\"contentUrl\":\"https:\\\/\\\/recambiosecogas.com\\\/wp-content\\\/uploads\\\/2025\\\/01\\\/Thetford-Midi-Prima-3-Horno-y-grill-png.webp\",\"width\":1000,\"height\":1000},{\"@type\":\"BreadcrumbList\",\"@id\":\"https:\\\/\\\/recambiosecogas.com\\\/pt-pt\\\/produto\\\/thetford-midi-prima-3-horno-y-grill\\\/#breadcrumb\",\"itemListElement\":[{\"@type\":\"ListItem\",\"position\":1,\"name\":\"P\u00e1gina inicial\",\"item\":\"https:\\\/\\\/recambiosecogas.com\\\/pt-pt\\\/\"},{\"@type\":\"ListItem\",\"position\":2,\"name\":\"Loja\",\"item\":\"https:\\\/\\\/recambiosecogas.com\\\/pt-pt\\\/tienda\\\/\"},{\"@type\":\"ListItem\",\"position\":3,\"name\":\"Thetford Midi Prima 3 Horno y grill\"}]},{\"@type\":\"WebSite\",\"@id\":\"https:\\\/\\\/recambiosecogas.com\\\/pt-pt\\\/#website\",\"url\":\"https:\\\/\\\/recambiosecogas.com\\\/pt-pt\\\/\",\"name\":\"Recambios EcoGas\",\"description\":\"Pe\u00e7as multimarca para sistemas de GPL\\\/GNC\\\/GNL\\\/Hidrog\u00e9nio\",\"publisher\":{\"@id\":\"https:\\\/\\\/recambiosecogas.com\\\/pt-pt\\\/#organization\"},\"alternateName\":\"Recambios Autogas GLP\",\"potentialAction\":[{\"@type\":\"SearchAction\",\"target\":{\"@type\":\"EntryPoint\",\"urlTemplate\":\"https:\\\/\\\/recambiosecogas.com\\\/pt-pt\\\/?s={search_term_string}\"},\"query-input\":{\"@type\":\"PropertyValueSpecification\",\"valueRequired\":true,\"valueName\":\"search_term_string\"}}],\"inLanguage\":\"pt-PT\"},{\"@type\":[\"Organization\",\"Place\"],\"@id\":\"https:\\\/\\\/recambiosecogas.com\\\/pt-pt\\\/#organization\",\"name\":\"Recambios EcoGas\",\"alternateName\":\"Loja de GPL Autog\u00e1s Espanha\",\"url\":\"https:\\\/\\\/recambiosecogas.com\\\/pt-pt\\\/\",\"logo\":{\"@id\":\"https:\\\/\\\/recambiosecogas.com\\\/pt-pt\\\/produto\\\/thetford-midi-prima-3-horno-y-grill\\\/#local-main-organization-logo\"},\"image\":{\"@id\":\"https:\\\/\\\/recambiosecogas.com\\\/pt-pt\\\/produto\\\/thetford-midi-prima-3-horno-y-grill\\\/#local-main-organization-logo\"},\"sameAs\":[\"https:\\\/\\\/www.facebook.com\\\/profile.php?id=100062419705358\",\"https:\\\/\\\/www.instagram.com\\\/segimon_automocio\"],\"description\":\"Recambios EcoGas \u2013 Venta y distribuci\u00f3n de sistemas GLP y GNC en Espa\u00f1a y Portugal. Env\u00edos 24 h, soporte t\u00e9cnico a talleres y distribuidores.\",\"hasMerchantReturnPolicy\":{\"@type\":\"MerchantReturnPolicy\",\"merchantReturnLink\":\"https:\\\/\\\/recambiosecogas.com\\\/politicas-privacidad\\\/\"},\"address\":{\"@id\":\"https:\\\/\\\/recambiosecogas.com\\\/pt-pt\\\/produto\\\/thetford-midi-prima-3-horno-y-grill\\\/#local-main-place-address\"},\"telephone\":[\"616250633\"],\"contactPoint\":{\"@type\":\"ContactPoint\",\"email\":\"export@recambiosecogas.com\"},\"openingHoursSpecification\":[{\"@type\":\"OpeningHoursSpecification\",\"dayOfWeek\":[\"Monday\",\"Tuesday\",\"Wednesday\",\"Thursday\",\"Friday\",\"Saturday\",\"Sunday\"],\"opens\":\"09:00\",\"closes\":\"17:00\"}],\"email\":\"info@recambiosecogas.com\",\"faxNumber\":\"SEGIMON AUTOMOCION SL\",\"vatID\":\"ESB19819861\",\"globalLocationNumber\":\"938 616 339\"},{\"@type\":\"PostalAddress\",\"@id\":\"https:\\\/\\\/recambiosecogas.com\\\/pt-pt\\\/produto\\\/thetford-midi-prima-3-horno-y-grill\\\/#local-main-place-address\",\"streetAddress\":\"cami antic de vic, 29 (Nave 3), Pol\u00edgono Industrial Congost\",\"addressLocality\":\"CORRO D`AVALL\",\"postalCode\":\"08520\",\"addressRegion\":\"Barcelona\",\"addressCountry\":\"ES\"},{\"@type\":\"ImageObject\",\"inLanguage\":\"pt-PT\",\"@id\":\"https:\\\/\\\/recambiosecogas.com\\\/pt-pt\\\/produto\\\/thetford-midi-prima-3-horno-y-grill\\\/#local-main-organization-logo\",\"url\":\"https:\\\/\\\/recambiosecogas.com\\\/wp-content\\\/uploads\\\/2024\\\/11\\\/cropped-RECAMBIOS-GLP-png.webp\",\"contentUrl\":\"https:\\\/\\\/recambiosecogas.com\\\/wp-content\\\/uploads\\\/2024\\\/11\\\/cropped-RECAMBIOS-GLP-png.webp\",\"width\":512,\"height\":512,\"caption\":\"Recambios EcoGas\"}]}<\/script>\n<meta property=\"product:price:amount\" content=\"855.12\" \/>\n<meta property=\"product:price:currency\" content=\"EUR\" \/>\n<meta property=\"og:availability\" content=\"backorder\" \/>\n<meta property=\"product:availability\" content=\"available for order\" \/>\n<meta property=\"product:retailer_item_id\" content=\"115801A\" \/>\n<meta property=\"product:condition\" content=\"new\" \/>\n<meta name=\"geo.placename\" content=\"CORRO D`AVALL\" \/>\n<meta name=\"geo.region\" content=\"Espanha\" \/>\n<!-- \/ Yoast SEO Premium plugin. -->","yoast_head_json":{"title":"Horno y Grill Thetford Midi Prima 3 | Recambios Ecogas","description":"Horno y grill Thetford Midi Prima 3, ideal para veh\u00edculos con sistemas de Autogas. Excelente rendimiento de cocci\u00f3n y dise\u00f1o moderno.","robots":{"index":"index","follow":"follow","max-snippet":"max-snippet:-1","max-image-preview":"max-image-preview:large","max-video-preview":"max-video-preview:-1"},"canonical":"https:\/\/recambiosecogas.com\/pt-pt\/produto\/thetford-midi-prima-3-horno-y-grill\/","og_locale":"pt_PT","og_type":"article","og_title":"Thetford Midi Prima 3 Horno y grill","og_description":"Horno y grill Thetford Midi Prima 3, ideal para veh\u00edculos con sistemas de Autogas. Excelente rendimiento de cocci\u00f3n y dise\u00f1o moderno.","og_url":"https:\/\/recambiosecogas.com\/pt-pt\/produto\/thetford-midi-prima-3-horno-y-grill\/","og_site_name":"Recambios EcoGas","article_publisher":"https:\/\/www.facebook.com\/profile.php?id=100062419705358","article_modified_time":"2026-03-26T11:05:34+00:00","og_image":[{"width":1000,"height":1000,"url":"https:\/\/recambiosecogas.com\/wp-content\/uploads\/2025\/01\/Thetford-Midi-Prima-3-Horno-y-grill-png.webp","type":"image\/png"}],"twitter_card":"summary_large_image","twitter_misc":{"pre\u00e7o":"855,12&nbsp;&euro; (IVA incl.: 1.034,70&nbsp;&euro;)","Disponibilidade":"Por encomenda"},"schema":{"@context":"https:\/\/schema.org","@graph":[{"@type":"WebPage","@id":"https:\/\/recambiosecogas.com\/pt-pt\/produto\/thetford-midi-prima-3-horno-y-grill\/","url":"https:\/\/recambiosecogas.com\/pt-pt\/produto\/thetford-midi-prima-3-horno-y-grill\/","name":"Horno y Grill Thetford Midi Prima 3 | Recambios Ecogas","isPartOf":{"@id":"https:\/\/recambiosecogas.com\/pt-pt\/#website"},"primaryImageOfPage":{"@id":"https:\/\/recambiosecogas.com\/pt-pt\/produto\/thetford-midi-prima-3-horno-y-grill\/#primaryimage"},"image":{"@id":"https:\/\/recambiosecogas.com\/pt-pt\/produto\/thetford-midi-prima-3-horno-y-grill\/#primaryimage"},"thumbnailUrl":"https:\/\/recambiosecogas.com\/wp-content\/uploads\/2025\/01\/Thetford-Midi-Prima-3-Horno-y-grill-png.webp","datePublished":"2025-01-21T09:43:56+00:00","dateModified":"2026-03-26T11:05:34+00:00","description":"Horno y grill Thetford Midi Prima 3, ideal para veh\u00edculos con sistemas de Autogas. Excelente rendimiento de cocci\u00f3n y dise\u00f1o moderno.","breadcrumb":{"@id":"https:\/\/recambiosecogas.com\/pt-pt\/produto\/thetford-midi-prima-3-horno-y-grill\/#breadcrumb"},"inLanguage":"pt-PT","potentialAction":[{"@type":"ReadAction","target":["https:\/\/recambiosecogas.com\/pt-pt\/produto\/thetford-midi-prima-3-horno-y-grill\/"]}]},{"@type":"ImageObject","inLanguage":"pt-PT","@id":"https:\/\/recambiosecogas.com\/pt-pt\/produto\/thetford-midi-prima-3-horno-y-grill\/#primaryimage","url":"https:\/\/recambiosecogas.com\/wp-content\/uploads\/2025\/01\/Thetford-Midi-Prima-3-Horno-y-grill-png.webp","contentUrl":"https:\/\/recambiosecogas.com\/wp-content\/uploads\/2025\/01\/Thetford-Midi-Prima-3-Horno-y-grill-png.webp","width":1000,"height":1000},{"@type":"BreadcrumbList","@id":"https:\/\/recambiosecogas.com\/pt-pt\/produto\/thetford-midi-prima-3-horno-y-grill\/#breadcrumb","itemListElement":[{"@type":"ListItem","position":1,"name":"P\u00e1gina inicial","item":"https:\/\/recambiosecogas.com\/pt-pt\/"},{"@type":"ListItem","position":2,"name":"Loja","item":"https:\/\/recambiosecogas.com\/pt-pt\/tienda\/"},{"@type":"ListItem","position":3,"name":"Thetford Midi Prima 3 Horno y grill"}]},{"@type":"WebSite","@id":"https:\/\/recambiosecogas.com\/pt-pt\/#website","url":"https:\/\/recambiosecogas.com\/pt-pt\/","name":"Recambios EcoGas","description":"Pe\u00e7as multimarca para sistemas de GPL\/GNC\/GNL\/Hidrog\u00e9nio","publisher":{"@id":"https:\/\/recambiosecogas.com\/pt-pt\/#organization"},"alternateName":"Recambios Autogas GLP","potentialAction":[{"@type":"SearchAction","target":{"@type":"EntryPoint","urlTemplate":"https:\/\/recambiosecogas.com\/pt-pt\/?s={search_term_string}"},"query-input":{"@type":"PropertyValueSpecification","valueRequired":true,"valueName":"search_term_string"}}],"inLanguage":"pt-PT"},{"@type":["Organization","Place"],"@id":"https:\/\/recambiosecogas.com\/pt-pt\/#organization","name":"Recambios EcoGas","alternateName":"Loja de GPL Autog\u00e1s Espanha","url":"https:\/\/recambiosecogas.com\/pt-pt\/","logo":{"@id":"https:\/\/recambiosecogas.com\/pt-pt\/produto\/thetford-midi-prima-3-horno-y-grill\/#local-main-organization-logo"},"image":{"@id":"https:\/\/recambiosecogas.com\/pt-pt\/produto\/thetford-midi-prima-3-horno-y-grill\/#local-main-organization-logo"},"sameAs":["https:\/\/www.facebook.com\/profile.php?id=100062419705358","https:\/\/www.instagram.com\/segimon_automocio"],"description":"Recambios EcoGas \u2013 Venta y distribuci\u00f3n de sistemas GLP y GNC en Espa\u00f1a y Portugal. Env\u00edos 24 h, soporte t\u00e9cnico a talleres y distribuidores.","hasMerchantReturnPolicy":{"@type":"MerchantReturnPolicy","merchantReturnLink":"https:\/\/recambiosecogas.com\/politicas-privacidad\/"},"address":{"@id":"https:\/\/recambiosecogas.com\/pt-pt\/produto\/thetford-midi-prima-3-horno-y-grill\/#local-main-place-address"},"telephone":["616250633"],"contactPoint":{"@type":"ContactPoint","email":"export@recambiosecogas.com"},"openingHoursSpecification":[{"@type":"OpeningHoursSpecification","dayOfWeek":["Monday","Tuesday","Wednesday","Thursday","Friday","Saturday","Sunday"],"opens":"09:00","closes":"17:00"}],"email":"info@recambiosecogas.com","faxNumber":"SEGIMON AUTOMOCION SL","vatID":"ESB19819861","globalLocationNumber":"938 616 339"},{"@type":"PostalAddress","@id":"https:\/\/recambiosecogas.com\/pt-pt\/produto\/thetford-midi-prima-3-horno-y-grill\/#local-main-place-address","streetAddress":"cami antic de vic, 29 (Nave 3), Pol\u00edgono Industrial Congost","addressLocality":"CORRO D`AVALL","postalCode":"08520","addressRegion":"Barcelona","addressCountry":"ES"},{"@type":"ImageObject","inLanguage":"pt-PT","@id":"https:\/\/recambiosecogas.com\/pt-pt\/produto\/thetford-midi-prima-3-horno-y-grill\/#local-main-organization-logo","url":"https:\/\/recambiosecogas.com\/wp-content\/uploads\/2024\/11\/cropped-RECAMBIOS-GLP-png.webp","contentUrl":"https:\/\/recambiosecogas.com\/wp-content\/uploads\/2024\/11\/cropped-RECAMBIOS-GLP-png.webp","width":512,"height":512,"caption":"Recambios EcoGas"}]},"product_price_amount":"855.12","product_price_currency":"EUR","og_availability":"backorder","product_availability":"available for order","product_retailer_item_id":"115801A","product_condition":"new","geo.placename":"CORRO D`AVALL","geo.region":"Espanha"},"uagb_featured_image_src":{"full":["https:\/\/recambiosecogas.com\/wp-content\/uploads\/2025\/01\/Thetford-Midi-Prima-3-Horno-y-grill-png.webp",1000,1000,false],"thumbnail":["https:\/\/recambiosecogas.com\/wp-content\/uploads\/2025\/01\/Thetford-Midi-Prima-3-Horno-y-grill-150x150.webp",150,150,true],"medium":["https:\/\/recambiosecogas.com\/wp-content\/uploads\/2025\/01\/Thetford-Midi-Prima-3-Horno-y-grill-300x300.webp",300,300,true],"medium_large":["https:\/\/recambiosecogas.com\/wp-content\/uploads\/2025\/01\/Thetford-Midi-Prima-3-Horno-y-grill-768x768.webp",768,768,true],"large":["https:\/\/recambiosecogas.com\/wp-content\/uploads\/2025\/01\/Thetford-Midi-Prima-3-Horno-y-grill-png.webp",1000,1000,false],"1536x1536":["https:\/\/recambiosecogas.com\/wp-content\/uploads\/2025\/01\/Thetford-Midi-Prima-3-Horno-y-grill-png.webp",1000,1000,false],"2048x2048":["https:\/\/recambiosecogas.com\/wp-content\/uploads\/2025\/01\/Thetford-Midi-Prima-3-Horno-y-grill-png.webp",1000,1000,false],"woocommerce_archive_thumbnail":["https:\/\/recambiosecogas.com\/wp-content\/uploads\/2025\/01\/Thetford-Midi-Prima-3-Horno-y-grill-png.webp",1000,1000,false],"woocommerce_thumbnail":["https:\/\/recambiosecogas.com\/wp-content\/uploads\/2025\/01\/Thetford-Midi-Prima-3-Horno-y-grill-300x300.webp",300,300,true],"woocommerce_single":["https:\/\/recambiosecogas.com\/wp-content\/uploads\/2025\/01\/Thetford-Midi-Prima-3-Horno-y-grill-png.webp",1000,1000,false],"woocommerce_gallery_thumbnail":["https:\/\/recambiosecogas.com\/wp-content\/uploads\/2025\/01\/Thetford-Midi-Prima-3-Horno-y-grill-png.webp",1000,1000,false],"dgwt-wcas-product-suggestion":["https:\/\/recambiosecogas.com\/wp-content\/uploads\/2025\/01\/Thetford-Midi-Prima-3-Horno-y-grill-64x64.webp",64,64,true]},"uagb_author_info":{"display_name":"Fran - Soporte T\u00e9cnico","author_link":"https:\/\/recambiosecogas.com\/pt-pt\/author\/"},"uagb_comment_info":0,"uagb_excerpt":"THETFORD","_links":{"self":[{"href":"https:\/\/recambiosecogas.com\/pt-pt\/wp-json\/wp\/v2\/product\/16122","targetHints":{"allow":["GET"]}}],"collection":[{"href":"https:\/\/recambiosecogas.com\/pt-pt\/wp-json\/wp\/v2\/product"}],"about":[{"href":"https:\/\/recambiosecogas.com\/pt-pt\/wp-json\/wp\/v2\/types\/product"}],"replies":[{"embeddable":true,"href":"https:\/\/recambiosecogas.com\/pt-pt\/wp-json\/wp\/v2\/comments?post=16122"}],"wp:featuredmedia":[{"embeddable":true,"href":"https:\/\/recambiosecogas.com\/pt-pt\/wp-json\/wp\/v2\/media\/16551"}],"wp:attachment":[{"href":"https:\/\/recambiosecogas.com\/pt-pt\/wp-json\/wp\/v2\/media?parent=16122"}],"wp:term":[{"taxonomy":"product_brand","embeddable":true,"href":"https:\/\/recambiosecogas.com\/pt-pt\/wp-json\/wp\/v2\/product_brand?post=16122"},{"taxonomy":"product_cat","embeddable":true,"href":"https:\/\/recambiosecogas.com\/pt-pt\/wp-json\/wp\/v2\/product_cat?post=16122"},{"taxonomy":"product_tag","embeddable":true,"href":"https:\/\/recambiosecogas.com\/pt-pt\/wp-json\/wp\/v2\/product_tag?post=16122"}],"curies":[{"name":"wp","href":"https:\/\/api.w.org\/{rel}","templated":true}]}}