{"id":16120,"date":"2025-01-21T10:43:55","date_gmt":"2025-01-21T09:43:55","guid":{"rendered":"https:\/\/recambiosecogas.com\/producto\/thetford-triplex-plus-horno-y-grill-funcionamiento-con-dos-combustibles\/"},"modified":"2026-03-26T12:05:31","modified_gmt":"2026-03-26T11:05:31","slug":"thetford-triplex-plus-horno-y-grill-funcionamiento-con-dos-combustibles","status":"publish","type":"product","link":"https:\/\/recambiosecogas.com\/pt-pt\/produto\/thetford-triplex-plus-horno-y-grill-funcionamiento-con-dos-combustibles\/","title":{"rendered":"Thetford Triplex Plus Horno y Grill &#8211; Funcionamiento con dos combustibles"},"content":{"rendered":"<p>La cocina Triplex ofrece muchas funciones diferentes, ya que su horno alberga tanto el horno como el grill y dispone de una placa de 3 fuegos, todo ello en una unidad robusta, ligera y f\u00e1cil de limpiar.<\/p>\n<p>&nbsp;<\/p>\n<h4>Caracter\u00edsticas t\u00e9cnicas<\/h4>\n<p>Tipo: Horno empotrado<br \/>\nConexi\u00f3n: 5\/16 Espiga<br \/>\nQuemador del horno: 1,6kw<br \/>\nCapacidad del horno: 36<br \/>\nAltura: 468mm<br \/>\nAnchura: 463mm<br \/>\nProfundidad: 500mm (19.7&#8243;)<br \/>\nPeso: 21.5kg<br \/>\nMaterial: Puertas de cristal<br \/>\nQuemador de gas: 1 x 2,4kw, 2 x 1,8kw<br \/>\nTapa de cristal: s\u00ed<br \/>\nQuemador de parrilla: 1,6kw<br \/>\nEncendido: 12v<br \/>\nPomos: N\u00edquel<br \/>\nPotencia total: 9.2kw<\/p>\n<p>La <strong>Cocina Thetford Triplex Plus<\/strong> es una soluci\u00f3n vers\u00e1til y compacta dise\u00f1ada para satisfacer las necesidades de cocci\u00f3n en entornos de camping. Este modelo combina un horno y un grill en una unidad robusta, ligera y f\u00e1cil de limpiar, lo que la convierte en una opci\u00f3n ideal para quienes buscan funcionalidad y eficiencia en sus viajes.<\/p>\n<p>El horno cuenta con una capacidad de <strong>36 litros<\/strong> y un quemador de <strong>1,6 kW<\/strong>, permitiendo una cocci\u00f3n uniforme y efectiva. Adem\u00e1s, la cocina est\u00e1 equipada con una placa de <strong>3 fuegos<\/strong>, que incluye un quemador de <strong>2,4 kW<\/strong> y dos quemadores de <strong>1,8 kW<\/strong>, ofreciendo m\u00faltiples opciones para preparar diferentes platos simult\u00e1neamente. Su encendido a <strong>12V<\/strong> garantiza un uso seguro y eficiente.<\/p>\n<p>La instalaci\u00f3n de la cocina es sencilla gracias a su conexi\u00f3n de <strong>5\/16 espiga<\/strong>. Las puertas de cristal no solo a\u00f1aden un toque est\u00e9tico, sino que tambi\u00e9n facilitan la supervisi\u00f3n de los alimentos mientras se cocinan. Con un peso de <strong>21,5 kg<\/strong>, es lo suficientemente ligera para ser transportada sin dificultad, ideal para autocaravanas y campers.<\/p>\n<p>Es importante considerar que la <strong>Cocina Thetford Triplex Plus<\/strong> es compatible con sistemas de <strong>Autogas<\/strong>, lo que la hace perfecta para quienes utilizan este tipo de combustible. Se recomienda verificar la referencia original antes de realizar la compra para asegurar la compatibilidad con su sistema.<\/p>\n<h4>Caracter\u00edsticas t\u00e9cnicas<\/h4>\n<p>Tipo: Horno empotrado<br \/>Conexi\u00f3n: 5\/16 Espiga<br \/>Quemador del horno: 1,6 kW<br \/>Capacidad del horno: 36 litros<br \/>Altura: 468 mm<br \/>Anchura: 463 mm<br \/>Profundidad: 500 mm (19.7&#8243;)<br \/>Peso: 21.5 kg<br \/>Material: Puertas de cristal<br \/>Quemador de gas: 1 x 2,4 kW, 2 x 1,8 kW<br \/>Tapa de cristal: s\u00ed<br \/>Quemador de parrilla: 1,6 kW<br \/>Encendido: 12V<br \/>Pomos: N\u00edquel<br \/>Potencia total: 9.2 kW<\/p>\n","protected":false},"excerpt":{"rendered":"<p>THETFORD<\/p>\n","protected":false},"featured_media":16553,"comment_status":"open","ping_status":"closed","template":"","meta":{"googlesitekit_rrm_CAowud7EDA:productID":"","_uag_custom_page_level_css":""},"product_brand":[],"product_cat":[639,638],"product_tag":[],"class_list":{"0":"post-16120","1":"product","2":"type-product","3":"status-publish","4":"has-post-thumbnail","6":"product_cat-cocinas-autocaravana-glp","7":"product_cat-instalacion-de-gas-autocaravanas","9":"first","10":"onbackorder","11":"taxable","12":"shipping-taxable","13":"purchasable","14":"product-type-simple"},"ct_brands":[],"yoast_head":"<!-- This site is optimized with the Yoast SEO Premium plugin v27.4 (Yoast SEO v27.4) - https:\/\/yoast.com\/product\/yoast-seo-premium-wordpress\/ -->\n<title>Cocina Thetford Triplex Plus con Horno y Grill | Recambios Ecogas<\/title>\n<meta name=\"description\" content=\"Cocina Thetford Triplex Plus con horno y grill, ideal para sistemas de Autogas. Eficiente y f\u00e1cil de limpiar, perfecta para camping.\" \/>\n<meta name=\"robots\" content=\"index, follow, max-snippet:-1, max-image-preview:large, max-video-preview:-1\" \/>\n<link rel=\"canonical\" href=\"https:\/\/recambiosecogas.com\/pt-pt\/produto\/thetford-triplex-plus-horno-y-grill-funcionamiento-con-dos-combustibles\/\" \/>\n<meta property=\"og:locale\" content=\"pt_PT\" \/>\n<meta property=\"og:type\" content=\"article\" \/>\n<meta property=\"og:title\" content=\"Thetford Triplex Plus Horno y Grill - Funcionamiento con dos combustibles\" \/>\n<meta property=\"og:description\" content=\"Cocina Thetford Triplex Plus con horno y grill, ideal para sistemas de Autogas. Eficiente y f\u00e1cil de limpiar, perfecta para camping.\" \/>\n<meta property=\"og:url\" content=\"https:\/\/recambiosecogas.com\/pt-pt\/produto\/thetford-triplex-plus-horno-y-grill-funcionamiento-con-dos-combustibles\/\" \/>\n<meta property=\"og:site_name\" content=\"Recambios EcoGas\" \/>\n<meta property=\"article:publisher\" content=\"https:\/\/www.facebook.com\/profile.php?id=100062419705358\" \/>\n<meta property=\"article:modified_time\" content=\"2026-03-26T11:05:31+00:00\" \/>\n<meta property=\"og:image\" content=\"https:\/\/recambiosecogas.com\/wp-content\/uploads\/2025\/01\/Thetford-Triplex-Plus-Horno-y-Grill-Funcionamiento-con-dos-combustibles-png.webp\" \/>\n\t<meta property=\"og:image:width\" content=\"1000\" \/>\n\t<meta property=\"og:image:height\" content=\"1000\" \/>\n\t<meta property=\"og:image:type\" content=\"image\/png\" \/>\n<meta name=\"twitter:card\" content=\"summary_large_image\" \/>\n<meta name=\"twitter:label1\" content=\"pre\u00e7o\" \/>\n\t<meta name=\"twitter:data1\" content=\"1.226,86&nbsp;&euro; (IVA incl.: 1.484,49&nbsp;&euro;)\" \/>\n\t<meta name=\"twitter:label2\" content=\"Disponibilidade\" \/>\n\t<meta name=\"twitter:data2\" content=\"Por encomenda\" \/>\n<script type=\"application\/ld+json\" class=\"yoast-schema-graph\">{\"@context\":\"https:\\\/\\\/schema.org\",\"@graph\":[{\"@type\":\"WebPage\",\"@id\":\"https:\\\/\\\/recambiosecogas.com\\\/pt-pt\\\/produto\\\/thetford-triplex-plus-horno-y-grill-funcionamiento-con-dos-combustibles\\\/\",\"url\":\"https:\\\/\\\/recambiosecogas.com\\\/pt-pt\\\/produto\\\/thetford-triplex-plus-horno-y-grill-funcionamiento-con-dos-combustibles\\\/\",\"name\":\"Cocina Thetford Triplex Plus con Horno y Grill | Recambios Ecogas\",\"isPartOf\":{\"@id\":\"https:\\\/\\\/recambiosecogas.com\\\/pt-pt\\\/#website\"},\"primaryImageOfPage\":{\"@id\":\"https:\\\/\\\/recambiosecogas.com\\\/pt-pt\\\/produto\\\/thetford-triplex-plus-horno-y-grill-funcionamiento-con-dos-combustibles\\\/#primaryimage\"},\"image\":{\"@id\":\"https:\\\/\\\/recambiosecogas.com\\\/pt-pt\\\/produto\\\/thetford-triplex-plus-horno-y-grill-funcionamiento-con-dos-combustibles\\\/#primaryimage\"},\"thumbnailUrl\":\"https:\\\/\\\/recambiosecogas.com\\\/wp-content\\\/uploads\\\/2025\\\/01\\\/Thetford-Triplex-Plus-Horno-y-Grill-Funcionamiento-con-dos-combustibles-png.webp\",\"datePublished\":\"2025-01-21T09:43:55+00:00\",\"dateModified\":\"2026-03-26T11:05:31+00:00\",\"description\":\"Cocina Thetford Triplex Plus con horno y grill, ideal para sistemas de Autogas. Eficiente y f\u00e1cil de limpiar, perfecta para camping.\",\"breadcrumb\":{\"@id\":\"https:\\\/\\\/recambiosecogas.com\\\/pt-pt\\\/produto\\\/thetford-triplex-plus-horno-y-grill-funcionamiento-con-dos-combustibles\\\/#breadcrumb\"},\"inLanguage\":\"pt-PT\",\"potentialAction\":[{\"@type\":\"ReadAction\",\"target\":[\"https:\\\/\\\/recambiosecogas.com\\\/pt-pt\\\/produto\\\/thetford-triplex-plus-horno-y-grill-funcionamiento-con-dos-combustibles\\\/\"]}]},{\"@type\":\"ImageObject\",\"inLanguage\":\"pt-PT\",\"@id\":\"https:\\\/\\\/recambiosecogas.com\\\/pt-pt\\\/produto\\\/thetford-triplex-plus-horno-y-grill-funcionamiento-con-dos-combustibles\\\/#primaryimage\",\"url\":\"https:\\\/\\\/recambiosecogas.com\\\/wp-content\\\/uploads\\\/2025\\\/01\\\/Thetford-Triplex-Plus-Horno-y-Grill-Funcionamiento-con-dos-combustibles-png.webp\",\"contentUrl\":\"https:\\\/\\\/recambiosecogas.com\\\/wp-content\\\/uploads\\\/2025\\\/01\\\/Thetford-Triplex-Plus-Horno-y-Grill-Funcionamiento-con-dos-combustibles-png.webp\",\"width\":1000,\"height\":1000},{\"@type\":\"BreadcrumbList\",\"@id\":\"https:\\\/\\\/recambiosecogas.com\\\/pt-pt\\\/produto\\\/thetford-triplex-plus-horno-y-grill-funcionamiento-con-dos-combustibles\\\/#breadcrumb\",\"itemListElement\":[{\"@type\":\"ListItem\",\"position\":1,\"name\":\"P\u00e1gina inicial\",\"item\":\"https:\\\/\\\/recambiosecogas.com\\\/pt-pt\\\/\"},{\"@type\":\"ListItem\",\"position\":2,\"name\":\"Loja\",\"item\":\"https:\\\/\\\/recambiosecogas.com\\\/pt-pt\\\/tienda\\\/\"},{\"@type\":\"ListItem\",\"position\":3,\"name\":\"Thetford Triplex Plus Horno y Grill &#8211; Funcionamiento con dos combustibles\"}]},{\"@type\":\"WebSite\",\"@id\":\"https:\\\/\\\/recambiosecogas.com\\\/pt-pt\\\/#website\",\"url\":\"https:\\\/\\\/recambiosecogas.com\\\/pt-pt\\\/\",\"name\":\"Recambios EcoGas\",\"description\":\"Pe\u00e7as multimarca para sistemas de GPL\\\/GNC\\\/GNL\\\/Hidrog\u00e9nio\",\"publisher\":{\"@id\":\"https:\\\/\\\/recambiosecogas.com\\\/pt-pt\\\/#organization\"},\"alternateName\":\"Recambios Autogas GLP\",\"potentialAction\":[{\"@type\":\"SearchAction\",\"target\":{\"@type\":\"EntryPoint\",\"urlTemplate\":\"https:\\\/\\\/recambiosecogas.com\\\/pt-pt\\\/?s={search_term_string}\"},\"query-input\":{\"@type\":\"PropertyValueSpecification\",\"valueRequired\":true,\"valueName\":\"search_term_string\"}}],\"inLanguage\":\"pt-PT\"},{\"@type\":[\"Organization\",\"Place\"],\"@id\":\"https:\\\/\\\/recambiosecogas.com\\\/pt-pt\\\/#organization\",\"name\":\"Recambios EcoGas\",\"alternateName\":\"Loja de GPL Autog\u00e1s Espanha\",\"url\":\"https:\\\/\\\/recambiosecogas.com\\\/pt-pt\\\/\",\"logo\":{\"@id\":\"https:\\\/\\\/recambiosecogas.com\\\/pt-pt\\\/produto\\\/thetford-triplex-plus-horno-y-grill-funcionamiento-con-dos-combustibles\\\/#local-main-organization-logo\"},\"image\":{\"@id\":\"https:\\\/\\\/recambiosecogas.com\\\/pt-pt\\\/produto\\\/thetford-triplex-plus-horno-y-grill-funcionamiento-con-dos-combustibles\\\/#local-main-organization-logo\"},\"sameAs\":[\"https:\\\/\\\/www.facebook.com\\\/profile.php?id=100062419705358\",\"https:\\\/\\\/www.instagram.com\\\/segimon_automocio\"],\"description\":\"Recambios EcoGas \u2013 Venta y distribuci\u00f3n de sistemas GLP y GNC en Espa\u00f1a y Portugal. Env\u00edos 24 h, soporte t\u00e9cnico a talleres y distribuidores.\",\"hasMerchantReturnPolicy\":{\"@type\":\"MerchantReturnPolicy\",\"merchantReturnLink\":\"https:\\\/\\\/recambiosecogas.com\\\/politicas-privacidad\\\/\"},\"address\":{\"@id\":\"https:\\\/\\\/recambiosecogas.com\\\/pt-pt\\\/produto\\\/thetford-triplex-plus-horno-y-grill-funcionamiento-con-dos-combustibles\\\/#local-main-place-address\"},\"telephone\":[\"616250633\"],\"contactPoint\":{\"@type\":\"ContactPoint\",\"email\":\"export@recambiosecogas.com\"},\"openingHoursSpecification\":[{\"@type\":\"OpeningHoursSpecification\",\"dayOfWeek\":[\"Monday\",\"Tuesday\",\"Wednesday\",\"Thursday\",\"Friday\",\"Saturday\",\"Sunday\"],\"opens\":\"09:00\",\"closes\":\"17:00\"}],\"email\":\"info@recambiosecogas.com\",\"faxNumber\":\"SEGIMON AUTOMOCION SL\",\"vatID\":\"ESB19819861\",\"globalLocationNumber\":\"938 616 339\"},{\"@type\":\"PostalAddress\",\"@id\":\"https:\\\/\\\/recambiosecogas.com\\\/pt-pt\\\/produto\\\/thetford-triplex-plus-horno-y-grill-funcionamiento-con-dos-combustibles\\\/#local-main-place-address\",\"streetAddress\":\"cami antic de vic, 29 (Nave 3), Pol\u00edgono Industrial Congost\",\"addressLocality\":\"CORRO D`AVALL\",\"postalCode\":\"08520\",\"addressRegion\":\"Barcelona\",\"addressCountry\":\"ES\"},{\"@type\":\"ImageObject\",\"inLanguage\":\"pt-PT\",\"@id\":\"https:\\\/\\\/recambiosecogas.com\\\/pt-pt\\\/produto\\\/thetford-triplex-plus-horno-y-grill-funcionamiento-con-dos-combustibles\\\/#local-main-organization-logo\",\"url\":\"https:\\\/\\\/recambiosecogas.com\\\/wp-content\\\/uploads\\\/2024\\\/11\\\/cropped-RECAMBIOS-GLP-png.webp\",\"contentUrl\":\"https:\\\/\\\/recambiosecogas.com\\\/wp-content\\\/uploads\\\/2024\\\/11\\\/cropped-RECAMBIOS-GLP-png.webp\",\"width\":512,\"height\":512,\"caption\":\"Recambios EcoGas\"}]}<\/script>\n<meta property=\"product:price:amount\" content=\"1226.86\" \/>\n<meta property=\"product:price:currency\" content=\"EUR\" \/>\n<meta property=\"og:availability\" content=\"backorder\" \/>\n<meta property=\"product:availability\" content=\"available for order\" \/>\n<meta property=\"product:retailer_item_id\" content=\"115799A\" \/>\n<meta property=\"product:condition\" content=\"new\" \/>\n<meta name=\"geo.placename\" content=\"CORRO D`AVALL\" \/>\n<meta name=\"geo.region\" content=\"Espanha\" \/>\n<!-- \/ Yoast SEO Premium plugin. -->","yoast_head_json":{"title":"Cocina Thetford Triplex Plus con Horno y Grill | Recambios Ecogas","description":"Cocina Thetford Triplex Plus con horno y grill, ideal para sistemas de Autogas. Eficiente y f\u00e1cil de limpiar, perfecta para camping.","robots":{"index":"index","follow":"follow","max-snippet":"max-snippet:-1","max-image-preview":"max-image-preview:large","max-video-preview":"max-video-preview:-1"},"canonical":"https:\/\/recambiosecogas.com\/pt-pt\/produto\/thetford-triplex-plus-horno-y-grill-funcionamiento-con-dos-combustibles\/","og_locale":"pt_PT","og_type":"article","og_title":"Thetford Triplex Plus Horno y Grill - Funcionamiento con dos combustibles","og_description":"Cocina Thetford Triplex Plus con horno y grill, ideal para sistemas de Autogas. Eficiente y f\u00e1cil de limpiar, perfecta para camping.","og_url":"https:\/\/recambiosecogas.com\/pt-pt\/produto\/thetford-triplex-plus-horno-y-grill-funcionamiento-con-dos-combustibles\/","og_site_name":"Recambios EcoGas","article_publisher":"https:\/\/www.facebook.com\/profile.php?id=100062419705358","article_modified_time":"2026-03-26T11:05:31+00:00","og_image":[{"width":1000,"height":1000,"url":"https:\/\/recambiosecogas.com\/wp-content\/uploads\/2025\/01\/Thetford-Triplex-Plus-Horno-y-Grill-Funcionamiento-con-dos-combustibles-png.webp","type":"image\/png"}],"twitter_card":"summary_large_image","twitter_misc":{"pre\u00e7o":"1.226,86&nbsp;&euro; (IVA incl.: 1.484,49&nbsp;&euro;)","Disponibilidade":"Por encomenda"},"schema":{"@context":"https:\/\/schema.org","@graph":[{"@type":"WebPage","@id":"https:\/\/recambiosecogas.com\/pt-pt\/produto\/thetford-triplex-plus-horno-y-grill-funcionamiento-con-dos-combustibles\/","url":"https:\/\/recambiosecogas.com\/pt-pt\/produto\/thetford-triplex-plus-horno-y-grill-funcionamiento-con-dos-combustibles\/","name":"Cocina Thetford Triplex Plus con Horno y Grill | Recambios Ecogas","isPartOf":{"@id":"https:\/\/recambiosecogas.com\/pt-pt\/#website"},"primaryImageOfPage":{"@id":"https:\/\/recambiosecogas.com\/pt-pt\/produto\/thetford-triplex-plus-horno-y-grill-funcionamiento-con-dos-combustibles\/#primaryimage"},"image":{"@id":"https:\/\/recambiosecogas.com\/pt-pt\/produto\/thetford-triplex-plus-horno-y-grill-funcionamiento-con-dos-combustibles\/#primaryimage"},"thumbnailUrl":"https:\/\/recambiosecogas.com\/wp-content\/uploads\/2025\/01\/Thetford-Triplex-Plus-Horno-y-Grill-Funcionamiento-con-dos-combustibles-png.webp","datePublished":"2025-01-21T09:43:55+00:00","dateModified":"2026-03-26T11:05:31+00:00","description":"Cocina Thetford Triplex Plus con horno y grill, ideal para sistemas de Autogas. Eficiente y f\u00e1cil de limpiar, perfecta para camping.","breadcrumb":{"@id":"https:\/\/recambiosecogas.com\/pt-pt\/produto\/thetford-triplex-plus-horno-y-grill-funcionamiento-con-dos-combustibles\/#breadcrumb"},"inLanguage":"pt-PT","potentialAction":[{"@type":"ReadAction","target":["https:\/\/recambiosecogas.com\/pt-pt\/produto\/thetford-triplex-plus-horno-y-grill-funcionamiento-con-dos-combustibles\/"]}]},{"@type":"ImageObject","inLanguage":"pt-PT","@id":"https:\/\/recambiosecogas.com\/pt-pt\/produto\/thetford-triplex-plus-horno-y-grill-funcionamiento-con-dos-combustibles\/#primaryimage","url":"https:\/\/recambiosecogas.com\/wp-content\/uploads\/2025\/01\/Thetford-Triplex-Plus-Horno-y-Grill-Funcionamiento-con-dos-combustibles-png.webp","contentUrl":"https:\/\/recambiosecogas.com\/wp-content\/uploads\/2025\/01\/Thetford-Triplex-Plus-Horno-y-Grill-Funcionamiento-con-dos-combustibles-png.webp","width":1000,"height":1000},{"@type":"BreadcrumbList","@id":"https:\/\/recambiosecogas.com\/pt-pt\/produto\/thetford-triplex-plus-horno-y-grill-funcionamiento-con-dos-combustibles\/#breadcrumb","itemListElement":[{"@type":"ListItem","position":1,"name":"P\u00e1gina inicial","item":"https:\/\/recambiosecogas.com\/pt-pt\/"},{"@type":"ListItem","position":2,"name":"Loja","item":"https:\/\/recambiosecogas.com\/pt-pt\/tienda\/"},{"@type":"ListItem","position":3,"name":"Thetford Triplex Plus Horno y Grill &#8211; Funcionamiento con dos combustibles"}]},{"@type":"WebSite","@id":"https:\/\/recambiosecogas.com\/pt-pt\/#website","url":"https:\/\/recambiosecogas.com\/pt-pt\/","name":"Recambios EcoGas","description":"Pe\u00e7as multimarca para sistemas de GPL\/GNC\/GNL\/Hidrog\u00e9nio","publisher":{"@id":"https:\/\/recambiosecogas.com\/pt-pt\/#organization"},"alternateName":"Recambios Autogas GLP","potentialAction":[{"@type":"SearchAction","target":{"@type":"EntryPoint","urlTemplate":"https:\/\/recambiosecogas.com\/pt-pt\/?s={search_term_string}"},"query-input":{"@type":"PropertyValueSpecification","valueRequired":true,"valueName":"search_term_string"}}],"inLanguage":"pt-PT"},{"@type":["Organization","Place"],"@id":"https:\/\/recambiosecogas.com\/pt-pt\/#organization","name":"Recambios EcoGas","alternateName":"Loja de GPL Autog\u00e1s Espanha","url":"https:\/\/recambiosecogas.com\/pt-pt\/","logo":{"@id":"https:\/\/recambiosecogas.com\/pt-pt\/produto\/thetford-triplex-plus-horno-y-grill-funcionamiento-con-dos-combustibles\/#local-main-organization-logo"},"image":{"@id":"https:\/\/recambiosecogas.com\/pt-pt\/produto\/thetford-triplex-plus-horno-y-grill-funcionamiento-con-dos-combustibles\/#local-main-organization-logo"},"sameAs":["https:\/\/www.facebook.com\/profile.php?id=100062419705358","https:\/\/www.instagram.com\/segimon_automocio"],"description":"Recambios EcoGas \u2013 Venta y distribuci\u00f3n de sistemas GLP y GNC en Espa\u00f1a y Portugal. Env\u00edos 24 h, soporte t\u00e9cnico a talleres y distribuidores.","hasMerchantReturnPolicy":{"@type":"MerchantReturnPolicy","merchantReturnLink":"https:\/\/recambiosecogas.com\/politicas-privacidad\/"},"address":{"@id":"https:\/\/recambiosecogas.com\/pt-pt\/produto\/thetford-triplex-plus-horno-y-grill-funcionamiento-con-dos-combustibles\/#local-main-place-address"},"telephone":["616250633"],"contactPoint":{"@type":"ContactPoint","email":"export@recambiosecogas.com"},"openingHoursSpecification":[{"@type":"OpeningHoursSpecification","dayOfWeek":["Monday","Tuesday","Wednesday","Thursday","Friday","Saturday","Sunday"],"opens":"09:00","closes":"17:00"}],"email":"info@recambiosecogas.com","faxNumber":"SEGIMON AUTOMOCION SL","vatID":"ESB19819861","globalLocationNumber":"938 616 339"},{"@type":"PostalAddress","@id":"https:\/\/recambiosecogas.com\/pt-pt\/produto\/thetford-triplex-plus-horno-y-grill-funcionamiento-con-dos-combustibles\/#local-main-place-address","streetAddress":"cami antic de vic, 29 (Nave 3), Pol\u00edgono Industrial Congost","addressLocality":"CORRO D`AVALL","postalCode":"08520","addressRegion":"Barcelona","addressCountry":"ES"},{"@type":"ImageObject","inLanguage":"pt-PT","@id":"https:\/\/recambiosecogas.com\/pt-pt\/produto\/thetford-triplex-plus-horno-y-grill-funcionamiento-con-dos-combustibles\/#local-main-organization-logo","url":"https:\/\/recambiosecogas.com\/wp-content\/uploads\/2024\/11\/cropped-RECAMBIOS-GLP-png.webp","contentUrl":"https:\/\/recambiosecogas.com\/wp-content\/uploads\/2024\/11\/cropped-RECAMBIOS-GLP-png.webp","width":512,"height":512,"caption":"Recambios EcoGas"}]},"product_price_amount":"1226.86","product_price_currency":"EUR","og_availability":"backorder","product_availability":"available for order","product_retailer_item_id":"115799A","product_condition":"new","geo.placename":"CORRO D`AVALL","geo.region":"Espanha"},"uagb_featured_image_src":{"full":["https:\/\/recambiosecogas.com\/wp-content\/uploads\/2025\/01\/Thetford-Triplex-Plus-Horno-y-Grill-Funcionamiento-con-dos-combustibles-png.webp",1000,1000,false],"thumbnail":["https:\/\/recambiosecogas.com\/wp-content\/uploads\/2025\/01\/Thetford-Triplex-Plus-Horno-y-Grill-Funcionamiento-con-dos-combustibles-150x150.webp",150,150,true],"medium":["https:\/\/recambiosecogas.com\/wp-content\/uploads\/2025\/01\/Thetford-Triplex-Plus-Horno-y-Grill-Funcionamiento-con-dos-combustibles-300x300.webp",300,300,true],"medium_large":["https:\/\/recambiosecogas.com\/wp-content\/uploads\/2025\/01\/Thetford-Triplex-Plus-Horno-y-Grill-Funcionamiento-con-dos-combustibles-768x768.webp",768,768,true],"large":["https:\/\/recambiosecogas.com\/wp-content\/uploads\/2025\/01\/Thetford-Triplex-Plus-Horno-y-Grill-Funcionamiento-con-dos-combustibles-png.webp",1000,1000,false],"1536x1536":["https:\/\/recambiosecogas.com\/wp-content\/uploads\/2025\/01\/Thetford-Triplex-Plus-Horno-y-Grill-Funcionamiento-con-dos-combustibles-png.webp",1000,1000,false],"2048x2048":["https:\/\/recambiosecogas.com\/wp-content\/uploads\/2025\/01\/Thetford-Triplex-Plus-Horno-y-Grill-Funcionamiento-con-dos-combustibles-png.webp",1000,1000,false],"woocommerce_archive_thumbnail":["https:\/\/recambiosecogas.com\/wp-content\/uploads\/2025\/01\/Thetford-Triplex-Plus-Horno-y-Grill-Funcionamiento-con-dos-combustibles-png.webp",1000,1000,false],"woocommerce_thumbnail":["https:\/\/recambiosecogas.com\/wp-content\/uploads\/2025\/01\/Thetford-Triplex-Plus-Horno-y-Grill-Funcionamiento-con-dos-combustibles-300x300.webp",300,300,true],"woocommerce_single":["https:\/\/recambiosecogas.com\/wp-content\/uploads\/2025\/01\/Thetford-Triplex-Plus-Horno-y-Grill-Funcionamiento-con-dos-combustibles-png.webp",1000,1000,false],"woocommerce_gallery_thumbnail":["https:\/\/recambiosecogas.com\/wp-content\/uploads\/2025\/01\/Thetford-Triplex-Plus-Horno-y-Grill-Funcionamiento-con-dos-combustibles-png.webp",1000,1000,false],"dgwt-wcas-product-suggestion":["https:\/\/recambiosecogas.com\/wp-content\/uploads\/2025\/01\/Thetford-Triplex-Plus-Horno-y-Grill-Funcionamiento-con-dos-combustibles-64x64.webp",64,64,true]},"uagb_author_info":{"display_name":"Fran - Soporte T\u00e9cnico","author_link":"https:\/\/recambiosecogas.com\/pt-pt\/author\/"},"uagb_comment_info":0,"uagb_excerpt":"THETFORD","_links":{"self":[{"href":"https:\/\/recambiosecogas.com\/pt-pt\/wp-json\/wp\/v2\/product\/16120","targetHints":{"allow":["GET"]}}],"collection":[{"href":"https:\/\/recambiosecogas.com\/pt-pt\/wp-json\/wp\/v2\/product"}],"about":[{"href":"https:\/\/recambiosecogas.com\/pt-pt\/wp-json\/wp\/v2\/types\/product"}],"replies":[{"embeddable":true,"href":"https:\/\/recambiosecogas.com\/pt-pt\/wp-json\/wp\/v2\/comments?post=16120"}],"wp:featuredmedia":[{"embeddable":true,"href":"https:\/\/recambiosecogas.com\/pt-pt\/wp-json\/wp\/v2\/media\/16553"}],"wp:attachment":[{"href":"https:\/\/recambiosecogas.com\/pt-pt\/wp-json\/wp\/v2\/media?parent=16120"}],"wp:term":[{"taxonomy":"product_brand","embeddable":true,"href":"https:\/\/recambiosecogas.com\/pt-pt\/wp-json\/wp\/v2\/product_brand?post=16120"},{"taxonomy":"product_cat","embeddable":true,"href":"https:\/\/recambiosecogas.com\/pt-pt\/wp-json\/wp\/v2\/product_cat?post=16120"},{"taxonomy":"product_tag","embeddable":true,"href":"https:\/\/recambiosecogas.com\/pt-pt\/wp-json\/wp\/v2\/product_tag?post=16120"}],"curies":[{"name":"wp","href":"https:\/\/api.w.org\/{rel}","templated":true}]}}