{"id":16117,"date":"2025-01-21T10:43:53","date_gmt":"2025-01-21T09:43:53","guid":{"rendered":"https:\/\/recambiosecogas.com\/producto\/thetford-enigma-cocina-de-glp-negra\/"},"modified":"2026-03-26T12:05:26","modified_gmt":"2026-03-26T11:05:26","slug":"thetford-enigma-cocina-de-glp-negra","status":"publish","type":"product","link":"https:\/\/recambiosecogas.com\/pt-pt\/produto\/thetford-enigma-cocina-de-glp-negra\/","title":{"rendered":"Thetford Enigma Cocina de GLP Negra"},"content":{"rendered":"<p>Cocina de GLP empotrable Thetford Enigma 600 en negro con un horno de 53 litros con puerta abatible, grill, encendido de 230 voltios y cuatro placas de cocci\u00f3n, compuestas por un quemador de 1 kW y tres quemadores de 1,5 kW.<\/p>\n<p>&nbsp;<\/p>\n<h4>Caracter\u00edsticas t\u00e9cnicas<\/h4>\n<p>Tipo: Horno empotrado<br \/>\nConexi\u00f3n: 1\/2&#8243; Rosca interior BSP<br \/>\nQuemador del horno: 1,8 kW<br \/>\nCapacidad del horno: 53<br \/>\nAltura: 760mm<br \/>\nAnchura: 620mm<br \/>\nProfundidad: 600mm<br \/>\nPeso: 35kg<br \/>\nMaterial: Puertas de cristal<br \/>\nQuemador de gas: 1 x 1kw, 3 x 1.5kw<br \/>\nTapa de cristal: S\u00ed<br \/>\nQuemador de parrilla: 1.6kw<br \/>\nEncendido: 230v<br \/>\nPomos: N\u00edquel mate<br \/>\nPotencia total: 8.9kw<\/p>\n<p>La <strong>Cocina de GLP Thetford Enigma Negra<\/strong> es una soluci\u00f3n eficiente y elegante para la cocina en caravanas y veh\u00edculos de camping. Este modelo empotrable cuenta con un horno de <strong>53 litros<\/strong> y cuatro quemadores, compuestos por un quemador de <strong>1 kW<\/strong> y tres quemadores de <strong>1,5 kW<\/strong>, ofreciendo un rendimiento \u00f3ptimo para la preparaci\u00f3n de alimentos en cualquier aventura.<\/p>\n<p>El horno est\u00e1 equipado con un encendido de <strong>230 voltios<\/strong> y una puerta abatible que facilita el acceso y la visualizaci\u00f3n de los alimentos mientras se cocinan. Su dise\u00f1o en color negro y las puertas de cristal aportan un toque moderno y funcional a cualquier cocina. La tapa de cristal proporciona una protecci\u00f3n adicional y un acabado elegante.<\/p>\n<p>Esta cocina es ideal para quienes buscan un sistema de <strong>Autogas<\/strong> eficiente y pr\u00e1ctico. Es importante tener en cuenta las dimensiones de instalaci\u00f3n: altura de <strong>760 mm<\/strong>, anchura de <strong>620 mm<\/strong> y profundidad de <strong>600 mm<\/strong>. Con un peso de <strong>35 kg<\/strong>, es robusta y dise\u00f1ada para soportar el uso en entornos de camping.<\/p>\n<p>Si no se reemplaza una cocina defectuosa, se pueden presentar problemas como una cocci\u00f3n ineficiente o incluso riesgos de seguridad. Por lo tanto, es recomendable revisar regularmente el estado de la cocina y realizar el mantenimiento necesario para asegurar su correcto funcionamiento.<\/p>\n<h4>Caracter\u00edsticas t\u00e9cnicas<\/h4>\n<p>Tipo: Horno empotrado<br \/>Conexi\u00f3n: <strong>1\/2&#8243; Rosca interior BSP<\/strong><br \/>Quemador del horno: <strong>1,8 kW<\/strong><br \/>Capacidad del horno: <strong>53L<\/strong><br \/>Altura: <strong>760 mm<\/strong><br \/>Anchura: <strong>620 mm<\/strong><br \/>Profundidad: <strong>600 mm<\/strong><br \/>Peso: <strong>35 kg<\/strong><br \/>Material: Puertas de cristal<br \/>Quemador de gas: <strong>1 x 1 kW, 3 x 1,5 kW<\/strong><br \/>Tapa de cristal: <strong>S\u00ed<\/strong><br \/>Quemador de parrilla: <strong>1,6 kW<\/strong><br \/>Encendido: <strong>230 V<\/strong><br \/>Pomos: N\u00edquel mate<br \/>Potencia total: <strong>8,9 kW<\/strong><\/p>\n","protected":false},"excerpt":{"rendered":"<p>THETFORD<\/p>\n","protected":false},"featured_media":16558,"comment_status":"open","ping_status":"closed","template":"","meta":{"googlesitekit_rrm_CAowud7EDA:productID":"","_uag_custom_page_level_css":""},"product_brand":[],"product_cat":[639,638],"product_tag":[],"class_list":{"0":"post-16117","1":"product","2":"type-product","3":"status-publish","4":"has-post-thumbnail","6":"product_cat-cocinas-autocaravana-glp","7":"product_cat-instalacion-de-gas-autocaravanas","9":"first","10":"onbackorder","11":"taxable","12":"shipping-taxable","13":"purchasable","14":"product-type-simple"},"ct_brands":[],"yoast_head":"<!-- This site is optimized with the Yoast SEO Premium plugin v27.3 (Yoast SEO v27.3) - https:\/\/yoast.com\/product\/yoast-seo-premium-wordpress\/ -->\n<title>Cocina de GLP Thetford Enigma Negra | Recambios Ecogas<\/title>\n<meta name=\"description\" content=\"Cocina empotrable de GLP Thetford Enigma en negro, con horno de 53L y cuatro quemadores, ideal para instalaciones de Autogas en caravanas.\" \/>\n<meta name=\"robots\" content=\"index, follow, max-snippet:-1, max-image-preview:large, max-video-preview:-1\" \/>\n<link rel=\"canonical\" href=\"https:\/\/recambiosecogas.com\/pt-pt\/produto\/thetford-enigma-cocina-de-glp-negra\/\" \/>\n<meta property=\"og:locale\" content=\"pt_PT\" \/>\n<meta property=\"og:type\" content=\"article\" \/>\n<meta property=\"og:title\" content=\"Thetford Enigma Cocina de GLP Negra\" \/>\n<meta property=\"og:description\" content=\"Cocina empotrable de GLP Thetford Enigma en negro, con horno de 53L y cuatro quemadores, ideal para instalaciones de Autogas en caravanas.\" \/>\n<meta property=\"og:url\" content=\"https:\/\/recambiosecogas.com\/pt-pt\/produto\/thetford-enigma-cocina-de-glp-negra\/\" \/>\n<meta property=\"og:site_name\" content=\"Recambios EcoGas\" \/>\n<meta property=\"article:publisher\" content=\"https:\/\/www.facebook.com\/profile.php?id=100062419705358\" \/>\n<meta property=\"article:modified_time\" content=\"2026-03-26T11:05:26+00:00\" \/>\n<meta property=\"og:image\" content=\"https:\/\/recambiosecogas.com\/wp-content\/uploads\/2025\/01\/Thetford-Enigma-Cocina-de-GLP-Negra-png.webp\" \/>\n\t<meta property=\"og:image:width\" content=\"1000\" \/>\n\t<meta property=\"og:image:height\" content=\"1000\" \/>\n\t<meta property=\"og:image:type\" content=\"image\/png\" \/>\n<meta name=\"twitter:card\" content=\"summary_large_image\" \/>\n<meta name=\"twitter:label1\" content=\"pre\u00e7o\" \/>\n\t<meta name=\"twitter:data1\" content=\"1.265,83&nbsp;&euro; (IVA incl.: 1.531,65&nbsp;&euro;)\" \/>\n\t<meta name=\"twitter:label2\" content=\"Disponibilidade\" \/>\n\t<meta name=\"twitter:data2\" content=\"Por encomenda\" \/>\n<script type=\"application\/ld+json\" class=\"yoast-schema-graph\">{\"@context\":\"https:\\\/\\\/schema.org\",\"@graph\":[{\"@type\":\"WebPage\",\"@id\":\"https:\\\/\\\/recambiosecogas.com\\\/pt-pt\\\/produto\\\/thetford-enigma-cocina-de-glp-negra\\\/\",\"url\":\"https:\\\/\\\/recambiosecogas.com\\\/pt-pt\\\/produto\\\/thetford-enigma-cocina-de-glp-negra\\\/\",\"name\":\"Cocina de GLP Thetford Enigma Negra | Recambios Ecogas\",\"isPartOf\":{\"@id\":\"https:\\\/\\\/recambiosecogas.com\\\/pt-pt\\\/#website\"},\"primaryImageOfPage\":{\"@id\":\"https:\\\/\\\/recambiosecogas.com\\\/pt-pt\\\/produto\\\/thetford-enigma-cocina-de-glp-negra\\\/#primaryimage\"},\"image\":{\"@id\":\"https:\\\/\\\/recambiosecogas.com\\\/pt-pt\\\/produto\\\/thetford-enigma-cocina-de-glp-negra\\\/#primaryimage\"},\"thumbnailUrl\":\"https:\\\/\\\/recambiosecogas.com\\\/wp-content\\\/uploads\\\/2025\\\/01\\\/Thetford-Enigma-Cocina-de-GLP-Negra-png.webp\",\"datePublished\":\"2025-01-21T09:43:53+00:00\",\"dateModified\":\"2026-03-26T11:05:26+00:00\",\"description\":\"Cocina empotrable de GLP Thetford Enigma en negro, con horno de 53L y cuatro quemadores, ideal para instalaciones de Autogas en caravanas.\",\"breadcrumb\":{\"@id\":\"https:\\\/\\\/recambiosecogas.com\\\/pt-pt\\\/produto\\\/thetford-enigma-cocina-de-glp-negra\\\/#breadcrumb\"},\"inLanguage\":\"pt-PT\",\"potentialAction\":[{\"@type\":\"ReadAction\",\"target\":[\"https:\\\/\\\/recambiosecogas.com\\\/pt-pt\\\/produto\\\/thetford-enigma-cocina-de-glp-negra\\\/\"]}]},{\"@type\":\"ImageObject\",\"inLanguage\":\"pt-PT\",\"@id\":\"https:\\\/\\\/recambiosecogas.com\\\/pt-pt\\\/produto\\\/thetford-enigma-cocina-de-glp-negra\\\/#primaryimage\",\"url\":\"https:\\\/\\\/recambiosecogas.com\\\/wp-content\\\/uploads\\\/2025\\\/01\\\/Thetford-Enigma-Cocina-de-GLP-Negra-png.webp\",\"contentUrl\":\"https:\\\/\\\/recambiosecogas.com\\\/wp-content\\\/uploads\\\/2025\\\/01\\\/Thetford-Enigma-Cocina-de-GLP-Negra-png.webp\",\"width\":1000,\"height\":1000},{\"@type\":\"BreadcrumbList\",\"@id\":\"https:\\\/\\\/recambiosecogas.com\\\/pt-pt\\\/produto\\\/thetford-enigma-cocina-de-glp-negra\\\/#breadcrumb\",\"itemListElement\":[{\"@type\":\"ListItem\",\"position\":1,\"name\":\"P\u00e1gina inicial\",\"item\":\"https:\\\/\\\/recambiosecogas.com\\\/pt-pt\\\/\"},{\"@type\":\"ListItem\",\"position\":2,\"name\":\"Loja\",\"item\":\"https:\\\/\\\/recambiosecogas.com\\\/pt-pt\\\/tienda\\\/\"},{\"@type\":\"ListItem\",\"position\":3,\"name\":\"Thetford Enigma Cocina de GLP Negra\"}]},{\"@type\":\"WebSite\",\"@id\":\"https:\\\/\\\/recambiosecogas.com\\\/pt-pt\\\/#website\",\"url\":\"https:\\\/\\\/recambiosecogas.com\\\/pt-pt\\\/\",\"name\":\"Recambios EcoGas\",\"description\":\"Pe\u00e7as multimarca para sistemas de GPL\\\/GNC\\\/GNL\\\/Hidrog\u00e9nio\",\"publisher\":{\"@id\":\"https:\\\/\\\/recambiosecogas.com\\\/pt-pt\\\/#organization\"},\"alternateName\":\"Recambios Autogas GLP\",\"potentialAction\":[{\"@type\":\"SearchAction\",\"target\":{\"@type\":\"EntryPoint\",\"urlTemplate\":\"https:\\\/\\\/recambiosecogas.com\\\/pt-pt\\\/?s={search_term_string}\"},\"query-input\":{\"@type\":\"PropertyValueSpecification\",\"valueRequired\":true,\"valueName\":\"search_term_string\"}}],\"inLanguage\":\"pt-PT\"},{\"@type\":[\"Organization\",\"Place\"],\"@id\":\"https:\\\/\\\/recambiosecogas.com\\\/pt-pt\\\/#organization\",\"name\":\"Recambios EcoGas\",\"alternateName\":\"Loja de GPL Autog\u00e1s Espanha\",\"url\":\"https:\\\/\\\/recambiosecogas.com\\\/pt-pt\\\/\",\"logo\":{\"@id\":\"https:\\\/\\\/recambiosecogas.com\\\/pt-pt\\\/produto\\\/thetford-enigma-cocina-de-glp-negra\\\/#local-main-organization-logo\"},\"image\":{\"@id\":\"https:\\\/\\\/recambiosecogas.com\\\/pt-pt\\\/produto\\\/thetford-enigma-cocina-de-glp-negra\\\/#local-main-organization-logo\"},\"sameAs\":[\"https:\\\/\\\/www.facebook.com\\\/profile.php?id=100062419705358\",\"https:\\\/\\\/www.instagram.com\\\/segimon_automocio\"],\"description\":\"Recambios EcoGas \u2013 Venta y distribuci\u00f3n de sistemas GLP y GNC en Espa\u00f1a y Portugal. Env\u00edos 24 h, soporte t\u00e9cnico a talleres y distribuidores.\",\"hasMerchantReturnPolicy\":{\"@type\":\"MerchantReturnPolicy\",\"merchantReturnLink\":\"https:\\\/\\\/recambiosecogas.com\\\/politicas-privacidad\\\/\"},\"address\":{\"@id\":\"https:\\\/\\\/recambiosecogas.com\\\/pt-pt\\\/produto\\\/thetford-enigma-cocina-de-glp-negra\\\/#local-main-place-address\"},\"telephone\":[\"616250633\"],\"contactPoint\":{\"@type\":\"ContactPoint\",\"email\":\"export@recambiosecogas.com\"},\"openingHoursSpecification\":[{\"@type\":\"OpeningHoursSpecification\",\"dayOfWeek\":[\"Monday\",\"Tuesday\",\"Wednesday\",\"Thursday\",\"Friday\",\"Saturday\",\"Sunday\"],\"opens\":\"09:00\",\"closes\":\"17:00\"}],\"email\":\"info@recambiosecogas.com\",\"faxNumber\":\"SEGIMON AUTOMOCION SL\",\"vatID\":\"ESB19819861\",\"globalLocationNumber\":\"938 616 339\"},{\"@type\":\"PostalAddress\",\"@id\":\"https:\\\/\\\/recambiosecogas.com\\\/pt-pt\\\/produto\\\/thetford-enigma-cocina-de-glp-negra\\\/#local-main-place-address\",\"streetAddress\":\"cami antic de vic, 29 (Nave 3), Pol\u00edgono Industrial Congost\",\"addressLocality\":\"CORRO D`AVALL\",\"postalCode\":\"08520\",\"addressRegion\":\"Barcelona\",\"addressCountry\":\"ES\"},{\"@type\":\"ImageObject\",\"inLanguage\":\"pt-PT\",\"@id\":\"https:\\\/\\\/recambiosecogas.com\\\/pt-pt\\\/produto\\\/thetford-enigma-cocina-de-glp-negra\\\/#local-main-organization-logo\",\"url\":\"https:\\\/\\\/recambiosecogas.com\\\/wp-content\\\/uploads\\\/2024\\\/11\\\/cropped-RECAMBIOS-GLP-png.webp\",\"contentUrl\":\"https:\\\/\\\/recambiosecogas.com\\\/wp-content\\\/uploads\\\/2024\\\/11\\\/cropped-RECAMBIOS-GLP-png.webp\",\"width\":512,\"height\":512,\"caption\":\"Recambios EcoGas\"}]}<\/script>\n<meta property=\"product:price:amount\" content=\"1265.83\" \/>\n<meta property=\"product:price:currency\" content=\"EUR\" \/>\n<meta property=\"og:availability\" content=\"backorder\" \/>\n<meta property=\"product:availability\" content=\"available for order\" \/>\n<meta property=\"product:retailer_item_id\" content=\"115795A\" \/>\n<meta property=\"product:condition\" content=\"new\" \/>\n<meta name=\"geo.placename\" content=\"CORRO D`AVALL\" \/>\n<meta name=\"geo.region\" content=\"Espanha\" \/>\n<!-- \/ Yoast SEO Premium plugin. -->","yoast_head_json":{"title":"Cocina de GLP Thetford Enigma Negra | Recambios Ecogas","description":"Cocina empotrable de GLP Thetford Enigma en negro, con horno de 53L y cuatro quemadores, ideal para instalaciones de Autogas en caravanas.","robots":{"index":"index","follow":"follow","max-snippet":"max-snippet:-1","max-image-preview":"max-image-preview:large","max-video-preview":"max-video-preview:-1"},"canonical":"https:\/\/recambiosecogas.com\/pt-pt\/produto\/thetford-enigma-cocina-de-glp-negra\/","og_locale":"pt_PT","og_type":"article","og_title":"Thetford Enigma Cocina de GLP Negra","og_description":"Cocina empotrable de GLP Thetford Enigma en negro, con horno de 53L y cuatro quemadores, ideal para instalaciones de Autogas en caravanas.","og_url":"https:\/\/recambiosecogas.com\/pt-pt\/produto\/thetford-enigma-cocina-de-glp-negra\/","og_site_name":"Recambios EcoGas","article_publisher":"https:\/\/www.facebook.com\/profile.php?id=100062419705358","article_modified_time":"2026-03-26T11:05:26+00:00","og_image":[{"width":1000,"height":1000,"url":"https:\/\/recambiosecogas.com\/wp-content\/uploads\/2025\/01\/Thetford-Enigma-Cocina-de-GLP-Negra-png.webp","type":"image\/png"}],"twitter_card":"summary_large_image","twitter_misc":{"pre\u00e7o":"1.265,83&nbsp;&euro; (IVA incl.: 1.531,65&nbsp;&euro;)","Disponibilidade":"Por encomenda"},"schema":{"@context":"https:\/\/schema.org","@graph":[{"@type":"WebPage","@id":"https:\/\/recambiosecogas.com\/pt-pt\/produto\/thetford-enigma-cocina-de-glp-negra\/","url":"https:\/\/recambiosecogas.com\/pt-pt\/produto\/thetford-enigma-cocina-de-glp-negra\/","name":"Cocina de GLP Thetford Enigma Negra | Recambios Ecogas","isPartOf":{"@id":"https:\/\/recambiosecogas.com\/pt-pt\/#website"},"primaryImageOfPage":{"@id":"https:\/\/recambiosecogas.com\/pt-pt\/produto\/thetford-enigma-cocina-de-glp-negra\/#primaryimage"},"image":{"@id":"https:\/\/recambiosecogas.com\/pt-pt\/produto\/thetford-enigma-cocina-de-glp-negra\/#primaryimage"},"thumbnailUrl":"https:\/\/recambiosecogas.com\/wp-content\/uploads\/2025\/01\/Thetford-Enigma-Cocina-de-GLP-Negra-png.webp","datePublished":"2025-01-21T09:43:53+00:00","dateModified":"2026-03-26T11:05:26+00:00","description":"Cocina empotrable de GLP Thetford Enigma en negro, con horno de 53L y cuatro quemadores, ideal para instalaciones de Autogas en caravanas.","breadcrumb":{"@id":"https:\/\/recambiosecogas.com\/pt-pt\/produto\/thetford-enigma-cocina-de-glp-negra\/#breadcrumb"},"inLanguage":"pt-PT","potentialAction":[{"@type":"ReadAction","target":["https:\/\/recambiosecogas.com\/pt-pt\/produto\/thetford-enigma-cocina-de-glp-negra\/"]}]},{"@type":"ImageObject","inLanguage":"pt-PT","@id":"https:\/\/recambiosecogas.com\/pt-pt\/produto\/thetford-enigma-cocina-de-glp-negra\/#primaryimage","url":"https:\/\/recambiosecogas.com\/wp-content\/uploads\/2025\/01\/Thetford-Enigma-Cocina-de-GLP-Negra-png.webp","contentUrl":"https:\/\/recambiosecogas.com\/wp-content\/uploads\/2025\/01\/Thetford-Enigma-Cocina-de-GLP-Negra-png.webp","width":1000,"height":1000},{"@type":"BreadcrumbList","@id":"https:\/\/recambiosecogas.com\/pt-pt\/produto\/thetford-enigma-cocina-de-glp-negra\/#breadcrumb","itemListElement":[{"@type":"ListItem","position":1,"name":"P\u00e1gina inicial","item":"https:\/\/recambiosecogas.com\/pt-pt\/"},{"@type":"ListItem","position":2,"name":"Loja","item":"https:\/\/recambiosecogas.com\/pt-pt\/tienda\/"},{"@type":"ListItem","position":3,"name":"Thetford Enigma Cocina de GLP Negra"}]},{"@type":"WebSite","@id":"https:\/\/recambiosecogas.com\/pt-pt\/#website","url":"https:\/\/recambiosecogas.com\/pt-pt\/","name":"Recambios EcoGas","description":"Pe\u00e7as multimarca para sistemas de GPL\/GNC\/GNL\/Hidrog\u00e9nio","publisher":{"@id":"https:\/\/recambiosecogas.com\/pt-pt\/#organization"},"alternateName":"Recambios Autogas GLP","potentialAction":[{"@type":"SearchAction","target":{"@type":"EntryPoint","urlTemplate":"https:\/\/recambiosecogas.com\/pt-pt\/?s={search_term_string}"},"query-input":{"@type":"PropertyValueSpecification","valueRequired":true,"valueName":"search_term_string"}}],"inLanguage":"pt-PT"},{"@type":["Organization","Place"],"@id":"https:\/\/recambiosecogas.com\/pt-pt\/#organization","name":"Recambios EcoGas","alternateName":"Loja de GPL Autog\u00e1s Espanha","url":"https:\/\/recambiosecogas.com\/pt-pt\/","logo":{"@id":"https:\/\/recambiosecogas.com\/pt-pt\/produto\/thetford-enigma-cocina-de-glp-negra\/#local-main-organization-logo"},"image":{"@id":"https:\/\/recambiosecogas.com\/pt-pt\/produto\/thetford-enigma-cocina-de-glp-negra\/#local-main-organization-logo"},"sameAs":["https:\/\/www.facebook.com\/profile.php?id=100062419705358","https:\/\/www.instagram.com\/segimon_automocio"],"description":"Recambios EcoGas \u2013 Venta y distribuci\u00f3n de sistemas GLP y GNC en Espa\u00f1a y Portugal. Env\u00edos 24 h, soporte t\u00e9cnico a talleres y distribuidores.","hasMerchantReturnPolicy":{"@type":"MerchantReturnPolicy","merchantReturnLink":"https:\/\/recambiosecogas.com\/politicas-privacidad\/"},"address":{"@id":"https:\/\/recambiosecogas.com\/pt-pt\/produto\/thetford-enigma-cocina-de-glp-negra\/#local-main-place-address"},"telephone":["616250633"],"contactPoint":{"@type":"ContactPoint","email":"export@recambiosecogas.com"},"openingHoursSpecification":[{"@type":"OpeningHoursSpecification","dayOfWeek":["Monday","Tuesday","Wednesday","Thursday","Friday","Saturday","Sunday"],"opens":"09:00","closes":"17:00"}],"email":"info@recambiosecogas.com","faxNumber":"SEGIMON AUTOMOCION SL","vatID":"ESB19819861","globalLocationNumber":"938 616 339"},{"@type":"PostalAddress","@id":"https:\/\/recambiosecogas.com\/pt-pt\/produto\/thetford-enigma-cocina-de-glp-negra\/#local-main-place-address","streetAddress":"cami antic de vic, 29 (Nave 3), Pol\u00edgono Industrial Congost","addressLocality":"CORRO D`AVALL","postalCode":"08520","addressRegion":"Barcelona","addressCountry":"ES"},{"@type":"ImageObject","inLanguage":"pt-PT","@id":"https:\/\/recambiosecogas.com\/pt-pt\/produto\/thetford-enigma-cocina-de-glp-negra\/#local-main-organization-logo","url":"https:\/\/recambiosecogas.com\/wp-content\/uploads\/2024\/11\/cropped-RECAMBIOS-GLP-png.webp","contentUrl":"https:\/\/recambiosecogas.com\/wp-content\/uploads\/2024\/11\/cropped-RECAMBIOS-GLP-png.webp","width":512,"height":512,"caption":"Recambios EcoGas"}]},"product_price_amount":"1265.83","product_price_currency":"EUR","og_availability":"backorder","product_availability":"available for order","product_retailer_item_id":"115795A","product_condition":"new","geo.placename":"CORRO D`AVALL","geo.region":"Espanha"},"uagb_featured_image_src":{"full":["https:\/\/recambiosecogas.com\/wp-content\/uploads\/2025\/01\/Thetford-Enigma-Cocina-de-GLP-Negra-png.webp",1000,1000,false],"thumbnail":["https:\/\/recambiosecogas.com\/wp-content\/uploads\/2025\/01\/Thetford-Enigma-Cocina-de-GLP-Negra-150x150.webp",150,150,true],"medium":["https:\/\/recambiosecogas.com\/wp-content\/uploads\/2025\/01\/Thetford-Enigma-Cocina-de-GLP-Negra-300x300.webp",300,300,true],"medium_large":["https:\/\/recambiosecogas.com\/wp-content\/uploads\/2025\/01\/Thetford-Enigma-Cocina-de-GLP-Negra-768x768.webp",768,768,true],"large":["https:\/\/recambiosecogas.com\/wp-content\/uploads\/2025\/01\/Thetford-Enigma-Cocina-de-GLP-Negra-png.webp",1000,1000,false],"1536x1536":["https:\/\/recambiosecogas.com\/wp-content\/uploads\/2025\/01\/Thetford-Enigma-Cocina-de-GLP-Negra-png.webp",1000,1000,false],"2048x2048":["https:\/\/recambiosecogas.com\/wp-content\/uploads\/2025\/01\/Thetford-Enigma-Cocina-de-GLP-Negra-png.webp",1000,1000,false],"woocommerce_archive_thumbnail":["https:\/\/recambiosecogas.com\/wp-content\/uploads\/2025\/01\/Thetford-Enigma-Cocina-de-GLP-Negra-png.webp",1000,1000,false],"woocommerce_thumbnail":["https:\/\/recambiosecogas.com\/wp-content\/uploads\/2025\/01\/Thetford-Enigma-Cocina-de-GLP-Negra-300x300.webp",300,300,true],"woocommerce_single":["https:\/\/recambiosecogas.com\/wp-content\/uploads\/2025\/01\/Thetford-Enigma-Cocina-de-GLP-Negra-png.webp",1000,1000,false],"woocommerce_gallery_thumbnail":["https:\/\/recambiosecogas.com\/wp-content\/uploads\/2025\/01\/Thetford-Enigma-Cocina-de-GLP-Negra-png.webp",1000,1000,false],"dgwt-wcas-product-suggestion":["https:\/\/recambiosecogas.com\/wp-content\/uploads\/2025\/01\/Thetford-Enigma-Cocina-de-GLP-Negra-64x64.webp",64,64,true]},"uagb_author_info":{"display_name":"Fran - Soporte T\u00e9cnico","author_link":"https:\/\/recambiosecogas.com\/pt-pt\/author\/"},"uagb_comment_info":0,"uagb_excerpt":"THETFORD","_links":{"self":[{"href":"https:\/\/recambiosecogas.com\/pt-pt\/wp-json\/wp\/v2\/product\/16117","targetHints":{"allow":["GET"]}}],"collection":[{"href":"https:\/\/recambiosecogas.com\/pt-pt\/wp-json\/wp\/v2\/product"}],"about":[{"href":"https:\/\/recambiosecogas.com\/pt-pt\/wp-json\/wp\/v2\/types\/product"}],"replies":[{"embeddable":true,"href":"https:\/\/recambiosecogas.com\/pt-pt\/wp-json\/wp\/v2\/comments?post=16117"}],"wp:featuredmedia":[{"embeddable":true,"href":"https:\/\/recambiosecogas.com\/pt-pt\/wp-json\/wp\/v2\/media\/16558"}],"wp:attachment":[{"href":"https:\/\/recambiosecogas.com\/pt-pt\/wp-json\/wp\/v2\/media?parent=16117"}],"wp:term":[{"taxonomy":"product_brand","embeddable":true,"href":"https:\/\/recambiosecogas.com\/pt-pt\/wp-json\/wp\/v2\/product_brand?post=16117"},{"taxonomy":"product_cat","embeddable":true,"href":"https:\/\/recambiosecogas.com\/pt-pt\/wp-json\/wp\/v2\/product_cat?post=16117"},{"taxonomy":"product_tag","embeddable":true,"href":"https:\/\/recambiosecogas.com\/pt-pt\/wp-json\/wp\/v2\/product_tag?post=16117"}],"curies":[{"name":"wp","href":"https:\/\/api.w.org\/{rel}","templated":true}]}}