{"id":16114,"date":"2025-01-21T10:43:52","date_gmt":"2025-01-21T09:43:52","guid":{"rendered":"https:\/\/recambiosecogas.com\/producto\/thetford-525-horno\/"},"modified":"2026-03-26T12:05:21","modified_gmt":"2026-03-26T11:05:21","slug":"thetford-525-horno","status":"publish","type":"product","link":"https:\/\/recambiosecogas.com\/pt-pt\/produto\/thetford-525-horno\/","title":{"rendered":"Thetford 525 Horno"},"content":{"rendered":"<h2>Un horno para cocinar en autocaravana<\/h2>\n<p>El\u00a0<strong>horno<\/strong>\u00a0Thetford\u00a0<strong>Grill 525<\/strong>\u00a0est\u00e1 dise\u00f1ado para encajar perfectamente en veh\u00edculos de recreo como autocaravanas, caravanas, furgonetas transformadas y barcos. Con una capacidad de 23 litros y una potencia de 2,5 kW, este horno compacto y de alto rendimiento te permite cocinar como en casa. Con un encendido de 12 V, este horno ofrece todo lo que necesitas para cocinar con \u00e9xito, ya sea en modo horno o grill. Su r\u00e1pido tiempo de precalentamiento y la distribuci\u00f3n uniforme del calor garantizan una cocci\u00f3n perfecta para preparar deliciosos platos peque\u00f1os. Puedes asar f\u00e1cilmente una pizza o calentar una quiche. Adem\u00e1s, incluye una rejilla para el horno. \u00a1Qu\u00e9 pr\u00e1ctico!<\/p>\n<h3>Un dise\u00f1o bien pensado<\/h3>\n<p>El\u00a0<strong>Horno 525 de Thetford<\/strong>\u00a0tiene un dise\u00f1o moderno y pr\u00e1ctico, que incluye una puerta que se abre hacia arriba, y con su panel de control frontal extra\u00edble y su elegante dise\u00f1o negro, quedar\u00e1 genial en cualquier cocina de veh\u00edculo de recreo.<\/p>\n<p>Adem\u00e1s, incorpora mandos cil\u00edndricos cromados y negros para un control f\u00e1cil y preciso de la cocci\u00f3n. El horno Thetford es f\u00e1cil de limpiar.<\/p>\n<h2>F\u00e1cil instalaci\u00f3n del horno empotrable 525 Oven<\/h2>\n<p>Este horno est\u00e1 dise\u00f1ado s\u00f3lo para empotrar, con una instalaci\u00f3n r\u00e1pida y sencilla que no requiere chimenea ni ventilaci\u00f3n. Los gases quemados se dispersan por las tomas de aire de la parte trasera. Gracias a sus dimensiones espec\u00edficas (525 mm de ancho), este horno puede instalarse f\u00e1cilmente encima de frigor\u00edficos Thetford del mismo ancho.<\/p>\n<p>Su sistema de ventilaci\u00f3n integrado mejora la seguridad y optimiza la cocci\u00f3n. Los ventiladores se encienden autom\u00e1ticamente en cuanto el horno de gas alcanza una temperatura determinada. \u00a1Inteligente!<\/p>\n<h2><em>Aspectos destacados del minihorno Thetford Grill 525<\/em><\/h2>\n<ul>\n<li>Encaja perfectamente en frigor\u00edficos de 525 mm de ancho<\/li>\n<li>Dise\u00f1o elegante y moderno<\/li>\n<li>Sistema de ventilaci\u00f3n integrado<\/li>\n<li>Capacidad de 23 litros<\/li>\n<li>Funci\u00f3n grill y horno<\/li>\n<li>F\u00e1cil de limpiar gracias a su elegante dise\u00f1o<\/li>\n<\/ul>\n<p>&nbsp;<\/p>\n<p>El horno 525 hace juego con los frigor\u00edficos de 525 mm de ancho y completa la cocina. Muy f\u00e1cil de mantener gracias a los paneles frontales extra\u00edbles. Instalaci\u00f3n saliente o empotrada.<\/p>\n<p>&nbsp;<\/p>\n<h4>Datos t\u00e9cnicos<\/h4>\n<p>12V &#8211; Encendido: S\u00ed<\/p>\n<p>Dimensiones (AlxAnxPr): 369x525x480mm<\/p>\n<p>Quemador de gas &#8211; horno: 1.0kW<\/p>\n<p>Potencia calor\u00edfica total (gas): 2,5kW<\/p>\n<p>Volumen del grill: Integrado en el compartimento del horno<\/p>\n<p>Volumen m\u00e1ximo de gas de entrada: 108 g\/h<\/p>\n<p>Caracter\u00edsticas: Iluminaci\u00f3n del horno<\/p>\n<p>Dimensi\u00f3n nominal &#8211; dimensi\u00f3n de instalaci\u00f3n: 527mm<\/p>\n<p>Peso neto: 15,8kg<\/p>\n<p>Capacidad del horno: 23L<\/p>\n<p>Tipo: Horno con grill<\/p>\n<h2>Un horno para cocinar en autocaravana<\/h2>\n<p>El <strong>horno Thetford 525<\/strong> est\u00e1 dise\u00f1ado para encajar perfectamente en veh\u00edculos de recreo como autocaravanas, caravanas, furgonetas transformadas y barcos. Con una <strong>capacidad de 23 litros<\/strong> y una <strong>potencia de 2,5 kW<\/strong>, este horno compacto y de alto rendimiento te permite cocinar como en casa. Con un encendido de <strong>12 V<\/strong>, este horno ofrece todo lo necesario para cocinar con \u00e9xito, ya sea en modo horno o grill. Su r\u00e1pido tiempo de precalentamiento y la distribuci\u00f3n uniforme del calor garantizan una cocci\u00f3n perfecta para preparar deliciosos platos peque\u00f1os, como pizzas o quiches. Adem\u00e1s, incluye una rejilla para el horno, lo que lo hace a\u00fan m\u00e1s pr\u00e1ctico.<\/p>\n<h3>Un dise\u00f1o bien pensado<\/h3>\n<p>El <strong>Horno 525 de Thetford<\/strong> presenta un dise\u00f1o moderno y pr\u00e1ctico, con una puerta que se abre hacia arriba. Su panel de control frontal extra\u00edble y su elegante dise\u00f1o negro lo convierten en un complemento ideal para cualquier cocina de veh\u00edculo de recreo. Adem\u00e1s, incorpora mandos cil\u00edndricos cromados y negros que permiten un control f\u00e1cil y preciso de la cocci\u00f3n, y es f\u00e1cil de limpiar.<\/p>\n<h2>F\u00e1cil instalaci\u00f3n del horno empotrable 525<\/h2>\n<p>Este horno est\u00e1 dise\u00f1ado exclusivamente para empotrar, con una instalaci\u00f3n r\u00e1pida y sencilla que no requiere chimenea ni ventilaci\u00f3n. Los gases quemados se dispersan a trav\u00e9s de las tomas de aire en la parte trasera. Gracias a sus dimensiones espec\u00edficas de <strong>525 mm de ancho<\/strong>, este horno puede instalarse f\u00e1cilmente encima de frigor\u00edficos Thetford del mismo ancho.<\/p>\n<p>Su sistema de ventilaci\u00f3n integrado mejora la seguridad y optimiza la cocci\u00f3n, ya que los ventiladores se encienden autom\u00e1ticamente cuando el horno alcanza una temperatura determinada.<\/p>\n<h2><em>Aspectos destacados del horno Thetford 525<\/em><\/h2>\n<ul>\n<li>Encaja perfectamente en frigor\u00edficos de 525 mm de ancho<\/li>\n<li>Dise\u00f1o elegante y moderno<\/li>\n<li>Sistema de ventilaci\u00f3n integrado<\/li>\n<li>Capacidad de 23 litros<\/li>\n<li>Funci\u00f3n grill y horno<\/li>\n<li>F\u00e1cil de limpiar gracias a su elegante dise\u00f1o<\/li>\n<\/ul>\n<h4>Datos t\u00e9cnicos<\/h4>\n<p>Dimensiones (AlxAnxPr): <strong>369x525x480 mm<\/strong><\/p>\n<p>Quemador de gas &#8211; horno: <strong>1.0 kW<\/strong><\/p>\n<p>Potencia calor\u00edfica total (gas): <strong>2,5 kW<\/strong><\/p>\n<p>Volumen del grill: <strong>Integrado en el compartimento del horno<\/strong><\/p>\n<p>Volumen m\u00e1ximo de gas de entrada: <strong>108 g\/h<\/strong><\/p>\n<p>Caracter\u00edsticas: <strong>Iluminaci\u00f3n del horno<\/strong><\/p>\n<p>Peso neto: <strong>15,8 kg<\/strong><\/p>\n","protected":false},"excerpt":{"rendered":"<p>THETFORD<\/p>\n","protected":false},"featured_media":16562,"comment_status":"open","ping_status":"closed","template":"","meta":{"googlesitekit_rrm_CAowud7EDA:productID":"","_uag_custom_page_level_css":""},"product_brand":[],"product_cat":[639,638],"product_tag":[],"class_list":{"0":"post-16114","1":"product","2":"type-product","3":"status-publish","4":"has-post-thumbnail","6":"product_cat-cocinas-autocaravana-glp","7":"product_cat-instalacion-de-gas-autocaravanas","9":"first","10":"onbackorder","11":"taxable","12":"shipping-taxable","13":"purchasable","14":"product-type-simple"},"ct_brands":[],"yoast_head":"<!-- This site is optimized with the Yoast SEO Premium plugin v27.3 (Yoast SEO v27.3) - https:\/\/yoast.com\/product\/yoast-seo-premium-wordpress\/ -->\n<title>Horno Thetford 525 para Autocaravanas | Recambios Ecogas<\/title>\n<meta name=\"description\" content=\"Horno Thetford 525, ideal para autocaravanas, con capacidad de 23L y potencia de 2,5kW. Perfecto para cocinar en espacios reducidos.\" \/>\n<meta name=\"robots\" content=\"index, follow, max-snippet:-1, max-image-preview:large, max-video-preview:-1\" \/>\n<link rel=\"canonical\" href=\"https:\/\/recambiosecogas.com\/pt-pt\/produto\/thetford-525-horno\/\" \/>\n<meta property=\"og:locale\" content=\"pt_PT\" \/>\n<meta property=\"og:type\" content=\"article\" \/>\n<meta property=\"og:title\" content=\"Thetford 525 Horno\" \/>\n<meta property=\"og:description\" content=\"Horno Thetford 525, ideal para autocaravanas, con capacidad de 23L y potencia de 2,5kW. Perfecto para cocinar en espacios reducidos.\" \/>\n<meta property=\"og:url\" content=\"https:\/\/recambiosecogas.com\/pt-pt\/produto\/thetford-525-horno\/\" \/>\n<meta property=\"og:site_name\" content=\"Recambios EcoGas\" \/>\n<meta property=\"article:publisher\" content=\"https:\/\/www.facebook.com\/profile.php?id=100062419705358\" \/>\n<meta property=\"article:modified_time\" content=\"2026-03-26T11:05:21+00:00\" \/>\n<meta property=\"og:image\" content=\"https:\/\/recambiosecogas.com\/wp-content\/uploads\/2025\/01\/Thetford-525-Horno-png.webp\" \/>\n\t<meta property=\"og:image:width\" content=\"1000\" \/>\n\t<meta property=\"og:image:height\" content=\"1000\" \/>\n\t<meta property=\"og:image:type\" content=\"image\/png\" \/>\n<meta name=\"twitter:card\" content=\"summary_large_image\" \/>\n<meta name=\"twitter:label1\" content=\"pre\u00e7o\" \/>\n\t<meta name=\"twitter:data1\" content=\"735,42&nbsp;&euro; (IVA incl.: 889,86&nbsp;&euro;)\" \/>\n\t<meta name=\"twitter:label2\" content=\"Disponibilidade\" \/>\n\t<meta name=\"twitter:data2\" content=\"Por encomenda\" \/>\n<script type=\"application\/ld+json\" class=\"yoast-schema-graph\">{\"@context\":\"https:\\\/\\\/schema.org\",\"@graph\":[{\"@type\":\"WebPage\",\"@id\":\"https:\\\/\\\/recambiosecogas.com\\\/pt-pt\\\/produto\\\/thetford-525-horno\\\/\",\"url\":\"https:\\\/\\\/recambiosecogas.com\\\/pt-pt\\\/produto\\\/thetford-525-horno\\\/\",\"name\":\"Horno Thetford 525 para Autocaravanas | Recambios Ecogas\",\"isPartOf\":{\"@id\":\"https:\\\/\\\/recambiosecogas.com\\\/pt-pt\\\/#website\"},\"primaryImageOfPage\":{\"@id\":\"https:\\\/\\\/recambiosecogas.com\\\/pt-pt\\\/produto\\\/thetford-525-horno\\\/#primaryimage\"},\"image\":{\"@id\":\"https:\\\/\\\/recambiosecogas.com\\\/pt-pt\\\/produto\\\/thetford-525-horno\\\/#primaryimage\"},\"thumbnailUrl\":\"https:\\\/\\\/recambiosecogas.com\\\/wp-content\\\/uploads\\\/2025\\\/01\\\/Thetford-525-Horno-png.webp\",\"datePublished\":\"2025-01-21T09:43:52+00:00\",\"dateModified\":\"2026-03-26T11:05:21+00:00\",\"description\":\"Horno Thetford 525, ideal para autocaravanas, con capacidad de 23L y potencia de 2,5kW. Perfecto para cocinar en espacios reducidos.\",\"breadcrumb\":{\"@id\":\"https:\\\/\\\/recambiosecogas.com\\\/pt-pt\\\/produto\\\/thetford-525-horno\\\/#breadcrumb\"},\"inLanguage\":\"pt-PT\",\"potentialAction\":[{\"@type\":\"ReadAction\",\"target\":[\"https:\\\/\\\/recambiosecogas.com\\\/pt-pt\\\/produto\\\/thetford-525-horno\\\/\"]}]},{\"@type\":\"ImageObject\",\"inLanguage\":\"pt-PT\",\"@id\":\"https:\\\/\\\/recambiosecogas.com\\\/pt-pt\\\/produto\\\/thetford-525-horno\\\/#primaryimage\",\"url\":\"https:\\\/\\\/recambiosecogas.com\\\/wp-content\\\/uploads\\\/2025\\\/01\\\/Thetford-525-Horno-png.webp\",\"contentUrl\":\"https:\\\/\\\/recambiosecogas.com\\\/wp-content\\\/uploads\\\/2025\\\/01\\\/Thetford-525-Horno-png.webp\",\"width\":1000,\"height\":1000},{\"@type\":\"BreadcrumbList\",\"@id\":\"https:\\\/\\\/recambiosecogas.com\\\/pt-pt\\\/produto\\\/thetford-525-horno\\\/#breadcrumb\",\"itemListElement\":[{\"@type\":\"ListItem\",\"position\":1,\"name\":\"P\u00e1gina inicial\",\"item\":\"https:\\\/\\\/recambiosecogas.com\\\/pt-pt\\\/\"},{\"@type\":\"ListItem\",\"position\":2,\"name\":\"Loja\",\"item\":\"https:\\\/\\\/recambiosecogas.com\\\/pt-pt\\\/tienda\\\/\"},{\"@type\":\"ListItem\",\"position\":3,\"name\":\"Thetford 525 Horno\"}]},{\"@type\":\"WebSite\",\"@id\":\"https:\\\/\\\/recambiosecogas.com\\\/pt-pt\\\/#website\",\"url\":\"https:\\\/\\\/recambiosecogas.com\\\/pt-pt\\\/\",\"name\":\"Recambios EcoGas\",\"description\":\"Pe\u00e7as multimarca para sistemas de GPL\\\/GNC\\\/GNL\\\/Hidrog\u00e9nio\",\"publisher\":{\"@id\":\"https:\\\/\\\/recambiosecogas.com\\\/pt-pt\\\/#organization\"},\"alternateName\":\"Recambios Autogas GLP\",\"potentialAction\":[{\"@type\":\"SearchAction\",\"target\":{\"@type\":\"EntryPoint\",\"urlTemplate\":\"https:\\\/\\\/recambiosecogas.com\\\/pt-pt\\\/?s={search_term_string}\"},\"query-input\":{\"@type\":\"PropertyValueSpecification\",\"valueRequired\":true,\"valueName\":\"search_term_string\"}}],\"inLanguage\":\"pt-PT\"},{\"@type\":[\"Organization\",\"Place\"],\"@id\":\"https:\\\/\\\/recambiosecogas.com\\\/pt-pt\\\/#organization\",\"name\":\"Recambios EcoGas\",\"alternateName\":\"Loja de GPL Autog\u00e1s Espanha\",\"url\":\"https:\\\/\\\/recambiosecogas.com\\\/pt-pt\\\/\",\"logo\":{\"@id\":\"https:\\\/\\\/recambiosecogas.com\\\/pt-pt\\\/produto\\\/thetford-525-horno\\\/#local-main-organization-logo\"},\"image\":{\"@id\":\"https:\\\/\\\/recambiosecogas.com\\\/pt-pt\\\/produto\\\/thetford-525-horno\\\/#local-main-organization-logo\"},\"sameAs\":[\"https:\\\/\\\/www.facebook.com\\\/profile.php?id=100062419705358\",\"https:\\\/\\\/www.instagram.com\\\/segimon_automocio\"],\"description\":\"Recambios EcoGas \u2013 Venta y distribuci\u00f3n de sistemas GLP y GNC en Espa\u00f1a y Portugal. Env\u00edos 24 h, soporte t\u00e9cnico a talleres y distribuidores.\",\"hasMerchantReturnPolicy\":{\"@type\":\"MerchantReturnPolicy\",\"merchantReturnLink\":\"https:\\\/\\\/recambiosecogas.com\\\/politicas-privacidad\\\/\"},\"address\":{\"@id\":\"https:\\\/\\\/recambiosecogas.com\\\/pt-pt\\\/produto\\\/thetford-525-horno\\\/#local-main-place-address\"},\"telephone\":[\"616250633\"],\"contactPoint\":{\"@type\":\"ContactPoint\",\"email\":\"export@recambiosecogas.com\"},\"openingHoursSpecification\":[{\"@type\":\"OpeningHoursSpecification\",\"dayOfWeek\":[\"Monday\",\"Tuesday\",\"Wednesday\",\"Thursday\",\"Friday\",\"Saturday\",\"Sunday\"],\"opens\":\"09:00\",\"closes\":\"17:00\"}],\"email\":\"info@recambiosecogas.com\",\"faxNumber\":\"SEGIMON AUTOMOCION SL\",\"vatID\":\"ESB19819861\",\"globalLocationNumber\":\"938 616 339\"},{\"@type\":\"PostalAddress\",\"@id\":\"https:\\\/\\\/recambiosecogas.com\\\/pt-pt\\\/produto\\\/thetford-525-horno\\\/#local-main-place-address\",\"streetAddress\":\"cami antic de vic, 29 (Nave 3), Pol\u00edgono Industrial Congost\",\"addressLocality\":\"CORRO D`AVALL\",\"postalCode\":\"08520\",\"addressRegion\":\"Barcelona\",\"addressCountry\":\"ES\"},{\"@type\":\"ImageObject\",\"inLanguage\":\"pt-PT\",\"@id\":\"https:\\\/\\\/recambiosecogas.com\\\/pt-pt\\\/produto\\\/thetford-525-horno\\\/#local-main-organization-logo\",\"url\":\"https:\\\/\\\/recambiosecogas.com\\\/wp-content\\\/uploads\\\/2024\\\/11\\\/cropped-RECAMBIOS-GLP-png.webp\",\"contentUrl\":\"https:\\\/\\\/recambiosecogas.com\\\/wp-content\\\/uploads\\\/2024\\\/11\\\/cropped-RECAMBIOS-GLP-png.webp\",\"width\":512,\"height\":512,\"caption\":\"Recambios EcoGas\"}]}<\/script>\n<meta property=\"product:price:amount\" content=\"735.42\" \/>\n<meta property=\"product:price:currency\" content=\"EUR\" \/>\n<meta property=\"og:availability\" content=\"backorder\" \/>\n<meta property=\"product:availability\" content=\"available for order\" \/>\n<meta property=\"product:retailer_item_id\" content=\"115791A\" \/>\n<meta property=\"product:condition\" content=\"new\" \/>\n<meta name=\"geo.placename\" content=\"CORRO D`AVALL\" \/>\n<meta name=\"geo.region\" content=\"Espanha\" \/>\n<!-- \/ Yoast SEO Premium plugin. -->","yoast_head_json":{"title":"Horno Thetford 525 para Autocaravanas | Recambios Ecogas","description":"Horno Thetford 525, ideal para autocaravanas, con capacidad de 23L y potencia de 2,5kW. Perfecto para cocinar en espacios reducidos.","robots":{"index":"index","follow":"follow","max-snippet":"max-snippet:-1","max-image-preview":"max-image-preview:large","max-video-preview":"max-video-preview:-1"},"canonical":"https:\/\/recambiosecogas.com\/pt-pt\/produto\/thetford-525-horno\/","og_locale":"pt_PT","og_type":"article","og_title":"Thetford 525 Horno","og_description":"Horno Thetford 525, ideal para autocaravanas, con capacidad de 23L y potencia de 2,5kW. Perfecto para cocinar en espacios reducidos.","og_url":"https:\/\/recambiosecogas.com\/pt-pt\/produto\/thetford-525-horno\/","og_site_name":"Recambios EcoGas","article_publisher":"https:\/\/www.facebook.com\/profile.php?id=100062419705358","article_modified_time":"2026-03-26T11:05:21+00:00","og_image":[{"width":1000,"height":1000,"url":"https:\/\/recambiosecogas.com\/wp-content\/uploads\/2025\/01\/Thetford-525-Horno-png.webp","type":"image\/png"}],"twitter_card":"summary_large_image","twitter_misc":{"pre\u00e7o":"735,42&nbsp;&euro; (IVA incl.: 889,86&nbsp;&euro;)","Disponibilidade":"Por encomenda"},"schema":{"@context":"https:\/\/schema.org","@graph":[{"@type":"WebPage","@id":"https:\/\/recambiosecogas.com\/pt-pt\/produto\/thetford-525-horno\/","url":"https:\/\/recambiosecogas.com\/pt-pt\/produto\/thetford-525-horno\/","name":"Horno Thetford 525 para Autocaravanas | Recambios Ecogas","isPartOf":{"@id":"https:\/\/recambiosecogas.com\/pt-pt\/#website"},"primaryImageOfPage":{"@id":"https:\/\/recambiosecogas.com\/pt-pt\/produto\/thetford-525-horno\/#primaryimage"},"image":{"@id":"https:\/\/recambiosecogas.com\/pt-pt\/produto\/thetford-525-horno\/#primaryimage"},"thumbnailUrl":"https:\/\/recambiosecogas.com\/wp-content\/uploads\/2025\/01\/Thetford-525-Horno-png.webp","datePublished":"2025-01-21T09:43:52+00:00","dateModified":"2026-03-26T11:05:21+00:00","description":"Horno Thetford 525, ideal para autocaravanas, con capacidad de 23L y potencia de 2,5kW. Perfecto para cocinar en espacios reducidos.","breadcrumb":{"@id":"https:\/\/recambiosecogas.com\/pt-pt\/produto\/thetford-525-horno\/#breadcrumb"},"inLanguage":"pt-PT","potentialAction":[{"@type":"ReadAction","target":["https:\/\/recambiosecogas.com\/pt-pt\/produto\/thetford-525-horno\/"]}]},{"@type":"ImageObject","inLanguage":"pt-PT","@id":"https:\/\/recambiosecogas.com\/pt-pt\/produto\/thetford-525-horno\/#primaryimage","url":"https:\/\/recambiosecogas.com\/wp-content\/uploads\/2025\/01\/Thetford-525-Horno-png.webp","contentUrl":"https:\/\/recambiosecogas.com\/wp-content\/uploads\/2025\/01\/Thetford-525-Horno-png.webp","width":1000,"height":1000},{"@type":"BreadcrumbList","@id":"https:\/\/recambiosecogas.com\/pt-pt\/produto\/thetford-525-horno\/#breadcrumb","itemListElement":[{"@type":"ListItem","position":1,"name":"P\u00e1gina inicial","item":"https:\/\/recambiosecogas.com\/pt-pt\/"},{"@type":"ListItem","position":2,"name":"Loja","item":"https:\/\/recambiosecogas.com\/pt-pt\/tienda\/"},{"@type":"ListItem","position":3,"name":"Thetford 525 Horno"}]},{"@type":"WebSite","@id":"https:\/\/recambiosecogas.com\/pt-pt\/#website","url":"https:\/\/recambiosecogas.com\/pt-pt\/","name":"Recambios EcoGas","description":"Pe\u00e7as multimarca para sistemas de GPL\/GNC\/GNL\/Hidrog\u00e9nio","publisher":{"@id":"https:\/\/recambiosecogas.com\/pt-pt\/#organization"},"alternateName":"Recambios Autogas GLP","potentialAction":[{"@type":"SearchAction","target":{"@type":"EntryPoint","urlTemplate":"https:\/\/recambiosecogas.com\/pt-pt\/?s={search_term_string}"},"query-input":{"@type":"PropertyValueSpecification","valueRequired":true,"valueName":"search_term_string"}}],"inLanguage":"pt-PT"},{"@type":["Organization","Place"],"@id":"https:\/\/recambiosecogas.com\/pt-pt\/#organization","name":"Recambios EcoGas","alternateName":"Loja de GPL Autog\u00e1s Espanha","url":"https:\/\/recambiosecogas.com\/pt-pt\/","logo":{"@id":"https:\/\/recambiosecogas.com\/pt-pt\/produto\/thetford-525-horno\/#local-main-organization-logo"},"image":{"@id":"https:\/\/recambiosecogas.com\/pt-pt\/produto\/thetford-525-horno\/#local-main-organization-logo"},"sameAs":["https:\/\/www.facebook.com\/profile.php?id=100062419705358","https:\/\/www.instagram.com\/segimon_automocio"],"description":"Recambios EcoGas \u2013 Venta y distribuci\u00f3n de sistemas GLP y GNC en Espa\u00f1a y Portugal. Env\u00edos 24 h, soporte t\u00e9cnico a talleres y distribuidores.","hasMerchantReturnPolicy":{"@type":"MerchantReturnPolicy","merchantReturnLink":"https:\/\/recambiosecogas.com\/politicas-privacidad\/"},"address":{"@id":"https:\/\/recambiosecogas.com\/pt-pt\/produto\/thetford-525-horno\/#local-main-place-address"},"telephone":["616250633"],"contactPoint":{"@type":"ContactPoint","email":"export@recambiosecogas.com"},"openingHoursSpecification":[{"@type":"OpeningHoursSpecification","dayOfWeek":["Monday","Tuesday","Wednesday","Thursday","Friday","Saturday","Sunday"],"opens":"09:00","closes":"17:00"}],"email":"info@recambiosecogas.com","faxNumber":"SEGIMON AUTOMOCION SL","vatID":"ESB19819861","globalLocationNumber":"938 616 339"},{"@type":"PostalAddress","@id":"https:\/\/recambiosecogas.com\/pt-pt\/produto\/thetford-525-horno\/#local-main-place-address","streetAddress":"cami antic de vic, 29 (Nave 3), Pol\u00edgono Industrial Congost","addressLocality":"CORRO D`AVALL","postalCode":"08520","addressRegion":"Barcelona","addressCountry":"ES"},{"@type":"ImageObject","inLanguage":"pt-PT","@id":"https:\/\/recambiosecogas.com\/pt-pt\/produto\/thetford-525-horno\/#local-main-organization-logo","url":"https:\/\/recambiosecogas.com\/wp-content\/uploads\/2024\/11\/cropped-RECAMBIOS-GLP-png.webp","contentUrl":"https:\/\/recambiosecogas.com\/wp-content\/uploads\/2024\/11\/cropped-RECAMBIOS-GLP-png.webp","width":512,"height":512,"caption":"Recambios EcoGas"}]},"product_price_amount":"735.42","product_price_currency":"EUR","og_availability":"backorder","product_availability":"available for order","product_retailer_item_id":"115791A","product_condition":"new","geo.placename":"CORRO D`AVALL","geo.region":"Espanha"},"uagb_featured_image_src":{"full":["https:\/\/recambiosecogas.com\/wp-content\/uploads\/2025\/01\/Thetford-525-Horno-png.webp",1000,1000,false],"thumbnail":["https:\/\/recambiosecogas.com\/wp-content\/uploads\/2025\/01\/Thetford-525-Horno-150x150.webp",150,150,true],"medium":["https:\/\/recambiosecogas.com\/wp-content\/uploads\/2025\/01\/Thetford-525-Horno-300x300.webp",300,300,true],"medium_large":["https:\/\/recambiosecogas.com\/wp-content\/uploads\/2025\/01\/Thetford-525-Horno-768x768.webp",768,768,true],"large":["https:\/\/recambiosecogas.com\/wp-content\/uploads\/2025\/01\/Thetford-525-Horno-png.webp",1000,1000,false],"1536x1536":["https:\/\/recambiosecogas.com\/wp-content\/uploads\/2025\/01\/Thetford-525-Horno-png.webp",1000,1000,false],"2048x2048":["https:\/\/recambiosecogas.com\/wp-content\/uploads\/2025\/01\/Thetford-525-Horno-png.webp",1000,1000,false],"woocommerce_archive_thumbnail":["https:\/\/recambiosecogas.com\/wp-content\/uploads\/2025\/01\/Thetford-525-Horno-png.webp",1000,1000,false],"woocommerce_thumbnail":["https:\/\/recambiosecogas.com\/wp-content\/uploads\/2025\/01\/Thetford-525-Horno-300x300.webp",300,300,true],"woocommerce_single":["https:\/\/recambiosecogas.com\/wp-content\/uploads\/2025\/01\/Thetford-525-Horno-png.webp",1000,1000,false],"woocommerce_gallery_thumbnail":["https:\/\/recambiosecogas.com\/wp-content\/uploads\/2025\/01\/Thetford-525-Horno-png.webp",1000,1000,false],"dgwt-wcas-product-suggestion":["https:\/\/recambiosecogas.com\/wp-content\/uploads\/2025\/01\/Thetford-525-Horno-64x64.webp",64,64,true]},"uagb_author_info":{"display_name":"Fran - Soporte T\u00e9cnico","author_link":"https:\/\/recambiosecogas.com\/pt-pt\/author\/"},"uagb_comment_info":0,"uagb_excerpt":"THETFORD","_links":{"self":[{"href":"https:\/\/recambiosecogas.com\/pt-pt\/wp-json\/wp\/v2\/product\/16114","targetHints":{"allow":["GET"]}}],"collection":[{"href":"https:\/\/recambiosecogas.com\/pt-pt\/wp-json\/wp\/v2\/product"}],"about":[{"href":"https:\/\/recambiosecogas.com\/pt-pt\/wp-json\/wp\/v2\/types\/product"}],"replies":[{"embeddable":true,"href":"https:\/\/recambiosecogas.com\/pt-pt\/wp-json\/wp\/v2\/comments?post=16114"}],"wp:featuredmedia":[{"embeddable":true,"href":"https:\/\/recambiosecogas.com\/pt-pt\/wp-json\/wp\/v2\/media\/16562"}],"wp:attachment":[{"href":"https:\/\/recambiosecogas.com\/pt-pt\/wp-json\/wp\/v2\/media?parent=16114"}],"wp:term":[{"taxonomy":"product_brand","embeddable":true,"href":"https:\/\/recambiosecogas.com\/pt-pt\/wp-json\/wp\/v2\/product_brand?post=16114"},{"taxonomy":"product_cat","embeddable":true,"href":"https:\/\/recambiosecogas.com\/pt-pt\/wp-json\/wp\/v2\/product_cat?post=16114"},{"taxonomy":"product_tag","embeddable":true,"href":"https:\/\/recambiosecogas.com\/pt-pt\/wp-json\/wp\/v2\/product_tag?post=16114"}],"curies":[{"name":"wp","href":"https:\/\/api.w.org\/{rel}","templated":true}]}}