{"id":16079,"date":"2025-01-21T10:43:31","date_gmt":"2025-01-21T09:43:31","guid":{"rendered":"https:\/\/recambiosecogas.com\/producto\/thetford-353-unidad-combinada-de-quemador-y-fregadero-lh-con-tapas-de-cristal\/"},"modified":"2026-03-26T12:21:11","modified_gmt":"2026-03-26T11:21:11","slug":"thetford-353-unidad-combinada-de-quemador-y-fregadero-lh-con-tapas-de-cristal","status":"publish","type":"product","link":"https:\/\/recambiosecogas.com\/pt-pt\/produto\/thetford-353-unidad-combinada-de-quemador-y-fregadero-lh-con-tapas-de-cristal\/","title":{"rendered":"Thetford 353 Unidad combinada de quemador y fregadero LH con tapas de cristal"},"content":{"rendered":"<p>La serie 353 de Theford combina con \u00e9xito tres quemadores y un fregadero. La serie 353 combi confiere a la cocina de ocio un aspecto m\u00e1s hogare\u00f1o. Las tapas de cristal dividido pueden cerrarse por separado para crear espacio extra en la encimera o para ordenar la cocina, y la placa de cocci\u00f3n ofrece espacio para sartenes m\u00e1s grandes para cocinar al estilo casero. El encendido el\u00e9ctrico con una sola mano facilita el encendido de los quemadores, y todo el conjunto es robusto y f\u00e1cil de limpiar.<\/p>\n<p>&nbsp;<\/p>\n<h4>Datos t\u00e9cnicos<\/h4>\n<p>Fijaci\u00f3n: Montaje en superficie<\/p>\n<p>Combustible: Gas<\/p>\n<p>Quemadores de gas: 1 x 1,0 kW 1x 1,5 kW 1x 2,4 kW<\/p>\n<p>Tapa de cristal: S\u00ed<\/p>\n<p>Quemador grill: n\/a<\/p>\n<p>Material de la placa: Acero inoxidable cepillado<\/p>\n<p>Encendido: 12 V<\/p>\n<p>Pomos: N\u00edquel mate<\/p>\n<p>Peso neto: 10,7 kg<\/p>\n<p>Dimensiones totales (AlxAnxPr): 160 x 980 x 410 mm<\/p>\n<p>N\u00famero de art\u00edculo izquierda: SCU353099-SP<\/p>\n<p>Potencia calor\u00edfica total (el\u00e9ctrica): n\/a<\/p>\n<p>Potencia calor\u00edfica total (gas): 4,9 kW<\/p>\n<p>Consumo total de energ\u00eda: n\/a<\/p>\n<p>Corte de la encimera (An x Pr): 962 x 389 mm<\/p>\n<p>La <strong>Unidad combinada de quemador y fregadero Thetford 353<\/strong> es una soluci\u00f3n pr\u00e1ctica y funcional para cocinas de ocio, dise\u00f1ada para ofrecer comodidad y eficiencia en la preparaci\u00f3n de alimentos. Este modelo cuenta con tres quemadores de gas, con potencias de 1,0 kW, 1,5 kW y 2,4 kW, lo que permite cocinar con facilidad y rapidez. Adem\u00e1s, su fregadero integrado proporciona un espacio adicional para lavar utensilios y alimentos, optimizando el uso del \u00e1rea de cocina.<\/p>\n<p>El dise\u00f1o de la serie 353 confiere un aspecto hogare\u00f1o a la cocina de ocio. Las tapas de cristal dividido pueden cerrarse por separado, creando espacio extra en la encimera o permitiendo mantener la cocina ordenada. La placa de cocci\u00f3n es lo suficientemente amplia para acomodar sartenes m\u00e1s grandes, ideal para cocinar al estilo casero. El encendido el\u00e9ctrico con una sola mano facilita el encendido de los quemadores, lo que mejora la experiencia de uso.<\/p>\n<p>Este conjunto es robusto y f\u00e1cil de limpiar, lo que lo convierte en una opci\u00f3n ideal para quienes disfrutan de la cocina al aire libre. La instalaci\u00f3n es sencilla gracias a su dise\u00f1o de montaje en superficie, y es compatible con sistemas de gas, asegurando un rendimiento \u00f3ptimo en diversas condiciones. Es importante considerar las dimensiones totales de la unidad para asegurar una correcta instalaci\u00f3n en el espacio disponible.<\/p>\n<p>Si no se reemplaza un quemador o fregadero defectuoso, pueden surgir problemas de seguridad y eficiencia en la cocina. Por lo tanto, es recomendable realizar un mantenimiento regular y revisar cualquier signo de desgaste en los componentes.<\/p>\n<h4>Datos t\u00e9cnicos<\/h4>\n<p>Fijaci\u00f3n: Montaje en superficie<br \/>Combustible: Gas<br \/>Quemadores de gas: 1 x 1,0 kW, 1 x 1,5 kW, 1 x 2,4 kW<br \/>Tapa de cristal: S\u00ed<br \/>Material de la placa: Acero inoxidable cepillado<br \/>Encendido: 12 V<br \/>Pomos: N\u00edquel mate<br \/>Peso neto: 10,7 kg<br \/>Dimensiones totales (AlxAnxPr): 160 x 980 x 410 mm<br \/>N\u00famero de art\u00edculo izquierda: SCU353099-SP<br \/>Potencia calor\u00edfica total (gas): 4,9 kW<br \/>Corte de la encimera (An x Pr): 962 x 389 mm<\/p>\n","protected":false},"excerpt":{"rendered":"<p>THETFORD<\/p>\n","protected":false},"featured_media":16613,"comment_status":"open","ping_status":"closed","template":"","meta":{"googlesitekit_rrm_CAowud7EDA:productID":"","_uag_custom_page_level_css":""},"product_brand":[],"product_cat":[858],"product_tag":[],"class_list":{"0":"post-16079","1":"product","2":"type-product","3":"status-publish","4":"has-post-thumbnail","6":"product_cat-placas-de-cocina","8":"first","9":"onbackorder","10":"taxable","11":"shipping-taxable","12":"purchasable","13":"product-type-simple"},"ct_brands":[],"yoast_head":"<!-- This site is optimized with the Yoast SEO Premium plugin v27.4 (Yoast SEO v27.4) - https:\/\/yoast.com\/product\/yoast-seo-premium-wordpress\/ -->\n<title>Thetford 353 Unidad Combinada de Quemador y Fregadero | Recambios Ecogas<\/title>\n<meta name=\"description\" content=\"Unidad combinada de quemador y fregadero Thetford 353, ideal para cocinas de ocio. Incluye encendido el\u00e9ctrico y tapas de cristal para mayor funcionalidad.\" \/>\n<meta name=\"robots\" content=\"index, follow, max-snippet:-1, max-image-preview:large, max-video-preview:-1\" \/>\n<link rel=\"canonical\" href=\"https:\/\/recambiosecogas.com\/pt-pt\/produto\/thetford-353-unidad-combinada-de-quemador-y-fregadero-lh-con-tapas-de-cristal\/\" \/>\n<meta property=\"og:locale\" content=\"pt_PT\" \/>\n<meta property=\"og:type\" content=\"article\" \/>\n<meta property=\"og:title\" content=\"Thetford 353 Unidad combinada de quemador y fregadero LH con tapas de cristal\" \/>\n<meta property=\"og:description\" content=\"Unidad combinada de quemador y fregadero Thetford 353, ideal para cocinas de ocio. Incluye encendido el\u00e9ctrico y tapas de cristal para mayor funcionalidad.\" \/>\n<meta property=\"og:url\" content=\"https:\/\/recambiosecogas.com\/pt-pt\/produto\/thetford-353-unidad-combinada-de-quemador-y-fregadero-lh-con-tapas-de-cristal\/\" \/>\n<meta property=\"og:site_name\" content=\"Recambios EcoGas\" \/>\n<meta property=\"article:publisher\" content=\"https:\/\/www.facebook.com\/profile.php?id=100062419705358\" \/>\n<meta property=\"article:modified_time\" content=\"2026-03-26T11:21:11+00:00\" \/>\n<meta property=\"og:image\" content=\"https:\/\/recambiosecogas.com\/wp-content\/uploads\/2025\/01\/Thetford-353-Unidad-combinada-png.webp\" \/>\n\t<meta property=\"og:image:width\" content=\"1000\" \/>\n\t<meta property=\"og:image:height\" content=\"1000\" \/>\n\t<meta property=\"og:image:type\" content=\"image\/png\" \/>\n<meta name=\"twitter:card\" content=\"summary_large_image\" \/>\n<meta name=\"twitter:label1\" content=\"pre\u00e7o\" \/>\n\t<meta name=\"twitter:data1\" content=\"758,88&nbsp;&euro; (IVA incl.: 918,24&nbsp;&euro;)\" \/>\n\t<meta name=\"twitter:label2\" content=\"Disponibilidade\" \/>\n\t<meta name=\"twitter:data2\" content=\"Por encomenda\" \/>\n<script type=\"application\/ld+json\" class=\"yoast-schema-graph\">{\"@context\":\"https:\\\/\\\/schema.org\",\"@graph\":[{\"@type\":\"WebPage\",\"@id\":\"https:\\\/\\\/recambiosecogas.com\\\/pt-pt\\\/produto\\\/thetford-353-unidad-combinada-de-quemador-y-fregadero-lh-con-tapas-de-cristal\\\/\",\"url\":\"https:\\\/\\\/recambiosecogas.com\\\/pt-pt\\\/produto\\\/thetford-353-unidad-combinada-de-quemador-y-fregadero-lh-con-tapas-de-cristal\\\/\",\"name\":\"Thetford 353 Unidad Combinada de Quemador y Fregadero | Recambios Ecogas\",\"isPartOf\":{\"@id\":\"https:\\\/\\\/recambiosecogas.com\\\/pt-pt\\\/#website\"},\"primaryImageOfPage\":{\"@id\":\"https:\\\/\\\/recambiosecogas.com\\\/pt-pt\\\/produto\\\/thetford-353-unidad-combinada-de-quemador-y-fregadero-lh-con-tapas-de-cristal\\\/#primaryimage\"},\"image\":{\"@id\":\"https:\\\/\\\/recambiosecogas.com\\\/pt-pt\\\/produto\\\/thetford-353-unidad-combinada-de-quemador-y-fregadero-lh-con-tapas-de-cristal\\\/#primaryimage\"},\"thumbnailUrl\":\"https:\\\/\\\/recambiosecogas.com\\\/wp-content\\\/uploads\\\/2025\\\/01\\\/Thetford-353-Unidad-combinada-png.webp\",\"datePublished\":\"2025-01-21T09:43:31+00:00\",\"dateModified\":\"2026-03-26T11:21:11+00:00\",\"description\":\"Unidad combinada de quemador y fregadero Thetford 353, ideal para cocinas de ocio. Incluye encendido el\u00e9ctrico y tapas de cristal para mayor funcionalidad.\",\"breadcrumb\":{\"@id\":\"https:\\\/\\\/recambiosecogas.com\\\/pt-pt\\\/produto\\\/thetford-353-unidad-combinada-de-quemador-y-fregadero-lh-con-tapas-de-cristal\\\/#breadcrumb\"},\"inLanguage\":\"pt-PT\",\"potentialAction\":[{\"@type\":\"ReadAction\",\"target\":[\"https:\\\/\\\/recambiosecogas.com\\\/pt-pt\\\/produto\\\/thetford-353-unidad-combinada-de-quemador-y-fregadero-lh-con-tapas-de-cristal\\\/\"]}]},{\"@type\":\"ImageObject\",\"inLanguage\":\"pt-PT\",\"@id\":\"https:\\\/\\\/recambiosecogas.com\\\/pt-pt\\\/produto\\\/thetford-353-unidad-combinada-de-quemador-y-fregadero-lh-con-tapas-de-cristal\\\/#primaryimage\",\"url\":\"https:\\\/\\\/recambiosecogas.com\\\/wp-content\\\/uploads\\\/2025\\\/01\\\/Thetford-353-Unidad-combinada-png.webp\",\"contentUrl\":\"https:\\\/\\\/recambiosecogas.com\\\/wp-content\\\/uploads\\\/2025\\\/01\\\/Thetford-353-Unidad-combinada-png.webp\",\"width\":1000,\"height\":1000},{\"@type\":\"BreadcrumbList\",\"@id\":\"https:\\\/\\\/recambiosecogas.com\\\/pt-pt\\\/produto\\\/thetford-353-unidad-combinada-de-quemador-y-fregadero-lh-con-tapas-de-cristal\\\/#breadcrumb\",\"itemListElement\":[{\"@type\":\"ListItem\",\"position\":1,\"name\":\"P\u00e1gina inicial\",\"item\":\"https:\\\/\\\/recambiosecogas.com\\\/pt-pt\\\/\"},{\"@type\":\"ListItem\",\"position\":2,\"name\":\"Loja\",\"item\":\"https:\\\/\\\/recambiosecogas.com\\\/pt-pt\\\/tienda\\\/\"},{\"@type\":\"ListItem\",\"position\":3,\"name\":\"Thetford 353 Unidad combinada de quemador y fregadero LH con tapas de cristal\"}]},{\"@type\":\"WebSite\",\"@id\":\"https:\\\/\\\/recambiosecogas.com\\\/pt-pt\\\/#website\",\"url\":\"https:\\\/\\\/recambiosecogas.com\\\/pt-pt\\\/\",\"name\":\"Recambios EcoGas\",\"description\":\"Pe\u00e7as multimarca para sistemas de GPL\\\/GNC\\\/GNL\\\/Hidrog\u00e9nio\",\"publisher\":{\"@id\":\"https:\\\/\\\/recambiosecogas.com\\\/pt-pt\\\/#organization\"},\"alternateName\":\"Recambios Autogas GLP\",\"potentialAction\":[{\"@type\":\"SearchAction\",\"target\":{\"@type\":\"EntryPoint\",\"urlTemplate\":\"https:\\\/\\\/recambiosecogas.com\\\/pt-pt\\\/?s={search_term_string}\"},\"query-input\":{\"@type\":\"PropertyValueSpecification\",\"valueRequired\":true,\"valueName\":\"search_term_string\"}}],\"inLanguage\":\"pt-PT\"},{\"@type\":[\"Organization\",\"Place\"],\"@id\":\"https:\\\/\\\/recambiosecogas.com\\\/pt-pt\\\/#organization\",\"name\":\"Recambios EcoGas\",\"alternateName\":\"Loja de GPL Autog\u00e1s Espanha\",\"url\":\"https:\\\/\\\/recambiosecogas.com\\\/pt-pt\\\/\",\"logo\":{\"@id\":\"https:\\\/\\\/recambiosecogas.com\\\/pt-pt\\\/produto\\\/thetford-353-unidad-combinada-de-quemador-y-fregadero-lh-con-tapas-de-cristal\\\/#local-main-organization-logo\"},\"image\":{\"@id\":\"https:\\\/\\\/recambiosecogas.com\\\/pt-pt\\\/produto\\\/thetford-353-unidad-combinada-de-quemador-y-fregadero-lh-con-tapas-de-cristal\\\/#local-main-organization-logo\"},\"sameAs\":[\"https:\\\/\\\/www.facebook.com\\\/profile.php?id=100062419705358\",\"https:\\\/\\\/www.instagram.com\\\/segimon_automocio\"],\"description\":\"Recambios EcoGas \u2013 Venta y distribuci\u00f3n de sistemas GLP y GNC en Espa\u00f1a y Portugal. Env\u00edos 24 h, soporte t\u00e9cnico a talleres y distribuidores.\",\"hasMerchantReturnPolicy\":{\"@type\":\"MerchantReturnPolicy\",\"merchantReturnLink\":\"https:\\\/\\\/recambiosecogas.com\\\/politicas-privacidad\\\/\"},\"address\":{\"@id\":\"https:\\\/\\\/recambiosecogas.com\\\/pt-pt\\\/produto\\\/thetford-353-unidad-combinada-de-quemador-y-fregadero-lh-con-tapas-de-cristal\\\/#local-main-place-address\"},\"telephone\":[\"616250633\"],\"contactPoint\":{\"@type\":\"ContactPoint\",\"email\":\"export@recambiosecogas.com\"},\"openingHoursSpecification\":[{\"@type\":\"OpeningHoursSpecification\",\"dayOfWeek\":[\"Monday\",\"Tuesday\",\"Wednesday\",\"Thursday\",\"Friday\",\"Saturday\",\"Sunday\"],\"opens\":\"09:00\",\"closes\":\"17:00\"}],\"email\":\"info@recambiosecogas.com\",\"faxNumber\":\"SEGIMON AUTOMOCION SL\",\"vatID\":\"ESB19819861\",\"globalLocationNumber\":\"938 616 339\"},{\"@type\":\"PostalAddress\",\"@id\":\"https:\\\/\\\/recambiosecogas.com\\\/pt-pt\\\/produto\\\/thetford-353-unidad-combinada-de-quemador-y-fregadero-lh-con-tapas-de-cristal\\\/#local-main-place-address\",\"streetAddress\":\"cami antic de vic, 29 (Nave 3), Pol\u00edgono Industrial Congost\",\"addressLocality\":\"CORRO D`AVALL\",\"postalCode\":\"08520\",\"addressRegion\":\"Barcelona\",\"addressCountry\":\"ES\"},{\"@type\":\"ImageObject\",\"inLanguage\":\"pt-PT\",\"@id\":\"https:\\\/\\\/recambiosecogas.com\\\/pt-pt\\\/produto\\\/thetford-353-unidad-combinada-de-quemador-y-fregadero-lh-con-tapas-de-cristal\\\/#local-main-organization-logo\",\"url\":\"https:\\\/\\\/recambiosecogas.com\\\/wp-content\\\/uploads\\\/2024\\\/11\\\/cropped-RECAMBIOS-GLP-png.webp\",\"contentUrl\":\"https:\\\/\\\/recambiosecogas.com\\\/wp-content\\\/uploads\\\/2024\\\/11\\\/cropped-RECAMBIOS-GLP-png.webp\",\"width\":512,\"height\":512,\"caption\":\"Recambios EcoGas\"}]}<\/script>\n<meta property=\"product:price:amount\" content=\"758.88\" \/>\n<meta property=\"product:price:currency\" content=\"EUR\" \/>\n<meta property=\"og:availability\" content=\"backorder\" \/>\n<meta property=\"product:availability\" content=\"available for order\" \/>\n<meta property=\"product:retailer_item_id\" content=\"115764A\" \/>\n<meta property=\"product:condition\" content=\"new\" \/>\n<meta name=\"geo.placename\" content=\"CORRO D`AVALL\" \/>\n<meta name=\"geo.region\" content=\"Espanha\" \/>\n<!-- \/ Yoast SEO Premium plugin. -->","yoast_head_json":{"title":"Thetford 353 Unidad Combinada de Quemador y Fregadero | Recambios Ecogas","description":"Unidad combinada de quemador y fregadero Thetford 353, ideal para cocinas de ocio. Incluye encendido el\u00e9ctrico y tapas de cristal para mayor funcionalidad.","robots":{"index":"index","follow":"follow","max-snippet":"max-snippet:-1","max-image-preview":"max-image-preview:large","max-video-preview":"max-video-preview:-1"},"canonical":"https:\/\/recambiosecogas.com\/pt-pt\/produto\/thetford-353-unidad-combinada-de-quemador-y-fregadero-lh-con-tapas-de-cristal\/","og_locale":"pt_PT","og_type":"article","og_title":"Thetford 353 Unidad combinada de quemador y fregadero LH con tapas de cristal","og_description":"Unidad combinada de quemador y fregadero Thetford 353, ideal para cocinas de ocio. Incluye encendido el\u00e9ctrico y tapas de cristal para mayor funcionalidad.","og_url":"https:\/\/recambiosecogas.com\/pt-pt\/produto\/thetford-353-unidad-combinada-de-quemador-y-fregadero-lh-con-tapas-de-cristal\/","og_site_name":"Recambios EcoGas","article_publisher":"https:\/\/www.facebook.com\/profile.php?id=100062419705358","article_modified_time":"2026-03-26T11:21:11+00:00","og_image":[{"width":1000,"height":1000,"url":"https:\/\/recambiosecogas.com\/wp-content\/uploads\/2025\/01\/Thetford-353-Unidad-combinada-png.webp","type":"image\/png"}],"twitter_card":"summary_large_image","twitter_misc":{"pre\u00e7o":"758,88&nbsp;&euro; (IVA incl.: 918,24&nbsp;&euro;)","Disponibilidade":"Por encomenda"},"schema":{"@context":"https:\/\/schema.org","@graph":[{"@type":"WebPage","@id":"https:\/\/recambiosecogas.com\/pt-pt\/produto\/thetford-353-unidad-combinada-de-quemador-y-fregadero-lh-con-tapas-de-cristal\/","url":"https:\/\/recambiosecogas.com\/pt-pt\/produto\/thetford-353-unidad-combinada-de-quemador-y-fregadero-lh-con-tapas-de-cristal\/","name":"Thetford 353 Unidad Combinada de Quemador y Fregadero | Recambios Ecogas","isPartOf":{"@id":"https:\/\/recambiosecogas.com\/pt-pt\/#website"},"primaryImageOfPage":{"@id":"https:\/\/recambiosecogas.com\/pt-pt\/produto\/thetford-353-unidad-combinada-de-quemador-y-fregadero-lh-con-tapas-de-cristal\/#primaryimage"},"image":{"@id":"https:\/\/recambiosecogas.com\/pt-pt\/produto\/thetford-353-unidad-combinada-de-quemador-y-fregadero-lh-con-tapas-de-cristal\/#primaryimage"},"thumbnailUrl":"https:\/\/recambiosecogas.com\/wp-content\/uploads\/2025\/01\/Thetford-353-Unidad-combinada-png.webp","datePublished":"2025-01-21T09:43:31+00:00","dateModified":"2026-03-26T11:21:11+00:00","description":"Unidad combinada de quemador y fregadero Thetford 353, ideal para cocinas de ocio. Incluye encendido el\u00e9ctrico y tapas de cristal para mayor funcionalidad.","breadcrumb":{"@id":"https:\/\/recambiosecogas.com\/pt-pt\/produto\/thetford-353-unidad-combinada-de-quemador-y-fregadero-lh-con-tapas-de-cristal\/#breadcrumb"},"inLanguage":"pt-PT","potentialAction":[{"@type":"ReadAction","target":["https:\/\/recambiosecogas.com\/pt-pt\/produto\/thetford-353-unidad-combinada-de-quemador-y-fregadero-lh-con-tapas-de-cristal\/"]}]},{"@type":"ImageObject","inLanguage":"pt-PT","@id":"https:\/\/recambiosecogas.com\/pt-pt\/produto\/thetford-353-unidad-combinada-de-quemador-y-fregadero-lh-con-tapas-de-cristal\/#primaryimage","url":"https:\/\/recambiosecogas.com\/wp-content\/uploads\/2025\/01\/Thetford-353-Unidad-combinada-png.webp","contentUrl":"https:\/\/recambiosecogas.com\/wp-content\/uploads\/2025\/01\/Thetford-353-Unidad-combinada-png.webp","width":1000,"height":1000},{"@type":"BreadcrumbList","@id":"https:\/\/recambiosecogas.com\/pt-pt\/produto\/thetford-353-unidad-combinada-de-quemador-y-fregadero-lh-con-tapas-de-cristal\/#breadcrumb","itemListElement":[{"@type":"ListItem","position":1,"name":"P\u00e1gina inicial","item":"https:\/\/recambiosecogas.com\/pt-pt\/"},{"@type":"ListItem","position":2,"name":"Loja","item":"https:\/\/recambiosecogas.com\/pt-pt\/tienda\/"},{"@type":"ListItem","position":3,"name":"Thetford 353 Unidad combinada de quemador y fregadero LH con tapas de cristal"}]},{"@type":"WebSite","@id":"https:\/\/recambiosecogas.com\/pt-pt\/#website","url":"https:\/\/recambiosecogas.com\/pt-pt\/","name":"Recambios EcoGas","description":"Pe\u00e7as multimarca para sistemas de GPL\/GNC\/GNL\/Hidrog\u00e9nio","publisher":{"@id":"https:\/\/recambiosecogas.com\/pt-pt\/#organization"},"alternateName":"Recambios Autogas GLP","potentialAction":[{"@type":"SearchAction","target":{"@type":"EntryPoint","urlTemplate":"https:\/\/recambiosecogas.com\/pt-pt\/?s={search_term_string}"},"query-input":{"@type":"PropertyValueSpecification","valueRequired":true,"valueName":"search_term_string"}}],"inLanguage":"pt-PT"},{"@type":["Organization","Place"],"@id":"https:\/\/recambiosecogas.com\/pt-pt\/#organization","name":"Recambios EcoGas","alternateName":"Loja de GPL Autog\u00e1s Espanha","url":"https:\/\/recambiosecogas.com\/pt-pt\/","logo":{"@id":"https:\/\/recambiosecogas.com\/pt-pt\/produto\/thetford-353-unidad-combinada-de-quemador-y-fregadero-lh-con-tapas-de-cristal\/#local-main-organization-logo"},"image":{"@id":"https:\/\/recambiosecogas.com\/pt-pt\/produto\/thetford-353-unidad-combinada-de-quemador-y-fregadero-lh-con-tapas-de-cristal\/#local-main-organization-logo"},"sameAs":["https:\/\/www.facebook.com\/profile.php?id=100062419705358","https:\/\/www.instagram.com\/segimon_automocio"],"description":"Recambios EcoGas \u2013 Venta y distribuci\u00f3n de sistemas GLP y GNC en Espa\u00f1a y Portugal. Env\u00edos 24 h, soporte t\u00e9cnico a talleres y distribuidores.","hasMerchantReturnPolicy":{"@type":"MerchantReturnPolicy","merchantReturnLink":"https:\/\/recambiosecogas.com\/politicas-privacidad\/"},"address":{"@id":"https:\/\/recambiosecogas.com\/pt-pt\/produto\/thetford-353-unidad-combinada-de-quemador-y-fregadero-lh-con-tapas-de-cristal\/#local-main-place-address"},"telephone":["616250633"],"contactPoint":{"@type":"ContactPoint","email":"export@recambiosecogas.com"},"openingHoursSpecification":[{"@type":"OpeningHoursSpecification","dayOfWeek":["Monday","Tuesday","Wednesday","Thursday","Friday","Saturday","Sunday"],"opens":"09:00","closes":"17:00"}],"email":"info@recambiosecogas.com","faxNumber":"SEGIMON AUTOMOCION SL","vatID":"ESB19819861","globalLocationNumber":"938 616 339"},{"@type":"PostalAddress","@id":"https:\/\/recambiosecogas.com\/pt-pt\/produto\/thetford-353-unidad-combinada-de-quemador-y-fregadero-lh-con-tapas-de-cristal\/#local-main-place-address","streetAddress":"cami antic de vic, 29 (Nave 3), Pol\u00edgono Industrial Congost","addressLocality":"CORRO D`AVALL","postalCode":"08520","addressRegion":"Barcelona","addressCountry":"ES"},{"@type":"ImageObject","inLanguage":"pt-PT","@id":"https:\/\/recambiosecogas.com\/pt-pt\/produto\/thetford-353-unidad-combinada-de-quemador-y-fregadero-lh-con-tapas-de-cristal\/#local-main-organization-logo","url":"https:\/\/recambiosecogas.com\/wp-content\/uploads\/2024\/11\/cropped-RECAMBIOS-GLP-png.webp","contentUrl":"https:\/\/recambiosecogas.com\/wp-content\/uploads\/2024\/11\/cropped-RECAMBIOS-GLP-png.webp","width":512,"height":512,"caption":"Recambios EcoGas"}]},"product_price_amount":"758.88","product_price_currency":"EUR","og_availability":"backorder","product_availability":"available for order","product_retailer_item_id":"115764A","product_condition":"new","geo.placename":"CORRO D`AVALL","geo.region":"Espanha"},"uagb_featured_image_src":{"full":["https:\/\/recambiosecogas.com\/wp-content\/uploads\/2025\/01\/Thetford-353-Unidad-combinada-png.webp",1000,1000,false],"thumbnail":["https:\/\/recambiosecogas.com\/wp-content\/uploads\/2025\/01\/Thetford-353-Unidad-combinada-150x150.webp",150,150,true],"medium":["https:\/\/recambiosecogas.com\/wp-content\/uploads\/2025\/01\/Thetford-353-Unidad-combinada-300x300.webp",300,300,true],"medium_large":["https:\/\/recambiosecogas.com\/wp-content\/uploads\/2025\/01\/Thetford-353-Unidad-combinada-768x768.webp",768,768,true],"large":["https:\/\/recambiosecogas.com\/wp-content\/uploads\/2025\/01\/Thetford-353-Unidad-combinada-png.webp",1000,1000,false],"1536x1536":["https:\/\/recambiosecogas.com\/wp-content\/uploads\/2025\/01\/Thetford-353-Unidad-combinada-png.webp",1000,1000,false],"2048x2048":["https:\/\/recambiosecogas.com\/wp-content\/uploads\/2025\/01\/Thetford-353-Unidad-combinada-png.webp",1000,1000,false],"woocommerce_archive_thumbnail":["https:\/\/recambiosecogas.com\/wp-content\/uploads\/2025\/01\/Thetford-353-Unidad-combinada-png.webp",1000,1000,false],"woocommerce_thumbnail":["https:\/\/recambiosecogas.com\/wp-content\/uploads\/2025\/01\/Thetford-353-Unidad-combinada-300x300.webp",300,300,true],"woocommerce_single":["https:\/\/recambiosecogas.com\/wp-content\/uploads\/2025\/01\/Thetford-353-Unidad-combinada-png.webp",1000,1000,false],"woocommerce_gallery_thumbnail":["https:\/\/recambiosecogas.com\/wp-content\/uploads\/2025\/01\/Thetford-353-Unidad-combinada-png.webp",1000,1000,false],"dgwt-wcas-product-suggestion":["https:\/\/recambiosecogas.com\/wp-content\/uploads\/2025\/01\/Thetford-353-Unidad-combinada-64x64.webp",64,64,true]},"uagb_author_info":{"display_name":"Fran - Soporte T\u00e9cnico","author_link":"https:\/\/recambiosecogas.com\/pt-pt\/author\/"},"uagb_comment_info":0,"uagb_excerpt":"THETFORD","_links":{"self":[{"href":"https:\/\/recambiosecogas.com\/pt-pt\/wp-json\/wp\/v2\/product\/16079","targetHints":{"allow":["GET"]}}],"collection":[{"href":"https:\/\/recambiosecogas.com\/pt-pt\/wp-json\/wp\/v2\/product"}],"about":[{"href":"https:\/\/recambiosecogas.com\/pt-pt\/wp-json\/wp\/v2\/types\/product"}],"replies":[{"embeddable":true,"href":"https:\/\/recambiosecogas.com\/pt-pt\/wp-json\/wp\/v2\/comments?post=16079"}],"wp:featuredmedia":[{"embeddable":true,"href":"https:\/\/recambiosecogas.com\/pt-pt\/wp-json\/wp\/v2\/media\/16613"}],"wp:attachment":[{"href":"https:\/\/recambiosecogas.com\/pt-pt\/wp-json\/wp\/v2\/media?parent=16079"}],"wp:term":[{"taxonomy":"product_brand","embeddable":true,"href":"https:\/\/recambiosecogas.com\/pt-pt\/wp-json\/wp\/v2\/product_brand?post=16079"},{"taxonomy":"product_cat","embeddable":true,"href":"https:\/\/recambiosecogas.com\/pt-pt\/wp-json\/wp\/v2\/product_cat?post=16079"},{"taxonomy":"product_tag","embeddable":true,"href":"https:\/\/recambiosecogas.com\/pt-pt\/wp-json\/wp\/v2\/product_tag?post=16079"}],"curies":[{"name":"wp","href":"https:\/\/api.w.org\/{rel}","templated":true}]}}