{"id":16078,"date":"2025-01-21T10:43:31","date_gmt":"2025-01-21T09:43:31","guid":{"rendered":"https:\/\/recambiosecogas.com\/producto\/thetford-topline-111-combinacion-de-quemador-y-fregadero-con-tapas-de-cristal\/"},"modified":"2026-03-26T12:21:10","modified_gmt":"2026-03-26T11:21:10","slug":"thetford-topline-111-combinacion-de-quemador-y-fregadero-con-tapas-de-cristal","status":"publish","type":"product","link":"https:\/\/recambiosecogas.com\/pt-pt\/produto\/thetford-topline-111-combinacion-de-quemador-y-fregadero-con-tapas-de-cristal\/","title":{"rendered":"Thetford Topline 111 Combinaci\u00f3n de quemador y fregadero con tapas de cristal"},"content":{"rendered":"<p>La serie Top Line 111 es un aparato combinado especialmente desarrollado para el mercado de las autocaravanas. Las dimensiones, en particular la anchura de s\u00f3lo 900 mm y la profundidad de s\u00f3lo 370 mm, se han optimizado para las estrechas distribuciones de cocina de estos veh\u00edculos. La gama ofrece funciones b\u00e1sicas: dos quemadores de gas y un fregadero.<\/p>\n<p>&nbsp;<\/p>\n<h4>Datos t\u00e9cnicos<\/h4>\n<p>12V &#8211; Encendido: S\u00ed<\/p>\n<p>Orificio de desag\u00fce: \u00d839 mm<\/p>\n<p>Dimensiones (AlxAnxPr): 195x900x370 mm<\/p>\n<p>Tama\u00f1o de la salida &#8211; tubo de desag\u00fce: \u00d825mm<\/p>\n<p>Dimensiones de la superficie de trabajo (AnxPr): 888x358mm<\/p>\n<p>N\u00famero de quemadores: 2x gas<\/p>\n<p>Bisagras de la tapa: traseras<\/p>\n<p>Capacidad del fregadero: 4,2 litros<\/p>\n<p>Quemadores de gas &#8211; placa de cocci\u00f3n: 2 x 1,5kW<\/p>\n<p>Potencia calor\u00edfica total (gas): 3,0 kW<\/p>\n<p>Dimensiones internas del fregadero (AlxAnxPr): \u00d8235x140mm<\/p>\n<p>Capacidad de la placa &#8211; tama\u00f1os m\u00e1ximos de olla: 1x \u00d8120 &#8211; \u00d8160mm 1x \u00d8120 &#8211; \u00d8220mm<\/p>\n<p>Izquierda \/ Derecha: A la derecha<\/p>\n<p>Material de la olla: Cristal negro<\/p>\n<p>Volumen m\u00e1ximo de gas de entrada: 216,0 g\/hora<\/p>\n<p>Montaje: Montaje en superficie<\/p>\n<p>Peso neto: 11,0kg<\/p>\n<p>Versi\u00f3n: Gas<\/p>\n<p>Ca\u00f1o del grifo: \u00d840mm<\/p>\n<p>La <strong>combinaci\u00f3n de quemador y fregadero Thetford Topline 111<\/strong> es un dispositivo dise\u00f1ado espec\u00edficamente para el uso en <strong>autocaravanas<\/strong>. Con unas dimensiones compactas de <strong>900 mm de ancho<\/strong> y <strong>370 mm de profundidad<\/strong>, este aparato se adapta perfectamente a las limitaciones de espacio en las cocinas de estos veh\u00edculos. La unidad est\u00e1 equipada con <strong>dos quemadores de gas<\/strong> y un fregadero, ofreciendo una soluci\u00f3n funcional y eficiente para la preparaci\u00f3n de alimentos en viajes.<\/p>\n<p>El Topline 111 no solo proporciona las funciones b\u00e1sicas necesarias, sino que tambi\u00e9n optimiza el espacio disponible. Cada quemador tiene una potencia de <strong>1,5 kW<\/strong>, lo que suma un total de <strong>3,0 kW<\/strong> de potencia calor\u00edfica. Esto permite una cocci\u00f3n r\u00e1pida y eficiente, ideal para quienes viajan en autocaravanas y necesitan un rendimiento confiable. El fregadero tiene una capacidad de <strong>4,2 litros<\/strong>, con dimensiones internas de <strong>\u00d8235&#215;140 mm<\/strong>, lo que facilita el lavado de utensilios y alimentos.<\/p>\n<p>La instalaci\u00f3n del Topline 111 es sencilla, ya que est\u00e1 dise\u00f1ado para un <strong>montaje en superficie<\/strong>. Adem\u00e1s, el aparato incluye bisagras traseras para la tapa, lo que permite un acceso f\u00e1cil y c\u00f3modo al fregadero y a los quemadores. Es importante mencionar que el orificio de desag\u00fce tiene un di\u00e1metro de <strong>\u00d839 mm<\/strong> y la salida del tubo de desag\u00fce es de <strong>\u00d825 mm<\/strong>, asegurando un drenaje eficiente.<\/p>\n<h4>Datos t\u00e9cnicos<\/h4>\n<p>Voltaje: <strong>12V<\/strong>. Encendido: <strong>S\u00ed<\/strong>. Dimensiones (AlxAnxPr): <strong>195x900x370 mm<\/strong>. Capacidad del fregadero: <strong>4,2 litros<\/strong>. N\u00famero de quemadores: <strong>2<\/strong>. Potencia calor\u00edfica total (gas): <strong>3,0 kW<\/strong>. Peso neto: <strong>11,0 kg<\/strong>.<\/p>\n<h4>S\u00edntomas de fallo<\/h4>\n<ul>\n<li>Fugas de gas en la conexi\u00f3n<\/li>\n<li>Dificultad para encender los quemadores<\/li>\n<li>Rendimiento de cocci\u00f3n ineficiente<\/li>\n<\/ul>\n<h4>Compatibilidad<\/h4>\n<p>Compatible con autocaravanas que requieren una soluci\u00f3n de cocina compacta y funcional. Se recomienda verificar las especificaciones del veh\u00edculo antes de realizar la compra.<\/p>\n","protected":false},"excerpt":{"rendered":"<p>THETFORD<\/p>\n","protected":false},"featured_media":16615,"comment_status":"open","ping_status":"closed","template":"","meta":{"googlesitekit_rrm_CAowud7EDA:productID":"","_uag_custom_page_level_css":""},"product_brand":[],"product_cat":[858],"product_tag":[],"class_list":{"0":"post-16078","1":"product","2":"type-product","3":"status-publish","4":"has-post-thumbnail","6":"product_cat-placas-de-cocina","8":"first","9":"onbackorder","10":"taxable","11":"shipping-taxable","12":"purchasable","13":"product-type-simple"},"ct_brands":[],"yoast_head":"<!-- This site is optimized with the Yoast SEO Premium plugin v27.3 (Yoast SEO v27.3) - https:\/\/yoast.com\/product\/yoast-seo-premium-wordpress\/ -->\n<title>Thetford Topline 111 Combinaci\u00f3n de Quemador y Fregadero | Recambios Ecogas<\/title>\n<meta name=\"description\" content=\"Combinaci\u00f3n de quemador y fregadero Thetford Topline 111, ideal para autocaravanas, con dos quemadores de gas y fregadero optimizado para espacios reducidos.\" \/>\n<meta name=\"robots\" content=\"index, follow, max-snippet:-1, max-image-preview:large, max-video-preview:-1\" \/>\n<link rel=\"canonical\" href=\"https:\/\/recambiosecogas.com\/pt-pt\/produto\/thetford-topline-111-combinacion-de-quemador-y-fregadero-con-tapas-de-cristal\/\" \/>\n<meta property=\"og:locale\" content=\"pt_PT\" \/>\n<meta property=\"og:type\" content=\"article\" \/>\n<meta property=\"og:title\" content=\"Thetford Topline 111 Combinaci\u00f3n de quemador y fregadero con tapas de cristal\" \/>\n<meta property=\"og:description\" content=\"Combinaci\u00f3n de quemador y fregadero Thetford Topline 111, ideal para autocaravanas, con dos quemadores de gas y fregadero optimizado para espacios reducidos.\" \/>\n<meta property=\"og:url\" content=\"https:\/\/recambiosecogas.com\/pt-pt\/produto\/thetford-topline-111-combinacion-de-quemador-y-fregadero-con-tapas-de-cristal\/\" \/>\n<meta property=\"og:site_name\" content=\"Recambios EcoGas\" \/>\n<meta property=\"article:publisher\" content=\"https:\/\/www.facebook.com\/profile.php?id=100062419705358\" \/>\n<meta property=\"article:modified_time\" content=\"2026-03-26T11:21:10+00:00\" \/>\n<meta property=\"og:image\" content=\"https:\/\/recambiosecogas.com\/wp-content\/uploads\/2025\/01\/Thetford-Topline-111-Combinacion-de-quemador-png.webp\" \/>\n\t<meta property=\"og:image:width\" content=\"1000\" \/>\n\t<meta property=\"og:image:height\" content=\"1000\" \/>\n\t<meta property=\"og:image:type\" content=\"image\/png\" \/>\n<meta name=\"twitter:card\" content=\"summary_large_image\" \/>\n<meta name=\"twitter:label1\" content=\"pre\u00e7o\" \/>\n\t<meta name=\"twitter:data1\" content=\"662,68&nbsp;&euro; (IVA incl.: 801,84&nbsp;&euro;)\" \/>\n\t<meta name=\"twitter:label2\" content=\"Disponibilidade\" \/>\n\t<meta name=\"twitter:data2\" content=\"Por encomenda\" \/>\n<script type=\"application\/ld+json\" class=\"yoast-schema-graph\">{\"@context\":\"https:\\\/\\\/schema.org\",\"@graph\":[{\"@type\":\"WebPage\",\"@id\":\"https:\\\/\\\/recambiosecogas.com\\\/pt-pt\\\/produto\\\/thetford-topline-111-combinacion-de-quemador-y-fregadero-con-tapas-de-cristal\\\/\",\"url\":\"https:\\\/\\\/recambiosecogas.com\\\/pt-pt\\\/produto\\\/thetford-topline-111-combinacion-de-quemador-y-fregadero-con-tapas-de-cristal\\\/\",\"name\":\"Thetford Topline 111 Combinaci\u00f3n de Quemador y Fregadero | Recambios Ecogas\",\"isPartOf\":{\"@id\":\"https:\\\/\\\/recambiosecogas.com\\\/pt-pt\\\/#website\"},\"primaryImageOfPage\":{\"@id\":\"https:\\\/\\\/recambiosecogas.com\\\/pt-pt\\\/produto\\\/thetford-topline-111-combinacion-de-quemador-y-fregadero-con-tapas-de-cristal\\\/#primaryimage\"},\"image\":{\"@id\":\"https:\\\/\\\/recambiosecogas.com\\\/pt-pt\\\/produto\\\/thetford-topline-111-combinacion-de-quemador-y-fregadero-con-tapas-de-cristal\\\/#primaryimage\"},\"thumbnailUrl\":\"https:\\\/\\\/recambiosecogas.com\\\/wp-content\\\/uploads\\\/2025\\\/01\\\/Thetford-Topline-111-Combinacion-de-quemador-png.webp\",\"datePublished\":\"2025-01-21T09:43:31+00:00\",\"dateModified\":\"2026-03-26T11:21:10+00:00\",\"description\":\"Combinaci\u00f3n de quemador y fregadero Thetford Topline 111, ideal para autocaravanas, con dos quemadores de gas y fregadero optimizado para espacios reducidos.\",\"breadcrumb\":{\"@id\":\"https:\\\/\\\/recambiosecogas.com\\\/pt-pt\\\/produto\\\/thetford-topline-111-combinacion-de-quemador-y-fregadero-con-tapas-de-cristal\\\/#breadcrumb\"},\"inLanguage\":\"pt-PT\",\"potentialAction\":[{\"@type\":\"ReadAction\",\"target\":[\"https:\\\/\\\/recambiosecogas.com\\\/pt-pt\\\/produto\\\/thetford-topline-111-combinacion-de-quemador-y-fregadero-con-tapas-de-cristal\\\/\"]}]},{\"@type\":\"ImageObject\",\"inLanguage\":\"pt-PT\",\"@id\":\"https:\\\/\\\/recambiosecogas.com\\\/pt-pt\\\/produto\\\/thetford-topline-111-combinacion-de-quemador-y-fregadero-con-tapas-de-cristal\\\/#primaryimage\",\"url\":\"https:\\\/\\\/recambiosecogas.com\\\/wp-content\\\/uploads\\\/2025\\\/01\\\/Thetford-Topline-111-Combinacion-de-quemador-png.webp\",\"contentUrl\":\"https:\\\/\\\/recambiosecogas.com\\\/wp-content\\\/uploads\\\/2025\\\/01\\\/Thetford-Topline-111-Combinacion-de-quemador-png.webp\",\"width\":1000,\"height\":1000},{\"@type\":\"BreadcrumbList\",\"@id\":\"https:\\\/\\\/recambiosecogas.com\\\/pt-pt\\\/produto\\\/thetford-topline-111-combinacion-de-quemador-y-fregadero-con-tapas-de-cristal\\\/#breadcrumb\",\"itemListElement\":[{\"@type\":\"ListItem\",\"position\":1,\"name\":\"P\u00e1gina inicial\",\"item\":\"https:\\\/\\\/recambiosecogas.com\\\/pt-pt\\\/\"},{\"@type\":\"ListItem\",\"position\":2,\"name\":\"Loja\",\"item\":\"https:\\\/\\\/recambiosecogas.com\\\/pt-pt\\\/tienda\\\/\"},{\"@type\":\"ListItem\",\"position\":3,\"name\":\"Thetford Topline 111 Combinaci\u00f3n de quemador y fregadero con tapas de cristal\"}]},{\"@type\":\"WebSite\",\"@id\":\"https:\\\/\\\/recambiosecogas.com\\\/pt-pt\\\/#website\",\"url\":\"https:\\\/\\\/recambiosecogas.com\\\/pt-pt\\\/\",\"name\":\"Recambios EcoGas\",\"description\":\"Pe\u00e7as multimarca para sistemas de GPL\\\/GNC\\\/GNL\\\/Hidrog\u00e9nio\",\"publisher\":{\"@id\":\"https:\\\/\\\/recambiosecogas.com\\\/pt-pt\\\/#organization\"},\"alternateName\":\"Recambios Autogas GLP\",\"potentialAction\":[{\"@type\":\"SearchAction\",\"target\":{\"@type\":\"EntryPoint\",\"urlTemplate\":\"https:\\\/\\\/recambiosecogas.com\\\/pt-pt\\\/?s={search_term_string}\"},\"query-input\":{\"@type\":\"PropertyValueSpecification\",\"valueRequired\":true,\"valueName\":\"search_term_string\"}}],\"inLanguage\":\"pt-PT\"},{\"@type\":[\"Organization\",\"Place\"],\"@id\":\"https:\\\/\\\/recambiosecogas.com\\\/pt-pt\\\/#organization\",\"name\":\"Recambios EcoGas\",\"alternateName\":\"Loja de GPL Autog\u00e1s Espanha\",\"url\":\"https:\\\/\\\/recambiosecogas.com\\\/pt-pt\\\/\",\"logo\":{\"@id\":\"https:\\\/\\\/recambiosecogas.com\\\/pt-pt\\\/produto\\\/thetford-topline-111-combinacion-de-quemador-y-fregadero-con-tapas-de-cristal\\\/#local-main-organization-logo\"},\"image\":{\"@id\":\"https:\\\/\\\/recambiosecogas.com\\\/pt-pt\\\/produto\\\/thetford-topline-111-combinacion-de-quemador-y-fregadero-con-tapas-de-cristal\\\/#local-main-organization-logo\"},\"sameAs\":[\"https:\\\/\\\/www.facebook.com\\\/profile.php?id=100062419705358\",\"https:\\\/\\\/www.instagram.com\\\/segimon_automocio\"],\"description\":\"Recambios EcoGas \u2013 Venta y distribuci\u00f3n de sistemas GLP y GNC en Espa\u00f1a y Portugal. Env\u00edos 24 h, soporte t\u00e9cnico a talleres y distribuidores.\",\"hasMerchantReturnPolicy\":{\"@type\":\"MerchantReturnPolicy\",\"merchantReturnLink\":\"https:\\\/\\\/recambiosecogas.com\\\/politicas-privacidad\\\/\"},\"address\":{\"@id\":\"https:\\\/\\\/recambiosecogas.com\\\/pt-pt\\\/produto\\\/thetford-topline-111-combinacion-de-quemador-y-fregadero-con-tapas-de-cristal\\\/#local-main-place-address\"},\"telephone\":[\"616250633\"],\"contactPoint\":{\"@type\":\"ContactPoint\",\"email\":\"export@recambiosecogas.com\"},\"openingHoursSpecification\":[{\"@type\":\"OpeningHoursSpecification\",\"dayOfWeek\":[\"Monday\",\"Tuesday\",\"Wednesday\",\"Thursday\",\"Friday\",\"Saturday\",\"Sunday\"],\"opens\":\"09:00\",\"closes\":\"17:00\"}],\"email\":\"info@recambiosecogas.com\",\"faxNumber\":\"SEGIMON AUTOMOCION SL\",\"vatID\":\"ESB19819861\",\"globalLocationNumber\":\"938 616 339\"},{\"@type\":\"PostalAddress\",\"@id\":\"https:\\\/\\\/recambiosecogas.com\\\/pt-pt\\\/produto\\\/thetford-topline-111-combinacion-de-quemador-y-fregadero-con-tapas-de-cristal\\\/#local-main-place-address\",\"streetAddress\":\"cami antic de vic, 29 (Nave 3), Pol\u00edgono Industrial Congost\",\"addressLocality\":\"CORRO D`AVALL\",\"postalCode\":\"08520\",\"addressRegion\":\"Barcelona\",\"addressCountry\":\"ES\"},{\"@type\":\"ImageObject\",\"inLanguage\":\"pt-PT\",\"@id\":\"https:\\\/\\\/recambiosecogas.com\\\/pt-pt\\\/produto\\\/thetford-topline-111-combinacion-de-quemador-y-fregadero-con-tapas-de-cristal\\\/#local-main-organization-logo\",\"url\":\"https:\\\/\\\/recambiosecogas.com\\\/wp-content\\\/uploads\\\/2024\\\/11\\\/cropped-RECAMBIOS-GLP-png.webp\",\"contentUrl\":\"https:\\\/\\\/recambiosecogas.com\\\/wp-content\\\/uploads\\\/2024\\\/11\\\/cropped-RECAMBIOS-GLP-png.webp\",\"width\":512,\"height\":512,\"caption\":\"Recambios EcoGas\"}]}<\/script>\n<meta property=\"product:price:amount\" content=\"662.68\" \/>\n<meta property=\"product:price:currency\" content=\"EUR\" \/>\n<meta property=\"og:availability\" content=\"backorder\" \/>\n<meta property=\"product:availability\" content=\"available for order\" \/>\n<meta property=\"product:retailer_item_id\" content=\"115763A\" \/>\n<meta property=\"product:condition\" content=\"new\" \/>\n<meta name=\"geo.placename\" content=\"CORRO D`AVALL\" \/>\n<meta name=\"geo.region\" content=\"Espanha\" \/>\n<!-- \/ Yoast SEO Premium plugin. -->","yoast_head_json":{"title":"Thetford Topline 111 Combinaci\u00f3n de Quemador y Fregadero | Recambios Ecogas","description":"Combinaci\u00f3n de quemador y fregadero Thetford Topline 111, ideal para autocaravanas, con dos quemadores de gas y fregadero optimizado para espacios reducidos.","robots":{"index":"index","follow":"follow","max-snippet":"max-snippet:-1","max-image-preview":"max-image-preview:large","max-video-preview":"max-video-preview:-1"},"canonical":"https:\/\/recambiosecogas.com\/pt-pt\/produto\/thetford-topline-111-combinacion-de-quemador-y-fregadero-con-tapas-de-cristal\/","og_locale":"pt_PT","og_type":"article","og_title":"Thetford Topline 111 Combinaci\u00f3n de quemador y fregadero con tapas de cristal","og_description":"Combinaci\u00f3n de quemador y fregadero Thetford Topline 111, ideal para autocaravanas, con dos quemadores de gas y fregadero optimizado para espacios reducidos.","og_url":"https:\/\/recambiosecogas.com\/pt-pt\/produto\/thetford-topline-111-combinacion-de-quemador-y-fregadero-con-tapas-de-cristal\/","og_site_name":"Recambios EcoGas","article_publisher":"https:\/\/www.facebook.com\/profile.php?id=100062419705358","article_modified_time":"2026-03-26T11:21:10+00:00","og_image":[{"width":1000,"height":1000,"url":"https:\/\/recambiosecogas.com\/wp-content\/uploads\/2025\/01\/Thetford-Topline-111-Combinacion-de-quemador-png.webp","type":"image\/png"}],"twitter_card":"summary_large_image","twitter_misc":{"pre\u00e7o":"662,68&nbsp;&euro; (IVA incl.: 801,84&nbsp;&euro;)","Disponibilidade":"Por encomenda"},"schema":{"@context":"https:\/\/schema.org","@graph":[{"@type":"WebPage","@id":"https:\/\/recambiosecogas.com\/pt-pt\/produto\/thetford-topline-111-combinacion-de-quemador-y-fregadero-con-tapas-de-cristal\/","url":"https:\/\/recambiosecogas.com\/pt-pt\/produto\/thetford-topline-111-combinacion-de-quemador-y-fregadero-con-tapas-de-cristal\/","name":"Thetford Topline 111 Combinaci\u00f3n de Quemador y Fregadero | Recambios Ecogas","isPartOf":{"@id":"https:\/\/recambiosecogas.com\/pt-pt\/#website"},"primaryImageOfPage":{"@id":"https:\/\/recambiosecogas.com\/pt-pt\/produto\/thetford-topline-111-combinacion-de-quemador-y-fregadero-con-tapas-de-cristal\/#primaryimage"},"image":{"@id":"https:\/\/recambiosecogas.com\/pt-pt\/produto\/thetford-topline-111-combinacion-de-quemador-y-fregadero-con-tapas-de-cristal\/#primaryimage"},"thumbnailUrl":"https:\/\/recambiosecogas.com\/wp-content\/uploads\/2025\/01\/Thetford-Topline-111-Combinacion-de-quemador-png.webp","datePublished":"2025-01-21T09:43:31+00:00","dateModified":"2026-03-26T11:21:10+00:00","description":"Combinaci\u00f3n de quemador y fregadero Thetford Topline 111, ideal para autocaravanas, con dos quemadores de gas y fregadero optimizado para espacios reducidos.","breadcrumb":{"@id":"https:\/\/recambiosecogas.com\/pt-pt\/produto\/thetford-topline-111-combinacion-de-quemador-y-fregadero-con-tapas-de-cristal\/#breadcrumb"},"inLanguage":"pt-PT","potentialAction":[{"@type":"ReadAction","target":["https:\/\/recambiosecogas.com\/pt-pt\/produto\/thetford-topline-111-combinacion-de-quemador-y-fregadero-con-tapas-de-cristal\/"]}]},{"@type":"ImageObject","inLanguage":"pt-PT","@id":"https:\/\/recambiosecogas.com\/pt-pt\/produto\/thetford-topline-111-combinacion-de-quemador-y-fregadero-con-tapas-de-cristal\/#primaryimage","url":"https:\/\/recambiosecogas.com\/wp-content\/uploads\/2025\/01\/Thetford-Topline-111-Combinacion-de-quemador-png.webp","contentUrl":"https:\/\/recambiosecogas.com\/wp-content\/uploads\/2025\/01\/Thetford-Topline-111-Combinacion-de-quemador-png.webp","width":1000,"height":1000},{"@type":"BreadcrumbList","@id":"https:\/\/recambiosecogas.com\/pt-pt\/produto\/thetford-topline-111-combinacion-de-quemador-y-fregadero-con-tapas-de-cristal\/#breadcrumb","itemListElement":[{"@type":"ListItem","position":1,"name":"P\u00e1gina inicial","item":"https:\/\/recambiosecogas.com\/pt-pt\/"},{"@type":"ListItem","position":2,"name":"Loja","item":"https:\/\/recambiosecogas.com\/pt-pt\/tienda\/"},{"@type":"ListItem","position":3,"name":"Thetford Topline 111 Combinaci\u00f3n de quemador y fregadero con tapas de cristal"}]},{"@type":"WebSite","@id":"https:\/\/recambiosecogas.com\/pt-pt\/#website","url":"https:\/\/recambiosecogas.com\/pt-pt\/","name":"Recambios EcoGas","description":"Pe\u00e7as multimarca para sistemas de GPL\/GNC\/GNL\/Hidrog\u00e9nio","publisher":{"@id":"https:\/\/recambiosecogas.com\/pt-pt\/#organization"},"alternateName":"Recambios Autogas GLP","potentialAction":[{"@type":"SearchAction","target":{"@type":"EntryPoint","urlTemplate":"https:\/\/recambiosecogas.com\/pt-pt\/?s={search_term_string}"},"query-input":{"@type":"PropertyValueSpecification","valueRequired":true,"valueName":"search_term_string"}}],"inLanguage":"pt-PT"},{"@type":["Organization","Place"],"@id":"https:\/\/recambiosecogas.com\/pt-pt\/#organization","name":"Recambios EcoGas","alternateName":"Loja de GPL Autog\u00e1s Espanha","url":"https:\/\/recambiosecogas.com\/pt-pt\/","logo":{"@id":"https:\/\/recambiosecogas.com\/pt-pt\/produto\/thetford-topline-111-combinacion-de-quemador-y-fregadero-con-tapas-de-cristal\/#local-main-organization-logo"},"image":{"@id":"https:\/\/recambiosecogas.com\/pt-pt\/produto\/thetford-topline-111-combinacion-de-quemador-y-fregadero-con-tapas-de-cristal\/#local-main-organization-logo"},"sameAs":["https:\/\/www.facebook.com\/profile.php?id=100062419705358","https:\/\/www.instagram.com\/segimon_automocio"],"description":"Recambios EcoGas \u2013 Venta y distribuci\u00f3n de sistemas GLP y GNC en Espa\u00f1a y Portugal. Env\u00edos 24 h, soporte t\u00e9cnico a talleres y distribuidores.","hasMerchantReturnPolicy":{"@type":"MerchantReturnPolicy","merchantReturnLink":"https:\/\/recambiosecogas.com\/politicas-privacidad\/"},"address":{"@id":"https:\/\/recambiosecogas.com\/pt-pt\/produto\/thetford-topline-111-combinacion-de-quemador-y-fregadero-con-tapas-de-cristal\/#local-main-place-address"},"telephone":["616250633"],"contactPoint":{"@type":"ContactPoint","email":"export@recambiosecogas.com"},"openingHoursSpecification":[{"@type":"OpeningHoursSpecification","dayOfWeek":["Monday","Tuesday","Wednesday","Thursday","Friday","Saturday","Sunday"],"opens":"09:00","closes":"17:00"}],"email":"info@recambiosecogas.com","faxNumber":"SEGIMON AUTOMOCION SL","vatID":"ESB19819861","globalLocationNumber":"938 616 339"},{"@type":"PostalAddress","@id":"https:\/\/recambiosecogas.com\/pt-pt\/produto\/thetford-topline-111-combinacion-de-quemador-y-fregadero-con-tapas-de-cristal\/#local-main-place-address","streetAddress":"cami antic de vic, 29 (Nave 3), Pol\u00edgono Industrial Congost","addressLocality":"CORRO D`AVALL","postalCode":"08520","addressRegion":"Barcelona","addressCountry":"ES"},{"@type":"ImageObject","inLanguage":"pt-PT","@id":"https:\/\/recambiosecogas.com\/pt-pt\/produto\/thetford-topline-111-combinacion-de-quemador-y-fregadero-con-tapas-de-cristal\/#local-main-organization-logo","url":"https:\/\/recambiosecogas.com\/wp-content\/uploads\/2024\/11\/cropped-RECAMBIOS-GLP-png.webp","contentUrl":"https:\/\/recambiosecogas.com\/wp-content\/uploads\/2024\/11\/cropped-RECAMBIOS-GLP-png.webp","width":512,"height":512,"caption":"Recambios EcoGas"}]},"product_price_amount":"662.68","product_price_currency":"EUR","og_availability":"backorder","product_availability":"available for order","product_retailer_item_id":"115763A","product_condition":"new","geo.placename":"CORRO D`AVALL","geo.region":"Espanha"},"uagb_featured_image_src":{"full":["https:\/\/recambiosecogas.com\/wp-content\/uploads\/2025\/01\/Thetford-Topline-111-Combinacion-de-quemador-png.webp",1000,1000,false],"thumbnail":["https:\/\/recambiosecogas.com\/wp-content\/uploads\/2025\/01\/Thetford-Topline-111-Combinacion-de-quemador-150x150.webp",150,150,true],"medium":["https:\/\/recambiosecogas.com\/wp-content\/uploads\/2025\/01\/Thetford-Topline-111-Combinacion-de-quemador-300x300.webp",300,300,true],"medium_large":["https:\/\/recambiosecogas.com\/wp-content\/uploads\/2025\/01\/Thetford-Topline-111-Combinacion-de-quemador-768x768.webp",768,768,true],"large":["https:\/\/recambiosecogas.com\/wp-content\/uploads\/2025\/01\/Thetford-Topline-111-Combinacion-de-quemador-png.webp",1000,1000,false],"1536x1536":["https:\/\/recambiosecogas.com\/wp-content\/uploads\/2025\/01\/Thetford-Topline-111-Combinacion-de-quemador-png.webp",1000,1000,false],"2048x2048":["https:\/\/recambiosecogas.com\/wp-content\/uploads\/2025\/01\/Thetford-Topline-111-Combinacion-de-quemador-png.webp",1000,1000,false],"woocommerce_archive_thumbnail":["https:\/\/recambiosecogas.com\/wp-content\/uploads\/2025\/01\/Thetford-Topline-111-Combinacion-de-quemador-png.webp",1000,1000,false],"woocommerce_thumbnail":["https:\/\/recambiosecogas.com\/wp-content\/uploads\/2025\/01\/Thetford-Topline-111-Combinacion-de-quemador-300x300.webp",300,300,true],"woocommerce_single":["https:\/\/recambiosecogas.com\/wp-content\/uploads\/2025\/01\/Thetford-Topline-111-Combinacion-de-quemador-png.webp",1000,1000,false],"woocommerce_gallery_thumbnail":["https:\/\/recambiosecogas.com\/wp-content\/uploads\/2025\/01\/Thetford-Topline-111-Combinacion-de-quemador-png.webp",1000,1000,false],"dgwt-wcas-product-suggestion":["https:\/\/recambiosecogas.com\/wp-content\/uploads\/2025\/01\/Thetford-Topline-111-Combinacion-de-quemador-64x64.webp",64,64,true]},"uagb_author_info":{"display_name":"Fran - Soporte T\u00e9cnico","author_link":"https:\/\/recambiosecogas.com\/pt-pt\/author\/"},"uagb_comment_info":0,"uagb_excerpt":"THETFORD","_links":{"self":[{"href":"https:\/\/recambiosecogas.com\/pt-pt\/wp-json\/wp\/v2\/product\/16078","targetHints":{"allow":["GET"]}}],"collection":[{"href":"https:\/\/recambiosecogas.com\/pt-pt\/wp-json\/wp\/v2\/product"}],"about":[{"href":"https:\/\/recambiosecogas.com\/pt-pt\/wp-json\/wp\/v2\/types\/product"}],"replies":[{"embeddable":true,"href":"https:\/\/recambiosecogas.com\/pt-pt\/wp-json\/wp\/v2\/comments?post=16078"}],"wp:featuredmedia":[{"embeddable":true,"href":"https:\/\/recambiosecogas.com\/pt-pt\/wp-json\/wp\/v2\/media\/16615"}],"wp:attachment":[{"href":"https:\/\/recambiosecogas.com\/pt-pt\/wp-json\/wp\/v2\/media?parent=16078"}],"wp:term":[{"taxonomy":"product_brand","embeddable":true,"href":"https:\/\/recambiosecogas.com\/pt-pt\/wp-json\/wp\/v2\/product_brand?post=16078"},{"taxonomy":"product_cat","embeddable":true,"href":"https:\/\/recambiosecogas.com\/pt-pt\/wp-json\/wp\/v2\/product_cat?post=16078"},{"taxonomy":"product_tag","embeddable":true,"href":"https:\/\/recambiosecogas.com\/pt-pt\/wp-json\/wp\/v2\/product_tag?post=16078"}],"curies":[{"name":"wp","href":"https:\/\/api.w.org\/{rel}","templated":true}]}}