{"id":16074,"date":"2025-01-21T10:43:28","date_gmt":"2025-01-21T09:43:28","guid":{"rendered":"https:\/\/recambiosecogas.com\/producto\/thetford-cocina-cooker-cristal-negro\/"},"modified":"2026-03-26T12:21:03","modified_gmt":"2026-03-26T11:21:03","slug":"thetford-cocina-cooker-cristal-negro","status":"publish","type":"product","link":"https:\/\/recambiosecogas.com\/pt-pt\/produto\/thetford-cocina-cooker-cristal-negro\/","title":{"rendered":"Thetford Cocina Cooker Cristal Negro"},"content":{"rendered":"<p>La cocina Cocina negra tiene cuatro quemadores de gas de diferentes tama\u00f1os, as\u00ed como un grill y un horno con puertas batientes. La refrigeraci\u00f3n por ventilador del horno garantiza que las temperaturas de todas las superficies y mandos se mantengan a un nivel confortable.<\/p>\n<p>&nbsp;<\/p>\n<h4>Datos t\u00e9cnicos<\/h4>\n<p>Capacidad: 56 litros<br \/>\nAltura: 766 mm<br \/>\nAnchura: 618mm<br \/>\nProfundidad: 600mm<br \/>\nPeso: 40kg<br \/>\nQuemadores de gas: 1 x 1,0 kW 2 x 1,5 kW 1x 2,5 kW<br \/>\nQuemador de parrilla: 2,5 kW<br \/>\nEncendido: 230 V<br \/>\nMandos: Rectos niquelados mate<br \/>\nTipo: Hornos, placas, parrillas<br \/>\nCombustible: Gas licuado<\/p>\n<p>La <strong>Cocina de Gas Thetford Cristal Negro<\/strong> es un electrodom\u00e9stico dise\u00f1ado para ofrecer un rendimiento \u00f3ptimo en sistemas de <strong>Autogas<\/strong>. Con cuatro quemadores de gas de diferentes tama\u00f1os y un horno con grill, esta cocina es perfecta para diversas aplicaciones culinarias, garantizando una cocci\u00f3n eficiente y uniforme.<\/p>\n<p>El horno cuenta con refrigeraci\u00f3n por ventilador, lo que asegura que las temperaturas de todas las superficies y mandos se mantengan a un nivel confortable, mejorando la experiencia de uso. Esta caracter\u00edstica es especialmente importante en entornos donde se requiere un control preciso de la temperatura.<\/p>\n<p>La instalaci\u00f3n de la cocina es sencilla, y es recomendable verificar la compatibilidad con el sistema de gas existente antes de realizar la compra. Esta cocina es ideal para quienes buscan un equilibrio entre funcionalidad y dise\u00f1o moderno en su cocina.<\/p>\n<p>Si no se reemplaza una cocina defectuosa, se pueden presentar problemas como una cocci\u00f3n ineficiente o un riesgo de fugas de gas, lo que puede comprometer la seguridad del hogar. Por lo tanto, es crucial mantener este tipo de electrodom\u00e9sticos en buen estado.<\/p>\n<h4>Datos t\u00e9cnicos<\/h4>\n<p>Capacidad: <strong>56 litros<\/strong><br \/>Altura: <strong>766 mm<\/strong><br \/>Anchura: <strong>618 mm<\/strong><br \/>Profundidad: <strong>600 mm<\/strong><br \/>Peso: <strong>40 kg<\/strong><br \/>Quemadores de gas: <strong>1 x 1,0 kW, 2 x 1,5 kW, 1 x 2,5 kW<\/strong><br \/>Quemador de parrilla: <strong>2,5 kW<\/strong><br \/>Encendido: <strong>230 V<\/strong><br \/>Mandos: <strong>Rectos niquelados mate<\/strong><br \/>Tipo: <strong>Hornos, placas, parrillas<\/strong><br \/>Combustible: <strong>Gas licuado<\/strong><\/p>\n","protected":false},"excerpt":{"rendered":"<p>THETFORD<\/p>\n","protected":false},"featured_media":16618,"comment_status":"open","ping_status":"closed","template":"","meta":{"googlesitekit_rrm_CAowud7EDA:productID":"","_uag_custom_page_level_css":""},"product_brand":[],"product_cat":[858],"product_tag":[],"class_list":{"0":"post-16074","1":"product","2":"type-product","3":"status-publish","4":"has-post-thumbnail","6":"product_cat-placas-de-cocina","8":"first","9":"onbackorder","10":"taxable","11":"shipping-taxable","12":"purchasable","13":"product-type-simple"},"ct_brands":[],"yoast_head":"<!-- This site is optimized with the Yoast SEO Premium plugin v27.3 (Yoast SEO v27.3) - https:\/\/yoast.com\/product\/yoast-seo-premium-wordpress\/ -->\n<title>Cocina de Gas Thetford Cristal Negro | Recambios Ecogas<\/title>\n<meta name=\"description\" content=\"Cocina de gas Thetford de cristal negro, con 4 quemadores y horno, ideal para sistemas de Autogas. Eficiencia y dise\u00f1o en un solo producto.\" \/>\n<meta name=\"robots\" content=\"index, follow, max-snippet:-1, max-image-preview:large, max-video-preview:-1\" \/>\n<link rel=\"canonical\" href=\"https:\/\/recambiosecogas.com\/pt-pt\/produto\/thetford-cocina-cooker-cristal-negro\/\" \/>\n<meta property=\"og:locale\" content=\"pt_PT\" \/>\n<meta property=\"og:type\" content=\"article\" \/>\n<meta property=\"og:title\" content=\"Thetford Cocina Cooker Cristal Negro\" \/>\n<meta property=\"og:description\" content=\"Cocina de gas Thetford de cristal negro, con 4 quemadores y horno, ideal para sistemas de Autogas. Eficiencia y dise\u00f1o en un solo producto.\" \/>\n<meta property=\"og:url\" content=\"https:\/\/recambiosecogas.com\/pt-pt\/produto\/thetford-cocina-cooker-cristal-negro\/\" \/>\n<meta property=\"og:site_name\" content=\"Recambios EcoGas\" \/>\n<meta property=\"article:publisher\" content=\"https:\/\/www.facebook.com\/profile.php?id=100062419705358\" \/>\n<meta property=\"article:modified_time\" content=\"2026-03-26T11:21:03+00:00\" \/>\n<meta property=\"og:image\" content=\"https:\/\/recambiosecogas.com\/wp-content\/uploads\/2025\/01\/Thetford-Cocina-Cooker-Cristal-Negro-png.webp\" \/>\n\t<meta property=\"og:image:width\" content=\"1000\" \/>\n\t<meta property=\"og:image:height\" content=\"1000\" \/>\n\t<meta property=\"og:image:type\" content=\"image\/png\" \/>\n<meta name=\"twitter:card\" content=\"summary_large_image\" \/>\n<meta name=\"twitter:label1\" content=\"pre\u00e7o\" \/>\n\t<meta name=\"twitter:data1\" content=\"1.721,08&nbsp;&euro; (IVA incl.: 2.082,50&nbsp;&euro;)\" \/>\n\t<meta name=\"twitter:label2\" content=\"Disponibilidade\" \/>\n\t<meta name=\"twitter:data2\" content=\"Por encomenda\" \/>\n<script type=\"application\/ld+json\" class=\"yoast-schema-graph\">{\"@context\":\"https:\\\/\\\/schema.org\",\"@graph\":[{\"@type\":\"WebPage\",\"@id\":\"https:\\\/\\\/recambiosecogas.com\\\/pt-pt\\\/produto\\\/thetford-cocina-cooker-cristal-negro\\\/\",\"url\":\"https:\\\/\\\/recambiosecogas.com\\\/pt-pt\\\/produto\\\/thetford-cocina-cooker-cristal-negro\\\/\",\"name\":\"Cocina de Gas Thetford Cristal Negro | Recambios Ecogas\",\"isPartOf\":{\"@id\":\"https:\\\/\\\/recambiosecogas.com\\\/pt-pt\\\/#website\"},\"primaryImageOfPage\":{\"@id\":\"https:\\\/\\\/recambiosecogas.com\\\/pt-pt\\\/produto\\\/thetford-cocina-cooker-cristal-negro\\\/#primaryimage\"},\"image\":{\"@id\":\"https:\\\/\\\/recambiosecogas.com\\\/pt-pt\\\/produto\\\/thetford-cocina-cooker-cristal-negro\\\/#primaryimage\"},\"thumbnailUrl\":\"https:\\\/\\\/recambiosecogas.com\\\/wp-content\\\/uploads\\\/2025\\\/01\\\/Thetford-Cocina-Cooker-Cristal-Negro-png.webp\",\"datePublished\":\"2025-01-21T09:43:28+00:00\",\"dateModified\":\"2026-03-26T11:21:03+00:00\",\"description\":\"Cocina de gas Thetford de cristal negro, con 4 quemadores y horno, ideal para sistemas de Autogas. Eficiencia y dise\u00f1o en un solo producto.\",\"breadcrumb\":{\"@id\":\"https:\\\/\\\/recambiosecogas.com\\\/pt-pt\\\/produto\\\/thetford-cocina-cooker-cristal-negro\\\/#breadcrumb\"},\"inLanguage\":\"pt-PT\",\"potentialAction\":[{\"@type\":\"ReadAction\",\"target\":[\"https:\\\/\\\/recambiosecogas.com\\\/pt-pt\\\/produto\\\/thetford-cocina-cooker-cristal-negro\\\/\"]}]},{\"@type\":\"ImageObject\",\"inLanguage\":\"pt-PT\",\"@id\":\"https:\\\/\\\/recambiosecogas.com\\\/pt-pt\\\/produto\\\/thetford-cocina-cooker-cristal-negro\\\/#primaryimage\",\"url\":\"https:\\\/\\\/recambiosecogas.com\\\/wp-content\\\/uploads\\\/2025\\\/01\\\/Thetford-Cocina-Cooker-Cristal-Negro-png.webp\",\"contentUrl\":\"https:\\\/\\\/recambiosecogas.com\\\/wp-content\\\/uploads\\\/2025\\\/01\\\/Thetford-Cocina-Cooker-Cristal-Negro-png.webp\",\"width\":1000,\"height\":1000},{\"@type\":\"BreadcrumbList\",\"@id\":\"https:\\\/\\\/recambiosecogas.com\\\/pt-pt\\\/produto\\\/thetford-cocina-cooker-cristal-negro\\\/#breadcrumb\",\"itemListElement\":[{\"@type\":\"ListItem\",\"position\":1,\"name\":\"P\u00e1gina inicial\",\"item\":\"https:\\\/\\\/recambiosecogas.com\\\/pt-pt\\\/\"},{\"@type\":\"ListItem\",\"position\":2,\"name\":\"Loja\",\"item\":\"https:\\\/\\\/recambiosecogas.com\\\/pt-pt\\\/tienda\\\/\"},{\"@type\":\"ListItem\",\"position\":3,\"name\":\"Thetford Cocina Cooker Cristal Negro\"}]},{\"@type\":\"WebSite\",\"@id\":\"https:\\\/\\\/recambiosecogas.com\\\/pt-pt\\\/#website\",\"url\":\"https:\\\/\\\/recambiosecogas.com\\\/pt-pt\\\/\",\"name\":\"Recambios EcoGas\",\"description\":\"Pe\u00e7as multimarca para sistemas de GPL\\\/GNC\\\/GNL\\\/Hidrog\u00e9nio\",\"publisher\":{\"@id\":\"https:\\\/\\\/recambiosecogas.com\\\/pt-pt\\\/#organization\"},\"alternateName\":\"Recambios Autogas GLP\",\"potentialAction\":[{\"@type\":\"SearchAction\",\"target\":{\"@type\":\"EntryPoint\",\"urlTemplate\":\"https:\\\/\\\/recambiosecogas.com\\\/pt-pt\\\/?s={search_term_string}\"},\"query-input\":{\"@type\":\"PropertyValueSpecification\",\"valueRequired\":true,\"valueName\":\"search_term_string\"}}],\"inLanguage\":\"pt-PT\"},{\"@type\":[\"Organization\",\"Place\"],\"@id\":\"https:\\\/\\\/recambiosecogas.com\\\/pt-pt\\\/#organization\",\"name\":\"Recambios EcoGas\",\"alternateName\":\"Loja de GPL Autog\u00e1s Espanha\",\"url\":\"https:\\\/\\\/recambiosecogas.com\\\/pt-pt\\\/\",\"logo\":{\"@id\":\"https:\\\/\\\/recambiosecogas.com\\\/pt-pt\\\/produto\\\/thetford-cocina-cooker-cristal-negro\\\/#local-main-organization-logo\"},\"image\":{\"@id\":\"https:\\\/\\\/recambiosecogas.com\\\/pt-pt\\\/produto\\\/thetford-cocina-cooker-cristal-negro\\\/#local-main-organization-logo\"},\"sameAs\":[\"https:\\\/\\\/www.facebook.com\\\/profile.php?id=100062419705358\",\"https:\\\/\\\/www.instagram.com\\\/segimon_automocio\"],\"description\":\"Recambios EcoGas \u2013 Venta y distribuci\u00f3n de sistemas GLP y GNC en Espa\u00f1a y Portugal. Env\u00edos 24 h, soporte t\u00e9cnico a talleres y distribuidores.\",\"hasMerchantReturnPolicy\":{\"@type\":\"MerchantReturnPolicy\",\"merchantReturnLink\":\"https:\\\/\\\/recambiosecogas.com\\\/politicas-privacidad\\\/\"},\"address\":{\"@id\":\"https:\\\/\\\/recambiosecogas.com\\\/pt-pt\\\/produto\\\/thetford-cocina-cooker-cristal-negro\\\/#local-main-place-address\"},\"telephone\":[\"616250633\"],\"contactPoint\":{\"@type\":\"ContactPoint\",\"email\":\"export@recambiosecogas.com\"},\"openingHoursSpecification\":[{\"@type\":\"OpeningHoursSpecification\",\"dayOfWeek\":[\"Monday\",\"Tuesday\",\"Wednesday\",\"Thursday\",\"Friday\",\"Saturday\",\"Sunday\"],\"opens\":\"09:00\",\"closes\":\"17:00\"}],\"email\":\"info@recambiosecogas.com\",\"faxNumber\":\"SEGIMON AUTOMOCION SL\",\"vatID\":\"ESB19819861\",\"globalLocationNumber\":\"938 616 339\"},{\"@type\":\"PostalAddress\",\"@id\":\"https:\\\/\\\/recambiosecogas.com\\\/pt-pt\\\/produto\\\/thetford-cocina-cooker-cristal-negro\\\/#local-main-place-address\",\"streetAddress\":\"cami antic de vic, 29 (Nave 3), Pol\u00edgono Industrial Congost\",\"addressLocality\":\"CORRO D`AVALL\",\"postalCode\":\"08520\",\"addressRegion\":\"Barcelona\",\"addressCountry\":\"ES\"},{\"@type\":\"ImageObject\",\"inLanguage\":\"pt-PT\",\"@id\":\"https:\\\/\\\/recambiosecogas.com\\\/pt-pt\\\/produto\\\/thetford-cocina-cooker-cristal-negro\\\/#local-main-organization-logo\",\"url\":\"https:\\\/\\\/recambiosecogas.com\\\/wp-content\\\/uploads\\\/2024\\\/11\\\/cropped-RECAMBIOS-GLP-png.webp\",\"contentUrl\":\"https:\\\/\\\/recambiosecogas.com\\\/wp-content\\\/uploads\\\/2024\\\/11\\\/cropped-RECAMBIOS-GLP-png.webp\",\"width\":512,\"height\":512,\"caption\":\"Recambios EcoGas\"}]}<\/script>\n<meta property=\"product:price:amount\" content=\"1721.08\" \/>\n<meta property=\"product:price:currency\" content=\"EUR\" \/>\n<meta property=\"og:availability\" content=\"backorder\" \/>\n<meta property=\"product:availability\" content=\"available for order\" \/>\n<meta property=\"product:retailer_item_id\" content=\"115759A\" \/>\n<meta property=\"product:condition\" content=\"new\" \/>\n<meta name=\"geo.placename\" content=\"CORRO D`AVALL\" \/>\n<meta name=\"geo.region\" content=\"Espanha\" \/>\n<!-- \/ Yoast SEO Premium plugin. -->","yoast_head_json":{"title":"Cocina de Gas Thetford Cristal Negro | Recambios Ecogas","description":"Cocina de gas Thetford de cristal negro, con 4 quemadores y horno, ideal para sistemas de Autogas. Eficiencia y dise\u00f1o en un solo producto.","robots":{"index":"index","follow":"follow","max-snippet":"max-snippet:-1","max-image-preview":"max-image-preview:large","max-video-preview":"max-video-preview:-1"},"canonical":"https:\/\/recambiosecogas.com\/pt-pt\/produto\/thetford-cocina-cooker-cristal-negro\/","og_locale":"pt_PT","og_type":"article","og_title":"Thetford Cocina Cooker Cristal Negro","og_description":"Cocina de gas Thetford de cristal negro, con 4 quemadores y horno, ideal para sistemas de Autogas. Eficiencia y dise\u00f1o en un solo producto.","og_url":"https:\/\/recambiosecogas.com\/pt-pt\/produto\/thetford-cocina-cooker-cristal-negro\/","og_site_name":"Recambios EcoGas","article_publisher":"https:\/\/www.facebook.com\/profile.php?id=100062419705358","article_modified_time":"2026-03-26T11:21:03+00:00","og_image":[{"width":1000,"height":1000,"url":"https:\/\/recambiosecogas.com\/wp-content\/uploads\/2025\/01\/Thetford-Cocina-Cooker-Cristal-Negro-png.webp","type":"image\/png"}],"twitter_card":"summary_large_image","twitter_misc":{"pre\u00e7o":"1.721,08&nbsp;&euro; (IVA incl.: 2.082,50&nbsp;&euro;)","Disponibilidade":"Por encomenda"},"schema":{"@context":"https:\/\/schema.org","@graph":[{"@type":"WebPage","@id":"https:\/\/recambiosecogas.com\/pt-pt\/produto\/thetford-cocina-cooker-cristal-negro\/","url":"https:\/\/recambiosecogas.com\/pt-pt\/produto\/thetford-cocina-cooker-cristal-negro\/","name":"Cocina de Gas Thetford Cristal Negro | Recambios Ecogas","isPartOf":{"@id":"https:\/\/recambiosecogas.com\/pt-pt\/#website"},"primaryImageOfPage":{"@id":"https:\/\/recambiosecogas.com\/pt-pt\/produto\/thetford-cocina-cooker-cristal-negro\/#primaryimage"},"image":{"@id":"https:\/\/recambiosecogas.com\/pt-pt\/produto\/thetford-cocina-cooker-cristal-negro\/#primaryimage"},"thumbnailUrl":"https:\/\/recambiosecogas.com\/wp-content\/uploads\/2025\/01\/Thetford-Cocina-Cooker-Cristal-Negro-png.webp","datePublished":"2025-01-21T09:43:28+00:00","dateModified":"2026-03-26T11:21:03+00:00","description":"Cocina de gas Thetford de cristal negro, con 4 quemadores y horno, ideal para sistemas de Autogas. Eficiencia y dise\u00f1o en un solo producto.","breadcrumb":{"@id":"https:\/\/recambiosecogas.com\/pt-pt\/produto\/thetford-cocina-cooker-cristal-negro\/#breadcrumb"},"inLanguage":"pt-PT","potentialAction":[{"@type":"ReadAction","target":["https:\/\/recambiosecogas.com\/pt-pt\/produto\/thetford-cocina-cooker-cristal-negro\/"]}]},{"@type":"ImageObject","inLanguage":"pt-PT","@id":"https:\/\/recambiosecogas.com\/pt-pt\/produto\/thetford-cocina-cooker-cristal-negro\/#primaryimage","url":"https:\/\/recambiosecogas.com\/wp-content\/uploads\/2025\/01\/Thetford-Cocina-Cooker-Cristal-Negro-png.webp","contentUrl":"https:\/\/recambiosecogas.com\/wp-content\/uploads\/2025\/01\/Thetford-Cocina-Cooker-Cristal-Negro-png.webp","width":1000,"height":1000},{"@type":"BreadcrumbList","@id":"https:\/\/recambiosecogas.com\/pt-pt\/produto\/thetford-cocina-cooker-cristal-negro\/#breadcrumb","itemListElement":[{"@type":"ListItem","position":1,"name":"P\u00e1gina inicial","item":"https:\/\/recambiosecogas.com\/pt-pt\/"},{"@type":"ListItem","position":2,"name":"Loja","item":"https:\/\/recambiosecogas.com\/pt-pt\/tienda\/"},{"@type":"ListItem","position":3,"name":"Thetford Cocina Cooker Cristal Negro"}]},{"@type":"WebSite","@id":"https:\/\/recambiosecogas.com\/pt-pt\/#website","url":"https:\/\/recambiosecogas.com\/pt-pt\/","name":"Recambios EcoGas","description":"Pe\u00e7as multimarca para sistemas de GPL\/GNC\/GNL\/Hidrog\u00e9nio","publisher":{"@id":"https:\/\/recambiosecogas.com\/pt-pt\/#organization"},"alternateName":"Recambios Autogas GLP","potentialAction":[{"@type":"SearchAction","target":{"@type":"EntryPoint","urlTemplate":"https:\/\/recambiosecogas.com\/pt-pt\/?s={search_term_string}"},"query-input":{"@type":"PropertyValueSpecification","valueRequired":true,"valueName":"search_term_string"}}],"inLanguage":"pt-PT"},{"@type":["Organization","Place"],"@id":"https:\/\/recambiosecogas.com\/pt-pt\/#organization","name":"Recambios EcoGas","alternateName":"Loja de GPL Autog\u00e1s Espanha","url":"https:\/\/recambiosecogas.com\/pt-pt\/","logo":{"@id":"https:\/\/recambiosecogas.com\/pt-pt\/produto\/thetford-cocina-cooker-cristal-negro\/#local-main-organization-logo"},"image":{"@id":"https:\/\/recambiosecogas.com\/pt-pt\/produto\/thetford-cocina-cooker-cristal-negro\/#local-main-organization-logo"},"sameAs":["https:\/\/www.facebook.com\/profile.php?id=100062419705358","https:\/\/www.instagram.com\/segimon_automocio"],"description":"Recambios EcoGas \u2013 Venta y distribuci\u00f3n de sistemas GLP y GNC en Espa\u00f1a y Portugal. Env\u00edos 24 h, soporte t\u00e9cnico a talleres y distribuidores.","hasMerchantReturnPolicy":{"@type":"MerchantReturnPolicy","merchantReturnLink":"https:\/\/recambiosecogas.com\/politicas-privacidad\/"},"address":{"@id":"https:\/\/recambiosecogas.com\/pt-pt\/produto\/thetford-cocina-cooker-cristal-negro\/#local-main-place-address"},"telephone":["616250633"],"contactPoint":{"@type":"ContactPoint","email":"export@recambiosecogas.com"},"openingHoursSpecification":[{"@type":"OpeningHoursSpecification","dayOfWeek":["Monday","Tuesday","Wednesday","Thursday","Friday","Saturday","Sunday"],"opens":"09:00","closes":"17:00"}],"email":"info@recambiosecogas.com","faxNumber":"SEGIMON AUTOMOCION SL","vatID":"ESB19819861","globalLocationNumber":"938 616 339"},{"@type":"PostalAddress","@id":"https:\/\/recambiosecogas.com\/pt-pt\/produto\/thetford-cocina-cooker-cristal-negro\/#local-main-place-address","streetAddress":"cami antic de vic, 29 (Nave 3), Pol\u00edgono Industrial Congost","addressLocality":"CORRO D`AVALL","postalCode":"08520","addressRegion":"Barcelona","addressCountry":"ES"},{"@type":"ImageObject","inLanguage":"pt-PT","@id":"https:\/\/recambiosecogas.com\/pt-pt\/produto\/thetford-cocina-cooker-cristal-negro\/#local-main-organization-logo","url":"https:\/\/recambiosecogas.com\/wp-content\/uploads\/2024\/11\/cropped-RECAMBIOS-GLP-png.webp","contentUrl":"https:\/\/recambiosecogas.com\/wp-content\/uploads\/2024\/11\/cropped-RECAMBIOS-GLP-png.webp","width":512,"height":512,"caption":"Recambios EcoGas"}]},"product_price_amount":"1721.08","product_price_currency":"EUR","og_availability":"backorder","product_availability":"available for order","product_retailer_item_id":"115759A","product_condition":"new","geo.placename":"CORRO D`AVALL","geo.region":"Espanha"},"uagb_featured_image_src":{"full":["https:\/\/recambiosecogas.com\/wp-content\/uploads\/2025\/01\/Thetford-Cocina-Cooker-Cristal-Negro-png.webp",1000,1000,false],"thumbnail":["https:\/\/recambiosecogas.com\/wp-content\/uploads\/2025\/01\/Thetford-Cocina-Cooker-Cristal-Negro-150x150.webp",150,150,true],"medium":["https:\/\/recambiosecogas.com\/wp-content\/uploads\/2025\/01\/Thetford-Cocina-Cooker-Cristal-Negro-300x300.webp",300,300,true],"medium_large":["https:\/\/recambiosecogas.com\/wp-content\/uploads\/2025\/01\/Thetford-Cocina-Cooker-Cristal-Negro-768x768.webp",768,768,true],"large":["https:\/\/recambiosecogas.com\/wp-content\/uploads\/2025\/01\/Thetford-Cocina-Cooker-Cristal-Negro-png.webp",1000,1000,false],"1536x1536":["https:\/\/recambiosecogas.com\/wp-content\/uploads\/2025\/01\/Thetford-Cocina-Cooker-Cristal-Negro-png.webp",1000,1000,false],"2048x2048":["https:\/\/recambiosecogas.com\/wp-content\/uploads\/2025\/01\/Thetford-Cocina-Cooker-Cristal-Negro-png.webp",1000,1000,false],"woocommerce_archive_thumbnail":["https:\/\/recambiosecogas.com\/wp-content\/uploads\/2025\/01\/Thetford-Cocina-Cooker-Cristal-Negro-png.webp",1000,1000,false],"woocommerce_thumbnail":["https:\/\/recambiosecogas.com\/wp-content\/uploads\/2025\/01\/Thetford-Cocina-Cooker-Cristal-Negro-300x300.webp",300,300,true],"woocommerce_single":["https:\/\/recambiosecogas.com\/wp-content\/uploads\/2025\/01\/Thetford-Cocina-Cooker-Cristal-Negro-png.webp",1000,1000,false],"woocommerce_gallery_thumbnail":["https:\/\/recambiosecogas.com\/wp-content\/uploads\/2025\/01\/Thetford-Cocina-Cooker-Cristal-Negro-png.webp",1000,1000,false],"dgwt-wcas-product-suggestion":["https:\/\/recambiosecogas.com\/wp-content\/uploads\/2025\/01\/Thetford-Cocina-Cooker-Cristal-Negro-64x64.webp",64,64,true]},"uagb_author_info":{"display_name":"Fran - Soporte T\u00e9cnico","author_link":"https:\/\/recambiosecogas.com\/pt-pt\/author\/"},"uagb_comment_info":0,"uagb_excerpt":"THETFORD","_links":{"self":[{"href":"https:\/\/recambiosecogas.com\/pt-pt\/wp-json\/wp\/v2\/product\/16074","targetHints":{"allow":["GET"]}}],"collection":[{"href":"https:\/\/recambiosecogas.com\/pt-pt\/wp-json\/wp\/v2\/product"}],"about":[{"href":"https:\/\/recambiosecogas.com\/pt-pt\/wp-json\/wp\/v2\/types\/product"}],"replies":[{"embeddable":true,"href":"https:\/\/recambiosecogas.com\/pt-pt\/wp-json\/wp\/v2\/comments?post=16074"}],"wp:featuredmedia":[{"embeddable":true,"href":"https:\/\/recambiosecogas.com\/pt-pt\/wp-json\/wp\/v2\/media\/16618"}],"wp:attachment":[{"href":"https:\/\/recambiosecogas.com\/pt-pt\/wp-json\/wp\/v2\/media?parent=16074"}],"wp:term":[{"taxonomy":"product_brand","embeddable":true,"href":"https:\/\/recambiosecogas.com\/pt-pt\/wp-json\/wp\/v2\/product_brand?post=16074"},{"taxonomy":"product_cat","embeddable":true,"href":"https:\/\/recambiosecogas.com\/pt-pt\/wp-json\/wp\/v2\/product_cat?post=16074"},{"taxonomy":"product_tag","embeddable":true,"href":"https:\/\/recambiosecogas.com\/pt-pt\/wp-json\/wp\/v2\/product_tag?post=16074"}],"curies":[{"name":"wp","href":"https:\/\/api.w.org\/{rel}","templated":true}]}}