{"id":15917,"date":"2025-01-21T10:41:57","date_gmt":"2025-01-21T09:41:57","guid":{"rendered":"https:\/\/recambiosecogas.com\/producto\/truma-therme-caldera-electrica-caldera-de-agua-caliente-5-litros\/"},"modified":"2026-03-26T12:04:18","modified_gmt":"2026-03-26T11:04:18","slug":"truma-therme-caldera-electrica-caldera-de-agua-caliente-5-litros","status":"publish","type":"product","link":"https:\/\/recambiosecogas.com\/pt-pt\/produto\/truma-therme-caldera-electrica-caldera-de-agua-caliente-5-litros\/","title":{"rendered":"Truma Therme caldera el\u00e9ctrica, caldera de agua caliente 5 litros"},"content":{"rendered":"<p>Fuente de energ\u00eda\u00a0<strong>Corriente<\/strong><\/p>\n<p>Fuente de alimentaci\u00f3n\u00a0<strong>230 V ~, 50 Hz<\/strong><\/p>\n<p>Potencia del calentador el\u00e9ctrico\u00a0<strong>300 W<\/strong><\/p>\n<p>Consumo de corriente (a 230 V)\u00a0<strong>1,3 A<\/strong><\/p>\n<p>Capacidad de agua 5 litros<\/p>\n<p>Tiempo de calentamiento desde aprox. 15 \u00b0C hasta aprox. 60 \u00b0C: aprox. 50 min.<\/p>\n<p>Peso sin contenido<strong>\u00a0aprox. 2 kg<\/strong><\/p>\n<p>Dimensiones (L x A x A)\u00a0<strong>370 x 220 x 230 mm<\/strong><\/p>\n<p>L\u00edmite de temperatura\u00a0<strong>65 \u00b0C<\/strong><\/p>\n<p>Presi\u00f3n de la bomba\u00a0<strong>m\u00e1x. 1,2 bar<\/strong><\/p>\n<p>La\u00a0<strong>Truma Therme\u00a0<\/strong>es un\u00a0<strong>calentador de agua especial para caravanas<\/strong>\u00a0en el que el agua de un\u00a0<strong>dep\u00f3sito de agua de 5 litros<\/strong>\u00a0se calienta\u00a0<strong>mediante el calor de la calefacci\u00f3n<\/strong>. Si la calefacci\u00f3n no est\u00e1 activa, una\u00a0<strong>elemento calefactor el\u00e9ctrico<\/strong>\u00a0se encarga de esta tarea.<\/p>\n<p>La Truma Therme funciona con\u00a0<strong>electricidad<\/strong>\u00a0y calienta el agua a\u00a0<strong>60 grados<\/strong>\u00a0en menos de\u00a0<strong>una hora<\/strong>.\u00a0Esto significa que puede lavarse las manos y cepillarse los dientes en cualquier momento.<\/p>\n<p><strong>Eficiente<\/strong>: aprovecha el calor de la calefacci\u00f3n<\/p>\n<p><strong>Pr\u00e1ctico<\/strong>: f\u00e1cil manejo en el panel de control<\/p>\n<p><strong>Ahorro de espacio<\/strong>: ligero y compacto<\/p>\n<p><strong>Seguro<\/strong>: gracias a la limitaci\u00f3n autom\u00e1tica de la temperatura a 65 grados<\/p>\n<p>El <strong>calentador de agua el\u00e9ctrico Truma Therme<\/strong> es un dispositivo dise\u00f1ado espec\u00edficamente para <strong>caravanas<\/strong>, que proporciona una soluci\u00f3n eficiente para calentar agua. Con una capacidad de <strong>5 litros<\/strong>, este calentador utiliza un elemento calefactor el\u00e9ctrico para calentar el agua a <strong>60 \u00b0C<\/strong> en menos de una hora, permitiendo un acceso r\u00e1pido y conveniente al agua caliente.<\/p>\n<p>Este modelo se alimenta de <strong>230 V<\/strong> y tiene una potencia de <strong>300 W<\/strong>, lo que lo hace ideal para su uso en caravanas donde el espacio y la eficiencia son primordiales. Su dise\u00f1o compacto y ligero, con un peso aproximado de <strong>2 kg<\/strong> y dimensiones de <strong>370 x 220 x 230 mm<\/strong>, permite una f\u00e1cil instalaci\u00f3n y manejo.<\/p>\n<p>La Truma Therme no solo es pr\u00e1ctica, sino que tambi\u00e9n es segura, gracias a su limitaci\u00f3n autom\u00e1tica de temperatura a <strong>65 \u00b0C<\/strong>, lo que previene el riesgo de quemaduras. Adem\u00e1s, su capacidad para aprovechar el calor de la calefacci\u00f3n del veh\u00edculo hace que sea una opci\u00f3n <strong>eficiente<\/strong> para mantener el agua caliente durante tus viajes.<\/p>\n<h4>Datos t\u00e9cnicos<\/h4>\n<p>Fuente de energ\u00eda: <strong>Corriente<\/strong><br \/>Fuente de alimentaci\u00f3n: <strong>230 V ~, 50 Hz<\/strong><br \/>Consumo de corriente (a 230 V): <strong>1,3 A<\/strong><br \/>Tiempo de calentamiento: <strong>aprox. 50 min<\/strong> (desde 15 \u00b0C hasta 60 \u00b0C)<br \/>Presi\u00f3n de la bomba: <strong>m\u00e1x. 1,2 bar<\/strong><\/p>\n<h4>S\u00edntomas de fallo<\/h4>\n<ul>\n<li>El agua no se calienta adecuadamente<\/li>\n<li>Ruidos inusuales durante el funcionamiento<\/li>\n<li>Fugas de agua alrededor del calentador<\/li>\n<\/ul>\n<h4>Compatibilidad<\/h4>\n<p>Compatible con sistemas de <strong>Autogas<\/strong> y calefacci\u00f3n de caravanas. Se recomienda verificar la referencia original antes de realizar la compra.<\/p>\n","protected":false},"excerpt":{"rendered":"<p>TRUMA<\/p>\n","protected":false},"featured_media":19502,"comment_status":"open","ping_status":"closed","template":"","meta":{"googlesitekit_rrm_CAowud7EDA:productID":"","_uag_custom_page_level_css":""},"product_brand":[992],"product_cat":[759],"product_tag":[],"class_list":{"0":"post-15917","1":"product","2":"type-product","3":"status-publish","4":"has-post-thumbnail","6":"product_brand-truma","7":"product_cat-calentador-de-agua","9":"first","10":"onbackorder","11":"taxable","12":"shipping-taxable","13":"purchasable","14":"product-type-simple"},"ct_brands":[{"id":992,"name":"TRUMA","slug":"truma"}],"yoast_head":"<!-- This site is optimized with the Yoast SEO Premium plugin v27.3 (Yoast SEO v27.3) - https:\/\/yoast.com\/product\/yoast-seo-premium-wordpress\/ -->\n<title>Calentador de Agua El\u00e9ctrico Truma Therme 5L | Recambios Ecogas<\/title>\n<meta name=\"description\" content=\"Calentador de agua el\u00e9ctrico Truma Therme de 5 litros, ideal para caravanas. Calienta agua a 60 \u00b0C en menos de una hora, eficiente y compacto.\" \/>\n<meta name=\"robots\" content=\"index, follow, max-snippet:-1, max-image-preview:large, max-video-preview:-1\" \/>\n<link rel=\"canonical\" href=\"https:\/\/recambiosecogas.com\/pt-pt\/produto\/truma-therme-caldera-electrica-caldera-de-agua-caliente-5-litros\/\" \/>\n<meta property=\"og:locale\" content=\"pt_PT\" \/>\n<meta property=\"og:type\" content=\"article\" \/>\n<meta property=\"og:title\" content=\"Truma Therme caldera el\u00e9ctrica, caldera de agua caliente 5 litros\" \/>\n<meta property=\"og:description\" content=\"Calentador de agua el\u00e9ctrico Truma Therme de 5 litros, ideal para caravanas. Calienta agua a 60 \u00b0C en menos de una hora, eficiente y compacto.\" \/>\n<meta property=\"og:url\" content=\"https:\/\/recambiosecogas.com\/pt-pt\/produto\/truma-therme-caldera-electrica-caldera-de-agua-caliente-5-litros\/\" \/>\n<meta property=\"og:site_name\" content=\"Recambios EcoGas\" \/>\n<meta property=\"article:publisher\" content=\"https:\/\/www.facebook.com\/profile.php?id=100062419705358\" \/>\n<meta property=\"article:modified_time\" content=\"2026-03-26T11:04:18+00:00\" \/>\n<meta property=\"og:image\" content=\"https:\/\/recambiosecogas.com\/wp-content\/uploads\/2025\/01\/Truma-Therme-caldera-electrica-caldera-de-agua-caliente-5-litros-png.webp\" \/>\n\t<meta property=\"og:image:width\" content=\"1000\" \/>\n\t<meta property=\"og:image:height\" content=\"1000\" \/>\n\t<meta property=\"og:image:type\" content=\"image\/png\" \/>\n<meta name=\"twitter:card\" content=\"summary_large_image\" \/>\n<meta name=\"twitter:label1\" content=\"pre\u00e7o\" \/>\n\t<meta name=\"twitter:data1\" content=\"264,33&nbsp;&euro; (IVA incl.: 319,84&nbsp;&euro;)\" \/>\n\t<meta name=\"twitter:label2\" content=\"Disponibilidade\" \/>\n\t<meta name=\"twitter:data2\" content=\"Por encomenda\" \/>\n<script type=\"application\/ld+json\" class=\"yoast-schema-graph\">{\"@context\":\"https:\\\/\\\/schema.org\",\"@graph\":[{\"@type\":\"WebPage\",\"@id\":\"https:\\\/\\\/recambiosecogas.com\\\/pt-pt\\\/produto\\\/truma-therme-caldera-electrica-caldera-de-agua-caliente-5-litros\\\/\",\"url\":\"https:\\\/\\\/recambiosecogas.com\\\/pt-pt\\\/produto\\\/truma-therme-caldera-electrica-caldera-de-agua-caliente-5-litros\\\/\",\"name\":\"Calentador de Agua El\u00e9ctrico Truma Therme 5L | Recambios Ecogas\",\"isPartOf\":{\"@id\":\"https:\\\/\\\/recambiosecogas.com\\\/pt-pt\\\/#website\"},\"primaryImageOfPage\":{\"@id\":\"https:\\\/\\\/recambiosecogas.com\\\/pt-pt\\\/produto\\\/truma-therme-caldera-electrica-caldera-de-agua-caliente-5-litros\\\/#primaryimage\"},\"image\":{\"@id\":\"https:\\\/\\\/recambiosecogas.com\\\/pt-pt\\\/produto\\\/truma-therme-caldera-electrica-caldera-de-agua-caliente-5-litros\\\/#primaryimage\"},\"thumbnailUrl\":\"https:\\\/\\\/recambiosecogas.com\\\/wp-content\\\/uploads\\\/2025\\\/01\\\/Truma-Therme-caldera-electrica-caldera-de-agua-caliente-5-litros-png.webp\",\"datePublished\":\"2025-01-21T09:41:57+00:00\",\"dateModified\":\"2026-03-26T11:04:18+00:00\",\"description\":\"Calentador de agua el\u00e9ctrico Truma Therme de 5 litros, ideal para caravanas. Calienta agua a 60 \u00b0C en menos de una hora, eficiente y compacto.\",\"breadcrumb\":{\"@id\":\"https:\\\/\\\/recambiosecogas.com\\\/pt-pt\\\/produto\\\/truma-therme-caldera-electrica-caldera-de-agua-caliente-5-litros\\\/#breadcrumb\"},\"inLanguage\":\"pt-PT\",\"potentialAction\":[{\"@type\":\"ReadAction\",\"target\":[\"https:\\\/\\\/recambiosecogas.com\\\/pt-pt\\\/produto\\\/truma-therme-caldera-electrica-caldera-de-agua-caliente-5-litros\\\/\"]}]},{\"@type\":\"ImageObject\",\"inLanguage\":\"pt-PT\",\"@id\":\"https:\\\/\\\/recambiosecogas.com\\\/pt-pt\\\/produto\\\/truma-therme-caldera-electrica-caldera-de-agua-caliente-5-litros\\\/#primaryimage\",\"url\":\"https:\\\/\\\/recambiosecogas.com\\\/wp-content\\\/uploads\\\/2025\\\/01\\\/Truma-Therme-caldera-electrica-caldera-de-agua-caliente-5-litros-png.webp\",\"contentUrl\":\"https:\\\/\\\/recambiosecogas.com\\\/wp-content\\\/uploads\\\/2025\\\/01\\\/Truma-Therme-caldera-electrica-caldera-de-agua-caliente-5-litros-png.webp\",\"width\":1000,\"height\":1000},{\"@type\":\"BreadcrumbList\",\"@id\":\"https:\\\/\\\/recambiosecogas.com\\\/pt-pt\\\/produto\\\/truma-therme-caldera-electrica-caldera-de-agua-caliente-5-litros\\\/#breadcrumb\",\"itemListElement\":[{\"@type\":\"ListItem\",\"position\":1,\"name\":\"P\u00e1gina inicial\",\"item\":\"https:\\\/\\\/recambiosecogas.com\\\/pt-pt\\\/\"},{\"@type\":\"ListItem\",\"position\":2,\"name\":\"Loja\",\"item\":\"https:\\\/\\\/recambiosecogas.com\\\/pt-pt\\\/tienda\\\/\"},{\"@type\":\"ListItem\",\"position\":3,\"name\":\"Truma Therme caldera el\u00e9ctrica, caldera de agua caliente 5 litros\"}]},{\"@type\":\"WebSite\",\"@id\":\"https:\\\/\\\/recambiosecogas.com\\\/pt-pt\\\/#website\",\"url\":\"https:\\\/\\\/recambiosecogas.com\\\/pt-pt\\\/\",\"name\":\"Recambios EcoGas\",\"description\":\"Pe\u00e7as multimarca para sistemas de GPL\\\/GNC\\\/GNL\\\/Hidrog\u00e9nio\",\"publisher\":{\"@id\":\"https:\\\/\\\/recambiosecogas.com\\\/pt-pt\\\/#organization\"},\"alternateName\":\"Recambios Autogas GLP\",\"potentialAction\":[{\"@type\":\"SearchAction\",\"target\":{\"@type\":\"EntryPoint\",\"urlTemplate\":\"https:\\\/\\\/recambiosecogas.com\\\/pt-pt\\\/?s={search_term_string}\"},\"query-input\":{\"@type\":\"PropertyValueSpecification\",\"valueRequired\":true,\"valueName\":\"search_term_string\"}}],\"inLanguage\":\"pt-PT\"},{\"@type\":[\"Organization\",\"Place\"],\"@id\":\"https:\\\/\\\/recambiosecogas.com\\\/pt-pt\\\/#organization\",\"name\":\"Recambios EcoGas\",\"alternateName\":\"Loja de GPL Autog\u00e1s Espanha\",\"url\":\"https:\\\/\\\/recambiosecogas.com\\\/pt-pt\\\/\",\"logo\":{\"@id\":\"https:\\\/\\\/recambiosecogas.com\\\/pt-pt\\\/produto\\\/truma-therme-caldera-electrica-caldera-de-agua-caliente-5-litros\\\/#local-main-organization-logo\"},\"image\":{\"@id\":\"https:\\\/\\\/recambiosecogas.com\\\/pt-pt\\\/produto\\\/truma-therme-caldera-electrica-caldera-de-agua-caliente-5-litros\\\/#local-main-organization-logo\"},\"sameAs\":[\"https:\\\/\\\/www.facebook.com\\\/profile.php?id=100062419705358\",\"https:\\\/\\\/www.instagram.com\\\/segimon_automocio\"],\"description\":\"Recambios EcoGas \u2013 Venta y distribuci\u00f3n de sistemas GLP y GNC en Espa\u00f1a y Portugal. Env\u00edos 24 h, soporte t\u00e9cnico a talleres y distribuidores.\",\"hasMerchantReturnPolicy\":{\"@type\":\"MerchantReturnPolicy\",\"merchantReturnLink\":\"https:\\\/\\\/recambiosecogas.com\\\/politicas-privacidad\\\/\"},\"address\":{\"@id\":\"https:\\\/\\\/recambiosecogas.com\\\/pt-pt\\\/produto\\\/truma-therme-caldera-electrica-caldera-de-agua-caliente-5-litros\\\/#local-main-place-address\"},\"telephone\":[\"616250633\"],\"contactPoint\":{\"@type\":\"ContactPoint\",\"email\":\"export@recambiosecogas.com\"},\"openingHoursSpecification\":[{\"@type\":\"OpeningHoursSpecification\",\"dayOfWeek\":[\"Monday\",\"Tuesday\",\"Wednesday\",\"Thursday\",\"Friday\",\"Saturday\",\"Sunday\"],\"opens\":\"09:00\",\"closes\":\"17:00\"}],\"email\":\"info@recambiosecogas.com\",\"faxNumber\":\"SEGIMON AUTOMOCION SL\",\"vatID\":\"ESB19819861\",\"globalLocationNumber\":\"938 616 339\"},{\"@type\":\"PostalAddress\",\"@id\":\"https:\\\/\\\/recambiosecogas.com\\\/pt-pt\\\/produto\\\/truma-therme-caldera-electrica-caldera-de-agua-caliente-5-litros\\\/#local-main-place-address\",\"streetAddress\":\"cami antic de vic, 29 (Nave 3), Pol\u00edgono Industrial Congost\",\"addressLocality\":\"CORRO D`AVALL\",\"postalCode\":\"08520\",\"addressRegion\":\"Barcelona\",\"addressCountry\":\"ES\"},{\"@type\":\"ImageObject\",\"inLanguage\":\"pt-PT\",\"@id\":\"https:\\\/\\\/recambiosecogas.com\\\/pt-pt\\\/produto\\\/truma-therme-caldera-electrica-caldera-de-agua-caliente-5-litros\\\/#local-main-organization-logo\",\"url\":\"https:\\\/\\\/recambiosecogas.com\\\/wp-content\\\/uploads\\\/2024\\\/11\\\/cropped-RECAMBIOS-GLP-png.webp\",\"contentUrl\":\"https:\\\/\\\/recambiosecogas.com\\\/wp-content\\\/uploads\\\/2024\\\/11\\\/cropped-RECAMBIOS-GLP-png.webp\",\"width\":512,\"height\":512,\"caption\":\"Recambios EcoGas\"}]}<\/script>\n<meta property=\"product:brand\" content=\"TRUMA\" \/>\n<meta property=\"product:price:amount\" content=\"264.33\" \/>\n<meta property=\"product:price:currency\" content=\"EUR\" \/>\n<meta property=\"og:availability\" content=\"backorder\" \/>\n<meta property=\"product:availability\" content=\"available for order\" \/>\n<meta property=\"product:retailer_item_id\" content=\"113703\" \/>\n<meta property=\"product:condition\" content=\"new\" \/>\n<meta name=\"geo.placename\" content=\"CORRO D`AVALL\" \/>\n<meta name=\"geo.region\" content=\"Espanha\" \/>\n<!-- \/ Yoast SEO Premium plugin. -->","yoast_head_json":{"title":"Calentador de Agua El\u00e9ctrico Truma Therme 5L | Recambios Ecogas","description":"Calentador de agua el\u00e9ctrico Truma Therme de 5 litros, ideal para caravanas. Calienta agua a 60 \u00b0C en menos de una hora, eficiente y compacto.","robots":{"index":"index","follow":"follow","max-snippet":"max-snippet:-1","max-image-preview":"max-image-preview:large","max-video-preview":"max-video-preview:-1"},"canonical":"https:\/\/recambiosecogas.com\/pt-pt\/produto\/truma-therme-caldera-electrica-caldera-de-agua-caliente-5-litros\/","og_locale":"pt_PT","og_type":"article","og_title":"Truma Therme caldera el\u00e9ctrica, caldera de agua caliente 5 litros","og_description":"Calentador de agua el\u00e9ctrico Truma Therme de 5 litros, ideal para caravanas. Calienta agua a 60 \u00b0C en menos de una hora, eficiente y compacto.","og_url":"https:\/\/recambiosecogas.com\/pt-pt\/produto\/truma-therme-caldera-electrica-caldera-de-agua-caliente-5-litros\/","og_site_name":"Recambios EcoGas","article_publisher":"https:\/\/www.facebook.com\/profile.php?id=100062419705358","article_modified_time":"2026-03-26T11:04:18+00:00","og_image":[{"width":1000,"height":1000,"url":"https:\/\/recambiosecogas.com\/wp-content\/uploads\/2025\/01\/Truma-Therme-caldera-electrica-caldera-de-agua-caliente-5-litros-png.webp","type":"image\/png"}],"twitter_card":"summary_large_image","twitter_misc":{"pre\u00e7o":"264,33&nbsp;&euro; (IVA incl.: 319,84&nbsp;&euro;)","Disponibilidade":"Por encomenda"},"schema":{"@context":"https:\/\/schema.org","@graph":[{"@type":"WebPage","@id":"https:\/\/recambiosecogas.com\/pt-pt\/produto\/truma-therme-caldera-electrica-caldera-de-agua-caliente-5-litros\/","url":"https:\/\/recambiosecogas.com\/pt-pt\/produto\/truma-therme-caldera-electrica-caldera-de-agua-caliente-5-litros\/","name":"Calentador de Agua El\u00e9ctrico Truma Therme 5L | Recambios Ecogas","isPartOf":{"@id":"https:\/\/recambiosecogas.com\/pt-pt\/#website"},"primaryImageOfPage":{"@id":"https:\/\/recambiosecogas.com\/pt-pt\/produto\/truma-therme-caldera-electrica-caldera-de-agua-caliente-5-litros\/#primaryimage"},"image":{"@id":"https:\/\/recambiosecogas.com\/pt-pt\/produto\/truma-therme-caldera-electrica-caldera-de-agua-caliente-5-litros\/#primaryimage"},"thumbnailUrl":"https:\/\/recambiosecogas.com\/wp-content\/uploads\/2025\/01\/Truma-Therme-caldera-electrica-caldera-de-agua-caliente-5-litros-png.webp","datePublished":"2025-01-21T09:41:57+00:00","dateModified":"2026-03-26T11:04:18+00:00","description":"Calentador de agua el\u00e9ctrico Truma Therme de 5 litros, ideal para caravanas. Calienta agua a 60 \u00b0C en menos de una hora, eficiente y compacto.","breadcrumb":{"@id":"https:\/\/recambiosecogas.com\/pt-pt\/produto\/truma-therme-caldera-electrica-caldera-de-agua-caliente-5-litros\/#breadcrumb"},"inLanguage":"pt-PT","potentialAction":[{"@type":"ReadAction","target":["https:\/\/recambiosecogas.com\/pt-pt\/produto\/truma-therme-caldera-electrica-caldera-de-agua-caliente-5-litros\/"]}]},{"@type":"ImageObject","inLanguage":"pt-PT","@id":"https:\/\/recambiosecogas.com\/pt-pt\/produto\/truma-therme-caldera-electrica-caldera-de-agua-caliente-5-litros\/#primaryimage","url":"https:\/\/recambiosecogas.com\/wp-content\/uploads\/2025\/01\/Truma-Therme-caldera-electrica-caldera-de-agua-caliente-5-litros-png.webp","contentUrl":"https:\/\/recambiosecogas.com\/wp-content\/uploads\/2025\/01\/Truma-Therme-caldera-electrica-caldera-de-agua-caliente-5-litros-png.webp","width":1000,"height":1000},{"@type":"BreadcrumbList","@id":"https:\/\/recambiosecogas.com\/pt-pt\/produto\/truma-therme-caldera-electrica-caldera-de-agua-caliente-5-litros\/#breadcrumb","itemListElement":[{"@type":"ListItem","position":1,"name":"P\u00e1gina inicial","item":"https:\/\/recambiosecogas.com\/pt-pt\/"},{"@type":"ListItem","position":2,"name":"Loja","item":"https:\/\/recambiosecogas.com\/pt-pt\/tienda\/"},{"@type":"ListItem","position":3,"name":"Truma Therme caldera el\u00e9ctrica, caldera de agua caliente 5 litros"}]},{"@type":"WebSite","@id":"https:\/\/recambiosecogas.com\/pt-pt\/#website","url":"https:\/\/recambiosecogas.com\/pt-pt\/","name":"Recambios EcoGas","description":"Pe\u00e7as multimarca para sistemas de GPL\/GNC\/GNL\/Hidrog\u00e9nio","publisher":{"@id":"https:\/\/recambiosecogas.com\/pt-pt\/#organization"},"alternateName":"Recambios Autogas GLP","potentialAction":[{"@type":"SearchAction","target":{"@type":"EntryPoint","urlTemplate":"https:\/\/recambiosecogas.com\/pt-pt\/?s={search_term_string}"},"query-input":{"@type":"PropertyValueSpecification","valueRequired":true,"valueName":"search_term_string"}}],"inLanguage":"pt-PT"},{"@type":["Organization","Place"],"@id":"https:\/\/recambiosecogas.com\/pt-pt\/#organization","name":"Recambios EcoGas","alternateName":"Loja de GPL Autog\u00e1s Espanha","url":"https:\/\/recambiosecogas.com\/pt-pt\/","logo":{"@id":"https:\/\/recambiosecogas.com\/pt-pt\/produto\/truma-therme-caldera-electrica-caldera-de-agua-caliente-5-litros\/#local-main-organization-logo"},"image":{"@id":"https:\/\/recambiosecogas.com\/pt-pt\/produto\/truma-therme-caldera-electrica-caldera-de-agua-caliente-5-litros\/#local-main-organization-logo"},"sameAs":["https:\/\/www.facebook.com\/profile.php?id=100062419705358","https:\/\/www.instagram.com\/segimon_automocio"],"description":"Recambios EcoGas \u2013 Venta y distribuci\u00f3n de sistemas GLP y GNC en Espa\u00f1a y Portugal. Env\u00edos 24 h, soporte t\u00e9cnico a talleres y distribuidores.","hasMerchantReturnPolicy":{"@type":"MerchantReturnPolicy","merchantReturnLink":"https:\/\/recambiosecogas.com\/politicas-privacidad\/"},"address":{"@id":"https:\/\/recambiosecogas.com\/pt-pt\/produto\/truma-therme-caldera-electrica-caldera-de-agua-caliente-5-litros\/#local-main-place-address"},"telephone":["616250633"],"contactPoint":{"@type":"ContactPoint","email":"export@recambiosecogas.com"},"openingHoursSpecification":[{"@type":"OpeningHoursSpecification","dayOfWeek":["Monday","Tuesday","Wednesday","Thursday","Friday","Saturday","Sunday"],"opens":"09:00","closes":"17:00"}],"email":"info@recambiosecogas.com","faxNumber":"SEGIMON AUTOMOCION SL","vatID":"ESB19819861","globalLocationNumber":"938 616 339"},{"@type":"PostalAddress","@id":"https:\/\/recambiosecogas.com\/pt-pt\/produto\/truma-therme-caldera-electrica-caldera-de-agua-caliente-5-litros\/#local-main-place-address","streetAddress":"cami antic de vic, 29 (Nave 3), Pol\u00edgono Industrial Congost","addressLocality":"CORRO D`AVALL","postalCode":"08520","addressRegion":"Barcelona","addressCountry":"ES"},{"@type":"ImageObject","inLanguage":"pt-PT","@id":"https:\/\/recambiosecogas.com\/pt-pt\/produto\/truma-therme-caldera-electrica-caldera-de-agua-caliente-5-litros\/#local-main-organization-logo","url":"https:\/\/recambiosecogas.com\/wp-content\/uploads\/2024\/11\/cropped-RECAMBIOS-GLP-png.webp","contentUrl":"https:\/\/recambiosecogas.com\/wp-content\/uploads\/2024\/11\/cropped-RECAMBIOS-GLP-png.webp","width":512,"height":512,"caption":"Recambios EcoGas"}]},"product_brand":"TRUMA","product_price_amount":"264.33","product_price_currency":"EUR","og_availability":"backorder","product_availability":"available for order","product_retailer_item_id":"113703","product_condition":"new","geo.placename":"CORRO D`AVALL","geo.region":"Espanha"},"uagb_featured_image_src":{"full":["https:\/\/recambiosecogas.com\/wp-content\/uploads\/2025\/01\/Truma-Therme-caldera-electrica-caldera-de-agua-caliente-5-litros-png.webp",1000,1000,false],"thumbnail":["https:\/\/recambiosecogas.com\/wp-content\/uploads\/2025\/01\/Truma-Therme-caldera-electrica-caldera-de-agua-caliente-5-litros-150x150.webp",150,150,true],"medium":["https:\/\/recambiosecogas.com\/wp-content\/uploads\/2025\/01\/Truma-Therme-caldera-electrica-caldera-de-agua-caliente-5-litros-300x300.webp",300,300,true],"medium_large":["https:\/\/recambiosecogas.com\/wp-content\/uploads\/2025\/01\/Truma-Therme-caldera-electrica-caldera-de-agua-caliente-5-litros-768x768.webp",768,768,true],"large":["https:\/\/recambiosecogas.com\/wp-content\/uploads\/2025\/01\/Truma-Therme-caldera-electrica-caldera-de-agua-caliente-5-litros-png.webp",1000,1000,false],"1536x1536":["https:\/\/recambiosecogas.com\/wp-content\/uploads\/2025\/01\/Truma-Therme-caldera-electrica-caldera-de-agua-caliente-5-litros-png.webp",1000,1000,false],"2048x2048":["https:\/\/recambiosecogas.com\/wp-content\/uploads\/2025\/01\/Truma-Therme-caldera-electrica-caldera-de-agua-caliente-5-litros-png.webp",1000,1000,false],"woocommerce_archive_thumbnail":["https:\/\/recambiosecogas.com\/wp-content\/uploads\/2025\/01\/Truma-Therme-caldera-electrica-caldera-de-agua-caliente-5-litros-png.webp",1000,1000,false],"woocommerce_thumbnail":["https:\/\/recambiosecogas.com\/wp-content\/uploads\/2025\/01\/Truma-Therme-caldera-electrica-caldera-de-agua-caliente-5-litros-300x300.webp",300,300,true],"woocommerce_single":["https:\/\/recambiosecogas.com\/wp-content\/uploads\/2025\/01\/Truma-Therme-caldera-electrica-caldera-de-agua-caliente-5-litros-png.webp",1000,1000,false],"woocommerce_gallery_thumbnail":["https:\/\/recambiosecogas.com\/wp-content\/uploads\/2025\/01\/Truma-Therme-caldera-electrica-caldera-de-agua-caliente-5-litros-png.webp",1000,1000,false],"dgwt-wcas-product-suggestion":["https:\/\/recambiosecogas.com\/wp-content\/uploads\/2025\/01\/Truma-Therme-caldera-electrica-caldera-de-agua-caliente-5-litros-64x64.webp",64,64,true]},"uagb_author_info":{"display_name":"Fran - Soporte T\u00e9cnico","author_link":"https:\/\/recambiosecogas.com\/pt-pt\/author\/"},"uagb_comment_info":0,"uagb_excerpt":"TRUMA","_links":{"self":[{"href":"https:\/\/recambiosecogas.com\/pt-pt\/wp-json\/wp\/v2\/product\/15917","targetHints":{"allow":["GET"]}}],"collection":[{"href":"https:\/\/recambiosecogas.com\/pt-pt\/wp-json\/wp\/v2\/product"}],"about":[{"href":"https:\/\/recambiosecogas.com\/pt-pt\/wp-json\/wp\/v2\/types\/product"}],"replies":[{"embeddable":true,"href":"https:\/\/recambiosecogas.com\/pt-pt\/wp-json\/wp\/v2\/comments?post=15917"}],"wp:featuredmedia":[{"embeddable":true,"href":"https:\/\/recambiosecogas.com\/pt-pt\/wp-json\/wp\/v2\/media\/19502"}],"wp:attachment":[{"href":"https:\/\/recambiosecogas.com\/pt-pt\/wp-json\/wp\/v2\/media?parent=15917"}],"wp:term":[{"taxonomy":"product_brand","embeddable":true,"href":"https:\/\/recambiosecogas.com\/pt-pt\/wp-json\/wp\/v2\/product_brand?post=15917"},{"taxonomy":"product_cat","embeddable":true,"href":"https:\/\/recambiosecogas.com\/pt-pt\/wp-json\/wp\/v2\/product_cat?post=15917"},{"taxonomy":"product_tag","embeddable":true,"href":"https:\/\/recambiosecogas.com\/pt-pt\/wp-json\/wp\/v2\/product_tag?post=15917"}],"curies":[{"name":"wp","href":"https:\/\/api.w.org\/{rel}","templated":true}]}}