{"id":15902,"date":"2025-01-21T10:41:45","date_gmt":"2025-01-21T09:41:45","guid":{"rendered":"https:\/\/recambiosecogas.com\/producto\/truma-estufa-de-gas-s-2200-titanio-185-kw-30-mbar-con-encendido-automatico-boton-de-control-a-la-derecha\/"},"modified":"2026-03-26T12:04:15","modified_gmt":"2026-03-26T11:04:15","slug":"truma-estufa-de-gas-s-2200-titanio-185-kw-30-mbar-con-encendido-automatico-boton-de-control-a-la-derecha","status":"publish","type":"product","link":"https:\/\/recambiosecogas.com\/pt-pt\/produto\/truma-estufa-de-gas-s-2200-titanio-185-kw-30-mbar-con-encendido-automatico-boton-de-control-a-la-derecha\/","title":{"rendered":"Truma estufa de gas S 2200 titanio 1,85 kW, 30 mbar, con encendido autom\u00e1tico &#8211; bot\u00f3n de control a la derecha"},"content":{"rendered":"<p>Calefactor de gas Truma S 2200 titanio 1,85 kW, 30 mbar, con encendido autom\u00e1tico &#8211;\u00a0<strong>bot\u00f3n de control a la derecha<\/strong><\/p>\n<p>Con su potencia calor\u00edfica, sus dimensiones y su peso, la Truma S 2200 es la estufa Truma S m\u00e1s peque\u00f1a y ligera. Ha sido desarrollada para proporcionar un calor acogedor en caravanas peque\u00f1as &#8211; no est\u00e1 permitida su instalaci\u00f3n en autocaravanas. El rendimiento es de aprox. el 95%. Tambi\u00e9n puede funcionar sin corriente y sin ventilador. Gracias a sus dimensiones compactas, la Truma S 2200 puede integrarse de forma flexible en la caravana. La calefacci\u00f3n de gas es muy econ\u00f3mica y fiable. La calefacci\u00f3n se suministra con un encendido autom\u00e1tico de 1,5 V.<\/p>\n<p>Los gases de combusti\u00f3n pueden conducirse a trav\u00e9s de una chimenea de techo o de pared.<\/p>\n<p>&#8211; Distribuci\u00f3n uniforme del aire caliente<\/p>\n<p>&#8211; Posibilidad de funcionamiento sin ventilador<\/p>\n<p>&#8211; Bajo consumo de gas<\/p>\n<p>Fuente de energ\u00eda GLP propano \/ butano<\/p>\n<p>Presi\u00f3n de funcionamiento 30 mbar<\/p>\n<p>Potencia calor\u00edfica nominal 1850 W<\/p>\n<p>Consumo de combustible 50 &#8211; 170 g\/h<\/p>\n<p>Tensi\u00f3n de funcionamiento 1,5 V (encendedor autom\u00e1tico con funcionamiento a pilas)<\/p>\n<p>Peso aprox. 6,7 kg<\/p>\n<p>Dimensiones (L x A x A) 120 x 420 x 365 mm<\/p>\n<p>Consumo 225 mW (encendido)<\/p>\n<p>Color titanio<\/p>\n<p>La <strong>Estufa de Gas Truma S 2200 Titanio<\/strong> es un calefactor dise\u00f1ado espec\u00edficamente para proporcionar un calor acogedor en caravanas peque\u00f1as. Con una potencia calor\u00edfica nominal de <strong>1,85 kW<\/strong> y un rendimiento de aproximadamente <strong>95%<\/strong>, esta estufa es la opci\u00f3n ideal para quienes buscan eficiencia y comodidad en sus viajes. Su dise\u00f1o compacto permite una integraci\u00f3n flexible en el espacio de la caravana, lo que la convierte en una soluci\u00f3n pr\u00e1ctica para el calentamiento de ambientes reducidos.<\/p>\n<p>Este modelo cuenta con un <strong>encendido autom\u00e1tico<\/strong> que opera a <strong>1,5 V<\/strong>, lo que facilita su uso sin necesidad de corriente el\u00e9ctrica. Adem\u00e1s, la estufa puede funcionar sin ventilador, lo que contribuye a un bajo consumo de gas, entre <strong>50 y 170 g\/h<\/strong>, y a un funcionamiento silencioso. La Truma S 2200 es especialmente valorada por su fiabilidad y econom\u00eda en el consumo de combustible, utilizando GLP propano\/butano como fuente de energ\u00eda.<\/p>\n<p>La distribuci\u00f3n uniforme del aire caliente asegura que cada rinc\u00f3n de la caravana se mantenga c\u00e1lido, mejorando la experiencia de viaje. Los gases de combusti\u00f3n pueden ser evacuados a trav\u00e9s de una chimenea de techo o de pared, lo que a\u00f1ade versatilidad a su instalaci\u00f3n. Es importante destacar que esta estufa no est\u00e1 permitida para su instalaci\u00f3n en autocaravanas, por lo que se recomienda verificar las especificaciones antes de la compra.<\/p>\n<h4>Datos t\u00e9cnicos<\/h4>\n<p>Presi\u00f3n de funcionamiento: <strong>30 mbar<\/strong>. Peso: <strong>6,7 kg<\/strong>. Dimensiones (L x A x A): <strong>120 x 420 x 365 mm<\/strong>. Consumo: <strong>225 mW<\/strong> (encendido).<\/p>\n<h4>S\u00edntomas de fallo<\/h4>\n<ul>\n<li>Incapacidad para encender la estufa<\/li>\n<li>Fluctuaciones en la temperatura del aire caliente<\/li>\n<li>Ruidos inusuales durante el funcionamiento<\/li>\n<li>Fugas de gas detectadas en la instalaci\u00f3n<\/li>\n<\/ul>\n<h4>Compatibilidad<\/h4>\n<p>Compatible con caravanas peque\u00f1as que requieren un sistema de calefacci\u00f3n a gas. Se recomienda verificar la referencia original antes de realizar la compra.<\/p>\n","protected":false},"excerpt":{"rendered":"<p>TRUMA<\/p>\n","protected":false},"featured_media":19671,"comment_status":"open","ping_status":"closed","template":"","meta":{"googlesitekit_rrm_CAowud7EDA:productID":"","_uag_custom_page_level_css":""},"product_brand":[992],"product_cat":[758],"product_tag":[],"class_list":{"0":"post-15902","1":"product","2":"type-product","3":"status-publish","4":"has-post-thumbnail","6":"product_brand-truma","7":"product_cat-calentador-de-aire","9":"first","10":"onbackorder","11":"taxable","12":"shipping-taxable","13":"purchasable","14":"product-type-simple"},"ct_brands":[{"id":992,"name":"TRUMA","slug":"truma"}],"yoast_head":"<!-- This site is optimized with the Yoast SEO Premium plugin v27.3 (Yoast SEO v27.3) - https:\/\/yoast.com\/product\/yoast-seo-premium-wordpress\/ -->\n<title>Estufa de Gas Truma S 2200 Titanio 1,85 kW | Recambios Ecogas<\/title>\n<meta name=\"description\" content=\"Estufa de gas Truma S 2200 Titanio, ideal para caravanas peque\u00f1as. Potencia de 1,85 kW y encendido autom\u00e1tico, funciona sin corriente.\" \/>\n<meta name=\"robots\" content=\"index, follow, max-snippet:-1, max-image-preview:large, max-video-preview:-1\" \/>\n<link rel=\"canonical\" href=\"https:\/\/recambiosecogas.com\/pt-pt\/produto\/truma-estufa-de-gas-s-2200-titanio-185-kw-30-mbar-con-encendido-automatico-boton-de-control-a-la-derecha\/\" \/>\n<meta property=\"og:locale\" content=\"pt_PT\" \/>\n<meta property=\"og:type\" content=\"article\" \/>\n<meta property=\"og:title\" content=\"Truma estufa de gas S 2200 titanio 1,85 kW, 30 mbar, con encendido autom\u00e1tico - bot\u00f3n de control a la derecha\" \/>\n<meta property=\"og:description\" content=\"Estufa de gas Truma S 2200 Titanio, ideal para caravanas peque\u00f1as. Potencia de 1,85 kW y encendido autom\u00e1tico, funciona sin corriente.\" \/>\n<meta property=\"og:url\" content=\"https:\/\/recambiosecogas.com\/pt-pt\/produto\/truma-estufa-de-gas-s-2200-titanio-185-kw-30-mbar-con-encendido-automatico-boton-de-control-a-la-derecha\/\" \/>\n<meta property=\"og:site_name\" content=\"Recambios EcoGas\" \/>\n<meta property=\"article:publisher\" content=\"https:\/\/www.facebook.com\/profile.php?id=100062419705358\" \/>\n<meta property=\"article:modified_time\" content=\"2026-03-26T11:04:15+00:00\" \/>\n<meta property=\"og:image\" content=\"https:\/\/recambiosecogas.com\/wp-content\/uploads\/2025\/01\/Truma-estufa-de-gas-S-2200-png.webp\" \/>\n\t<meta property=\"og:image:width\" content=\"1000\" \/>\n\t<meta property=\"og:image:height\" content=\"1000\" \/>\n\t<meta property=\"og:image:type\" content=\"image\/png\" \/>\n<meta name=\"twitter:card\" content=\"summary_large_image\" \/>\n<meta name=\"twitter:label1\" content=\"pre\u00e7o\" \/>\n\t<meta name=\"twitter:data1\" content=\"529,55&nbsp;&euro; (IVA incl.: 640,76&nbsp;&euro;)\" \/>\n\t<meta name=\"twitter:label2\" content=\"Disponibilidade\" \/>\n\t<meta name=\"twitter:data2\" content=\"Por encomenda\" \/>\n<script type=\"application\/ld+json\" class=\"yoast-schema-graph\">{\"@context\":\"https:\\\/\\\/schema.org\",\"@graph\":[{\"@type\":\"WebPage\",\"@id\":\"https:\\\/\\\/recambiosecogas.com\\\/pt-pt\\\/produto\\\/truma-estufa-de-gas-s-2200-titanio-185-kw-30-mbar-con-encendido-automatico-boton-de-control-a-la-derecha\\\/\",\"url\":\"https:\\\/\\\/recambiosecogas.com\\\/pt-pt\\\/produto\\\/truma-estufa-de-gas-s-2200-titanio-185-kw-30-mbar-con-encendido-automatico-boton-de-control-a-la-derecha\\\/\",\"name\":\"Estufa de Gas Truma S 2200 Titanio 1,85 kW | Recambios Ecogas\",\"isPartOf\":{\"@id\":\"https:\\\/\\\/recambiosecogas.com\\\/pt-pt\\\/#website\"},\"primaryImageOfPage\":{\"@id\":\"https:\\\/\\\/recambiosecogas.com\\\/pt-pt\\\/produto\\\/truma-estufa-de-gas-s-2200-titanio-185-kw-30-mbar-con-encendido-automatico-boton-de-control-a-la-derecha\\\/#primaryimage\"},\"image\":{\"@id\":\"https:\\\/\\\/recambiosecogas.com\\\/pt-pt\\\/produto\\\/truma-estufa-de-gas-s-2200-titanio-185-kw-30-mbar-con-encendido-automatico-boton-de-control-a-la-derecha\\\/#primaryimage\"},\"thumbnailUrl\":\"https:\\\/\\\/recambiosecogas.com\\\/wp-content\\\/uploads\\\/2025\\\/01\\\/Truma-estufa-de-gas-S-2200-png.webp\",\"datePublished\":\"2025-01-21T09:41:45+00:00\",\"dateModified\":\"2026-03-26T11:04:15+00:00\",\"description\":\"Estufa de gas Truma S 2200 Titanio, ideal para caravanas peque\u00f1as. Potencia de 1,85 kW y encendido autom\u00e1tico, funciona sin corriente.\",\"breadcrumb\":{\"@id\":\"https:\\\/\\\/recambiosecogas.com\\\/pt-pt\\\/produto\\\/truma-estufa-de-gas-s-2200-titanio-185-kw-30-mbar-con-encendido-automatico-boton-de-control-a-la-derecha\\\/#breadcrumb\"},\"inLanguage\":\"pt-PT\",\"potentialAction\":[{\"@type\":\"ReadAction\",\"target\":[\"https:\\\/\\\/recambiosecogas.com\\\/pt-pt\\\/produto\\\/truma-estufa-de-gas-s-2200-titanio-185-kw-30-mbar-con-encendido-automatico-boton-de-control-a-la-derecha\\\/\"]}]},{\"@type\":\"ImageObject\",\"inLanguage\":\"pt-PT\",\"@id\":\"https:\\\/\\\/recambiosecogas.com\\\/pt-pt\\\/produto\\\/truma-estufa-de-gas-s-2200-titanio-185-kw-30-mbar-con-encendido-automatico-boton-de-control-a-la-derecha\\\/#primaryimage\",\"url\":\"https:\\\/\\\/recambiosecogas.com\\\/wp-content\\\/uploads\\\/2025\\\/01\\\/Truma-estufa-de-gas-S-2200-png.webp\",\"contentUrl\":\"https:\\\/\\\/recambiosecogas.com\\\/wp-content\\\/uploads\\\/2025\\\/01\\\/Truma-estufa-de-gas-S-2200-png.webp\",\"width\":1000,\"height\":1000},{\"@type\":\"BreadcrumbList\",\"@id\":\"https:\\\/\\\/recambiosecogas.com\\\/pt-pt\\\/produto\\\/truma-estufa-de-gas-s-2200-titanio-185-kw-30-mbar-con-encendido-automatico-boton-de-control-a-la-derecha\\\/#breadcrumb\",\"itemListElement\":[{\"@type\":\"ListItem\",\"position\":1,\"name\":\"P\u00e1gina inicial\",\"item\":\"https:\\\/\\\/recambiosecogas.com\\\/pt-pt\\\/\"},{\"@type\":\"ListItem\",\"position\":2,\"name\":\"Loja\",\"item\":\"https:\\\/\\\/recambiosecogas.com\\\/pt-pt\\\/tienda\\\/\"},{\"@type\":\"ListItem\",\"position\":3,\"name\":\"Truma estufa de gas S 2200 titanio 1,85 kW, 30 mbar, con encendido autom\u00e1tico &#8211; bot\u00f3n de control a la derecha\"}]},{\"@type\":\"WebSite\",\"@id\":\"https:\\\/\\\/recambiosecogas.com\\\/pt-pt\\\/#website\",\"url\":\"https:\\\/\\\/recambiosecogas.com\\\/pt-pt\\\/\",\"name\":\"Recambios EcoGas\",\"description\":\"Pe\u00e7as multimarca para sistemas de GPL\\\/GNC\\\/GNL\\\/Hidrog\u00e9nio\",\"publisher\":{\"@id\":\"https:\\\/\\\/recambiosecogas.com\\\/pt-pt\\\/#organization\"},\"alternateName\":\"Recambios Autogas GLP\",\"potentialAction\":[{\"@type\":\"SearchAction\",\"target\":{\"@type\":\"EntryPoint\",\"urlTemplate\":\"https:\\\/\\\/recambiosecogas.com\\\/pt-pt\\\/?s={search_term_string}\"},\"query-input\":{\"@type\":\"PropertyValueSpecification\",\"valueRequired\":true,\"valueName\":\"search_term_string\"}}],\"inLanguage\":\"pt-PT\"},{\"@type\":[\"Organization\",\"Place\"],\"@id\":\"https:\\\/\\\/recambiosecogas.com\\\/pt-pt\\\/#organization\",\"name\":\"Recambios EcoGas\",\"alternateName\":\"Loja de GPL Autog\u00e1s Espanha\",\"url\":\"https:\\\/\\\/recambiosecogas.com\\\/pt-pt\\\/\",\"logo\":{\"@id\":\"https:\\\/\\\/recambiosecogas.com\\\/pt-pt\\\/produto\\\/truma-estufa-de-gas-s-2200-titanio-185-kw-30-mbar-con-encendido-automatico-boton-de-control-a-la-derecha\\\/#local-main-organization-logo\"},\"image\":{\"@id\":\"https:\\\/\\\/recambiosecogas.com\\\/pt-pt\\\/produto\\\/truma-estufa-de-gas-s-2200-titanio-185-kw-30-mbar-con-encendido-automatico-boton-de-control-a-la-derecha\\\/#local-main-organization-logo\"},\"sameAs\":[\"https:\\\/\\\/www.facebook.com\\\/profile.php?id=100062419705358\",\"https:\\\/\\\/www.instagram.com\\\/segimon_automocio\"],\"description\":\"Recambios EcoGas \u2013 Venta y distribuci\u00f3n de sistemas GLP y GNC en Espa\u00f1a y Portugal. Env\u00edos 24 h, soporte t\u00e9cnico a talleres y distribuidores.\",\"hasMerchantReturnPolicy\":{\"@type\":\"MerchantReturnPolicy\",\"merchantReturnLink\":\"https:\\\/\\\/recambiosecogas.com\\\/politicas-privacidad\\\/\"},\"address\":{\"@id\":\"https:\\\/\\\/recambiosecogas.com\\\/pt-pt\\\/produto\\\/truma-estufa-de-gas-s-2200-titanio-185-kw-30-mbar-con-encendido-automatico-boton-de-control-a-la-derecha\\\/#local-main-place-address\"},\"telephone\":[\"616250633\"],\"contactPoint\":{\"@type\":\"ContactPoint\",\"email\":\"export@recambiosecogas.com\"},\"openingHoursSpecification\":[{\"@type\":\"OpeningHoursSpecification\",\"dayOfWeek\":[\"Monday\",\"Tuesday\",\"Wednesday\",\"Thursday\",\"Friday\",\"Saturday\",\"Sunday\"],\"opens\":\"09:00\",\"closes\":\"17:00\"}],\"email\":\"info@recambiosecogas.com\",\"faxNumber\":\"SEGIMON AUTOMOCION SL\",\"vatID\":\"ESB19819861\",\"globalLocationNumber\":\"938 616 339\"},{\"@type\":\"PostalAddress\",\"@id\":\"https:\\\/\\\/recambiosecogas.com\\\/pt-pt\\\/produto\\\/truma-estufa-de-gas-s-2200-titanio-185-kw-30-mbar-con-encendido-automatico-boton-de-control-a-la-derecha\\\/#local-main-place-address\",\"streetAddress\":\"cami antic de vic, 29 (Nave 3), Pol\u00edgono Industrial Congost\",\"addressLocality\":\"CORRO D`AVALL\",\"postalCode\":\"08520\",\"addressRegion\":\"Barcelona\",\"addressCountry\":\"ES\"},{\"@type\":\"ImageObject\",\"inLanguage\":\"pt-PT\",\"@id\":\"https:\\\/\\\/recambiosecogas.com\\\/pt-pt\\\/produto\\\/truma-estufa-de-gas-s-2200-titanio-185-kw-30-mbar-con-encendido-automatico-boton-de-control-a-la-derecha\\\/#local-main-organization-logo\",\"url\":\"https:\\\/\\\/recambiosecogas.com\\\/wp-content\\\/uploads\\\/2024\\\/11\\\/cropped-RECAMBIOS-GLP-png.webp\",\"contentUrl\":\"https:\\\/\\\/recambiosecogas.com\\\/wp-content\\\/uploads\\\/2024\\\/11\\\/cropped-RECAMBIOS-GLP-png.webp\",\"width\":512,\"height\":512,\"caption\":\"Recambios EcoGas\"}]}<\/script>\n<meta property=\"product:brand\" content=\"TRUMA\" \/>\n<meta property=\"product:price:amount\" content=\"529.55\" \/>\n<meta property=\"product:price:currency\" content=\"EUR\" \/>\n<meta property=\"og:availability\" content=\"backorder\" \/>\n<meta property=\"product:availability\" content=\"available for order\" \/>\n<meta property=\"product:retailer_item_id\" content=\"114131P\" \/>\n<meta property=\"product:condition\" content=\"new\" \/>\n<meta name=\"geo.placename\" content=\"CORRO D`AVALL\" \/>\n<meta name=\"geo.region\" content=\"Espanha\" \/>\n<!-- \/ Yoast SEO Premium plugin. -->","yoast_head_json":{"title":"Estufa de Gas Truma S 2200 Titanio 1,85 kW | Recambios Ecogas","description":"Estufa de gas Truma S 2200 Titanio, ideal para caravanas peque\u00f1as. Potencia de 1,85 kW y encendido autom\u00e1tico, funciona sin corriente.","robots":{"index":"index","follow":"follow","max-snippet":"max-snippet:-1","max-image-preview":"max-image-preview:large","max-video-preview":"max-video-preview:-1"},"canonical":"https:\/\/recambiosecogas.com\/pt-pt\/produto\/truma-estufa-de-gas-s-2200-titanio-185-kw-30-mbar-con-encendido-automatico-boton-de-control-a-la-derecha\/","og_locale":"pt_PT","og_type":"article","og_title":"Truma estufa de gas S 2200 titanio 1,85 kW, 30 mbar, con encendido autom\u00e1tico - bot\u00f3n de control a la derecha","og_description":"Estufa de gas Truma S 2200 Titanio, ideal para caravanas peque\u00f1as. Potencia de 1,85 kW y encendido autom\u00e1tico, funciona sin corriente.","og_url":"https:\/\/recambiosecogas.com\/pt-pt\/produto\/truma-estufa-de-gas-s-2200-titanio-185-kw-30-mbar-con-encendido-automatico-boton-de-control-a-la-derecha\/","og_site_name":"Recambios EcoGas","article_publisher":"https:\/\/www.facebook.com\/profile.php?id=100062419705358","article_modified_time":"2026-03-26T11:04:15+00:00","og_image":[{"width":1000,"height":1000,"url":"https:\/\/recambiosecogas.com\/wp-content\/uploads\/2025\/01\/Truma-estufa-de-gas-S-2200-png.webp","type":"image\/png"}],"twitter_card":"summary_large_image","twitter_misc":{"pre\u00e7o":"529,55&nbsp;&euro; (IVA incl.: 640,76&nbsp;&euro;)","Disponibilidade":"Por encomenda"},"schema":{"@context":"https:\/\/schema.org","@graph":[{"@type":"WebPage","@id":"https:\/\/recambiosecogas.com\/pt-pt\/produto\/truma-estufa-de-gas-s-2200-titanio-185-kw-30-mbar-con-encendido-automatico-boton-de-control-a-la-derecha\/","url":"https:\/\/recambiosecogas.com\/pt-pt\/produto\/truma-estufa-de-gas-s-2200-titanio-185-kw-30-mbar-con-encendido-automatico-boton-de-control-a-la-derecha\/","name":"Estufa de Gas Truma S 2200 Titanio 1,85 kW | Recambios Ecogas","isPartOf":{"@id":"https:\/\/recambiosecogas.com\/pt-pt\/#website"},"primaryImageOfPage":{"@id":"https:\/\/recambiosecogas.com\/pt-pt\/produto\/truma-estufa-de-gas-s-2200-titanio-185-kw-30-mbar-con-encendido-automatico-boton-de-control-a-la-derecha\/#primaryimage"},"image":{"@id":"https:\/\/recambiosecogas.com\/pt-pt\/produto\/truma-estufa-de-gas-s-2200-titanio-185-kw-30-mbar-con-encendido-automatico-boton-de-control-a-la-derecha\/#primaryimage"},"thumbnailUrl":"https:\/\/recambiosecogas.com\/wp-content\/uploads\/2025\/01\/Truma-estufa-de-gas-S-2200-png.webp","datePublished":"2025-01-21T09:41:45+00:00","dateModified":"2026-03-26T11:04:15+00:00","description":"Estufa de gas Truma S 2200 Titanio, ideal para caravanas peque\u00f1as. Potencia de 1,85 kW y encendido autom\u00e1tico, funciona sin corriente.","breadcrumb":{"@id":"https:\/\/recambiosecogas.com\/pt-pt\/produto\/truma-estufa-de-gas-s-2200-titanio-185-kw-30-mbar-con-encendido-automatico-boton-de-control-a-la-derecha\/#breadcrumb"},"inLanguage":"pt-PT","potentialAction":[{"@type":"ReadAction","target":["https:\/\/recambiosecogas.com\/pt-pt\/produto\/truma-estufa-de-gas-s-2200-titanio-185-kw-30-mbar-con-encendido-automatico-boton-de-control-a-la-derecha\/"]}]},{"@type":"ImageObject","inLanguage":"pt-PT","@id":"https:\/\/recambiosecogas.com\/pt-pt\/produto\/truma-estufa-de-gas-s-2200-titanio-185-kw-30-mbar-con-encendido-automatico-boton-de-control-a-la-derecha\/#primaryimage","url":"https:\/\/recambiosecogas.com\/wp-content\/uploads\/2025\/01\/Truma-estufa-de-gas-S-2200-png.webp","contentUrl":"https:\/\/recambiosecogas.com\/wp-content\/uploads\/2025\/01\/Truma-estufa-de-gas-S-2200-png.webp","width":1000,"height":1000},{"@type":"BreadcrumbList","@id":"https:\/\/recambiosecogas.com\/pt-pt\/produto\/truma-estufa-de-gas-s-2200-titanio-185-kw-30-mbar-con-encendido-automatico-boton-de-control-a-la-derecha\/#breadcrumb","itemListElement":[{"@type":"ListItem","position":1,"name":"P\u00e1gina inicial","item":"https:\/\/recambiosecogas.com\/pt-pt\/"},{"@type":"ListItem","position":2,"name":"Loja","item":"https:\/\/recambiosecogas.com\/pt-pt\/tienda\/"},{"@type":"ListItem","position":3,"name":"Truma estufa de gas S 2200 titanio 1,85 kW, 30 mbar, con encendido autom\u00e1tico &#8211; bot\u00f3n de control a la derecha"}]},{"@type":"WebSite","@id":"https:\/\/recambiosecogas.com\/pt-pt\/#website","url":"https:\/\/recambiosecogas.com\/pt-pt\/","name":"Recambios EcoGas","description":"Pe\u00e7as multimarca para sistemas de GPL\/GNC\/GNL\/Hidrog\u00e9nio","publisher":{"@id":"https:\/\/recambiosecogas.com\/pt-pt\/#organization"},"alternateName":"Recambios Autogas GLP","potentialAction":[{"@type":"SearchAction","target":{"@type":"EntryPoint","urlTemplate":"https:\/\/recambiosecogas.com\/pt-pt\/?s={search_term_string}"},"query-input":{"@type":"PropertyValueSpecification","valueRequired":true,"valueName":"search_term_string"}}],"inLanguage":"pt-PT"},{"@type":["Organization","Place"],"@id":"https:\/\/recambiosecogas.com\/pt-pt\/#organization","name":"Recambios EcoGas","alternateName":"Loja de GPL Autog\u00e1s Espanha","url":"https:\/\/recambiosecogas.com\/pt-pt\/","logo":{"@id":"https:\/\/recambiosecogas.com\/pt-pt\/produto\/truma-estufa-de-gas-s-2200-titanio-185-kw-30-mbar-con-encendido-automatico-boton-de-control-a-la-derecha\/#local-main-organization-logo"},"image":{"@id":"https:\/\/recambiosecogas.com\/pt-pt\/produto\/truma-estufa-de-gas-s-2200-titanio-185-kw-30-mbar-con-encendido-automatico-boton-de-control-a-la-derecha\/#local-main-organization-logo"},"sameAs":["https:\/\/www.facebook.com\/profile.php?id=100062419705358","https:\/\/www.instagram.com\/segimon_automocio"],"description":"Recambios EcoGas \u2013 Venta y distribuci\u00f3n de sistemas GLP y GNC en Espa\u00f1a y Portugal. Env\u00edos 24 h, soporte t\u00e9cnico a talleres y distribuidores.","hasMerchantReturnPolicy":{"@type":"MerchantReturnPolicy","merchantReturnLink":"https:\/\/recambiosecogas.com\/politicas-privacidad\/"},"address":{"@id":"https:\/\/recambiosecogas.com\/pt-pt\/produto\/truma-estufa-de-gas-s-2200-titanio-185-kw-30-mbar-con-encendido-automatico-boton-de-control-a-la-derecha\/#local-main-place-address"},"telephone":["616250633"],"contactPoint":{"@type":"ContactPoint","email":"export@recambiosecogas.com"},"openingHoursSpecification":[{"@type":"OpeningHoursSpecification","dayOfWeek":["Monday","Tuesday","Wednesday","Thursday","Friday","Saturday","Sunday"],"opens":"09:00","closes":"17:00"}],"email":"info@recambiosecogas.com","faxNumber":"SEGIMON AUTOMOCION SL","vatID":"ESB19819861","globalLocationNumber":"938 616 339"},{"@type":"PostalAddress","@id":"https:\/\/recambiosecogas.com\/pt-pt\/produto\/truma-estufa-de-gas-s-2200-titanio-185-kw-30-mbar-con-encendido-automatico-boton-de-control-a-la-derecha\/#local-main-place-address","streetAddress":"cami antic de vic, 29 (Nave 3), Pol\u00edgono Industrial Congost","addressLocality":"CORRO D`AVALL","postalCode":"08520","addressRegion":"Barcelona","addressCountry":"ES"},{"@type":"ImageObject","inLanguage":"pt-PT","@id":"https:\/\/recambiosecogas.com\/pt-pt\/produto\/truma-estufa-de-gas-s-2200-titanio-185-kw-30-mbar-con-encendido-automatico-boton-de-control-a-la-derecha\/#local-main-organization-logo","url":"https:\/\/recambiosecogas.com\/wp-content\/uploads\/2024\/11\/cropped-RECAMBIOS-GLP-png.webp","contentUrl":"https:\/\/recambiosecogas.com\/wp-content\/uploads\/2024\/11\/cropped-RECAMBIOS-GLP-png.webp","width":512,"height":512,"caption":"Recambios EcoGas"}]},"product_brand":"TRUMA","product_price_amount":"529.55","product_price_currency":"EUR","og_availability":"backorder","product_availability":"available for order","product_retailer_item_id":"114131P","product_condition":"new","geo.placename":"CORRO D`AVALL","geo.region":"Espanha"},"uagb_featured_image_src":{"full":["https:\/\/recambiosecogas.com\/wp-content\/uploads\/2025\/01\/Truma-estufa-de-gas-S-2200-png.webp",1000,1000,false],"thumbnail":["https:\/\/recambiosecogas.com\/wp-content\/uploads\/2025\/01\/Truma-estufa-de-gas-S-2200-150x150.webp",150,150,true],"medium":["https:\/\/recambiosecogas.com\/wp-content\/uploads\/2025\/01\/Truma-estufa-de-gas-S-2200-300x300.webp",300,300,true],"medium_large":["https:\/\/recambiosecogas.com\/wp-content\/uploads\/2025\/01\/Truma-estufa-de-gas-S-2200-768x768.webp",768,768,true],"large":["https:\/\/recambiosecogas.com\/wp-content\/uploads\/2025\/01\/Truma-estufa-de-gas-S-2200-png.webp",1000,1000,false],"1536x1536":["https:\/\/recambiosecogas.com\/wp-content\/uploads\/2025\/01\/Truma-estufa-de-gas-S-2200-png.webp",1000,1000,false],"2048x2048":["https:\/\/recambiosecogas.com\/wp-content\/uploads\/2025\/01\/Truma-estufa-de-gas-S-2200-png.webp",1000,1000,false],"woocommerce_archive_thumbnail":["https:\/\/recambiosecogas.com\/wp-content\/uploads\/2025\/01\/Truma-estufa-de-gas-S-2200-png.webp",1000,1000,false],"woocommerce_thumbnail":["https:\/\/recambiosecogas.com\/wp-content\/uploads\/2025\/01\/Truma-estufa-de-gas-S-2200-300x300.webp",300,300,true],"woocommerce_single":["https:\/\/recambiosecogas.com\/wp-content\/uploads\/2025\/01\/Truma-estufa-de-gas-S-2200-png.webp",1000,1000,false],"woocommerce_gallery_thumbnail":["https:\/\/recambiosecogas.com\/wp-content\/uploads\/2025\/01\/Truma-estufa-de-gas-S-2200-png.webp",1000,1000,false],"dgwt-wcas-product-suggestion":["https:\/\/recambiosecogas.com\/wp-content\/uploads\/2025\/01\/Truma-estufa-de-gas-S-2200-64x64.webp",64,64,true]},"uagb_author_info":{"display_name":"Fran - Soporte T\u00e9cnico","author_link":"https:\/\/recambiosecogas.com\/pt-pt\/author\/"},"uagb_comment_info":0,"uagb_excerpt":"TRUMA","_links":{"self":[{"href":"https:\/\/recambiosecogas.com\/pt-pt\/wp-json\/wp\/v2\/product\/15902","targetHints":{"allow":["GET"]}}],"collection":[{"href":"https:\/\/recambiosecogas.com\/pt-pt\/wp-json\/wp\/v2\/product"}],"about":[{"href":"https:\/\/recambiosecogas.com\/pt-pt\/wp-json\/wp\/v2\/types\/product"}],"replies":[{"embeddable":true,"href":"https:\/\/recambiosecogas.com\/pt-pt\/wp-json\/wp\/v2\/comments?post=15902"}],"wp:featuredmedia":[{"embeddable":true,"href":"https:\/\/recambiosecogas.com\/pt-pt\/wp-json\/wp\/v2\/media\/19671"}],"wp:attachment":[{"href":"https:\/\/recambiosecogas.com\/pt-pt\/wp-json\/wp\/v2\/media?parent=15902"}],"wp:term":[{"taxonomy":"product_brand","embeddable":true,"href":"https:\/\/recambiosecogas.com\/pt-pt\/wp-json\/wp\/v2\/product_brand?post=15902"},{"taxonomy":"product_cat","embeddable":true,"href":"https:\/\/recambiosecogas.com\/pt-pt\/wp-json\/wp\/v2\/product_cat?post=15902"},{"taxonomy":"product_tag","embeddable":true,"href":"https:\/\/recambiosecogas.com\/pt-pt\/wp-json\/wp\/v2\/product_tag?post=15902"}],"curies":[{"name":"wp","href":"https:\/\/api.w.org\/{rel}","templated":true}]}}