{"id":15896,"date":"2025-01-21T10:41:41","date_gmt":"2025-01-21T09:41:41","guid":{"rendered":"https:\/\/recambiosecogas.com\/producto\/truma-calefaccion-de-gas-varioheat-eco-cp-plus-28-kw-30-mbar\/"},"modified":"2026-03-26T11:56:18","modified_gmt":"2026-03-26T10:56:18","slug":"truma-calefaccion-de-gas-varioheat-eco-cp-plus-28-kw-30-mbar","status":"publish","type":"product","link":"https:\/\/recambiosecogas.com\/pt-pt\/produto\/truma-calefaccion-de-gas-varioheat-eco-cp-plus-28-kw-30-mbar\/","title":{"rendered":"Truma calefacci\u00f3n de gas VarioHeat eco CP plus 2,8 kW, 30 mbar"},"content":{"rendered":"<section>\n<div id=\"layout_content\">\n<div class=\"layout_content_inner cf\">\n<article>\n<div>\n<div id=\"horizontalTab\" class=\"pd_tabs\">\n<div class=\"resp-tabs-container\">\n<div class=\"pd_description resp-tab-content resp-tab-content-active\" aria-labelledby=\"tab_item-0\">\n<div>\n<p>La\u00a0<strong>Truma VarioHeat eco<\/strong>\u00a0es una\u00a0<strong>calefacci\u00f3n de gas<\/strong>\u00a0compacta y ligera de \u00faltima generaci\u00f3n para campistas, autocaravanas y caravanas. La temperatura ambiente se ajusta c\u00f3modamente a trav\u00e9s del panel de control digital CP plus. El cable calefactor se regula autom\u00e1ticamente y el nivel de potencia se ajusta a la temperatura seleccionada.<\/p>\n<p><strong>Potente<\/strong>\u00a0&#8211; con dos niveles de potencia<\/p>\n<p><strong>Autom\u00e1tico<\/strong>\u00a0&#8211; la regulaci\u00f3n de la potencia de calefacci\u00f3n se realiza en funci\u00f3n de la temperatura ajustada<\/p>\n<p><strong>R\u00e1pido<\/strong>\u00a0&#8211; gracias a la funci\u00f3n booster se dispone r\u00e1pidamente de calor<\/p>\n<p><strong>Eficaz<\/strong>\u00a0&#8211; el aire caliente se distribuye a trav\u00e9s de salidas de forma variable y uniforme en el veh\u00edculo<\/p>\n<p><strong>Ahorro de espacio<\/strong>\u00a0&#8211; dise\u00f1o compacto &amp; en el dispositivo de la electr\u00f3nica integrada<\/p>\n<p><strong>INET-Ready<\/strong>\u00a0&#8211; por App controlable<\/p>\n<p>El VarioHeat se puede instalar de forma flexible en diferentes posiciones, tanto acostado como de pie. Puede utilizarse como calefacci\u00f3n principal, por ejemplo, en la furgoneta, pero tambi\u00e9n como calefacci\u00f3n adicional en veh\u00edculos m\u00e1s grandes.<\/p>\n<p>La Truma VarioHeat es la evoluci\u00f3n de las Trumatic E 2400 y E 4000. La Truma VarioHeat eco y la Truma VarioHeat comfort s\u00f3lo se diferencian en el rendimiento. Las dimensiones de los dos modelos son id\u00e9nticas.<\/p>\n<p>Alcance de suministro<\/p>\n<p>Truma VarioHeat eco<\/p>\n<p>Panel de control CP Plus<\/p>\n<p>6 metros de cableado<\/p>\n<p>Sensor de temperatura ambiente<\/p>\n<p>Escuadra de montaje &amp; Accesorios para la conexi\u00f3n el\u00e9ctrica<\/p>\n<p>Para la instalaci\u00f3n se necesitan accesorios adicionales para la impulsi\u00f3n y la extracci\u00f3n de aire.<\/p>\n<\/div>\n<\/div>\n<\/div>\n<\/div>\n<\/div>\n<\/article>\n<\/div>\n<\/div>\n<\/section>\n<div id=\"layout_subfooter\">\n<div class=\"layout_subfooter_inner cf\">\n<p>Combustible\u00a0<strong>Gas propano \/ butano<\/strong><\/p>\n<p>Color\u00a0<strong>negro<\/strong><\/p>\n<p>Presi\u00f3n de funcionamiento\u00a0<strong>30 mbar<\/strong><\/p>\n<p>Potencia calor\u00edfica nominal\u00a0<strong>1300 W \/ 2800 W<\/strong><\/p>\n<p>Consumo de combustible\u00a0<strong>100 g\/h \/ 220 g\/h<\/strong><\/p>\n<p>Alimentaci\u00f3n\u00a0<strong>12 V<\/strong><\/p>\n<p>Consumo de corriente\u00a0<strong>0, 65 A \/ 2. 75 A<\/strong><\/p>\n<p>Peso aprox.\u00a0<strong>5,5 kg<\/strong><\/p>\n<p>Dimensiones (L x A x H)\u00a0<strong>400 x 284 x 123 mm<\/strong><\/p>\n<p>Caudal de aire (soplado libre)\u00a0<strong>75 m\u00b3\/h \/ 155 m\u00b3\/h<\/strong><\/p>\n<p>Consumo de corriente de refrigeraci\u00f3n CP m\u00e1s VarioHeat\u00a0<strong>4 mA<\/strong><\/p>\n<\/div>\n<\/div>\n<p>La <strong>Truma VarioHeat eco<\/strong> es una <strong>calefacci\u00f3n de gas<\/strong> compacta y ligera de \u00faltima generaci\u00f3n, dise\u00f1ada espec\u00edficamente para campistas, autocaravanas y caravanas. Con una potencia de <strong>2,8 kW<\/strong> y una presi\u00f3n de funcionamiento de <strong>30 mbar<\/strong>, este sistema de calefacci\u00f3n garantiza un ambiente c\u00e1lido y confortable en cualquier viaje. Su temperatura ambiente se ajusta c\u00f3modamente a trav\u00e9s del panel de control digital <strong>CP plus<\/strong>, permitiendo un uso intuitivo y eficiente.<\/p>\n<p>Este modelo cuenta con dos niveles de potencia, lo que permite adaptar la calefacci\u00f3n a las necesidades espec\u00edficas del usuario. La regulaci\u00f3n autom\u00e1tica de la potencia de calefacci\u00f3n se realiza en funci\u00f3n de la temperatura ajustada, asegurando un consumo eficiente de combustible. Gracias a su funci\u00f3n <strong>booster<\/strong>, el VarioHeat proporciona calor r\u00e1pidamente, lo que es especialmente \u00fatil en climas fr\u00edos.<\/p>\n<p>El dise\u00f1o compacto de la Truma VarioHeat eco permite una instalaci\u00f3n flexible en diversas posiciones, tanto acostado como de pie, lo que la convierte en una opci\u00f3n vers\u00e1til para diferentes tipos de veh\u00edculos. Se puede utilizar como calefacci\u00f3n principal en furgonetas o como calefacci\u00f3n adicional en veh\u00edculos m\u00e1s grandes. Adem\u00e1s, su capacidad de distribuci\u00f3n de aire caliente a trav\u00e9s de salidas variables asegura una climatizaci\u00f3n uniforme en el interior del veh\u00edculo.<\/p>\n<p>El alcance de suministro incluye la calefacci\u00f3n Truma VarioHeat eco, el panel de control CP Plus, 6 metros de cableado, un sensor de temperatura ambiente, y una escuadra de montaje junto con los accesorios necesarios para la conexi\u00f3n el\u00e9ctrica. Es importante tener en cuenta que para la instalaci\u00f3n se requieren accesorios adicionales para la impulsi\u00f3n y la extracci\u00f3n de aire.<\/p>\n<h4>Datos t\u00e9cnicos<\/h4>\n<p>Combustible: <strong>Gas propano \/ butano<\/strong><br \/>Color: <strong>negro<\/strong><br \/>Potencia calor\u00edfica nominal: <strong>1300 W \/ 2800 W<\/strong><br \/>Consumo de combustible: <strong>100 g\/h \/ 220 g\/h<\/strong><br \/>Alimentaci\u00f3n: <strong>12 V<\/strong><br \/>Consumo de corriente: <strong>0,65 A \/ 2,75 A<\/strong><br \/>Peso aprox.: <strong>5,5 kg<\/strong><br \/>Dimensiones (L x A x H): <strong>400 x 284 x 123 mm<\/strong><br \/>Caudal de aire (soplado libre): <strong>75 m\u00b3\/h \/ 155 m\u00b3\/h<\/strong><br \/>Consumo de corriente de refrigeraci\u00f3n CP plus VarioHeat: <strong>4 mA<\/strong><\/p>\n<p>La Truma VarioHeat eco es la evoluci\u00f3n de los modelos anteriores Trumatic E 2400 y E 4000, ofreciendo un rendimiento mejorado y caracter\u00edsticas avanzadas. Se recomienda para aquellos que buscan una soluci\u00f3n de calefacci\u00f3n eficiente y confiable para sus viajes en autocaravana.<\/p>\n","protected":false},"excerpt":{"rendered":"<p>TRUMA<\/p>\n","protected":false},"featured_media":19681,"comment_status":"open","ping_status":"closed","template":"","meta":{"googlesitekit_rrm_CAowud7EDA:productID":"","_uag_custom_page_level_css":""},"product_brand":[992],"product_cat":[758],"product_tag":[],"class_list":{"0":"post-15896","1":"product","2":"type-product","3":"status-publish","4":"has-post-thumbnail","6":"product_brand-truma","7":"product_cat-calentador-de-aire","9":"first","10":"onbackorder","11":"taxable","12":"shipping-taxable","13":"purchasable","14":"product-type-simple"},"ct_brands":[{"id":992,"name":"TRUMA","slug":"truma"}],"yoast_head":"<!-- This site is optimized with the Yoast SEO Premium plugin v27.3 (Yoast SEO v27.3) - https:\/\/yoast.com\/product\/yoast-seo-premium-wordpress\/ -->\n<title>Calefacci\u00f3n de gas Truma VarioHeat eco 2,8 kW | Recambios Ecogas<\/title>\n<meta name=\"description\" content=\"Calefacci\u00f3n de gas Truma VarioHeat eco de 2,8 kW, ideal para campistas y autocaravanas. Eficiente y compacta, con control digital y funci\u00f3n booster.\" \/>\n<meta name=\"robots\" content=\"index, follow, max-snippet:-1, max-image-preview:large, max-video-preview:-1\" \/>\n<link rel=\"canonical\" href=\"https:\/\/recambiosecogas.com\/pt-pt\/produto\/truma-calefaccion-de-gas-varioheat-eco-cp-plus-28-kw-30-mbar\/\" \/>\n<meta property=\"og:locale\" content=\"pt_PT\" \/>\n<meta property=\"og:type\" content=\"article\" \/>\n<meta property=\"og:title\" content=\"Truma calefacci\u00f3n de gas VarioHeat eco CP plus 2,8 kW, 30 mbar\" \/>\n<meta property=\"og:description\" content=\"Calefacci\u00f3n de gas Truma VarioHeat eco de 2,8 kW, ideal para campistas y autocaravanas. Eficiente y compacta, con control digital y funci\u00f3n booster.\" \/>\n<meta property=\"og:url\" content=\"https:\/\/recambiosecogas.com\/pt-pt\/produto\/truma-calefaccion-de-gas-varioheat-eco-cp-plus-28-kw-30-mbar\/\" \/>\n<meta property=\"og:site_name\" content=\"Recambios EcoGas\" \/>\n<meta property=\"article:publisher\" content=\"https:\/\/www.facebook.com\/profile.php?id=100062419705358\" \/>\n<meta property=\"article:modified_time\" content=\"2026-03-26T10:56:18+00:00\" \/>\n<meta property=\"og:image\" content=\"https:\/\/recambiosecogas.com\/wp-content\/uploads\/2025\/01\/Truma-calefaccion-de-gas-VarioHeat-comfort-CP-plus-3-7-kW-30-mbar-png.webp\" \/>\n\t<meta property=\"og:image:width\" content=\"1000\" \/>\n\t<meta property=\"og:image:height\" content=\"1000\" \/>\n\t<meta property=\"og:image:type\" content=\"image\/png\" \/>\n<meta name=\"twitter:card\" content=\"summary_large_image\" \/>\n<meta name=\"twitter:label1\" content=\"pre\u00e7o\" \/>\n\t<meta name=\"twitter:data1\" content=\"1.404,76&nbsp;&euro; (IVA incl.: 1.699,76&nbsp;&euro;)\" \/>\n\t<meta name=\"twitter:label2\" content=\"Disponibilidade\" \/>\n\t<meta name=\"twitter:data2\" content=\"Por encomenda\" \/>\n<script type=\"application\/ld+json\" class=\"yoast-schema-graph\">{\"@context\":\"https:\\\/\\\/schema.org\",\"@graph\":[{\"@type\":\"WebPage\",\"@id\":\"https:\\\/\\\/recambiosecogas.com\\\/pt-pt\\\/produto\\\/truma-calefaccion-de-gas-varioheat-eco-cp-plus-28-kw-30-mbar\\\/\",\"url\":\"https:\\\/\\\/recambiosecogas.com\\\/pt-pt\\\/produto\\\/truma-calefaccion-de-gas-varioheat-eco-cp-plus-28-kw-30-mbar\\\/\",\"name\":\"Calefacci\u00f3n de gas Truma VarioHeat eco 2,8 kW | Recambios Ecogas\",\"isPartOf\":{\"@id\":\"https:\\\/\\\/recambiosecogas.com\\\/pt-pt\\\/#website\"},\"primaryImageOfPage\":{\"@id\":\"https:\\\/\\\/recambiosecogas.com\\\/pt-pt\\\/produto\\\/truma-calefaccion-de-gas-varioheat-eco-cp-plus-28-kw-30-mbar\\\/#primaryimage\"},\"image\":{\"@id\":\"https:\\\/\\\/recambiosecogas.com\\\/pt-pt\\\/produto\\\/truma-calefaccion-de-gas-varioheat-eco-cp-plus-28-kw-30-mbar\\\/#primaryimage\"},\"thumbnailUrl\":\"https:\\\/\\\/recambiosecogas.com\\\/wp-content\\\/uploads\\\/2025\\\/01\\\/Truma-calefaccion-de-gas-VarioHeat-comfort-CP-plus-3-7-kW-30-mbar-png.webp\",\"datePublished\":\"2025-01-21T09:41:41+00:00\",\"dateModified\":\"2026-03-26T10:56:18+00:00\",\"description\":\"Calefacci\u00f3n de gas Truma VarioHeat eco de 2,8 kW, ideal para campistas y autocaravanas. Eficiente y compacta, con control digital y funci\u00f3n booster.\",\"breadcrumb\":{\"@id\":\"https:\\\/\\\/recambiosecogas.com\\\/pt-pt\\\/produto\\\/truma-calefaccion-de-gas-varioheat-eco-cp-plus-28-kw-30-mbar\\\/#breadcrumb\"},\"inLanguage\":\"pt-PT\",\"potentialAction\":[{\"@type\":\"ReadAction\",\"target\":[\"https:\\\/\\\/recambiosecogas.com\\\/pt-pt\\\/produto\\\/truma-calefaccion-de-gas-varioheat-eco-cp-plus-28-kw-30-mbar\\\/\"]}]},{\"@type\":\"ImageObject\",\"inLanguage\":\"pt-PT\",\"@id\":\"https:\\\/\\\/recambiosecogas.com\\\/pt-pt\\\/produto\\\/truma-calefaccion-de-gas-varioheat-eco-cp-plus-28-kw-30-mbar\\\/#primaryimage\",\"url\":\"https:\\\/\\\/recambiosecogas.com\\\/wp-content\\\/uploads\\\/2025\\\/01\\\/Truma-calefaccion-de-gas-VarioHeat-comfort-CP-plus-3-7-kW-30-mbar-png.webp\",\"contentUrl\":\"https:\\\/\\\/recambiosecogas.com\\\/wp-content\\\/uploads\\\/2025\\\/01\\\/Truma-calefaccion-de-gas-VarioHeat-comfort-CP-plus-3-7-kW-30-mbar-png.webp\",\"width\":1000,\"height\":1000},{\"@type\":\"BreadcrumbList\",\"@id\":\"https:\\\/\\\/recambiosecogas.com\\\/pt-pt\\\/produto\\\/truma-calefaccion-de-gas-varioheat-eco-cp-plus-28-kw-30-mbar\\\/#breadcrumb\",\"itemListElement\":[{\"@type\":\"ListItem\",\"position\":1,\"name\":\"P\u00e1gina inicial\",\"item\":\"https:\\\/\\\/recambiosecogas.com\\\/pt-pt\\\/\"},{\"@type\":\"ListItem\",\"position\":2,\"name\":\"Loja\",\"item\":\"https:\\\/\\\/recambiosecogas.com\\\/pt-pt\\\/tienda\\\/\"},{\"@type\":\"ListItem\",\"position\":3,\"name\":\"Truma calefacci\u00f3n de gas VarioHeat eco CP plus 2,8 kW, 30 mbar\"}]},{\"@type\":\"WebSite\",\"@id\":\"https:\\\/\\\/recambiosecogas.com\\\/pt-pt\\\/#website\",\"url\":\"https:\\\/\\\/recambiosecogas.com\\\/pt-pt\\\/\",\"name\":\"Recambios EcoGas\",\"description\":\"Pe\u00e7as multimarca para sistemas de GPL\\\/GNC\\\/GNL\\\/Hidrog\u00e9nio\",\"publisher\":{\"@id\":\"https:\\\/\\\/recambiosecogas.com\\\/pt-pt\\\/#organization\"},\"alternateName\":\"Recambios Autogas GLP\",\"potentialAction\":[{\"@type\":\"SearchAction\",\"target\":{\"@type\":\"EntryPoint\",\"urlTemplate\":\"https:\\\/\\\/recambiosecogas.com\\\/pt-pt\\\/?s={search_term_string}\"},\"query-input\":{\"@type\":\"PropertyValueSpecification\",\"valueRequired\":true,\"valueName\":\"search_term_string\"}}],\"inLanguage\":\"pt-PT\"},{\"@type\":[\"Organization\",\"Place\"],\"@id\":\"https:\\\/\\\/recambiosecogas.com\\\/pt-pt\\\/#organization\",\"name\":\"Recambios EcoGas\",\"alternateName\":\"Loja de GPL Autog\u00e1s Espanha\",\"url\":\"https:\\\/\\\/recambiosecogas.com\\\/pt-pt\\\/\",\"logo\":{\"@id\":\"https:\\\/\\\/recambiosecogas.com\\\/pt-pt\\\/produto\\\/truma-calefaccion-de-gas-varioheat-eco-cp-plus-28-kw-30-mbar\\\/#local-main-organization-logo\"},\"image\":{\"@id\":\"https:\\\/\\\/recambiosecogas.com\\\/pt-pt\\\/produto\\\/truma-calefaccion-de-gas-varioheat-eco-cp-plus-28-kw-30-mbar\\\/#local-main-organization-logo\"},\"sameAs\":[\"https:\\\/\\\/www.facebook.com\\\/profile.php?id=100062419705358\",\"https:\\\/\\\/www.instagram.com\\\/segimon_automocio\"],\"description\":\"Recambios EcoGas \u2013 Venta y distribuci\u00f3n de sistemas GLP y GNC en Espa\u00f1a y Portugal. Env\u00edos 24 h, soporte t\u00e9cnico a talleres y distribuidores.\",\"hasMerchantReturnPolicy\":{\"@type\":\"MerchantReturnPolicy\",\"merchantReturnLink\":\"https:\\\/\\\/recambiosecogas.com\\\/politicas-privacidad\\\/\"},\"address\":{\"@id\":\"https:\\\/\\\/recambiosecogas.com\\\/pt-pt\\\/produto\\\/truma-calefaccion-de-gas-varioheat-eco-cp-plus-28-kw-30-mbar\\\/#local-main-place-address\"},\"telephone\":[\"616250633\"],\"contactPoint\":{\"@type\":\"ContactPoint\",\"email\":\"export@recambiosecogas.com\"},\"openingHoursSpecification\":[{\"@type\":\"OpeningHoursSpecification\",\"dayOfWeek\":[\"Monday\",\"Tuesday\",\"Wednesday\",\"Thursday\",\"Friday\",\"Saturday\",\"Sunday\"],\"opens\":\"09:00\",\"closes\":\"17:00\"}],\"email\":\"info@recambiosecogas.com\",\"faxNumber\":\"SEGIMON AUTOMOCION SL\",\"vatID\":\"ESB19819861\",\"globalLocationNumber\":\"938 616 339\"},{\"@type\":\"PostalAddress\",\"@id\":\"https:\\\/\\\/recambiosecogas.com\\\/pt-pt\\\/produto\\\/truma-calefaccion-de-gas-varioheat-eco-cp-plus-28-kw-30-mbar\\\/#local-main-place-address\",\"streetAddress\":\"cami antic de vic, 29 (Nave 3), Pol\u00edgono Industrial Congost\",\"addressLocality\":\"CORRO D`AVALL\",\"postalCode\":\"08520\",\"addressRegion\":\"Barcelona\",\"addressCountry\":\"ES\"},{\"@type\":\"ImageObject\",\"inLanguage\":\"pt-PT\",\"@id\":\"https:\\\/\\\/recambiosecogas.com\\\/pt-pt\\\/produto\\\/truma-calefaccion-de-gas-varioheat-eco-cp-plus-28-kw-30-mbar\\\/#local-main-organization-logo\",\"url\":\"https:\\\/\\\/recambiosecogas.com\\\/wp-content\\\/uploads\\\/2024\\\/11\\\/cropped-RECAMBIOS-GLP-png.webp\",\"contentUrl\":\"https:\\\/\\\/recambiosecogas.com\\\/wp-content\\\/uploads\\\/2024\\\/11\\\/cropped-RECAMBIOS-GLP-png.webp\",\"width\":512,\"height\":512,\"caption\":\"Recambios EcoGas\"}]}<\/script>\n<meta property=\"product:brand\" content=\"TRUMA\" \/>\n<meta property=\"product:price:amount\" content=\"1404.76\" \/>\n<meta property=\"product:price:currency\" content=\"EUR\" \/>\n<meta property=\"og:availability\" content=\"backorder\" \/>\n<meta property=\"product:availability\" content=\"available for order\" \/>\n<meta property=\"product:retailer_item_id\" content=\"112619P\" \/>\n<meta property=\"product:condition\" content=\"new\" \/>\n<meta name=\"geo.placename\" content=\"CORRO D`AVALL\" \/>\n<meta name=\"geo.region\" content=\"Espanha\" \/>\n<!-- \/ Yoast SEO Premium plugin. -->","yoast_head_json":{"title":"Calefacci\u00f3n de gas Truma VarioHeat eco 2,8 kW | Recambios Ecogas","description":"Calefacci\u00f3n de gas Truma VarioHeat eco de 2,8 kW, ideal para campistas y autocaravanas. Eficiente y compacta, con control digital y funci\u00f3n booster.","robots":{"index":"index","follow":"follow","max-snippet":"max-snippet:-1","max-image-preview":"max-image-preview:large","max-video-preview":"max-video-preview:-1"},"canonical":"https:\/\/recambiosecogas.com\/pt-pt\/produto\/truma-calefaccion-de-gas-varioheat-eco-cp-plus-28-kw-30-mbar\/","og_locale":"pt_PT","og_type":"article","og_title":"Truma calefacci\u00f3n de gas VarioHeat eco CP plus 2,8 kW, 30 mbar","og_description":"Calefacci\u00f3n de gas Truma VarioHeat eco de 2,8 kW, ideal para campistas y autocaravanas. Eficiente y compacta, con control digital y funci\u00f3n booster.","og_url":"https:\/\/recambiosecogas.com\/pt-pt\/produto\/truma-calefaccion-de-gas-varioheat-eco-cp-plus-28-kw-30-mbar\/","og_site_name":"Recambios EcoGas","article_publisher":"https:\/\/www.facebook.com\/profile.php?id=100062419705358","article_modified_time":"2026-03-26T10:56:18+00:00","og_image":[{"width":1000,"height":1000,"url":"https:\/\/recambiosecogas.com\/wp-content\/uploads\/2025\/01\/Truma-calefaccion-de-gas-VarioHeat-comfort-CP-plus-3-7-kW-30-mbar-png.webp","type":"image\/png"}],"twitter_card":"summary_large_image","twitter_misc":{"pre\u00e7o":"1.404,76&nbsp;&euro; (IVA incl.: 1.699,76&nbsp;&euro;)","Disponibilidade":"Por encomenda"},"schema":{"@context":"https:\/\/schema.org","@graph":[{"@type":"WebPage","@id":"https:\/\/recambiosecogas.com\/pt-pt\/produto\/truma-calefaccion-de-gas-varioheat-eco-cp-plus-28-kw-30-mbar\/","url":"https:\/\/recambiosecogas.com\/pt-pt\/produto\/truma-calefaccion-de-gas-varioheat-eco-cp-plus-28-kw-30-mbar\/","name":"Calefacci\u00f3n de gas Truma VarioHeat eco 2,8 kW | Recambios Ecogas","isPartOf":{"@id":"https:\/\/recambiosecogas.com\/pt-pt\/#website"},"primaryImageOfPage":{"@id":"https:\/\/recambiosecogas.com\/pt-pt\/produto\/truma-calefaccion-de-gas-varioheat-eco-cp-plus-28-kw-30-mbar\/#primaryimage"},"image":{"@id":"https:\/\/recambiosecogas.com\/pt-pt\/produto\/truma-calefaccion-de-gas-varioheat-eco-cp-plus-28-kw-30-mbar\/#primaryimage"},"thumbnailUrl":"https:\/\/recambiosecogas.com\/wp-content\/uploads\/2025\/01\/Truma-calefaccion-de-gas-VarioHeat-comfort-CP-plus-3-7-kW-30-mbar-png.webp","datePublished":"2025-01-21T09:41:41+00:00","dateModified":"2026-03-26T10:56:18+00:00","description":"Calefacci\u00f3n de gas Truma VarioHeat eco de 2,8 kW, ideal para campistas y autocaravanas. Eficiente y compacta, con control digital y funci\u00f3n booster.","breadcrumb":{"@id":"https:\/\/recambiosecogas.com\/pt-pt\/produto\/truma-calefaccion-de-gas-varioheat-eco-cp-plus-28-kw-30-mbar\/#breadcrumb"},"inLanguage":"pt-PT","potentialAction":[{"@type":"ReadAction","target":["https:\/\/recambiosecogas.com\/pt-pt\/produto\/truma-calefaccion-de-gas-varioheat-eco-cp-plus-28-kw-30-mbar\/"]}]},{"@type":"ImageObject","inLanguage":"pt-PT","@id":"https:\/\/recambiosecogas.com\/pt-pt\/produto\/truma-calefaccion-de-gas-varioheat-eco-cp-plus-28-kw-30-mbar\/#primaryimage","url":"https:\/\/recambiosecogas.com\/wp-content\/uploads\/2025\/01\/Truma-calefaccion-de-gas-VarioHeat-comfort-CP-plus-3-7-kW-30-mbar-png.webp","contentUrl":"https:\/\/recambiosecogas.com\/wp-content\/uploads\/2025\/01\/Truma-calefaccion-de-gas-VarioHeat-comfort-CP-plus-3-7-kW-30-mbar-png.webp","width":1000,"height":1000},{"@type":"BreadcrumbList","@id":"https:\/\/recambiosecogas.com\/pt-pt\/produto\/truma-calefaccion-de-gas-varioheat-eco-cp-plus-28-kw-30-mbar\/#breadcrumb","itemListElement":[{"@type":"ListItem","position":1,"name":"P\u00e1gina inicial","item":"https:\/\/recambiosecogas.com\/pt-pt\/"},{"@type":"ListItem","position":2,"name":"Loja","item":"https:\/\/recambiosecogas.com\/pt-pt\/tienda\/"},{"@type":"ListItem","position":3,"name":"Truma calefacci\u00f3n de gas VarioHeat eco CP plus 2,8 kW, 30 mbar"}]},{"@type":"WebSite","@id":"https:\/\/recambiosecogas.com\/pt-pt\/#website","url":"https:\/\/recambiosecogas.com\/pt-pt\/","name":"Recambios EcoGas","description":"Pe\u00e7as multimarca para sistemas de GPL\/GNC\/GNL\/Hidrog\u00e9nio","publisher":{"@id":"https:\/\/recambiosecogas.com\/pt-pt\/#organization"},"alternateName":"Recambios Autogas GLP","potentialAction":[{"@type":"SearchAction","target":{"@type":"EntryPoint","urlTemplate":"https:\/\/recambiosecogas.com\/pt-pt\/?s={search_term_string}"},"query-input":{"@type":"PropertyValueSpecification","valueRequired":true,"valueName":"search_term_string"}}],"inLanguage":"pt-PT"},{"@type":["Organization","Place"],"@id":"https:\/\/recambiosecogas.com\/pt-pt\/#organization","name":"Recambios EcoGas","alternateName":"Loja de GPL Autog\u00e1s Espanha","url":"https:\/\/recambiosecogas.com\/pt-pt\/","logo":{"@id":"https:\/\/recambiosecogas.com\/pt-pt\/produto\/truma-calefaccion-de-gas-varioheat-eco-cp-plus-28-kw-30-mbar\/#local-main-organization-logo"},"image":{"@id":"https:\/\/recambiosecogas.com\/pt-pt\/produto\/truma-calefaccion-de-gas-varioheat-eco-cp-plus-28-kw-30-mbar\/#local-main-organization-logo"},"sameAs":["https:\/\/www.facebook.com\/profile.php?id=100062419705358","https:\/\/www.instagram.com\/segimon_automocio"],"description":"Recambios EcoGas \u2013 Venta y distribuci\u00f3n de sistemas GLP y GNC en Espa\u00f1a y Portugal. Env\u00edos 24 h, soporte t\u00e9cnico a talleres y distribuidores.","hasMerchantReturnPolicy":{"@type":"MerchantReturnPolicy","merchantReturnLink":"https:\/\/recambiosecogas.com\/politicas-privacidad\/"},"address":{"@id":"https:\/\/recambiosecogas.com\/pt-pt\/produto\/truma-calefaccion-de-gas-varioheat-eco-cp-plus-28-kw-30-mbar\/#local-main-place-address"},"telephone":["616250633"],"contactPoint":{"@type":"ContactPoint","email":"export@recambiosecogas.com"},"openingHoursSpecification":[{"@type":"OpeningHoursSpecification","dayOfWeek":["Monday","Tuesday","Wednesday","Thursday","Friday","Saturday","Sunday"],"opens":"09:00","closes":"17:00"}],"email":"info@recambiosecogas.com","faxNumber":"SEGIMON AUTOMOCION SL","vatID":"ESB19819861","globalLocationNumber":"938 616 339"},{"@type":"PostalAddress","@id":"https:\/\/recambiosecogas.com\/pt-pt\/produto\/truma-calefaccion-de-gas-varioheat-eco-cp-plus-28-kw-30-mbar\/#local-main-place-address","streetAddress":"cami antic de vic, 29 (Nave 3), Pol\u00edgono Industrial Congost","addressLocality":"CORRO D`AVALL","postalCode":"08520","addressRegion":"Barcelona","addressCountry":"ES"},{"@type":"ImageObject","inLanguage":"pt-PT","@id":"https:\/\/recambiosecogas.com\/pt-pt\/produto\/truma-calefaccion-de-gas-varioheat-eco-cp-plus-28-kw-30-mbar\/#local-main-organization-logo","url":"https:\/\/recambiosecogas.com\/wp-content\/uploads\/2024\/11\/cropped-RECAMBIOS-GLP-png.webp","contentUrl":"https:\/\/recambiosecogas.com\/wp-content\/uploads\/2024\/11\/cropped-RECAMBIOS-GLP-png.webp","width":512,"height":512,"caption":"Recambios EcoGas"}]},"product_brand":"TRUMA","product_price_amount":"1404.76","product_price_currency":"EUR","og_availability":"backorder","product_availability":"available for order","product_retailer_item_id":"112619P","product_condition":"new","geo.placename":"CORRO D`AVALL","geo.region":"Espanha"},"uagb_featured_image_src":{"full":["https:\/\/recambiosecogas.com\/wp-content\/uploads\/2025\/01\/Truma-calefaccion-de-gas-VarioHeat-comfort-CP-plus-3-7-kW-30-mbar-png.webp",1000,1000,false],"thumbnail":["https:\/\/recambiosecogas.com\/wp-content\/uploads\/2025\/01\/Truma-calefaccion-de-gas-VarioHeat-comfort-CP-plus-3-7-kW-30-mbar-150x150.webp",150,150,true],"medium":["https:\/\/recambiosecogas.com\/wp-content\/uploads\/2025\/01\/Truma-calefaccion-de-gas-VarioHeat-comfort-CP-plus-3-7-kW-30-mbar-300x300.webp",300,300,true],"medium_large":["https:\/\/recambiosecogas.com\/wp-content\/uploads\/2025\/01\/Truma-calefaccion-de-gas-VarioHeat-comfort-CP-plus-3-7-kW-30-mbar-768x768.webp",768,768,true],"large":["https:\/\/recambiosecogas.com\/wp-content\/uploads\/2025\/01\/Truma-calefaccion-de-gas-VarioHeat-comfort-CP-plus-3-7-kW-30-mbar-png.webp",1000,1000,false],"1536x1536":["https:\/\/recambiosecogas.com\/wp-content\/uploads\/2025\/01\/Truma-calefaccion-de-gas-VarioHeat-comfort-CP-plus-3-7-kW-30-mbar-png.webp",1000,1000,false],"2048x2048":["https:\/\/recambiosecogas.com\/wp-content\/uploads\/2025\/01\/Truma-calefaccion-de-gas-VarioHeat-comfort-CP-plus-3-7-kW-30-mbar-png.webp",1000,1000,false],"woocommerce_archive_thumbnail":["https:\/\/recambiosecogas.com\/wp-content\/uploads\/2025\/01\/Truma-calefaccion-de-gas-VarioHeat-comfort-CP-plus-3-7-kW-30-mbar-png.webp",1000,1000,false],"woocommerce_thumbnail":["https:\/\/recambiosecogas.com\/wp-content\/uploads\/2025\/01\/Truma-calefaccion-de-gas-VarioHeat-comfort-CP-plus-3-7-kW-30-mbar-300x300.webp",300,300,true],"woocommerce_single":["https:\/\/recambiosecogas.com\/wp-content\/uploads\/2025\/01\/Truma-calefaccion-de-gas-VarioHeat-comfort-CP-plus-3-7-kW-30-mbar-png.webp",1000,1000,false],"woocommerce_gallery_thumbnail":["https:\/\/recambiosecogas.com\/wp-content\/uploads\/2025\/01\/Truma-calefaccion-de-gas-VarioHeat-comfort-CP-plus-3-7-kW-30-mbar-png.webp",1000,1000,false],"dgwt-wcas-product-suggestion":["https:\/\/recambiosecogas.com\/wp-content\/uploads\/2025\/01\/Truma-calefaccion-de-gas-VarioHeat-comfort-CP-plus-3-7-kW-30-mbar-64x64.webp",64,64,true]},"uagb_author_info":{"display_name":"Fran - Soporte T\u00e9cnico","author_link":"https:\/\/recambiosecogas.com\/pt-pt\/author\/"},"uagb_comment_info":0,"uagb_excerpt":"TRUMA","_links":{"self":[{"href":"https:\/\/recambiosecogas.com\/pt-pt\/wp-json\/wp\/v2\/product\/15896","targetHints":{"allow":["GET"]}}],"collection":[{"href":"https:\/\/recambiosecogas.com\/pt-pt\/wp-json\/wp\/v2\/product"}],"about":[{"href":"https:\/\/recambiosecogas.com\/pt-pt\/wp-json\/wp\/v2\/types\/product"}],"replies":[{"embeddable":true,"href":"https:\/\/recambiosecogas.com\/pt-pt\/wp-json\/wp\/v2\/comments?post=15896"}],"wp:featuredmedia":[{"embeddable":true,"href":"https:\/\/recambiosecogas.com\/pt-pt\/wp-json\/wp\/v2\/media\/19681"}],"wp:attachment":[{"href":"https:\/\/recambiosecogas.com\/pt-pt\/wp-json\/wp\/v2\/media?parent=15896"}],"wp:term":[{"taxonomy":"product_brand","embeddable":true,"href":"https:\/\/recambiosecogas.com\/pt-pt\/wp-json\/wp\/v2\/product_brand?post=15896"},{"taxonomy":"product_cat","embeddable":true,"href":"https:\/\/recambiosecogas.com\/pt-pt\/wp-json\/wp\/v2\/product_cat?post=15896"},{"taxonomy":"product_tag","embeddable":true,"href":"https:\/\/recambiosecogas.com\/pt-pt\/wp-json\/wp\/v2\/product_tag?post=15896"}],"curies":[{"name":"wp","href":"https:\/\/api.w.org\/{rel}","templated":true}]}}