{"id":15845,"date":"2025-01-21T10:40:58","date_gmt":"2025-01-21T09:40:58","guid":{"rendered":"https:\/\/recambiosecogas.com\/producto\/valvula-de-alivio-externa-proteccion-contra-la-ruptura-de-la-manguera-gas-lp-propano-butano-g-8-w21-8-x-1-814-l-h-x-3-8-lh\/"},"modified":"2026-03-26T11:55:39","modified_gmt":"2026-03-26T10:55:39","slug":"valvula-de-alivio-externa-proteccion-contra-la-ruptura-de-la-manguera-gas-lp-propano-butano-g-8-w21-8-x-1-814-l-h-x-3-8-lh","status":"publish","type":"product","link":"https:\/\/recambiosecogas.com\/pt-pt\/producto\/valvula-de-alivio-externa-proteccion-contra-la-ruptura-de-la-manguera-gas-lp-propano-butano-g-8-w21-8-x-1-814-l-h-x-3-8-lh\/","title":{"rendered":"V\u00e1lvula de alivio externa, protecci\u00f3n contra la ruptura de la manguera Gas LP (propano\/butano) G.8 W21.8 x 1.814 &#8211; L.H x 3\/8 &#8220;LH"},"content":{"rendered":"<p>La v\u00e1lvula de exceso de flujo (EFV) interrumpe autom\u00e1ticamente el flujo de gas en cuanto se supera la presi\u00f3n nominal en un 10%. La v\u00e1lvula de cierre de emergencia para bombonas de propano evita as\u00ed una fuga de gas incontrolada.<\/p>\n<p>El dispositivo de cierre se enrosca directamente en la conexi\u00f3n de extracci\u00f3n de la bombona de gas. El regulador de glp o una manguera de alta presi\u00f3n se enrosca en la salida del dispositivo de cierre.<\/p>\n<p>La v\u00e1lvula de desbordamiento es vers\u00e1til y aumenta la seguridad en el funcionamiento del gas, entre otras cosas:<\/p>\n<p>&#8211; artesan\u00eda<\/p>\n<p>&#8211; ocio (barbacoas, calefactores radiantes, etc.)<\/p>\n<p>&#8211; instalaciones de gas en campers, caravanas, barcos o autocaravanas<\/p>\n<p>&#8211; instalaciones comerciales de gas (food trucks, catering)<\/p>\n<p>Cilindro de gas de conexi\u00f3n\u00a0<strong>G.8 W21.8 x 1.814 &#8211; L.H.<\/strong><\/p>\n<p>Salida\u00a0<strong>3\/8&#8243; rosca izquierda<\/strong><\/p>\n<p>Material\u00a0<strong>lat\u00f3n<\/strong><\/p>\n<p>Aplicaci\u00f3n entre otros\u00a0<strong>Espa\u00f1a, Dinamarca, Pa\u00edses Bajos, Noruega, Hungr\u00eda, Rep\u00fablica Checa, Eslovaquia, Irlanda, Croacia<\/strong><\/p>\n<p>La <strong>V\u00e1lvula de Alivio Externa G.8 W21.8 x 1.814<\/strong> es un componente esencial para sistemas de gas LP, dise\u00f1ada para interrumpir autom\u00e1ticamente el flujo de gas cuando se supera la presi\u00f3n nominal en un 10%. Este dispositivo de cierre es crucial para evitar fugas incontroladas, garantizando un funcionamiento seguro en diversas aplicaciones.<\/p>\n<p>Instalada directamente en la conexi\u00f3n de extracci\u00f3n de la bombona de gas, la v\u00e1lvula permite que un regulador de GLP o una manguera de alta presi\u00f3n se enrosque en su salida. Su dise\u00f1o vers\u00e1til la hace adecuada para una amplia gama de usos, incluyendo:<\/p>\n<ul>\n<li>Artesan\u00eda y ocio (barbacoas, calefactores radiantes, etc.)<\/li>\n<li>Instalaciones de gas en campers, caravanas y barcos<\/li>\n<li>Instalaciones comerciales de gas (food trucks, catering)<\/li>\n<\/ul>\n<p>La v\u00e1lvula de alivio no solo aumenta la seguridad en el funcionamiento del gas, sino que tambi\u00e9n es un componente clave en la prevenci\u00f3n de accidentes relacionados con fugas. Su conexi\u00f3n de cilindro de gas es de tipo <strong>G.8 W21.8 x 1.814 &#8211; L.H.<\/strong> y la salida presenta una <strong>rosca izquierda de 3\/8&#8243;<\/strong>, fabricada en <strong>lat\u00f3n<\/strong> para asegurar durabilidad y resistencia.<\/p>\n<p>Es importante verificar la compatibilidad de esta v\u00e1lvula con las instalaciones existentes antes de realizar la compra. La v\u00e1lvula de alivio externa G.8 W21.8 x 1.814 es una opci\u00f3n confiable para quienes buscan mejorar la seguridad de sus sistemas de Autogas.<\/p>\n","protected":false},"excerpt":{"rendered":"<p>SONSTIGES<\/p>\n","protected":false},"featured_media":16885,"comment_status":"open","ping_status":"closed","template":"","meta":{"_uag_custom_page_level_css":""},"product_brand":[],"product_cat":[428,433],"product_tag":[],"class_list":{"0":"post-15845","1":"product","2":"type-product","3":"status-publish","4":"has-post-thumbnail","6":"product_cat-mangueras-autocaravanas","7":"product_cat-proteccion-contra-ruptura-de-mangueras","9":"first","10":"onbackorder","11":"taxable","12":"shipping-taxable","13":"purchasable","14":"product-type-simple"},"ct_brands":[],"yoast_head":"<!-- This site is optimized with the Yoast SEO Premium plugin v27.5 (Yoast SEO v27.6) - https:\/\/yoast.com\/product\/yoast-seo-premium-wordpress\/ -->\n<title>V\u00e1lvula de Alivio Externa G.8 W21.8 x 1.814 | Recambios Ecogas<\/title>\n<meta name=\"description\" content=\"V\u00e1lvula de alivio externa G.8 W21.8 x 1.814, ideal para sistemas de gas LP. Aumenta la seguridad y previene fugas en instalaciones de Autogas.\" \/>\n<meta name=\"robots\" content=\"index, follow, max-snippet:-1, max-image-preview:large, max-video-preview:-1\" \/>\n<link rel=\"canonical\" href=\"https:\/\/recambiosecogas.com\/pt-pt\/producto\/valvula-de-alivio-externa-proteccion-contra-la-ruptura-de-la-manguera-gas-lp-propano-butano-g-8-w21-8-x-1-814-l-h-x-3-8-lh\/\" \/>\n<meta property=\"og:locale\" content=\"pt_PT\" \/>\n<meta property=\"og:type\" content=\"article\" \/>\n<meta property=\"og:title\" content=\"V\u00e1lvula de alivio externa, protecci\u00f3n contra la ruptura de la manguera Gas LP (propano\/butano) G.8 W21.8 x 1.814 - L.H x 3\/8 &quot;LH\" \/>\n<meta property=\"og:description\" content=\"V\u00e1lvula de alivio externa G.8 W21.8 x 1.814, ideal para sistemas de gas LP. Aumenta la seguridad y previene fugas en instalaciones de Autogas.\" \/>\n<meta property=\"og:url\" content=\"https:\/\/recambiosecogas.com\/pt-pt\/producto\/valvula-de-alivio-externa-proteccion-contra-la-ruptura-de-la-manguera-gas-lp-propano-butano-g-8-w21-8-x-1-814-l-h-x-3-8-lh\/\" \/>\n<meta property=\"og:site_name\" content=\"Recambios EcoGas\" \/>\n<meta property=\"article:publisher\" content=\"https:\/\/www.facebook.com\/profile.php?id=100062419705358\" \/>\n<meta property=\"article:modified_time\" content=\"2026-03-26T10:55:39+00:00\" \/>\n<meta property=\"og:image\" content=\"https:\/\/recambiosecogas.com\/wp-content\/uploads\/2025\/01\/Valvula-de-alivio-externa-proteccion-contra-la-ruptura-de-la-manguera-Gas-LP-2-png.webp\" \/>\n\t<meta property=\"og:image:width\" content=\"1000\" \/>\n\t<meta property=\"og:image:height\" content=\"1000\" \/>\n\t<meta property=\"og:image:type\" content=\"image\/png\" \/>\n<meta name=\"twitter:card\" content=\"summary_large_image\" \/>\n<meta name=\"twitter:label1\" content=\"pre\u00e7o\" \/>\n\t<meta name=\"twitter:data1\" content=\"25,20&nbsp;&euro; (Sin IVA: 20,83&nbsp;&euro;)\" \/>\n\t<meta name=\"twitter:label2\" content=\"Disponibilidade\" \/>\n\t<meta name=\"twitter:data2\" content=\"Por encomenda\" \/>\n<script type=\"application\/ld+json\" class=\"yoast-schema-graph\">{\"@context\":\"https:\\\/\\\/schema.org\",\"@graph\":[{\"@type\":\"WebPage\",\"@id\":\"https:\\\/\\\/recambiosecogas.com\\\/pt-pt\\\/producto\\\/valvula-de-alivio-externa-proteccion-contra-la-ruptura-de-la-manguera-gas-lp-propano-butano-g-8-w21-8-x-1-814-l-h-x-3-8-lh\\\/\",\"url\":\"https:\\\/\\\/recambiosecogas.com\\\/pt-pt\\\/producto\\\/valvula-de-alivio-externa-proteccion-contra-la-ruptura-de-la-manguera-gas-lp-propano-butano-g-8-w21-8-x-1-814-l-h-x-3-8-lh\\\/\",\"name\":\"V\u00e1lvula de Alivio Externa G.8 W21.8 x 1.814 | Recambios Ecogas\",\"isPartOf\":{\"@id\":\"https:\\\/\\\/recambiosecogas.com\\\/pt-pt\\\/#website\"},\"primaryImageOfPage\":{\"@id\":\"https:\\\/\\\/recambiosecogas.com\\\/pt-pt\\\/producto\\\/valvula-de-alivio-externa-proteccion-contra-la-ruptura-de-la-manguera-gas-lp-propano-butano-g-8-w21-8-x-1-814-l-h-x-3-8-lh\\\/#primaryimage\"},\"image\":{\"@id\":\"https:\\\/\\\/recambiosecogas.com\\\/pt-pt\\\/producto\\\/valvula-de-alivio-externa-proteccion-contra-la-ruptura-de-la-manguera-gas-lp-propano-butano-g-8-w21-8-x-1-814-l-h-x-3-8-lh\\\/#primaryimage\"},\"thumbnailUrl\":\"https:\\\/\\\/recambiosecogas.com\\\/wp-content\\\/uploads\\\/2025\\\/01\\\/Valvula-de-alivio-externa-proteccion-contra-la-ruptura-de-la-manguera-Gas-LP-2-png.webp\",\"datePublished\":\"2025-01-21T09:40:58+00:00\",\"dateModified\":\"2026-03-26T10:55:39+00:00\",\"description\":\"V\u00e1lvula de alivio externa G.8 W21.8 x 1.814, ideal para sistemas de gas LP. Aumenta la seguridad y previene fugas en instalaciones de Autogas.\",\"breadcrumb\":{\"@id\":\"https:\\\/\\\/recambiosecogas.com\\\/pt-pt\\\/producto\\\/valvula-de-alivio-externa-proteccion-contra-la-ruptura-de-la-manguera-gas-lp-propano-butano-g-8-w21-8-x-1-814-l-h-x-3-8-lh\\\/#breadcrumb\"},\"inLanguage\":\"pt-PT\",\"potentialAction\":[{\"@type\":\"ReadAction\",\"target\":[\"https:\\\/\\\/recambiosecogas.com\\\/pt-pt\\\/producto\\\/valvula-de-alivio-externa-proteccion-contra-la-ruptura-de-la-manguera-gas-lp-propano-butano-g-8-w21-8-x-1-814-l-h-x-3-8-lh\\\/\"]}]},{\"@type\":\"ImageObject\",\"inLanguage\":\"pt-PT\",\"@id\":\"https:\\\/\\\/recambiosecogas.com\\\/pt-pt\\\/producto\\\/valvula-de-alivio-externa-proteccion-contra-la-ruptura-de-la-manguera-gas-lp-propano-butano-g-8-w21-8-x-1-814-l-h-x-3-8-lh\\\/#primaryimage\",\"url\":\"https:\\\/\\\/recambiosecogas.com\\\/wp-content\\\/uploads\\\/2025\\\/01\\\/Valvula-de-alivio-externa-proteccion-contra-la-ruptura-de-la-manguera-Gas-LP-2-png.webp\",\"contentUrl\":\"https:\\\/\\\/recambiosecogas.com\\\/wp-content\\\/uploads\\\/2025\\\/01\\\/Valvula-de-alivio-externa-proteccion-contra-la-ruptura-de-la-manguera-Gas-LP-2-png.webp\",\"width\":1000,\"height\":1000},{\"@type\":\"BreadcrumbList\",\"@id\":\"https:\\\/\\\/recambiosecogas.com\\\/pt-pt\\\/producto\\\/valvula-de-alivio-externa-proteccion-contra-la-ruptura-de-la-manguera-gas-lp-propano-butano-g-8-w21-8-x-1-814-l-h-x-3-8-lh\\\/#breadcrumb\",\"itemListElement\":[{\"@type\":\"ListItem\",\"position\":1,\"name\":\"P\u00e1gina inicial\",\"item\":\"https:\\\/\\\/recambiosecogas.com\\\/pt-pt\\\/\"},{\"@type\":\"ListItem\",\"position\":2,\"name\":\"Loja\",\"item\":\"https:\\\/\\\/recambiosecogas.com\\\/pt-pt\\\/tienda\\\/\"},{\"@type\":\"ListItem\",\"position\":3,\"name\":\"V\u00e1lvula de alivio externa, protecci\u00f3n contra la ruptura de la manguera Gas LP (propano\\\/butano) G.8 W21.8 x 1.814 &#8211; L.H x 3\\\/8 &#8220;LH\"}]},{\"@type\":\"WebSite\",\"@id\":\"https:\\\/\\\/recambiosecogas.com\\\/pt-pt\\\/#website\",\"url\":\"https:\\\/\\\/recambiosecogas.com\\\/pt-pt\\\/\",\"name\":\"Recambios EcoGas\",\"description\":\"Pe\u00e7as multimarca para sistemas de GPL\\\/GNC\\\/GNL\\\/Hidrog\u00e9nio\",\"publisher\":{\"@id\":\"https:\\\/\\\/recambiosecogas.com\\\/pt-pt\\\/#organization\"},\"alternateName\":\"Recambios Autogas GLP\",\"potentialAction\":[{\"@type\":\"SearchAction\",\"target\":{\"@type\":\"EntryPoint\",\"urlTemplate\":\"https:\\\/\\\/recambiosecogas.com\\\/pt-pt\\\/?s={search_term_string}\"},\"query-input\":{\"@type\":\"PropertyValueSpecification\",\"valueRequired\":true,\"valueName\":\"search_term_string\"}}],\"inLanguage\":\"pt-PT\"},{\"@type\":[\"Organization\",\"Place\"],\"@id\":\"https:\\\/\\\/recambiosecogas.com\\\/pt-pt\\\/#organization\",\"name\":\"Recambios EcoGas\",\"alternateName\":\"Loja de GPL Autog\u00e1s Espanha\",\"url\":\"https:\\\/\\\/recambiosecogas.com\\\/pt-pt\\\/\",\"logo\":{\"@id\":\"https:\\\/\\\/recambiosecogas.com\\\/pt-pt\\\/producto\\\/valvula-de-alivio-externa-proteccion-contra-la-ruptura-de-la-manguera-gas-lp-propano-butano-g-8-w21-8-x-1-814-l-h-x-3-8-lh\\\/#local-main-organization-logo\"},\"image\":{\"@id\":\"https:\\\/\\\/recambiosecogas.com\\\/pt-pt\\\/producto\\\/valvula-de-alivio-externa-proteccion-contra-la-ruptura-de-la-manguera-gas-lp-propano-butano-g-8-w21-8-x-1-814-l-h-x-3-8-lh\\\/#local-main-organization-logo\"},\"sameAs\":[\"https:\\\/\\\/www.facebook.com\\\/profile.php?id=100062419705358\",\"https:\\\/\\\/www.instagram.com\\\/segimon_automocio\"],\"description\":\"Recambios EcoGas \u2013 Venta y distribuci\u00f3n de sistemas GLP y GNC en Espa\u00f1a y Portugal. Env\u00edos 24 h, soporte t\u00e9cnico a talleres y distribuidores.\",\"hasMerchantReturnPolicy\":{\"@type\":\"MerchantReturnPolicy\",\"merchantReturnLink\":\"https:\\\/\\\/recambiosecogas.com\\\/politicas-privacidad\\\/\"},\"address\":{\"@id\":\"https:\\\/\\\/recambiosecogas.com\\\/pt-pt\\\/producto\\\/valvula-de-alivio-externa-proteccion-contra-la-ruptura-de-la-manguera-gas-lp-propano-butano-g-8-w21-8-x-1-814-l-h-x-3-8-lh\\\/#local-main-place-address\"},\"telephone\":[\"616250633\"],\"contactPoint\":{\"@type\":\"ContactPoint\",\"email\":\"export@recambiosecogas.com\"},\"openingHoursSpecification\":[{\"@type\":\"OpeningHoursSpecification\",\"dayOfWeek\":[\"Monday\",\"Tuesday\",\"Wednesday\",\"Thursday\",\"Friday\",\"Saturday\",\"Sunday\"],\"opens\":\"09:00\",\"closes\":\"17:00\"}],\"email\":\"info@recambiosecogas.com\",\"faxNumber\":\"SEGIMON AUTOMOCION SL\",\"vatID\":\"ESB19819861\",\"globalLocationNumber\":\"938 616 339\"},{\"@type\":\"PostalAddress\",\"@id\":\"https:\\\/\\\/recambiosecogas.com\\\/pt-pt\\\/producto\\\/valvula-de-alivio-externa-proteccion-contra-la-ruptura-de-la-manguera-gas-lp-propano-butano-g-8-w21-8-x-1-814-l-h-x-3-8-lh\\\/#local-main-place-address\",\"streetAddress\":\"cami antic de vic, 29 (Nave 3), Pol\u00edgono Industrial Congost\",\"addressLocality\":\"CORRO D`AVALL\",\"postalCode\":\"08520\",\"addressRegion\":\"Barcelona\",\"addressCountry\":\"ES\"},{\"@type\":\"ImageObject\",\"inLanguage\":\"pt-PT\",\"@id\":\"https:\\\/\\\/recambiosecogas.com\\\/pt-pt\\\/producto\\\/valvula-de-alivio-externa-proteccion-contra-la-ruptura-de-la-manguera-gas-lp-propano-butano-g-8-w21-8-x-1-814-l-h-x-3-8-lh\\\/#local-main-organization-logo\",\"url\":\"https:\\\/\\\/recambiosecogas.com\\\/wp-content\\\/uploads\\\/2024\\\/11\\\/cropped-RECAMBIOS-GLP-png.webp\",\"contentUrl\":\"https:\\\/\\\/recambiosecogas.com\\\/wp-content\\\/uploads\\\/2024\\\/11\\\/cropped-RECAMBIOS-GLP-png.webp\",\"width\":512,\"height\":512,\"caption\":\"Recambios EcoGas\"}]}<\/script>\n<meta property=\"product:price:amount\" content=\"25.20\" \/>\n<meta property=\"product:price:currency\" content=\"EUR\" \/>\n<meta property=\"og:availability\" content=\"backorder\" \/>\n<meta property=\"product:availability\" content=\"available for order\" \/>\n<meta property=\"product:retailer_item_id\" content=\"112461A\" \/>\n<meta property=\"product:condition\" content=\"new\" \/>\n<meta name=\"geo.placename\" content=\"CORRO D`AVALL\" \/>\n<meta name=\"geo.region\" content=\"Espanha\" \/>\n<!-- \/ Yoast SEO Premium plugin. -->","yoast_head_json":{"title":"V\u00e1lvula de Alivio Externa G.8 W21.8 x 1.814 | Recambios Ecogas","description":"V\u00e1lvula de alivio externa G.8 W21.8 x 1.814, ideal para sistemas de gas LP. Aumenta la seguridad y previene fugas en instalaciones de Autogas.","robots":{"index":"index","follow":"follow","max-snippet":"max-snippet:-1","max-image-preview":"max-image-preview:large","max-video-preview":"max-video-preview:-1"},"canonical":"https:\/\/recambiosecogas.com\/pt-pt\/producto\/valvula-de-alivio-externa-proteccion-contra-la-ruptura-de-la-manguera-gas-lp-propano-butano-g-8-w21-8-x-1-814-l-h-x-3-8-lh\/","og_locale":"pt_PT","og_type":"article","og_title":"V\u00e1lvula de alivio externa, protecci\u00f3n contra la ruptura de la manguera Gas LP (propano\/butano) G.8 W21.8 x 1.814 - L.H x 3\/8 \"LH","og_description":"V\u00e1lvula de alivio externa G.8 W21.8 x 1.814, ideal para sistemas de gas LP. Aumenta la seguridad y previene fugas en instalaciones de Autogas.","og_url":"https:\/\/recambiosecogas.com\/pt-pt\/producto\/valvula-de-alivio-externa-proteccion-contra-la-ruptura-de-la-manguera-gas-lp-propano-butano-g-8-w21-8-x-1-814-l-h-x-3-8-lh\/","og_site_name":"Recambios EcoGas","article_publisher":"https:\/\/www.facebook.com\/profile.php?id=100062419705358","article_modified_time":"2026-03-26T10:55:39+00:00","og_image":[{"width":1000,"height":1000,"url":"https:\/\/recambiosecogas.com\/wp-content\/uploads\/2025\/01\/Valvula-de-alivio-externa-proteccion-contra-la-ruptura-de-la-manguera-Gas-LP-2-png.webp","type":"image\/png"}],"twitter_card":"summary_large_image","twitter_misc":{"pre\u00e7o":"25,20&nbsp;&euro; (Sin IVA: 20,83&nbsp;&euro;)","Disponibilidade":"Por encomenda"},"schema":{"@context":"https:\/\/schema.org","@graph":[{"@type":"WebPage","@id":"https:\/\/recambiosecogas.com\/pt-pt\/producto\/valvula-de-alivio-externa-proteccion-contra-la-ruptura-de-la-manguera-gas-lp-propano-butano-g-8-w21-8-x-1-814-l-h-x-3-8-lh\/","url":"https:\/\/recambiosecogas.com\/pt-pt\/producto\/valvula-de-alivio-externa-proteccion-contra-la-ruptura-de-la-manguera-gas-lp-propano-butano-g-8-w21-8-x-1-814-l-h-x-3-8-lh\/","name":"V\u00e1lvula de Alivio Externa G.8 W21.8 x 1.814 | Recambios Ecogas","isPartOf":{"@id":"https:\/\/recambiosecogas.com\/pt-pt\/#website"},"primaryImageOfPage":{"@id":"https:\/\/recambiosecogas.com\/pt-pt\/producto\/valvula-de-alivio-externa-proteccion-contra-la-ruptura-de-la-manguera-gas-lp-propano-butano-g-8-w21-8-x-1-814-l-h-x-3-8-lh\/#primaryimage"},"image":{"@id":"https:\/\/recambiosecogas.com\/pt-pt\/producto\/valvula-de-alivio-externa-proteccion-contra-la-ruptura-de-la-manguera-gas-lp-propano-butano-g-8-w21-8-x-1-814-l-h-x-3-8-lh\/#primaryimage"},"thumbnailUrl":"https:\/\/recambiosecogas.com\/wp-content\/uploads\/2025\/01\/Valvula-de-alivio-externa-proteccion-contra-la-ruptura-de-la-manguera-Gas-LP-2-png.webp","datePublished":"2025-01-21T09:40:58+00:00","dateModified":"2026-03-26T10:55:39+00:00","description":"V\u00e1lvula de alivio externa G.8 W21.8 x 1.814, ideal para sistemas de gas LP. Aumenta la seguridad y previene fugas en instalaciones de Autogas.","breadcrumb":{"@id":"https:\/\/recambiosecogas.com\/pt-pt\/producto\/valvula-de-alivio-externa-proteccion-contra-la-ruptura-de-la-manguera-gas-lp-propano-butano-g-8-w21-8-x-1-814-l-h-x-3-8-lh\/#breadcrumb"},"inLanguage":"pt-PT","potentialAction":[{"@type":"ReadAction","target":["https:\/\/recambiosecogas.com\/pt-pt\/producto\/valvula-de-alivio-externa-proteccion-contra-la-ruptura-de-la-manguera-gas-lp-propano-butano-g-8-w21-8-x-1-814-l-h-x-3-8-lh\/"]}]},{"@type":"ImageObject","inLanguage":"pt-PT","@id":"https:\/\/recambiosecogas.com\/pt-pt\/producto\/valvula-de-alivio-externa-proteccion-contra-la-ruptura-de-la-manguera-gas-lp-propano-butano-g-8-w21-8-x-1-814-l-h-x-3-8-lh\/#primaryimage","url":"https:\/\/recambiosecogas.com\/wp-content\/uploads\/2025\/01\/Valvula-de-alivio-externa-proteccion-contra-la-ruptura-de-la-manguera-Gas-LP-2-png.webp","contentUrl":"https:\/\/recambiosecogas.com\/wp-content\/uploads\/2025\/01\/Valvula-de-alivio-externa-proteccion-contra-la-ruptura-de-la-manguera-Gas-LP-2-png.webp","width":1000,"height":1000},{"@type":"BreadcrumbList","@id":"https:\/\/recambiosecogas.com\/pt-pt\/producto\/valvula-de-alivio-externa-proteccion-contra-la-ruptura-de-la-manguera-gas-lp-propano-butano-g-8-w21-8-x-1-814-l-h-x-3-8-lh\/#breadcrumb","itemListElement":[{"@type":"ListItem","position":1,"name":"P\u00e1gina inicial","item":"https:\/\/recambiosecogas.com\/pt-pt\/"},{"@type":"ListItem","position":2,"name":"Loja","item":"https:\/\/recambiosecogas.com\/pt-pt\/tienda\/"},{"@type":"ListItem","position":3,"name":"V\u00e1lvula de alivio externa, protecci\u00f3n contra la ruptura de la manguera Gas LP (propano\/butano) G.8 W21.8 x 1.814 &#8211; L.H x 3\/8 &#8220;LH"}]},{"@type":"WebSite","@id":"https:\/\/recambiosecogas.com\/pt-pt\/#website","url":"https:\/\/recambiosecogas.com\/pt-pt\/","name":"Recambios EcoGas","description":"Pe\u00e7as multimarca para sistemas de GPL\/GNC\/GNL\/Hidrog\u00e9nio","publisher":{"@id":"https:\/\/recambiosecogas.com\/pt-pt\/#organization"},"alternateName":"Recambios Autogas GLP","potentialAction":[{"@type":"SearchAction","target":{"@type":"EntryPoint","urlTemplate":"https:\/\/recambiosecogas.com\/pt-pt\/?s={search_term_string}"},"query-input":{"@type":"PropertyValueSpecification","valueRequired":true,"valueName":"search_term_string"}}],"inLanguage":"pt-PT"},{"@type":["Organization","Place"],"@id":"https:\/\/recambiosecogas.com\/pt-pt\/#organization","name":"Recambios EcoGas","alternateName":"Loja de GPL Autog\u00e1s Espanha","url":"https:\/\/recambiosecogas.com\/pt-pt\/","logo":{"@id":"https:\/\/recambiosecogas.com\/pt-pt\/producto\/valvula-de-alivio-externa-proteccion-contra-la-ruptura-de-la-manguera-gas-lp-propano-butano-g-8-w21-8-x-1-814-l-h-x-3-8-lh\/#local-main-organization-logo"},"image":{"@id":"https:\/\/recambiosecogas.com\/pt-pt\/producto\/valvula-de-alivio-externa-proteccion-contra-la-ruptura-de-la-manguera-gas-lp-propano-butano-g-8-w21-8-x-1-814-l-h-x-3-8-lh\/#local-main-organization-logo"},"sameAs":["https:\/\/www.facebook.com\/profile.php?id=100062419705358","https:\/\/www.instagram.com\/segimon_automocio"],"description":"Recambios EcoGas \u2013 Venta y distribuci\u00f3n de sistemas GLP y GNC en Espa\u00f1a y Portugal. Env\u00edos 24 h, soporte t\u00e9cnico a talleres y distribuidores.","hasMerchantReturnPolicy":{"@type":"MerchantReturnPolicy","merchantReturnLink":"https:\/\/recambiosecogas.com\/politicas-privacidad\/"},"address":{"@id":"https:\/\/recambiosecogas.com\/pt-pt\/producto\/valvula-de-alivio-externa-proteccion-contra-la-ruptura-de-la-manguera-gas-lp-propano-butano-g-8-w21-8-x-1-814-l-h-x-3-8-lh\/#local-main-place-address"},"telephone":["616250633"],"contactPoint":{"@type":"ContactPoint","email":"export@recambiosecogas.com"},"openingHoursSpecification":[{"@type":"OpeningHoursSpecification","dayOfWeek":["Monday","Tuesday","Wednesday","Thursday","Friday","Saturday","Sunday"],"opens":"09:00","closes":"17:00"}],"email":"info@recambiosecogas.com","faxNumber":"SEGIMON AUTOMOCION SL","vatID":"ESB19819861","globalLocationNumber":"938 616 339"},{"@type":"PostalAddress","@id":"https:\/\/recambiosecogas.com\/pt-pt\/producto\/valvula-de-alivio-externa-proteccion-contra-la-ruptura-de-la-manguera-gas-lp-propano-butano-g-8-w21-8-x-1-814-l-h-x-3-8-lh\/#local-main-place-address","streetAddress":"cami antic de vic, 29 (Nave 3), Pol\u00edgono Industrial Congost","addressLocality":"CORRO D`AVALL","postalCode":"08520","addressRegion":"Barcelona","addressCountry":"ES"},{"@type":"ImageObject","inLanguage":"pt-PT","@id":"https:\/\/recambiosecogas.com\/pt-pt\/producto\/valvula-de-alivio-externa-proteccion-contra-la-ruptura-de-la-manguera-gas-lp-propano-butano-g-8-w21-8-x-1-814-l-h-x-3-8-lh\/#local-main-organization-logo","url":"https:\/\/recambiosecogas.com\/wp-content\/uploads\/2024\/11\/cropped-RECAMBIOS-GLP-png.webp","contentUrl":"https:\/\/recambiosecogas.com\/wp-content\/uploads\/2024\/11\/cropped-RECAMBIOS-GLP-png.webp","width":512,"height":512,"caption":"Recambios EcoGas"}]},"product_price_amount":"25.20","product_price_currency":"EUR","og_availability":"backorder","product_availability":"available for order","product_retailer_item_id":"112461A","product_condition":"new","geo.placename":"CORRO D`AVALL","geo.region":"Espanha"},"uagb_featured_image_src":{"full":["https:\/\/recambiosecogas.com\/wp-content\/uploads\/2025\/01\/Valvula-de-alivio-externa-proteccion-contra-la-ruptura-de-la-manguera-Gas-LP-2-png.webp",1000,1000,false],"thumbnail":["https:\/\/recambiosecogas.com\/wp-content\/uploads\/2025\/01\/Valvula-de-alivio-externa-proteccion-contra-la-ruptura-de-la-manguera-Gas-LP-2-150x150.webp",150,150,true],"medium":["https:\/\/recambiosecogas.com\/wp-content\/uploads\/2025\/01\/Valvula-de-alivio-externa-proteccion-contra-la-ruptura-de-la-manguera-Gas-LP-2-300x300.webp",300,300,true],"medium_large":["https:\/\/recambiosecogas.com\/wp-content\/uploads\/2025\/01\/Valvula-de-alivio-externa-proteccion-contra-la-ruptura-de-la-manguera-Gas-LP-2-768x768.webp",768,768,true],"large":["https:\/\/recambiosecogas.com\/wp-content\/uploads\/2025\/01\/Valvula-de-alivio-externa-proteccion-contra-la-ruptura-de-la-manguera-Gas-LP-2-png.webp",1000,1000,false],"1536x1536":["https:\/\/recambiosecogas.com\/wp-content\/uploads\/2025\/01\/Valvula-de-alivio-externa-proteccion-contra-la-ruptura-de-la-manguera-Gas-LP-2-png.webp",1000,1000,false],"2048x2048":["https:\/\/recambiosecogas.com\/wp-content\/uploads\/2025\/01\/Valvula-de-alivio-externa-proteccion-contra-la-ruptura-de-la-manguera-Gas-LP-2-png.webp",1000,1000,false],"woocommerce_archive_thumbnail":["https:\/\/recambiosecogas.com\/wp-content\/uploads\/2025\/01\/Valvula-de-alivio-externa-proteccion-contra-la-ruptura-de-la-manguera-Gas-LP-2-png.webp",1000,1000,false],"woocommerce_thumbnail":["https:\/\/recambiosecogas.com\/wp-content\/uploads\/2025\/01\/Valvula-de-alivio-externa-proteccion-contra-la-ruptura-de-la-manguera-Gas-LP-2-300x300.webp",300,300,true],"woocommerce_single":["https:\/\/recambiosecogas.com\/wp-content\/uploads\/2025\/01\/Valvula-de-alivio-externa-proteccion-contra-la-ruptura-de-la-manguera-Gas-LP-2-png.webp",1000,1000,false],"woocommerce_gallery_thumbnail":["https:\/\/recambiosecogas.com\/wp-content\/uploads\/2025\/01\/Valvula-de-alivio-externa-proteccion-contra-la-ruptura-de-la-manguera-Gas-LP-2-png.webp",1000,1000,false],"dgwt-wcas-product-suggestion":["https:\/\/recambiosecogas.com\/wp-content\/uploads\/2025\/01\/Valvula-de-alivio-externa-proteccion-contra-la-ruptura-de-la-manguera-Gas-LP-2-64x64.webp",64,64,true]},"uagb_author_info":{"display_name":"Fran - Soporte T\u00e9cnico","author_link":"https:\/\/recambiosecogas.com\/pt-pt\/author\/"},"uagb_comment_info":0,"uagb_excerpt":"SONSTIGES","_links":{"self":[{"href":"https:\/\/recambiosecogas.com\/pt-pt\/wp-json\/wp\/v2\/product\/15845","targetHints":{"allow":["GET"]}}],"collection":[{"href":"https:\/\/recambiosecogas.com\/pt-pt\/wp-json\/wp\/v2\/product"}],"about":[{"href":"https:\/\/recambiosecogas.com\/pt-pt\/wp-json\/wp\/v2\/types\/product"}],"replies":[{"embeddable":true,"href":"https:\/\/recambiosecogas.com\/pt-pt\/wp-json\/wp\/v2\/comments?post=15845"}],"wp:featuredmedia":[{"embeddable":true,"href":"https:\/\/recambiosecogas.com\/pt-pt\/wp-json\/wp\/v2\/media\/16885"}],"wp:attachment":[{"href":"https:\/\/recambiosecogas.com\/pt-pt\/wp-json\/wp\/v2\/media?parent=15845"}],"wp:term":[{"taxonomy":"product_brand","embeddable":true,"href":"https:\/\/recambiosecogas.com\/pt-pt\/wp-json\/wp\/v2\/product_brand?post=15845"},{"taxonomy":"product_cat","embeddable":true,"href":"https:\/\/recambiosecogas.com\/pt-pt\/wp-json\/wp\/v2\/product_cat?post=15845"},{"taxonomy":"product_tag","embeddable":true,"href":"https:\/\/recambiosecogas.com\/pt-pt\/wp-json\/wp\/v2\/product_tag?post=15845"}],"curies":[{"name":"wp","href":"https:\/\/api.w.org\/{rel}","templated":true}]}}