{"id":15839,"date":"2025-01-21T10:40:54","date_gmt":"2025-01-21T09:40:54","guid":{"rendered":"https:\/\/recambiosecogas.com\/producto\/valvula-de-rebose-externa-proteccion-contra-rotura-de-manguera-gas-glp-propano-butano-g-4-w21-8-x-1-14-l-h-conector-1-din-477-x-3-8\/"},"modified":"2026-03-26T11:55:30","modified_gmt":"2026-03-26T10:55:30","slug":"valvula-de-rebose-externa-proteccion-contra-rotura-de-manguera-gas-glp-propano-butano-g-4-w21-8-x-1-14-l-h-conector-1-din-477-x-3-8","status":"publish","type":"product","link":"https:\/\/recambiosecogas.com\/pt-pt\/producto\/valvula-de-rebose-externa-proteccion-contra-rotura-de-manguera-gas-glp-propano-butano-g-4-w21-8-x-1-14-l-h-conector-1-din-477-x-3-8\/","title":{"rendered":"V\u00e1lvula de rebose externa, protecci\u00f3n contra rotura de manguera Gas GLP (propano\/ butano) G.4 W21.8 x 1\/14 L.H. (Conector 1 DIN 477) x 3\/8"},"content":{"rendered":"<p>La v\u00e1lvula de exceso de flujo (EFV) interrumpe autom\u00e1ticamente el flujo de gas en cuanto se supera la presi\u00f3n nominal en un 10%. La v\u00e1lvula de cierre de emergencia para bombonas de propano evita as\u00ed una fuga de gas incontrolada.<\/p>\n<p>El dispositivo de cierre se enrosca directamente en la conexi\u00f3n de extracci\u00f3n de la bombona de gas. El regulador de glp o una manguera de alta presi\u00f3n se enrosca en la salida del dispositivo de cierre.<\/p>\n<p>La v\u00e1lvula de desbordamiento es vers\u00e1til y aumenta la seguridad en el funcionamiento del gas, entre otras cosas:<\/p>\n<p>&#8211; artesan\u00eda<\/p>\n<p>&#8211; ocio (barbacoas, calefactores radiantes, etc.)<\/p>\n<p>&#8211; instalaciones de gas en campers, caravanas, barcos o autocaravanas<\/p>\n<p>&#8211; instalaciones comerciales de gas (food trucks, catering)<\/p>\n<p>Conexi\u00f3n cilindro de gas\u00a0<strong>G.4 W21.8 x 1\/14 L.H. (Conector 1 DIN 477)<\/strong><\/p>\n<p>Salida\u00a0<strong>3\/8&#8243; rosca izquierda<\/strong><\/p>\n<p>Material\u00a0<strong>lat\u00f3n<\/strong><\/p>\n<p>Aplicaci\u00f3n entre otros\u00a0<strong>Alemania, Austria, Polonia, Rusia, Finlandia, Eslovenia, Dinamarca, Rep\u00fablica Checa<\/strong><\/p>\n<p>La <strong>v\u00e1lvula de rebose externa GLP G.4 W21.8 x 1\/14 L.H.<\/strong> es un componente esencial para garantizar la seguridad en las instalaciones de gas. Este dispositivo interrumpe autom\u00e1ticamente el flujo de gas al superar la presi\u00f3n nominal en un 10%, evitando as\u00ed fugas incontroladas y garantizando un funcionamiento seguro en sistemas de <strong>Autogas<\/strong>.<\/p>\n<p>La v\u00e1lvula se enrosca directamente en la conexi\u00f3n de extracci\u00f3n de la bombona de gas, permitiendo que un regulador de GLP o una manguera de alta presi\u00f3n se conecten a su salida. Este dise\u00f1o asegura un sellado efectivo y una operaci\u00f3n confiable en diversas aplicaciones, incluyendo instalaciones en campers, caravanas, barcos y sistemas comerciales de gas como food trucks.<\/p>\n<p>Su versatilidad la hace ideal para diferentes usos, desde actividades recreativas como barbacoas y calefactores radiantes, hasta aplicaciones industriales. La v\u00e1lvula de desbordamiento est\u00e1 fabricada en <strong>lat\u00f3n<\/strong>, un material conocido por su resistencia y durabilidad, lo que la convierte en una opci\u00f3n confiable para el manejo de gas.<\/p>\n<p>Es importante reemplazar la v\u00e1lvula si se presentan signos de desgaste, ya que un componente defectuoso puede comprometer la seguridad del sistema de gas. La conexi\u00f3n de la v\u00e1lvula es de tipo <strong>G.4 W21.8 x 1\/14 L.H.<\/strong> y la salida es de <strong>3\/8&#8243; rosca izquierda<\/strong>, asegurando compatibilidad con una amplia gama de instalaciones.<\/p>\n<h4>Datos t\u00e9cnicos<\/h4>\n<p>Conexi\u00f3n cilindro de gas: <strong>G.4 W21.8 x 1\/14 L.H.<\/strong>. Salida: <strong>3\/8&#8243; rosca izquierda<\/strong>. Material: <strong>lat\u00f3n<\/strong>.<\/p>\n<h4>S\u00edntomas de fallo<\/h4>\n<ul>\n<li>Fugas de gas en la conexi\u00f3n<\/li>\n<li>Incapacidad para interrumpir el flujo de gas<\/li>\n<li>Ruidos inusuales durante el funcionamiento<\/li>\n<li>Presi\u00f3n de gas inestable<\/li>\n<\/ul>\n<h4>Compatibilidad<\/h4>\n<p>Compatible con instalaciones de gas en campers, caravanas y sistemas comerciales de Autogas. Se recomienda verificar la referencia original antes de realizar la compra.<\/p>\n","protected":false},"excerpt":{"rendered":"<p>SONSTIGES<\/p>\n","protected":false},"featured_media":17569,"comment_status":"open","ping_status":"closed","template":"","meta":{"_uag_custom_page_level_css":""},"product_brand":[],"product_cat":[428,433],"product_tag":[],"class_list":{"0":"post-15839","1":"product","2":"type-product","3":"status-publish","4":"has-post-thumbnail","6":"product_cat-mangueras-autocaravanas","7":"product_cat-proteccion-contra-ruptura-de-mangueras","9":"first","10":"onbackorder","11":"taxable","12":"shipping-taxable","13":"purchasable","14":"product-type-simple"},"ct_brands":[],"yoast_head":"<!-- This site is optimized with the Yoast SEO Premium plugin v27.4 (Yoast SEO v27.5) - https:\/\/yoast.com\/product\/yoast-seo-premium-wordpress\/ -->\n<title>V\u00e1lvula de Rebose Externa GLP G.4 W21.8 x 1\/14 L.H. | Recambios Ecogas<\/title>\n<meta name=\"description\" content=\"V\u00e1lvula de rebose externa para gas GLP, ideal para instalaciones de Autogas en campers y caravanas. Conexi\u00f3n G.4 W21.8 x 1\/14 L.H.\" \/>\n<meta name=\"robots\" content=\"index, follow, max-snippet:-1, max-image-preview:large, max-video-preview:-1\" \/>\n<link rel=\"canonical\" href=\"https:\/\/recambiosecogas.com\/pt-pt\/producto\/valvula-de-rebose-externa-proteccion-contra-rotura-de-manguera-gas-glp-propano-butano-g-4-w21-8-x-1-14-l-h-conector-1-din-477-x-3-8\/\" \/>\n<meta property=\"og:locale\" content=\"pt_PT\" \/>\n<meta property=\"og:type\" content=\"article\" \/>\n<meta property=\"og:title\" content=\"V\u00e1lvula de rebose externa, protecci\u00f3n contra rotura de manguera Gas GLP (propano\/ butano) G.4 W21.8 x 1\/14 L.H. (Conector 1 DIN 477) x 3\/8\" \/>\n<meta property=\"og:description\" content=\"V\u00e1lvula de rebose externa para gas GLP, ideal para instalaciones de Autogas en campers y caravanas. Conexi\u00f3n G.4 W21.8 x 1\/14 L.H.\" \/>\n<meta property=\"og:url\" content=\"https:\/\/recambiosecogas.com\/pt-pt\/producto\/valvula-de-rebose-externa-proteccion-contra-rotura-de-manguera-gas-glp-propano-butano-g-4-w21-8-x-1-14-l-h-conector-1-din-477-x-3-8\/\" \/>\n<meta property=\"og:site_name\" content=\"Recambios EcoGas\" \/>\n<meta property=\"article:publisher\" content=\"https:\/\/www.facebook.com\/profile.php?id=100062419705358\" \/>\n<meta property=\"article:modified_time\" content=\"2026-03-26T10:55:30+00:00\" \/>\n<meta property=\"og:image\" content=\"https:\/\/recambiosecogas.com\/wp-content\/uploads\/2025\/02\/imagen-no-disponible-recambios-ecogas-png.webp\" \/>\n\t<meta property=\"og:image:width\" content=\"1000\" \/>\n\t<meta property=\"og:image:height\" content=\"1000\" \/>\n\t<meta property=\"og:image:type\" content=\"image\/png\" \/>\n<meta name=\"twitter:card\" content=\"summary_large_image\" \/>\n<meta name=\"twitter:label1\" content=\"pre\u00e7o\" \/>\n\t<meta name=\"twitter:data1\" content=\"25,20&nbsp;&euro; (Sin IVA: 20,83&nbsp;&euro;)\" \/>\n\t<meta name=\"twitter:label2\" content=\"Disponibilidade\" \/>\n\t<meta name=\"twitter:data2\" content=\"Por encomenda\" \/>\n<script type=\"application\/ld+json\" class=\"yoast-schema-graph\">{\"@context\":\"https:\\\/\\\/schema.org\",\"@graph\":[{\"@type\":\"WebPage\",\"@id\":\"https:\\\/\\\/recambiosecogas.com\\\/pt-pt\\\/producto\\\/valvula-de-rebose-externa-proteccion-contra-rotura-de-manguera-gas-glp-propano-butano-g-4-w21-8-x-1-14-l-h-conector-1-din-477-x-3-8\\\/\",\"url\":\"https:\\\/\\\/recambiosecogas.com\\\/pt-pt\\\/producto\\\/valvula-de-rebose-externa-proteccion-contra-rotura-de-manguera-gas-glp-propano-butano-g-4-w21-8-x-1-14-l-h-conector-1-din-477-x-3-8\\\/\",\"name\":\"V\u00e1lvula de Rebose Externa GLP G.4 W21.8 x 1\\\/14 L.H. | Recambios Ecogas\",\"isPartOf\":{\"@id\":\"https:\\\/\\\/recambiosecogas.com\\\/pt-pt\\\/#website\"},\"primaryImageOfPage\":{\"@id\":\"https:\\\/\\\/recambiosecogas.com\\\/pt-pt\\\/producto\\\/valvula-de-rebose-externa-proteccion-contra-rotura-de-manguera-gas-glp-propano-butano-g-4-w21-8-x-1-14-l-h-conector-1-din-477-x-3-8\\\/#primaryimage\"},\"image\":{\"@id\":\"https:\\\/\\\/recambiosecogas.com\\\/pt-pt\\\/producto\\\/valvula-de-rebose-externa-proteccion-contra-rotura-de-manguera-gas-glp-propano-butano-g-4-w21-8-x-1-14-l-h-conector-1-din-477-x-3-8\\\/#primaryimage\"},\"thumbnailUrl\":\"https:\\\/\\\/recambiosecogas.com\\\/wp-content\\\/uploads\\\/2025\\\/02\\\/imagen-no-disponible-recambios-ecogas-png.webp\",\"datePublished\":\"2025-01-21T09:40:54+00:00\",\"dateModified\":\"2026-03-26T10:55:30+00:00\",\"description\":\"V\u00e1lvula de rebose externa para gas GLP, ideal para instalaciones de Autogas en campers y caravanas. Conexi\u00f3n G.4 W21.8 x 1\\\/14 L.H.\",\"breadcrumb\":{\"@id\":\"https:\\\/\\\/recambiosecogas.com\\\/pt-pt\\\/producto\\\/valvula-de-rebose-externa-proteccion-contra-rotura-de-manguera-gas-glp-propano-butano-g-4-w21-8-x-1-14-l-h-conector-1-din-477-x-3-8\\\/#breadcrumb\"},\"inLanguage\":\"pt-PT\",\"potentialAction\":[{\"@type\":\"ReadAction\",\"target\":[\"https:\\\/\\\/recambiosecogas.com\\\/pt-pt\\\/producto\\\/valvula-de-rebose-externa-proteccion-contra-rotura-de-manguera-gas-glp-propano-butano-g-4-w21-8-x-1-14-l-h-conector-1-din-477-x-3-8\\\/\"]}]},{\"@type\":\"ImageObject\",\"inLanguage\":\"pt-PT\",\"@id\":\"https:\\\/\\\/recambiosecogas.com\\\/pt-pt\\\/producto\\\/valvula-de-rebose-externa-proteccion-contra-rotura-de-manguera-gas-glp-propano-butano-g-4-w21-8-x-1-14-l-h-conector-1-din-477-x-3-8\\\/#primaryimage\",\"url\":\"https:\\\/\\\/recambiosecogas.com\\\/wp-content\\\/uploads\\\/2025\\\/02\\\/imagen-no-disponible-recambios-ecogas-png.webp\",\"contentUrl\":\"https:\\\/\\\/recambiosecogas.com\\\/wp-content\\\/uploads\\\/2025\\\/02\\\/imagen-no-disponible-recambios-ecogas-png.webp\",\"width\":1000,\"height\":1000},{\"@type\":\"BreadcrumbList\",\"@id\":\"https:\\\/\\\/recambiosecogas.com\\\/pt-pt\\\/producto\\\/valvula-de-rebose-externa-proteccion-contra-rotura-de-manguera-gas-glp-propano-butano-g-4-w21-8-x-1-14-l-h-conector-1-din-477-x-3-8\\\/#breadcrumb\",\"itemListElement\":[{\"@type\":\"ListItem\",\"position\":1,\"name\":\"P\u00e1gina inicial\",\"item\":\"https:\\\/\\\/recambiosecogas.com\\\/pt-pt\\\/\"},{\"@type\":\"ListItem\",\"position\":2,\"name\":\"Loja\",\"item\":\"https:\\\/\\\/recambiosecogas.com\\\/pt-pt\\\/tienda\\\/\"},{\"@type\":\"ListItem\",\"position\":3,\"name\":\"V\u00e1lvula de rebose externa, protecci\u00f3n contra rotura de manguera Gas GLP (propano\\\/ butano) G.4 W21.8 x 1\\\/14 L.H. (Conector 1 DIN 477) x 3\\\/8\"}]},{\"@type\":\"WebSite\",\"@id\":\"https:\\\/\\\/recambiosecogas.com\\\/pt-pt\\\/#website\",\"url\":\"https:\\\/\\\/recambiosecogas.com\\\/pt-pt\\\/\",\"name\":\"Recambios EcoGas\",\"description\":\"Pe\u00e7as multimarca para sistemas de GPL\\\/GNC\\\/GNL\\\/Hidrog\u00e9nio\",\"publisher\":{\"@id\":\"https:\\\/\\\/recambiosecogas.com\\\/pt-pt\\\/#organization\"},\"alternateName\":\"Recambios Autogas GLP\",\"potentialAction\":[{\"@type\":\"SearchAction\",\"target\":{\"@type\":\"EntryPoint\",\"urlTemplate\":\"https:\\\/\\\/recambiosecogas.com\\\/pt-pt\\\/?s={search_term_string}\"},\"query-input\":{\"@type\":\"PropertyValueSpecification\",\"valueRequired\":true,\"valueName\":\"search_term_string\"}}],\"inLanguage\":\"pt-PT\"},{\"@type\":[\"Organization\",\"Place\"],\"@id\":\"https:\\\/\\\/recambiosecogas.com\\\/pt-pt\\\/#organization\",\"name\":\"Recambios EcoGas\",\"alternateName\":\"Loja de GPL Autog\u00e1s Espanha\",\"url\":\"https:\\\/\\\/recambiosecogas.com\\\/pt-pt\\\/\",\"logo\":{\"@id\":\"https:\\\/\\\/recambiosecogas.com\\\/pt-pt\\\/producto\\\/valvula-de-rebose-externa-proteccion-contra-rotura-de-manguera-gas-glp-propano-butano-g-4-w21-8-x-1-14-l-h-conector-1-din-477-x-3-8\\\/#local-main-organization-logo\"},\"image\":{\"@id\":\"https:\\\/\\\/recambiosecogas.com\\\/pt-pt\\\/producto\\\/valvula-de-rebose-externa-proteccion-contra-rotura-de-manguera-gas-glp-propano-butano-g-4-w21-8-x-1-14-l-h-conector-1-din-477-x-3-8\\\/#local-main-organization-logo\"},\"sameAs\":[\"https:\\\/\\\/www.facebook.com\\\/profile.php?id=100062419705358\",\"https:\\\/\\\/www.instagram.com\\\/segimon_automocio\"],\"description\":\"Recambios EcoGas \u2013 Venta y distribuci\u00f3n de sistemas GLP y GNC en Espa\u00f1a y Portugal. Env\u00edos 24 h, soporte t\u00e9cnico a talleres y distribuidores.\",\"hasMerchantReturnPolicy\":{\"@type\":\"MerchantReturnPolicy\",\"merchantReturnLink\":\"https:\\\/\\\/recambiosecogas.com\\\/politicas-privacidad\\\/\"},\"address\":{\"@id\":\"https:\\\/\\\/recambiosecogas.com\\\/pt-pt\\\/producto\\\/valvula-de-rebose-externa-proteccion-contra-rotura-de-manguera-gas-glp-propano-butano-g-4-w21-8-x-1-14-l-h-conector-1-din-477-x-3-8\\\/#local-main-place-address\"},\"telephone\":[\"616250633\"],\"contactPoint\":{\"@type\":\"ContactPoint\",\"email\":\"export@recambiosecogas.com\"},\"openingHoursSpecification\":[{\"@type\":\"OpeningHoursSpecification\",\"dayOfWeek\":[\"Monday\",\"Tuesday\",\"Wednesday\",\"Thursday\",\"Friday\",\"Saturday\",\"Sunday\"],\"opens\":\"09:00\",\"closes\":\"17:00\"}],\"email\":\"info@recambiosecogas.com\",\"faxNumber\":\"SEGIMON AUTOMOCION SL\",\"vatID\":\"ESB19819861\",\"globalLocationNumber\":\"938 616 339\"},{\"@type\":\"PostalAddress\",\"@id\":\"https:\\\/\\\/recambiosecogas.com\\\/pt-pt\\\/producto\\\/valvula-de-rebose-externa-proteccion-contra-rotura-de-manguera-gas-glp-propano-butano-g-4-w21-8-x-1-14-l-h-conector-1-din-477-x-3-8\\\/#local-main-place-address\",\"streetAddress\":\"cami antic de vic, 29 (Nave 3), Pol\u00edgono Industrial Congost\",\"addressLocality\":\"CORRO D`AVALL\",\"postalCode\":\"08520\",\"addressRegion\":\"Barcelona\",\"addressCountry\":\"ES\"},{\"@type\":\"ImageObject\",\"inLanguage\":\"pt-PT\",\"@id\":\"https:\\\/\\\/recambiosecogas.com\\\/pt-pt\\\/producto\\\/valvula-de-rebose-externa-proteccion-contra-rotura-de-manguera-gas-glp-propano-butano-g-4-w21-8-x-1-14-l-h-conector-1-din-477-x-3-8\\\/#local-main-organization-logo\",\"url\":\"https:\\\/\\\/recambiosecogas.com\\\/wp-content\\\/uploads\\\/2024\\\/11\\\/cropped-RECAMBIOS-GLP-png.webp\",\"contentUrl\":\"https:\\\/\\\/recambiosecogas.com\\\/wp-content\\\/uploads\\\/2024\\\/11\\\/cropped-RECAMBIOS-GLP-png.webp\",\"width\":512,\"height\":512,\"caption\":\"Recambios EcoGas\"}]}<\/script>\n<meta property=\"product:price:amount\" content=\"25.20\" \/>\n<meta property=\"product:price:currency\" content=\"EUR\" \/>\n<meta property=\"og:availability\" content=\"backorder\" \/>\n<meta property=\"product:availability\" content=\"available for order\" \/>\n<meta property=\"product:retailer_item_id\" content=\"112464A\" \/>\n<meta property=\"product:condition\" content=\"new\" \/>\n<meta name=\"geo.placename\" content=\"CORRO D`AVALL\" \/>\n<meta name=\"geo.region\" content=\"Espanha\" \/>\n<!-- \/ Yoast SEO Premium plugin. -->","yoast_head_json":{"title":"V\u00e1lvula de Rebose Externa GLP G.4 W21.8 x 1\/14 L.H. | Recambios Ecogas","description":"V\u00e1lvula de rebose externa para gas GLP, ideal para instalaciones de Autogas en campers y caravanas. Conexi\u00f3n G.4 W21.8 x 1\/14 L.H.","robots":{"index":"index","follow":"follow","max-snippet":"max-snippet:-1","max-image-preview":"max-image-preview:large","max-video-preview":"max-video-preview:-1"},"canonical":"https:\/\/recambiosecogas.com\/pt-pt\/producto\/valvula-de-rebose-externa-proteccion-contra-rotura-de-manguera-gas-glp-propano-butano-g-4-w21-8-x-1-14-l-h-conector-1-din-477-x-3-8\/","og_locale":"pt_PT","og_type":"article","og_title":"V\u00e1lvula de rebose externa, protecci\u00f3n contra rotura de manguera Gas GLP (propano\/ butano) G.4 W21.8 x 1\/14 L.H. (Conector 1 DIN 477) x 3\/8","og_description":"V\u00e1lvula de rebose externa para gas GLP, ideal para instalaciones de Autogas en campers y caravanas. Conexi\u00f3n G.4 W21.8 x 1\/14 L.H.","og_url":"https:\/\/recambiosecogas.com\/pt-pt\/producto\/valvula-de-rebose-externa-proteccion-contra-rotura-de-manguera-gas-glp-propano-butano-g-4-w21-8-x-1-14-l-h-conector-1-din-477-x-3-8\/","og_site_name":"Recambios EcoGas","article_publisher":"https:\/\/www.facebook.com\/profile.php?id=100062419705358","article_modified_time":"2026-03-26T10:55:30+00:00","og_image":[{"width":1000,"height":1000,"url":"https:\/\/recambiosecogas.com\/wp-content\/uploads\/2025\/02\/imagen-no-disponible-recambios-ecogas-png.webp","type":"image\/png"}],"twitter_card":"summary_large_image","twitter_misc":{"pre\u00e7o":"25,20&nbsp;&euro; (Sin IVA: 20,83&nbsp;&euro;)","Disponibilidade":"Por encomenda"},"schema":{"@context":"https:\/\/schema.org","@graph":[{"@type":"WebPage","@id":"https:\/\/recambiosecogas.com\/pt-pt\/producto\/valvula-de-rebose-externa-proteccion-contra-rotura-de-manguera-gas-glp-propano-butano-g-4-w21-8-x-1-14-l-h-conector-1-din-477-x-3-8\/","url":"https:\/\/recambiosecogas.com\/pt-pt\/producto\/valvula-de-rebose-externa-proteccion-contra-rotura-de-manguera-gas-glp-propano-butano-g-4-w21-8-x-1-14-l-h-conector-1-din-477-x-3-8\/","name":"V\u00e1lvula de Rebose Externa GLP G.4 W21.8 x 1\/14 L.H. | Recambios Ecogas","isPartOf":{"@id":"https:\/\/recambiosecogas.com\/pt-pt\/#website"},"primaryImageOfPage":{"@id":"https:\/\/recambiosecogas.com\/pt-pt\/producto\/valvula-de-rebose-externa-proteccion-contra-rotura-de-manguera-gas-glp-propano-butano-g-4-w21-8-x-1-14-l-h-conector-1-din-477-x-3-8\/#primaryimage"},"image":{"@id":"https:\/\/recambiosecogas.com\/pt-pt\/producto\/valvula-de-rebose-externa-proteccion-contra-rotura-de-manguera-gas-glp-propano-butano-g-4-w21-8-x-1-14-l-h-conector-1-din-477-x-3-8\/#primaryimage"},"thumbnailUrl":"https:\/\/recambiosecogas.com\/wp-content\/uploads\/2025\/02\/imagen-no-disponible-recambios-ecogas-png.webp","datePublished":"2025-01-21T09:40:54+00:00","dateModified":"2026-03-26T10:55:30+00:00","description":"V\u00e1lvula de rebose externa para gas GLP, ideal para instalaciones de Autogas en campers y caravanas. Conexi\u00f3n G.4 W21.8 x 1\/14 L.H.","breadcrumb":{"@id":"https:\/\/recambiosecogas.com\/pt-pt\/producto\/valvula-de-rebose-externa-proteccion-contra-rotura-de-manguera-gas-glp-propano-butano-g-4-w21-8-x-1-14-l-h-conector-1-din-477-x-3-8\/#breadcrumb"},"inLanguage":"pt-PT","potentialAction":[{"@type":"ReadAction","target":["https:\/\/recambiosecogas.com\/pt-pt\/producto\/valvula-de-rebose-externa-proteccion-contra-rotura-de-manguera-gas-glp-propano-butano-g-4-w21-8-x-1-14-l-h-conector-1-din-477-x-3-8\/"]}]},{"@type":"ImageObject","inLanguage":"pt-PT","@id":"https:\/\/recambiosecogas.com\/pt-pt\/producto\/valvula-de-rebose-externa-proteccion-contra-rotura-de-manguera-gas-glp-propano-butano-g-4-w21-8-x-1-14-l-h-conector-1-din-477-x-3-8\/#primaryimage","url":"https:\/\/recambiosecogas.com\/wp-content\/uploads\/2025\/02\/imagen-no-disponible-recambios-ecogas-png.webp","contentUrl":"https:\/\/recambiosecogas.com\/wp-content\/uploads\/2025\/02\/imagen-no-disponible-recambios-ecogas-png.webp","width":1000,"height":1000},{"@type":"BreadcrumbList","@id":"https:\/\/recambiosecogas.com\/pt-pt\/producto\/valvula-de-rebose-externa-proteccion-contra-rotura-de-manguera-gas-glp-propano-butano-g-4-w21-8-x-1-14-l-h-conector-1-din-477-x-3-8\/#breadcrumb","itemListElement":[{"@type":"ListItem","position":1,"name":"P\u00e1gina inicial","item":"https:\/\/recambiosecogas.com\/pt-pt\/"},{"@type":"ListItem","position":2,"name":"Loja","item":"https:\/\/recambiosecogas.com\/pt-pt\/tienda\/"},{"@type":"ListItem","position":3,"name":"V\u00e1lvula de rebose externa, protecci\u00f3n contra rotura de manguera Gas GLP (propano\/ butano) G.4 W21.8 x 1\/14 L.H. (Conector 1 DIN 477) x 3\/8"}]},{"@type":"WebSite","@id":"https:\/\/recambiosecogas.com\/pt-pt\/#website","url":"https:\/\/recambiosecogas.com\/pt-pt\/","name":"Recambios EcoGas","description":"Pe\u00e7as multimarca para sistemas de GPL\/GNC\/GNL\/Hidrog\u00e9nio","publisher":{"@id":"https:\/\/recambiosecogas.com\/pt-pt\/#organization"},"alternateName":"Recambios Autogas GLP","potentialAction":[{"@type":"SearchAction","target":{"@type":"EntryPoint","urlTemplate":"https:\/\/recambiosecogas.com\/pt-pt\/?s={search_term_string}"},"query-input":{"@type":"PropertyValueSpecification","valueRequired":true,"valueName":"search_term_string"}}],"inLanguage":"pt-PT"},{"@type":["Organization","Place"],"@id":"https:\/\/recambiosecogas.com\/pt-pt\/#organization","name":"Recambios EcoGas","alternateName":"Loja de GPL Autog\u00e1s Espanha","url":"https:\/\/recambiosecogas.com\/pt-pt\/","logo":{"@id":"https:\/\/recambiosecogas.com\/pt-pt\/producto\/valvula-de-rebose-externa-proteccion-contra-rotura-de-manguera-gas-glp-propano-butano-g-4-w21-8-x-1-14-l-h-conector-1-din-477-x-3-8\/#local-main-organization-logo"},"image":{"@id":"https:\/\/recambiosecogas.com\/pt-pt\/producto\/valvula-de-rebose-externa-proteccion-contra-rotura-de-manguera-gas-glp-propano-butano-g-4-w21-8-x-1-14-l-h-conector-1-din-477-x-3-8\/#local-main-organization-logo"},"sameAs":["https:\/\/www.facebook.com\/profile.php?id=100062419705358","https:\/\/www.instagram.com\/segimon_automocio"],"description":"Recambios EcoGas \u2013 Venta y distribuci\u00f3n de sistemas GLP y GNC en Espa\u00f1a y Portugal. Env\u00edos 24 h, soporte t\u00e9cnico a talleres y distribuidores.","hasMerchantReturnPolicy":{"@type":"MerchantReturnPolicy","merchantReturnLink":"https:\/\/recambiosecogas.com\/politicas-privacidad\/"},"address":{"@id":"https:\/\/recambiosecogas.com\/pt-pt\/producto\/valvula-de-rebose-externa-proteccion-contra-rotura-de-manguera-gas-glp-propano-butano-g-4-w21-8-x-1-14-l-h-conector-1-din-477-x-3-8\/#local-main-place-address"},"telephone":["616250633"],"contactPoint":{"@type":"ContactPoint","email":"export@recambiosecogas.com"},"openingHoursSpecification":[{"@type":"OpeningHoursSpecification","dayOfWeek":["Monday","Tuesday","Wednesday","Thursday","Friday","Saturday","Sunday"],"opens":"09:00","closes":"17:00"}],"email":"info@recambiosecogas.com","faxNumber":"SEGIMON AUTOMOCION SL","vatID":"ESB19819861","globalLocationNumber":"938 616 339"},{"@type":"PostalAddress","@id":"https:\/\/recambiosecogas.com\/pt-pt\/producto\/valvula-de-rebose-externa-proteccion-contra-rotura-de-manguera-gas-glp-propano-butano-g-4-w21-8-x-1-14-l-h-conector-1-din-477-x-3-8\/#local-main-place-address","streetAddress":"cami antic de vic, 29 (Nave 3), Pol\u00edgono Industrial Congost","addressLocality":"CORRO D`AVALL","postalCode":"08520","addressRegion":"Barcelona","addressCountry":"ES"},{"@type":"ImageObject","inLanguage":"pt-PT","@id":"https:\/\/recambiosecogas.com\/pt-pt\/producto\/valvula-de-rebose-externa-proteccion-contra-rotura-de-manguera-gas-glp-propano-butano-g-4-w21-8-x-1-14-l-h-conector-1-din-477-x-3-8\/#local-main-organization-logo","url":"https:\/\/recambiosecogas.com\/wp-content\/uploads\/2024\/11\/cropped-RECAMBIOS-GLP-png.webp","contentUrl":"https:\/\/recambiosecogas.com\/wp-content\/uploads\/2024\/11\/cropped-RECAMBIOS-GLP-png.webp","width":512,"height":512,"caption":"Recambios EcoGas"}]},"product_price_amount":"25.20","product_price_currency":"EUR","og_availability":"backorder","product_availability":"available for order","product_retailer_item_id":"112464A","product_condition":"new","geo.placename":"CORRO D`AVALL","geo.region":"Espanha"},"uagb_featured_image_src":{"full":["https:\/\/recambiosecogas.com\/wp-content\/uploads\/2025\/02\/imagen-no-disponible-recambios-ecogas-png.webp",1000,1000,false],"thumbnail":["https:\/\/recambiosecogas.com\/wp-content\/uploads\/2025\/02\/imagen-no-disponible-recambios-ecogas-150x150.webp",150,150,true],"medium":["https:\/\/recambiosecogas.com\/wp-content\/uploads\/2025\/02\/imagen-no-disponible-recambios-ecogas-300x300.webp",300,300,true],"medium_large":["https:\/\/recambiosecogas.com\/wp-content\/uploads\/2025\/02\/imagen-no-disponible-recambios-ecogas-768x768.webp",768,768,true],"large":["https:\/\/recambiosecogas.com\/wp-content\/uploads\/2025\/02\/imagen-no-disponible-recambios-ecogas-png.webp",1000,1000,false],"1536x1536":["https:\/\/recambiosecogas.com\/wp-content\/uploads\/2025\/02\/imagen-no-disponible-recambios-ecogas-png.webp",1000,1000,false],"2048x2048":["https:\/\/recambiosecogas.com\/wp-content\/uploads\/2025\/02\/imagen-no-disponible-recambios-ecogas-png.webp",1000,1000,false],"woocommerce_archive_thumbnail":["https:\/\/recambiosecogas.com\/wp-content\/uploads\/2025\/02\/imagen-no-disponible-recambios-ecogas-png.webp",1000,1000,false],"woocommerce_thumbnail":["https:\/\/recambiosecogas.com\/wp-content\/uploads\/2025\/02\/imagen-no-disponible-recambios-ecogas-300x300.webp",300,300,true],"woocommerce_single":["https:\/\/recambiosecogas.com\/wp-content\/uploads\/2025\/02\/imagen-no-disponible-recambios-ecogas-png.webp",1000,1000,false],"woocommerce_gallery_thumbnail":["https:\/\/recambiosecogas.com\/wp-content\/uploads\/2025\/02\/imagen-no-disponible-recambios-ecogas-png.webp",1000,1000,false],"dgwt-wcas-product-suggestion":["https:\/\/recambiosecogas.com\/wp-content\/uploads\/2025\/02\/imagen-no-disponible-recambios-ecogas-64x64.webp",64,64,true]},"uagb_author_info":{"display_name":"Fran - Soporte T\u00e9cnico","author_link":"https:\/\/recambiosecogas.com\/pt-pt\/author\/"},"uagb_comment_info":0,"uagb_excerpt":"SONSTIGES","_links":{"self":[{"href":"https:\/\/recambiosecogas.com\/pt-pt\/wp-json\/wp\/v2\/product\/15839","targetHints":{"allow":["GET"]}}],"collection":[{"href":"https:\/\/recambiosecogas.com\/pt-pt\/wp-json\/wp\/v2\/product"}],"about":[{"href":"https:\/\/recambiosecogas.com\/pt-pt\/wp-json\/wp\/v2\/types\/product"}],"replies":[{"embeddable":true,"href":"https:\/\/recambiosecogas.com\/pt-pt\/wp-json\/wp\/v2\/comments?post=15839"}],"wp:featuredmedia":[{"embeddable":true,"href":"https:\/\/recambiosecogas.com\/pt-pt\/wp-json\/wp\/v2\/media\/17569"}],"wp:attachment":[{"href":"https:\/\/recambiosecogas.com\/pt-pt\/wp-json\/wp\/v2\/media?parent=15839"}],"wp:term":[{"taxonomy":"product_brand","embeddable":true,"href":"https:\/\/recambiosecogas.com\/pt-pt\/wp-json\/wp\/v2\/product_brand?post=15839"},{"taxonomy":"product_cat","embeddable":true,"href":"https:\/\/recambiosecogas.com\/pt-pt\/wp-json\/wp\/v2\/product_cat?post=15839"},{"taxonomy":"product_tag","embeddable":true,"href":"https:\/\/recambiosecogas.com\/pt-pt\/wp-json\/wp\/v2\/product_tag?post=15839"}],"curies":[{"name":"wp","href":"https:\/\/api.w.org\/{rel}","templated":true}]}}