{"id":15836,"date":"2025-01-21T10:40:51","date_gmt":"2025-01-21T09:40:51","guid":{"rendered":"https:\/\/recambiosecogas.com\/producto\/gasstop-valvula-de-cierre-de-emergencia-para-bombonas-de-gas-w21-8-x-1-14-lh-g-12-para-alemania\/"},"modified":"2026-03-26T11:55:23","modified_gmt":"2026-03-26T10:55:23","slug":"gasstop-valvula-de-cierre-de-emergencia-para-bombonas-de-gas-w21-8-x-1-14-lh-g-12-para-alemania","status":"publish","type":"product","link":"https:\/\/recambiosecogas.com\/pt-pt\/producto\/gasstop-valvula-de-cierre-de-emergencia-para-bombonas-de-gas-w21-8-x-1-14-lh-g-12-para-alemania\/","title":{"rendered":"GasStop v\u00e1lvula de cierre de emergencia para bombonas de gas W21.8 x 1\/14 LH (G.12) para Alemania"},"content":{"rendered":"<p>GasStop \u00e8 un\u00a0<strong>dispositivo de cierre<\/strong>\u00a0para\u00a0<strong>bombonas de gas<\/strong>\u00a0y\u00a0<strong>sistemas de gas port\u00e1tiles<\/strong>\u00a0que cierra el suministro de gas en caso de emergencia. En caso de una\u00a0<strong>fuga grave<\/strong>, el GasStop interrumpe inmediata y autom\u00e1ticamente el suministro de gas. Este indispensable dispositivo de seguridad aut\u00f3nomo no s\u00f3lo es f\u00e1cil de instalar, sino que tambi\u00e9n cuenta con un \u00fatil indicador de presi\u00f3n de gas multiuso.<\/p>\n<p><strong>100% parada de emergencia<\/strong><\/p>\n<p>GasStop interrumpe autom\u00e1ticamente el suministro de gas de forma inmediata en caso de una fuga importante o un fallo del sistema.<\/p>\n<p><strong>Indicador de nivel necesario<\/strong><\/p>\n<p>El \u00fatil medidor de consumo te indica cu\u00e1ndo se est\u00e1 acabando el gas, para que puedas planificar tu recarga con tiempo.<\/p>\n<p><strong>Comprobar si hay fugas<\/strong><\/p>\n<p>GasStop tambi\u00e9n puede utilizarse para comprobar si hay peque\u00f1as fugas. Aseg\u00farese siempre de que su sistema de gas no tiene fugas.<\/p>\n<p><strong>GasStop<\/strong>\u00a0tambi\u00e9n puede utilizarse para comprobar si hay peque\u00f1as fugas.<\/p>\n<p><strong>F\u00e1cil de instalar<\/strong><\/p>\n<p>Utilizar un GasStop es r\u00e1pido y sencillo, s\u00f3lo requiere unos simples pasos y una llave inglesa.<\/p>\n<p><strong>Calidad probada<\/strong><\/p>\n<p>GasStop \u00e8 probado de forma independiente y \u00e8 conforme a las normas ISO y EN.<\/p>\n<p>Montaje:<\/p>\n<ol>\n<li>Conecte el GasStop a la bombona de gas<\/li>\n<li>Apriete el GasStop con la herramienta\/llave adecuada.<\/li>\n<li>Apriete el GasStop con la herramienta\/llave adecuada.<\/li>\n<li>Conecte el regulador de gas (no uno con v\u00e1lvula de seguridad) al GasStop e instale la tuber\u00eda y el aparato como de costumbre. Abre el gas y bombea el indicador 4-6 veces para iniciar el flujo de gas<\/li>\n<\/ol>\n<p>Conexi\u00f3n: G.12 = W21.8 x 1\/14 LH &#8211; Alemania<\/p>\n<p>Presi\u00f3n de alimentaci\u00f3n: 0,3 &#8211; 16 bar<\/p>\n<p>Caudal: 1 &#8211; 1,5 kg\/h<br \/>\nTipo de gas: Propano GLP<\/p>\n<p>Calibraci\u00f3n de la EFV: caudal seguro del 110%.<br \/>\nNormas: DIN EN 16129, ISO 16964, SEP &#8211; Directiva 214\/68\/UE sobre equipos a presi\u00f3n.<\/p>\n<p>La <strong>V\u00e1lvula de Cierre de Emergencia GasStop<\/strong> es un dispositivo esencial para bombonas de gas y sistemas de Autogas. Su funci\u00f3n principal es interrumpir el suministro de gas de forma inmediata en caso de una fuga grave, garantizando la seguridad del usuario y del entorno. Este dispositivo de seguridad aut\u00f3nomo es f\u00e1cil de instalar y cuenta con un indicador de presi\u00f3n de gas que permite verificar el estado del suministro.<\/p>\n<p>El GasStop proporciona una <strong>parada de emergencia 100%<\/strong>, actuando de manera autom\u00e1tica ante situaciones cr\u00edticas. Adem\u00e1s, su medidor de consumo es una herramienta \u00fatil que te avisa cuando el gas est\u00e1 por agotarse, permitiendo una planificaci\u00f3n adecuada para la recarga.<\/p>\n<p>Este dispositivo tambi\u00e9n se puede utilizar para comprobar peque\u00f1as fugas en el sistema, asegurando que no haya escapes que puedan comprometer la seguridad. La instalaci\u00f3n del GasStop es r\u00e1pida y sencilla, requiriendo solo unos pasos b\u00e1sicos y una llave inglesa para su fijaci\u00f3n.<\/p>\n<p>La calidad del GasStop est\u00e1 garantizada, ya que ha sido probado de forma independiente y cumple con las normativas ISO y EN, lo que asegura su fiabilidad en el uso diario.<\/p>\n<h4>Datos t\u00e9cnicos<\/h4>\n<p>Conexi\u00f3n: <strong>G.12 = W21.8 x 1\/14 LH<\/strong> &#8211; Alemania. Presi\u00f3n de alimentaci\u00f3n: <strong>0,3 &#8211; 16 bar<\/strong>. Caudal: <strong>1 &#8211; 1,5 kg\/h<\/strong>. Tipo de gas: <strong>Propano GLP<\/strong>.<\/p>\n<h4>Compatibilidad<\/h4>\n<p>Compatible con bombonas de gas que utilizan la conexi\u00f3n G.12. Se recomienda verificar la referencia original antes de realizar la compra.<\/p>\n<h4>Montaje<\/h4>\n<ol>\n<li>Conecte el GasStop a la bombona de gas.<\/li>\n<li>Apriete el GasStop con la herramienta\/llave adecuada.<\/li>\n<li>Conecte el regulador de gas (no uno con v\u00e1lvula de seguridad) al GasStop e instale la tuber\u00eda y el aparato como de costumbre.<\/li>\n<li>Abra el gas y bombee el indicador 4-6 veces para iniciar el flujo de gas.<\/li>\n<\/ol>\n","protected":false},"excerpt":{"rendered":"<p>GASSTOP<\/p>\n","protected":false},"featured_media":16907,"comment_status":"open","ping_status":"closed","template":"","meta":{"_uag_custom_page_level_css":""},"product_brand":[994],"product_cat":[1401,1413],"product_tag":[],"class_list":{"0":"post-15836","1":"product","2":"type-product","3":"status-publish","4":"has-post-thumbnail","6":"product_brand-gasstop","7":"product_cat-mangueiras-autocaravanas","8":"product_cat-protecao-contra-rutura-de-mangueiras","10":"first","11":"onbackorder","12":"taxable","13":"shipping-taxable","14":"purchasable","15":"product-type-simple"},"ct_brands":[{"id":994,"name":"GASSTOP","slug":"gasstop"}],"yoast_head":"<!-- This site is optimized with the Yoast SEO Premium plugin v27.4 (Yoast SEO v27.5) - https:\/\/yoast.com\/product\/yoast-seo-premium-wordpress\/ -->\n<title>GasStop V\u00e1lvula de Cierre de Emergencia para Bombonas de Gas | Recambios Ecogas<\/title>\n<meta name=\"description\" content=\"V\u00e1lvula de cierre de emergencia GasStop para bombonas de gas, interrumpe el suministro en caso de fuga. Ideal para sistemas de Autogas.\" \/>\n<meta name=\"robots\" content=\"index, follow, max-snippet:-1, max-image-preview:large, max-video-preview:-1\" \/>\n<link rel=\"canonical\" href=\"https:\/\/recambiosecogas.com\/pt-pt\/producto\/gasstop-valvula-de-cierre-de-emergencia-para-bombonas-de-gas-w21-8-x-1-14-lh-g-12-para-alemania\/\" \/>\n<meta property=\"og:locale\" content=\"pt_PT\" \/>\n<meta property=\"og:type\" content=\"article\" \/>\n<meta property=\"og:title\" content=\"GasStop v\u00e1lvula de cierre de emergencia para bombonas de gas W21.8 x 1\/14 LH (G.12) para Alemania\" \/>\n<meta property=\"og:description\" content=\"V\u00e1lvula de cierre de emergencia GasStop para bombonas de gas, interrumpe el suministro en caso de fuga. Ideal para sistemas de Autogas.\" \/>\n<meta property=\"og:url\" content=\"https:\/\/recambiosecogas.com\/pt-pt\/producto\/gasstop-valvula-de-cierre-de-emergencia-para-bombonas-de-gas-w21-8-x-1-14-lh-g-12-para-alemania\/\" \/>\n<meta property=\"og:site_name\" content=\"Recambios EcoGas\" \/>\n<meta property=\"article:publisher\" content=\"https:\/\/www.facebook.com\/profile.php?id=100062419705358\" \/>\n<meta property=\"article:modified_time\" content=\"2026-03-26T10:55:23+00:00\" \/>\n<meta property=\"og:image\" content=\"https:\/\/recambiosecogas.com\/wp-content\/uploads\/2025\/01\/GasStop-valvula-de-cierre-de-emergencia-para-bombonas-de-gas-W21.8-x-1-14-LH-G.12-para-Alemania-png.webp\" \/>\n\t<meta property=\"og:image:width\" content=\"1000\" \/>\n\t<meta property=\"og:image:height\" content=\"1000\" \/>\n\t<meta property=\"og:image:type\" content=\"image\/png\" \/>\n<meta name=\"twitter:card\" content=\"summary_large_image\" \/>\n<meta name=\"twitter:label1\" content=\"pre\u00e7o\" \/>\n\t<meta name=\"twitter:data1\" content=\"63,61&nbsp;&euro; (Sin IVA: 52,57&nbsp;&euro;)\" \/>\n\t<meta name=\"twitter:label2\" content=\"Disponibilidade\" \/>\n\t<meta name=\"twitter:data2\" content=\"Por encomenda\" \/>\n<script type=\"application\/ld+json\" class=\"yoast-schema-graph\">{\"@context\":\"https:\\\/\\\/schema.org\",\"@graph\":[{\"@type\":\"WebPage\",\"@id\":\"https:\\\/\\\/recambiosecogas.com\\\/pt-pt\\\/producto\\\/gasstop-valvula-de-cierre-de-emergencia-para-bombonas-de-gas-w21-8-x-1-14-lh-g-12-para-alemania\\\/\",\"url\":\"https:\\\/\\\/recambiosecogas.com\\\/pt-pt\\\/producto\\\/gasstop-valvula-de-cierre-de-emergencia-para-bombonas-de-gas-w21-8-x-1-14-lh-g-12-para-alemania\\\/\",\"name\":\"GasStop V\u00e1lvula de Cierre de Emergencia para Bombonas de Gas | Recambios Ecogas\",\"isPartOf\":{\"@id\":\"https:\\\/\\\/recambiosecogas.com\\\/pt-pt\\\/#website\"},\"primaryImageOfPage\":{\"@id\":\"https:\\\/\\\/recambiosecogas.com\\\/pt-pt\\\/producto\\\/gasstop-valvula-de-cierre-de-emergencia-para-bombonas-de-gas-w21-8-x-1-14-lh-g-12-para-alemania\\\/#primaryimage\"},\"image\":{\"@id\":\"https:\\\/\\\/recambiosecogas.com\\\/pt-pt\\\/producto\\\/gasstop-valvula-de-cierre-de-emergencia-para-bombonas-de-gas-w21-8-x-1-14-lh-g-12-para-alemania\\\/#primaryimage\"},\"thumbnailUrl\":\"https:\\\/\\\/recambiosecogas.com\\\/wp-content\\\/uploads\\\/2025\\\/01\\\/GasStop-valvula-de-cierre-de-emergencia-para-bombonas-de-gas-W21.8-x-1-14-LH-G.12-para-Alemania-png.webp\",\"datePublished\":\"2025-01-21T09:40:51+00:00\",\"dateModified\":\"2026-03-26T10:55:23+00:00\",\"description\":\"V\u00e1lvula de cierre de emergencia GasStop para bombonas de gas, interrumpe el suministro en caso de fuga. Ideal para sistemas de Autogas.\",\"breadcrumb\":{\"@id\":\"https:\\\/\\\/recambiosecogas.com\\\/pt-pt\\\/producto\\\/gasstop-valvula-de-cierre-de-emergencia-para-bombonas-de-gas-w21-8-x-1-14-lh-g-12-para-alemania\\\/#breadcrumb\"},\"inLanguage\":\"pt-PT\",\"potentialAction\":[{\"@type\":\"ReadAction\",\"target\":[\"https:\\\/\\\/recambiosecogas.com\\\/pt-pt\\\/producto\\\/gasstop-valvula-de-cierre-de-emergencia-para-bombonas-de-gas-w21-8-x-1-14-lh-g-12-para-alemania\\\/\"]}]},{\"@type\":\"ImageObject\",\"inLanguage\":\"pt-PT\",\"@id\":\"https:\\\/\\\/recambiosecogas.com\\\/pt-pt\\\/producto\\\/gasstop-valvula-de-cierre-de-emergencia-para-bombonas-de-gas-w21-8-x-1-14-lh-g-12-para-alemania\\\/#primaryimage\",\"url\":\"https:\\\/\\\/recambiosecogas.com\\\/wp-content\\\/uploads\\\/2025\\\/01\\\/GasStop-valvula-de-cierre-de-emergencia-para-bombonas-de-gas-W21.8-x-1-14-LH-G.12-para-Alemania-png.webp\",\"contentUrl\":\"https:\\\/\\\/recambiosecogas.com\\\/wp-content\\\/uploads\\\/2025\\\/01\\\/GasStop-valvula-de-cierre-de-emergencia-para-bombonas-de-gas-W21.8-x-1-14-LH-G.12-para-Alemania-png.webp\",\"width\":1000,\"height\":1000},{\"@type\":\"BreadcrumbList\",\"@id\":\"https:\\\/\\\/recambiosecogas.com\\\/pt-pt\\\/producto\\\/gasstop-valvula-de-cierre-de-emergencia-para-bombonas-de-gas-w21-8-x-1-14-lh-g-12-para-alemania\\\/#breadcrumb\",\"itemListElement\":[{\"@type\":\"ListItem\",\"position\":1,\"name\":\"P\u00e1gina inicial\",\"item\":\"https:\\\/\\\/recambiosecogas.com\\\/pt-pt\\\/\"},{\"@type\":\"ListItem\",\"position\":2,\"name\":\"Loja\",\"item\":\"https:\\\/\\\/recambiosecogas.com\\\/pt-pt\\\/tienda\\\/\"},{\"@type\":\"ListItem\",\"position\":3,\"name\":\"GasStop v\u00e1lvula de cierre de emergencia para bombonas de gas W21.8 x 1\\\/14 LH (G.12) para Alemania\"}]},{\"@type\":\"WebSite\",\"@id\":\"https:\\\/\\\/recambiosecogas.com\\\/pt-pt\\\/#website\",\"url\":\"https:\\\/\\\/recambiosecogas.com\\\/pt-pt\\\/\",\"name\":\"Recambios EcoGas\",\"description\":\"Pe\u00e7as multimarca para sistemas de GPL\\\/GNC\\\/GNL\\\/Hidrog\u00e9nio\",\"publisher\":{\"@id\":\"https:\\\/\\\/recambiosecogas.com\\\/pt-pt\\\/#organization\"},\"alternateName\":\"Recambios Autogas GLP\",\"potentialAction\":[{\"@type\":\"SearchAction\",\"target\":{\"@type\":\"EntryPoint\",\"urlTemplate\":\"https:\\\/\\\/recambiosecogas.com\\\/pt-pt\\\/?s={search_term_string}\"},\"query-input\":{\"@type\":\"PropertyValueSpecification\",\"valueRequired\":true,\"valueName\":\"search_term_string\"}}],\"inLanguage\":\"pt-PT\"},{\"@type\":[\"Organization\",\"Place\"],\"@id\":\"https:\\\/\\\/recambiosecogas.com\\\/pt-pt\\\/#organization\",\"name\":\"Recambios EcoGas\",\"alternateName\":\"Loja de GPL Autog\u00e1s Espanha\",\"url\":\"https:\\\/\\\/recambiosecogas.com\\\/pt-pt\\\/\",\"logo\":{\"@id\":\"https:\\\/\\\/recambiosecogas.com\\\/pt-pt\\\/producto\\\/gasstop-valvula-de-cierre-de-emergencia-para-bombonas-de-gas-w21-8-x-1-14-lh-g-12-para-alemania\\\/#local-main-organization-logo\"},\"image\":{\"@id\":\"https:\\\/\\\/recambiosecogas.com\\\/pt-pt\\\/producto\\\/gasstop-valvula-de-cierre-de-emergencia-para-bombonas-de-gas-w21-8-x-1-14-lh-g-12-para-alemania\\\/#local-main-organization-logo\"},\"sameAs\":[\"https:\\\/\\\/www.facebook.com\\\/profile.php?id=100062419705358\",\"https:\\\/\\\/www.instagram.com\\\/segimon_automocio\"],\"description\":\"Recambios EcoGas \u2013 Venta y distribuci\u00f3n de sistemas GLP y GNC en Espa\u00f1a y Portugal. Env\u00edos 24 h, soporte t\u00e9cnico a talleres y distribuidores.\",\"hasMerchantReturnPolicy\":{\"@type\":\"MerchantReturnPolicy\",\"merchantReturnLink\":\"https:\\\/\\\/recambiosecogas.com\\\/politicas-privacidad\\\/\"},\"address\":{\"@id\":\"https:\\\/\\\/recambiosecogas.com\\\/pt-pt\\\/producto\\\/gasstop-valvula-de-cierre-de-emergencia-para-bombonas-de-gas-w21-8-x-1-14-lh-g-12-para-alemania\\\/#local-main-place-address\"},\"telephone\":[\"616250633\"],\"contactPoint\":{\"@type\":\"ContactPoint\",\"email\":\"export@recambiosecogas.com\"},\"openingHoursSpecification\":[{\"@type\":\"OpeningHoursSpecification\",\"dayOfWeek\":[\"Monday\",\"Tuesday\",\"Wednesday\",\"Thursday\",\"Friday\",\"Saturday\",\"Sunday\"],\"opens\":\"09:00\",\"closes\":\"17:00\"}],\"email\":\"info@recambiosecogas.com\",\"faxNumber\":\"SEGIMON AUTOMOCION SL\",\"vatID\":\"ESB19819861\",\"globalLocationNumber\":\"938 616 339\"},{\"@type\":\"PostalAddress\",\"@id\":\"https:\\\/\\\/recambiosecogas.com\\\/pt-pt\\\/producto\\\/gasstop-valvula-de-cierre-de-emergencia-para-bombonas-de-gas-w21-8-x-1-14-lh-g-12-para-alemania\\\/#local-main-place-address\",\"streetAddress\":\"cami antic de vic, 29 (Nave 3), Pol\u00edgono Industrial Congost\",\"addressLocality\":\"CORRO D`AVALL\",\"postalCode\":\"08520\",\"addressRegion\":\"Barcelona\",\"addressCountry\":\"ES\"},{\"@type\":\"ImageObject\",\"inLanguage\":\"pt-PT\",\"@id\":\"https:\\\/\\\/recambiosecogas.com\\\/pt-pt\\\/producto\\\/gasstop-valvula-de-cierre-de-emergencia-para-bombonas-de-gas-w21-8-x-1-14-lh-g-12-para-alemania\\\/#local-main-organization-logo\",\"url\":\"https:\\\/\\\/recambiosecogas.com\\\/wp-content\\\/uploads\\\/2024\\\/11\\\/cropped-RECAMBIOS-GLP-png.webp\",\"contentUrl\":\"https:\\\/\\\/recambiosecogas.com\\\/wp-content\\\/uploads\\\/2024\\\/11\\\/cropped-RECAMBIOS-GLP-png.webp\",\"width\":512,\"height\":512,\"caption\":\"Recambios EcoGas\"}]}<\/script>\n<meta property=\"product:brand\" content=\"GASSTOP\" \/>\n<meta property=\"product:price:amount\" content=\"63.61\" \/>\n<meta property=\"product:price:currency\" content=\"EUR\" \/>\n<meta property=\"og:availability\" content=\"backorder\" \/>\n<meta property=\"product:availability\" content=\"available for order\" \/>\n<meta property=\"product:retailer_item_id\" content=\"109741A\" \/>\n<meta property=\"product:condition\" content=\"new\" \/>\n<meta name=\"geo.placename\" content=\"CORRO D`AVALL\" \/>\n<meta name=\"geo.region\" content=\"Espanha\" \/>\n<!-- \/ Yoast SEO Premium plugin. -->","yoast_head_json":{"title":"GasStop V\u00e1lvula de Cierre de Emergencia para Bombonas de Gas | Recambios Ecogas","description":"V\u00e1lvula de cierre de emergencia GasStop para bombonas de gas, interrumpe el suministro en caso de fuga. Ideal para sistemas de Autogas.","robots":{"index":"index","follow":"follow","max-snippet":"max-snippet:-1","max-image-preview":"max-image-preview:large","max-video-preview":"max-video-preview:-1"},"canonical":"https:\/\/recambiosecogas.com\/pt-pt\/producto\/gasstop-valvula-de-cierre-de-emergencia-para-bombonas-de-gas-w21-8-x-1-14-lh-g-12-para-alemania\/","og_locale":"pt_PT","og_type":"article","og_title":"GasStop v\u00e1lvula de cierre de emergencia para bombonas de gas W21.8 x 1\/14 LH (G.12) para Alemania","og_description":"V\u00e1lvula de cierre de emergencia GasStop para bombonas de gas, interrumpe el suministro en caso de fuga. Ideal para sistemas de Autogas.","og_url":"https:\/\/recambiosecogas.com\/pt-pt\/producto\/gasstop-valvula-de-cierre-de-emergencia-para-bombonas-de-gas-w21-8-x-1-14-lh-g-12-para-alemania\/","og_site_name":"Recambios EcoGas","article_publisher":"https:\/\/www.facebook.com\/profile.php?id=100062419705358","article_modified_time":"2026-03-26T10:55:23+00:00","og_image":[{"width":1000,"height":1000,"url":"https:\/\/recambiosecogas.com\/wp-content\/uploads\/2025\/01\/GasStop-valvula-de-cierre-de-emergencia-para-bombonas-de-gas-W21.8-x-1-14-LH-G.12-para-Alemania-png.webp","type":"image\/png"}],"twitter_card":"summary_large_image","twitter_misc":{"pre\u00e7o":"63,61&nbsp;&euro; (Sin IVA: 52,57&nbsp;&euro;)","Disponibilidade":"Por encomenda"},"schema":{"@context":"https:\/\/schema.org","@graph":[{"@type":"WebPage","@id":"https:\/\/recambiosecogas.com\/pt-pt\/producto\/gasstop-valvula-de-cierre-de-emergencia-para-bombonas-de-gas-w21-8-x-1-14-lh-g-12-para-alemania\/","url":"https:\/\/recambiosecogas.com\/pt-pt\/producto\/gasstop-valvula-de-cierre-de-emergencia-para-bombonas-de-gas-w21-8-x-1-14-lh-g-12-para-alemania\/","name":"GasStop V\u00e1lvula de Cierre de Emergencia para Bombonas de Gas | Recambios Ecogas","isPartOf":{"@id":"https:\/\/recambiosecogas.com\/pt-pt\/#website"},"primaryImageOfPage":{"@id":"https:\/\/recambiosecogas.com\/pt-pt\/producto\/gasstop-valvula-de-cierre-de-emergencia-para-bombonas-de-gas-w21-8-x-1-14-lh-g-12-para-alemania\/#primaryimage"},"image":{"@id":"https:\/\/recambiosecogas.com\/pt-pt\/producto\/gasstop-valvula-de-cierre-de-emergencia-para-bombonas-de-gas-w21-8-x-1-14-lh-g-12-para-alemania\/#primaryimage"},"thumbnailUrl":"https:\/\/recambiosecogas.com\/wp-content\/uploads\/2025\/01\/GasStop-valvula-de-cierre-de-emergencia-para-bombonas-de-gas-W21.8-x-1-14-LH-G.12-para-Alemania-png.webp","datePublished":"2025-01-21T09:40:51+00:00","dateModified":"2026-03-26T10:55:23+00:00","description":"V\u00e1lvula de cierre de emergencia GasStop para bombonas de gas, interrumpe el suministro en caso de fuga. Ideal para sistemas de Autogas.","breadcrumb":{"@id":"https:\/\/recambiosecogas.com\/pt-pt\/producto\/gasstop-valvula-de-cierre-de-emergencia-para-bombonas-de-gas-w21-8-x-1-14-lh-g-12-para-alemania\/#breadcrumb"},"inLanguage":"pt-PT","potentialAction":[{"@type":"ReadAction","target":["https:\/\/recambiosecogas.com\/pt-pt\/producto\/gasstop-valvula-de-cierre-de-emergencia-para-bombonas-de-gas-w21-8-x-1-14-lh-g-12-para-alemania\/"]}]},{"@type":"ImageObject","inLanguage":"pt-PT","@id":"https:\/\/recambiosecogas.com\/pt-pt\/producto\/gasstop-valvula-de-cierre-de-emergencia-para-bombonas-de-gas-w21-8-x-1-14-lh-g-12-para-alemania\/#primaryimage","url":"https:\/\/recambiosecogas.com\/wp-content\/uploads\/2025\/01\/GasStop-valvula-de-cierre-de-emergencia-para-bombonas-de-gas-W21.8-x-1-14-LH-G.12-para-Alemania-png.webp","contentUrl":"https:\/\/recambiosecogas.com\/wp-content\/uploads\/2025\/01\/GasStop-valvula-de-cierre-de-emergencia-para-bombonas-de-gas-W21.8-x-1-14-LH-G.12-para-Alemania-png.webp","width":1000,"height":1000},{"@type":"BreadcrumbList","@id":"https:\/\/recambiosecogas.com\/pt-pt\/producto\/gasstop-valvula-de-cierre-de-emergencia-para-bombonas-de-gas-w21-8-x-1-14-lh-g-12-para-alemania\/#breadcrumb","itemListElement":[{"@type":"ListItem","position":1,"name":"P\u00e1gina inicial","item":"https:\/\/recambiosecogas.com\/pt-pt\/"},{"@type":"ListItem","position":2,"name":"Loja","item":"https:\/\/recambiosecogas.com\/pt-pt\/tienda\/"},{"@type":"ListItem","position":3,"name":"GasStop v\u00e1lvula de cierre de emergencia para bombonas de gas W21.8 x 1\/14 LH (G.12) para Alemania"}]},{"@type":"WebSite","@id":"https:\/\/recambiosecogas.com\/pt-pt\/#website","url":"https:\/\/recambiosecogas.com\/pt-pt\/","name":"Recambios EcoGas","description":"Pe\u00e7as multimarca para sistemas de GPL\/GNC\/GNL\/Hidrog\u00e9nio","publisher":{"@id":"https:\/\/recambiosecogas.com\/pt-pt\/#organization"},"alternateName":"Recambios Autogas GLP","potentialAction":[{"@type":"SearchAction","target":{"@type":"EntryPoint","urlTemplate":"https:\/\/recambiosecogas.com\/pt-pt\/?s={search_term_string}"},"query-input":{"@type":"PropertyValueSpecification","valueRequired":true,"valueName":"search_term_string"}}],"inLanguage":"pt-PT"},{"@type":["Organization","Place"],"@id":"https:\/\/recambiosecogas.com\/pt-pt\/#organization","name":"Recambios EcoGas","alternateName":"Loja de GPL Autog\u00e1s Espanha","url":"https:\/\/recambiosecogas.com\/pt-pt\/","logo":{"@id":"https:\/\/recambiosecogas.com\/pt-pt\/producto\/gasstop-valvula-de-cierre-de-emergencia-para-bombonas-de-gas-w21-8-x-1-14-lh-g-12-para-alemania\/#local-main-organization-logo"},"image":{"@id":"https:\/\/recambiosecogas.com\/pt-pt\/producto\/gasstop-valvula-de-cierre-de-emergencia-para-bombonas-de-gas-w21-8-x-1-14-lh-g-12-para-alemania\/#local-main-organization-logo"},"sameAs":["https:\/\/www.facebook.com\/profile.php?id=100062419705358","https:\/\/www.instagram.com\/segimon_automocio"],"description":"Recambios EcoGas \u2013 Venta y distribuci\u00f3n de sistemas GLP y GNC en Espa\u00f1a y Portugal. Env\u00edos 24 h, soporte t\u00e9cnico a talleres y distribuidores.","hasMerchantReturnPolicy":{"@type":"MerchantReturnPolicy","merchantReturnLink":"https:\/\/recambiosecogas.com\/politicas-privacidad\/"},"address":{"@id":"https:\/\/recambiosecogas.com\/pt-pt\/producto\/gasstop-valvula-de-cierre-de-emergencia-para-bombonas-de-gas-w21-8-x-1-14-lh-g-12-para-alemania\/#local-main-place-address"},"telephone":["616250633"],"contactPoint":{"@type":"ContactPoint","email":"export@recambiosecogas.com"},"openingHoursSpecification":[{"@type":"OpeningHoursSpecification","dayOfWeek":["Monday","Tuesday","Wednesday","Thursday","Friday","Saturday","Sunday"],"opens":"09:00","closes":"17:00"}],"email":"info@recambiosecogas.com","faxNumber":"SEGIMON AUTOMOCION SL","vatID":"ESB19819861","globalLocationNumber":"938 616 339"},{"@type":"PostalAddress","@id":"https:\/\/recambiosecogas.com\/pt-pt\/producto\/gasstop-valvula-de-cierre-de-emergencia-para-bombonas-de-gas-w21-8-x-1-14-lh-g-12-para-alemania\/#local-main-place-address","streetAddress":"cami antic de vic, 29 (Nave 3), Pol\u00edgono Industrial Congost","addressLocality":"CORRO D`AVALL","postalCode":"08520","addressRegion":"Barcelona","addressCountry":"ES"},{"@type":"ImageObject","inLanguage":"pt-PT","@id":"https:\/\/recambiosecogas.com\/pt-pt\/producto\/gasstop-valvula-de-cierre-de-emergencia-para-bombonas-de-gas-w21-8-x-1-14-lh-g-12-para-alemania\/#local-main-organization-logo","url":"https:\/\/recambiosecogas.com\/wp-content\/uploads\/2024\/11\/cropped-RECAMBIOS-GLP-png.webp","contentUrl":"https:\/\/recambiosecogas.com\/wp-content\/uploads\/2024\/11\/cropped-RECAMBIOS-GLP-png.webp","width":512,"height":512,"caption":"Recambios EcoGas"}]},"product_brand":"GASSTOP","product_price_amount":"63.61","product_price_currency":"EUR","og_availability":"backorder","product_availability":"available for order","product_retailer_item_id":"109741A","product_condition":"new","geo.placename":"CORRO D`AVALL","geo.region":"Espanha"},"uagb_featured_image_src":{"full":["https:\/\/recambiosecogas.com\/wp-content\/uploads\/2025\/01\/GasStop-valvula-de-cierre-de-emergencia-para-bombonas-de-gas-W21.8-x-1-14-LH-G.12-para-Alemania-png.webp",1000,1000,false],"thumbnail":["https:\/\/recambiosecogas.com\/wp-content\/uploads\/2025\/01\/GasStop-valvula-de-cierre-de-emergencia-para-bombonas-de-gas-W21.8-x-1-14-LH-G.12-para-Alemania-150x150.webp",150,150,true],"medium":["https:\/\/recambiosecogas.com\/wp-content\/uploads\/2025\/01\/GasStop-valvula-de-cierre-de-emergencia-para-bombonas-de-gas-W21.8-x-1-14-LH-G.12-para-Alemania-300x300.webp",300,300,true],"medium_large":["https:\/\/recambiosecogas.com\/wp-content\/uploads\/2025\/01\/GasStop-valvula-de-cierre-de-emergencia-para-bombonas-de-gas-W21.8-x-1-14-LH-G.12-para-Alemania-768x768.webp",768,768,true],"large":["https:\/\/recambiosecogas.com\/wp-content\/uploads\/2025\/01\/GasStop-valvula-de-cierre-de-emergencia-para-bombonas-de-gas-W21.8-x-1-14-LH-G.12-para-Alemania-png.webp",1000,1000,false],"1536x1536":["https:\/\/recambiosecogas.com\/wp-content\/uploads\/2025\/01\/GasStop-valvula-de-cierre-de-emergencia-para-bombonas-de-gas-W21.8-x-1-14-LH-G.12-para-Alemania-png.webp",1000,1000,false],"2048x2048":["https:\/\/recambiosecogas.com\/wp-content\/uploads\/2025\/01\/GasStop-valvula-de-cierre-de-emergencia-para-bombonas-de-gas-W21.8-x-1-14-LH-G.12-para-Alemania-png.webp",1000,1000,false],"woocommerce_archive_thumbnail":["https:\/\/recambiosecogas.com\/wp-content\/uploads\/2025\/01\/GasStop-valvula-de-cierre-de-emergencia-para-bombonas-de-gas-W21.8-x-1-14-LH-G.12-para-Alemania-png.webp",1000,1000,false],"woocommerce_thumbnail":["https:\/\/recambiosecogas.com\/wp-content\/uploads\/2025\/01\/GasStop-valvula-de-cierre-de-emergencia-para-bombonas-de-gas-W21.8-x-1-14-LH-G.12-para-Alemania-300x300.webp",300,300,true],"woocommerce_single":["https:\/\/recambiosecogas.com\/wp-content\/uploads\/2025\/01\/GasStop-valvula-de-cierre-de-emergencia-para-bombonas-de-gas-W21.8-x-1-14-LH-G.12-para-Alemania-png.webp",1000,1000,false],"woocommerce_gallery_thumbnail":["https:\/\/recambiosecogas.com\/wp-content\/uploads\/2025\/01\/GasStop-valvula-de-cierre-de-emergencia-para-bombonas-de-gas-W21.8-x-1-14-LH-G.12-para-Alemania-png.webp",1000,1000,false],"dgwt-wcas-product-suggestion":["https:\/\/recambiosecogas.com\/wp-content\/uploads\/2025\/01\/GasStop-valvula-de-cierre-de-emergencia-para-bombonas-de-gas-W21.8-x-1-14-LH-G.12-para-Alemania-64x64.webp",64,64,true]},"uagb_author_info":{"display_name":"Fran - Soporte T\u00e9cnico","author_link":"https:\/\/recambiosecogas.com\/pt-pt\/author\/"},"uagb_comment_info":0,"uagb_excerpt":"GASSTOP","_links":{"self":[{"href":"https:\/\/recambiosecogas.com\/pt-pt\/wp-json\/wp\/v2\/product\/15836","targetHints":{"allow":["GET"]}}],"collection":[{"href":"https:\/\/recambiosecogas.com\/pt-pt\/wp-json\/wp\/v2\/product"}],"about":[{"href":"https:\/\/recambiosecogas.com\/pt-pt\/wp-json\/wp\/v2\/types\/product"}],"replies":[{"embeddable":true,"href":"https:\/\/recambiosecogas.com\/pt-pt\/wp-json\/wp\/v2\/comments?post=15836"}],"wp:featuredmedia":[{"embeddable":true,"href":"https:\/\/recambiosecogas.com\/pt-pt\/wp-json\/wp\/v2\/media\/16907"}],"wp:attachment":[{"href":"https:\/\/recambiosecogas.com\/pt-pt\/wp-json\/wp\/v2\/media?parent=15836"}],"wp:term":[{"taxonomy":"product_brand","embeddable":true,"href":"https:\/\/recambiosecogas.com\/pt-pt\/wp-json\/wp\/v2\/product_brand?post=15836"},{"taxonomy":"product_cat","embeddable":true,"href":"https:\/\/recambiosecogas.com\/pt-pt\/wp-json\/wp\/v2\/product_cat?post=15836"},{"taxonomy":"product_tag","embeddable":true,"href":"https:\/\/recambiosecogas.com\/pt-pt\/wp-json\/wp\/v2\/product_tag?post=15836"}],"curies":[{"name":"wp","href":"https:\/\/api.w.org\/{rel}","templated":true}]}}