{"id":14750,"date":"2025-01-15T18:09:02","date_gmt":"2025-01-15T17:09:02","guid":{"rendered":"https:\/\/recambiosecogas.com\/?post_type=product&#038;p=14750"},"modified":"2026-03-26T11:54:46","modified_gmt":"2026-03-26T10:54:46","slug":"norma-pinza-auricular-pro-ancho-de-banda-5mm-material-w4","status":"publish","type":"product","link":"https:\/\/recambiosecogas.com\/pt-pt\/producto\/norma-pinza-auricular-pro-ancho-de-banda-5mm-material-w4\/","title":{"rendered":"NORMA Pinza auricular PRO, ancho de banda 5mm, material W4"},"content":{"rendered":"<p>La abrazadera Pro360 no tiene escalones ni huecos en su circunferencia interior y permite as\u00ed un sellado de 360\u00b0 en el tubo. Gracias a su dise\u00f1o sin tornillos, la abrazadera puede montarse con precisi\u00f3n en espacios reducidos.<\/p>\n<ul>\n<li>La abrazadera se adapta a m\u00faltiples di\u00e1metros gracias al sistema de cierre de 1 oreja y permite una instalaci\u00f3n r\u00e1pida<\/li>\n<li>El borde de la banda sin rebabas reduce el riesgo de da\u00f1ar la manguera<\/li>\n<li>Sellado de 360\u00b0 en la manguera<\/li>\n<li>Montaje r\u00e1pido<\/li>\n<li>Perfil plano para espacios reducidos<\/li>\n<li>Borde de la banda sin rebabas<\/li>\n<\/ul>\n<div>\n<div>\n<div>\n<div>La Ear Clamp Pro 360 no tiene escalones ni huecos en su circunferencia interior, lo que permite un sellado de 360\u00ba en el tubo. Gracias a su dise\u00f1o sin tornillos, la pinza puede montarse con precisi\u00f3n en espacios reducidos.<\/div>\n<\/div>\n<div>\n<h3>Destacados<\/h3>\n<ul>\n<li>La abrazadera es adecuada para varios di\u00e1metros gracias al sistema de cierre de 1 oreja y permite un montaje r\u00e1pido<\/li>\n<li>El borde de la banda sin cresta reduce el riesgo de da\u00f1ar la manguera<\/li>\n<\/ul>\n<\/div>\n<div>\n<h3>Ventajas<\/h3>\n<ul>\n<li>360\u00b0-. Sellado en la manguera<\/li>\n<li>Instalaci\u00f3n r\u00e1pida<\/li>\n<li>Perfil plano para espacios reducidos<\/li>\n<li>Borde de banda sin cresta<\/li>\n<\/ul>\n<\/div>\n<p>.<\/p><\/div>\n<\/div>\n<div class=\"pd_description\">\n<div>\n<p>Abrazadera de oreja PRO de NORMA, rango de sujeci\u00f3n 8,8-10,5mm, ancho de banda 5mm, material W4<\/p>\n<\/div>\n<\/div>\n<p>La <strong>Abrazadera NORMA Pro 360<\/strong> es un componente esencial para sistemas de <strong>Autogas<\/strong>, dise\u00f1ada para ofrecer un sellado de <strong>360\u00b0<\/strong> en el tubo. Su innovador dise\u00f1o sin tornillos permite un montaje preciso, especialmente en espacios reducidos, lo que la convierte en una opci\u00f3n ideal para aplicaciones donde la eficiencia y la seguridad son primordiales.<\/p>\n<p>Gracias a su sistema de cierre de 1 oreja, esta abrazadera se adapta a m\u00faltiples di\u00e1metros, facilitando una instalaci\u00f3n r\u00e1pida y efectiva. El borde de la banda sin rebabas minimiza el riesgo de da\u00f1os en la manguera, asegurando una conexi\u00f3n segura y duradera. Este dise\u00f1o permite que la abrazadera mantenga una presi\u00f3n uniforme, evitando fugas y garantizando un rendimiento \u00f3ptimo en condiciones exigentes.<\/p>\n<p>La Abrazadera NORMA Pro 360 es necesaria en situaciones donde se requiere un reemplazo debido al desgaste o da\u00f1o de la abrazadera original. Se recomienda su uso en instalaciones nuevas o durante el mantenimiento de sistemas de Autogas, asegurando siempre la integridad del sistema de combustible.<\/p>\n<h4>Datos t\u00e9cnicos<\/h4>\n<p>Rango de sujeci\u00f3n: <strong>8,8-10,5 mm<\/strong>. Ancho de banda: <strong>5 mm<\/strong>. Material: <strong>W4<\/strong>.<\/p>\n<h4>S\u00edntomas de fallo<\/h4>\n<ul>\n<li>Fugas en la conexi\u00f3n de la manguera<\/li>\n<li>Incapacidad para mantener la presi\u00f3n adecuada<\/li>\n<li>Desgaste visible en la abrazadera<\/li>\n<\/ul>\n<h4>Compatibilidad<\/h4>\n<p>Compatible con sistemas de <strong>Autogas<\/strong>. Se recomienda verificar la referencia original antes de realizar la compra.<\/p>\n","protected":false},"excerpt":{"rendered":"<p>La abrazadera Pro360 no tiene escalones ni huecos en su circunferencia interior y permite as\u00ed un sellado de 360\u00b0 en el tubo. Gracias a su dise\u00f1o sin tornillos, la abrazadera puede montarse con precisi\u00f3n en espacios reducidos. La abrazadera se adapta a m\u00faltiples di\u00e1metros gracias al sistema de cierre de 1 oreja y permite una [&hellip;]<\/p>\n","protected":false},"featured_media":17019,"comment_status":"open","ping_status":"closed","template":"","meta":{"_uag_custom_page_level_css":""},"product_brand":[],"product_cat":[1553,1549,1755],"product_tag":[],"class_list":{"0":"post-14750","1":"product","2":"type-product","3":"status-publish","4":"has-post-thumbnail","6":"product_cat-abracadeiras-de-mangueira","7":"product_cat-fixacao","8":"product_cat-norma-pt-pt","10":"first","11":"onbackorder","12":"taxable","13":"shipping-taxable","14":"purchasable","15":"product-type-variable"},"ct_brands":[],"yoast_head":"<!-- This site is optimized with the Yoast SEO Premium plugin v27.5 (Yoast SEO v27.5) - https:\/\/yoast.com\/product\/yoast-seo-premium-wordpress\/ -->\n<title>Abrazadera NORMA Pro 360 Ancho Banda 5mm | Recambios Ecogas<\/title>\n<meta name=\"description\" content=\"Abrazadera NORMA Pro 360, dise\u00f1o sin tornillos, ideal para sistemas de Autogas, garantiza un sellado de 360\u00b0 y montaje r\u00e1pido en espacios reducidos.\" \/>\n<meta name=\"robots\" content=\"index, follow, max-snippet:-1, max-image-preview:large, max-video-preview:-1\" \/>\n<link rel=\"canonical\" href=\"https:\/\/recambiosecogas.com\/pt-pt\/producto\/norma-pinza-auricular-pro-ancho-de-banda-5mm-material-w4\/\" \/>\n<meta property=\"og:locale\" content=\"pt_PT\" \/>\n<meta property=\"og:type\" content=\"article\" \/>\n<meta property=\"og:title\" content=\"NORMA Pinza auricular PRO, ancho de banda 5mm, material W4\" \/>\n<meta property=\"og:description\" content=\"Abrazadera NORMA Pro 360, dise\u00f1o sin tornillos, ideal para sistemas de Autogas, garantiza un sellado de 360\u00b0 y montaje r\u00e1pido en espacios reducidos.\" \/>\n<meta property=\"og:url\" content=\"https:\/\/recambiosecogas.com\/pt-pt\/producto\/norma-pinza-auricular-pro-ancho-de-banda-5mm-material-w4\/\" \/>\n<meta property=\"og:site_name\" content=\"Recambios EcoGas\" \/>\n<meta property=\"article:publisher\" content=\"https:\/\/www.facebook.com\/profile.php?id=100062419705358\" \/>\n<meta property=\"article:modified_time\" content=\"2026-03-26T10:54:46+00:00\" \/>\n<meta property=\"og:image\" content=\"https:\/\/recambiosecogas.com\/wp-content\/uploads\/2025\/01\/Pinza-auricular-NORMA-PRO-88-105-W4-png.webp\" \/>\n\t<meta property=\"og:image:width\" content=\"1000\" \/>\n\t<meta property=\"og:image:height\" content=\"1000\" \/>\n\t<meta property=\"og:image:type\" content=\"image\/png\" \/>\n<meta name=\"twitter:card\" content=\"summary_large_image\" \/>\n<meta name=\"twitter:label1\" content=\"Disponibilidade\" \/>\n\t<meta name=\"twitter:data1\" content=\"Por encomenda\" \/>\n<script type=\"application\/ld+json\" class=\"yoast-schema-graph\">{\"@context\":\"https:\\\/\\\/schema.org\",\"@graph\":[{\"@type\":\"WebPage\",\"@id\":\"https:\\\/\\\/recambiosecogas.com\\\/pt-pt\\\/producto\\\/norma-pinza-auricular-pro-ancho-de-banda-5mm-material-w4\\\/\",\"url\":\"https:\\\/\\\/recambiosecogas.com\\\/pt-pt\\\/producto\\\/norma-pinza-auricular-pro-ancho-de-banda-5mm-material-w4\\\/\",\"name\":\"Abrazadera NORMA Pro 360 Ancho Banda 5mm | Recambios Ecogas\",\"isPartOf\":{\"@id\":\"https:\\\/\\\/recambiosecogas.com\\\/pt-pt\\\/#website\"},\"primaryImageOfPage\":{\"@id\":\"https:\\\/\\\/recambiosecogas.com\\\/pt-pt\\\/producto\\\/norma-pinza-auricular-pro-ancho-de-banda-5mm-material-w4\\\/#primaryimage\"},\"image\":{\"@id\":\"https:\\\/\\\/recambiosecogas.com\\\/pt-pt\\\/producto\\\/norma-pinza-auricular-pro-ancho-de-banda-5mm-material-w4\\\/#primaryimage\"},\"thumbnailUrl\":\"https:\\\/\\\/recambiosecogas.com\\\/wp-content\\\/uploads\\\/2025\\\/01\\\/Pinza-auricular-NORMA-PRO-88-105-W4-png.webp\",\"datePublished\":\"2025-01-15T17:09:02+00:00\",\"dateModified\":\"2026-03-26T10:54:46+00:00\",\"description\":\"Abrazadera NORMA Pro 360, dise\u00f1o sin tornillos, ideal para sistemas de Autogas, garantiza un sellado de 360\u00b0 y montaje r\u00e1pido en espacios reducidos.\",\"breadcrumb\":{\"@id\":\"https:\\\/\\\/recambiosecogas.com\\\/pt-pt\\\/producto\\\/norma-pinza-auricular-pro-ancho-de-banda-5mm-material-w4\\\/#breadcrumb\"},\"inLanguage\":\"pt-PT\",\"potentialAction\":[{\"@type\":\"ReadAction\",\"target\":[\"https:\\\/\\\/recambiosecogas.com\\\/pt-pt\\\/producto\\\/norma-pinza-auricular-pro-ancho-de-banda-5mm-material-w4\\\/\"]}]},{\"@type\":\"ImageObject\",\"inLanguage\":\"pt-PT\",\"@id\":\"https:\\\/\\\/recambiosecogas.com\\\/pt-pt\\\/producto\\\/norma-pinza-auricular-pro-ancho-de-banda-5mm-material-w4\\\/#primaryimage\",\"url\":\"https:\\\/\\\/recambiosecogas.com\\\/wp-content\\\/uploads\\\/2025\\\/01\\\/Pinza-auricular-NORMA-PRO-88-105-W4-png.webp\",\"contentUrl\":\"https:\\\/\\\/recambiosecogas.com\\\/wp-content\\\/uploads\\\/2025\\\/01\\\/Pinza-auricular-NORMA-PRO-88-105-W4-png.webp\",\"width\":1000,\"height\":1000},{\"@type\":\"BreadcrumbList\",\"@id\":\"https:\\\/\\\/recambiosecogas.com\\\/pt-pt\\\/producto\\\/norma-pinza-auricular-pro-ancho-de-banda-5mm-material-w4\\\/#breadcrumb\",\"itemListElement\":[{\"@type\":\"ListItem\",\"position\":1,\"name\":\"P\u00e1gina inicial\",\"item\":\"https:\\\/\\\/recambiosecogas.com\\\/pt-pt\\\/\"},{\"@type\":\"ListItem\",\"position\":2,\"name\":\"Loja\",\"item\":\"https:\\\/\\\/recambiosecogas.com\\\/pt-pt\\\/tienda\\\/\"},{\"@type\":\"ListItem\",\"position\":3,\"name\":\"NORMA Pinza auricular PRO, ancho de banda 5mm, material W4\"}]},{\"@type\":\"WebSite\",\"@id\":\"https:\\\/\\\/recambiosecogas.com\\\/pt-pt\\\/#website\",\"url\":\"https:\\\/\\\/recambiosecogas.com\\\/pt-pt\\\/\",\"name\":\"Recambios EcoGas\",\"description\":\"Pe\u00e7as multimarca para sistemas de GPL\\\/GNC\\\/GNL\\\/Hidrog\u00e9nio\",\"publisher\":{\"@id\":\"https:\\\/\\\/recambiosecogas.com\\\/pt-pt\\\/#organization\"},\"alternateName\":\"Recambios Autogas GLP\",\"potentialAction\":[{\"@type\":\"SearchAction\",\"target\":{\"@type\":\"EntryPoint\",\"urlTemplate\":\"https:\\\/\\\/recambiosecogas.com\\\/pt-pt\\\/?s={search_term_string}\"},\"query-input\":{\"@type\":\"PropertyValueSpecification\",\"valueRequired\":true,\"valueName\":\"search_term_string\"}}],\"inLanguage\":\"pt-PT\"},{\"@type\":[\"Organization\",\"Place\"],\"@id\":\"https:\\\/\\\/recambiosecogas.com\\\/pt-pt\\\/#organization\",\"name\":\"Recambios EcoGas\",\"alternateName\":\"Loja de GPL Autog\u00e1s Espanha\",\"url\":\"https:\\\/\\\/recambiosecogas.com\\\/pt-pt\\\/\",\"logo\":{\"@id\":\"https:\\\/\\\/recambiosecogas.com\\\/pt-pt\\\/producto\\\/norma-pinza-auricular-pro-ancho-de-banda-5mm-material-w4\\\/#local-main-organization-logo\"},\"image\":{\"@id\":\"https:\\\/\\\/recambiosecogas.com\\\/pt-pt\\\/producto\\\/norma-pinza-auricular-pro-ancho-de-banda-5mm-material-w4\\\/#local-main-organization-logo\"},\"sameAs\":[\"https:\\\/\\\/www.facebook.com\\\/profile.php?id=100062419705358\",\"https:\\\/\\\/www.instagram.com\\\/segimon_automocio\"],\"description\":\"Recambios EcoGas \u2013 Venta y distribuci\u00f3n de sistemas GLP y GNC en Espa\u00f1a y Portugal. Env\u00edos 24 h, soporte t\u00e9cnico a talleres y distribuidores.\",\"hasMerchantReturnPolicy\":{\"@type\":\"MerchantReturnPolicy\",\"merchantReturnLink\":\"https:\\\/\\\/recambiosecogas.com\\\/politicas-privacidad\\\/\"},\"address\":{\"@id\":\"https:\\\/\\\/recambiosecogas.com\\\/pt-pt\\\/producto\\\/norma-pinza-auricular-pro-ancho-de-banda-5mm-material-w4\\\/#local-main-place-address\"},\"telephone\":[\"616250633\"],\"contactPoint\":{\"@type\":\"ContactPoint\",\"email\":\"export@recambiosecogas.com\"},\"openingHoursSpecification\":[{\"@type\":\"OpeningHoursSpecification\",\"dayOfWeek\":[\"Monday\",\"Tuesday\",\"Wednesday\",\"Thursday\",\"Friday\",\"Saturday\",\"Sunday\"],\"opens\":\"09:00\",\"closes\":\"17:00\"}],\"email\":\"info@recambiosecogas.com\",\"faxNumber\":\"SEGIMON AUTOMOCION SL\",\"vatID\":\"ESB19819861\",\"globalLocationNumber\":\"938 616 339\"},{\"@type\":\"PostalAddress\",\"@id\":\"https:\\\/\\\/recambiosecogas.com\\\/pt-pt\\\/producto\\\/norma-pinza-auricular-pro-ancho-de-banda-5mm-material-w4\\\/#local-main-place-address\",\"streetAddress\":\"cami antic de vic, 29 (Nave 3), Pol\u00edgono Industrial Congost\",\"addressLocality\":\"CORRO D`AVALL\",\"postalCode\":\"08520\",\"addressRegion\":\"Barcelona\",\"addressCountry\":\"ES\"},{\"@type\":\"ImageObject\",\"inLanguage\":\"pt-PT\",\"@id\":\"https:\\\/\\\/recambiosecogas.com\\\/pt-pt\\\/producto\\\/norma-pinza-auricular-pro-ancho-de-banda-5mm-material-w4\\\/#local-main-organization-logo\",\"url\":\"https:\\\/\\\/recambiosecogas.com\\\/wp-content\\\/uploads\\\/2024\\\/11\\\/cropped-RECAMBIOS-GLP-png.webp\",\"contentUrl\":\"https:\\\/\\\/recambiosecogas.com\\\/wp-content\\\/uploads\\\/2024\\\/11\\\/cropped-RECAMBIOS-GLP-png.webp\",\"width\":512,\"height\":512,\"caption\":\"Recambios EcoGas\"}]}<\/script>\n<meta property=\"og:availability\" content=\"backorder\" \/>\n<meta property=\"product:availability\" content=\"available for order\" \/>\n<meta property=\"product:retailer_item_id\" content=\"111975\" \/>\n<meta property=\"product:condition\" content=\"new\" \/>\n<meta name=\"geo.placename\" content=\"CORRO D`AVALL\" \/>\n<meta name=\"geo.region\" content=\"Espanha\" \/>\n<!-- \/ Yoast SEO Premium plugin. -->","yoast_head_json":{"title":"Abrazadera NORMA Pro 360 Ancho Banda 5mm | Recambios Ecogas","description":"Abrazadera NORMA Pro 360, dise\u00f1o sin tornillos, ideal para sistemas de Autogas, garantiza un sellado de 360\u00b0 y montaje r\u00e1pido en espacios reducidos.","robots":{"index":"index","follow":"follow","max-snippet":"max-snippet:-1","max-image-preview":"max-image-preview:large","max-video-preview":"max-video-preview:-1"},"canonical":"https:\/\/recambiosecogas.com\/pt-pt\/producto\/norma-pinza-auricular-pro-ancho-de-banda-5mm-material-w4\/","og_locale":"pt_PT","og_type":"article","og_title":"NORMA Pinza auricular PRO, ancho de banda 5mm, material W4","og_description":"Abrazadera NORMA Pro 360, dise\u00f1o sin tornillos, ideal para sistemas de Autogas, garantiza un sellado de 360\u00b0 y montaje r\u00e1pido en espacios reducidos.","og_url":"https:\/\/recambiosecogas.com\/pt-pt\/producto\/norma-pinza-auricular-pro-ancho-de-banda-5mm-material-w4\/","og_site_name":"Recambios EcoGas","article_publisher":"https:\/\/www.facebook.com\/profile.php?id=100062419705358","article_modified_time":"2026-03-26T10:54:46+00:00","og_image":[{"width":1000,"height":1000,"url":"https:\/\/recambiosecogas.com\/wp-content\/uploads\/2025\/01\/Pinza-auricular-NORMA-PRO-88-105-W4-png.webp","type":"image\/png"}],"twitter_card":"summary_large_image","twitter_misc":{"Disponibilidade":"Por encomenda"},"schema":{"@context":"https:\/\/schema.org","@graph":[{"@type":"WebPage","@id":"https:\/\/recambiosecogas.com\/pt-pt\/producto\/norma-pinza-auricular-pro-ancho-de-banda-5mm-material-w4\/","url":"https:\/\/recambiosecogas.com\/pt-pt\/producto\/norma-pinza-auricular-pro-ancho-de-banda-5mm-material-w4\/","name":"Abrazadera NORMA Pro 360 Ancho Banda 5mm | Recambios Ecogas","isPartOf":{"@id":"https:\/\/recambiosecogas.com\/pt-pt\/#website"},"primaryImageOfPage":{"@id":"https:\/\/recambiosecogas.com\/pt-pt\/producto\/norma-pinza-auricular-pro-ancho-de-banda-5mm-material-w4\/#primaryimage"},"image":{"@id":"https:\/\/recambiosecogas.com\/pt-pt\/producto\/norma-pinza-auricular-pro-ancho-de-banda-5mm-material-w4\/#primaryimage"},"thumbnailUrl":"https:\/\/recambiosecogas.com\/wp-content\/uploads\/2025\/01\/Pinza-auricular-NORMA-PRO-88-105-W4-png.webp","datePublished":"2025-01-15T17:09:02+00:00","dateModified":"2026-03-26T10:54:46+00:00","description":"Abrazadera NORMA Pro 360, dise\u00f1o sin tornillos, ideal para sistemas de Autogas, garantiza un sellado de 360\u00b0 y montaje r\u00e1pido en espacios reducidos.","breadcrumb":{"@id":"https:\/\/recambiosecogas.com\/pt-pt\/producto\/norma-pinza-auricular-pro-ancho-de-banda-5mm-material-w4\/#breadcrumb"},"inLanguage":"pt-PT","potentialAction":[{"@type":"ReadAction","target":["https:\/\/recambiosecogas.com\/pt-pt\/producto\/norma-pinza-auricular-pro-ancho-de-banda-5mm-material-w4\/"]}]},{"@type":"ImageObject","inLanguage":"pt-PT","@id":"https:\/\/recambiosecogas.com\/pt-pt\/producto\/norma-pinza-auricular-pro-ancho-de-banda-5mm-material-w4\/#primaryimage","url":"https:\/\/recambiosecogas.com\/wp-content\/uploads\/2025\/01\/Pinza-auricular-NORMA-PRO-88-105-W4-png.webp","contentUrl":"https:\/\/recambiosecogas.com\/wp-content\/uploads\/2025\/01\/Pinza-auricular-NORMA-PRO-88-105-W4-png.webp","width":1000,"height":1000},{"@type":"BreadcrumbList","@id":"https:\/\/recambiosecogas.com\/pt-pt\/producto\/norma-pinza-auricular-pro-ancho-de-banda-5mm-material-w4\/#breadcrumb","itemListElement":[{"@type":"ListItem","position":1,"name":"P\u00e1gina inicial","item":"https:\/\/recambiosecogas.com\/pt-pt\/"},{"@type":"ListItem","position":2,"name":"Loja","item":"https:\/\/recambiosecogas.com\/pt-pt\/tienda\/"},{"@type":"ListItem","position":3,"name":"NORMA Pinza auricular PRO, ancho de banda 5mm, material W4"}]},{"@type":"WebSite","@id":"https:\/\/recambiosecogas.com\/pt-pt\/#website","url":"https:\/\/recambiosecogas.com\/pt-pt\/","name":"Recambios EcoGas","description":"Pe\u00e7as multimarca para sistemas de GPL\/GNC\/GNL\/Hidrog\u00e9nio","publisher":{"@id":"https:\/\/recambiosecogas.com\/pt-pt\/#organization"},"alternateName":"Recambios Autogas GLP","potentialAction":[{"@type":"SearchAction","target":{"@type":"EntryPoint","urlTemplate":"https:\/\/recambiosecogas.com\/pt-pt\/?s={search_term_string}"},"query-input":{"@type":"PropertyValueSpecification","valueRequired":true,"valueName":"search_term_string"}}],"inLanguage":"pt-PT"},{"@type":["Organization","Place"],"@id":"https:\/\/recambiosecogas.com\/pt-pt\/#organization","name":"Recambios EcoGas","alternateName":"Loja de GPL Autog\u00e1s Espanha","url":"https:\/\/recambiosecogas.com\/pt-pt\/","logo":{"@id":"https:\/\/recambiosecogas.com\/pt-pt\/producto\/norma-pinza-auricular-pro-ancho-de-banda-5mm-material-w4\/#local-main-organization-logo"},"image":{"@id":"https:\/\/recambiosecogas.com\/pt-pt\/producto\/norma-pinza-auricular-pro-ancho-de-banda-5mm-material-w4\/#local-main-organization-logo"},"sameAs":["https:\/\/www.facebook.com\/profile.php?id=100062419705358","https:\/\/www.instagram.com\/segimon_automocio"],"description":"Recambios EcoGas \u2013 Venta y distribuci\u00f3n de sistemas GLP y GNC en Espa\u00f1a y Portugal. Env\u00edos 24 h, soporte t\u00e9cnico a talleres y distribuidores.","hasMerchantReturnPolicy":{"@type":"MerchantReturnPolicy","merchantReturnLink":"https:\/\/recambiosecogas.com\/politicas-privacidad\/"},"address":{"@id":"https:\/\/recambiosecogas.com\/pt-pt\/producto\/norma-pinza-auricular-pro-ancho-de-banda-5mm-material-w4\/#local-main-place-address"},"telephone":["616250633"],"contactPoint":{"@type":"ContactPoint","email":"export@recambiosecogas.com"},"openingHoursSpecification":[{"@type":"OpeningHoursSpecification","dayOfWeek":["Monday","Tuesday","Wednesday","Thursday","Friday","Saturday","Sunday"],"opens":"09:00","closes":"17:00"}],"email":"info@recambiosecogas.com","faxNumber":"SEGIMON AUTOMOCION SL","vatID":"ESB19819861","globalLocationNumber":"938 616 339"},{"@type":"PostalAddress","@id":"https:\/\/recambiosecogas.com\/pt-pt\/producto\/norma-pinza-auricular-pro-ancho-de-banda-5mm-material-w4\/#local-main-place-address","streetAddress":"cami antic de vic, 29 (Nave 3), Pol\u00edgono Industrial Congost","addressLocality":"CORRO D`AVALL","postalCode":"08520","addressRegion":"Barcelona","addressCountry":"ES"},{"@type":"ImageObject","inLanguage":"pt-PT","@id":"https:\/\/recambiosecogas.com\/pt-pt\/producto\/norma-pinza-auricular-pro-ancho-de-banda-5mm-material-w4\/#local-main-organization-logo","url":"https:\/\/recambiosecogas.com\/wp-content\/uploads\/2024\/11\/cropped-RECAMBIOS-GLP-png.webp","contentUrl":"https:\/\/recambiosecogas.com\/wp-content\/uploads\/2024\/11\/cropped-RECAMBIOS-GLP-png.webp","width":512,"height":512,"caption":"Recambios EcoGas"}]},"og_availability":"backorder","product_availability":"available for order","product_retailer_item_id":"111975","product_condition":"new","geo.placename":"CORRO D`AVALL","geo.region":"Espanha"},"uagb_featured_image_src":{"full":["https:\/\/recambiosecogas.com\/wp-content\/uploads\/2025\/01\/Pinza-auricular-NORMA-PRO-88-105-W4-png.webp",1000,1000,false],"thumbnail":["https:\/\/recambiosecogas.com\/wp-content\/uploads\/2025\/01\/Pinza-auricular-NORMA-PRO-88-105-W4-150x150.webp",150,150,true],"medium":["https:\/\/recambiosecogas.com\/wp-content\/uploads\/2025\/01\/Pinza-auricular-NORMA-PRO-88-105-W4-300x300.webp",300,300,true],"medium_large":["https:\/\/recambiosecogas.com\/wp-content\/uploads\/2025\/01\/Pinza-auricular-NORMA-PRO-88-105-W4-768x768.webp",768,768,true],"large":["https:\/\/recambiosecogas.com\/wp-content\/uploads\/2025\/01\/Pinza-auricular-NORMA-PRO-88-105-W4-png.webp",1000,1000,false],"1536x1536":["https:\/\/recambiosecogas.com\/wp-content\/uploads\/2025\/01\/Pinza-auricular-NORMA-PRO-88-105-W4-png.webp",1000,1000,false],"2048x2048":["https:\/\/recambiosecogas.com\/wp-content\/uploads\/2025\/01\/Pinza-auricular-NORMA-PRO-88-105-W4-png.webp",1000,1000,false],"woocommerce_archive_thumbnail":["https:\/\/recambiosecogas.com\/wp-content\/uploads\/2025\/01\/Pinza-auricular-NORMA-PRO-88-105-W4-png.webp",1000,1000,false],"woocommerce_thumbnail":["https:\/\/recambiosecogas.com\/wp-content\/uploads\/2025\/01\/Pinza-auricular-NORMA-PRO-88-105-W4-300x300.webp",300,300,true],"woocommerce_single":["https:\/\/recambiosecogas.com\/wp-content\/uploads\/2025\/01\/Pinza-auricular-NORMA-PRO-88-105-W4-png.webp",1000,1000,false],"woocommerce_gallery_thumbnail":["https:\/\/recambiosecogas.com\/wp-content\/uploads\/2025\/01\/Pinza-auricular-NORMA-PRO-88-105-W4-png.webp",1000,1000,false],"dgwt-wcas-product-suggestion":["https:\/\/recambiosecogas.com\/wp-content\/uploads\/2025\/01\/Pinza-auricular-NORMA-PRO-88-105-W4-64x64.webp",64,64,true]},"uagb_author_info":{"display_name":"Fran - Soporte T\u00e9cnico","author_link":"https:\/\/recambiosecogas.com\/pt-pt\/author\/"},"uagb_comment_info":0,"uagb_excerpt":"La abrazadera Pro360 no tiene escalones ni huecos en su circunferencia interior y permite as\u00ed un sellado de 360\u00b0 en el tubo. Gracias a su dise\u00f1o sin tornillos, la abrazadera puede montarse con precisi\u00f3n en espacios reducidos. La abrazadera se adapta a m\u00faltiples di\u00e1metros gracias al sistema de cierre de 1 oreja y permite una&hellip;","_links":{"self":[{"href":"https:\/\/recambiosecogas.com\/pt-pt\/wp-json\/wp\/v2\/product\/14750","targetHints":{"allow":["GET"]}}],"collection":[{"href":"https:\/\/recambiosecogas.com\/pt-pt\/wp-json\/wp\/v2\/product"}],"about":[{"href":"https:\/\/recambiosecogas.com\/pt-pt\/wp-json\/wp\/v2\/types\/product"}],"replies":[{"embeddable":true,"href":"https:\/\/recambiosecogas.com\/pt-pt\/wp-json\/wp\/v2\/comments?post=14750"}],"wp:featuredmedia":[{"embeddable":true,"href":"https:\/\/recambiosecogas.com\/pt-pt\/wp-json\/wp\/v2\/media\/17019"}],"wp:attachment":[{"href":"https:\/\/recambiosecogas.com\/pt-pt\/wp-json\/wp\/v2\/media?parent=14750"}],"wp:term":[{"taxonomy":"product_brand","embeddable":true,"href":"https:\/\/recambiosecogas.com\/pt-pt\/wp-json\/wp\/v2\/product_brand?post=14750"},{"taxonomy":"product_cat","embeddable":true,"href":"https:\/\/recambiosecogas.com\/pt-pt\/wp-json\/wp\/v2\/product_cat?post=14750"},{"taxonomy":"product_tag","embeddable":true,"href":"https:\/\/recambiosecogas.com\/pt-pt\/wp-json\/wp\/v2\/product_tag?post=14750"}],"curies":[{"name":"wp","href":"https:\/\/api.w.org\/{rel}","templated":true}]}}