{"id":14568,"date":"2025-01-14T18:43:32","date_gmt":"2025-01-14T17:43:32","guid":{"rendered":"https:\/\/recambiosecogas.com\/producto\/deposito-de-gas-combustible-58-litros-630x225-mm\/"},"modified":"2026-03-26T11:54:32","modified_gmt":"2026-03-26T10:54:32","slug":"deposito-de-gas-combustible-58-litros-630x225-mm","status":"publish","type":"product","link":"https:\/\/recambiosecogas.com\/pt-pt\/produto\/deposito-de-gas-combustible-58-litros-630x225-mm\/","title":{"rendered":"Dep\u00f3sito de gas combustible 58 litros, 630&#215;225 mm"},"content":{"rendered":"<p>Ya sea en autocaravanas, caravanas, campers, food trucks\/snack vans, barcos o en la construcci\u00f3n de carreteras, nuestro dep\u00f3sito de gas combustible garantiza que su suministro de gas sea barato, seguro y sostenible.<\/p>\n<p><u>Ventajas:<\/u><\/p>\n<p>&#8211; Homologaci\u00f3n ECE 67R 01, \u00a1as\u00ed que\u00a0<strong>no hay periodo de prueba de 10 a\u00f1os!<\/strong><br \/>\n&#8211; Sin cambio de bombona &#8211;\u00a0<strong>independiente de las bombonas de dep\u00f3sito de gas<\/strong><br \/>\n&#8211;\u00a0<strong>Parada autom\u00e1tica de llenado al 80%<\/strong>\u00a0&#8211; \u00a1no es posible el sobrellenado!<br \/>\n&#8211; Repostaje econ\u00f3mico en m\u00e1s de 30.000 estaciones de servicio de toda Europa<br \/>\n&#8211;\u00a0<strong>compatible<\/strong>\u00a0<strong>con todos los<\/strong>\u00a0<strong>aparatos<\/strong>\u00a0que funcionan con gas, como calentadores, frigor\u00edficos, cocinas, etc.<br \/>\n&#8211; Se puede repostar en cualquier momento<br \/>\n&#8211; Puede\u00a0<strong>instalarse<\/strong>\u00a0tanto\u00a0<strong>bajo el suelo<\/strong>como en el\u00a0<strong>armario del gas<\/strong><\/p>\n<p><u>Detalles t\u00e9cnicos:<\/u><\/p>\n<p>Altura: 225mm<br \/>\nDi\u00e1metro: 630 mm<br \/>\nCapacidad: 58 litros<br \/>\nColor: rojo<\/p>\n<p>Todos los componentes est\u00e1n homologados ECE 67R01 y por lo tanto cumplen con los m\u00e1s altos est\u00e1ndares de calidad europeos para aplicaciones de gas en el sector de la automoci\u00f3n.<\/p>\n<p>El <strong>dep\u00f3sito de gas combustible de 58 litros<\/strong> es una soluci\u00f3n eficiente y segura para el suministro de gas en diversas aplicaciones, incluyendo autocaravanas, barcos y food trucks. Este dep\u00f3sito est\u00e1 dise\u00f1ado para garantizar un suministro de gas econ\u00f3mico y sostenible, cumpliendo con la <strong>homologaci\u00f3n ECE 67R 01<\/strong>, lo que significa que no hay periodo de prueba de 10 a\u00f1os, asegurando su calidad y fiabilidad.<\/p>\n<p>Este dep\u00f3sito permite un <strong>repostaje econ\u00f3mico<\/strong> en m\u00e1s de 30.000 estaciones de servicio en toda Europa, lo que lo convierte en una opci\u00f3n pr\u00e1ctica para quienes dependen del gas en sus actividades diarias. Adem\u00e1s, cuenta con un sistema de <strong>parada autom\u00e1tica de llenado al 80%<\/strong>, evitando el sobrellenado y garantizando la seguridad durante el proceso de repostaje.<\/p>\n<p>El dep\u00f3sito es compatible con todos los aparatos que funcionan con gas, como calentadores, frigor\u00edficos y cocinas, lo que lo hace vers\u00e1til para diferentes usos. Su instalaci\u00f3n es flexible, pudiendo realizarse tanto bajo el suelo como en el armario del gas, adapt\u00e1ndose a las necesidades espec\u00edficas de cada usuario.<\/p>\n<h4>Datos t\u00e9cnicos<\/h4>\n<p>Altura: <strong>225 mm<\/strong>. Di\u00e1metro: <strong>630 mm<\/strong>. Capacidad: <strong>58 litros<\/strong>. Color: rojo.<\/p>\n<p>Todos los componentes del dep\u00f3sito est\u00e1n homologados bajo la normativa <strong>ECE 67R 01<\/strong>, cumpliendo con los m\u00e1s altos est\u00e1ndares de calidad europeos para aplicaciones de gas en el sector de la automoci\u00f3n. Esto asegura no solo un rendimiento \u00f3ptimo, sino tambi\u00e9n la tranquilidad de saber que se est\u00e1 utilizando un producto seguro y confiable.<\/p>\n","protected":false},"excerpt":{"rendered":"<p>CAMPKO<\/p>\n","protected":false},"featured_media":17051,"comment_status":"open","ping_status":"closed","template":"","meta":{"googlesitekit_rrm_CAowud7EDA:productID":"","_uag_custom_page_level_css":""},"product_brand":[612],"product_cat":[688],"product_tag":[],"class_list":{"0":"post-14568","1":"product","2":"type-product","3":"status-publish","4":"has-post-thumbnail","6":"product_brand-campko","7":"product_cat-depositos-autocaravanas","9":"first","10":"onbackorder","11":"taxable","12":"shipping-taxable","13":"purchasable","14":"product-type-simple"},"ct_brands":[{"id":612,"name":"CAMPKO","slug":"campko"}],"yoast_head":"<!-- This site is optimized with the Yoast SEO Premium plugin v27.3 (Yoast SEO v27.3) - https:\/\/yoast.com\/product\/yoast-seo-premium-wordpress\/ -->\n<title>Dep\u00f3sito de Gas Combustible 58 Litros | Recambios Ecogas<\/title>\n<meta name=\"description\" content=\"Dep\u00f3sito de gas combustible de 58 litros, ideal para autocaravanas y barcos. Homologaci\u00f3n ECE 67R 01, repostaje seguro y econ\u00f3mico en Europa.\" \/>\n<meta name=\"robots\" content=\"index, follow, max-snippet:-1, max-image-preview:large, max-video-preview:-1\" \/>\n<link rel=\"canonical\" href=\"https:\/\/recambiosecogas.com\/pt-pt\/produto\/deposito-de-gas-combustible-58-litros-630x225-mm\/\" \/>\n<meta property=\"og:locale\" content=\"pt_PT\" \/>\n<meta property=\"og:type\" content=\"article\" \/>\n<meta property=\"og:title\" content=\"Dep\u00f3sito de gas combustible 58 litros, 630x225 mm\" \/>\n<meta property=\"og:description\" content=\"Dep\u00f3sito de gas combustible de 58 litros, ideal para autocaravanas y barcos. Homologaci\u00f3n ECE 67R 01, repostaje seguro y econ\u00f3mico en Europa.\" \/>\n<meta property=\"og:url\" content=\"https:\/\/recambiosecogas.com\/pt-pt\/produto\/deposito-de-gas-combustible-58-litros-630x225-mm\/\" \/>\n<meta property=\"og:site_name\" content=\"Recambios EcoGas\" \/>\n<meta property=\"article:publisher\" content=\"https:\/\/www.facebook.com\/profile.php?id=100062419705358\" \/>\n<meta property=\"article:modified_time\" content=\"2026-03-26T10:54:32+00:00\" \/>\n<meta property=\"og:image\" content=\"https:\/\/recambiosecogas.com\/wp-content\/uploads\/2025\/01\/Deposito-de-gas-combustible-58-litros-630x225-mm-png.webp\" \/>\n\t<meta property=\"og:image:width\" content=\"1000\" \/>\n\t<meta property=\"og:image:height\" content=\"1000\" \/>\n\t<meta property=\"og:image:type\" content=\"image\/png\" \/>\n<meta name=\"twitter:card\" content=\"summary_large_image\" \/>\n<meta name=\"twitter:label1\" content=\"pre\u00e7o\" \/>\n\t<meta name=\"twitter:data1\" content=\"743,60&nbsp;&euro; (IVA incl.: 899,76&nbsp;&euro;)\" \/>\n\t<meta name=\"twitter:label2\" content=\"Disponibilidade\" \/>\n\t<meta name=\"twitter:data2\" content=\"Por encomenda\" \/>\n<script type=\"application\/ld+json\" class=\"yoast-schema-graph\">{\"@context\":\"https:\\\/\\\/schema.org\",\"@graph\":[{\"@type\":\"WebPage\",\"@id\":\"https:\\\/\\\/recambiosecogas.com\\\/pt-pt\\\/produto\\\/deposito-de-gas-combustible-58-litros-630x225-mm\\\/\",\"url\":\"https:\\\/\\\/recambiosecogas.com\\\/pt-pt\\\/produto\\\/deposito-de-gas-combustible-58-litros-630x225-mm\\\/\",\"name\":\"Dep\u00f3sito de Gas Combustible 58 Litros | Recambios Ecogas\",\"isPartOf\":{\"@id\":\"https:\\\/\\\/recambiosecogas.com\\\/pt-pt\\\/#website\"},\"primaryImageOfPage\":{\"@id\":\"https:\\\/\\\/recambiosecogas.com\\\/pt-pt\\\/produto\\\/deposito-de-gas-combustible-58-litros-630x225-mm\\\/#primaryimage\"},\"image\":{\"@id\":\"https:\\\/\\\/recambiosecogas.com\\\/pt-pt\\\/produto\\\/deposito-de-gas-combustible-58-litros-630x225-mm\\\/#primaryimage\"},\"thumbnailUrl\":\"https:\\\/\\\/recambiosecogas.com\\\/wp-content\\\/uploads\\\/2025\\\/01\\\/Deposito-de-gas-combustible-58-litros-630x225-mm-png.webp\",\"datePublished\":\"2025-01-14T17:43:32+00:00\",\"dateModified\":\"2026-03-26T10:54:32+00:00\",\"description\":\"Dep\u00f3sito de gas combustible de 58 litros, ideal para autocaravanas y barcos. Homologaci\u00f3n ECE 67R 01, repostaje seguro y econ\u00f3mico en Europa.\",\"breadcrumb\":{\"@id\":\"https:\\\/\\\/recambiosecogas.com\\\/pt-pt\\\/produto\\\/deposito-de-gas-combustible-58-litros-630x225-mm\\\/#breadcrumb\"},\"inLanguage\":\"pt-PT\",\"potentialAction\":[{\"@type\":\"ReadAction\",\"target\":[\"https:\\\/\\\/recambiosecogas.com\\\/pt-pt\\\/produto\\\/deposito-de-gas-combustible-58-litros-630x225-mm\\\/\"]}]},{\"@type\":\"ImageObject\",\"inLanguage\":\"pt-PT\",\"@id\":\"https:\\\/\\\/recambiosecogas.com\\\/pt-pt\\\/produto\\\/deposito-de-gas-combustible-58-litros-630x225-mm\\\/#primaryimage\",\"url\":\"https:\\\/\\\/recambiosecogas.com\\\/wp-content\\\/uploads\\\/2025\\\/01\\\/Deposito-de-gas-combustible-58-litros-630x225-mm-png.webp\",\"contentUrl\":\"https:\\\/\\\/recambiosecogas.com\\\/wp-content\\\/uploads\\\/2025\\\/01\\\/Deposito-de-gas-combustible-58-litros-630x225-mm-png.webp\",\"width\":1000,\"height\":1000},{\"@type\":\"BreadcrumbList\",\"@id\":\"https:\\\/\\\/recambiosecogas.com\\\/pt-pt\\\/produto\\\/deposito-de-gas-combustible-58-litros-630x225-mm\\\/#breadcrumb\",\"itemListElement\":[{\"@type\":\"ListItem\",\"position\":1,\"name\":\"P\u00e1gina inicial\",\"item\":\"https:\\\/\\\/recambiosecogas.com\\\/pt-pt\\\/\"},{\"@type\":\"ListItem\",\"position\":2,\"name\":\"Loja\",\"item\":\"https:\\\/\\\/recambiosecogas.com\\\/pt-pt\\\/tienda\\\/\"},{\"@type\":\"ListItem\",\"position\":3,\"name\":\"Dep\u00f3sito de gas combustible 58 litros, 630&#215;225 mm\"}]},{\"@type\":\"WebSite\",\"@id\":\"https:\\\/\\\/recambiosecogas.com\\\/pt-pt\\\/#website\",\"url\":\"https:\\\/\\\/recambiosecogas.com\\\/pt-pt\\\/\",\"name\":\"Recambios EcoGas\",\"description\":\"Pe\u00e7as multimarca para sistemas de GPL\\\/GNC\\\/GNL\\\/Hidrog\u00e9nio\",\"publisher\":{\"@id\":\"https:\\\/\\\/recambiosecogas.com\\\/pt-pt\\\/#organization\"},\"alternateName\":\"Recambios Autogas GLP\",\"potentialAction\":[{\"@type\":\"SearchAction\",\"target\":{\"@type\":\"EntryPoint\",\"urlTemplate\":\"https:\\\/\\\/recambiosecogas.com\\\/pt-pt\\\/?s={search_term_string}\"},\"query-input\":{\"@type\":\"PropertyValueSpecification\",\"valueRequired\":true,\"valueName\":\"search_term_string\"}}],\"inLanguage\":\"pt-PT\"},{\"@type\":[\"Organization\",\"Place\"],\"@id\":\"https:\\\/\\\/recambiosecogas.com\\\/pt-pt\\\/#organization\",\"name\":\"Recambios EcoGas\",\"alternateName\":\"Loja de GPL Autog\u00e1s Espanha\",\"url\":\"https:\\\/\\\/recambiosecogas.com\\\/pt-pt\\\/\",\"logo\":{\"@id\":\"https:\\\/\\\/recambiosecogas.com\\\/pt-pt\\\/produto\\\/deposito-de-gas-combustible-58-litros-630x225-mm\\\/#local-main-organization-logo\"},\"image\":{\"@id\":\"https:\\\/\\\/recambiosecogas.com\\\/pt-pt\\\/produto\\\/deposito-de-gas-combustible-58-litros-630x225-mm\\\/#local-main-organization-logo\"},\"sameAs\":[\"https:\\\/\\\/www.facebook.com\\\/profile.php?id=100062419705358\",\"https:\\\/\\\/www.instagram.com\\\/segimon_automocio\"],\"description\":\"Recambios EcoGas \u2013 Venta y distribuci\u00f3n de sistemas GLP y GNC en Espa\u00f1a y Portugal. Env\u00edos 24 h, soporte t\u00e9cnico a talleres y distribuidores.\",\"hasMerchantReturnPolicy\":{\"@type\":\"MerchantReturnPolicy\",\"merchantReturnLink\":\"https:\\\/\\\/recambiosecogas.com\\\/politicas-privacidad\\\/\"},\"address\":{\"@id\":\"https:\\\/\\\/recambiosecogas.com\\\/pt-pt\\\/produto\\\/deposito-de-gas-combustible-58-litros-630x225-mm\\\/#local-main-place-address\"},\"telephone\":[\"616250633\"],\"contactPoint\":{\"@type\":\"ContactPoint\",\"email\":\"export@recambiosecogas.com\"},\"openingHoursSpecification\":[{\"@type\":\"OpeningHoursSpecification\",\"dayOfWeek\":[\"Monday\",\"Tuesday\",\"Wednesday\",\"Thursday\",\"Friday\",\"Saturday\",\"Sunday\"],\"opens\":\"09:00\",\"closes\":\"17:00\"}],\"email\":\"info@recambiosecogas.com\",\"faxNumber\":\"SEGIMON AUTOMOCION SL\",\"vatID\":\"ESB19819861\",\"globalLocationNumber\":\"938 616 339\"},{\"@type\":\"PostalAddress\",\"@id\":\"https:\\\/\\\/recambiosecogas.com\\\/pt-pt\\\/produto\\\/deposito-de-gas-combustible-58-litros-630x225-mm\\\/#local-main-place-address\",\"streetAddress\":\"cami antic de vic, 29 (Nave 3), Pol\u00edgono Industrial Congost\",\"addressLocality\":\"CORRO D`AVALL\",\"postalCode\":\"08520\",\"addressRegion\":\"Barcelona\",\"addressCountry\":\"ES\"},{\"@type\":\"ImageObject\",\"inLanguage\":\"pt-PT\",\"@id\":\"https:\\\/\\\/recambiosecogas.com\\\/pt-pt\\\/produto\\\/deposito-de-gas-combustible-58-litros-630x225-mm\\\/#local-main-organization-logo\",\"url\":\"https:\\\/\\\/recambiosecogas.com\\\/wp-content\\\/uploads\\\/2024\\\/11\\\/cropped-RECAMBIOS-GLP-png.webp\",\"contentUrl\":\"https:\\\/\\\/recambiosecogas.com\\\/wp-content\\\/uploads\\\/2024\\\/11\\\/cropped-RECAMBIOS-GLP-png.webp\",\"width\":512,\"height\":512,\"caption\":\"Recambios EcoGas\"}]}<\/script>\n<meta property=\"product:brand\" content=\"CAMPKO\" \/>\n<meta property=\"product:price:amount\" content=\"743.60\" \/>\n<meta property=\"product:price:currency\" content=\"EUR\" \/>\n<meta property=\"og:availability\" content=\"backorder\" \/>\n<meta property=\"product:availability\" content=\"available for order\" \/>\n<meta property=\"product:retailer_item_id\" content=\"108860A\" \/>\n<meta property=\"product:condition\" content=\"new\" \/>\n<meta name=\"geo.placename\" content=\"CORRO D`AVALL\" \/>\n<meta name=\"geo.region\" content=\"Espanha\" \/>\n<!-- \/ Yoast SEO Premium plugin. -->","yoast_head_json":{"title":"Dep\u00f3sito de Gas Combustible 58 Litros | Recambios Ecogas","description":"Dep\u00f3sito de gas combustible de 58 litros, ideal para autocaravanas y barcos. Homologaci\u00f3n ECE 67R 01, repostaje seguro y econ\u00f3mico en Europa.","robots":{"index":"index","follow":"follow","max-snippet":"max-snippet:-1","max-image-preview":"max-image-preview:large","max-video-preview":"max-video-preview:-1"},"canonical":"https:\/\/recambiosecogas.com\/pt-pt\/produto\/deposito-de-gas-combustible-58-litros-630x225-mm\/","og_locale":"pt_PT","og_type":"article","og_title":"Dep\u00f3sito de gas combustible 58 litros, 630x225 mm","og_description":"Dep\u00f3sito de gas combustible de 58 litros, ideal para autocaravanas y barcos. Homologaci\u00f3n ECE 67R 01, repostaje seguro y econ\u00f3mico en Europa.","og_url":"https:\/\/recambiosecogas.com\/pt-pt\/produto\/deposito-de-gas-combustible-58-litros-630x225-mm\/","og_site_name":"Recambios EcoGas","article_publisher":"https:\/\/www.facebook.com\/profile.php?id=100062419705358","article_modified_time":"2026-03-26T10:54:32+00:00","og_image":[{"width":1000,"height":1000,"url":"https:\/\/recambiosecogas.com\/wp-content\/uploads\/2025\/01\/Deposito-de-gas-combustible-58-litros-630x225-mm-png.webp","type":"image\/png"}],"twitter_card":"summary_large_image","twitter_misc":{"pre\u00e7o":"743,60&nbsp;&euro; (IVA incl.: 899,76&nbsp;&euro;)","Disponibilidade":"Por encomenda"},"schema":{"@context":"https:\/\/schema.org","@graph":[{"@type":"WebPage","@id":"https:\/\/recambiosecogas.com\/pt-pt\/produto\/deposito-de-gas-combustible-58-litros-630x225-mm\/","url":"https:\/\/recambiosecogas.com\/pt-pt\/produto\/deposito-de-gas-combustible-58-litros-630x225-mm\/","name":"Dep\u00f3sito de Gas Combustible 58 Litros | Recambios Ecogas","isPartOf":{"@id":"https:\/\/recambiosecogas.com\/pt-pt\/#website"},"primaryImageOfPage":{"@id":"https:\/\/recambiosecogas.com\/pt-pt\/produto\/deposito-de-gas-combustible-58-litros-630x225-mm\/#primaryimage"},"image":{"@id":"https:\/\/recambiosecogas.com\/pt-pt\/produto\/deposito-de-gas-combustible-58-litros-630x225-mm\/#primaryimage"},"thumbnailUrl":"https:\/\/recambiosecogas.com\/wp-content\/uploads\/2025\/01\/Deposito-de-gas-combustible-58-litros-630x225-mm-png.webp","datePublished":"2025-01-14T17:43:32+00:00","dateModified":"2026-03-26T10:54:32+00:00","description":"Dep\u00f3sito de gas combustible de 58 litros, ideal para autocaravanas y barcos. Homologaci\u00f3n ECE 67R 01, repostaje seguro y econ\u00f3mico en Europa.","breadcrumb":{"@id":"https:\/\/recambiosecogas.com\/pt-pt\/produto\/deposito-de-gas-combustible-58-litros-630x225-mm\/#breadcrumb"},"inLanguage":"pt-PT","potentialAction":[{"@type":"ReadAction","target":["https:\/\/recambiosecogas.com\/pt-pt\/produto\/deposito-de-gas-combustible-58-litros-630x225-mm\/"]}]},{"@type":"ImageObject","inLanguage":"pt-PT","@id":"https:\/\/recambiosecogas.com\/pt-pt\/produto\/deposito-de-gas-combustible-58-litros-630x225-mm\/#primaryimage","url":"https:\/\/recambiosecogas.com\/wp-content\/uploads\/2025\/01\/Deposito-de-gas-combustible-58-litros-630x225-mm-png.webp","contentUrl":"https:\/\/recambiosecogas.com\/wp-content\/uploads\/2025\/01\/Deposito-de-gas-combustible-58-litros-630x225-mm-png.webp","width":1000,"height":1000},{"@type":"BreadcrumbList","@id":"https:\/\/recambiosecogas.com\/pt-pt\/produto\/deposito-de-gas-combustible-58-litros-630x225-mm\/#breadcrumb","itemListElement":[{"@type":"ListItem","position":1,"name":"P\u00e1gina inicial","item":"https:\/\/recambiosecogas.com\/pt-pt\/"},{"@type":"ListItem","position":2,"name":"Loja","item":"https:\/\/recambiosecogas.com\/pt-pt\/tienda\/"},{"@type":"ListItem","position":3,"name":"Dep\u00f3sito de gas combustible 58 litros, 630&#215;225 mm"}]},{"@type":"WebSite","@id":"https:\/\/recambiosecogas.com\/pt-pt\/#website","url":"https:\/\/recambiosecogas.com\/pt-pt\/","name":"Recambios EcoGas","description":"Pe\u00e7as multimarca para sistemas de GPL\/GNC\/GNL\/Hidrog\u00e9nio","publisher":{"@id":"https:\/\/recambiosecogas.com\/pt-pt\/#organization"},"alternateName":"Recambios Autogas GLP","potentialAction":[{"@type":"SearchAction","target":{"@type":"EntryPoint","urlTemplate":"https:\/\/recambiosecogas.com\/pt-pt\/?s={search_term_string}"},"query-input":{"@type":"PropertyValueSpecification","valueRequired":true,"valueName":"search_term_string"}}],"inLanguage":"pt-PT"},{"@type":["Organization","Place"],"@id":"https:\/\/recambiosecogas.com\/pt-pt\/#organization","name":"Recambios EcoGas","alternateName":"Loja de GPL Autog\u00e1s Espanha","url":"https:\/\/recambiosecogas.com\/pt-pt\/","logo":{"@id":"https:\/\/recambiosecogas.com\/pt-pt\/produto\/deposito-de-gas-combustible-58-litros-630x225-mm\/#local-main-organization-logo"},"image":{"@id":"https:\/\/recambiosecogas.com\/pt-pt\/produto\/deposito-de-gas-combustible-58-litros-630x225-mm\/#local-main-organization-logo"},"sameAs":["https:\/\/www.facebook.com\/profile.php?id=100062419705358","https:\/\/www.instagram.com\/segimon_automocio"],"description":"Recambios EcoGas \u2013 Venta y distribuci\u00f3n de sistemas GLP y GNC en Espa\u00f1a y Portugal. Env\u00edos 24 h, soporte t\u00e9cnico a talleres y distribuidores.","hasMerchantReturnPolicy":{"@type":"MerchantReturnPolicy","merchantReturnLink":"https:\/\/recambiosecogas.com\/politicas-privacidad\/"},"address":{"@id":"https:\/\/recambiosecogas.com\/pt-pt\/produto\/deposito-de-gas-combustible-58-litros-630x225-mm\/#local-main-place-address"},"telephone":["616250633"],"contactPoint":{"@type":"ContactPoint","email":"export@recambiosecogas.com"},"openingHoursSpecification":[{"@type":"OpeningHoursSpecification","dayOfWeek":["Monday","Tuesday","Wednesday","Thursday","Friday","Saturday","Sunday"],"opens":"09:00","closes":"17:00"}],"email":"info@recambiosecogas.com","faxNumber":"SEGIMON AUTOMOCION SL","vatID":"ESB19819861","globalLocationNumber":"938 616 339"},{"@type":"PostalAddress","@id":"https:\/\/recambiosecogas.com\/pt-pt\/produto\/deposito-de-gas-combustible-58-litros-630x225-mm\/#local-main-place-address","streetAddress":"cami antic de vic, 29 (Nave 3), Pol\u00edgono Industrial Congost","addressLocality":"CORRO D`AVALL","postalCode":"08520","addressRegion":"Barcelona","addressCountry":"ES"},{"@type":"ImageObject","inLanguage":"pt-PT","@id":"https:\/\/recambiosecogas.com\/pt-pt\/produto\/deposito-de-gas-combustible-58-litros-630x225-mm\/#local-main-organization-logo","url":"https:\/\/recambiosecogas.com\/wp-content\/uploads\/2024\/11\/cropped-RECAMBIOS-GLP-png.webp","contentUrl":"https:\/\/recambiosecogas.com\/wp-content\/uploads\/2024\/11\/cropped-RECAMBIOS-GLP-png.webp","width":512,"height":512,"caption":"Recambios EcoGas"}]},"product_brand":"CAMPKO","product_price_amount":"743.60","product_price_currency":"EUR","og_availability":"backorder","product_availability":"available for order","product_retailer_item_id":"108860A","product_condition":"new","geo.placename":"CORRO D`AVALL","geo.region":"Espanha"},"uagb_featured_image_src":{"full":["https:\/\/recambiosecogas.com\/wp-content\/uploads\/2025\/01\/Deposito-de-gas-combustible-58-litros-630x225-mm-png.webp",1000,1000,false],"thumbnail":["https:\/\/recambiosecogas.com\/wp-content\/uploads\/2025\/01\/Deposito-de-gas-combustible-58-litros-630x225-mm-150x150.webp",150,150,true],"medium":["https:\/\/recambiosecogas.com\/wp-content\/uploads\/2025\/01\/Deposito-de-gas-combustible-58-litros-630x225-mm-300x300.webp",300,300,true],"medium_large":["https:\/\/recambiosecogas.com\/wp-content\/uploads\/2025\/01\/Deposito-de-gas-combustible-58-litros-630x225-mm-768x768.webp",768,768,true],"large":["https:\/\/recambiosecogas.com\/wp-content\/uploads\/2025\/01\/Deposito-de-gas-combustible-58-litros-630x225-mm-png.webp",1000,1000,false],"1536x1536":["https:\/\/recambiosecogas.com\/wp-content\/uploads\/2025\/01\/Deposito-de-gas-combustible-58-litros-630x225-mm-png.webp",1000,1000,false],"2048x2048":["https:\/\/recambiosecogas.com\/wp-content\/uploads\/2025\/01\/Deposito-de-gas-combustible-58-litros-630x225-mm-png.webp",1000,1000,false],"woocommerce_archive_thumbnail":["https:\/\/recambiosecogas.com\/wp-content\/uploads\/2025\/01\/Deposito-de-gas-combustible-58-litros-630x225-mm-png.webp",1000,1000,false],"woocommerce_thumbnail":["https:\/\/recambiosecogas.com\/wp-content\/uploads\/2025\/01\/Deposito-de-gas-combustible-58-litros-630x225-mm-300x300.webp",300,300,true],"woocommerce_single":["https:\/\/recambiosecogas.com\/wp-content\/uploads\/2025\/01\/Deposito-de-gas-combustible-58-litros-630x225-mm-png.webp",1000,1000,false],"woocommerce_gallery_thumbnail":["https:\/\/recambiosecogas.com\/wp-content\/uploads\/2025\/01\/Deposito-de-gas-combustible-58-litros-630x225-mm-png.webp",1000,1000,false],"dgwt-wcas-product-suggestion":["https:\/\/recambiosecogas.com\/wp-content\/uploads\/2025\/01\/Deposito-de-gas-combustible-58-litros-630x225-mm-64x64.webp",64,64,true]},"uagb_author_info":{"display_name":"Fran - Soporte T\u00e9cnico","author_link":"https:\/\/recambiosecogas.com\/pt-pt\/author\/"},"uagb_comment_info":0,"uagb_excerpt":"CAMPKO","_links":{"self":[{"href":"https:\/\/recambiosecogas.com\/pt-pt\/wp-json\/wp\/v2\/product\/14568","targetHints":{"allow":["GET"]}}],"collection":[{"href":"https:\/\/recambiosecogas.com\/pt-pt\/wp-json\/wp\/v2\/product"}],"about":[{"href":"https:\/\/recambiosecogas.com\/pt-pt\/wp-json\/wp\/v2\/types\/product"}],"replies":[{"embeddable":true,"href":"https:\/\/recambiosecogas.com\/pt-pt\/wp-json\/wp\/v2\/comments?post=14568"}],"wp:featuredmedia":[{"embeddable":true,"href":"https:\/\/recambiosecogas.com\/pt-pt\/wp-json\/wp\/v2\/media\/17051"}],"wp:attachment":[{"href":"https:\/\/recambiosecogas.com\/pt-pt\/wp-json\/wp\/v2\/media?parent=14568"}],"wp:term":[{"taxonomy":"product_brand","embeddable":true,"href":"https:\/\/recambiosecogas.com\/pt-pt\/wp-json\/wp\/v2\/product_brand?post=14568"},{"taxonomy":"product_cat","embeddable":true,"href":"https:\/\/recambiosecogas.com\/pt-pt\/wp-json\/wp\/v2\/product_cat?post=14568"},{"taxonomy":"product_tag","embeddable":true,"href":"https:\/\/recambiosecogas.com\/pt-pt\/wp-json\/wp\/v2\/product_tag?post=14568"}],"curies":[{"name":"wp","href":"https:\/\/api.w.org\/{rel}","templated":true}]}}