{"id":14538,"date":"2025-01-14T18:43:13","date_gmt":"2025-01-14T17:43:13","guid":{"rendered":"https:\/\/recambiosecogas.com\/producto\/truma-levelcontrol-indicador-de-nivel-de-gas-indicador-de-nivel-de-la-botella-de-gas\/"},"modified":"2026-03-26T11:17:32","modified_gmt":"2026-03-26T10:17:32","slug":"truma-levelcontrol-indicador-de-nivel-de-gas-indicador-de-nivel-de-la-botella-de-gas","status":"publish","type":"product","link":"https:\/\/recambiosecogas.com\/pt-pt\/producto\/truma-levelcontrol-indicador-de-nivel-de-gas-indicador-de-nivel-de-la-botella-de-gas\/","title":{"rendered":"Truma LevelControl Indicador de nivel de gas, Indicador de nivel de la botella de gas"},"content":{"rendered":"<p>El <strong>Truma LevelControl<\/strong> es un innovador <strong>indicador de nivel de gas<\/strong> dise\u00f1ado para medir con precisi\u00f3n el contenido de botellas de gas propano y butano. Este dispositivo utiliza tecnolog\u00eda de ultrasonido para determinar el nivel de gas y transmite la informaci\u00f3n a trav\u00e9s de Bluetooth a la aplicaci\u00f3n Truma LevelControl, permitiendo un monitoreo c\u00f3modo y fiable desde tu smartphone.<\/p>\n<p>El Truma LevelControl es compatible con bombonas de gas de acero y aluminio con di\u00e1metros que oscilan entre <strong>200 y 350 mm<\/strong>. Su instalaci\u00f3n es sencilla, ya que se adhiere magn\u00e9ticamente a cualquier cilindro de acero y, gracias a una placa de sujeci\u00f3n, tambi\u00e9n se puede utilizar en bombonas de aluminio. Este dispositivo es ideal para quienes desean verificar el nivel de gas sin necesidad de inclinar la botella, facilitando el uso en cualquier situaci\u00f3n.<\/p>\n<p>Adem\u00e1s, el Truma LevelControl se integra f\u00e1cilmente en el sistema Truma iNet, lo que permite gestionar otros dispositivos como calefacciones y aires acondicionados a trav\u00e9s de la misma aplicaci\u00f3n. Para aquellos que desean comprobar el nivel de gas mientras conducen, se requiere la Truma iNet Box, que permite el acceso a los datos de medici\u00f3n en tiempo real.<\/p>\n<p>Entre las caracter\u00edsticas destacadas del Truma LevelControl se incluyen:<\/p>\n<ul>\n<li>Notificaci\u00f3n de bajo nivel de gas.<\/li>\n<li>Uso simult\u00e1neo de varios dispositivos LevelControl.<\/li>\n<li>Funcionalidad de medici\u00f3n precisa en porcentaje y kilogramos.<\/li>\n<li>F\u00e1cil instalaci\u00f3n y uso gracias a los imanes incorporados.<\/li>\n<li>Amplia base de datos que permite su uso con todas las bombonas de gas habituales en Europa.<\/li>\n<\/ul>\n<p>El Truma LevelControl no es adecuado para bombonas de pl\u00e1stico, dep\u00f3sitos de gas o bombonas de butano (camping gas). Este dispositivo es una herramienta esencial para quienes utilizan sistemas de <strong>Autogas<\/strong>, garantizando un control efectivo y seguro del nivel de gas en sus instalaciones.<\/p>\n","protected":false},"excerpt":{"rendered":"<p>Truma LevelControl, indicador de nivel de gas para botellas de Autogas, mide el nivel de gas y lo transmite a tu smartphone mediante Bluetooth.<\/p>\n","protected":false},"featured_media":17121,"comment_status":"open","ping_status":"closed","template":"","meta":{"_uag_custom_page_level_css":""},"product_brand":[992],"product_cat":[419],"product_tag":[],"class_list":{"0":"post-14538","1":"product","2":"type-product","3":"status-publish","4":"has-post-thumbnail","6":"product_brand-truma","7":"product_cat-indicadores-de-contenido","9":"first","10":"onbackorder","11":"taxable","12":"shipping-taxable","13":"purchasable","14":"product-type-simple"},"ct_brands":[{"id":992,"name":"TRUMA","slug":"truma"}],"yoast_head":"<!-- This site is optimized with the Yoast SEO Premium plugin v27.5 (Yoast SEO v27.5) - https:\/\/yoast.com\/product\/yoast-seo-premium-wordpress\/ -->\n<title>Truma LevelControl Indicador de Nivel de Gas | Recambios Ecogas<\/title>\n<meta name=\"description\" content=\"Truma LevelControl, indicador de nivel de gas para botellas de Autogas, mide el nivel de gas y lo transmite a tu smartphone mediante Bluetooth.\" \/>\n<meta name=\"robots\" content=\"index, follow, max-snippet:-1, max-image-preview:large, max-video-preview:-1\" \/>\n<link rel=\"canonical\" href=\"https:\/\/recambiosecogas.com\/pt-pt\/producto\/truma-levelcontrol-indicador-de-nivel-de-gas-indicador-de-nivel-de-la-botella-de-gas\/\" \/>\n<meta property=\"og:locale\" content=\"pt_PT\" \/>\n<meta property=\"og:type\" content=\"article\" \/>\n<meta property=\"og:title\" content=\"Truma LevelControl Indicador de nivel de gas, Indicador de nivel de la botella de gas\" \/>\n<meta property=\"og:description\" content=\"Truma LevelControl, indicador de nivel de gas para botellas de Autogas, mide el nivel de gas y lo transmite a tu smartphone mediante Bluetooth.\" \/>\n<meta property=\"og:url\" content=\"https:\/\/recambiosecogas.com\/pt-pt\/producto\/truma-levelcontrol-indicador-de-nivel-de-gas-indicador-de-nivel-de-la-botella-de-gas\/\" \/>\n<meta property=\"og:site_name\" content=\"Recambios EcoGas\" \/>\n<meta property=\"article:publisher\" content=\"https:\/\/www.facebook.com\/profile.php?id=100062419705358\" \/>\n<meta property=\"article:modified_time\" content=\"2026-03-26T10:17:32+00:00\" \/>\n<meta property=\"og:image\" content=\"https:\/\/recambiosecogas.com\/wp-content\/uploads\/2025\/01\/Truma-LevelControl-Indicador-de-nivel-de-gas-Indicador-de-nivel-de-la-botella-de-gas-png.webp\" \/>\n\t<meta property=\"og:image:width\" content=\"1000\" \/>\n\t<meta property=\"og:image:height\" content=\"1000\" \/>\n\t<meta property=\"og:image:type\" content=\"image\/png\" \/>\n<meta name=\"twitter:card\" content=\"summary_large_image\" \/>\n<meta name=\"twitter:label1\" content=\"pre\u00e7o\" \/>\n\t<meta name=\"twitter:data1\" content=\"214,76&nbsp;&euro; (Sin IVA: 177,49&nbsp;&euro;)\" \/>\n\t<meta name=\"twitter:label2\" content=\"Disponibilidade\" \/>\n\t<meta name=\"twitter:data2\" content=\"Por encomenda\" \/>\n<script type=\"application\/ld+json\" class=\"yoast-schema-graph\">{\"@context\":\"https:\\\/\\\/schema.org\",\"@graph\":[{\"@type\":\"WebPage\",\"@id\":\"https:\\\/\\\/recambiosecogas.com\\\/pt-pt\\\/producto\\\/truma-levelcontrol-indicador-de-nivel-de-gas-indicador-de-nivel-de-la-botella-de-gas\\\/\",\"url\":\"https:\\\/\\\/recambiosecogas.com\\\/pt-pt\\\/producto\\\/truma-levelcontrol-indicador-de-nivel-de-gas-indicador-de-nivel-de-la-botella-de-gas\\\/\",\"name\":\"Truma LevelControl Indicador de Nivel de Gas | Recambios Ecogas\",\"isPartOf\":{\"@id\":\"https:\\\/\\\/recambiosecogas.com\\\/pt-pt\\\/#website\"},\"primaryImageOfPage\":{\"@id\":\"https:\\\/\\\/recambiosecogas.com\\\/pt-pt\\\/producto\\\/truma-levelcontrol-indicador-de-nivel-de-gas-indicador-de-nivel-de-la-botella-de-gas\\\/#primaryimage\"},\"image\":{\"@id\":\"https:\\\/\\\/recambiosecogas.com\\\/pt-pt\\\/producto\\\/truma-levelcontrol-indicador-de-nivel-de-gas-indicador-de-nivel-de-la-botella-de-gas\\\/#primaryimage\"},\"thumbnailUrl\":\"https:\\\/\\\/recambiosecogas.com\\\/wp-content\\\/uploads\\\/2025\\\/01\\\/Truma-LevelControl-Indicador-de-nivel-de-gas-Indicador-de-nivel-de-la-botella-de-gas-png.webp\",\"datePublished\":\"2025-01-14T17:43:13+00:00\",\"dateModified\":\"2026-03-26T10:17:32+00:00\",\"description\":\"Truma LevelControl, indicador de nivel de gas para botellas de Autogas, mide el nivel de gas y lo transmite a tu smartphone mediante Bluetooth.\",\"breadcrumb\":{\"@id\":\"https:\\\/\\\/recambiosecogas.com\\\/pt-pt\\\/producto\\\/truma-levelcontrol-indicador-de-nivel-de-gas-indicador-de-nivel-de-la-botella-de-gas\\\/#breadcrumb\"},\"inLanguage\":\"pt-PT\",\"potentialAction\":[{\"@type\":\"ReadAction\",\"target\":[\"https:\\\/\\\/recambiosecogas.com\\\/pt-pt\\\/producto\\\/truma-levelcontrol-indicador-de-nivel-de-gas-indicador-de-nivel-de-la-botella-de-gas\\\/\"]}]},{\"@type\":\"ImageObject\",\"inLanguage\":\"pt-PT\",\"@id\":\"https:\\\/\\\/recambiosecogas.com\\\/pt-pt\\\/producto\\\/truma-levelcontrol-indicador-de-nivel-de-gas-indicador-de-nivel-de-la-botella-de-gas\\\/#primaryimage\",\"url\":\"https:\\\/\\\/recambiosecogas.com\\\/wp-content\\\/uploads\\\/2025\\\/01\\\/Truma-LevelControl-Indicador-de-nivel-de-gas-Indicador-de-nivel-de-la-botella-de-gas-png.webp\",\"contentUrl\":\"https:\\\/\\\/recambiosecogas.com\\\/wp-content\\\/uploads\\\/2025\\\/01\\\/Truma-LevelControl-Indicador-de-nivel-de-gas-Indicador-de-nivel-de-la-botella-de-gas-png.webp\",\"width\":1000,\"height\":1000},{\"@type\":\"BreadcrumbList\",\"@id\":\"https:\\\/\\\/recambiosecogas.com\\\/pt-pt\\\/producto\\\/truma-levelcontrol-indicador-de-nivel-de-gas-indicador-de-nivel-de-la-botella-de-gas\\\/#breadcrumb\",\"itemListElement\":[{\"@type\":\"ListItem\",\"position\":1,\"name\":\"P\u00e1gina inicial\",\"item\":\"https:\\\/\\\/recambiosecogas.com\\\/pt-pt\\\/\"},{\"@type\":\"ListItem\",\"position\":2,\"name\":\"Loja\",\"item\":\"https:\\\/\\\/recambiosecogas.com\\\/pt-pt\\\/tienda\\\/\"},{\"@type\":\"ListItem\",\"position\":3,\"name\":\"Truma LevelControl Indicador de nivel de gas, Indicador de nivel de la botella de gas\"}]},{\"@type\":\"WebSite\",\"@id\":\"https:\\\/\\\/recambiosecogas.com\\\/pt-pt\\\/#website\",\"url\":\"https:\\\/\\\/recambiosecogas.com\\\/pt-pt\\\/\",\"name\":\"Recambios EcoGas\",\"description\":\"Pe\u00e7as multimarca para sistemas de GPL\\\/GNC\\\/GNL\\\/Hidrog\u00e9nio\",\"publisher\":{\"@id\":\"https:\\\/\\\/recambiosecogas.com\\\/pt-pt\\\/#organization\"},\"alternateName\":\"Recambios Autogas GLP\",\"potentialAction\":[{\"@type\":\"SearchAction\",\"target\":{\"@type\":\"EntryPoint\",\"urlTemplate\":\"https:\\\/\\\/recambiosecogas.com\\\/pt-pt\\\/?s={search_term_string}\"},\"query-input\":{\"@type\":\"PropertyValueSpecification\",\"valueRequired\":true,\"valueName\":\"search_term_string\"}}],\"inLanguage\":\"pt-PT\"},{\"@type\":[\"Organization\",\"Place\"],\"@id\":\"https:\\\/\\\/recambiosecogas.com\\\/pt-pt\\\/#organization\",\"name\":\"Recambios EcoGas\",\"alternateName\":\"Loja de GPL Autog\u00e1s Espanha\",\"url\":\"https:\\\/\\\/recambiosecogas.com\\\/pt-pt\\\/\",\"logo\":{\"@id\":\"https:\\\/\\\/recambiosecogas.com\\\/pt-pt\\\/producto\\\/truma-levelcontrol-indicador-de-nivel-de-gas-indicador-de-nivel-de-la-botella-de-gas\\\/#local-main-organization-logo\"},\"image\":{\"@id\":\"https:\\\/\\\/recambiosecogas.com\\\/pt-pt\\\/producto\\\/truma-levelcontrol-indicador-de-nivel-de-gas-indicador-de-nivel-de-la-botella-de-gas\\\/#local-main-organization-logo\"},\"sameAs\":[\"https:\\\/\\\/www.facebook.com\\\/profile.php?id=100062419705358\",\"https:\\\/\\\/www.instagram.com\\\/segimon_automocio\"],\"description\":\"Recambios EcoGas \u2013 Venta y distribuci\u00f3n de sistemas GLP y GNC en Espa\u00f1a y Portugal. Env\u00edos 24 h, soporte t\u00e9cnico a talleres y distribuidores.\",\"hasMerchantReturnPolicy\":{\"@type\":\"MerchantReturnPolicy\",\"merchantReturnLink\":\"https:\\\/\\\/recambiosecogas.com\\\/politicas-privacidad\\\/\"},\"address\":{\"@id\":\"https:\\\/\\\/recambiosecogas.com\\\/pt-pt\\\/producto\\\/truma-levelcontrol-indicador-de-nivel-de-gas-indicador-de-nivel-de-la-botella-de-gas\\\/#local-main-place-address\"},\"telephone\":[\"616250633\"],\"contactPoint\":{\"@type\":\"ContactPoint\",\"email\":\"export@recambiosecogas.com\"},\"openingHoursSpecification\":[{\"@type\":\"OpeningHoursSpecification\",\"dayOfWeek\":[\"Monday\",\"Tuesday\",\"Wednesday\",\"Thursday\",\"Friday\",\"Saturday\",\"Sunday\"],\"opens\":\"09:00\",\"closes\":\"17:00\"}],\"email\":\"info@recambiosecogas.com\",\"faxNumber\":\"SEGIMON AUTOMOCION SL\",\"vatID\":\"ESB19819861\",\"globalLocationNumber\":\"938 616 339\"},{\"@type\":\"PostalAddress\",\"@id\":\"https:\\\/\\\/recambiosecogas.com\\\/pt-pt\\\/producto\\\/truma-levelcontrol-indicador-de-nivel-de-gas-indicador-de-nivel-de-la-botella-de-gas\\\/#local-main-place-address\",\"streetAddress\":\"cami antic de vic, 29 (Nave 3), Pol\u00edgono Industrial Congost\",\"addressLocality\":\"CORRO D`AVALL\",\"postalCode\":\"08520\",\"addressRegion\":\"Barcelona\",\"addressCountry\":\"ES\"},{\"@type\":\"ImageObject\",\"inLanguage\":\"pt-PT\",\"@id\":\"https:\\\/\\\/recambiosecogas.com\\\/pt-pt\\\/producto\\\/truma-levelcontrol-indicador-de-nivel-de-gas-indicador-de-nivel-de-la-botella-de-gas\\\/#local-main-organization-logo\",\"url\":\"https:\\\/\\\/recambiosecogas.com\\\/wp-content\\\/uploads\\\/2024\\\/11\\\/cropped-RECAMBIOS-GLP-png.webp\",\"contentUrl\":\"https:\\\/\\\/recambiosecogas.com\\\/wp-content\\\/uploads\\\/2024\\\/11\\\/cropped-RECAMBIOS-GLP-png.webp\",\"width\":512,\"height\":512,\"caption\":\"Recambios EcoGas\"}]}<\/script>\n<meta property=\"product:brand\" content=\"TRUMA\" \/>\n<meta property=\"product:price:amount\" content=\"214.76\" \/>\n<meta property=\"product:price:currency\" content=\"EUR\" \/>\n<meta property=\"og:availability\" content=\"backorder\" \/>\n<meta property=\"product:availability\" content=\"available for order\" \/>\n<meta property=\"product:retailer_item_id\" content=\"112003\" \/>\n<meta property=\"product:condition\" content=\"new\" \/>\n<meta name=\"geo.placename\" content=\"CORRO D`AVALL\" \/>\n<meta name=\"geo.region\" content=\"Espanha\" \/>\n<!-- \/ Yoast SEO Premium plugin. -->","yoast_head_json":{"title":"Truma LevelControl Indicador de Nivel de Gas | Recambios Ecogas","description":"Truma LevelControl, indicador de nivel de gas para botellas de Autogas, mide el nivel de gas y lo transmite a tu smartphone mediante Bluetooth.","robots":{"index":"index","follow":"follow","max-snippet":"max-snippet:-1","max-image-preview":"max-image-preview:large","max-video-preview":"max-video-preview:-1"},"canonical":"https:\/\/recambiosecogas.com\/pt-pt\/producto\/truma-levelcontrol-indicador-de-nivel-de-gas-indicador-de-nivel-de-la-botella-de-gas\/","og_locale":"pt_PT","og_type":"article","og_title":"Truma LevelControl Indicador de nivel de gas, Indicador de nivel de la botella de gas","og_description":"Truma LevelControl, indicador de nivel de gas para botellas de Autogas, mide el nivel de gas y lo transmite a tu smartphone mediante Bluetooth.","og_url":"https:\/\/recambiosecogas.com\/pt-pt\/producto\/truma-levelcontrol-indicador-de-nivel-de-gas-indicador-de-nivel-de-la-botella-de-gas\/","og_site_name":"Recambios EcoGas","article_publisher":"https:\/\/www.facebook.com\/profile.php?id=100062419705358","article_modified_time":"2026-03-26T10:17:32+00:00","og_image":[{"width":1000,"height":1000,"url":"https:\/\/recambiosecogas.com\/wp-content\/uploads\/2025\/01\/Truma-LevelControl-Indicador-de-nivel-de-gas-Indicador-de-nivel-de-la-botella-de-gas-png.webp","type":"image\/png"}],"twitter_card":"summary_large_image","twitter_misc":{"pre\u00e7o":"214,76&nbsp;&euro; (Sin IVA: 177,49&nbsp;&euro;)","Disponibilidade":"Por encomenda"},"schema":{"@context":"https:\/\/schema.org","@graph":[{"@type":"WebPage","@id":"https:\/\/recambiosecogas.com\/pt-pt\/producto\/truma-levelcontrol-indicador-de-nivel-de-gas-indicador-de-nivel-de-la-botella-de-gas\/","url":"https:\/\/recambiosecogas.com\/pt-pt\/producto\/truma-levelcontrol-indicador-de-nivel-de-gas-indicador-de-nivel-de-la-botella-de-gas\/","name":"Truma LevelControl Indicador de Nivel de Gas | Recambios Ecogas","isPartOf":{"@id":"https:\/\/recambiosecogas.com\/pt-pt\/#website"},"primaryImageOfPage":{"@id":"https:\/\/recambiosecogas.com\/pt-pt\/producto\/truma-levelcontrol-indicador-de-nivel-de-gas-indicador-de-nivel-de-la-botella-de-gas\/#primaryimage"},"image":{"@id":"https:\/\/recambiosecogas.com\/pt-pt\/producto\/truma-levelcontrol-indicador-de-nivel-de-gas-indicador-de-nivel-de-la-botella-de-gas\/#primaryimage"},"thumbnailUrl":"https:\/\/recambiosecogas.com\/wp-content\/uploads\/2025\/01\/Truma-LevelControl-Indicador-de-nivel-de-gas-Indicador-de-nivel-de-la-botella-de-gas-png.webp","datePublished":"2025-01-14T17:43:13+00:00","dateModified":"2026-03-26T10:17:32+00:00","description":"Truma LevelControl, indicador de nivel de gas para botellas de Autogas, mide el nivel de gas y lo transmite a tu smartphone mediante Bluetooth.","breadcrumb":{"@id":"https:\/\/recambiosecogas.com\/pt-pt\/producto\/truma-levelcontrol-indicador-de-nivel-de-gas-indicador-de-nivel-de-la-botella-de-gas\/#breadcrumb"},"inLanguage":"pt-PT","potentialAction":[{"@type":"ReadAction","target":["https:\/\/recambiosecogas.com\/pt-pt\/producto\/truma-levelcontrol-indicador-de-nivel-de-gas-indicador-de-nivel-de-la-botella-de-gas\/"]}]},{"@type":"ImageObject","inLanguage":"pt-PT","@id":"https:\/\/recambiosecogas.com\/pt-pt\/producto\/truma-levelcontrol-indicador-de-nivel-de-gas-indicador-de-nivel-de-la-botella-de-gas\/#primaryimage","url":"https:\/\/recambiosecogas.com\/wp-content\/uploads\/2025\/01\/Truma-LevelControl-Indicador-de-nivel-de-gas-Indicador-de-nivel-de-la-botella-de-gas-png.webp","contentUrl":"https:\/\/recambiosecogas.com\/wp-content\/uploads\/2025\/01\/Truma-LevelControl-Indicador-de-nivel-de-gas-Indicador-de-nivel-de-la-botella-de-gas-png.webp","width":1000,"height":1000},{"@type":"BreadcrumbList","@id":"https:\/\/recambiosecogas.com\/pt-pt\/producto\/truma-levelcontrol-indicador-de-nivel-de-gas-indicador-de-nivel-de-la-botella-de-gas\/#breadcrumb","itemListElement":[{"@type":"ListItem","position":1,"name":"P\u00e1gina inicial","item":"https:\/\/recambiosecogas.com\/pt-pt\/"},{"@type":"ListItem","position":2,"name":"Loja","item":"https:\/\/recambiosecogas.com\/pt-pt\/tienda\/"},{"@type":"ListItem","position":3,"name":"Truma LevelControl Indicador de nivel de gas, Indicador de nivel de la botella de gas"}]},{"@type":"WebSite","@id":"https:\/\/recambiosecogas.com\/pt-pt\/#website","url":"https:\/\/recambiosecogas.com\/pt-pt\/","name":"Recambios EcoGas","description":"Pe\u00e7as multimarca para sistemas de GPL\/GNC\/GNL\/Hidrog\u00e9nio","publisher":{"@id":"https:\/\/recambiosecogas.com\/pt-pt\/#organization"},"alternateName":"Recambios Autogas GLP","potentialAction":[{"@type":"SearchAction","target":{"@type":"EntryPoint","urlTemplate":"https:\/\/recambiosecogas.com\/pt-pt\/?s={search_term_string}"},"query-input":{"@type":"PropertyValueSpecification","valueRequired":true,"valueName":"search_term_string"}}],"inLanguage":"pt-PT"},{"@type":["Organization","Place"],"@id":"https:\/\/recambiosecogas.com\/pt-pt\/#organization","name":"Recambios EcoGas","alternateName":"Loja de GPL Autog\u00e1s Espanha","url":"https:\/\/recambiosecogas.com\/pt-pt\/","logo":{"@id":"https:\/\/recambiosecogas.com\/pt-pt\/producto\/truma-levelcontrol-indicador-de-nivel-de-gas-indicador-de-nivel-de-la-botella-de-gas\/#local-main-organization-logo"},"image":{"@id":"https:\/\/recambiosecogas.com\/pt-pt\/producto\/truma-levelcontrol-indicador-de-nivel-de-gas-indicador-de-nivel-de-la-botella-de-gas\/#local-main-organization-logo"},"sameAs":["https:\/\/www.facebook.com\/profile.php?id=100062419705358","https:\/\/www.instagram.com\/segimon_automocio"],"description":"Recambios EcoGas \u2013 Venta y distribuci\u00f3n de sistemas GLP y GNC en Espa\u00f1a y Portugal. Env\u00edos 24 h, soporte t\u00e9cnico a talleres y distribuidores.","hasMerchantReturnPolicy":{"@type":"MerchantReturnPolicy","merchantReturnLink":"https:\/\/recambiosecogas.com\/politicas-privacidad\/"},"address":{"@id":"https:\/\/recambiosecogas.com\/pt-pt\/producto\/truma-levelcontrol-indicador-de-nivel-de-gas-indicador-de-nivel-de-la-botella-de-gas\/#local-main-place-address"},"telephone":["616250633"],"contactPoint":{"@type":"ContactPoint","email":"export@recambiosecogas.com"},"openingHoursSpecification":[{"@type":"OpeningHoursSpecification","dayOfWeek":["Monday","Tuesday","Wednesday","Thursday","Friday","Saturday","Sunday"],"opens":"09:00","closes":"17:00"}],"email":"info@recambiosecogas.com","faxNumber":"SEGIMON AUTOMOCION SL","vatID":"ESB19819861","globalLocationNumber":"938 616 339"},{"@type":"PostalAddress","@id":"https:\/\/recambiosecogas.com\/pt-pt\/producto\/truma-levelcontrol-indicador-de-nivel-de-gas-indicador-de-nivel-de-la-botella-de-gas\/#local-main-place-address","streetAddress":"cami antic de vic, 29 (Nave 3), Pol\u00edgono Industrial Congost","addressLocality":"CORRO D`AVALL","postalCode":"08520","addressRegion":"Barcelona","addressCountry":"ES"},{"@type":"ImageObject","inLanguage":"pt-PT","@id":"https:\/\/recambiosecogas.com\/pt-pt\/producto\/truma-levelcontrol-indicador-de-nivel-de-gas-indicador-de-nivel-de-la-botella-de-gas\/#local-main-organization-logo","url":"https:\/\/recambiosecogas.com\/wp-content\/uploads\/2024\/11\/cropped-RECAMBIOS-GLP-png.webp","contentUrl":"https:\/\/recambiosecogas.com\/wp-content\/uploads\/2024\/11\/cropped-RECAMBIOS-GLP-png.webp","width":512,"height":512,"caption":"Recambios EcoGas"}]},"product_brand":"TRUMA","product_price_amount":"214.76","product_price_currency":"EUR","og_availability":"backorder","product_availability":"available for order","product_retailer_item_id":"112003","product_condition":"new","geo.placename":"CORRO D`AVALL","geo.region":"Espanha"},"uagb_featured_image_src":{"full":["https:\/\/recambiosecogas.com\/wp-content\/uploads\/2025\/01\/Truma-LevelControl-Indicador-de-nivel-de-gas-Indicador-de-nivel-de-la-botella-de-gas-png.webp",1000,1000,false],"thumbnail":["https:\/\/recambiosecogas.com\/wp-content\/uploads\/2025\/01\/Truma-LevelControl-Indicador-de-nivel-de-gas-Indicador-de-nivel-de-la-botella-de-gas-150x150.webp",150,150,true],"medium":["https:\/\/recambiosecogas.com\/wp-content\/uploads\/2025\/01\/Truma-LevelControl-Indicador-de-nivel-de-gas-Indicador-de-nivel-de-la-botella-de-gas-300x300.webp",300,300,true],"medium_large":["https:\/\/recambiosecogas.com\/wp-content\/uploads\/2025\/01\/Truma-LevelControl-Indicador-de-nivel-de-gas-Indicador-de-nivel-de-la-botella-de-gas-768x768.webp",768,768,true],"large":["https:\/\/recambiosecogas.com\/wp-content\/uploads\/2025\/01\/Truma-LevelControl-Indicador-de-nivel-de-gas-Indicador-de-nivel-de-la-botella-de-gas-png.webp",1000,1000,false],"1536x1536":["https:\/\/recambiosecogas.com\/wp-content\/uploads\/2025\/01\/Truma-LevelControl-Indicador-de-nivel-de-gas-Indicador-de-nivel-de-la-botella-de-gas-png.webp",1000,1000,false],"2048x2048":["https:\/\/recambiosecogas.com\/wp-content\/uploads\/2025\/01\/Truma-LevelControl-Indicador-de-nivel-de-gas-Indicador-de-nivel-de-la-botella-de-gas-png.webp",1000,1000,false],"woocommerce_archive_thumbnail":["https:\/\/recambiosecogas.com\/wp-content\/uploads\/2025\/01\/Truma-LevelControl-Indicador-de-nivel-de-gas-Indicador-de-nivel-de-la-botella-de-gas-png.webp",1000,1000,false],"woocommerce_thumbnail":["https:\/\/recambiosecogas.com\/wp-content\/uploads\/2025\/01\/Truma-LevelControl-Indicador-de-nivel-de-gas-Indicador-de-nivel-de-la-botella-de-gas-300x300.webp",300,300,true],"woocommerce_single":["https:\/\/recambiosecogas.com\/wp-content\/uploads\/2025\/01\/Truma-LevelControl-Indicador-de-nivel-de-gas-Indicador-de-nivel-de-la-botella-de-gas-png.webp",1000,1000,false],"woocommerce_gallery_thumbnail":["https:\/\/recambiosecogas.com\/wp-content\/uploads\/2025\/01\/Truma-LevelControl-Indicador-de-nivel-de-gas-Indicador-de-nivel-de-la-botella-de-gas-png.webp",1000,1000,false],"dgwt-wcas-product-suggestion":["https:\/\/recambiosecogas.com\/wp-content\/uploads\/2025\/01\/Truma-LevelControl-Indicador-de-nivel-de-gas-Indicador-de-nivel-de-la-botella-de-gas-64x64.webp",64,64,true]},"uagb_author_info":{"display_name":"Fran - Soporte T\u00e9cnico","author_link":"https:\/\/recambiosecogas.com\/pt-pt\/author\/"},"uagb_comment_info":0,"uagb_excerpt":"Truma LevelControl, indicador de nivel de gas para botellas de Autogas, mide el nivel de gas y lo transmite a tu smartphone mediante Bluetooth.","_links":{"self":[{"href":"https:\/\/recambiosecogas.com\/pt-pt\/wp-json\/wp\/v2\/product\/14538","targetHints":{"allow":["GET"]}}],"collection":[{"href":"https:\/\/recambiosecogas.com\/pt-pt\/wp-json\/wp\/v2\/product"}],"about":[{"href":"https:\/\/recambiosecogas.com\/pt-pt\/wp-json\/wp\/v2\/types\/product"}],"replies":[{"embeddable":true,"href":"https:\/\/recambiosecogas.com\/pt-pt\/wp-json\/wp\/v2\/comments?post=14538"}],"wp:featuredmedia":[{"embeddable":true,"href":"https:\/\/recambiosecogas.com\/pt-pt\/wp-json\/wp\/v2\/media\/17121"}],"wp:attachment":[{"href":"https:\/\/recambiosecogas.com\/pt-pt\/wp-json\/wp\/v2\/media?parent=14538"}],"wp:term":[{"taxonomy":"product_brand","embeddable":true,"href":"https:\/\/recambiosecogas.com\/pt-pt\/wp-json\/wp\/v2\/product_brand?post=14538"},{"taxonomy":"product_cat","embeddable":true,"href":"https:\/\/recambiosecogas.com\/pt-pt\/wp-json\/wp\/v2\/product_cat?post=14538"},{"taxonomy":"product_tag","embeddable":true,"href":"https:\/\/recambiosecogas.com\/pt-pt\/wp-json\/wp\/v2\/product_tag?post=14538"}],"curies":[{"name":"wp","href":"https:\/\/api.w.org\/{rel}","templated":true}]}}