{"id":14483,"date":"2025-01-14T18:42:42","date_gmt":"2025-01-14T17:42:42","guid":{"rendered":"https:\/\/recambiosecogas.com\/producto\/gok-bloque-de-distribucion-de-3-vias-8-mm-salida-8-mm\/"},"modified":"2026-03-26T09:01:30","modified_gmt":"2026-03-26T08:01:30","slug":"gok-bloque-de-distribucion-de-3-vias-8-mm-salida-8-mm","status":"publish","type":"product","link":"https:\/\/recambiosecogas.com\/pt-pt\/produto\/gok-bloque-de-distribucion-de-3-vias-8-mm-salida-8-mm\/","title":{"rendered":"GOK bloque de distribuci\u00f3n de 3 v\u00edas 8 mm salida 8 mm"},"content":{"rendered":"<p>El <strong>bloque distribuidor de 3 v\u00edas GOK 8mm<\/strong> es un componente esencial para sistemas de <strong>Autogas<\/strong>, dise\u00f1ado para gestionar el suministro de gas a diferentes aparatos de consumo, como cocinas, placas de cocci\u00f3n, frigor\u00edficos y calderas. Este dispositivo permite abrir y cerrar el flujo de gas de manera eficiente, garantizando un funcionamiento seguro y controlado.<\/p>\n<p>Este bloque distribuidor cuenta con una entrada y salidas de <strong>8mm<\/strong>, lo que lo hace compatible con diversas instalaciones de gas. Su dise\u00f1o cumple con las normativas de seguridad, incluyendo la <strong>DIN 4817-1<\/strong> y ha sido probado por <strong>DVGW<\/strong>, asegurando su calidad y fiabilidad en el uso diario.<\/p>\n<p>La instalaci\u00f3n de este bloque distribuidor es fundamental en sistemas de Autogas, especialmente cuando se requiere un control preciso del suministro de gas. Es recomendable verificar las conexiones y el estado del dispositivo antes de su instalaci\u00f3n para asegurar un rendimiento \u00f3ptimo.<\/p>\n<p>Si el bloque distribuidor presenta fallas, puede provocar interrupciones en el suministro de gas, lo que afectar\u00eda el funcionamiento de los aparatos conectados. Por ello, es crucial realizar un mantenimiento regular y reemplazar cualquier componente que muestre signos de desgaste o mal funcionamiento.<\/p>\n<h4>Datos t\u00e9cnicos<\/h4>\n<p>Entrada: <strong>8mm<\/strong>. Salidas: <strong>8mm<\/strong>.<\/p>\n<h4>S\u00edntomas de fallo<\/h4>\n<ul>\n<li>Fugas de gas en las conexiones.<\/li>\n<li>Dificultad para abrir o cerrar el suministro de gas.<\/li>\n<li>Ruidos inusuales al operar el bloque distribuidor.<\/li>\n<\/ul>\n<h4>Compatibilidad<\/h4>\n<p>Compatible con sistemas de <strong>Autogas<\/strong> que requieren bloques de distribuci\u00f3n de 8mm. Se recomienda verificar la referencia original antes de realizar la compra.<\/p>\n","protected":false},"excerpt":{"rendered":"<p>Bloque distribuidor de 3 v\u00edas GOK 8mm, ideal para sistemas de Autogas. Controla el suministro de gas a diversos aparatos de consumo.<\/p>\n","protected":false},"featured_media":17227,"comment_status":"open","ping_status":"closed","template":"","meta":{"googlesitekit_rrm_CAowud7EDA:productID":"","_uag_custom_page_level_css":""},"product_brand":[991],"product_cat":[450],"product_tag":[],"class_list":{"0":"post-14483","1":"product","2":"type-product","3":"status-publish","4":"has-post-thumbnail","6":"product_brand-gok","7":"product_cat-llaves-de-paso-bloques-de-distribucion-de-gas","9":"first","10":"onbackorder","11":"taxable","12":"shipping-taxable","13":"purchasable","14":"product-type-simple"},"ct_brands":[{"id":991,"name":"GOK","slug":"gok"}],"yoast_head":"<!-- This site is optimized with the Yoast SEO Premium plugin v27.2 (Yoast SEO v27.2) - https:\/\/yoast.com\/product\/yoast-seo-premium-wordpress\/ -->\n<title>Bloque Distribuidor de 3 V\u00edas 8mm para Gas | Recambios Ecogas<\/title>\n<meta name=\"description\" content=\"Bloque distribuidor de 3 v\u00edas GOK 8mm, ideal para sistemas de Autogas. Controla el suministro de gas a diversos aparatos de consumo.\" \/>\n<meta name=\"robots\" content=\"index, follow, max-snippet:-1, max-image-preview:large, max-video-preview:-1\" \/>\n<link rel=\"canonical\" href=\"https:\/\/recambiosecogas.com\/pt-pt\/produto\/gok-bloque-de-distribucion-de-3-vias-8-mm-salida-8-mm\/\" \/>\n<meta property=\"og:locale\" content=\"pt_PT\" \/>\n<meta property=\"og:type\" content=\"article\" \/>\n<meta property=\"og:title\" content=\"GOK bloque de distribuci\u00f3n de 3 v\u00edas 8 mm salida 8 mm\" \/>\n<meta property=\"og:description\" content=\"Bloque distribuidor de 3 v\u00edas GOK 8mm, ideal para sistemas de Autogas. Controla el suministro de gas a diversos aparatos de consumo.\" \/>\n<meta property=\"og:url\" content=\"https:\/\/recambiosecogas.com\/pt-pt\/produto\/gok-bloque-de-distribucion-de-3-vias-8-mm-salida-8-mm\/\" \/>\n<meta property=\"og:site_name\" content=\"Recambios EcoGas\" \/>\n<meta property=\"article:publisher\" content=\"https:\/\/www.facebook.com\/profile.php?id=100062419705358\" \/>\n<meta property=\"article:modified_time\" content=\"2026-03-26T08:01:30+00:00\" \/>\n<meta property=\"og:image\" content=\"http:\/\/recambiosecogas.com\/wp-content\/uploads\/2025\/01\/GOK-bloque-de-distribucion-de-3-vias-10-mm-salida-8-mm-png.webp\" \/>\n\t<meta property=\"og:image:width\" content=\"1000\" \/>\n\t<meta property=\"og:image:height\" content=\"1000\" \/>\n\t<meta property=\"og:image:type\" content=\"image\/png\" \/>\n<meta name=\"twitter:card\" content=\"summary_large_image\" \/>\n<meta name=\"twitter:label1\" content=\"pre\u00e7o\" \/>\n\t<meta name=\"twitter:data1\" content=\"126,21&nbsp;&euro; (IVA incl.: 152,71&nbsp;&euro;)\" \/>\n\t<meta name=\"twitter:label2\" content=\"Disponibilidade\" \/>\n\t<meta name=\"twitter:data2\" content=\"Por encomenda\" \/>\n<script type=\"application\/ld+json\" class=\"yoast-schema-graph\">{\"@context\":\"https:\/\/schema.org\",\"@graph\":[{\"@type\":\"WebPage\",\"@id\":\"https:\/\/recambiosecogas.com\/pt-pt\/produto\/gok-bloque-de-distribucion-de-3-vias-8-mm-salida-8-mm\/\",\"url\":\"https:\/\/recambiosecogas.com\/pt-pt\/produto\/gok-bloque-de-distribucion-de-3-vias-8-mm-salida-8-mm\/\",\"name\":\"Bloque Distribuidor de 3 V\u00edas 8mm para Gas | Recambios Ecogas\",\"isPartOf\":{\"@id\":\"https:\/\/recambiosecogas.com\/pt-pt\/#website\"},\"primaryImageOfPage\":{\"@id\":\"https:\/\/recambiosecogas.com\/pt-pt\/produto\/gok-bloque-de-distribucion-de-3-vias-8-mm-salida-8-mm\/#primaryimage\"},\"image\":{\"@id\":\"https:\/\/recambiosecogas.com\/pt-pt\/produto\/gok-bloque-de-distribucion-de-3-vias-8-mm-salida-8-mm\/#primaryimage\"},\"thumbnailUrl\":\"https:\/\/recambiosecogas.com\/wp-content\/uploads\/2025\/01\/GOK-bloque-de-distribucion-de-3-vias-10-mm-salida-8-mm-png.webp\",\"datePublished\":\"2025-01-14T17:42:42+00:00\",\"dateModified\":\"2026-03-26T08:01:30+00:00\",\"description\":\"Bloque distribuidor de 3 v\u00edas GOK 8mm, ideal para sistemas de Autogas. Controla el suministro de gas a diversos aparatos de consumo.\",\"breadcrumb\":{\"@id\":\"https:\/\/recambiosecogas.com\/pt-pt\/produto\/gok-bloque-de-distribucion-de-3-vias-8-mm-salida-8-mm\/#breadcrumb\"},\"inLanguage\":\"pt-PT\",\"potentialAction\":[{\"@type\":\"ReadAction\",\"target\":[\"https:\/\/recambiosecogas.com\/pt-pt\/produto\/gok-bloque-de-distribucion-de-3-vias-8-mm-salida-8-mm\/\"]}]},{\"@type\":\"ImageObject\",\"inLanguage\":\"pt-PT\",\"@id\":\"https:\/\/recambiosecogas.com\/pt-pt\/produto\/gok-bloque-de-distribucion-de-3-vias-8-mm-salida-8-mm\/#primaryimage\",\"url\":\"https:\/\/recambiosecogas.com\/wp-content\/uploads\/2025\/01\/GOK-bloque-de-distribucion-de-3-vias-10-mm-salida-8-mm-png.webp\",\"contentUrl\":\"https:\/\/recambiosecogas.com\/wp-content\/uploads\/2025\/01\/GOK-bloque-de-distribucion-de-3-vias-10-mm-salida-8-mm-png.webp\",\"width\":1000,\"height\":1000},{\"@type\":\"BreadcrumbList\",\"@id\":\"https:\/\/recambiosecogas.com\/pt-pt\/produto\/gok-bloque-de-distribucion-de-3-vias-8-mm-salida-8-mm\/#breadcrumb\",\"itemListElement\":[{\"@type\":\"ListItem\",\"position\":1,\"name\":\"P\u00e1gina inicial\",\"item\":\"https:\/\/recambiosecogas.com\/pt-pt\/\"},{\"@type\":\"ListItem\",\"position\":2,\"name\":\"Loja\",\"item\":\"https:\/\/recambiosecogas.com\/pt-pt\/loja\/\"},{\"@type\":\"ListItem\",\"position\":3,\"name\":\"GOK bloque de distribuci\u00f3n de 3 v\u00edas 8 mm salida 8 mm\"}]},{\"@type\":\"WebSite\",\"@id\":\"https:\/\/recambiosecogas.com\/pt-pt\/#website\",\"url\":\"https:\/\/recambiosecogas.com\/pt-pt\/\",\"name\":\"Recambios EcoGas\",\"description\":\"Pe\u00e7as multimarca para sistemas de GPL\/GNC\/GNL\/Hidrog\u00e9nio\",\"publisher\":{\"@id\":\"https:\/\/recambiosecogas.com\/pt-pt\/#organization\"},\"alternateName\":\"Recambios Autogas GLP\",\"potentialAction\":[{\"@type\":\"SearchAction\",\"target\":{\"@type\":\"EntryPoint\",\"urlTemplate\":\"https:\/\/recambiosecogas.com\/pt-pt\/?s={search_term_string}\"},\"query-input\":{\"@type\":\"PropertyValueSpecification\",\"valueRequired\":true,\"valueName\":\"search_term_string\"}}],\"inLanguage\":\"pt-PT\"},{\"@type\":[\"Organization\",\"Place\"],\"@id\":\"https:\/\/recambiosecogas.com\/pt-pt\/#organization\",\"name\":\"Recambios EcoGas\",\"alternateName\":\"Loja de GPL Autog\u00e1s Espanha\",\"url\":\"https:\/\/recambiosecogas.com\/pt-pt\/\",\"logo\":{\"@id\":\"https:\/\/recambiosecogas.com\/pt-pt\/produto\/gok-bloque-de-distribucion-de-3-vias-8-mm-salida-8-mm\/#local-main-organization-logo\"},\"image\":{\"@id\":\"https:\/\/recambiosecogas.com\/pt-pt\/produto\/gok-bloque-de-distribucion-de-3-vias-8-mm-salida-8-mm\/#local-main-organization-logo\"},\"sameAs\":[\"https:\/\/www.facebook.com\/profile.php?id=100062419705358\",\"https:\/\/www.instagram.com\/segimon_automocio\"],\"description\":\"Recambios EcoGas \u2013 Venta y distribuci\u00f3n de sistemas GLP y GNC en Espa\u00f1a y Portugal. Env\u00edos 24 h, soporte t\u00e9cnico a talleres y distribuidores.\",\"hasMerchantReturnPolicy\":{\"@type\":\"MerchantReturnPolicy\",\"merchantReturnLink\":\"https:\/\/recambiosecogas.com\/politicas-privacidad\/\"},\"address\":{\"@id\":\"https:\/\/recambiosecogas.com\/pt-pt\/produto\/gok-bloque-de-distribucion-de-3-vias-8-mm-salida-8-mm\/#local-main-place-address\"},\"telephone\":[\"616250633\"],\"contactPoint\":{\"@type\":\"ContactPoint\",\"email\":\"export@recambiosecogas.com\"},\"openingHoursSpecification\":[{\"@type\":\"OpeningHoursSpecification\",\"dayOfWeek\":[\"Monday\",\"Tuesday\",\"Wednesday\",\"Thursday\",\"Friday\",\"Saturday\",\"Sunday\"],\"opens\":\"09:00\",\"closes\":\"17:00\"}],\"email\":\"info@recambiosecogas.com\",\"faxNumber\":\"SEGIMON AUTOMOCION SL\",\"vatID\":\"ESB19819861\",\"globalLocationNumber\":\"938 616 339\"},{\"@type\":\"PostalAddress\",\"@id\":\"https:\/\/recambiosecogas.com\/pt-pt\/produto\/gok-bloque-de-distribucion-de-3-vias-8-mm-salida-8-mm\/#local-main-place-address\",\"streetAddress\":\"cami antic de vic, 29 (Nave 3), Pol\u00edgono Industrial Congost\",\"addressLocality\":\"CORRO D`AVALL\",\"postalCode\":\"08520\",\"addressRegion\":\"Barcelona\",\"addressCountry\":\"ES\"},{\"@type\":\"ImageObject\",\"inLanguage\":\"pt-PT\",\"@id\":\"https:\/\/recambiosecogas.com\/pt-pt\/produto\/gok-bloque-de-distribucion-de-3-vias-8-mm-salida-8-mm\/#local-main-organization-logo\",\"url\":\"https:\/\/recambiosecogas.com\/wp-content\/uploads\/2024\/11\/cropped-RECAMBIOS-GLP-png.webp\",\"contentUrl\":\"https:\/\/recambiosecogas.com\/wp-content\/uploads\/2024\/11\/cropped-RECAMBIOS-GLP-png.webp\",\"width\":512,\"height\":512,\"caption\":\"Recambios EcoGas\"}]}<\/script>\n<meta property=\"product:brand\" content=\"GOK\" \/>\n<meta property=\"product:price:amount\" content=\"126.21\" \/>\n<meta property=\"product:price:currency\" content=\"EUR\" \/>\n<meta property=\"og:availability\" content=\"backorder\" \/>\n<meta property=\"product:availability\" content=\"available for order\" \/>\n<meta property=\"product:retailer_item_id\" content=\"106130A\" \/>\n<meta property=\"product:condition\" content=\"new\" \/>\n<meta name=\"geo.placename\" content=\"CORRO D`AVALL\" \/>\n<meta name=\"geo.region\" content=\"Espanha\" \/>\n<!-- \/ Yoast SEO Premium plugin. -->","yoast_head_json":{"title":"Bloque Distribuidor de 3 V\u00edas 8mm para Gas | Recambios Ecogas","description":"Bloque distribuidor de 3 v\u00edas GOK 8mm, ideal para sistemas de Autogas. Controla el suministro de gas a diversos aparatos de consumo.","robots":{"index":"index","follow":"follow","max-snippet":"max-snippet:-1","max-image-preview":"max-image-preview:large","max-video-preview":"max-video-preview:-1"},"canonical":"https:\/\/recambiosecogas.com\/pt-pt\/produto\/gok-bloque-de-distribucion-de-3-vias-8-mm-salida-8-mm\/","og_locale":"pt_PT","og_type":"article","og_title":"GOK bloque de distribuci\u00f3n de 3 v\u00edas 8 mm salida 8 mm","og_description":"Bloque distribuidor de 3 v\u00edas GOK 8mm, ideal para sistemas de Autogas. Controla el suministro de gas a diversos aparatos de consumo.","og_url":"https:\/\/recambiosecogas.com\/pt-pt\/produto\/gok-bloque-de-distribucion-de-3-vias-8-mm-salida-8-mm\/","og_site_name":"Recambios EcoGas","article_publisher":"https:\/\/www.facebook.com\/profile.php?id=100062419705358","article_modified_time":"2026-03-26T08:01:30+00:00","og_image":[{"width":1000,"height":1000,"url":"http:\/\/recambiosecogas.com\/wp-content\/uploads\/2025\/01\/GOK-bloque-de-distribucion-de-3-vias-10-mm-salida-8-mm-png.webp","type":"image\/png"}],"twitter_card":"summary_large_image","twitter_misc":{"pre\u00e7o":"126,21&nbsp;&euro; (IVA incl.: 152,71&nbsp;&euro;)","Disponibilidade":"Por encomenda"},"schema":{"@context":"https:\/\/schema.org","@graph":[{"@type":"WebPage","@id":"https:\/\/recambiosecogas.com\/pt-pt\/produto\/gok-bloque-de-distribucion-de-3-vias-8-mm-salida-8-mm\/","url":"https:\/\/recambiosecogas.com\/pt-pt\/produto\/gok-bloque-de-distribucion-de-3-vias-8-mm-salida-8-mm\/","name":"Bloque Distribuidor de 3 V\u00edas 8mm para Gas | Recambios Ecogas","isPartOf":{"@id":"https:\/\/recambiosecogas.com\/pt-pt\/#website"},"primaryImageOfPage":{"@id":"https:\/\/recambiosecogas.com\/pt-pt\/produto\/gok-bloque-de-distribucion-de-3-vias-8-mm-salida-8-mm\/#primaryimage"},"image":{"@id":"https:\/\/recambiosecogas.com\/pt-pt\/produto\/gok-bloque-de-distribucion-de-3-vias-8-mm-salida-8-mm\/#primaryimage"},"thumbnailUrl":"https:\/\/recambiosecogas.com\/wp-content\/uploads\/2025\/01\/GOK-bloque-de-distribucion-de-3-vias-10-mm-salida-8-mm-png.webp","datePublished":"2025-01-14T17:42:42+00:00","dateModified":"2026-03-26T08:01:30+00:00","description":"Bloque distribuidor de 3 v\u00edas GOK 8mm, ideal para sistemas de Autogas. Controla el suministro de gas a diversos aparatos de consumo.","breadcrumb":{"@id":"https:\/\/recambiosecogas.com\/pt-pt\/produto\/gok-bloque-de-distribucion-de-3-vias-8-mm-salida-8-mm\/#breadcrumb"},"inLanguage":"pt-PT","potentialAction":[{"@type":"ReadAction","target":["https:\/\/recambiosecogas.com\/pt-pt\/produto\/gok-bloque-de-distribucion-de-3-vias-8-mm-salida-8-mm\/"]}]},{"@type":"ImageObject","inLanguage":"pt-PT","@id":"https:\/\/recambiosecogas.com\/pt-pt\/produto\/gok-bloque-de-distribucion-de-3-vias-8-mm-salida-8-mm\/#primaryimage","url":"https:\/\/recambiosecogas.com\/wp-content\/uploads\/2025\/01\/GOK-bloque-de-distribucion-de-3-vias-10-mm-salida-8-mm-png.webp","contentUrl":"https:\/\/recambiosecogas.com\/wp-content\/uploads\/2025\/01\/GOK-bloque-de-distribucion-de-3-vias-10-mm-salida-8-mm-png.webp","width":1000,"height":1000},{"@type":"BreadcrumbList","@id":"https:\/\/recambiosecogas.com\/pt-pt\/produto\/gok-bloque-de-distribucion-de-3-vias-8-mm-salida-8-mm\/#breadcrumb","itemListElement":[{"@type":"ListItem","position":1,"name":"P\u00e1gina inicial","item":"https:\/\/recambiosecogas.com\/pt-pt\/"},{"@type":"ListItem","position":2,"name":"Loja","item":"https:\/\/recambiosecogas.com\/pt-pt\/loja\/"},{"@type":"ListItem","position":3,"name":"GOK bloque de distribuci\u00f3n de 3 v\u00edas 8 mm salida 8 mm"}]},{"@type":"WebSite","@id":"https:\/\/recambiosecogas.com\/pt-pt\/#website","url":"https:\/\/recambiosecogas.com\/pt-pt\/","name":"Recambios EcoGas","description":"Pe\u00e7as multimarca para sistemas de GPL\/GNC\/GNL\/Hidrog\u00e9nio","publisher":{"@id":"https:\/\/recambiosecogas.com\/pt-pt\/#organization"},"alternateName":"Recambios Autogas GLP","potentialAction":[{"@type":"SearchAction","target":{"@type":"EntryPoint","urlTemplate":"https:\/\/recambiosecogas.com\/pt-pt\/?s={search_term_string}"},"query-input":{"@type":"PropertyValueSpecification","valueRequired":true,"valueName":"search_term_string"}}],"inLanguage":"pt-PT"},{"@type":["Organization","Place"],"@id":"https:\/\/recambiosecogas.com\/pt-pt\/#organization","name":"Recambios EcoGas","alternateName":"Loja de GPL Autog\u00e1s Espanha","url":"https:\/\/recambiosecogas.com\/pt-pt\/","logo":{"@id":"https:\/\/recambiosecogas.com\/pt-pt\/produto\/gok-bloque-de-distribucion-de-3-vias-8-mm-salida-8-mm\/#local-main-organization-logo"},"image":{"@id":"https:\/\/recambiosecogas.com\/pt-pt\/produto\/gok-bloque-de-distribucion-de-3-vias-8-mm-salida-8-mm\/#local-main-organization-logo"},"sameAs":["https:\/\/www.facebook.com\/profile.php?id=100062419705358","https:\/\/www.instagram.com\/segimon_automocio"],"description":"Recambios EcoGas \u2013 Venta y distribuci\u00f3n de sistemas GLP y GNC en Espa\u00f1a y Portugal. Env\u00edos 24 h, soporte t\u00e9cnico a talleres y distribuidores.","hasMerchantReturnPolicy":{"@type":"MerchantReturnPolicy","merchantReturnLink":"https:\/\/recambiosecogas.com\/politicas-privacidad\/"},"address":{"@id":"https:\/\/recambiosecogas.com\/pt-pt\/produto\/gok-bloque-de-distribucion-de-3-vias-8-mm-salida-8-mm\/#local-main-place-address"},"telephone":["616250633"],"contactPoint":{"@type":"ContactPoint","email":"export@recambiosecogas.com"},"openingHoursSpecification":[{"@type":"OpeningHoursSpecification","dayOfWeek":["Monday","Tuesday","Wednesday","Thursday","Friday","Saturday","Sunday"],"opens":"09:00","closes":"17:00"}],"email":"info@recambiosecogas.com","faxNumber":"SEGIMON AUTOMOCION SL","vatID":"ESB19819861","globalLocationNumber":"938 616 339"},{"@type":"PostalAddress","@id":"https:\/\/recambiosecogas.com\/pt-pt\/produto\/gok-bloque-de-distribucion-de-3-vias-8-mm-salida-8-mm\/#local-main-place-address","streetAddress":"cami antic de vic, 29 (Nave 3), Pol\u00edgono Industrial Congost","addressLocality":"CORRO D`AVALL","postalCode":"08520","addressRegion":"Barcelona","addressCountry":"ES"},{"@type":"ImageObject","inLanguage":"pt-PT","@id":"https:\/\/recambiosecogas.com\/pt-pt\/produto\/gok-bloque-de-distribucion-de-3-vias-8-mm-salida-8-mm\/#local-main-organization-logo","url":"https:\/\/recambiosecogas.com\/wp-content\/uploads\/2024\/11\/cropped-RECAMBIOS-GLP-png.webp","contentUrl":"https:\/\/recambiosecogas.com\/wp-content\/uploads\/2024\/11\/cropped-RECAMBIOS-GLP-png.webp","width":512,"height":512,"caption":"Recambios EcoGas"}]},"product_brand":"GOK","product_price_amount":"126.21","product_price_currency":"EUR","og_availability":"backorder","product_availability":"available for order","product_retailer_item_id":"106130A","product_condition":"new","geo.placename":"CORRO D`AVALL","geo.region":"Espanha"},"uagb_featured_image_src":{"full":["https:\/\/recambiosecogas.com\/wp-content\/uploads\/2025\/01\/GOK-bloque-de-distribucion-de-3-vias-10-mm-salida-8-mm-png.webp",1000,1000,false],"thumbnail":["https:\/\/recambiosecogas.com\/wp-content\/uploads\/2025\/01\/GOK-bloque-de-distribucion-de-3-vias-10-mm-salida-8-mm-150x150.webp",150,150,true],"medium":["https:\/\/recambiosecogas.com\/wp-content\/uploads\/2025\/01\/GOK-bloque-de-distribucion-de-3-vias-10-mm-salida-8-mm-300x300.webp",300,300,true],"medium_large":["https:\/\/recambiosecogas.com\/wp-content\/uploads\/2025\/01\/GOK-bloque-de-distribucion-de-3-vias-10-mm-salida-8-mm-768x768.webp",768,768,true],"large":["https:\/\/recambiosecogas.com\/wp-content\/uploads\/2025\/01\/GOK-bloque-de-distribucion-de-3-vias-10-mm-salida-8-mm-png.webp",1000,1000,false],"1536x1536":["https:\/\/recambiosecogas.com\/wp-content\/uploads\/2025\/01\/GOK-bloque-de-distribucion-de-3-vias-10-mm-salida-8-mm-png.webp",1000,1000,false],"2048x2048":["https:\/\/recambiosecogas.com\/wp-content\/uploads\/2025\/01\/GOK-bloque-de-distribucion-de-3-vias-10-mm-salida-8-mm-png.webp",1000,1000,false],"woocommerce_archive_thumbnail":["https:\/\/recambiosecogas.com\/wp-content\/uploads\/2025\/01\/GOK-bloque-de-distribucion-de-3-vias-10-mm-salida-8-mm-png.webp",1000,1000,false],"woocommerce_thumbnail":["https:\/\/recambiosecogas.com\/wp-content\/uploads\/2025\/01\/GOK-bloque-de-distribucion-de-3-vias-10-mm-salida-8-mm-300x300.webp",300,300,true],"woocommerce_single":["https:\/\/recambiosecogas.com\/wp-content\/uploads\/2025\/01\/GOK-bloque-de-distribucion-de-3-vias-10-mm-salida-8-mm-png.webp",1000,1000,false],"woocommerce_gallery_thumbnail":["https:\/\/recambiosecogas.com\/wp-content\/uploads\/2025\/01\/GOK-bloque-de-distribucion-de-3-vias-10-mm-salida-8-mm-png.webp",1000,1000,false],"dgwt-wcas-product-suggestion":["https:\/\/recambiosecogas.com\/wp-content\/uploads\/2025\/01\/GOK-bloque-de-distribucion-de-3-vias-10-mm-salida-8-mm-64x64.webp",64,64,true]},"uagb_author_info":{"display_name":"Fran - Soporte T\u00e9cnico","author_link":"https:\/\/recambiosecogas.com\/pt-pt\/author\/"},"uagb_comment_info":0,"uagb_excerpt":"Bloque distribuidor de 3 v\u00edas GOK 8mm, ideal para sistemas de Autogas. Controla el suministro de gas a diversos aparatos de consumo.","_links":{"self":[{"href":"https:\/\/recambiosecogas.com\/pt-pt\/wp-json\/wp\/v2\/product\/14483","targetHints":{"allow":["GET"]}}],"collection":[{"href":"https:\/\/recambiosecogas.com\/pt-pt\/wp-json\/wp\/v2\/product"}],"about":[{"href":"https:\/\/recambiosecogas.com\/pt-pt\/wp-json\/wp\/v2\/types\/product"}],"replies":[{"embeddable":true,"href":"https:\/\/recambiosecogas.com\/pt-pt\/wp-json\/wp\/v2\/comments?post=14483"}],"wp:featuredmedia":[{"embeddable":true,"href":"https:\/\/recambiosecogas.com\/pt-pt\/wp-json\/wp\/v2\/media\/17227"}],"wp:attachment":[{"href":"https:\/\/recambiosecogas.com\/pt-pt\/wp-json\/wp\/v2\/media?parent=14483"}],"wp:term":[{"taxonomy":"product_brand","embeddable":true,"href":"https:\/\/recambiosecogas.com\/pt-pt\/wp-json\/wp\/v2\/product_brand?post=14483"},{"taxonomy":"product_cat","embeddable":true,"href":"https:\/\/recambiosecogas.com\/pt-pt\/wp-json\/wp\/v2\/product_cat?post=14483"},{"taxonomy":"product_tag","embeddable":true,"href":"https:\/\/recambiosecogas.com\/pt-pt\/wp-json\/wp\/v2\/product_tag?post=14483"}],"curies":[{"name":"wp","href":"https:\/\/api.w.org\/{rel}","templated":true}]}}