{"id":12244,"date":"2024-12-23T14:32:09","date_gmt":"2024-12-23T14:32:09","guid":{"rendered":"https:\/\/recambiosecogas.com\/?post_type=product&#038;p=12244"},"modified":"2026-05-07T12:04:46","modified_gmt":"2026-05-07T11:04:46","slug":"conmutador-stag-led","status":"publish","type":"product","link":"https:\/\/recambiosecogas.com\/pt-pt\/producto\/conmutador-stag-led\/","title":{"rendered":"Conmutador STAG Led 600 Q-Box Vip"},"content":{"rendered":"<h1 data-start=\"269\" data-end=\"294\">Conmutador STAG LED 600<\/h1>\n<p data-start=\"296\" data-end=\"594\">El <strong data-start=\"299\" data-end=\"326\">Conmutador STAG LED 600<\/strong> es un dispositivo dise\u00f1ado para gestionar de forma precisa la transici\u00f3n entre gasolina y gas en sistemas Autogas GLP o GNC. Gracias a su interfaz LED intuitiva, permite visualizar el estado del sistema y realizar el cambio de combustible de manera sencilla y r\u00e1pida.<\/p>\n<p data-start=\"596\" data-end=\"955\">Optimiza tu conducci\u00f3n con este interruptor LED, facilitando una transici\u00f3n eficiente entre gasolina y gas. Compatible con veh\u00edculos DACIA, RENAULT, OPEL, MERCEDES, BMW, HYUNDAI, FIAT, PEUGEOT, CITRO\u00cbN, AUDI y VOLKSWAGEN, entre otros modelos equipados con sistema STAG. Mejora la gesti\u00f3n del combustible y disfruta de una conducci\u00f3n m\u00e1s econ\u00f3mica y eficiente.<\/p>\n<p data-start=\"957\" data-end=\"1097\">Su dise\u00f1o compacto y robusto facilita la integraci\u00f3n en el salpicadero del veh\u00edculo, garantizando durabilidad y fiabilidad en el uso diario.<\/p>\n<hr data-start=\"1099\" data-end=\"1102\" \/>\n<h2 data-start=\"1104\" data-end=\"1141\">Interruptor LED para sistemas STAG<\/h2>\n<div class=\"TyagGW_tableContainer\">\n<div class=\"group TyagGW_tableWrapper flex flex-col-reverse w-fit\" tabindex=\"-1\">\n<table class=\"w-fit min-w-(--thread-content-width)\" data-start=\"1143\" data-end=\"1420\">\n<thead data-start=\"1143\" data-end=\"1171\">\n<tr data-start=\"1143\" data-end=\"1171\">\n<th class=\"\" data-start=\"1143\" data-end=\"1160\" data-col-size=\"sm\">Caracter\u00edstica<\/th>\n<th class=\"\" data-start=\"1160\" data-end=\"1171\" data-col-size=\"sm\">Detalle<\/th>\n<\/tr>\n<\/thead>\n<tbody data-start=\"1201\" data-end=\"1420\">\n<tr data-start=\"1201\" data-end=\"1241\">\n<td data-start=\"1201\" data-end=\"1212\" data-col-size=\"sm\">Producto<\/td>\n<td data-start=\"1212\" data-end=\"1241\" data-col-size=\"sm\">Conmutador de combustible<\/td>\n<\/tr>\n<tr data-start=\"1242\" data-end=\"1258\">\n<td data-start=\"1242\" data-end=\"1250\" data-col-size=\"sm\">Marca<\/td>\n<td data-start=\"1250\" data-end=\"1258\" data-col-size=\"sm\">STAG<\/td>\n<\/tr>\n<tr data-start=\"1259\" data-end=\"1279\">\n<td data-start=\"1259\" data-end=\"1268\" data-col-size=\"sm\">Modelo<\/td>\n<td data-start=\"1268\" data-end=\"1279\" data-col-size=\"sm\">LED 600<\/td>\n<\/tr>\n<tr data-start=\"1280\" data-end=\"1308\">\n<td data-start=\"1280\" data-end=\"1292\" data-col-size=\"sm\">Indicador<\/td>\n<td data-start=\"1292\" data-end=\"1308\" data-col-size=\"sm\">LED luminoso<\/td>\n<\/tr>\n<tr data-start=\"1309\" data-end=\"1344\">\n<td data-start=\"1309\" data-end=\"1319\" data-col-size=\"sm\">Funci\u00f3n<\/td>\n<td data-start=\"1319\" data-end=\"1344\" data-col-size=\"sm\">Cambio gasolina \/ gas<\/td>\n<\/tr>\n<tr data-start=\"1345\" data-end=\"1380\">\n<td data-start=\"1345\" data-end=\"1358\" data-col-size=\"sm\">Aplicaci\u00f3n<\/td>\n<td data-start=\"1358\" data-end=\"1380\" data-col-size=\"sm\">Sistemas GLP \/ GNC<\/td>\n<\/tr>\n<tr data-start=\"1381\" data-end=\"1420\">\n<td data-start=\"1381\" data-end=\"1395\" data-col-size=\"sm\">Instalaci\u00f3n<\/td>\n<td data-start=\"1395\" data-end=\"1420\" data-col-size=\"sm\">Interior del veh\u00edculo<\/td>\n<\/tr>\n<\/tbody>\n<\/table>\n<\/div>\n<\/div>\n<hr data-start=\"1422\" data-end=\"1425\" \/>\n<h2 data-start=\"1427\" data-end=\"1476\">Compatibilidad con veh\u00edculos convertidos a gas<\/h2>\n<p data-start=\"1478\" data-end=\"1563\">Compatible con sistemas STAG instalados en veh\u00edculos de m\u00faltiples marcas, incluyendo:<\/p>\n<p data-start=\"1565\" data-end=\"1653\">DACIA, RENAULT, OPEL, MERCEDES, BMW, HYUNDAI, FIAT, PEUGEOT, CITRO\u00cbN, AUDI y VOLKSWAGEN.<\/p>\n<p data-start=\"1655\" data-end=\"1732\">Verificar compatibilidad con la centralita instalada antes de la sustituci\u00f3n.<\/p>\n<hr data-start=\"1734\" data-end=\"1737\" \/>\n<h2 data-start=\"1739\" data-end=\"1759\">Ventajas t\u00e9cnicas<\/h2>\n<ul data-start=\"1761\" data-end=\"1967\">\n<li data-start=\"1761\" data-end=\"1805\">\n<p data-start=\"1763\" data-end=\"1805\">Gesti\u00f3n r\u00e1pida del cambio de combustible<\/p>\n<\/li>\n<li data-start=\"1806\" data-end=\"1843\">\n<p data-start=\"1808\" data-end=\"1843\">Indicadores LED claros y visibles<\/p>\n<\/li>\n<li data-start=\"1844\" data-end=\"1895\">\n<p data-start=\"1846\" data-end=\"1895\">Dise\u00f1o compacto para integraci\u00f3n en salpicadero<\/p>\n<\/li>\n<li data-start=\"1896\" data-end=\"1924\">\n<p data-start=\"1898\" data-end=\"1924\">Funcionamiento intuitivo<\/p>\n<\/li>\n<li data-start=\"1925\" data-end=\"1967\">\n<p data-start=\"1927\" data-end=\"1967\">Recambio espec\u00edfico para sistemas STAG<\/p>\n<\/li>\n<\/ul>\n<hr data-start=\"1969\" data-end=\"1972\" \/>\n<h2 data-start=\"1974\" data-end=\"1980\">FAQ<\/h2>\n<p data-start=\"1982\" data-end=\"2093\"><strong data-start=\"1982\" data-end=\"2018\">\u00bfPara qu\u00e9 sirve este conmutador?<\/strong><br data-start=\"2018\" data-end=\"2021\" \/>Permite cambiar entre gasolina y gas y visualizar el estado del sistema.<\/p>\n<p data-start=\"2095\" data-end=\"2205\"><strong data-start=\"2095\" data-end=\"2142\">\u00bfEs compatible con todos los sistemas STAG?<\/strong><br data-start=\"2142\" data-end=\"2145\" \/>Debe verificarse compatibilidad con la centralita instalada.<\/p>\n<p data-start=\"2207\" data-end=\"2286\"><strong data-start=\"2207\" data-end=\"2235\">\u00bfFunciona con GLP y GNC?<\/strong><br data-start=\"2235\" data-end=\"2238\" \/>S\u00ed, dependiendo de la configuraci\u00f3n del sistema.<\/p>\n<p data-start=\"2288\" data-end=\"2381\"><strong data-start=\"2288\" data-end=\"2326\">\u00bfRequiere instalaci\u00f3n profesional?<\/strong><br data-start=\"2326\" data-end=\"2329\" \/>Se recomienda instalaci\u00f3n por t\u00e9cnico especializado.<\/p>\n","protected":false},"excerpt":{"rendered":"<div class=\"flex flex-col text-sm pb-25\">\n<article class=\"text-token-text-primary w-full focus:outline-none [--shadow-height:45px] has-data-writing-block:pointer-events-none has-data-writing-block:-mt-(--shadow-height) has-data-writing-block:pt-(--shadow-height) [&amp;:has([data-writing-block])&gt;*]:pointer-events-auto scroll-mt-[calc(var(--header-height)+min(200px,max(70px,20svh)))]\" dir=\"auto\" tabindex=\"-1\" data-turn-id=\"request-WEB:b3bb4a5a-92e7-4fc9-8a3c-1f467c7c261b-90\" data-testid=\"conversation-turn-182\" data-scroll-anchor=\"true\" data-turn=\"assistant\">\n<div class=\"text-base my-auto mx-auto pb-10 [--thread-content-margin:--spacing(4)] @w-sm\/main:[--thread-content-margin:--spacing(6)] @w-lg\/main:[--thread-content-margin:--spacing(16)] px-(--thread-content-margin)\">\n<div class=\"[--thread-content-max-width:40rem] @w-lg\/main:[--thread-content-max-width:48rem] mx-auto max-w-(--thread-content-max-width) flex-1 group\/turn-messages focus-visible:outline-hidden relative flex w-full min-w-0 flex-col agent-turn\" tabindex=\"-1\">\n<div class=\"flex max-w-full flex-col grow\">\n<div class=\"min-h-8 text-message relative flex w-full flex-col items-end gap-2 text-start break-words whitespace-normal [.text-message+&amp;]:mt-1\" dir=\"auto\" data-message-author-role=\"assistant\" data-message-id=\"bf7614ba-5374-482e-bae9-236cc7a9fdeb\" data-message-model-slug=\"gpt-5-2\">\n<div class=\"flex w-full flex-col gap-1 empty:hidden first:pt-[1px]\">\n<div class=\"markdown prose dark:prose-invert w-full wrap-break-word light markdown-new-styling\">\n<p data-start=\"2741\" data-end=\"2867\" data-is-last-node=\"\" data-is-only-node=\"\">Conmutador STAG LED 600 para gesti\u00f3n del cambio gasolina-gas en sistemas Autogas GLP y GNC. Dise\u00f1o compacto con indicador LED.<\/p>\n<\/div>\n<\/div>\n<\/div>\n<\/div>\n<div class=\"z-0 flex min-h-[46px] justify-start\"><\/div>\n<div class=\"mt-3 w-full empty:hidden\">\n<div class=\"text-center\"><\/div>\n<\/div>\n<\/div>\n<\/div>\n<\/article>\n<\/div>\n<div class=\"pointer-events-none h-px w-px absolute bottom-0\" aria-hidden=\"true\" data-edge=\"true\"><\/div>\n","protected":false},"featured_media":12392,"comment_status":"open","ping_status":"closed","template":"","meta":{"_uag_custom_page_level_css":""},"product_brand":[107],"product_cat":[1665,1525,1537],"product_tag":[],"class_list":{"0":"post-12244","1":"product","2":"type-product","3":"status-publish","4":"has-post-thumbnail","6":"product_brand-ac-stag","7":"product_cat-ac-stag-pt-pt","8":"product_cat-eletronica","9":"product_cat-interruptores-pt-pt","11":"first","12":"onbackorder","13":"taxable","14":"shipping-taxable","15":"purchasable","16":"product-type-simple"},"ct_brands":[{"id":107,"name":"AC STAG","slug":"ac-stag"}],"yoast_head":"<!-- This site is optimized with the Yoast SEO Premium plugin v27.5 (Yoast SEO v27.5) - https:\/\/yoast.com\/product\/yoast-seo-premium-wordpress\/ -->\n<title>Conmutador STAG Led 600 Q-Box Vip | Recambios EcoGas | Sistemas GLP y GNC<\/title>\n<meta name=\"description\" content=\"Conmutador STAG LED 600 para sistemas Autogas GLP y GNC. Interruptor con indicador LED para cambio gasolina-gas. Compatible con m\u00faltiples marcas.\" \/>\n<meta name=\"robots\" content=\"index, follow, max-snippet:-1, max-image-preview:large, max-video-preview:-1\" \/>\n<link rel=\"canonical\" href=\"https:\/\/recambiosecogas.com\/pt-pt\/producto\/conmutador-stag-led\/\" \/>\n<meta property=\"og:locale\" content=\"pt_PT\" \/>\n<meta property=\"og:type\" content=\"article\" \/>\n<meta property=\"og:title\" content=\"Conmutador STAG Led 600 Q-Box Vip\" \/>\n<meta property=\"og:description\" content=\"Conmutador STAG LED 600 para sistemas Autogas GLP y GNC. Interruptor con indicador LED para cambio gasolina-gas. Compatible con m\u00faltiples marcas.\" \/>\n<meta property=\"og:url\" content=\"https:\/\/recambiosecogas.com\/pt-pt\/producto\/conmutador-stag-led\/\" \/>\n<meta property=\"og:site_name\" content=\"Recambios EcoGas\" \/>\n<meta property=\"article:publisher\" content=\"https:\/\/www.facebook.com\/profile.php?id=100062419705358\" \/>\n<meta property=\"article:modified_time\" content=\"2026-05-07T11:04:46+00:00\" \/>\n<meta property=\"og:image\" content=\"https:\/\/recambiosecogas.com\/wp-content\/uploads\/2024\/12\/Conmutador-STAG-600x600-1-png.webp\" \/>\n\t<meta property=\"og:image:width\" content=\"600\" \/>\n\t<meta property=\"og:image:height\" content=\"600\" \/>\n\t<meta property=\"og:image:type\" content=\"image\/png\" \/>\n<meta name=\"twitter:card\" content=\"summary_large_image\" \/>\n<meta name=\"twitter:label1\" content=\"pre\u00e7o\" \/>\n\t<meta name=\"twitter:data1\" content=\"49,99&nbsp;&euro; (Sin IVA: 41,31&nbsp;&euro;)\" \/>\n\t<meta name=\"twitter:label2\" content=\"Disponibilidade\" \/>\n\t<meta name=\"twitter:data2\" content=\"Por encomenda\" \/>\n<script type=\"application\/ld+json\" class=\"yoast-schema-graph\">{\"@context\":\"https:\\\/\\\/schema.org\",\"@graph\":[{\"@type\":\"WebPage\",\"@id\":\"https:\\\/\\\/recambiosecogas.com\\\/pt-pt\\\/producto\\\/conmutador-stag-led\\\/\",\"url\":\"https:\\\/\\\/recambiosecogas.com\\\/pt-pt\\\/producto\\\/conmutador-stag-led\\\/\",\"name\":\"Conmutador STAG Led 600 Q-Box Vip | Recambios EcoGas | Sistemas GLP y GNC\",\"isPartOf\":{\"@id\":\"https:\\\/\\\/recambiosecogas.com\\\/pt-pt\\\/#website\"},\"primaryImageOfPage\":{\"@id\":\"https:\\\/\\\/recambiosecogas.com\\\/pt-pt\\\/producto\\\/conmutador-stag-led\\\/#primaryimage\"},\"image\":{\"@id\":\"https:\\\/\\\/recambiosecogas.com\\\/pt-pt\\\/producto\\\/conmutador-stag-led\\\/#primaryimage\"},\"thumbnailUrl\":\"https:\\\/\\\/recambiosecogas.com\\\/wp-content\\\/uploads\\\/2024\\\/12\\\/Conmutador-STAG-600x600-1-png.webp\",\"datePublished\":\"2024-12-23T14:32:09+00:00\",\"dateModified\":\"2026-05-07T11:04:46+00:00\",\"description\":\"Conmutador STAG LED 600 para sistemas Autogas GLP y GNC. Interruptor con indicador LED para cambio gasolina-gas. Compatible con m\u00faltiples marcas.\",\"breadcrumb\":{\"@id\":\"https:\\\/\\\/recambiosecogas.com\\\/pt-pt\\\/producto\\\/conmutador-stag-led\\\/#breadcrumb\"},\"inLanguage\":\"pt-PT\",\"potentialAction\":[{\"@type\":\"ReadAction\",\"target\":[\"https:\\\/\\\/recambiosecogas.com\\\/pt-pt\\\/producto\\\/conmutador-stag-led\\\/\"]}]},{\"@type\":\"ImageObject\",\"inLanguage\":\"pt-PT\",\"@id\":\"https:\\\/\\\/recambiosecogas.com\\\/pt-pt\\\/producto\\\/conmutador-stag-led\\\/#primaryimage\",\"url\":\"https:\\\/\\\/recambiosecogas.com\\\/wp-content\\\/uploads\\\/2024\\\/12\\\/Conmutador-STAG-600x600-1-png.webp\",\"contentUrl\":\"https:\\\/\\\/recambiosecogas.com\\\/wp-content\\\/uploads\\\/2024\\\/12\\\/Conmutador-STAG-600x600-1-png.webp\",\"width\":600,\"height\":600},{\"@type\":\"BreadcrumbList\",\"@id\":\"https:\\\/\\\/recambiosecogas.com\\\/pt-pt\\\/producto\\\/conmutador-stag-led\\\/#breadcrumb\",\"itemListElement\":[{\"@type\":\"ListItem\",\"position\":1,\"name\":\"P\u00e1gina inicial\",\"item\":\"https:\\\/\\\/recambiosecogas.com\\\/pt-pt\\\/\"},{\"@type\":\"ListItem\",\"position\":2,\"name\":\"Loja\",\"item\":\"https:\\\/\\\/recambiosecogas.com\\\/pt-pt\\\/tienda\\\/\"},{\"@type\":\"ListItem\",\"position\":3,\"name\":\"Conmutador STAG Led 600 Q-Box Vip\"}]},{\"@type\":\"WebSite\",\"@id\":\"https:\\\/\\\/recambiosecogas.com\\\/pt-pt\\\/#website\",\"url\":\"https:\\\/\\\/recambiosecogas.com\\\/pt-pt\\\/\",\"name\":\"Recambios EcoGas\",\"description\":\"Pe\u00e7as multimarca para sistemas de GPL\\\/GNC\\\/GNL\\\/Hidrog\u00e9nio\",\"publisher\":{\"@id\":\"https:\\\/\\\/recambiosecogas.com\\\/pt-pt\\\/#organization\"},\"alternateName\":\"Recambios Autogas GLP\",\"potentialAction\":[{\"@type\":\"SearchAction\",\"target\":{\"@type\":\"EntryPoint\",\"urlTemplate\":\"https:\\\/\\\/recambiosecogas.com\\\/pt-pt\\\/?s={search_term_string}\"},\"query-input\":{\"@type\":\"PropertyValueSpecification\",\"valueRequired\":true,\"valueName\":\"search_term_string\"}}],\"inLanguage\":\"pt-PT\"},{\"@type\":[\"Organization\",\"Place\"],\"@id\":\"https:\\\/\\\/recambiosecogas.com\\\/pt-pt\\\/#organization\",\"name\":\"Recambios EcoGas\",\"alternateName\":\"Loja de GPL Autog\u00e1s Espanha\",\"url\":\"https:\\\/\\\/recambiosecogas.com\\\/pt-pt\\\/\",\"logo\":{\"@id\":\"https:\\\/\\\/recambiosecogas.com\\\/pt-pt\\\/producto\\\/conmutador-stag-led\\\/#local-main-organization-logo\"},\"image\":{\"@id\":\"https:\\\/\\\/recambiosecogas.com\\\/pt-pt\\\/producto\\\/conmutador-stag-led\\\/#local-main-organization-logo\"},\"sameAs\":[\"https:\\\/\\\/www.facebook.com\\\/profile.php?id=100062419705358\",\"https:\\\/\\\/www.instagram.com\\\/segimon_automocio\"],\"description\":\"Recambios EcoGas \u2013 Venta y distribuci\u00f3n de sistemas GLP y GNC en Espa\u00f1a y Portugal. Env\u00edos 24 h, soporte t\u00e9cnico a talleres y distribuidores.\",\"hasMerchantReturnPolicy\":{\"@type\":\"MerchantReturnPolicy\",\"merchantReturnLink\":\"https:\\\/\\\/recambiosecogas.com\\\/politicas-privacidad\\\/\"},\"address\":{\"@id\":\"https:\\\/\\\/recambiosecogas.com\\\/pt-pt\\\/producto\\\/conmutador-stag-led\\\/#local-main-place-address\"},\"telephone\":[\"616250633\"],\"contactPoint\":{\"@type\":\"ContactPoint\",\"email\":\"export@recambiosecogas.com\"},\"openingHoursSpecification\":[{\"@type\":\"OpeningHoursSpecification\",\"dayOfWeek\":[\"Monday\",\"Tuesday\",\"Wednesday\",\"Thursday\",\"Friday\",\"Saturday\",\"Sunday\"],\"opens\":\"09:00\",\"closes\":\"17:00\"}],\"email\":\"info@recambiosecogas.com\",\"faxNumber\":\"SEGIMON AUTOMOCION SL\",\"vatID\":\"ESB19819861\",\"globalLocationNumber\":\"938 616 339\"},{\"@type\":\"PostalAddress\",\"@id\":\"https:\\\/\\\/recambiosecogas.com\\\/pt-pt\\\/producto\\\/conmutador-stag-led\\\/#local-main-place-address\",\"streetAddress\":\"cami antic de vic, 29 (Nave 3), Pol\u00edgono Industrial Congost\",\"addressLocality\":\"CORRO D`AVALL\",\"postalCode\":\"08520\",\"addressRegion\":\"Barcelona\",\"addressCountry\":\"ES\"},{\"@type\":\"ImageObject\",\"inLanguage\":\"pt-PT\",\"@id\":\"https:\\\/\\\/recambiosecogas.com\\\/pt-pt\\\/producto\\\/conmutador-stag-led\\\/#local-main-organization-logo\",\"url\":\"https:\\\/\\\/recambiosecogas.com\\\/wp-content\\\/uploads\\\/2024\\\/11\\\/cropped-RECAMBIOS-GLP-png.webp\",\"contentUrl\":\"https:\\\/\\\/recambiosecogas.com\\\/wp-content\\\/uploads\\\/2024\\\/11\\\/cropped-RECAMBIOS-GLP-png.webp\",\"width\":512,\"height\":512,\"caption\":\"Recambios EcoGas\"}]}<\/script>\n<meta property=\"product:brand\" content=\"AC STAG\" \/>\n<meta property=\"product:price:amount\" content=\"49.99\" \/>\n<meta property=\"product:price:currency\" content=\"EUR\" \/>\n<meta property=\"og:availability\" content=\"backorder\" \/>\n<meta property=\"product:availability\" content=\"available for order\" \/>\n<meta property=\"product:retailer_item_id\" content=\"124064\" \/>\n<meta property=\"product:condition\" content=\"new\" \/>\n<meta name=\"geo.placename\" content=\"CORRO D`AVALL\" \/>\n<meta name=\"geo.region\" content=\"Espanha\" \/>\n<!-- \/ Yoast SEO Premium plugin. -->","yoast_head_json":{"title":"Conmutador STAG Led 600 Q-Box Vip | Recambios EcoGas | Sistemas GLP y GNC","description":"Conmutador STAG LED 600 para sistemas Autogas GLP y GNC. Interruptor con indicador LED para cambio gasolina-gas. Compatible con m\u00faltiples marcas.","robots":{"index":"index","follow":"follow","max-snippet":"max-snippet:-1","max-image-preview":"max-image-preview:large","max-video-preview":"max-video-preview:-1"},"canonical":"https:\/\/recambiosecogas.com\/pt-pt\/producto\/conmutador-stag-led\/","og_locale":"pt_PT","og_type":"article","og_title":"Conmutador STAG Led 600 Q-Box Vip","og_description":"Conmutador STAG LED 600 para sistemas Autogas GLP y GNC. Interruptor con indicador LED para cambio gasolina-gas. Compatible con m\u00faltiples marcas.","og_url":"https:\/\/recambiosecogas.com\/pt-pt\/producto\/conmutador-stag-led\/","og_site_name":"Recambios EcoGas","article_publisher":"https:\/\/www.facebook.com\/profile.php?id=100062419705358","article_modified_time":"2026-05-07T11:04:46+00:00","og_image":[{"width":600,"height":600,"url":"https:\/\/recambiosecogas.com\/wp-content\/uploads\/2024\/12\/Conmutador-STAG-600x600-1-png.webp","type":"image\/png"}],"twitter_card":"summary_large_image","twitter_misc":{"pre\u00e7o":"49,99&nbsp;&euro; (Sin IVA: 41,31&nbsp;&euro;)","Disponibilidade":"Por encomenda"},"schema":{"@context":"https:\/\/schema.org","@graph":[{"@type":"WebPage","@id":"https:\/\/recambiosecogas.com\/pt-pt\/producto\/conmutador-stag-led\/","url":"https:\/\/recambiosecogas.com\/pt-pt\/producto\/conmutador-stag-led\/","name":"Conmutador STAG Led 600 Q-Box Vip | Recambios EcoGas | Sistemas GLP y GNC","isPartOf":{"@id":"https:\/\/recambiosecogas.com\/pt-pt\/#website"},"primaryImageOfPage":{"@id":"https:\/\/recambiosecogas.com\/pt-pt\/producto\/conmutador-stag-led\/#primaryimage"},"image":{"@id":"https:\/\/recambiosecogas.com\/pt-pt\/producto\/conmutador-stag-led\/#primaryimage"},"thumbnailUrl":"https:\/\/recambiosecogas.com\/wp-content\/uploads\/2024\/12\/Conmutador-STAG-600x600-1-png.webp","datePublished":"2024-12-23T14:32:09+00:00","dateModified":"2026-05-07T11:04:46+00:00","description":"Conmutador STAG LED 600 para sistemas Autogas GLP y GNC. Interruptor con indicador LED para cambio gasolina-gas. Compatible con m\u00faltiples marcas.","breadcrumb":{"@id":"https:\/\/recambiosecogas.com\/pt-pt\/producto\/conmutador-stag-led\/#breadcrumb"},"inLanguage":"pt-PT","potentialAction":[{"@type":"ReadAction","target":["https:\/\/recambiosecogas.com\/pt-pt\/producto\/conmutador-stag-led\/"]}]},{"@type":"ImageObject","inLanguage":"pt-PT","@id":"https:\/\/recambiosecogas.com\/pt-pt\/producto\/conmutador-stag-led\/#primaryimage","url":"https:\/\/recambiosecogas.com\/wp-content\/uploads\/2024\/12\/Conmutador-STAG-600x600-1-png.webp","contentUrl":"https:\/\/recambiosecogas.com\/wp-content\/uploads\/2024\/12\/Conmutador-STAG-600x600-1-png.webp","width":600,"height":600},{"@type":"BreadcrumbList","@id":"https:\/\/recambiosecogas.com\/pt-pt\/producto\/conmutador-stag-led\/#breadcrumb","itemListElement":[{"@type":"ListItem","position":1,"name":"P\u00e1gina inicial","item":"https:\/\/recambiosecogas.com\/pt-pt\/"},{"@type":"ListItem","position":2,"name":"Loja","item":"https:\/\/recambiosecogas.com\/pt-pt\/tienda\/"},{"@type":"ListItem","position":3,"name":"Conmutador STAG Led 600 Q-Box Vip"}]},{"@type":"WebSite","@id":"https:\/\/recambiosecogas.com\/pt-pt\/#website","url":"https:\/\/recambiosecogas.com\/pt-pt\/","name":"Recambios EcoGas","description":"Pe\u00e7as multimarca para sistemas de GPL\/GNC\/GNL\/Hidrog\u00e9nio","publisher":{"@id":"https:\/\/recambiosecogas.com\/pt-pt\/#organization"},"alternateName":"Recambios Autogas GLP","potentialAction":[{"@type":"SearchAction","target":{"@type":"EntryPoint","urlTemplate":"https:\/\/recambiosecogas.com\/pt-pt\/?s={search_term_string}"},"query-input":{"@type":"PropertyValueSpecification","valueRequired":true,"valueName":"search_term_string"}}],"inLanguage":"pt-PT"},{"@type":["Organization","Place"],"@id":"https:\/\/recambiosecogas.com\/pt-pt\/#organization","name":"Recambios EcoGas","alternateName":"Loja de GPL Autog\u00e1s Espanha","url":"https:\/\/recambiosecogas.com\/pt-pt\/","logo":{"@id":"https:\/\/recambiosecogas.com\/pt-pt\/producto\/conmutador-stag-led\/#local-main-organization-logo"},"image":{"@id":"https:\/\/recambiosecogas.com\/pt-pt\/producto\/conmutador-stag-led\/#local-main-organization-logo"},"sameAs":["https:\/\/www.facebook.com\/profile.php?id=100062419705358","https:\/\/www.instagram.com\/segimon_automocio"],"description":"Recambios EcoGas \u2013 Venta y distribuci\u00f3n de sistemas GLP y GNC en Espa\u00f1a y Portugal. Env\u00edos 24 h, soporte t\u00e9cnico a talleres y distribuidores.","hasMerchantReturnPolicy":{"@type":"MerchantReturnPolicy","merchantReturnLink":"https:\/\/recambiosecogas.com\/politicas-privacidad\/"},"address":{"@id":"https:\/\/recambiosecogas.com\/pt-pt\/producto\/conmutador-stag-led\/#local-main-place-address"},"telephone":["616250633"],"contactPoint":{"@type":"ContactPoint","email":"export@recambiosecogas.com"},"openingHoursSpecification":[{"@type":"OpeningHoursSpecification","dayOfWeek":["Monday","Tuesday","Wednesday","Thursday","Friday","Saturday","Sunday"],"opens":"09:00","closes":"17:00"}],"email":"info@recambiosecogas.com","faxNumber":"SEGIMON AUTOMOCION SL","vatID":"ESB19819861","globalLocationNumber":"938 616 339"},{"@type":"PostalAddress","@id":"https:\/\/recambiosecogas.com\/pt-pt\/producto\/conmutador-stag-led\/#local-main-place-address","streetAddress":"cami antic de vic, 29 (Nave 3), Pol\u00edgono Industrial Congost","addressLocality":"CORRO D`AVALL","postalCode":"08520","addressRegion":"Barcelona","addressCountry":"ES"},{"@type":"ImageObject","inLanguage":"pt-PT","@id":"https:\/\/recambiosecogas.com\/pt-pt\/producto\/conmutador-stag-led\/#local-main-organization-logo","url":"https:\/\/recambiosecogas.com\/wp-content\/uploads\/2024\/11\/cropped-RECAMBIOS-GLP-png.webp","contentUrl":"https:\/\/recambiosecogas.com\/wp-content\/uploads\/2024\/11\/cropped-RECAMBIOS-GLP-png.webp","width":512,"height":512,"caption":"Recambios EcoGas"}]},"product_brand":"AC STAG","product_price_amount":"49.99","product_price_currency":"EUR","og_availability":"backorder","product_availability":"available for order","product_retailer_item_id":"124064","product_condition":"new","geo.placename":"CORRO D`AVALL","geo.region":"Espanha"},"uagb_featured_image_src":{"full":["https:\/\/recambiosecogas.com\/wp-content\/uploads\/2024\/12\/Conmutador-STAG-600x600-1-png.webp",600,600,false],"thumbnail":["https:\/\/recambiosecogas.com\/wp-content\/uploads\/2024\/12\/Conmutador-STAG-600x600-1-150x150.webp",150,150,true],"medium":["https:\/\/recambiosecogas.com\/wp-content\/uploads\/2024\/12\/Conmutador-STAG-600x600-1-300x300.webp",300,300,true],"medium_large":["https:\/\/recambiosecogas.com\/wp-content\/uploads\/2024\/12\/Conmutador-STAG-600x600-1-png.webp",600,600,false],"large":["https:\/\/recambiosecogas.com\/wp-content\/uploads\/2024\/12\/Conmutador-STAG-600x600-1-png.webp",600,600,false],"1536x1536":["https:\/\/recambiosecogas.com\/wp-content\/uploads\/2024\/12\/Conmutador-STAG-600x600-1-png.webp",600,600,false],"2048x2048":["https:\/\/recambiosecogas.com\/wp-content\/uploads\/2024\/12\/Conmutador-STAG-600x600-1-png.webp",600,600,false],"woocommerce_archive_thumbnail":["https:\/\/recambiosecogas.com\/wp-content\/uploads\/2024\/12\/Conmutador-STAG-600x600-1-png.webp",600,600,false],"woocommerce_thumbnail":["https:\/\/recambiosecogas.com\/wp-content\/uploads\/2024\/12\/Conmutador-STAG-600x600-1-300x300.webp",300,300,true],"woocommerce_single":["https:\/\/recambiosecogas.com\/wp-content\/uploads\/2024\/12\/Conmutador-STAG-600x600-1-png.webp",600,600,false],"woocommerce_gallery_thumbnail":["https:\/\/recambiosecogas.com\/wp-content\/uploads\/2024\/12\/Conmutador-STAG-600x600-1-png.webp",600,600,false],"dgwt-wcas-product-suggestion":["https:\/\/recambiosecogas.com\/wp-content\/uploads\/2024\/12\/Conmutador-STAG-600x600-1-64x64.webp",64,64,true]},"uagb_author_info":{"display_name":"Fran - Soporte T\u00e9cnico","author_link":"https:\/\/recambiosecogas.com\/pt-pt\/author\/"},"uagb_comment_info":0,"uagb_excerpt":"Conmutador STAG LED 600 para gesti\u00f3n del cambio gasolina-gas en sistemas Autogas GLP y GNC. Dise\u00f1o compacto con indicador LED.","_links":{"self":[{"href":"https:\/\/recambiosecogas.com\/pt-pt\/wp-json\/wp\/v2\/product\/12244","targetHints":{"allow":["GET"]}}],"collection":[{"href":"https:\/\/recambiosecogas.com\/pt-pt\/wp-json\/wp\/v2\/product"}],"about":[{"href":"https:\/\/recambiosecogas.com\/pt-pt\/wp-json\/wp\/v2\/types\/product"}],"replies":[{"embeddable":true,"href":"https:\/\/recambiosecogas.com\/pt-pt\/wp-json\/wp\/v2\/comments?post=12244"}],"wp:featuredmedia":[{"embeddable":true,"href":"https:\/\/recambiosecogas.com\/pt-pt\/wp-json\/wp\/v2\/media\/12392"}],"wp:attachment":[{"href":"https:\/\/recambiosecogas.com\/pt-pt\/wp-json\/wp\/v2\/media?parent=12244"}],"wp:term":[{"taxonomy":"product_brand","embeddable":true,"href":"https:\/\/recambiosecogas.com\/pt-pt\/wp-json\/wp\/v2\/product_brand?post=12244"},{"taxonomy":"product_cat","embeddable":true,"href":"https:\/\/recambiosecogas.com\/pt-pt\/wp-json\/wp\/v2\/product_cat?post=12244"},{"taxonomy":"product_tag","embeddable":true,"href":"https:\/\/recambiosecogas.com\/pt-pt\/wp-json\/wp\/v2\/product_tag?post=12244"}],"curies":[{"name":"wp","href":"https:\/\/api.w.org\/{rel}","templated":true}]}}