{"id":12238,"date":"2024-12-23T14:32:08","date_gmt":"2024-12-23T14:32:08","guid":{"rendered":"https:\/\/recambiosecogas.com\/?post_type=product&#038;p=12238"},"modified":"2026-02-23T12:04:52","modified_gmt":"2026-02-23T11:04:52","slug":"centralita-400-4-dpi-b2-ac-stag","status":"publish","type":"product","link":"https:\/\/recambiosecogas.com\/pt-pt\/produto\/centralita-400-4-dpi-b2-ac-stag\/","title":{"rendered":"CENTRALITA 400-4 DPI B2 AC STAG"},"content":{"rendered":"<ul data-start=\"72\" data-end=\"349\">\n<li data-start=\"321\" data-end=\"349\">\n<p data-start=\"323\" data-end=\"349\">&#x2705; Distribuci\u00f3n m\u00e1s natural<\/p>\n<\/li>\n<\/ul>\n<hr data-start=\"351\" data-end=\"354\" \/>\n<h1 data-start=\"356\" data-end=\"393\">Centralita STAG 400-4 DPI B2 AC GLP<\/h1>\n<p data-start=\"395\" data-end=\"666\">La <strong data-start=\"398\" data-end=\"437\">Centralita STAG 400-4 DPI B2 AC GLP<\/strong> es una unidad electr\u00f3nica dise\u00f1ada para la gesti\u00f3n de sistemas Autogas en motores de inyecci\u00f3n directa. Permite controlar la dosificaci\u00f3n de gas y coordinar el funcionamiento del sistema con la electr\u00f3nica original del veh\u00edculo.<\/p>\n<p data-start=\"668\" data-end=\"772\">Este modelo est\u00e1 desarrollado para configuraciones DPI (Direct Petrol Injection) dentro de la gama STAG.<\/p>\n<hr data-start=\"774\" data-end=\"777\" \/>\n<h2 data-start=\"779\" data-end=\"830\">ECU STAG 400-4 para motores de inyecci\u00f3n directa<\/h2>\n<div class=\"TyagGW_tableContainer\">\n<div class=\"group TyagGW_tableWrapper flex flex-col-reverse w-fit\" tabindex=\"-1\">\n<table class=\"w-fit min-w-(--thread-content-width)\" data-start=\"832\" data-end=\"1119\">\n<thead data-start=\"832\" data-end=\"860\">\n<tr data-start=\"832\" data-end=\"860\">\n<th class=\"\" data-start=\"832\" data-end=\"849\" data-col-size=\"sm\">Caracter\u00edstica<\/th>\n<th class=\"\" data-start=\"849\" data-end=\"860\" data-col-size=\"sm\">Detalle<\/th>\n<\/tr>\n<\/thead>\n<tbody data-start=\"890\" data-end=\"1119\">\n<tr data-start=\"890\" data-end=\"934\">\n<td data-start=\"890\" data-end=\"901\" data-col-size=\"sm\">Producto<\/td>\n<td data-start=\"901\" data-end=\"934\" data-col-size=\"sm\">Unidad de control electr\u00f3nico<\/td>\n<\/tr>\n<tr data-start=\"935\" data-end=\"954\">\n<td data-start=\"935\" data-end=\"943\" data-col-size=\"sm\">Marca<\/td>\n<td data-start=\"943\" data-end=\"954\" data-col-size=\"sm\">AC STAG<\/td>\n<\/tr>\n<tr data-start=\"955\" data-end=\"980\">\n<td data-start=\"955\" data-end=\"964\" data-col-size=\"sm\">Modelo<\/td>\n<td data-start=\"964\" data-end=\"980\" data-col-size=\"sm\">400-4 DPI B2<\/td>\n<\/tr>\n<tr data-start=\"981\" data-end=\"1021\">\n<td data-start=\"981\" data-end=\"994\" data-col-size=\"sm\">Tecnolog\u00eda<\/td>\n<td data-start=\"994\" data-end=\"1021\" data-col-size=\"sm\">DPI (inyecci\u00f3n directa)<\/td>\n<\/tr>\n<tr data-start=\"1022\" data-end=\"1051\">\n<td data-start=\"1022\" data-end=\"1035\" data-col-size=\"sm\">Aplicaci\u00f3n<\/td>\n<td data-start=\"1035\" data-end=\"1051\" data-col-size=\"sm\">Sistemas GLP<\/td>\n<\/tr>\n<tr data-start=\"1052\" data-end=\"1089\">\n<td data-start=\"1052\" data-end=\"1068\" data-col-size=\"sm\">Tipo de motor<\/td>\n<td data-start=\"1068\" data-end=\"1089\" data-col-size=\"sm\">Inyecci\u00f3n directa<\/td>\n<\/tr>\n<tr data-start=\"1090\" data-end=\"1119\">\n<td data-start=\"1090\" data-end=\"1104\" data-col-size=\"sm\">Instalaci\u00f3n<\/td>\n<td data-start=\"1104\" data-end=\"1119\" data-col-size=\"sm\">Profesional<\/td>\n<\/tr>\n<\/tbody>\n<\/table>\n<\/div>\n<\/div>\n<hr data-start=\"1121\" data-end=\"1124\" \/>\n<h2 data-start=\"1126\" data-end=\"1169\">Compatibilidad con sistemas Autogas STAG<\/h2>\n<p data-start=\"1171\" data-end=\"1275\">Compatible con configuraciones STAG destinadas a motores de inyecci\u00f3n directa bajo plataforma 400-4 DPI.<\/p>\n<p data-start=\"1277\" data-end=\"1366\">Antes de la instalaci\u00f3n, verificar compatibilidad con el veh\u00edculo y el sistema existente.<\/p>\n<hr data-start=\"1368\" data-end=\"1371\" \/>\n<h2 data-start=\"1373\" data-end=\"1393\">Ventajas t\u00e9cnicas<\/h2>\n<ul data-start=\"1395\" data-end=\"1581\">\n<li data-start=\"1395\" data-end=\"1446\">\n<p data-start=\"1397\" data-end=\"1446\">Gesti\u00f3n electr\u00f3nica espec\u00edfica para motores DPI<\/p>\n<\/li>\n<li data-start=\"1447\" data-end=\"1480\">\n<p data-start=\"1449\" data-end=\"1480\">Integraci\u00f3n con sistemas STAG<\/p>\n<\/li>\n<li data-start=\"1481\" data-end=\"1523\">\n<p data-start=\"1483\" data-end=\"1523\">Control preciso de la inyecci\u00f3n de gas<\/p>\n<\/li>\n<li data-start=\"1524\" data-end=\"1543\">\n<p data-start=\"1526\" data-end=\"1543\">Dise\u00f1o compacto<\/p>\n<\/li>\n<li data-start=\"1544\" data-end=\"1581\">\n<p data-start=\"1546\" data-end=\"1581\">Recambio t\u00e9cnico original AC STAG<\/p>\n<\/li>\n<\/ul>\n<hr data-start=\"1583\" data-end=\"1586\" \/>\n<h2 data-start=\"1588\" data-end=\"1594\">FAQ<\/h2>\n<p data-start=\"1596\" data-end=\"1727\"><strong data-start=\"1596\" data-end=\"1645\">\u00bfPara qu\u00e9 sirve esta unidad electr\u00f3nica STAG?<\/strong><br data-start=\"1645\" data-end=\"1648\" \/>Gestiona la inyecci\u00f3n de gas en motores de inyecci\u00f3n directa convertidos a GLP.<\/p>\n<p data-start=\"1729\" data-end=\"1818\"><strong data-start=\"1729\" data-end=\"1772\">\u00bfEs v\u00e1lida para cualquier sistema STAG?<\/strong><br data-start=\"1772\" data-end=\"1775\" \/>Est\u00e1 destinada a configuraciones 400-4 DPI.<\/p>\n<p data-start=\"1820\" data-end=\"1881\"><strong data-start=\"1820\" data-end=\"1842\">\u00bfFunciona con GLP?<\/strong><br data-start=\"1842\" data-end=\"1845\" \/>S\u00ed, en sistemas Autogas compatibles.<\/p>\n<p data-start=\"1883\" data-end=\"1987\"><strong data-start=\"1883\" data-end=\"1921\">\u00bfRequiere instalaci\u00f3n profesional?<\/strong><br data-start=\"1921\" data-end=\"1924\" \/>S\u00ed, debe ser instalada y configurada por t\u00e9cnico especializado.<\/p>\n","protected":false},"excerpt":{"rendered":"<p data-start=\"2539\" data-end=\"2697\">Centralita AC STAG 400-4 DPI B2 para sistemas Autogas GLP en motores de inyecci\u00f3n directa (DPI). Unidad electr\u00f3nica original para gesti\u00f3n de inyecci\u00f3n de gas.<\/p>\n","protected":false},"featured_media":12401,"comment_status":"open","ping_status":"closed","template":"","meta":{"googlesitekit_rrm_CAowud7EDA:productID":"","_uag_custom_page_level_css":""},"product_brand":[107],"product_cat":[32,480,297],"product_tag":[],"class_list":{"0":"post-12238","1":"product","2":"type-product","3":"status-publish","4":"has-post-thumbnail","6":"product_brand-ac-stag","7":"product_cat-ac-stag","8":"product_cat-centralitas-electronicas","9":"product_cat-electronica","11":"first","12":"onbackorder","13":"sale","14":"taxable","15":"shipping-taxable","16":"purchasable","17":"product-type-simple"},"ct_brands":[{"id":107,"name":"AC STAG","slug":"ac-stag"}],"yoast_head":"<!-- This site is optimized with the Yoast SEO Premium plugin v27.3 (Yoast SEO v27.3) - https:\/\/yoast.com\/product\/yoast-seo-premium-wordpress\/ -->\n<title>Centralita STAG 400-4 DPI B2 AC sistema GLP | Recambios EcoGas<\/title>\n<meta name=\"description\" content=\"Centralita STAG 400-4 DPI B2 AC para sistemas Autogas GLP en motores de inyecci\u00f3n directa. Unidad electr\u00f3nica DPI original.\" \/>\n<meta name=\"robots\" content=\"index, follow, max-snippet:-1, max-image-preview:large, max-video-preview:-1\" \/>\n<link rel=\"canonical\" href=\"https:\/\/recambiosecogas.com\/pt-pt\/produto\/centralita-400-4-dpi-b2-ac-stag\/\" \/>\n<meta property=\"og:locale\" content=\"pt_PT\" \/>\n<meta property=\"og:type\" content=\"article\" \/>\n<meta property=\"og:title\" content=\"CENTRALITA 400-4 DPI B2 AC STAG\" \/>\n<meta property=\"og:description\" content=\"Centralita STAG 400-4 DPI B2 AC para sistemas Autogas GLP en motores de inyecci\u00f3n directa. Unidad electr\u00f3nica DPI original.\" \/>\n<meta property=\"og:url\" content=\"https:\/\/recambiosecogas.com\/pt-pt\/produto\/centralita-400-4-dpi-b2-ac-stag\/\" \/>\n<meta property=\"og:site_name\" content=\"Recambios EcoGas\" \/>\n<meta property=\"article:publisher\" content=\"https:\/\/www.facebook.com\/profile.php?id=100062419705358\" \/>\n<meta property=\"article:modified_time\" content=\"2026-02-23T11:04:52+00:00\" \/>\n<meta property=\"og:image\" content=\"https:\/\/recambiosecogas.com\/wp-content\/uploads\/2024\/12\/CENTRALITA-400-4-DPI-B2-AC-STAG-png.webp\" \/>\n\t<meta property=\"og:image:width\" content=\"1000\" \/>\n\t<meta property=\"og:image:height\" content=\"1000\" \/>\n\t<meta property=\"og:image:type\" content=\"image\/png\" \/>\n<meta name=\"twitter:card\" content=\"summary_large_image\" \/>\n<meta name=\"twitter:label1\" content=\"pre\u00e7o\" \/>\n\t<meta name=\"twitter:data1\" content=\"482,67&nbsp;&euro; (IVA incl.: 584,03&nbsp;&euro;)\" \/>\n\t<meta name=\"twitter:label2\" content=\"Disponibilidade\" \/>\n\t<meta name=\"twitter:data2\" content=\"Por encomenda\" \/>\n<script type=\"application\/ld+json\" class=\"yoast-schema-graph\">{\"@context\":\"https:\\\/\\\/schema.org\",\"@graph\":[{\"@type\":\"WebPage\",\"@id\":\"https:\\\/\\\/recambiosecogas.com\\\/pt-pt\\\/produto\\\/centralita-400-4-dpi-b2-ac-stag\\\/\",\"url\":\"https:\\\/\\\/recambiosecogas.com\\\/pt-pt\\\/produto\\\/centralita-400-4-dpi-b2-ac-stag\\\/\",\"name\":\"Centralita STAG 400-4 DPI B2 AC sistema GLP | Recambios EcoGas\",\"isPartOf\":{\"@id\":\"https:\\\/\\\/recambiosecogas.com\\\/pt-pt\\\/#website\"},\"primaryImageOfPage\":{\"@id\":\"https:\\\/\\\/recambiosecogas.com\\\/pt-pt\\\/produto\\\/centralita-400-4-dpi-b2-ac-stag\\\/#primaryimage\"},\"image\":{\"@id\":\"https:\\\/\\\/recambiosecogas.com\\\/pt-pt\\\/produto\\\/centralita-400-4-dpi-b2-ac-stag\\\/#primaryimage\"},\"thumbnailUrl\":\"https:\\\/\\\/recambiosecogas.com\\\/wp-content\\\/uploads\\\/2024\\\/12\\\/CENTRALITA-400-4-DPI-B2-AC-STAG-png.webp\",\"datePublished\":\"2024-12-23T14:32:08+00:00\",\"dateModified\":\"2026-02-23T11:04:52+00:00\",\"description\":\"Centralita STAG 400-4 DPI B2 AC para sistemas Autogas GLP en motores de inyecci\u00f3n directa. Unidad electr\u00f3nica DPI original.\",\"breadcrumb\":{\"@id\":\"https:\\\/\\\/recambiosecogas.com\\\/pt-pt\\\/produto\\\/centralita-400-4-dpi-b2-ac-stag\\\/#breadcrumb\"},\"inLanguage\":\"pt-PT\",\"potentialAction\":[{\"@type\":\"ReadAction\",\"target\":[\"https:\\\/\\\/recambiosecogas.com\\\/pt-pt\\\/produto\\\/centralita-400-4-dpi-b2-ac-stag\\\/\"]}]},{\"@type\":\"ImageObject\",\"inLanguage\":\"pt-PT\",\"@id\":\"https:\\\/\\\/recambiosecogas.com\\\/pt-pt\\\/produto\\\/centralita-400-4-dpi-b2-ac-stag\\\/#primaryimage\",\"url\":\"https:\\\/\\\/recambiosecogas.com\\\/wp-content\\\/uploads\\\/2024\\\/12\\\/CENTRALITA-400-4-DPI-B2-AC-STAG-png.webp\",\"contentUrl\":\"https:\\\/\\\/recambiosecogas.com\\\/wp-content\\\/uploads\\\/2024\\\/12\\\/CENTRALITA-400-4-DPI-B2-AC-STAG-png.webp\",\"width\":1000,\"height\":1000},{\"@type\":\"BreadcrumbList\",\"@id\":\"https:\\\/\\\/recambiosecogas.com\\\/pt-pt\\\/produto\\\/centralita-400-4-dpi-b2-ac-stag\\\/#breadcrumb\",\"itemListElement\":[{\"@type\":\"ListItem\",\"position\":1,\"name\":\"P\u00e1gina inicial\",\"item\":\"https:\\\/\\\/recambiosecogas.com\\\/pt-pt\\\/\"},{\"@type\":\"ListItem\",\"position\":2,\"name\":\"Loja\",\"item\":\"https:\\\/\\\/recambiosecogas.com\\\/pt-pt\\\/tienda\\\/\"},{\"@type\":\"ListItem\",\"position\":3,\"name\":\"CENTRALITA 400-4 DPI B2 AC STAG\"}]},{\"@type\":\"WebSite\",\"@id\":\"https:\\\/\\\/recambiosecogas.com\\\/pt-pt\\\/#website\",\"url\":\"https:\\\/\\\/recambiosecogas.com\\\/pt-pt\\\/\",\"name\":\"Recambios EcoGas\",\"description\":\"Pe\u00e7as multimarca para sistemas de GPL\\\/GNC\\\/GNL\\\/Hidrog\u00e9nio\",\"publisher\":{\"@id\":\"https:\\\/\\\/recambiosecogas.com\\\/pt-pt\\\/#organization\"},\"alternateName\":\"Recambios Autogas GLP\",\"potentialAction\":[{\"@type\":\"SearchAction\",\"target\":{\"@type\":\"EntryPoint\",\"urlTemplate\":\"https:\\\/\\\/recambiosecogas.com\\\/pt-pt\\\/?s={search_term_string}\"},\"query-input\":{\"@type\":\"PropertyValueSpecification\",\"valueRequired\":true,\"valueName\":\"search_term_string\"}}],\"inLanguage\":\"pt-PT\"},{\"@type\":[\"Organization\",\"Place\"],\"@id\":\"https:\\\/\\\/recambiosecogas.com\\\/pt-pt\\\/#organization\",\"name\":\"Recambios EcoGas\",\"alternateName\":\"Loja de GPL Autog\u00e1s Espanha\",\"url\":\"https:\\\/\\\/recambiosecogas.com\\\/pt-pt\\\/\",\"logo\":{\"@id\":\"https:\\\/\\\/recambiosecogas.com\\\/pt-pt\\\/produto\\\/centralita-400-4-dpi-b2-ac-stag\\\/#local-main-organization-logo\"},\"image\":{\"@id\":\"https:\\\/\\\/recambiosecogas.com\\\/pt-pt\\\/produto\\\/centralita-400-4-dpi-b2-ac-stag\\\/#local-main-organization-logo\"},\"sameAs\":[\"https:\\\/\\\/www.facebook.com\\\/profile.php?id=100062419705358\",\"https:\\\/\\\/www.instagram.com\\\/segimon_automocio\"],\"description\":\"Recambios EcoGas \u2013 Venta y distribuci\u00f3n de sistemas GLP y GNC en Espa\u00f1a y Portugal. Env\u00edos 24 h, soporte t\u00e9cnico a talleres y distribuidores.\",\"hasMerchantReturnPolicy\":{\"@type\":\"MerchantReturnPolicy\",\"merchantReturnLink\":\"https:\\\/\\\/recambiosecogas.com\\\/politicas-privacidad\\\/\"},\"address\":{\"@id\":\"https:\\\/\\\/recambiosecogas.com\\\/pt-pt\\\/produto\\\/centralita-400-4-dpi-b2-ac-stag\\\/#local-main-place-address\"},\"telephone\":[\"616250633\"],\"contactPoint\":{\"@type\":\"ContactPoint\",\"email\":\"export@recambiosecogas.com\"},\"openingHoursSpecification\":[{\"@type\":\"OpeningHoursSpecification\",\"dayOfWeek\":[\"Monday\",\"Tuesday\",\"Wednesday\",\"Thursday\",\"Friday\",\"Saturday\",\"Sunday\"],\"opens\":\"09:00\",\"closes\":\"17:00\"}],\"email\":\"info@recambiosecogas.com\",\"faxNumber\":\"SEGIMON AUTOMOCION SL\",\"vatID\":\"ESB19819861\",\"globalLocationNumber\":\"938 616 339\"},{\"@type\":\"PostalAddress\",\"@id\":\"https:\\\/\\\/recambiosecogas.com\\\/pt-pt\\\/produto\\\/centralita-400-4-dpi-b2-ac-stag\\\/#local-main-place-address\",\"streetAddress\":\"cami antic de vic, 29 (Nave 3), Pol\u00edgono Industrial Congost\",\"addressLocality\":\"CORRO D`AVALL\",\"postalCode\":\"08520\",\"addressRegion\":\"Barcelona\",\"addressCountry\":\"ES\"},{\"@type\":\"ImageObject\",\"inLanguage\":\"pt-PT\",\"@id\":\"https:\\\/\\\/recambiosecogas.com\\\/pt-pt\\\/produto\\\/centralita-400-4-dpi-b2-ac-stag\\\/#local-main-organization-logo\",\"url\":\"https:\\\/\\\/recambiosecogas.com\\\/wp-content\\\/uploads\\\/2024\\\/11\\\/cropped-RECAMBIOS-GLP-png.webp\",\"contentUrl\":\"https:\\\/\\\/recambiosecogas.com\\\/wp-content\\\/uploads\\\/2024\\\/11\\\/cropped-RECAMBIOS-GLP-png.webp\",\"width\":512,\"height\":512,\"caption\":\"Recambios EcoGas\"}]}<\/script>\n<meta property=\"product:brand\" content=\"AC STAG\" \/>\n<meta property=\"product:price:amount\" content=\"482.67\" \/>\n<meta property=\"product:price:currency\" content=\"EUR\" \/>\n<meta property=\"og:availability\" content=\"backorder\" \/>\n<meta property=\"product:availability\" content=\"available for order\" \/>\n<meta property=\"product:retailer_item_id\" content=\"3364\" \/>\n<meta property=\"product:condition\" content=\"new\" \/>\n<meta name=\"geo.placename\" content=\"CORRO D`AVALL\" \/>\n<meta name=\"geo.region\" content=\"Espanha\" \/>\n<!-- \/ Yoast SEO Premium plugin. -->","yoast_head_json":{"title":"Centralita STAG 400-4 DPI B2 AC sistema GLP | Recambios EcoGas","description":"Centralita STAG 400-4 DPI B2 AC para sistemas Autogas GLP en motores de inyecci\u00f3n directa. Unidad electr\u00f3nica DPI original.","robots":{"index":"index","follow":"follow","max-snippet":"max-snippet:-1","max-image-preview":"max-image-preview:large","max-video-preview":"max-video-preview:-1"},"canonical":"https:\/\/recambiosecogas.com\/pt-pt\/produto\/centralita-400-4-dpi-b2-ac-stag\/","og_locale":"pt_PT","og_type":"article","og_title":"CENTRALITA 400-4 DPI B2 AC STAG","og_description":"Centralita STAG 400-4 DPI B2 AC para sistemas Autogas GLP en motores de inyecci\u00f3n directa. Unidad electr\u00f3nica DPI original.","og_url":"https:\/\/recambiosecogas.com\/pt-pt\/produto\/centralita-400-4-dpi-b2-ac-stag\/","og_site_name":"Recambios EcoGas","article_publisher":"https:\/\/www.facebook.com\/profile.php?id=100062419705358","article_modified_time":"2026-02-23T11:04:52+00:00","og_image":[{"width":1000,"height":1000,"url":"https:\/\/recambiosecogas.com\/wp-content\/uploads\/2024\/12\/CENTRALITA-400-4-DPI-B2-AC-STAG-png.webp","type":"image\/png"}],"twitter_card":"summary_large_image","twitter_misc":{"pre\u00e7o":"482,67&nbsp;&euro; (IVA incl.: 584,03&nbsp;&euro;)","Disponibilidade":"Por encomenda"},"schema":{"@context":"https:\/\/schema.org","@graph":[{"@type":"WebPage","@id":"https:\/\/recambiosecogas.com\/pt-pt\/produto\/centralita-400-4-dpi-b2-ac-stag\/","url":"https:\/\/recambiosecogas.com\/pt-pt\/produto\/centralita-400-4-dpi-b2-ac-stag\/","name":"Centralita STAG 400-4 DPI B2 AC sistema GLP | Recambios EcoGas","isPartOf":{"@id":"https:\/\/recambiosecogas.com\/pt-pt\/#website"},"primaryImageOfPage":{"@id":"https:\/\/recambiosecogas.com\/pt-pt\/produto\/centralita-400-4-dpi-b2-ac-stag\/#primaryimage"},"image":{"@id":"https:\/\/recambiosecogas.com\/pt-pt\/produto\/centralita-400-4-dpi-b2-ac-stag\/#primaryimage"},"thumbnailUrl":"https:\/\/recambiosecogas.com\/wp-content\/uploads\/2024\/12\/CENTRALITA-400-4-DPI-B2-AC-STAG-png.webp","datePublished":"2024-12-23T14:32:08+00:00","dateModified":"2026-02-23T11:04:52+00:00","description":"Centralita STAG 400-4 DPI B2 AC para sistemas Autogas GLP en motores de inyecci\u00f3n directa. Unidad electr\u00f3nica DPI original.","breadcrumb":{"@id":"https:\/\/recambiosecogas.com\/pt-pt\/produto\/centralita-400-4-dpi-b2-ac-stag\/#breadcrumb"},"inLanguage":"pt-PT","potentialAction":[{"@type":"ReadAction","target":["https:\/\/recambiosecogas.com\/pt-pt\/produto\/centralita-400-4-dpi-b2-ac-stag\/"]}]},{"@type":"ImageObject","inLanguage":"pt-PT","@id":"https:\/\/recambiosecogas.com\/pt-pt\/produto\/centralita-400-4-dpi-b2-ac-stag\/#primaryimage","url":"https:\/\/recambiosecogas.com\/wp-content\/uploads\/2024\/12\/CENTRALITA-400-4-DPI-B2-AC-STAG-png.webp","contentUrl":"https:\/\/recambiosecogas.com\/wp-content\/uploads\/2024\/12\/CENTRALITA-400-4-DPI-B2-AC-STAG-png.webp","width":1000,"height":1000},{"@type":"BreadcrumbList","@id":"https:\/\/recambiosecogas.com\/pt-pt\/produto\/centralita-400-4-dpi-b2-ac-stag\/#breadcrumb","itemListElement":[{"@type":"ListItem","position":1,"name":"P\u00e1gina inicial","item":"https:\/\/recambiosecogas.com\/pt-pt\/"},{"@type":"ListItem","position":2,"name":"Loja","item":"https:\/\/recambiosecogas.com\/pt-pt\/tienda\/"},{"@type":"ListItem","position":3,"name":"CENTRALITA 400-4 DPI B2 AC STAG"}]},{"@type":"WebSite","@id":"https:\/\/recambiosecogas.com\/pt-pt\/#website","url":"https:\/\/recambiosecogas.com\/pt-pt\/","name":"Recambios EcoGas","description":"Pe\u00e7as multimarca para sistemas de GPL\/GNC\/GNL\/Hidrog\u00e9nio","publisher":{"@id":"https:\/\/recambiosecogas.com\/pt-pt\/#organization"},"alternateName":"Recambios Autogas GLP","potentialAction":[{"@type":"SearchAction","target":{"@type":"EntryPoint","urlTemplate":"https:\/\/recambiosecogas.com\/pt-pt\/?s={search_term_string}"},"query-input":{"@type":"PropertyValueSpecification","valueRequired":true,"valueName":"search_term_string"}}],"inLanguage":"pt-PT"},{"@type":["Organization","Place"],"@id":"https:\/\/recambiosecogas.com\/pt-pt\/#organization","name":"Recambios EcoGas","alternateName":"Loja de GPL Autog\u00e1s Espanha","url":"https:\/\/recambiosecogas.com\/pt-pt\/","logo":{"@id":"https:\/\/recambiosecogas.com\/pt-pt\/produto\/centralita-400-4-dpi-b2-ac-stag\/#local-main-organization-logo"},"image":{"@id":"https:\/\/recambiosecogas.com\/pt-pt\/produto\/centralita-400-4-dpi-b2-ac-stag\/#local-main-organization-logo"},"sameAs":["https:\/\/www.facebook.com\/profile.php?id=100062419705358","https:\/\/www.instagram.com\/segimon_automocio"],"description":"Recambios EcoGas \u2013 Venta y distribuci\u00f3n de sistemas GLP y GNC en Espa\u00f1a y Portugal. Env\u00edos 24 h, soporte t\u00e9cnico a talleres y distribuidores.","hasMerchantReturnPolicy":{"@type":"MerchantReturnPolicy","merchantReturnLink":"https:\/\/recambiosecogas.com\/politicas-privacidad\/"},"address":{"@id":"https:\/\/recambiosecogas.com\/pt-pt\/produto\/centralita-400-4-dpi-b2-ac-stag\/#local-main-place-address"},"telephone":["616250633"],"contactPoint":{"@type":"ContactPoint","email":"export@recambiosecogas.com"},"openingHoursSpecification":[{"@type":"OpeningHoursSpecification","dayOfWeek":["Monday","Tuesday","Wednesday","Thursday","Friday","Saturday","Sunday"],"opens":"09:00","closes":"17:00"}],"email":"info@recambiosecogas.com","faxNumber":"SEGIMON AUTOMOCION SL","vatID":"ESB19819861","globalLocationNumber":"938 616 339"},{"@type":"PostalAddress","@id":"https:\/\/recambiosecogas.com\/pt-pt\/produto\/centralita-400-4-dpi-b2-ac-stag\/#local-main-place-address","streetAddress":"cami antic de vic, 29 (Nave 3), Pol\u00edgono Industrial Congost","addressLocality":"CORRO D`AVALL","postalCode":"08520","addressRegion":"Barcelona","addressCountry":"ES"},{"@type":"ImageObject","inLanguage":"pt-PT","@id":"https:\/\/recambiosecogas.com\/pt-pt\/produto\/centralita-400-4-dpi-b2-ac-stag\/#local-main-organization-logo","url":"https:\/\/recambiosecogas.com\/wp-content\/uploads\/2024\/11\/cropped-RECAMBIOS-GLP-png.webp","contentUrl":"https:\/\/recambiosecogas.com\/wp-content\/uploads\/2024\/11\/cropped-RECAMBIOS-GLP-png.webp","width":512,"height":512,"caption":"Recambios EcoGas"}]},"product_brand":"AC STAG","product_price_amount":"482.67","product_price_currency":"EUR","og_availability":"backorder","product_availability":"available for order","product_retailer_item_id":"3364","product_condition":"new","geo.placename":"CORRO D`AVALL","geo.region":"Espanha"},"uagb_featured_image_src":{"full":["https:\/\/recambiosecogas.com\/wp-content\/uploads\/2024\/12\/CENTRALITA-400-4-DPI-B2-AC-STAG-png.webp",1000,1000,false],"thumbnail":["https:\/\/recambiosecogas.com\/wp-content\/uploads\/2024\/12\/CENTRALITA-400-4-DPI-B2-AC-STAG-150x150.webp",150,150,true],"medium":["https:\/\/recambiosecogas.com\/wp-content\/uploads\/2024\/12\/CENTRALITA-400-4-DPI-B2-AC-STAG-300x300.webp",300,300,true],"medium_large":["https:\/\/recambiosecogas.com\/wp-content\/uploads\/2024\/12\/CENTRALITA-400-4-DPI-B2-AC-STAG-768x768.webp",768,768,true],"large":["https:\/\/recambiosecogas.com\/wp-content\/uploads\/2024\/12\/CENTRALITA-400-4-DPI-B2-AC-STAG-png.webp",1000,1000,false],"1536x1536":["https:\/\/recambiosecogas.com\/wp-content\/uploads\/2024\/12\/CENTRALITA-400-4-DPI-B2-AC-STAG-png.webp",1000,1000,false],"2048x2048":["https:\/\/recambiosecogas.com\/wp-content\/uploads\/2024\/12\/CENTRALITA-400-4-DPI-B2-AC-STAG-png.webp",1000,1000,false],"woocommerce_archive_thumbnail":["https:\/\/recambiosecogas.com\/wp-content\/uploads\/2024\/12\/CENTRALITA-400-4-DPI-B2-AC-STAG-png.webp",1000,1000,false],"woocommerce_thumbnail":["https:\/\/recambiosecogas.com\/wp-content\/uploads\/2024\/12\/CENTRALITA-400-4-DPI-B2-AC-STAG-300x300.webp",300,300,true],"woocommerce_single":["https:\/\/recambiosecogas.com\/wp-content\/uploads\/2024\/12\/CENTRALITA-400-4-DPI-B2-AC-STAG-png.webp",1000,1000,false],"woocommerce_gallery_thumbnail":["https:\/\/recambiosecogas.com\/wp-content\/uploads\/2024\/12\/CENTRALITA-400-4-DPI-B2-AC-STAG-png.webp",1000,1000,false],"dgwt-wcas-product-suggestion":["https:\/\/recambiosecogas.com\/wp-content\/uploads\/2024\/12\/CENTRALITA-400-4-DPI-B2-AC-STAG-64x64.webp",64,64,true]},"uagb_author_info":{"display_name":"Fran - Soporte T\u00e9cnico","author_link":"https:\/\/recambiosecogas.com\/pt-pt\/author\/"},"uagb_comment_info":0,"uagb_excerpt":"Centralita AC STAG 400-4 DPI B2 para sistemas Autogas GLP en motores de inyecci\u00f3n directa (DPI). Unidad electr\u00f3nica original para gesti\u00f3n de inyecci\u00f3n de gas.","_links":{"self":[{"href":"https:\/\/recambiosecogas.com\/pt-pt\/wp-json\/wp\/v2\/product\/12238","targetHints":{"allow":["GET"]}}],"collection":[{"href":"https:\/\/recambiosecogas.com\/pt-pt\/wp-json\/wp\/v2\/product"}],"about":[{"href":"https:\/\/recambiosecogas.com\/pt-pt\/wp-json\/wp\/v2\/types\/product"}],"replies":[{"embeddable":true,"href":"https:\/\/recambiosecogas.com\/pt-pt\/wp-json\/wp\/v2\/comments?post=12238"}],"wp:featuredmedia":[{"embeddable":true,"href":"https:\/\/recambiosecogas.com\/pt-pt\/wp-json\/wp\/v2\/media\/12401"}],"wp:attachment":[{"href":"https:\/\/recambiosecogas.com\/pt-pt\/wp-json\/wp\/v2\/media?parent=12238"}],"wp:term":[{"taxonomy":"product_brand","embeddable":true,"href":"https:\/\/recambiosecogas.com\/pt-pt\/wp-json\/wp\/v2\/product_brand?post=12238"},{"taxonomy":"product_cat","embeddable":true,"href":"https:\/\/recambiosecogas.com\/pt-pt\/wp-json\/wp\/v2\/product_cat?post=12238"},{"taxonomy":"product_tag","embeddable":true,"href":"https:\/\/recambiosecogas.com\/pt-pt\/wp-json\/wp\/v2\/product_tag?post=12238"}],"curies":[{"name":"wp","href":"https:\/\/api.w.org\/{rel}","templated":true}]}}