{"id":12212,"date":"2024-12-23T14:31:46","date_gmt":"2024-12-23T14:31:46","guid":{"rendered":"https:\/\/recambiosecogas.com\/?post_type=product&#038;p=12212"},"modified":"2025-07-01T18:10:53","modified_gmt":"2025-07-01T17:10:53","slug":"inyector-individual-acw-03-ac-stag-unidad","status":"publish","type":"product","link":"https:\/\/recambiosecogas.com\/pt-pt\/produto\/inyector-individual-acw-03-ac-stag-unidad\/","title":{"rendered":"Inyector Individual ACW-03 AC STAG | GLP y GNC"},"content":{"rendered":"<h3 style=\"text-align: center;\" data-start=\"160\" data-end=\"208\">Inyector Individual ACW-03 AC STAG | GLP y GNC<\/h3>\n<p class=\"\" data-start=\"210\" data-end=\"606\">El inyector individual <strong data-start=\"233\" data-end=\"251\">ACW-03 AC STAG<\/strong> es una soluci\u00f3n de alta precisi\u00f3n para sistemas de gas GLP y GNC. Fabricado con tecnolog\u00eda avanzada y materiales de primera calidad, este componente es ideal para mantener o actualizar tu sistema de inyecci\u00f3n con total fiabilidad. Su dise\u00f1o compacto permite una instalaci\u00f3n sencilla y adaptable a m\u00faltiples configuraciones, incluso en espacios reducidos.<\/p>\n<p class=\"\" data-start=\"608\" data-end=\"980\">Gracias a su construcci\u00f3n robusta, el inyector <strong data-start=\"655\" data-end=\"665\">ACW-03<\/strong> garantiza una dosificaci\u00f3n exacta del gas, lo que se traduce en una combusti\u00f3n eficiente, reducci\u00f3n de emisiones contaminantes y un mejor aprovechamiento del combustible. Este inyector est\u00e1 especialmente dise\u00f1ado para trabajar en condiciones exigentes, ofreciendo un funcionamiento estable y duradero en el tiempo.<\/p>\n<p class=\"\" data-start=\"982\" data-end=\"1308\">Este modelo es compatible con veh\u00edculos de 2, 3 o 4 cilindros que cuenten con sistemas de inyecci\u00f3n de gas STAG y otras marcas equivalentes. Entre los veh\u00edculos compatibles se incluyen marcas reconocidas como Fiat, Audi, BMW, Ford, Mercedes-Benz, Peugeot, Renault, Volkswagen, Toyota, Nissan, Kia, Hyundai, entre muchas otras.<\/p>\n<p class=\"\" data-start=\"1310\" data-end=\"1674\">Adem\u00e1s, el inyector AC STAG incluye una configuraci\u00f3n \u00fanica de conector, permitiendo posicionamientos variables y una integraci\u00f3n perfecta con sensores de temperatura y presi\u00f3n. El sistema permite orientaci\u00f3n a ambos lados, lo que facilita su instalaci\u00f3n y mantenimiento. Sin duda, una opci\u00f3n de confianza para cualquier profesional del autogas o usuario avanzado.<\/p>\n<hr class=\"\" data-start=\"1676\" data-end=\"1679\" \/>\n<h4>Caracter\u00edsticas t\u00e9cnicas<\/h4>\n<div class=\"pointer-events-none relative left-[50%]! flex w-[100cqw] translate-x-[-50%] justify-center *:pointer-events-auto\">\n<div class=\"tableContainer horzScrollShadows\">\n<table class=\"min-w-full\" data-start=\"1711\" data-end=\"2589\">\n<thead data-start=\"1711\" data-end=\"1790\">\n<tr data-start=\"1711\" data-end=\"1790\">\n<th data-start=\"1711\" data-end=\"1745\">Especificaci\u00f3n<\/th>\n<th data-start=\"1745\" data-end=\"1790\">Detalle<\/th>\n<\/tr>\n<\/thead>\n<tbody data-start=\"1870\" data-end=\"2589\">\n<tr data-start=\"1870\" data-end=\"1949\">\n<td class=\"max-w-[calc(var(--thread-content-max-width)*2\/3)]\" data-start=\"1870\" data-end=\"1903\">Modelo<\/td>\n<td class=\"max-w-[calc(var(--thread-content-max-width)*2\/3)]\" data-start=\"1903\" data-end=\"1949\">ACW-03<\/td>\n<\/tr>\n<tr data-start=\"1950\" data-end=\"2029\">\n<td class=\"max-w-[calc(var(--thread-content-max-width)*2\/3)]\" data-start=\"1950\" data-end=\"1983\">Tipo<\/td>\n<td class=\"max-w-[calc(var(--thread-content-max-width)*2\/3)]\" data-start=\"1983\" data-end=\"2029\">Inyector individual<\/td>\n<\/tr>\n<tr data-start=\"2030\" data-end=\"2109\">\n<td class=\"max-w-[calc(var(--thread-content-max-width)*2\/3)]\" data-start=\"2030\" data-end=\"2063\">Aplicaci\u00f3n<\/td>\n<td class=\"max-w-[calc(var(--thread-content-max-width)*2\/3)]\" data-start=\"2063\" data-end=\"2109\">GLP \/ GNC<\/td>\n<\/tr>\n<tr data-start=\"2110\" data-end=\"2189\">\n<td class=\"max-w-[calc(var(--thread-content-max-width)*2\/3)]\" data-start=\"2110\" data-end=\"2143\">Compatible con<\/td>\n<td class=\"max-w-[calc(var(--thread-content-max-width)*2\/3)]\" data-start=\"2143\" data-end=\"2189\">Sistemas STAG, AC, universales<\/td>\n<\/tr>\n<tr data-start=\"2190\" data-end=\"2269\">\n<td class=\"max-w-[calc(var(--thread-content-max-width)*2\/3)]\" data-start=\"2190\" data-end=\"2223\">Conector<\/td>\n<td class=\"max-w-[calc(var(--thread-content-max-width)*2\/3)]\" data-start=\"2223\" data-end=\"2269\">AMP \/ configurable 360\u00b0<\/td>\n<\/tr>\n<tr data-start=\"2270\" data-end=\"2349\">\n<td class=\"max-w-[calc(var(--thread-content-max-width)*2\/3)]\" data-start=\"2270\" data-end=\"2303\">N\u00famero de cilindros<\/td>\n<td class=\"max-w-[calc(var(--thread-content-max-width)*2\/3)]\" data-start=\"2303\" data-end=\"2349\">Compatible con 2, 3 y 4 cilindros<\/td>\n<\/tr>\n<tr data-start=\"2350\" data-end=\"2429\">\n<td class=\"max-w-[calc(var(--thread-content-max-width)*2\/3)]\" data-start=\"2350\" data-end=\"2383\">Sensor incluido<\/td>\n<td class=\"max-w-[calc(var(--thread-content-max-width)*2\/3)]\" data-start=\"2383\" data-end=\"2429\">Sensor temperatura y presi\u00f3n integrado<\/td>\n<\/tr>\n<tr data-start=\"2430\" data-end=\"2509\">\n<td class=\"max-w-[calc(var(--thread-content-max-width)*2\/3)]\" data-start=\"2430\" data-end=\"2463\">Material<\/td>\n<td class=\"max-w-[calc(var(--thread-content-max-width)*2\/3)]\" data-start=\"2463\" data-end=\"2509\">Alta resistencia y precisi\u00f3n t\u00e9cnica<\/td>\n<\/tr>\n<tr data-start=\"2510\" data-end=\"2589\">\n<td class=\"max-w-[calc(var(--thread-content-max-width)*2\/3)]\" data-start=\"2510\" data-end=\"2543\">Montaje<\/td>\n<td class=\"max-w-[calc(var(--thread-content-max-width)*2\/3)]\" data-start=\"2543\" data-end=\"2589\">Universal \/ Posicionamiento flexible<\/td>\n<\/tr>\n<\/tbody>\n<\/table>\n<p>Inyector individual ACW-03 AC STAG para sistemas GLP y GNC. Precisi\u00f3n, eficiencia y compatibilidad con veh\u00edculos de 2, 3 y 4 cilindros. Compra online en Recambios EcoGas.<\/p>\n<p><a href=\"https:\/\/recambiosecogas.com\/categoria-producto\/inyectores-menu\/inyectores-rail\/\">Nuestro catalogo de inyectores.<\/a><\/p>\n<p><a href=\"https:\/\/segimonautomocio.com\/\">Cambia tus inyectores en nuestro taller especializado.<\/a><\/p>\n<\/div>\n<\/div>\n","protected":false},"excerpt":{"rendered":"<p>Inyector AC Stag W03: adaptable a cualquier motor, incluyendo turbo. Rendimiento excepcional, dise\u00f1o preciso y ligero. Excelente disipaci\u00f3n de calor. Vers\u00e1til y estable en diversas condiciones. Palabras clave: inyector, AC Stag W03, motor, turbo, rendimiento, dise\u00f1o, disipaci\u00f3n de calor, estabilidad<\/p>\n","protected":false},"featured_media":5568,"comment_status":"open","ping_status":"closed","template":"","meta":{"googlesitekit_rrm_CAowud7EDA:productID":"","_uag_custom_page_level_css":""},"product_brand":[107],"product_cat":[32,482,306,950],"product_tag":[],"class_list":{"0":"post-12212","1":"product","2":"type-product","3":"status-publish","4":"has-post-thumbnail","6":"product_brand-ac-stag","7":"product_cat-ac-stag","8":"product_cat-inyectores-menu","9":"product_cat-inyectores-rail","10":"product_cat-inyectores-individuales","12":"first","13":"onbackorder","14":"taxable","15":"shipping-taxable","16":"purchasable","17":"product-type-simple"},"ct_brands":[{"id":107,"name":"AC STAG","slug":"ac-stag"}],"yoast_head":"<!-- This site is optimized with the Yoast SEO Premium plugin v27.3 (Yoast SEO v27.3) - https:\/\/yoast.com\/product\/yoast-seo-premium-wordpress\/ -->\n<title>Inyector Individual ACW-03 AC STAG | GLP y GNC | Recambios EcoGas | Sistemas GLP y GNC<\/title>\n<meta name=\"description\" content=\"INYECTOR ACW-03 AC STAG compatible con veh\u00edculos como Audi, BMW, Ford, Mercedes y m\u00e1s. COMPRA ONLINE, ENVIOS A TODA EUROPA\" \/>\n<meta name=\"robots\" content=\"index, follow, max-snippet:-1, max-image-preview:large, max-video-preview:-1\" \/>\n<link rel=\"canonical\" href=\"https:\/\/recambiosecogas.com\/pt-pt\/produto\/inyector-individual-acw-03-ac-stag-unidad\/\" \/>\n<meta property=\"og:locale\" content=\"pt_PT\" \/>\n<meta property=\"og:type\" content=\"article\" \/>\n<meta property=\"og:title\" content=\"Inyector Individual ACW-03 AC STAG | GLP y GNC\" \/>\n<meta property=\"og:description\" content=\"INYECTOR ACW-03 AC STAG compatible con veh\u00edculos como Audi, BMW, Ford, Mercedes y m\u00e1s. COMPRA ONLINE, ENVIOS A TODA EUROPA\" \/>\n<meta property=\"og:url\" content=\"https:\/\/recambiosecogas.com\/pt-pt\/produto\/inyector-individual-acw-03-ac-stag-unidad\/\" \/>\n<meta property=\"og:site_name\" content=\"Recambios EcoGas\" \/>\n<meta property=\"article:publisher\" content=\"https:\/\/www.facebook.com\/profile.php?id=100062419705358\" \/>\n<meta property=\"article:modified_time\" content=\"2025-07-01T17:10:53+00:00\" \/>\n<meta property=\"og:image\" content=\"https:\/\/recambiosecogas.com\/wp-content\/uploads\/2024\/10\/4-1.webp\" \/>\n\t<meta property=\"og:image:width\" content=\"1080\" \/>\n\t<meta property=\"og:image:height\" content=\"1080\" \/>\n\t<meta property=\"og:image:type\" content=\"image\/jpeg\" \/>\n<meta name=\"twitter:card\" content=\"summary_large_image\" \/>\n<meta name=\"twitter:label1\" content=\"pre\u00e7o\" \/>\n\t<meta name=\"twitter:data1\" content=\"40,00&nbsp;&euro; (IVA incl.: 48,40&nbsp;&euro;)\" \/>\n\t<meta name=\"twitter:label2\" content=\"Disponibilidade\" \/>\n\t<meta name=\"twitter:data2\" content=\"Por encomenda\" \/>\n<script type=\"application\/ld+json\" class=\"yoast-schema-graph\">{\"@context\":\"https:\\\/\\\/schema.org\",\"@graph\":[{\"@type\":\"WebPage\",\"@id\":\"https:\\\/\\\/recambiosecogas.com\\\/pt-pt\\\/produto\\\/inyector-individual-acw-03-ac-stag-unidad\\\/\",\"url\":\"https:\\\/\\\/recambiosecogas.com\\\/pt-pt\\\/produto\\\/inyector-individual-acw-03-ac-stag-unidad\\\/\",\"name\":\"Inyector Individual ACW-03 AC STAG | GLP y GNC | Recambios EcoGas | Sistemas GLP y GNC\",\"isPartOf\":{\"@id\":\"https:\\\/\\\/recambiosecogas.com\\\/pt-pt\\\/#website\"},\"primaryImageOfPage\":{\"@id\":\"https:\\\/\\\/recambiosecogas.com\\\/pt-pt\\\/produto\\\/inyector-individual-acw-03-ac-stag-unidad\\\/#primaryimage\"},\"image\":{\"@id\":\"https:\\\/\\\/recambiosecogas.com\\\/pt-pt\\\/produto\\\/inyector-individual-acw-03-ac-stag-unidad\\\/#primaryimage\"},\"thumbnailUrl\":\"https:\\\/\\\/recambiosecogas.com\\\/wp-content\\\/uploads\\\/2024\\\/10\\\/4-1.webp\",\"datePublished\":\"2024-12-23T14:31:46+00:00\",\"dateModified\":\"2025-07-01T17:10:53+00:00\",\"description\":\"INYECTOR ACW-03 AC STAG compatible con veh\u00edculos como Audi, BMW, Ford, Mercedes y m\u00e1s. COMPRA ONLINE, ENVIOS A TODA EUROPA\",\"breadcrumb\":{\"@id\":\"https:\\\/\\\/recambiosecogas.com\\\/pt-pt\\\/produto\\\/inyector-individual-acw-03-ac-stag-unidad\\\/#breadcrumb\"},\"inLanguage\":\"pt-PT\",\"potentialAction\":[{\"@type\":\"ReadAction\",\"target\":[\"https:\\\/\\\/recambiosecogas.com\\\/pt-pt\\\/produto\\\/inyector-individual-acw-03-ac-stag-unidad\\\/\"]}]},{\"@type\":\"ImageObject\",\"inLanguage\":\"pt-PT\",\"@id\":\"https:\\\/\\\/recambiosecogas.com\\\/pt-pt\\\/produto\\\/inyector-individual-acw-03-ac-stag-unidad\\\/#primaryimage\",\"url\":\"https:\\\/\\\/recambiosecogas.com\\\/wp-content\\\/uploads\\\/2024\\\/10\\\/4-1.webp\",\"contentUrl\":\"https:\\\/\\\/recambiosecogas.com\\\/wp-content\\\/uploads\\\/2024\\\/10\\\/4-1.webp\",\"width\":1080,\"height\":1080},{\"@type\":\"BreadcrumbList\",\"@id\":\"https:\\\/\\\/recambiosecogas.com\\\/pt-pt\\\/produto\\\/inyector-individual-acw-03-ac-stag-unidad\\\/#breadcrumb\",\"itemListElement\":[{\"@type\":\"ListItem\",\"position\":1,\"name\":\"P\u00e1gina inicial\",\"item\":\"https:\\\/\\\/recambiosecogas.com\\\/pt-pt\\\/\"},{\"@type\":\"ListItem\",\"position\":2,\"name\":\"Loja\",\"item\":\"https:\\\/\\\/recambiosecogas.com\\\/pt-pt\\\/tienda\\\/\"},{\"@type\":\"ListItem\",\"position\":3,\"name\":\"Inyector Individual ACW-03 AC STAG | GLP y GNC\"}]},{\"@type\":\"WebSite\",\"@id\":\"https:\\\/\\\/recambiosecogas.com\\\/pt-pt\\\/#website\",\"url\":\"https:\\\/\\\/recambiosecogas.com\\\/pt-pt\\\/\",\"name\":\"Recambios EcoGas\",\"description\":\"Pe\u00e7as multimarca para sistemas de GPL\\\/GNC\\\/GNL\\\/Hidrog\u00e9nio\",\"publisher\":{\"@id\":\"https:\\\/\\\/recambiosecogas.com\\\/pt-pt\\\/#organization\"},\"alternateName\":\"Recambios Autogas GLP\",\"potentialAction\":[{\"@type\":\"SearchAction\",\"target\":{\"@type\":\"EntryPoint\",\"urlTemplate\":\"https:\\\/\\\/recambiosecogas.com\\\/pt-pt\\\/?s={search_term_string}\"},\"query-input\":{\"@type\":\"PropertyValueSpecification\",\"valueRequired\":true,\"valueName\":\"search_term_string\"}}],\"inLanguage\":\"pt-PT\"},{\"@type\":[\"Organization\",\"Place\"],\"@id\":\"https:\\\/\\\/recambiosecogas.com\\\/pt-pt\\\/#organization\",\"name\":\"Recambios EcoGas\",\"alternateName\":\"Loja de GPL Autog\u00e1s Espanha\",\"url\":\"https:\\\/\\\/recambiosecogas.com\\\/pt-pt\\\/\",\"logo\":{\"@id\":\"https:\\\/\\\/recambiosecogas.com\\\/pt-pt\\\/produto\\\/inyector-individual-acw-03-ac-stag-unidad\\\/#local-main-organization-logo\"},\"image\":{\"@id\":\"https:\\\/\\\/recambiosecogas.com\\\/pt-pt\\\/produto\\\/inyector-individual-acw-03-ac-stag-unidad\\\/#local-main-organization-logo\"},\"sameAs\":[\"https:\\\/\\\/www.facebook.com\\\/profile.php?id=100062419705358\",\"https:\\\/\\\/www.instagram.com\\\/segimon_automocio\"],\"description\":\"Recambios EcoGas \u2013 Venta y distribuci\u00f3n de sistemas GLP y GNC en Espa\u00f1a y Portugal. Env\u00edos 24 h, soporte t\u00e9cnico a talleres y distribuidores.\",\"hasMerchantReturnPolicy\":{\"@type\":\"MerchantReturnPolicy\",\"merchantReturnLink\":\"https:\\\/\\\/recambiosecogas.com\\\/politicas-privacidad\\\/\"},\"address\":{\"@id\":\"https:\\\/\\\/recambiosecogas.com\\\/pt-pt\\\/produto\\\/inyector-individual-acw-03-ac-stag-unidad\\\/#local-main-place-address\"},\"telephone\":[\"616250633\"],\"contactPoint\":{\"@type\":\"ContactPoint\",\"email\":\"export@recambiosecogas.com\"},\"openingHoursSpecification\":[{\"@type\":\"OpeningHoursSpecification\",\"dayOfWeek\":[\"Monday\",\"Tuesday\",\"Wednesday\",\"Thursday\",\"Friday\",\"Saturday\",\"Sunday\"],\"opens\":\"09:00\",\"closes\":\"17:00\"}],\"email\":\"info@recambiosecogas.com\",\"faxNumber\":\"SEGIMON AUTOMOCION SL\",\"vatID\":\"ESB19819861\",\"globalLocationNumber\":\"938 616 339\"},{\"@type\":\"PostalAddress\",\"@id\":\"https:\\\/\\\/recambiosecogas.com\\\/pt-pt\\\/produto\\\/inyector-individual-acw-03-ac-stag-unidad\\\/#local-main-place-address\",\"streetAddress\":\"cami antic de vic, 29 (Nave 3), Pol\u00edgono Industrial Congost\",\"addressLocality\":\"CORRO D`AVALL\",\"postalCode\":\"08520\",\"addressRegion\":\"Barcelona\",\"addressCountry\":\"ES\"},{\"@type\":\"ImageObject\",\"inLanguage\":\"pt-PT\",\"@id\":\"https:\\\/\\\/recambiosecogas.com\\\/pt-pt\\\/produto\\\/inyector-individual-acw-03-ac-stag-unidad\\\/#local-main-organization-logo\",\"url\":\"https:\\\/\\\/recambiosecogas.com\\\/wp-content\\\/uploads\\\/2024\\\/11\\\/cropped-RECAMBIOS-GLP-png.webp\",\"contentUrl\":\"https:\\\/\\\/recambiosecogas.com\\\/wp-content\\\/uploads\\\/2024\\\/11\\\/cropped-RECAMBIOS-GLP-png.webp\",\"width\":512,\"height\":512,\"caption\":\"Recambios EcoGas\"}]}<\/script>\n<meta property=\"product:brand\" content=\"AC STAG\" \/>\n<meta property=\"product:price:amount\" content=\"40.00\" \/>\n<meta property=\"product:price:currency\" content=\"EUR\" \/>\n<meta property=\"og:availability\" content=\"backorder\" \/>\n<meta property=\"product:availability\" content=\"available for order\" \/>\n<meta property=\"product:condition\" content=\"new\" \/>\n<meta name=\"geo.placename\" content=\"CORRO D`AVALL\" \/>\n<meta name=\"geo.region\" content=\"Espanha\" \/>\n<!-- \/ Yoast SEO Premium plugin. -->","yoast_head_json":{"title":"Inyector Individual ACW-03 AC STAG | GLP y GNC | Recambios EcoGas | Sistemas GLP y GNC","description":"INYECTOR ACW-03 AC STAG compatible con veh\u00edculos como Audi, BMW, Ford, Mercedes y m\u00e1s. COMPRA ONLINE, ENVIOS A TODA EUROPA","robots":{"index":"index","follow":"follow","max-snippet":"max-snippet:-1","max-image-preview":"max-image-preview:large","max-video-preview":"max-video-preview:-1"},"canonical":"https:\/\/recambiosecogas.com\/pt-pt\/produto\/inyector-individual-acw-03-ac-stag-unidad\/","og_locale":"pt_PT","og_type":"article","og_title":"Inyector Individual ACW-03 AC STAG | GLP y GNC","og_description":"INYECTOR ACW-03 AC STAG compatible con veh\u00edculos como Audi, BMW, Ford, Mercedes y m\u00e1s. COMPRA ONLINE, ENVIOS A TODA EUROPA","og_url":"https:\/\/recambiosecogas.com\/pt-pt\/produto\/inyector-individual-acw-03-ac-stag-unidad\/","og_site_name":"Recambios EcoGas","article_publisher":"https:\/\/www.facebook.com\/profile.php?id=100062419705358","article_modified_time":"2025-07-01T17:10:53+00:00","og_image":[{"width":1080,"height":1080,"url":"https:\/\/recambiosecogas.com\/wp-content\/uploads\/2024\/10\/4-1.webp","type":"image\/jpeg"}],"twitter_card":"summary_large_image","twitter_misc":{"pre\u00e7o":"40,00&nbsp;&euro; (IVA incl.: 48,40&nbsp;&euro;)","Disponibilidade":"Por encomenda"},"schema":{"@context":"https:\/\/schema.org","@graph":[{"@type":"WebPage","@id":"https:\/\/recambiosecogas.com\/pt-pt\/produto\/inyector-individual-acw-03-ac-stag-unidad\/","url":"https:\/\/recambiosecogas.com\/pt-pt\/produto\/inyector-individual-acw-03-ac-stag-unidad\/","name":"Inyector Individual ACW-03 AC STAG | GLP y GNC | Recambios EcoGas | Sistemas GLP y GNC","isPartOf":{"@id":"https:\/\/recambiosecogas.com\/pt-pt\/#website"},"primaryImageOfPage":{"@id":"https:\/\/recambiosecogas.com\/pt-pt\/produto\/inyector-individual-acw-03-ac-stag-unidad\/#primaryimage"},"image":{"@id":"https:\/\/recambiosecogas.com\/pt-pt\/produto\/inyector-individual-acw-03-ac-stag-unidad\/#primaryimage"},"thumbnailUrl":"https:\/\/recambiosecogas.com\/wp-content\/uploads\/2024\/10\/4-1.webp","datePublished":"2024-12-23T14:31:46+00:00","dateModified":"2025-07-01T17:10:53+00:00","description":"INYECTOR ACW-03 AC STAG compatible con veh\u00edculos como Audi, BMW, Ford, Mercedes y m\u00e1s. COMPRA ONLINE, ENVIOS A TODA EUROPA","breadcrumb":{"@id":"https:\/\/recambiosecogas.com\/pt-pt\/produto\/inyector-individual-acw-03-ac-stag-unidad\/#breadcrumb"},"inLanguage":"pt-PT","potentialAction":[{"@type":"ReadAction","target":["https:\/\/recambiosecogas.com\/pt-pt\/produto\/inyector-individual-acw-03-ac-stag-unidad\/"]}]},{"@type":"ImageObject","inLanguage":"pt-PT","@id":"https:\/\/recambiosecogas.com\/pt-pt\/produto\/inyector-individual-acw-03-ac-stag-unidad\/#primaryimage","url":"https:\/\/recambiosecogas.com\/wp-content\/uploads\/2024\/10\/4-1.webp","contentUrl":"https:\/\/recambiosecogas.com\/wp-content\/uploads\/2024\/10\/4-1.webp","width":1080,"height":1080},{"@type":"BreadcrumbList","@id":"https:\/\/recambiosecogas.com\/pt-pt\/produto\/inyector-individual-acw-03-ac-stag-unidad\/#breadcrumb","itemListElement":[{"@type":"ListItem","position":1,"name":"P\u00e1gina inicial","item":"https:\/\/recambiosecogas.com\/pt-pt\/"},{"@type":"ListItem","position":2,"name":"Loja","item":"https:\/\/recambiosecogas.com\/pt-pt\/tienda\/"},{"@type":"ListItem","position":3,"name":"Inyector Individual ACW-03 AC STAG | GLP y GNC"}]},{"@type":"WebSite","@id":"https:\/\/recambiosecogas.com\/pt-pt\/#website","url":"https:\/\/recambiosecogas.com\/pt-pt\/","name":"Recambios EcoGas","description":"Pe\u00e7as multimarca para sistemas de GPL\/GNC\/GNL\/Hidrog\u00e9nio","publisher":{"@id":"https:\/\/recambiosecogas.com\/pt-pt\/#organization"},"alternateName":"Recambios Autogas GLP","potentialAction":[{"@type":"SearchAction","target":{"@type":"EntryPoint","urlTemplate":"https:\/\/recambiosecogas.com\/pt-pt\/?s={search_term_string}"},"query-input":{"@type":"PropertyValueSpecification","valueRequired":true,"valueName":"search_term_string"}}],"inLanguage":"pt-PT"},{"@type":["Organization","Place"],"@id":"https:\/\/recambiosecogas.com\/pt-pt\/#organization","name":"Recambios EcoGas","alternateName":"Loja de GPL Autog\u00e1s Espanha","url":"https:\/\/recambiosecogas.com\/pt-pt\/","logo":{"@id":"https:\/\/recambiosecogas.com\/pt-pt\/produto\/inyector-individual-acw-03-ac-stag-unidad\/#local-main-organization-logo"},"image":{"@id":"https:\/\/recambiosecogas.com\/pt-pt\/produto\/inyector-individual-acw-03-ac-stag-unidad\/#local-main-organization-logo"},"sameAs":["https:\/\/www.facebook.com\/profile.php?id=100062419705358","https:\/\/www.instagram.com\/segimon_automocio"],"description":"Recambios EcoGas \u2013 Venta y distribuci\u00f3n de sistemas GLP y GNC en Espa\u00f1a y Portugal. Env\u00edos 24 h, soporte t\u00e9cnico a talleres y distribuidores.","hasMerchantReturnPolicy":{"@type":"MerchantReturnPolicy","merchantReturnLink":"https:\/\/recambiosecogas.com\/politicas-privacidad\/"},"address":{"@id":"https:\/\/recambiosecogas.com\/pt-pt\/produto\/inyector-individual-acw-03-ac-stag-unidad\/#local-main-place-address"},"telephone":["616250633"],"contactPoint":{"@type":"ContactPoint","email":"export@recambiosecogas.com"},"openingHoursSpecification":[{"@type":"OpeningHoursSpecification","dayOfWeek":["Monday","Tuesday","Wednesday","Thursday","Friday","Saturday","Sunday"],"opens":"09:00","closes":"17:00"}],"email":"info@recambiosecogas.com","faxNumber":"SEGIMON AUTOMOCION SL","vatID":"ESB19819861","globalLocationNumber":"938 616 339"},{"@type":"PostalAddress","@id":"https:\/\/recambiosecogas.com\/pt-pt\/produto\/inyector-individual-acw-03-ac-stag-unidad\/#local-main-place-address","streetAddress":"cami antic de vic, 29 (Nave 3), Pol\u00edgono Industrial Congost","addressLocality":"CORRO D`AVALL","postalCode":"08520","addressRegion":"Barcelona","addressCountry":"ES"},{"@type":"ImageObject","inLanguage":"pt-PT","@id":"https:\/\/recambiosecogas.com\/pt-pt\/produto\/inyector-individual-acw-03-ac-stag-unidad\/#local-main-organization-logo","url":"https:\/\/recambiosecogas.com\/wp-content\/uploads\/2024\/11\/cropped-RECAMBIOS-GLP-png.webp","contentUrl":"https:\/\/recambiosecogas.com\/wp-content\/uploads\/2024\/11\/cropped-RECAMBIOS-GLP-png.webp","width":512,"height":512,"caption":"Recambios EcoGas"}]},"product_brand":"AC STAG","product_price_amount":"40.00","product_price_currency":"EUR","og_availability":"backorder","product_availability":"available for order","product_condition":"new","geo.placename":"CORRO D`AVALL","geo.region":"Espanha"},"uagb_featured_image_src":{"full":["https:\/\/recambiosecogas.com\/wp-content\/uploads\/2024\/10\/4-1.webp",1080,1080,false],"thumbnail":["https:\/\/recambiosecogas.com\/wp-content\/uploads\/2024\/10\/4-1-150x150.jpg",150,150,true],"medium":["https:\/\/recambiosecogas.com\/wp-content\/uploads\/2024\/10\/4-1-300x300.jpg",300,300,true],"medium_large":["https:\/\/recambiosecogas.com\/wp-content\/uploads\/2024\/10\/4-1-768x768.jpg",768,768,true],"large":["https:\/\/recambiosecogas.com\/wp-content\/uploads\/2024\/10\/4-1-1000x1000.jpg",1000,1000,true],"1536x1536":["https:\/\/recambiosecogas.com\/wp-content\/uploads\/2024\/10\/4-1.webp",1080,1080,false],"2048x2048":["https:\/\/recambiosecogas.com\/wp-content\/uploads\/2024\/10\/4-1.webp",1080,1080,false],"woocommerce_archive_thumbnail":["https:\/\/recambiosecogas.com\/wp-content\/uploads\/2024\/10\/4-1-1000x1000.webp",1000,1000,true],"woocommerce_thumbnail":["https:\/\/recambiosecogas.com\/wp-content\/uploads\/2024\/10\/4-1-300x300.webp",300,300,true],"woocommerce_single":["https:\/\/recambiosecogas.com\/wp-content\/uploads\/2024\/10\/4-1-1000x1000.webp",1000,1000,true],"woocommerce_gallery_thumbnail":["https:\/\/recambiosecogas.com\/wp-content\/uploads\/2024\/10\/4-1-1000x1000.webp",1000,1000,true],"dgwt-wcas-product-suggestion":["https:\/\/recambiosecogas.com\/wp-content\/uploads\/2024\/10\/4-1-64x64.webp",64,64,true]},"uagb_author_info":{"display_name":"Fran - Soporte T\u00e9cnico","author_link":"https:\/\/recambiosecogas.com\/pt-pt\/author\/"},"uagb_comment_info":0,"uagb_excerpt":"Inyector AC Stag W03: adaptable a cualquier motor, incluyendo turbo. Rendimiento excepcional, dise\u00f1o preciso y ligero. Excelente disipaci\u00f3n de calor. Vers\u00e1til y estable en diversas condiciones. Palabras clave: inyector, AC Stag W03, motor, turbo, rendimiento, dise\u00f1o, disipaci\u00f3n de calor, estabilidad","_links":{"self":[{"href":"https:\/\/recambiosecogas.com\/pt-pt\/wp-json\/wp\/v2\/product\/12212","targetHints":{"allow":["GET"]}}],"collection":[{"href":"https:\/\/recambiosecogas.com\/pt-pt\/wp-json\/wp\/v2\/product"}],"about":[{"href":"https:\/\/recambiosecogas.com\/pt-pt\/wp-json\/wp\/v2\/types\/product"}],"replies":[{"embeddable":true,"href":"https:\/\/recambiosecogas.com\/pt-pt\/wp-json\/wp\/v2\/comments?post=12212"}],"wp:featuredmedia":[{"embeddable":true,"href":"https:\/\/recambiosecogas.com\/pt-pt\/wp-json\/wp\/v2\/media\/5568"}],"wp:attachment":[{"href":"https:\/\/recambiosecogas.com\/pt-pt\/wp-json\/wp\/v2\/media?parent=12212"}],"wp:term":[{"taxonomy":"product_brand","embeddable":true,"href":"https:\/\/recambiosecogas.com\/pt-pt\/wp-json\/wp\/v2\/product_brand?post=12212"},{"taxonomy":"product_cat","embeddable":true,"href":"https:\/\/recambiosecogas.com\/pt-pt\/wp-json\/wp\/v2\/product_cat?post=12212"},{"taxonomy":"product_tag","embeddable":true,"href":"https:\/\/recambiosecogas.com\/pt-pt\/wp-json\/wp\/v2\/product_tag?post=12212"}],"curies":[{"name":"wp","href":"https:\/\/api.w.org\/{rel}","templated":true}]}}