{"id":11007,"date":"2024-12-19T12:11:27","date_gmt":"2024-12-19T11:11:27","guid":{"rendered":"https:\/\/recambiosecogas.com\/producto\/acople-de-manguera-m16x1-o-19-mm-di-115-mm-l-45-mm\/"},"modified":"2026-03-18T11:08:57","modified_gmt":"2026-03-18T10:08:57","slug":"acople-de-manguera-m16x1-o-19-mm-di-115-mm-l-45-mm","status":"publish","type":"product","link":"https:\/\/recambiosecogas.com\/pt-pt\/produto\/acople-de-manguera-m16x1-o-19-mm-di-115-mm-l-45-mm\/","title":{"rendered":"Acople de manguera M16x1 \u00d8 19 mm DI. 11,5 mm L. 45 mm"},"content":{"rendered":"<p>Acople de Manguera M16x1 \u00d819 mm<br \/>\nComponente esencial para sistemas de Autogas<\/p>\n<p>El acople de manguera M16x1 \u00d819 mm es un componente crucial en los sistemas de Autogas, dise\u00f1ado para facilitar la conexi\u00f3n entre las mangueras del sistema de gas. Este acople permite una uni\u00f3n segura y eficiente, asegurando que el flujo de gas se mantenga sin obstrucciones.<\/p>\n<p>Su funci\u00f3n principal es garantizar que las mangueras se conecten de manera efectiva, evitando fugas y asegurando un rendimiento \u00f3ptimo del sistema. Un acople bien instalado es fundamental para la seguridad y el funcionamiento adecuado del sistema de Autogas.<\/p>\n<p>Este componente es necesario en situaciones donde se requiere una conexi\u00f3n entre diferentes secciones del sistema de gas. Se recomienda su reemplazo si se observan signos de desgaste o da\u00f1o en la instalaci\u00f3n existente.<\/p>\n<p>Sintomas de fallo:<br \/>\n* Fugas de gas en la conexi\u00f3n<br \/>\n* Dificultades en el flujo de gas<br \/>\n* Ruido inusual en el sistema de gas<\/p>\n<p>Compatibilidad<br \/>\nCompatible con veh\u00edculos equipados con sistema Autogas. Se recomienda verificar la referencia original antes de realizar la compra.<\/p>\n","protected":false},"excerpt":{"rendered":"<p>Acople de manguera M16x1 \u00d819 mm, esencial en sistemas de Autogas. Permite una conexi\u00f3n segura y eficiente en el sistema de gas.<\/p>\n","protected":false},"featured_media":13589,"comment_status":"open","ping_status":"closed","template":"","meta":{"googlesitekit_rrm_CAowud7EDA:productID":"","_uag_custom_page_level_css":""},"product_brand":[],"product_cat":[343],"product_tag":[],"class_list":{"0":"post-11007","1":"product","2":"type-product","3":"status-publish","4":"has-post-thumbnail","6":"product_cat-accesorios-accesorio-de-venturi","8":"first","9":"onbackorder","10":"taxable","11":"shipping-taxable","12":"purchasable","13":"product-type-simple"},"ct_brands":[],"yoast_head":"<!-- This site is optimized with the Yoast SEO Premium plugin v27.3 (Yoast SEO v27.3) - https:\/\/yoast.com\/product\/yoast-seo-premium-wordpress\/ -->\n<title>Acople de Manguera M16x1 \u00d819 mm | Recambios Ecogas<\/title>\n<meta name=\"description\" content=\"Acople de manguera M16x1 \u00d819 mm, esencial en sistemas de Autogas. Permite una conexi\u00f3n segura y eficiente en el sistema de gas.\" \/>\n<meta name=\"robots\" content=\"index, follow, max-snippet:-1, max-image-preview:large, max-video-preview:-1\" \/>\n<link rel=\"canonical\" href=\"https:\/\/recambiosecogas.com\/pt-pt\/produto\/acople-de-manguera-m16x1-o-19-mm-di-115-mm-l-45-mm\/\" \/>\n<meta property=\"og:locale\" content=\"pt_PT\" \/>\n<meta property=\"og:type\" content=\"article\" \/>\n<meta property=\"og:title\" content=\"Acople de manguera M16x1 \u00d8 19 mm DI. 11,5 mm L. 45 mm\" \/>\n<meta property=\"og:description\" content=\"Acople de manguera M16x1 \u00d819 mm, esencial en sistemas de Autogas. Permite una conexi\u00f3n segura y eficiente en el sistema de gas.\" \/>\n<meta property=\"og:url\" content=\"https:\/\/recambiosecogas.com\/pt-pt\/produto\/acople-de-manguera-m16x1-o-19-mm-di-115-mm-l-45-mm\/\" \/>\n<meta property=\"og:site_name\" content=\"Recambios EcoGas\" \/>\n<meta property=\"article:publisher\" content=\"https:\/\/www.facebook.com\/profile.php?id=100062419705358\" \/>\n<meta property=\"article:modified_time\" content=\"2026-03-18T10:08:57+00:00\" \/>\n<meta property=\"og:image\" content=\"https:\/\/recambiosecogas.com\/wp-content\/uploads\/2024\/12\/Acople-de-manguera-M16x1-O-19-mm-DI.-115-mm-L.-45-mm-png.webp\" \/>\n\t<meta property=\"og:image:width\" content=\"1000\" \/>\n\t<meta property=\"og:image:height\" content=\"1000\" \/>\n\t<meta property=\"og:image:type\" content=\"image\/png\" \/>\n<meta name=\"twitter:card\" content=\"summary_large_image\" \/>\n<meta name=\"twitter:label1\" content=\"pre\u00e7o\" \/>\n\t<meta name=\"twitter:data1\" content=\"3,45&nbsp;&euro; (IVA incl.: 4,17&nbsp;&euro;)\" \/>\n\t<meta name=\"twitter:label2\" content=\"Disponibilidade\" \/>\n\t<meta name=\"twitter:data2\" content=\"Por encomenda\" \/>\n<script type=\"application\/ld+json\" class=\"yoast-schema-graph\">{\"@context\":\"https:\\\/\\\/schema.org\",\"@graph\":[{\"@type\":\"WebPage\",\"@id\":\"https:\\\/\\\/recambiosecogas.com\\\/pt-pt\\\/produto\\\/acople-de-manguera-m16x1-o-19-mm-di-115-mm-l-45-mm\\\/\",\"url\":\"https:\\\/\\\/recambiosecogas.com\\\/pt-pt\\\/produto\\\/acople-de-manguera-m16x1-o-19-mm-di-115-mm-l-45-mm\\\/\",\"name\":\"Acople de Manguera M16x1 \u00d819 mm | Recambios Ecogas\",\"isPartOf\":{\"@id\":\"https:\\\/\\\/recambiosecogas.com\\\/pt-pt\\\/#website\"},\"primaryImageOfPage\":{\"@id\":\"https:\\\/\\\/recambiosecogas.com\\\/pt-pt\\\/produto\\\/acople-de-manguera-m16x1-o-19-mm-di-115-mm-l-45-mm\\\/#primaryimage\"},\"image\":{\"@id\":\"https:\\\/\\\/recambiosecogas.com\\\/pt-pt\\\/produto\\\/acople-de-manguera-m16x1-o-19-mm-di-115-mm-l-45-mm\\\/#primaryimage\"},\"thumbnailUrl\":\"https:\\\/\\\/recambiosecogas.com\\\/wp-content\\\/uploads\\\/2024\\\/12\\\/Acople-de-manguera-M16x1-O-19-mm-DI.-115-mm-L.-45-mm-png.webp\",\"datePublished\":\"2024-12-19T11:11:27+00:00\",\"dateModified\":\"2026-03-18T10:08:57+00:00\",\"description\":\"Acople de manguera M16x1 \u00d819 mm, esencial en sistemas de Autogas. Permite una conexi\u00f3n segura y eficiente en el sistema de gas.\",\"breadcrumb\":{\"@id\":\"https:\\\/\\\/recambiosecogas.com\\\/pt-pt\\\/produto\\\/acople-de-manguera-m16x1-o-19-mm-di-115-mm-l-45-mm\\\/#breadcrumb\"},\"inLanguage\":\"pt-PT\",\"potentialAction\":[{\"@type\":\"ReadAction\",\"target\":[\"https:\\\/\\\/recambiosecogas.com\\\/pt-pt\\\/produto\\\/acople-de-manguera-m16x1-o-19-mm-di-115-mm-l-45-mm\\\/\"]}]},{\"@type\":\"ImageObject\",\"inLanguage\":\"pt-PT\",\"@id\":\"https:\\\/\\\/recambiosecogas.com\\\/pt-pt\\\/produto\\\/acople-de-manguera-m16x1-o-19-mm-di-115-mm-l-45-mm\\\/#primaryimage\",\"url\":\"https:\\\/\\\/recambiosecogas.com\\\/wp-content\\\/uploads\\\/2024\\\/12\\\/Acople-de-manguera-M16x1-O-19-mm-DI.-115-mm-L.-45-mm-png.webp\",\"contentUrl\":\"https:\\\/\\\/recambiosecogas.com\\\/wp-content\\\/uploads\\\/2024\\\/12\\\/Acople-de-manguera-M16x1-O-19-mm-DI.-115-mm-L.-45-mm-png.webp\",\"width\":1000,\"height\":1000},{\"@type\":\"BreadcrumbList\",\"@id\":\"https:\\\/\\\/recambiosecogas.com\\\/pt-pt\\\/produto\\\/acople-de-manguera-m16x1-o-19-mm-di-115-mm-l-45-mm\\\/#breadcrumb\",\"itemListElement\":[{\"@type\":\"ListItem\",\"position\":1,\"name\":\"P\u00e1gina inicial\",\"item\":\"https:\\\/\\\/recambiosecogas.com\\\/pt-pt\\\/\"},{\"@type\":\"ListItem\",\"position\":2,\"name\":\"Loja\",\"item\":\"https:\\\/\\\/recambiosecogas.com\\\/pt-pt\\\/tienda\\\/\"},{\"@type\":\"ListItem\",\"position\":3,\"name\":\"Acople de manguera M16x1 \u00d8 19 mm DI. 11,5 mm L. 45 mm\"}]},{\"@type\":\"WebSite\",\"@id\":\"https:\\\/\\\/recambiosecogas.com\\\/pt-pt\\\/#website\",\"url\":\"https:\\\/\\\/recambiosecogas.com\\\/pt-pt\\\/\",\"name\":\"Recambios EcoGas\",\"description\":\"Pe\u00e7as multimarca para sistemas de GPL\\\/GNC\\\/GNL\\\/Hidrog\u00e9nio\",\"publisher\":{\"@id\":\"https:\\\/\\\/recambiosecogas.com\\\/pt-pt\\\/#organization\"},\"alternateName\":\"Recambios Autogas GLP\",\"potentialAction\":[{\"@type\":\"SearchAction\",\"target\":{\"@type\":\"EntryPoint\",\"urlTemplate\":\"https:\\\/\\\/recambiosecogas.com\\\/pt-pt\\\/?s={search_term_string}\"},\"query-input\":{\"@type\":\"PropertyValueSpecification\",\"valueRequired\":true,\"valueName\":\"search_term_string\"}}],\"inLanguage\":\"pt-PT\"},{\"@type\":[\"Organization\",\"Place\"],\"@id\":\"https:\\\/\\\/recambiosecogas.com\\\/pt-pt\\\/#organization\",\"name\":\"Recambios EcoGas\",\"alternateName\":\"Loja de GPL Autog\u00e1s Espanha\",\"url\":\"https:\\\/\\\/recambiosecogas.com\\\/pt-pt\\\/\",\"logo\":{\"@id\":\"https:\\\/\\\/recambiosecogas.com\\\/pt-pt\\\/produto\\\/acople-de-manguera-m16x1-o-19-mm-di-115-mm-l-45-mm\\\/#local-main-organization-logo\"},\"image\":{\"@id\":\"https:\\\/\\\/recambiosecogas.com\\\/pt-pt\\\/produto\\\/acople-de-manguera-m16x1-o-19-mm-di-115-mm-l-45-mm\\\/#local-main-organization-logo\"},\"sameAs\":[\"https:\\\/\\\/www.facebook.com\\\/profile.php?id=100062419705358\",\"https:\\\/\\\/www.instagram.com\\\/segimon_automocio\"],\"description\":\"Recambios EcoGas \u2013 Venta y distribuci\u00f3n de sistemas GLP y GNC en Espa\u00f1a y Portugal. Env\u00edos 24 h, soporte t\u00e9cnico a talleres y distribuidores.\",\"hasMerchantReturnPolicy\":{\"@type\":\"MerchantReturnPolicy\",\"merchantReturnLink\":\"https:\\\/\\\/recambiosecogas.com\\\/politicas-privacidad\\\/\"},\"address\":{\"@id\":\"https:\\\/\\\/recambiosecogas.com\\\/pt-pt\\\/produto\\\/acople-de-manguera-m16x1-o-19-mm-di-115-mm-l-45-mm\\\/#local-main-place-address\"},\"telephone\":[\"616250633\"],\"contactPoint\":{\"@type\":\"ContactPoint\",\"email\":\"export@recambiosecogas.com\"},\"openingHoursSpecification\":[{\"@type\":\"OpeningHoursSpecification\",\"dayOfWeek\":[\"Monday\",\"Tuesday\",\"Wednesday\",\"Thursday\",\"Friday\",\"Saturday\",\"Sunday\"],\"opens\":\"09:00\",\"closes\":\"17:00\"}],\"email\":\"info@recambiosecogas.com\",\"faxNumber\":\"SEGIMON AUTOMOCION SL\",\"vatID\":\"ESB19819861\",\"globalLocationNumber\":\"938 616 339\"},{\"@type\":\"PostalAddress\",\"@id\":\"https:\\\/\\\/recambiosecogas.com\\\/pt-pt\\\/produto\\\/acople-de-manguera-m16x1-o-19-mm-di-115-mm-l-45-mm\\\/#local-main-place-address\",\"streetAddress\":\"cami antic de vic, 29 (Nave 3), Pol\u00edgono Industrial Congost\",\"addressLocality\":\"CORRO D`AVALL\",\"postalCode\":\"08520\",\"addressRegion\":\"Barcelona\",\"addressCountry\":\"ES\"},{\"@type\":\"ImageObject\",\"inLanguage\":\"pt-PT\",\"@id\":\"https:\\\/\\\/recambiosecogas.com\\\/pt-pt\\\/produto\\\/acople-de-manguera-m16x1-o-19-mm-di-115-mm-l-45-mm\\\/#local-main-organization-logo\",\"url\":\"https:\\\/\\\/recambiosecogas.com\\\/wp-content\\\/uploads\\\/2024\\\/11\\\/cropped-RECAMBIOS-GLP-png.webp\",\"contentUrl\":\"https:\\\/\\\/recambiosecogas.com\\\/wp-content\\\/uploads\\\/2024\\\/11\\\/cropped-RECAMBIOS-GLP-png.webp\",\"width\":512,\"height\":512,\"caption\":\"Recambios EcoGas\"}]}<\/script>\n<meta property=\"product:price:amount\" content=\"3.45\" \/>\n<meta property=\"product:price:currency\" content=\"EUR\" \/>\n<meta property=\"og:availability\" content=\"backorder\" \/>\n<meta property=\"product:availability\" content=\"available for order\" \/>\n<meta property=\"product:retailer_item_id\" content=\"100573P\" \/>\n<meta property=\"product:condition\" content=\"new\" \/>\n<meta name=\"geo.placename\" content=\"CORRO D`AVALL\" \/>\n<meta name=\"geo.region\" content=\"Espanha\" \/>\n<!-- \/ Yoast SEO Premium plugin. -->","yoast_head_json":{"title":"Acople de Manguera M16x1 \u00d819 mm | Recambios Ecogas","description":"Acople de manguera M16x1 \u00d819 mm, esencial en sistemas de Autogas. Permite una conexi\u00f3n segura y eficiente en el sistema de gas.","robots":{"index":"index","follow":"follow","max-snippet":"max-snippet:-1","max-image-preview":"max-image-preview:large","max-video-preview":"max-video-preview:-1"},"canonical":"https:\/\/recambiosecogas.com\/pt-pt\/produto\/acople-de-manguera-m16x1-o-19-mm-di-115-mm-l-45-mm\/","og_locale":"pt_PT","og_type":"article","og_title":"Acople de manguera M16x1 \u00d8 19 mm DI. 11,5 mm L. 45 mm","og_description":"Acople de manguera M16x1 \u00d819 mm, esencial en sistemas de Autogas. Permite una conexi\u00f3n segura y eficiente en el sistema de gas.","og_url":"https:\/\/recambiosecogas.com\/pt-pt\/produto\/acople-de-manguera-m16x1-o-19-mm-di-115-mm-l-45-mm\/","og_site_name":"Recambios EcoGas","article_publisher":"https:\/\/www.facebook.com\/profile.php?id=100062419705358","article_modified_time":"2026-03-18T10:08:57+00:00","og_image":[{"width":1000,"height":1000,"url":"https:\/\/recambiosecogas.com\/wp-content\/uploads\/2024\/12\/Acople-de-manguera-M16x1-O-19-mm-DI.-115-mm-L.-45-mm-png.webp","type":"image\/png"}],"twitter_card":"summary_large_image","twitter_misc":{"pre\u00e7o":"3,45&nbsp;&euro; (IVA incl.: 4,17&nbsp;&euro;)","Disponibilidade":"Por encomenda"},"schema":{"@context":"https:\/\/schema.org","@graph":[{"@type":"WebPage","@id":"https:\/\/recambiosecogas.com\/pt-pt\/produto\/acople-de-manguera-m16x1-o-19-mm-di-115-mm-l-45-mm\/","url":"https:\/\/recambiosecogas.com\/pt-pt\/produto\/acople-de-manguera-m16x1-o-19-mm-di-115-mm-l-45-mm\/","name":"Acople de Manguera M16x1 \u00d819 mm | Recambios Ecogas","isPartOf":{"@id":"https:\/\/recambiosecogas.com\/pt-pt\/#website"},"primaryImageOfPage":{"@id":"https:\/\/recambiosecogas.com\/pt-pt\/produto\/acople-de-manguera-m16x1-o-19-mm-di-115-mm-l-45-mm\/#primaryimage"},"image":{"@id":"https:\/\/recambiosecogas.com\/pt-pt\/produto\/acople-de-manguera-m16x1-o-19-mm-di-115-mm-l-45-mm\/#primaryimage"},"thumbnailUrl":"https:\/\/recambiosecogas.com\/wp-content\/uploads\/2024\/12\/Acople-de-manguera-M16x1-O-19-mm-DI.-115-mm-L.-45-mm-png.webp","datePublished":"2024-12-19T11:11:27+00:00","dateModified":"2026-03-18T10:08:57+00:00","description":"Acople de manguera M16x1 \u00d819 mm, esencial en sistemas de Autogas. Permite una conexi\u00f3n segura y eficiente en el sistema de gas.","breadcrumb":{"@id":"https:\/\/recambiosecogas.com\/pt-pt\/produto\/acople-de-manguera-m16x1-o-19-mm-di-115-mm-l-45-mm\/#breadcrumb"},"inLanguage":"pt-PT","potentialAction":[{"@type":"ReadAction","target":["https:\/\/recambiosecogas.com\/pt-pt\/produto\/acople-de-manguera-m16x1-o-19-mm-di-115-mm-l-45-mm\/"]}]},{"@type":"ImageObject","inLanguage":"pt-PT","@id":"https:\/\/recambiosecogas.com\/pt-pt\/produto\/acople-de-manguera-m16x1-o-19-mm-di-115-mm-l-45-mm\/#primaryimage","url":"https:\/\/recambiosecogas.com\/wp-content\/uploads\/2024\/12\/Acople-de-manguera-M16x1-O-19-mm-DI.-115-mm-L.-45-mm-png.webp","contentUrl":"https:\/\/recambiosecogas.com\/wp-content\/uploads\/2024\/12\/Acople-de-manguera-M16x1-O-19-mm-DI.-115-mm-L.-45-mm-png.webp","width":1000,"height":1000},{"@type":"BreadcrumbList","@id":"https:\/\/recambiosecogas.com\/pt-pt\/produto\/acople-de-manguera-m16x1-o-19-mm-di-115-mm-l-45-mm\/#breadcrumb","itemListElement":[{"@type":"ListItem","position":1,"name":"P\u00e1gina inicial","item":"https:\/\/recambiosecogas.com\/pt-pt\/"},{"@type":"ListItem","position":2,"name":"Loja","item":"https:\/\/recambiosecogas.com\/pt-pt\/tienda\/"},{"@type":"ListItem","position":3,"name":"Acople de manguera M16x1 \u00d8 19 mm DI. 11,5 mm L. 45 mm"}]},{"@type":"WebSite","@id":"https:\/\/recambiosecogas.com\/pt-pt\/#website","url":"https:\/\/recambiosecogas.com\/pt-pt\/","name":"Recambios EcoGas","description":"Pe\u00e7as multimarca para sistemas de GPL\/GNC\/GNL\/Hidrog\u00e9nio","publisher":{"@id":"https:\/\/recambiosecogas.com\/pt-pt\/#organization"},"alternateName":"Recambios Autogas GLP","potentialAction":[{"@type":"SearchAction","target":{"@type":"EntryPoint","urlTemplate":"https:\/\/recambiosecogas.com\/pt-pt\/?s={search_term_string}"},"query-input":{"@type":"PropertyValueSpecification","valueRequired":true,"valueName":"search_term_string"}}],"inLanguage":"pt-PT"},{"@type":["Organization","Place"],"@id":"https:\/\/recambiosecogas.com\/pt-pt\/#organization","name":"Recambios EcoGas","alternateName":"Loja de GPL Autog\u00e1s Espanha","url":"https:\/\/recambiosecogas.com\/pt-pt\/","logo":{"@id":"https:\/\/recambiosecogas.com\/pt-pt\/produto\/acople-de-manguera-m16x1-o-19-mm-di-115-mm-l-45-mm\/#local-main-organization-logo"},"image":{"@id":"https:\/\/recambiosecogas.com\/pt-pt\/produto\/acople-de-manguera-m16x1-o-19-mm-di-115-mm-l-45-mm\/#local-main-organization-logo"},"sameAs":["https:\/\/www.facebook.com\/profile.php?id=100062419705358","https:\/\/www.instagram.com\/segimon_automocio"],"description":"Recambios EcoGas \u2013 Venta y distribuci\u00f3n de sistemas GLP y GNC en Espa\u00f1a y Portugal. Env\u00edos 24 h, soporte t\u00e9cnico a talleres y distribuidores.","hasMerchantReturnPolicy":{"@type":"MerchantReturnPolicy","merchantReturnLink":"https:\/\/recambiosecogas.com\/politicas-privacidad\/"},"address":{"@id":"https:\/\/recambiosecogas.com\/pt-pt\/produto\/acople-de-manguera-m16x1-o-19-mm-di-115-mm-l-45-mm\/#local-main-place-address"},"telephone":["616250633"],"contactPoint":{"@type":"ContactPoint","email":"export@recambiosecogas.com"},"openingHoursSpecification":[{"@type":"OpeningHoursSpecification","dayOfWeek":["Monday","Tuesday","Wednesday","Thursday","Friday","Saturday","Sunday"],"opens":"09:00","closes":"17:00"}],"email":"info@recambiosecogas.com","faxNumber":"SEGIMON AUTOMOCION SL","vatID":"ESB19819861","globalLocationNumber":"938 616 339"},{"@type":"PostalAddress","@id":"https:\/\/recambiosecogas.com\/pt-pt\/produto\/acople-de-manguera-m16x1-o-19-mm-di-115-mm-l-45-mm\/#local-main-place-address","streetAddress":"cami antic de vic, 29 (Nave 3), Pol\u00edgono Industrial Congost","addressLocality":"CORRO D`AVALL","postalCode":"08520","addressRegion":"Barcelona","addressCountry":"ES"},{"@type":"ImageObject","inLanguage":"pt-PT","@id":"https:\/\/recambiosecogas.com\/pt-pt\/produto\/acople-de-manguera-m16x1-o-19-mm-di-115-mm-l-45-mm\/#local-main-organization-logo","url":"https:\/\/recambiosecogas.com\/wp-content\/uploads\/2024\/11\/cropped-RECAMBIOS-GLP-png.webp","contentUrl":"https:\/\/recambiosecogas.com\/wp-content\/uploads\/2024\/11\/cropped-RECAMBIOS-GLP-png.webp","width":512,"height":512,"caption":"Recambios EcoGas"}]},"product_price_amount":"3.45","product_price_currency":"EUR","og_availability":"backorder","product_availability":"available for order","product_retailer_item_id":"100573P","product_condition":"new","geo.placename":"CORRO D`AVALL","geo.region":"Espanha"},"uagb_featured_image_src":{"full":["https:\/\/recambiosecogas.com\/wp-content\/uploads\/2024\/12\/Acople-de-manguera-M16x1-O-19-mm-DI.-115-mm-L.-45-mm-png.webp",1000,1000,false],"thumbnail":["https:\/\/recambiosecogas.com\/wp-content\/uploads\/2024\/12\/Acople-de-manguera-M16x1-O-19-mm-DI.-115-mm-L.-45-mm-150x150.webp",150,150,true],"medium":["https:\/\/recambiosecogas.com\/wp-content\/uploads\/2024\/12\/Acople-de-manguera-M16x1-O-19-mm-DI.-115-mm-L.-45-mm-300x300.webp",300,300,true],"medium_large":["https:\/\/recambiosecogas.com\/wp-content\/uploads\/2024\/12\/Acople-de-manguera-M16x1-O-19-mm-DI.-115-mm-L.-45-mm-768x768.webp",768,768,true],"large":["https:\/\/recambiosecogas.com\/wp-content\/uploads\/2024\/12\/Acople-de-manguera-M16x1-O-19-mm-DI.-115-mm-L.-45-mm-png.webp",1000,1000,false],"1536x1536":["https:\/\/recambiosecogas.com\/wp-content\/uploads\/2024\/12\/Acople-de-manguera-M16x1-O-19-mm-DI.-115-mm-L.-45-mm-png.webp",1000,1000,false],"2048x2048":["https:\/\/recambiosecogas.com\/wp-content\/uploads\/2024\/12\/Acople-de-manguera-M16x1-O-19-mm-DI.-115-mm-L.-45-mm-png.webp",1000,1000,false],"woocommerce_archive_thumbnail":["https:\/\/recambiosecogas.com\/wp-content\/uploads\/2024\/12\/Acople-de-manguera-M16x1-O-19-mm-DI.-115-mm-L.-45-mm-png.webp",1000,1000,false],"woocommerce_thumbnail":["https:\/\/recambiosecogas.com\/wp-content\/uploads\/2024\/12\/Acople-de-manguera-M16x1-O-19-mm-DI.-115-mm-L.-45-mm-300x300.webp",300,300,true],"woocommerce_single":["https:\/\/recambiosecogas.com\/wp-content\/uploads\/2024\/12\/Acople-de-manguera-M16x1-O-19-mm-DI.-115-mm-L.-45-mm-png.webp",1000,1000,false],"woocommerce_gallery_thumbnail":["https:\/\/recambiosecogas.com\/wp-content\/uploads\/2024\/12\/Acople-de-manguera-M16x1-O-19-mm-DI.-115-mm-L.-45-mm-png.webp",1000,1000,false],"dgwt-wcas-product-suggestion":["https:\/\/recambiosecogas.com\/wp-content\/uploads\/2024\/12\/Acople-de-manguera-M16x1-O-19-mm-DI.-115-mm-L.-45-mm-64x64.webp",64,64,true]},"uagb_author_info":{"display_name":"Fran - Soporte T\u00e9cnico","author_link":"https:\/\/recambiosecogas.com\/pt-pt\/author\/"},"uagb_comment_info":0,"uagb_excerpt":"Acople de manguera M16x1 \u00d819 mm, esencial en sistemas de Autogas. Permite una conexi\u00f3n segura y eficiente en el sistema de gas.","_links":{"self":[{"href":"https:\/\/recambiosecogas.com\/pt-pt\/wp-json\/wp\/v2\/product\/11007","targetHints":{"allow":["GET"]}}],"collection":[{"href":"https:\/\/recambiosecogas.com\/pt-pt\/wp-json\/wp\/v2\/product"}],"about":[{"href":"https:\/\/recambiosecogas.com\/pt-pt\/wp-json\/wp\/v2\/types\/product"}],"replies":[{"embeddable":true,"href":"https:\/\/recambiosecogas.com\/pt-pt\/wp-json\/wp\/v2\/comments?post=11007"}],"wp:featuredmedia":[{"embeddable":true,"href":"https:\/\/recambiosecogas.com\/pt-pt\/wp-json\/wp\/v2\/media\/13589"}],"wp:attachment":[{"href":"https:\/\/recambiosecogas.com\/pt-pt\/wp-json\/wp\/v2\/media?parent=11007"}],"wp:term":[{"taxonomy":"product_brand","embeddable":true,"href":"https:\/\/recambiosecogas.com\/pt-pt\/wp-json\/wp\/v2\/product_brand?post=11007"},{"taxonomy":"product_cat","embeddable":true,"href":"https:\/\/recambiosecogas.com\/pt-pt\/wp-json\/wp\/v2\/product_cat?post=11007"},{"taxonomy":"product_tag","embeddable":true,"href":"https:\/\/recambiosecogas.com\/pt-pt\/wp-json\/wp\/v2\/product_tag?post=11007"}],"curies":[{"name":"wp","href":"https:\/\/api.w.org\/{rel}","templated":true}]}}