{"id":10907,"date":"2024-12-19T12:10:57","date_gmt":"2024-12-19T11:10:57","guid":{"rendered":"https:\/\/recambiosecogas.com\/producto\/tartarini-sensor-de-temperatura-para-evo-07-08\/"},"modified":"2026-03-18T10:50:22","modified_gmt":"2026-03-18T09:50:22","slug":"tartarini-sensor-de-temperatura-para-evo-07-08","status":"publish","type":"product","link":"https:\/\/recambiosecogas.com\/pt-pt\/produto\/tartarini-sensor-de-temperatura-para-evo-07-08\/","title":{"rendered":"Tartarini Sensor de temperatura para EVO 07\/08"},"content":{"rendered":"<p>El sensor de temperatura Tartarini para EVO 07\/08 es un componente crucial en sistemas de gas GLP, dise\u00f1ado para proporcionar lecturas precisas de temperatura del gas. Este sensor es fundamental para el correcto funcionamiento del sistema de inyecci\u00f3n, asegurando un rendimiento \u00f3ptimo del motor.<\/p>\n<p>Este sensor permite al sistema de inyecci\u00f3n ajustar la mezcla de combustible de manera eficiente, lo que es vital para mantener la estabilidad del motor y evitar problemas de rendimiento. Su correcta operaci\u00f3n es esencial para garantizar que el sistema funcione de manera efectiva y segura.<\/p>\n<p>El sensor de temperatura es necesario en veh\u00edculos que utilizan sistemas GLP y es recomendable su instalaci\u00f3n en caso de fallos en la medici\u00f3n de temperatura o durante el mantenimiento del sistema.<\/p>\n<p>Sintomas de fallo:<br \/>\n* Lecturas err\u00e1ticas de temperatura<br \/>\n* Problemas de rendimiento en el motor<br \/>\n* Dificultades al cambiar entre combustibles<\/p>\n<p>Compatibilidad<br \/>\nCompatible con veh\u00edculos equipados con sistemas GLP que utilizan el sensor Tartarini. Se recomienda verificar la referencia original antes de realizar la compra.<\/p>\n","protected":false},"excerpt":{"rendered":"<p>Sensor de temperatura Tartarini para EVO 07\/08, esencial en sistemas GLP. Asegura lecturas precisas para un rendimiento \u00f3ptimo del motor.<\/p>\n","protected":false},"featured_media":13768,"comment_status":"open","ping_status":"closed","template":"","meta":{"googlesitekit_rrm_CAowud7EDA:productID":"","_uag_custom_page_level_css":""},"product_brand":[1000],"product_cat":[323],"product_tag":[],"class_list":{"0":"post-10907","1":"product","2":"type-product","3":"status-publish","4":"has-post-thumbnail","6":"product_brand-tartarini","7":"product_cat-temperatura-del-gas","9":"first","10":"onbackorder","11":"taxable","12":"shipping-taxable","13":"purchasable","14":"product-type-simple"},"ct_brands":[{"id":1000,"name":"TARTARINI","slug":"tartarini"}],"yoast_head":"<!-- This site is optimized with the Yoast SEO Premium plugin v27.3 (Yoast SEO v27.3) - https:\/\/yoast.com\/product\/yoast-seo-premium-wordpress\/ -->\n<title>Sensor de temperatura Tartarini para EVO 07\/08 | Recambios Ecogas<\/title>\n<meta name=\"description\" content=\"Sensor de temperatura Tartarini para EVO 07\/08, esencial en sistemas GLP. Asegura lecturas precisas para un rendimiento \u00f3ptimo del motor.\" \/>\n<meta name=\"robots\" content=\"index, follow, max-snippet:-1, max-image-preview:large, max-video-preview:-1\" \/>\n<link rel=\"canonical\" href=\"https:\/\/recambiosecogas.com\/pt-pt\/produto\/tartarini-sensor-de-temperatura-para-evo-07-08\/\" \/>\n<meta property=\"og:locale\" content=\"pt_PT\" \/>\n<meta property=\"og:type\" content=\"article\" \/>\n<meta property=\"og:title\" content=\"Tartarini Sensor de temperatura para EVO 07\/08\" \/>\n<meta property=\"og:description\" content=\"Sensor de temperatura Tartarini para EVO 07\/08, esencial en sistemas GLP. Asegura lecturas precisas para un rendimiento \u00f3ptimo del motor.\" \/>\n<meta property=\"og:url\" content=\"https:\/\/recambiosecogas.com\/pt-pt\/produto\/tartarini-sensor-de-temperatura-para-evo-07-08\/\" \/>\n<meta property=\"og:site_name\" content=\"Recambios EcoGas\" \/>\n<meta property=\"article:publisher\" content=\"https:\/\/www.facebook.com\/profile.php?id=100062419705358\" \/>\n<meta property=\"article:modified_time\" content=\"2026-03-18T09:50:22+00:00\" \/>\n<meta property=\"og:image\" content=\"https:\/\/recambiosecogas.com\/wp-content\/uploads\/2024\/12\/Tartarini-Sensor-de-temperatura-para-EVO-07-08-png.webp\" \/>\n\t<meta property=\"og:image:width\" content=\"1000\" \/>\n\t<meta property=\"og:image:height\" content=\"1000\" \/>\n\t<meta property=\"og:image:type\" content=\"image\/png\" \/>\n<meta name=\"twitter:card\" content=\"summary_large_image\" \/>\n<meta name=\"twitter:label1\" content=\"pre\u00e7o\" \/>\n\t<meta name=\"twitter:data1\" content=\"60,59&nbsp;&euro; (IVA incl.: 73,31&nbsp;&euro;)\" \/>\n\t<meta name=\"twitter:label2\" content=\"Disponibilidade\" \/>\n\t<meta name=\"twitter:data2\" content=\"Por encomenda\" \/>\n<script type=\"application\/ld+json\" class=\"yoast-schema-graph\">{\"@context\":\"https:\\\/\\\/schema.org\",\"@graph\":[{\"@type\":\"WebPage\",\"@id\":\"https:\\\/\\\/recambiosecogas.com\\\/pt-pt\\\/produto\\\/tartarini-sensor-de-temperatura-para-evo-07-08\\\/\",\"url\":\"https:\\\/\\\/recambiosecogas.com\\\/pt-pt\\\/produto\\\/tartarini-sensor-de-temperatura-para-evo-07-08\\\/\",\"name\":\"Sensor de temperatura Tartarini para EVO 07\\\/08 | Recambios Ecogas\",\"isPartOf\":{\"@id\":\"https:\\\/\\\/recambiosecogas.com\\\/pt-pt\\\/#website\"},\"primaryImageOfPage\":{\"@id\":\"https:\\\/\\\/recambiosecogas.com\\\/pt-pt\\\/produto\\\/tartarini-sensor-de-temperatura-para-evo-07-08\\\/#primaryimage\"},\"image\":{\"@id\":\"https:\\\/\\\/recambiosecogas.com\\\/pt-pt\\\/produto\\\/tartarini-sensor-de-temperatura-para-evo-07-08\\\/#primaryimage\"},\"thumbnailUrl\":\"https:\\\/\\\/recambiosecogas.com\\\/wp-content\\\/uploads\\\/2024\\\/12\\\/Tartarini-Sensor-de-temperatura-para-EVO-07-08-png.webp\",\"datePublished\":\"2024-12-19T11:10:57+00:00\",\"dateModified\":\"2026-03-18T09:50:22+00:00\",\"description\":\"Sensor de temperatura Tartarini para EVO 07\\\/08, esencial en sistemas GLP. Asegura lecturas precisas para un rendimiento \u00f3ptimo del motor.\",\"breadcrumb\":{\"@id\":\"https:\\\/\\\/recambiosecogas.com\\\/pt-pt\\\/produto\\\/tartarini-sensor-de-temperatura-para-evo-07-08\\\/#breadcrumb\"},\"inLanguage\":\"pt-PT\",\"potentialAction\":[{\"@type\":\"ReadAction\",\"target\":[\"https:\\\/\\\/recambiosecogas.com\\\/pt-pt\\\/produto\\\/tartarini-sensor-de-temperatura-para-evo-07-08\\\/\"]}]},{\"@type\":\"ImageObject\",\"inLanguage\":\"pt-PT\",\"@id\":\"https:\\\/\\\/recambiosecogas.com\\\/pt-pt\\\/produto\\\/tartarini-sensor-de-temperatura-para-evo-07-08\\\/#primaryimage\",\"url\":\"https:\\\/\\\/recambiosecogas.com\\\/wp-content\\\/uploads\\\/2024\\\/12\\\/Tartarini-Sensor-de-temperatura-para-EVO-07-08-png.webp\",\"contentUrl\":\"https:\\\/\\\/recambiosecogas.com\\\/wp-content\\\/uploads\\\/2024\\\/12\\\/Tartarini-Sensor-de-temperatura-para-EVO-07-08-png.webp\",\"width\":1000,\"height\":1000},{\"@type\":\"BreadcrumbList\",\"@id\":\"https:\\\/\\\/recambiosecogas.com\\\/pt-pt\\\/produto\\\/tartarini-sensor-de-temperatura-para-evo-07-08\\\/#breadcrumb\",\"itemListElement\":[{\"@type\":\"ListItem\",\"position\":1,\"name\":\"P\u00e1gina inicial\",\"item\":\"https:\\\/\\\/recambiosecogas.com\\\/pt-pt\\\/\"},{\"@type\":\"ListItem\",\"position\":2,\"name\":\"Loja\",\"item\":\"https:\\\/\\\/recambiosecogas.com\\\/pt-pt\\\/tienda\\\/\"},{\"@type\":\"ListItem\",\"position\":3,\"name\":\"Tartarini Sensor de temperatura para EVO 07\\\/08\"}]},{\"@type\":\"WebSite\",\"@id\":\"https:\\\/\\\/recambiosecogas.com\\\/pt-pt\\\/#website\",\"url\":\"https:\\\/\\\/recambiosecogas.com\\\/pt-pt\\\/\",\"name\":\"Recambios EcoGas\",\"description\":\"Pe\u00e7as multimarca para sistemas de GPL\\\/GNC\\\/GNL\\\/Hidrog\u00e9nio\",\"publisher\":{\"@id\":\"https:\\\/\\\/recambiosecogas.com\\\/pt-pt\\\/#organization\"},\"alternateName\":\"Recambios Autogas GLP\",\"potentialAction\":[{\"@type\":\"SearchAction\",\"target\":{\"@type\":\"EntryPoint\",\"urlTemplate\":\"https:\\\/\\\/recambiosecogas.com\\\/pt-pt\\\/?s={search_term_string}\"},\"query-input\":{\"@type\":\"PropertyValueSpecification\",\"valueRequired\":true,\"valueName\":\"search_term_string\"}}],\"inLanguage\":\"pt-PT\"},{\"@type\":[\"Organization\",\"Place\"],\"@id\":\"https:\\\/\\\/recambiosecogas.com\\\/pt-pt\\\/#organization\",\"name\":\"Recambios EcoGas\",\"alternateName\":\"Loja de GPL Autog\u00e1s Espanha\",\"url\":\"https:\\\/\\\/recambiosecogas.com\\\/pt-pt\\\/\",\"logo\":{\"@id\":\"https:\\\/\\\/recambiosecogas.com\\\/pt-pt\\\/produto\\\/tartarini-sensor-de-temperatura-para-evo-07-08\\\/#local-main-organization-logo\"},\"image\":{\"@id\":\"https:\\\/\\\/recambiosecogas.com\\\/pt-pt\\\/produto\\\/tartarini-sensor-de-temperatura-para-evo-07-08\\\/#local-main-organization-logo\"},\"sameAs\":[\"https:\\\/\\\/www.facebook.com\\\/profile.php?id=100062419705358\",\"https:\\\/\\\/www.instagram.com\\\/segimon_automocio\"],\"description\":\"Recambios EcoGas \u2013 Venta y distribuci\u00f3n de sistemas GLP y GNC en Espa\u00f1a y Portugal. Env\u00edos 24 h, soporte t\u00e9cnico a talleres y distribuidores.\",\"hasMerchantReturnPolicy\":{\"@type\":\"MerchantReturnPolicy\",\"merchantReturnLink\":\"https:\\\/\\\/recambiosecogas.com\\\/politicas-privacidad\\\/\"},\"address\":{\"@id\":\"https:\\\/\\\/recambiosecogas.com\\\/pt-pt\\\/produto\\\/tartarini-sensor-de-temperatura-para-evo-07-08\\\/#local-main-place-address\"},\"telephone\":[\"616250633\"],\"contactPoint\":{\"@type\":\"ContactPoint\",\"email\":\"export@recambiosecogas.com\"},\"openingHoursSpecification\":[{\"@type\":\"OpeningHoursSpecification\",\"dayOfWeek\":[\"Monday\",\"Tuesday\",\"Wednesday\",\"Thursday\",\"Friday\",\"Saturday\",\"Sunday\"],\"opens\":\"09:00\",\"closes\":\"17:00\"}],\"email\":\"info@recambiosecogas.com\",\"faxNumber\":\"SEGIMON AUTOMOCION SL\",\"vatID\":\"ESB19819861\",\"globalLocationNumber\":\"938 616 339\"},{\"@type\":\"PostalAddress\",\"@id\":\"https:\\\/\\\/recambiosecogas.com\\\/pt-pt\\\/produto\\\/tartarini-sensor-de-temperatura-para-evo-07-08\\\/#local-main-place-address\",\"streetAddress\":\"cami antic de vic, 29 (Nave 3), Pol\u00edgono Industrial Congost\",\"addressLocality\":\"CORRO D`AVALL\",\"postalCode\":\"08520\",\"addressRegion\":\"Barcelona\",\"addressCountry\":\"ES\"},{\"@type\":\"ImageObject\",\"inLanguage\":\"pt-PT\",\"@id\":\"https:\\\/\\\/recambiosecogas.com\\\/pt-pt\\\/produto\\\/tartarini-sensor-de-temperatura-para-evo-07-08\\\/#local-main-organization-logo\",\"url\":\"https:\\\/\\\/recambiosecogas.com\\\/wp-content\\\/uploads\\\/2024\\\/11\\\/cropped-RECAMBIOS-GLP-png.webp\",\"contentUrl\":\"https:\\\/\\\/recambiosecogas.com\\\/wp-content\\\/uploads\\\/2024\\\/11\\\/cropped-RECAMBIOS-GLP-png.webp\",\"width\":512,\"height\":512,\"caption\":\"Recambios EcoGas\"}]}<\/script>\n<meta property=\"product:brand\" content=\"TARTARINI\" \/>\n<meta property=\"product:price:amount\" content=\"60.59\" \/>\n<meta property=\"product:price:currency\" content=\"EUR\" \/>\n<meta property=\"og:availability\" content=\"backorder\" \/>\n<meta property=\"product:availability\" content=\"available for order\" \/>\n<meta property=\"product:retailer_item_id\" content=\"103000\" \/>\n<meta property=\"product:condition\" content=\"new\" \/>\n<meta name=\"geo.placename\" content=\"CORRO D`AVALL\" \/>\n<meta name=\"geo.region\" content=\"Espanha\" \/>\n<!-- \/ Yoast SEO Premium plugin. -->","yoast_head_json":{"title":"Sensor de temperatura Tartarini para EVO 07\/08 | Recambios Ecogas","description":"Sensor de temperatura Tartarini para EVO 07\/08, esencial en sistemas GLP. Asegura lecturas precisas para un rendimiento \u00f3ptimo del motor.","robots":{"index":"index","follow":"follow","max-snippet":"max-snippet:-1","max-image-preview":"max-image-preview:large","max-video-preview":"max-video-preview:-1"},"canonical":"https:\/\/recambiosecogas.com\/pt-pt\/produto\/tartarini-sensor-de-temperatura-para-evo-07-08\/","og_locale":"pt_PT","og_type":"article","og_title":"Tartarini Sensor de temperatura para EVO 07\/08","og_description":"Sensor de temperatura Tartarini para EVO 07\/08, esencial en sistemas GLP. Asegura lecturas precisas para un rendimiento \u00f3ptimo del motor.","og_url":"https:\/\/recambiosecogas.com\/pt-pt\/produto\/tartarini-sensor-de-temperatura-para-evo-07-08\/","og_site_name":"Recambios EcoGas","article_publisher":"https:\/\/www.facebook.com\/profile.php?id=100062419705358","article_modified_time":"2026-03-18T09:50:22+00:00","og_image":[{"width":1000,"height":1000,"url":"https:\/\/recambiosecogas.com\/wp-content\/uploads\/2024\/12\/Tartarini-Sensor-de-temperatura-para-EVO-07-08-png.webp","type":"image\/png"}],"twitter_card":"summary_large_image","twitter_misc":{"pre\u00e7o":"60,59&nbsp;&euro; (IVA incl.: 73,31&nbsp;&euro;)","Disponibilidade":"Por encomenda"},"schema":{"@context":"https:\/\/schema.org","@graph":[{"@type":"WebPage","@id":"https:\/\/recambiosecogas.com\/pt-pt\/produto\/tartarini-sensor-de-temperatura-para-evo-07-08\/","url":"https:\/\/recambiosecogas.com\/pt-pt\/produto\/tartarini-sensor-de-temperatura-para-evo-07-08\/","name":"Sensor de temperatura Tartarini para EVO 07\/08 | Recambios Ecogas","isPartOf":{"@id":"https:\/\/recambiosecogas.com\/pt-pt\/#website"},"primaryImageOfPage":{"@id":"https:\/\/recambiosecogas.com\/pt-pt\/produto\/tartarini-sensor-de-temperatura-para-evo-07-08\/#primaryimage"},"image":{"@id":"https:\/\/recambiosecogas.com\/pt-pt\/produto\/tartarini-sensor-de-temperatura-para-evo-07-08\/#primaryimage"},"thumbnailUrl":"https:\/\/recambiosecogas.com\/wp-content\/uploads\/2024\/12\/Tartarini-Sensor-de-temperatura-para-EVO-07-08-png.webp","datePublished":"2024-12-19T11:10:57+00:00","dateModified":"2026-03-18T09:50:22+00:00","description":"Sensor de temperatura Tartarini para EVO 07\/08, esencial en sistemas GLP. Asegura lecturas precisas para un rendimiento \u00f3ptimo del motor.","breadcrumb":{"@id":"https:\/\/recambiosecogas.com\/pt-pt\/produto\/tartarini-sensor-de-temperatura-para-evo-07-08\/#breadcrumb"},"inLanguage":"pt-PT","potentialAction":[{"@type":"ReadAction","target":["https:\/\/recambiosecogas.com\/pt-pt\/produto\/tartarini-sensor-de-temperatura-para-evo-07-08\/"]}]},{"@type":"ImageObject","inLanguage":"pt-PT","@id":"https:\/\/recambiosecogas.com\/pt-pt\/produto\/tartarini-sensor-de-temperatura-para-evo-07-08\/#primaryimage","url":"https:\/\/recambiosecogas.com\/wp-content\/uploads\/2024\/12\/Tartarini-Sensor-de-temperatura-para-EVO-07-08-png.webp","contentUrl":"https:\/\/recambiosecogas.com\/wp-content\/uploads\/2024\/12\/Tartarini-Sensor-de-temperatura-para-EVO-07-08-png.webp","width":1000,"height":1000},{"@type":"BreadcrumbList","@id":"https:\/\/recambiosecogas.com\/pt-pt\/produto\/tartarini-sensor-de-temperatura-para-evo-07-08\/#breadcrumb","itemListElement":[{"@type":"ListItem","position":1,"name":"P\u00e1gina inicial","item":"https:\/\/recambiosecogas.com\/pt-pt\/"},{"@type":"ListItem","position":2,"name":"Loja","item":"https:\/\/recambiosecogas.com\/pt-pt\/tienda\/"},{"@type":"ListItem","position":3,"name":"Tartarini Sensor de temperatura para EVO 07\/08"}]},{"@type":"WebSite","@id":"https:\/\/recambiosecogas.com\/pt-pt\/#website","url":"https:\/\/recambiosecogas.com\/pt-pt\/","name":"Recambios EcoGas","description":"Pe\u00e7as multimarca para sistemas de GPL\/GNC\/GNL\/Hidrog\u00e9nio","publisher":{"@id":"https:\/\/recambiosecogas.com\/pt-pt\/#organization"},"alternateName":"Recambios Autogas GLP","potentialAction":[{"@type":"SearchAction","target":{"@type":"EntryPoint","urlTemplate":"https:\/\/recambiosecogas.com\/pt-pt\/?s={search_term_string}"},"query-input":{"@type":"PropertyValueSpecification","valueRequired":true,"valueName":"search_term_string"}}],"inLanguage":"pt-PT"},{"@type":["Organization","Place"],"@id":"https:\/\/recambiosecogas.com\/pt-pt\/#organization","name":"Recambios EcoGas","alternateName":"Loja de GPL Autog\u00e1s Espanha","url":"https:\/\/recambiosecogas.com\/pt-pt\/","logo":{"@id":"https:\/\/recambiosecogas.com\/pt-pt\/produto\/tartarini-sensor-de-temperatura-para-evo-07-08\/#local-main-organization-logo"},"image":{"@id":"https:\/\/recambiosecogas.com\/pt-pt\/produto\/tartarini-sensor-de-temperatura-para-evo-07-08\/#local-main-organization-logo"},"sameAs":["https:\/\/www.facebook.com\/profile.php?id=100062419705358","https:\/\/www.instagram.com\/segimon_automocio"],"description":"Recambios EcoGas \u2013 Venta y distribuci\u00f3n de sistemas GLP y GNC en Espa\u00f1a y Portugal. Env\u00edos 24 h, soporte t\u00e9cnico a talleres y distribuidores.","hasMerchantReturnPolicy":{"@type":"MerchantReturnPolicy","merchantReturnLink":"https:\/\/recambiosecogas.com\/politicas-privacidad\/"},"address":{"@id":"https:\/\/recambiosecogas.com\/pt-pt\/produto\/tartarini-sensor-de-temperatura-para-evo-07-08\/#local-main-place-address"},"telephone":["616250633"],"contactPoint":{"@type":"ContactPoint","email":"export@recambiosecogas.com"},"openingHoursSpecification":[{"@type":"OpeningHoursSpecification","dayOfWeek":["Monday","Tuesday","Wednesday","Thursday","Friday","Saturday","Sunday"],"opens":"09:00","closes":"17:00"}],"email":"info@recambiosecogas.com","faxNumber":"SEGIMON AUTOMOCION SL","vatID":"ESB19819861","globalLocationNumber":"938 616 339"},{"@type":"PostalAddress","@id":"https:\/\/recambiosecogas.com\/pt-pt\/produto\/tartarini-sensor-de-temperatura-para-evo-07-08\/#local-main-place-address","streetAddress":"cami antic de vic, 29 (Nave 3), Pol\u00edgono Industrial Congost","addressLocality":"CORRO D`AVALL","postalCode":"08520","addressRegion":"Barcelona","addressCountry":"ES"},{"@type":"ImageObject","inLanguage":"pt-PT","@id":"https:\/\/recambiosecogas.com\/pt-pt\/produto\/tartarini-sensor-de-temperatura-para-evo-07-08\/#local-main-organization-logo","url":"https:\/\/recambiosecogas.com\/wp-content\/uploads\/2024\/11\/cropped-RECAMBIOS-GLP-png.webp","contentUrl":"https:\/\/recambiosecogas.com\/wp-content\/uploads\/2024\/11\/cropped-RECAMBIOS-GLP-png.webp","width":512,"height":512,"caption":"Recambios EcoGas"}]},"product_brand":"TARTARINI","product_price_amount":"60.59","product_price_currency":"EUR","og_availability":"backorder","product_availability":"available for order","product_retailer_item_id":"103000","product_condition":"new","geo.placename":"CORRO D`AVALL","geo.region":"Espanha"},"uagb_featured_image_src":{"full":["https:\/\/recambiosecogas.com\/wp-content\/uploads\/2024\/12\/Tartarini-Sensor-de-temperatura-para-EVO-07-08-png.webp",1000,1000,false],"thumbnail":["https:\/\/recambiosecogas.com\/wp-content\/uploads\/2024\/12\/Tartarini-Sensor-de-temperatura-para-EVO-07-08-150x150.webp",150,150,true],"medium":["https:\/\/recambiosecogas.com\/wp-content\/uploads\/2024\/12\/Tartarini-Sensor-de-temperatura-para-EVO-07-08-300x300.webp",300,300,true],"medium_large":["https:\/\/recambiosecogas.com\/wp-content\/uploads\/2024\/12\/Tartarini-Sensor-de-temperatura-para-EVO-07-08-768x768.webp",768,768,true],"large":["https:\/\/recambiosecogas.com\/wp-content\/uploads\/2024\/12\/Tartarini-Sensor-de-temperatura-para-EVO-07-08-png.webp",1000,1000,false],"1536x1536":["https:\/\/recambiosecogas.com\/wp-content\/uploads\/2024\/12\/Tartarini-Sensor-de-temperatura-para-EVO-07-08-png.webp",1000,1000,false],"2048x2048":["https:\/\/recambiosecogas.com\/wp-content\/uploads\/2024\/12\/Tartarini-Sensor-de-temperatura-para-EVO-07-08-png.webp",1000,1000,false],"woocommerce_archive_thumbnail":["https:\/\/recambiosecogas.com\/wp-content\/uploads\/2024\/12\/Tartarini-Sensor-de-temperatura-para-EVO-07-08-png.webp",1000,1000,false],"woocommerce_thumbnail":["https:\/\/recambiosecogas.com\/wp-content\/uploads\/2024\/12\/Tartarini-Sensor-de-temperatura-para-EVO-07-08-300x300.webp",300,300,true],"woocommerce_single":["https:\/\/recambiosecogas.com\/wp-content\/uploads\/2024\/12\/Tartarini-Sensor-de-temperatura-para-EVO-07-08-png.webp",1000,1000,false],"woocommerce_gallery_thumbnail":["https:\/\/recambiosecogas.com\/wp-content\/uploads\/2024\/12\/Tartarini-Sensor-de-temperatura-para-EVO-07-08-png.webp",1000,1000,false],"dgwt-wcas-product-suggestion":["https:\/\/recambiosecogas.com\/wp-content\/uploads\/2024\/12\/Tartarini-Sensor-de-temperatura-para-EVO-07-08-64x64.webp",64,64,true]},"uagb_author_info":{"display_name":"Fran - Soporte T\u00e9cnico","author_link":"https:\/\/recambiosecogas.com\/pt-pt\/author\/"},"uagb_comment_info":0,"uagb_excerpt":"Sensor de temperatura Tartarini para EVO 07\/08, esencial en sistemas GLP. Asegura lecturas precisas para un rendimiento \u00f3ptimo del motor.","_links":{"self":[{"href":"https:\/\/recambiosecogas.com\/pt-pt\/wp-json\/wp\/v2\/product\/10907","targetHints":{"allow":["GET"]}}],"collection":[{"href":"https:\/\/recambiosecogas.com\/pt-pt\/wp-json\/wp\/v2\/product"}],"about":[{"href":"https:\/\/recambiosecogas.com\/pt-pt\/wp-json\/wp\/v2\/types\/product"}],"replies":[{"embeddable":true,"href":"https:\/\/recambiosecogas.com\/pt-pt\/wp-json\/wp\/v2\/comments?post=10907"}],"wp:featuredmedia":[{"embeddable":true,"href":"https:\/\/recambiosecogas.com\/pt-pt\/wp-json\/wp\/v2\/media\/13768"}],"wp:attachment":[{"href":"https:\/\/recambiosecogas.com\/pt-pt\/wp-json\/wp\/v2\/media?parent=10907"}],"wp:term":[{"taxonomy":"product_brand","embeddable":true,"href":"https:\/\/recambiosecogas.com\/pt-pt\/wp-json\/wp\/v2\/product_brand?post=10907"},{"taxonomy":"product_cat","embeddable":true,"href":"https:\/\/recambiosecogas.com\/pt-pt\/wp-json\/wp\/v2\/product_cat?post=10907"},{"taxonomy":"product_tag","embeddable":true,"href":"https:\/\/recambiosecogas.com\/pt-pt\/wp-json\/wp\/v2\/product_tag?post=10907"}],"curies":[{"name":"wp","href":"https:\/\/api.w.org\/{rel}","templated":true}]}}