{"id":10838,"date":"2024-12-19T12:10:38","date_gmt":"2024-12-19T11:10:38","guid":{"rendered":"https:\/\/recambiosecogas.com\/producto\/sensor-de-temperatura-de-agua-5-kohm-para-reductores-tomasetto-at09-alaska-artic-kme-silver-gold-para-soldar\/"},"modified":"2026-03-18T10:20:34","modified_gmt":"2026-03-18T09:20:34","slug":"sensor-de-temperatura-de-agua-5-kohm-para-reductores-tomasetto-at09-alaska-artic-kme-silver-gold-para-soldar","status":"publish","type":"product","link":"https:\/\/recambiosecogas.com\/pt-pt\/produto\/sensor-de-temperatura-de-agua-5-kohm-para-reductores-tomasetto-at09-alaska-artic-kme-silver-gold-para-soldar\/","title":{"rendered":"Sensor de temperatura de agua 5 kohm para reductores Tomasetto AT09 ALASKA\/ARTIC + KME SILVER\/GOLD, para soldar"},"content":{"rendered":"<p>Sensor de temperatura de agua 5 kohm para reductores Tomasetto, dise\u00f1ado para su uso en sistemas de gas GLP. Este sensor es compatible con los reductores Tomasetto AT09 Alaska y Artic, as\u00ed como con los modelos KME Silver y Gold.<\/p>\n<p>Este componente es crucial para el correcto funcionamiento del sistema, ya que mide la temperatura del l\u00edquido refrigerante y permite que el reductor ajuste la mezcla de gas, asegurando un rendimiento \u00f3ptimo del motor y evitando posibles fallos.<\/p>\n<p>El sensor de temperatura se integra en el sistema de refrigeraci\u00f3n del veh\u00edculo, y su correcto funcionamiento es vital para mantener la eficiencia del sistema GLP. Si el sensor presenta fallos, puede provocar un mal rendimiento del motor, aumentando el consumo de combustible y las emisiones.<\/p>\n<p>Este sensor es f\u00e1cil de instalar en los reductores mencionados y es una pieza de repuesto esencial para mantener el sistema en condiciones \u00f3ptimas. Se recomienda su revisi\u00f3n peri\u00f3dica como parte del mantenimiento del sistema GLP.<\/p>\n<p>Compatibilidad<br \/>\nCompatible con reductores Tomasetto AT09 Alaska\/Artic y KME Silver\/Gold. Se recomienda verificar la referencia original antes de realizar la compra.<\/p>\n","protected":false},"excerpt":{"rendered":"<p>Sensor de temperatura de agua 5 kohm para reductores Tomasetto, compatible con AT09 Alaska\/Artic y KME Silver\/Gold, esencial para el sistema GLP.<\/p>\n","protected":false},"featured_media":13810,"comment_status":"open","ping_status":"closed","template":"","meta":{"googlesitekit_rrm_CAowud7EDA:productID":"","_uag_custom_page_level_css":""},"product_brand":[960,1009],"product_cat":[322],"product_tag":[],"class_list":{"0":"post-10838","1":"product","2":"type-product","3":"status-publish","4":"has-post-thumbnail","6":"product_brand-kme","7":"product_brand-tomasetto-achille","8":"product_cat-temperatura-del-agua","10":"first","11":"instock","12":"taxable","13":"shipping-taxable","14":"purchasable","15":"product-type-simple"},"ct_brands":[{"id":960,"name":"KME","slug":"kme"},{"id":1009,"name":"Tomasetto Achille","slug":"tomasetto-achille"}],"yoast_head":"<!-- This site is optimized with the Yoast SEO Premium plugin v27.3 (Yoast SEO v27.3) - https:\/\/yoast.com\/product\/yoast-seo-premium-wordpress\/ -->\n<title>Sensor de temperatura 5 kohm para reductores Tomasetto | Recambios Ecogas<\/title>\n<meta name=\"description\" content=\"Sensor de temperatura de agua 5 kohm para reductores Tomasetto AT09 Alaska\/Artic y KME Silver\/Gold. Ideal para garantizar el correcto funcionamiento del sistema GLP.\" \/>\n<meta name=\"robots\" content=\"index, follow, max-snippet:-1, max-image-preview:large, max-video-preview:-1\" \/>\n<link rel=\"canonical\" href=\"https:\/\/recambiosecogas.com\/pt-pt\/produto\/sensor-de-temperatura-de-agua-5-kohm-para-reductores-tomasetto-at09-alaska-artic-kme-silver-gold-para-soldar\/\" \/>\n<meta property=\"og:locale\" content=\"pt_PT\" \/>\n<meta property=\"og:type\" content=\"article\" \/>\n<meta property=\"og:title\" content=\"Sensor de temperatura de agua 5 kohm para reductores Tomasetto AT09 ALASKA\/ARTIC + KME SILVER\/GOLD, para soldar\" \/>\n<meta property=\"og:description\" content=\"Sensor de temperatura de agua 5 kohm para reductores Tomasetto AT09 Alaska\/Artic y KME Silver\/Gold. Ideal para garantizar el correcto funcionamiento del sistema GLP.\" \/>\n<meta property=\"og:url\" content=\"https:\/\/recambiosecogas.com\/pt-pt\/produto\/sensor-de-temperatura-de-agua-5-kohm-para-reductores-tomasetto-at09-alaska-artic-kme-silver-gold-para-soldar\/\" \/>\n<meta property=\"og:site_name\" content=\"Recambios EcoGas\" \/>\n<meta property=\"article:publisher\" content=\"https:\/\/www.facebook.com\/profile.php?id=100062419705358\" \/>\n<meta property=\"article:modified_time\" content=\"2026-03-18T09:20:34+00:00\" \/>\n<meta property=\"og:image\" content=\"https:\/\/recambiosecogas.com\/wp-content\/uploads\/2024\/12\/Sensor-de-temperatura-de-agua-5-kohm-para-reductores-Tomasetto-AT09-ALASKA-ARTIC-KME-SILVER-GOLD-para-soldar-png.webp\" \/>\n\t<meta property=\"og:image:width\" content=\"1000\" \/>\n\t<meta property=\"og:image:height\" content=\"1000\" \/>\n\t<meta property=\"og:image:type\" content=\"image\/png\" \/>\n<meta name=\"twitter:card\" content=\"summary_large_image\" \/>\n<meta name=\"twitter:label1\" content=\"pre\u00e7o\" \/>\n\t<meta name=\"twitter:data1\" content=\"9,99&nbsp;&euro; (IVA incl.: 12,09&nbsp;&euro;)\" \/>\n\t<meta name=\"twitter:label2\" content=\"Disponibilidade\" \/>\n\t<meta name=\"twitter:data2\" content=\"Em stock\" \/>\n<script type=\"application\/ld+json\" class=\"yoast-schema-graph\">{\"@context\":\"https:\\\/\\\/schema.org\",\"@graph\":[{\"@type\":\"WebPage\",\"@id\":\"https:\\\/\\\/recambiosecogas.com\\\/pt-pt\\\/produto\\\/sensor-de-temperatura-de-agua-5-kohm-para-reductores-tomasetto-at09-alaska-artic-kme-silver-gold-para-soldar\\\/\",\"url\":\"https:\\\/\\\/recambiosecogas.com\\\/pt-pt\\\/produto\\\/sensor-de-temperatura-de-agua-5-kohm-para-reductores-tomasetto-at09-alaska-artic-kme-silver-gold-para-soldar\\\/\",\"name\":\"Sensor de temperatura 5 kohm para reductores Tomasetto | Recambios Ecogas\",\"isPartOf\":{\"@id\":\"https:\\\/\\\/recambiosecogas.com\\\/pt-pt\\\/#website\"},\"primaryImageOfPage\":{\"@id\":\"https:\\\/\\\/recambiosecogas.com\\\/pt-pt\\\/produto\\\/sensor-de-temperatura-de-agua-5-kohm-para-reductores-tomasetto-at09-alaska-artic-kme-silver-gold-para-soldar\\\/#primaryimage\"},\"image\":{\"@id\":\"https:\\\/\\\/recambiosecogas.com\\\/pt-pt\\\/produto\\\/sensor-de-temperatura-de-agua-5-kohm-para-reductores-tomasetto-at09-alaska-artic-kme-silver-gold-para-soldar\\\/#primaryimage\"},\"thumbnailUrl\":\"https:\\\/\\\/recambiosecogas.com\\\/wp-content\\\/uploads\\\/2024\\\/12\\\/Sensor-de-temperatura-de-agua-5-kohm-para-reductores-Tomasetto-AT09-ALASKA-ARTIC-KME-SILVER-GOLD-para-soldar-png.webp\",\"datePublished\":\"2024-12-19T11:10:38+00:00\",\"dateModified\":\"2026-03-18T09:20:34+00:00\",\"description\":\"Sensor de temperatura de agua 5 kohm para reductores Tomasetto AT09 Alaska\\\/Artic y KME Silver\\\/Gold. Ideal para garantizar el correcto funcionamiento del sistema GLP.\",\"breadcrumb\":{\"@id\":\"https:\\\/\\\/recambiosecogas.com\\\/pt-pt\\\/produto\\\/sensor-de-temperatura-de-agua-5-kohm-para-reductores-tomasetto-at09-alaska-artic-kme-silver-gold-para-soldar\\\/#breadcrumb\"},\"inLanguage\":\"pt-PT\",\"potentialAction\":[{\"@type\":\"ReadAction\",\"target\":[\"https:\\\/\\\/recambiosecogas.com\\\/pt-pt\\\/produto\\\/sensor-de-temperatura-de-agua-5-kohm-para-reductores-tomasetto-at09-alaska-artic-kme-silver-gold-para-soldar\\\/\"]}]},{\"@type\":\"ImageObject\",\"inLanguage\":\"pt-PT\",\"@id\":\"https:\\\/\\\/recambiosecogas.com\\\/pt-pt\\\/produto\\\/sensor-de-temperatura-de-agua-5-kohm-para-reductores-tomasetto-at09-alaska-artic-kme-silver-gold-para-soldar\\\/#primaryimage\",\"url\":\"https:\\\/\\\/recambiosecogas.com\\\/wp-content\\\/uploads\\\/2024\\\/12\\\/Sensor-de-temperatura-de-agua-5-kohm-para-reductores-Tomasetto-AT09-ALASKA-ARTIC-KME-SILVER-GOLD-para-soldar-png.webp\",\"contentUrl\":\"https:\\\/\\\/recambiosecogas.com\\\/wp-content\\\/uploads\\\/2024\\\/12\\\/Sensor-de-temperatura-de-agua-5-kohm-para-reductores-Tomasetto-AT09-ALASKA-ARTIC-KME-SILVER-GOLD-para-soldar-png.webp\",\"width\":1000,\"height\":1000},{\"@type\":\"BreadcrumbList\",\"@id\":\"https:\\\/\\\/recambiosecogas.com\\\/pt-pt\\\/produto\\\/sensor-de-temperatura-de-agua-5-kohm-para-reductores-tomasetto-at09-alaska-artic-kme-silver-gold-para-soldar\\\/#breadcrumb\",\"itemListElement\":[{\"@type\":\"ListItem\",\"position\":1,\"name\":\"P\u00e1gina inicial\",\"item\":\"https:\\\/\\\/recambiosecogas.com\\\/pt-pt\\\/\"},{\"@type\":\"ListItem\",\"position\":2,\"name\":\"Loja\",\"item\":\"https:\\\/\\\/recambiosecogas.com\\\/pt-pt\\\/tienda\\\/\"},{\"@type\":\"ListItem\",\"position\":3,\"name\":\"Sensor de temperatura de agua 5 kohm para reductores Tomasetto AT09 ALASKA\\\/ARTIC + KME SILVER\\\/GOLD, para soldar\"}]},{\"@type\":\"WebSite\",\"@id\":\"https:\\\/\\\/recambiosecogas.com\\\/pt-pt\\\/#website\",\"url\":\"https:\\\/\\\/recambiosecogas.com\\\/pt-pt\\\/\",\"name\":\"Recambios EcoGas\",\"description\":\"Pe\u00e7as multimarca para sistemas de GPL\\\/GNC\\\/GNL\\\/Hidrog\u00e9nio\",\"publisher\":{\"@id\":\"https:\\\/\\\/recambiosecogas.com\\\/pt-pt\\\/#organization\"},\"alternateName\":\"Recambios Autogas GLP\",\"potentialAction\":[{\"@type\":\"SearchAction\",\"target\":{\"@type\":\"EntryPoint\",\"urlTemplate\":\"https:\\\/\\\/recambiosecogas.com\\\/pt-pt\\\/?s={search_term_string}\"},\"query-input\":{\"@type\":\"PropertyValueSpecification\",\"valueRequired\":true,\"valueName\":\"search_term_string\"}}],\"inLanguage\":\"pt-PT\"},{\"@type\":[\"Organization\",\"Place\"],\"@id\":\"https:\\\/\\\/recambiosecogas.com\\\/pt-pt\\\/#organization\",\"name\":\"Recambios EcoGas\",\"alternateName\":\"Loja de GPL Autog\u00e1s Espanha\",\"url\":\"https:\\\/\\\/recambiosecogas.com\\\/pt-pt\\\/\",\"logo\":{\"@id\":\"https:\\\/\\\/recambiosecogas.com\\\/pt-pt\\\/produto\\\/sensor-de-temperatura-de-agua-5-kohm-para-reductores-tomasetto-at09-alaska-artic-kme-silver-gold-para-soldar\\\/#local-main-organization-logo\"},\"image\":{\"@id\":\"https:\\\/\\\/recambiosecogas.com\\\/pt-pt\\\/produto\\\/sensor-de-temperatura-de-agua-5-kohm-para-reductores-tomasetto-at09-alaska-artic-kme-silver-gold-para-soldar\\\/#local-main-organization-logo\"},\"sameAs\":[\"https:\\\/\\\/www.facebook.com\\\/profile.php?id=100062419705358\",\"https:\\\/\\\/www.instagram.com\\\/segimon_automocio\"],\"description\":\"Recambios EcoGas \u2013 Venta y distribuci\u00f3n de sistemas GLP y GNC en Espa\u00f1a y Portugal. Env\u00edos 24 h, soporte t\u00e9cnico a talleres y distribuidores.\",\"hasMerchantReturnPolicy\":{\"@type\":\"MerchantReturnPolicy\",\"merchantReturnLink\":\"https:\\\/\\\/recambiosecogas.com\\\/politicas-privacidad\\\/\"},\"address\":{\"@id\":\"https:\\\/\\\/recambiosecogas.com\\\/pt-pt\\\/produto\\\/sensor-de-temperatura-de-agua-5-kohm-para-reductores-tomasetto-at09-alaska-artic-kme-silver-gold-para-soldar\\\/#local-main-place-address\"},\"telephone\":[\"616250633\"],\"contactPoint\":{\"@type\":\"ContactPoint\",\"email\":\"export@recambiosecogas.com\"},\"openingHoursSpecification\":[{\"@type\":\"OpeningHoursSpecification\",\"dayOfWeek\":[\"Monday\",\"Tuesday\",\"Wednesday\",\"Thursday\",\"Friday\",\"Saturday\",\"Sunday\"],\"opens\":\"09:00\",\"closes\":\"17:00\"}],\"email\":\"info@recambiosecogas.com\",\"faxNumber\":\"SEGIMON AUTOMOCION SL\",\"vatID\":\"ESB19819861\",\"globalLocationNumber\":\"938 616 339\"},{\"@type\":\"PostalAddress\",\"@id\":\"https:\\\/\\\/recambiosecogas.com\\\/pt-pt\\\/produto\\\/sensor-de-temperatura-de-agua-5-kohm-para-reductores-tomasetto-at09-alaska-artic-kme-silver-gold-para-soldar\\\/#local-main-place-address\",\"streetAddress\":\"cami antic de vic, 29 (Nave 3), Pol\u00edgono Industrial Congost\",\"addressLocality\":\"CORRO D`AVALL\",\"postalCode\":\"08520\",\"addressRegion\":\"Barcelona\",\"addressCountry\":\"ES\"},{\"@type\":\"ImageObject\",\"inLanguage\":\"pt-PT\",\"@id\":\"https:\\\/\\\/recambiosecogas.com\\\/pt-pt\\\/produto\\\/sensor-de-temperatura-de-agua-5-kohm-para-reductores-tomasetto-at09-alaska-artic-kme-silver-gold-para-soldar\\\/#local-main-organization-logo\",\"url\":\"https:\\\/\\\/recambiosecogas.com\\\/wp-content\\\/uploads\\\/2024\\\/11\\\/cropped-RECAMBIOS-GLP-png.webp\",\"contentUrl\":\"https:\\\/\\\/recambiosecogas.com\\\/wp-content\\\/uploads\\\/2024\\\/11\\\/cropped-RECAMBIOS-GLP-png.webp\",\"width\":512,\"height\":512,\"caption\":\"Recambios EcoGas\"}]}<\/script>\n<meta property=\"product:brand\" content=\"KME\" \/>\n<meta property=\"product:price:amount\" content=\"9.99\" \/>\n<meta property=\"product:price:currency\" content=\"EUR\" \/>\n<meta property=\"og:availability\" content=\"instock\" \/>\n<meta property=\"product:availability\" content=\"instock\" \/>\n<meta property=\"product:retailer_item_id\" content=\"100947\" \/>\n<meta property=\"product:condition\" content=\"new\" \/>\n<meta name=\"geo.placename\" content=\"CORRO D`AVALL\" \/>\n<meta name=\"geo.region\" content=\"Espanha\" \/>\n<!-- \/ Yoast SEO Premium plugin. -->","yoast_head_json":{"title":"Sensor de temperatura 5 kohm para reductores Tomasetto | Recambios Ecogas","description":"Sensor de temperatura de agua 5 kohm para reductores Tomasetto AT09 Alaska\/Artic y KME Silver\/Gold. Ideal para garantizar el correcto funcionamiento del sistema GLP.","robots":{"index":"index","follow":"follow","max-snippet":"max-snippet:-1","max-image-preview":"max-image-preview:large","max-video-preview":"max-video-preview:-1"},"canonical":"https:\/\/recambiosecogas.com\/pt-pt\/produto\/sensor-de-temperatura-de-agua-5-kohm-para-reductores-tomasetto-at09-alaska-artic-kme-silver-gold-para-soldar\/","og_locale":"pt_PT","og_type":"article","og_title":"Sensor de temperatura de agua 5 kohm para reductores Tomasetto AT09 ALASKA\/ARTIC + KME SILVER\/GOLD, para soldar","og_description":"Sensor de temperatura de agua 5 kohm para reductores Tomasetto AT09 Alaska\/Artic y KME Silver\/Gold. Ideal para garantizar el correcto funcionamiento del sistema GLP.","og_url":"https:\/\/recambiosecogas.com\/pt-pt\/produto\/sensor-de-temperatura-de-agua-5-kohm-para-reductores-tomasetto-at09-alaska-artic-kme-silver-gold-para-soldar\/","og_site_name":"Recambios EcoGas","article_publisher":"https:\/\/www.facebook.com\/profile.php?id=100062419705358","article_modified_time":"2026-03-18T09:20:34+00:00","og_image":[{"width":1000,"height":1000,"url":"https:\/\/recambiosecogas.com\/wp-content\/uploads\/2024\/12\/Sensor-de-temperatura-de-agua-5-kohm-para-reductores-Tomasetto-AT09-ALASKA-ARTIC-KME-SILVER-GOLD-para-soldar-png.webp","type":"image\/png"}],"twitter_card":"summary_large_image","twitter_misc":{"pre\u00e7o":"9,99&nbsp;&euro; (IVA incl.: 12,09&nbsp;&euro;)","Disponibilidade":"Em stock"},"schema":{"@context":"https:\/\/schema.org","@graph":[{"@type":"WebPage","@id":"https:\/\/recambiosecogas.com\/pt-pt\/produto\/sensor-de-temperatura-de-agua-5-kohm-para-reductores-tomasetto-at09-alaska-artic-kme-silver-gold-para-soldar\/","url":"https:\/\/recambiosecogas.com\/pt-pt\/produto\/sensor-de-temperatura-de-agua-5-kohm-para-reductores-tomasetto-at09-alaska-artic-kme-silver-gold-para-soldar\/","name":"Sensor de temperatura 5 kohm para reductores Tomasetto | Recambios Ecogas","isPartOf":{"@id":"https:\/\/recambiosecogas.com\/pt-pt\/#website"},"primaryImageOfPage":{"@id":"https:\/\/recambiosecogas.com\/pt-pt\/produto\/sensor-de-temperatura-de-agua-5-kohm-para-reductores-tomasetto-at09-alaska-artic-kme-silver-gold-para-soldar\/#primaryimage"},"image":{"@id":"https:\/\/recambiosecogas.com\/pt-pt\/produto\/sensor-de-temperatura-de-agua-5-kohm-para-reductores-tomasetto-at09-alaska-artic-kme-silver-gold-para-soldar\/#primaryimage"},"thumbnailUrl":"https:\/\/recambiosecogas.com\/wp-content\/uploads\/2024\/12\/Sensor-de-temperatura-de-agua-5-kohm-para-reductores-Tomasetto-AT09-ALASKA-ARTIC-KME-SILVER-GOLD-para-soldar-png.webp","datePublished":"2024-12-19T11:10:38+00:00","dateModified":"2026-03-18T09:20:34+00:00","description":"Sensor de temperatura de agua 5 kohm para reductores Tomasetto AT09 Alaska\/Artic y KME Silver\/Gold. Ideal para garantizar el correcto funcionamiento del sistema GLP.","breadcrumb":{"@id":"https:\/\/recambiosecogas.com\/pt-pt\/produto\/sensor-de-temperatura-de-agua-5-kohm-para-reductores-tomasetto-at09-alaska-artic-kme-silver-gold-para-soldar\/#breadcrumb"},"inLanguage":"pt-PT","potentialAction":[{"@type":"ReadAction","target":["https:\/\/recambiosecogas.com\/pt-pt\/produto\/sensor-de-temperatura-de-agua-5-kohm-para-reductores-tomasetto-at09-alaska-artic-kme-silver-gold-para-soldar\/"]}]},{"@type":"ImageObject","inLanguage":"pt-PT","@id":"https:\/\/recambiosecogas.com\/pt-pt\/produto\/sensor-de-temperatura-de-agua-5-kohm-para-reductores-tomasetto-at09-alaska-artic-kme-silver-gold-para-soldar\/#primaryimage","url":"https:\/\/recambiosecogas.com\/wp-content\/uploads\/2024\/12\/Sensor-de-temperatura-de-agua-5-kohm-para-reductores-Tomasetto-AT09-ALASKA-ARTIC-KME-SILVER-GOLD-para-soldar-png.webp","contentUrl":"https:\/\/recambiosecogas.com\/wp-content\/uploads\/2024\/12\/Sensor-de-temperatura-de-agua-5-kohm-para-reductores-Tomasetto-AT09-ALASKA-ARTIC-KME-SILVER-GOLD-para-soldar-png.webp","width":1000,"height":1000},{"@type":"BreadcrumbList","@id":"https:\/\/recambiosecogas.com\/pt-pt\/produto\/sensor-de-temperatura-de-agua-5-kohm-para-reductores-tomasetto-at09-alaska-artic-kme-silver-gold-para-soldar\/#breadcrumb","itemListElement":[{"@type":"ListItem","position":1,"name":"P\u00e1gina inicial","item":"https:\/\/recambiosecogas.com\/pt-pt\/"},{"@type":"ListItem","position":2,"name":"Loja","item":"https:\/\/recambiosecogas.com\/pt-pt\/tienda\/"},{"@type":"ListItem","position":3,"name":"Sensor de temperatura de agua 5 kohm para reductores Tomasetto AT09 ALASKA\/ARTIC + KME SILVER\/GOLD, para soldar"}]},{"@type":"WebSite","@id":"https:\/\/recambiosecogas.com\/pt-pt\/#website","url":"https:\/\/recambiosecogas.com\/pt-pt\/","name":"Recambios EcoGas","description":"Pe\u00e7as multimarca para sistemas de GPL\/GNC\/GNL\/Hidrog\u00e9nio","publisher":{"@id":"https:\/\/recambiosecogas.com\/pt-pt\/#organization"},"alternateName":"Recambios Autogas GLP","potentialAction":[{"@type":"SearchAction","target":{"@type":"EntryPoint","urlTemplate":"https:\/\/recambiosecogas.com\/pt-pt\/?s={search_term_string}"},"query-input":{"@type":"PropertyValueSpecification","valueRequired":true,"valueName":"search_term_string"}}],"inLanguage":"pt-PT"},{"@type":["Organization","Place"],"@id":"https:\/\/recambiosecogas.com\/pt-pt\/#organization","name":"Recambios EcoGas","alternateName":"Loja de GPL Autog\u00e1s Espanha","url":"https:\/\/recambiosecogas.com\/pt-pt\/","logo":{"@id":"https:\/\/recambiosecogas.com\/pt-pt\/produto\/sensor-de-temperatura-de-agua-5-kohm-para-reductores-tomasetto-at09-alaska-artic-kme-silver-gold-para-soldar\/#local-main-organization-logo"},"image":{"@id":"https:\/\/recambiosecogas.com\/pt-pt\/produto\/sensor-de-temperatura-de-agua-5-kohm-para-reductores-tomasetto-at09-alaska-artic-kme-silver-gold-para-soldar\/#local-main-organization-logo"},"sameAs":["https:\/\/www.facebook.com\/profile.php?id=100062419705358","https:\/\/www.instagram.com\/segimon_automocio"],"description":"Recambios EcoGas \u2013 Venta y distribuci\u00f3n de sistemas GLP y GNC en Espa\u00f1a y Portugal. Env\u00edos 24 h, soporte t\u00e9cnico a talleres y distribuidores.","hasMerchantReturnPolicy":{"@type":"MerchantReturnPolicy","merchantReturnLink":"https:\/\/recambiosecogas.com\/politicas-privacidad\/"},"address":{"@id":"https:\/\/recambiosecogas.com\/pt-pt\/produto\/sensor-de-temperatura-de-agua-5-kohm-para-reductores-tomasetto-at09-alaska-artic-kme-silver-gold-para-soldar\/#local-main-place-address"},"telephone":["616250633"],"contactPoint":{"@type":"ContactPoint","email":"export@recambiosecogas.com"},"openingHoursSpecification":[{"@type":"OpeningHoursSpecification","dayOfWeek":["Monday","Tuesday","Wednesday","Thursday","Friday","Saturday","Sunday"],"opens":"09:00","closes":"17:00"}],"email":"info@recambiosecogas.com","faxNumber":"SEGIMON AUTOMOCION SL","vatID":"ESB19819861","globalLocationNumber":"938 616 339"},{"@type":"PostalAddress","@id":"https:\/\/recambiosecogas.com\/pt-pt\/produto\/sensor-de-temperatura-de-agua-5-kohm-para-reductores-tomasetto-at09-alaska-artic-kme-silver-gold-para-soldar\/#local-main-place-address","streetAddress":"cami antic de vic, 29 (Nave 3), Pol\u00edgono Industrial Congost","addressLocality":"CORRO D`AVALL","postalCode":"08520","addressRegion":"Barcelona","addressCountry":"ES"},{"@type":"ImageObject","inLanguage":"pt-PT","@id":"https:\/\/recambiosecogas.com\/pt-pt\/produto\/sensor-de-temperatura-de-agua-5-kohm-para-reductores-tomasetto-at09-alaska-artic-kme-silver-gold-para-soldar\/#local-main-organization-logo","url":"https:\/\/recambiosecogas.com\/wp-content\/uploads\/2024\/11\/cropped-RECAMBIOS-GLP-png.webp","contentUrl":"https:\/\/recambiosecogas.com\/wp-content\/uploads\/2024\/11\/cropped-RECAMBIOS-GLP-png.webp","width":512,"height":512,"caption":"Recambios EcoGas"}]},"product_brand":"KME","product_price_amount":"9.99","product_price_currency":"EUR","og_availability":"instock","product_availability":"instock","product_retailer_item_id":"100947","product_condition":"new","geo.placename":"CORRO D`AVALL","geo.region":"Espanha"},"uagb_featured_image_src":{"full":["https:\/\/recambiosecogas.com\/wp-content\/uploads\/2024\/12\/Sensor-de-temperatura-de-agua-5-kohm-para-reductores-Tomasetto-AT09-ALASKA-ARTIC-KME-SILVER-GOLD-para-soldar-png.webp",1000,1000,false],"thumbnail":["https:\/\/recambiosecogas.com\/wp-content\/uploads\/2024\/12\/Sensor-de-temperatura-de-agua-5-kohm-para-reductores-Tomasetto-AT09-ALASKA-ARTIC-KME-SILVER-GOLD-para-soldar-150x150.webp",150,150,true],"medium":["https:\/\/recambiosecogas.com\/wp-content\/uploads\/2024\/12\/Sensor-de-temperatura-de-agua-5-kohm-para-reductores-Tomasetto-AT09-ALASKA-ARTIC-KME-SILVER-GOLD-para-soldar-300x300.webp",300,300,true],"medium_large":["https:\/\/recambiosecogas.com\/wp-content\/uploads\/2024\/12\/Sensor-de-temperatura-de-agua-5-kohm-para-reductores-Tomasetto-AT09-ALASKA-ARTIC-KME-SILVER-GOLD-para-soldar-768x768.webp",768,768,true],"large":["https:\/\/recambiosecogas.com\/wp-content\/uploads\/2024\/12\/Sensor-de-temperatura-de-agua-5-kohm-para-reductores-Tomasetto-AT09-ALASKA-ARTIC-KME-SILVER-GOLD-para-soldar-png.webp",1000,1000,false],"1536x1536":["https:\/\/recambiosecogas.com\/wp-content\/uploads\/2024\/12\/Sensor-de-temperatura-de-agua-5-kohm-para-reductores-Tomasetto-AT09-ALASKA-ARTIC-KME-SILVER-GOLD-para-soldar-png.webp",1000,1000,false],"2048x2048":["https:\/\/recambiosecogas.com\/wp-content\/uploads\/2024\/12\/Sensor-de-temperatura-de-agua-5-kohm-para-reductores-Tomasetto-AT09-ALASKA-ARTIC-KME-SILVER-GOLD-para-soldar-png.webp",1000,1000,false],"woocommerce_archive_thumbnail":["https:\/\/recambiosecogas.com\/wp-content\/uploads\/2024\/12\/Sensor-de-temperatura-de-agua-5-kohm-para-reductores-Tomasetto-AT09-ALASKA-ARTIC-KME-SILVER-GOLD-para-soldar-png.webp",1000,1000,false],"woocommerce_thumbnail":["https:\/\/recambiosecogas.com\/wp-content\/uploads\/2024\/12\/Sensor-de-temperatura-de-agua-5-kohm-para-reductores-Tomasetto-AT09-ALASKA-ARTIC-KME-SILVER-GOLD-para-soldar-300x300.webp",300,300,true],"woocommerce_single":["https:\/\/recambiosecogas.com\/wp-content\/uploads\/2024\/12\/Sensor-de-temperatura-de-agua-5-kohm-para-reductores-Tomasetto-AT09-ALASKA-ARTIC-KME-SILVER-GOLD-para-soldar-png.webp",1000,1000,false],"woocommerce_gallery_thumbnail":["https:\/\/recambiosecogas.com\/wp-content\/uploads\/2024\/12\/Sensor-de-temperatura-de-agua-5-kohm-para-reductores-Tomasetto-AT09-ALASKA-ARTIC-KME-SILVER-GOLD-para-soldar-png.webp",1000,1000,false],"dgwt-wcas-product-suggestion":["https:\/\/recambiosecogas.com\/wp-content\/uploads\/2024\/12\/Sensor-de-temperatura-de-agua-5-kohm-para-reductores-Tomasetto-AT09-ALASKA-ARTIC-KME-SILVER-GOLD-para-soldar-64x64.webp",64,64,true]},"uagb_author_info":{"display_name":"Fran - Soporte T\u00e9cnico","author_link":"https:\/\/recambiosecogas.com\/pt-pt\/author\/"},"uagb_comment_info":0,"uagb_excerpt":"Sensor de temperatura de agua 5 kohm para reductores Tomasetto, compatible con AT09 Alaska\/Artic y KME Silver\/Gold, esencial para el sistema GLP.","_links":{"self":[{"href":"https:\/\/recambiosecogas.com\/pt-pt\/wp-json\/wp\/v2\/product\/10838","targetHints":{"allow":["GET"]}}],"collection":[{"href":"https:\/\/recambiosecogas.com\/pt-pt\/wp-json\/wp\/v2\/product"}],"about":[{"href":"https:\/\/recambiosecogas.com\/pt-pt\/wp-json\/wp\/v2\/types\/product"}],"replies":[{"embeddable":true,"href":"https:\/\/recambiosecogas.com\/pt-pt\/wp-json\/wp\/v2\/comments?post=10838"}],"wp:featuredmedia":[{"embeddable":true,"href":"https:\/\/recambiosecogas.com\/pt-pt\/wp-json\/wp\/v2\/media\/13810"}],"wp:attachment":[{"href":"https:\/\/recambiosecogas.com\/pt-pt\/wp-json\/wp\/v2\/media?parent=10838"}],"wp:term":[{"taxonomy":"product_brand","embeddable":true,"href":"https:\/\/recambiosecogas.com\/pt-pt\/wp-json\/wp\/v2\/product_brand?post=10838"},{"taxonomy":"product_cat","embeddable":true,"href":"https:\/\/recambiosecogas.com\/pt-pt\/wp-json\/wp\/v2\/product_cat?post=10838"},{"taxonomy":"product_tag","embeddable":true,"href":"https:\/\/recambiosecogas.com\/pt-pt\/wp-json\/wp\/v2\/product_tag?post=10838"}],"curies":[{"name":"wp","href":"https:\/\/api.w.org\/{rel}","templated":true}]}}