{"id":10607,"date":"2024-12-19T11:09:30","date_gmt":"2024-12-19T11:09:30","guid":{"rendered":"https:\/\/recambiosecogas.com\/producto\/icom-repuesto-empaque-para-filtros-de-bomba-100436\/"},"modified":"2026-01-12T10:20:47","modified_gmt":"2026-01-12T09:20:47","slug":"icom-repuesto-empaque-para-filtros-de-bomba-100436","status":"publish","type":"product","link":"https:\/\/recambiosecogas.com\/pt-pt\/produto\/icom-repuesto-empaque-para-filtros-de-bomba-100436\/","title":{"rendered":"Repuesto &#8211; juntas t\u00f3ricas para filtros de bomba 100436 ICOM"},"content":{"rendered":"<h1 data-start=\"167\" data-end=\"229\">Juntas t\u00f3ricas de recambio para filtros de bomba ICOM 100436<\/h1>\n<p data-start=\"231\" data-end=\"471\">Las <strong data-start=\"235\" data-end=\"299\">juntas t\u00f3ricas de recambio para filtros de bomba ICOM 100436<\/strong> est\u00e1n dise\u00f1adas para garantizar la correcta estanqueidad en los filtros de bomba de sistemas GLP ICOM, evitando fugas de gas y manteniendo la presi\u00f3n adecuada del sistema.<\/p>\n<p data-start=\"473\" data-end=\"784\">Este repuesto es esencial durante las tareas de mantenimiento o sustituci\u00f3n del filtro, ya que unas juntas en mal estado pueden provocar p\u00e9rdidas, funcionamiento irregular de la bomba o fallos en el sistema de inyecci\u00f3n. El uso de juntas t\u00f3ricas compatibles asegura un sellado fiable y un funcionamiento seguro.<\/p>\n<p data-start=\"786\" data-end=\"916\">Su instalaci\u00f3n es sencilla y permite restaurar la estanqueidad original del conjunto sin necesidad de sustituir otros componentes.<\/p>\n<hr data-start=\"918\" data-end=\"921\" \/>\n<h2 data-start=\"923\" data-end=\"970\">Estanqueidad fiable en filtros de bomba ICOM<\/h2>\n<p data-start=\"972\" data-end=\"1162\">Las juntas t\u00f3ricas para filtros de bomba ICOM act\u00faan como elemento de sellado entre componentes, asegurando un cierre herm\u00e9tico y protegiendo el sistema frente a fugas y p\u00e9rdidas de presi\u00f3n.<\/p>\n<hr data-start=\"1164\" data-end=\"1167\" \/>\n<h3 data-start=\"1169\" data-end=\"1202\">Caracter\u00edsticas principales<\/h3>\n<ul data-start=\"1203\" data-end=\"1411\">\n<li data-start=\"1203\" data-end=\"1253\">\n<p data-start=\"1205\" data-end=\"1253\">Repuesto espec\u00edfico para filtros de bomba ICOM<\/p>\n<\/li>\n<li data-start=\"1254\" data-end=\"1293\">\n<p data-start=\"1256\" data-end=\"1293\">Garantiza una correcta estanqueidad<\/p>\n<\/li>\n<li data-start=\"1294\" data-end=\"1331\">\n<p data-start=\"1296\" data-end=\"1331\">Evita fugas y p\u00e9rdidas de presi\u00f3n<\/p>\n<\/li>\n<li data-start=\"1332\" data-end=\"1377\">\n<p data-start=\"1334\" data-end=\"1377\">Facilita el mantenimiento del sistema GLP<\/p>\n<\/li>\n<li data-start=\"1378\" data-end=\"1411\">\n<p data-start=\"1380\" data-end=\"1411\">Sustituci\u00f3n r\u00e1pida y sencilla<\/p>\n<\/li>\n<\/ul>\n<hr data-start=\"1413\" data-end=\"1416\" \/>\n<h3 data-start=\"1418\" data-end=\"1449\">Especificaciones t\u00e9cnicas<\/h3>\n<div class=\"TyagGW_tableContainer\">\n<div class=\"group TyagGW_tableWrapper flex flex-col-reverse w-fit\" tabindex=\"-1\">\n<table class=\"w-fit min-w-(--thread-content-width)\" data-start=\"1451\" data-end=\"1693\">\n<thead data-start=\"1451\" data-end=\"1479\">\n<tr data-start=\"1451\" data-end=\"1479\">\n<th data-start=\"1451\" data-end=\"1468\" data-col-size=\"sm\">Caracter\u00edstica<\/th>\n<th data-start=\"1468\" data-end=\"1479\" data-col-size=\"sm\">Detalle<\/th>\n<\/tr>\n<\/thead>\n<tbody data-start=\"1507\" data-end=\"1693\">\n<tr data-start=\"1507\" data-end=\"1548\">\n<td data-start=\"1507\" data-end=\"1518\" data-col-size=\"sm\">Producto<\/td>\n<td data-start=\"1518\" data-end=\"1548\" data-col-size=\"sm\">Juntas t\u00f3ricas de recambio<\/td>\n<\/tr>\n<tr data-start=\"1549\" data-end=\"1572\">\n<td data-start=\"1549\" data-end=\"1562\" data-col-size=\"sm\">Referencia<\/td>\n<td data-start=\"1562\" data-end=\"1572\" data-col-size=\"sm\">100436<\/td>\n<\/tr>\n<tr data-start=\"1573\" data-end=\"1600\">\n<td data-start=\"1573\" data-end=\"1592\" data-col-size=\"sm\">Marca compatible<\/td>\n<td data-start=\"1592\" data-end=\"1600\" data-col-size=\"sm\">ICOM<\/td>\n<\/tr>\n<tr data-start=\"1601\" data-end=\"1634\">\n<td data-start=\"1601\" data-end=\"1614\" data-col-size=\"sm\">Aplicaci\u00f3n<\/td>\n<td data-start=\"1614\" data-end=\"1634\" data-col-size=\"sm\">Filtros de bomba<\/td>\n<\/tr>\n<tr data-start=\"1635\" data-end=\"1656\">\n<td data-start=\"1635\" data-end=\"1649\" data-col-size=\"sm\">Combustible<\/td>\n<td data-start=\"1649\" data-end=\"1656\" data-col-size=\"sm\">GLP<\/td>\n<\/tr>\n<tr data-start=\"1657\" data-end=\"1693\">\n<td data-start=\"1657\" data-end=\"1667\" data-col-size=\"sm\">Funci\u00f3n<\/td>\n<td data-start=\"1667\" data-end=\"1693\" data-col-size=\"sm\">Sellado y estanqueidad<\/td>\n<\/tr>\n<\/tbody>\n<\/table>\n<\/div>\n<\/div>\n<hr data-start=\"1695\" data-end=\"1698\" \/>\n<h3 data-start=\"1700\" data-end=\"1720\">Compatibilidad<\/h3>\n<ul data-start=\"1721\" data-end=\"1826\">\n<li data-start=\"1721\" data-end=\"1742\">\n<p data-start=\"1723\" data-end=\"1742\">Sistemas GLP ICOM<\/p>\n<\/li>\n<li data-start=\"1743\" data-end=\"1786\">\n<p data-start=\"1745\" data-end=\"1786\">Filtros de bomba ICOM referencia 100436<\/p>\n<\/li>\n<li data-start=\"1787\" data-end=\"1826\">\n<p data-start=\"1789\" data-end=\"1826\">Instalaciones ICOM con bomba de gas<\/p>\n<\/li>\n<\/ul>\n<hr data-start=\"1828\" data-end=\"1831\" \/>\n<h3 data-start=\"1833\" data-end=\"1859\">Preguntas frecuentes<\/h3>\n<p data-start=\"1861\" data-end=\"2033\"><strong data-start=\"1861\" data-end=\"1921\">\u00bfEs necesario cambiar las juntas al sustituir el filtro?<\/strong><br data-start=\"1921\" data-end=\"1924\" \/>S\u00ed, se recomienda sustituir las juntas t\u00f3ricas para asegurar una correcta estanqueidad tras el mantenimiento.<\/p>\n<p data-start=\"2035\" data-end=\"2174\"><strong data-start=\"2035\" data-end=\"2088\">\u00bfQu\u00e9 ocurre si se reutilizan juntas deterioradas?<\/strong><br data-start=\"2088\" data-end=\"2091\" \/>Pueden producirse fugas, p\u00e9rdida de presi\u00f3n y fallos de funcionamiento del sistema.<\/p>\n<p data-start=\"2176\" data-end=\"2330\"><strong data-start=\"2176\" data-end=\"2217\">\u00bfIncluye todas las juntas necesarias?<\/strong><br data-start=\"2217\" data-end=\"2220\" \/>El kit incluye las juntas t\u00f3ricas necesarias para el filtro de bomba correspondiente a la referencia indicada.<\/p>\n","protected":false},"excerpt":{"rendered":"<p data-start=\"2361\" data-end=\"2511\">Juntas t\u00f3ricas de recambio para filtros de bomba ICOM 100436, dise\u00f1adas para asegurar un sellado herm\u00e9tico y un funcionamiento seguro del sistema GLP.<\/p>\n","protected":false},"featured_media":11860,"comment_status":"open","ping_status":"closed","template":"","meta":{"googlesitekit_rrm_CAowud7EDA:productID":"","_uag_custom_page_level_css":""},"product_brand":[610],"product_cat":[345,121],"product_tag":[],"class_list":{"0":"post-10607","1":"product","2":"type-product","3":"status-publish","4":"has-post-thumbnail","6":"product_brand-icom","7":"product_cat-fase-liquida","8":"product_cat-icom","10":"first","11":"onbackorder","12":"taxable","13":"shipping-taxable","14":"purchasable","15":"product-type-simple"},"ct_brands":[{"id":610,"name":"ICOM","slug":"icom"}],"yoast_head":"<!-- This site is optimized with the Yoast SEO Premium plugin v27.4 (Yoast SEO v27.4) - https:\/\/yoast.com\/product\/yoast-seo-premium-wordpress\/ -->\n<title>Repuesto - juntas t\u00f3ricas para filtros de bomba 100436 ICOM | Recambios EcoGas<\/title>\n<meta name=\"description\" content=\"Juntas t\u00f3ricas de recambio para filtros de bomba ICOM 100436. Aseguran estanqueidad y correcto funcionamiento del sistema GLP.\" \/>\n<meta name=\"robots\" content=\"index, follow, max-snippet:-1, max-image-preview:large, max-video-preview:-1\" \/>\n<link rel=\"canonical\" href=\"https:\/\/recambiosecogas.com\/pt-pt\/produto\/icom-repuesto-empaque-para-filtros-de-bomba-100436\/\" \/>\n<meta property=\"og:locale\" content=\"pt_PT\" \/>\n<meta property=\"og:type\" content=\"article\" \/>\n<meta property=\"og:title\" content=\"Repuesto - juntas t\u00f3ricas para filtros de bomba 100436 ICOM\" \/>\n<meta property=\"og:description\" content=\"Juntas t\u00f3ricas de recambio para filtros de bomba ICOM 100436. Aseguran estanqueidad y correcto funcionamiento del sistema GLP.\" \/>\n<meta property=\"og:url\" content=\"https:\/\/recambiosecogas.com\/pt-pt\/produto\/icom-repuesto-empaque-para-filtros-de-bomba-100436\/\" \/>\n<meta property=\"og:site_name\" content=\"Recambios EcoGas\" \/>\n<meta property=\"article:publisher\" content=\"https:\/\/www.facebook.com\/profile.php?id=100062419705358\" \/>\n<meta property=\"article:modified_time\" content=\"2026-01-12T09:20:47+00:00\" \/>\n<meta property=\"og:image\" content=\"https:\/\/recambiosecogas.com\/wp-content\/uploads\/2024\/12\/Reemplazo-ICOM-junta-para-filtros-de-bomba-100463-png.webp\" \/>\n\t<meta property=\"og:image:width\" content=\"1000\" \/>\n\t<meta property=\"og:image:height\" content=\"1000\" \/>\n\t<meta property=\"og:image:type\" content=\"image\/png\" \/>\n<meta name=\"twitter:card\" content=\"summary_large_image\" \/>\n<meta name=\"twitter:label1\" content=\"pre\u00e7o\" \/>\n\t<meta name=\"twitter:data1\" content=\"0,59&nbsp;&euro; (Sin IVA: 0,49&nbsp;&euro;)\" \/>\n\t<meta name=\"twitter:label2\" content=\"Disponibilidade\" \/>\n\t<meta name=\"twitter:data2\" content=\"Por encomenda\" \/>\n<script type=\"application\/ld+json\" class=\"yoast-schema-graph\">{\"@context\":\"https:\\\/\\\/schema.org\",\"@graph\":[{\"@type\":\"WebPage\",\"@id\":\"https:\\\/\\\/recambiosecogas.com\\\/pt-pt\\\/produto\\\/icom-repuesto-empaque-para-filtros-de-bomba-100436\\\/\",\"url\":\"https:\\\/\\\/recambiosecogas.com\\\/pt-pt\\\/produto\\\/icom-repuesto-empaque-para-filtros-de-bomba-100436\\\/\",\"name\":\"Repuesto - juntas t\u00f3ricas para filtros de bomba 100436 ICOM | Recambios EcoGas\",\"isPartOf\":{\"@id\":\"https:\\\/\\\/recambiosecogas.com\\\/pt-pt\\\/#website\"},\"primaryImageOfPage\":{\"@id\":\"https:\\\/\\\/recambiosecogas.com\\\/pt-pt\\\/produto\\\/icom-repuesto-empaque-para-filtros-de-bomba-100436\\\/#primaryimage\"},\"image\":{\"@id\":\"https:\\\/\\\/recambiosecogas.com\\\/pt-pt\\\/produto\\\/icom-repuesto-empaque-para-filtros-de-bomba-100436\\\/#primaryimage\"},\"thumbnailUrl\":\"https:\\\/\\\/recambiosecogas.com\\\/wp-content\\\/uploads\\\/2024\\\/12\\\/Reemplazo-ICOM-junta-para-filtros-de-bomba-100463-png.webp\",\"datePublished\":\"2024-12-19T11:09:30+00:00\",\"dateModified\":\"2026-01-12T09:20:47+00:00\",\"description\":\"Juntas t\u00f3ricas de recambio para filtros de bomba ICOM 100436. Aseguran estanqueidad y correcto funcionamiento del sistema GLP.\",\"breadcrumb\":{\"@id\":\"https:\\\/\\\/recambiosecogas.com\\\/pt-pt\\\/produto\\\/icom-repuesto-empaque-para-filtros-de-bomba-100436\\\/#breadcrumb\"},\"inLanguage\":\"pt-PT\",\"potentialAction\":[{\"@type\":\"ReadAction\",\"target\":[\"https:\\\/\\\/recambiosecogas.com\\\/pt-pt\\\/produto\\\/icom-repuesto-empaque-para-filtros-de-bomba-100436\\\/\"]}]},{\"@type\":\"ImageObject\",\"inLanguage\":\"pt-PT\",\"@id\":\"https:\\\/\\\/recambiosecogas.com\\\/pt-pt\\\/produto\\\/icom-repuesto-empaque-para-filtros-de-bomba-100436\\\/#primaryimage\",\"url\":\"https:\\\/\\\/recambiosecogas.com\\\/wp-content\\\/uploads\\\/2024\\\/12\\\/Reemplazo-ICOM-junta-para-filtros-de-bomba-100463-png.webp\",\"contentUrl\":\"https:\\\/\\\/recambiosecogas.com\\\/wp-content\\\/uploads\\\/2024\\\/12\\\/Reemplazo-ICOM-junta-para-filtros-de-bomba-100463-png.webp\",\"width\":1000,\"height\":1000},{\"@type\":\"BreadcrumbList\",\"@id\":\"https:\\\/\\\/recambiosecogas.com\\\/pt-pt\\\/produto\\\/icom-repuesto-empaque-para-filtros-de-bomba-100436\\\/#breadcrumb\",\"itemListElement\":[{\"@type\":\"ListItem\",\"position\":1,\"name\":\"P\u00e1gina inicial\",\"item\":\"https:\\\/\\\/recambiosecogas.com\\\/pt-pt\\\/\"},{\"@type\":\"ListItem\",\"position\":2,\"name\":\"Loja\",\"item\":\"https:\\\/\\\/recambiosecogas.com\\\/pt-pt\\\/tienda\\\/\"},{\"@type\":\"ListItem\",\"position\":3,\"name\":\"Repuesto &#8211; juntas t\u00f3ricas para filtros de bomba 100436 ICOM\"}]},{\"@type\":\"WebSite\",\"@id\":\"https:\\\/\\\/recambiosecogas.com\\\/pt-pt\\\/#website\",\"url\":\"https:\\\/\\\/recambiosecogas.com\\\/pt-pt\\\/\",\"name\":\"Recambios EcoGas\",\"description\":\"Pe\u00e7as multimarca para sistemas de GPL\\\/GNC\\\/GNL\\\/Hidrog\u00e9nio\",\"publisher\":{\"@id\":\"https:\\\/\\\/recambiosecogas.com\\\/pt-pt\\\/#organization\"},\"alternateName\":\"Recambios Autogas GLP\",\"potentialAction\":[{\"@type\":\"SearchAction\",\"target\":{\"@type\":\"EntryPoint\",\"urlTemplate\":\"https:\\\/\\\/recambiosecogas.com\\\/pt-pt\\\/?s={search_term_string}\"},\"query-input\":{\"@type\":\"PropertyValueSpecification\",\"valueRequired\":true,\"valueName\":\"search_term_string\"}}],\"inLanguage\":\"pt-PT\"},{\"@type\":[\"Organization\",\"Place\"],\"@id\":\"https:\\\/\\\/recambiosecogas.com\\\/pt-pt\\\/#organization\",\"name\":\"Recambios EcoGas\",\"alternateName\":\"Loja de GPL Autog\u00e1s Espanha\",\"url\":\"https:\\\/\\\/recambiosecogas.com\\\/pt-pt\\\/\",\"logo\":{\"@id\":\"https:\\\/\\\/recambiosecogas.com\\\/pt-pt\\\/produto\\\/icom-repuesto-empaque-para-filtros-de-bomba-100436\\\/#local-main-organization-logo\"},\"image\":{\"@id\":\"https:\\\/\\\/recambiosecogas.com\\\/pt-pt\\\/produto\\\/icom-repuesto-empaque-para-filtros-de-bomba-100436\\\/#local-main-organization-logo\"},\"sameAs\":[\"https:\\\/\\\/www.facebook.com\\\/profile.php?id=100062419705358\",\"https:\\\/\\\/www.instagram.com\\\/segimon_automocio\"],\"description\":\"Recambios EcoGas \u2013 Venta y distribuci\u00f3n de sistemas GLP y GNC en Espa\u00f1a y Portugal. Env\u00edos 24 h, soporte t\u00e9cnico a talleres y distribuidores.\",\"hasMerchantReturnPolicy\":{\"@type\":\"MerchantReturnPolicy\",\"merchantReturnLink\":\"https:\\\/\\\/recambiosecogas.com\\\/politicas-privacidad\\\/\"},\"address\":{\"@id\":\"https:\\\/\\\/recambiosecogas.com\\\/pt-pt\\\/produto\\\/icom-repuesto-empaque-para-filtros-de-bomba-100436\\\/#local-main-place-address\"},\"telephone\":[\"616250633\"],\"contactPoint\":{\"@type\":\"ContactPoint\",\"email\":\"export@recambiosecogas.com\"},\"openingHoursSpecification\":[{\"@type\":\"OpeningHoursSpecification\",\"dayOfWeek\":[\"Monday\",\"Tuesday\",\"Wednesday\",\"Thursday\",\"Friday\",\"Saturday\",\"Sunday\"],\"opens\":\"09:00\",\"closes\":\"17:00\"}],\"email\":\"info@recambiosecogas.com\",\"faxNumber\":\"SEGIMON AUTOMOCION SL\",\"vatID\":\"ESB19819861\",\"globalLocationNumber\":\"938 616 339\"},{\"@type\":\"PostalAddress\",\"@id\":\"https:\\\/\\\/recambiosecogas.com\\\/pt-pt\\\/produto\\\/icom-repuesto-empaque-para-filtros-de-bomba-100436\\\/#local-main-place-address\",\"streetAddress\":\"cami antic de vic, 29 (Nave 3), Pol\u00edgono Industrial Congost\",\"addressLocality\":\"CORRO D`AVALL\",\"postalCode\":\"08520\",\"addressRegion\":\"Barcelona\",\"addressCountry\":\"ES\"},{\"@type\":\"ImageObject\",\"inLanguage\":\"pt-PT\",\"@id\":\"https:\\\/\\\/recambiosecogas.com\\\/pt-pt\\\/produto\\\/icom-repuesto-empaque-para-filtros-de-bomba-100436\\\/#local-main-organization-logo\",\"url\":\"https:\\\/\\\/recambiosecogas.com\\\/wp-content\\\/uploads\\\/2024\\\/11\\\/cropped-RECAMBIOS-GLP-png.webp\",\"contentUrl\":\"https:\\\/\\\/recambiosecogas.com\\\/wp-content\\\/uploads\\\/2024\\\/11\\\/cropped-RECAMBIOS-GLP-png.webp\",\"width\":512,\"height\":512,\"caption\":\"Recambios EcoGas\"}]}<\/script>\n<meta property=\"product:brand\" content=\"ICOM\" \/>\n<meta property=\"product:price:amount\" content=\"0.59\" \/>\n<meta property=\"product:price:currency\" content=\"EUR\" \/>\n<meta property=\"og:availability\" content=\"backorder\" \/>\n<meta property=\"product:availability\" content=\"available for order\" \/>\n<meta property=\"product:retailer_item_id\" content=\"106361A\" \/>\n<meta property=\"product:condition\" content=\"new\" \/>\n<meta name=\"geo.placename\" content=\"CORRO D`AVALL\" \/>\n<meta name=\"geo.region\" content=\"Espanha\" \/>\n<!-- \/ Yoast SEO Premium plugin. -->","yoast_head_json":{"title":"Repuesto - juntas t\u00f3ricas para filtros de bomba 100436 ICOM | Recambios EcoGas","description":"Juntas t\u00f3ricas de recambio para filtros de bomba ICOM 100436. Aseguran estanqueidad y correcto funcionamiento del sistema GLP.","robots":{"index":"index","follow":"follow","max-snippet":"max-snippet:-1","max-image-preview":"max-image-preview:large","max-video-preview":"max-video-preview:-1"},"canonical":"https:\/\/recambiosecogas.com\/pt-pt\/produto\/icom-repuesto-empaque-para-filtros-de-bomba-100436\/","og_locale":"pt_PT","og_type":"article","og_title":"Repuesto - juntas t\u00f3ricas para filtros de bomba 100436 ICOM","og_description":"Juntas t\u00f3ricas de recambio para filtros de bomba ICOM 100436. Aseguran estanqueidad y correcto funcionamiento del sistema GLP.","og_url":"https:\/\/recambiosecogas.com\/pt-pt\/produto\/icom-repuesto-empaque-para-filtros-de-bomba-100436\/","og_site_name":"Recambios EcoGas","article_publisher":"https:\/\/www.facebook.com\/profile.php?id=100062419705358","article_modified_time":"2026-01-12T09:20:47+00:00","og_image":[{"width":1000,"height":1000,"url":"https:\/\/recambiosecogas.com\/wp-content\/uploads\/2024\/12\/Reemplazo-ICOM-junta-para-filtros-de-bomba-100463-png.webp","type":"image\/png"}],"twitter_card":"summary_large_image","twitter_misc":{"pre\u00e7o":"0,59&nbsp;&euro; (Sin IVA: 0,49&nbsp;&euro;)","Disponibilidade":"Por encomenda"},"schema":{"@context":"https:\/\/schema.org","@graph":[{"@type":"WebPage","@id":"https:\/\/recambiosecogas.com\/pt-pt\/produto\/icom-repuesto-empaque-para-filtros-de-bomba-100436\/","url":"https:\/\/recambiosecogas.com\/pt-pt\/produto\/icom-repuesto-empaque-para-filtros-de-bomba-100436\/","name":"Repuesto - juntas t\u00f3ricas para filtros de bomba 100436 ICOM | Recambios EcoGas","isPartOf":{"@id":"https:\/\/recambiosecogas.com\/pt-pt\/#website"},"primaryImageOfPage":{"@id":"https:\/\/recambiosecogas.com\/pt-pt\/produto\/icom-repuesto-empaque-para-filtros-de-bomba-100436\/#primaryimage"},"image":{"@id":"https:\/\/recambiosecogas.com\/pt-pt\/produto\/icom-repuesto-empaque-para-filtros-de-bomba-100436\/#primaryimage"},"thumbnailUrl":"https:\/\/recambiosecogas.com\/wp-content\/uploads\/2024\/12\/Reemplazo-ICOM-junta-para-filtros-de-bomba-100463-png.webp","datePublished":"2024-12-19T11:09:30+00:00","dateModified":"2026-01-12T09:20:47+00:00","description":"Juntas t\u00f3ricas de recambio para filtros de bomba ICOM 100436. Aseguran estanqueidad y correcto funcionamiento del sistema GLP.","breadcrumb":{"@id":"https:\/\/recambiosecogas.com\/pt-pt\/produto\/icom-repuesto-empaque-para-filtros-de-bomba-100436\/#breadcrumb"},"inLanguage":"pt-PT","potentialAction":[{"@type":"ReadAction","target":["https:\/\/recambiosecogas.com\/pt-pt\/produto\/icom-repuesto-empaque-para-filtros-de-bomba-100436\/"]}]},{"@type":"ImageObject","inLanguage":"pt-PT","@id":"https:\/\/recambiosecogas.com\/pt-pt\/produto\/icom-repuesto-empaque-para-filtros-de-bomba-100436\/#primaryimage","url":"https:\/\/recambiosecogas.com\/wp-content\/uploads\/2024\/12\/Reemplazo-ICOM-junta-para-filtros-de-bomba-100463-png.webp","contentUrl":"https:\/\/recambiosecogas.com\/wp-content\/uploads\/2024\/12\/Reemplazo-ICOM-junta-para-filtros-de-bomba-100463-png.webp","width":1000,"height":1000},{"@type":"BreadcrumbList","@id":"https:\/\/recambiosecogas.com\/pt-pt\/produto\/icom-repuesto-empaque-para-filtros-de-bomba-100436\/#breadcrumb","itemListElement":[{"@type":"ListItem","position":1,"name":"P\u00e1gina inicial","item":"https:\/\/recambiosecogas.com\/pt-pt\/"},{"@type":"ListItem","position":2,"name":"Loja","item":"https:\/\/recambiosecogas.com\/pt-pt\/tienda\/"},{"@type":"ListItem","position":3,"name":"Repuesto &#8211; juntas t\u00f3ricas para filtros de bomba 100436 ICOM"}]},{"@type":"WebSite","@id":"https:\/\/recambiosecogas.com\/pt-pt\/#website","url":"https:\/\/recambiosecogas.com\/pt-pt\/","name":"Recambios EcoGas","description":"Pe\u00e7as multimarca para sistemas de GPL\/GNC\/GNL\/Hidrog\u00e9nio","publisher":{"@id":"https:\/\/recambiosecogas.com\/pt-pt\/#organization"},"alternateName":"Recambios Autogas GLP","potentialAction":[{"@type":"SearchAction","target":{"@type":"EntryPoint","urlTemplate":"https:\/\/recambiosecogas.com\/pt-pt\/?s={search_term_string}"},"query-input":{"@type":"PropertyValueSpecification","valueRequired":true,"valueName":"search_term_string"}}],"inLanguage":"pt-PT"},{"@type":["Organization","Place"],"@id":"https:\/\/recambiosecogas.com\/pt-pt\/#organization","name":"Recambios EcoGas","alternateName":"Loja de GPL Autog\u00e1s Espanha","url":"https:\/\/recambiosecogas.com\/pt-pt\/","logo":{"@id":"https:\/\/recambiosecogas.com\/pt-pt\/produto\/icom-repuesto-empaque-para-filtros-de-bomba-100436\/#local-main-organization-logo"},"image":{"@id":"https:\/\/recambiosecogas.com\/pt-pt\/produto\/icom-repuesto-empaque-para-filtros-de-bomba-100436\/#local-main-organization-logo"},"sameAs":["https:\/\/www.facebook.com\/profile.php?id=100062419705358","https:\/\/www.instagram.com\/segimon_automocio"],"description":"Recambios EcoGas \u2013 Venta y distribuci\u00f3n de sistemas GLP y GNC en Espa\u00f1a y Portugal. Env\u00edos 24 h, soporte t\u00e9cnico a talleres y distribuidores.","hasMerchantReturnPolicy":{"@type":"MerchantReturnPolicy","merchantReturnLink":"https:\/\/recambiosecogas.com\/politicas-privacidad\/"},"address":{"@id":"https:\/\/recambiosecogas.com\/pt-pt\/produto\/icom-repuesto-empaque-para-filtros-de-bomba-100436\/#local-main-place-address"},"telephone":["616250633"],"contactPoint":{"@type":"ContactPoint","email":"export@recambiosecogas.com"},"openingHoursSpecification":[{"@type":"OpeningHoursSpecification","dayOfWeek":["Monday","Tuesday","Wednesday","Thursday","Friday","Saturday","Sunday"],"opens":"09:00","closes":"17:00"}],"email":"info@recambiosecogas.com","faxNumber":"SEGIMON AUTOMOCION SL","vatID":"ESB19819861","globalLocationNumber":"938 616 339"},{"@type":"PostalAddress","@id":"https:\/\/recambiosecogas.com\/pt-pt\/produto\/icom-repuesto-empaque-para-filtros-de-bomba-100436\/#local-main-place-address","streetAddress":"cami antic de vic, 29 (Nave 3), Pol\u00edgono Industrial Congost","addressLocality":"CORRO D`AVALL","postalCode":"08520","addressRegion":"Barcelona","addressCountry":"ES"},{"@type":"ImageObject","inLanguage":"pt-PT","@id":"https:\/\/recambiosecogas.com\/pt-pt\/produto\/icom-repuesto-empaque-para-filtros-de-bomba-100436\/#local-main-organization-logo","url":"https:\/\/recambiosecogas.com\/wp-content\/uploads\/2024\/11\/cropped-RECAMBIOS-GLP-png.webp","contentUrl":"https:\/\/recambiosecogas.com\/wp-content\/uploads\/2024\/11\/cropped-RECAMBIOS-GLP-png.webp","width":512,"height":512,"caption":"Recambios EcoGas"}]},"product_brand":"ICOM","product_price_amount":"0.59","product_price_currency":"EUR","og_availability":"backorder","product_availability":"available for order","product_retailer_item_id":"106361A","product_condition":"new","geo.placename":"CORRO D`AVALL","geo.region":"Espanha"},"uagb_featured_image_src":{"full":["https:\/\/recambiosecogas.com\/wp-content\/uploads\/2024\/12\/Reemplazo-ICOM-junta-para-filtros-de-bomba-100463-png.webp",1000,1000,false],"thumbnail":["https:\/\/recambiosecogas.com\/wp-content\/uploads\/2024\/12\/Reemplazo-ICOM-junta-para-filtros-de-bomba-100463-150x150.webp",150,150,true],"medium":["https:\/\/recambiosecogas.com\/wp-content\/uploads\/2024\/12\/Reemplazo-ICOM-junta-para-filtros-de-bomba-100463-300x300.webp",300,300,true],"medium_large":["https:\/\/recambiosecogas.com\/wp-content\/uploads\/2024\/12\/Reemplazo-ICOM-junta-para-filtros-de-bomba-100463-768x768.webp",768,768,true],"large":["https:\/\/recambiosecogas.com\/wp-content\/uploads\/2024\/12\/Reemplazo-ICOM-junta-para-filtros-de-bomba-100463-png.webp",1000,1000,false],"1536x1536":["https:\/\/recambiosecogas.com\/wp-content\/uploads\/2024\/12\/Reemplazo-ICOM-junta-para-filtros-de-bomba-100463-png.webp",1000,1000,false],"2048x2048":["https:\/\/recambiosecogas.com\/wp-content\/uploads\/2024\/12\/Reemplazo-ICOM-junta-para-filtros-de-bomba-100463-png.webp",1000,1000,false],"woocommerce_archive_thumbnail":["https:\/\/recambiosecogas.com\/wp-content\/uploads\/2024\/12\/Reemplazo-ICOM-junta-para-filtros-de-bomba-100463-png.webp",1000,1000,false],"woocommerce_thumbnail":["https:\/\/recambiosecogas.com\/wp-content\/uploads\/2024\/12\/Reemplazo-ICOM-junta-para-filtros-de-bomba-100463-png-300x300.webp",300,300,true],"woocommerce_single":["https:\/\/recambiosecogas.com\/wp-content\/uploads\/2024\/12\/Reemplazo-ICOM-junta-para-filtros-de-bomba-100463-png.webp",1000,1000,false],"woocommerce_gallery_thumbnail":["https:\/\/recambiosecogas.com\/wp-content\/uploads\/2024\/12\/Reemplazo-ICOM-junta-para-filtros-de-bomba-100463-png.webp",1000,1000,false],"dgwt-wcas-product-suggestion":["https:\/\/recambiosecogas.com\/wp-content\/uploads\/2024\/12\/Reemplazo-ICOM-junta-para-filtros-de-bomba-100463-png-64x64.webp",64,64,true]},"uagb_author_info":{"display_name":"Fran - Soporte T\u00e9cnico","author_link":"https:\/\/recambiosecogas.com\/pt-pt\/author\/"},"uagb_comment_info":0,"uagb_excerpt":"Juntas t\u00f3ricas de recambio para filtros de bomba ICOM 100436, dise\u00f1adas para asegurar un sellado herm\u00e9tico y un funcionamiento seguro del sistema GLP.","_links":{"self":[{"href":"https:\/\/recambiosecogas.com\/pt-pt\/wp-json\/wp\/v2\/product\/10607","targetHints":{"allow":["GET"]}}],"collection":[{"href":"https:\/\/recambiosecogas.com\/pt-pt\/wp-json\/wp\/v2\/product"}],"about":[{"href":"https:\/\/recambiosecogas.com\/pt-pt\/wp-json\/wp\/v2\/types\/product"}],"replies":[{"embeddable":true,"href":"https:\/\/recambiosecogas.com\/pt-pt\/wp-json\/wp\/v2\/comments?post=10607"}],"wp:featuredmedia":[{"embeddable":true,"href":"https:\/\/recambiosecogas.com\/pt-pt\/wp-json\/wp\/v2\/media\/11860"}],"wp:attachment":[{"href":"https:\/\/recambiosecogas.com\/pt-pt\/wp-json\/wp\/v2\/media?parent=10607"}],"wp:term":[{"taxonomy":"product_brand","embeddable":true,"href":"https:\/\/recambiosecogas.com\/pt-pt\/wp-json\/wp\/v2\/product_brand?post=10607"},{"taxonomy":"product_cat","embeddable":true,"href":"https:\/\/recambiosecogas.com\/pt-pt\/wp-json\/wp\/v2\/product_cat?post=10607"},{"taxonomy":"product_tag","embeddable":true,"href":"https:\/\/recambiosecogas.com\/pt-pt\/wp-json\/wp\/v2\/product_tag?post=10607"}],"curies":[{"name":"wp","href":"https:\/\/api.w.org\/{rel}","templated":true}]}}