{"id":10599,"date":"2024-12-19T11:09:29","date_gmt":"2024-12-19T11:09:29","guid":{"rendered":"https:\/\/recambiosecogas.com\/producto\/teleflex-gfi-cartucho-de-filtro-incl-empaques-fase-gaseosa\/"},"modified":"2025-12-02T10:06:30","modified_gmt":"2025-12-02T09:06:30","slug":"teleflex-gfi-cartucho-de-filtro-incl-empaques-fase-gaseosa","status":"publish","type":"product","link":"https:\/\/recambiosecogas.com\/pt-pt\/producto\/teleflex-gfi-cartucho-de-filtro-incl-empaques-fase-gaseosa\/","title":{"rendered":"Filtro fase gaseosa TELEFLEX GFI"},"content":{"rendered":"<h2>Filtro fase gaseosa TELEFLEX GFI incl. juntas t\u00f3ricas.<\/h2>\n<p class=\"\" data-start=\"268\" data-end=\"661\">Filtro fase gaseosa TELEFLEX GFI es un recambio esencial para los sistemas de inyecci\u00f3n de <strong data-start=\"369\" data-end=\"376\">GLP<\/strong> de la marca <strong data-start=\"389\" data-end=\"405\">TELEFLEX GFI<\/strong>. Dise\u00f1ado para garantizar la <strong data-start=\"435\" data-end=\"481\">m\u00e1xima protecci\u00f3n del sistema de inyecci\u00f3n<\/strong>, este filtro se encarga de <strong data-start=\"509\" data-end=\"551\">retener part\u00edculas s\u00f3lidas e impurezas<\/strong> en la fase gaseosa, evitando da\u00f1os en inyectores, electrov\u00e1lvulas y otros componentes sensibles del circuito.<\/p>\n<p class=\"\" data-start=\"663\" data-end=\"928\">Fabricado en <strong data-start=\"676\" data-end=\"705\">metal de alta resistencia<\/strong>, este filtro ofrece una <strong data-start=\"730\" data-end=\"781\">larga vida \u00fatil y alta eficiencia de filtraci\u00f3n<\/strong>. Incluye <strong data-start=\"791\" data-end=\"809\">juntas t\u00f3ricas<\/strong> para garantizar una <strong data-start=\"830\" data-end=\"855\">estanqueidad perfecta<\/strong> durante la instalaci\u00f3n, evitando fugas y garantizando un sellado seguro.<\/p>\n<p class=\"\" data-start=\"930\" data-end=\"1123\">Gracias a su formato compacto y medidas est\u00e1ndar, este filtro es f\u00e1cil de reemplazar y se adapta perfectamente a los <strong data-start=\"1047\" data-end=\"1071\">equipos TELEFLEX GFI<\/strong>, tanto en sistemas originales como en conversiones.<\/p>\n<hr class=\"\" data-start=\"1125\" data-end=\"1128\" \/>\n<h4 data-start=\"1130\" data-end=\"1197\"><strong data-start=\"1134\" data-end=\"1197\">Caracter\u00edsticas T\u00e9cnicas \u2013<\/strong><\/h4>\n<div class=\"overflow-x-auto contain-inline-size\">\n<table data-start=\"1199\" data-end=\"1839\">\n<thead data-start=\"1199\" data-end=\"1263\">\n<tr data-start=\"1199\" data-end=\"1263\">\n<th data-start=\"1199\" data-end=\"1228\">Especificaci\u00f3n<\/th>\n<th data-start=\"1228\" data-end=\"1263\">Detalles<\/th>\n<\/tr>\n<\/thead>\n<tbody data-start=\"1328\" data-end=\"1839\">\n<tr data-start=\"1328\" data-end=\"1391\">\n<td><strong data-start=\"1330\" data-end=\"1348\">Tipo de filtro<\/strong><\/td>\n<td>Fase gaseosa<\/td>\n<\/tr>\n<tr data-start=\"1392\" data-end=\"1455\">\n<td><strong data-start=\"1394\" data-end=\"1417\">Material del filtro<\/strong><\/td>\n<td>Metal<\/td>\n<\/tr>\n<tr data-start=\"1456\" data-end=\"1519\">\n<td><strong data-start=\"1458\" data-end=\"1472\">Altura (h)<\/strong><\/td>\n<td>22 mm<\/td>\n<\/tr>\n<tr data-start=\"1520\" data-end=\"1583\">\n<td><strong data-start=\"1522\" data-end=\"1547\">Di\u00e1metro exterior (D)<\/strong><\/td>\n<td>30 mm<\/td>\n<\/tr>\n<tr data-start=\"1584\" data-end=\"1647\">\n<td><strong data-start=\"1586\" data-end=\"1611\">Di\u00e1metro interior (d)<\/strong><\/td>\n<td>15,0 mm \/ 17,0 mm<\/td>\n<\/tr>\n<tr data-start=\"1648\" data-end=\"1711\">\n<td><strong data-start=\"1650\" data-end=\"1670\">V\u00e1lvula de corte<\/strong><\/td>\n<td>No<\/td>\n<\/tr>\n<tr data-start=\"1712\" data-end=\"1775\">\n<td><strong data-start=\"1714\" data-end=\"1737\">Equipos compatibles<\/strong><\/td>\n<td>TELEFLEX GFI<\/td>\n<\/tr>\n<tr data-start=\"1776\" data-end=\"1839\">\n<td><strong data-start=\"1778\" data-end=\"1796\">Incluye juntas<\/strong><\/td>\n<td>S\u00ed (juntas t\u00f3ricas)<\/td>\n<\/tr>\n<\/tbody>\n<\/table>\n<\/div>\n<blockquote data-start=\"1841\" data-end=\"1931\">\n<p class=\"\" data-start=\"1843\" data-end=\"1931\"><em><strong>Se recomienda su sustituci\u00f3n cada 15.000 \u2013 20.000 km o en cada revisi\u00f3n del sistema GLP.<\/strong><\/em><\/p>\n<\/blockquote>\n<p><a href=\"https:\/\/recambiosecogas.com\/categoria-producto\/filtros\/\">COMPRA MAS PRODUCTOS ONLINE EN NUESTRA TIENDA<\/a><\/p>\n<p><a href=\"http:\/\/www.segimonautomocio.com\/\">HAZ LA CONVERSION A GLP EN NUESTRO TALLER INSTALADOR OFICIAL, MAS INFORMACION EN NUESTRA WEB DE TALLER<\/a><\/p>\n","protected":false},"excerpt":{"rendered":"<p>GFI<\/p>\n","protected":false},"featured_media":11858,"comment_status":"open","ping_status":"closed","template":"","meta":{"_uag_custom_page_level_css":""},"product_brand":[622],"product_cat":[2357],"product_tag":[],"class_list":{"0":"post-10599","1":"product","2":"type-product","3":"status-publish","4":"has-post-thumbnail","6":"product_brand-gfi","7":"product_cat-fase-liquida","9":"first","10":"onbackorder","11":"taxable","12":"shipping-taxable","13":"purchasable","14":"product-type-simple"},"ct_brands":[{"id":622,"name":"GFI","slug":"gfi"}],"yoast_head":"<!-- This site is optimized with the Yoast SEO Premium plugin v27.5 (Yoast SEO v27.6) - https:\/\/yoast.com\/product\/yoast-seo-premium-wordpress\/ -->\n<title>Filtro fase gaseosa TELEFLEX GFI | Recambios EcoGas | Sistemas GLP y GNC<\/title>\n<meta name=\"description\" content=\"Filtro fase gaseosa TELEFLEX GFI. Fabricado en metal, incluye juntas t\u00f3ricas. Medidas 22x30 mm, compatible con equipos TELEFLEX.\" \/>\n<meta name=\"robots\" content=\"index, follow, max-snippet:-1, max-image-preview:large, max-video-preview:-1\" \/>\n<link rel=\"canonical\" href=\"https:\/\/recambiosecogas.com\/pt-pt\/producto\/teleflex-gfi-cartucho-de-filtro-incl-empaques-fase-gaseosa\/\" \/>\n<meta property=\"og:locale\" content=\"pt_PT\" \/>\n<meta property=\"og:type\" content=\"article\" \/>\n<meta property=\"og:title\" content=\"Filtro fase gaseosa TELEFLEX GFI\" \/>\n<meta property=\"og:description\" content=\"Filtro fase gaseosa TELEFLEX GFI. Fabricado en metal, incluye juntas t\u00f3ricas. Medidas 22x30 mm, compatible con equipos TELEFLEX.\" \/>\n<meta property=\"og:url\" content=\"https:\/\/recambiosecogas.com\/pt-pt\/producto\/teleflex-gfi-cartucho-de-filtro-incl-empaques-fase-gaseosa\/\" \/>\n<meta property=\"og:site_name\" content=\"Recambios EcoGas\" \/>\n<meta property=\"article:publisher\" content=\"https:\/\/www.facebook.com\/profile.php?id=100062419705358\" \/>\n<meta property=\"article:modified_time\" content=\"2025-12-02T09:06:30+00:00\" \/>\n<meta property=\"og:image\" content=\"https:\/\/recambiosecogas.com\/wp-content\/uploads\/2024\/12\/Cartucho-de-filtro-Teleflex-GFI-con-junta-incluida-fase-liquida-png.webp\" \/>\n\t<meta property=\"og:image:width\" content=\"1000\" \/>\n\t<meta property=\"og:image:height\" content=\"1000\" \/>\n\t<meta property=\"og:image:type\" content=\"image\/png\" \/>\n<meta name=\"twitter:card\" content=\"summary_large_image\" \/>\n<meta name=\"twitter:label1\" content=\"pre\u00e7o\" \/>\n\t<meta name=\"twitter:data1\" content=\"18,36&nbsp;&euro; (Sin IVA: 15,17&nbsp;&euro;)\" \/>\n\t<meta name=\"twitter:label2\" content=\"Disponibilidade\" \/>\n\t<meta name=\"twitter:data2\" content=\"Por encomenda\" \/>\n<script type=\"application\/ld+json\" class=\"yoast-schema-graph\">{\"@context\":\"https:\\\/\\\/schema.org\",\"@graph\":[{\"@type\":\"WebPage\",\"@id\":\"https:\\\/\\\/recambiosecogas.com\\\/pt-pt\\\/producto\\\/teleflex-gfi-cartucho-de-filtro-incl-empaques-fase-gaseosa\\\/\",\"url\":\"https:\\\/\\\/recambiosecogas.com\\\/pt-pt\\\/producto\\\/teleflex-gfi-cartucho-de-filtro-incl-empaques-fase-gaseosa\\\/\",\"name\":\"Filtro fase gaseosa TELEFLEX GFI | Recambios EcoGas | Sistemas GLP y GNC\",\"isPartOf\":{\"@id\":\"https:\\\/\\\/recambiosecogas.com\\\/pt-pt\\\/#website\"},\"primaryImageOfPage\":{\"@id\":\"https:\\\/\\\/recambiosecogas.com\\\/pt-pt\\\/producto\\\/teleflex-gfi-cartucho-de-filtro-incl-empaques-fase-gaseosa\\\/#primaryimage\"},\"image\":{\"@id\":\"https:\\\/\\\/recambiosecogas.com\\\/pt-pt\\\/producto\\\/teleflex-gfi-cartucho-de-filtro-incl-empaques-fase-gaseosa\\\/#primaryimage\"},\"thumbnailUrl\":\"https:\\\/\\\/recambiosecogas.com\\\/wp-content\\\/uploads\\\/2024\\\/12\\\/Cartucho-de-filtro-Teleflex-GFI-con-junta-incluida-fase-liquida-png.webp\",\"datePublished\":\"2024-12-19T11:09:29+00:00\",\"dateModified\":\"2025-12-02T09:06:30+00:00\",\"description\":\"Filtro fase gaseosa TELEFLEX GFI. Fabricado en metal, incluye juntas t\u00f3ricas. Medidas 22x30 mm, compatible con equipos TELEFLEX.\",\"breadcrumb\":{\"@id\":\"https:\\\/\\\/recambiosecogas.com\\\/pt-pt\\\/producto\\\/teleflex-gfi-cartucho-de-filtro-incl-empaques-fase-gaseosa\\\/#breadcrumb\"},\"inLanguage\":\"pt-PT\",\"potentialAction\":[{\"@type\":\"ReadAction\",\"target\":[\"https:\\\/\\\/recambiosecogas.com\\\/pt-pt\\\/producto\\\/teleflex-gfi-cartucho-de-filtro-incl-empaques-fase-gaseosa\\\/\"]}]},{\"@type\":\"ImageObject\",\"inLanguage\":\"pt-PT\",\"@id\":\"https:\\\/\\\/recambiosecogas.com\\\/pt-pt\\\/producto\\\/teleflex-gfi-cartucho-de-filtro-incl-empaques-fase-gaseosa\\\/#primaryimage\",\"url\":\"https:\\\/\\\/recambiosecogas.com\\\/wp-content\\\/uploads\\\/2024\\\/12\\\/Cartucho-de-filtro-Teleflex-GFI-con-junta-incluida-fase-liquida-png.webp\",\"contentUrl\":\"https:\\\/\\\/recambiosecogas.com\\\/wp-content\\\/uploads\\\/2024\\\/12\\\/Cartucho-de-filtro-Teleflex-GFI-con-junta-incluida-fase-liquida-png.webp\",\"width\":1000,\"height\":1000,\"caption\":\"Filtro GLP TELEFLEX GFI fase gaseosa. 22 mm de alto, 30 mm de di\u00e1metro. Fabricado en metal, incluye juntas. Alta eficiencia y compatibilidad.\"},{\"@type\":\"BreadcrumbList\",\"@id\":\"https:\\\/\\\/recambiosecogas.com\\\/pt-pt\\\/producto\\\/teleflex-gfi-cartucho-de-filtro-incl-empaques-fase-gaseosa\\\/#breadcrumb\",\"itemListElement\":[{\"@type\":\"ListItem\",\"position\":1,\"name\":\"P\u00e1gina inicial\",\"item\":\"https:\\\/\\\/recambiosecogas.com\\\/pt-pt\\\/\"},{\"@type\":\"ListItem\",\"position\":2,\"name\":\"Loja\",\"item\":\"https:\\\/\\\/recambiosecogas.com\\\/pt-pt\\\/tienda\\\/\"},{\"@type\":\"ListItem\",\"position\":3,\"name\":\"Filtro fase gaseosa TELEFLEX GFI\"}]},{\"@type\":\"WebSite\",\"@id\":\"https:\\\/\\\/recambiosecogas.com\\\/pt-pt\\\/#website\",\"url\":\"https:\\\/\\\/recambiosecogas.com\\\/pt-pt\\\/\",\"name\":\"Recambios EcoGas\",\"description\":\"Pe\u00e7as multimarca para sistemas de GPL\\\/GNC\\\/GNL\\\/Hidrog\u00e9nio\",\"publisher\":{\"@id\":\"https:\\\/\\\/recambiosecogas.com\\\/pt-pt\\\/#organization\"},\"alternateName\":\"Recambios Autogas GLP\",\"potentialAction\":[{\"@type\":\"SearchAction\",\"target\":{\"@type\":\"EntryPoint\",\"urlTemplate\":\"https:\\\/\\\/recambiosecogas.com\\\/pt-pt\\\/?s={search_term_string}\"},\"query-input\":{\"@type\":\"PropertyValueSpecification\",\"valueRequired\":true,\"valueName\":\"search_term_string\"}}],\"inLanguage\":\"pt-PT\"},{\"@type\":[\"Organization\",\"Place\"],\"@id\":\"https:\\\/\\\/recambiosecogas.com\\\/pt-pt\\\/#organization\",\"name\":\"Recambios EcoGas\",\"alternateName\":\"Loja de GPL Autog\u00e1s Espanha\",\"url\":\"https:\\\/\\\/recambiosecogas.com\\\/pt-pt\\\/\",\"logo\":{\"@id\":\"https:\\\/\\\/recambiosecogas.com\\\/pt-pt\\\/producto\\\/teleflex-gfi-cartucho-de-filtro-incl-empaques-fase-gaseosa\\\/#local-main-organization-logo\"},\"image\":{\"@id\":\"https:\\\/\\\/recambiosecogas.com\\\/pt-pt\\\/producto\\\/teleflex-gfi-cartucho-de-filtro-incl-empaques-fase-gaseosa\\\/#local-main-organization-logo\"},\"sameAs\":[\"https:\\\/\\\/www.facebook.com\\\/profile.php?id=100062419705358\",\"https:\\\/\\\/www.instagram.com\\\/segimon_automocio\"],\"description\":\"Recambios EcoGas \u2013 Venta y distribuci\u00f3n de sistemas GLP y GNC en Espa\u00f1a y Portugal. Env\u00edos 24 h, soporte t\u00e9cnico a talleres y distribuidores.\",\"hasMerchantReturnPolicy\":{\"@type\":\"MerchantReturnPolicy\",\"merchantReturnLink\":\"https:\\\/\\\/recambiosecogas.com\\\/politicas-privacidad\\\/\"},\"address\":{\"@id\":\"https:\\\/\\\/recambiosecogas.com\\\/pt-pt\\\/producto\\\/teleflex-gfi-cartucho-de-filtro-incl-empaques-fase-gaseosa\\\/#local-main-place-address\"},\"telephone\":[\"616250633\"],\"contactPoint\":{\"@type\":\"ContactPoint\",\"email\":\"export@recambiosecogas.com\"},\"openingHoursSpecification\":[{\"@type\":\"OpeningHoursSpecification\",\"dayOfWeek\":[\"Monday\",\"Tuesday\",\"Wednesday\",\"Thursday\",\"Friday\",\"Saturday\",\"Sunday\"],\"opens\":\"09:00\",\"closes\":\"17:00\"}],\"email\":\"info@recambiosecogas.com\",\"faxNumber\":\"SEGIMON AUTOMOCION SL\",\"vatID\":\"ESB19819861\",\"globalLocationNumber\":\"938 616 339\"},{\"@type\":\"PostalAddress\",\"@id\":\"https:\\\/\\\/recambiosecogas.com\\\/pt-pt\\\/producto\\\/teleflex-gfi-cartucho-de-filtro-incl-empaques-fase-gaseosa\\\/#local-main-place-address\",\"streetAddress\":\"cami antic de vic, 29 (Nave 3), Pol\u00edgono Industrial Congost\",\"addressLocality\":\"CORRO D`AVALL\",\"postalCode\":\"08520\",\"addressRegion\":\"Barcelona\",\"addressCountry\":\"ES\"},{\"@type\":\"ImageObject\",\"inLanguage\":\"pt-PT\",\"@id\":\"https:\\\/\\\/recambiosecogas.com\\\/pt-pt\\\/producto\\\/teleflex-gfi-cartucho-de-filtro-incl-empaques-fase-gaseosa\\\/#local-main-organization-logo\",\"url\":\"https:\\\/\\\/recambiosecogas.com\\\/wp-content\\\/uploads\\\/2024\\\/11\\\/cropped-RECAMBIOS-GLP-png.webp\",\"contentUrl\":\"https:\\\/\\\/recambiosecogas.com\\\/wp-content\\\/uploads\\\/2024\\\/11\\\/cropped-RECAMBIOS-GLP-png.webp\",\"width\":512,\"height\":512,\"caption\":\"Recambios EcoGas\"}]}<\/script>\n<meta property=\"product:brand\" content=\"GFI\" \/>\n<meta property=\"product:price:amount\" content=\"18.36\" \/>\n<meta property=\"product:price:currency\" content=\"EUR\" \/>\n<meta property=\"og:availability\" content=\"backorder\" \/>\n<meta property=\"product:availability\" content=\"available for order\" \/>\n<meta property=\"product:retailer_item_id\" content=\"104247\" \/>\n<meta property=\"product:condition\" content=\"new\" \/>\n<meta name=\"geo.placename\" content=\"CORRO D`AVALL\" \/>\n<meta name=\"geo.region\" content=\"Espanha\" \/>\n<!-- \/ Yoast SEO Premium plugin. -->","yoast_head_json":{"title":"Filtro fase gaseosa TELEFLEX GFI | Recambios EcoGas | Sistemas GLP y GNC","description":"Filtro fase gaseosa TELEFLEX GFI. Fabricado en metal, incluye juntas t\u00f3ricas. Medidas 22x30 mm, compatible con equipos TELEFLEX.","robots":{"index":"index","follow":"follow","max-snippet":"max-snippet:-1","max-image-preview":"max-image-preview:large","max-video-preview":"max-video-preview:-1"},"canonical":"https:\/\/recambiosecogas.com\/pt-pt\/producto\/teleflex-gfi-cartucho-de-filtro-incl-empaques-fase-gaseosa\/","og_locale":"pt_PT","og_type":"article","og_title":"Filtro fase gaseosa TELEFLEX GFI","og_description":"Filtro fase gaseosa TELEFLEX GFI. Fabricado en metal, incluye juntas t\u00f3ricas. Medidas 22x30 mm, compatible con equipos TELEFLEX.","og_url":"https:\/\/recambiosecogas.com\/pt-pt\/producto\/teleflex-gfi-cartucho-de-filtro-incl-empaques-fase-gaseosa\/","og_site_name":"Recambios EcoGas","article_publisher":"https:\/\/www.facebook.com\/profile.php?id=100062419705358","article_modified_time":"2025-12-02T09:06:30+00:00","og_image":[{"width":1000,"height":1000,"url":"https:\/\/recambiosecogas.com\/wp-content\/uploads\/2024\/12\/Cartucho-de-filtro-Teleflex-GFI-con-junta-incluida-fase-liquida-png.webp","type":"image\/png"}],"twitter_card":"summary_large_image","twitter_misc":{"pre\u00e7o":"18,36&nbsp;&euro; (Sin IVA: 15,17&nbsp;&euro;)","Disponibilidade":"Por encomenda"},"schema":{"@context":"https:\/\/schema.org","@graph":[{"@type":"WebPage","@id":"https:\/\/recambiosecogas.com\/pt-pt\/producto\/teleflex-gfi-cartucho-de-filtro-incl-empaques-fase-gaseosa\/","url":"https:\/\/recambiosecogas.com\/pt-pt\/producto\/teleflex-gfi-cartucho-de-filtro-incl-empaques-fase-gaseosa\/","name":"Filtro fase gaseosa TELEFLEX GFI | Recambios EcoGas | Sistemas GLP y GNC","isPartOf":{"@id":"https:\/\/recambiosecogas.com\/pt-pt\/#website"},"primaryImageOfPage":{"@id":"https:\/\/recambiosecogas.com\/pt-pt\/producto\/teleflex-gfi-cartucho-de-filtro-incl-empaques-fase-gaseosa\/#primaryimage"},"image":{"@id":"https:\/\/recambiosecogas.com\/pt-pt\/producto\/teleflex-gfi-cartucho-de-filtro-incl-empaques-fase-gaseosa\/#primaryimage"},"thumbnailUrl":"https:\/\/recambiosecogas.com\/wp-content\/uploads\/2024\/12\/Cartucho-de-filtro-Teleflex-GFI-con-junta-incluida-fase-liquida-png.webp","datePublished":"2024-12-19T11:09:29+00:00","dateModified":"2025-12-02T09:06:30+00:00","description":"Filtro fase gaseosa TELEFLEX GFI. Fabricado en metal, incluye juntas t\u00f3ricas. Medidas 22x30 mm, compatible con equipos TELEFLEX.","breadcrumb":{"@id":"https:\/\/recambiosecogas.com\/pt-pt\/producto\/teleflex-gfi-cartucho-de-filtro-incl-empaques-fase-gaseosa\/#breadcrumb"},"inLanguage":"pt-PT","potentialAction":[{"@type":"ReadAction","target":["https:\/\/recambiosecogas.com\/pt-pt\/producto\/teleflex-gfi-cartucho-de-filtro-incl-empaques-fase-gaseosa\/"]}]},{"@type":"ImageObject","inLanguage":"pt-PT","@id":"https:\/\/recambiosecogas.com\/pt-pt\/producto\/teleflex-gfi-cartucho-de-filtro-incl-empaques-fase-gaseosa\/#primaryimage","url":"https:\/\/recambiosecogas.com\/wp-content\/uploads\/2024\/12\/Cartucho-de-filtro-Teleflex-GFI-con-junta-incluida-fase-liquida-png.webp","contentUrl":"https:\/\/recambiosecogas.com\/wp-content\/uploads\/2024\/12\/Cartucho-de-filtro-Teleflex-GFI-con-junta-incluida-fase-liquida-png.webp","width":1000,"height":1000,"caption":"Filtro GLP TELEFLEX GFI fase gaseosa. 22 mm de alto, 30 mm de di\u00e1metro. Fabricado en metal, incluye juntas. Alta eficiencia y compatibilidad."},{"@type":"BreadcrumbList","@id":"https:\/\/recambiosecogas.com\/pt-pt\/producto\/teleflex-gfi-cartucho-de-filtro-incl-empaques-fase-gaseosa\/#breadcrumb","itemListElement":[{"@type":"ListItem","position":1,"name":"P\u00e1gina inicial","item":"https:\/\/recambiosecogas.com\/pt-pt\/"},{"@type":"ListItem","position":2,"name":"Loja","item":"https:\/\/recambiosecogas.com\/pt-pt\/tienda\/"},{"@type":"ListItem","position":3,"name":"Filtro fase gaseosa TELEFLEX GFI"}]},{"@type":"WebSite","@id":"https:\/\/recambiosecogas.com\/pt-pt\/#website","url":"https:\/\/recambiosecogas.com\/pt-pt\/","name":"Recambios EcoGas","description":"Pe\u00e7as multimarca para sistemas de GPL\/GNC\/GNL\/Hidrog\u00e9nio","publisher":{"@id":"https:\/\/recambiosecogas.com\/pt-pt\/#organization"},"alternateName":"Recambios Autogas GLP","potentialAction":[{"@type":"SearchAction","target":{"@type":"EntryPoint","urlTemplate":"https:\/\/recambiosecogas.com\/pt-pt\/?s={search_term_string}"},"query-input":{"@type":"PropertyValueSpecification","valueRequired":true,"valueName":"search_term_string"}}],"inLanguage":"pt-PT"},{"@type":["Organization","Place"],"@id":"https:\/\/recambiosecogas.com\/pt-pt\/#organization","name":"Recambios EcoGas","alternateName":"Loja de GPL Autog\u00e1s Espanha","url":"https:\/\/recambiosecogas.com\/pt-pt\/","logo":{"@id":"https:\/\/recambiosecogas.com\/pt-pt\/producto\/teleflex-gfi-cartucho-de-filtro-incl-empaques-fase-gaseosa\/#local-main-organization-logo"},"image":{"@id":"https:\/\/recambiosecogas.com\/pt-pt\/producto\/teleflex-gfi-cartucho-de-filtro-incl-empaques-fase-gaseosa\/#local-main-organization-logo"},"sameAs":["https:\/\/www.facebook.com\/profile.php?id=100062419705358","https:\/\/www.instagram.com\/segimon_automocio"],"description":"Recambios EcoGas \u2013 Venta y distribuci\u00f3n de sistemas GLP y GNC en Espa\u00f1a y Portugal. Env\u00edos 24 h, soporte t\u00e9cnico a talleres y distribuidores.","hasMerchantReturnPolicy":{"@type":"MerchantReturnPolicy","merchantReturnLink":"https:\/\/recambiosecogas.com\/politicas-privacidad\/"},"address":{"@id":"https:\/\/recambiosecogas.com\/pt-pt\/producto\/teleflex-gfi-cartucho-de-filtro-incl-empaques-fase-gaseosa\/#local-main-place-address"},"telephone":["616250633"],"contactPoint":{"@type":"ContactPoint","email":"export@recambiosecogas.com"},"openingHoursSpecification":[{"@type":"OpeningHoursSpecification","dayOfWeek":["Monday","Tuesday","Wednesday","Thursday","Friday","Saturday","Sunday"],"opens":"09:00","closes":"17:00"}],"email":"info@recambiosecogas.com","faxNumber":"SEGIMON AUTOMOCION SL","vatID":"ESB19819861","globalLocationNumber":"938 616 339"},{"@type":"PostalAddress","@id":"https:\/\/recambiosecogas.com\/pt-pt\/producto\/teleflex-gfi-cartucho-de-filtro-incl-empaques-fase-gaseosa\/#local-main-place-address","streetAddress":"cami antic de vic, 29 (Nave 3), Pol\u00edgono Industrial Congost","addressLocality":"CORRO D`AVALL","postalCode":"08520","addressRegion":"Barcelona","addressCountry":"ES"},{"@type":"ImageObject","inLanguage":"pt-PT","@id":"https:\/\/recambiosecogas.com\/pt-pt\/producto\/teleflex-gfi-cartucho-de-filtro-incl-empaques-fase-gaseosa\/#local-main-organization-logo","url":"https:\/\/recambiosecogas.com\/wp-content\/uploads\/2024\/11\/cropped-RECAMBIOS-GLP-png.webp","contentUrl":"https:\/\/recambiosecogas.com\/wp-content\/uploads\/2024\/11\/cropped-RECAMBIOS-GLP-png.webp","width":512,"height":512,"caption":"Recambios EcoGas"}]},"product_brand":"GFI","product_price_amount":"18.36","product_price_currency":"EUR","og_availability":"backorder","product_availability":"available for order","product_retailer_item_id":"104247","product_condition":"new","geo.placename":"CORRO D`AVALL","geo.region":"Espanha"},"uagb_featured_image_src":{"full":["https:\/\/recambiosecogas.com\/wp-content\/uploads\/2024\/12\/Cartucho-de-filtro-Teleflex-GFI-con-junta-incluida-fase-liquida-png.webp",1000,1000,false],"thumbnail":["https:\/\/recambiosecogas.com\/wp-content\/uploads\/2024\/12\/Cartucho-de-filtro-Teleflex-GFI-con-junta-incluida-fase-liquida-150x150.webp",150,150,true],"medium":["https:\/\/recambiosecogas.com\/wp-content\/uploads\/2024\/12\/Cartucho-de-filtro-Teleflex-GFI-con-junta-incluida-fase-liquida-300x300.webp",300,300,true],"medium_large":["https:\/\/recambiosecogas.com\/wp-content\/uploads\/2024\/12\/Cartucho-de-filtro-Teleflex-GFI-con-junta-incluida-fase-liquida-768x768.webp",768,768,true],"large":["https:\/\/recambiosecogas.com\/wp-content\/uploads\/2024\/12\/Cartucho-de-filtro-Teleflex-GFI-con-junta-incluida-fase-liquida-png.webp",1000,1000,false],"1536x1536":["https:\/\/recambiosecogas.com\/wp-content\/uploads\/2024\/12\/Cartucho-de-filtro-Teleflex-GFI-con-junta-incluida-fase-liquida-png.webp",1000,1000,false],"2048x2048":["https:\/\/recambiosecogas.com\/wp-content\/uploads\/2024\/12\/Cartucho-de-filtro-Teleflex-GFI-con-junta-incluida-fase-liquida-png.webp",1000,1000,false],"woocommerce_archive_thumbnail":["https:\/\/recambiosecogas.com\/wp-content\/uploads\/2024\/12\/Cartucho-de-filtro-Teleflex-GFI-con-junta-incluida-fase-liquida-png.webp",1000,1000,false],"woocommerce_thumbnail":["https:\/\/recambiosecogas.com\/wp-content\/uploads\/2024\/12\/Cartucho-de-filtro-Teleflex-GFI-con-junta-incluida-fase-liquida-png-300x300.webp",300,300,true],"woocommerce_single":["https:\/\/recambiosecogas.com\/wp-content\/uploads\/2024\/12\/Cartucho-de-filtro-Teleflex-GFI-con-junta-incluida-fase-liquida-png.webp",1000,1000,false],"woocommerce_gallery_thumbnail":["https:\/\/recambiosecogas.com\/wp-content\/uploads\/2024\/12\/Cartucho-de-filtro-Teleflex-GFI-con-junta-incluida-fase-liquida-png.webp",1000,1000,false],"dgwt-wcas-product-suggestion":["https:\/\/recambiosecogas.com\/wp-content\/uploads\/2024\/12\/Cartucho-de-filtro-Teleflex-GFI-con-junta-incluida-fase-liquida-png-64x64.webp",64,64,true]},"uagb_author_info":{"display_name":"Fran - Soporte T\u00e9cnico","author_link":"https:\/\/recambiosecogas.com\/pt-pt\/author\/"},"uagb_comment_info":0,"uagb_excerpt":"GFI","_links":{"self":[{"href":"https:\/\/recambiosecogas.com\/pt-pt\/wp-json\/wp\/v2\/product\/10599","targetHints":{"allow":["GET"]}}],"collection":[{"href":"https:\/\/recambiosecogas.com\/pt-pt\/wp-json\/wp\/v2\/product"}],"about":[{"href":"https:\/\/recambiosecogas.com\/pt-pt\/wp-json\/wp\/v2\/types\/product"}],"replies":[{"embeddable":true,"href":"https:\/\/recambiosecogas.com\/pt-pt\/wp-json\/wp\/v2\/comments?post=10599"}],"wp:featuredmedia":[{"embeddable":true,"href":"https:\/\/recambiosecogas.com\/pt-pt\/wp-json\/wp\/v2\/media\/11858"}],"wp:attachment":[{"href":"https:\/\/recambiosecogas.com\/pt-pt\/wp-json\/wp\/v2\/media?parent=10599"}],"wp:term":[{"taxonomy":"product_brand","embeddable":true,"href":"https:\/\/recambiosecogas.com\/pt-pt\/wp-json\/wp\/v2\/product_brand?post=10599"},{"taxonomy":"product_cat","embeddable":true,"href":"https:\/\/recambiosecogas.com\/pt-pt\/wp-json\/wp\/v2\/product_cat?post=10599"},{"taxonomy":"product_tag","embeddable":true,"href":"https:\/\/recambiosecogas.com\/pt-pt\/wp-json\/wp\/v2\/product_tag?post=10599"}],"curies":[{"name":"wp","href":"https:\/\/api.w.org\/{rel}","templated":true}]}}