{"id":10596,"date":"2024-12-19T11:09:28","date_gmt":"2024-12-19T11:09:28","guid":{"rendered":"https:\/\/recambiosecogas.com\/producto\/cartucho-de-filtros-para-valtek-incluye-kit-de-empaques-fase-liquida\/"},"modified":"2025-12-02T10:06:30","modified_gmt":"2025-12-02T09:06:30","slug":"cartucho-de-filtros-para-valtek-incluye-kit-de-empaques-fase-liquida","status":"publish","type":"product","link":"https:\/\/recambiosecogas.com\/pt-pt\/produto\/cartucho-de-filtros-para-valtek-incluye-kit-de-empaques-fase-liquida\/","title":{"rendered":"Filtros fase liquida VALTEK"},"content":{"rendered":"<h2 style=\"text-align: center;\" data-start=\"247\" data-end=\"650\">Filtros fase liquida VALTEK<\/h2>\n<p data-start=\"247\" data-end=\"650\"><strong data-start=\"250\" data-end=\"283\">Filtro de fase l\u00edquida VALTEK<\/strong> es un recambio esencial para proteger los <strong data-start=\"326\" data-end=\"371\">vaporizadores y sistemas de inyecci\u00f3n GLP<\/strong> contra impurezas s\u00f3lidas que puedan circular por la l\u00ednea de gas. Fabricado en <strong data-start=\"451\" data-end=\"483\">pl\u00e1stico de alta resistencia<\/strong>, este filtro es compatible con una amplia variedad de <strong data-start=\"538\" data-end=\"578\">sistemas GLP de inyecci\u00f3n secuencial<\/strong>, y es utilizado en m\u00faltiples <strong data-start=\"608\" data-end=\"649\">kits de conversi\u00f3n de primera calidad<\/strong>.<\/p>\n<p data-start=\"652\" data-end=\"1072\">Este filtro se instala en la entrada del vaporizador y act\u00faa como primera barrera de filtrado en la fase l\u00edquida del gas, ayudando a <strong data-start=\"785\" data-end=\"830\">prolongar la vida \u00fatil de los componentes<\/strong> y garantizar una combusti\u00f3n limpia y eficiente. Es <strong data-start=\"882\" data-end=\"926\">compatible con v\u00e1lvulas de cierre Valtek<\/strong> en sus versiones m\u00e1s comunes: <strong data-start=\"957\" data-end=\"993\">01, 02, 03, 07 Est\u00e1ndar y 07 BFC<\/strong>, adem\u00e1s de aplicaciones en marcas como <strong data-start=\"1033\" data-end=\"1071\">Elpigaz, OMB, Milano, OMVL y otras<\/strong>.<\/p>\n<hr class=\"\" data-start=\"1074\" data-end=\"1077\" \/>\n<h3 data-start=\"1079\" data-end=\"1140\"><strong data-start=\"1083\" data-end=\"1140\">Caracter\u00edsticas T\u00e9cnicas \u2013 Filtro Fase L\u00edquida VALTEK<\/strong><\/h3>\n<div class=\"overflow-x-auto contain-inline-size\">\n<table data-start=\"1142\" data-end=\"2143\">\n<thead data-start=\"1142\" data-end=\"1241\">\n<tr data-start=\"1142\" data-end=\"1241\">\n<th data-start=\"1142\" data-end=\"1171\">Especificaci\u00f3n<\/th>\n<th data-start=\"1171\" data-end=\"1241\">Detalles<\/th>\n<\/tr>\n<\/thead>\n<tbody data-start=\"1341\" data-end=\"2143\">\n<tr data-start=\"1341\" data-end=\"1439\">\n<td><strong data-start=\"1343\" data-end=\"1361\">Tipo de filtro<\/strong><\/td>\n<td>Fase l\u00edquida<\/td>\n<\/tr>\n<tr data-start=\"1440\" data-end=\"1538\">\n<td><strong data-start=\"1442\" data-end=\"1465\">Material del filtro<\/strong><\/td>\n<td>Pl\u00e1stico<\/td>\n<\/tr>\n<tr data-start=\"1539\" data-end=\"1637\">\n<td><strong data-start=\"1541\" data-end=\"1555\">Altura (h)<\/strong><\/td>\n<td>20,5 mm<\/td>\n<\/tr>\n<tr data-start=\"1638\" data-end=\"1736\">\n<td><strong data-start=\"1640\" data-end=\"1665\">Di\u00e1metro exterior (D)<\/strong><\/td>\n<td>31,0 mm<\/td>\n<\/tr>\n<tr data-start=\"1737\" data-end=\"1835\">\n<td><strong data-start=\"1739\" data-end=\"1764\">Di\u00e1metro interior (d)<\/strong><\/td>\n<td>8,0 mm \/ 10,0 mm<\/td>\n<\/tr>\n<tr data-start=\"1836\" data-end=\"1943\">\n<td><strong data-start=\"1838\" data-end=\"1860\">V\u00e1lvulas de cierre<\/strong><\/td>\n<td>Valtek 01, 02, 03, 07 est\u00e1ndar, 07 BFC; Elpigaz GLP 01,03; OMB (Diana, Alfea)<\/td>\n<\/tr>\n<tr data-start=\"1944\" data-end=\"2044\">\n<td><strong data-start=\"1946\" data-end=\"1970\">Sistemas compatibles<\/strong><\/td>\n<td>Prins, Emmegas, Stag, KME, Zavoli, Elpigaz, AG Centrum, Milano, OMVL<\/td>\n<\/tr>\n<tr data-start=\"2045\" data-end=\"2143\">\n<td><strong data-start=\"2047\" data-end=\"2061\">Referencia<\/strong><\/td>\n<td>&#8211;<\/td>\n<\/tr>\n<\/tbody>\n<\/table>\n<\/div>\n<blockquote data-start=\"2145\" data-end=\"2263\">\n<p data-start=\"2147\" data-end=\"2263\"><strong>Recomendado para mantenimiento peri\u00f3dico. Sustituir cada 15.000 \u2013 20.000 km o seg\u00fan especificaciones del fabricante.<\/strong><\/p>\n<\/blockquote>\n<p><a href=\"https:\/\/recambiosecogas.com\/categoria-producto\/filtros\/\">COMPRA MAS PRODUCTOS ONLINE EN NUESTRA TIENDA<\/a><\/p>\n<p><a href=\"http:\/\/www.segimonautomocio.com\/\">HAZ LA CONVERSION A GLP EN NUESTRO TALLER INSTALADOR OFICIAL, MAS INFORMACION EN NUESTRA WEB DE TALLER<\/a><\/p>\n","protected":false},"excerpt":{"rendered":"<p>Valtek &#8211; INCLUYE JUNTAS<\/p>\n","protected":false},"featured_media":11848,"comment_status":"open","ping_status":"closed","template":"","meta":{"googlesitekit_rrm_CAowud7EDA:productID":"","_uag_custom_page_level_css":""},"product_brand":[960,1002,1003,977,999],"product_cat":[345],"product_tag":[],"class_list":{"0":"post-10596","1":"product","2":"type-product","3":"status-publish","4":"has-post-thumbnail","6":"product_brand-kme","7":"product_brand-omvl","8":"product_brand-prins","9":"product_brand-valtek-glp","10":"product_brand-zavoli","11":"product_cat-fase-liquida","13":"first","14":"instock","15":"taxable","16":"shipping-taxable","17":"purchasable","18":"product-type-simple"},"ct_brands":[{"id":960,"name":"KME","slug":"kme"},{"id":1002,"name":"OMVL","slug":"omvl"},{"id":1003,"name":"PRINS","slug":"prins"},{"id":977,"name":"VALTEK","slug":"valtek-glp"},{"id":999,"name":"ZAVOLI","slug":"zavoli"}],"yoast_head":"<!-- This site is optimized with the Yoast SEO Premium plugin v27.3 (Yoast SEO v27.3) - https:\/\/yoast.com\/product\/yoast-seo-premium-wordpress\/ -->\n<title>Filtros fase liquida VALTEK | Recambios EcoGas | Sistemas GLP y GNC<\/title>\n<meta name=\"description\" content=\"Filtro GLP fase l\u00edquida VALTEK. Medidas 20,5x31x8\/10 mm. Compatible con v\u00e1lvulas Valtek, Elpigaz, OMB, OMVL, Milano y m\u00e1s. Alta eficiencia.\" \/>\n<meta name=\"robots\" content=\"index, follow, max-snippet:-1, max-image-preview:large, max-video-preview:-1\" \/>\n<link rel=\"canonical\" href=\"https:\/\/recambiosecogas.com\/pt-pt\/produto\/cartucho-de-filtros-para-valtek-incluye-kit-de-empaques-fase-liquida\/\" \/>\n<meta property=\"og:locale\" content=\"pt_PT\" \/>\n<meta property=\"og:type\" content=\"article\" \/>\n<meta property=\"og:title\" content=\"Filtros fase liquida VALTEK\" \/>\n<meta property=\"og:description\" content=\"Filtro GLP fase l\u00edquida VALTEK. Medidas 20,5x31x8\/10 mm. Compatible con v\u00e1lvulas Valtek, Elpigaz, OMB, OMVL, Milano y m\u00e1s. Alta eficiencia.\" \/>\n<meta property=\"og:url\" content=\"https:\/\/recambiosecogas.com\/pt-pt\/produto\/cartucho-de-filtros-para-valtek-incluye-kit-de-empaques-fase-liquida\/\" \/>\n<meta property=\"og:site_name\" content=\"Recambios EcoGas\" \/>\n<meta property=\"article:publisher\" content=\"https:\/\/www.facebook.com\/profile.php?id=100062419705358\" \/>\n<meta property=\"article:modified_time\" content=\"2025-12-02T09:06:30+00:00\" \/>\n<meta property=\"og:image\" content=\"https:\/\/recambiosecogas.com\/wp-content\/uploads\/2024\/12\/Cartucho-filtrante-para-Valtek-con-junta-incluida-fase-liquida-png.webp\" \/>\n\t<meta property=\"og:image:width\" content=\"1000\" \/>\n\t<meta property=\"og:image:height\" content=\"1000\" \/>\n\t<meta property=\"og:image:type\" content=\"image\/png\" \/>\n<meta name=\"twitter:card\" content=\"summary_large_image\" \/>\n<meta name=\"twitter:label1\" content=\"pre\u00e7o\" \/>\n\t<meta name=\"twitter:data1\" content=\"7,00&nbsp;&euro; (IVA incl.: 8,47&nbsp;&euro;)\" \/>\n\t<meta name=\"twitter:label2\" content=\"Disponibilidade\" \/>\n\t<meta name=\"twitter:data2\" content=\"Em stock\" \/>\n<script type=\"application\/ld+json\" class=\"yoast-schema-graph\">{\"@context\":\"https:\\\/\\\/schema.org\",\"@graph\":[{\"@type\":\"WebPage\",\"@id\":\"https:\\\/\\\/recambiosecogas.com\\\/pt-pt\\\/produto\\\/cartucho-de-filtros-para-valtek-incluye-kit-de-empaques-fase-liquida\\\/\",\"url\":\"https:\\\/\\\/recambiosecogas.com\\\/pt-pt\\\/produto\\\/cartucho-de-filtros-para-valtek-incluye-kit-de-empaques-fase-liquida\\\/\",\"name\":\"Filtros fase liquida VALTEK | Recambios EcoGas | Sistemas GLP y GNC\",\"isPartOf\":{\"@id\":\"https:\\\/\\\/recambiosecogas.com\\\/pt-pt\\\/#website\"},\"primaryImageOfPage\":{\"@id\":\"https:\\\/\\\/recambiosecogas.com\\\/pt-pt\\\/produto\\\/cartucho-de-filtros-para-valtek-incluye-kit-de-empaques-fase-liquida\\\/#primaryimage\"},\"image\":{\"@id\":\"https:\\\/\\\/recambiosecogas.com\\\/pt-pt\\\/produto\\\/cartucho-de-filtros-para-valtek-incluye-kit-de-empaques-fase-liquida\\\/#primaryimage\"},\"thumbnailUrl\":\"https:\\\/\\\/recambiosecogas.com\\\/wp-content\\\/uploads\\\/2024\\\/12\\\/Cartucho-filtrante-para-Valtek-con-junta-incluida-fase-liquida-png.webp\",\"datePublished\":\"2024-12-19T11:09:28+00:00\",\"dateModified\":\"2025-12-02T09:06:30+00:00\",\"description\":\"Filtro GLP fase l\u00edquida VALTEK. Medidas 20,5x31x8\\\/10 mm. Compatible con v\u00e1lvulas Valtek, Elpigaz, OMB, OMVL, Milano y m\u00e1s. Alta eficiencia.\",\"breadcrumb\":{\"@id\":\"https:\\\/\\\/recambiosecogas.com\\\/pt-pt\\\/produto\\\/cartucho-de-filtros-para-valtek-incluye-kit-de-empaques-fase-liquida\\\/#breadcrumb\"},\"inLanguage\":\"pt-PT\",\"potentialAction\":[{\"@type\":\"ReadAction\",\"target\":[\"https:\\\/\\\/recambiosecogas.com\\\/pt-pt\\\/produto\\\/cartucho-de-filtros-para-valtek-incluye-kit-de-empaques-fase-liquida\\\/\"]}]},{\"@type\":\"ImageObject\",\"inLanguage\":\"pt-PT\",\"@id\":\"https:\\\/\\\/recambiosecogas.com\\\/pt-pt\\\/produto\\\/cartucho-de-filtros-para-valtek-incluye-kit-de-empaques-fase-liquida\\\/#primaryimage\",\"url\":\"https:\\\/\\\/recambiosecogas.com\\\/wp-content\\\/uploads\\\/2024\\\/12\\\/Cartucho-filtrante-para-Valtek-con-junta-incluida-fase-liquida-png.webp\",\"contentUrl\":\"https:\\\/\\\/recambiosecogas.com\\\/wp-content\\\/uploads\\\/2024\\\/12\\\/Cartucho-filtrante-para-Valtek-con-junta-incluida-fase-liquida-png.webp\",\"width\":1000,\"height\":1000},{\"@type\":\"BreadcrumbList\",\"@id\":\"https:\\\/\\\/recambiosecogas.com\\\/pt-pt\\\/produto\\\/cartucho-de-filtros-para-valtek-incluye-kit-de-empaques-fase-liquida\\\/#breadcrumb\",\"itemListElement\":[{\"@type\":\"ListItem\",\"position\":1,\"name\":\"P\u00e1gina inicial\",\"item\":\"https:\\\/\\\/recambiosecogas.com\\\/pt-pt\\\/\"},{\"@type\":\"ListItem\",\"position\":2,\"name\":\"Loja\",\"item\":\"https:\\\/\\\/recambiosecogas.com\\\/pt-pt\\\/tienda\\\/\"},{\"@type\":\"ListItem\",\"position\":3,\"name\":\"Filtros fase liquida VALTEK\"}]},{\"@type\":\"WebSite\",\"@id\":\"https:\\\/\\\/recambiosecogas.com\\\/pt-pt\\\/#website\",\"url\":\"https:\\\/\\\/recambiosecogas.com\\\/pt-pt\\\/\",\"name\":\"Recambios EcoGas\",\"description\":\"Pe\u00e7as multimarca para sistemas de GPL\\\/GNC\\\/GNL\\\/Hidrog\u00e9nio\",\"publisher\":{\"@id\":\"https:\\\/\\\/recambiosecogas.com\\\/pt-pt\\\/#organization\"},\"alternateName\":\"Recambios Autogas GLP\",\"potentialAction\":[{\"@type\":\"SearchAction\",\"target\":{\"@type\":\"EntryPoint\",\"urlTemplate\":\"https:\\\/\\\/recambiosecogas.com\\\/pt-pt\\\/?s={search_term_string}\"},\"query-input\":{\"@type\":\"PropertyValueSpecification\",\"valueRequired\":true,\"valueName\":\"search_term_string\"}}],\"inLanguage\":\"pt-PT\"},{\"@type\":[\"Organization\",\"Place\"],\"@id\":\"https:\\\/\\\/recambiosecogas.com\\\/pt-pt\\\/#organization\",\"name\":\"Recambios EcoGas\",\"alternateName\":\"Loja de GPL Autog\u00e1s Espanha\",\"url\":\"https:\\\/\\\/recambiosecogas.com\\\/pt-pt\\\/\",\"logo\":{\"@id\":\"https:\\\/\\\/recambiosecogas.com\\\/pt-pt\\\/produto\\\/cartucho-de-filtros-para-valtek-incluye-kit-de-empaques-fase-liquida\\\/#local-main-organization-logo\"},\"image\":{\"@id\":\"https:\\\/\\\/recambiosecogas.com\\\/pt-pt\\\/produto\\\/cartucho-de-filtros-para-valtek-incluye-kit-de-empaques-fase-liquida\\\/#local-main-organization-logo\"},\"sameAs\":[\"https:\\\/\\\/www.facebook.com\\\/profile.php?id=100062419705358\",\"https:\\\/\\\/www.instagram.com\\\/segimon_automocio\"],\"description\":\"Recambios EcoGas \u2013 Venta y distribuci\u00f3n de sistemas GLP y GNC en Espa\u00f1a y Portugal. Env\u00edos 24 h, soporte t\u00e9cnico a talleres y distribuidores.\",\"hasMerchantReturnPolicy\":{\"@type\":\"MerchantReturnPolicy\",\"merchantReturnLink\":\"https:\\\/\\\/recambiosecogas.com\\\/politicas-privacidad\\\/\"},\"address\":{\"@id\":\"https:\\\/\\\/recambiosecogas.com\\\/pt-pt\\\/produto\\\/cartucho-de-filtros-para-valtek-incluye-kit-de-empaques-fase-liquida\\\/#local-main-place-address\"},\"telephone\":[\"616250633\"],\"contactPoint\":{\"@type\":\"ContactPoint\",\"email\":\"export@recambiosecogas.com\"},\"openingHoursSpecification\":[{\"@type\":\"OpeningHoursSpecification\",\"dayOfWeek\":[\"Monday\",\"Tuesday\",\"Wednesday\",\"Thursday\",\"Friday\",\"Saturday\",\"Sunday\"],\"opens\":\"09:00\",\"closes\":\"17:00\"}],\"email\":\"info@recambiosecogas.com\",\"faxNumber\":\"SEGIMON AUTOMOCION SL\",\"vatID\":\"ESB19819861\",\"globalLocationNumber\":\"938 616 339\"},{\"@type\":\"PostalAddress\",\"@id\":\"https:\\\/\\\/recambiosecogas.com\\\/pt-pt\\\/produto\\\/cartucho-de-filtros-para-valtek-incluye-kit-de-empaques-fase-liquida\\\/#local-main-place-address\",\"streetAddress\":\"cami antic de vic, 29 (Nave 3), Pol\u00edgono Industrial Congost\",\"addressLocality\":\"CORRO D`AVALL\",\"postalCode\":\"08520\",\"addressRegion\":\"Barcelona\",\"addressCountry\":\"ES\"},{\"@type\":\"ImageObject\",\"inLanguage\":\"pt-PT\",\"@id\":\"https:\\\/\\\/recambiosecogas.com\\\/pt-pt\\\/produto\\\/cartucho-de-filtros-para-valtek-incluye-kit-de-empaques-fase-liquida\\\/#local-main-organization-logo\",\"url\":\"https:\\\/\\\/recambiosecogas.com\\\/wp-content\\\/uploads\\\/2024\\\/11\\\/cropped-RECAMBIOS-GLP-png.webp\",\"contentUrl\":\"https:\\\/\\\/recambiosecogas.com\\\/wp-content\\\/uploads\\\/2024\\\/11\\\/cropped-RECAMBIOS-GLP-png.webp\",\"width\":512,\"height\":512,\"caption\":\"Recambios EcoGas\"}]}<\/script>\n<meta property=\"product:brand\" content=\"KME\" \/>\n<meta property=\"product:price:amount\" content=\"7.00\" \/>\n<meta property=\"product:price:currency\" content=\"EUR\" \/>\n<meta property=\"og:availability\" content=\"instock\" \/>\n<meta property=\"product:availability\" content=\"instock\" \/>\n<meta property=\"product:retailer_item_id\" content=\"100270\" \/>\n<meta property=\"product:condition\" content=\"new\" \/>\n<meta name=\"geo.placename\" content=\"CORRO D`AVALL\" \/>\n<meta name=\"geo.region\" content=\"Espanha\" \/>\n<!-- \/ Yoast SEO Premium plugin. -->","yoast_head_json":{"title":"Filtros fase liquida VALTEK | Recambios EcoGas | Sistemas GLP y GNC","description":"Filtro GLP fase l\u00edquida VALTEK. Medidas 20,5x31x8\/10 mm. Compatible con v\u00e1lvulas Valtek, Elpigaz, OMB, OMVL, Milano y m\u00e1s. Alta eficiencia.","robots":{"index":"index","follow":"follow","max-snippet":"max-snippet:-1","max-image-preview":"max-image-preview:large","max-video-preview":"max-video-preview:-1"},"canonical":"https:\/\/recambiosecogas.com\/pt-pt\/produto\/cartucho-de-filtros-para-valtek-incluye-kit-de-empaques-fase-liquida\/","og_locale":"pt_PT","og_type":"article","og_title":"Filtros fase liquida VALTEK","og_description":"Filtro GLP fase l\u00edquida VALTEK. Medidas 20,5x31x8\/10 mm. Compatible con v\u00e1lvulas Valtek, Elpigaz, OMB, OMVL, Milano y m\u00e1s. Alta eficiencia.","og_url":"https:\/\/recambiosecogas.com\/pt-pt\/produto\/cartucho-de-filtros-para-valtek-incluye-kit-de-empaques-fase-liquida\/","og_site_name":"Recambios EcoGas","article_publisher":"https:\/\/www.facebook.com\/profile.php?id=100062419705358","article_modified_time":"2025-12-02T09:06:30+00:00","og_image":[{"width":1000,"height":1000,"url":"https:\/\/recambiosecogas.com\/wp-content\/uploads\/2024\/12\/Cartucho-filtrante-para-Valtek-con-junta-incluida-fase-liquida-png.webp","type":"image\/png"}],"twitter_card":"summary_large_image","twitter_misc":{"pre\u00e7o":"7,00&nbsp;&euro; (IVA incl.: 8,47&nbsp;&euro;)","Disponibilidade":"Em stock"},"schema":{"@context":"https:\/\/schema.org","@graph":[{"@type":"WebPage","@id":"https:\/\/recambiosecogas.com\/pt-pt\/produto\/cartucho-de-filtros-para-valtek-incluye-kit-de-empaques-fase-liquida\/","url":"https:\/\/recambiosecogas.com\/pt-pt\/produto\/cartucho-de-filtros-para-valtek-incluye-kit-de-empaques-fase-liquida\/","name":"Filtros fase liquida VALTEK | Recambios EcoGas | Sistemas GLP y GNC","isPartOf":{"@id":"https:\/\/recambiosecogas.com\/pt-pt\/#website"},"primaryImageOfPage":{"@id":"https:\/\/recambiosecogas.com\/pt-pt\/produto\/cartucho-de-filtros-para-valtek-incluye-kit-de-empaques-fase-liquida\/#primaryimage"},"image":{"@id":"https:\/\/recambiosecogas.com\/pt-pt\/produto\/cartucho-de-filtros-para-valtek-incluye-kit-de-empaques-fase-liquida\/#primaryimage"},"thumbnailUrl":"https:\/\/recambiosecogas.com\/wp-content\/uploads\/2024\/12\/Cartucho-filtrante-para-Valtek-con-junta-incluida-fase-liquida-png.webp","datePublished":"2024-12-19T11:09:28+00:00","dateModified":"2025-12-02T09:06:30+00:00","description":"Filtro GLP fase l\u00edquida VALTEK. Medidas 20,5x31x8\/10 mm. Compatible con v\u00e1lvulas Valtek, Elpigaz, OMB, OMVL, Milano y m\u00e1s. Alta eficiencia.","breadcrumb":{"@id":"https:\/\/recambiosecogas.com\/pt-pt\/produto\/cartucho-de-filtros-para-valtek-incluye-kit-de-empaques-fase-liquida\/#breadcrumb"},"inLanguage":"pt-PT","potentialAction":[{"@type":"ReadAction","target":["https:\/\/recambiosecogas.com\/pt-pt\/produto\/cartucho-de-filtros-para-valtek-incluye-kit-de-empaques-fase-liquida\/"]}]},{"@type":"ImageObject","inLanguage":"pt-PT","@id":"https:\/\/recambiosecogas.com\/pt-pt\/produto\/cartucho-de-filtros-para-valtek-incluye-kit-de-empaques-fase-liquida\/#primaryimage","url":"https:\/\/recambiosecogas.com\/wp-content\/uploads\/2024\/12\/Cartucho-filtrante-para-Valtek-con-junta-incluida-fase-liquida-png.webp","contentUrl":"https:\/\/recambiosecogas.com\/wp-content\/uploads\/2024\/12\/Cartucho-filtrante-para-Valtek-con-junta-incluida-fase-liquida-png.webp","width":1000,"height":1000},{"@type":"BreadcrumbList","@id":"https:\/\/recambiosecogas.com\/pt-pt\/produto\/cartucho-de-filtros-para-valtek-incluye-kit-de-empaques-fase-liquida\/#breadcrumb","itemListElement":[{"@type":"ListItem","position":1,"name":"P\u00e1gina inicial","item":"https:\/\/recambiosecogas.com\/pt-pt\/"},{"@type":"ListItem","position":2,"name":"Loja","item":"https:\/\/recambiosecogas.com\/pt-pt\/tienda\/"},{"@type":"ListItem","position":3,"name":"Filtros fase liquida VALTEK"}]},{"@type":"WebSite","@id":"https:\/\/recambiosecogas.com\/pt-pt\/#website","url":"https:\/\/recambiosecogas.com\/pt-pt\/","name":"Recambios EcoGas","description":"Pe\u00e7as multimarca para sistemas de GPL\/GNC\/GNL\/Hidrog\u00e9nio","publisher":{"@id":"https:\/\/recambiosecogas.com\/pt-pt\/#organization"},"alternateName":"Recambios Autogas GLP","potentialAction":[{"@type":"SearchAction","target":{"@type":"EntryPoint","urlTemplate":"https:\/\/recambiosecogas.com\/pt-pt\/?s={search_term_string}"},"query-input":{"@type":"PropertyValueSpecification","valueRequired":true,"valueName":"search_term_string"}}],"inLanguage":"pt-PT"},{"@type":["Organization","Place"],"@id":"https:\/\/recambiosecogas.com\/pt-pt\/#organization","name":"Recambios EcoGas","alternateName":"Loja de GPL Autog\u00e1s Espanha","url":"https:\/\/recambiosecogas.com\/pt-pt\/","logo":{"@id":"https:\/\/recambiosecogas.com\/pt-pt\/produto\/cartucho-de-filtros-para-valtek-incluye-kit-de-empaques-fase-liquida\/#local-main-organization-logo"},"image":{"@id":"https:\/\/recambiosecogas.com\/pt-pt\/produto\/cartucho-de-filtros-para-valtek-incluye-kit-de-empaques-fase-liquida\/#local-main-organization-logo"},"sameAs":["https:\/\/www.facebook.com\/profile.php?id=100062419705358","https:\/\/www.instagram.com\/segimon_automocio"],"description":"Recambios EcoGas \u2013 Venta y distribuci\u00f3n de sistemas GLP y GNC en Espa\u00f1a y Portugal. Env\u00edos 24 h, soporte t\u00e9cnico a talleres y distribuidores.","hasMerchantReturnPolicy":{"@type":"MerchantReturnPolicy","merchantReturnLink":"https:\/\/recambiosecogas.com\/politicas-privacidad\/"},"address":{"@id":"https:\/\/recambiosecogas.com\/pt-pt\/produto\/cartucho-de-filtros-para-valtek-incluye-kit-de-empaques-fase-liquida\/#local-main-place-address"},"telephone":["616250633"],"contactPoint":{"@type":"ContactPoint","email":"export@recambiosecogas.com"},"openingHoursSpecification":[{"@type":"OpeningHoursSpecification","dayOfWeek":["Monday","Tuesday","Wednesday","Thursday","Friday","Saturday","Sunday"],"opens":"09:00","closes":"17:00"}],"email":"info@recambiosecogas.com","faxNumber":"SEGIMON AUTOMOCION SL","vatID":"ESB19819861","globalLocationNumber":"938 616 339"},{"@type":"PostalAddress","@id":"https:\/\/recambiosecogas.com\/pt-pt\/produto\/cartucho-de-filtros-para-valtek-incluye-kit-de-empaques-fase-liquida\/#local-main-place-address","streetAddress":"cami antic de vic, 29 (Nave 3), Pol\u00edgono Industrial Congost","addressLocality":"CORRO D`AVALL","postalCode":"08520","addressRegion":"Barcelona","addressCountry":"ES"},{"@type":"ImageObject","inLanguage":"pt-PT","@id":"https:\/\/recambiosecogas.com\/pt-pt\/produto\/cartucho-de-filtros-para-valtek-incluye-kit-de-empaques-fase-liquida\/#local-main-organization-logo","url":"https:\/\/recambiosecogas.com\/wp-content\/uploads\/2024\/11\/cropped-RECAMBIOS-GLP-png.webp","contentUrl":"https:\/\/recambiosecogas.com\/wp-content\/uploads\/2024\/11\/cropped-RECAMBIOS-GLP-png.webp","width":512,"height":512,"caption":"Recambios EcoGas"}]},"product_brand":"KME","product_price_amount":"7.00","product_price_currency":"EUR","og_availability":"instock","product_availability":"instock","product_retailer_item_id":"100270","product_condition":"new","geo.placename":"CORRO D`AVALL","geo.region":"Espanha"},"uagb_featured_image_src":{"full":["https:\/\/recambiosecogas.com\/wp-content\/uploads\/2024\/12\/Cartucho-filtrante-para-Valtek-con-junta-incluida-fase-liquida-png.webp",1000,1000,false],"thumbnail":["https:\/\/recambiosecogas.com\/wp-content\/uploads\/2024\/12\/Cartucho-filtrante-para-Valtek-con-junta-incluida-fase-liquida-150x150.webp",150,150,true],"medium":["https:\/\/recambiosecogas.com\/wp-content\/uploads\/2024\/12\/Cartucho-filtrante-para-Valtek-con-junta-incluida-fase-liquida-300x300.webp",300,300,true],"medium_large":["https:\/\/recambiosecogas.com\/wp-content\/uploads\/2024\/12\/Cartucho-filtrante-para-Valtek-con-junta-incluida-fase-liquida-768x768.webp",768,768,true],"large":["https:\/\/recambiosecogas.com\/wp-content\/uploads\/2024\/12\/Cartucho-filtrante-para-Valtek-con-junta-incluida-fase-liquida-png.webp",1000,1000,false],"1536x1536":["https:\/\/recambiosecogas.com\/wp-content\/uploads\/2024\/12\/Cartucho-filtrante-para-Valtek-con-junta-incluida-fase-liquida-png.webp",1000,1000,false],"2048x2048":["https:\/\/recambiosecogas.com\/wp-content\/uploads\/2024\/12\/Cartucho-filtrante-para-Valtek-con-junta-incluida-fase-liquida-png.webp",1000,1000,false],"woocommerce_archive_thumbnail":["https:\/\/recambiosecogas.com\/wp-content\/uploads\/2024\/12\/Cartucho-filtrante-para-Valtek-con-junta-incluida-fase-liquida-png.webp",1000,1000,false],"woocommerce_thumbnail":["https:\/\/recambiosecogas.com\/wp-content\/uploads\/2024\/12\/Cartucho-filtrante-para-Valtek-con-junta-incluida-fase-liquida-png-300x300.webp",300,300,true],"woocommerce_single":["https:\/\/recambiosecogas.com\/wp-content\/uploads\/2024\/12\/Cartucho-filtrante-para-Valtek-con-junta-incluida-fase-liquida-png.webp",1000,1000,false],"woocommerce_gallery_thumbnail":["https:\/\/recambiosecogas.com\/wp-content\/uploads\/2024\/12\/Cartucho-filtrante-para-Valtek-con-junta-incluida-fase-liquida-png.webp",1000,1000,false],"dgwt-wcas-product-suggestion":["https:\/\/recambiosecogas.com\/wp-content\/uploads\/2024\/12\/Cartucho-filtrante-para-Valtek-con-junta-incluida-fase-liquida-png-64x64.webp",64,64,true]},"uagb_author_info":{"display_name":"Fran - Soporte T\u00e9cnico","author_link":"https:\/\/recambiosecogas.com\/pt-pt\/author\/"},"uagb_comment_info":0,"uagb_excerpt":"Valtek - INCLUYE JUNTAS","_links":{"self":[{"href":"https:\/\/recambiosecogas.com\/pt-pt\/wp-json\/wp\/v2\/product\/10596","targetHints":{"allow":["GET"]}}],"collection":[{"href":"https:\/\/recambiosecogas.com\/pt-pt\/wp-json\/wp\/v2\/product"}],"about":[{"href":"https:\/\/recambiosecogas.com\/pt-pt\/wp-json\/wp\/v2\/types\/product"}],"replies":[{"embeddable":true,"href":"https:\/\/recambiosecogas.com\/pt-pt\/wp-json\/wp\/v2\/comments?post=10596"}],"wp:featuredmedia":[{"embeddable":true,"href":"https:\/\/recambiosecogas.com\/pt-pt\/wp-json\/wp\/v2\/media\/11848"}],"wp:attachment":[{"href":"https:\/\/recambiosecogas.com\/pt-pt\/wp-json\/wp\/v2\/media?parent=10596"}],"wp:term":[{"taxonomy":"product_brand","embeddable":true,"href":"https:\/\/recambiosecogas.com\/pt-pt\/wp-json\/wp\/v2\/product_brand?post=10596"},{"taxonomy":"product_cat","embeddable":true,"href":"https:\/\/recambiosecogas.com\/pt-pt\/wp-json\/wp\/v2\/product_cat?post=10596"},{"taxonomy":"product_tag","embeddable":true,"href":"https:\/\/recambiosecogas.com\/pt-pt\/wp-json\/wp\/v2\/product_tag?post=10596"}],"curies":[{"name":"wp","href":"https:\/\/api.w.org\/{rel}","templated":true}]}}