{"id":10584,"date":"2024-12-19T12:09:24","date_gmt":"2024-12-19T11:09:24","guid":{"rendered":"https:\/\/recambiosecogas.com\/producto\/cartucho-de-filtros-para-bedini-fase-liquida\/"},"modified":"2026-03-30T15:44:47","modified_gmt":"2026-03-30T14:44:47","slug":"filtro-glp-fase-liquida-bedini","status":"publish","type":"product","link":"https:\/\/recambiosecogas.com\/pt-pt\/produto\/filtro-glp-fase-liquida-bedini\/","title":{"rendered":"Filtro GLP fase l\u00edquida BEDINI"},"content":{"rendered":"<h3 class=\"\" data-start=\"228\" data-end=\"315\"><strong data-start=\"232\" data-end=\"315\">Filtro GLP Fase L\u00edquida BEDINI \u2013 Compatible con Bedini, Elpigaz y AutogasItalia<\/strong><\/h3>\n<p class=\"\" data-start=\"317\" data-end=\"741\">El <strong data-start=\"320\" data-end=\"362\">recambio de filtro fase l\u00edquida BEDINI<\/strong> es un elemento filtrante ultracompacto, dise\u00f1ado espec\u00edficamente para <strong data-start=\"433\" data-end=\"449\">sistemas GLP<\/strong> que incorporan <strong data-start=\"465\" data-end=\"499\">v\u00e1lvulas de cierre Bedini Maya<\/strong> o equipos <strong data-start=\"510\" data-end=\"527\">AutogasItalia<\/strong>. Fabricado en <strong data-start=\"542\" data-end=\"572\">viscosa de alta eficiencia<\/strong>, este filtro est\u00e1 dise\u00f1ado para proteger el <strong data-start=\"617\" data-end=\"629\">reductor<\/strong> y los componentes de inyecci\u00f3n frente a part\u00edculas s\u00f3lidas y contaminantes presentes en el gas en fase l\u00edquida.<\/p>\n<p class=\"\" data-start=\"743\" data-end=\"992\">Gracias a su formato reducido y dimensiones espec\u00edficas, es ideal para aplicaciones donde el espacio es limitado, y es compatible con m\u00faltiples sistemas, incluyendo modelos de <strong data-start=\"919\" data-end=\"930\">Elpigaz<\/strong> como <strong data-start=\"936\" data-end=\"958\">Cometa, Vega y Ana<\/strong>, as\u00ed como <strong data-start=\"969\" data-end=\"991\">Bedini ECOgeo 3000<\/strong>.<\/p>\n<p class=\"\" data-start=\"994\" data-end=\"1160\">Este filtro es una soluci\u00f3n de mantenimiento eficaz para conversiones GLP que requieren precisi\u00f3n, sellado perfecto y protecci\u00f3n continua del sistema de alimentaci\u00f3n.<\/p>\n<hr class=\"\" data-start=\"1162\" data-end=\"1165\" \/>\n<h4 data-start=\"1167\" data-end=\"1228\"><strong data-start=\"1171\" data-end=\"1228\">Caracter\u00edsticas T\u00e9cnicas \u2013 Filtro BEDINI Fase L\u00edquida<\/strong><\/h4>\n<div class=\"overflow-x-auto contain-inline-size\">\n<table data-start=\"1230\" data-end=\"2173\">\n<thead data-start=\"1230\" data-end=\"1316\">\n<tr data-start=\"1230\" data-end=\"1316\">\n<th data-start=\"1230\" data-end=\"1259\">Especificaci\u00f3n<\/th>\n<th data-start=\"1259\" data-end=\"1316\">Detalles<\/th>\n<\/tr>\n<\/thead>\n<tbody data-start=\"1403\" data-end=\"2173\">\n<tr data-start=\"1403\" data-end=\"1488\">\n<td><strong data-start=\"1405\" data-end=\"1423\">Tipo de filtro<\/strong><\/td>\n<td>Fase l\u00edquida<\/td>\n<\/tr>\n<tr data-start=\"1489\" data-end=\"1574\">\n<td><strong data-start=\"1491\" data-end=\"1514\">Material del filtro<\/strong><\/td>\n<td>Viscosa<\/td>\n<\/tr>\n<tr data-start=\"1575\" data-end=\"1660\">\n<td><strong data-start=\"1577\" data-end=\"1591\">Altura (h)<\/strong><\/td>\n<td>3,5 mm<\/td>\n<\/tr>\n<tr data-start=\"1661\" data-end=\"1746\">\n<td><strong data-start=\"1663\" data-end=\"1688\">Di\u00e1metro exterior (D)<\/strong><\/td>\n<td>29,0 mm<\/td>\n<\/tr>\n<tr data-start=\"1747\" data-end=\"1832\">\n<td><strong data-start=\"1749\" data-end=\"1774\">Di\u00e1metro interior (d)<\/strong><\/td>\n<td>5,0 mm<\/td>\n<\/tr>\n<tr data-start=\"1833\" data-end=\"1917\">\n<td><strong data-start=\"1835\" data-end=\"1857\">V\u00e1lvulas de cierre<\/strong><\/td>\n<td>Bedini Maya, AutogasItalia<\/td>\n<\/tr>\n<tr data-start=\"1918\" data-end=\"2002\">\n<td><strong data-start=\"1920\" data-end=\"1946\">Reductores compatibles<\/strong><\/td>\n<td>Elpigaz (Cometa, Vega, Ana)<\/td>\n<\/tr>\n<tr data-start=\"2003\" data-end=\"2087\">\n<td><strong data-start=\"2005\" data-end=\"2029\">Sistemas compatibles<\/strong><\/td>\n<td>Bedini ECOgeo 3000, AutogasItalia<\/td>\n<\/tr>\n<tr data-start=\"2088\" data-end=\"2173\">\n<td><strong data-start=\"2090\" data-end=\"2105\">Referencias<\/strong><\/td>\n<td>&#8211;<\/td>\n<\/tr>\n<\/tbody>\n<\/table>\n<\/div>\n<blockquote data-start=\"2175\" data-end=\"2282\">\n<p class=\"\" data-start=\"2177\" data-end=\"2282\"><em><strong>Recomendado su reemplazo cada 15.000 \u2013 20.000 km o durante cada mantenimiento preventivo del sistema GLP.<\/strong><\/em><\/p>\n<\/blockquote>\n<p><a href=\"https:\/\/recambiosecogas.com\/categoria-producto\/filtros\/\">COMPRA MAS PRODUCTOS ONLINE EN NUESTRA TIENDA<\/a><\/p>\n<p><a href=\"http:\/\/www.segimonautomocio.com\/\">HAZ LA CONVERSION A GLP EN NUESTRO TALLER INSTALADOR OFICIAL, MAS INFORMACION EN NUESTRA WEB DE TALLER<\/a><\/p>\n<p>&nbsp;<\/p>\n<p>tro GLP Fase L\u00edquida BEDINI es esencial para mantener la eficiencia y seguridad de su sistema de Autogas. Al utilizar este filtro, se asegura de que el reductor y los componentes de inyecci\u00f3n est\u00e9n protegidos de contaminantes, lo que prolonga la vida \u00fatil del sistema y mejora su rendimiento. Ideal para quienes buscan un mantenimiento efectivo en conversiones GLP, este filtro garantiza un funcionamiento \u00f3ptimo y confiable en veh\u00edculos equipados con sistemas Bedini y AutogasItalia.<\/p>\n","protected":false},"excerpt":{"rendered":"<p>BEDINI<\/p>\n","protected":false},"featured_media":11817,"comment_status":"open","ping_status":"closed","template":"","meta":{"googlesitekit_rrm_CAowud7EDA:productID":"","_uag_custom_page_level_css":""},"product_brand":[980],"product_cat":[345],"product_tag":[],"class_list":{"0":"post-10584","1":"product","2":"type-product","3":"status-publish","4":"has-post-thumbnail","6":"product_brand-bedini","7":"product_cat-fase-liquida","9":"first","10":"onbackorder","11":"taxable","12":"shipping-taxable","13":"purchasable","14":"product-type-simple"},"ct_brands":[{"id":980,"name":"BEDINI","slug":"bedini"}],"yoast_head":"<!-- This site is optimized with the Yoast SEO Premium plugin v27.4 (Yoast SEO v27.4) - https:\/\/yoast.com\/product\/yoast-seo-premium-wordpress\/ -->\n<title>Filtro GLP Fase L\u00edquida BEDINI | Recambios Ecogas<\/title>\n<meta name=\"description\" content=\"Filtro GLP fase l\u00edquida BEDINI, ultracompacto y eficiente. Protege el reductor y componentes de inyecci\u00f3n en sistemas Bedini y AutogasItalia.\" \/>\n<meta name=\"robots\" content=\"index, follow, max-snippet:-1, max-image-preview:large, max-video-preview:-1\" \/>\n<link rel=\"canonical\" href=\"https:\/\/recambiosecogas.com\/pt-pt\/produto\/filtro-glp-fase-liquida-bedini\/\" \/>\n<meta property=\"og:locale\" content=\"pt_PT\" \/>\n<meta property=\"og:type\" content=\"article\" \/>\n<meta property=\"og:title\" content=\"Filtro GLP fase l\u00edquida BEDINI\" \/>\n<meta property=\"og:description\" content=\"Filtro GLP fase l\u00edquida BEDINI, ultracompacto y eficiente. Protege el reductor y componentes de inyecci\u00f3n en sistemas Bedini y AutogasItalia.\" \/>\n<meta property=\"og:url\" content=\"https:\/\/recambiosecogas.com\/pt-pt\/produto\/filtro-glp-fase-liquida-bedini\/\" \/>\n<meta property=\"og:site_name\" content=\"Recambios EcoGas\" \/>\n<meta property=\"article:publisher\" content=\"https:\/\/www.facebook.com\/profile.php?id=100062419705358\" \/>\n<meta property=\"article:modified_time\" content=\"2026-03-30T14:44:47+00:00\" \/>\n<meta property=\"og:image\" content=\"https:\/\/recambiosecogas.com\/wp-content\/uploads\/2024\/12\/Cartucho-filtrante-para-Bedini-fase-liquida-png.webp\" \/>\n\t<meta property=\"og:image:width\" content=\"1000\" \/>\n\t<meta property=\"og:image:height\" content=\"1000\" \/>\n\t<meta property=\"og:image:type\" content=\"image\/png\" \/>\n<meta name=\"twitter:card\" content=\"summary_large_image\" \/>\n<meta name=\"twitter:label1\" content=\"pre\u00e7o\" \/>\n\t<meta name=\"twitter:data1\" content=\"5,50&nbsp;&euro; (IVA incl.: 6,66&nbsp;&euro;)\" \/>\n\t<meta name=\"twitter:label2\" content=\"Disponibilidade\" \/>\n\t<meta name=\"twitter:data2\" content=\"Por encomenda\" \/>\n<script type=\"application\/ld+json\" class=\"yoast-schema-graph\">{\"@context\":\"https:\\\/\\\/schema.org\",\"@graph\":[{\"@type\":\"WebPage\",\"@id\":\"https:\\\/\\\/recambiosecogas.com\\\/pt-pt\\\/produto\\\/filtro-glp-fase-liquida-bedini\\\/\",\"url\":\"https:\\\/\\\/recambiosecogas.com\\\/pt-pt\\\/produto\\\/filtro-glp-fase-liquida-bedini\\\/\",\"name\":\"Filtro GLP Fase L\u00edquida BEDINI | Recambios Ecogas\",\"isPartOf\":{\"@id\":\"https:\\\/\\\/recambiosecogas.com\\\/pt-pt\\\/#website\"},\"primaryImageOfPage\":{\"@id\":\"https:\\\/\\\/recambiosecogas.com\\\/pt-pt\\\/produto\\\/filtro-glp-fase-liquida-bedini\\\/#primaryimage\"},\"image\":{\"@id\":\"https:\\\/\\\/recambiosecogas.com\\\/pt-pt\\\/produto\\\/filtro-glp-fase-liquida-bedini\\\/#primaryimage\"},\"thumbnailUrl\":\"https:\\\/\\\/recambiosecogas.com\\\/wp-content\\\/uploads\\\/2024\\\/12\\\/Cartucho-filtrante-para-Bedini-fase-liquida-png.webp\",\"datePublished\":\"2024-12-19T11:09:24+00:00\",\"dateModified\":\"2026-03-30T14:44:47+00:00\",\"description\":\"Filtro GLP fase l\u00edquida BEDINI, ultracompacto y eficiente. Protege el reductor y componentes de inyecci\u00f3n en sistemas Bedini y AutogasItalia.\",\"breadcrumb\":{\"@id\":\"https:\\\/\\\/recambiosecogas.com\\\/pt-pt\\\/produto\\\/filtro-glp-fase-liquida-bedini\\\/#breadcrumb\"},\"inLanguage\":\"pt-PT\",\"potentialAction\":[{\"@type\":\"ReadAction\",\"target\":[\"https:\\\/\\\/recambiosecogas.com\\\/pt-pt\\\/produto\\\/filtro-glp-fase-liquida-bedini\\\/\"]}]},{\"@type\":\"ImageObject\",\"inLanguage\":\"pt-PT\",\"@id\":\"https:\\\/\\\/recambiosecogas.com\\\/pt-pt\\\/produto\\\/filtro-glp-fase-liquida-bedini\\\/#primaryimage\",\"url\":\"https:\\\/\\\/recambiosecogas.com\\\/wp-content\\\/uploads\\\/2024\\\/12\\\/Cartucho-filtrante-para-Bedini-fase-liquida-png.webp\",\"contentUrl\":\"https:\\\/\\\/recambiosecogas.com\\\/wp-content\\\/uploads\\\/2024\\\/12\\\/Cartucho-filtrante-para-Bedini-fase-liquida-png.webp\",\"width\":1000,\"height\":1000},{\"@type\":\"BreadcrumbList\",\"@id\":\"https:\\\/\\\/recambiosecogas.com\\\/pt-pt\\\/produto\\\/filtro-glp-fase-liquida-bedini\\\/#breadcrumb\",\"itemListElement\":[{\"@type\":\"ListItem\",\"position\":1,\"name\":\"P\u00e1gina inicial\",\"item\":\"https:\\\/\\\/recambiosecogas.com\\\/pt-pt\\\/\"},{\"@type\":\"ListItem\",\"position\":2,\"name\":\"Loja\",\"item\":\"https:\\\/\\\/recambiosecogas.com\\\/pt-pt\\\/tienda\\\/\"},{\"@type\":\"ListItem\",\"position\":3,\"name\":\"Filtro GLP fase l\u00edquida BEDINI\"}]},{\"@type\":\"WebSite\",\"@id\":\"https:\\\/\\\/recambiosecogas.com\\\/pt-pt\\\/#website\",\"url\":\"https:\\\/\\\/recambiosecogas.com\\\/pt-pt\\\/\",\"name\":\"Recambios EcoGas\",\"description\":\"Pe\u00e7as multimarca para sistemas de GPL\\\/GNC\\\/GNL\\\/Hidrog\u00e9nio\",\"publisher\":{\"@id\":\"https:\\\/\\\/recambiosecogas.com\\\/pt-pt\\\/#organization\"},\"alternateName\":\"Recambios Autogas GLP\",\"potentialAction\":[{\"@type\":\"SearchAction\",\"target\":{\"@type\":\"EntryPoint\",\"urlTemplate\":\"https:\\\/\\\/recambiosecogas.com\\\/pt-pt\\\/?s={search_term_string}\"},\"query-input\":{\"@type\":\"PropertyValueSpecification\",\"valueRequired\":true,\"valueName\":\"search_term_string\"}}],\"inLanguage\":\"pt-PT\"},{\"@type\":[\"Organization\",\"Place\"],\"@id\":\"https:\\\/\\\/recambiosecogas.com\\\/pt-pt\\\/#organization\",\"name\":\"Recambios EcoGas\",\"alternateName\":\"Loja de GPL Autog\u00e1s Espanha\",\"url\":\"https:\\\/\\\/recambiosecogas.com\\\/pt-pt\\\/\",\"logo\":{\"@id\":\"https:\\\/\\\/recambiosecogas.com\\\/pt-pt\\\/produto\\\/filtro-glp-fase-liquida-bedini\\\/#local-main-organization-logo\"},\"image\":{\"@id\":\"https:\\\/\\\/recambiosecogas.com\\\/pt-pt\\\/produto\\\/filtro-glp-fase-liquida-bedini\\\/#local-main-organization-logo\"},\"sameAs\":[\"https:\\\/\\\/www.facebook.com\\\/profile.php?id=100062419705358\",\"https:\\\/\\\/www.instagram.com\\\/segimon_automocio\"],\"description\":\"Recambios EcoGas \u2013 Venta y distribuci\u00f3n de sistemas GLP y GNC en Espa\u00f1a y Portugal. Env\u00edos 24 h, soporte t\u00e9cnico a talleres y distribuidores.\",\"hasMerchantReturnPolicy\":{\"@type\":\"MerchantReturnPolicy\",\"merchantReturnLink\":\"https:\\\/\\\/recambiosecogas.com\\\/politicas-privacidad\\\/\"},\"address\":{\"@id\":\"https:\\\/\\\/recambiosecogas.com\\\/pt-pt\\\/produto\\\/filtro-glp-fase-liquida-bedini\\\/#local-main-place-address\"},\"telephone\":[\"616250633\"],\"contactPoint\":{\"@type\":\"ContactPoint\",\"email\":\"export@recambiosecogas.com\"},\"openingHoursSpecification\":[{\"@type\":\"OpeningHoursSpecification\",\"dayOfWeek\":[\"Monday\",\"Tuesday\",\"Wednesday\",\"Thursday\",\"Friday\",\"Saturday\",\"Sunday\"],\"opens\":\"09:00\",\"closes\":\"17:00\"}],\"email\":\"info@recambiosecogas.com\",\"faxNumber\":\"SEGIMON AUTOMOCION SL\",\"vatID\":\"ESB19819861\",\"globalLocationNumber\":\"938 616 339\"},{\"@type\":\"PostalAddress\",\"@id\":\"https:\\\/\\\/recambiosecogas.com\\\/pt-pt\\\/produto\\\/filtro-glp-fase-liquida-bedini\\\/#local-main-place-address\",\"streetAddress\":\"cami antic de vic, 29 (Nave 3), Pol\u00edgono Industrial Congost\",\"addressLocality\":\"CORRO D`AVALL\",\"postalCode\":\"08520\",\"addressRegion\":\"Barcelona\",\"addressCountry\":\"ES\"},{\"@type\":\"ImageObject\",\"inLanguage\":\"pt-PT\",\"@id\":\"https:\\\/\\\/recambiosecogas.com\\\/pt-pt\\\/produto\\\/filtro-glp-fase-liquida-bedini\\\/#local-main-organization-logo\",\"url\":\"https:\\\/\\\/recambiosecogas.com\\\/wp-content\\\/uploads\\\/2024\\\/11\\\/cropped-RECAMBIOS-GLP-png.webp\",\"contentUrl\":\"https:\\\/\\\/recambiosecogas.com\\\/wp-content\\\/uploads\\\/2024\\\/11\\\/cropped-RECAMBIOS-GLP-png.webp\",\"width\":512,\"height\":512,\"caption\":\"Recambios EcoGas\"}]}<\/script>\n<meta property=\"product:brand\" content=\"BEDINI\" \/>\n<meta property=\"product:price:amount\" content=\"5.50\" \/>\n<meta property=\"product:price:currency\" content=\"EUR\" \/>\n<meta property=\"og:availability\" content=\"backorder\" \/>\n<meta property=\"product:availability\" content=\"available for order\" \/>\n<meta property=\"product:retailer_item_id\" content=\"100241\" \/>\n<meta property=\"product:condition\" content=\"new\" \/>\n<meta name=\"geo.placename\" content=\"CORRO D`AVALL\" \/>\n<meta name=\"geo.region\" content=\"Espanha\" \/>\n<!-- \/ Yoast SEO Premium plugin. -->","yoast_head_json":{"title":"Filtro GLP Fase L\u00edquida BEDINI | Recambios Ecogas","description":"Filtro GLP fase l\u00edquida BEDINI, ultracompacto y eficiente. Protege el reductor y componentes de inyecci\u00f3n en sistemas Bedini y AutogasItalia.","robots":{"index":"index","follow":"follow","max-snippet":"max-snippet:-1","max-image-preview":"max-image-preview:large","max-video-preview":"max-video-preview:-1"},"canonical":"https:\/\/recambiosecogas.com\/pt-pt\/produto\/filtro-glp-fase-liquida-bedini\/","og_locale":"pt_PT","og_type":"article","og_title":"Filtro GLP fase l\u00edquida BEDINI","og_description":"Filtro GLP fase l\u00edquida BEDINI, ultracompacto y eficiente. Protege el reductor y componentes de inyecci\u00f3n en sistemas Bedini y AutogasItalia.","og_url":"https:\/\/recambiosecogas.com\/pt-pt\/produto\/filtro-glp-fase-liquida-bedini\/","og_site_name":"Recambios EcoGas","article_publisher":"https:\/\/www.facebook.com\/profile.php?id=100062419705358","article_modified_time":"2026-03-30T14:44:47+00:00","og_image":[{"width":1000,"height":1000,"url":"https:\/\/recambiosecogas.com\/wp-content\/uploads\/2024\/12\/Cartucho-filtrante-para-Bedini-fase-liquida-png.webp","type":"image\/png"}],"twitter_card":"summary_large_image","twitter_misc":{"pre\u00e7o":"5,50&nbsp;&euro; (IVA incl.: 6,66&nbsp;&euro;)","Disponibilidade":"Por encomenda"},"schema":{"@context":"https:\/\/schema.org","@graph":[{"@type":"WebPage","@id":"https:\/\/recambiosecogas.com\/pt-pt\/produto\/filtro-glp-fase-liquida-bedini\/","url":"https:\/\/recambiosecogas.com\/pt-pt\/produto\/filtro-glp-fase-liquida-bedini\/","name":"Filtro GLP Fase L\u00edquida BEDINI | Recambios Ecogas","isPartOf":{"@id":"https:\/\/recambiosecogas.com\/pt-pt\/#website"},"primaryImageOfPage":{"@id":"https:\/\/recambiosecogas.com\/pt-pt\/produto\/filtro-glp-fase-liquida-bedini\/#primaryimage"},"image":{"@id":"https:\/\/recambiosecogas.com\/pt-pt\/produto\/filtro-glp-fase-liquida-bedini\/#primaryimage"},"thumbnailUrl":"https:\/\/recambiosecogas.com\/wp-content\/uploads\/2024\/12\/Cartucho-filtrante-para-Bedini-fase-liquida-png.webp","datePublished":"2024-12-19T11:09:24+00:00","dateModified":"2026-03-30T14:44:47+00:00","description":"Filtro GLP fase l\u00edquida BEDINI, ultracompacto y eficiente. Protege el reductor y componentes de inyecci\u00f3n en sistemas Bedini y AutogasItalia.","breadcrumb":{"@id":"https:\/\/recambiosecogas.com\/pt-pt\/produto\/filtro-glp-fase-liquida-bedini\/#breadcrumb"},"inLanguage":"pt-PT","potentialAction":[{"@type":"ReadAction","target":["https:\/\/recambiosecogas.com\/pt-pt\/produto\/filtro-glp-fase-liquida-bedini\/"]}]},{"@type":"ImageObject","inLanguage":"pt-PT","@id":"https:\/\/recambiosecogas.com\/pt-pt\/produto\/filtro-glp-fase-liquida-bedini\/#primaryimage","url":"https:\/\/recambiosecogas.com\/wp-content\/uploads\/2024\/12\/Cartucho-filtrante-para-Bedini-fase-liquida-png.webp","contentUrl":"https:\/\/recambiosecogas.com\/wp-content\/uploads\/2024\/12\/Cartucho-filtrante-para-Bedini-fase-liquida-png.webp","width":1000,"height":1000},{"@type":"BreadcrumbList","@id":"https:\/\/recambiosecogas.com\/pt-pt\/produto\/filtro-glp-fase-liquida-bedini\/#breadcrumb","itemListElement":[{"@type":"ListItem","position":1,"name":"P\u00e1gina inicial","item":"https:\/\/recambiosecogas.com\/pt-pt\/"},{"@type":"ListItem","position":2,"name":"Loja","item":"https:\/\/recambiosecogas.com\/pt-pt\/tienda\/"},{"@type":"ListItem","position":3,"name":"Filtro GLP fase l\u00edquida BEDINI"}]},{"@type":"WebSite","@id":"https:\/\/recambiosecogas.com\/pt-pt\/#website","url":"https:\/\/recambiosecogas.com\/pt-pt\/","name":"Recambios EcoGas","description":"Pe\u00e7as multimarca para sistemas de GPL\/GNC\/GNL\/Hidrog\u00e9nio","publisher":{"@id":"https:\/\/recambiosecogas.com\/pt-pt\/#organization"},"alternateName":"Recambios Autogas GLP","potentialAction":[{"@type":"SearchAction","target":{"@type":"EntryPoint","urlTemplate":"https:\/\/recambiosecogas.com\/pt-pt\/?s={search_term_string}"},"query-input":{"@type":"PropertyValueSpecification","valueRequired":true,"valueName":"search_term_string"}}],"inLanguage":"pt-PT"},{"@type":["Organization","Place"],"@id":"https:\/\/recambiosecogas.com\/pt-pt\/#organization","name":"Recambios EcoGas","alternateName":"Loja de GPL Autog\u00e1s Espanha","url":"https:\/\/recambiosecogas.com\/pt-pt\/","logo":{"@id":"https:\/\/recambiosecogas.com\/pt-pt\/produto\/filtro-glp-fase-liquida-bedini\/#local-main-organization-logo"},"image":{"@id":"https:\/\/recambiosecogas.com\/pt-pt\/produto\/filtro-glp-fase-liquida-bedini\/#local-main-organization-logo"},"sameAs":["https:\/\/www.facebook.com\/profile.php?id=100062419705358","https:\/\/www.instagram.com\/segimon_automocio"],"description":"Recambios EcoGas \u2013 Venta y distribuci\u00f3n de sistemas GLP y GNC en Espa\u00f1a y Portugal. Env\u00edos 24 h, soporte t\u00e9cnico a talleres y distribuidores.","hasMerchantReturnPolicy":{"@type":"MerchantReturnPolicy","merchantReturnLink":"https:\/\/recambiosecogas.com\/politicas-privacidad\/"},"address":{"@id":"https:\/\/recambiosecogas.com\/pt-pt\/produto\/filtro-glp-fase-liquida-bedini\/#local-main-place-address"},"telephone":["616250633"],"contactPoint":{"@type":"ContactPoint","email":"export@recambiosecogas.com"},"openingHoursSpecification":[{"@type":"OpeningHoursSpecification","dayOfWeek":["Monday","Tuesday","Wednesday","Thursday","Friday","Saturday","Sunday"],"opens":"09:00","closes":"17:00"}],"email":"info@recambiosecogas.com","faxNumber":"SEGIMON AUTOMOCION SL","vatID":"ESB19819861","globalLocationNumber":"938 616 339"},{"@type":"PostalAddress","@id":"https:\/\/recambiosecogas.com\/pt-pt\/produto\/filtro-glp-fase-liquida-bedini\/#local-main-place-address","streetAddress":"cami antic de vic, 29 (Nave 3), Pol\u00edgono Industrial Congost","addressLocality":"CORRO D`AVALL","postalCode":"08520","addressRegion":"Barcelona","addressCountry":"ES"},{"@type":"ImageObject","inLanguage":"pt-PT","@id":"https:\/\/recambiosecogas.com\/pt-pt\/produto\/filtro-glp-fase-liquida-bedini\/#local-main-organization-logo","url":"https:\/\/recambiosecogas.com\/wp-content\/uploads\/2024\/11\/cropped-RECAMBIOS-GLP-png.webp","contentUrl":"https:\/\/recambiosecogas.com\/wp-content\/uploads\/2024\/11\/cropped-RECAMBIOS-GLP-png.webp","width":512,"height":512,"caption":"Recambios EcoGas"}]},"product_brand":"BEDINI","product_price_amount":"5.50","product_price_currency":"EUR","og_availability":"backorder","product_availability":"available for order","product_retailer_item_id":"100241","product_condition":"new","geo.placename":"CORRO D`AVALL","geo.region":"Espanha"},"uagb_featured_image_src":{"full":["https:\/\/recambiosecogas.com\/wp-content\/uploads\/2024\/12\/Cartucho-filtrante-para-Bedini-fase-liquida-png.webp",1000,1000,false],"thumbnail":["https:\/\/recambiosecogas.com\/wp-content\/uploads\/2024\/12\/Cartucho-filtrante-para-Bedini-fase-liquida-150x150.webp",150,150,true],"medium":["https:\/\/recambiosecogas.com\/wp-content\/uploads\/2024\/12\/Cartucho-filtrante-para-Bedini-fase-liquida-300x300.webp",300,300,true],"medium_large":["https:\/\/recambiosecogas.com\/wp-content\/uploads\/2024\/12\/Cartucho-filtrante-para-Bedini-fase-liquida-768x768.webp",768,768,true],"large":["https:\/\/recambiosecogas.com\/wp-content\/uploads\/2024\/12\/Cartucho-filtrante-para-Bedini-fase-liquida-png.webp",1000,1000,false],"1536x1536":["https:\/\/recambiosecogas.com\/wp-content\/uploads\/2024\/12\/Cartucho-filtrante-para-Bedini-fase-liquida-png.webp",1000,1000,false],"2048x2048":["https:\/\/recambiosecogas.com\/wp-content\/uploads\/2024\/12\/Cartucho-filtrante-para-Bedini-fase-liquida-png.webp",1000,1000,false],"woocommerce_archive_thumbnail":["https:\/\/recambiosecogas.com\/wp-content\/uploads\/2024\/12\/Cartucho-filtrante-para-Bedini-fase-liquida-png.webp",1000,1000,false],"woocommerce_thumbnail":["https:\/\/recambiosecogas.com\/wp-content\/uploads\/2024\/12\/Cartucho-filtrante-para-Bedini-fase-liquida-png-300x300.webp",300,300,true],"woocommerce_single":["https:\/\/recambiosecogas.com\/wp-content\/uploads\/2024\/12\/Cartucho-filtrante-para-Bedini-fase-liquida-png.webp",1000,1000,false],"woocommerce_gallery_thumbnail":["https:\/\/recambiosecogas.com\/wp-content\/uploads\/2024\/12\/Cartucho-filtrante-para-Bedini-fase-liquida-png.webp",1000,1000,false],"dgwt-wcas-product-suggestion":["https:\/\/recambiosecogas.com\/wp-content\/uploads\/2024\/12\/Cartucho-filtrante-para-Bedini-fase-liquida-png-64x64.webp",64,64,true]},"uagb_author_info":{"display_name":"Fran - Soporte T\u00e9cnico","author_link":"https:\/\/recambiosecogas.com\/pt-pt\/author\/"},"uagb_comment_info":0,"uagb_excerpt":"BEDINI","_links":{"self":[{"href":"https:\/\/recambiosecogas.com\/pt-pt\/wp-json\/wp\/v2\/product\/10584","targetHints":{"allow":["GET"]}}],"collection":[{"href":"https:\/\/recambiosecogas.com\/pt-pt\/wp-json\/wp\/v2\/product"}],"about":[{"href":"https:\/\/recambiosecogas.com\/pt-pt\/wp-json\/wp\/v2\/types\/product"}],"replies":[{"embeddable":true,"href":"https:\/\/recambiosecogas.com\/pt-pt\/wp-json\/wp\/v2\/comments?post=10584"}],"wp:featuredmedia":[{"embeddable":true,"href":"https:\/\/recambiosecogas.com\/pt-pt\/wp-json\/wp\/v2\/media\/11817"}],"wp:attachment":[{"href":"https:\/\/recambiosecogas.com\/pt-pt\/wp-json\/wp\/v2\/media?parent=10584"}],"wp:term":[{"taxonomy":"product_brand","embeddable":true,"href":"https:\/\/recambiosecogas.com\/pt-pt\/wp-json\/wp\/v2\/product_brand?post=10584"},{"taxonomy":"product_cat","embeddable":true,"href":"https:\/\/recambiosecogas.com\/pt-pt\/wp-json\/wp\/v2\/product_cat?post=10584"},{"taxonomy":"product_tag","embeddable":true,"href":"https:\/\/recambiosecogas.com\/pt-pt\/wp-json\/wp\/v2\/product_tag?post=10584"}],"curies":[{"name":"wp","href":"https:\/\/api.w.org\/{rel}","templated":true}]}}