{"id":8824,"date":"2024-12-09T10:37:03","date_gmt":"2024-12-09T10:37:03","guid":{"rendered":"https:\/\/recambiosecogas.com\/?post_type=product&#038;p=8824"},"modified":"2025-07-01T18:08:24","modified_gmt":"2025-07-01T17:08:24","slug":"inyectores-prins-glp-gnv-kn9-5-cilindros-32cc-100cc","status":"publish","type":"product","link":"https:\/\/recambiosecogas.com\/it\/producto\/inyectores-prins-glp-gnv-kn9-5-cilindros-32cc-100cc\/","title":{"rendered":"Inyector Prins Keihin KN9 GLP\/GNC \u2013 5 cilindros (32cc a 82cc)"},"content":{"rendered":"<h3 class=\"\" data-start=\"173\" data-end=\"238\">Inyector Prins Keihin KN9 GLP\/GNC \u2013 5 cilindros (32cc a 82cc)<\/h3>\n<p class=\"\" data-start=\"240\" data-end=\"696\">El inyector individual Keihin KN9 de Prins es la evoluci\u00f3n del reconocido modelo KN8, utilizado ampliamente en sistemas de inyecci\u00f3n de gas GLP y GNC. Este inyector est\u00e1 dise\u00f1ado para ofrecer la m\u00e1xima precisi\u00f3n, durabilidad y eficiencia en veh\u00edculos equipados con sistemas Prins VSI I\/II y es especialmente eficaz para motores de 5 cilindros. Se instala con facilidad y garantiza un funcionamiento silencioso y constante, incluso en condiciones exigentes.<\/p>\n<p class=\"\" data-start=\"698\" data-end=\"1114\">El Keihin KN9 se presenta en una gama de tama\u00f1os (32cc, 43cc, 52cc, 63cc, 73cc y 82cc) para adaptarse al rango de potencia por cilindro requerido por el motor. La codificaci\u00f3n por colores de los inyectores permite una identificaci\u00f3n visual sencilla y evita errores en el montaje. Este modelo cuenta con homologaci\u00f3n europea vigente, cumpliendo con las normativas m\u00e1s exigentes en sistemas de combustible alternativo.<\/p>\n<p class=\"\" data-start=\"1116\" data-end=\"1365\">Fabricado con la ingenier\u00eda de precisi\u00f3n japonesa de Keihin, el KN9 asegura un funcionamiento sin mantenimiento durante aproximadamente 150.000 km, lo que lo convierte en una opci\u00f3n ideal para actualizaciones y mantenimientos en veh\u00edculos GLP o GNC.<\/p>\n<hr class=\"\" data-start=\"1367\" data-end=\"1370\" \/>\n<p class=\"\" data-start=\"1372\" data-end=\"1400\"><strong data-start=\"1372\" data-end=\"1400\">Caracter\u00edsticas t\u00e9cnicas<\/strong><\/p>\n<div class=\"pointer-events-none relative left-[50%]! flex w-[100cqw] translate-x-[-50%] justify-center *:pointer-events-auto\">\n<div class=\"tableContainer horzScrollShadows group relative\"><button class=\"hover:bg-token-main-surface-secondary text-token-text-secondary rounded-lg px-1 py-1 opacity-0 transition-opacity duration-200 group-focus-within:opacity-100 group-hover:opacity-100\"><\/button><\/p>\n<table class=\"min-w-full\" data-start=\"1402\" data-end=\"2251\">\n<thead data-start=\"1402\" data-end=\"1504\">\n<tr data-start=\"1402\" data-end=\"1504\">\n<th data-start=\"1402\" data-end=\"1413\">Variante<\/th>\n<th data-start=\"1413\" data-end=\"1427\">Tama\u00f1o (cc)<\/th>\n<th data-start=\"1427\" data-end=\"1450\">Color identificativo<\/th>\n<th data-start=\"1450\" data-end=\"1488\">Rango de potencia estimado (KW\/cil)<\/th>\n<th data-start=\"1488\" data-end=\"1504\">Homologaci\u00f3n<\/th>\n<\/tr>\n<\/thead>\n<tbody data-start=\"1609\" data-end=\"2251\">\n<tr data-start=\"1609\" data-end=\"1726\">\n<td class=\"max-w-[calc(var(--thread-content-max-width)*2\/3)]\" data-start=\"1609\" data-end=\"1620\">32cc<\/td>\n<td class=\"max-w-[calc(var(--thread-content-max-width)*2\/3)]\" data-start=\"1620\" data-end=\"1634\">32cc<\/td>\n<td class=\"max-w-[calc(var(--thread-content-max-width)*2\/3)]\" data-start=\"1634\" data-end=\"1671\">Punto identificativo personalizado<\/td>\n<td class=\"max-w-[calc(var(--thread-content-max-width)*2\/3)]\" data-start=\"1671\" data-end=\"1708\">10 \u2013 14 KW<\/td>\n<td class=\"max-w-[calc(var(--thread-content-max-width)*2\/3)]\" data-start=\"1708\" data-end=\"1726\">E4 67R-01 0310<\/td>\n<\/tr>\n<tr data-start=\"1727\" data-end=\"1831\">\n<td class=\"max-w-[calc(var(--thread-content-max-width)*2\/3)]\" data-start=\"1727\" data-end=\"1738\">43cc<\/td>\n<td class=\"max-w-[calc(var(--thread-content-max-width)*2\/3)]\" data-start=\"1738\" data-end=\"1752\">43cc<\/td>\n<td class=\"max-w-[calc(var(--thread-content-max-width)*2\/3)]\" data-start=\"1752\" data-end=\"1775\">&#8211;<\/td>\n<td class=\"max-w-[calc(var(--thread-content-max-width)*2\/3)]\" data-start=\"1775\" data-end=\"1813\">12 \u2013 18 KW<\/td>\n<td class=\"max-w-[calc(var(--thread-content-max-width)*2\/3)]\" data-start=\"1813\" data-end=\"1831\">E4 67R-01 0310<\/td>\n<\/tr>\n<tr data-start=\"1832\" data-end=\"1936\">\n<td class=\"max-w-[calc(var(--thread-content-max-width)*2\/3)]\" data-start=\"1832\" data-end=\"1843\">52cc<\/td>\n<td class=\"max-w-[calc(var(--thread-content-max-width)*2\/3)]\" data-start=\"1843\" data-end=\"1857\">52cc<\/td>\n<td class=\"max-w-[calc(var(--thread-content-max-width)*2\/3)]\" data-start=\"1857\" data-end=\"1880\">&#8211;<\/td>\n<td class=\"max-w-[calc(var(--thread-content-max-width)*2\/3)]\" data-start=\"1880\" data-end=\"1918\">13,75 \u2013 21,50 KW<\/td>\n<td class=\"max-w-[calc(var(--thread-content-max-width)*2\/3)]\" data-start=\"1918\" data-end=\"1936\">E4 67R-01 0310<\/td>\n<\/tr>\n<tr data-start=\"1937\" data-end=\"2041\">\n<td class=\"max-w-[calc(var(--thread-content-max-width)*2\/3)]\" data-start=\"1937\" data-end=\"1948\">63cc<\/td>\n<td class=\"max-w-[calc(var(--thread-content-max-width)*2\/3)]\" data-start=\"1948\" data-end=\"1962\">63cc<\/td>\n<td class=\"max-w-[calc(var(--thread-content-max-width)*2\/3)]\" data-start=\"1962\" data-end=\"1985\">&#8211;<\/td>\n<td class=\"max-w-[calc(var(--thread-content-max-width)*2\/3)]\" data-start=\"1985\" data-end=\"2023\">16,50 \u2013 27,50 KW<\/td>\n<td class=\"max-w-[calc(var(--thread-content-max-width)*2\/3)]\" data-start=\"2023\" data-end=\"2041\">E4 67R-01 0310<\/td>\n<\/tr>\n<tr data-start=\"2042\" data-end=\"2146\">\n<td class=\"max-w-[calc(var(--thread-content-max-width)*2\/3)]\" data-start=\"2042\" data-end=\"2053\">73cc<\/td>\n<td class=\"max-w-[calc(var(--thread-content-max-width)*2\/3)]\" data-start=\"2053\" data-end=\"2067\">73cc<\/td>\n<td class=\"max-w-[calc(var(--thread-content-max-width)*2\/3)]\" data-start=\"2067\" data-end=\"2090\">&#8211;<\/td>\n<td class=\"max-w-[calc(var(--thread-content-max-width)*2\/3)]\" data-start=\"2090\" data-end=\"2128\">20,75 \u2013 32,50 KW<\/td>\n<td class=\"max-w-[calc(var(--thread-content-max-width)*2\/3)]\" data-start=\"2128\" data-end=\"2146\">E4 67R-01 0310<\/td>\n<\/tr>\n<tr data-start=\"2147\" data-end=\"2251\">\n<td class=\"max-w-[calc(var(--thread-content-max-width)*2\/3)]\" data-start=\"2147\" data-end=\"2158\">82cc<\/td>\n<td class=\"max-w-[calc(var(--thread-content-max-width)*2\/3)]\" data-start=\"2158\" data-end=\"2172\">82cc<\/td>\n<td class=\"max-w-[calc(var(--thread-content-max-width)*2\/3)]\" data-start=\"2172\" data-end=\"2195\">&#8211;<\/td>\n<td class=\"max-w-[calc(var(--thread-content-max-width)*2\/3)]\" data-start=\"2195\" data-end=\"2233\">Desde 32,5 KW<\/td>\n<td class=\"max-w-[calc(var(--thread-content-max-width)*2\/3)]\" data-start=\"2233\" data-end=\"2251\">E4 67R-01 0310<\/td>\n<\/tr>\n<\/tbody>\n<\/table>\n<\/div>\n<\/div>\n<p class=\"\" data-start=\"2253\" data-end=\"2296\"><strong data-start=\"2253\" data-end=\"2281\">Homologaci\u00f3n del carril:<\/strong> E4 67R-01 0093<\/p>\n","protected":false},"excerpt":{"rendered":"<p><strong><em>HOMOLOGACI\u00d3N<\/em><\/strong><\/p>\n<p>Carril del inyector: E4 67R-01 0093<br \/>\nInyector: E4 67R-01 0310<\/p>\n","protected":false},"featured_media":4388,"comment_status":"open","ping_status":"closed","template":"","meta":{"_uag_custom_page_level_css":""},"product_brand":[1004,1003],"product_cat":[2121,2122,2409,2124],"product_tag":[2417,2418,2420,2411,2412,2413,2419,2416,2415],"class_list":{"0":"post-8824","1":"product","2":"type-product","3":"status-publish","4":"has-post-thumbnail","6":"product_brand-keihin","7":"product_brand-prins","8":"product_cat-inyectores-menu","9":"product_cat-inyectores-rail","10":"product_cat-keihin","11":"product_cat-rail-riel-rampa-inyectora","12":"product_tag-32cc","13":"product_tag-43cc","14":"product_tag-5-cilindri","15":"product_tag-52cc","16":"product_tag-63cc","17":"product_tag-73cc","18":"product_tag-82cc","19":"product_tag-kn9","20":"product_tag-prins-vsi","22":"first","23":"onbackorder","24":"taxable","25":"shipping-taxable","26":"purchasable","27":"product-type-variable"},"ct_brands":[{"id":1004,"name":"KEIHIN","slug":"keihin"},{"id":1003,"name":"PRINS","slug":"prins"}],"yoast_head":"<!-- This site is optimized with the Yoast SEO Premium plugin v27.5 (Yoast SEO v27.6) - https:\/\/yoast.com\/product\/yoast-seo-premium-wordpress\/ -->\n<title>Inyector Prins Keihin KN9 GLP\/GNC \u2013 5 cilindros (32cc a 82cc) | Recambios EcoGas | Sistemas GLP y GNC<\/title>\n<meta name=\"description\" content=\"Inyector individual Prins KN9 GLP\/GNC para sistemas VSI I\/II. Disponible en versiones de 32cc a 82cc. Alta precisi\u00f3n y fiabilidad certificada.\" \/>\n<meta name=\"robots\" content=\"index, follow, max-snippet:-1, max-image-preview:large, max-video-preview:-1\" \/>\n<link rel=\"canonical\" href=\"https:\/\/recambiosecogas.com\/it\/producto\/inyectores-prins-glp-gnv-kn9-5-cilindros-32cc-100cc\/\" \/>\n<meta property=\"og:locale\" content=\"it_IT\" \/>\n<meta property=\"og:type\" content=\"article\" \/>\n<meta property=\"og:title\" content=\"Inyector Prins Keihin KN9 GLP\/GNC \u2013 5 cilindros (32cc a 82cc)\" \/>\n<meta property=\"og:description\" content=\"Inyector individual Prins KN9 GLP\/GNC para sistemas VSI I\/II. Disponible en versiones de 32cc a 82cc. Alta precisi\u00f3n y fiabilidad certificada.\" \/>\n<meta property=\"og:url\" content=\"https:\/\/recambiosecogas.com\/it\/producto\/inyectores-prins-glp-gnv-kn9-5-cilindros-32cc-100cc\/\" \/>\n<meta property=\"og:site_name\" content=\"Recambios EcoGas\" \/>\n<meta property=\"article:publisher\" content=\"https:\/\/www.facebook.com\/profile.php?id=100062419705358\" \/>\n<meta property=\"article:modified_time\" content=\"2025-07-01T17:08:24+00:00\" \/>\n<meta property=\"og:image\" content=\"https:\/\/recambiosecogas.com\/wp-content\/uploads\/2024\/10\/IMAGEN-NO-DISPONIBLE-png.webp\" \/>\n\t<meta property=\"og:image:width\" content=\"1000\" \/>\n\t<meta property=\"og:image:height\" content=\"1000\" \/>\n\t<meta property=\"og:image:type\" content=\"image\/png\" \/>\n<meta name=\"twitter:card\" content=\"summary_large_image\" \/>\n<meta name=\"twitter:label1\" content=\"Disponibilit\u00e0\" \/>\n\t<meta name=\"twitter:data1\" content=\"Su ordinazione\" \/>\n<script type=\"application\/ld+json\" class=\"yoast-schema-graph\">{\"@context\":\"https:\\\/\\\/schema.org\",\"@graph\":[{\"@type\":\"WebPage\",\"@id\":\"https:\\\/\\\/recambiosecogas.com\\\/it\\\/producto\\\/inyectores-prins-glp-gnv-kn9-5-cilindros-32cc-100cc\\\/\",\"url\":\"https:\\\/\\\/recambiosecogas.com\\\/it\\\/producto\\\/inyectores-prins-glp-gnv-kn9-5-cilindros-32cc-100cc\\\/\",\"name\":\"Inyector Prins Keihin KN9 GLP\\\/GNC \u2013 5 cilindros (32cc a 82cc) | Recambios EcoGas | Sistemas GLP y GNC\",\"isPartOf\":{\"@id\":\"https:\\\/\\\/recambiosecogas.com\\\/it\\\/#website\"},\"primaryImageOfPage\":{\"@id\":\"https:\\\/\\\/recambiosecogas.com\\\/it\\\/producto\\\/inyectores-prins-glp-gnv-kn9-5-cilindros-32cc-100cc\\\/#primaryimage\"},\"image\":{\"@id\":\"https:\\\/\\\/recambiosecogas.com\\\/it\\\/producto\\\/inyectores-prins-glp-gnv-kn9-5-cilindros-32cc-100cc\\\/#primaryimage\"},\"thumbnailUrl\":\"https:\\\/\\\/recambiosecogas.com\\\/wp-content\\\/uploads\\\/2024\\\/10\\\/IMAGEN-NO-DISPONIBLE-png.webp\",\"datePublished\":\"2024-12-09T10:37:03+00:00\",\"dateModified\":\"2025-07-01T17:08:24+00:00\",\"description\":\"Inyector individual Prins KN9 GLP\\\/GNC para sistemas VSI I\\\/II. Disponible en versiones de 32cc a 82cc. Alta precisi\u00f3n y fiabilidad certificada.\",\"breadcrumb\":{\"@id\":\"https:\\\/\\\/recambiosecogas.com\\\/it\\\/producto\\\/inyectores-prins-glp-gnv-kn9-5-cilindros-32cc-100cc\\\/#breadcrumb\"},\"inLanguage\":\"it-IT\",\"potentialAction\":[{\"@type\":\"ReadAction\",\"target\":[\"https:\\\/\\\/recambiosecogas.com\\\/it\\\/producto\\\/inyectores-prins-glp-gnv-kn9-5-cilindros-32cc-100cc\\\/\"]}]},{\"@type\":\"ImageObject\",\"inLanguage\":\"it-IT\",\"@id\":\"https:\\\/\\\/recambiosecogas.com\\\/it\\\/producto\\\/inyectores-prins-glp-gnv-kn9-5-cilindros-32cc-100cc\\\/#primaryimage\",\"url\":\"https:\\\/\\\/recambiosecogas.com\\\/wp-content\\\/uploads\\\/2024\\\/10\\\/IMAGEN-NO-DISPONIBLE-png.webp\",\"contentUrl\":\"https:\\\/\\\/recambiosecogas.com\\\/wp-content\\\/uploads\\\/2024\\\/10\\\/IMAGEN-NO-DISPONIBLE-png.webp\",\"width\":1000,\"height\":1000,\"caption\":\"Reductor Lovato MAJOR TURBO\"},{\"@type\":\"BreadcrumbList\",\"@id\":\"https:\\\/\\\/recambiosecogas.com\\\/it\\\/producto\\\/inyectores-prins-glp-gnv-kn9-5-cilindros-32cc-100cc\\\/#breadcrumb\",\"itemListElement\":[{\"@type\":\"ListItem\",\"position\":1,\"name\":\"Portada\",\"item\":\"https:\\\/\\\/recambiosecogas.com\\\/it\\\/\"},{\"@type\":\"ListItem\",\"position\":2,\"name\":\"Negozio\",\"item\":\"https:\\\/\\\/recambiosecogas.com\\\/it\\\/?page_id=46382\"},{\"@type\":\"ListItem\",\"position\":3,\"name\":\"Inyector Prins Keihin KN9 GLP\\\/GNC \u2013 5 cilindros (32cc a 82cc)\"}]},{\"@type\":\"WebSite\",\"@id\":\"https:\\\/\\\/recambiosecogas.com\\\/it\\\/#website\",\"url\":\"https:\\\/\\\/recambiosecogas.com\\\/it\\\/\",\"name\":\"Recambios EcoGas\",\"description\":\"Recambios Multimarca para sistemas de GLP\\\/GNC\\\/GNL\\\/Hidr\u00f3geno\",\"publisher\":{\"@id\":\"https:\\\/\\\/recambiosecogas.com\\\/it\\\/#organization\"},\"alternateName\":\"Recambios Autogas GLP\",\"potentialAction\":[{\"@type\":\"SearchAction\",\"target\":{\"@type\":\"EntryPoint\",\"urlTemplate\":\"https:\\\/\\\/recambiosecogas.com\\\/it\\\/?s={search_term_string}\"},\"query-input\":{\"@type\":\"PropertyValueSpecification\",\"valueRequired\":true,\"valueName\":\"search_term_string\"}}],\"inLanguage\":\"it-IT\"},{\"@type\":[\"Organization\",\"Place\"],\"@id\":\"https:\\\/\\\/recambiosecogas.com\\\/it\\\/#organization\",\"name\":\"Recambios EcoGas\",\"alternateName\":\"Tienda Online GLP Espa\u00f1a\",\"url\":\"https:\\\/\\\/recambiosecogas.com\\\/it\\\/\",\"logo\":{\"@id\":\"https:\\\/\\\/recambiosecogas.com\\\/it\\\/producto\\\/inyectores-prins-glp-gnv-kn9-5-cilindros-32cc-100cc\\\/#local-main-organization-logo\"},\"image\":{\"@id\":\"https:\\\/\\\/recambiosecogas.com\\\/it\\\/producto\\\/inyectores-prins-glp-gnv-kn9-5-cilindros-32cc-100cc\\\/#local-main-organization-logo\"},\"sameAs\":[\"https:\\\/\\\/www.facebook.com\\\/profile.php?id=100062419705358\",\"https:\\\/\\\/www.instagram.com\\\/segimon_automocio\"],\"description\":\"Recambios EcoGas \u2013 Venta y distribuci\u00f3n de sistemas GLP y GNC en Espa\u00f1a y Portugal. Env\u00edos 24 h, soporte t\u00e9cnico a talleres y distribuidores.\",\"hasMerchantReturnPolicy\":{\"@type\":\"MerchantReturnPolicy\",\"merchantReturnLink\":\"https:\\\/\\\/recambiosecogas.com\\\/politicas-privacidad\\\/\"},\"address\":{\"@id\":\"https:\\\/\\\/recambiosecogas.com\\\/it\\\/producto\\\/inyectores-prins-glp-gnv-kn9-5-cilindros-32cc-100cc\\\/#local-main-place-address\"},\"telephone\":[\"616250633\"],\"contactPoint\":{\"@type\":\"ContactPoint\",\"email\":\"export@recambiosecogas.com\"},\"openingHoursSpecification\":[{\"@type\":\"OpeningHoursSpecification\",\"dayOfWeek\":[\"Monday\",\"Tuesday\",\"Wednesday\",\"Thursday\",\"Friday\",\"Saturday\",\"Sunday\"],\"opens\":\"09:00\",\"closes\":\"17:00\"}],\"email\":\"info@recambiosecogas.com\",\"faxNumber\":\"SEGIMON AUTOMOCION SL\",\"vatID\":\"ESB19819861\",\"globalLocationNumber\":\"938 616 339\"},{\"@type\":\"PostalAddress\",\"@id\":\"https:\\\/\\\/recambiosecogas.com\\\/it\\\/producto\\\/inyectores-prins-glp-gnv-kn9-5-cilindros-32cc-100cc\\\/#local-main-place-address\",\"streetAddress\":\"cami antic de vic, 29 (Nave 3), Pol\u00edgono Industrial Congost\",\"addressLocality\":\"CORRO D`AVALL\",\"postalCode\":\"08520\",\"addressRegion\":\"Barcelona\",\"addressCountry\":\"ES\"},{\"@type\":\"ImageObject\",\"inLanguage\":\"it-IT\",\"@id\":\"https:\\\/\\\/recambiosecogas.com\\\/it\\\/producto\\\/inyectores-prins-glp-gnv-kn9-5-cilindros-32cc-100cc\\\/#local-main-organization-logo\",\"url\":\"https:\\\/\\\/recambiosecogas.com\\\/wp-content\\\/uploads\\\/2024\\\/11\\\/cropped-RECAMBIOS-GLP-png.webp\",\"contentUrl\":\"https:\\\/\\\/recambiosecogas.com\\\/wp-content\\\/uploads\\\/2024\\\/11\\\/cropped-RECAMBIOS-GLP-png.webp\",\"width\":512,\"height\":512,\"caption\":\"Recambios EcoGas\"}]}<\/script>\n<meta property=\"product:brand\" content=\"KEIHIN\" \/>\n<meta property=\"og:availability\" content=\"backorder\" \/>\n<meta property=\"product:availability\" content=\"available for order\" \/>\n<meta property=\"product:retailer_item_id\" content=\"108987\" \/>\n<meta property=\"product:condition\" content=\"new\" \/>\n<meta name=\"geo.placename\" content=\"CORRO D`AVALL\" \/>\n<meta name=\"geo.region\" content=\"Spagna\" \/>\n<!-- \/ Yoast SEO Premium plugin. -->","yoast_head_json":{"title":"Inyector Prins Keihin KN9 GLP\/GNC \u2013 5 cilindros (32cc a 82cc) | Recambios EcoGas | Sistemas GLP y GNC","description":"Inyector individual Prins KN9 GLP\/GNC para sistemas VSI I\/II. Disponible en versiones de 32cc a 82cc. Alta precisi\u00f3n y fiabilidad certificada.","robots":{"index":"index","follow":"follow","max-snippet":"max-snippet:-1","max-image-preview":"max-image-preview:large","max-video-preview":"max-video-preview:-1"},"canonical":"https:\/\/recambiosecogas.com\/it\/producto\/inyectores-prins-glp-gnv-kn9-5-cilindros-32cc-100cc\/","og_locale":"it_IT","og_type":"article","og_title":"Inyector Prins Keihin KN9 GLP\/GNC \u2013 5 cilindros (32cc a 82cc)","og_description":"Inyector individual Prins KN9 GLP\/GNC para sistemas VSI I\/II. Disponible en versiones de 32cc a 82cc. Alta precisi\u00f3n y fiabilidad certificada.","og_url":"https:\/\/recambiosecogas.com\/it\/producto\/inyectores-prins-glp-gnv-kn9-5-cilindros-32cc-100cc\/","og_site_name":"Recambios EcoGas","article_publisher":"https:\/\/www.facebook.com\/profile.php?id=100062419705358","article_modified_time":"2025-07-01T17:08:24+00:00","og_image":[{"width":1000,"height":1000,"url":"https:\/\/recambiosecogas.com\/wp-content\/uploads\/2024\/10\/IMAGEN-NO-DISPONIBLE-png.webp","type":"image\/png"}],"twitter_card":"summary_large_image","twitter_misc":{"Disponibilit\u00e0":"Su ordinazione"},"schema":{"@context":"https:\/\/schema.org","@graph":[{"@type":"WebPage","@id":"https:\/\/recambiosecogas.com\/it\/producto\/inyectores-prins-glp-gnv-kn9-5-cilindros-32cc-100cc\/","url":"https:\/\/recambiosecogas.com\/it\/producto\/inyectores-prins-glp-gnv-kn9-5-cilindros-32cc-100cc\/","name":"Inyector Prins Keihin KN9 GLP\/GNC \u2013 5 cilindros (32cc a 82cc) | Recambios EcoGas | Sistemas GLP y GNC","isPartOf":{"@id":"https:\/\/recambiosecogas.com\/it\/#website"},"primaryImageOfPage":{"@id":"https:\/\/recambiosecogas.com\/it\/producto\/inyectores-prins-glp-gnv-kn9-5-cilindros-32cc-100cc\/#primaryimage"},"image":{"@id":"https:\/\/recambiosecogas.com\/it\/producto\/inyectores-prins-glp-gnv-kn9-5-cilindros-32cc-100cc\/#primaryimage"},"thumbnailUrl":"https:\/\/recambiosecogas.com\/wp-content\/uploads\/2024\/10\/IMAGEN-NO-DISPONIBLE-png.webp","datePublished":"2024-12-09T10:37:03+00:00","dateModified":"2025-07-01T17:08:24+00:00","description":"Inyector individual Prins KN9 GLP\/GNC para sistemas VSI I\/II. Disponible en versiones de 32cc a 82cc. Alta precisi\u00f3n y fiabilidad certificada.","breadcrumb":{"@id":"https:\/\/recambiosecogas.com\/it\/producto\/inyectores-prins-glp-gnv-kn9-5-cilindros-32cc-100cc\/#breadcrumb"},"inLanguage":"it-IT","potentialAction":[{"@type":"ReadAction","target":["https:\/\/recambiosecogas.com\/it\/producto\/inyectores-prins-glp-gnv-kn9-5-cilindros-32cc-100cc\/"]}]},{"@type":"ImageObject","inLanguage":"it-IT","@id":"https:\/\/recambiosecogas.com\/it\/producto\/inyectores-prins-glp-gnv-kn9-5-cilindros-32cc-100cc\/#primaryimage","url":"https:\/\/recambiosecogas.com\/wp-content\/uploads\/2024\/10\/IMAGEN-NO-DISPONIBLE-png.webp","contentUrl":"https:\/\/recambiosecogas.com\/wp-content\/uploads\/2024\/10\/IMAGEN-NO-DISPONIBLE-png.webp","width":1000,"height":1000,"caption":"Reductor Lovato MAJOR TURBO"},{"@type":"BreadcrumbList","@id":"https:\/\/recambiosecogas.com\/it\/producto\/inyectores-prins-glp-gnv-kn9-5-cilindros-32cc-100cc\/#breadcrumb","itemListElement":[{"@type":"ListItem","position":1,"name":"Portada","item":"https:\/\/recambiosecogas.com\/it\/"},{"@type":"ListItem","position":2,"name":"Negozio","item":"https:\/\/recambiosecogas.com\/it\/?page_id=46382"},{"@type":"ListItem","position":3,"name":"Inyector Prins Keihin KN9 GLP\/GNC \u2013 5 cilindros (32cc a 82cc)"}]},{"@type":"WebSite","@id":"https:\/\/recambiosecogas.com\/it\/#website","url":"https:\/\/recambiosecogas.com\/it\/","name":"Recambios EcoGas","description":"Recambios Multimarca para sistemas de GLP\/GNC\/GNL\/Hidr\u00f3geno","publisher":{"@id":"https:\/\/recambiosecogas.com\/it\/#organization"},"alternateName":"Recambios Autogas GLP","potentialAction":[{"@type":"SearchAction","target":{"@type":"EntryPoint","urlTemplate":"https:\/\/recambiosecogas.com\/it\/?s={search_term_string}"},"query-input":{"@type":"PropertyValueSpecification","valueRequired":true,"valueName":"search_term_string"}}],"inLanguage":"it-IT"},{"@type":["Organization","Place"],"@id":"https:\/\/recambiosecogas.com\/it\/#organization","name":"Recambios EcoGas","alternateName":"Tienda Online GLP Espa\u00f1a","url":"https:\/\/recambiosecogas.com\/it\/","logo":{"@id":"https:\/\/recambiosecogas.com\/it\/producto\/inyectores-prins-glp-gnv-kn9-5-cilindros-32cc-100cc\/#local-main-organization-logo"},"image":{"@id":"https:\/\/recambiosecogas.com\/it\/producto\/inyectores-prins-glp-gnv-kn9-5-cilindros-32cc-100cc\/#local-main-organization-logo"},"sameAs":["https:\/\/www.facebook.com\/profile.php?id=100062419705358","https:\/\/www.instagram.com\/segimon_automocio"],"description":"Recambios EcoGas \u2013 Venta y distribuci\u00f3n de sistemas GLP y GNC en Espa\u00f1a y Portugal. Env\u00edos 24 h, soporte t\u00e9cnico a talleres y distribuidores.","hasMerchantReturnPolicy":{"@type":"MerchantReturnPolicy","merchantReturnLink":"https:\/\/recambiosecogas.com\/politicas-privacidad\/"},"address":{"@id":"https:\/\/recambiosecogas.com\/it\/producto\/inyectores-prins-glp-gnv-kn9-5-cilindros-32cc-100cc\/#local-main-place-address"},"telephone":["616250633"],"contactPoint":{"@type":"ContactPoint","email":"export@recambiosecogas.com"},"openingHoursSpecification":[{"@type":"OpeningHoursSpecification","dayOfWeek":["Monday","Tuesday","Wednesday","Thursday","Friday","Saturday","Sunday"],"opens":"09:00","closes":"17:00"}],"email":"info@recambiosecogas.com","faxNumber":"SEGIMON AUTOMOCION SL","vatID":"ESB19819861","globalLocationNumber":"938 616 339"},{"@type":"PostalAddress","@id":"https:\/\/recambiosecogas.com\/it\/producto\/inyectores-prins-glp-gnv-kn9-5-cilindros-32cc-100cc\/#local-main-place-address","streetAddress":"cami antic de vic, 29 (Nave 3), Pol\u00edgono Industrial Congost","addressLocality":"CORRO D`AVALL","postalCode":"08520","addressRegion":"Barcelona","addressCountry":"ES"},{"@type":"ImageObject","inLanguage":"it-IT","@id":"https:\/\/recambiosecogas.com\/it\/producto\/inyectores-prins-glp-gnv-kn9-5-cilindros-32cc-100cc\/#local-main-organization-logo","url":"https:\/\/recambiosecogas.com\/wp-content\/uploads\/2024\/11\/cropped-RECAMBIOS-GLP-png.webp","contentUrl":"https:\/\/recambiosecogas.com\/wp-content\/uploads\/2024\/11\/cropped-RECAMBIOS-GLP-png.webp","width":512,"height":512,"caption":"Recambios EcoGas"}]},"product_brand":"KEIHIN","og_availability":"backorder","product_availability":"available for order","product_retailer_item_id":"108987","product_condition":"new","geo.placename":"CORRO D`AVALL","geo.region":"Spagna"},"uagb_featured_image_src":{"full":["https:\/\/recambiosecogas.com\/wp-content\/uploads\/2024\/10\/IMAGEN-NO-DISPONIBLE-png.webp",1000,1000,false],"thumbnail":["https:\/\/recambiosecogas.com\/wp-content\/uploads\/2024\/10\/IMAGEN-NO-DISPONIBLE-png-150x150.webp",150,150,true],"medium":["https:\/\/recambiosecogas.com\/wp-content\/uploads\/2024\/10\/IMAGEN-NO-DISPONIBLE-300x300.png",300,300,true],"medium_large":["https:\/\/recambiosecogas.com\/wp-content\/uploads\/2024\/10\/IMAGEN-NO-DISPONIBLE-png-768x768.webp",768,768,true],"large":["https:\/\/recambiosecogas.com\/wp-content\/uploads\/2024\/10\/IMAGEN-NO-DISPONIBLE-png.webp",1000,1000,false],"1536x1536":["https:\/\/recambiosecogas.com\/wp-content\/uploads\/2024\/10\/IMAGEN-NO-DISPONIBLE-png.webp",1000,1000,false],"2048x2048":["https:\/\/recambiosecogas.com\/wp-content\/uploads\/2024\/10\/IMAGEN-NO-DISPONIBLE-png.webp",1000,1000,false],"woocommerce_archive_thumbnail":["https:\/\/recambiosecogas.com\/wp-content\/uploads\/2024\/10\/IMAGEN-NO-DISPONIBLE-png.webp",1000,1000,false],"woocommerce_thumbnail":["https:\/\/recambiosecogas.com\/wp-content\/uploads\/2024\/10\/IMAGEN-NO-DISPONIBLE-png-300x300.webp",300,300,true],"woocommerce_single":["https:\/\/recambiosecogas.com\/wp-content\/uploads\/2024\/10\/IMAGEN-NO-DISPONIBLE-png.webp",1000,1000,false],"woocommerce_gallery_thumbnail":["https:\/\/recambiosecogas.com\/wp-content\/uploads\/2024\/10\/IMAGEN-NO-DISPONIBLE-png.webp",1000,1000,false],"dgwt-wcas-product-suggestion":["https:\/\/recambiosecogas.com\/wp-content\/uploads\/2024\/10\/IMAGEN-NO-DISPONIBLE-png-64x64.webp",64,64,true]},"uagb_author_info":{"display_name":"Fran - Soporte T\u00e9cnico","author_link":"https:\/\/recambiosecogas.com\/it\/author\/"},"uagb_comment_info":0,"uagb_excerpt":"HOMOLOGACI\u00d3N Carril del inyector: E4 67R-01 0093 Inyector: E4 67R-01 0310","_links":{"self":[{"href":"https:\/\/recambiosecogas.com\/it\/wp-json\/wp\/v2\/product\/8824","targetHints":{"allow":["GET"]}}],"collection":[{"href":"https:\/\/recambiosecogas.com\/it\/wp-json\/wp\/v2\/product"}],"about":[{"href":"https:\/\/recambiosecogas.com\/it\/wp-json\/wp\/v2\/types\/product"}],"replies":[{"embeddable":true,"href":"https:\/\/recambiosecogas.com\/it\/wp-json\/wp\/v2\/comments?post=8824"}],"wp:featuredmedia":[{"embeddable":true,"href":"https:\/\/recambiosecogas.com\/it\/wp-json\/wp\/v2\/media\/4388"}],"wp:attachment":[{"href":"https:\/\/recambiosecogas.com\/it\/wp-json\/wp\/v2\/media?parent=8824"}],"wp:term":[{"taxonomy":"product_brand","embeddable":true,"href":"https:\/\/recambiosecogas.com\/it\/wp-json\/wp\/v2\/product_brand?post=8824"},{"taxonomy":"product_cat","embeddable":true,"href":"https:\/\/recambiosecogas.com\/it\/wp-json\/wp\/v2\/product_cat?post=8824"},{"taxonomy":"product_tag","embeddable":true,"href":"https:\/\/recambiosecogas.com\/it\/wp-json\/wp\/v2\/product_tag?post=8824"}],"curies":[{"name":"wp","href":"https:\/\/api.w.org\/{rel}","templated":true}]}}