{"id":8223,"date":"2024-12-03T19:05:39","date_gmt":"2024-12-03T18:05:39","guid":{"rendered":"https:\/\/recambiosecogas.com\/producto\/tapon-de-recambio-para-la-valvula-de-llenado-de-la-luz-del-glp-blanco\/"},"modified":"2026-04-20T10:21:33","modified_gmt":"2026-04-20T09:21:33","slug":"tapon-de-recambio-para-la-valvula-de-llenado-de-la-luz-del-glp-blanco","status":"publish","type":"product","link":"https:\/\/recambiosecogas.com\/it\/producto\/tapon-de-recambio-para-la-valvula-de-llenado-de-la-luz-del-glp-blanco\/","title":{"rendered":"Tap\u00f3n de recambio para la v\u00e1lvula de llenado de la luz del GLP &#8211; blanco"},"content":{"rendered":"<p>DREHMEISTER<\/p>\n<p>Esta tapa de repuesto de alta calidad est\u00e1 especialmente dise\u00f1ada para las boquillas de los dep\u00f3sitos GLP de HK Flach. Fabricado en pl\u00e1stico robusto de color negro, proporciona una tapa duradera y fiable para la v\u00e1lvula de su dep\u00f3sito.<\/p>\n<p><strong>Datos t\u00e9cnicos:<\/strong><\/p>\n<ul>\n<li><strong>Material:<\/strong>\u00a0Pl\u00e1stico<\/li>\n<li><strong>Color:<\/strong>\u00a0Blanco<\/li>\n<li><strong>Dimensiones:<\/strong>\u00a050 x 50 mm<\/li>\n<li><strong>Agujeros:<\/strong>\u00a04 x 5 mm<\/li>\n<li><strong>Agujero interior:<\/strong>\u00a030 mm<\/li>\n<\/ul>\n<p>La tapa abatible garantiza que el tap\u00f3n no se pierda al repostar. Sirve como cubierta protectora contra la suciedad, el polvo y otras influencias externas para mantener limpia la v\u00e1lvula del dep\u00f3sito GLP de HK Flach.<\/p>\n","protected":false},"excerpt":{"rendered":"<p>Tap\u00f3n de recambio para la v\u00e1lvula de llenado de GLP, fabricado en pl\u00e1stico blanco. Ideal para mantener la v\u00e1lvula limpia y protegida.<\/p>\n","protected":false},"featured_media":9644,"comment_status":"open","ping_status":"closed","template":"","meta":{"_uag_custom_page_level_css":""},"product_brand":[611],"product_cat":[124,332],"product_tag":[],"class_list":{"0":"post-8223","1":"product","2":"type-product","3":"status-publish","4":"has-post-thumbnail","6":"product_brand-drehmeister","7":"product_cat-drehmeister","8":"product_cat-tapas-de-deposito","10":"first","11":"instock","12":"taxable","13":"shipping-taxable","14":"purchasable","15":"product-type-simple"},"ct_brands":[{"id":611,"name":"DREHMEISTER","slug":"drehmeister"}],"yoast_head":"<!-- This site is optimized with the Yoast SEO Premium plugin v27.5 (Yoast SEO v27.6) - https:\/\/yoast.com\/product\/yoast-seo-premium-wordpress\/ -->\n<title>Tap\u00f3n Recambio V\u00e1lvula Llenado GLP Blanco | Recambios Ecogas<\/title>\n<meta name=\"description\" content=\"Tap\u00f3n de recambio para la v\u00e1lvula de llenado de GLP, fabricado en pl\u00e1stico blanco. Ideal para mantener la v\u00e1lvula limpia y protegida.\" \/>\n<meta name=\"robots\" content=\"index, follow, max-snippet:-1, max-image-preview:large, max-video-preview:-1\" \/>\n<link rel=\"canonical\" href=\"https:\/\/recambiosecogas.com\/it\/producto\/tapon-de-recambio-para-la-valvula-de-llenado-de-la-luz-del-glp-blanco\/\" \/>\n<meta property=\"og:locale\" content=\"it_IT\" \/>\n<meta property=\"og:type\" content=\"article\" \/>\n<meta property=\"og:title\" content=\"Tap\u00f3n de recambio para la v\u00e1lvula de llenado de la luz del GLP - blanco\" \/>\n<meta property=\"og:description\" content=\"Tap\u00f3n de recambio para la v\u00e1lvula de llenado de GLP, fabricado en pl\u00e1stico blanco. Ideal para mantener la v\u00e1lvula limpia y protegida.\" \/>\n<meta property=\"og:url\" content=\"https:\/\/recambiosecogas.com\/it\/producto\/tapon-de-recambio-para-la-valvula-de-llenado-de-la-luz-del-glp-blanco\/\" \/>\n<meta property=\"og:site_name\" content=\"Recambios EcoGas\" \/>\n<meta property=\"article:publisher\" content=\"https:\/\/www.facebook.com\/profile.php?id=100062419705358\" \/>\n<meta property=\"article:modified_time\" content=\"2026-04-20T09:21:33+00:00\" \/>\n<meta property=\"og:image\" content=\"https:\/\/recambiosecogas.com\/wp-content\/uploads\/2024\/12\/Tapon-de-recambio-para-la-valvula-de-llenado-de-la-luz-del-GLP-blanco-png.webp\" \/>\n\t<meta property=\"og:image:width\" content=\"1000\" \/>\n\t<meta property=\"og:image:height\" content=\"1000\" \/>\n\t<meta property=\"og:image:type\" content=\"image\/png\" \/>\n<meta name=\"twitter:card\" content=\"summary_large_image\" \/>\n<meta name=\"twitter:label1\" content=\"Prezzo\" \/>\n\t<meta name=\"twitter:data1\" content=\"5,20&nbsp;&euro; (Sin IVA: 4,30&nbsp;&euro;)\" \/>\n\t<meta name=\"twitter:label2\" content=\"Disponibilit\u00e0\" \/>\n\t<meta name=\"twitter:data2\" content=\"In stock\" \/>\n<script type=\"application\/ld+json\" class=\"yoast-schema-graph\">{\"@context\":\"https:\\\/\\\/schema.org\",\"@graph\":[{\"@type\":\"WebPage\",\"@id\":\"https:\\\/\\\/recambiosecogas.com\\\/it\\\/producto\\\/tapon-de-recambio-para-la-valvula-de-llenado-de-la-luz-del-glp-blanco\\\/\",\"url\":\"https:\\\/\\\/recambiosecogas.com\\\/it\\\/producto\\\/tapon-de-recambio-para-la-valvula-de-llenado-de-la-luz-del-glp-blanco\\\/\",\"name\":\"Tap\u00f3n Recambio V\u00e1lvula Llenado GLP Blanco | Recambios Ecogas\",\"isPartOf\":{\"@id\":\"https:\\\/\\\/recambiosecogas.com\\\/it\\\/#website\"},\"primaryImageOfPage\":{\"@id\":\"https:\\\/\\\/recambiosecogas.com\\\/it\\\/producto\\\/tapon-de-recambio-para-la-valvula-de-llenado-de-la-luz-del-glp-blanco\\\/#primaryimage\"},\"image\":{\"@id\":\"https:\\\/\\\/recambiosecogas.com\\\/it\\\/producto\\\/tapon-de-recambio-para-la-valvula-de-llenado-de-la-luz-del-glp-blanco\\\/#primaryimage\"},\"thumbnailUrl\":\"https:\\\/\\\/recambiosecogas.com\\\/wp-content\\\/uploads\\\/2024\\\/12\\\/Tapon-de-recambio-para-la-valvula-de-llenado-de-la-luz-del-GLP-blanco-png.webp\",\"datePublished\":\"2024-12-03T18:05:39+00:00\",\"dateModified\":\"2026-04-20T09:21:33+00:00\",\"description\":\"Tap\u00f3n de recambio para la v\u00e1lvula de llenado de GLP, fabricado en pl\u00e1stico blanco. Ideal para mantener la v\u00e1lvula limpia y protegida.\",\"breadcrumb\":{\"@id\":\"https:\\\/\\\/recambiosecogas.com\\\/it\\\/producto\\\/tapon-de-recambio-para-la-valvula-de-llenado-de-la-luz-del-glp-blanco\\\/#breadcrumb\"},\"inLanguage\":\"it-IT\",\"potentialAction\":[{\"@type\":\"ReadAction\",\"target\":[\"https:\\\/\\\/recambiosecogas.com\\\/it\\\/producto\\\/tapon-de-recambio-para-la-valvula-de-llenado-de-la-luz-del-glp-blanco\\\/\"]}]},{\"@type\":\"ImageObject\",\"inLanguage\":\"it-IT\",\"@id\":\"https:\\\/\\\/recambiosecogas.com\\\/it\\\/producto\\\/tapon-de-recambio-para-la-valvula-de-llenado-de-la-luz-del-glp-blanco\\\/#primaryimage\",\"url\":\"https:\\\/\\\/recambiosecogas.com\\\/wp-content\\\/uploads\\\/2024\\\/12\\\/Tapon-de-recambio-para-la-valvula-de-llenado-de-la-luz-del-GLP-blanco-png.webp\",\"contentUrl\":\"https:\\\/\\\/recambiosecogas.com\\\/wp-content\\\/uploads\\\/2024\\\/12\\\/Tapon-de-recambio-para-la-valvula-de-llenado-de-la-luz-del-GLP-blanco-png.webp\",\"width\":1000,\"height\":1000},{\"@type\":\"BreadcrumbList\",\"@id\":\"https:\\\/\\\/recambiosecogas.com\\\/it\\\/producto\\\/tapon-de-recambio-para-la-valvula-de-llenado-de-la-luz-del-glp-blanco\\\/#breadcrumb\",\"itemListElement\":[{\"@type\":\"ListItem\",\"position\":1,\"name\":\"Portada\",\"item\":\"https:\\\/\\\/recambiosecogas.com\\\/it\\\/\"},{\"@type\":\"ListItem\",\"position\":2,\"name\":\"Negozio\",\"item\":\"https:\\\/\\\/recambiosecogas.com\\\/it\\\/?page_id=46382\"},{\"@type\":\"ListItem\",\"position\":3,\"name\":\"Tap\u00f3n de recambio para la v\u00e1lvula de llenado de la luz del GLP &#8211; blanco\"}]},{\"@type\":\"WebSite\",\"@id\":\"https:\\\/\\\/recambiosecogas.com\\\/it\\\/#website\",\"url\":\"https:\\\/\\\/recambiosecogas.com\\\/it\\\/\",\"name\":\"Recambios EcoGas\",\"description\":\"Recambios Multimarca para sistemas de GLP\\\/GNC\\\/GNL\\\/Hidr\u00f3geno\",\"publisher\":{\"@id\":\"https:\\\/\\\/recambiosecogas.com\\\/it\\\/#organization\"},\"alternateName\":\"Recambios Autogas GLP\",\"potentialAction\":[{\"@type\":\"SearchAction\",\"target\":{\"@type\":\"EntryPoint\",\"urlTemplate\":\"https:\\\/\\\/recambiosecogas.com\\\/it\\\/?s={search_term_string}\"},\"query-input\":{\"@type\":\"PropertyValueSpecification\",\"valueRequired\":true,\"valueName\":\"search_term_string\"}}],\"inLanguage\":\"it-IT\"},{\"@type\":[\"Organization\",\"Place\"],\"@id\":\"https:\\\/\\\/recambiosecogas.com\\\/it\\\/#organization\",\"name\":\"Recambios EcoGas\",\"alternateName\":\"Tienda Online GLP Espa\u00f1a\",\"url\":\"https:\\\/\\\/recambiosecogas.com\\\/it\\\/\",\"logo\":{\"@id\":\"https:\\\/\\\/recambiosecogas.com\\\/it\\\/producto\\\/tapon-de-recambio-para-la-valvula-de-llenado-de-la-luz-del-glp-blanco\\\/#local-main-organization-logo\"},\"image\":{\"@id\":\"https:\\\/\\\/recambiosecogas.com\\\/it\\\/producto\\\/tapon-de-recambio-para-la-valvula-de-llenado-de-la-luz-del-glp-blanco\\\/#local-main-organization-logo\"},\"sameAs\":[\"https:\\\/\\\/www.facebook.com\\\/profile.php?id=100062419705358\",\"https:\\\/\\\/www.instagram.com\\\/segimon_automocio\"],\"description\":\"Recambios EcoGas \u2013 Venta y distribuci\u00f3n de sistemas GLP y GNC en Espa\u00f1a y Portugal. Env\u00edos 24 h, soporte t\u00e9cnico a talleres y distribuidores.\",\"hasMerchantReturnPolicy\":{\"@type\":\"MerchantReturnPolicy\",\"merchantReturnLink\":\"https:\\\/\\\/recambiosecogas.com\\\/politicas-privacidad\\\/\"},\"address\":{\"@id\":\"https:\\\/\\\/recambiosecogas.com\\\/it\\\/producto\\\/tapon-de-recambio-para-la-valvula-de-llenado-de-la-luz-del-glp-blanco\\\/#local-main-place-address\"},\"telephone\":[\"616250633\"],\"contactPoint\":{\"@type\":\"ContactPoint\",\"email\":\"export@recambiosecogas.com\"},\"openingHoursSpecification\":[{\"@type\":\"OpeningHoursSpecification\",\"dayOfWeek\":[\"Monday\",\"Tuesday\",\"Wednesday\",\"Thursday\",\"Friday\",\"Saturday\",\"Sunday\"],\"opens\":\"09:00\",\"closes\":\"17:00\"}],\"email\":\"info@recambiosecogas.com\",\"faxNumber\":\"SEGIMON AUTOMOCION SL\",\"vatID\":\"ESB19819861\",\"globalLocationNumber\":\"938 616 339\"},{\"@type\":\"PostalAddress\",\"@id\":\"https:\\\/\\\/recambiosecogas.com\\\/it\\\/producto\\\/tapon-de-recambio-para-la-valvula-de-llenado-de-la-luz-del-glp-blanco\\\/#local-main-place-address\",\"streetAddress\":\"cami antic de vic, 29 (Nave 3), Pol\u00edgono Industrial Congost\",\"addressLocality\":\"CORRO D`AVALL\",\"postalCode\":\"08520\",\"addressRegion\":\"Barcelona\",\"addressCountry\":\"ES\"},{\"@type\":\"ImageObject\",\"inLanguage\":\"it-IT\",\"@id\":\"https:\\\/\\\/recambiosecogas.com\\\/it\\\/producto\\\/tapon-de-recambio-para-la-valvula-de-llenado-de-la-luz-del-glp-blanco\\\/#local-main-organization-logo\",\"url\":\"https:\\\/\\\/recambiosecogas.com\\\/wp-content\\\/uploads\\\/2024\\\/11\\\/cropped-RECAMBIOS-GLP-png.webp\",\"contentUrl\":\"https:\\\/\\\/recambiosecogas.com\\\/wp-content\\\/uploads\\\/2024\\\/11\\\/cropped-RECAMBIOS-GLP-png.webp\",\"width\":512,\"height\":512,\"caption\":\"Recambios EcoGas\"}]}<\/script>\n<meta property=\"product:brand\" content=\"DREHMEISTER\" \/>\n<meta property=\"product:price:amount\" content=\"5.20\" \/>\n<meta property=\"product:price:currency\" content=\"EUR\" \/>\n<meta property=\"og:availability\" content=\"instock\" \/>\n<meta property=\"product:availability\" content=\"instock\" \/>\n<meta property=\"product:retailer_item_id\" content=\"112648\" \/>\n<meta property=\"product:condition\" content=\"new\" \/>\n<meta name=\"geo.placename\" content=\"CORRO D`AVALL\" \/>\n<meta name=\"geo.region\" content=\"Spagna\" \/>\n<!-- \/ Yoast SEO Premium plugin. -->","yoast_head_json":{"title":"Tap\u00f3n Recambio V\u00e1lvula Llenado GLP Blanco | Recambios Ecogas","description":"Tap\u00f3n de recambio para la v\u00e1lvula de llenado de GLP, fabricado en pl\u00e1stico blanco. Ideal para mantener la v\u00e1lvula limpia y protegida.","robots":{"index":"index","follow":"follow","max-snippet":"max-snippet:-1","max-image-preview":"max-image-preview:large","max-video-preview":"max-video-preview:-1"},"canonical":"https:\/\/recambiosecogas.com\/it\/producto\/tapon-de-recambio-para-la-valvula-de-llenado-de-la-luz-del-glp-blanco\/","og_locale":"it_IT","og_type":"article","og_title":"Tap\u00f3n de recambio para la v\u00e1lvula de llenado de la luz del GLP - blanco","og_description":"Tap\u00f3n de recambio para la v\u00e1lvula de llenado de GLP, fabricado en pl\u00e1stico blanco. Ideal para mantener la v\u00e1lvula limpia y protegida.","og_url":"https:\/\/recambiosecogas.com\/it\/producto\/tapon-de-recambio-para-la-valvula-de-llenado-de-la-luz-del-glp-blanco\/","og_site_name":"Recambios EcoGas","article_publisher":"https:\/\/www.facebook.com\/profile.php?id=100062419705358","article_modified_time":"2026-04-20T09:21:33+00:00","og_image":[{"width":1000,"height":1000,"url":"https:\/\/recambiosecogas.com\/wp-content\/uploads\/2024\/12\/Tapon-de-recambio-para-la-valvula-de-llenado-de-la-luz-del-GLP-blanco-png.webp","type":"image\/png"}],"twitter_card":"summary_large_image","twitter_misc":{"Prezzo":"5,20&nbsp;&euro; (Sin IVA: 4,30&nbsp;&euro;)","Disponibilit\u00e0":"In stock"},"schema":{"@context":"https:\/\/schema.org","@graph":[{"@type":"WebPage","@id":"https:\/\/recambiosecogas.com\/it\/producto\/tapon-de-recambio-para-la-valvula-de-llenado-de-la-luz-del-glp-blanco\/","url":"https:\/\/recambiosecogas.com\/it\/producto\/tapon-de-recambio-para-la-valvula-de-llenado-de-la-luz-del-glp-blanco\/","name":"Tap\u00f3n Recambio V\u00e1lvula Llenado GLP Blanco | Recambios Ecogas","isPartOf":{"@id":"https:\/\/recambiosecogas.com\/it\/#website"},"primaryImageOfPage":{"@id":"https:\/\/recambiosecogas.com\/it\/producto\/tapon-de-recambio-para-la-valvula-de-llenado-de-la-luz-del-glp-blanco\/#primaryimage"},"image":{"@id":"https:\/\/recambiosecogas.com\/it\/producto\/tapon-de-recambio-para-la-valvula-de-llenado-de-la-luz-del-glp-blanco\/#primaryimage"},"thumbnailUrl":"https:\/\/recambiosecogas.com\/wp-content\/uploads\/2024\/12\/Tapon-de-recambio-para-la-valvula-de-llenado-de-la-luz-del-GLP-blanco-png.webp","datePublished":"2024-12-03T18:05:39+00:00","dateModified":"2026-04-20T09:21:33+00:00","description":"Tap\u00f3n de recambio para la v\u00e1lvula de llenado de GLP, fabricado en pl\u00e1stico blanco. Ideal para mantener la v\u00e1lvula limpia y protegida.","breadcrumb":{"@id":"https:\/\/recambiosecogas.com\/it\/producto\/tapon-de-recambio-para-la-valvula-de-llenado-de-la-luz-del-glp-blanco\/#breadcrumb"},"inLanguage":"it-IT","potentialAction":[{"@type":"ReadAction","target":["https:\/\/recambiosecogas.com\/it\/producto\/tapon-de-recambio-para-la-valvula-de-llenado-de-la-luz-del-glp-blanco\/"]}]},{"@type":"ImageObject","inLanguage":"it-IT","@id":"https:\/\/recambiosecogas.com\/it\/producto\/tapon-de-recambio-para-la-valvula-de-llenado-de-la-luz-del-glp-blanco\/#primaryimage","url":"https:\/\/recambiosecogas.com\/wp-content\/uploads\/2024\/12\/Tapon-de-recambio-para-la-valvula-de-llenado-de-la-luz-del-GLP-blanco-png.webp","contentUrl":"https:\/\/recambiosecogas.com\/wp-content\/uploads\/2024\/12\/Tapon-de-recambio-para-la-valvula-de-llenado-de-la-luz-del-GLP-blanco-png.webp","width":1000,"height":1000},{"@type":"BreadcrumbList","@id":"https:\/\/recambiosecogas.com\/it\/producto\/tapon-de-recambio-para-la-valvula-de-llenado-de-la-luz-del-glp-blanco\/#breadcrumb","itemListElement":[{"@type":"ListItem","position":1,"name":"Portada","item":"https:\/\/recambiosecogas.com\/it\/"},{"@type":"ListItem","position":2,"name":"Negozio","item":"https:\/\/recambiosecogas.com\/it\/?page_id=46382"},{"@type":"ListItem","position":3,"name":"Tap\u00f3n de recambio para la v\u00e1lvula de llenado de la luz del GLP &#8211; blanco"}]},{"@type":"WebSite","@id":"https:\/\/recambiosecogas.com\/it\/#website","url":"https:\/\/recambiosecogas.com\/it\/","name":"Recambios EcoGas","description":"Recambios Multimarca para sistemas de GLP\/GNC\/GNL\/Hidr\u00f3geno","publisher":{"@id":"https:\/\/recambiosecogas.com\/it\/#organization"},"alternateName":"Recambios Autogas GLP","potentialAction":[{"@type":"SearchAction","target":{"@type":"EntryPoint","urlTemplate":"https:\/\/recambiosecogas.com\/it\/?s={search_term_string}"},"query-input":{"@type":"PropertyValueSpecification","valueRequired":true,"valueName":"search_term_string"}}],"inLanguage":"it-IT"},{"@type":["Organization","Place"],"@id":"https:\/\/recambiosecogas.com\/it\/#organization","name":"Recambios EcoGas","alternateName":"Tienda Online GLP Espa\u00f1a","url":"https:\/\/recambiosecogas.com\/it\/","logo":{"@id":"https:\/\/recambiosecogas.com\/it\/producto\/tapon-de-recambio-para-la-valvula-de-llenado-de-la-luz-del-glp-blanco\/#local-main-organization-logo"},"image":{"@id":"https:\/\/recambiosecogas.com\/it\/producto\/tapon-de-recambio-para-la-valvula-de-llenado-de-la-luz-del-glp-blanco\/#local-main-organization-logo"},"sameAs":["https:\/\/www.facebook.com\/profile.php?id=100062419705358","https:\/\/www.instagram.com\/segimon_automocio"],"description":"Recambios EcoGas \u2013 Venta y distribuci\u00f3n de sistemas GLP y GNC en Espa\u00f1a y Portugal. Env\u00edos 24 h, soporte t\u00e9cnico a talleres y distribuidores.","hasMerchantReturnPolicy":{"@type":"MerchantReturnPolicy","merchantReturnLink":"https:\/\/recambiosecogas.com\/politicas-privacidad\/"},"address":{"@id":"https:\/\/recambiosecogas.com\/it\/producto\/tapon-de-recambio-para-la-valvula-de-llenado-de-la-luz-del-glp-blanco\/#local-main-place-address"},"telephone":["616250633"],"contactPoint":{"@type":"ContactPoint","email":"export@recambiosecogas.com"},"openingHoursSpecification":[{"@type":"OpeningHoursSpecification","dayOfWeek":["Monday","Tuesday","Wednesday","Thursday","Friday","Saturday","Sunday"],"opens":"09:00","closes":"17:00"}],"email":"info@recambiosecogas.com","faxNumber":"SEGIMON AUTOMOCION SL","vatID":"ESB19819861","globalLocationNumber":"938 616 339"},{"@type":"PostalAddress","@id":"https:\/\/recambiosecogas.com\/it\/producto\/tapon-de-recambio-para-la-valvula-de-llenado-de-la-luz-del-glp-blanco\/#local-main-place-address","streetAddress":"cami antic de vic, 29 (Nave 3), Pol\u00edgono Industrial Congost","addressLocality":"CORRO D`AVALL","postalCode":"08520","addressRegion":"Barcelona","addressCountry":"ES"},{"@type":"ImageObject","inLanguage":"it-IT","@id":"https:\/\/recambiosecogas.com\/it\/producto\/tapon-de-recambio-para-la-valvula-de-llenado-de-la-luz-del-glp-blanco\/#local-main-organization-logo","url":"https:\/\/recambiosecogas.com\/wp-content\/uploads\/2024\/11\/cropped-RECAMBIOS-GLP-png.webp","contentUrl":"https:\/\/recambiosecogas.com\/wp-content\/uploads\/2024\/11\/cropped-RECAMBIOS-GLP-png.webp","width":512,"height":512,"caption":"Recambios EcoGas"}]},"product_brand":"DREHMEISTER","product_price_amount":"5.20","product_price_currency":"EUR","og_availability":"instock","product_availability":"instock","product_retailer_item_id":"112648","product_condition":"new","geo.placename":"CORRO D`AVALL","geo.region":"Spagna"},"uagb_featured_image_src":{"full":["https:\/\/recambiosecogas.com\/wp-content\/uploads\/2024\/12\/Tapon-de-recambio-para-la-valvula-de-llenado-de-la-luz-del-GLP-blanco-png.webp",1000,1000,false],"thumbnail":["https:\/\/recambiosecogas.com\/wp-content\/uploads\/2024\/12\/Tapon-de-recambio-para-la-valvula-de-llenado-de-la-luz-del-GLP-blanco-150x150.webp",150,150,true],"medium":["https:\/\/recambiosecogas.com\/wp-content\/uploads\/2024\/12\/Tapon-de-recambio-para-la-valvula-de-llenado-de-la-luz-del-GLP-blanco-300x300.webp",300,300,true],"medium_large":["https:\/\/recambiosecogas.com\/wp-content\/uploads\/2024\/12\/Tapon-de-recambio-para-la-valvula-de-llenado-de-la-luz-del-GLP-blanco-768x768.webp",768,768,true],"large":["https:\/\/recambiosecogas.com\/wp-content\/uploads\/2024\/12\/Tapon-de-recambio-para-la-valvula-de-llenado-de-la-luz-del-GLP-blanco-png.webp",1000,1000,false],"1536x1536":["https:\/\/recambiosecogas.com\/wp-content\/uploads\/2024\/12\/Tapon-de-recambio-para-la-valvula-de-llenado-de-la-luz-del-GLP-blanco-png.webp",1000,1000,false],"2048x2048":["https:\/\/recambiosecogas.com\/wp-content\/uploads\/2024\/12\/Tapon-de-recambio-para-la-valvula-de-llenado-de-la-luz-del-GLP-blanco-png.webp",1000,1000,false],"woocommerce_archive_thumbnail":["https:\/\/recambiosecogas.com\/wp-content\/uploads\/2024\/12\/Tapon-de-recambio-para-la-valvula-de-llenado-de-la-luz-del-GLP-blanco-png.webp",1000,1000,false],"woocommerce_thumbnail":["https:\/\/recambiosecogas.com\/wp-content\/uploads\/2024\/12\/Tapon-de-recambio-para-la-valvula-de-llenado-de-la-luz-del-GLP-blanco-png-300x300.webp",300,300,true],"woocommerce_single":["https:\/\/recambiosecogas.com\/wp-content\/uploads\/2024\/12\/Tapon-de-recambio-para-la-valvula-de-llenado-de-la-luz-del-GLP-blanco-png.webp",1000,1000,false],"woocommerce_gallery_thumbnail":["https:\/\/recambiosecogas.com\/wp-content\/uploads\/2024\/12\/Tapon-de-recambio-para-la-valvula-de-llenado-de-la-luz-del-GLP-blanco-png.webp",1000,1000,false],"dgwt-wcas-product-suggestion":["https:\/\/recambiosecogas.com\/wp-content\/uploads\/2024\/12\/Tapon-de-recambio-para-la-valvula-de-llenado-de-la-luz-del-GLP-blanco-png-64x64.webp",64,64,true]},"uagb_author_info":{"display_name":"Fran - Soporte T\u00e9cnico","author_link":"https:\/\/recambiosecogas.com\/it\/author\/"},"uagb_comment_info":0,"uagb_excerpt":"Tap\u00f3n de recambio para la v\u00e1lvula de llenado de GLP, fabricado en pl\u00e1stico blanco. Ideal para mantener la v\u00e1lvula limpia y protegida.","_links":{"self":[{"href":"https:\/\/recambiosecogas.com\/it\/wp-json\/wp\/v2\/product\/8223","targetHints":{"allow":["GET"]}}],"collection":[{"href":"https:\/\/recambiosecogas.com\/it\/wp-json\/wp\/v2\/product"}],"about":[{"href":"https:\/\/recambiosecogas.com\/it\/wp-json\/wp\/v2\/types\/product"}],"replies":[{"embeddable":true,"href":"https:\/\/recambiosecogas.com\/it\/wp-json\/wp\/v2\/comments?post=8223"}],"wp:featuredmedia":[{"embeddable":true,"href":"https:\/\/recambiosecogas.com\/it\/wp-json\/wp\/v2\/media\/9644"}],"wp:attachment":[{"href":"https:\/\/recambiosecogas.com\/it\/wp-json\/wp\/v2\/media?parent=8223"}],"wp:term":[{"taxonomy":"product_brand","embeddable":true,"href":"https:\/\/recambiosecogas.com\/it\/wp-json\/wp\/v2\/product_brand?post=8223"},{"taxonomy":"product_cat","embeddable":true,"href":"https:\/\/recambiosecogas.com\/it\/wp-json\/wp\/v2\/product_cat?post=8223"},{"taxonomy":"product_tag","embeddable":true,"href":"https:\/\/recambiosecogas.com\/it\/wp-json\/wp\/v2\/product_tag?post=8223"}],"curies":[{"name":"wp","href":"https:\/\/api.w.org\/{rel}","templated":true}]}}