{"id":7303,"date":"2024-11-20T16:29:26","date_gmt":"2024-11-20T16:29:26","guid":{"rendered":"https:\/\/recambiosecogas.com\/producto\/brc-just-switch-de-tres-posiciones-10-pines\/"},"modified":"2026-02-23T11:37:19","modified_gmt":"2026-02-23T10:37:19","slug":"brc-just-switch-de-tres-posiciones-10-pines","status":"publish","type":"product","link":"https:\/\/recambiosecogas.com\/it\/producto\/brc-just-switch-de-tres-posiciones-10-pines\/","title":{"rendered":"BRC Just Switch de tres posiciones (10 pines)"},"content":{"rendered":"<h1 data-start=\"285\" data-end=\"344\">BRC Just switch tres posiciones 10 pines GLP gasolina gas<\/h1>\n<p data-start=\"346\" data-end=\"659\">El <strong data-start=\"349\" data-end=\"410\">BRC Just switch tres posiciones 10 pines GLP gasolina gas<\/strong> es un conmutador dise\u00f1ado para gestionar el funcionamiento de sistemas Autogas BRC Just. Permite seleccionar entre distintos modos mediante tres posiciones e incorpora conexi\u00f3n de 10 pines para integraci\u00f3n directa con la centralita correspondiente.<\/p>\n<p data-start=\"661\" data-end=\"793\">Se utiliza como recambio espec\u00edfico en instalaciones BRC Just que requieran interruptor de tres posiciones con conector de 10 pines.<\/p>\n<hr data-start=\"795\" data-end=\"798\" \/>\n<h2 data-start=\"800\" data-end=\"851\">Conmutador de 3 posiciones para sistema BRC Just<\/h2>\n<div class=\"TyagGW_tableContainer\">\n<div class=\"group TyagGW_tableWrapper flex flex-col-reverse w-fit\" tabindex=\"-1\">\n<table class=\"w-fit min-w-(--thread-content-width)\" data-start=\"853\" data-end=\"1129\">\n<thead data-start=\"853\" data-end=\"881\">\n<tr data-start=\"853\" data-end=\"881\">\n<th class=\"\" data-start=\"853\" data-end=\"870\" data-col-size=\"sm\">Caracter\u00edstica<\/th>\n<th class=\"\" data-start=\"870\" data-end=\"881\" data-col-size=\"sm\">Detalle<\/th>\n<\/tr>\n<\/thead>\n<tbody data-start=\"911\" data-end=\"1129\">\n<tr data-start=\"911\" data-end=\"945\">\n<td data-start=\"911\" data-end=\"922\" data-col-size=\"sm\">Producto<\/td>\n<td data-start=\"922\" data-end=\"945\" data-col-size=\"sm\">Switch \/ Conmutador<\/td>\n<\/tr>\n<tr data-start=\"946\" data-end=\"961\">\n<td data-start=\"946\" data-end=\"954\" data-col-size=\"sm\">Marca<\/td>\n<td data-start=\"954\" data-end=\"961\" data-col-size=\"sm\">BRC<\/td>\n<\/tr>\n<tr data-start=\"962\" data-end=\"979\">\n<td data-start=\"962\" data-end=\"971\" data-col-size=\"sm\">Modelo<\/td>\n<td data-start=\"971\" data-end=\"979\" data-col-size=\"sm\">Just<\/td>\n<\/tr>\n<tr data-start=\"980\" data-end=\"998\">\n<td data-start=\"980\" data-end=\"993\" data-col-size=\"sm\">Posiciones<\/td>\n<td data-start=\"993\" data-end=\"998\" data-col-size=\"sm\">3<\/td>\n<\/tr>\n<tr data-start=\"999\" data-end=\"1022\">\n<td data-start=\"999\" data-end=\"1010\" data-col-size=\"sm\">Conector<\/td>\n<td data-start=\"1010\" data-end=\"1022\" data-col-size=\"sm\">10 pines<\/td>\n<\/tr>\n<tr data-start=\"1023\" data-end=\"1059\">\n<td data-start=\"1023\" data-end=\"1033\" data-col-size=\"sm\">Funci\u00f3n<\/td>\n<td data-start=\"1033\" data-end=\"1059\" data-col-size=\"sm\">Gesti\u00f3n gasolina \/ gas<\/td>\n<\/tr>\n<tr data-start=\"1060\" data-end=\"1089\">\n<td data-start=\"1060\" data-end=\"1073\" data-col-size=\"sm\">Aplicaci\u00f3n<\/td>\n<td data-start=\"1073\" data-end=\"1089\" data-col-size=\"sm\">Sistemas GLP<\/td>\n<\/tr>\n<tr data-start=\"1090\" data-end=\"1129\">\n<td data-start=\"1090\" data-end=\"1104\" data-col-size=\"sm\">Instalaci\u00f3n<\/td>\n<td data-start=\"1104\" data-end=\"1129\" data-col-size=\"sm\">Interior del veh\u00edculo<\/td>\n<\/tr>\n<\/tbody>\n<\/table>\n<\/div>\n<\/div>\n<hr data-start=\"1131\" data-end=\"1134\" \/>\n<h2 data-start=\"1136\" data-end=\"1181\">Compatibilidad con plataforma Autogas Just<\/h2>\n<p data-start=\"1183\" data-end=\"1284\">Compatible con sistemas BRC Just que utilicen conmutador de tres posiciones con conexi\u00f3n de 10 pines.<\/p>\n<p data-start=\"1286\" data-end=\"1369\">Antes de la sustituci\u00f3n, verificar n\u00famero de pines y versi\u00f3n del sistema instalado.<\/p>\n<hr data-start=\"1371\" data-end=\"1374\" \/>\n<h2 data-start=\"1376\" data-end=\"1412\">Ventajas del interruptor BRC Just<\/h2>\n<ul data-start=\"1414\" data-end=\"1591\">\n<li data-start=\"1414\" data-end=\"1445\">\n<p data-start=\"1416\" data-end=\"1445\">Selector de tres posiciones<\/p>\n<\/li>\n<li data-start=\"1446\" data-end=\"1480\">\n<p data-start=\"1448\" data-end=\"1480\">Conexi\u00f3n el\u00e9ctrica de 10 pines<\/p>\n<\/li>\n<li data-start=\"1481\" data-end=\"1529\">\n<p data-start=\"1483\" data-end=\"1529\">Integraci\u00f3n espec\u00edfica con sistemas BRC Just<\/p>\n<\/li>\n<li data-start=\"1530\" data-end=\"1550\">\n<p data-start=\"1532\" data-end=\"1550\">Manejo intuitivo<\/p>\n<\/li>\n<li data-start=\"1551\" data-end=\"1591\">\n<p data-start=\"1553\" data-end=\"1591\">Recambio original para mantenimiento<\/p>\n<\/li>\n<\/ul>\n<hr data-start=\"1593\" data-end=\"1596\" \/>\n<h2 data-start=\"1598\" data-end=\"1604\">FAQ<\/h2>\n<p data-start=\"1606\" data-end=\"1715\"><strong data-start=\"1606\" data-end=\"1647\">\u00bfPara qu\u00e9 sirve este switch BRC Just?<\/strong><br data-start=\"1647\" data-end=\"1650\" \/>Permite gestionar los modos de funcionamiento del sistema de gas.<\/p>\n<p data-start=\"1717\" data-end=\"1789\"><strong data-start=\"1717\" data-end=\"1754\">\u00bfCu\u00e1ntos pines tiene el conector?<\/strong><br data-start=\"1754\" data-end=\"1757\" \/>Dispone de conexi\u00f3n de 10 pines.<\/p>\n<p data-start=\"1791\" data-end=\"1879\"><strong data-start=\"1791\" data-end=\"1837\">\u00bfEs compatible con todos los sistemas BRC?<\/strong><br data-start=\"1837\" data-end=\"1840\" \/>Est\u00e1 indicado para plataforma BRC Just.<\/p>\n<p data-start=\"1881\" data-end=\"1974\"><strong data-start=\"1881\" data-end=\"1919\">\u00bfRequiere instalaci\u00f3n profesional?<\/strong><br data-start=\"1919\" data-end=\"1922\" \/>Se recomienda instalaci\u00f3n por t\u00e9cnico especializado.<\/p>\n","protected":false},"excerpt":{"rendered":"<p>BRC Just Switch de tres posiciones (10 pines)<\/p>\n","protected":false},"featured_media":7690,"comment_status":"closed","ping_status":"closed","template":"","meta":{"googlesitekit_rrm_CAowud7EDA:productID":"","_uag_custom_page_level_css":""},"product_brand":[979],"product_cat":[37,297,300],"product_tag":[],"class_list":{"0":"post-7303","1":"product","2":"type-product","3":"status-publish","4":"has-post-thumbnail","6":"product_brand-brc-mtm-glp","7":"product_cat-brc","8":"product_cat-electronica","9":"product_cat-interruptores","11":"first","12":"onbackorder","13":"taxable","14":"shipping-taxable","15":"purchasable","16":"product-type-simple"},"ct_brands":[{"id":979,"name":"BRC","slug":"brc-mtm-glp"}],"yoast_head":"<!-- This site is optimized with the Yoast SEO Premium plugin v27.3 (Yoast SEO v27.3) - https:\/\/yoast.com\/product\/yoast-seo-premium-wordpress\/ -->\n<title>BRC Just switch tres posiciones 10 pines GLP gasolina gas | Recambios EcoGas<\/title>\n<meta name=\"description\" content=\"BRC Just switch tres posiciones 10 pines GLP gasolina gas para sistemas Autogas. Conmutador compatible con plataforma BRC Just.\" \/>\n<meta name=\"robots\" content=\"index, follow, max-snippet:-1, max-image-preview:large, max-video-preview:-1\" \/>\n<link rel=\"canonical\" href=\"https:\/\/recambiosecogas.com\/it\/producto\/brc-just-switch-de-tres-posiciones-10-pines\/\" \/>\n<meta property=\"og:locale\" content=\"it_IT\" \/>\n<meta property=\"og:type\" content=\"article\" \/>\n<meta property=\"og:title\" content=\"BRC Just Switch de tres posiciones (10 pines)\" \/>\n<meta property=\"og:description\" content=\"BRC Just switch tres posiciones 10 pines GLP gasolina gas para sistemas Autogas. Conmutador compatible con plataforma BRC Just.\" \/>\n<meta property=\"og:url\" content=\"https:\/\/recambiosecogas.com\/it\/producto\/brc-just-switch-de-tres-posiciones-10-pines\/\" \/>\n<meta property=\"og:site_name\" content=\"Recambios EcoGas\" \/>\n<meta property=\"article:publisher\" content=\"https:\/\/www.facebook.com\/profile.php?id=100062419705358\" \/>\n<meta property=\"article:modified_time\" content=\"2026-02-23T10:37:19+00:00\" \/>\n<meta property=\"og:image\" content=\"https:\/\/recambiosecogas.com\/wp-content\/uploads\/2024\/11\/BRC-Just-Switch-de-tres-posiciones-10-pines-png.webp\" \/>\n\t<meta property=\"og:image:width\" content=\"1000\" \/>\n\t<meta property=\"og:image:height\" content=\"1000\" \/>\n\t<meta property=\"og:image:type\" content=\"image\/png\" \/>\n<meta name=\"twitter:card\" content=\"summary_large_image\" \/>\n<meta name=\"twitter:label1\" content=\"Prezzo\" \/>\n\t<meta name=\"twitter:data1\" content=\"42,72&nbsp;&euro; (IVA incl.: 51,69&nbsp;&euro;)\" \/>\n\t<meta name=\"twitter:label2\" content=\"Disponibilit\u00e0\" \/>\n\t<meta name=\"twitter:data2\" content=\"Su ordinazione\" \/>\n<script type=\"application\/ld+json\" class=\"yoast-schema-graph\">{\"@context\":\"https:\\\/\\\/schema.org\",\"@graph\":[{\"@type\":\"WebPage\",\"@id\":\"https:\\\/\\\/recambiosecogas.com\\\/it\\\/producto\\\/brc-just-switch-de-tres-posiciones-10-pines\\\/\",\"url\":\"https:\\\/\\\/recambiosecogas.com\\\/it\\\/producto\\\/brc-just-switch-de-tres-posiciones-10-pines\\\/\",\"name\":\"BRC Just switch tres posiciones 10 pines GLP gasolina gas | Recambios EcoGas\",\"isPartOf\":{\"@id\":\"https:\\\/\\\/recambiosecogas.com\\\/it\\\/#website\"},\"primaryImageOfPage\":{\"@id\":\"https:\\\/\\\/recambiosecogas.com\\\/it\\\/producto\\\/brc-just-switch-de-tres-posiciones-10-pines\\\/#primaryimage\"},\"image\":{\"@id\":\"https:\\\/\\\/recambiosecogas.com\\\/it\\\/producto\\\/brc-just-switch-de-tres-posiciones-10-pines\\\/#primaryimage\"},\"thumbnailUrl\":\"https:\\\/\\\/recambiosecogas.com\\\/wp-content\\\/uploads\\\/2024\\\/11\\\/BRC-Just-Switch-de-tres-posiciones-10-pines-png.webp\",\"datePublished\":\"2024-11-20T16:29:26+00:00\",\"dateModified\":\"2026-02-23T10:37:19+00:00\",\"description\":\"BRC Just switch tres posiciones 10 pines GLP gasolina gas para sistemas Autogas. Conmutador compatible con plataforma BRC Just.\",\"breadcrumb\":{\"@id\":\"https:\\\/\\\/recambiosecogas.com\\\/it\\\/producto\\\/brc-just-switch-de-tres-posiciones-10-pines\\\/#breadcrumb\"},\"inLanguage\":\"it-IT\",\"potentialAction\":[{\"@type\":\"ReadAction\",\"target\":[\"https:\\\/\\\/recambiosecogas.com\\\/it\\\/producto\\\/brc-just-switch-de-tres-posiciones-10-pines\\\/\"]}]},{\"@type\":\"ImageObject\",\"inLanguage\":\"it-IT\",\"@id\":\"https:\\\/\\\/recambiosecogas.com\\\/it\\\/producto\\\/brc-just-switch-de-tres-posiciones-10-pines\\\/#primaryimage\",\"url\":\"https:\\\/\\\/recambiosecogas.com\\\/wp-content\\\/uploads\\\/2024\\\/11\\\/BRC-Just-Switch-de-tres-posiciones-10-pines-png.webp\",\"contentUrl\":\"https:\\\/\\\/recambiosecogas.com\\\/wp-content\\\/uploads\\\/2024\\\/11\\\/BRC-Just-Switch-de-tres-posiciones-10-pines-png.webp\",\"width\":1000,\"height\":1000},{\"@type\":\"BreadcrumbList\",\"@id\":\"https:\\\/\\\/recambiosecogas.com\\\/it\\\/producto\\\/brc-just-switch-de-tres-posiciones-10-pines\\\/#breadcrumb\",\"itemListElement\":[{\"@type\":\"ListItem\",\"position\":1,\"name\":\"Portada\",\"item\":\"https:\\\/\\\/recambiosecogas.com\\\/it\\\/\"},{\"@type\":\"ListItem\",\"position\":2,\"name\":\"Negozio\",\"item\":\"https:\\\/\\\/recambiosecogas.com\\\/it\\\/?page_id=46382\"},{\"@type\":\"ListItem\",\"position\":3,\"name\":\"BRC Just Switch de tres posiciones (10 pines)\"}]},{\"@type\":\"WebSite\",\"@id\":\"https:\\\/\\\/recambiosecogas.com\\\/it\\\/#website\",\"url\":\"https:\\\/\\\/recambiosecogas.com\\\/it\\\/\",\"name\":\"Recambios EcoGas\",\"description\":\"Recambios Multimarca para sistemas de GLP\\\/GNC\\\/GNL\\\/Hidr\u00f3geno\",\"publisher\":{\"@id\":\"https:\\\/\\\/recambiosecogas.com\\\/it\\\/#organization\"},\"alternateName\":\"Recambios Autogas GLP\",\"potentialAction\":[{\"@type\":\"SearchAction\",\"target\":{\"@type\":\"EntryPoint\",\"urlTemplate\":\"https:\\\/\\\/recambiosecogas.com\\\/it\\\/?s={search_term_string}\"},\"query-input\":{\"@type\":\"PropertyValueSpecification\",\"valueRequired\":true,\"valueName\":\"search_term_string\"}}],\"inLanguage\":\"it-IT\"},{\"@type\":[\"Organization\",\"Place\"],\"@id\":\"https:\\\/\\\/recambiosecogas.com\\\/it\\\/#organization\",\"name\":\"Recambios EcoGas\",\"alternateName\":\"Tienda Online GLP Espa\u00f1a\",\"url\":\"https:\\\/\\\/recambiosecogas.com\\\/it\\\/\",\"logo\":{\"@id\":\"https:\\\/\\\/recambiosecogas.com\\\/it\\\/producto\\\/brc-just-switch-de-tres-posiciones-10-pines\\\/#local-main-organization-logo\"},\"image\":{\"@id\":\"https:\\\/\\\/recambiosecogas.com\\\/it\\\/producto\\\/brc-just-switch-de-tres-posiciones-10-pines\\\/#local-main-organization-logo\"},\"sameAs\":[\"https:\\\/\\\/www.facebook.com\\\/profile.php?id=100062419705358\",\"https:\\\/\\\/www.instagram.com\\\/segimon_automocio\"],\"description\":\"Recambios EcoGas \u2013 Venta y distribuci\u00f3n de sistemas GLP y GNC en Espa\u00f1a y Portugal. Env\u00edos 24 h, soporte t\u00e9cnico a talleres y distribuidores.\",\"hasMerchantReturnPolicy\":{\"@type\":\"MerchantReturnPolicy\",\"merchantReturnLink\":\"https:\\\/\\\/recambiosecogas.com\\\/politicas-privacidad\\\/\"},\"address\":{\"@id\":\"https:\\\/\\\/recambiosecogas.com\\\/it\\\/producto\\\/brc-just-switch-de-tres-posiciones-10-pines\\\/#local-main-place-address\"},\"telephone\":[\"616250633\"],\"contactPoint\":{\"@type\":\"ContactPoint\",\"email\":\"export@recambiosecogas.com\"},\"openingHoursSpecification\":[{\"@type\":\"OpeningHoursSpecification\",\"dayOfWeek\":[\"Monday\",\"Tuesday\",\"Wednesday\",\"Thursday\",\"Friday\",\"Saturday\",\"Sunday\"],\"opens\":\"09:00\",\"closes\":\"17:00\"}],\"email\":\"info@recambiosecogas.com\",\"faxNumber\":\"SEGIMON AUTOMOCION SL\",\"vatID\":\"ESB19819861\",\"globalLocationNumber\":\"938 616 339\"},{\"@type\":\"PostalAddress\",\"@id\":\"https:\\\/\\\/recambiosecogas.com\\\/it\\\/producto\\\/brc-just-switch-de-tres-posiciones-10-pines\\\/#local-main-place-address\",\"streetAddress\":\"cami antic de vic, 29 (Nave 3), Pol\u00edgono Industrial Congost\",\"addressLocality\":\"CORRO D`AVALL\",\"postalCode\":\"08520\",\"addressRegion\":\"Barcelona\",\"addressCountry\":\"ES\"},{\"@type\":\"ImageObject\",\"inLanguage\":\"it-IT\",\"@id\":\"https:\\\/\\\/recambiosecogas.com\\\/it\\\/producto\\\/brc-just-switch-de-tres-posiciones-10-pines\\\/#local-main-organization-logo\",\"url\":\"https:\\\/\\\/recambiosecogas.com\\\/wp-content\\\/uploads\\\/2024\\\/11\\\/cropped-RECAMBIOS-GLP-png.webp\",\"contentUrl\":\"https:\\\/\\\/recambiosecogas.com\\\/wp-content\\\/uploads\\\/2024\\\/11\\\/cropped-RECAMBIOS-GLP-png.webp\",\"width\":512,\"height\":512,\"caption\":\"Recambios EcoGas\"}]}<\/script>\n<meta property=\"product:brand\" content=\"BRC\" \/>\n<meta property=\"product:price:amount\" content=\"42.72\" \/>\n<meta property=\"product:price:currency\" content=\"EUR\" \/>\n<meta property=\"og:availability\" content=\"backorder\" \/>\n<meta property=\"product:availability\" content=\"available for order\" \/>\n<meta property=\"product:retailer_item_id\" content=\"103801\" \/>\n<meta property=\"product:condition\" content=\"new\" \/>\n<meta name=\"geo.placename\" content=\"CORRO D`AVALL\" \/>\n<meta name=\"geo.region\" content=\"Spagna\" \/>\n<!-- \/ Yoast SEO Premium plugin. -->","yoast_head_json":{"title":"BRC Just switch tres posiciones 10 pines GLP gasolina gas | Recambios EcoGas","description":"BRC Just switch tres posiciones 10 pines GLP gasolina gas para sistemas Autogas. Conmutador compatible con plataforma BRC Just.","robots":{"index":"index","follow":"follow","max-snippet":"max-snippet:-1","max-image-preview":"max-image-preview:large","max-video-preview":"max-video-preview:-1"},"canonical":"https:\/\/recambiosecogas.com\/it\/producto\/brc-just-switch-de-tres-posiciones-10-pines\/","og_locale":"it_IT","og_type":"article","og_title":"BRC Just Switch de tres posiciones (10 pines)","og_description":"BRC Just switch tres posiciones 10 pines GLP gasolina gas para sistemas Autogas. Conmutador compatible con plataforma BRC Just.","og_url":"https:\/\/recambiosecogas.com\/it\/producto\/brc-just-switch-de-tres-posiciones-10-pines\/","og_site_name":"Recambios EcoGas","article_publisher":"https:\/\/www.facebook.com\/profile.php?id=100062419705358","article_modified_time":"2026-02-23T10:37:19+00:00","og_image":[{"width":1000,"height":1000,"url":"https:\/\/recambiosecogas.com\/wp-content\/uploads\/2024\/11\/BRC-Just-Switch-de-tres-posiciones-10-pines-png.webp","type":"image\/png"}],"twitter_card":"summary_large_image","twitter_misc":{"Prezzo":"42,72&nbsp;&euro; (IVA incl.: 51,69&nbsp;&euro;)","Disponibilit\u00e0":"Su ordinazione"},"schema":{"@context":"https:\/\/schema.org","@graph":[{"@type":"WebPage","@id":"https:\/\/recambiosecogas.com\/it\/producto\/brc-just-switch-de-tres-posiciones-10-pines\/","url":"https:\/\/recambiosecogas.com\/it\/producto\/brc-just-switch-de-tres-posiciones-10-pines\/","name":"BRC Just switch tres posiciones 10 pines GLP gasolina gas | Recambios EcoGas","isPartOf":{"@id":"https:\/\/recambiosecogas.com\/it\/#website"},"primaryImageOfPage":{"@id":"https:\/\/recambiosecogas.com\/it\/producto\/brc-just-switch-de-tres-posiciones-10-pines\/#primaryimage"},"image":{"@id":"https:\/\/recambiosecogas.com\/it\/producto\/brc-just-switch-de-tres-posiciones-10-pines\/#primaryimage"},"thumbnailUrl":"https:\/\/recambiosecogas.com\/wp-content\/uploads\/2024\/11\/BRC-Just-Switch-de-tres-posiciones-10-pines-png.webp","datePublished":"2024-11-20T16:29:26+00:00","dateModified":"2026-02-23T10:37:19+00:00","description":"BRC Just switch tres posiciones 10 pines GLP gasolina gas para sistemas Autogas. Conmutador compatible con plataforma BRC Just.","breadcrumb":{"@id":"https:\/\/recambiosecogas.com\/it\/producto\/brc-just-switch-de-tres-posiciones-10-pines\/#breadcrumb"},"inLanguage":"it-IT","potentialAction":[{"@type":"ReadAction","target":["https:\/\/recambiosecogas.com\/it\/producto\/brc-just-switch-de-tres-posiciones-10-pines\/"]}]},{"@type":"ImageObject","inLanguage":"it-IT","@id":"https:\/\/recambiosecogas.com\/it\/producto\/brc-just-switch-de-tres-posiciones-10-pines\/#primaryimage","url":"https:\/\/recambiosecogas.com\/wp-content\/uploads\/2024\/11\/BRC-Just-Switch-de-tres-posiciones-10-pines-png.webp","contentUrl":"https:\/\/recambiosecogas.com\/wp-content\/uploads\/2024\/11\/BRC-Just-Switch-de-tres-posiciones-10-pines-png.webp","width":1000,"height":1000},{"@type":"BreadcrumbList","@id":"https:\/\/recambiosecogas.com\/it\/producto\/brc-just-switch-de-tres-posiciones-10-pines\/#breadcrumb","itemListElement":[{"@type":"ListItem","position":1,"name":"Portada","item":"https:\/\/recambiosecogas.com\/it\/"},{"@type":"ListItem","position":2,"name":"Negozio","item":"https:\/\/recambiosecogas.com\/it\/?page_id=46382"},{"@type":"ListItem","position":3,"name":"BRC Just Switch de tres posiciones (10 pines)"}]},{"@type":"WebSite","@id":"https:\/\/recambiosecogas.com\/it\/#website","url":"https:\/\/recambiosecogas.com\/it\/","name":"Recambios EcoGas","description":"Recambios Multimarca para sistemas de GLP\/GNC\/GNL\/Hidr\u00f3geno","publisher":{"@id":"https:\/\/recambiosecogas.com\/it\/#organization"},"alternateName":"Recambios Autogas GLP","potentialAction":[{"@type":"SearchAction","target":{"@type":"EntryPoint","urlTemplate":"https:\/\/recambiosecogas.com\/it\/?s={search_term_string}"},"query-input":{"@type":"PropertyValueSpecification","valueRequired":true,"valueName":"search_term_string"}}],"inLanguage":"it-IT"},{"@type":["Organization","Place"],"@id":"https:\/\/recambiosecogas.com\/it\/#organization","name":"Recambios EcoGas","alternateName":"Tienda Online GLP Espa\u00f1a","url":"https:\/\/recambiosecogas.com\/it\/","logo":{"@id":"https:\/\/recambiosecogas.com\/it\/producto\/brc-just-switch-de-tres-posiciones-10-pines\/#local-main-organization-logo"},"image":{"@id":"https:\/\/recambiosecogas.com\/it\/producto\/brc-just-switch-de-tres-posiciones-10-pines\/#local-main-organization-logo"},"sameAs":["https:\/\/www.facebook.com\/profile.php?id=100062419705358","https:\/\/www.instagram.com\/segimon_automocio"],"description":"Recambios EcoGas \u2013 Venta y distribuci\u00f3n de sistemas GLP y GNC en Espa\u00f1a y Portugal. Env\u00edos 24 h, soporte t\u00e9cnico a talleres y distribuidores.","hasMerchantReturnPolicy":{"@type":"MerchantReturnPolicy","merchantReturnLink":"https:\/\/recambiosecogas.com\/politicas-privacidad\/"},"address":{"@id":"https:\/\/recambiosecogas.com\/it\/producto\/brc-just-switch-de-tres-posiciones-10-pines\/#local-main-place-address"},"telephone":["616250633"],"contactPoint":{"@type":"ContactPoint","email":"export@recambiosecogas.com"},"openingHoursSpecification":[{"@type":"OpeningHoursSpecification","dayOfWeek":["Monday","Tuesday","Wednesday","Thursday","Friday","Saturday","Sunday"],"opens":"09:00","closes":"17:00"}],"email":"info@recambiosecogas.com","faxNumber":"SEGIMON AUTOMOCION SL","vatID":"ESB19819861","globalLocationNumber":"938 616 339"},{"@type":"PostalAddress","@id":"https:\/\/recambiosecogas.com\/it\/producto\/brc-just-switch-de-tres-posiciones-10-pines\/#local-main-place-address","streetAddress":"cami antic de vic, 29 (Nave 3), Pol\u00edgono Industrial Congost","addressLocality":"CORRO D`AVALL","postalCode":"08520","addressRegion":"Barcelona","addressCountry":"ES"},{"@type":"ImageObject","inLanguage":"it-IT","@id":"https:\/\/recambiosecogas.com\/it\/producto\/brc-just-switch-de-tres-posiciones-10-pines\/#local-main-organization-logo","url":"https:\/\/recambiosecogas.com\/wp-content\/uploads\/2024\/11\/cropped-RECAMBIOS-GLP-png.webp","contentUrl":"https:\/\/recambiosecogas.com\/wp-content\/uploads\/2024\/11\/cropped-RECAMBIOS-GLP-png.webp","width":512,"height":512,"caption":"Recambios EcoGas"}]},"product_brand":"BRC","product_price_amount":"42.72","product_price_currency":"EUR","og_availability":"backorder","product_availability":"available for order","product_retailer_item_id":"103801","product_condition":"new","geo.placename":"CORRO D`AVALL","geo.region":"Spagna"},"uagb_featured_image_src":{"full":["https:\/\/recambiosecogas.com\/wp-content\/uploads\/2024\/11\/BRC-Just-Switch-de-tres-posiciones-10-pines-png.webp",1000,1000,false],"thumbnail":["https:\/\/recambiosecogas.com\/wp-content\/uploads\/2024\/11\/BRC-Just-Switch-de-tres-posiciones-10-pines-150x150.webp",150,150,true],"medium":["https:\/\/recambiosecogas.com\/wp-content\/uploads\/2024\/11\/BRC-Just-Switch-de-tres-posiciones-10-pines-300x300.webp",300,300,true],"medium_large":["https:\/\/recambiosecogas.com\/wp-content\/uploads\/2024\/11\/BRC-Just-Switch-de-tres-posiciones-10-pines-768x768.webp",768,768,true],"large":["https:\/\/recambiosecogas.com\/wp-content\/uploads\/2024\/11\/BRC-Just-Switch-de-tres-posiciones-10-pines-png.webp",1000,1000,false],"1536x1536":["https:\/\/recambiosecogas.com\/wp-content\/uploads\/2024\/11\/BRC-Just-Switch-de-tres-posiciones-10-pines-png.webp",1000,1000,false],"2048x2048":["https:\/\/recambiosecogas.com\/wp-content\/uploads\/2024\/11\/BRC-Just-Switch-de-tres-posiciones-10-pines-png.webp",1000,1000,false],"woocommerce_archive_thumbnail":["https:\/\/recambiosecogas.com\/wp-content\/uploads\/2024\/11\/BRC-Just-Switch-de-tres-posiciones-10-pines-png.webp",1000,1000,false],"woocommerce_thumbnail":["https:\/\/recambiosecogas.com\/wp-content\/uploads\/2024\/11\/BRC-Just-Switch-de-tres-posiciones-10-pines-png-300x300.webp",300,300,true],"woocommerce_single":["https:\/\/recambiosecogas.com\/wp-content\/uploads\/2024\/11\/BRC-Just-Switch-de-tres-posiciones-10-pines-png.webp",1000,1000,false],"woocommerce_gallery_thumbnail":["https:\/\/recambiosecogas.com\/wp-content\/uploads\/2024\/11\/BRC-Just-Switch-de-tres-posiciones-10-pines-png.webp",1000,1000,false],"dgwt-wcas-product-suggestion":["https:\/\/recambiosecogas.com\/wp-content\/uploads\/2024\/11\/BRC-Just-Switch-de-tres-posiciones-10-pines-png-64x64.webp",64,64,true]},"uagb_author_info":{"display_name":"Fran - Soporte T\u00e9cnico","author_link":"https:\/\/recambiosecogas.com\/it\/author\/"},"uagb_comment_info":0,"uagb_excerpt":"BRC Just Switch de tres posiciones (10 pines)","_links":{"self":[{"href":"https:\/\/recambiosecogas.com\/it\/wp-json\/wp\/v2\/product\/7303","targetHints":{"allow":["GET"]}}],"collection":[{"href":"https:\/\/recambiosecogas.com\/it\/wp-json\/wp\/v2\/product"}],"about":[{"href":"https:\/\/recambiosecogas.com\/it\/wp-json\/wp\/v2\/types\/product"}],"replies":[{"embeddable":true,"href":"https:\/\/recambiosecogas.com\/it\/wp-json\/wp\/v2\/comments?post=7303"}],"wp:featuredmedia":[{"embeddable":true,"href":"https:\/\/recambiosecogas.com\/it\/wp-json\/wp\/v2\/media\/7690"}],"wp:attachment":[{"href":"https:\/\/recambiosecogas.com\/it\/wp-json\/wp\/v2\/media?parent=7303"}],"wp:term":[{"taxonomy":"product_brand","embeddable":true,"href":"https:\/\/recambiosecogas.com\/it\/wp-json\/wp\/v2\/product_brand?post=7303"},{"taxonomy":"product_cat","embeddable":true,"href":"https:\/\/recambiosecogas.com\/it\/wp-json\/wp\/v2\/product_cat?post=7303"},{"taxonomy":"product_tag","embeddable":true,"href":"https:\/\/recambiosecogas.com\/it\/wp-json\/wp\/v2\/product_tag?post=7303"}],"curies":[{"name":"wp","href":"https:\/\/api.w.org\/{rel}","templated":true}]}}