{"id":7296,"date":"2024-11-20T16:29:14","date_gmt":"2024-11-20T16:29:14","guid":{"rendered":"https:\/\/recambiosecogas.com\/producto\/lovato-conmutador-easyfast\/"},"modified":"2026-03-02T10:20:28","modified_gmt":"2026-03-02T09:20:28","slug":"lovato-conmutador-easyfast","status":"publish","type":"product","link":"https:\/\/recambiosecogas.com\/it\/producto\/lovato-conmutador-easyfast\/","title":{"rendered":"Lovato conmutador EasyFast"},"content":{"rendered":"<h1 data-start=\"333\" data-end=\"386\">Lovato conmutador EasyFast GLP gasolina gas sistema<\/h1>\n<p data-start=\"388\" data-end=\"655\">El <strong data-start=\"391\" data-end=\"446\">Lovato conmutador EasyFast GLP gasolina gas sistema<\/strong> es un interruptor dise\u00f1ado para gestionar el cambio de combustible en sistemas Autogas Lovato EasyFast. Permite seleccionar entre gasolina y gas y controlar el funcionamiento del equipo durante la conducci\u00f3n.<\/p>\n<p data-start=\"657\" data-end=\"745\">Se utiliza como recambio espec\u00edfico en instalaciones que emplean la plataforma EasyFast.<\/p>\n<hr data-start=\"747\" data-end=\"750\" \/>\n<h2 data-start=\"752\" data-end=\"803\">Interruptor de combustible para sistema EasyFast<\/h2>\n<div class=\"TyagGW_tableContainer\">\n<div class=\"group TyagGW_tableWrapper flex flex-col-reverse w-fit\" tabindex=\"-1\">\n<table class=\"w-fit min-w-(--thread-content-width)\" data-start=\"805\" data-end=\"1051\">\n<thead data-start=\"805\" data-end=\"833\">\n<tr data-start=\"805\" data-end=\"833\">\n<th class=\"\" data-start=\"805\" data-end=\"822\" data-col-size=\"sm\">Caracter\u00edstica<\/th>\n<th class=\"\" data-start=\"822\" data-end=\"833\" data-col-size=\"sm\">Detalle<\/th>\n<\/tr>\n<\/thead>\n<tbody data-start=\"863\" data-end=\"1051\">\n<tr data-start=\"863\" data-end=\"903\">\n<td data-start=\"863\" data-end=\"874\" data-col-size=\"sm\">Producto<\/td>\n<td data-start=\"874\" data-end=\"903\" data-col-size=\"sm\">Conmutador de combustible<\/td>\n<\/tr>\n<tr data-start=\"904\" data-end=\"922\">\n<td data-start=\"904\" data-end=\"912\" data-col-size=\"sm\">Marca<\/td>\n<td data-start=\"912\" data-end=\"922\" data-col-size=\"sm\">Lovato<\/td>\n<\/tr>\n<tr data-start=\"923\" data-end=\"945\">\n<td data-start=\"923\" data-end=\"933\" data-col-size=\"sm\">Sistema<\/td>\n<td data-start=\"933\" data-end=\"945\" data-col-size=\"sm\">EasyFast<\/td>\n<\/tr>\n<tr data-start=\"946\" data-end=\"981\">\n<td data-start=\"946\" data-end=\"956\" data-col-size=\"sm\">Funci\u00f3n<\/td>\n<td data-start=\"956\" data-end=\"981\" data-col-size=\"sm\">Cambio gasolina \/ gas<\/td>\n<\/tr>\n<tr data-start=\"982\" data-end=\"1011\">\n<td data-start=\"982\" data-end=\"995\" data-col-size=\"sm\">Aplicaci\u00f3n<\/td>\n<td data-start=\"995\" data-end=\"1011\" data-col-size=\"sm\">Sistemas GLP<\/td>\n<\/tr>\n<tr data-start=\"1012\" data-end=\"1051\">\n<td data-start=\"1012\" data-end=\"1026\" data-col-size=\"sm\">Instalaci\u00f3n<\/td>\n<td data-start=\"1026\" data-end=\"1051\" data-col-size=\"sm\">Interior del veh\u00edculo<\/td>\n<\/tr>\n<\/tbody>\n<\/table>\n<\/div>\n<\/div>\n<hr data-start=\"1053\" data-end=\"1056\" \/>\n<h2 data-start=\"1058\" data-end=\"1103\">Compatibilidad con sistemas Autogas Lovato<\/h2>\n<p data-start=\"1105\" data-end=\"1195\">Compatible con instalaciones Lovato EasyFast que utilicen interruptor original del modelo.<\/p>\n<p data-start=\"1197\" data-end=\"1261\">Verificar referencia y tipo de conexi\u00f3n antes de la sustituci\u00f3n.<\/p>\n<hr data-start=\"1263\" data-end=\"1266\" \/>\n<h2 data-start=\"1268\" data-end=\"1297\">Ventajas del switch Lovato<\/h2>\n<ul data-start=\"1299\" data-end=\"1495\">\n<li data-start=\"1299\" data-end=\"1335\">\n<p data-start=\"1301\" data-end=\"1335\">Cambio r\u00e1pido entre combustibles<\/p>\n<\/li>\n<li data-start=\"1336\" data-end=\"1386\">\n<p data-start=\"1338\" data-end=\"1386\">Integraci\u00f3n espec\u00edfica con plataforma EasyFast<\/p>\n<\/li>\n<li data-start=\"1387\" data-end=\"1418\">\n<p data-start=\"1389\" data-end=\"1418\">Manejo sencillo e intuitivo<\/p>\n<\/li>\n<li data-start=\"1419\" data-end=\"1455\">\n<p data-start=\"1421\" data-end=\"1455\">Dise\u00f1o compacto para salpicadero<\/p>\n<\/li>\n<li data-start=\"1456\" data-end=\"1495\">\n<p data-start=\"1458\" data-end=\"1495\">Recambio t\u00e9cnico para mantenimiento<\/p>\n<\/li>\n<\/ul>\n<hr data-start=\"1497\" data-end=\"1500\" \/>\n<h2 data-start=\"1502\" data-end=\"1508\">FAQ<\/h2>\n<p data-start=\"1510\" data-end=\"1616\"><strong data-start=\"1510\" data-end=\"1555\">\u00bfPara qu\u00e9 sirve este conmutador EasyFast?<\/strong><br data-start=\"1555\" data-end=\"1558\" \/>Permite gestionar el paso de gasolina a gas en el sistema.<\/p>\n<p data-start=\"1618\" data-end=\"1708\"><strong data-start=\"1618\" data-end=\"1663\">\u00bfEs compatible con otros sistemas Lovato?<\/strong><br data-start=\"1663\" data-end=\"1666\" \/>Est\u00e1 indicado para la plataforma EasyFast.<\/p>\n<p data-start=\"1710\" data-end=\"1766\"><strong data-start=\"1710\" data-end=\"1732\">\u00bfFunciona con GLP?<\/strong><br data-start=\"1732\" data-end=\"1735\" \/>S\u00ed, en sistemas Autogas Lovato.<\/p>\n<p data-start=\"1768\" data-end=\"1861\"><strong data-start=\"1768\" data-end=\"1806\">\u00bfRequiere instalaci\u00f3n profesional?<\/strong><br data-start=\"1806\" data-end=\"1809\" \/>Se recomienda instalaci\u00f3n por t\u00e9cnico especializado.<\/p>\n","protected":false},"excerpt":{"rendered":"<div class=\"flex flex-col text-sm pb-25\">\n<article class=\"text-token-text-primary w-full focus:outline-none [--shadow-height:45px] has-data-writing-block:pointer-events-none has-data-writing-block:-mt-(--shadow-height) has-data-writing-block:pt-(--shadow-height) [&amp;:has([data-writing-block])&gt;*]:pointer-events-auto scroll-mt-[calc(var(--header-height)+min(200px,max(70px,20svh)))]\" dir=\"auto\" tabindex=\"-1\" data-turn-id=\"request-WEB:b3bb4a5a-92e7-4fc9-8a3c-1f467c7c261b-151\" data-testid=\"conversation-turn-304\" data-scroll-anchor=\"true\" data-turn=\"assistant\">\n<div class=\"text-base my-auto mx-auto pb-10 [--thread-content-margin:--spacing(4)] @w-sm\/main:[--thread-content-margin:--spacing(6)] @w-lg\/main:[--thread-content-margin:--spacing(16)] px-(--thread-content-margin)\">\n<div class=\"[--thread-content-max-width:40rem] @w-lg\/main:[--thread-content-max-width:48rem] mx-auto max-w-(--thread-content-max-width) flex-1 group\/turn-messages focus-visible:outline-hidden relative flex w-full min-w-0 flex-col agent-turn\" tabindex=\"-1\">\n<div class=\"flex max-w-full flex-col grow\">\n<div class=\"min-h-8 text-message relative flex w-full flex-col items-end gap-2 text-start break-words whitespace-normal [.text-message+&amp;]:mt-1\" dir=\"auto\" data-message-author-role=\"assistant\" data-message-id=\"7355acc2-8382-4c50-8099-5a672b7f6511\" data-message-model-slug=\"gpt-5-2\">\n<div class=\"flex w-full flex-col gap-1 empty:hidden first:pt-[1px]\">\n<div class=\"markdown prose dark:prose-invert w-full wrap-break-word light markdown-new-styling\">\n<p data-start=\"2187\" data-end=\"2276\" data-is-last-node=\"\" data-is-only-node=\"\">Conmutador Lovato EasyFast para gestionar el cambio gasolina-gas en sistemas Autogas GLP.<\/p>\n<\/div>\n<\/div>\n<\/div>\n<\/div>\n<div class=\"z-0 flex min-h-[46px] justify-start\"><\/div>\n<div class=\"mt-3 w-full empty:hidden\">\n<div class=\"text-center\"><\/div>\n<\/div>\n<\/div>\n<\/div>\n<\/article>\n<\/div>\n<div class=\"pointer-events-none h-px w-px absolute bottom-0\" aria-hidden=\"true\" data-edge=\"true\"><\/div>\n","protected":false},"featured_media":7706,"comment_status":"closed","ping_status":"closed","template":"","meta":{"googlesitekit_rrm_CAowud7EDA:productID":"","_uag_custom_page_level_css":""},"product_brand":[2095],"product_cat":[297,300,76],"product_tag":[],"class_list":{"0":"post-7296","1":"product","2":"type-product","3":"status-publish","4":"has-post-thumbnail","6":"product_brand-lovato","7":"product_cat-electronica","8":"product_cat-interruptores","9":"product_cat-lovato","11":"first","12":"instock","13":"taxable","14":"shipping-taxable","15":"purchasable","16":"product-type-simple"},"ct_brands":[{"id":2095,"name":"Lovato","slug":"lovato"}],"yoast_head":"<!-- This site is optimized with the Yoast SEO Premium plugin v27.4 (Yoast SEO v27.5) - https:\/\/yoast.com\/product\/yoast-seo-premium-wordpress\/ -->\n<title>Lovato conmutador EasyFast | Recambios EcoGas | Sistemas GLP y GNC<\/title>\n<meta name=\"description\" content=\"Lovato conmutador EasyFast GLP gasolina gas sistema para instalaciones Autogas. Interruptor compatible con plataforma EasyFast.\" \/>\n<meta name=\"robots\" content=\"index, follow, max-snippet:-1, max-image-preview:large, max-video-preview:-1\" \/>\n<link rel=\"canonical\" href=\"https:\/\/recambiosecogas.com\/it\/producto\/lovato-conmutador-easyfast\/\" \/>\n<meta property=\"og:locale\" content=\"it_IT\" \/>\n<meta property=\"og:type\" content=\"article\" \/>\n<meta property=\"og:title\" content=\"Lovato conmutador EasyFast\" \/>\n<meta property=\"og:description\" content=\"Lovato conmutador EasyFast GLP gasolina gas sistema para instalaciones Autogas. Interruptor compatible con plataforma EasyFast.\" \/>\n<meta property=\"og:url\" content=\"https:\/\/recambiosecogas.com\/it\/producto\/lovato-conmutador-easyfast\/\" \/>\n<meta property=\"og:site_name\" content=\"Recambios EcoGas\" \/>\n<meta property=\"article:publisher\" content=\"https:\/\/www.facebook.com\/profile.php?id=100062419705358\" \/>\n<meta property=\"article:modified_time\" content=\"2026-03-02T09:20:28+00:00\" \/>\n<meta property=\"og:image\" content=\"https:\/\/recambiosecogas.com\/wp-content\/uploads\/2024\/11\/Lovato-conmutador-EasyFast-png.webp\" \/>\n\t<meta property=\"og:image:width\" content=\"1000\" \/>\n\t<meta property=\"og:image:height\" content=\"1000\" \/>\n\t<meta property=\"og:image:type\" content=\"image\/png\" \/>\n<meta name=\"twitter:card\" content=\"summary_large_image\" \/>\n<meta name=\"twitter:label1\" content=\"Prezzo\" \/>\n\t<meta name=\"twitter:data1\" content=\"28,51&nbsp;&euro; (Sin IVA: 23,56&nbsp;&euro;)\" \/>\n\t<meta name=\"twitter:label2\" content=\"Disponibilit\u00e0\" \/>\n\t<meta name=\"twitter:data2\" content=\"In stock\" \/>\n<script type=\"application\/ld+json\" class=\"yoast-schema-graph\">{\"@context\":\"https:\\\/\\\/schema.org\",\"@graph\":[{\"@type\":\"WebPage\",\"@id\":\"https:\\\/\\\/recambiosecogas.com\\\/it\\\/producto\\\/lovato-conmutador-easyfast\\\/\",\"url\":\"https:\\\/\\\/recambiosecogas.com\\\/it\\\/producto\\\/lovato-conmutador-easyfast\\\/\",\"name\":\"Lovato conmutador EasyFast | Recambios EcoGas | Sistemas GLP y GNC\",\"isPartOf\":{\"@id\":\"https:\\\/\\\/recambiosecogas.com\\\/it\\\/#website\"},\"primaryImageOfPage\":{\"@id\":\"https:\\\/\\\/recambiosecogas.com\\\/it\\\/producto\\\/lovato-conmutador-easyfast\\\/#primaryimage\"},\"image\":{\"@id\":\"https:\\\/\\\/recambiosecogas.com\\\/it\\\/producto\\\/lovato-conmutador-easyfast\\\/#primaryimage\"},\"thumbnailUrl\":\"https:\\\/\\\/recambiosecogas.com\\\/wp-content\\\/uploads\\\/2024\\\/11\\\/Lovato-conmutador-EasyFast-png.webp\",\"datePublished\":\"2024-11-20T16:29:14+00:00\",\"dateModified\":\"2026-03-02T09:20:28+00:00\",\"description\":\"Lovato conmutador EasyFast GLP gasolina gas sistema para instalaciones Autogas. Interruptor compatible con plataforma EasyFast.\",\"breadcrumb\":{\"@id\":\"https:\\\/\\\/recambiosecogas.com\\\/it\\\/producto\\\/lovato-conmutador-easyfast\\\/#breadcrumb\"},\"inLanguage\":\"it-IT\",\"potentialAction\":[{\"@type\":\"ReadAction\",\"target\":[\"https:\\\/\\\/recambiosecogas.com\\\/it\\\/producto\\\/lovato-conmutador-easyfast\\\/\"]}]},{\"@type\":\"ImageObject\",\"inLanguage\":\"it-IT\",\"@id\":\"https:\\\/\\\/recambiosecogas.com\\\/it\\\/producto\\\/lovato-conmutador-easyfast\\\/#primaryimage\",\"url\":\"https:\\\/\\\/recambiosecogas.com\\\/wp-content\\\/uploads\\\/2024\\\/11\\\/Lovato-conmutador-EasyFast-png.webp\",\"contentUrl\":\"https:\\\/\\\/recambiosecogas.com\\\/wp-content\\\/uploads\\\/2024\\\/11\\\/Lovato-conmutador-EasyFast-png.webp\",\"width\":1000,\"height\":1000},{\"@type\":\"BreadcrumbList\",\"@id\":\"https:\\\/\\\/recambiosecogas.com\\\/it\\\/producto\\\/lovato-conmutador-easyfast\\\/#breadcrumb\",\"itemListElement\":[{\"@type\":\"ListItem\",\"position\":1,\"name\":\"Portada\",\"item\":\"https:\\\/\\\/recambiosecogas.com\\\/it\\\/\"},{\"@type\":\"ListItem\",\"position\":2,\"name\":\"Negozio\",\"item\":\"https:\\\/\\\/recambiosecogas.com\\\/it\\\/?page_id=46382\"},{\"@type\":\"ListItem\",\"position\":3,\"name\":\"Lovato conmutador EasyFast\"}]},{\"@type\":\"WebSite\",\"@id\":\"https:\\\/\\\/recambiosecogas.com\\\/it\\\/#website\",\"url\":\"https:\\\/\\\/recambiosecogas.com\\\/it\\\/\",\"name\":\"Recambios EcoGas\",\"description\":\"Recambios Multimarca para sistemas de GLP\\\/GNC\\\/GNL\\\/Hidr\u00f3geno\",\"publisher\":{\"@id\":\"https:\\\/\\\/recambiosecogas.com\\\/it\\\/#organization\"},\"alternateName\":\"Recambios Autogas GLP\",\"potentialAction\":[{\"@type\":\"SearchAction\",\"target\":{\"@type\":\"EntryPoint\",\"urlTemplate\":\"https:\\\/\\\/recambiosecogas.com\\\/it\\\/?s={search_term_string}\"},\"query-input\":{\"@type\":\"PropertyValueSpecification\",\"valueRequired\":true,\"valueName\":\"search_term_string\"}}],\"inLanguage\":\"it-IT\"},{\"@type\":[\"Organization\",\"Place\"],\"@id\":\"https:\\\/\\\/recambiosecogas.com\\\/it\\\/#organization\",\"name\":\"Recambios EcoGas\",\"alternateName\":\"Tienda Online GLP Espa\u00f1a\",\"url\":\"https:\\\/\\\/recambiosecogas.com\\\/it\\\/\",\"logo\":{\"@id\":\"https:\\\/\\\/recambiosecogas.com\\\/it\\\/producto\\\/lovato-conmutador-easyfast\\\/#local-main-organization-logo\"},\"image\":{\"@id\":\"https:\\\/\\\/recambiosecogas.com\\\/it\\\/producto\\\/lovato-conmutador-easyfast\\\/#local-main-organization-logo\"},\"sameAs\":[\"https:\\\/\\\/www.facebook.com\\\/profile.php?id=100062419705358\",\"https:\\\/\\\/www.instagram.com\\\/segimon_automocio\"],\"description\":\"Recambios EcoGas \u2013 Venta y distribuci\u00f3n de sistemas GLP y GNC en Espa\u00f1a y Portugal. Env\u00edos 24 h, soporte t\u00e9cnico a talleres y distribuidores.\",\"hasMerchantReturnPolicy\":{\"@type\":\"MerchantReturnPolicy\",\"merchantReturnLink\":\"https:\\\/\\\/recambiosecogas.com\\\/politicas-privacidad\\\/\"},\"address\":{\"@id\":\"https:\\\/\\\/recambiosecogas.com\\\/it\\\/producto\\\/lovato-conmutador-easyfast\\\/#local-main-place-address\"},\"telephone\":[\"616250633\"],\"contactPoint\":{\"@type\":\"ContactPoint\",\"email\":\"export@recambiosecogas.com\"},\"openingHoursSpecification\":[{\"@type\":\"OpeningHoursSpecification\",\"dayOfWeek\":[\"Monday\",\"Tuesday\",\"Wednesday\",\"Thursday\",\"Friday\",\"Saturday\",\"Sunday\"],\"opens\":\"09:00\",\"closes\":\"17:00\"}],\"email\":\"info@recambiosecogas.com\",\"faxNumber\":\"SEGIMON AUTOMOCION SL\",\"vatID\":\"ESB19819861\",\"globalLocationNumber\":\"938 616 339\"},{\"@type\":\"PostalAddress\",\"@id\":\"https:\\\/\\\/recambiosecogas.com\\\/it\\\/producto\\\/lovato-conmutador-easyfast\\\/#local-main-place-address\",\"streetAddress\":\"cami antic de vic, 29 (Nave 3), Pol\u00edgono Industrial Congost\",\"addressLocality\":\"CORRO D`AVALL\",\"postalCode\":\"08520\",\"addressRegion\":\"Barcelona\",\"addressCountry\":\"ES\"},{\"@type\":\"ImageObject\",\"inLanguage\":\"it-IT\",\"@id\":\"https:\\\/\\\/recambiosecogas.com\\\/it\\\/producto\\\/lovato-conmutador-easyfast\\\/#local-main-organization-logo\",\"url\":\"https:\\\/\\\/recambiosecogas.com\\\/wp-content\\\/uploads\\\/2024\\\/11\\\/cropped-RECAMBIOS-GLP-png.webp\",\"contentUrl\":\"https:\\\/\\\/recambiosecogas.com\\\/wp-content\\\/uploads\\\/2024\\\/11\\\/cropped-RECAMBIOS-GLP-png.webp\",\"width\":512,\"height\":512,\"caption\":\"Recambios EcoGas\"}]}<\/script>\n<meta property=\"product:brand\" content=\"Lovato\" \/>\n<meta property=\"product:price:amount\" content=\"28.51\" \/>\n<meta property=\"product:price:currency\" content=\"EUR\" \/>\n<meta property=\"og:availability\" content=\"instock\" \/>\n<meta property=\"product:availability\" content=\"instock\" \/>\n<meta property=\"product:retailer_item_id\" content=\"102487\" \/>\n<meta property=\"product:condition\" content=\"new\" \/>\n<meta name=\"geo.placename\" content=\"CORRO D`AVALL\" \/>\n<meta name=\"geo.region\" content=\"Spagna\" \/>\n<!-- \/ Yoast SEO Premium plugin. -->","yoast_head_json":{"title":"Lovato conmutador EasyFast | Recambios EcoGas | Sistemas GLP y GNC","description":"Lovato conmutador EasyFast GLP gasolina gas sistema para instalaciones Autogas. Interruptor compatible con plataforma EasyFast.","robots":{"index":"index","follow":"follow","max-snippet":"max-snippet:-1","max-image-preview":"max-image-preview:large","max-video-preview":"max-video-preview:-1"},"canonical":"https:\/\/recambiosecogas.com\/it\/producto\/lovato-conmutador-easyfast\/","og_locale":"it_IT","og_type":"article","og_title":"Lovato conmutador EasyFast","og_description":"Lovato conmutador EasyFast GLP gasolina gas sistema para instalaciones Autogas. Interruptor compatible con plataforma EasyFast.","og_url":"https:\/\/recambiosecogas.com\/it\/producto\/lovato-conmutador-easyfast\/","og_site_name":"Recambios EcoGas","article_publisher":"https:\/\/www.facebook.com\/profile.php?id=100062419705358","article_modified_time":"2026-03-02T09:20:28+00:00","og_image":[{"width":1000,"height":1000,"url":"https:\/\/recambiosecogas.com\/wp-content\/uploads\/2024\/11\/Lovato-conmutador-EasyFast-png.webp","type":"image\/png"}],"twitter_card":"summary_large_image","twitter_misc":{"Prezzo":"28,51&nbsp;&euro; (Sin IVA: 23,56&nbsp;&euro;)","Disponibilit\u00e0":"In stock"},"schema":{"@context":"https:\/\/schema.org","@graph":[{"@type":"WebPage","@id":"https:\/\/recambiosecogas.com\/it\/producto\/lovato-conmutador-easyfast\/","url":"https:\/\/recambiosecogas.com\/it\/producto\/lovato-conmutador-easyfast\/","name":"Lovato conmutador EasyFast | Recambios EcoGas | Sistemas GLP y GNC","isPartOf":{"@id":"https:\/\/recambiosecogas.com\/it\/#website"},"primaryImageOfPage":{"@id":"https:\/\/recambiosecogas.com\/it\/producto\/lovato-conmutador-easyfast\/#primaryimage"},"image":{"@id":"https:\/\/recambiosecogas.com\/it\/producto\/lovato-conmutador-easyfast\/#primaryimage"},"thumbnailUrl":"https:\/\/recambiosecogas.com\/wp-content\/uploads\/2024\/11\/Lovato-conmutador-EasyFast-png.webp","datePublished":"2024-11-20T16:29:14+00:00","dateModified":"2026-03-02T09:20:28+00:00","description":"Lovato conmutador EasyFast GLP gasolina gas sistema para instalaciones Autogas. Interruptor compatible con plataforma EasyFast.","breadcrumb":{"@id":"https:\/\/recambiosecogas.com\/it\/producto\/lovato-conmutador-easyfast\/#breadcrumb"},"inLanguage":"it-IT","potentialAction":[{"@type":"ReadAction","target":["https:\/\/recambiosecogas.com\/it\/producto\/lovato-conmutador-easyfast\/"]}]},{"@type":"ImageObject","inLanguage":"it-IT","@id":"https:\/\/recambiosecogas.com\/it\/producto\/lovato-conmutador-easyfast\/#primaryimage","url":"https:\/\/recambiosecogas.com\/wp-content\/uploads\/2024\/11\/Lovato-conmutador-EasyFast-png.webp","contentUrl":"https:\/\/recambiosecogas.com\/wp-content\/uploads\/2024\/11\/Lovato-conmutador-EasyFast-png.webp","width":1000,"height":1000},{"@type":"BreadcrumbList","@id":"https:\/\/recambiosecogas.com\/it\/producto\/lovato-conmutador-easyfast\/#breadcrumb","itemListElement":[{"@type":"ListItem","position":1,"name":"Portada","item":"https:\/\/recambiosecogas.com\/it\/"},{"@type":"ListItem","position":2,"name":"Negozio","item":"https:\/\/recambiosecogas.com\/it\/?page_id=46382"},{"@type":"ListItem","position":3,"name":"Lovato conmutador EasyFast"}]},{"@type":"WebSite","@id":"https:\/\/recambiosecogas.com\/it\/#website","url":"https:\/\/recambiosecogas.com\/it\/","name":"Recambios EcoGas","description":"Recambios Multimarca para sistemas de GLP\/GNC\/GNL\/Hidr\u00f3geno","publisher":{"@id":"https:\/\/recambiosecogas.com\/it\/#organization"},"alternateName":"Recambios Autogas GLP","potentialAction":[{"@type":"SearchAction","target":{"@type":"EntryPoint","urlTemplate":"https:\/\/recambiosecogas.com\/it\/?s={search_term_string}"},"query-input":{"@type":"PropertyValueSpecification","valueRequired":true,"valueName":"search_term_string"}}],"inLanguage":"it-IT"},{"@type":["Organization","Place"],"@id":"https:\/\/recambiosecogas.com\/it\/#organization","name":"Recambios EcoGas","alternateName":"Tienda Online GLP Espa\u00f1a","url":"https:\/\/recambiosecogas.com\/it\/","logo":{"@id":"https:\/\/recambiosecogas.com\/it\/producto\/lovato-conmutador-easyfast\/#local-main-organization-logo"},"image":{"@id":"https:\/\/recambiosecogas.com\/it\/producto\/lovato-conmutador-easyfast\/#local-main-organization-logo"},"sameAs":["https:\/\/www.facebook.com\/profile.php?id=100062419705358","https:\/\/www.instagram.com\/segimon_automocio"],"description":"Recambios EcoGas \u2013 Venta y distribuci\u00f3n de sistemas GLP y GNC en Espa\u00f1a y Portugal. Env\u00edos 24 h, soporte t\u00e9cnico a talleres y distribuidores.","hasMerchantReturnPolicy":{"@type":"MerchantReturnPolicy","merchantReturnLink":"https:\/\/recambiosecogas.com\/politicas-privacidad\/"},"address":{"@id":"https:\/\/recambiosecogas.com\/it\/producto\/lovato-conmutador-easyfast\/#local-main-place-address"},"telephone":["616250633"],"contactPoint":{"@type":"ContactPoint","email":"export@recambiosecogas.com"},"openingHoursSpecification":[{"@type":"OpeningHoursSpecification","dayOfWeek":["Monday","Tuesday","Wednesday","Thursday","Friday","Saturday","Sunday"],"opens":"09:00","closes":"17:00"}],"email":"info@recambiosecogas.com","faxNumber":"SEGIMON AUTOMOCION SL","vatID":"ESB19819861","globalLocationNumber":"938 616 339"},{"@type":"PostalAddress","@id":"https:\/\/recambiosecogas.com\/it\/producto\/lovato-conmutador-easyfast\/#local-main-place-address","streetAddress":"cami antic de vic, 29 (Nave 3), Pol\u00edgono Industrial Congost","addressLocality":"CORRO D`AVALL","postalCode":"08520","addressRegion":"Barcelona","addressCountry":"ES"},{"@type":"ImageObject","inLanguage":"it-IT","@id":"https:\/\/recambiosecogas.com\/it\/producto\/lovato-conmutador-easyfast\/#local-main-organization-logo","url":"https:\/\/recambiosecogas.com\/wp-content\/uploads\/2024\/11\/cropped-RECAMBIOS-GLP-png.webp","contentUrl":"https:\/\/recambiosecogas.com\/wp-content\/uploads\/2024\/11\/cropped-RECAMBIOS-GLP-png.webp","width":512,"height":512,"caption":"Recambios EcoGas"}]},"product_brand":"Lovato","product_price_amount":"28.51","product_price_currency":"EUR","og_availability":"instock","product_availability":"instock","product_retailer_item_id":"102487","product_condition":"new","geo.placename":"CORRO D`AVALL","geo.region":"Spagna"},"uagb_featured_image_src":{"full":["https:\/\/recambiosecogas.com\/wp-content\/uploads\/2024\/11\/Lovato-conmutador-EasyFast-png.webp",1000,1000,false],"thumbnail":["https:\/\/recambiosecogas.com\/wp-content\/uploads\/2024\/11\/Lovato-conmutador-EasyFast-150x150.webp",150,150,true],"medium":["https:\/\/recambiosecogas.com\/wp-content\/uploads\/2024\/11\/Lovato-conmutador-EasyFast-300x300.webp",300,300,true],"medium_large":["https:\/\/recambiosecogas.com\/wp-content\/uploads\/2024\/11\/Lovato-conmutador-EasyFast-768x768.webp",768,768,true],"large":["https:\/\/recambiosecogas.com\/wp-content\/uploads\/2024\/11\/Lovato-conmutador-EasyFast-png.webp",1000,1000,false],"1536x1536":["https:\/\/recambiosecogas.com\/wp-content\/uploads\/2024\/11\/Lovato-conmutador-EasyFast-png.webp",1000,1000,false],"2048x2048":["https:\/\/recambiosecogas.com\/wp-content\/uploads\/2024\/11\/Lovato-conmutador-EasyFast-png.webp",1000,1000,false],"woocommerce_archive_thumbnail":["https:\/\/recambiosecogas.com\/wp-content\/uploads\/2024\/11\/Lovato-conmutador-EasyFast-png.webp",1000,1000,false],"woocommerce_thumbnail":["https:\/\/recambiosecogas.com\/wp-content\/uploads\/2024\/11\/Lovato-conmutador-EasyFast-png-300x300.webp",300,300,true],"woocommerce_single":["https:\/\/recambiosecogas.com\/wp-content\/uploads\/2024\/11\/Lovato-conmutador-EasyFast-png.webp",1000,1000,false],"woocommerce_gallery_thumbnail":["https:\/\/recambiosecogas.com\/wp-content\/uploads\/2024\/11\/Lovato-conmutador-EasyFast-png.webp",1000,1000,false],"dgwt-wcas-product-suggestion":["https:\/\/recambiosecogas.com\/wp-content\/uploads\/2024\/11\/Lovato-conmutador-EasyFast-png-64x64.webp",64,64,true]},"uagb_author_info":{"display_name":"Fran - Soporte T\u00e9cnico","author_link":"https:\/\/recambiosecogas.com\/it\/author\/"},"uagb_comment_info":0,"uagb_excerpt":"Conmutador Lovato EasyFast para gestionar el cambio gasolina-gas en sistemas Autogas GLP.","_links":{"self":[{"href":"https:\/\/recambiosecogas.com\/it\/wp-json\/wp\/v2\/product\/7296","targetHints":{"allow":["GET"]}}],"collection":[{"href":"https:\/\/recambiosecogas.com\/it\/wp-json\/wp\/v2\/product"}],"about":[{"href":"https:\/\/recambiosecogas.com\/it\/wp-json\/wp\/v2\/types\/product"}],"replies":[{"embeddable":true,"href":"https:\/\/recambiosecogas.com\/it\/wp-json\/wp\/v2\/comments?post=7296"}],"wp:featuredmedia":[{"embeddable":true,"href":"https:\/\/recambiosecogas.com\/it\/wp-json\/wp\/v2\/media\/7706"}],"wp:attachment":[{"href":"https:\/\/recambiosecogas.com\/it\/wp-json\/wp\/v2\/media?parent=7296"}],"wp:term":[{"taxonomy":"product_brand","embeddable":true,"href":"https:\/\/recambiosecogas.com\/it\/wp-json\/wp\/v2\/product_brand?post=7296"},{"taxonomy":"product_cat","embeddable":true,"href":"https:\/\/recambiosecogas.com\/it\/wp-json\/wp\/v2\/product_cat?post=7296"},{"taxonomy":"product_tag","embeddable":true,"href":"https:\/\/recambiosecogas.com\/it\/wp-json\/wp\/v2\/product_tag?post=7296"}],"curies":[{"name":"wp","href":"https:\/\/api.w.org\/{rel}","templated":true}]}}